{"id":3066,"date":"2022-10-30T01:54:43","date_gmt":"2022-10-29T23:54:43","guid":{"rendered":"https:\/\/onlinebettingspace.com\/?page_id=3066"},"modified":"2022-10-30T01:54:43","modified_gmt":"2022-10-29T22:54:43","slug":"cash-back","status":"publish","type":"page","link":"https:\/\/onlinebettingspace.com\/sk\/bonus\/cash-back\/","title":{"rendered":"CASH BACK"},"content":{"rendered":"<section class=\"l-section wpb_row height_medium\"><div class=\"l-section-h i-cf\"><div class=\"g-cols vc_row via_flex valign_top type_default stacking_default\"><div class=\"vc_col-sm-12 wpb_column vc_column_container\"><div class=\"vc_column-inner\"><div class=\"wpb_wrapper\"><div class=\"wpb_text_column\"><div class=\"wpb_wrapper\"><h1>CashBack bonus<\/h1>\n<div id=\"breadcrumbsWrap\" class=\" hidden-xs _24 \">\n<div id=\"breadcrumbs\">\n<div class=\" col-xs-12 _1y col-sm-8 _1j col-md-12 _21 \">\n<div class=\" intro _cg WYSIWYG _2w \">\n<p>Pojem\u00a0<strong>Cash Back<\/strong>\u00a0nie je kas\u00ednov\u00fd pojem, stret\u00e1vame sa s n\u00edm aj v be\u017enom \u017eivote. Znamen\u00e1 doslovne vr\u00e1tenie pe\u0148az\u00ed. K\u00fdm v be\u017enom \u017eivote prostredn\u00edctvom neho z\u00edskavame peniaze sp\u00e4\u0165 za n\u00e1kupy, v pr\u00edpade online cas\u00edn je situ\u00e1cia odli\u0161nej\u0161ia. Cash Back sa vz\u0165ahuje takmer v\u00fdhradne k peniazom, ktor\u00e9 prehr\u00e1me pri roben\u00ed st\u00e1vok o skuto\u010dn\u00e9 peniaze v kas\u00ednov\u00fdch hr\u00e1ch.<\/p>\n<\/div>\n<\/div>\n<div class=\" col-xs-12 _1y col-sm-12 _20 \">\n<section class=\" widget _3j brandlist_basic_table _49 widgetWrapper _36 narrow bonus _4l \" data-widget-id=\"70003\" data-widget-type=\"BrandList-BasicTable\">\n<h2>Online kas\u00edna s exkluz\u00edvnymi cashback bonusmi<\/h2>\n<ul class=\" col-headers _4a ribbon-color _b7 \">\n<li class=\" single-col-header _4b num-col _4w \">Num<\/li>\n<li class=\" single-col-header _4b logo-col _4x \">Kas\u00edno<\/li>\n<li class=\" single-col-header _4b bonus-col _51 \">Bonus<\/li>\n<li class=\" single-col-header _4b rating-review-col _50 \">Rating<\/li>\n<li class=\" single-col-header _4b bullets-col _52 \">Popis<\/li>\n<\/ul>\n<div class=\" WYSIWYG _2w \">\n<h2>Ako funguje Cash Back bonus<\/h2>\n<p>Cash Back bonus m\u00f4\u017eeme zaradi\u0165 medzi vernostn\u00fd program. Najviac z neho toti\u017e v\u00e4\u010d\u0161inou profituj\u00fa t\u00ed hr\u00e1\u010di, ktor\u00ed hraj\u00fa v\u00a0<a href=\"\/sk\/\" data-track=\"\"><strong>online cas\u00edne<\/strong><\/a>\u00a0najakt\u00edvnej\u0161ie a s\u00fa teda najvernej\u0161\u00edmi z\u00e1kazn\u00edkmi. Ka\u017ed\u00e9 cas\u00edno m\u00e1 Cash Back program postaven\u00fd r\u00f4zne. Ten m\u00f4\u017ee i nemus\u00ed by\u0165 obmedzen\u00fd na konkr\u00e9tny hry, typy hier alebo obmedzen\u00fd \u010dasovo (vypl\u00e1can\u00fd raz za t\u00fd\u017ede\u0148, mesiac \u010di \u0161tvr\u0165rok) \u010di podmienen\u00fd dosiahnut\u00edm ur\u010dit\u00e9ho stup\u0148a vo VIP programe.<\/p>\n<p>Vo v\u0161eobecnosti v\u0161ak m\u00f4\u017eeme nap\u00edsa\u0165, \u017ee Cash Back bonus predstavuje ur\u010dit\u00e9 percento zo skuto\u010dn\u00fdch str\u00e1t, ktor\u00e9 hr\u00e1\u010d v kas\u00edne dosiahol. Skuto\u010dn\u00e9 straty (takzvan\u00fd \u201enet losses\u201c) sa po\u010d\u00edtaj\u00fa pod\u013ea jednoduch\u00e9ho vzorca. V\u00fdhry v kas\u00ednov\u00fdch hr\u00e1ch m\u00ednus prest\u00e1vkovan\u00e9 peniaze. Z v\u00fdslednej sumy sa ur\u010dit\u00e9 percento (v\u00e4\u010d\u0161inou od 1% po 25%) vr\u00e1ti hr\u00e1\u010dovi vo forme Cash Backu.<\/p>\n<h2>Fakty o Cash Back kas\u00ednach<\/h2>\n<p>Online kas\u00edna, ktor\u00e9 pon\u00fakaj\u00fa Cash Back program sa nezriedka ozna\u010duj\u00fa za Cash Back kas\u00edna. Cash Back program nepatr\u00ed medzi nie\u010do, \u010do by pon\u00fakali v\u0161etky kas\u00edna a azda by sme nena\u0161li dve kas\u00edna, za ktor\u00fdmi stoja odli\u0161n\u00e9 spolo\u010dnosti, ktor\u00e9 by pon\u00fakali toto\u017en\u00e9 podmienky vr\u00e1tenia pe\u0148az\u00ed. Plat\u00ed tu u n\u00e1s star\u00e9 dobr\u00e9 zn\u00e1me \u2013 sto kas\u00edn, sto chut\u00ed. Sto r\u00f4znych pr\u00edstupov ku Cash Backu.<\/p>\n<p>\u010castokr\u00e1t sa st\u00e1va, \u017ee napriek tomu, \u017ee online kas\u00edna pon\u00fakaj\u00fa vr\u00e1tenie pe\u0148az\u00ed, onen Cash Back, nemusia vraca\u0165 skuto\u010dn\u00e9 peniaze. Niektor\u00e9 pon\u00fakaj\u00fa \u201elen\u201c kredit, ktor\u00fd nem\u00f4\u017eete vybra\u0165, ale mus\u00edte prest\u00e1vkova\u0165. In\u00e9 vracaj\u00fa len z pe\u0148az\u00ed, ktor\u00e9 poch\u00e1dzaj\u00fa z priamych vkladov. Ak\u00e9ko\u013evek obmedzenia b\u00fdvaj\u00fa, Cash Back program je pre hr\u00e1\u010dov v\u017edy len plusom, ktor\u00fd zmier\u0148uje ich straty bez rizika vytvorenia \u010fal\u0161\u00edch.<\/p>\n<h2>Ako z\u00edska\u0165 Cash Back Bonus<\/h2>\n<p>Na Cash Back bonuse je skvel\u00e9 to, \u017ee sa o\u0148 nemus\u00edte uch\u00e1dza\u0165. Naj\u010dastej\u0161ie ho z\u00edskavate automaticky ako s\u00fa\u010das\u0165 VIP programu \u010di ako jeden z benefitov hrania v kas\u00edne. To, \u010do sa v\u0161ak bude l\u00ed\u0161i\u0165 je ve\u013ekos\u0165 tohto Cash Back bonusu v percent\u00e1ch. V z\u00e1vislosti od dosiahnut\u00e9ho stup\u0148a v r\u00e1mci VIP programu sa m\u00f4\u017eu (a to ve\u013emi dramaticky!) meni\u0165 aj hodnoty v r\u00e1mci tohto bonusu.<\/p>\n<p>Aj preto tie najni\u017e\u0161ie Cash Back bonusy za\u010d\u00ednaj\u00fa na nieko\u013ek\u00fdch m\u00e1lo jednotk\u00e1ch percent (od 1%-5%). \u010c\u00edm akt\u00edvnej\u0161ie v\u0161ak hr\u00e1\u010di hraj\u00fa a zbieraj\u00fa tak aj VIP body, tak t\u00fdm z\u00edskavaj\u00fa aj \u010doraz \u0161tedrej\u0161\u00ed Cash Back bonus. V niektor\u00fdch pr\u00edpadoch m\u00f4\u017ee atakova\u0165 a\u017e 50% hranicu, \u010do znamen\u00e1, \u017ee z\u00edskate sp\u00e4\u0165 polovicu zo v\u0161etk\u00fdch str\u00e1t, ktor\u00e9 ste z\u00edskali pri hran\u00ed\u00a0<a href=\"\/sk\/casino-hry\" data-track=\"\"><strong>kas\u00ednov\u00fdch hier<\/strong><\/a>. No nie je to l\u00e1kav\u00e9?<\/p>\n<\/div>\n<section class=\" bannerConv _5n border-base _2q widgetWrapper _36 \" data-widget-id=\"71285\" data-widget-type=\"BrandBanner-Strip_BonusOffer2\">\n<div class=\" row _o \">\n<div class=\" WYSIWYG _2w \">\n<h2>Ako si vybra\u0165 to najlep\u0161ie<\/h2>\n<p>Hoci Cash Back kas\u00edn nie je ve\u013ea, rozhodne nem\u00f4\u017eeme hovori\u0165 o nie\u010dom raritnom. Ke\u010f si vyber\u00e1te kas\u00edno pre hru, tak by ste mali prihliada\u0165 aj ku existencii \u010di neexistencii Cash Back programu. Ak\u00e1ko\u013evek pr\u00edtomnos\u0165 je bodom pre kas\u00edno. Ale d\u00f4razne v\u00e1m odpor\u00fa\u010dame si dobre na\u0161tudova\u0165 podmienky bonusov\u00e9ho programu, e\u0161te predt\u00fdm, ne\u017e sa pust\u00edte k\u00a0<strong><a href=\"\/sk\/hra-pre-zabavu-alebo-skutocne-peniaze\" data-track=\"\">hr\u00e1m o skuto\u010dn\u00e9 peniaze<\/a><\/strong>. Na \u010do by ste si mali d\u00e1va\u0165 pozor?<\/p>\n<p>Predov\u0161etk\u00fdm by ste si mali overi\u0165, \u017ee pon\u00fakan\u00fd Cash Back program nie je kr\u00e1tkodobou mesa\u010dnou akciou, ale s\u00fa\u010das\u0165ou dlhodobej ponuky kas\u00edna. Rovnako si pre\u010d\u00edtajte o minim\u00e1lnej sume \u010di podmienkach, ktor\u00fdmi sa kvalifikujete pre Cash Back. M\u00f4\u017ee sa sta\u0165, \u017ee hoci prest\u00e1vkujete \u20ac200 (a prehr\u00e1te \u20ac50), ni\u010d na Cash Backu nez\u00edskate, ke\u010f\u017ee ten bude a\u017e od \u20ac500 mesa\u010dne.<\/p>\n<p>Na\u0161tudujte si tie\u017e inform\u00e1cie o tom, \u010di dostanete vr\u00e1ten\u00e9 skuto\u010dn\u00e9 peniaze alebo len nejak\u00fd kredit a aj to, do akej v\u00fd\u0161ky je Cash Back pon\u00fakan\u00fd. Plat\u00ed, \u017ee \u010d\u00edm je vy\u0161\u0161\u00ed, tak t\u00fdm lep\u0161ie. A hlavne si d\u00f4sledne pre\u010d\u00edtajte o v\u0161etk\u00fdch obmedzeniach, ktor\u00e9 Cash Back prin\u00e1\u0161a. \u010c\u00edm je vo\u013enej\u0161\u00ed a \u010d\u00edm menej slov\u00ed\u010dok \u201eak\u201c a \u201eiba\u201c objav\u00edte, t\u00fdm je to pre v\u00e1s samozrejme lep\u0161ie a v\u00fdhodnej\u0161ie.<\/p>\n<h2>St\u00e1vkov\u00e9 po\u017eiadavky pri Cash Back bonusoch<\/h2>\n<p>So st\u00e1vkov\u00fdmi po\u017eiadavkami pri Cash Backu sa to l\u00ed\u0161i od kas\u00edna ku kas\u00ednu. Vo v\u0161eobecnosti m\u00f4\u017eeme nap\u00edsa\u0165 len to, \u017ee s\u00fa v priemere ni\u017e\u0161ie, ne\u017e v pr\u00edpade po\u017eiadaviek pri vkladoch \u010di v\u00fdhrach z bezplatn\u00fdch zato\u010den\u00ed. Niektor\u00e9 online cas\u00edna dokonca na Cash Back peniaze nenakladaj\u00fa \u017eiadne\u00a0<a href=\"\/sk\/stavkove-poziadavky\" data-track=\"\"><strong>st\u00e1vkov\u00e9 po\u017eiadavky<\/strong><\/a>\u00a0a preto sa niekedy tieto peniaze ozna\u010duj\u00fa aj ako \u201e\u010dist\u00e9\u201c.<\/p>\n<h2>Sum\u00e1r<\/h2>\n<p>Cash Back bonus predstavuje jeden z druhov benefitov, na ktor\u00e9 kas\u00edna l\u00e1kaj\u00fa svojich z\u00e1kazn\u00edkov. Cash Back program je jeden z najv\u00fdhodnej\u0161\u00edch benefitov, ke\u010f\u017ee peniaze z neho s\u00fa nie\u010do, s \u010d\u00edm sa ned\u00e1 prim\u00e1rne po\u010d\u00edta\u0165. Nev\u00fdhodou Cash Back bonusu je jeho ob\u010dasn\u00e1 zlo\u017eitos\u0165. Preto je potrebn\u00e9 si v\u017edy pred hrou na\u0161tudova\u0165 jeho podmienky, aby ste po hre neboli prekvapen\u00ed, ak namiesto vr\u00e1tenia pe\u0148az\u00ed nedostanete ni\u010d.<\/p>\n<\/div>\n<\/div>\n<\/section>\n<\/section>\n<\/div>\n<\/div>\n<\/div>\n<\/div><\/div><\/div><\/div><\/div><\/div><\/div><\/section>\n","protected":false},"excerpt":{"rendered":"CashBack bonus Pojem\u00a0Cash Back\u00a0nie je kas\u00ednov\u00fd pojem, stret\u00e1vame sa s n\u00edm aj v be\u017enom \u017eivote. Znamen\u00e1 doslovne vr\u00e1tenie pe\u0148az\u00ed. K\u00fdm v be\u017enom \u017eivote prostredn\u00edctvom neho z\u00edskavame peniaze sp\u00e4\u0165 za n\u00e1kupy, v pr\u00edpade online cas\u00edn je situ\u00e1cia odli\u0161nej\u0161ia. Cash Back sa vz\u0165ahuje takmer v\u00fdhradne k peniazom, ktor\u00e9 prehr\u00e1me pri roben\u00ed st\u00e1vok o skuto\u010dn\u00e9 peniaze v kas\u00ednov\u00fdch...","protected":false},"author":1,"featured_media":0,"parent":2224,"menu_order":0,"comment_status":"closed","ping_status":"closed","template":"","meta":{"_acf_changed":false,"footnotes":""},"class_list":["post-3066","page","type-page","status-publish","hentry"],"acf":[],"rankMath":{"parentDomain":"onlinebettingspace.com","noFollowDomains":[],"noFollowExcludeDomains":[],"noFollowExternalLinks":false,"featuredImageNotice":"The featured image should be at least 200 by 200 pixels to be picked up by Facebook and other social media sites.","pluginReviewed":true,"postSettings":{"linkSuggestions":true,"useFocusKeyword":false},"frontEndScore":false,"postName":"cash-back","permalinkFormat":"https:\/\/onlinebettingspace.com\/sk\/%pagename%\/","showLockModifiedDate":true,"assessor":{"focusKeywordLink":"https:\/\/onlinebettingspace.com\/wp-admin\/edit.php?focus_keyword=%focus_keyword%&post_type=%post_type%","hasTOCPlugin":false,"primaryTaxonomy":false,"serpData":{"title":"Cash Back Bonusy - Z\u00edskajte peniaze hran\u00edm v online cas\u00ednach","description":"Online casina pon\u00fakaj\u00fa Cash Back program ako jeden z benefitov za to, \u017ee u nich hr\u00e1te. M\u00f4\u017eete n\u00edm z\u00edska\u0165 od nieko\u013ek\u00fdch eur a\u017e po nieko\u013eko stoviek eur.","focusKeywords":"CASH BACK","pillarContent":false,"canonicalUrl":"","breadcrumbTitle":"","advancedRobots":[],"facebookTitle":"","facebookDescription":"","facebookImage":"","facebookImageID":"","facebookHasOverlay":false,"facebookImageOverlay":"","facebookAuthor":"","twitterCardType":"","twitterUseFacebook":true,"twitterTitle":"","twitterDescription":"","twitterImage":"","twitterImageID":"","twitterHasOverlay":false,"twitterImageOverlay":"","twitterPlayerUrl":"","twitterPlayerSize":"","twitterPlayerStream":"","twitterPlayerStreamCtype":"","twitterAppDescription":"","twitterAppIphoneName":"","twitterAppIphoneID":"","twitterAppIphoneUrl":"","twitterAppIpadName":"","twitterAppIpadID":"","twitterAppIpadUrl":"","twitterAppGoogleplayName":"","twitterAppGoogleplayID":"","twitterAppGoogleplayUrl":"","twitterAppCountry":"","robots":{"index":true},"twitterAuthor":"username","primaryTerm":0,"authorName":"OBSAdmin","titleTemplate":"%title% %sep% %sitename%","descriptionTemplate":"%excerpt%","showScoreFrontend":true,"lockModifiedDate":false},"powerWords":[],"diacritics":{"A":"[\\u0041\\u24B6\\uFF21\\u00C0\\u00C1\\u00C2\\u1EA6\\u1EA4\\u1EAA\\u1EA8\\u00C3\\u0100\\u0102\\u1EB0\\u1EAE\\u1EB4\\u1EB2\\u0226\\u01E0\\u00C4\\u01DE\\u1EA2\\u00C5\\u01FA\\u01CD\\u0200\\u0202\\u1EA0\\u1EAC\\u1EB6\\u1E00\\u0104\\u023A\\u2C6F]","AA":"[\\uA732]","AE":"[\\u00C6\\u01FC\\u01E2]","AO":"[\\uA734]","AU":"[\\uA736]","AV":"[\\uA738\\uA73A]","AY":"[\\uA73C]","B":"[\\u0042\\u24B7\\uFF22\\u1E02\\u1E04\\u1E06\\u0243\\u0182\\u0181]","C":"[\\u0043\\u24B8\\uFF23\\u0106\\u0108\\u010A\\u010C\\u00C7\\u1E08\\u0187\\u023B\\uA73E]","D":"[\\u0044\\u24B9\\uFF24\\u1E0A\\u010E\\u1E0C\\u1E10\\u1E12\\u1E0E\\u0110\\u018B\\u018A\\u0189\\uA779]","DZ":"[\\u01F1\\u01C4]","Dz":"[\\u01F2\\u01C5]","E":"[\\u0045\\u24BA\\uFF25\\u00C8\\u00C9\\u00CA\\u1EC0\\u1EBE\\u1EC4\\u1EC2\\u1EBC\\u0112\\u1E14\\u1E16\\u0114\\u0116\\u00CB\\u1EBA\\u011A\\u0204\\u0206\\u1EB8\\u1EC6\\u0228\\u1E1C\\u0118\\u1E18\\u1E1A\\u0190\\u018E]","F":"[\\u0046\\u24BB\\uFF26\\u1E1E\\u0191\\uA77B]","G":"[\\u0047\\u24BC\\uFF27\\u01F4\\u011C\\u1E20\\u011E\\u0120\\u01E6\\u0122\\u01E4\\u0193\\uA7A0\\uA77D\\uA77E]","H":"[\\u0048\\u24BD\\uFF28\\u0124\\u1E22\\u1E26\\u021E\\u1E24\\u1E28\\u1E2A\\u0126\\u2C67\\u2C75\\uA78D]","I":"[\\u0049\\u24BE\\uFF29\\u00CC\\u00CD\\u00CE\\u0128\\u012A\\u012C\\u0130\\u00CF\\u1E2E\\u1EC8\\u01CF\\u0208\\u020A\\u1ECA\\u012E\\u1E2C\\u0197]","J":"[\\u004A\\u24BF\\uFF2A\\u0134\\u0248]","K":"[\\u004B\\u24C0\\uFF2B\\u1E30\\u01E8\\u1E32\\u0136\\u1E34\\u0198\\u2C69\\uA740\\uA742\\uA744\\uA7A2]","L":"[\\u004C\\u24C1\\uFF2C\\u013F\\u0139\\u013D\\u1E36\\u1E38\\u013B\\u1E3C\\u1E3A\\u0141\\u023D\\u2C62\\u2C60\\uA748\\uA746\\uA780]","LJ":"[\\u01C7]","Lj":"[\\u01C8]","M":"[\\u004D\\u24C2\\uFF2D\\u1E3E\\u1E40\\u1E42\\u2C6E\\u019C]","N":"[\\u004E\\u24C3\\uFF2E\\u01F8\\u0143\\u00D1\\u1E44\\u0147\\u1E46\\u0145\\u1E4A\\u1E48\\u0220\\u019D\\uA790\\uA7A4]","NJ":"[\\u01CA]","Nj":"[\\u01CB]","O":"[\\u004F\\u24C4\\uFF2F\\u00D2\\u00D3\\u00D4\\u1ED2\\u1ED0\\u1ED6\\u1ED4\\u00D5\\u1E4C\\u022C\\u1E4E\\u014C\\u1E50\\u1E52\\u014E\\u022E\\u0230\\u00D6\\u022A\\u1ECE\\u0150\\u01D1\\u020C\\u020E\\u01A0\\u1EDC\\u1EDA\\u1EE0\\u1EDE\\u1EE2\\u1ECC\\u1ED8\\u01EA\\u01EC\\u00D8\\u01FE\\u0186\\u019F\\uA74A\\uA74C]","OI":"[\\u01A2]","OO":"[\\uA74E]","OU":"[\\u0222]","P":"[\\u0050\\u24C5\\uFF30\\u1E54\\u1E56\\u01A4\\u2C63\\uA750\\uA752\\uA754]","Q":"[\\u0051\\u24C6\\uFF31\\uA756\\uA758\\u024A]","R":"[\\u0052\\u24C7\\uFF32\\u0154\\u1E58\\u0158\\u0210\\u0212\\u1E5A\\u1E5C\\u0156\\u1E5E\\u024C\\u2C64\\uA75A\\uA7A6\\uA782]","S":"[\\u0053\\u24C8\\uFF33\\u1E9E\\u015A\\u1E64\\u015C\\u1E60\\u0160\\u1E66\\u1E62\\u1E68\\u0218\\u015E\\u2C7E\\uA7A8\\uA784]","T":"[\\u0054\\u24C9\\uFF34\\u1E6A\\u0164\\u1E6C\\u021A\\u0162\\u1E70\\u1E6E\\u0166\\u01AC\\u01AE\\u023E\\uA786]","TZ":"[\\uA728]","U":"[\\u0055\\u24CA\\uFF35\\u00D9\\u00DA\\u00DB\\u0168\\u1E78\\u016A\\u1E7A\\u016C\\u00DC\\u01DB\\u01D7\\u01D5\\u01D9\\u1EE6\\u016E\\u0170\\u01D3\\u0214\\u0216\\u01AF\\u1EEA\\u1EE8\\u1EEE\\u1EEC\\u1EF0\\u1EE4\\u1E72\\u0172\\u1E76\\u1E74\\u0244]","V":"[\\u0056\\u24CB\\uFF36\\u1E7C\\u1E7E\\u01B2\\uA75E\\u0245]","VY":"[\\uA760]","W":"[\\u0057\\u24CC\\uFF37\\u1E80\\u1E82\\u0174\\u1E86\\u1E84\\u1E88\\u2C72]","X":"[\\u0058\\u24CD\\uFF38\\u1E8A\\u1E8C]","Y":"[\\u0059\\u24CE\\uFF39\\u1EF2\\u00DD\\u0176\\u1EF8\\u0232\\u1E8E\\u0178\\u1EF6\\u1EF4\\u01B3\\u024E\\u1EFE]","Z":"[\\u005A\\u24CF\\uFF3A\\u0179\\u1E90\\u017B\\u017D\\u1E92\\u1E94\\u01B5\\u0224\\u2C7F\\u2C6B\\uA762]","a":"[\\u0061\\u24D0\\uFF41\\u1E9A\\u00E0\\u00E1\\u00E2\\u1EA7\\u1EA5\\u1EAB\\u1EA9\\u00E3\\u0101\\u0103\\u1EB1\\u1EAF\\u1EB5\\u1EB3\\u0227\\u01E1\\u00E4\\u01DF\\u1EA3\\u00E5\\u01FB\\u01CE\\u0201\\u0203\\u1EA1\\u1EAD\\u1EB7\\u1E01\\u0105\\u2C65\\u0250]","aa":"[\\uA733]","ae":"[\\u00E6\\u01FD\\u01E3]","ao":"[\\uA735]","au":"[\\uA737]","av":"[\\uA739\\uA73B]","ay":"[\\uA73D]","b":"[\\u0062\\u24D1\\uFF42\\u1E03\\u1E05\\u1E07\\u0180\\u0183\\u0253]","c":"[\\u0063\\u24D2\\uFF43\\u0107\\u0109\\u010B\\u010D\\u00E7\\u1E09\\u0188\\u023C\\uA73F\\u2184]","d":"[\\u0064\\u24D3\\uFF44\\u1E0B\\u010F\\u1E0D\\u1E11\\u1E13\\u1E0F\\u0111\\u018C\\u0256\\u0257\\uA77A]","dz":"[\\u01F3\\u01C6]","e":"[\\u0065\\u24D4\\uFF45\\u00E8\\u00E9\\u00EA\\u1EC1\\u1EBF\\u1EC5\\u1EC3\\u1EBD\\u0113\\u1E15\\u1E17\\u0115\\u0117\\u00EB\\u1EBB\\u011B\\u0205\\u0207\\u1EB9\\u1EC7\\u0229\\u1E1D\\u0119\\u1E19\\u1E1B\\u0247\\u025B\\u01DD]","f":"[\\u0066\\u24D5\\uFF46\\u1E1F\\u0192\\uA77C]","g":"[\\u0067\\u24D6\\uFF47\\u01F5\\u011D\\u1E21\\u011F\\u0121\\u01E7\\u0123\\u01E5\\u0260\\uA7A1\\u1D79\\uA77F]","h":"[\\u0068\\u24D7\\uFF48\\u0125\\u1E23\\u1E27\\u021F\\u1E25\\u1E29\\u1E2B\\u1E96\\u0127\\u2C68\\u2C76\\u0265]","hv":"[\\u0195]","i":"[\\u0069\\u24D8\\uFF49\\u00EC\\u00ED\\u00EE\\u0129\\u012B\\u012D\\u00EF\\u1E2F\\u1EC9\\u01D0\\u0209\\u020B\\u1ECB\\u012F\\u1E2D\\u0268\\u0131]","j":"[\\u006A\\u24D9\\uFF4A\\u0135\\u01F0\\u0249]","k":"[\\u006B\\u24DA\\uFF4B\\u1E31\\u01E9\\u1E33\\u0137\\u1E35\\u0199\\u2C6A\\uA741\\uA743\\uA745\\uA7A3]","l":"[\\u006C\\u24DB\\uFF4C\\u0140\\u013A\\u013E\\u1E37\\u1E39\\u013C\\u1E3D\\u1E3B\\u017F\\u0142\\u019A\\u026B\\u2C61\\uA749\\uA781\\uA747]","lj":"[\\u01C9]","m":"[\\u006D\\u24DC\\uFF4D\\u1E3F\\u1E41\\u1E43\\u0271\\u026F]","n":"[\\u006E\\u24DD\\uFF4E\\u01F9\\u0144\\u00F1\\u1E45\\u0148\\u1E47\\u0146\\u1E4B\\u1E49\\u019E\\u0272\\u0149\\uA791\\uA7A5]","nj":"[\\u01CC]","o":"[\\u006F\\u24DE\\uFF4F\\u00F2\\u00F3\\u00F4\\u1ED3\\u1ED1\\u1ED7\\u1ED5\\u00F5\\u1E4D\\u022D\\u1E4F\\u014D\\u1E51\\u1E53\\u014F\\u022F\\u0231\\u00F6\\u022B\\u1ECF\\u0151\\u01D2\\u020D\\u020F\\u01A1\\u1EDD\\u1EDB\\u1EE1\\u1EDF\\u1EE3\\u1ECD\\u1ED9\\u01EB\\u01ED\\u00F8\\u01FF\\u0254\\uA74B\\uA74D\\u0275]","oi":"[\\u01A3]","ou":"[\\u0223]","oo":"[\\uA74F]","p":"[\\u0070\\u24DF\\uFF50\\u1E55\\u1E57\\u01A5\\u1D7D\\uA751\\uA753\\uA755]","q":"[\\u0071\\u24E0\\uFF51\\u024B\\uA757\\uA759]","r":"[\\u0072\\u24E1\\uFF52\\u0155\\u1E59\\u0159\\u0211\\u0213\\u1E5B\\u1E5D\\u0157\\u1E5F\\u024D\\u027D\\uA75B\\uA7A7\\uA783]","s":"[\\u0073\\u24E2\\uFF53\\u015B\\u1E65\\u015D\\u1E61\\u0161\\u1E67\\u1E63\\u1E69\\u0219\\u015F\\u023F\\uA7A9\\uA785\\u1E9B]","ss":"[\\u00DF]","t":"[\\u0074\\u24E3\\uFF54\\u1E6B\\u1E97\\u0165\\u1E6D\\u021B\\u0163\\u1E71\\u1E6F\\u0167\\u01AD\\u0288\\u2C66\\uA787]","tz":"[\\uA729]","u":"[\\u0075\\u24E4\\uFF55\\u00F9\\u00FA\\u00FB\\u0169\\u1E79\\u016B\\u1E7B\\u016D\\u00FC\\u01DC\\u01D8\\u01D6\\u01DA\\u1EE7\\u016F\\u0171\\u01D4\\u0215\\u0217\\u01B0\\u1EEB\\u1EE9\\u1EEF\\u1EED\\u1EF1\\u1EE5\\u1E73\\u0173\\u1E77\\u1E75\\u0289]","v":"[\\u0076\\u24E5\\uFF56\\u1E7D\\u1E7F\\u028B\\uA75F\\u028C]","vy":"[\\uA761]","w":"[\\u0077\\u24E6\\uFF57\\u1E81\\u1E83\\u0175\\u1E87\\u1E85\\u1E98\\u1E89\\u2C73]","x":"[\\u0078\\u24E7\\uFF58\\u1E8B\\u1E8D]","y":"[\\u0079\\u24E8\\uFF59\\u1EF3\\u00FD\\u0177\\u1EF9\\u0233\\u1E8F\\u00FF\\u1EF7\\u1E99\\u1EF5\\u01B4\\u024F\\u1EFF]","z":"[\\u007A\\u24E9\\uFF5A\\u017A\\u1E91\\u017C\\u017E\\u1E93\\u1E95\\u01B6\\u0225\\u0240\\u2C6C\\uA763]"},"researchesTests":["contentHasTOC","contentHasShortParagraphs","contentHasAssets","keywordInTitle","keywordInMetaDescription","keywordInPermalink","keywordIn10Percent","keywordInContent","keywordInSubheadings","keywordInImageAlt","keywordDensity","keywordNotUsed","lengthContent","lengthPermalink","linksHasInternal","linksHasExternals","linksNotAllExternals","titleStartWithKeyword","titleSentiment","titleHasPowerWords","titleHasNumber","hasContentAI"],"hasRedirection":true,"hasBreadcrumb":false},"homeUrl":"https:\/\/onlinebettingspace.com\/sk\/","objectID":3066,"objectType":"post","locale":"sk","localeFull":"sk_SK","overlayImages":{"play":{"name":"Play icon","url":"https:\/\/onlinebettingspace.com\/wp-content\/plugins\/seo-by-rank-math\/assets\/admin\/img\/icon-play.png","path":"\/home\/SuperAdmin\/web\/onlinebettingspace.com\/public_html\/wp-content\/plugins\/seo-by-rank-math\/assets\/admin\/img\/icon-play.png","position":"middle_center"},"gif":{"name":"GIF icon","url":"https:\/\/onlinebettingspace.com\/wp-content\/plugins\/seo-by-rank-math\/assets\/admin\/img\/icon-gif.png","path":"\/home\/SuperAdmin\/web\/onlinebettingspace.com\/public_html\/wp-content\/plugins\/seo-by-rank-math\/assets\/admin\/img\/icon-gif.png","position":"middle_center"}},"defautOgImage":"https:\/\/onlinebettingspace.com\/wp-content\/uploads\/2022\/04\/OBS-FULL-LOGO.webp","customPermalinks":true,"isUserRegistered":true,"autoSuggestKeywords":true,"connectSiteUrl":"https:\/\/rankmath.com\/auth?site=https%3A%2F%2Fonlinebettingspace.com%2Fsk%2F&r=https%3A%2F%2Fonlinebettingspace.com%2Fsk%2Fwp-json%2Fwp%2Fv2%2Fpages%2F3066%3Fnonce%3D205ba9d1fe","maxTags":5,"trendsIcon":"<svg viewBox=\"0 0 610 610\"><path d=\"M18.85,446,174.32,290.48l58.08,58.08L76.93,504a14.54,14.54,0,0,1-20.55,0L18.83,466.48a14.54,14.54,0,0,1,0-20.55Z\" style=\"fill:#4285f4\"\/><path d=\"M242.65,242.66,377.59,377.6l-47.75,47.75a14.54,14.54,0,0,1-20.55,0L174.37,290.43l47.75-47.75A14.52,14.52,0,0,1,242.65,242.66Z\" style=\"fill:#ea4335\"\/><polygon points=\"319.53 319.53 479.26 159.8 537.34 217.88 377.61 377.62 319.53 319.53\" style=\"fill:#fabb05\"\/><path d=\"M594.26,262.73V118.61h0a16.94,16.94,0,0,0-16.94-16.94H433.2a16.94,16.94,0,0,0-12,28.92L565.34,274.71h0a16.94,16.94,0,0,0,28.92-12Z\" style=\"fill:#34a853\"\/><rect width=\"610\" height=\"610\" style=\"fill:none\"\/><\/svg>","showScore":true,"siteFavIcon":"https:\/\/onlinebettingspace.com\/wp-content\/uploads\/2022\/04\/OBS-LOGO-1.webp","canUser":{"general":false,"advanced":false,"snippet":false,"social":false,"analysis":false,"analytics":false,"content_ai":false},"showKeywordIntent":true,"isPro":false,"is_front_page":false,"trendsUpgradeLink":"https:\/\/rankmath.com\/pricing\/?utm_source=Plugin&utm_medium=CE%20General%20Tab%20Trends&utm_campaign=WP","trendsUpgradeLabel":"Upgrade","trendsPreviewImage":"https:\/\/onlinebettingspace.com\/wp-content\/plugins\/seo-by-rank-math\/assets\/admin\/img\/trends-preview.jpg","currentEditor":false,"homepageData":{"assessor":{"powerWords":[],"diacritics":true,"researchesTests":["contentHasTOC","contentHasShortParagraphs","contentHasAssets","keywordInTitle","keywordInMetaDescription","keywordInPermalink","keywordIn10Percent","keywordInContent","keywordInSubheadings","keywordInImageAlt","keywordDensity","keywordNotUsed","lengthContent","lengthPermalink","linksHasInternal","linksHasExternals","linksNotAllExternals","titleStartWithKeyword","titleSentiment","titleHasPowerWords","titleHasNumber","hasContentAI"],"hasBreadcrumb":false,"serpData":{"title":"%sitename% %page% %sep% %sitedesc%","description":"","titleTemplate":"%sitename% %page% %sep% %sitedesc%","descriptionTemplate":"","focusKeywords":"","breadcrumbTitle":"Home","robots":{"index":true},"advancedRobots":[],"facebookTitle":"","facebookDescription":"","facebookImage":"","facebookImageID":""}}},"tocTitle":"Table of Contents","tocExcludeHeadings":[],"listStyle":"ul"},"_links":{"self":[{"href":"https:\/\/onlinebettingspace.com\/sk\/wp-json\/wp\/v2\/pages\/3066","targetHints":{"allow":["GET"]}}],"collection":[{"href":"https:\/\/onlinebettingspace.com\/sk\/wp-json\/wp\/v2\/pages"}],"about":[{"href":"https:\/\/onlinebettingspace.com\/sk\/wp-json\/wp\/v2\/types\/page"}],"author":[{"embeddable":true,"href":"https:\/\/onlinebettingspace.com\/sk\/wp-json\/wp\/v2\/users\/1"}],"replies":[{"embeddable":true,"href":"https:\/\/onlinebettingspace.com\/sk\/wp-json\/wp\/v2\/comments?post=3066"}],"version-history":[{"count":2,"href":"https:\/\/onlinebettingspace.com\/sk\/wp-json\/wp\/v2\/pages\/3066\/revisions"}],"predecessor-version":[{"id":3068,"href":"https:\/\/onlinebettingspace.com\/sk\/wp-json\/wp\/v2\/pages\/3066\/revisions\/3068"}],"up":[{"embeddable":true,"href":"https:\/\/onlinebettingspace.com\/sk\/wp-json\/wp\/v2\/pages\/2224"}],"wp:attachment":[{"href":"https:\/\/onlinebettingspace.com\/sk\/wp-json\/wp\/v2\/media?parent=3066"}],"curies":[{"name":"wp","href":"https:\/\/api.w.org\/{rel}","templated":true}]}}