{"id":3063,"date":"2022-10-30T01:47:30","date_gmt":"2022-10-29T23:47:30","guid":{"rendered":"https:\/\/onlinebettingspace.com\/?page_id=3063"},"modified":"2022-10-30T01:47:30","modified_gmt":"2022-10-29T22:47:30","slug":"play-n-go","status":"publish","type":"page","link":"https:\/\/onlinebettingspace.com\/sk\/casino-softver\/play-n-go\/","title":{"rendered":"PLAY N GO"},"content":{"rendered":"<section class=\"l-section wpb_row height_medium\"><div class=\"l-section-h i-cf\"><div class=\"g-cols vc_row via_flex valign_top type_default stacking_default\"><div class=\"vc_col-sm-12 wpb_column vc_column_container\"><div class=\"vc_column-inner\"><div class=\"wpb_wrapper\"><div class=\"wpb_text_column\"><div class=\"wpb_wrapper\"><h1>PLAY\u00b4N GO ONLINE KAS\u00cdNA<\/h1>\n<p>P\u00f4vodom \u0161v\u00e9dska spolo\u010dnos\u0165 Play\u00b4n Go o sebe na webov\u00fdch<br \/>\nstr\u00e1nkach tvrd\u00ed, \u017ee vytv\u00e1ra \u201enajdetailnej\u0161ie, najz\u00e1bavnej\u0161ie,<br \/>\nnajinovat\u00edvnej\u0161ie automaty na trhu.\u201c Zd\u00e1 sa to by\u0165 tr\u00fafal\u00e9<br \/>\ntvrdenie, ale mo\u017eno na tom nie\u010do bude. Hist\u00f3ria Play\u00b4n Go sa<br \/>\nza\u010dala p\u00edsa\u0165 e\u0161te v minulom storo\u010d\u00ed. Spolo\u010dnos\u0165 za\u010d\u00ednala<br \/>\nako konzultant pre rie\u0161enie probl\u00e9mov a ot\u00e1zok v r\u00e1mci internetu<br \/>\na dom\u00e9n a a\u017e v roku 2004 sme ju za\u010dali registrova\u0165 ako hr\u00e1\u010da<br \/>\nna kas\u00ednovom trhu.<\/p>\n<h2>ZAHRAJTE SI POPUL\u00c1RNE AUTOMATY OD PLAY&#8217;N GO<\/h2>\n<p>Kas\u00edno<br \/>\nBonus<br \/>\nRating<br \/>\nPopis<br \/>\nLucky Dino Casino Hra\u0165<br \/>\n400\u20ac BONUS<br \/>\nRating editora 4.5\/5 Lucky Dino Casino<br \/>\n100% do v\u00fd\u0161ky 400\u20ac<br \/>\nHry od Play&#8217;n Go<br \/>\nHry od NetEnt<\/p>\n<p>Frank and Fred Hra\u0165<br \/>\n500\u20ac BONUS<br \/>\nRating editora 4.5\/5 Frank &amp; Fred Casino<br \/>\n100% do v\u00fd\u0161ky 500\u20ac<br \/>\n300 spinov na mesiac<br \/>\nHry od Play&#8217;n Go<\/p>\n<p>Piggy Bang Hra\u0165<br \/>\n55 free spinov BONUS<br \/>\nRating editora 4.5\/5 Piggy Bang<br \/>\n55 zato\u010den\u00ed bez pret\u00e1\u010dania<br \/>\nHry od Play&#8217;n Go<br \/>\nVy\u0161e 1000 hier<\/p>\n<p>Hra\u0165<br \/>\n50\u20ac BONUS<br \/>\nRating editora 4.5\/5 Wild Jackpots<br \/>\n200%<br \/>\nHry od Play&#8217;n Go<br \/>\nHry od 25 providerov<\/p>\n<p>AstralBet Casino Hra\u0165<br \/>\n2000\u20ac BONUS<br \/>\nRating editora 5\/5 AstralBet Casino<br \/>\n100% do v\u00fd\u0161ky 2000\u20ac<br \/>\n129 free spinov<br \/>\nHry od Play&#8217;n Go<\/p>\n<h2>PLAY\u00b4N GO CASINO SOFTV\u00c9R<\/h2>\n<p>Za \u0161trn\u00e1s\u0165 rokov svojej existencie uviedlo PLAY\u00b4N GO na trh<br \/>\nbezm\u00e1la 150 hrac\u00edch automatov a nieko\u013eko \u010fal\u0161\u00edch hier. Je to<br \/>\nmenej, ne\u017e niektor\u00ed konkurenti, ukazuje to v\u0161ak, ak\u00e1 je filozofia<br \/>\nspolo\u010dnosti \u2013 nie je d\u00f4le\u017eit\u00fd po\u010det, ale kvalita. A \u010do sa<br \/>\nt\u00fdka technick\u00fdch kval\u00edt, tak hry Play\u00b4n Go s\u00fa na \u0161pici<br \/>\npomyseln\u00e9ho rebr\u00ed\u010dku a aj ich konkurenti sa od nich m\u00f4\u017eu u\u010di\u0165.<br \/>\nNiet sa \u010domu divi\u0165, \u017ee dnes z\u00edskava Play\u00b4n Go z\u00e1kazky na tvorbu<br \/>\nonline slotov pod\u013ea vopred zadan\u00fdch parametrov. Je garanciou<br \/>\nkvality.<br \/>\nPlay\u00b4n Go zakladala skupina takzvan\u00fdch geekov, intelektu\u00e1lov,<br \/>\nktor\u00ed radi hrali hry. Rozumeli a st\u00e1le rozumej\u00fa mentalite<br \/>\nhr\u00e1\u010dov, \u010do sa odzrkad\u013euje v ich pr\u00edstupe vo v\u00fdvoji kas\u00ednov\u00fdch<br \/>\nhier, ktor\u00e9 s\u00fa takzvane player-friendly, teda pod\u013ea o\u010dak\u00e1van\u00fdch<br \/>\n\u017eelan\u00ed hr\u00e1\u010dov.<\/p>\n<h2>PLAY\u00b4N GO CASINO HRY<\/h2>\n<p>Play\u00b4n Go sa prim\u00e1rne zameriava na v\u00fdvoj ONLINE AUTOMATOV.<br \/>\nNeznamen\u00e1 to to, \u017ee vo svojom portf\u00f3liu nem\u00e1 aj in\u00e9 hry, ako je<br \/>\nnapr\u00edklad ruleta, no najv\u00e4\u010d\u0161iu sl\u00e1vu a popularitu z\u00edskali<br \/>\nPlay\u00b4n Go pr\u00e1ve sloty. Tie uv\u00e1dza a\u017e v 40 jazykov\u00fdch mut\u00e1ci\u00e1ch<br \/>\nv snahe privies\u0165 svoje hry k \u010do naj\u0161ir\u0161iemu publiku.<br \/>\nVytv\u00e1ra ich tak, aby sa dali hra\u0165 nielen na po\u010d\u00edta\u010di, ale aj<br \/>\nprostredn\u00edctvom prenosn\u00fdch zariaden\u00ed ak\u00fdmi s\u00fa tablety alebo<br \/>\nsmartf\u00f3ny a to nielen pre najpopul\u00e1rnej\u0161ie syst\u00e9my iOS<br \/>\na Android, ale aj pre vlastn\u00edkov telef\u00f3nov Blackberry alebo so<br \/>\nsyst\u00e9mom Windows Phone.<br \/>\nExkluz\u00edvna ponuka<br \/>\nLucky Dino Casino 100% do v\u00fd\u0161ky 400\u20ac + 20 zato\u010den\u00ed bez vkladu<br \/>\nHra\u0165<\/p>\n<h2>PLAY\u00b4N GO AUTOMATY<\/h2>\n<p>\u010c\u00edm s\u00fa v\u00fdnimo\u010dn\u00e9 Play\u00b4n Go automaty a pre\u010do sa ich oplat\u00ed<br \/>\nhra\u0165? Hne\u010f na \u00favod v\u00e1s zrejme uchv\u00e1ti vizu\u00e1lna str\u00e1nka. Full HD<br \/>\ngrafika je samozrejmos\u0165ou, filmov\u00fd alebo video-look pr\u00edjemn\u00fdm<br \/>\nspestren\u00edm. Automaty s\u00fa dostupn\u00e9 okam\u017eite, nemus\u00edte si ni\u010d nikam<br \/>\ns\u0165ahova\u0165 a to v\u010faka v\u00fdvoju vo Flash alebo HTML5.<br \/>\nHr\u00e1\u010di si Play\u00b4n Go automaty zamilovali predov\u0161etk\u00fdm v\u010faka<br \/>\nBEZPRECEDENTNEJ PONUKE BONUSOV a \u0161peci\u00e1lnych funkcii. Tak<br \/>\nnapr\u00edklad Rise of Olympus, jeden z najzn\u00e1mej\u0161\u00edch slotov od<br \/>\nPlay\u00b4n Go m\u00e1 tieto bonusov\u00e9 funkcie: Avalanche, Bonus symbols,<br \/>\nFeature: Substitution Symbols, FreeSpins, FreeSpins Multiplier,<br \/>\nMultiplier, Random Wilds \/ Additional Wilds, Respins, Symbol Swap,<br \/>\nSymbols collection (Energy), Wild.<br \/>\nAutomaty od Play\u00b4n Go sa m\u00f4\u017eu pop\u00fd\u0161i\u0165 aj ve\u013emi peknou<br \/>\nn\u00e1vratnos\u0165ou. 5-valcov\u00fd Piggy Bang m\u00e1 cez 97%, netradi\u010dn\u00fd<br \/>\n9-valcov\u00fd Ring the Bells rovnako. Pribli\u017ene tucet slotov od Play\u00b4n<br \/>\nGo sa p\u00fd\u0161i v\u00fdhernos\u0165ou okolo alebo cez 97%, \u010do je pribli\u017ene<br \/>\ndesatina zo v\u0161etk\u00fdch slotov. To v\u00f4bec nie je zl\u00e9 \u010d\u00edslo,<br \/>\nnemysl\u00edte?<\/p>\n<h2>SPOZNAJTE TOP AUTOMATY OD PLAY&#8217;N GO<\/h2>\n<p>Automat Book of Dead<br \/>\nCasinoEuro<br \/>\nHra\u0165<br \/>\nAstralBet Casino<br \/>\nHra\u0165<br \/>\nAutomat Fire Joker<br \/>\nCasinoEuro<br \/>\nHra\u0165<br \/>\n4StarsGames Casino<br \/>\nHra\u0165<br \/>\nTromi najpopul\u00e1rnej\u0161\u00edmi automatmi od Play\u00b4n Go v s\u00fa\u010dasnosti<br \/>\ns\u00fa:<br \/>\nBOOK OF DEAD \u2013 Tento 5-valcov\u00fd slot Play\u00b4n Go predstavil<br \/>\nv roku 2014. Amb\u00edciou spolo\u010dnosti bolo vytvori\u0165 automat, ktor\u00fd by<br \/>\nodkazoval ku pr\u00edbehom Indiana Jonesa. Book of Dead prin\u00e1\u0161a vysok\u00fa<br \/>\nvolatilitu, v\u00fdhry a\u017e pol mili\u00f3na dol\u00e1rov, siln\u00fd pr\u00edbeh<br \/>\na sol\u00eddnu n\u00e1vratnos\u0165 96.2%.<br \/>\nRISE OF OLYMPUS \u2013 Rise of Olympus je 5-valcov\u00fd slot v layoute<br \/>\n5\u00d75, ktor\u00fd patril k najv\u00e4\u010d\u0161\u00edm hitom v roku 2018. Automat<br \/>\nin\u0161pirovan\u00fd mytol\u00f3giou si hr\u00e1\u010di zamilovali kv\u00f4li jeho bonusov\u00fdm<br \/>\nfunkci\u00e1m, ktor\u00e9 garantuj\u00fa mimoriadnu z\u00e1bavu i pri dlh\u0161om hran\u00ed.<br \/>\nMaxim\u00e1lne sa na \u0148om d\u00e1 vyhra\u0165 jeden mili\u00f3n euro.<br \/>\nSIZZLING SPINS \u2013 Sizzling Spins je 5-valcov\u00fd automat<br \/>\nvyu\u017e\u00edvaj\u00faci \u010doraz popul\u00e1rnej\u0161\u00edch 1.024 v\u00fdplatn\u00fdch l\u00edni\u00ed.<br \/>\nVysok\u00e1 volatilita i sol\u00eddna n\u00e1vratnos\u0165 atakuj\u00fa 96.5% v spojen\u00ed<br \/>\ns dostato\u010dn\u00fdm mno\u017estvom bonusov zaistili tomuto slotu vysok\u00fa<br \/>\nob\u013eubu medzi hr\u00e1\u010dmi.<\/p>\n<h2>PLAY\u00b4N GO A BEZPE\u010cNOS\u0164<\/h2>\n<p>Hry od Play\u00b4n Go v s\u00fa\u010dasnosti vyu\u017e\u00edva viac ne\u017e 200 online<br \/>\nkas\u00edn, ktor\u00e9 vlastnia licencie od regul\u00e1torov z Malty, Ve\u013ekej<br \/>\nBrit\u00e1nie, Gibralt\u00e1ru \u010di z ostrova Man. Samotn\u00e9 hry od Play\u00b4n Go<br \/>\ns\u00fa predt\u00fdm, ne\u017e sa v\u00f4bec dostan\u00fa do ponuky kas\u00edn testovan\u00e9<br \/>\nnez\u00e1visl\u00fdmi audit\u00f3rmi, aby sa docielilo to, \u017ee \u017eiadny hr\u00e1\u010d<br \/>\nnebude ma\u0165 v\u00e4\u010d\u0161iu \u0161ancu vyhra\u0165 ne\u017e in\u00fd.<\/p>\n<h2>SUM\u00c1R<\/h2>\n<p>Play\u00b4n Go je \u0161v\u00e9dska v\u00fdvoj\u00e1rska spolo\u010dnos\u0165 zn\u00e1ma<br \/>\npredov\u0161etk\u00fdm v\u010faka svojim online automatom. Za \u0161trn\u00e1s\u0165 rokov<br \/>\nexistencie vytvorili 150 automatov a \u010fal\u0161ie desiatky in\u00fdch hier.<br \/>\nHlavn\u00fdmi prednos\u0165ami hier a produktov od Play\u00b4n Go je vizu\u00e1lna<br \/>\natraktivita, mno\u017estvo bonusov a ved\u013eaj\u0161\u00edch hier i siln\u00fd d\u00f4raz<br \/>\nna hr\u00e1\u010dsky z\u00e1\u017eitok. Hry od Play\u00b4n Go si zahr\u00e1te kedyko\u013evek,<br \/>\nkdeko\u013evek, na mobile i po\u010d\u00edta\u010di a nikdy si nebudete musie\u0165 ni\u010d<br \/>\ns\u0165ahova\u0165 do svojich zariaden\u00ed.<\/p>\n<\/div><\/div><\/div><\/div><\/div><\/div><\/div><\/section>\n","protected":false},"excerpt":{"rendered":"PLAY\u00b4N GO ONLINE KAS\u00cdNA P\u00f4vodom \u0161v\u00e9dska spolo\u010dnos\u0165 Play\u00b4n Go o sebe na webov\u00fdch str\u00e1nkach tvrd\u00ed, \u017ee vytv\u00e1ra \u201enajdetailnej\u0161ie, najz\u00e1bavnej\u0161ie, najinovat\u00edvnej\u0161ie automaty na trhu.\u201c Zd\u00e1 sa to by\u0165 tr\u00fafal\u00e9 tvrdenie, ale mo\u017eno na tom nie\u010do bude. Hist\u00f3ria Play\u00b4n Go sa za\u010dala p\u00edsa\u0165 e\u0161te v minulom storo\u010d\u00ed. Spolo\u010dnos\u0165 za\u010d\u00ednala ako konzultant pre rie\u0161enie probl\u00e9mov a ot\u00e1zok v...","protected":false},"author":1,"featured_media":0,"parent":2475,"menu_order":0,"comment_status":"closed","ping_status":"closed","template":"","meta":{"_acf_changed":false,"footnotes":""},"class_list":["post-3063","page","type-page","status-publish","hentry"],"acf":[],"rankMath":{"parentDomain":"onlinebettingspace.com","noFollowDomains":[],"noFollowExcludeDomains":[],"noFollowExternalLinks":false,"featuredImageNotice":"The featured image should be at least 200 by 200 pixels to be picked up by Facebook and other social media sites.","pluginReviewed":true,"postSettings":{"linkSuggestions":true,"useFocusKeyword":false},"frontEndScore":false,"postName":"play-n-go","permalinkFormat":"https:\/\/onlinebettingspace.com\/sk\/%pagename%\/","showLockModifiedDate":true,"assessor":{"focusKeywordLink":"https:\/\/onlinebettingspace.com\/wp-admin\/edit.php?focus_keyword=%focus_keyword%&post_type=%post_type%","hasTOCPlugin":false,"primaryTaxonomy":false,"serpData":{"title":"Play\u00b4n Go \u2013 Elitn\u00fd v\u00fdvoj\u00e1r zo \u0160v\u00e9dska","description":"Play\u00b4n Go je \u00faspe\u0161n\u00e1 p\u00f4vodom \u0161v\u00e9dska spolo\u010dnos\u0165, ktor\u00e1 si z\u00edskala renom\u00e9 a popularitu svojimi origin\u00e1lnymi a jedine\u010dn\u00fdmi online automatmi.","focusKeywords":"PLAY'N GO","pillarContent":false,"canonicalUrl":"","breadcrumbTitle":"","advancedRobots":[],"facebookTitle":"","facebookDescription":"","facebookImage":"","facebookImageID":"","facebookHasOverlay":false,"facebookImageOverlay":"","facebookAuthor":"","twitterCardType":"","twitterUseFacebook":true,"twitterTitle":"","twitterDescription":"","twitterImage":"","twitterImageID":"","twitterHasOverlay":false,"twitterImageOverlay":"","twitterPlayerUrl":"","twitterPlayerSize":"","twitterPlayerStream":"","twitterPlayerStreamCtype":"","twitterAppDescription":"","twitterAppIphoneName":"","twitterAppIphoneID":"","twitterAppIphoneUrl":"","twitterAppIpadName":"","twitterAppIpadID":"","twitterAppIpadUrl":"","twitterAppGoogleplayName":"","twitterAppGoogleplayID":"","twitterAppGoogleplayUrl":"","twitterAppCountry":"","robots":{"index":true},"twitterAuthor":"username","primaryTerm":0,"authorName":"OBSAdmin","titleTemplate":"%title% %sep% %sitename%","descriptionTemplate":"%excerpt%","showScoreFrontend":true,"lockModifiedDate":false},"powerWords":[],"diacritics":{"A":"[\\u0041\\u24B6\\uFF21\\u00C0\\u00C1\\u00C2\\u1EA6\\u1EA4\\u1EAA\\u1EA8\\u00C3\\u0100\\u0102\\u1EB0\\u1EAE\\u1EB4\\u1EB2\\u0226\\u01E0\\u00C4\\u01DE\\u1EA2\\u00C5\\u01FA\\u01CD\\u0200\\u0202\\u1EA0\\u1EAC\\u1EB6\\u1E00\\u0104\\u023A\\u2C6F]","AA":"[\\uA732]","AE":"[\\u00C6\\u01FC\\u01E2]","AO":"[\\uA734]","AU":"[\\uA736]","AV":"[\\uA738\\uA73A]","AY":"[\\uA73C]","B":"[\\u0042\\u24B7\\uFF22\\u1E02\\u1E04\\u1E06\\u0243\\u0182\\u0181]","C":"[\\u0043\\u24B8\\uFF23\\u0106\\u0108\\u010A\\u010C\\u00C7\\u1E08\\u0187\\u023B\\uA73E]","D":"[\\u0044\\u24B9\\uFF24\\u1E0A\\u010E\\u1E0C\\u1E10\\u1E12\\u1E0E\\u0110\\u018B\\u018A\\u0189\\uA779]","DZ":"[\\u01F1\\u01C4]","Dz":"[\\u01F2\\u01C5]","E":"[\\u0045\\u24BA\\uFF25\\u00C8\\u00C9\\u00CA\\u1EC0\\u1EBE\\u1EC4\\u1EC2\\u1EBC\\u0112\\u1E14\\u1E16\\u0114\\u0116\\u00CB\\u1EBA\\u011A\\u0204\\u0206\\u1EB8\\u1EC6\\u0228\\u1E1C\\u0118\\u1E18\\u1E1A\\u0190\\u018E]","F":"[\\u0046\\u24BB\\uFF26\\u1E1E\\u0191\\uA77B]","G":"[\\u0047\\u24BC\\uFF27\\u01F4\\u011C\\u1E20\\u011E\\u0120\\u01E6\\u0122\\u01E4\\u0193\\uA7A0\\uA77D\\uA77E]","H":"[\\u0048\\u24BD\\uFF28\\u0124\\u1E22\\u1E26\\u021E\\u1E24\\u1E28\\u1E2A\\u0126\\u2C67\\u2C75\\uA78D]","I":"[\\u0049\\u24BE\\uFF29\\u00CC\\u00CD\\u00CE\\u0128\\u012A\\u012C\\u0130\\u00CF\\u1E2E\\u1EC8\\u01CF\\u0208\\u020A\\u1ECA\\u012E\\u1E2C\\u0197]","J":"[\\u004A\\u24BF\\uFF2A\\u0134\\u0248]","K":"[\\u004B\\u24C0\\uFF2B\\u1E30\\u01E8\\u1E32\\u0136\\u1E34\\u0198\\u2C69\\uA740\\uA742\\uA744\\uA7A2]","L":"[\\u004C\\u24C1\\uFF2C\\u013F\\u0139\\u013D\\u1E36\\u1E38\\u013B\\u1E3C\\u1E3A\\u0141\\u023D\\u2C62\\u2C60\\uA748\\uA746\\uA780]","LJ":"[\\u01C7]","Lj":"[\\u01C8]","M":"[\\u004D\\u24C2\\uFF2D\\u1E3E\\u1E40\\u1E42\\u2C6E\\u019C]","N":"[\\u004E\\u24C3\\uFF2E\\u01F8\\u0143\\u00D1\\u1E44\\u0147\\u1E46\\u0145\\u1E4A\\u1E48\\u0220\\u019D\\uA790\\uA7A4]","NJ":"[\\u01CA]","Nj":"[\\u01CB]","O":"[\\u004F\\u24C4\\uFF2F\\u00D2\\u00D3\\u00D4\\u1ED2\\u1ED0\\u1ED6\\u1ED4\\u00D5\\u1E4C\\u022C\\u1E4E\\u014C\\u1E50\\u1E52\\u014E\\u022E\\u0230\\u00D6\\u022A\\u1ECE\\u0150\\u01D1\\u020C\\u020E\\u01A0\\u1EDC\\u1EDA\\u1EE0\\u1EDE\\u1EE2\\u1ECC\\u1ED8\\u01EA\\u01EC\\u00D8\\u01FE\\u0186\\u019F\\uA74A\\uA74C]","OI":"[\\u01A2]","OO":"[\\uA74E]","OU":"[\\u0222]","P":"[\\u0050\\u24C5\\uFF30\\u1E54\\u1E56\\u01A4\\u2C63\\uA750\\uA752\\uA754]","Q":"[\\u0051\\u24C6\\uFF31\\uA756\\uA758\\u024A]","R":"[\\u0052\\u24C7\\uFF32\\u0154\\u1E58\\u0158\\u0210\\u0212\\u1E5A\\u1E5C\\u0156\\u1E5E\\u024C\\u2C64\\uA75A\\uA7A6\\uA782]","S":"[\\u0053\\u24C8\\uFF33\\u1E9E\\u015A\\u1E64\\u015C\\u1E60\\u0160\\u1E66\\u1E62\\u1E68\\u0218\\u015E\\u2C7E\\uA7A8\\uA784]","T":"[\\u0054\\u24C9\\uFF34\\u1E6A\\u0164\\u1E6C\\u021A\\u0162\\u1E70\\u1E6E\\u0166\\u01AC\\u01AE\\u023E\\uA786]","TZ":"[\\uA728]","U":"[\\u0055\\u24CA\\uFF35\\u00D9\\u00DA\\u00DB\\u0168\\u1E78\\u016A\\u1E7A\\u016C\\u00DC\\u01DB\\u01D7\\u01D5\\u01D9\\u1EE6\\u016E\\u0170\\u01D3\\u0214\\u0216\\u01AF\\u1EEA\\u1EE8\\u1EEE\\u1EEC\\u1EF0\\u1EE4\\u1E72\\u0172\\u1E76\\u1E74\\u0244]","V":"[\\u0056\\u24CB\\uFF36\\u1E7C\\u1E7E\\u01B2\\uA75E\\u0245]","VY":"[\\uA760]","W":"[\\u0057\\u24CC\\uFF37\\u1E80\\u1E82\\u0174\\u1E86\\u1E84\\u1E88\\u2C72]","X":"[\\u0058\\u24CD\\uFF38\\u1E8A\\u1E8C]","Y":"[\\u0059\\u24CE\\uFF39\\u1EF2\\u00DD\\u0176\\u1EF8\\u0232\\u1E8E\\u0178\\u1EF6\\u1EF4\\u01B3\\u024E\\u1EFE]","Z":"[\\u005A\\u24CF\\uFF3A\\u0179\\u1E90\\u017B\\u017D\\u1E92\\u1E94\\u01B5\\u0224\\u2C7F\\u2C6B\\uA762]","a":"[\\u0061\\u24D0\\uFF41\\u1E9A\\u00E0\\u00E1\\u00E2\\u1EA7\\u1EA5\\u1EAB\\u1EA9\\u00E3\\u0101\\u0103\\u1EB1\\u1EAF\\u1EB5\\u1EB3\\u0227\\u01E1\\u00E4\\u01DF\\u1EA3\\u00E5\\u01FB\\u01CE\\u0201\\u0203\\u1EA1\\u1EAD\\u1EB7\\u1E01\\u0105\\u2C65\\u0250]","aa":"[\\uA733]","ae":"[\\u00E6\\u01FD\\u01E3]","ao":"[\\uA735]","au":"[\\uA737]","av":"[\\uA739\\uA73B]","ay":"[\\uA73D]","b":"[\\u0062\\u24D1\\uFF42\\u1E03\\u1E05\\u1E07\\u0180\\u0183\\u0253]","c":"[\\u0063\\u24D2\\uFF43\\u0107\\u0109\\u010B\\u010D\\u00E7\\u1E09\\u0188\\u023C\\uA73F\\u2184]","d":"[\\u0064\\u24D3\\uFF44\\u1E0B\\u010F\\u1E0D\\u1E11\\u1E13\\u1E0F\\u0111\\u018C\\u0256\\u0257\\uA77A]","dz":"[\\u01F3\\u01C6]","e":"[\\u0065\\u24D4\\uFF45\\u00E8\\u00E9\\u00EA\\u1EC1\\u1EBF\\u1EC5\\u1EC3\\u1EBD\\u0113\\u1E15\\u1E17\\u0115\\u0117\\u00EB\\u1EBB\\u011B\\u0205\\u0207\\u1EB9\\u1EC7\\u0229\\u1E1D\\u0119\\u1E19\\u1E1B\\u0247\\u025B\\u01DD]","f":"[\\u0066\\u24D5\\uFF46\\u1E1F\\u0192\\uA77C]","g":"[\\u0067\\u24D6\\uFF47\\u01F5\\u011D\\u1E21\\u011F\\u0121\\u01E7\\u0123\\u01E5\\u0260\\uA7A1\\u1D79\\uA77F]","h":"[\\u0068\\u24D7\\uFF48\\u0125\\u1E23\\u1E27\\u021F\\u1E25\\u1E29\\u1E2B\\u1E96\\u0127\\u2C68\\u2C76\\u0265]","hv":"[\\u0195]","i":"[\\u0069\\u24D8\\uFF49\\u00EC\\u00ED\\u00EE\\u0129\\u012B\\u012D\\u00EF\\u1E2F\\u1EC9\\u01D0\\u0209\\u020B\\u1ECB\\u012F\\u1E2D\\u0268\\u0131]","j":"[\\u006A\\u24D9\\uFF4A\\u0135\\u01F0\\u0249]","k":"[\\u006B\\u24DA\\uFF4B\\u1E31\\u01E9\\u1E33\\u0137\\u1E35\\u0199\\u2C6A\\uA741\\uA743\\uA745\\uA7A3]","l":"[\\u006C\\u24DB\\uFF4C\\u0140\\u013A\\u013E\\u1E37\\u1E39\\u013C\\u1E3D\\u1E3B\\u017F\\u0142\\u019A\\u026B\\u2C61\\uA749\\uA781\\uA747]","lj":"[\\u01C9]","m":"[\\u006D\\u24DC\\uFF4D\\u1E3F\\u1E41\\u1E43\\u0271\\u026F]","n":"[\\u006E\\u24DD\\uFF4E\\u01F9\\u0144\\u00F1\\u1E45\\u0148\\u1E47\\u0146\\u1E4B\\u1E49\\u019E\\u0272\\u0149\\uA791\\uA7A5]","nj":"[\\u01CC]","o":"[\\u006F\\u24DE\\uFF4F\\u00F2\\u00F3\\u00F4\\u1ED3\\u1ED1\\u1ED7\\u1ED5\\u00F5\\u1E4D\\u022D\\u1E4F\\u014D\\u1E51\\u1E53\\u014F\\u022F\\u0231\\u00F6\\u022B\\u1ECF\\u0151\\u01D2\\u020D\\u020F\\u01A1\\u1EDD\\u1EDB\\u1EE1\\u1EDF\\u1EE3\\u1ECD\\u1ED9\\u01EB\\u01ED\\u00F8\\u01FF\\u0254\\uA74B\\uA74D\\u0275]","oi":"[\\u01A3]","ou":"[\\u0223]","oo":"[\\uA74F]","p":"[\\u0070\\u24DF\\uFF50\\u1E55\\u1E57\\u01A5\\u1D7D\\uA751\\uA753\\uA755]","q":"[\\u0071\\u24E0\\uFF51\\u024B\\uA757\\uA759]","r":"[\\u0072\\u24E1\\uFF52\\u0155\\u1E59\\u0159\\u0211\\u0213\\u1E5B\\u1E5D\\u0157\\u1E5F\\u024D\\u027D\\uA75B\\uA7A7\\uA783]","s":"[\\u0073\\u24E2\\uFF53\\u015B\\u1E65\\u015D\\u1E61\\u0161\\u1E67\\u1E63\\u1E69\\u0219\\u015F\\u023F\\uA7A9\\uA785\\u1E9B]","ss":"[\\u00DF]","t":"[\\u0074\\u24E3\\uFF54\\u1E6B\\u1E97\\u0165\\u1E6D\\u021B\\u0163\\u1E71\\u1E6F\\u0167\\u01AD\\u0288\\u2C66\\uA787]","tz":"[\\uA729]","u":"[\\u0075\\u24E4\\uFF55\\u00F9\\u00FA\\u00FB\\u0169\\u1E79\\u016B\\u1E7B\\u016D\\u00FC\\u01DC\\u01D8\\u01D6\\u01DA\\u1EE7\\u016F\\u0171\\u01D4\\u0215\\u0217\\u01B0\\u1EEB\\u1EE9\\u1EEF\\u1EED\\u1EF1\\u1EE5\\u1E73\\u0173\\u1E77\\u1E75\\u0289]","v":"[\\u0076\\u24E5\\uFF56\\u1E7D\\u1E7F\\u028B\\uA75F\\u028C]","vy":"[\\uA761]","w":"[\\u0077\\u24E6\\uFF57\\u1E81\\u1E83\\u0175\\u1E87\\u1E85\\u1E98\\u1E89\\u2C73]","x":"[\\u0078\\u24E7\\uFF58\\u1E8B\\u1E8D]","y":"[\\u0079\\u24E8\\uFF59\\u1EF3\\u00FD\\u0177\\u1EF9\\u0233\\u1E8F\\u00FF\\u1EF7\\u1E99\\u1EF5\\u01B4\\u024F\\u1EFF]","z":"[\\u007A\\u24E9\\uFF5A\\u017A\\u1E91\\u017C\\u017E\\u1E93\\u1E95\\u01B6\\u0225\\u0240\\u2C6C\\uA763]"},"researchesTests":["contentHasTOC","contentHasShortParagraphs","contentHasAssets","keywordInTitle","keywordInMetaDescription","keywordInPermalink","keywordIn10Percent","keywordInContent","keywordInSubheadings","keywordInImageAlt","keywordDensity","keywordNotUsed","lengthContent","lengthPermalink","linksHasInternal","linksHasExternals","linksNotAllExternals","titleStartWithKeyword","titleSentiment","titleHasPowerWords","titleHasNumber","hasContentAI"],"hasRedirection":true,"hasBreadcrumb":false},"homeUrl":"https:\/\/onlinebettingspace.com\/sk\/","objectID":3063,"objectType":"post","locale":"sk","localeFull":"sk_SK","overlayImages":{"play":{"name":"Play icon","url":"https:\/\/onlinebettingspace.com\/wp-content\/plugins\/seo-by-rank-math\/assets\/admin\/img\/icon-play.png","path":"\/home\/SuperAdmin\/web\/onlinebettingspace.com\/public_html\/wp-content\/plugins\/seo-by-rank-math\/assets\/admin\/img\/icon-play.png","position":"middle_center"},"gif":{"name":"GIF icon","url":"https:\/\/onlinebettingspace.com\/wp-content\/plugins\/seo-by-rank-math\/assets\/admin\/img\/icon-gif.png","path":"\/home\/SuperAdmin\/web\/onlinebettingspace.com\/public_html\/wp-content\/plugins\/seo-by-rank-math\/assets\/admin\/img\/icon-gif.png","position":"middle_center"}},"defautOgImage":"https:\/\/onlinebettingspace.com\/wp-content\/uploads\/2022\/04\/OBS-FULL-LOGO.webp","customPermalinks":true,"isUserRegistered":true,"autoSuggestKeywords":true,"connectSiteUrl":"https:\/\/rankmath.com\/auth?site=https%3A%2F%2Fonlinebettingspace.com%2Fsk%2F&r=https%3A%2F%2Fonlinebettingspace.com%2Fsk%2Fwp-json%2Fwp%2Fv2%2Fpages%2F3063%3Fnonce%3D752ca0ec9e","maxTags":5,"trendsIcon":"<svg viewBox=\"0 0 610 610\"><path d=\"M18.85,446,174.32,290.48l58.08,58.08L76.93,504a14.54,14.54,0,0,1-20.55,0L18.83,466.48a14.54,14.54,0,0,1,0-20.55Z\" style=\"fill:#4285f4\"\/><path d=\"M242.65,242.66,377.59,377.6l-47.75,47.75a14.54,14.54,0,0,1-20.55,0L174.37,290.43l47.75-47.75A14.52,14.52,0,0,1,242.65,242.66Z\" style=\"fill:#ea4335\"\/><polygon points=\"319.53 319.53 479.26 159.8 537.34 217.88 377.61 377.62 319.53 319.53\" style=\"fill:#fabb05\"\/><path d=\"M594.26,262.73V118.61h0a16.94,16.94,0,0,0-16.94-16.94H433.2a16.94,16.94,0,0,0-12,28.92L565.34,274.71h0a16.94,16.94,0,0,0,28.92-12Z\" style=\"fill:#34a853\"\/><rect width=\"610\" height=\"610\" style=\"fill:none\"\/><\/svg>","showScore":true,"siteFavIcon":"https:\/\/onlinebettingspace.com\/wp-content\/uploads\/2022\/04\/OBS-LOGO-1.webp","canUser":{"general":false,"advanced":false,"snippet":false,"social":false,"analysis":false,"analytics":false,"content_ai":false},"showKeywordIntent":true,"isPro":false,"is_front_page":false,"trendsUpgradeLink":"https:\/\/rankmath.com\/pricing\/?utm_source=Plugin&utm_medium=CE%20General%20Tab%20Trends&utm_campaign=WP","trendsUpgradeLabel":"Upgrade","trendsPreviewImage":"https:\/\/onlinebettingspace.com\/wp-content\/plugins\/seo-by-rank-math\/assets\/admin\/img\/trends-preview.jpg","currentEditor":false,"homepageData":{"assessor":{"powerWords":[],"diacritics":true,"researchesTests":["contentHasTOC","contentHasShortParagraphs","contentHasAssets","keywordInTitle","keywordInMetaDescription","keywordInPermalink","keywordIn10Percent","keywordInContent","keywordInSubheadings","keywordInImageAlt","keywordDensity","keywordNotUsed","lengthContent","lengthPermalink","linksHasInternal","linksHasExternals","linksNotAllExternals","titleStartWithKeyword","titleSentiment","titleHasPowerWords","titleHasNumber","hasContentAI"],"hasBreadcrumb":false,"serpData":{"title":"%sitename% %page% %sep% %sitedesc%","description":"","titleTemplate":"%sitename% %page% %sep% %sitedesc%","descriptionTemplate":"","focusKeywords":"","breadcrumbTitle":"Home","robots":{"index":true},"advancedRobots":[],"facebookTitle":"","facebookDescription":"","facebookImage":"","facebookImageID":""}}},"tocTitle":"Table of Contents","tocExcludeHeadings":[],"listStyle":"ul"},"_links":{"self":[{"href":"https:\/\/onlinebettingspace.com\/sk\/wp-json\/wp\/v2\/pages\/3063","targetHints":{"allow":["GET"]}}],"collection":[{"href":"https:\/\/onlinebettingspace.com\/sk\/wp-json\/wp\/v2\/pages"}],"about":[{"href":"https:\/\/onlinebettingspace.com\/sk\/wp-json\/wp\/v2\/types\/page"}],"author":[{"embeddable":true,"href":"https:\/\/onlinebettingspace.com\/sk\/wp-json\/wp\/v2\/users\/1"}],"replies":[{"embeddable":true,"href":"https:\/\/onlinebettingspace.com\/sk\/wp-json\/wp\/v2\/comments?post=3063"}],"version-history":[{"count":2,"href":"https:\/\/onlinebettingspace.com\/sk\/wp-json\/wp\/v2\/pages\/3063\/revisions"}],"predecessor-version":[{"id":3065,"href":"https:\/\/onlinebettingspace.com\/sk\/wp-json\/wp\/v2\/pages\/3063\/revisions\/3065"}],"up":[{"embeddable":true,"href":"https:\/\/onlinebettingspace.com\/sk\/wp-json\/wp\/v2\/pages\/2475"}],"wp:attachment":[{"href":"https:\/\/onlinebettingspace.com\/sk\/wp-json\/wp\/v2\/media?parent=3063"}],"curies":[{"name":"wp","href":"https:\/\/api.w.org\/{rel}","templated":true}]}}