{"id":3049,"date":"2022-10-28T15:11:46","date_gmt":"2022-10-28T12:11:46","guid":{"rendered":"https:\/\/onlinebettingspace.com\/?page_id=3049"},"modified":"2022-10-28T15:13:14","modified_gmt":"2022-10-28T12:13:14","slug":"oryx-gaming","status":"publish","type":"page","link":"https:\/\/onlinebettingspace.com\/sk\/casino-softver\/oryx-gaming\/","title":{"rendered":"ORYX GAMING"},"content":{"rendered":"<section class=\"l-section wpb_row height_medium\"><div class=\"l-section-h i-cf\"><div class=\"g-cols vc_row via_flex valign_top type_default stacking_default\"><div class=\"vc_col-sm-12 wpb_column vc_column_container\"><div class=\"vc_column-inner\"><div class=\"wpb_wrapper\"><div class=\"wpb_text_column\"><div class=\"wpb_wrapper\"><h1>ORYX GAMING V ONLINE KAS\u00cdNACH<\/h1>\n<p>Hoci pre mnoh\u00fdch kas\u00ednov\u00fdch hr\u00e1\u010dov bude spolo\u010dnos\u0165 Oryx Gaming<br \/>\npomerne nezn\u00e1mou, stoja za \u0148ou v\u00fdborn\u00e9 v\u00fdsledky. Spolo\u010dnos\u0165 sa<br \/>\np\u00fd\u0161i spolupr\u00e1cou s viac ne\u017e 40 klientami, akt\u00edvne participuje na<br \/>\ndvadsiatich trhoch a zhlukuje a\u017e 5.000 hier. Sama spolo\u010dnos\u0165 sa<br \/>\nozna\u010duje za \u201epopredn\u00e9ho poskytovate\u013ea rie\u0161en\u00ed na k\u013e\u00fa\u010d,<br \/>\npon\u00fakaj\u00faca bezkonkuren\u010dn\u00fd softv\u00e9r a slu\u017eby pre iGaming<br \/>\npriemysel\u201c. Inak povedan\u00e9, vytv\u00e1raj\u00fa kas\u00ednov\u00e9 hry, lot\u00e9rijn\u00e9<br \/>\npr\u00edstroje alebo softv\u00e9r pre online \u0161portov\u00e9 tipovanie.<br \/>\nOryx Gaming zah\u00e1jil svoju \u010dinnos\u0165 v roku 2010. Hoci hlavn\u00e9<br \/>\n\u00fastredie m\u00e1 v slovinskej \u013dub\u013eane, pobo\u010dky m\u00e1 aj v Las Vegas<br \/>\n\u010di na Malte, teda na miestach, ktor\u00e9 s\u00fa zn\u00e1me pre svoje aktivity<br \/>\nv r\u00e1mci z\u00e1bavn\u00e9ho priemyslu. Oryx bol dlho skoro \u201erodinnou\u201c<br \/>\nfirmou s p\u00e1r desiatkami zamestnancov, no r\u00fdchlo napreduje a dnes<br \/>\nzamestn\u00e1va u\u017e 160 \u013eud\u00ed. Jej klientami s\u00fa ve\u013ek\u00e9 zna\u010dky<br \/>\nv r\u00e1mci iGamingov\u00e9ho prostredia, ak\u00fdmi s\u00fa PlayCherry, Betcris \u010di<br \/>\nJackpotJoy.<\/p>\n<h2>HRY OD ORYX SI ZAHR\u00c1TE V T\u00ddCHTO KAS\u00cdNACH<\/h2>\n<p>Kas\u00edno<br \/>\nBonus<br \/>\nRating<br \/>\nPopis<br \/>\nAstralBet Casino AstralBet Casino Hra\u0165<br \/>\n2000\u20ac BONUS<br \/>\nRating editora 5\/5 AstralBet Casino<br \/>\n100% do v\u00fd\u0161ky 2000\u20ac<br \/>\n\u20ac3.000 vstupn\u00fd bonus<br \/>\nHry od Oryx Gaming<\/p>\n<p>Hra\u0165<br \/>\n50\u20ac BONUS<br \/>\nRating editora 4.5\/5 Wild Jackpots<br \/>\n200%<br \/>\nHry od Oryx Gaming<br \/>\nHry od 25 providerov<\/p>\n<p>GoWild Casino Online GoWild Casino Online Hra\u0165<br \/>\n333\u20ac BONUS<br \/>\nRating editora 4.5\/5 GoWild Casino<br \/>\n100% do v\u00fd\u0161ky 333\u20ac<br \/>\nHry od Oryx Gaming<br \/>\n50 live casino hier<\/p>\n<h2>ORYX GAMING \u2013 KAS\u00cdNOV\u00c9 HRY<\/h2>\n<p>V r\u00e1mci oblasti tzv. gaming content, vytv\u00e1ra ORYX GAMING \u0161irok\u00fa<br \/>\n\u0161k\u00e1lu KAS\u00cdNOV\u00ddCH HIER. S\u00fa to nielen online automaty, ale aj<br \/>\nstoln\u00e9 a kartov\u00e9 hry, video bingo, stieracie \u017ereby \u010di live<br \/>\nkas\u00ednov\u00e9 hry. \u010co asi nebude ve\u013ek\u00fdm prekvapen\u00edm je to, \u017ee pr\u00e1ve<br \/>\nonline automaty tvoria najv\u00e4\u010d\u0161iu \u010das\u0165 z ponuky Oryxu. Do<br \/>\ndne\u0161n\u00fdch dn\u00ed spolo\u010dnos\u0165 predstavila a uviedla na trh viac ne\u017e<br \/>\n40 slotov a nieko\u013eko desiatok ostatn\u00fdch kas\u00ednov\u00fdch hier. Oryx<br \/>\nGaming z\u00e1rove\u0148 sl\u00fa\u017ei aj ako agreg\u00e1tor kas\u00ednov\u00fdch hier, ktor\u00fd<br \/>\nzh\u0155\u0148a ponuku viac ne\u017e piatich tis\u00edcok kas\u00ednov\u00fdch hier.<br \/>\n200% BONUS + 30 bezplatn\u00fdch zato\u010den\u00ed Hra\u0165<\/p>\n<h2>ORYX GAMING \u2013 ONLINE AUTOMATY<\/h2>\n<p>Oryx Gaming vyv\u00edja svoje online automaty jednak na z\u00e1kazku a jednak<br \/>\nnez\u00e1visle, auton\u00f3mne. Naj\u010dastej\u0161ie sa stretneme s 5-valcov\u00fdmi<br \/>\nautomatmi a layoutom 5\u00d73. Oryx tie\u017e m\u00f4\u017eeme vn\u00edma\u0165 ako<br \/>\nexperiment\u00e1tora, nako\u013eko 5-valcov\u00e9 sloty nie s\u00fa t\u00fdm jedin\u00fdm, \u010do<br \/>\npon\u00faka. V jeho portf\u00f3liu n\u00e1jdeme aj online automaty so \u0161iestimi<br \/>\nvalcami, \u0161tyrmi valcami, ako i 3-valcov\u00e9 sloty. Po\u010det v\u00fdhern\u00fdch<br \/>\nl\u00edni\u00ed variuje, n\u00e1jdeme tu jedin\u00fa v\u00fdhern\u00fa l\u00edniu i slot (Age of<br \/>\nZeus) pon\u00fakaj\u00faci 243 v\u00fdhern\u00fdch l\u00edni\u00ed.<br \/>\nPre Oryx HRACIE AUTOMATY plat\u00ed, \u017ee s\u00fa farebn\u00e9, origin\u00e1lne<br \/>\na pon\u00fakaj\u00fa kvalitn\u00fa n\u00e1vratnos\u0165 (RTP), ktor\u00e1 \u010din\u00ed od 96%-97%.<br \/>\nTematicky s\u00fa automaty ve\u013emi rozmanit\u00e9, Oryx v\u0161ak na rozdiel od<br \/>\nkonkurentov nevytv\u00e1ra sloty, ktor\u00e9 by odkazovali k sl\u00e1vnym filmom,<br \/>\npostav\u00e1m \u010di re\u00e1lne \u017eij\u00facim osobnostiam. Najpopul\u00e1rnej\u0161\u00edm<br \/>\nonline automatom od Oryxu je 5-valcov\u00fd Fruit Twist s 5 v\u00fdhern\u00fdmi<br \/>\nl\u00edniami. V ned\u00e1vnej minulosti spolo\u010dnos\u0165 uviedla aj tieto sloty:<br \/>\nANACONDA EYE RAPIDS<br \/>\nAnaconda Eye Rapids je 5-valcov\u00fd slot pon\u00fakaj\u00faci layout 5\u00d73 a 20<br \/>\nv\u00fdhern\u00fdch l\u00edni\u00ed. Jackpot je fixn\u00fd a dosahuje \u20ac35.000. Okrem<br \/>\n\u0161tandardn\u00fdch bonusov ak\u00fdmi s\u00fa bezplatn\u00e9 zato\u010denia \u010di \u017dol\u00edk,<br \/>\npon\u00faka Anaconda Eye Rapids i bonusov\u00fa hru.<br \/>\nGOLDEN 7 CLASSIC<br \/>\nGolden 7 Classic je automat s 5 valcami a rovnako 5 v\u00fdhern\u00fdmi<br \/>\nl\u00edniami. Je to ovocn\u00fd automat s mal\u00fdm po\u010dtom v\u00fdhern\u00fdch l\u00edni\u00ed,<br \/>\nktor\u00fd odkazuje ku star\u00fdm klasick\u00fdm slotom, ktor\u00e9 mo\u017eno pozn\u00e1te<br \/>\nz hern\u00ed. Golden 7 Classic prin\u00e1\u0161a a\u017e \u20ac200.000 jackpot, av\u0161ak<br \/>\nlen minimum \u0161peci\u00e1lnych funkcii.<br \/>\nSCEPTRE OF CLEO<br \/>\nSceptre of Cleo je 5-valcov\u00fd video automat s deviatimi v\u00fdhern\u00fdmi<br \/>\nl\u00edniami a maxim\u00e1lnou \u20ac20.000 v\u00fdhrou. Ako u\u017e n\u00e1zov trochu<br \/>\nnapoved\u00e1, jeho t\u00e9ma je historick\u00e1, ke\u010f sa navracia do \u010dias<br \/>\nkr\u00e1\u013eovnej Kleopatry. Automat sa p\u00fd\u0161i hne\u010f piatimi \u0161peci\u00e1lnymi<br \/>\nfunkciami vr\u00e1tane \u017dol\u00edka \u010di bonusov\u00fdch zato\u010den\u00ed.<br \/>\nBROKER BEAR BLAST<br \/>\nOryx na piatich valcoch rozohr\u00e1va farebn\u00fd pr\u00edbeh o obyvate\u013eoch<br \/>\nlesa. Slot Broker Bear Blast prin\u00e1\u0161a 20 v\u00fdhern\u00fdch l\u00edni\u00ed, na<br \/>\nktor\u00fdch sa d\u00e1 maxim\u00e1lne vyto\u010di\u0165 \u20ac2.000. Pote\u0161\u00ed, \u017ee automat<br \/>\nje pln\u00fd \u0161peci\u00e1lnych, doplnkov\u00fdch funkcii, tak\u017ee bude zab\u00e1va\u0165<br \/>\ndlho.<\/p>\n<h2>NOV\u00c9 AUTOMATY 2023 OD ORYX GAMING<\/h2>\n<p>Anaconda Eyes Rapids Anaconda Eyes Rapids<br \/>\nAstralBet Casino<br \/>\nHra\u0165 Recenzia<br \/>\nGolden 7 Classic Golden 7 Classic<br \/>\nWild Jackpots<br \/>\nHra\u0165 Recenzia<br \/>\nBroker Bear Blast Broker Bear Blast<br \/>\nGoWild Casino<br \/>\nHra\u0165 Recenzia<br \/>\nWild Jackpots<br \/>\nHra\u0165 Recenzia<\/p>\n<h2>ORYX GAMING NA MOBILE<\/h2>\n<p>Jednou z funkci\u00ed, ktorou sa Oryx p\u00fd\u0161i je to, \u017ee svoje kas\u00ednov\u00e9<br \/>\nhry vyv\u00edja sp\u00f4sobom, aby sa dali hra\u0165 na r\u00f4znych zariadeniach.<br \/>\nOb\u013e\u00faben\u00fd online automat si tak bez probl\u00e9mov zahr\u00e1te<br \/>\nprostredn\u00edctvom po\u010d\u00edta\u010da, ako aj mobiln\u00e9ho telef\u00f3nu \u010di tabletu.<br \/>\nPre hranie na mobiln\u00fdch zariadeniach vyu\u017e\u00edva Oryx platformu HTML5.<\/p>\n<h2>ORYX GAMING PLUSY A M\u00cdNUSY<\/h2>\n<p>Ako pri ka\u017edom v\u00fdvoj\u00e1rovi, tak i pri Oryx Gaming a jeho<br \/>\nproduktoch plat\u00ed, \u017ee maj\u00fa svoje v\u00fdhody a nev\u00fdhody. Ak\u00e9 to s\u00fa?<br \/>\nPLUSY:<br \/>\n+ Unik\u00e1tne produkty<br \/>\n+ Podpora pre mobiln\u00fa hru<br \/>\n+ Prepracovan\u00fd vizu\u00e1l<br \/>\n+ Dynamick\u00e9 anim\u00e1cie<br \/>\n+ D\u00f4raz na zvukov\u00fa stopu<br \/>\nM\u00cdNUSY:<br \/>\n\u2013 Men\u0161\u00ed po\u010det hier<br \/>\n\u2013 Menej zn\u00e1ma zna\u010dka<br \/>\n\u2013 Hry nen\u00e1jdete v ka\u017edom kas\u00edne<\/p>\n<h2>SUM\u00c1R<\/h2>\n<p>Oryx Gaming je p\u00f4vodom slovinsk\u00e1 spolo\u010dnos\u0165 akt\u00edvna na<br \/>\ncelosvetovom trhu. Oryx okrem v\u00fdvoja hier pon\u00faka i doplnkov\u00e9<br \/>\nslu\u017eby a pom\u00e1ha online kas\u00ednam napr\u00edklad aj so z\u00edskavan\u00edm<br \/>\nlicenci\u00ed potrebn\u00fdch pre prev\u00e1dzku. Ponuka Oryxu zah\u0155\u0148a pribli\u017ene<br \/>\n50 hier, no toto \u010d\u00edslo len \u0165a\u017eko m\u00f4\u017eeme pova\u017eova\u0165 za<br \/>\nkone\u010dn\u00e9. Ak ste aj o Oryx Gaming doposia\u013e nepo\u010duli, tak<br \/>\nv bud\u00facnosti o \u0148om po\u010du\u0165 budete \u010doraz viac.<br \/>\nBonus 200% + 30 free spinov<\/p>\n<\/div><\/div><\/div><\/div><\/div><\/div><\/div><\/section>\n","protected":false},"excerpt":{"rendered":"ORYX GAMING V ONLINE KAS\u00cdNACH Hoci pre mnoh\u00fdch kas\u00ednov\u00fdch hr\u00e1\u010dov bude spolo\u010dnos\u0165 Oryx Gaming pomerne nezn\u00e1mou, stoja za \u0148ou v\u00fdborn\u00e9 v\u00fdsledky. Spolo\u010dnos\u0165 sa p\u00fd\u0161i spolupr\u00e1cou s viac ne\u017e 40 klientami, akt\u00edvne participuje na dvadsiatich trhoch a zhlukuje a\u017e 5.000 hier. Sama spolo\u010dnos\u0165 sa ozna\u010duje za \u201epopredn\u00e9ho poskytovate\u013ea rie\u0161en\u00ed na k\u013e\u00fa\u010d, pon\u00fakaj\u00faca bezkonkuren\u010dn\u00fd softv\u00e9r a slu\u017eby...","protected":false},"author":1,"featured_media":0,"parent":2475,"menu_order":0,"comment_status":"closed","ping_status":"closed","template":"","meta":{"_acf_changed":false,"footnotes":""},"class_list":["post-3049","page","type-page","status-publish","hentry"],"acf":[],"rankMath":{"parentDomain":"onlinebettingspace.com","noFollowDomains":[],"noFollowExcludeDomains":[],"noFollowExternalLinks":false,"featuredImageNotice":"The featured image should be at least 200 by 200 pixels to be picked up by Facebook and other social media sites.","pluginReviewed":true,"postSettings":{"linkSuggestions":true,"useFocusKeyword":false},"frontEndScore":false,"postName":"oryx-gaming","permalinkFormat":"https:\/\/onlinebettingspace.com\/sk\/%pagename%\/","showLockModifiedDate":true,"assessor":{"focusKeywordLink":"https:\/\/onlinebettingspace.com\/wp-admin\/edit.php?focus_keyword=%focus_keyword%&post_type=%post_type%","hasTOCPlugin":false,"primaryTaxonomy":false,"serpData":{"title":"Oryx Gaming Software \u2013 Kvalita a prec\u00edznos\u0165 v jednom","description":"Oryx Gaming je slovinsk\u00e1 spolo\u010dnos\u0165, ktor\u00fd vyv\u00edja platformy, kas\u00ednov\u00e9 hry, je agreg\u00e1torom hier a p\u00f4sob\u00ed aj ako prostredn\u00edk pri z\u00edskavan\u00ed licencii.","focusKeywords":"Oryx Gaming","pillarContent":false,"canonicalUrl":"","breadcrumbTitle":"","advancedRobots":[],"facebookTitle":"","facebookDescription":"","facebookImage":"","facebookImageID":"","facebookHasOverlay":false,"facebookImageOverlay":"","facebookAuthor":"","twitterCardType":"","twitterUseFacebook":true,"twitterTitle":"","twitterDescription":"","twitterImage":"","twitterImageID":"","twitterHasOverlay":false,"twitterImageOverlay":"","twitterPlayerUrl":"","twitterPlayerSize":"","twitterPlayerStream":"","twitterPlayerStreamCtype":"","twitterAppDescription":"","twitterAppIphoneName":"","twitterAppIphoneID":"","twitterAppIphoneUrl":"","twitterAppIpadName":"","twitterAppIpadID":"","twitterAppIpadUrl":"","twitterAppGoogleplayName":"","twitterAppGoogleplayID":"","twitterAppGoogleplayUrl":"","twitterAppCountry":"","robots":{"index":true},"twitterAuthor":"username","primaryTerm":0,"authorName":"OBSAdmin","titleTemplate":"%title% %sep% %sitename%","descriptionTemplate":"%excerpt%","showScoreFrontend":true,"lockModifiedDate":false},"powerWords":[],"diacritics":{"A":"[\\u0041\\u24B6\\uFF21\\u00C0\\u00C1\\u00C2\\u1EA6\\u1EA4\\u1EAA\\u1EA8\\u00C3\\u0100\\u0102\\u1EB0\\u1EAE\\u1EB4\\u1EB2\\u0226\\u01E0\\u00C4\\u01DE\\u1EA2\\u00C5\\u01FA\\u01CD\\u0200\\u0202\\u1EA0\\u1EAC\\u1EB6\\u1E00\\u0104\\u023A\\u2C6F]","AA":"[\\uA732]","AE":"[\\u00C6\\u01FC\\u01E2]","AO":"[\\uA734]","AU":"[\\uA736]","AV":"[\\uA738\\uA73A]","AY":"[\\uA73C]","B":"[\\u0042\\u24B7\\uFF22\\u1E02\\u1E04\\u1E06\\u0243\\u0182\\u0181]","C":"[\\u0043\\u24B8\\uFF23\\u0106\\u0108\\u010A\\u010C\\u00C7\\u1E08\\u0187\\u023B\\uA73E]","D":"[\\u0044\\u24B9\\uFF24\\u1E0A\\u010E\\u1E0C\\u1E10\\u1E12\\u1E0E\\u0110\\u018B\\u018A\\u0189\\uA779]","DZ":"[\\u01F1\\u01C4]","Dz":"[\\u01F2\\u01C5]","E":"[\\u0045\\u24BA\\uFF25\\u00C8\\u00C9\\u00CA\\u1EC0\\u1EBE\\u1EC4\\u1EC2\\u1EBC\\u0112\\u1E14\\u1E16\\u0114\\u0116\\u00CB\\u1EBA\\u011A\\u0204\\u0206\\u1EB8\\u1EC6\\u0228\\u1E1C\\u0118\\u1E18\\u1E1A\\u0190\\u018E]","F":"[\\u0046\\u24BB\\uFF26\\u1E1E\\u0191\\uA77B]","G":"[\\u0047\\u24BC\\uFF27\\u01F4\\u011C\\u1E20\\u011E\\u0120\\u01E6\\u0122\\u01E4\\u0193\\uA7A0\\uA77D\\uA77E]","H":"[\\u0048\\u24BD\\uFF28\\u0124\\u1E22\\u1E26\\u021E\\u1E24\\u1E28\\u1E2A\\u0126\\u2C67\\u2C75\\uA78D]","I":"[\\u0049\\u24BE\\uFF29\\u00CC\\u00CD\\u00CE\\u0128\\u012A\\u012C\\u0130\\u00CF\\u1E2E\\u1EC8\\u01CF\\u0208\\u020A\\u1ECA\\u012E\\u1E2C\\u0197]","J":"[\\u004A\\u24BF\\uFF2A\\u0134\\u0248]","K":"[\\u004B\\u24C0\\uFF2B\\u1E30\\u01E8\\u1E32\\u0136\\u1E34\\u0198\\u2C69\\uA740\\uA742\\uA744\\uA7A2]","L":"[\\u004C\\u24C1\\uFF2C\\u013F\\u0139\\u013D\\u1E36\\u1E38\\u013B\\u1E3C\\u1E3A\\u0141\\u023D\\u2C62\\u2C60\\uA748\\uA746\\uA780]","LJ":"[\\u01C7]","Lj":"[\\u01C8]","M":"[\\u004D\\u24C2\\uFF2D\\u1E3E\\u1E40\\u1E42\\u2C6E\\u019C]","N":"[\\u004E\\u24C3\\uFF2E\\u01F8\\u0143\\u00D1\\u1E44\\u0147\\u1E46\\u0145\\u1E4A\\u1E48\\u0220\\u019D\\uA790\\uA7A4]","NJ":"[\\u01CA]","Nj":"[\\u01CB]","O":"[\\u004F\\u24C4\\uFF2F\\u00D2\\u00D3\\u00D4\\u1ED2\\u1ED0\\u1ED6\\u1ED4\\u00D5\\u1E4C\\u022C\\u1E4E\\u014C\\u1E50\\u1E52\\u014E\\u022E\\u0230\\u00D6\\u022A\\u1ECE\\u0150\\u01D1\\u020C\\u020E\\u01A0\\u1EDC\\u1EDA\\u1EE0\\u1EDE\\u1EE2\\u1ECC\\u1ED8\\u01EA\\u01EC\\u00D8\\u01FE\\u0186\\u019F\\uA74A\\uA74C]","OI":"[\\u01A2]","OO":"[\\uA74E]","OU":"[\\u0222]","P":"[\\u0050\\u24C5\\uFF30\\u1E54\\u1E56\\u01A4\\u2C63\\uA750\\uA752\\uA754]","Q":"[\\u0051\\u24C6\\uFF31\\uA756\\uA758\\u024A]","R":"[\\u0052\\u24C7\\uFF32\\u0154\\u1E58\\u0158\\u0210\\u0212\\u1E5A\\u1E5C\\u0156\\u1E5E\\u024C\\u2C64\\uA75A\\uA7A6\\uA782]","S":"[\\u0053\\u24C8\\uFF33\\u1E9E\\u015A\\u1E64\\u015C\\u1E60\\u0160\\u1E66\\u1E62\\u1E68\\u0218\\u015E\\u2C7E\\uA7A8\\uA784]","T":"[\\u0054\\u24C9\\uFF34\\u1E6A\\u0164\\u1E6C\\u021A\\u0162\\u1E70\\u1E6E\\u0166\\u01AC\\u01AE\\u023E\\uA786]","TZ":"[\\uA728]","U":"[\\u0055\\u24CA\\uFF35\\u00D9\\u00DA\\u00DB\\u0168\\u1E78\\u016A\\u1E7A\\u016C\\u00DC\\u01DB\\u01D7\\u01D5\\u01D9\\u1EE6\\u016E\\u0170\\u01D3\\u0214\\u0216\\u01AF\\u1EEA\\u1EE8\\u1EEE\\u1EEC\\u1EF0\\u1EE4\\u1E72\\u0172\\u1E76\\u1E74\\u0244]","V":"[\\u0056\\u24CB\\uFF36\\u1E7C\\u1E7E\\u01B2\\uA75E\\u0245]","VY":"[\\uA760]","W":"[\\u0057\\u24CC\\uFF37\\u1E80\\u1E82\\u0174\\u1E86\\u1E84\\u1E88\\u2C72]","X":"[\\u0058\\u24CD\\uFF38\\u1E8A\\u1E8C]","Y":"[\\u0059\\u24CE\\uFF39\\u1EF2\\u00DD\\u0176\\u1EF8\\u0232\\u1E8E\\u0178\\u1EF6\\u1EF4\\u01B3\\u024E\\u1EFE]","Z":"[\\u005A\\u24CF\\uFF3A\\u0179\\u1E90\\u017B\\u017D\\u1E92\\u1E94\\u01B5\\u0224\\u2C7F\\u2C6B\\uA762]","a":"[\\u0061\\u24D0\\uFF41\\u1E9A\\u00E0\\u00E1\\u00E2\\u1EA7\\u1EA5\\u1EAB\\u1EA9\\u00E3\\u0101\\u0103\\u1EB1\\u1EAF\\u1EB5\\u1EB3\\u0227\\u01E1\\u00E4\\u01DF\\u1EA3\\u00E5\\u01FB\\u01CE\\u0201\\u0203\\u1EA1\\u1EAD\\u1EB7\\u1E01\\u0105\\u2C65\\u0250]","aa":"[\\uA733]","ae":"[\\u00E6\\u01FD\\u01E3]","ao":"[\\uA735]","au":"[\\uA737]","av":"[\\uA739\\uA73B]","ay":"[\\uA73D]","b":"[\\u0062\\u24D1\\uFF42\\u1E03\\u1E05\\u1E07\\u0180\\u0183\\u0253]","c":"[\\u0063\\u24D2\\uFF43\\u0107\\u0109\\u010B\\u010D\\u00E7\\u1E09\\u0188\\u023C\\uA73F\\u2184]","d":"[\\u0064\\u24D3\\uFF44\\u1E0B\\u010F\\u1E0D\\u1E11\\u1E13\\u1E0F\\u0111\\u018C\\u0256\\u0257\\uA77A]","dz":"[\\u01F3\\u01C6]","e":"[\\u0065\\u24D4\\uFF45\\u00E8\\u00E9\\u00EA\\u1EC1\\u1EBF\\u1EC5\\u1EC3\\u1EBD\\u0113\\u1E15\\u1E17\\u0115\\u0117\\u00EB\\u1EBB\\u011B\\u0205\\u0207\\u1EB9\\u1EC7\\u0229\\u1E1D\\u0119\\u1E19\\u1E1B\\u0247\\u025B\\u01DD]","f":"[\\u0066\\u24D5\\uFF46\\u1E1F\\u0192\\uA77C]","g":"[\\u0067\\u24D6\\uFF47\\u01F5\\u011D\\u1E21\\u011F\\u0121\\u01E7\\u0123\\u01E5\\u0260\\uA7A1\\u1D79\\uA77F]","h":"[\\u0068\\u24D7\\uFF48\\u0125\\u1E23\\u1E27\\u021F\\u1E25\\u1E29\\u1E2B\\u1E96\\u0127\\u2C68\\u2C76\\u0265]","hv":"[\\u0195]","i":"[\\u0069\\u24D8\\uFF49\\u00EC\\u00ED\\u00EE\\u0129\\u012B\\u012D\\u00EF\\u1E2F\\u1EC9\\u01D0\\u0209\\u020B\\u1ECB\\u012F\\u1E2D\\u0268\\u0131]","j":"[\\u006A\\u24D9\\uFF4A\\u0135\\u01F0\\u0249]","k":"[\\u006B\\u24DA\\uFF4B\\u1E31\\u01E9\\u1E33\\u0137\\u1E35\\u0199\\u2C6A\\uA741\\uA743\\uA745\\uA7A3]","l":"[\\u006C\\u24DB\\uFF4C\\u0140\\u013A\\u013E\\u1E37\\u1E39\\u013C\\u1E3D\\u1E3B\\u017F\\u0142\\u019A\\u026B\\u2C61\\uA749\\uA781\\uA747]","lj":"[\\u01C9]","m":"[\\u006D\\u24DC\\uFF4D\\u1E3F\\u1E41\\u1E43\\u0271\\u026F]","n":"[\\u006E\\u24DD\\uFF4E\\u01F9\\u0144\\u00F1\\u1E45\\u0148\\u1E47\\u0146\\u1E4B\\u1E49\\u019E\\u0272\\u0149\\uA791\\uA7A5]","nj":"[\\u01CC]","o":"[\\u006F\\u24DE\\uFF4F\\u00F2\\u00F3\\u00F4\\u1ED3\\u1ED1\\u1ED7\\u1ED5\\u00F5\\u1E4D\\u022D\\u1E4F\\u014D\\u1E51\\u1E53\\u014F\\u022F\\u0231\\u00F6\\u022B\\u1ECF\\u0151\\u01D2\\u020D\\u020F\\u01A1\\u1EDD\\u1EDB\\u1EE1\\u1EDF\\u1EE3\\u1ECD\\u1ED9\\u01EB\\u01ED\\u00F8\\u01FF\\u0254\\uA74B\\uA74D\\u0275]","oi":"[\\u01A3]","ou":"[\\u0223]","oo":"[\\uA74F]","p":"[\\u0070\\u24DF\\uFF50\\u1E55\\u1E57\\u01A5\\u1D7D\\uA751\\uA753\\uA755]","q":"[\\u0071\\u24E0\\uFF51\\u024B\\uA757\\uA759]","r":"[\\u0072\\u24E1\\uFF52\\u0155\\u1E59\\u0159\\u0211\\u0213\\u1E5B\\u1E5D\\u0157\\u1E5F\\u024D\\u027D\\uA75B\\uA7A7\\uA783]","s":"[\\u0073\\u24E2\\uFF53\\u015B\\u1E65\\u015D\\u1E61\\u0161\\u1E67\\u1E63\\u1E69\\u0219\\u015F\\u023F\\uA7A9\\uA785\\u1E9B]","ss":"[\\u00DF]","t":"[\\u0074\\u24E3\\uFF54\\u1E6B\\u1E97\\u0165\\u1E6D\\u021B\\u0163\\u1E71\\u1E6F\\u0167\\u01AD\\u0288\\u2C66\\uA787]","tz":"[\\uA729]","u":"[\\u0075\\u24E4\\uFF55\\u00F9\\u00FA\\u00FB\\u0169\\u1E79\\u016B\\u1E7B\\u016D\\u00FC\\u01DC\\u01D8\\u01D6\\u01DA\\u1EE7\\u016F\\u0171\\u01D4\\u0215\\u0217\\u01B0\\u1EEB\\u1EE9\\u1EEF\\u1EED\\u1EF1\\u1EE5\\u1E73\\u0173\\u1E77\\u1E75\\u0289]","v":"[\\u0076\\u24E5\\uFF56\\u1E7D\\u1E7F\\u028B\\uA75F\\u028C]","vy":"[\\uA761]","w":"[\\u0077\\u24E6\\uFF57\\u1E81\\u1E83\\u0175\\u1E87\\u1E85\\u1E98\\u1E89\\u2C73]","x":"[\\u0078\\u24E7\\uFF58\\u1E8B\\u1E8D]","y":"[\\u0079\\u24E8\\uFF59\\u1EF3\\u00FD\\u0177\\u1EF9\\u0233\\u1E8F\\u00FF\\u1EF7\\u1E99\\u1EF5\\u01B4\\u024F\\u1EFF]","z":"[\\u007A\\u24E9\\uFF5A\\u017A\\u1E91\\u017C\\u017E\\u1E93\\u1E95\\u01B6\\u0225\\u0240\\u2C6C\\uA763]"},"researchesTests":["contentHasTOC","contentHasShortParagraphs","contentHasAssets","keywordInTitle","keywordInMetaDescription","keywordInPermalink","keywordIn10Percent","keywordInContent","keywordInSubheadings","keywordInImageAlt","keywordDensity","keywordNotUsed","lengthContent","lengthPermalink","linksHasInternal","linksHasExternals","linksNotAllExternals","titleStartWithKeyword","titleSentiment","titleHasPowerWords","titleHasNumber","hasContentAI"],"hasRedirection":true,"hasBreadcrumb":false},"homeUrl":"https:\/\/onlinebettingspace.com\/sk\/","objectID":3049,"objectType":"post","locale":"sk","localeFull":"sk_SK","overlayImages":{"play":{"name":"Play icon","url":"https:\/\/onlinebettingspace.com\/wp-content\/plugins\/seo-by-rank-math\/assets\/admin\/img\/icon-play.png","path":"\/home\/SuperAdmin\/web\/onlinebettingspace.com\/public_html\/wp-content\/plugins\/seo-by-rank-math\/assets\/admin\/img\/icon-play.png","position":"middle_center"},"gif":{"name":"GIF icon","url":"https:\/\/onlinebettingspace.com\/wp-content\/plugins\/seo-by-rank-math\/assets\/admin\/img\/icon-gif.png","path":"\/home\/SuperAdmin\/web\/onlinebettingspace.com\/public_html\/wp-content\/plugins\/seo-by-rank-math\/assets\/admin\/img\/icon-gif.png","position":"middle_center"}},"defautOgImage":"https:\/\/onlinebettingspace.com\/wp-content\/uploads\/2022\/04\/OBS-FULL-LOGO.webp","customPermalinks":true,"isUserRegistered":true,"autoSuggestKeywords":true,"connectSiteUrl":"https:\/\/rankmath.com\/auth?site=https%3A%2F%2Fonlinebettingspace.com%2Fsk%2F&r=https%3A%2F%2Fonlinebettingspace.com%2Fsk%2Fwp-json%2Fwp%2Fv2%2Fpages%2F3049%3Fnonce%3Daafa9d571e","maxTags":5,"trendsIcon":"<svg viewBox=\"0 0 610 610\"><path d=\"M18.85,446,174.32,290.48l58.08,58.08L76.93,504a14.54,14.54,0,0,1-20.55,0L18.83,466.48a14.54,14.54,0,0,1,0-20.55Z\" style=\"fill:#4285f4\"\/><path d=\"M242.65,242.66,377.59,377.6l-47.75,47.75a14.54,14.54,0,0,1-20.55,0L174.37,290.43l47.75-47.75A14.52,14.52,0,0,1,242.65,242.66Z\" style=\"fill:#ea4335\"\/><polygon points=\"319.53 319.53 479.26 159.8 537.34 217.88 377.61 377.62 319.53 319.53\" style=\"fill:#fabb05\"\/><path d=\"M594.26,262.73V118.61h0a16.94,16.94,0,0,0-16.94-16.94H433.2a16.94,16.94,0,0,0-12,28.92L565.34,274.71h0a16.94,16.94,0,0,0,28.92-12Z\" style=\"fill:#34a853\"\/><rect width=\"610\" height=\"610\" style=\"fill:none\"\/><\/svg>","showScore":true,"siteFavIcon":"https:\/\/onlinebettingspace.com\/wp-content\/uploads\/2022\/04\/OBS-LOGO-1.webp","canUser":{"general":false,"advanced":false,"snippet":false,"social":false,"analysis":false,"analytics":false,"content_ai":false},"showKeywordIntent":true,"isPro":false,"is_front_page":false,"trendsUpgradeLink":"https:\/\/rankmath.com\/pricing\/?utm_source=Plugin&utm_medium=CE%20General%20Tab%20Trends&utm_campaign=WP","trendsUpgradeLabel":"Upgrade","trendsPreviewImage":"https:\/\/onlinebettingspace.com\/wp-content\/plugins\/seo-by-rank-math\/assets\/admin\/img\/trends-preview.jpg","currentEditor":false,"homepageData":{"assessor":{"powerWords":[],"diacritics":true,"researchesTests":["contentHasTOC","contentHasShortParagraphs","contentHasAssets","keywordInTitle","keywordInMetaDescription","keywordInPermalink","keywordIn10Percent","keywordInContent","keywordInSubheadings","keywordInImageAlt","keywordDensity","keywordNotUsed","lengthContent","lengthPermalink","linksHasInternal","linksHasExternals","linksNotAllExternals","titleStartWithKeyword","titleSentiment","titleHasPowerWords","titleHasNumber","hasContentAI"],"hasBreadcrumb":false,"serpData":{"title":"%sitename% %page% %sep% %sitedesc%","description":"","titleTemplate":"%sitename% %page% %sep% %sitedesc%","descriptionTemplate":"","focusKeywords":"","breadcrumbTitle":"Home","robots":{"index":true},"advancedRobots":[],"facebookTitle":"","facebookDescription":"","facebookImage":"","facebookImageID":""}}},"tocTitle":"Table of Contents","tocExcludeHeadings":[],"listStyle":"ul"},"_links":{"self":[{"href":"https:\/\/onlinebettingspace.com\/sk\/wp-json\/wp\/v2\/pages\/3049","targetHints":{"allow":["GET"]}}],"collection":[{"href":"https:\/\/onlinebettingspace.com\/sk\/wp-json\/wp\/v2\/pages"}],"about":[{"href":"https:\/\/onlinebettingspace.com\/sk\/wp-json\/wp\/v2\/types\/page"}],"author":[{"embeddable":true,"href":"https:\/\/onlinebettingspace.com\/sk\/wp-json\/wp\/v2\/users\/1"}],"replies":[{"embeddable":true,"href":"https:\/\/onlinebettingspace.com\/sk\/wp-json\/wp\/v2\/comments?post=3049"}],"version-history":[{"count":4,"href":"https:\/\/onlinebettingspace.com\/sk\/wp-json\/wp\/v2\/pages\/3049\/revisions"}],"predecessor-version":[{"id":3053,"href":"https:\/\/onlinebettingspace.com\/sk\/wp-json\/wp\/v2\/pages\/3049\/revisions\/3053"}],"up":[{"embeddable":true,"href":"https:\/\/onlinebettingspace.com\/sk\/wp-json\/wp\/v2\/pages\/2475"}],"wp:attachment":[{"href":"https:\/\/onlinebettingspace.com\/sk\/wp-json\/wp\/v2\/media?parent=3049"}],"curies":[{"name":"wp","href":"https:\/\/api.w.org\/{rel}","templated":true}]}}