{"id":2608,"date":"2022-08-21T00:15:05","date_gmt":"2022-08-20T21:15:05","guid":{"rendered":"https:\/\/onlinebettingspace.com\/?page_id=2608"},"modified":"2022-08-21T00:15:05","modified_gmt":"2022-08-20T21:15:05","slug":"sunmaker-casino","status":"publish","type":"page","link":"https:\/\/onlinebettingspace.com\/sk\/sunmaker-casino\/","title":{"rendered":"SUNMAKER CASINO"},"content":{"rendered":"<section class=\"l-section wpb_row height_medium\"><div class=\"l-section-h i-cf\"><div class=\"g-cols vc_row via_flex valign_top type_default stacking_default\"><div class=\"vc_col-sm-12 wpb_column vc_column_container\"><div class=\"vc_column-inner\"><div class=\"wpb_wrapper\"><div class=\"wpb_text_column\"><div class=\"wpb_wrapper\"><div>\n<h1>SUNMAKER CASINO RECENZIA<\/h1>\n<\/div>\n<div>\n<div id=\"breadcrumbsWrap\" class=\"hidden-xs\">\n<div id=\"breadcrumbs\">\n<div class=\"intro\">\n<p>Sunmaker Casino je online kas\u00edno p\u00f4vodom z\u00a0Nemecka, ktor\u00e9 sa stalo zn\u00e1mym v\u010faka svojej ponuke hier od dom\u00e1ceho v\u00fdvoj\u00e1ra Merkur Gaming. Hry Sunmaker Casina pre\u0161li auditom a\u00a0schv\u00e1len\u00edm a\u00a0na \u010dinnos\u0165 kas\u00edna dohliada regula\u010dn\u00fd org\u00e1n z\u00a0Malty. Kas\u00edno vlastn\u00ed licenciu od Malta Gaming Authority.<\/p>\n<\/div>\n<div class=\"sp\">\n<div class=\"screenshots\">\n<div class=\"screenshot\">\n<section class=\"prosncons\">\n<div class=\"pros col-xs-12 col-sm-6\">\n<div class=\"heading\">V\u00fdhody<\/div>\n<ul class=\"list\">\n<li class=\"bullets\">Vklady od \u20ac1<\/li>\n<li class=\"bullets\">Automaty od Merkuru<\/li>\n<\/ul>\n<\/div>\n<div class=\"cons col-xs-12 col-sm-6\">\n<div class=\"heading\">Nev\u00fdhody<\/div>\n<ul class=\"list\">\n<li class=\"bullets\">Bez uv\u00edtacieho bonusu<\/li>\n<\/ul>\n<\/div>\n<div class=\"col-xs-12 conclusion\">\n<div class=\"heading\">Zhrnutie<\/div>\n<p>Sunmaker kas\u00edno z\u00a0Nemecka prin\u00e1\u0161a zauj\u00edmav\u00fd produkt s\u00a0origin\u00e1lnymi hrami od Merkuru, ako i\u00a0vklady u\u017e od jedin\u00e9ho eura.<\/p>\n<\/div>\n<\/section>\n<section class=\"row\">\n<div class=\"col-xs-12\">\n<h2>R\u00ddCHLY PREH\u013dAD<\/h2>\n<ul class=\"at_a_glance row\">\n<li class=\"col-sm-3\">\n<div class=\"bullets\">\n<div class=\"heading\">Bonus<\/div>\n<p>100% do v\u00fd\u0161ky 200\u20ac<\/p>\n<\/div>\n<\/li>\n<li class=\"col-sm-3\">\n<div class=\"bullets\">\n<div class=\"heading\">St\u00e1vkov\u00e9 po\u017eiadavky<\/div>\n<p>40X<\/p>\n<\/div>\n<\/li>\n<li class=\"col-sm-3\">\n<div class=\"bullets\">\n<div class=\"heading\">V\u00fdplatn\u00e1 hodnota<\/div>\n<p>97%<\/p>\n<\/div>\n<\/li>\n<li class=\"col-sm-3\">\n<div class=\"bullets\">\n<div class=\"heading\">Po\u010det hier<\/div>\n<p>650<\/p>\n<\/div>\n<\/li>\n<li class=\"col-sm-3\">\n<div class=\"bullets\">\n<div class=\"heading\">Mo\u017enosti hry<\/div>\n<p>Okam\u017eit\u00e1 hra, VIP<\/p>\n<\/div>\n<\/li>\n<li class=\"col-sm-3\">\n<div class=\"bullets\">\n<div class=\"heading\">Mobiln\u00e9<\/div>\n<p>Android , Iphone<\/p>\n<\/div>\n<\/li>\n<li class=\"col-sm-3\">\n<div class=\"bullets\">\n<div class=\"heading\">Softv\u00e9r<\/div>\n<\/div>\n<\/li>\n<li class=\"col-sm-3\">\n<div class=\"bullets\">\n<div class=\"heading\">Platobn\u00e9 mo\u017enosti<\/div>\n<\/div>\n<div><\/div>\n<\/li>\n<\/ul>\n<\/div>\n<\/section>\n<\/div>\n<\/div>\n<\/div>\n<\/div>\n<\/div>\n<\/div>\n<h2>SUNMAKER CASINO RATING<\/h2>\n<div class=\"rating_comment\">\n<div class=\"subheading\">\n<p>BONUSY A PROMO AKCIE<\/p>\n<div class=\"rating\"><\/div>\n<\/div>\n<div class=\"WYSIWYG\">\n<p>Bohu\u017eia\u013e, uv\u00edtac\u00ed bonus nie je dostupn\u00fd hr\u00e1\u010dom zo Slovenska.<\/p>\n<\/div>\n<div class=\"subheading\">\n<p>SOFTV\u00c9R<\/p>\n<div class=\"rating\"><\/div>\n<\/div>\n<div class=\"WYSIWYG\">\n<p>Kas\u00edno pon\u00faka viac ne\u017e 600 hier od dvoch r\u00f4znych softv\u00e9rov\u00fdch oper\u00e1torov \u2013 Yggdrasil a\u00a0Merkur Gaming.<\/p>\n<\/div>\n<div class=\"subheading\">\n<p>VARIANTY HIER<\/p>\n<div class=\"rating\"><\/div>\n<\/div>\n<div class=\"WYSIWYG\">\n<p>Kas\u00edno pon\u00faka predov\u0161etk\u00fdm automaty, no ani milovn\u00edci stoln\u00fdch hier neod\u00eddu napr\u00e1zdno.<\/p>\n<\/div>\n<div class=\"subheading\">\n<p>Z\u00c1KAZN\u00cdCKA PODPORA<\/p>\n<div class=\"rating\"><\/div>\n<\/div>\n<div class=\"WYSIWYG\">\n<p>24-hodinov\u00e1 podpora a\u00a0pr\u00edtomnos\u0165 kvalitne spracovan\u00e9ho FAQ s\u00fa nepochybne benefitmi tohto kas\u00edna.<\/p>\n<\/div>\n<div class=\"subheading\">\n<p>SP\u00d4SOBY PLATBY<\/p>\n<div class=\"rating\"><\/div>\n<\/div>\n<div class=\"WYSIWYG\">\n<p>Kas\u00edno pon\u00faka s\u00edce len p\u00e4\u0165 vkladov\u00fdch met\u00f3d, no deposity m\u00f4\u017eete robi\u0165 u\u017e od jedin\u00e9ho centa.<\/p>\n<section class=\"support\">\n<h2>PODPORA<\/h2>\n<div>\n<ul>\n<li><b>\u017div\u00fd Chat:<\/b>\u00a0\u00c1no<\/li>\n<li><b>Z\u00e1kazn\u00edcka Podpora:<\/b>\u00a0\u00c1no<\/li>\n<li><b>\u010casto Kladen\u00e9 Ot\u00e1zky:<\/b>\u00a0\u00c1no<\/li>\n<\/ul>\n<\/div>\n<\/section>\n<div class=\"WYSIWYG\">\n<h2>HLAVN\u00c9 INFORM\u00c1CIE O\u00a0KAS\u00cdNE<\/h2>\n<p>Sunmaker Casino je jedno z\u00a0najstar\u0161\u00edch\u00a0<a href=\"\/sk\/kasina-recenzia\" data-track=\"\"><strong>online kas\u00edn<\/strong><\/a>\u00a0na trhu. Spusten\u00e9 bolo v\u00a0roku 2004. Sunmaker Casino je vlastnen\u00e9 spolo\u010dnos\u0165ou PlayCherry, ktor\u00e1 okrem Sunmaker Casina vlastn\u00ed a\u00a0operuje i\u00a0\u010fal\u0161ie online kas\u00edna, ak\u00fdmi s\u00fa Cherry Casino,\u00a0<a href=\"\/sk\/euroslots-casino\" data-track=\"\"><strong>EuroSlots Casino<\/strong><\/a>\u00a0alebo EuroLotto Casino.<\/p>\n<h2>PROMO AKCIE<\/h2>\n<p>V\u00a0Sunmaker Casine nebudete ma\u0165 n\u00fadzu o\u00a0promo akcie a\u00a0bonusov\u00e9 ponuky. Jednou z\u00a0tak\u00fdchto akcii bol promo\u010dn\u00fd kalend\u00e1r s\u00a0ka\u017edodenn\u00fdmi ponukami, napr\u00edklad v\u00a0podobe\u00a0<a href=\"\/sk\/bonus\/reload\" data-track=\"\"><strong>reload bonusov<\/strong><\/a>. \u010eal\u0161ou z\u00a0akcii je \u010doraz vz\u00e1cnej\u0161\u00ed program \u201epozvi priate\u013ea\u201c, prostredn\u00edctvom ktor\u00e9ho si m\u00f4\u017eete prilep\u0161i\u0165 o \u20ac20 a\u00a0z\u00edska\u0165 l\u00edstok do losovania o\u00a0motorku Yamaha.<\/p>\n<p>V\u00a0na\u0161om kr\u00e1tkom preh\u013eade nem\u00f4\u017eeme opomen\u00fa\u0165 ani vernostn\u00fd program. Za ka\u017ed\u00fdch vsaden\u00fdch \u20ac10 z\u00edskate 1 Sun bod. Body si potom m\u00f4\u017eete nesk\u00f4r zameni\u0165 za skuto\u010dn\u00e9 peniaze. Za 100 bodov z\u00edskate \u20ac1, za 10-tis\u00edc bodov, teda vsaden\u00fdch \u20ac100.000, sa v\u00e1m vr\u00e1ti u\u017e nie jedno, ale \u20ac100. Body si m\u00f4\u017eete zameni\u0165 i\u00a0za VIP bal\u00ed\u010dky. Na z\u00e1menu m\u00e1te \u010das v\u017edy tri mesiace od dosiahnutia bodov.<\/p>\n<h2>UV\u00cdTAC\u00cd BONUS<\/h2>\n<p>Sunmaker Casino pon\u00faka nov\u00fdm hr\u00e1\u010dom na v\u00fdber z\u00a0dvoch\u00a0<a href=\"\/sk\/bonus\/vstupny\" data-track=\"\"><strong>vkladov\u00fdch bonusov<\/strong><\/a>. Prv\u00fdm z\u00a0nich je \u20ac15 bonus k \u20ac1 vkladu a\u00a0druh\u00fdm 100% bonus do \u20ac200. \u017dia\u013e, ani jeden z\u00a0t\u00fdchto bonusov nie je dostupn\u00fd slovensk\u00fdm, ale len nemeck\u00fdm a\u00a0\u0161vaj\u010diarskym hr\u00e1\u010dom. Slovensk\u00ed hr\u00e1\u010di sa v\u0161ak m\u00f4\u017eu zapoji\u0165 do ostatn\u00fdch promo akcii kas\u00edn.<\/p>\n<h2>HRY<\/h2>\n<p>Jedn\u00fdm z\u00a0d\u00f4vodov, pre\u010do si zahra\u0165 v\u00a0tomto online kas\u00edne je i\u00a0650 kas\u00ednov\u00fdch hier, medzi ktor\u00fdmi s\u00fa zast\u00fapen\u00e9\u00a0<a href=\"\/sk\/hracie-automaty\" data-track=\"\"><strong>hracie automaty<\/strong><\/a>\u00a0(s jackpotom i\u00a0bez), stoln\u00e9 hry i\u00a0\u017eiv\u00e9 kas\u00ednov\u00e9 hry. Vybra\u0165 si dokonca m\u00f4\u017eete i\u00a0kateg\u00f3riu hier s\u00a0n\u00e1zvom \u201eMade in Germany\u201c, teda hry vyroben\u00e9 v\u00a0Nemecku. Hry v\u00a0Sunmaker Casine poch\u00e1dzaj\u00fa od Merkur Gaming i\u00a0spolo\u010dnosti Yggdrasil.<\/p>\n<p>\u017div\u00e9 kas\u00ednov\u00e9 hry tvor\u00ed sedem titulov \u2013 od\u00a0<a href=\"\/sk\/ruleta\" data-track=\"\"><strong>rulety<\/strong><\/a>, cez Casino Hold\u00b4em, a\u017e po Blackjack a\u00a0Baccarat.\u00a0 K\u00fdm niektor\u00e9 hry s\u00fa dostupn\u00e9 i\u00a0bez predch\u00e1dzaj\u00facej registr\u00e1cie a\u00a0prihl\u00e1senia, na \u010fal\u0161ie je potrebn\u00e9 sa najprv prihl\u00e1si\u0165 k\u00a0\u00fa\u010dtu. Ku ka\u017edej z\u00a0hier pon\u00faka kas\u00edno aj funkciu \u201eInfo\u201c s\u00a0kr\u00e1tkou not\u00edciou oh\u013eadom zvolenej hry. Av\u0161ak, t\u00e1to funkcia je dostupn\u00e1 len v\u00a0nem\u010dine.<\/p>\n<h2>PODPORA PRE MOBILN\u00c9 HRANIE<\/h2>\n<p>Sunmaker Casino pon\u00faka \u0161pi\u010dkov\u00fa podporu pre\u00a0<a href=\"\/sk\/mobilne-online-kasina\" data-track=\"\"><strong>mobiln\u00fdch hr\u00e1\u010dov<\/strong><\/a>\u00a0pozost\u00e1vaj\u00facu z\u00a0mobilnej aplik\u00e1cie dostupnej pre telef\u00f3ny so syst\u00e9mom Android i\u00a0iOS. Aplik\u00e1cia pre telef\u00f3ny s\u00a0iOS je dostupn\u00e1 priamo v\u00a0ofici\u00e1lnom AppStore, pre Android si m\u00f4\u017eete aplik\u00e1ciu stiahnu\u0165 na hlavnej str\u00e1nke.<\/p>\n<p>Prostredn\u00edctvom aplik\u00e1cie si m\u00f4\u017eete zahra\u0165 v\u00e4\u010d\u0161inu, nie v\u0161ak v\u0161etky hry, ktor\u00e9 s\u00fa v\u00a0ponuke Sunmaker Casina. Prostredn\u00edctvom aplik\u00e1cie m\u00f4\u017eete vykon\u00e1va\u0165 vklady i\u00a0v\u00fdbery, pr\u00edpadne robi\u0165 i\u00a0\u0161portov\u00e9 st\u00e1vky. Ak v\u00e1m z\u00a0r\u00f4znych pr\u00ed\u010din aplik\u00e1cia nevyhovuje, cez mobil m\u00f4\u017eete hra\u0165 v\u00a0Sunmakeri aj bez nej.<\/p>\n<h2>Z\u00c1KAZN\u00cdCKA PODPORA<\/h2>\n<p>M\u00e1te ot\u00e1zku, ktor\u00e1 s\u00favis\u00ed so Sunmaker Casinom? Na jej zodpovedanie m\u00f4\u017eete vyu\u017ei\u0165 e-mail, \u017eiv\u00fd chat s\u00a0anglickou podporou alebo sekciu FAQ. T\u00e1to sekcia je spracovan\u00e1 preh\u013eadne a\u00a0kvalitne a\u00a0poskytuje odpovede a\u00a0rie\u0161enia na naj\u010dastej\u0161ie sa vyskytuj\u00face probl\u00e9my.<\/p>\n<h2>VKLADY NA \u00da\u010cET A\u00a0V\u00ddBERY<\/h2>\n<p>Slovensk\u00fdm hr\u00e1\u010dom pon\u00faka Sunmaker Casino na v\u00fdber z\u00a0piatich\u00a0<a href=\"\/sk\/moznosti-platby\" data-track=\"\"><strong>vkladov\u00fdch met\u00f3d<\/strong><\/a>. Nech sa rozhodnete vyu\u017ei\u0165 ktor\u00fako\u013evek z\u00a0vkladov\u00fdch met\u00f3d, peniaze dostanete na hr\u00e1\u010dsky \u00fa\u010det okam\u017eite a\u00a0m\u00f4\u017eete ich rovno pou\u017ei\u0165 pre hru. Minim\u00e1lna suma vklad pre vklad \u010din\u00ed \u20ac1. Kas\u00edno pon\u00faka p\u00e4\u0165 vkladov\u00fdch met\u00f3d \u2013 VISA, MasterCard a\u00a0zn\u00e1mu trojicu Paysafecard, Skrill a\u00a0Neteller. \u010co sa t\u00fdka v\u00fdberov, tie je mo\u017en\u00e9 realizova\u0165 len od \u20ac10 a\u00a0iba prostredn\u00edctvom met\u00f3dy Trustly.<\/p>\n<h2>Z\u00c1VER<\/h2>\n<p>Sunmaker Casino je online kas\u00edno so 14-ro\u010dnou trad\u00edciou, ktor\u00e9 m\u00e1 korene v\u00a0Nemecku a\u00a0dnes ho vlastn\u00ed stabiln\u00e1 spolo\u010dnos\u0165, ktor\u00e1 m\u00e1 v\u00a0prostred\u00ed online kas\u00edn svoju v\u00e1hu. Sunmaker Casino sa stalo zn\u00e1mym predov\u0161etk\u00fdm v\u010faka tomu, \u017ee za\u010dalo pon\u00faka\u0165 hry od dom\u00e1ceho v\u00fdvoj\u00e1ra Merkur Gaming. Dodnes m\u00e1 Sunmaker Casino v\u00a0ponuke \u0161es\u0165desiat kas\u00ednov\u00fdch titulov.<\/p>\n<p>V\u00fdhody Sunmaker Casina s\u00fa zrejm\u00e9 \u2013 s\u00fa to r\u00fdchle a\u00a0lacn\u00e9 vklady u\u017e od jedin\u00e9ho eura, 24-hodinov\u00e1 podpora formou chatu, e-mailu i\u00a0FAQ i\u00a0kvalitn\u00e1 ponuka origin\u00e1lnych hier, ktor\u00e9 si inde pr\u00edli\u0161 nezahr\u00e1te. Hlavnou nev\u00fdhodou je absencia bonusu k\u00a0prv\u00e9mu vkladu, ktor\u00fd je dostupn\u00fd len hr\u00e1\u010dom z\u00a0Nemecka a\u00a0\u0160vaj\u010diarska.<\/p>\n<\/div>\n<\/div>\n<\/div>\n<\/div><\/div><\/div><\/div><\/div><\/div><\/div><\/section>\n","protected":false},"excerpt":{"rendered":"SUNMAKER CASINO RECENZIA Sunmaker Casino je online kas\u00edno p\u00f4vodom z\u00a0Nemecka, ktor\u00e9 sa stalo zn\u00e1mym v\u010faka svojej ponuke hier od dom\u00e1ceho v\u00fdvoj\u00e1ra Merkur Gaming. Hry Sunmaker Casina pre\u0161li auditom a\u00a0schv\u00e1len\u00edm a\u00a0na \u010dinnos\u0165 kas\u00edna dohliada regula\u010dn\u00fd org\u00e1n z\u00a0Malty. Kas\u00edno vlastn\u00ed licenciu od Malta Gaming Authority. V\u00fdhody Vklady od \u20ac1 Automaty od Merkuru Nev\u00fdhody Bez uv\u00edtacieho bonusu Zhrnutie...","protected":false},"author":1,"featured_media":0,"parent":0,"menu_order":0,"comment_status":"closed","ping_status":"closed","template":"","meta":{"_acf_changed":false,"footnotes":""},"class_list":["post-2608","page","type-page","status-publish","hentry"],"acf":[],"rankMath":{"parentDomain":"onlinebettingspace.com","noFollowDomains":[],"noFollowExcludeDomains":[],"noFollowExternalLinks":false,"featuredImageNotice":"The featured image should be at least 200 by 200 pixels to be picked up by Facebook and other social media sites.","pluginReviewed":true,"postSettings":{"linkSuggestions":true,"useFocusKeyword":false},"frontEndScore":false,"postName":"sunmaker-casino","permalinkFormat":"https:\/\/onlinebettingspace.com\/sk\/%pagename%\/","showLockModifiedDate":true,"assessor":{"focusKeywordLink":"https:\/\/onlinebettingspace.com\/wp-admin\/edit.php?focus_keyword=%focus_keyword%&post_type=%post_type%","hasTOCPlugin":false,"primaryTaxonomy":false,"serpData":{"title":"Sunmaker Casino \u2013 R\u00fdchle vklady od \u20ac1","description":"Sunmaker Casino toho hr\u00e1\u010dom pon\u00faka skuto\u010dne ve\u013ea. 650 hier, mobiln\u00fa aplik\u00e1ciu, ako i r\u00fdchle a lacn\u00e9 vklady.","focusKeywords":"SUNMAKER CASINO","pillarContent":false,"canonicalUrl":"","breadcrumbTitle":"","advancedRobots":[],"facebookTitle":"","facebookDescription":"","facebookImage":"","facebookImageID":"","facebookHasOverlay":false,"facebookImageOverlay":"","facebookAuthor":"","twitterCardType":"","twitterUseFacebook":true,"twitterTitle":"","twitterDescription":"","twitterImage":"","twitterImageID":"","twitterHasOverlay":false,"twitterImageOverlay":"","twitterPlayerUrl":"","twitterPlayerSize":"","twitterPlayerStream":"","twitterPlayerStreamCtype":"","twitterAppDescription":"","twitterAppIphoneName":"","twitterAppIphoneID":"","twitterAppIphoneUrl":"","twitterAppIpadName":"","twitterAppIpadID":"","twitterAppIpadUrl":"","twitterAppGoogleplayName":"","twitterAppGoogleplayID":"","twitterAppGoogleplayUrl":"","twitterAppCountry":"","robots":{"index":true},"twitterAuthor":"username","primaryTerm":0,"authorName":"OBSAdmin","titleTemplate":"%title% %sep% %sitename%","descriptionTemplate":"%excerpt%","showScoreFrontend":true,"lockModifiedDate":false},"powerWords":[],"diacritics":{"A":"[\\u0041\\u24B6\\uFF21\\u00C0\\u00C1\\u00C2\\u1EA6\\u1EA4\\u1EAA\\u1EA8\\u00C3\\u0100\\u0102\\u1EB0\\u1EAE\\u1EB4\\u1EB2\\u0226\\u01E0\\u00C4\\u01DE\\u1EA2\\u00C5\\u01FA\\u01CD\\u0200\\u0202\\u1EA0\\u1EAC\\u1EB6\\u1E00\\u0104\\u023A\\u2C6F]","AA":"[\\uA732]","AE":"[\\u00C6\\u01FC\\u01E2]","AO":"[\\uA734]","AU":"[\\uA736]","AV":"[\\uA738\\uA73A]","AY":"[\\uA73C]","B":"[\\u0042\\u24B7\\uFF22\\u1E02\\u1E04\\u1E06\\u0243\\u0182\\u0181]","C":"[\\u0043\\u24B8\\uFF23\\u0106\\u0108\\u010A\\u010C\\u00C7\\u1E08\\u0187\\u023B\\uA73E]","D":"[\\u0044\\u24B9\\uFF24\\u1E0A\\u010E\\u1E0C\\u1E10\\u1E12\\u1E0E\\u0110\\u018B\\u018A\\u0189\\uA779]","DZ":"[\\u01F1\\u01C4]","Dz":"[\\u01F2\\u01C5]","E":"[\\u0045\\u24BA\\uFF25\\u00C8\\u00C9\\u00CA\\u1EC0\\u1EBE\\u1EC4\\u1EC2\\u1EBC\\u0112\\u1E14\\u1E16\\u0114\\u0116\\u00CB\\u1EBA\\u011A\\u0204\\u0206\\u1EB8\\u1EC6\\u0228\\u1E1C\\u0118\\u1E18\\u1E1A\\u0190\\u018E]","F":"[\\u0046\\u24BB\\uFF26\\u1E1E\\u0191\\uA77B]","G":"[\\u0047\\u24BC\\uFF27\\u01F4\\u011C\\u1E20\\u011E\\u0120\\u01E6\\u0122\\u01E4\\u0193\\uA7A0\\uA77D\\uA77E]","H":"[\\u0048\\u24BD\\uFF28\\u0124\\u1E22\\u1E26\\u021E\\u1E24\\u1E28\\u1E2A\\u0126\\u2C67\\u2C75\\uA78D]","I":"[\\u0049\\u24BE\\uFF29\\u00CC\\u00CD\\u00CE\\u0128\\u012A\\u012C\\u0130\\u00CF\\u1E2E\\u1EC8\\u01CF\\u0208\\u020A\\u1ECA\\u012E\\u1E2C\\u0197]","J":"[\\u004A\\u24BF\\uFF2A\\u0134\\u0248]","K":"[\\u004B\\u24C0\\uFF2B\\u1E30\\u01E8\\u1E32\\u0136\\u1E34\\u0198\\u2C69\\uA740\\uA742\\uA744\\uA7A2]","L":"[\\u004C\\u24C1\\uFF2C\\u013F\\u0139\\u013D\\u1E36\\u1E38\\u013B\\u1E3C\\u1E3A\\u0141\\u023D\\u2C62\\u2C60\\uA748\\uA746\\uA780]","LJ":"[\\u01C7]","Lj":"[\\u01C8]","M":"[\\u004D\\u24C2\\uFF2D\\u1E3E\\u1E40\\u1E42\\u2C6E\\u019C]","N":"[\\u004E\\u24C3\\uFF2E\\u01F8\\u0143\\u00D1\\u1E44\\u0147\\u1E46\\u0145\\u1E4A\\u1E48\\u0220\\u019D\\uA790\\uA7A4]","NJ":"[\\u01CA]","Nj":"[\\u01CB]","O":"[\\u004F\\u24C4\\uFF2F\\u00D2\\u00D3\\u00D4\\u1ED2\\u1ED0\\u1ED6\\u1ED4\\u00D5\\u1E4C\\u022C\\u1E4E\\u014C\\u1E50\\u1E52\\u014E\\u022E\\u0230\\u00D6\\u022A\\u1ECE\\u0150\\u01D1\\u020C\\u020E\\u01A0\\u1EDC\\u1EDA\\u1EE0\\u1EDE\\u1EE2\\u1ECC\\u1ED8\\u01EA\\u01EC\\u00D8\\u01FE\\u0186\\u019F\\uA74A\\uA74C]","OI":"[\\u01A2]","OO":"[\\uA74E]","OU":"[\\u0222]","P":"[\\u0050\\u24C5\\uFF30\\u1E54\\u1E56\\u01A4\\u2C63\\uA750\\uA752\\uA754]","Q":"[\\u0051\\u24C6\\uFF31\\uA756\\uA758\\u024A]","R":"[\\u0052\\u24C7\\uFF32\\u0154\\u1E58\\u0158\\u0210\\u0212\\u1E5A\\u1E5C\\u0156\\u1E5E\\u024C\\u2C64\\uA75A\\uA7A6\\uA782]","S":"[\\u0053\\u24C8\\uFF33\\u1E9E\\u015A\\u1E64\\u015C\\u1E60\\u0160\\u1E66\\u1E62\\u1E68\\u0218\\u015E\\u2C7E\\uA7A8\\uA784]","T":"[\\u0054\\u24C9\\uFF34\\u1E6A\\u0164\\u1E6C\\u021A\\u0162\\u1E70\\u1E6E\\u0166\\u01AC\\u01AE\\u023E\\uA786]","TZ":"[\\uA728]","U":"[\\u0055\\u24CA\\uFF35\\u00D9\\u00DA\\u00DB\\u0168\\u1E78\\u016A\\u1E7A\\u016C\\u00DC\\u01DB\\u01D7\\u01D5\\u01D9\\u1EE6\\u016E\\u0170\\u01D3\\u0214\\u0216\\u01AF\\u1EEA\\u1EE8\\u1EEE\\u1EEC\\u1EF0\\u1EE4\\u1E72\\u0172\\u1E76\\u1E74\\u0244]","V":"[\\u0056\\u24CB\\uFF36\\u1E7C\\u1E7E\\u01B2\\uA75E\\u0245]","VY":"[\\uA760]","W":"[\\u0057\\u24CC\\uFF37\\u1E80\\u1E82\\u0174\\u1E86\\u1E84\\u1E88\\u2C72]","X":"[\\u0058\\u24CD\\uFF38\\u1E8A\\u1E8C]","Y":"[\\u0059\\u24CE\\uFF39\\u1EF2\\u00DD\\u0176\\u1EF8\\u0232\\u1E8E\\u0178\\u1EF6\\u1EF4\\u01B3\\u024E\\u1EFE]","Z":"[\\u005A\\u24CF\\uFF3A\\u0179\\u1E90\\u017B\\u017D\\u1E92\\u1E94\\u01B5\\u0224\\u2C7F\\u2C6B\\uA762]","a":"[\\u0061\\u24D0\\uFF41\\u1E9A\\u00E0\\u00E1\\u00E2\\u1EA7\\u1EA5\\u1EAB\\u1EA9\\u00E3\\u0101\\u0103\\u1EB1\\u1EAF\\u1EB5\\u1EB3\\u0227\\u01E1\\u00E4\\u01DF\\u1EA3\\u00E5\\u01FB\\u01CE\\u0201\\u0203\\u1EA1\\u1EAD\\u1EB7\\u1E01\\u0105\\u2C65\\u0250]","aa":"[\\uA733]","ae":"[\\u00E6\\u01FD\\u01E3]","ao":"[\\uA735]","au":"[\\uA737]","av":"[\\uA739\\uA73B]","ay":"[\\uA73D]","b":"[\\u0062\\u24D1\\uFF42\\u1E03\\u1E05\\u1E07\\u0180\\u0183\\u0253]","c":"[\\u0063\\u24D2\\uFF43\\u0107\\u0109\\u010B\\u010D\\u00E7\\u1E09\\u0188\\u023C\\uA73F\\u2184]","d":"[\\u0064\\u24D3\\uFF44\\u1E0B\\u010F\\u1E0D\\u1E11\\u1E13\\u1E0F\\u0111\\u018C\\u0256\\u0257\\uA77A]","dz":"[\\u01F3\\u01C6]","e":"[\\u0065\\u24D4\\uFF45\\u00E8\\u00E9\\u00EA\\u1EC1\\u1EBF\\u1EC5\\u1EC3\\u1EBD\\u0113\\u1E15\\u1E17\\u0115\\u0117\\u00EB\\u1EBB\\u011B\\u0205\\u0207\\u1EB9\\u1EC7\\u0229\\u1E1D\\u0119\\u1E19\\u1E1B\\u0247\\u025B\\u01DD]","f":"[\\u0066\\u24D5\\uFF46\\u1E1F\\u0192\\uA77C]","g":"[\\u0067\\u24D6\\uFF47\\u01F5\\u011D\\u1E21\\u011F\\u0121\\u01E7\\u0123\\u01E5\\u0260\\uA7A1\\u1D79\\uA77F]","h":"[\\u0068\\u24D7\\uFF48\\u0125\\u1E23\\u1E27\\u021F\\u1E25\\u1E29\\u1E2B\\u1E96\\u0127\\u2C68\\u2C76\\u0265]","hv":"[\\u0195]","i":"[\\u0069\\u24D8\\uFF49\\u00EC\\u00ED\\u00EE\\u0129\\u012B\\u012D\\u00EF\\u1E2F\\u1EC9\\u01D0\\u0209\\u020B\\u1ECB\\u012F\\u1E2D\\u0268\\u0131]","j":"[\\u006A\\u24D9\\uFF4A\\u0135\\u01F0\\u0249]","k":"[\\u006B\\u24DA\\uFF4B\\u1E31\\u01E9\\u1E33\\u0137\\u1E35\\u0199\\u2C6A\\uA741\\uA743\\uA745\\uA7A3]","l":"[\\u006C\\u24DB\\uFF4C\\u0140\\u013A\\u013E\\u1E37\\u1E39\\u013C\\u1E3D\\u1E3B\\u017F\\u0142\\u019A\\u026B\\u2C61\\uA749\\uA781\\uA747]","lj":"[\\u01C9]","m":"[\\u006D\\u24DC\\uFF4D\\u1E3F\\u1E41\\u1E43\\u0271\\u026F]","n":"[\\u006E\\u24DD\\uFF4E\\u01F9\\u0144\\u00F1\\u1E45\\u0148\\u1E47\\u0146\\u1E4B\\u1E49\\u019E\\u0272\\u0149\\uA791\\uA7A5]","nj":"[\\u01CC]","o":"[\\u006F\\u24DE\\uFF4F\\u00F2\\u00F3\\u00F4\\u1ED3\\u1ED1\\u1ED7\\u1ED5\\u00F5\\u1E4D\\u022D\\u1E4F\\u014D\\u1E51\\u1E53\\u014F\\u022F\\u0231\\u00F6\\u022B\\u1ECF\\u0151\\u01D2\\u020D\\u020F\\u01A1\\u1EDD\\u1EDB\\u1EE1\\u1EDF\\u1EE3\\u1ECD\\u1ED9\\u01EB\\u01ED\\u00F8\\u01FF\\u0254\\uA74B\\uA74D\\u0275]","oi":"[\\u01A3]","ou":"[\\u0223]","oo":"[\\uA74F]","p":"[\\u0070\\u24DF\\uFF50\\u1E55\\u1E57\\u01A5\\u1D7D\\uA751\\uA753\\uA755]","q":"[\\u0071\\u24E0\\uFF51\\u024B\\uA757\\uA759]","r":"[\\u0072\\u24E1\\uFF52\\u0155\\u1E59\\u0159\\u0211\\u0213\\u1E5B\\u1E5D\\u0157\\u1E5F\\u024D\\u027D\\uA75B\\uA7A7\\uA783]","s":"[\\u0073\\u24E2\\uFF53\\u015B\\u1E65\\u015D\\u1E61\\u0161\\u1E67\\u1E63\\u1E69\\u0219\\u015F\\u023F\\uA7A9\\uA785\\u1E9B]","ss":"[\\u00DF]","t":"[\\u0074\\u24E3\\uFF54\\u1E6B\\u1E97\\u0165\\u1E6D\\u021B\\u0163\\u1E71\\u1E6F\\u0167\\u01AD\\u0288\\u2C66\\uA787]","tz":"[\\uA729]","u":"[\\u0075\\u24E4\\uFF55\\u00F9\\u00FA\\u00FB\\u0169\\u1E79\\u016B\\u1E7B\\u016D\\u00FC\\u01DC\\u01D8\\u01D6\\u01DA\\u1EE7\\u016F\\u0171\\u01D4\\u0215\\u0217\\u01B0\\u1EEB\\u1EE9\\u1EEF\\u1EED\\u1EF1\\u1EE5\\u1E73\\u0173\\u1E77\\u1E75\\u0289]","v":"[\\u0076\\u24E5\\uFF56\\u1E7D\\u1E7F\\u028B\\uA75F\\u028C]","vy":"[\\uA761]","w":"[\\u0077\\u24E6\\uFF57\\u1E81\\u1E83\\u0175\\u1E87\\u1E85\\u1E98\\u1E89\\u2C73]","x":"[\\u0078\\u24E7\\uFF58\\u1E8B\\u1E8D]","y":"[\\u0079\\u24E8\\uFF59\\u1EF3\\u00FD\\u0177\\u1EF9\\u0233\\u1E8F\\u00FF\\u1EF7\\u1E99\\u1EF5\\u01B4\\u024F\\u1EFF]","z":"[\\u007A\\u24E9\\uFF5A\\u017A\\u1E91\\u017C\\u017E\\u1E93\\u1E95\\u01B6\\u0225\\u0240\\u2C6C\\uA763]"},"researchesTests":["contentHasTOC","contentHasShortParagraphs","contentHasAssets","keywordInTitle","keywordInMetaDescription","keywordInPermalink","keywordIn10Percent","keywordInContent","keywordInSubheadings","keywordInImageAlt","keywordDensity","keywordNotUsed","lengthContent","lengthPermalink","linksHasInternal","linksHasExternals","linksNotAllExternals","titleStartWithKeyword","titleSentiment","titleHasPowerWords","titleHasNumber","hasContentAI"],"hasRedirection":true,"hasBreadcrumb":false},"homeUrl":"https:\/\/onlinebettingspace.com\/sk\/","objectID":2608,"objectType":"post","locale":"sk","localeFull":"sk_SK","overlayImages":{"play":{"name":"Play icon","url":"https:\/\/onlinebettingspace.com\/wp-content\/plugins\/seo-by-rank-math\/assets\/admin\/img\/icon-play.png","path":"\/home\/SuperAdmin\/web\/onlinebettingspace.com\/public_html\/wp-content\/plugins\/seo-by-rank-math\/assets\/admin\/img\/icon-play.png","position":"middle_center"},"gif":{"name":"GIF icon","url":"https:\/\/onlinebettingspace.com\/wp-content\/plugins\/seo-by-rank-math\/assets\/admin\/img\/icon-gif.png","path":"\/home\/SuperAdmin\/web\/onlinebettingspace.com\/public_html\/wp-content\/plugins\/seo-by-rank-math\/assets\/admin\/img\/icon-gif.png","position":"middle_center"}},"defautOgImage":"https:\/\/onlinebettingspace.com\/wp-content\/uploads\/2022\/04\/OBS-FULL-LOGO.webp","customPermalinks":true,"isUserRegistered":true,"autoSuggestKeywords":true,"connectSiteUrl":"https:\/\/rankmath.com\/auth?site=https%3A%2F%2Fonlinebettingspace.com%2Fsk%2F&r=https%3A%2F%2Fonlinebettingspace.com%2Fsk%2Fwp-json%2Fwp%2Fv2%2Fpages%2F2608%3Fnonce%3D9c0a63c791","maxTags":5,"trendsIcon":"<svg viewBox=\"0 0 610 610\"><path d=\"M18.85,446,174.32,290.48l58.08,58.08L76.93,504a14.54,14.54,0,0,1-20.55,0L18.83,466.48a14.54,14.54,0,0,1,0-20.55Z\" style=\"fill:#4285f4\"\/><path d=\"M242.65,242.66,377.59,377.6l-47.75,47.75a14.54,14.54,0,0,1-20.55,0L174.37,290.43l47.75-47.75A14.52,14.52,0,0,1,242.65,242.66Z\" style=\"fill:#ea4335\"\/><polygon points=\"319.53 319.53 479.26 159.8 537.34 217.88 377.61 377.62 319.53 319.53\" style=\"fill:#fabb05\"\/><path d=\"M594.26,262.73V118.61h0a16.94,16.94,0,0,0-16.94-16.94H433.2a16.94,16.94,0,0,0-12,28.92L565.34,274.71h0a16.94,16.94,0,0,0,28.92-12Z\" style=\"fill:#34a853\"\/><rect width=\"610\" height=\"610\" style=\"fill:none\"\/><\/svg>","showScore":true,"siteFavIcon":"https:\/\/onlinebettingspace.com\/wp-content\/uploads\/2022\/04\/OBS-LOGO-1.webp","canUser":{"general":false,"advanced":false,"snippet":false,"social":false,"analysis":false,"analytics":false,"content_ai":false},"showKeywordIntent":true,"isPro":false,"is_front_page":false,"trendsUpgradeLink":"https:\/\/rankmath.com\/pricing\/?utm_source=Plugin&utm_medium=CE%20General%20Tab%20Trends&utm_campaign=WP","trendsUpgradeLabel":"Upgrade","trendsPreviewImage":"https:\/\/onlinebettingspace.com\/wp-content\/plugins\/seo-by-rank-math\/assets\/admin\/img\/trends-preview.jpg","currentEditor":false,"homepageData":{"assessor":{"powerWords":[],"diacritics":true,"researchesTests":["contentHasTOC","contentHasShortParagraphs","contentHasAssets","keywordInTitle","keywordInMetaDescription","keywordInPermalink","keywordIn10Percent","keywordInContent","keywordInSubheadings","keywordInImageAlt","keywordDensity","keywordNotUsed","lengthContent","lengthPermalink","linksHasInternal","linksHasExternals","linksNotAllExternals","titleStartWithKeyword","titleSentiment","titleHasPowerWords","titleHasNumber","hasContentAI"],"hasBreadcrumb":false,"serpData":{"title":"%sitename% %page% %sep% %sitedesc%","description":"","titleTemplate":"%sitename% %page% %sep% %sitedesc%","descriptionTemplate":"","focusKeywords":"","breadcrumbTitle":"Home","robots":{"index":true},"advancedRobots":[],"facebookTitle":"","facebookDescription":"","facebookImage":"","facebookImageID":""}}},"tocTitle":"Table of Contents","tocExcludeHeadings":[],"listStyle":"ul"},"_links":{"self":[{"href":"https:\/\/onlinebettingspace.com\/sk\/wp-json\/wp\/v2\/pages\/2608","targetHints":{"allow":["GET"]}}],"collection":[{"href":"https:\/\/onlinebettingspace.com\/sk\/wp-json\/wp\/v2\/pages"}],"about":[{"href":"https:\/\/onlinebettingspace.com\/sk\/wp-json\/wp\/v2\/types\/page"}],"author":[{"embeddable":true,"href":"https:\/\/onlinebettingspace.com\/sk\/wp-json\/wp\/v2\/users\/1"}],"replies":[{"embeddable":true,"href":"https:\/\/onlinebettingspace.com\/sk\/wp-json\/wp\/v2\/comments?post=2608"}],"version-history":[{"count":0,"href":"https:\/\/onlinebettingspace.com\/sk\/wp-json\/wp\/v2\/pages\/2608\/revisions"}],"wp:attachment":[{"href":"https:\/\/onlinebettingspace.com\/sk\/wp-json\/wp\/v2\/media?parent=2608"}],"curies":[{"name":"wp","href":"https:\/\/api.w.org\/{rel}","templated":true}]}}