{"id":2605,"date":"2022-08-21T00:10:52","date_gmt":"2022-08-20T21:10:52","guid":{"rendered":"https:\/\/onlinebettingspace.com\/?page_id=2605"},"modified":"2022-08-21T00:10:52","modified_gmt":"2022-08-20T21:10:52","slug":"lucky-dino-casino","status":"publish","type":"page","link":"https:\/\/onlinebettingspace.com\/sk\/lucky-dino-casino\/","title":{"rendered":"LUCKY DINO CASINO"},"content":{"rendered":"<section class=\"l-section wpb_row height_medium\"><div class=\"l-section-h i-cf\"><div class=\"g-cols vc_row via_flex valign_top type_default stacking_default\"><div class=\"vc_col-sm-12 wpb_column vc_column_container\"><div class=\"vc_column-inner\"><div class=\"wpb_wrapper\"><div class=\"wpb_text_column\"><div class=\"wpb_wrapper\"><div>\n<h1>LUCKY DINO CASINO RECENZIA<\/h1>\n<\/div>\n<div>\n<div id=\"breadcrumbsWrap\" class=\"hidden-xs\">\n<div id=\"breadcrumbs\">LuckyDino je na prv\u00fd poh\u013ead nen\u00e1padn\u00e9 online kas\u00edno, ktor\u00e9 v\u0161ak vo svojom vn\u00fatri skr\u00fdva viacer\u00e9 zauj\u00edmav\u00e9 prvky. Ani bonus bez vkladu a ani referen\u010dn\u00fd program je nie\u010do, \u010d\u00edm v s\u00fa\u010dasnosti disponuje ka\u017ed\u00e9 jedno kas\u00edno. Pon\u00faka bonusov je t\u00fdm azda najlep\u0161\u00edm, \u010do toto \u201edinosaurie\u201c kas\u00edno pon\u00faka.<\/div>\n<div>\n<section class=\"prosncons\">\n<div class=\"pros col-xs-12 col-sm-6\">\n<div class=\"heading\">V\u00fdhody<\/div>\n<ul class=\"list\">\n<li class=\"bullets\">20 spinov za registr\u00e1ciu<\/li>\n<li class=\"bullets\">R\u00fdchle v\u00fdbery<\/li>\n<li class=\"bullets\">Referen\u010dn\u00fd program<\/li>\n<\/ul>\n<\/div>\n<div class=\"cons col-xs-12 col-sm-6\">\n<div class=\"heading\">Nev\u00fdhody<\/div>\n<ul class=\"list\">\n<li class=\"bullets\">\u20ac20 minim\u00e1lny vklad<\/li>\n<\/ul>\n<\/div>\n<div class=\"col-xs-12 conclusion\">\n<div class=\"heading\">Zhrnutie<\/div>\n<p>LuckyDino pon\u00faka r\u00fdchle v\u00fdbery, s\u013eubn\u00fd referen\u010dn\u00fd program i bonus bez vkladu, no i vy\u0161\u0161\u00ed minim\u00e1lny vklad, \u017eiadne FAQ a slab\u0161ie akcie.<\/p>\n<\/div>\n<\/section>\n<section class=\"row\">\n<div class=\"col-xs-12\">\n<h2>R\u00ddCHLY PREH\u013dAD<\/h2>\n<ul class=\"at_a_glance row\">\n<li class=\"col-sm-3\">\n<div class=\"bullets\">\n<div class=\"heading\">Bonus<\/div>\n<p>400\u20ac Bonus + 120 zato\u010den\u00ed zdarma<\/p>\n<\/div>\n<\/li>\n<li class=\"col-sm-3\">\n<div class=\"bullets\">\n<div class=\"heading\">Po\u010det hier<\/div>\n<p>600<\/p>\n<\/div>\n<\/li>\n<li class=\"col-sm-3\">\n<div class=\"bullets\">\n<div class=\"heading\">Mo\u017enosti hry<\/div>\n<p>Instant-Play<\/p>\n<\/div>\n<\/li>\n<li class=\"col-sm-3\">\n<div class=\"bullets\">\n<div class=\"heading\">Mobiln\u00e9<\/div>\n<p>Android , Iphone<\/p>\n<\/div>\n<\/li>\n<li class=\"col-sm-3\">\n<div class=\"bullets\">\n<div class=\"heading\">Softv\u00e9r<\/div>\n<\/div>\n<\/li>\n<li class=\"col-sm-3\">\n<div class=\"bullets\">\n<div class=\"heading\">Platobn\u00e9 mo\u017enosti<\/div>\n<\/div>\n<div><\/div>\n<\/li>\n<\/ul>\n<\/div>\n<\/section>\n<\/div>\n<\/div>\n<\/div>\n<h2>LUCKY DINO CASINO RATING<\/h2>\n<div class=\"rating_comment\">\n<div class=\"subheading\">\n<p>BONUSY A PROMO AKCIE<\/p>\n<div class=\"rating\"><\/div>\n<\/div>\n<div class=\"WYSIWYG\">\n<p>Uv\u00edtac\u00ed bal\u00ed\u010dek obsahuje bezplatn\u00e9 zato\u010denia pred a\u00a0po vklade a\u00a0k\u00a0tomu i\u00a0eur\u00e1 ako bonus. To nie je zl\u00e9.<\/p>\n<\/div>\n<div class=\"subheading\">\n<p>SOFTV\u00c9R<\/p>\n<div class=\"rating\"><\/div>\n<\/div>\n<div class=\"WYSIWYG\">\n<p>Hry poch\u00e1dzaj\u00fa od celkovo siedmich oper\u00e1torov, medzi ktor\u00fdmi s\u00fa aj tie najv\u00e4\u010d\u0161ie zna\u010dky ako Microgaming \u010di NetEnt.<\/p>\n<\/div>\n<div class=\"subheading\">\n<p>VARIANTY HIER<\/p>\n<div class=\"rating\"><\/div>\n<\/div>\n<div class=\"WYSIWYG\">\n<p>Dominantou LuckyDino Casina s\u00fa predov\u0161etk\u00fdm online automaty, ostatn\u00fdch hier je pomenej a\u017e m\u00e1lo.<\/p>\n<\/div>\n<div class=\"subheading\">\n<p>Z\u00c1KAZN\u00cdCKA PODPORA<\/p>\n<div class=\"rating\"><\/div>\n<\/div>\n<div class=\"WYSIWYG\">\n<p>16-hodinov\u00e1 r\u00fdchla podpora na chate \u010diasto\u010dne vynahrad\u00ed aj absenciu e-mailov\u00e9ho kontaktu.<\/p>\n<\/div>\n<div class=\"subheading\">\n<p>SP\u00d4SOBY PLATBY<\/p>\n<div class=\"rating\"><\/div>\n<\/div>\n<div class=\"WYSIWYG\">\n<p>LuckyDino pon\u00faka men\u0161\u00ed po\u010det sp\u00f4sobov a\u00a0to ako pre vklady, tak aj v\u00fdbery. Pre v\u00e4\u010d\u0161inu hr\u00e1\u010dov v\u0161ak posta\u010d\u00ed.<\/p>\n<\/div>\n<\/div>\n<div class=\"rating_comment\"><\/div>\n<section class=\"support\">\n<h2>PODPORA<\/h2>\n<div>\n<ul>\n<li><b>\u017div\u00fd Chat:<\/b>\u00a0\u00c1no<\/li>\n<li><b>Z\u00e1kazn\u00edcka Podpora:<\/b>\u00a0\u00c1no<\/li>\n<li><b>\u010casto Kladen\u00e9 Ot\u00e1zky:<\/b>\u00a0Nie<\/li>\n<\/ul>\n<\/div>\n<\/section>\n<div class=\"WYSIWYG\">\n<h2>HLAVN\u00c9 INFORM\u00c1CIE O\u00a0KAS\u00cdNE<\/h2>\n<p>LuckyDino Casino je \u201edie\u0165a\u0165om\u201c LuckyDino Gaming Limited. Bolo spusten\u00e9 v\u00a0roku 2014 a\u00a0pre svoju \u010dinnos\u0165 na eur\u00f3pskom trhu vyu\u017e\u00edva licenciu vydan\u00fa maltsk\u00fdm regula\u010dn\u00fdm org\u00e1nom.<\/p>\n<h2>PROMO AKCIE<\/h2>\n<p>Hoci LuckyDino na svojej internetovej str\u00e1nke priamo nepropaguje ak\u00e9ko\u013evek akcie s\u00a0v\u00fdnimkou uv\u00edtacieho bonusu, neznamen\u00e1 to, \u017ee \u017eiadne promo akcie nem\u00e1, len s\u00fa kryt\u00e9. Ak kliknete na \u201eMy Account\u201c a\u00a0potom na \u201eDino Rewards\u201c, n\u00e1jdete osobn\u00fa str\u00e1nku s\u00a0odmenami, ktor\u00e9 z\u00edskate za hranie v\u00a0LuckyDino. Tak\u00fdmito odmenami s\u00fa napr\u00edklad bezplatn\u00e9 spiny a\u00a0mega spiny, ktor\u00e9 s\u00fa neza\u0165a\u017een\u00e9 pret\u00e1\u010dac\u00edmi podmienkami.<\/p>\n<p>LuckyDino taktie\u017e pon\u00faka mo\u017enos\u0165 prihl\u00e1si\u0165 sa na odber noviniek o\u00a0promo akci\u00e1ch. Mo\u017eno e\u0161te zauj\u00edmavej\u0161\u00ed je v\u0161ak origin\u00e1lny Odpor\u00fa\u010dac\u00ed program. Prostredn\u00edctvom pozv\u00e1nky na Facebooku m\u00f4\u017eete pozva\u0165 svojich kamar\u00e1tov, ktor\u00ed z\u00edskaj\u00fa 20\u00a0bezplatn\u00fdch zato\u010den\u00ed. Ak sa rozhodn\u00fa spravi\u0165 vklad, vy z\u00edskate 100 bezplatn\u00fdch zato\u010den\u00ed na\u00a0<a href=\"\/sk\/hracie-automaty\/book-of-dead\" data-track=\"\"><strong>automat Book of Dead<\/strong><\/a>. Navy\u0161e, pri tejto akcii neexistuje \u017eiadny maxim\u00e1lny limit na pozvan\u00fdch priate\u013eov.<\/p>\n<h2>UV\u00cdTAC\u00cd BONUS<\/h2>\n<p>LuckyDino Casino dlho pon\u00fakalo len nev\u00fdrazn\u00fd \u20ac200 uv\u00edtac\u00ed bonus, ktor\u00fd sa v\u0161ak rozhodlo nav\u00fd\u0161i\u0165 a\u00a0v\u00fdsledkom je u\u017e ove\u013ea atrakt\u00edvnej\u0161\u00ed \u20ac400 bonus doplnen\u00fd o\u00a0120\u00a0<a href=\"\/sk\/hracie-automaty\/pretocenie-zdarma\" data-track=\"\"><strong>bezplatn\u00fdch zato\u010den\u00ed<\/strong><\/a>. Prv\u00fdch\u00a0<strong>20 free spins z\u00edskate len za registr\u00e1ciu<\/strong>, \u010fal\u0161\u00edch 100 zato\u010den\u00ed ku prv\u00e9mu vkladu. Bezplatn\u00e9 zato\u010denia s\u00fa na\u00a0<a href=\"\/sk\/hracie-automaty\/book-of-dead\" data-track=\"\"><strong>slot Book of Dead od Play\u00b4n Go<\/strong><\/a>, ktor\u00fd patr\u00ed k\u00a0najpopul\u00e1rnej\u0161\u00edm online automatom v\u00f4bec!<\/p>\n<p>St\u00e1vkov\u00e9 po\u017eiadavky v\u00a0LuckyDino \u010dinia \u0161tandardn\u00fd 50-n\u00e1sobok hodnoty bonusov\u00fdch pe\u0148az\u00ed. Na splnenie po\u017eiadavky m\u00e1te sedem dn\u00ed od vkladu, po ktor\u00fdch v\u00e1m bud\u00fa odobran\u00e9 v\u0161etky vyhran\u00e9 peniaze. Len hran\u00edm online automatov tieto podmienky spln\u00edte, nako\u013eko ich kontribu\u010dn\u00fd pomer je ako pri jedin\u00fdch hr\u00e1ch 100%. Nesmiete hra\u0165 jackpotov\u00e9 sloty, ktor\u00fdch pomer je 0%.<span class=\"Apple-converted-space\">\u00a0<\/span><\/p>\n<h2>HRY<\/h2>\n<p>LuckyDino svoje hry del\u00ed do piatich skup\u00edn \u2013 video automaty, klasick\u00e9 automaty, stoln\u00e9 hry, video poker a\u00a0\u0161peci\u00e1lne (hry). Medzi stoln\u00fdmi hrami okrem blackjack, rulety n\u00e1jdete napr\u00edklad aj Pontopon, Punto Banco, Red Dog \u010di baccarat. Video poker je tvoren\u00fd \u0161tyrmi hern\u00fdmi titulmi (v\u0161etky od NetEntu) a\u00a0\u0161peci\u00e1lne hry Kenom \u010di Germinatorom od Microgamingu.<\/p>\n<p>\u010co sa t\u00fdka toho, odkia\u013e hry poch\u00e1dzaj\u00fa \u2013 tak si v\u00a0LuckyDino m\u00f4\u017eete zahra\u0165 tituly od<strong>\u00a0Microgamingu<\/strong>,\u00a0<strong>NetEntu<\/strong>,\u00a0<strong>Barcrestu<\/strong>,\u00a0<strong>Pragmatic Play<\/strong>,\u00a0<strong>Play\u00b4n Go<\/strong>,<strong>\u00a0Yggdrasil<\/strong>\u00a0a\u00a0<strong>Big Time Gaming<\/strong>. Niektor\u00e9 hry si m\u00f4\u017eete zahra\u0165 aj bez prihl\u00e1senia vo fun-m\u00f3de, \u010fal\u0161ie len po registr\u00e1ci\u00ed a\u00a0prihl\u00e1sen\u00ed.<\/p>\n<h2>PODPORA PRE MOBILN\u00c9 HRANIE<\/h2>\n<p>Ni\u010d nenasved\u010duje tomu, \u017ee by LuckyDino malo vlastn\u00fa aplik\u00e1ciu pre mobiln\u00fdch hr\u00e1\u010dov. Na\u0161\u0165astie si tu m\u00f4\u017eete zahra\u0165 i\u00a0tak a\u00a0bez toho \u2013 v\u010faka optimalizovanej str\u00e1nke spust\u00edte cez svoje zariadenie \u2013 \u010di u\u017e m\u00e1te iOs alebo Android, v\u00e4\u010d\u0161inu hier v\u00a0LuckyDino Casino.<\/p>\n<h2>Z\u00c1KAZN\u00cdCKA PODPORA<\/h2>\n<p>M\u00e1te ot\u00e1zku \u010di sa vyskytol nejak\u00fd probl\u00e9m? Na rie\u0161enie je tu z\u00e1kazn\u00edcka podpora. T\u00e1 funguje 16 hod\u00edn denne na chate, v\u00a0nestr\u00e1nkov\u00fdch hodin\u00e1ch im m\u00f4\u017eete zanecha\u0165 spr\u00e1vu a\u00a0niekto zo supportu sa v\u00e1m potom ozve. \u017div\u00fd chat sme otestovali a\u00a0m\u00f4\u017eeme kon\u0161tatova\u0165, \u017ee na oper\u00e1tora alebo oper\u00e1torku ne\u010dak\u00e1te nijako dlho.<\/p>\n<h2>VKLADY NA \u00da\u010cET A\u00a0V\u00ddBERY<\/h2>\n<p>Ako sme u\u017e spomenuli, minim\u00e1lna suma, ktor\u00fa m\u00f4\u017eete vlo\u017ei\u0165 na svoj hr\u00e1\u010dsky \u00fa\u010det v\u00a0LuckyDino Casine je \u20ac20. Slovensk\u00fdm hr\u00e1\u010dom kas\u00edno aktu\u00e1lne pon\u00faka \u0161tyri\u00a0<a href=\"\/sk\/moznosti-platby\" data-track=\"\"><strong>vkladov\u00e9 met\u00f3dy<\/strong><\/a>\u00a0\u2013 kreditn\u00fa kartu, Neteller, Skrill a\u00a0Paysafecard. Pam\u00e4tajte, \u017ee pri uv\u00edtacom bonuse pr\u00e1ve v\u00fd\u0161ka vkladu rozhoduje o\u00a0tom, ak\u00fd v\u00fdhodn\u00fd bal\u00ed\u010dek vlastne z\u00edskate.<\/p>\n<p>Pred prv\u00fdm v\u00fdberom je potrebn\u00e9 prejs\u0165 procesom verifik\u00e1cie \u00fa\u010dtu. Po zaslan\u00ed po\u017eadovan\u00fdch dokumentov a\u00a0fotok\u00f3pi\u00ed trv\u00e1 kas\u00ednu maxim\u00e1lne 48 hod\u00edn, dok\u00fdm over\u00ed spr\u00e1vnos\u0165 \u00fadajov. \u010co sa t\u00fdka v\u00fdberov, tak tie LuckyDino spracuv\u00e1va u\u017e do \u0161tyroch hod\u00edn od zadania po\u017eiadavky! Minim\u00e1lna suma pre v\u00fdber je \u20ac30 s\u00a03% poplatkom.<\/p>\n<h2>Z\u00c1VER<\/h2>\n<p>Ako tomu b\u00fdva v\u00a0pr\u00edpade v\u00e4\u010d\u0161iny online kas\u00edn, i\u00a0LuckyDino m\u00e1 niektor\u00e9 svetl\u00e9 a\u00a0in\u00e9 menej svetl\u00e9 str\u00e1nky. Pote\u0161ia r\u00fdchle v\u00fdbery a\u00a0kvalitn\u00e1 z\u00e1kazn\u00edcka podpora, ako i\u00a0pekn\u00e9 bonusy pre nov\u00fdch i\u00a0st\u00e1lych hr\u00e1\u010dov. Zamrz\u00ed slab\u00e1 ponuka akcii, absencia FAQ a\u00a0nie pr\u00e1ve v\u00fdrazn\u00e1 ponuka hier, aspo\u0148 pre ne-automatov\u00fdch hr\u00e1\u010dov. Minim\u00e1lne v\u0161ak kv\u00f4li bonusom sa LuckyDino oplat\u00ed vysk\u00fa\u0161a\u0165. Nev\u00e1hajte!<\/p>\n<\/div>\n<\/div><\/div><\/div><\/div><\/div><\/div><\/div><\/section>\n","protected":false},"excerpt":{"rendered":"LUCKY DINO CASINO RECENZIA LuckyDino je na prv\u00fd poh\u013ead nen\u00e1padn\u00e9 online kas\u00edno, ktor\u00e9 v\u0161ak vo svojom vn\u00fatri skr\u00fdva viacer\u00e9 zauj\u00edmav\u00e9 prvky. Ani bonus bez vkladu a ani referen\u010dn\u00fd program je nie\u010do, \u010d\u00edm v s\u00fa\u010dasnosti disponuje ka\u017ed\u00e9 jedno kas\u00edno. Pon\u00faka bonusov je t\u00fdm azda najlep\u0161\u00edm, \u010do toto \u201edinosaurie\u201c kas\u00edno pon\u00faka. V\u00fdhody 20 spinov za registr\u00e1ciu R\u00fdchle...","protected":false},"author":1,"featured_media":0,"parent":0,"menu_order":0,"comment_status":"closed","ping_status":"closed","template":"","meta":{"_acf_changed":false,"footnotes":""},"class_list":["post-2605","page","type-page","status-publish","hentry"],"acf":[],"rankMath":{"parentDomain":"onlinebettingspace.com","noFollowDomains":[],"noFollowExcludeDomains":[],"noFollowExternalLinks":false,"featuredImageNotice":"The featured image should be at least 200 by 200 pixels to be picked up by Facebook and other social media sites.","pluginReviewed":true,"postSettings":{"linkSuggestions":true,"useFocusKeyword":false},"frontEndScore":false,"postName":"lucky-dino-casino","permalinkFormat":"https:\/\/onlinebettingspace.com\/sk\/%pagename%\/","showLockModifiedDate":true,"assessor":{"focusKeywordLink":"https:\/\/onlinebettingspace.com\/wp-admin\/edit.php?focus_keyword=%focus_keyword%&post_type=%post_type%","hasTOCPlugin":false,"primaryTaxonomy":false,"serpData":{"title":"LuckyDino Casino \u2013 \u010cak\u00e1 na v\u00e1s \u20ac200 + 57 spinov","description":"LuckyDino je origin\u00e1lne po\u0148at\u00e9 online kas\u00edno l\u00e1kaj\u00face na zauj\u00edmav\u00e9 casino bonusy, r\u00fdchle v\u00fdbery a kvalitn\u00fa podporu pre hr\u00e1\u010dov.","focusKeywords":"LUCKY DINO CASINO","pillarContent":false,"canonicalUrl":"","breadcrumbTitle":"","advancedRobots":[],"facebookTitle":"","facebookDescription":"","facebookImage":"","facebookImageID":"","facebookHasOverlay":false,"facebookImageOverlay":"","facebookAuthor":"","twitterCardType":"","twitterUseFacebook":true,"twitterTitle":"","twitterDescription":"","twitterImage":"","twitterImageID":"","twitterHasOverlay":false,"twitterImageOverlay":"","twitterPlayerUrl":"","twitterPlayerSize":"","twitterPlayerStream":"","twitterPlayerStreamCtype":"","twitterAppDescription":"","twitterAppIphoneName":"","twitterAppIphoneID":"","twitterAppIphoneUrl":"","twitterAppIpadName":"","twitterAppIpadID":"","twitterAppIpadUrl":"","twitterAppGoogleplayName":"","twitterAppGoogleplayID":"","twitterAppGoogleplayUrl":"","twitterAppCountry":"","robots":{"index":true},"twitterAuthor":"username","primaryTerm":0,"authorName":"OBSAdmin","titleTemplate":"%title% %sep% %sitename%","descriptionTemplate":"%excerpt%","showScoreFrontend":true,"lockModifiedDate":false},"powerWords":[],"diacritics":{"A":"[\\u0041\\u24B6\\uFF21\\u00C0\\u00C1\\u00C2\\u1EA6\\u1EA4\\u1EAA\\u1EA8\\u00C3\\u0100\\u0102\\u1EB0\\u1EAE\\u1EB4\\u1EB2\\u0226\\u01E0\\u00C4\\u01DE\\u1EA2\\u00C5\\u01FA\\u01CD\\u0200\\u0202\\u1EA0\\u1EAC\\u1EB6\\u1E00\\u0104\\u023A\\u2C6F]","AA":"[\\uA732]","AE":"[\\u00C6\\u01FC\\u01E2]","AO":"[\\uA734]","AU":"[\\uA736]","AV":"[\\uA738\\uA73A]","AY":"[\\uA73C]","B":"[\\u0042\\u24B7\\uFF22\\u1E02\\u1E04\\u1E06\\u0243\\u0182\\u0181]","C":"[\\u0043\\u24B8\\uFF23\\u0106\\u0108\\u010A\\u010C\\u00C7\\u1E08\\u0187\\u023B\\uA73E]","D":"[\\u0044\\u24B9\\uFF24\\u1E0A\\u010E\\u1E0C\\u1E10\\u1E12\\u1E0E\\u0110\\u018B\\u018A\\u0189\\uA779]","DZ":"[\\u01F1\\u01C4]","Dz":"[\\u01F2\\u01C5]","E":"[\\u0045\\u24BA\\uFF25\\u00C8\\u00C9\\u00CA\\u1EC0\\u1EBE\\u1EC4\\u1EC2\\u1EBC\\u0112\\u1E14\\u1E16\\u0114\\u0116\\u00CB\\u1EBA\\u011A\\u0204\\u0206\\u1EB8\\u1EC6\\u0228\\u1E1C\\u0118\\u1E18\\u1E1A\\u0190\\u018E]","F":"[\\u0046\\u24BB\\uFF26\\u1E1E\\u0191\\uA77B]","G":"[\\u0047\\u24BC\\uFF27\\u01F4\\u011C\\u1E20\\u011E\\u0120\\u01E6\\u0122\\u01E4\\u0193\\uA7A0\\uA77D\\uA77E]","H":"[\\u0048\\u24BD\\uFF28\\u0124\\u1E22\\u1E26\\u021E\\u1E24\\u1E28\\u1E2A\\u0126\\u2C67\\u2C75\\uA78D]","I":"[\\u0049\\u24BE\\uFF29\\u00CC\\u00CD\\u00CE\\u0128\\u012A\\u012C\\u0130\\u00CF\\u1E2E\\u1EC8\\u01CF\\u0208\\u020A\\u1ECA\\u012E\\u1E2C\\u0197]","J":"[\\u004A\\u24BF\\uFF2A\\u0134\\u0248]","K":"[\\u004B\\u24C0\\uFF2B\\u1E30\\u01E8\\u1E32\\u0136\\u1E34\\u0198\\u2C69\\uA740\\uA742\\uA744\\uA7A2]","L":"[\\u004C\\u24C1\\uFF2C\\u013F\\u0139\\u013D\\u1E36\\u1E38\\u013B\\u1E3C\\u1E3A\\u0141\\u023D\\u2C62\\u2C60\\uA748\\uA746\\uA780]","LJ":"[\\u01C7]","Lj":"[\\u01C8]","M":"[\\u004D\\u24C2\\uFF2D\\u1E3E\\u1E40\\u1E42\\u2C6E\\u019C]","N":"[\\u004E\\u24C3\\uFF2E\\u01F8\\u0143\\u00D1\\u1E44\\u0147\\u1E46\\u0145\\u1E4A\\u1E48\\u0220\\u019D\\uA790\\uA7A4]","NJ":"[\\u01CA]","Nj":"[\\u01CB]","O":"[\\u004F\\u24C4\\uFF2F\\u00D2\\u00D3\\u00D4\\u1ED2\\u1ED0\\u1ED6\\u1ED4\\u00D5\\u1E4C\\u022C\\u1E4E\\u014C\\u1E50\\u1E52\\u014E\\u022E\\u0230\\u00D6\\u022A\\u1ECE\\u0150\\u01D1\\u020C\\u020E\\u01A0\\u1EDC\\u1EDA\\u1EE0\\u1EDE\\u1EE2\\u1ECC\\u1ED8\\u01EA\\u01EC\\u00D8\\u01FE\\u0186\\u019F\\uA74A\\uA74C]","OI":"[\\u01A2]","OO":"[\\uA74E]","OU":"[\\u0222]","P":"[\\u0050\\u24C5\\uFF30\\u1E54\\u1E56\\u01A4\\u2C63\\uA750\\uA752\\uA754]","Q":"[\\u0051\\u24C6\\uFF31\\uA756\\uA758\\u024A]","R":"[\\u0052\\u24C7\\uFF32\\u0154\\u1E58\\u0158\\u0210\\u0212\\u1E5A\\u1E5C\\u0156\\u1E5E\\u024C\\u2C64\\uA75A\\uA7A6\\uA782]","S":"[\\u0053\\u24C8\\uFF33\\u1E9E\\u015A\\u1E64\\u015C\\u1E60\\u0160\\u1E66\\u1E62\\u1E68\\u0218\\u015E\\u2C7E\\uA7A8\\uA784]","T":"[\\u0054\\u24C9\\uFF34\\u1E6A\\u0164\\u1E6C\\u021A\\u0162\\u1E70\\u1E6E\\u0166\\u01AC\\u01AE\\u023E\\uA786]","TZ":"[\\uA728]","U":"[\\u0055\\u24CA\\uFF35\\u00D9\\u00DA\\u00DB\\u0168\\u1E78\\u016A\\u1E7A\\u016C\\u00DC\\u01DB\\u01D7\\u01D5\\u01D9\\u1EE6\\u016E\\u0170\\u01D3\\u0214\\u0216\\u01AF\\u1EEA\\u1EE8\\u1EEE\\u1EEC\\u1EF0\\u1EE4\\u1E72\\u0172\\u1E76\\u1E74\\u0244]","V":"[\\u0056\\u24CB\\uFF36\\u1E7C\\u1E7E\\u01B2\\uA75E\\u0245]","VY":"[\\uA760]","W":"[\\u0057\\u24CC\\uFF37\\u1E80\\u1E82\\u0174\\u1E86\\u1E84\\u1E88\\u2C72]","X":"[\\u0058\\u24CD\\uFF38\\u1E8A\\u1E8C]","Y":"[\\u0059\\u24CE\\uFF39\\u1EF2\\u00DD\\u0176\\u1EF8\\u0232\\u1E8E\\u0178\\u1EF6\\u1EF4\\u01B3\\u024E\\u1EFE]","Z":"[\\u005A\\u24CF\\uFF3A\\u0179\\u1E90\\u017B\\u017D\\u1E92\\u1E94\\u01B5\\u0224\\u2C7F\\u2C6B\\uA762]","a":"[\\u0061\\u24D0\\uFF41\\u1E9A\\u00E0\\u00E1\\u00E2\\u1EA7\\u1EA5\\u1EAB\\u1EA9\\u00E3\\u0101\\u0103\\u1EB1\\u1EAF\\u1EB5\\u1EB3\\u0227\\u01E1\\u00E4\\u01DF\\u1EA3\\u00E5\\u01FB\\u01CE\\u0201\\u0203\\u1EA1\\u1EAD\\u1EB7\\u1E01\\u0105\\u2C65\\u0250]","aa":"[\\uA733]","ae":"[\\u00E6\\u01FD\\u01E3]","ao":"[\\uA735]","au":"[\\uA737]","av":"[\\uA739\\uA73B]","ay":"[\\uA73D]","b":"[\\u0062\\u24D1\\uFF42\\u1E03\\u1E05\\u1E07\\u0180\\u0183\\u0253]","c":"[\\u0063\\u24D2\\uFF43\\u0107\\u0109\\u010B\\u010D\\u00E7\\u1E09\\u0188\\u023C\\uA73F\\u2184]","d":"[\\u0064\\u24D3\\uFF44\\u1E0B\\u010F\\u1E0D\\u1E11\\u1E13\\u1E0F\\u0111\\u018C\\u0256\\u0257\\uA77A]","dz":"[\\u01F3\\u01C6]","e":"[\\u0065\\u24D4\\uFF45\\u00E8\\u00E9\\u00EA\\u1EC1\\u1EBF\\u1EC5\\u1EC3\\u1EBD\\u0113\\u1E15\\u1E17\\u0115\\u0117\\u00EB\\u1EBB\\u011B\\u0205\\u0207\\u1EB9\\u1EC7\\u0229\\u1E1D\\u0119\\u1E19\\u1E1B\\u0247\\u025B\\u01DD]","f":"[\\u0066\\u24D5\\uFF46\\u1E1F\\u0192\\uA77C]","g":"[\\u0067\\u24D6\\uFF47\\u01F5\\u011D\\u1E21\\u011F\\u0121\\u01E7\\u0123\\u01E5\\u0260\\uA7A1\\u1D79\\uA77F]","h":"[\\u0068\\u24D7\\uFF48\\u0125\\u1E23\\u1E27\\u021F\\u1E25\\u1E29\\u1E2B\\u1E96\\u0127\\u2C68\\u2C76\\u0265]","hv":"[\\u0195]","i":"[\\u0069\\u24D8\\uFF49\\u00EC\\u00ED\\u00EE\\u0129\\u012B\\u012D\\u00EF\\u1E2F\\u1EC9\\u01D0\\u0209\\u020B\\u1ECB\\u012F\\u1E2D\\u0268\\u0131]","j":"[\\u006A\\u24D9\\uFF4A\\u0135\\u01F0\\u0249]","k":"[\\u006B\\u24DA\\uFF4B\\u1E31\\u01E9\\u1E33\\u0137\\u1E35\\u0199\\u2C6A\\uA741\\uA743\\uA745\\uA7A3]","l":"[\\u006C\\u24DB\\uFF4C\\u0140\\u013A\\u013E\\u1E37\\u1E39\\u013C\\u1E3D\\u1E3B\\u017F\\u0142\\u019A\\u026B\\u2C61\\uA749\\uA781\\uA747]","lj":"[\\u01C9]","m":"[\\u006D\\u24DC\\uFF4D\\u1E3F\\u1E41\\u1E43\\u0271\\u026F]","n":"[\\u006E\\u24DD\\uFF4E\\u01F9\\u0144\\u00F1\\u1E45\\u0148\\u1E47\\u0146\\u1E4B\\u1E49\\u019E\\u0272\\u0149\\uA791\\uA7A5]","nj":"[\\u01CC]","o":"[\\u006F\\u24DE\\uFF4F\\u00F2\\u00F3\\u00F4\\u1ED3\\u1ED1\\u1ED7\\u1ED5\\u00F5\\u1E4D\\u022D\\u1E4F\\u014D\\u1E51\\u1E53\\u014F\\u022F\\u0231\\u00F6\\u022B\\u1ECF\\u0151\\u01D2\\u020D\\u020F\\u01A1\\u1EDD\\u1EDB\\u1EE1\\u1EDF\\u1EE3\\u1ECD\\u1ED9\\u01EB\\u01ED\\u00F8\\u01FF\\u0254\\uA74B\\uA74D\\u0275]","oi":"[\\u01A3]","ou":"[\\u0223]","oo":"[\\uA74F]","p":"[\\u0070\\u24DF\\uFF50\\u1E55\\u1E57\\u01A5\\u1D7D\\uA751\\uA753\\uA755]","q":"[\\u0071\\u24E0\\uFF51\\u024B\\uA757\\uA759]","r":"[\\u0072\\u24E1\\uFF52\\u0155\\u1E59\\u0159\\u0211\\u0213\\u1E5B\\u1E5D\\u0157\\u1E5F\\u024D\\u027D\\uA75B\\uA7A7\\uA783]","s":"[\\u0073\\u24E2\\uFF53\\u015B\\u1E65\\u015D\\u1E61\\u0161\\u1E67\\u1E63\\u1E69\\u0219\\u015F\\u023F\\uA7A9\\uA785\\u1E9B]","ss":"[\\u00DF]","t":"[\\u0074\\u24E3\\uFF54\\u1E6B\\u1E97\\u0165\\u1E6D\\u021B\\u0163\\u1E71\\u1E6F\\u0167\\u01AD\\u0288\\u2C66\\uA787]","tz":"[\\uA729]","u":"[\\u0075\\u24E4\\uFF55\\u00F9\\u00FA\\u00FB\\u0169\\u1E79\\u016B\\u1E7B\\u016D\\u00FC\\u01DC\\u01D8\\u01D6\\u01DA\\u1EE7\\u016F\\u0171\\u01D4\\u0215\\u0217\\u01B0\\u1EEB\\u1EE9\\u1EEF\\u1EED\\u1EF1\\u1EE5\\u1E73\\u0173\\u1E77\\u1E75\\u0289]","v":"[\\u0076\\u24E5\\uFF56\\u1E7D\\u1E7F\\u028B\\uA75F\\u028C]","vy":"[\\uA761]","w":"[\\u0077\\u24E6\\uFF57\\u1E81\\u1E83\\u0175\\u1E87\\u1E85\\u1E98\\u1E89\\u2C73]","x":"[\\u0078\\u24E7\\uFF58\\u1E8B\\u1E8D]","y":"[\\u0079\\u24E8\\uFF59\\u1EF3\\u00FD\\u0177\\u1EF9\\u0233\\u1E8F\\u00FF\\u1EF7\\u1E99\\u1EF5\\u01B4\\u024F\\u1EFF]","z":"[\\u007A\\u24E9\\uFF5A\\u017A\\u1E91\\u017C\\u017E\\u1E93\\u1E95\\u01B6\\u0225\\u0240\\u2C6C\\uA763]"},"researchesTests":["contentHasTOC","contentHasShortParagraphs","contentHasAssets","keywordInTitle","keywordInMetaDescription","keywordInPermalink","keywordIn10Percent","keywordInContent","keywordInSubheadings","keywordInImageAlt","keywordDensity","keywordNotUsed","lengthContent","lengthPermalink","linksHasInternal","linksHasExternals","linksNotAllExternals","titleStartWithKeyword","titleSentiment","titleHasPowerWords","titleHasNumber","hasContentAI"],"hasRedirection":true,"hasBreadcrumb":false},"homeUrl":"https:\/\/onlinebettingspace.com\/sk\/","objectID":2605,"objectType":"post","locale":"sk","localeFull":"sk_SK","overlayImages":{"play":{"name":"Play icon","url":"https:\/\/onlinebettingspace.com\/wp-content\/plugins\/seo-by-rank-math\/assets\/admin\/img\/icon-play.png","path":"\/home\/SuperAdmin\/web\/onlinebettingspace.com\/public_html\/wp-content\/plugins\/seo-by-rank-math\/assets\/admin\/img\/icon-play.png","position":"middle_center"},"gif":{"name":"GIF icon","url":"https:\/\/onlinebettingspace.com\/wp-content\/plugins\/seo-by-rank-math\/assets\/admin\/img\/icon-gif.png","path":"\/home\/SuperAdmin\/web\/onlinebettingspace.com\/public_html\/wp-content\/plugins\/seo-by-rank-math\/assets\/admin\/img\/icon-gif.png","position":"middle_center"}},"defautOgImage":"https:\/\/onlinebettingspace.com\/wp-content\/uploads\/2022\/04\/OBS-FULL-LOGO.webp","customPermalinks":true,"isUserRegistered":true,"autoSuggestKeywords":true,"connectSiteUrl":"https:\/\/rankmath.com\/auth?site=https%3A%2F%2Fonlinebettingspace.com%2Fsk%2F&r=https%3A%2F%2Fonlinebettingspace.com%2Fsk%2Fwp-json%2Fwp%2Fv2%2Fpages%2F2605%3Fnonce%3D1329464f47","maxTags":5,"trendsIcon":"<svg viewBox=\"0 0 610 610\"><path d=\"M18.85,446,174.32,290.48l58.08,58.08L76.93,504a14.54,14.54,0,0,1-20.55,0L18.83,466.48a14.54,14.54,0,0,1,0-20.55Z\" style=\"fill:#4285f4\"\/><path d=\"M242.65,242.66,377.59,377.6l-47.75,47.75a14.54,14.54,0,0,1-20.55,0L174.37,290.43l47.75-47.75A14.52,14.52,0,0,1,242.65,242.66Z\" style=\"fill:#ea4335\"\/><polygon points=\"319.53 319.53 479.26 159.8 537.34 217.88 377.61 377.62 319.53 319.53\" style=\"fill:#fabb05\"\/><path d=\"M594.26,262.73V118.61h0a16.94,16.94,0,0,0-16.94-16.94H433.2a16.94,16.94,0,0,0-12,28.92L565.34,274.71h0a16.94,16.94,0,0,0,28.92-12Z\" style=\"fill:#34a853\"\/><rect width=\"610\" height=\"610\" style=\"fill:none\"\/><\/svg>","showScore":true,"siteFavIcon":"https:\/\/onlinebettingspace.com\/wp-content\/uploads\/2022\/04\/OBS-LOGO-1.webp","canUser":{"general":false,"advanced":false,"snippet":false,"social":false,"analysis":false,"analytics":false,"content_ai":false},"showKeywordIntent":true,"isPro":false,"is_front_page":false,"trendsUpgradeLink":"https:\/\/rankmath.com\/pricing\/?utm_source=Plugin&utm_medium=CE%20General%20Tab%20Trends&utm_campaign=WP","trendsUpgradeLabel":"Upgrade","trendsPreviewImage":"https:\/\/onlinebettingspace.com\/wp-content\/plugins\/seo-by-rank-math\/assets\/admin\/img\/trends-preview.jpg","currentEditor":false,"homepageData":{"assessor":{"powerWords":[],"diacritics":true,"researchesTests":["contentHasTOC","contentHasShortParagraphs","contentHasAssets","keywordInTitle","keywordInMetaDescription","keywordInPermalink","keywordIn10Percent","keywordInContent","keywordInSubheadings","keywordInImageAlt","keywordDensity","keywordNotUsed","lengthContent","lengthPermalink","linksHasInternal","linksHasExternals","linksNotAllExternals","titleStartWithKeyword","titleSentiment","titleHasPowerWords","titleHasNumber","hasContentAI"],"hasBreadcrumb":false,"serpData":{"title":"%sitename% %page% %sep% %sitedesc%","description":"","titleTemplate":"%sitename% %page% %sep% %sitedesc%","descriptionTemplate":"","focusKeywords":"","breadcrumbTitle":"Home","robots":{"index":true},"advancedRobots":[],"facebookTitle":"","facebookDescription":"","facebookImage":"","facebookImageID":""}}},"tocTitle":"Table of Contents","tocExcludeHeadings":[],"listStyle":"ul"},"_links":{"self":[{"href":"https:\/\/onlinebettingspace.com\/sk\/wp-json\/wp\/v2\/pages\/2605","targetHints":{"allow":["GET"]}}],"collection":[{"href":"https:\/\/onlinebettingspace.com\/sk\/wp-json\/wp\/v2\/pages"}],"about":[{"href":"https:\/\/onlinebettingspace.com\/sk\/wp-json\/wp\/v2\/types\/page"}],"author":[{"embeddable":true,"href":"https:\/\/onlinebettingspace.com\/sk\/wp-json\/wp\/v2\/users\/1"}],"replies":[{"embeddable":true,"href":"https:\/\/onlinebettingspace.com\/sk\/wp-json\/wp\/v2\/comments?post=2605"}],"version-history":[{"count":0,"href":"https:\/\/onlinebettingspace.com\/sk\/wp-json\/wp\/v2\/pages\/2605\/revisions"}],"wp:attachment":[{"href":"https:\/\/onlinebettingspace.com\/sk\/wp-json\/wp\/v2\/media?parent=2605"}],"curies":[{"name":"wp","href":"https:\/\/api.w.org\/{rel}","templated":true}]}}