{"id":2602,"date":"2022-08-21T00:07:32","date_gmt":"2022-08-20T21:07:32","guid":{"rendered":"https:\/\/onlinebettingspace.com\/?page_id=2602"},"modified":"2022-08-21T00:07:32","modified_gmt":"2022-08-20T21:07:32","slug":"ruleta-zadarmo","status":"publish","type":"page","link":"https:\/\/onlinebettingspace.com\/sk\/ruleta-zadarmo\/","title":{"rendered":"RULETA ZADARMO"},"content":{"rendered":"<section class=\"l-section wpb_row height_medium\"><div class=\"l-section-h i-cf\"><div class=\"g-cols vc_row via_flex valign_top type_default stacking_default\"><div class=\"vc_col-sm-12 wpb_column vc_column_container\"><div class=\"vc_column-inner\"><div class=\"wpb_wrapper\"><div class=\"wpb_text_column\"><div class=\"wpb_wrapper\"><h1>RULETA ZADARMO \u2013 HRA\u0164 BEZ VLO\u017dENIA PE\u0147AZ\u00cd !<\/h1>\n<div>\n<div id=\"breadcrumbsWrap\" class=\" hidden-xs _2f \">\n<div id=\"breadcrumbs\">\n<p>Na to, aby ste mohli za\u010da\u0165 hra\u0165 ruletu, potrebujete len chu\u0165 a \u010das. So v\u0161etk\u00fdm ostatn\u00fdm V\u00e1m pom\u00f4\u017eeme my alebo dokonca samotn\u00e9 online kas\u00edno.<\/p>\n<div>\n<div class=\" readMore _3l \">\n<p>V hran\u00ed rulety zdarma nie je \u017eiadny skryt\u00fd trik, skuto\u010dne to ni\u010d nestoj\u00ed. Dokonca V\u00e1m samotn\u00e9 kas\u00edna na hru e\u0161te aj dobrovo\u013ene sami prispej\u00fa! Tak pre\u010do to nesk\u00fasi\u0165?<\/p>\n<h2>ZAHRAJTE SI ONLINE RULETU ZADARMO<\/h2>\n<p>Mo\u017eno si to e\u0161te pam\u00e4t\u00e1te zo seri\u00e1lov a filmov. Kamera zaber\u00e1 guli\u010dku, ktor\u00e1 sa kr\u00fati v rule, a\u017e si kone\u010dne \u201esadne\u201c na jedno pol\u00ed\u010dko. Hr\u00e1\u010di na tento moment netrpezlivo \u010dakaj\u00fa, ke\u010f\u017ee v priebehu p\u00e1r sek\u00fand sa rozhodne o tom \u010di nie\u010do vyhraj\u00fa alebo, naopak, prehraj\u00fa. Viete ako sa l\u00ed\u0161i t\u00e1to filmov\u00e1 sc\u00e9na od tej skuto\u010dnej? Vy nemus\u00edte prehra\u0165 a predsa si m\u00f4\u017eete u\u017ei\u0165 rovnako ve\u013ea z\u00e1bavy a vzru\u0161enia ako hr\u00e1\u010di v nej. Online ruletu si toti\u017e m\u00f4\u017eete zahra\u0165 \u00faplne zadarmo a bez rizika!<\/p>\n<p>To, \u010do sa e\u0161te pred p\u00e1r desa\u0165ro\u010diami zdalo by\u0165 len utopistick\u00fdm snom je dnes realitou.\u00a0<strong><a href=\"\/sk\">Online casino<\/a><\/strong>\u00a0umo\u017enilo ka\u017ed\u00e9mu hr\u00e1\u010dovi zahra\u0165 si hry z pohodlia svojho domova. U\u017e nemus\u00edte nikam cestova\u0165, nemus\u00edte by\u0165 \u010faleko od rodiny, v\u0161etko vzru\u0161enie m\u00f4\u017eete pre\u017ei\u0165 u\u017e aj doma. Sami s rozhodnete kedy a ako dlho budete hra\u0165. Potrebujete k tomu len po\u010d\u00edta\u010d \u010di dokonca iba mobiln\u00fd telef\u00f3n a m\u00f4\u017eete vst\u00fapi\u0165 do vzru\u0161uj\u00faceho a fascinuj\u00faceho sveta.<\/p>\n<p>Sveta, ktor\u00fd so sebou prin\u00e1\u0161a online ruleta. Ten sa v\u00e1m otv\u00e1ra dokor\u00e1n a pon\u00faka v\u00e1m \u0161ancu spozna\u0165 ruletu bez toho, aby ste do hry investovali \u010do i len cent. Ste za\u010diato\u010dn\u00edk? Hr\u00e1te prv\u00fdkr\u00e1t? Boj\u00edte sa, \u017ee neuspejete? Chcete si otestova\u0165 svoje schopnosti \u010di len niektor\u00e9 nau\u010den\u00e9 triky? Chcete sa nau\u010di\u0165\u00a0<strong><a href=\"\/sk\/ako-vyhrat-peniaze\">ako vyhra\u0165 peniaze<\/a><\/strong>? K tomu v\u0161etk\u00e9mu v\u00e1m dopom\u00f4\u017ee ruleta online zadarmo. Tu m\u00f4\u017eete hravo a r\u00fdchlo na\u010derpa\u0165 cenn\u00e9 sk\u00fasenosti a prax k tomu, aby ste za\u010dali hra\u0165 ruletu online za skuto\u010dn\u00e9 peniaze.<\/p>\n<h2>VYU\u017dITE \u0160TEDR\u00c9 BONUSY!<\/h2>\n<p>Online kas\u00edn pozn\u00e1me skuto\u010dne ve\u013ea, no len zop\u00e1r z nich V\u00e1m umo\u017en\u00ed si zahra\u0165 ruletu \u00faplne zadarmo. My v\u00e1m odpor\u00fa\u010dame vysk\u00fa\u0161a\u0165 niektor\u00e9 z uv\u00e1dzan\u00fdch online kas\u00edn:\u00a0<b><a href=\"\/sk\/casinoeuro\">CasinoEuro<\/a>\u00a0<\/b>\u010di\u00a0<a href=\"\/sk\/lucky-dino-casino\"><strong>Lucky Dino Casino<\/strong><\/a>, kde v\u0161ade budete m\u00f4c\u0165 vst\u00fapi\u0165 a spravi\u0165 prv\u00e9 kroky vo ve\u013ekom a fascinuj\u00facom svete online rulety. Ka\u017ed\u00fd z t\u00fdchto online kas\u00edn pon\u00faka i \u010fal\u0161ie casino hry, rovnako ako online ruletu za peniaze. No pon\u00faka i nie\u010do \u010fal\u0161ie, \u010do by rozhodne nemalo ujs\u0165 Va\u0161ej pozornosti \u2013 a to s\u00fa bonusy.<\/p>\n<p>A hovor\u00edme tu o skuto\u010dne\u00a0<strong><a href=\"\/sk\/bonus\">\u0161tedr\u00fdch bonusoch<\/a><\/strong>\u00a0v r\u00e1doch aj nieko\u013eko stoviek euro pri vklade na v\u00e1\u0161 hern\u00fd \u00fa\u010det. E\u0161te zauj\u00edmavej\u0161ou ponukou s\u00fa v\u0161ak hlavne pre za\u010diato\u010dn\u00edkov\u00a0<strong><a href=\"\/sk\/bonus\/bez-vkladu\">bonusy bez vkladu<\/a><\/strong>, v\u010faka ktor\u00fdm si m\u00f4\u017eete zahra\u0165 bez rizika \u00faplne zadarmo za peniaze kas\u00edna, ktor\u00e9 v\u00e1m ono pri registr\u00e1cii prevedie na v\u00e1\u0161 \u00fa\u010det. Prehr\u00e1te \u2013 vy ste neprehrali ni\u010d! Vyhr\u00e1te? M\u00f4\u017eete za\u010da\u0165 svoje peniaze rozmno\u017eova\u0165 a napokon si cel\u00fa sumu necha\u0165 posla\u0165 na V\u00e1\u0161 bankov\u00fd \u00fa\u010det. \u00c1no, je to skuto\u010dne mo\u017en\u00e9!<\/p>\n<h2>OSVOJTE SI RULETOV\u00c9 TRIKY<\/h2>\n<p>Kde inde by v\u00e1m dali do r\u00fak peniaze zadarmo a povedali V\u00e1m \u201ehraj?\u201c Paradoxne v\u00fdbornou spr\u00e1vou je to, \u017ee tieto bonusy bez vkladu s\u00fa \u010dastokr\u00e1t obmedzen\u00e9 na ruletu, \u010do je v\u0161ak pre V\u00e1s ako ruletov\u00fdch hr\u00e1\u010dov v\u00fdhodn\u00e9. Treba dobre sledova\u0165 ponuku, ktor\u00fa maj\u00fa online kas\u00edna, kde sa dozviete, ktor\u00e9 z nich maj\u00fa tieto bonusy zdarma. A ke\u010f\u017ee t\u00fato ponuku ur\u010dite nechcete premrha\u0165, odpor\u00fa\u010dame v\u00e1m pozorne si na\u0161tudova\u0165\u00a0<strong><a href=\"\/sk\/ruleta\/ruletove-triky\">ruleta tipy<\/a><\/strong>, kde sa dozviete, ako \u010do naj\u013eah\u0161ie vyhra\u0165 v tejto \u010darokr\u00e1snej hre peniaze.<\/p>\n<p>Jedn\u00fdm z najd\u00f4le\u017eitej\u0161\u00edch trikov, ktor\u00fd by ste sa mali nau\u010di\u0165 ovl\u00e1da\u0165, je osvojenie si\u00a0<a href=\"\/sk\/ruleta\/\"><strong>Martingale ruleta syst\u00e9mu<\/strong><\/a>, v ktorom by ste mali zvy\u0161ova\u0165 alebo zni\u017eova\u0165 svoje st\u00e1vky v z\u00e1vislosti od toho, \u010di vyhr\u00e1vate alebo prehr\u00e1vate a tie\u017e v z\u00e1vislosti od toho, ak\u00e1 farba je moment\u00e1lne preferovan\u00e1. Poz\u00edciu si farbu m\u00f4\u017eete meni\u0165 neobmedzene, tak pre\u010do to nevyu\u017ei\u0165 a pripravi\u0165 sa tak o mo\u017enos\u0165 maximalizova\u0165 svoje v\u00fdhry? \u010cas, ktor\u00fd str\u00e1vite osvojovan\u00edm si overen\u00fdch trikov, v bud\u00facnosti ur\u010dite neo\u013eutujete!<\/p>\n<h2>AK\u00da RULETU SI M\u00d4\u017dETE ZAHRA\u0164 ONLINE ZADARMO?<\/h2>\n<p>Z pohodlia domov si m\u00f4\u017eete vysk\u00fa\u0161a\u0165 zahra\u0165 viacer\u00e9 ruletov\u00e9 online hry a to v\u0161etko zadarmo a absol\u00fatne bez ak\u00e9hoko\u013evek rizika. Zahra\u0165 si takto m\u00f4\u017eete i v\u0161etky tri\u00a0<strong><a href=\"\/sk\/ruleta\/\">najpopul\u00e1rnej\u0161ie a najroz\u0161\u00edrenej\u0161ie varianty rulety<\/a><\/strong>\u00a0\u2013 je to Americk\u00e1 ruleta, Eur\u00f3pska ruleta i Franc\u00fazska ruleta. Tie sa l\u00ed\u0161ia nielen v pravidl\u00e1ch, ale napr\u00edklad aj v rozli\u010dn\u00fdch \u0161anciach na to, \u017ee v nich bude \u00faspe\u0161n\u00fd hr\u00e1\u010d a nie kas\u00edno. A na tento fakt netreba zab\u00fada\u0165, ve\u010f pre\u010do prenecha\u0165 dobrovo\u013ene kas\u00ednu v\u00fdhodu, ke\u010f nemus\u00edte?<\/p>\n<p>Eur\u00f3pska ruleta obsahuje 37 \u010d\u00edsiel a len jedno nulov\u00e9 pol\u00ed\u010dko, teda o jedno menej, ne\u017e americk\u00e1. Je to ve\u013emi d\u00f4le\u017eit\u00e9, ke\u010f\u017ee v\u00fdhoda kas\u00edna t\u00fdm dvojn\u00e1sobne klesla a \u0161ance hr\u00e1\u010da sa dvojn\u00e1sobne zv\u00fd\u0161ili. E\u0161te lep\u0161ie na tom budete, ak sa v\u0161ak rozhodnete hra\u0165 posledn\u00fa z menovan\u00fdch, Franc\u00fazsku ruletu, no v\u010faka pravidlu \u201eLe Partage\u201c sa v\u00fdhoda kas\u00edna e\u0161te zni\u017euje. V pr\u00edpade, \u017ee na rulete padne nula, kas\u00edno hr\u00e1\u010dovi vr\u00e1ti polovicu zo st\u00e1vky. Aj ne\u0161\u0165astn\u00e1 nula pri prinesie viac ne\u017e nulu!<\/p>\n<p>Navy\u0161e, vo Franc\u00fazskej rulete je mo\u017en\u00e9 stavi\u0165 na viacero \u010d\u00edsiel naraz, \u010do napr\u00edklad tradi\u010dn\u00e1 Eur\u00f3pska ruleta vo v\u00e4\u010d\u0161ine pr\u00edpadov neumo\u017e\u0148uje. Ke\u010f\u017ee v\u0161ak plat\u00ed, \u017ee sto \u013eud\u00ed sto chut\u00ed, i vy si mus\u00edte n\u00e1js\u0165 t\u00fa \u201esvoju\u201c variantu, ktor\u00e1 v\u00e1m najlep\u0161ie sadne, a v ktorej sa budete c\u00edti\u0165 \u010do najpr\u00edjemnej\u0161ie. Atrakt\u00edvnou alternat\u00edvou pre t\u00fdch, ktor\u00ed h\u013eadaj\u00fa e\u0161te silnej\u0161\u00ed z\u00e1\u017eitok, s\u00fa nov\u00e9 3D rulety, ktor\u00e9 poskytuj\u00fa jedine\u010dn\u00fd vizu\u00e1lny p\u00f4\u017eitok z hrania.<\/p>\n<h2>IDE TO AJ BEZ REGISTR\u00c1CIE!<\/h2>\n<p>Na to, aby ste si mohli zahra\u0165 ruletu zadarmo nepotrebujete ani len registr\u00e1ciu \u010di prihl\u00e1senie. Hra\u0165 m\u00f4\u017eete napr\u00edklad aj prostredn\u00edctvom svojho prehliada\u010da a to napr\u00edklad na na\u0161ej str\u00e1nke. Hranie rulety online nikdy nebolo jednoduch\u0161ie a nikdy nebolo bli\u017e\u0161ie \u2013 doslova za p\u00e1r sek\u00fand u\u017e m\u00f4\u017eete prenika\u0165 do tajov tejto hry. Nepozn\u00e1te jej pravidl\u00e1? Nevad\u00ed! Aj s t\u00fdm v\u00e1m radi pom\u00f4\u017eeme a v\u0161etko v\u00e1s nau\u010d\u00edme krok po kroku a s d\u00f4razom na zrozumite\u013enos\u0165.<\/p>\n<p>Pravidl\u00e1 rulety si ur\u010dite ve\u013emi r\u00fdchlo osvoj\u00edte. Potom si u\u017e len sta\u010d\u00ed vybra\u0165 to spr\u00e1vne online kas\u00edno, kde budete m\u00f4c\u0165 za\u010da\u0165 svoju ver\u00edme tomu \u00faspe\u0161n\u00fa kari\u00e9ru ruletov\u00e9ho hr\u00e1\u010da. Mo\u017enost\u00ed je ve\u013ea, vr\u00e1tane napr\u00edklad Unibet rulety, ktor\u00fa prev\u00e1dzkuje spo\u013eahliv\u00e1, renomovan\u00e1 a medzi hr\u00e1\u010dmi \u010dasto vyh\u013ead\u00e1van\u00e1 spolo\u010dnos\u0165, ktor\u00e1 m\u00e1 vo svojom portf\u00f3lii viacero hier a pre svojich n\u00e1v\u0161tevn\u00edkov pon\u00faka a\u017e 100% bonus do v\u00fd\u0161ky 100\u20ac.<\/p>\n<h2>SUM\u00c1R<\/h2>\n<p>Ve\u013ekou v\u00fdhodou dne\u0161n\u00fdch dn\u00ed je to, \u017ee ruletu, ako aj in\u00e9 casino hry m\u00f4\u017eete hra\u0165 prakticky odv\u0161adia\u013e. U\u017e nie ste obmedzen\u00ed svojim stolov\u00fdm po\u010d\u00edta\u010dom, \u0165a\u017ek\u00fdmi notebookmi \u010di nepraktick\u00fdmi tabletmi. Dnes si m\u00f4\u017eete zahra\u0165 ruletu zadarmo skrz mobiln\u00fd telef\u00f3n, ktor\u00fd t\u00fato mo\u017enos\u0165 podporuje. Cestou domov v autobuse, v \u010dak\u00e1rni u lek\u00e1ra, pri nudnej predn\u00e1\u0161ke v \u0161kole \u2013 skuto\u010dne kedyko\u013evek a kdeko\u013evek a sta\u010d\u00ed v\u00e1m k tomu len oby\u010dajn\u00fd smartf\u00f3n!<\/p>\n<p>Ako vid\u00edte, online ruleta zadarmo nie je len marketingov\u00fd \u0165ah na pril\u00e1kanie hr\u00e1\u010dov, je to realita. Sta\u0165 sa kr\u00e1\u013eom rulety sa d\u00e1 aj z ni\u010doho. Nemus\u00edte za\u010d\u00edna\u0165 hra\u0165 hne\u010f za peniaze, m\u00f4\u017eete si v\u0161etko najprv odsk\u00fa\u0161a\u0165 \u201enane\u010disto\u201c, zadarmo. Be\u017en\u00e9 kas\u00edna v\u00e1m t\u00fato mo\u017enos\u0165 nepon\u00faknu, online kas\u00edna \u00e1no. Kde inde v\u00e1m nielen\u017ee dovolia hra\u0165, ale e\u0161te v\u00e1m na hru prispej\u00fa? Toto v\u00e1m pon\u00faknu len<\/p>\n<\/div>\n<\/div>\n<\/div>\n<\/div>\n<\/div>\n<\/div><\/div><\/div><\/div><\/div><\/div><\/div><\/section>\n","protected":false},"excerpt":{"rendered":"RULETA ZADARMO \u2013 HRA\u0164 BEZ VLO\u017dENIA PE\u0147AZ\u00cd ! Na to, aby ste mohli za\u010da\u0165 hra\u0165 ruletu, potrebujete len chu\u0165 a \u010das. So v\u0161etk\u00fdm ostatn\u00fdm V\u00e1m pom\u00f4\u017eeme my alebo dokonca samotn\u00e9 online kas\u00edno. V hran\u00ed rulety zdarma nie je \u017eiadny skryt\u00fd trik, skuto\u010dne to ni\u010d nestoj\u00ed. Dokonca V\u00e1m samotn\u00e9 kas\u00edna na hru e\u0161te aj dobrovo\u013ene sami...","protected":false},"author":1,"featured_media":0,"parent":0,"menu_order":0,"comment_status":"closed","ping_status":"closed","template":"","meta":{"_acf_changed":false,"footnotes":""},"class_list":["post-2602","page","type-page","status-publish","hentry"],"acf":[],"rankMath":{"parentDomain":"onlinebettingspace.com","noFollowDomains":[],"noFollowExcludeDomains":[],"noFollowExternalLinks":false,"featuredImageNotice":"The featured image should be at least 200 by 200 pixels to be picked up by Facebook and other social media sites.","pluginReviewed":true,"postSettings":{"linkSuggestions":true,"useFocusKeyword":false},"frontEndScore":false,"postName":"ruleta-zadarmo","permalinkFormat":"https:\/\/onlinebettingspace.com\/sk\/%pagename%\/","showLockModifiedDate":true,"assessor":{"focusKeywordLink":"https:\/\/onlinebettingspace.com\/wp-admin\/edit.php?focus_keyword=%focus_keyword%&post_type=%post_type%","hasTOCPlugin":false,"primaryTaxonomy":false,"serpData":{"title":"Ruleta zadarmo online | onlinebettingspace.com","description":"Hra\u0165 americkej a eur\u00f3pskej rulety online zadarmo aby bolo nutn\u00e9 vytvori\u0165 \u00fa\u010det alebo s\u0165ahova\u0165 s\u00fabory, aby mohli za\u010da\u0165.","focusKeywords":"RULETA ZADARMO","pillarContent":false,"canonicalUrl":"","breadcrumbTitle":"","advancedRobots":[],"facebookTitle":"","facebookDescription":"","facebookImage":"","facebookImageID":"","facebookHasOverlay":false,"facebookImageOverlay":"","facebookAuthor":"","twitterCardType":"","twitterUseFacebook":true,"twitterTitle":"","twitterDescription":"","twitterImage":"","twitterImageID":"","twitterHasOverlay":false,"twitterImageOverlay":"","twitterPlayerUrl":"","twitterPlayerSize":"","twitterPlayerStream":"","twitterPlayerStreamCtype":"","twitterAppDescription":"","twitterAppIphoneName":"","twitterAppIphoneID":"","twitterAppIphoneUrl":"","twitterAppIpadName":"","twitterAppIpadID":"","twitterAppIpadUrl":"","twitterAppGoogleplayName":"","twitterAppGoogleplayID":"","twitterAppGoogleplayUrl":"","twitterAppCountry":"","robots":{"index":true},"twitterAuthor":"username","primaryTerm":0,"authorName":"OBSAdmin","titleTemplate":"%title% %sep% %sitename%","descriptionTemplate":"%excerpt%","showScoreFrontend":true,"lockModifiedDate":false},"powerWords":[],"diacritics":{"A":"[\\u0041\\u24B6\\uFF21\\u00C0\\u00C1\\u00C2\\u1EA6\\u1EA4\\u1EAA\\u1EA8\\u00C3\\u0100\\u0102\\u1EB0\\u1EAE\\u1EB4\\u1EB2\\u0226\\u01E0\\u00C4\\u01DE\\u1EA2\\u00C5\\u01FA\\u01CD\\u0200\\u0202\\u1EA0\\u1EAC\\u1EB6\\u1E00\\u0104\\u023A\\u2C6F]","AA":"[\\uA732]","AE":"[\\u00C6\\u01FC\\u01E2]","AO":"[\\uA734]","AU":"[\\uA736]","AV":"[\\uA738\\uA73A]","AY":"[\\uA73C]","B":"[\\u0042\\u24B7\\uFF22\\u1E02\\u1E04\\u1E06\\u0243\\u0182\\u0181]","C":"[\\u0043\\u24B8\\uFF23\\u0106\\u0108\\u010A\\u010C\\u00C7\\u1E08\\u0187\\u023B\\uA73E]","D":"[\\u0044\\u24B9\\uFF24\\u1E0A\\u010E\\u1E0C\\u1E10\\u1E12\\u1E0E\\u0110\\u018B\\u018A\\u0189\\uA779]","DZ":"[\\u01F1\\u01C4]","Dz":"[\\u01F2\\u01C5]","E":"[\\u0045\\u24BA\\uFF25\\u00C8\\u00C9\\u00CA\\u1EC0\\u1EBE\\u1EC4\\u1EC2\\u1EBC\\u0112\\u1E14\\u1E16\\u0114\\u0116\\u00CB\\u1EBA\\u011A\\u0204\\u0206\\u1EB8\\u1EC6\\u0228\\u1E1C\\u0118\\u1E18\\u1E1A\\u0190\\u018E]","F":"[\\u0046\\u24BB\\uFF26\\u1E1E\\u0191\\uA77B]","G":"[\\u0047\\u24BC\\uFF27\\u01F4\\u011C\\u1E20\\u011E\\u0120\\u01E6\\u0122\\u01E4\\u0193\\uA7A0\\uA77D\\uA77E]","H":"[\\u0048\\u24BD\\uFF28\\u0124\\u1E22\\u1E26\\u021E\\u1E24\\u1E28\\u1E2A\\u0126\\u2C67\\u2C75\\uA78D]","I":"[\\u0049\\u24BE\\uFF29\\u00CC\\u00CD\\u00CE\\u0128\\u012A\\u012C\\u0130\\u00CF\\u1E2E\\u1EC8\\u01CF\\u0208\\u020A\\u1ECA\\u012E\\u1E2C\\u0197]","J":"[\\u004A\\u24BF\\uFF2A\\u0134\\u0248]","K":"[\\u004B\\u24C0\\uFF2B\\u1E30\\u01E8\\u1E32\\u0136\\u1E34\\u0198\\u2C69\\uA740\\uA742\\uA744\\uA7A2]","L":"[\\u004C\\u24C1\\uFF2C\\u013F\\u0139\\u013D\\u1E36\\u1E38\\u013B\\u1E3C\\u1E3A\\u0141\\u023D\\u2C62\\u2C60\\uA748\\uA746\\uA780]","LJ":"[\\u01C7]","Lj":"[\\u01C8]","M":"[\\u004D\\u24C2\\uFF2D\\u1E3E\\u1E40\\u1E42\\u2C6E\\u019C]","N":"[\\u004E\\u24C3\\uFF2E\\u01F8\\u0143\\u00D1\\u1E44\\u0147\\u1E46\\u0145\\u1E4A\\u1E48\\u0220\\u019D\\uA790\\uA7A4]","NJ":"[\\u01CA]","Nj":"[\\u01CB]","O":"[\\u004F\\u24C4\\uFF2F\\u00D2\\u00D3\\u00D4\\u1ED2\\u1ED0\\u1ED6\\u1ED4\\u00D5\\u1E4C\\u022C\\u1E4E\\u014C\\u1E50\\u1E52\\u014E\\u022E\\u0230\\u00D6\\u022A\\u1ECE\\u0150\\u01D1\\u020C\\u020E\\u01A0\\u1EDC\\u1EDA\\u1EE0\\u1EDE\\u1EE2\\u1ECC\\u1ED8\\u01EA\\u01EC\\u00D8\\u01FE\\u0186\\u019F\\uA74A\\uA74C]","OI":"[\\u01A2]","OO":"[\\uA74E]","OU":"[\\u0222]","P":"[\\u0050\\u24C5\\uFF30\\u1E54\\u1E56\\u01A4\\u2C63\\uA750\\uA752\\uA754]","Q":"[\\u0051\\u24C6\\uFF31\\uA756\\uA758\\u024A]","R":"[\\u0052\\u24C7\\uFF32\\u0154\\u1E58\\u0158\\u0210\\u0212\\u1E5A\\u1E5C\\u0156\\u1E5E\\u024C\\u2C64\\uA75A\\uA7A6\\uA782]","S":"[\\u0053\\u24C8\\uFF33\\u1E9E\\u015A\\u1E64\\u015C\\u1E60\\u0160\\u1E66\\u1E62\\u1E68\\u0218\\u015E\\u2C7E\\uA7A8\\uA784]","T":"[\\u0054\\u24C9\\uFF34\\u1E6A\\u0164\\u1E6C\\u021A\\u0162\\u1E70\\u1E6E\\u0166\\u01AC\\u01AE\\u023E\\uA786]","TZ":"[\\uA728]","U":"[\\u0055\\u24CA\\uFF35\\u00D9\\u00DA\\u00DB\\u0168\\u1E78\\u016A\\u1E7A\\u016C\\u00DC\\u01DB\\u01D7\\u01D5\\u01D9\\u1EE6\\u016E\\u0170\\u01D3\\u0214\\u0216\\u01AF\\u1EEA\\u1EE8\\u1EEE\\u1EEC\\u1EF0\\u1EE4\\u1E72\\u0172\\u1E76\\u1E74\\u0244]","V":"[\\u0056\\u24CB\\uFF36\\u1E7C\\u1E7E\\u01B2\\uA75E\\u0245]","VY":"[\\uA760]","W":"[\\u0057\\u24CC\\uFF37\\u1E80\\u1E82\\u0174\\u1E86\\u1E84\\u1E88\\u2C72]","X":"[\\u0058\\u24CD\\uFF38\\u1E8A\\u1E8C]","Y":"[\\u0059\\u24CE\\uFF39\\u1EF2\\u00DD\\u0176\\u1EF8\\u0232\\u1E8E\\u0178\\u1EF6\\u1EF4\\u01B3\\u024E\\u1EFE]","Z":"[\\u005A\\u24CF\\uFF3A\\u0179\\u1E90\\u017B\\u017D\\u1E92\\u1E94\\u01B5\\u0224\\u2C7F\\u2C6B\\uA762]","a":"[\\u0061\\u24D0\\uFF41\\u1E9A\\u00E0\\u00E1\\u00E2\\u1EA7\\u1EA5\\u1EAB\\u1EA9\\u00E3\\u0101\\u0103\\u1EB1\\u1EAF\\u1EB5\\u1EB3\\u0227\\u01E1\\u00E4\\u01DF\\u1EA3\\u00E5\\u01FB\\u01CE\\u0201\\u0203\\u1EA1\\u1EAD\\u1EB7\\u1E01\\u0105\\u2C65\\u0250]","aa":"[\\uA733]","ae":"[\\u00E6\\u01FD\\u01E3]","ao":"[\\uA735]","au":"[\\uA737]","av":"[\\uA739\\uA73B]","ay":"[\\uA73D]","b":"[\\u0062\\u24D1\\uFF42\\u1E03\\u1E05\\u1E07\\u0180\\u0183\\u0253]","c":"[\\u0063\\u24D2\\uFF43\\u0107\\u0109\\u010B\\u010D\\u00E7\\u1E09\\u0188\\u023C\\uA73F\\u2184]","d":"[\\u0064\\u24D3\\uFF44\\u1E0B\\u010F\\u1E0D\\u1E11\\u1E13\\u1E0F\\u0111\\u018C\\u0256\\u0257\\uA77A]","dz":"[\\u01F3\\u01C6]","e":"[\\u0065\\u24D4\\uFF45\\u00E8\\u00E9\\u00EA\\u1EC1\\u1EBF\\u1EC5\\u1EC3\\u1EBD\\u0113\\u1E15\\u1E17\\u0115\\u0117\\u00EB\\u1EBB\\u011B\\u0205\\u0207\\u1EB9\\u1EC7\\u0229\\u1E1D\\u0119\\u1E19\\u1E1B\\u0247\\u025B\\u01DD]","f":"[\\u0066\\u24D5\\uFF46\\u1E1F\\u0192\\uA77C]","g":"[\\u0067\\u24D6\\uFF47\\u01F5\\u011D\\u1E21\\u011F\\u0121\\u01E7\\u0123\\u01E5\\u0260\\uA7A1\\u1D79\\uA77F]","h":"[\\u0068\\u24D7\\uFF48\\u0125\\u1E23\\u1E27\\u021F\\u1E25\\u1E29\\u1E2B\\u1E96\\u0127\\u2C68\\u2C76\\u0265]","hv":"[\\u0195]","i":"[\\u0069\\u24D8\\uFF49\\u00EC\\u00ED\\u00EE\\u0129\\u012B\\u012D\\u00EF\\u1E2F\\u1EC9\\u01D0\\u0209\\u020B\\u1ECB\\u012F\\u1E2D\\u0268\\u0131]","j":"[\\u006A\\u24D9\\uFF4A\\u0135\\u01F0\\u0249]","k":"[\\u006B\\u24DA\\uFF4B\\u1E31\\u01E9\\u1E33\\u0137\\u1E35\\u0199\\u2C6A\\uA741\\uA743\\uA745\\uA7A3]","l":"[\\u006C\\u24DB\\uFF4C\\u0140\\u013A\\u013E\\u1E37\\u1E39\\u013C\\u1E3D\\u1E3B\\u017F\\u0142\\u019A\\u026B\\u2C61\\uA749\\uA781\\uA747]","lj":"[\\u01C9]","m":"[\\u006D\\u24DC\\uFF4D\\u1E3F\\u1E41\\u1E43\\u0271\\u026F]","n":"[\\u006E\\u24DD\\uFF4E\\u01F9\\u0144\\u00F1\\u1E45\\u0148\\u1E47\\u0146\\u1E4B\\u1E49\\u019E\\u0272\\u0149\\uA791\\uA7A5]","nj":"[\\u01CC]","o":"[\\u006F\\u24DE\\uFF4F\\u00F2\\u00F3\\u00F4\\u1ED3\\u1ED1\\u1ED7\\u1ED5\\u00F5\\u1E4D\\u022D\\u1E4F\\u014D\\u1E51\\u1E53\\u014F\\u022F\\u0231\\u00F6\\u022B\\u1ECF\\u0151\\u01D2\\u020D\\u020F\\u01A1\\u1EDD\\u1EDB\\u1EE1\\u1EDF\\u1EE3\\u1ECD\\u1ED9\\u01EB\\u01ED\\u00F8\\u01FF\\u0254\\uA74B\\uA74D\\u0275]","oi":"[\\u01A3]","ou":"[\\u0223]","oo":"[\\uA74F]","p":"[\\u0070\\u24DF\\uFF50\\u1E55\\u1E57\\u01A5\\u1D7D\\uA751\\uA753\\uA755]","q":"[\\u0071\\u24E0\\uFF51\\u024B\\uA757\\uA759]","r":"[\\u0072\\u24E1\\uFF52\\u0155\\u1E59\\u0159\\u0211\\u0213\\u1E5B\\u1E5D\\u0157\\u1E5F\\u024D\\u027D\\uA75B\\uA7A7\\uA783]","s":"[\\u0073\\u24E2\\uFF53\\u015B\\u1E65\\u015D\\u1E61\\u0161\\u1E67\\u1E63\\u1E69\\u0219\\u015F\\u023F\\uA7A9\\uA785\\u1E9B]","ss":"[\\u00DF]","t":"[\\u0074\\u24E3\\uFF54\\u1E6B\\u1E97\\u0165\\u1E6D\\u021B\\u0163\\u1E71\\u1E6F\\u0167\\u01AD\\u0288\\u2C66\\uA787]","tz":"[\\uA729]","u":"[\\u0075\\u24E4\\uFF55\\u00F9\\u00FA\\u00FB\\u0169\\u1E79\\u016B\\u1E7B\\u016D\\u00FC\\u01DC\\u01D8\\u01D6\\u01DA\\u1EE7\\u016F\\u0171\\u01D4\\u0215\\u0217\\u01B0\\u1EEB\\u1EE9\\u1EEF\\u1EED\\u1EF1\\u1EE5\\u1E73\\u0173\\u1E77\\u1E75\\u0289]","v":"[\\u0076\\u24E5\\uFF56\\u1E7D\\u1E7F\\u028B\\uA75F\\u028C]","vy":"[\\uA761]","w":"[\\u0077\\u24E6\\uFF57\\u1E81\\u1E83\\u0175\\u1E87\\u1E85\\u1E98\\u1E89\\u2C73]","x":"[\\u0078\\u24E7\\uFF58\\u1E8B\\u1E8D]","y":"[\\u0079\\u24E8\\uFF59\\u1EF3\\u00FD\\u0177\\u1EF9\\u0233\\u1E8F\\u00FF\\u1EF7\\u1E99\\u1EF5\\u01B4\\u024F\\u1EFF]","z":"[\\u007A\\u24E9\\uFF5A\\u017A\\u1E91\\u017C\\u017E\\u1E93\\u1E95\\u01B6\\u0225\\u0240\\u2C6C\\uA763]"},"researchesTests":["contentHasTOC","contentHasShortParagraphs","contentHasAssets","keywordInTitle","keywordInMetaDescription","keywordInPermalink","keywordIn10Percent","keywordInContent","keywordInSubheadings","keywordInImageAlt","keywordDensity","keywordNotUsed","lengthContent","lengthPermalink","linksHasInternal","linksHasExternals","linksNotAllExternals","titleStartWithKeyword","titleSentiment","titleHasPowerWords","titleHasNumber","hasContentAI"],"hasRedirection":true,"hasBreadcrumb":false},"homeUrl":"https:\/\/onlinebettingspace.com\/sk\/","objectID":2602,"objectType":"post","locale":"sk","localeFull":"sk_SK","overlayImages":{"play":{"name":"Play icon","url":"https:\/\/onlinebettingspace.com\/wp-content\/plugins\/seo-by-rank-math\/assets\/admin\/img\/icon-play.png","path":"\/home\/SuperAdmin\/web\/onlinebettingspace.com\/public_html\/wp-content\/plugins\/seo-by-rank-math\/assets\/admin\/img\/icon-play.png","position":"middle_center"},"gif":{"name":"GIF icon","url":"https:\/\/onlinebettingspace.com\/wp-content\/plugins\/seo-by-rank-math\/assets\/admin\/img\/icon-gif.png","path":"\/home\/SuperAdmin\/web\/onlinebettingspace.com\/public_html\/wp-content\/plugins\/seo-by-rank-math\/assets\/admin\/img\/icon-gif.png","position":"middle_center"}},"defautOgImage":"https:\/\/onlinebettingspace.com\/wp-content\/uploads\/2022\/04\/OBS-FULL-LOGO.webp","customPermalinks":true,"isUserRegistered":true,"autoSuggestKeywords":true,"connectSiteUrl":"https:\/\/rankmath.com\/auth?site=https%3A%2F%2Fonlinebettingspace.com%2Fsk%2F&r=https%3A%2F%2Fonlinebettingspace.com%2Fsk%2Fwp-json%2Fwp%2Fv2%2Fpages%2F2602%3Fnonce%3Dfc2cda84e7","maxTags":5,"trendsIcon":"<svg viewBox=\"0 0 610 610\"><path d=\"M18.85,446,174.32,290.48l58.08,58.08L76.93,504a14.54,14.54,0,0,1-20.55,0L18.83,466.48a14.54,14.54,0,0,1,0-20.55Z\" style=\"fill:#4285f4\"\/><path d=\"M242.65,242.66,377.59,377.6l-47.75,47.75a14.54,14.54,0,0,1-20.55,0L174.37,290.43l47.75-47.75A14.52,14.52,0,0,1,242.65,242.66Z\" style=\"fill:#ea4335\"\/><polygon points=\"319.53 319.53 479.26 159.8 537.34 217.88 377.61 377.62 319.53 319.53\" style=\"fill:#fabb05\"\/><path d=\"M594.26,262.73V118.61h0a16.94,16.94,0,0,0-16.94-16.94H433.2a16.94,16.94,0,0,0-12,28.92L565.34,274.71h0a16.94,16.94,0,0,0,28.92-12Z\" style=\"fill:#34a853\"\/><rect width=\"610\" height=\"610\" style=\"fill:none\"\/><\/svg>","showScore":true,"siteFavIcon":"https:\/\/onlinebettingspace.com\/wp-content\/uploads\/2022\/04\/OBS-LOGO-1.webp","canUser":{"general":false,"advanced":false,"snippet":false,"social":false,"analysis":false,"analytics":false,"content_ai":false},"showKeywordIntent":true,"isPro":false,"is_front_page":false,"trendsUpgradeLink":"https:\/\/rankmath.com\/pricing\/?utm_source=Plugin&utm_medium=CE%20General%20Tab%20Trends&utm_campaign=WP","trendsUpgradeLabel":"Upgrade","trendsPreviewImage":"https:\/\/onlinebettingspace.com\/wp-content\/plugins\/seo-by-rank-math\/assets\/admin\/img\/trends-preview.jpg","currentEditor":false,"homepageData":{"assessor":{"powerWords":[],"diacritics":true,"researchesTests":["contentHasTOC","contentHasShortParagraphs","contentHasAssets","keywordInTitle","keywordInMetaDescription","keywordInPermalink","keywordIn10Percent","keywordInContent","keywordInSubheadings","keywordInImageAlt","keywordDensity","keywordNotUsed","lengthContent","lengthPermalink","linksHasInternal","linksHasExternals","linksNotAllExternals","titleStartWithKeyword","titleSentiment","titleHasPowerWords","titleHasNumber","hasContentAI"],"hasBreadcrumb":false,"serpData":{"title":"%sitename% %page% %sep% %sitedesc%","description":"","titleTemplate":"%sitename% %page% %sep% %sitedesc%","descriptionTemplate":"","focusKeywords":"","breadcrumbTitle":"Home","robots":{"index":true},"advancedRobots":[],"facebookTitle":"","facebookDescription":"","facebookImage":"","facebookImageID":""}}},"tocTitle":"Table of Contents","tocExcludeHeadings":[],"listStyle":"ul"},"_links":{"self":[{"href":"https:\/\/onlinebettingspace.com\/sk\/wp-json\/wp\/v2\/pages\/2602","targetHints":{"allow":["GET"]}}],"collection":[{"href":"https:\/\/onlinebettingspace.com\/sk\/wp-json\/wp\/v2\/pages"}],"about":[{"href":"https:\/\/onlinebettingspace.com\/sk\/wp-json\/wp\/v2\/types\/page"}],"author":[{"embeddable":true,"href":"https:\/\/onlinebettingspace.com\/sk\/wp-json\/wp\/v2\/users\/1"}],"replies":[{"embeddable":true,"href":"https:\/\/onlinebettingspace.com\/sk\/wp-json\/wp\/v2\/comments?post=2602"}],"version-history":[{"count":0,"href":"https:\/\/onlinebettingspace.com\/sk\/wp-json\/wp\/v2\/pages\/2602\/revisions"}],"wp:attachment":[{"href":"https:\/\/onlinebettingspace.com\/sk\/wp-json\/wp\/v2\/media?parent=2602"}],"curies":[{"name":"wp","href":"https:\/\/api.w.org\/{rel}","templated":true}]}}