{"id":2596,"date":"2022-08-21T00:01:11","date_gmt":"2022-08-20T21:01:11","guid":{"rendered":"https:\/\/onlinebettingspace.com\/?page_id=2596"},"modified":"2022-08-21T00:01:11","modified_gmt":"2022-08-20T21:01:11","slug":"live-ruleta","status":"publish","type":"page","link":"https:\/\/onlinebettingspace.com\/sk\/live-ruleta\/","title":{"rendered":"LIVE RULETA"},"content":{"rendered":"<section class=\"l-section wpb_row height_medium\"><div class=\"l-section-h i-cf\"><div class=\"g-cols vc_row via_flex valign_top type_default stacking_default\"><div class=\"vc_col-sm-12 wpb_column vc_column_container\"><div class=\"vc_column-inner\"><div class=\"wpb_wrapper\"><div class=\"wpb_text_column\"><div class=\"wpb_wrapper\"><h1>LIVE RULETA ALEBO RULETA NA\u017dIVO<\/h1>\n<p>Ako ste si mohli v\u0161imn\u00fa\u0165, tak u\u017e dlh\u0161iu dobu na na\u0161ej str\u00e1nke propagujeme takzvan\u00e9\u00a0<strong>live casino hry<\/strong>. Je to technologick\u00fd ve\u013ek\u00fd pokrok oproti klasick\u00fd casino hr\u00e1m, preto\u017ee\u00a0<strong><a href=\"\/sk\/live-casino\">live casino hry<\/a><\/strong>\u00a0vy\u017eaduj\u00fa re\u00e1lnu osobu, ktor\u00e1 v\u00e1m po\u010das hrania rob\u00ed krupi\u00e9ra.<\/p>\n<div>\n<div class=\" readMore _3k \">\n<p>Hra ma \u00faplne in\u00fd rozmer v\u010faka tomu, \u017ee sa nepozer\u00e1te len na genericky po\u010d\u00edta\u010dovo vymodelovan\u00e9 ruletov\u00e9 koleso, ale pozer\u00e1te sa na skuto\u010dn\u00fa osobu, ktor\u00e1\u00a0<strong>ovl\u00e1da skuto\u010dn\u00e9 ruletov\u00e9 koleso<\/strong>. Tempo celej hry je preto stanoven\u00e9 krupi\u00e9rom alebo krupi\u00e9rkou, vy po\u010das hranie mus\u00edte po\u010dka\u0165, k\u00fdm sa koleso doto\u010d\u00ed a\u00a0kedy obsluha vyhl\u00e1si v\u00fdsledok. Pre \u013eud\u00ed, ktor\u00ed si chc\u00fa u\u017ei\u0165 t\u00fa\u00a0<strong>prav\u00fa atmosf\u00e9ru kas\u00edna<\/strong>\u00a0je toto t\u00e1 najlep\u0161ia vo\u013eba, preto\u017ee na obrazovke vid\u00edte k\u00fasok skuto\u010dn\u00e9ho kas\u00edna. Pozrime sa teraz na to, ako si zahra\u0165 live ruletu a\u00a0kde ju h\u013eada\u0165.<\/p>\n<h2>ZAHRAJTE SI LIVE RULETU AJ VY<\/h2>\n<p>V\u00a0minulosti sme museli \u0161peci\u00e1lne poukazova\u0165 na online casina, v\u00a0ktor\u00fdch ste si mohli zahra\u0165 aj kas\u00edno hry na\u017eivo. V\u00a0s\u00fa\u010dasnosti to u\u017e skuto\u010dne nemus\u00edme robi\u0165, preto\u017ee\u00a0<strong><a href=\"\/sk\/kasina-recenzia\">v\u0161etky na\u0161e recenzovan\u00e9 online<\/a><\/strong>\u00a0kas\u00edna maj\u00fa reperto\u00e1ri hier aj live casino hry. Preto je v\u00a0podstatne jedno, \u010di si zvol\u00edte slovensk\u00e9\u00a0<strong>casino iFortuna<\/strong>, alebo\u00a0<strong>eur\u00f3pske CasinoEuro<\/strong>\u00a0\u2013 v\u00a0oboch t\u00fdchto kas\u00ednach sa samozrejme bude nach\u00e1dza\u0165 live ruleta a\u00a0in\u00e9 live casino hry.<\/p>\n<p>Mali by sme v\u00e1m v\u0161ak pripomen\u00fa\u0165, \u017ee pokia\u013e ste hr\u00e1\u010d, ktor\u00ed preferuje hranie na mobilnom zariaden\u00ed \u2013 \u010di u\u017e na mobile alebo tablete \u2013 tak si je treba da\u0165 pozor. Toti\u017e nie ka\u017ed\u00e9 online casino je nato\u013eko\u00a0<strong>mobilne optimalizovan\u00e9<\/strong>, \u017ee v\u00a0mobilnom re\u017eime pon\u00faka i\u00a0kas\u00edno hry na\u017eivo. Pokia\u013e chcete kas\u00edno, ktor\u00e9 m\u00f4\u017eete nav\u0161t\u00edvi\u0165 cez v\u00e1\u0161 mobiln\u00fd telef\u00f3n a\u00a0pritom si zahra\u0165 live casino hry, tak potom odpor\u00fa\u010dame napr\u00edklad\u00a0<strong>AstralBet Casino<\/strong>, ktor\u00e9 v\u00a0mobilnom re\u017eime pon\u00faka tak\u00e9to hry.<\/p>\n<h2>AKO SA HR\u00c1 RULETA NA\u017dIVO A\u00a0JEJ PRAVIDL\u00c1<\/h2>\n<p>Pravid\u00e1 rulety na\u017eivo s\u00fa \u00faplne tak\u00e9 ist\u00e9, ako\u00a0<strong><a href=\"\/sk\/ruleta\/pravidla\">pravidl\u00e1 online rulety<\/a><\/strong>. V\u0161etko samozrejme z\u00e1vis\u00ed od toho,\u00a0<strong>ktor\u00fa vari\u00e1ciu rulety<\/strong>\u00a0ste si zvolili \u2013 be\u017ene, i\u00a0v\u00a0live re\u017eime s\u00fa dostupn\u00e9 vari\u00e1cie\u00a0<strong>eur\u00f3pska, americk\u00e1 a\u00a0franc\u00fazska<\/strong>. Pod\u013ea toho sa odv\u00edja dizajn kolesa a\u00a0niektor\u00e9 pravidl\u00e1, ktor\u00e9 n\u00e1sledne upravuj\u00fa to, ako sa nar\u00e1ba so st\u00e1vkami. Ak si presne nepam\u00e4t\u00e1te, ak\u00fd je napr\u00edklad rozdiel medzi americkou a\u00a0eur\u00f3pskou ruletou, tak v\u00e1m odpor\u00fa\u010dame pre\u010d\u00edta\u0165 si n\u00e1\u0161 \u010dl\u00e1nok o\u00a0<strong><a href=\"\/sk\/ruleta\">ruletov\u00fdch vari\u00e1ci\u00e1ch<\/a><\/strong>, v\u00a0ktorom sa dozviete viac na t\u00fato t\u00e9mu.<\/p>\n<p>Ako vyzer\u00e1 live ruleta m\u00f4\u017eete vidie\u0165 na prilo\u017eenom obr\u00e1zku. Na va\u0161ej obrazovke vid\u00edte digit\u00e1lnu, po\u010d\u00edta\u010dom generovan\u00fa plochu, na ktor\u00fa m\u00f4\u017eete umiest\u0148ova\u0165 st\u00e1vky alebo na ktorej vid\u00edte stav v\u00e1\u0161ho banku, v\u00fdhru, predch\u00e1dzaj\u00face \u010d\u00edsla, ktor\u00e9 padli a\u00a0podobne. V\u00a0strede obrazovky vid\u00edte samotn\u00fa krupi\u00e9rku alebo krupi\u00e9ra, ktor\u00fd riadia hru.<\/p>\n<p>Okrem toho, \u017ee v\u00e1s vyz\u00fdvaj\u00fa na vytvorenie st\u00e1vok, tak hlavne ovl\u00e1daj\u00fa i\u00a0ruletov\u00e9 koleso. To znamen\u00e1, \u017ee ke\u010f zahl\u00e1sia koniec st\u00e1vok, tak n\u00e1sledne ru\u010dne rozto\u010dia koleso a\u00a0hodia do neho ruletov\u00fa gu\u013e\u00f4\u010dku, ktor\u00e1 si sk\u00e1\u010de na kolese a\u00a0n\u00e1sledne sa usad\u00ed na jednom z\u00a0pol\u00ed\u010dok. Obsluha potom\u00a0<strong>vyhl\u00e1si v\u00fdsledok<\/strong>\u00a0a\u00a0otvor\u00ed \u010fal\u0161iu mo\u017enos\u0165 st\u00e1vkovania. \u017det\u00f3ny \u010di in\u00e9 v\u00fdhry nie s\u00fa rozd\u00e1van\u00e9 obsluhou \u2013 toto je riaden\u00e9 po\u010d\u00edta\u010dom na digit\u00e1lnej \u010dasti obrazovky, ktor\u00fa sme spom\u00ednali v\u00a0predch\u00e1dzaj\u00facich riadkoch.<\/p>\n<p>Ak v\u00e1s\u00a0<strong>live roulette\u00a0<\/strong>zaujala, tak odpor\u00fa\u010dame v\u00e1m ju vysk\u00fa\u0161a\u0165. Uvid\u00edte, \u017ee sa jedn\u00e1 o\u00a0v\u00fdborn\u00fd, modern\u00fd sp\u00f4sob, ako sa digit\u00e1lne ocitn\u00fa\u0165 v\u00a0skuto\u010dnom kas\u00edne a\u00a0vysk\u00fa\u0161a\u0165 si t\u00fato neopakovate\u013en\u00fa atmosf\u00e9ru!<\/p>\n<h2>TYPY LIVE RULETOV\u00ddCH HIER<\/h2>\n<p>Napriek tomu, \u017ee to vyzer\u00e1, \u017ee live ruleta je len jedna hra, plat\u00ed, \u017ee nie je ruleta ako ruleta. Live casino hry vr\u00e1tane rulety maj\u00fa svojich autorov a\u00a0t\u00ed do nich v\u00a0snahe zauja\u0165 prin\u00e1\u0161aj\u00fa origin\u00e1lne a\u00a0jedine\u010dn\u00e9 prvky. Po\u010fme si uk\u00e1za\u0165 najpopul\u00e1rnej\u0161ie varianty live rulety.<\/p>\n<ul>\n<li><strong>VIP Roulette<\/strong><\/li>\n<\/ul>\n<p>VIP Roulette alebo VIP Ruleta je verzia live rulety od spolo\u010dnosti Net Entertainment. N\u00e1zov odzrkad\u013euje to, komu je predov\u0161etk\u00fdm ur\u010den\u00e1 \u2013 high roller hr\u00e1\u010dom, ktor\u00ed s\u00fa dostato\u010dne majetn\u00ed. V\u00fdmenou za vy\u0161\u0161ie st\u00e1vkov\u00e9 limity z\u00edskavaj\u00fa hr\u00e1\u010di mo\u017enos\u0165 zahra\u0165 si ruletu v\u00a0\u0161t\u00fadiu na Malte, kde ich bude obsluhova\u0165 vy\u0161kolen\u00ed a\u00a0priate\u013esk\u00ed person\u00e1l krupi\u00e9rok, s\u00a0ktor\u00fdmi si hr\u00e1\u010di po\u010das hry m\u00f4\u017ee aj zachatova\u0165. Po\u010das hry m\u00f4\u017eu hr\u00e1\u010di prep\u00edna\u0165 medzi kamerami a\u00a0dokonca sa t\u00e1to verzia d\u00e1 zahra\u0165 aj prostredn\u00edctvom inteligentn\u00fdch mobiln\u00fdch telef\u00f3nov.\u00a0<strong>Zahrajte si t\u00fato hru v\u00a0<a href=\"\/sk\/casinoeuro\">CasinoEuro<\/a>.<\/strong><\/p>\n<ul>\n<li><strong>Live Beyond Live Roulette<\/strong><\/li>\n<\/ul>\n<p>Za\u010diatkom roku 2018 spustil NetEnt v\u00a0spolupr\u00e1ci s\u00a0online kas\u00ednom Mr Green nov\u00fd typ live casino hier pod n\u00e1zvom Live Beyond Live, do ktor\u00e9ho umiestnil aj ruletu. Live Beyond Live je vlastne rozsiahla gaming room nach\u00e1daj\u00faca sa na Malte. Tento nov\u00fd typ live kas\u00ednov\u00e9ho hrania prin\u00e1\u0161a autentick\u00fd z\u00e1\u017eitok s\u00a0interakt\u00edvnym pozad\u00edm a s\u00a0mo\u017enos\u0165ou pres\u00fava\u0165 sa medzi dvomi ruletov\u00fdmi stolmi. Na rozdiel od VIP Roulette si tento variant live rulety m\u00f4\u017eu zahra\u0165 aj hr\u00e1\u010di, ktor\u00ed nehr\u00e1vaj\u00fa s\u00a0t\u00fdmi najv\u00e4\u010d\u0161\u00edmi stakes.\u00a0<strong>Zahrajte si t\u00fato hru v\u00a0<a href=\"\/sk\/legolas-bet-casino\">LegolasBet Casino<\/a><\/strong>.<\/p>\n<ul>\n<li><strong>Live Immersive Roulette<\/strong><\/li>\n<\/ul>\n<p>Live Immersive Roulette je ruletovou hrou od Evolution Gaming. Stream s\u00a0vysok\u00fdm rozl\u00ed\u0161en\u00edm schopn\u00fdm zobrazi\u0165 a\u017e 200 z\u00e1berov za sekundu, mo\u017enos\u0165ou prep\u00ednania si medzi kamerami a\u00a0mo\u017enos\u0165ou pribl\u00ed\u017eenia si, pr\u00edpadne spustenia z\u00e1znamu, ur\u010dite docen\u00ed ka\u017ed\u00fd milovn\u00edk rulety. Pre pomoc hr\u00e1\u010dom sl\u00fa\u017ei grafika so \u0161tatistikou zoh\u013ead\u0148uj\u00facou v\u00fdsledky z\u00a0posledn\u00fdch 500 hier a\u00a0odha\u013euj\u00facou tak takzvan\u00e9 hor\u00face a\u00a0chladn\u00e9 \u010d\u00edsla. Ak ob\u013eubujete live ruletu, vysk\u00fa\u0161ajte ur\u010dite aj t\u00fato.\u00a0<strong>Zahrajte si t\u00fato hru v\u00a0<a href=\"\/sk\/astralbet-casino\">AstralBet Casino<\/a><\/strong>.<\/p>\n<ul>\n<li><strong>Live Lightning Roulette<\/strong><\/li>\n<\/ul>\n<p>Live Lightning Roulette je \u010fal\u0161\u00edm typom rulety od Evolution Gaming. V\u00a0porovnan\u00ed s\u00a0Live Immersive Roulette m\u00e1 nieko\u013eko zmien. N\u00e1jdeme tu Lucky Numbers a\u00a0Lucky Payouts, \u010do s\u00fa n\u00e1stroje, prostredn\u00edctvom ktor\u00fdch m\u00f4\u017eete vyhra\u0165 e\u0161te viac. Pri tom v\u00fd\u0161ka v\u00fdhier je rovnak\u00e1 ako pri be\u017en\u00fdch hr\u00e1ch v\u00a0Eur\u00f3pskej rulete. V\u010faka multi-playerovej funkcii m\u00f4\u017ee t\u00fato hru hra\u0165 naraz neobmedzen\u00fd po\u010det hr\u00e1\u010dov. Cel\u00e1 hra prebieha v\u00a0o\u010daruj\u00facom \u010dierno-zlatom Art Decovom priestore, ktor\u00fd dod\u00e1va hre \u0161peci\u00e1lny \u0161arm.\u00a0<strong>Zahrajte si t\u00fato hru v\u00a0<a href=\"\/sk\/casinoeuro\">CasinoEuro<\/a><\/strong>.<\/p>\n<h2>SUM\u00c1R<\/h2>\n<p>Live ruleta je v\u00fdbornou alternat\u00edvou pre v\u0161etk\u00fdch t\u00fdch, ktor\u00ed hr\u00e1vaj\u00fa ruletu. Kombinuje v\u00a0sebe v\u00fdhody online hry (hranie z\u00a0pohodlia domova) a\u00a0v\u00fdhody \u017eivej hry (spolo\u010densk\u00fd aspekt). Pri live rulete sa dobre zabav\u00edte, spozn\u00e1te nov\u00fdch \u013eud\u00ed a\u00a0pochopite\u013ene, z\u00edskate aj mo\u017enos\u0165 vyhra\u0165 zauj\u00edmav\u00e9 peniaze. Pokia\u013e sa V\u00e1m p\u00e1\u010di predstava hra\u0165 ruletu na\u017eivo a\u00a0nechcete kv\u00f4li tomu cestova\u0165 \u010faleko do kas\u00edna, vysk\u00fa\u0161ajte live ruletu!<\/p>\n<\/div>\n<\/div>\n<\/div><\/div><\/div><\/div><\/div><\/div><\/div><\/section>\n","protected":false},"excerpt":{"rendered":"LIVE RULETA ALEBO RULETA NA\u017dIVO Ako ste si mohli v\u0161imn\u00fa\u0165, tak u\u017e dlh\u0161iu dobu na na\u0161ej str\u00e1nke propagujeme takzvan\u00e9\u00a0live casino hry. Je to technologick\u00fd ve\u013ek\u00fd pokrok oproti klasick\u00fd casino hr\u00e1m, preto\u017ee\u00a0live casino hry\u00a0vy\u017eaduj\u00fa re\u00e1lnu osobu, ktor\u00e1 v\u00e1m po\u010das hrania rob\u00ed krupi\u00e9ra. Hra ma \u00faplne in\u00fd rozmer v\u010faka tomu, \u017ee sa nepozer\u00e1te len na genericky po\u010d\u00edta\u010dovo...","protected":false},"author":1,"featured_media":0,"parent":0,"menu_order":0,"comment_status":"closed","ping_status":"closed","template":"","meta":{"_acf_changed":false,"footnotes":""},"class_list":["post-2596","page","type-page","status-publish","hentry"],"acf":[],"rankMath":{"parentDomain":"onlinebettingspace.com","noFollowDomains":[],"noFollowExcludeDomains":[],"noFollowExternalLinks":false,"featuredImageNotice":"The featured image should be at least 200 by 200 pixels to be picked up by Facebook and other social media sites.","pluginReviewed":true,"postSettings":{"linkSuggestions":true,"useFocusKeyword":false},"frontEndScore":false,"postName":"live-ruleta","permalinkFormat":"https:\/\/onlinebettingspace.com\/sk\/%pagename%\/","showLockModifiedDate":true,"assessor":{"focusKeywordLink":"https:\/\/onlinebettingspace.com\/wp-admin\/edit.php?focus_keyword=%focus_keyword%&post_type=%post_type%","hasTOCPlugin":false,"primaryTaxonomy":false,"serpData":{"title":"Zahrajte si live ruletu alebo ruletu na\u017eivo - onlinebettingspace.com","description":"Live casino hry je nov\u00fd sp\u00f4sob, ako si doma u\u017ei\u0165 atmosf\u00e9ru prav\u00e9ho kas\u00edna. Pozrite si na to, ako sa hr\u00e1 live ruleta a kde si m\u00f4\u017eete i vy zahra\u0165 ruletu na\u017eivo.","focusKeywords":"LIVE RULETA","pillarContent":false,"canonicalUrl":"","breadcrumbTitle":"","advancedRobots":[],"facebookTitle":"","facebookDescription":"","facebookImage":"","facebookImageID":"","facebookHasOverlay":false,"facebookImageOverlay":"","facebookAuthor":"","twitterCardType":"","twitterUseFacebook":true,"twitterTitle":"","twitterDescription":"","twitterImage":"","twitterImageID":"","twitterHasOverlay":false,"twitterImageOverlay":"","twitterPlayerUrl":"","twitterPlayerSize":"","twitterPlayerStream":"","twitterPlayerStreamCtype":"","twitterAppDescription":"","twitterAppIphoneName":"","twitterAppIphoneID":"","twitterAppIphoneUrl":"","twitterAppIpadName":"","twitterAppIpadID":"","twitterAppIpadUrl":"","twitterAppGoogleplayName":"","twitterAppGoogleplayID":"","twitterAppGoogleplayUrl":"","twitterAppCountry":"","robots":{"index":true},"twitterAuthor":"username","primaryTerm":0,"authorName":"OBSAdmin","titleTemplate":"%title% %sep% %sitename%","descriptionTemplate":"%excerpt%","showScoreFrontend":true,"lockModifiedDate":false},"powerWords":[],"diacritics":{"A":"[\\u0041\\u24B6\\uFF21\\u00C0\\u00C1\\u00C2\\u1EA6\\u1EA4\\u1EAA\\u1EA8\\u00C3\\u0100\\u0102\\u1EB0\\u1EAE\\u1EB4\\u1EB2\\u0226\\u01E0\\u00C4\\u01DE\\u1EA2\\u00C5\\u01FA\\u01CD\\u0200\\u0202\\u1EA0\\u1EAC\\u1EB6\\u1E00\\u0104\\u023A\\u2C6F]","AA":"[\\uA732]","AE":"[\\u00C6\\u01FC\\u01E2]","AO":"[\\uA734]","AU":"[\\uA736]","AV":"[\\uA738\\uA73A]","AY":"[\\uA73C]","B":"[\\u0042\\u24B7\\uFF22\\u1E02\\u1E04\\u1E06\\u0243\\u0182\\u0181]","C":"[\\u0043\\u24B8\\uFF23\\u0106\\u0108\\u010A\\u010C\\u00C7\\u1E08\\u0187\\u023B\\uA73E]","D":"[\\u0044\\u24B9\\uFF24\\u1E0A\\u010E\\u1E0C\\u1E10\\u1E12\\u1E0E\\u0110\\u018B\\u018A\\u0189\\uA779]","DZ":"[\\u01F1\\u01C4]","Dz":"[\\u01F2\\u01C5]","E":"[\\u0045\\u24BA\\uFF25\\u00C8\\u00C9\\u00CA\\u1EC0\\u1EBE\\u1EC4\\u1EC2\\u1EBC\\u0112\\u1E14\\u1E16\\u0114\\u0116\\u00CB\\u1EBA\\u011A\\u0204\\u0206\\u1EB8\\u1EC6\\u0228\\u1E1C\\u0118\\u1E18\\u1E1A\\u0190\\u018E]","F":"[\\u0046\\u24BB\\uFF26\\u1E1E\\u0191\\uA77B]","G":"[\\u0047\\u24BC\\uFF27\\u01F4\\u011C\\u1E20\\u011E\\u0120\\u01E6\\u0122\\u01E4\\u0193\\uA7A0\\uA77D\\uA77E]","H":"[\\u0048\\u24BD\\uFF28\\u0124\\u1E22\\u1E26\\u021E\\u1E24\\u1E28\\u1E2A\\u0126\\u2C67\\u2C75\\uA78D]","I":"[\\u0049\\u24BE\\uFF29\\u00CC\\u00CD\\u00CE\\u0128\\u012A\\u012C\\u0130\\u00CF\\u1E2E\\u1EC8\\u01CF\\u0208\\u020A\\u1ECA\\u012E\\u1E2C\\u0197]","J":"[\\u004A\\u24BF\\uFF2A\\u0134\\u0248]","K":"[\\u004B\\u24C0\\uFF2B\\u1E30\\u01E8\\u1E32\\u0136\\u1E34\\u0198\\u2C69\\uA740\\uA742\\uA744\\uA7A2]","L":"[\\u004C\\u24C1\\uFF2C\\u013F\\u0139\\u013D\\u1E36\\u1E38\\u013B\\u1E3C\\u1E3A\\u0141\\u023D\\u2C62\\u2C60\\uA748\\uA746\\uA780]","LJ":"[\\u01C7]","Lj":"[\\u01C8]","M":"[\\u004D\\u24C2\\uFF2D\\u1E3E\\u1E40\\u1E42\\u2C6E\\u019C]","N":"[\\u004E\\u24C3\\uFF2E\\u01F8\\u0143\\u00D1\\u1E44\\u0147\\u1E46\\u0145\\u1E4A\\u1E48\\u0220\\u019D\\uA790\\uA7A4]","NJ":"[\\u01CA]","Nj":"[\\u01CB]","O":"[\\u004F\\u24C4\\uFF2F\\u00D2\\u00D3\\u00D4\\u1ED2\\u1ED0\\u1ED6\\u1ED4\\u00D5\\u1E4C\\u022C\\u1E4E\\u014C\\u1E50\\u1E52\\u014E\\u022E\\u0230\\u00D6\\u022A\\u1ECE\\u0150\\u01D1\\u020C\\u020E\\u01A0\\u1EDC\\u1EDA\\u1EE0\\u1EDE\\u1EE2\\u1ECC\\u1ED8\\u01EA\\u01EC\\u00D8\\u01FE\\u0186\\u019F\\uA74A\\uA74C]","OI":"[\\u01A2]","OO":"[\\uA74E]","OU":"[\\u0222]","P":"[\\u0050\\u24C5\\uFF30\\u1E54\\u1E56\\u01A4\\u2C63\\uA750\\uA752\\uA754]","Q":"[\\u0051\\u24C6\\uFF31\\uA756\\uA758\\u024A]","R":"[\\u0052\\u24C7\\uFF32\\u0154\\u1E58\\u0158\\u0210\\u0212\\u1E5A\\u1E5C\\u0156\\u1E5E\\u024C\\u2C64\\uA75A\\uA7A6\\uA782]","S":"[\\u0053\\u24C8\\uFF33\\u1E9E\\u015A\\u1E64\\u015C\\u1E60\\u0160\\u1E66\\u1E62\\u1E68\\u0218\\u015E\\u2C7E\\uA7A8\\uA784]","T":"[\\u0054\\u24C9\\uFF34\\u1E6A\\u0164\\u1E6C\\u021A\\u0162\\u1E70\\u1E6E\\u0166\\u01AC\\u01AE\\u023E\\uA786]","TZ":"[\\uA728]","U":"[\\u0055\\u24CA\\uFF35\\u00D9\\u00DA\\u00DB\\u0168\\u1E78\\u016A\\u1E7A\\u016C\\u00DC\\u01DB\\u01D7\\u01D5\\u01D9\\u1EE6\\u016E\\u0170\\u01D3\\u0214\\u0216\\u01AF\\u1EEA\\u1EE8\\u1EEE\\u1EEC\\u1EF0\\u1EE4\\u1E72\\u0172\\u1E76\\u1E74\\u0244]","V":"[\\u0056\\u24CB\\uFF36\\u1E7C\\u1E7E\\u01B2\\uA75E\\u0245]","VY":"[\\uA760]","W":"[\\u0057\\u24CC\\uFF37\\u1E80\\u1E82\\u0174\\u1E86\\u1E84\\u1E88\\u2C72]","X":"[\\u0058\\u24CD\\uFF38\\u1E8A\\u1E8C]","Y":"[\\u0059\\u24CE\\uFF39\\u1EF2\\u00DD\\u0176\\u1EF8\\u0232\\u1E8E\\u0178\\u1EF6\\u1EF4\\u01B3\\u024E\\u1EFE]","Z":"[\\u005A\\u24CF\\uFF3A\\u0179\\u1E90\\u017B\\u017D\\u1E92\\u1E94\\u01B5\\u0224\\u2C7F\\u2C6B\\uA762]","a":"[\\u0061\\u24D0\\uFF41\\u1E9A\\u00E0\\u00E1\\u00E2\\u1EA7\\u1EA5\\u1EAB\\u1EA9\\u00E3\\u0101\\u0103\\u1EB1\\u1EAF\\u1EB5\\u1EB3\\u0227\\u01E1\\u00E4\\u01DF\\u1EA3\\u00E5\\u01FB\\u01CE\\u0201\\u0203\\u1EA1\\u1EAD\\u1EB7\\u1E01\\u0105\\u2C65\\u0250]","aa":"[\\uA733]","ae":"[\\u00E6\\u01FD\\u01E3]","ao":"[\\uA735]","au":"[\\uA737]","av":"[\\uA739\\uA73B]","ay":"[\\uA73D]","b":"[\\u0062\\u24D1\\uFF42\\u1E03\\u1E05\\u1E07\\u0180\\u0183\\u0253]","c":"[\\u0063\\u24D2\\uFF43\\u0107\\u0109\\u010B\\u010D\\u00E7\\u1E09\\u0188\\u023C\\uA73F\\u2184]","d":"[\\u0064\\u24D3\\uFF44\\u1E0B\\u010F\\u1E0D\\u1E11\\u1E13\\u1E0F\\u0111\\u018C\\u0256\\u0257\\uA77A]","dz":"[\\u01F3\\u01C6]","e":"[\\u0065\\u24D4\\uFF45\\u00E8\\u00E9\\u00EA\\u1EC1\\u1EBF\\u1EC5\\u1EC3\\u1EBD\\u0113\\u1E15\\u1E17\\u0115\\u0117\\u00EB\\u1EBB\\u011B\\u0205\\u0207\\u1EB9\\u1EC7\\u0229\\u1E1D\\u0119\\u1E19\\u1E1B\\u0247\\u025B\\u01DD]","f":"[\\u0066\\u24D5\\uFF46\\u1E1F\\u0192\\uA77C]","g":"[\\u0067\\u24D6\\uFF47\\u01F5\\u011D\\u1E21\\u011F\\u0121\\u01E7\\u0123\\u01E5\\u0260\\uA7A1\\u1D79\\uA77F]","h":"[\\u0068\\u24D7\\uFF48\\u0125\\u1E23\\u1E27\\u021F\\u1E25\\u1E29\\u1E2B\\u1E96\\u0127\\u2C68\\u2C76\\u0265]","hv":"[\\u0195]","i":"[\\u0069\\u24D8\\uFF49\\u00EC\\u00ED\\u00EE\\u0129\\u012B\\u012D\\u00EF\\u1E2F\\u1EC9\\u01D0\\u0209\\u020B\\u1ECB\\u012F\\u1E2D\\u0268\\u0131]","j":"[\\u006A\\u24D9\\uFF4A\\u0135\\u01F0\\u0249]","k":"[\\u006B\\u24DA\\uFF4B\\u1E31\\u01E9\\u1E33\\u0137\\u1E35\\u0199\\u2C6A\\uA741\\uA743\\uA745\\uA7A3]","l":"[\\u006C\\u24DB\\uFF4C\\u0140\\u013A\\u013E\\u1E37\\u1E39\\u013C\\u1E3D\\u1E3B\\u017F\\u0142\\u019A\\u026B\\u2C61\\uA749\\uA781\\uA747]","lj":"[\\u01C9]","m":"[\\u006D\\u24DC\\uFF4D\\u1E3F\\u1E41\\u1E43\\u0271\\u026F]","n":"[\\u006E\\u24DD\\uFF4E\\u01F9\\u0144\\u00F1\\u1E45\\u0148\\u1E47\\u0146\\u1E4B\\u1E49\\u019E\\u0272\\u0149\\uA791\\uA7A5]","nj":"[\\u01CC]","o":"[\\u006F\\u24DE\\uFF4F\\u00F2\\u00F3\\u00F4\\u1ED3\\u1ED1\\u1ED7\\u1ED5\\u00F5\\u1E4D\\u022D\\u1E4F\\u014D\\u1E51\\u1E53\\u014F\\u022F\\u0231\\u00F6\\u022B\\u1ECF\\u0151\\u01D2\\u020D\\u020F\\u01A1\\u1EDD\\u1EDB\\u1EE1\\u1EDF\\u1EE3\\u1ECD\\u1ED9\\u01EB\\u01ED\\u00F8\\u01FF\\u0254\\uA74B\\uA74D\\u0275]","oi":"[\\u01A3]","ou":"[\\u0223]","oo":"[\\uA74F]","p":"[\\u0070\\u24DF\\uFF50\\u1E55\\u1E57\\u01A5\\u1D7D\\uA751\\uA753\\uA755]","q":"[\\u0071\\u24E0\\uFF51\\u024B\\uA757\\uA759]","r":"[\\u0072\\u24E1\\uFF52\\u0155\\u1E59\\u0159\\u0211\\u0213\\u1E5B\\u1E5D\\u0157\\u1E5F\\u024D\\u027D\\uA75B\\uA7A7\\uA783]","s":"[\\u0073\\u24E2\\uFF53\\u015B\\u1E65\\u015D\\u1E61\\u0161\\u1E67\\u1E63\\u1E69\\u0219\\u015F\\u023F\\uA7A9\\uA785\\u1E9B]","ss":"[\\u00DF]","t":"[\\u0074\\u24E3\\uFF54\\u1E6B\\u1E97\\u0165\\u1E6D\\u021B\\u0163\\u1E71\\u1E6F\\u0167\\u01AD\\u0288\\u2C66\\uA787]","tz":"[\\uA729]","u":"[\\u0075\\u24E4\\uFF55\\u00F9\\u00FA\\u00FB\\u0169\\u1E79\\u016B\\u1E7B\\u016D\\u00FC\\u01DC\\u01D8\\u01D6\\u01DA\\u1EE7\\u016F\\u0171\\u01D4\\u0215\\u0217\\u01B0\\u1EEB\\u1EE9\\u1EEF\\u1EED\\u1EF1\\u1EE5\\u1E73\\u0173\\u1E77\\u1E75\\u0289]","v":"[\\u0076\\u24E5\\uFF56\\u1E7D\\u1E7F\\u028B\\uA75F\\u028C]","vy":"[\\uA761]","w":"[\\u0077\\u24E6\\uFF57\\u1E81\\u1E83\\u0175\\u1E87\\u1E85\\u1E98\\u1E89\\u2C73]","x":"[\\u0078\\u24E7\\uFF58\\u1E8B\\u1E8D]","y":"[\\u0079\\u24E8\\uFF59\\u1EF3\\u00FD\\u0177\\u1EF9\\u0233\\u1E8F\\u00FF\\u1EF7\\u1E99\\u1EF5\\u01B4\\u024F\\u1EFF]","z":"[\\u007A\\u24E9\\uFF5A\\u017A\\u1E91\\u017C\\u017E\\u1E93\\u1E95\\u01B6\\u0225\\u0240\\u2C6C\\uA763]"},"researchesTests":["contentHasTOC","contentHasShortParagraphs","contentHasAssets","keywordInTitle","keywordInMetaDescription","keywordInPermalink","keywordIn10Percent","keywordInContent","keywordInSubheadings","keywordInImageAlt","keywordDensity","keywordNotUsed","lengthContent","lengthPermalink","linksHasInternal","linksHasExternals","linksNotAllExternals","titleStartWithKeyword","titleSentiment","titleHasPowerWords","titleHasNumber","hasContentAI"],"hasRedirection":true,"hasBreadcrumb":false},"homeUrl":"https:\/\/onlinebettingspace.com\/sk\/","objectID":2596,"objectType":"post","locale":"sk","localeFull":"sk_SK","overlayImages":{"play":{"name":"Play icon","url":"https:\/\/onlinebettingspace.com\/wp-content\/plugins\/seo-by-rank-math\/assets\/admin\/img\/icon-play.png","path":"\/home\/SuperAdmin\/web\/onlinebettingspace.com\/public_html\/wp-content\/plugins\/seo-by-rank-math\/assets\/admin\/img\/icon-play.png","position":"middle_center"},"gif":{"name":"GIF icon","url":"https:\/\/onlinebettingspace.com\/wp-content\/plugins\/seo-by-rank-math\/assets\/admin\/img\/icon-gif.png","path":"\/home\/SuperAdmin\/web\/onlinebettingspace.com\/public_html\/wp-content\/plugins\/seo-by-rank-math\/assets\/admin\/img\/icon-gif.png","position":"middle_center"}},"defautOgImage":"https:\/\/onlinebettingspace.com\/wp-content\/uploads\/2022\/04\/OBS-FULL-LOGO.webp","customPermalinks":true,"isUserRegistered":true,"autoSuggestKeywords":true,"connectSiteUrl":"https:\/\/rankmath.com\/auth?site=https%3A%2F%2Fonlinebettingspace.com%2Fsk%2F&r=https%3A%2F%2Fonlinebettingspace.com%2Fsk%2Fwp-json%2Fwp%2Fv2%2Fpages%2F2596%3Fnonce%3Dc963eac197","maxTags":5,"trendsIcon":"<svg viewBox=\"0 0 610 610\"><path d=\"M18.85,446,174.32,290.48l58.08,58.08L76.93,504a14.54,14.54,0,0,1-20.55,0L18.83,466.48a14.54,14.54,0,0,1,0-20.55Z\" style=\"fill:#4285f4\"\/><path d=\"M242.65,242.66,377.59,377.6l-47.75,47.75a14.54,14.54,0,0,1-20.55,0L174.37,290.43l47.75-47.75A14.52,14.52,0,0,1,242.65,242.66Z\" style=\"fill:#ea4335\"\/><polygon points=\"319.53 319.53 479.26 159.8 537.34 217.88 377.61 377.62 319.53 319.53\" style=\"fill:#fabb05\"\/><path d=\"M594.26,262.73V118.61h0a16.94,16.94,0,0,0-16.94-16.94H433.2a16.94,16.94,0,0,0-12,28.92L565.34,274.71h0a16.94,16.94,0,0,0,28.92-12Z\" style=\"fill:#34a853\"\/><rect width=\"610\" height=\"610\" style=\"fill:none\"\/><\/svg>","showScore":true,"siteFavIcon":"https:\/\/onlinebettingspace.com\/wp-content\/uploads\/2022\/04\/OBS-LOGO-1.webp","canUser":{"general":false,"advanced":false,"snippet":false,"social":false,"analysis":false,"analytics":false,"content_ai":false},"showKeywordIntent":true,"isPro":false,"is_front_page":false,"trendsUpgradeLink":"https:\/\/rankmath.com\/pricing\/?utm_source=Plugin&utm_medium=CE%20General%20Tab%20Trends&utm_campaign=WP","trendsUpgradeLabel":"Upgrade","trendsPreviewImage":"https:\/\/onlinebettingspace.com\/wp-content\/plugins\/seo-by-rank-math\/assets\/admin\/img\/trends-preview.jpg","currentEditor":false,"homepageData":{"assessor":{"powerWords":[],"diacritics":true,"researchesTests":["contentHasTOC","contentHasShortParagraphs","contentHasAssets","keywordInTitle","keywordInMetaDescription","keywordInPermalink","keywordIn10Percent","keywordInContent","keywordInSubheadings","keywordInImageAlt","keywordDensity","keywordNotUsed","lengthContent","lengthPermalink","linksHasInternal","linksHasExternals","linksNotAllExternals","titleStartWithKeyword","titleSentiment","titleHasPowerWords","titleHasNumber","hasContentAI"],"hasBreadcrumb":false,"serpData":{"title":"%sitename% %page% %sep% %sitedesc%","description":"","titleTemplate":"%sitename% %page% %sep% %sitedesc%","descriptionTemplate":"","focusKeywords":"","breadcrumbTitle":"Home","robots":{"index":true},"advancedRobots":[],"facebookTitle":"","facebookDescription":"","facebookImage":"","facebookImageID":""}}},"tocTitle":"Table of Contents","tocExcludeHeadings":[],"listStyle":"ul"},"_links":{"self":[{"href":"https:\/\/onlinebettingspace.com\/sk\/wp-json\/wp\/v2\/pages\/2596","targetHints":{"allow":["GET"]}}],"collection":[{"href":"https:\/\/onlinebettingspace.com\/sk\/wp-json\/wp\/v2\/pages"}],"about":[{"href":"https:\/\/onlinebettingspace.com\/sk\/wp-json\/wp\/v2\/types\/page"}],"author":[{"embeddable":true,"href":"https:\/\/onlinebettingspace.com\/sk\/wp-json\/wp\/v2\/users\/1"}],"replies":[{"embeddable":true,"href":"https:\/\/onlinebettingspace.com\/sk\/wp-json\/wp\/v2\/comments?post=2596"}],"version-history":[{"count":0,"href":"https:\/\/onlinebettingspace.com\/sk\/wp-json\/wp\/v2\/pages\/2596\/revisions"}],"wp:attachment":[{"href":"https:\/\/onlinebettingspace.com\/sk\/wp-json\/wp\/v2\/media?parent=2596"}],"curies":[{"name":"wp","href":"https:\/\/api.w.org\/{rel}","templated":true}]}}