{"id":2591,"date":"2022-08-20T23:55:47","date_gmt":"2022-08-20T20:55:47","guid":{"rendered":"https:\/\/onlinebettingspace.com\/?page_id=2591"},"modified":"2022-08-20T23:55:47","modified_gmt":"2022-08-20T20:55:47","slug":"legolas-bet-casino","status":"publish","type":"page","link":"https:\/\/onlinebettingspace.com\/sk\/legolas-bet-casino\/","title":{"rendered":"LEGOLAS BET CASINO"},"content":{"rendered":"<section class=\"l-section wpb_row height_medium\"><div class=\"l-section-h i-cf\"><div class=\"g-cols vc_row via_flex valign_top type_default stacking_default\"><div class=\"vc_col-sm-12 wpb_column vc_column_container\"><div class=\"vc_column-inner\"><div class=\"wpb_wrapper\"><div class=\"wpb_text_column\"><div class=\"wpb_wrapper\"><div>\n<h1>LEGOLAS.BET RECENZIA<\/h1>\n<\/div>\n<div>\n<div id=\"breadcrumbsWrap\" class=\"hidden-xs\">\n<div id=\"breadcrumbs\"><strong>Legolas.bet Casino sa \u017eia\u013e rozhodlo opusti\u0165 slovensk\u00fd trh a a\u017e do odvolania nebude pon\u00faka\u0165 slu\u017eby slovensk\u00fdm hr\u00e1\u010dom. Ak ste si Legolas.bet Casino ob\u013e\u00fabili, nez\u00fafajte. Na trhu zost\u00e1va st\u00e1le viacero zauj\u00edmav\u00fdch online kas\u00edn, v ktor\u00fdch sa oplat\u00ed hra\u0165. Nav\u0161t\u00edvte na\u0161u\u00a0<a href=\"\/sk\/kasina-recenzia\" data-track=\"\">str\u00e1nku s recenziami online kas\u00edn<\/a>\u00a0a vyberte si to svoje!<\/strong><\/div>\n<\/div>\n<\/div>\n<div><\/div>\n<div>\n<section class=\"prosncons\">\n<div class=\"pros col-xs-12 col-sm-6\">\n<div class=\"heading\">V\u00fdhody<\/div>\n<ul class=\"list\">\n<li class=\"bullets\">100% cashback<\/li>\n<li class=\"bullets\">Kvalitn\u00e1 podpora<\/li>\n<li class=\"bullets\">Uv\u00edtac\u00ed bal\u00ed\u010dek<\/li>\n<\/ul>\n<\/div>\n<div class=\"cons col-xs-12 col-sm-6\">\n<div class=\"heading\"><i class=\"fa fa-arrow-circle-down\" aria-hidden=\"true\"><\/i>Nev\u00fdhody<\/div>\n<ul class=\"list\">\n<li class=\"bullets\">Men\u0161\u00ed po\u010det hier<\/li>\n<\/ul>\n<\/div>\n<div class=\"col-xs-12 conclusion\">\n<div class=\"heading\">Zhrnutie<\/div>\n<p>&nbsp;<\/p>\n<\/div>\n<\/section>\n<section class=\"row\">\n<div class=\"col-xs-12\">\n<h2>R\u00ddCHLY PREH\u013dAD<\/h2>\n<ul class=\"at_a_glance row\">\n<li class=\"col-sm-3\">\n<div class=\"bullets\">\n<div class=\"heading\">Bonus<\/div>\n<p>Do 1,500,000\u20ac v cen\u00e1ch<\/p>\n<\/div>\n<\/li>\n<li class=\"col-sm-3\">\n<div class=\"bullets\">\n<div class=\"heading\">St\u00e1vkov\u00e9 po\u017eiadavky<\/div>\n<p>50X<\/p>\n<\/div>\n<\/li>\n<li class=\"col-sm-3\">\n<div class=\"bullets\">\n<div class=\"heading\">V\u00fdplatn\u00e1 hodnota<\/div>\n<p>97%<\/p>\n<\/div>\n<\/li>\n<li class=\"col-sm-3\">\n<div class=\"bullets\">\n<div class=\"heading\">Po\u010det hier<\/div>\n<p>150<\/p>\n<\/div>\n<\/li>\n<li class=\"col-sm-3\">\n<div class=\"bullets\">\n<div class=\"heading\">Mo\u017enosti hry<\/div>\n<p>Okam\u017eit\u00e1 hra, Live Kas\u00edno, VIP hra<\/p>\n<\/div>\n<\/li>\n<li class=\"col-sm-3\">\n<div class=\"bullets\">\n<div class=\"heading\">Mobiln\u00e9<\/div>\n<p>Android , Iphone<\/p>\n<\/div>\n<\/li>\n<li class=\"col-sm-3\">\n<div class=\"bullets\">\n<div class=\"heading\">Softv\u00e9r<\/div>\n<\/div>\n<\/li>\n<li class=\"col-sm-3\">\n<div class=\"bullets\">\n<div class=\"heading\">Platobn\u00e9 mo\u017enosti<\/div>\n<\/div>\n<\/li>\n<\/ul>\n<h2>LEGOLAS BET RATING<\/h2>\n<div class=\"rating_comment\">\n<div class=\"subheading\">\n<p>BONUSY A PROMO AKCIE<\/p>\n<div class=\"rating\"><\/div>\n<\/div>\n<div class=\"WYSIWYG\">\n<p>Ako uv\u00edtac\u00ed bonus, tak aj promo akcie napr\u00edklad v\u00a0podobe 100% cashbacku, maj\u00fa svoju nesporn\u00fa kvalitu.<\/p>\n<\/div>\n<div class=\"subheading\">\n<p>SOFTV\u00c9R<\/p>\n<div class=\"rating\"><\/div>\n<\/div>\n<div class=\"WYSIWYG\">\n<p>Kas\u00ednov\u00e9 hry v\u00a0r\u00e1mci Legolas.bet poch\u00e1dzaj\u00fa od jedn\u00e9ho z\u00a0najv\u00e4\u010d\u0161\u00edch oper\u00e1torov, NetEntu.<\/p>\n<\/div>\n<div class=\"subheading\">\n<p>VARIANTY HIER<\/p>\n<div class=\"rating\"><\/div>\n<\/div>\n<div class=\"WYSIWYG\">\n<p>Legolas.bet nie je len o\u00a0automatoch, n\u00e1jdete tu aj stoln\u00e9 i\u00a0live casino hry, hoci nie vo ve\u013ekom po\u010dte.<\/p>\n<\/div>\n<div class=\"subheading\">\n<p>Z\u00c1KAZN\u00cdCKA PODPORA<\/p>\n<div class=\"rating\"><\/div>\n<\/div>\n<div class=\"WYSIWYG\">\n<p>Hoci chat funguje \u201elen\u201c 13 hod\u00edn denne, z\u00e1kazn\u00edcka podpora je r\u00fdchla a\u00a0kvalitn\u00e1. Nena\u0161li sme v\u0161ak \u017eiadny priamy e-mailov\u00fd kontakt alebo telef\u00f3n.<\/p>\n<\/div>\n<div class=\"subheading\">\n<p>SP\u00d4SOBY PLATBY<\/p>\n<div class=\"rating\"><\/div>\n<\/div>\n<div class=\"WYSIWYG\">\n<p>K\u00fdm vkladov\u00e9 met\u00f3dy bud\u00fa zrejme dosta\u010duj\u00face, mo\u017enos\u0165 vybera\u0165 iba na Trustly je limituj\u00faca.<\/p>\n<\/div>\n<\/div>\n<div class=\"rating_comment\"><\/div>\n<section class=\"support\">\n<h2>PODPORA<\/h2>\n<div>\n<ul>\n<li><b>\u017div\u00fd Chat:<\/b>\u00a0\u00c1no<\/li>\n<li><b>Z\u00e1kazn\u00edcka Podpora:<\/b>\u00a0\u00c1no<\/li>\n<li><b>\u010casto Kladen\u00e9 Ot\u00e1zky:<\/b>\u00a0\u00c1no<\/li>\n<\/ul>\n<\/div>\n<\/section>\n<div class=\"WYSIWYG\">\n<h2>HLAVN\u00c9 INFORM\u00c1CIE O\u00a0KAS\u00cdNE<\/h2>\n<p>Legolas.bet v\u00a0s\u00favislosti so \u0161v\u00e9dskou legislat\u00edvou po\u017eaduje, aby ste do 30 dn\u00ed od registr\u00e1cie zaslali dokumenty pre verifik\u00e1ciu svojej toto\u017enosti. Konkr\u00e9tne je potrebn\u00e9 zasla\u0165 fotok\u00f3piu alebo scan ob\u010dianskeho preukazu, \u0161eku a\u00a0k\u00f3piu karty \u010di met\u00f3dy, ktor\u00fa pl\u00e1nujete vyu\u017e\u00edva\u0165 na vklady.<\/p>\n<h2>PROMO AKCIE<\/h2>\n<p>Silnou str\u00e1nkou Legolas.bet kas\u00edna s\u00fa jeho promoakcie. Kas\u00edno pon\u00faka unik\u00e1tnych \u201eCasino Gift Bag\u201c program odme\u0148uj\u00facich akt\u00edvnych a\u00a0loaj\u00e1lnych hr\u00e1\u010dov. Ak po\u010das t\u00fd\u017ed\u0148a sprav\u00edte \u20ac20 vklad a\u00a0preto\u010d\u00edte medzi utorkom a\u00a0nede\u013eou \u20ac250, tak si v\u00a0pondelok rozbal\u00edte dar\u010dek v\u00a0podobe\u00a0<a href=\"\/sk\/hracie-automaty\/pretocenie-zdarma\" data-track=\"\"><strong>bezplatn\u00fdch zato\u010den\u00ed<\/strong><\/a>, reload bonusu, live casino bonusu \u010di kombin\u00e1ci\u00ed niektor\u00e9ho z\u00a0tohto.<\/p>\n<p>Legolas.bet \u010falej pon\u00faka Vernostn\u00fa ligu, ktor\u00e1 funguje na zbieran\u00ed bodov \u2013 \u20ac1 preto\u010den\u00e9 znamen\u00e1 zisk 1 bodu, pri\u010dom body sa na konci mesiaca zamenia za ceny. \u010ealej je k\u00a0dispoz\u00edci\u00ed 100% cashback do \u20ac50. Ak v\u00a0pondelok sprav\u00edte \u20ac50 vklad a\u00a0v\u0161etko prehr\u00e1te, v\u00a0utorok v\u00e1m bude \u20ac50 refundovan\u00fdch. Refundovan\u00e9 peniaze s\u00fa za\u0165a\u017een\u00e9 st\u00e1vkov\u00fdmi po\u017eiadavkami vo v\u00fd\u0161ke ich 1-n\u00e1sobku. Peniaze m\u00f4\u017eu by\u0165 prehran\u00e9 iba na slotoch a\u00a0video slotoch.<\/p>\n<p>V\u00a0ponuke kas\u00edna nech\u00fdbaj\u00fa ani \u010dasovo obmedzen\u00e9 akcie, ako s\u00fa napr\u00edklad turnaje alebo reload bonusy. Legolas.bet upozor\u0148uje i\u00a0na VIP program, o\u00a0ktor\u00e9ho fungovan\u00ed sa v\u0161ak na str\u00e1nke ve\u013ea nedozviete. Teda, okrem toho, \u017ee medzi jeho benefity sa zara\u010fuj\u00fa pr\u00edstup ku VIP udalostiam, vlastn\u00fd account manager \u010di exkluz\u00edvne promo akcie. Zd\u00e1 sa, \u017ee pr\u00edstup do klubu bude cez pozv\u00e1nky, respekt\u00edve na po\u017eiadanie samotn\u00e9ho hr\u00e1\u010da.<\/p>\n<h2>UV\u00cdTAC\u00cd BONUS<\/h2>\n<p>Dobrodru\u017estvo v\u00a0Legolas.bet za\u010d\u00edna\u00a0<a href=\"\/sk\/bonus\/vstupny\" data-track=\"\"><strong>uv\u00edtac\u00edm bonusom<\/strong><\/a>. Ten kas\u00edno nastavilo pomerne zauj\u00edmavo. K\u00a0prv\u00e9mu vkladu m\u00f4\u017eu hr\u00e1\u010di z\u00edska\u0165 150% bonus do najviac \u20ac300 a\u00a0k\u00a0tomu 150 bezplatn\u00fdch zato\u010den\u00ed na zn\u00e1my automat BerryBurst. Ak sprav\u00edte \u20ac100 prv\u00fd vklad, z\u00edskate \u20ac150 bonus a\u00a0k\u00a0tomu samozrejme aj bezplatn\u00e9 zato\u010denia. Na uv\u00edtaciu ponuku sa vz\u0165ahuje nieko\u013eko podmienok.<\/p>\n<p>Bonus je dostupn\u00fd do 30 dn\u00ed od registr\u00e1cie, po uplynut\u00ed ktor\u00fdch vypr\u0161\u00ed. Bonus z\u00edskate ak sprav\u00edte minim\u00e1lne \u20ac20 vklad. Bonus mus\u00edte preto\u010di\u0165 50-n\u00e1sobne do 30 dn\u00ed, pri\u010dom u\u010dini\u0165 tak mus\u00edte iba a\u00a0v\u00fdlu\u010dne na kas\u00ednov\u00fdch automatoch. Stoln\u00e9 i\u00a0<a href=\"\/sk\/live-casino\" data-track=\"\"><strong>live casino hry<\/strong><\/a>\u00a0s\u00fa vyl\u00fa\u010den\u00e9. Maxim\u00e1lna st\u00e1vka pri pret\u00e1\u010dan\u00ed \u010din\u00ed \u20ac6 na kolo a \u20ac0.50 (p\u00e4\u0165desiat centov) na jednu l\u00edniu.<\/p>\n<p>150 bezplatn\u00fdch zato\u010den\u00ed na BerryBurst z\u00edskate naraz a\u00a0to de\u0148 po vklade a\u00a0to tak, \u017ee si otvor\u00edte samotn\u00fa BerryBurst hru. Platnos\u0165 zato\u010den\u00ed je tri dni od prip\u00edsania. Dobrou spr\u00e1vou je to, \u017ee na v\u00fdhry z\u00a0bezplatn\u00fdch zato\u010den\u00ed sa nevz\u0165ahuj\u00fa ak\u00e9ko\u013evek st\u00e1vkov\u00e9 po\u017eiadavky, peniaze s\u00fa teda va\u0161e.<\/p>\n<h2>HRY<\/h2>\n<p>Legolas.bet samo del\u00ed kas\u00ednov\u00e9 hry do \u0161tyroch kateg\u00f3ri\u00ed \u2013 na video automaty, jackpotov\u00e9 hry, stoln\u00e9 hry a\u00a0live casino hry. Pri niektor\u00fdch hr\u00e1ch m\u00e1te mo\u017enos\u0165 si vybra\u0165 z\u00a0dvoch mo\u017enosti \u2013 Play Game (Zahra\u0165 si hru o\u00a0skuto\u010dn\u00e9 peniaze) alebo Try Game (Vysk\u00fa\u0161a\u0165 si hru len tak pre z\u00e1bavu). Ponuku Legolas.bet tvor\u00ed bezm\u00e1la 200 hier, v\u00a0\u010dom s\u00fa zapo\u010d\u00edtan\u00e9 i\u00a0live casino hry.<\/p>\n<p>\u010co sa t\u00fdka rozlo\u017eenia hier, tak Legolas.bet pon\u00faka 9 stoln\u00fdch hier, 10 hier s\u00a0jackpotmi vr\u00e1tane zn\u00e1mych titulov ako Mega Fortune, Arabian Nights \u010di Jackpot 6000 a\u00a018 live casino hier od NetEntu, ktor\u00e9 tvoria dva druhy hier \u2013\u00a0<a href=\"\/sk\/ruleta\" data-track=\"\"><strong>ruleta<\/strong><\/a>\u00a0a\u00a0<a href=\"https:\/\/onlinebettingspace.com\/sk\/blackjack\/\">blackjack<\/a>, pri\u010dom prv\u00e1 z\u00a0hier je pon\u00fakan\u00e1 v\u00a0r\u00f4znych jazykov\u00fdch mut\u00e1ci\u00e1ch ako nem\u010dina, talian\u010dina \u010di ture\u010dtina.<\/p>\n<h2>PODPORA PRE MOBILN\u00c9 HRANIE<\/h2>\n<p>Legolas.bet je \u201emobile-friendly\u201c online kas\u00ednom, \u010do znamen\u00e1, \u017ee si tu bez probl\u00e9mov zahr\u00e1te i\u00a0prostredn\u00edctvom tabletov alebo telef\u00f3nov. Nesl\u00fa\u017ei k\u00a0tomu \u017eiadna aplik\u00e1cia \u010di nie\u010do in\u00e9 \u2013 sta\u010d\u00ed sa nalogova\u0165 na str\u00e1nku prostredn\u00edctvom svojho zariadenia a\u00a0m\u00f4\u017eete sa pusti\u0165 do hry.<\/p>\n<h2>Z\u00c1KAZN\u00cdCKA PODPORA<\/h2>\n<p>Pokia\u013e m\u00e1me Legolas.bet za nie\u010do pochv\u00e1li\u0165, je to z\u00e1kazn\u00edcka podpora. FAQ je jedno z\u00a0najlep\u0161ie spracovan\u00fdch, hoci len v\u00a0angli\u010dtine. Kas\u00edno disponuje podporou v\u00a0podobe vlastn\u00e9ho \u017eiv\u00e9ho chatu, ktor\u00fd funguje 13 hod\u00edn denne, od 9:30 do 22:30, v\u00a0angli\u010dtine a\u00a0vo \u0161v\u00e9d\u0161tine. Ak ste odpove\u010f nena\u0161li v\u00a0r\u00e1mci FAQ, nap\u00ed\u0161te na \u017eiv\u00fd chat. V\u00a0pr\u00edpade nepr\u00edtomnosti oper\u00e1tora sa spr\u00e1va odo\u0161le offline a\u00a0niekto z\u00a0kas\u00edna V\u00e1s bude kontaktova\u0165.<\/p>\n<h2>VKLADY NA \u00da\u010cET A\u00a0V\u00ddBERY<\/h2>\n<p>Slovensk\u00fdm hr\u00e1\u010dom vie Legolas.bet v\u00a0s\u00fa\u010dasnosti pon\u00faknu\u0165 4 vkladov\u00e9 met\u00f3dy \u2013 platbu cez kartu (VISA, MasterCard), \u010falej Skrill, Neteller alebo Trustly. Bez oh\u013eadu na to, ktor\u00fa met\u00f3du si vyberiete na vklad, tak minim\u00e1lna suma \u010din\u00ed \u20ac10. Vybera\u0165 sa aktu\u00e1lne d\u00e1 len jedinou met\u00f3dou a\u00a0to Trustly. Minim\u00e1lna suma pre v\u00fdber \u010din\u00ed \u20ac30, maxim\u00e1lne m\u00f4\u017eete naraz vybra\u0165 \u20ac50.000.<\/p>\n<h2>Z\u00c1VER<\/h2>\n<p>Nie je \u0165a\u017ek\u00e9 definova\u0165 v\u00fdhody a\u00a0nev\u00fdhody Legolas.bet Casina. V\u00fdhodami s\u00fa uv\u00edtac\u00ed bonus, kvalitn\u00e9 promo akcie v\u00a0podobe cashbacku a\u00a0Gift Bagu a\u00a0pote\u0161\u00ed aj kvalitn\u00e1 z\u00e1kazn\u00edcka podpora a\u00a0pr\u00edtomnos\u0165 hier od NetEntu, t\u00fdch live i\u00a0online. Nev\u00fdhodami s\u00fa mal\u00fd po\u010det hier, slab\u0161ie platobn\u00e9 mo\u017enosti a\u00a0tie\u017e nutnos\u0165 verifikova\u0165 svoj \u00fa\u010det do 30 dn\u00ed od registr\u00e1cie.<\/p>\n<\/div>\n<\/div>\n<\/section>\n<\/div>\n<\/div><\/div><\/div><\/div><\/div><\/div><\/div><\/section>\n","protected":false},"excerpt":{"rendered":"LEGOLAS.BET RECENZIA Legolas.bet Casino sa \u017eia\u013e rozhodlo opusti\u0165 slovensk\u00fd trh a a\u017e do odvolania nebude pon\u00faka\u0165 slu\u017eby slovensk\u00fdm hr\u00e1\u010dom. Ak ste si Legolas.bet Casino ob\u013e\u00fabili, nez\u00fafajte. Na trhu zost\u00e1va st\u00e1le viacero zauj\u00edmav\u00fdch online kas\u00edn, v ktor\u00fdch sa oplat\u00ed hra\u0165. Nav\u0161t\u00edvte na\u0161u\u00a0str\u00e1nku s recenziami online kas\u00edn\u00a0a vyberte si to svoje! V\u00fdhody 100% cashback Kvalitn\u00e1 podpora Uv\u00edtac\u00ed...","protected":false},"author":1,"featured_media":0,"parent":0,"menu_order":0,"comment_status":"closed","ping_status":"closed","template":"","meta":{"_acf_changed":false,"footnotes":""},"class_list":["post-2591","page","type-page","status-publish","hentry"],"acf":[],"rankMath":{"parentDomain":"onlinebettingspace.com","noFollowDomains":[],"noFollowExcludeDomains":[],"noFollowExternalLinks":false,"featuredImageNotice":"The featured image should be at least 200 by 200 pixels to be picked up by Facebook and other social media sites.","pluginReviewed":true,"postSettings":{"linkSuggestions":true,"useFocusKeyword":false},"frontEndScore":false,"postName":"legolas-bet-casino","permalinkFormat":"https:\/\/onlinebettingspace.com\/sk\/%pagename%\/","showLockModifiedDate":true,"assessor":{"focusKeywordLink":"https:\/\/onlinebettingspace.com\/wp-admin\/edit.php?focus_keyword=%focus_keyword%&post_type=%post_type%","hasTOCPlugin":false,"primaryTaxonomy":false,"serpData":{"title":"Legolas.bet \u2013 Za\u010dnite s \u20ac300 a 150 spinmi zadarmo","description":"Legolas.bet je mlad\u00e9 online kas\u00edno, pon\u00fakaj\u00face okrem kas\u00ednovej z\u00e1bavy i \u0161portov\u00e9 tipovanie. Z\u00edska si v\u00e1s ve\u013ek\u00fdmi a zauj\u00edmav\u00fdmi casino bonusmi.","focusKeywords":"LEGOLAS BET CASINO","pillarContent":false,"canonicalUrl":"","breadcrumbTitle":"","advancedRobots":[],"facebookTitle":"","facebookDescription":"","facebookImage":"","facebookImageID":"","facebookHasOverlay":false,"facebookImageOverlay":"","facebookAuthor":"","twitterCardType":"","twitterUseFacebook":true,"twitterTitle":"","twitterDescription":"","twitterImage":"","twitterImageID":"","twitterHasOverlay":false,"twitterImageOverlay":"","twitterPlayerUrl":"","twitterPlayerSize":"","twitterPlayerStream":"","twitterPlayerStreamCtype":"","twitterAppDescription":"","twitterAppIphoneName":"","twitterAppIphoneID":"","twitterAppIphoneUrl":"","twitterAppIpadName":"","twitterAppIpadID":"","twitterAppIpadUrl":"","twitterAppGoogleplayName":"","twitterAppGoogleplayID":"","twitterAppGoogleplayUrl":"","twitterAppCountry":"","robots":{"index":true},"twitterAuthor":"username","primaryTerm":0,"authorName":"OBSAdmin","titleTemplate":"%title% %sep% %sitename%","descriptionTemplate":"%excerpt%","showScoreFrontend":true,"lockModifiedDate":false},"powerWords":[],"diacritics":{"A":"[\\u0041\\u24B6\\uFF21\\u00C0\\u00C1\\u00C2\\u1EA6\\u1EA4\\u1EAA\\u1EA8\\u00C3\\u0100\\u0102\\u1EB0\\u1EAE\\u1EB4\\u1EB2\\u0226\\u01E0\\u00C4\\u01DE\\u1EA2\\u00C5\\u01FA\\u01CD\\u0200\\u0202\\u1EA0\\u1EAC\\u1EB6\\u1E00\\u0104\\u023A\\u2C6F]","AA":"[\\uA732]","AE":"[\\u00C6\\u01FC\\u01E2]","AO":"[\\uA734]","AU":"[\\uA736]","AV":"[\\uA738\\uA73A]","AY":"[\\uA73C]","B":"[\\u0042\\u24B7\\uFF22\\u1E02\\u1E04\\u1E06\\u0243\\u0182\\u0181]","C":"[\\u0043\\u24B8\\uFF23\\u0106\\u0108\\u010A\\u010C\\u00C7\\u1E08\\u0187\\u023B\\uA73E]","D":"[\\u0044\\u24B9\\uFF24\\u1E0A\\u010E\\u1E0C\\u1E10\\u1E12\\u1E0E\\u0110\\u018B\\u018A\\u0189\\uA779]","DZ":"[\\u01F1\\u01C4]","Dz":"[\\u01F2\\u01C5]","E":"[\\u0045\\u24BA\\uFF25\\u00C8\\u00C9\\u00CA\\u1EC0\\u1EBE\\u1EC4\\u1EC2\\u1EBC\\u0112\\u1E14\\u1E16\\u0114\\u0116\\u00CB\\u1EBA\\u011A\\u0204\\u0206\\u1EB8\\u1EC6\\u0228\\u1E1C\\u0118\\u1E18\\u1E1A\\u0190\\u018E]","F":"[\\u0046\\u24BB\\uFF26\\u1E1E\\u0191\\uA77B]","G":"[\\u0047\\u24BC\\uFF27\\u01F4\\u011C\\u1E20\\u011E\\u0120\\u01E6\\u0122\\u01E4\\u0193\\uA7A0\\uA77D\\uA77E]","H":"[\\u0048\\u24BD\\uFF28\\u0124\\u1E22\\u1E26\\u021E\\u1E24\\u1E28\\u1E2A\\u0126\\u2C67\\u2C75\\uA78D]","I":"[\\u0049\\u24BE\\uFF29\\u00CC\\u00CD\\u00CE\\u0128\\u012A\\u012C\\u0130\\u00CF\\u1E2E\\u1EC8\\u01CF\\u0208\\u020A\\u1ECA\\u012E\\u1E2C\\u0197]","J":"[\\u004A\\u24BF\\uFF2A\\u0134\\u0248]","K":"[\\u004B\\u24C0\\uFF2B\\u1E30\\u01E8\\u1E32\\u0136\\u1E34\\u0198\\u2C69\\uA740\\uA742\\uA744\\uA7A2]","L":"[\\u004C\\u24C1\\uFF2C\\u013F\\u0139\\u013D\\u1E36\\u1E38\\u013B\\u1E3C\\u1E3A\\u0141\\u023D\\u2C62\\u2C60\\uA748\\uA746\\uA780]","LJ":"[\\u01C7]","Lj":"[\\u01C8]","M":"[\\u004D\\u24C2\\uFF2D\\u1E3E\\u1E40\\u1E42\\u2C6E\\u019C]","N":"[\\u004E\\u24C3\\uFF2E\\u01F8\\u0143\\u00D1\\u1E44\\u0147\\u1E46\\u0145\\u1E4A\\u1E48\\u0220\\u019D\\uA790\\uA7A4]","NJ":"[\\u01CA]","Nj":"[\\u01CB]","O":"[\\u004F\\u24C4\\uFF2F\\u00D2\\u00D3\\u00D4\\u1ED2\\u1ED0\\u1ED6\\u1ED4\\u00D5\\u1E4C\\u022C\\u1E4E\\u014C\\u1E50\\u1E52\\u014E\\u022E\\u0230\\u00D6\\u022A\\u1ECE\\u0150\\u01D1\\u020C\\u020E\\u01A0\\u1EDC\\u1EDA\\u1EE0\\u1EDE\\u1EE2\\u1ECC\\u1ED8\\u01EA\\u01EC\\u00D8\\u01FE\\u0186\\u019F\\uA74A\\uA74C]","OI":"[\\u01A2]","OO":"[\\uA74E]","OU":"[\\u0222]","P":"[\\u0050\\u24C5\\uFF30\\u1E54\\u1E56\\u01A4\\u2C63\\uA750\\uA752\\uA754]","Q":"[\\u0051\\u24C6\\uFF31\\uA756\\uA758\\u024A]","R":"[\\u0052\\u24C7\\uFF32\\u0154\\u1E58\\u0158\\u0210\\u0212\\u1E5A\\u1E5C\\u0156\\u1E5E\\u024C\\u2C64\\uA75A\\uA7A6\\uA782]","S":"[\\u0053\\u24C8\\uFF33\\u1E9E\\u015A\\u1E64\\u015C\\u1E60\\u0160\\u1E66\\u1E62\\u1E68\\u0218\\u015E\\u2C7E\\uA7A8\\uA784]","T":"[\\u0054\\u24C9\\uFF34\\u1E6A\\u0164\\u1E6C\\u021A\\u0162\\u1E70\\u1E6E\\u0166\\u01AC\\u01AE\\u023E\\uA786]","TZ":"[\\uA728]","U":"[\\u0055\\u24CA\\uFF35\\u00D9\\u00DA\\u00DB\\u0168\\u1E78\\u016A\\u1E7A\\u016C\\u00DC\\u01DB\\u01D7\\u01D5\\u01D9\\u1EE6\\u016E\\u0170\\u01D3\\u0214\\u0216\\u01AF\\u1EEA\\u1EE8\\u1EEE\\u1EEC\\u1EF0\\u1EE4\\u1E72\\u0172\\u1E76\\u1E74\\u0244]","V":"[\\u0056\\u24CB\\uFF36\\u1E7C\\u1E7E\\u01B2\\uA75E\\u0245]","VY":"[\\uA760]","W":"[\\u0057\\u24CC\\uFF37\\u1E80\\u1E82\\u0174\\u1E86\\u1E84\\u1E88\\u2C72]","X":"[\\u0058\\u24CD\\uFF38\\u1E8A\\u1E8C]","Y":"[\\u0059\\u24CE\\uFF39\\u1EF2\\u00DD\\u0176\\u1EF8\\u0232\\u1E8E\\u0178\\u1EF6\\u1EF4\\u01B3\\u024E\\u1EFE]","Z":"[\\u005A\\u24CF\\uFF3A\\u0179\\u1E90\\u017B\\u017D\\u1E92\\u1E94\\u01B5\\u0224\\u2C7F\\u2C6B\\uA762]","a":"[\\u0061\\u24D0\\uFF41\\u1E9A\\u00E0\\u00E1\\u00E2\\u1EA7\\u1EA5\\u1EAB\\u1EA9\\u00E3\\u0101\\u0103\\u1EB1\\u1EAF\\u1EB5\\u1EB3\\u0227\\u01E1\\u00E4\\u01DF\\u1EA3\\u00E5\\u01FB\\u01CE\\u0201\\u0203\\u1EA1\\u1EAD\\u1EB7\\u1E01\\u0105\\u2C65\\u0250]","aa":"[\\uA733]","ae":"[\\u00E6\\u01FD\\u01E3]","ao":"[\\uA735]","au":"[\\uA737]","av":"[\\uA739\\uA73B]","ay":"[\\uA73D]","b":"[\\u0062\\u24D1\\uFF42\\u1E03\\u1E05\\u1E07\\u0180\\u0183\\u0253]","c":"[\\u0063\\u24D2\\uFF43\\u0107\\u0109\\u010B\\u010D\\u00E7\\u1E09\\u0188\\u023C\\uA73F\\u2184]","d":"[\\u0064\\u24D3\\uFF44\\u1E0B\\u010F\\u1E0D\\u1E11\\u1E13\\u1E0F\\u0111\\u018C\\u0256\\u0257\\uA77A]","dz":"[\\u01F3\\u01C6]","e":"[\\u0065\\u24D4\\uFF45\\u00E8\\u00E9\\u00EA\\u1EC1\\u1EBF\\u1EC5\\u1EC3\\u1EBD\\u0113\\u1E15\\u1E17\\u0115\\u0117\\u00EB\\u1EBB\\u011B\\u0205\\u0207\\u1EB9\\u1EC7\\u0229\\u1E1D\\u0119\\u1E19\\u1E1B\\u0247\\u025B\\u01DD]","f":"[\\u0066\\u24D5\\uFF46\\u1E1F\\u0192\\uA77C]","g":"[\\u0067\\u24D6\\uFF47\\u01F5\\u011D\\u1E21\\u011F\\u0121\\u01E7\\u0123\\u01E5\\u0260\\uA7A1\\u1D79\\uA77F]","h":"[\\u0068\\u24D7\\uFF48\\u0125\\u1E23\\u1E27\\u021F\\u1E25\\u1E29\\u1E2B\\u1E96\\u0127\\u2C68\\u2C76\\u0265]","hv":"[\\u0195]","i":"[\\u0069\\u24D8\\uFF49\\u00EC\\u00ED\\u00EE\\u0129\\u012B\\u012D\\u00EF\\u1E2F\\u1EC9\\u01D0\\u0209\\u020B\\u1ECB\\u012F\\u1E2D\\u0268\\u0131]","j":"[\\u006A\\u24D9\\uFF4A\\u0135\\u01F0\\u0249]","k":"[\\u006B\\u24DA\\uFF4B\\u1E31\\u01E9\\u1E33\\u0137\\u1E35\\u0199\\u2C6A\\uA741\\uA743\\uA745\\uA7A3]","l":"[\\u006C\\u24DB\\uFF4C\\u0140\\u013A\\u013E\\u1E37\\u1E39\\u013C\\u1E3D\\u1E3B\\u017F\\u0142\\u019A\\u026B\\u2C61\\uA749\\uA781\\uA747]","lj":"[\\u01C9]","m":"[\\u006D\\u24DC\\uFF4D\\u1E3F\\u1E41\\u1E43\\u0271\\u026F]","n":"[\\u006E\\u24DD\\uFF4E\\u01F9\\u0144\\u00F1\\u1E45\\u0148\\u1E47\\u0146\\u1E4B\\u1E49\\u019E\\u0272\\u0149\\uA791\\uA7A5]","nj":"[\\u01CC]","o":"[\\u006F\\u24DE\\uFF4F\\u00F2\\u00F3\\u00F4\\u1ED3\\u1ED1\\u1ED7\\u1ED5\\u00F5\\u1E4D\\u022D\\u1E4F\\u014D\\u1E51\\u1E53\\u014F\\u022F\\u0231\\u00F6\\u022B\\u1ECF\\u0151\\u01D2\\u020D\\u020F\\u01A1\\u1EDD\\u1EDB\\u1EE1\\u1EDF\\u1EE3\\u1ECD\\u1ED9\\u01EB\\u01ED\\u00F8\\u01FF\\u0254\\uA74B\\uA74D\\u0275]","oi":"[\\u01A3]","ou":"[\\u0223]","oo":"[\\uA74F]","p":"[\\u0070\\u24DF\\uFF50\\u1E55\\u1E57\\u01A5\\u1D7D\\uA751\\uA753\\uA755]","q":"[\\u0071\\u24E0\\uFF51\\u024B\\uA757\\uA759]","r":"[\\u0072\\u24E1\\uFF52\\u0155\\u1E59\\u0159\\u0211\\u0213\\u1E5B\\u1E5D\\u0157\\u1E5F\\u024D\\u027D\\uA75B\\uA7A7\\uA783]","s":"[\\u0073\\u24E2\\uFF53\\u015B\\u1E65\\u015D\\u1E61\\u0161\\u1E67\\u1E63\\u1E69\\u0219\\u015F\\u023F\\uA7A9\\uA785\\u1E9B]","ss":"[\\u00DF]","t":"[\\u0074\\u24E3\\uFF54\\u1E6B\\u1E97\\u0165\\u1E6D\\u021B\\u0163\\u1E71\\u1E6F\\u0167\\u01AD\\u0288\\u2C66\\uA787]","tz":"[\\uA729]","u":"[\\u0075\\u24E4\\uFF55\\u00F9\\u00FA\\u00FB\\u0169\\u1E79\\u016B\\u1E7B\\u016D\\u00FC\\u01DC\\u01D8\\u01D6\\u01DA\\u1EE7\\u016F\\u0171\\u01D4\\u0215\\u0217\\u01B0\\u1EEB\\u1EE9\\u1EEF\\u1EED\\u1EF1\\u1EE5\\u1E73\\u0173\\u1E77\\u1E75\\u0289]","v":"[\\u0076\\u24E5\\uFF56\\u1E7D\\u1E7F\\u028B\\uA75F\\u028C]","vy":"[\\uA761]","w":"[\\u0077\\u24E6\\uFF57\\u1E81\\u1E83\\u0175\\u1E87\\u1E85\\u1E98\\u1E89\\u2C73]","x":"[\\u0078\\u24E7\\uFF58\\u1E8B\\u1E8D]","y":"[\\u0079\\u24E8\\uFF59\\u1EF3\\u00FD\\u0177\\u1EF9\\u0233\\u1E8F\\u00FF\\u1EF7\\u1E99\\u1EF5\\u01B4\\u024F\\u1EFF]","z":"[\\u007A\\u24E9\\uFF5A\\u017A\\u1E91\\u017C\\u017E\\u1E93\\u1E95\\u01B6\\u0225\\u0240\\u2C6C\\uA763]"},"researchesTests":["contentHasTOC","contentHasShortParagraphs","contentHasAssets","keywordInTitle","keywordInMetaDescription","keywordInPermalink","keywordIn10Percent","keywordInContent","keywordInSubheadings","keywordInImageAlt","keywordDensity","keywordNotUsed","lengthContent","lengthPermalink","linksHasInternal","linksHasExternals","linksNotAllExternals","titleStartWithKeyword","titleSentiment","titleHasPowerWords","titleHasNumber","hasContentAI"],"hasRedirection":true,"hasBreadcrumb":false},"homeUrl":"https:\/\/onlinebettingspace.com\/sk\/","objectID":2591,"objectType":"post","locale":"sk","localeFull":"sk_SK","overlayImages":{"play":{"name":"Play icon","url":"https:\/\/onlinebettingspace.com\/wp-content\/plugins\/seo-by-rank-math\/assets\/admin\/img\/icon-play.png","path":"\/home\/SuperAdmin\/web\/onlinebettingspace.com\/public_html\/wp-content\/plugins\/seo-by-rank-math\/assets\/admin\/img\/icon-play.png","position":"middle_center"},"gif":{"name":"GIF icon","url":"https:\/\/onlinebettingspace.com\/wp-content\/plugins\/seo-by-rank-math\/assets\/admin\/img\/icon-gif.png","path":"\/home\/SuperAdmin\/web\/onlinebettingspace.com\/public_html\/wp-content\/plugins\/seo-by-rank-math\/assets\/admin\/img\/icon-gif.png","position":"middle_center"}},"defautOgImage":"https:\/\/onlinebettingspace.com\/wp-content\/uploads\/2022\/04\/OBS-FULL-LOGO.webp","customPermalinks":true,"isUserRegistered":true,"autoSuggestKeywords":true,"connectSiteUrl":"https:\/\/rankmath.com\/auth?site=https%3A%2F%2Fonlinebettingspace.com%2Fsk%2F&r=https%3A%2F%2Fonlinebettingspace.com%2Fsk%2Fwp-json%2Fwp%2Fv2%2Fpages%2F2591%3Fnonce%3Dc963eac197","maxTags":5,"trendsIcon":"<svg viewBox=\"0 0 610 610\"><path d=\"M18.85,446,174.32,290.48l58.08,58.08L76.93,504a14.54,14.54,0,0,1-20.55,0L18.83,466.48a14.54,14.54,0,0,1,0-20.55Z\" style=\"fill:#4285f4\"\/><path d=\"M242.65,242.66,377.59,377.6l-47.75,47.75a14.54,14.54,0,0,1-20.55,0L174.37,290.43l47.75-47.75A14.52,14.52,0,0,1,242.65,242.66Z\" style=\"fill:#ea4335\"\/><polygon points=\"319.53 319.53 479.26 159.8 537.34 217.88 377.61 377.62 319.53 319.53\" style=\"fill:#fabb05\"\/><path d=\"M594.26,262.73V118.61h0a16.94,16.94,0,0,0-16.94-16.94H433.2a16.94,16.94,0,0,0-12,28.92L565.34,274.71h0a16.94,16.94,0,0,0,28.92-12Z\" style=\"fill:#34a853\"\/><rect width=\"610\" height=\"610\" style=\"fill:none\"\/><\/svg>","showScore":true,"siteFavIcon":"https:\/\/onlinebettingspace.com\/wp-content\/uploads\/2022\/04\/OBS-LOGO-1.webp","canUser":{"general":false,"advanced":false,"snippet":false,"social":false,"analysis":false,"analytics":false,"content_ai":false},"showKeywordIntent":true,"isPro":false,"is_front_page":false,"trendsUpgradeLink":"https:\/\/rankmath.com\/pricing\/?utm_source=Plugin&utm_medium=CE%20General%20Tab%20Trends&utm_campaign=WP","trendsUpgradeLabel":"Upgrade","trendsPreviewImage":"https:\/\/onlinebettingspace.com\/wp-content\/plugins\/seo-by-rank-math\/assets\/admin\/img\/trends-preview.jpg","currentEditor":false,"homepageData":{"assessor":{"powerWords":[],"diacritics":true,"researchesTests":["contentHasTOC","contentHasShortParagraphs","contentHasAssets","keywordInTitle","keywordInMetaDescription","keywordInPermalink","keywordIn10Percent","keywordInContent","keywordInSubheadings","keywordInImageAlt","keywordDensity","keywordNotUsed","lengthContent","lengthPermalink","linksHasInternal","linksHasExternals","linksNotAllExternals","titleStartWithKeyword","titleSentiment","titleHasPowerWords","titleHasNumber","hasContentAI"],"hasBreadcrumb":false,"serpData":{"title":"%sitename% %page% %sep% %sitedesc%","description":"","titleTemplate":"%sitename% %page% %sep% %sitedesc%","descriptionTemplate":"","focusKeywords":"","breadcrumbTitle":"Home","robots":{"index":true},"advancedRobots":[],"facebookTitle":"","facebookDescription":"","facebookImage":"","facebookImageID":""}}},"tocTitle":"Table of Contents","tocExcludeHeadings":[],"listStyle":"ul"},"_links":{"self":[{"href":"https:\/\/onlinebettingspace.com\/sk\/wp-json\/wp\/v2\/pages\/2591","targetHints":{"allow":["GET"]}}],"collection":[{"href":"https:\/\/onlinebettingspace.com\/sk\/wp-json\/wp\/v2\/pages"}],"about":[{"href":"https:\/\/onlinebettingspace.com\/sk\/wp-json\/wp\/v2\/types\/page"}],"author":[{"embeddable":true,"href":"https:\/\/onlinebettingspace.com\/sk\/wp-json\/wp\/v2\/users\/1"}],"replies":[{"embeddable":true,"href":"https:\/\/onlinebettingspace.com\/sk\/wp-json\/wp\/v2\/comments?post=2591"}],"version-history":[{"count":0,"href":"https:\/\/onlinebettingspace.com\/sk\/wp-json\/wp\/v2\/pages\/2591\/revisions"}],"wp:attachment":[{"href":"https:\/\/onlinebettingspace.com\/sk\/wp-json\/wp\/v2\/media?parent=2591"}],"curies":[{"name":"wp","href":"https:\/\/api.w.org\/{rel}","templated":true}]}}