{"id":2588,"date":"2022-08-20T23:51:55","date_gmt":"2022-08-20T20:51:55","guid":{"rendered":"https:\/\/onlinebettingspace.com\/?page_id=2588"},"modified":"2022-08-20T23:51:55","modified_gmt":"2022-08-20T20:51:55","slug":"live-blackjack","status":"publish","type":"page","link":"https:\/\/onlinebettingspace.com\/sk\/live-blackjack\/","title":{"rendered":"LIVE BLACKJACK"},"content":{"rendered":"<section class=\"l-section wpb_row height_medium\"><div class=\"l-section-h i-cf\"><div class=\"g-cols vc_row via_flex valign_top type_default stacking_default\"><div class=\"vc_col-sm-12 wpb_column vc_column_container\"><div class=\"vc_column-inner\"><div class=\"wpb_wrapper\"><div class=\"wpb_text_column\"><div class=\"wpb_wrapper\"><h1>LIVE BLACKJACK<\/h1>\n<div>\n<div id=\"breadcrumbsWrap\" class=\" hidden-xs _2f \">\n<div id=\"breadcrumbs\">\n<div class=\" col-xs-12 _27 col-sm-8 _1r col-md-12 _29 \">\n<div class=\" intro _e1 WYSIWYG _2v \">\n<p>Niektor\u00fdm hr\u00e1\u010dom u\u017e nesta\u010dia be\u017en\u00e9 casino hry, ktor\u00e9 funguj\u00fa na princ\u00edpe po\u010d\u00edta\u010dovo generovanej grafiky. Online casina si toto v\u0161imli u\u017e d\u00e1vnej\u0161ie a\u00a0preto pri\u0161li na trh\u00a0<strong>s\u00a0revolu\u010dnou novinkou<\/strong>, pomocou ktorej sa im podarilo pribl\u00ed\u017ei\u0165 hr\u00e1\u010dom t\u00fa prav\u00fa\u00a0<strong>atmosf\u00e9ru kas\u00edna<\/strong>.<\/p>\n<div>\n<div class=\" readMore _3k \">\n<p>Vy v\u0161ak nemus\u00edte st\u00e1le nikam cestova\u0165, sta\u010d\u00ed v\u00e1m len dobr\u00e9 internetov\u00e9 pripojenie a\u00a0po\u010d\u00edta\u010d, respekt\u00edve mobil.<\/p>\n<p>Blackjackov\u00fd hr\u00e1\u010di nie s\u00fa v\u00a0tomto pr\u00edpade \u017eiadnou v\u00fdnimkou, preto\u017ee pr\u00e1ve blackjack je jedna z\u00a0hier, ktor\u00e1 bola ve\u013emi \u00faspe\u0161ne transformovan\u00e1\u00a0<a href=\"\/sk\/live-casino\"><strong>do live prostredia<\/strong><\/a>.\u00a0<strong>Blackjack na\u017eivo<\/strong>\u00a0je ve\u013emi l\u00e1kav\u00e1 hra nielen pre mu\u017esk\u00e9 pokolenie \u2013 preto\u017ee hr\u00e1\u010di s\u00fa v\u00e4\u010d\u0161inou obsluhovan\u00ed\u00a0<strong>kr\u00e1snymi, mlad\u00fdmi krupierkami<\/strong>, no je ve\u013emi zauj\u00edmavou alternat\u00edvou pre hr\u00e1\u010dov, ktor\u00ed radi po\u010d\u00edtaj\u00fa karty v\u00a0blackjacku, preto\u017ee narozdiel do be\u017en\u00e9ho\u00a0<a href=\"\/sk\/blackjack\"><strong>online blackjacku<\/strong><\/a>\u00a0vid\u00edte v\u00a0tejto hre\u00a0<strong>\u201etop\u00e1nku\u201c s\u00a0kartami<\/strong>. Pozrime sa bli\u017e\u0161ie na to, ako funguje live blackjack.<\/p>\n<h2>PRE\u010cO HR\u00c1\u010cI MILUJ\u00da LIVE BLACKJACK?<\/h2>\n<p>Mo\u017eno sa p\u00fdtate, \u010do \u013eud\u00ed l\u00e1ka na live blackjacku v\u00a0porovnan\u00ed s\u00a0klasick\u00fdm blackjackom, ktor\u00fd rovnako pon\u00fakaj\u00fa online kas\u00edna. Faktom je, \u017ee live blackjack pon\u00faka v\u010faka svojej povahe ove\u013ea re\u00e1lnej\u0161\u00ed z\u00e1\u017eitok z\u00a0hrania v\u00a0online kas\u00edne, ke\u010f\u017ee sa akoby nach\u00e1dzate priamo v\u00a0kas\u00edne. Na rozdiel od klasick\u00e9ho blackjacku, teraz nehr\u00e1te proti stroju, ale cel\u00fa hru riadi dealer alebo dealerka. S\u00a0n\u00edm alebo s\u00a0\u0148ou m\u00f4\u017eete po\u010das hrania komunikova\u0165, \u010do prid\u00e1va hre na spolo\u010denskom rozmere.<\/p>\n<p>Ve\u013ekou v\u00fdhodou hrania live blackjacku je aj to, \u017ee ho m\u00f4\u017eete hra\u0165 z\u00a0domova. Nemus\u00edte cestova\u0165 kilometre \u010faleko do kamenn\u00e9ho kas\u00edna, ktor\u00e9 navy\u0161e nemus\u00ed ma\u0165 blackjack pr\u00e1ve v\u00a0ponuke. Live blackjack prebieha nepretr\u017eite a\u00a0nech\u00fdba v\u00a0ponuke \u017eiadneho lep\u0161ieho online kas\u00edna. Navy\u0161e, online kas\u00edna hr\u00e1\u010dov motivuj\u00fa k\u00a0tomu, aby si live blackjack zahrali promo akciami, bonusmi alebo in\u00fdmi odmenami, \u010do rob\u00ed hranie live blackjacku e\u0161te zauj\u00edmavej\u0161\u00edm.<\/p>\n<p>V\u010faka modern\u00fdm technol\u00f3gi\u00e1m a\u00a0v\u00fdvoju sa hranie live blackjacku stalo nielen realistick\u00fdm, ale aj ve\u013emi pohodln\u00fdm. Dnes u\u017e si ho m\u00f4\u017eete zahra\u0165 na tabletoch, modernej\u0161\u00edch smartf\u00f3noch sediac na pohodlnej pohovke alebo cestuj\u00fac domov z\u00a0pr\u00e1ce. V\u010faka jednoduch\u00e9mu ovl\u00e1daniu tak\u00fdchto hier si hranie live blackjacku ur\u010dite zamilujete. Sami ur\u010dite zist\u00edte, \u017ee nie je n\u00e1hodou, \u017ee live blackjack patr\u00ed medzi\u00a0<a href=\"\/sk\/casino-hry\"><strong>najpopul\u00e1rnej\u0161ie kas\u00ednov\u00e9 hry<\/strong>\u00a0<\/a>v\u00f4bec!<\/p>\n<h2>AKO PREBIEHA HRA LIVE BLACKJACKU<\/h2>\n<p>\u010ealej si pop\u00ed\u0161eme priebeh hry live blackjacku. Hoci live blackjack indikuje, \u017ee sa jedn\u00e1 o\u00a0jednu a\u00a0toto\u017en\u00fa hru, nie je tomu tak. Existuje viacero variantov live blackjacku (\u010d\u00edtajte ni\u017e\u0161ie) a\u00a0v\u00a0prvom kroku si mus\u00edte vybra\u0165 ten, ktor\u00fd si chcete zahra\u0165. Jednotliv\u00e9 verzie sa od seba l\u00ed\u0161ia pravidlami, maxim\u00e1lnymi a\u00a0minim\u00e1lnymi ve\u013ekos\u0165ami st\u00e1vok, t\u00fdm \u010di dealer stoj\u00ed na sedemn\u00e1stke \u010di nie a\u00a0in\u00fdmi pravidlami.<\/p>\n<p>Blackjack na\u017eivo sa od klasick\u00e9ho online blackjacku l\u00ed\u0161i hlavne t\u00fdm, \u017ee digit\u00e1lna plocha na va\u0161ej obrazovke je len t\u00e1, na ktorej rob\u00edte st\u00e1vky. Ke\u010f\u017ee krupi\u00e9r\/ka nemanipuluje so \u017eet\u00f3nmi, tak tieto \u017eet\u00f3ny s\u00fa rozd\u00e1van\u00e9 vo virtu\u00e1lnej forme. Na spodnej strane obrazovky v\u00e4\u010d\u0161inou vid\u00edte virtu\u00e1lny panel, ktor\u00fd v\u00e1m ukazuje v\u00fd\u0161ku vkladu, v\u00fdhry alebo umo\u017e\u0148uje r\u00f4zne nastavenia. Okrem samotn\u00fdch st\u00e1vok, respekt\u00edve \u017eet\u00f3nov je potom v\u0161etko ostatn\u00e9, \u010do vid\u00edte na obrazovke skuto\u010dn\u00e9.<\/p>\n<p>Dealer\/ka m\u00e1 pri sebe priesvitn\u00fa plastov\u00fa \u201etop\u00e1nku\u201c s kartami, z ktorej rozd\u00e1va skuto\u010dn\u00e9 karty pred ka\u017ed\u00e9ho jedn\u00e9ho online hr\u00e1\u010da, ktor\u00fd je zapojen\u00fd do tejto hry. Ona m\u00e1 pred sebou taktie\u017e polo\u017een\u00e9 dve skuto\u010dne karty \u2013 jedno odhalen\u00fa, jednu skryt\u00fa. A pr\u00e1ve v\u010faka tomu, \u017ee vy vid\u00edte skuto\u010dn\u00fd po\u010det ost\u00e1vaj\u00facich kariet \u201ev bal\u00edku\u201c, je tu ve\u013ek\u00e1 mo\u017enos\u0165\u00a0<strong>po\u010d\u00edtania kariet<\/strong>. Ale to sme u\u017e spom\u00ednali v predch\u00e1dzaj\u00facich riadkoch.<\/p>\n<p>Pri live blackjacku v\u00e1m ni\u010d nebr\u00e1ni tomu, aby ste po\u010d\u00edtali karty a\u00a0zv\u00fd\u0161ili tak svoje \u0161ance na v\u00fdhru. Rovnako \u2013 pokia\u013e to hra exaktne nezakazuje \u2013 m\u00f4\u017eete hra\u0165 takzvan\u00fd multi-hand blackjack \u2013 teda hru, pri ktorej sa hr\u00e1 namiesto jednej ruky s\u00a0piatimi. Multi-hand blackjack pon\u00faka rok od roku \u010doraz viac online kas\u00edn, ke\u010f\u017ee dopyt po tejto verzii je napriek jej v\u00e4\u010d\u0161ej n\u00e1ro\u010dnosti, \u010doraz v\u00e4\u010d\u0161\u00ed. V\u00a0ka\u017edom dobrom online kas\u00edne dnes live blackjack nech\u00fdba.<\/p>\n<p>Predt\u00fdm, ne\u017e za\u010dnete s\u00a0hran\u00edm live blackjacku, mali by ste ma\u0165 napam\u00e4ti, \u017ee hra prebieha v\u00a0angli\u010dtine. Komunik\u00e1cia s\u00a0dealerom alebo dealerkou, chatovanie, vysvetlivky, jazyk hry \u2013 to v\u0161etko b\u00fdva v\u00a0anglickom jazyku. Pre plnohodnotn\u00fd z\u00e1\u017eitok z\u00a0hry by ste teda mali ovl\u00e1da\u0165 angli\u010dtinu \u010di aspo\u0148 nevyhnutn\u00fa blackjack terminol\u00f3giu.<\/p>\n<p>r\u00e1\u010dov, ktor\u00ed by si radi zahrali ruletu alebo blackjack. M\u00f4\u017eete si zahra\u0165 na viacer\u00fdch stoloch, vidie\u0165 v\u00a0pozad\u00ed ostatn\u00e9 stoly a\u00a0u\u017e\u00edva\u0165 si realistick\u00fd z\u00e1\u017eitok v\u010faka lietaj\u00facim lietadl\u00e1m, prist\u00e1vaj\u00facim helikopt\u00e9ram a\u00a0in\u00fdm fenom\u00e9nom. Live Beyond Live Blackjack je predov\u0161etk\u00fdm azda najrealistickej\u0161\u00edm live blackjack variantom, ktor\u00e9 si dnes m\u00f4\u017eete zahra\u0165 v\u00a0online kas\u00ednach.\u00a0<strong>Zahrajte si live blackjack od NetEnt v\u00a0<a href=\"\/sk\/legolas-bet-casino\">LegolasBet Casino<\/a><\/strong>.<\/p>\n<h3>Blackjack Party<\/h3>\n<p>Blackjack Party je \u010fal\u0161\u00ed z\u00a0blackjackov vyvinut\u00fdch Evolution Gaming. Idea tohto variantu je ukryt\u00e1 u\u017e v\u00a0samotnom n\u00e1zve a\u00a0je to azda ten najspolo\u010denskej\u0161\u00ed live blackjack, ktor\u00fd si m\u00f4\u017eete zahra\u0165. Okrem hry m\u00f4\u017eete komunikova\u0165 s\u00a0dealermi alebo dealerkami na r\u00f4zne t\u00e9my a\u00a0dealeri dokonca po\u010das hry vtipkuj\u00fa. Samotn\u00e1 hra m\u00e1 svoje pravidl\u00e1 \u2013 dealer mus\u00ed st\u00e1\u0165 na sedemn\u00e1stich a\u00a0\u0165aha\u0165 na \u0161estn\u00e1stich, hr\u00e1 sa s\u00a0mo\u017enos\u0165ou poistenia pri dealerovom ese, blackjack sa vypl\u00e1ca v\u00a0pomere 3:2 a\u00a0in\u00e9. Tak\u00fdto blackjack je nato\u013eko popul\u00e1rny, \u017ee pri 7-miestnom stole nezriedka n\u00e1jdete v\u0161etk\u00fdch hr\u00e1\u010dov.\u00a0<strong>Zahrajte si t\u00fato hru v\u00a0<a href=\"\/sk\/casinoeuro\">CasinoEuro<\/a>.<\/strong><\/p>\n<h3><strong>Extreme Live Blackjack<\/strong><\/h3>\n<p>Svoj blackjack vyvinula aj spolo\u010dnos\u0165 Extreme Live Gaming a\u00a0pomenovala ho ako Extreme Live Blackjack. N\u00e1zov hry m\u00f4\u017eeme prelo\u017ei\u0165 ako \u201eextr\u00e9mne \u017eiv\u00fd\u201c blackjack, \u010do m\u00e1 svoje opodstatnenie. V\u010faka sn\u00edmaniu kamery m\u00e1te pocit, \u017ee dealer sed\u00ed takmer \u00faplne pred vami. Navy\u0161e, v\u010faka realistick\u00fdm zvukom v\u00a0pozad\u00ed poch\u00e1dzaj\u00facim z\u00a0ruletov\u00fdch stolov m\u00e1te pocit, \u017ee sa nach\u00e1dzatepriamo v\u00a0kamennom kas\u00edne. Samotn\u00e1 hra vyu\u017e\u00edva tzv. vegask\u00e9 pravidl\u00e1 \u2013 dealer dost\u00e1va dve karty, poistenie je mo\u017en\u00e9 v\u00a0pr\u00edpade jeho esa\u00a0 a\u00a0vy ako hr\u00e1\u010di m\u00e1te mo\u017enos\u0165 splitova\u0165 p\u00e1r alebo zdvojn\u00e1sobi\u0165 na prv\u00e9 dve nessplitovan\u00e9 karty. Navy\u0161e, m\u00e1te mo\u017enos\u0165 uzatvori\u0165 aj nieko\u013eko side-betov.\u00a0<strong>Zahrajte si t\u00fato hru v\u00a0<a href=\"\/sk\/casinoeuro\">CasinoEuro<\/a>.<\/strong><\/p>\n<h2>KDE SI M\u00d4\u017dETE VYSK\u00da\u0160A\u0164 BLACKJACK NA\u017dIVO<\/h2>\n<p>Ak sme v\u00e1s pr\u00e1ve navnadili na t\u00fato v\u00fdborn\u00fa formu online z\u00e1bavy, tak u\u017e neost\u00e1va ni\u010d in\u00e9, len si vybra\u0165 niektor\u00e9 z\u00a0<strong><a href=\"\/sk\/najlepsie-online-kasina\">najlep\u0161\u00edch online cas\u00edn<\/a><\/strong>, ktor\u00e9 samozrejme pon\u00fakaj\u00fa aj live casino hry a\u00a0ihne\u010f sa vrhn\u00fa\u0165 do hrania. Niektor\u00e9 kas\u00edna pon\u00fakaj\u00fa\u00a0<strong>mo\u017enos\u0165 \u201esedie\u0165 pri stole\u201c<\/strong>\u00a0i\u00a0ke\u010f ste sa nezaregistrovali alebo nevlo\u017eili na \u00fa\u010det \u017eiadne peniaze, no bohu\u017eia\u013e v\u00e4\u010d\u0161inou nem\u00f4\u017eete hra\u0165.<\/p>\n<p>Pokia\u013e preferujete hru na\u00a0<strong>tablete \u010di smartf\u00f3ne<\/strong>, tak m\u00e1me pre v\u00e1s jedno mal\u00e9 varovanie \u2013 nie ka\u017ed\u00e9 online kas\u00edno toti\u017e vo svojej mobilnej forme dovo\u013euje aj live casino hry a\u00a0live blackjack nie je v\u00a0tomto \u017eiadnou v\u00fdnimkou.<\/p>\n<p>Pr\u00edpadne ak preferujete niektor\u00e9 in\u00e9 online kas\u00edna, tak v\u00e1m odpor\u00fa\u010dame si pre live hru n\u00e1js\u0165 be\u017en\u00fd stoln\u00fd po\u010d\u00edta\u010d alebo notebook a\u00a0hra\u0165 pomocou t\u00fdchto zariaden\u00ed. Tak \u010di onak ver\u00edme, \u017ee sa pri live blackjacku neskuto\u010dne zabav\u00edte a\u00a0bude to va\u0161a nov\u00e1 ob\u013e\u00faben\u00e1 hra, v\u010faka ktorej si vychutn\u00e1te kas\u00ednov\u00fa atmosf\u00e9ru!<\/p>\n<h2>Z\u00c1VER<\/h2>\n<p>Live Blackjack je pr\u00edjemn\u00fdm a v\u00edtan\u00fdm spestren\u00edm hry pre v\u0161etk\u00fdch milovn\u00edkov tejto hry. Pon\u00faka mo\u017enos\u0165 zak\u00fasi\u0165 si atmosf\u00e9ru \u017eivej hry z pohodlia svojho domova. Na to, aby ste si zahrali live blackjack budete potrebova\u0165 okrem internetov\u00e9ho pripojenia len po\u010d\u00edta\u010d, notebook a v niektor\u00fdch pr\u00edpadoch dokonca len smartf\u00f3n. Live Blackjack patr\u00ed dlhodobo medzi najpopul\u00e1rnej\u0161ie online kas\u00ednov\u00e9 hry v\u00f4bec a ak chcete na vlastn\u00fa ko\u017eu zisti\u0165 pre\u010do je tomu tak, je len jedna cesta \u2013 zahrajte si live blackjack e\u0161te dnes!<\/p>\n<\/div>\n<\/div>\n<\/div>\n<\/div>\n<\/div>\n<\/div>\n<\/div>\n<\/div><\/div><\/div><\/div><\/div><\/div><\/div><\/section>\n","protected":false},"excerpt":{"rendered":"LIVE BLACKJACK Niektor\u00fdm hr\u00e1\u010dom u\u017e nesta\u010dia be\u017en\u00e9 casino hry, ktor\u00e9 funguj\u00fa na princ\u00edpe po\u010d\u00edta\u010dovo generovanej grafiky. Online casina si toto v\u0161imli u\u017e d\u00e1vnej\u0161ie a\u00a0preto pri\u0161li na trh\u00a0s\u00a0revolu\u010dnou novinkou, pomocou ktorej sa im podarilo pribl\u00ed\u017ei\u0165 hr\u00e1\u010dom t\u00fa prav\u00fa\u00a0atmosf\u00e9ru kas\u00edna. Vy v\u0161ak nemus\u00edte st\u00e1le nikam cestova\u0165, sta\u010d\u00ed v\u00e1m len dobr\u00e9 internetov\u00e9 pripojenie a\u00a0po\u010d\u00edta\u010d, respekt\u00edve mobil. Blackjackov\u00fd hr\u00e1\u010di...","protected":false},"author":1,"featured_media":0,"parent":0,"menu_order":0,"comment_status":"closed","ping_status":"closed","template":"","meta":{"_acf_changed":false,"footnotes":""},"class_list":["post-2588","page","type-page","status-publish","hentry"],"acf":[],"rankMath":{"parentDomain":"onlinebettingspace.com","noFollowDomains":[],"noFollowExcludeDomains":[],"noFollowExternalLinks":false,"featuredImageNotice":"The featured image should be at least 200 by 200 pixels to be picked up by Facebook and other social media sites.","pluginReviewed":true,"postSettings":{"linkSuggestions":true,"useFocusKeyword":false},"frontEndScore":false,"postName":"live-blackjack","permalinkFormat":"https:\/\/onlinebettingspace.com\/sk\/%pagename%\/","showLockModifiedDate":true,"assessor":{"focusKeywordLink":"https:\/\/onlinebettingspace.com\/wp-admin\/edit.php?focus_keyword=%focus_keyword%&post_type=%post_type%","hasTOCPlugin":false,"primaryTaxonomy":false,"serpData":{"title":"Live blackjack alebo ako si zahra\u0165 blackjack na\u017eivo","description":"Hra\u0165 kas\u00edno na\u017eivo je v\u00fdborn\u00fd sp\u00f4sob, ako si u\u017ei\u0165 kas\u00ednov\u00e9 hry e\u0161te v lep\u0161ej kvalite. Vysk\u00fa\u0161ajte live blackjack a ihne\u010f budete o\u010daren\u00ed touto kartovou hrou.","focusKeywords":"LIVE BLACKJACK","pillarContent":false,"canonicalUrl":"","breadcrumbTitle":"","advancedRobots":[],"facebookTitle":"","facebookDescription":"","facebookImage":"","facebookImageID":"","facebookHasOverlay":false,"facebookImageOverlay":"","facebookAuthor":"","twitterCardType":"","twitterUseFacebook":true,"twitterTitle":"","twitterDescription":"","twitterImage":"","twitterImageID":"","twitterHasOverlay":false,"twitterImageOverlay":"","twitterPlayerUrl":"","twitterPlayerSize":"","twitterPlayerStream":"","twitterPlayerStreamCtype":"","twitterAppDescription":"","twitterAppIphoneName":"","twitterAppIphoneID":"","twitterAppIphoneUrl":"","twitterAppIpadName":"","twitterAppIpadID":"","twitterAppIpadUrl":"","twitterAppGoogleplayName":"","twitterAppGoogleplayID":"","twitterAppGoogleplayUrl":"","twitterAppCountry":"","robots":{"index":true},"twitterAuthor":"username","primaryTerm":0,"authorName":"OBSAdmin","titleTemplate":"%title% %sep% %sitename%","descriptionTemplate":"%excerpt%","showScoreFrontend":true,"lockModifiedDate":false},"powerWords":[],"diacritics":{"A":"[\\u0041\\u24B6\\uFF21\\u00C0\\u00C1\\u00C2\\u1EA6\\u1EA4\\u1EAA\\u1EA8\\u00C3\\u0100\\u0102\\u1EB0\\u1EAE\\u1EB4\\u1EB2\\u0226\\u01E0\\u00C4\\u01DE\\u1EA2\\u00C5\\u01FA\\u01CD\\u0200\\u0202\\u1EA0\\u1EAC\\u1EB6\\u1E00\\u0104\\u023A\\u2C6F]","AA":"[\\uA732]","AE":"[\\u00C6\\u01FC\\u01E2]","AO":"[\\uA734]","AU":"[\\uA736]","AV":"[\\uA738\\uA73A]","AY":"[\\uA73C]","B":"[\\u0042\\u24B7\\uFF22\\u1E02\\u1E04\\u1E06\\u0243\\u0182\\u0181]","C":"[\\u0043\\u24B8\\uFF23\\u0106\\u0108\\u010A\\u010C\\u00C7\\u1E08\\u0187\\u023B\\uA73E]","D":"[\\u0044\\u24B9\\uFF24\\u1E0A\\u010E\\u1E0C\\u1E10\\u1E12\\u1E0E\\u0110\\u018B\\u018A\\u0189\\uA779]","DZ":"[\\u01F1\\u01C4]","Dz":"[\\u01F2\\u01C5]","E":"[\\u0045\\u24BA\\uFF25\\u00C8\\u00C9\\u00CA\\u1EC0\\u1EBE\\u1EC4\\u1EC2\\u1EBC\\u0112\\u1E14\\u1E16\\u0114\\u0116\\u00CB\\u1EBA\\u011A\\u0204\\u0206\\u1EB8\\u1EC6\\u0228\\u1E1C\\u0118\\u1E18\\u1E1A\\u0190\\u018E]","F":"[\\u0046\\u24BB\\uFF26\\u1E1E\\u0191\\uA77B]","G":"[\\u0047\\u24BC\\uFF27\\u01F4\\u011C\\u1E20\\u011E\\u0120\\u01E6\\u0122\\u01E4\\u0193\\uA7A0\\uA77D\\uA77E]","H":"[\\u0048\\u24BD\\uFF28\\u0124\\u1E22\\u1E26\\u021E\\u1E24\\u1E28\\u1E2A\\u0126\\u2C67\\u2C75\\uA78D]","I":"[\\u0049\\u24BE\\uFF29\\u00CC\\u00CD\\u00CE\\u0128\\u012A\\u012C\\u0130\\u00CF\\u1E2E\\u1EC8\\u01CF\\u0208\\u020A\\u1ECA\\u012E\\u1E2C\\u0197]","J":"[\\u004A\\u24BF\\uFF2A\\u0134\\u0248]","K":"[\\u004B\\u24C0\\uFF2B\\u1E30\\u01E8\\u1E32\\u0136\\u1E34\\u0198\\u2C69\\uA740\\uA742\\uA744\\uA7A2]","L":"[\\u004C\\u24C1\\uFF2C\\u013F\\u0139\\u013D\\u1E36\\u1E38\\u013B\\u1E3C\\u1E3A\\u0141\\u023D\\u2C62\\u2C60\\uA748\\uA746\\uA780]","LJ":"[\\u01C7]","Lj":"[\\u01C8]","M":"[\\u004D\\u24C2\\uFF2D\\u1E3E\\u1E40\\u1E42\\u2C6E\\u019C]","N":"[\\u004E\\u24C3\\uFF2E\\u01F8\\u0143\\u00D1\\u1E44\\u0147\\u1E46\\u0145\\u1E4A\\u1E48\\u0220\\u019D\\uA790\\uA7A4]","NJ":"[\\u01CA]","Nj":"[\\u01CB]","O":"[\\u004F\\u24C4\\uFF2F\\u00D2\\u00D3\\u00D4\\u1ED2\\u1ED0\\u1ED6\\u1ED4\\u00D5\\u1E4C\\u022C\\u1E4E\\u014C\\u1E50\\u1E52\\u014E\\u022E\\u0230\\u00D6\\u022A\\u1ECE\\u0150\\u01D1\\u020C\\u020E\\u01A0\\u1EDC\\u1EDA\\u1EE0\\u1EDE\\u1EE2\\u1ECC\\u1ED8\\u01EA\\u01EC\\u00D8\\u01FE\\u0186\\u019F\\uA74A\\uA74C]","OI":"[\\u01A2]","OO":"[\\uA74E]","OU":"[\\u0222]","P":"[\\u0050\\u24C5\\uFF30\\u1E54\\u1E56\\u01A4\\u2C63\\uA750\\uA752\\uA754]","Q":"[\\u0051\\u24C6\\uFF31\\uA756\\uA758\\u024A]","R":"[\\u0052\\u24C7\\uFF32\\u0154\\u1E58\\u0158\\u0210\\u0212\\u1E5A\\u1E5C\\u0156\\u1E5E\\u024C\\u2C64\\uA75A\\uA7A6\\uA782]","S":"[\\u0053\\u24C8\\uFF33\\u1E9E\\u015A\\u1E64\\u015C\\u1E60\\u0160\\u1E66\\u1E62\\u1E68\\u0218\\u015E\\u2C7E\\uA7A8\\uA784]","T":"[\\u0054\\u24C9\\uFF34\\u1E6A\\u0164\\u1E6C\\u021A\\u0162\\u1E70\\u1E6E\\u0166\\u01AC\\u01AE\\u023E\\uA786]","TZ":"[\\uA728]","U":"[\\u0055\\u24CA\\uFF35\\u00D9\\u00DA\\u00DB\\u0168\\u1E78\\u016A\\u1E7A\\u016C\\u00DC\\u01DB\\u01D7\\u01D5\\u01D9\\u1EE6\\u016E\\u0170\\u01D3\\u0214\\u0216\\u01AF\\u1EEA\\u1EE8\\u1EEE\\u1EEC\\u1EF0\\u1EE4\\u1E72\\u0172\\u1E76\\u1E74\\u0244]","V":"[\\u0056\\u24CB\\uFF36\\u1E7C\\u1E7E\\u01B2\\uA75E\\u0245]","VY":"[\\uA760]","W":"[\\u0057\\u24CC\\uFF37\\u1E80\\u1E82\\u0174\\u1E86\\u1E84\\u1E88\\u2C72]","X":"[\\u0058\\u24CD\\uFF38\\u1E8A\\u1E8C]","Y":"[\\u0059\\u24CE\\uFF39\\u1EF2\\u00DD\\u0176\\u1EF8\\u0232\\u1E8E\\u0178\\u1EF6\\u1EF4\\u01B3\\u024E\\u1EFE]","Z":"[\\u005A\\u24CF\\uFF3A\\u0179\\u1E90\\u017B\\u017D\\u1E92\\u1E94\\u01B5\\u0224\\u2C7F\\u2C6B\\uA762]","a":"[\\u0061\\u24D0\\uFF41\\u1E9A\\u00E0\\u00E1\\u00E2\\u1EA7\\u1EA5\\u1EAB\\u1EA9\\u00E3\\u0101\\u0103\\u1EB1\\u1EAF\\u1EB5\\u1EB3\\u0227\\u01E1\\u00E4\\u01DF\\u1EA3\\u00E5\\u01FB\\u01CE\\u0201\\u0203\\u1EA1\\u1EAD\\u1EB7\\u1E01\\u0105\\u2C65\\u0250]","aa":"[\\uA733]","ae":"[\\u00E6\\u01FD\\u01E3]","ao":"[\\uA735]","au":"[\\uA737]","av":"[\\uA739\\uA73B]","ay":"[\\uA73D]","b":"[\\u0062\\u24D1\\uFF42\\u1E03\\u1E05\\u1E07\\u0180\\u0183\\u0253]","c":"[\\u0063\\u24D2\\uFF43\\u0107\\u0109\\u010B\\u010D\\u00E7\\u1E09\\u0188\\u023C\\uA73F\\u2184]","d":"[\\u0064\\u24D3\\uFF44\\u1E0B\\u010F\\u1E0D\\u1E11\\u1E13\\u1E0F\\u0111\\u018C\\u0256\\u0257\\uA77A]","dz":"[\\u01F3\\u01C6]","e":"[\\u0065\\u24D4\\uFF45\\u00E8\\u00E9\\u00EA\\u1EC1\\u1EBF\\u1EC5\\u1EC3\\u1EBD\\u0113\\u1E15\\u1E17\\u0115\\u0117\\u00EB\\u1EBB\\u011B\\u0205\\u0207\\u1EB9\\u1EC7\\u0229\\u1E1D\\u0119\\u1E19\\u1E1B\\u0247\\u025B\\u01DD]","f":"[\\u0066\\u24D5\\uFF46\\u1E1F\\u0192\\uA77C]","g":"[\\u0067\\u24D6\\uFF47\\u01F5\\u011D\\u1E21\\u011F\\u0121\\u01E7\\u0123\\u01E5\\u0260\\uA7A1\\u1D79\\uA77F]","h":"[\\u0068\\u24D7\\uFF48\\u0125\\u1E23\\u1E27\\u021F\\u1E25\\u1E29\\u1E2B\\u1E96\\u0127\\u2C68\\u2C76\\u0265]","hv":"[\\u0195]","i":"[\\u0069\\u24D8\\uFF49\\u00EC\\u00ED\\u00EE\\u0129\\u012B\\u012D\\u00EF\\u1E2F\\u1EC9\\u01D0\\u0209\\u020B\\u1ECB\\u012F\\u1E2D\\u0268\\u0131]","j":"[\\u006A\\u24D9\\uFF4A\\u0135\\u01F0\\u0249]","k":"[\\u006B\\u24DA\\uFF4B\\u1E31\\u01E9\\u1E33\\u0137\\u1E35\\u0199\\u2C6A\\uA741\\uA743\\uA745\\uA7A3]","l":"[\\u006C\\u24DB\\uFF4C\\u0140\\u013A\\u013E\\u1E37\\u1E39\\u013C\\u1E3D\\u1E3B\\u017F\\u0142\\u019A\\u026B\\u2C61\\uA749\\uA781\\uA747]","lj":"[\\u01C9]","m":"[\\u006D\\u24DC\\uFF4D\\u1E3F\\u1E41\\u1E43\\u0271\\u026F]","n":"[\\u006E\\u24DD\\uFF4E\\u01F9\\u0144\\u00F1\\u1E45\\u0148\\u1E47\\u0146\\u1E4B\\u1E49\\u019E\\u0272\\u0149\\uA791\\uA7A5]","nj":"[\\u01CC]","o":"[\\u006F\\u24DE\\uFF4F\\u00F2\\u00F3\\u00F4\\u1ED3\\u1ED1\\u1ED7\\u1ED5\\u00F5\\u1E4D\\u022D\\u1E4F\\u014D\\u1E51\\u1E53\\u014F\\u022F\\u0231\\u00F6\\u022B\\u1ECF\\u0151\\u01D2\\u020D\\u020F\\u01A1\\u1EDD\\u1EDB\\u1EE1\\u1EDF\\u1EE3\\u1ECD\\u1ED9\\u01EB\\u01ED\\u00F8\\u01FF\\u0254\\uA74B\\uA74D\\u0275]","oi":"[\\u01A3]","ou":"[\\u0223]","oo":"[\\uA74F]","p":"[\\u0070\\u24DF\\uFF50\\u1E55\\u1E57\\u01A5\\u1D7D\\uA751\\uA753\\uA755]","q":"[\\u0071\\u24E0\\uFF51\\u024B\\uA757\\uA759]","r":"[\\u0072\\u24E1\\uFF52\\u0155\\u1E59\\u0159\\u0211\\u0213\\u1E5B\\u1E5D\\u0157\\u1E5F\\u024D\\u027D\\uA75B\\uA7A7\\uA783]","s":"[\\u0073\\u24E2\\uFF53\\u015B\\u1E65\\u015D\\u1E61\\u0161\\u1E67\\u1E63\\u1E69\\u0219\\u015F\\u023F\\uA7A9\\uA785\\u1E9B]","ss":"[\\u00DF]","t":"[\\u0074\\u24E3\\uFF54\\u1E6B\\u1E97\\u0165\\u1E6D\\u021B\\u0163\\u1E71\\u1E6F\\u0167\\u01AD\\u0288\\u2C66\\uA787]","tz":"[\\uA729]","u":"[\\u0075\\u24E4\\uFF55\\u00F9\\u00FA\\u00FB\\u0169\\u1E79\\u016B\\u1E7B\\u016D\\u00FC\\u01DC\\u01D8\\u01D6\\u01DA\\u1EE7\\u016F\\u0171\\u01D4\\u0215\\u0217\\u01B0\\u1EEB\\u1EE9\\u1EEF\\u1EED\\u1EF1\\u1EE5\\u1E73\\u0173\\u1E77\\u1E75\\u0289]","v":"[\\u0076\\u24E5\\uFF56\\u1E7D\\u1E7F\\u028B\\uA75F\\u028C]","vy":"[\\uA761]","w":"[\\u0077\\u24E6\\uFF57\\u1E81\\u1E83\\u0175\\u1E87\\u1E85\\u1E98\\u1E89\\u2C73]","x":"[\\u0078\\u24E7\\uFF58\\u1E8B\\u1E8D]","y":"[\\u0079\\u24E8\\uFF59\\u1EF3\\u00FD\\u0177\\u1EF9\\u0233\\u1E8F\\u00FF\\u1EF7\\u1E99\\u1EF5\\u01B4\\u024F\\u1EFF]","z":"[\\u007A\\u24E9\\uFF5A\\u017A\\u1E91\\u017C\\u017E\\u1E93\\u1E95\\u01B6\\u0225\\u0240\\u2C6C\\uA763]"},"researchesTests":["contentHasTOC","contentHasShortParagraphs","contentHasAssets","keywordInTitle","keywordInMetaDescription","keywordInPermalink","keywordIn10Percent","keywordInContent","keywordInSubheadings","keywordInImageAlt","keywordDensity","keywordNotUsed","lengthContent","lengthPermalink","linksHasInternal","linksHasExternals","linksNotAllExternals","titleStartWithKeyword","titleSentiment","titleHasPowerWords","titleHasNumber","hasContentAI"],"hasRedirection":true,"hasBreadcrumb":false},"homeUrl":"https:\/\/onlinebettingspace.com\/sk\/","objectID":2588,"objectType":"post","locale":"sk","localeFull":"sk_SK","overlayImages":{"play":{"name":"Play icon","url":"https:\/\/onlinebettingspace.com\/wp-content\/plugins\/seo-by-rank-math\/assets\/admin\/img\/icon-play.png","path":"\/home\/SuperAdmin\/web\/onlinebettingspace.com\/public_html\/wp-content\/plugins\/seo-by-rank-math\/assets\/admin\/img\/icon-play.png","position":"middle_center"},"gif":{"name":"GIF icon","url":"https:\/\/onlinebettingspace.com\/wp-content\/plugins\/seo-by-rank-math\/assets\/admin\/img\/icon-gif.png","path":"\/home\/SuperAdmin\/web\/onlinebettingspace.com\/public_html\/wp-content\/plugins\/seo-by-rank-math\/assets\/admin\/img\/icon-gif.png","position":"middle_center"}},"defautOgImage":"https:\/\/onlinebettingspace.com\/wp-content\/uploads\/2022\/04\/OBS-FULL-LOGO.webp","customPermalinks":true,"isUserRegistered":true,"autoSuggestKeywords":true,"connectSiteUrl":"https:\/\/rankmath.com\/auth?site=https%3A%2F%2Fonlinebettingspace.com%2Fsk%2F&r=https%3A%2F%2Fonlinebettingspace.com%2Fsk%2Fwp-json%2Fwp%2Fv2%2Fpages%2F2588%3Fnonce%3Dc963eac197","maxTags":5,"trendsIcon":"<svg viewBox=\"0 0 610 610\"><path d=\"M18.85,446,174.32,290.48l58.08,58.08L76.93,504a14.54,14.54,0,0,1-20.55,0L18.83,466.48a14.54,14.54,0,0,1,0-20.55Z\" style=\"fill:#4285f4\"\/><path d=\"M242.65,242.66,377.59,377.6l-47.75,47.75a14.54,14.54,0,0,1-20.55,0L174.37,290.43l47.75-47.75A14.52,14.52,0,0,1,242.65,242.66Z\" style=\"fill:#ea4335\"\/><polygon points=\"319.53 319.53 479.26 159.8 537.34 217.88 377.61 377.62 319.53 319.53\" style=\"fill:#fabb05\"\/><path d=\"M594.26,262.73V118.61h0a16.94,16.94,0,0,0-16.94-16.94H433.2a16.94,16.94,0,0,0-12,28.92L565.34,274.71h0a16.94,16.94,0,0,0,28.92-12Z\" style=\"fill:#34a853\"\/><rect width=\"610\" height=\"610\" style=\"fill:none\"\/><\/svg>","showScore":true,"siteFavIcon":"https:\/\/onlinebettingspace.com\/wp-content\/uploads\/2022\/04\/OBS-LOGO-1.webp","canUser":{"general":false,"advanced":false,"snippet":false,"social":false,"analysis":false,"analytics":false,"content_ai":false},"showKeywordIntent":true,"isPro":false,"is_front_page":false,"trendsUpgradeLink":"https:\/\/rankmath.com\/pricing\/?utm_source=Plugin&utm_medium=CE%20General%20Tab%20Trends&utm_campaign=WP","trendsUpgradeLabel":"Upgrade","trendsPreviewImage":"https:\/\/onlinebettingspace.com\/wp-content\/plugins\/seo-by-rank-math\/assets\/admin\/img\/trends-preview.jpg","currentEditor":false,"homepageData":{"assessor":{"powerWords":[],"diacritics":true,"researchesTests":["contentHasTOC","contentHasShortParagraphs","contentHasAssets","keywordInTitle","keywordInMetaDescription","keywordInPermalink","keywordIn10Percent","keywordInContent","keywordInSubheadings","keywordInImageAlt","keywordDensity","keywordNotUsed","lengthContent","lengthPermalink","linksHasInternal","linksHasExternals","linksNotAllExternals","titleStartWithKeyword","titleSentiment","titleHasPowerWords","titleHasNumber","hasContentAI"],"hasBreadcrumb":false,"serpData":{"title":"%sitename% %page% %sep% %sitedesc%","description":"","titleTemplate":"%sitename% %page% %sep% %sitedesc%","descriptionTemplate":"","focusKeywords":"","breadcrumbTitle":"Home","robots":{"index":true},"advancedRobots":[],"facebookTitle":"","facebookDescription":"","facebookImage":"","facebookImageID":""}}},"tocTitle":"Table of Contents","tocExcludeHeadings":[],"listStyle":"ul"},"_links":{"self":[{"href":"https:\/\/onlinebettingspace.com\/sk\/wp-json\/wp\/v2\/pages\/2588","targetHints":{"allow":["GET"]}}],"collection":[{"href":"https:\/\/onlinebettingspace.com\/sk\/wp-json\/wp\/v2\/pages"}],"about":[{"href":"https:\/\/onlinebettingspace.com\/sk\/wp-json\/wp\/v2\/types\/page"}],"author":[{"embeddable":true,"href":"https:\/\/onlinebettingspace.com\/sk\/wp-json\/wp\/v2\/users\/1"}],"replies":[{"embeddable":true,"href":"https:\/\/onlinebettingspace.com\/sk\/wp-json\/wp\/v2\/comments?post=2588"}],"version-history":[{"count":0,"href":"https:\/\/onlinebettingspace.com\/sk\/wp-json\/wp\/v2\/pages\/2588\/revisions"}],"wp:attachment":[{"href":"https:\/\/onlinebettingspace.com\/sk\/wp-json\/wp\/v2\/media?parent=2588"}],"curies":[{"name":"wp","href":"https:\/\/api.w.org\/{rel}","templated":true}]}}