{"id":2581,"date":"2022-08-20T23:38:13","date_gmt":"2022-08-20T20:38:13","guid":{"rendered":"https:\/\/onlinebettingspace.com\/?page_id=2581"},"modified":"2022-08-20T23:38:13","modified_gmt":"2022-08-20T20:38:13","slug":"stieracie-zreby","status":"publish","type":"page","link":"https:\/\/onlinebettingspace.com\/sk\/stieracie-zreby\/","title":{"rendered":"STIERACIE ZREBY"},"content":{"rendered":"<section class=\"l-section wpb_row height_medium\"><div class=\"l-section-h i-cf\"><div class=\"g-cols vc_row via_flex valign_top type_default stacking_default\"><div class=\"vc_col-sm-12 wpb_column vc_column_container\"><div class=\"vc_column-inner\"><div class=\"wpb_wrapper\"><div class=\"wpb_text_column\"><div class=\"wpb_wrapper\"><h1>STIERACIE \u017dREBY<\/h1>\n<div>\n<div id=\"breadcrumbsWrap\" class=\" hidden-xs _2f \">\n<div id=\"breadcrumbs\">\n<div class=\" col-xs-12 _27 col-sm-8 _1r col-md-12 _29 sp \">\n<div class=\" intro _e9 WYSIWYG _2v \">\n<p>Ver\u00edme, \u017ee ka\u017ed\u00fd jeden z\u00a0v\u00e1s u\u017e niekedy pod\u013eahol \u010daru<strong>\u00a0stierac\u00edch \u017erebov<\/strong> a\u00a0k\u00fapil si ho v\u00a0trafike na autobusovej zast\u00e1vke alebo jednoducho ho niekde videl a\u00a0v\u00a0tej chv\u00edli pod\u013eahol poku\u0161eniu vysk\u00fa\u0161a\u0165 zotrie\u0165 z\u00a0neho strieborn\u00fd povrch a\u00a0pozrie\u0165 sa, \u010di n\u00e1hodou nie\u010do nevyhral.<\/p>\n<div>\n<div class=\" readMore _3l \">\n<p>Ve\u010f pri takej n\u00edzkej cene, za ak\u00fa sa stieracie \u017ereby pred\u00e1vaj\u00fa by pomaly bol nezmysel nevysk\u00fa\u0161a\u0165 ich a\u00a0nek\u00fapi\u0165 si ob\u010das jeden, dva alebo pokojne aj viac stierac\u00edch \u017erebov. Ak ste nikdy s\u00a0norm\u00e1lnymi stierac\u00edmi losmi ni\u010d nevyhrali a\u00a0jednoducho s\u00a0nimi nemali \u017eiadne \u0161\u0165astie, tak m\u00e1me pre v\u00e1s mimoriadne super spr\u00e1vu \u2013 vysk\u00fa\u0161ajte\u00a0<strong>online stieracie \u017ereby\u00a0<\/strong>a\u00a0uvid\u00edte, \u017ee aj s\u00a0touto online casino hrou sa d\u00e1\u00a0<strong>jednoducho a\u00a0\u013eahko vyhra\u0165<\/strong>!<\/p>\n<div class=\" WYSIWYG _2v \">\n<h2>AKO FUNGUJ\u00da ONLINE STIERACIE LOSY?<\/h2>\n<p>Stieracie \u017ereby za\u010d\u00ednali ako marketingov\u00fd n\u00e1stroj sl\u00fa\u017eiaci k\u00a0populariz\u00e1cii ur\u010dit\u00e9ho produktu medzi \u013eu\u010fmi. Dnes s\u00fa regul\u00e9rnou hrou, ktor\u00fa miluj\u00fa masy hr\u00e1\u010dov. Pravdepodobne si e\u0161te spomeniete na to, ako funguj\u00fa klasick\u00e9 stieracie \u017ereby a\u00a0teda zotriete \u017ereb a\u00a0zist\u00edte \u010di ste nie\u010do vyhrali alebo nie. To, \u010di ste vyhrali viete okam\u017eite, nemus\u00edte \u010daka\u0165 na \u017eiadne losovanie ako v\u00a0pr\u00edpade telev\u00edznych lot\u00e9rii.<\/p>\n<p>Popularita stierac\u00edch losov sp\u00f4sobila, \u017ee sa dostali i\u00a0do prostredia\u00a0<a href=\"\/sk\/casino-hry\"><strong>online hry<\/strong><\/a>. Dnes stieracie \u017ereby patria medzi najpopul\u00e1rnej\u0161ie kas\u00ednov\u00e9 hry a\u00a0hoci je pravda, \u017ee ich nepon\u00fakaj\u00fa v\u0161etky online kas\u00edna, tak v\u00a0t\u00fdch, v\u00a0ktor\u00fdch ich n\u00e1jdete, sa radia v\u00a0rebr\u00ed\u010dku popularity vysoko. V\u010faka svojim jednoduch\u00fdm pravidl\u00e1m je to ide\u00e1lna hra ako pre za\u010diato\u010dn\u00edkov, tak i\u00a0sk\u00fasen\u00fdch hr\u00e1\u010dov na oddych.<\/p>\n<p>Stieracie \u017ereby i\u00a0v\u00a0prostred\u00ed online hry funguj\u00fa podobne ako pri \u017eivej hre. Namiesto toho, aby ste v\u0161ak teraz \u201estierali\u201c \u017ereb prostredn\u00edctvom mince, ku hre vyu\u017e\u00edvate svoju po\u010d\u00edta\u010dov\u00fa my\u0161 alebo touchpad, ktor\u00fdm odha\u013eujete jednotliv\u00e9 pol\u00ed\u010dka na \u017erebe a\u00a0t\u00fdm rozhodujete o\u00a0va\u0161ej v\u00fdhre. \u201eZotrie\u0165\u201c jeden \u017ereb je vecou nieko\u013ek\u00fdch desiatok sek\u00fand a\u00a0v\u00a0pr\u00edpade v\u00fdhry s\u00fa v\u00e1m peniaze okam\u017eite prip\u00edsan\u00e9 na v\u00e1\u0161 hr\u00e1\u010dsky \u00fa\u010det a\u00a0m\u00f4\u017eete si za ne napr\u00edklad zak\u00fapi\u0165 \u010fal\u0161\u00ed los.<\/p>\n<\/div>\n<section class=\" multimedia_conversion _58 widgetWrapper _34 regular _5k image_gallery _5i \" data-widget-id=\"73968\" data-widget-type=\"Multimedia_Conversion\" data-brand-id=\"71319\">\n<div class=\" row _w all-wrapper _59 \">\n<h2>AKO PREBIEHA HRA STIERAC\u00cdCH \u017dREBOV ONLINE?<\/h2>\n<p>Po\u010fme sa teraz pozrie\u0165 na to, ako prebieha hranie stierac\u00edch losov online. Na to, aby ste si zahrali budete potrebova\u0165 internetov\u00e9 pripojenie a\u00a0finan\u010dn\u00e9 prostriedky na \u00fa\u010dte (ak sa rozhodnete hra\u0165 o\u00a0skuto\u010dn\u00e9 peniaze). Na \u00favod si mus\u00edte vybra\u0165, ktor\u00fa z\u00a0hier si zahr\u00e1te. Existuje viacero druhov stierac\u00edch \u017erebov \u2013 v\u00a0jedn\u00fdch \u201estierate\u201c symboly \u010d\u00edsiel, v\u00a0in\u00fdch napr\u00edklad ovocia a\u00a0v\u00a0\u010fal\u0161\u00edch in\u00e9. Akon\u00e1hle ste si vybrali svoju hru, m\u00f4\u017eete prist\u00fapi\u0165 k\u00a0stieraniu.<\/p>\n<p>Online kas\u00edna maj\u00fa samotn\u00fd proces stierania vyrie\u0161en\u00fd r\u00f4zne. Pri niektor\u00fdch budete pohybova\u0165 my\u0161ou hore a\u00a0dole akoby ste stierali mincou. Pri \u010fal\u0161\u00edch na symbol, ktor\u00fd budete chcie\u0165 \u201ezotrie\u0165\u201c len kliknete. Niektor\u00e9 online kas\u00edna pon\u00fakaj\u00fa aj mo\u017enos\u0165 odhali\u0165 v\u0161etky symboly naraz (napr\u00edklad tla\u010didlom \u201eReveal All\u201c), \u010d\u00edm z\u00edskate okam\u017eit\u00fa inform\u00e1ciu o\u00a0tom \u010di a\u00a0ko\u013eko ste vyhrali. Priprav\u00edte sa t\u00fdm v\u0161ak o\u00a0moment nap\u00e4tia a\u00a0vzru\u0161enia zo samotn\u00e9ho zotierania.<\/p>\n<p>V\u00a0pravidl\u00e1ch hry n\u00e1jdete aj inform\u00e1ciu o\u00a0tom, ko\u013eko a\u00a0za \u010do vyhr\u00e1te. Pov\u00e4\u010d\u0161inou plat\u00ed, \u017ee na v\u00fdhru pri stierac\u00edch \u017ereboch budete potrebova\u0165 zotrie\u0165 minim\u00e1lne tri identick\u00e9 symboly. Podobne ako pri automatoch plat\u00ed, \u017ee symboly s\u00fa rozdielne hodnotn\u00e9. A\u00a0k\u00fdm za jednu trojicu dostanete v\u00fdhru v\u00a0podobe 3-n\u00e1sobku st\u00e1vky, pri \u010fal\u0161om to m\u00f4\u017ee by\u0165 aj 10-n\u00e1sobok. V\u017edy si pred hrou skontrolujte tabu\u013eku s\u00a0v\u00fdhrami.<\/p>\n<h2>PRE\u010cO HR\u00c1\u010cI MILUJ\u00da STIERACIE \u017dREBY?<\/h2>\n<p>Ob\u013euba stierac\u00edch \u017erebov v\u00a0online kas\u00ednach rok od roka narast\u00e1. Je za t\u00fdm hne\u010f nieko\u013eko faktorov. Prv\u00fdm je nen\u00e1ro\u010dnos\u0165 hry. Pre t\u00fdch, ktor\u00ed chc\u00fa pri hran\u00ed len zrelaxova\u0165 a \u201evypn\u00fa\u0165\u201c s\u00fa stieracie losy ide\u00e1lnou vo\u013ebou. Nemus\u00edte pri nich ovl\u00e1da\u0165 zlo\u017eit\u00fa strat\u00e9giu, nemus\u00edte vedie\u0165 po\u010d\u00edta\u0165 karty ani ovl\u00e1da\u0165 tzv. GTO \u2013 teda optim\u00e1lnu hern\u00fa te\u00f3riu. Len si k\u00fapite \u017ereb, zotriete a\u00a0hne\u010f viete \u010di ste vyhrali.<\/p>\n<p>Napriek negat\u00edvnej reklame, ktor\u00fa stieracie losy maj\u00fa, ich\u00a0<strong>v\u00fdhernos\u0165 RTP<\/strong>\u00a0je len o\u00a0m\u00e1lo men\u0161ia, ne\u017e je pri automatoch. Najv\u00fdhernej\u0161ie \u017erebov\u00e9 hry maj\u00fa n\u00e1vratnos\u0165 okolo<strong>\u00a096%<\/strong>, \u010do je to, \u010do dostanete pri menej\u00a0<a href=\"\/sk\/hracie-automaty\"><strong>v\u00fdhern\u00fdch automatoch<\/strong><\/a>. Av\u0161ak na rozdiel od automatov pon\u00fakaj\u00fa stieracie losy mo\u017enos\u0165 vyhra\u0165 za mal\u00fa invest\u00edciu ve\u013ek\u00fa v\u00fdhru.<\/p>\n<p>Zabudnite na stereotypy. Stieracie \u017ereby s\u00fa modernou hrou, ktor\u00e1 je atrakt\u00edvna a\u00a0v\u00e1biv\u00e1 i\u00a0po grafickej, teda vizu\u00e1lnej str\u00e1nke. I\u00a0samotn\u00e9 hry doznali zmien \u2013 s\u00fa pln\u00e9 bonusov a\u00a0ved\u013eaj\u0161\u00edch hier. I\u00a0kas\u00edna pon\u00fakaj\u00fa \u0161peci\u00e1lne akcie venovan\u00e9 hr\u00e1\u010dom stierac\u00edch \u017erebov, \u010do ukazuje, \u017ee si sami uvedomuj\u00fa, ak\u00fa popularitu tieto hry maj\u00fa.<\/p>\n<h2>ZAHRAJTE SI STIERACIE \u017dREBY ZADARMO<\/h2>\n<p>K\u00a0tomu, aby ste si zotreli nejak\u00e9 stieracie \u017ereby nebudete potrebova\u0165 ani cent. Online kas\u00edna pon\u00fakaj\u00fa mo\u017enos\u0165 zahra\u0165 si tieto hry \u2013 podobne ako automaty a\u00a0in\u00e9 hry \u2013 \u00faplne zadarmo s\u00a0vyu\u017eit\u00edm fikt\u00edvnych pe\u0148az\u00ed. Vlastne, odpor\u00fa\u010dame V\u00e1m to aj my na za\u010diatok, nech si \u201eohmat\u00e1te\u201c tieto hry predt\u00fdm, ne\u017e sa pust\u00edte do vzru\u0161uj\u00facej hry o\u00a0rozpr\u00e1vkov\u00e9 bohatstvo. Ak neviete, ak\u00e9 kas\u00edna pon\u00fakaj\u00fa stieracie losy, v\u00a0tomto \u010dl\u00e1nku ich n\u00e1jdete. Nezabudnite v\u0161ak na to, \u017ee len hra o\u00a0skuto\u010dn\u00e9 peniaze prin\u00e1\u0161a skuto\u010dn\u00e9 vzru\u0161enie a\u00a0hlavne skuto\u010dn\u00e9 v\u00fdhry.<\/p>\n<h2>Z\u00c1VER<\/h2>\n<p>Online stieracie \u017ereby alebo online stieracie losy s\u00fa vzru\u0161uj\u00facou kas\u00ednovou hrou pre v\u0161etk\u00fdch, ktor\u00ed h\u013eadaj\u00fa nen\u00e1ro\u010dn\u00fa hru s mo\u017enos\u0165ou ve\u013ek\u00fdch v\u00fdhier. Ak patr\u00edte medzi tak\u00fdchto hr\u00e1\u010dov, vysk\u00fa\u0161ajte stieracie \u017ereby e\u0161te dnes a zotrite si svoju ve\u013ek\u00fa v\u00fdhru!<\/p>\n<\/div>\n<\/section>\n<\/div>\n<\/div>\n<\/div>\n<\/div>\n<\/div>\n<\/div>\n<\/div>\n<\/div><\/div><\/div><\/div><\/div><\/div><\/div><\/section>\n","protected":false},"excerpt":{"rendered":"STIERACIE \u017dREBY Ver\u00edme, \u017ee ka\u017ed\u00fd jeden z\u00a0v\u00e1s u\u017e niekedy pod\u013eahol \u010daru\u00a0stierac\u00edch \u017erebov a\u00a0k\u00fapil si ho v\u00a0trafike na autobusovej zast\u00e1vke alebo jednoducho ho niekde videl a\u00a0v\u00a0tej chv\u00edli pod\u013eahol poku\u0161eniu vysk\u00fa\u0161a\u0165 zotrie\u0165 z\u00a0neho strieborn\u00fd povrch a\u00a0pozrie\u0165 sa, \u010di n\u00e1hodou nie\u010do nevyhral. Ve\u010f pri takej n\u00edzkej cene, za ak\u00fa sa stieracie \u017ereby pred\u00e1vaj\u00fa by pomaly bol nezmysel nevysk\u00fa\u0161a\u0165...","protected":false},"author":1,"featured_media":0,"parent":0,"menu_order":0,"comment_status":"closed","ping_status":"closed","template":"","meta":{"_acf_changed":false,"footnotes":""},"class_list":["post-2581","page","type-page","status-publish","hentry"],"acf":[],"rankMath":{"parentDomain":"onlinebettingspace.com","noFollowDomains":[],"noFollowExcludeDomains":[],"noFollowExternalLinks":false,"featuredImageNotice":"The featured image should be at least 200 by 200 pixels to be picked up by Facebook and other social media sites.","pluginReviewed":true,"postSettings":{"linkSuggestions":true,"useFocusKeyword":false},"frontEndScore":false,"postName":"stieracie-zreby","permalinkFormat":"https:\/\/onlinebettingspace.com\/sk\/%pagename%\/","showLockModifiedDate":true,"assessor":{"focusKeywordLink":"https:\/\/onlinebettingspace.com\/wp-admin\/edit.php?focus_keyword=%focus_keyword%&post_type=%post_type%","hasTOCPlugin":false,"primaryTaxonomy":false,"serpData":{"title":"Online stieracie \u017ereby | onlinebettingspace.com","description":"Odteraz u\u017e nemus\u00edte nikam chodi\u0165, ak si chcete k\u00fapi\u0165 stieracie \u017ereby \u2013 v\u010faka ich online verzi\u00ed si m\u00f4\u017eete pokojne vysk\u00fa\u0161a\u0165 svoje \u0161\u0165astie aj doma.","focusKeywords":"STIERACIE \u017dREBY","pillarContent":false,"canonicalUrl":"","breadcrumbTitle":"","advancedRobots":[],"facebookTitle":"","facebookDescription":"","facebookImage":"","facebookImageID":"","facebookHasOverlay":false,"facebookImageOverlay":"","facebookAuthor":"","twitterCardType":"","twitterUseFacebook":true,"twitterTitle":"","twitterDescription":"","twitterImage":"","twitterImageID":"","twitterHasOverlay":false,"twitterImageOverlay":"","twitterPlayerUrl":"","twitterPlayerSize":"","twitterPlayerStream":"","twitterPlayerStreamCtype":"","twitterAppDescription":"","twitterAppIphoneName":"","twitterAppIphoneID":"","twitterAppIphoneUrl":"","twitterAppIpadName":"","twitterAppIpadID":"","twitterAppIpadUrl":"","twitterAppGoogleplayName":"","twitterAppGoogleplayID":"","twitterAppGoogleplayUrl":"","twitterAppCountry":"","robots":{"index":true},"twitterAuthor":"username","primaryTerm":0,"authorName":"OBSAdmin","titleTemplate":"%title% %sep% %sitename%","descriptionTemplate":"%excerpt%","showScoreFrontend":true,"lockModifiedDate":false},"powerWords":[],"diacritics":{"A":"[\\u0041\\u24B6\\uFF21\\u00C0\\u00C1\\u00C2\\u1EA6\\u1EA4\\u1EAA\\u1EA8\\u00C3\\u0100\\u0102\\u1EB0\\u1EAE\\u1EB4\\u1EB2\\u0226\\u01E0\\u00C4\\u01DE\\u1EA2\\u00C5\\u01FA\\u01CD\\u0200\\u0202\\u1EA0\\u1EAC\\u1EB6\\u1E00\\u0104\\u023A\\u2C6F]","AA":"[\\uA732]","AE":"[\\u00C6\\u01FC\\u01E2]","AO":"[\\uA734]","AU":"[\\uA736]","AV":"[\\uA738\\uA73A]","AY":"[\\uA73C]","B":"[\\u0042\\u24B7\\uFF22\\u1E02\\u1E04\\u1E06\\u0243\\u0182\\u0181]","C":"[\\u0043\\u24B8\\uFF23\\u0106\\u0108\\u010A\\u010C\\u00C7\\u1E08\\u0187\\u023B\\uA73E]","D":"[\\u0044\\u24B9\\uFF24\\u1E0A\\u010E\\u1E0C\\u1E10\\u1E12\\u1E0E\\u0110\\u018B\\u018A\\u0189\\uA779]","DZ":"[\\u01F1\\u01C4]","Dz":"[\\u01F2\\u01C5]","E":"[\\u0045\\u24BA\\uFF25\\u00C8\\u00C9\\u00CA\\u1EC0\\u1EBE\\u1EC4\\u1EC2\\u1EBC\\u0112\\u1E14\\u1E16\\u0114\\u0116\\u00CB\\u1EBA\\u011A\\u0204\\u0206\\u1EB8\\u1EC6\\u0228\\u1E1C\\u0118\\u1E18\\u1E1A\\u0190\\u018E]","F":"[\\u0046\\u24BB\\uFF26\\u1E1E\\u0191\\uA77B]","G":"[\\u0047\\u24BC\\uFF27\\u01F4\\u011C\\u1E20\\u011E\\u0120\\u01E6\\u0122\\u01E4\\u0193\\uA7A0\\uA77D\\uA77E]","H":"[\\u0048\\u24BD\\uFF28\\u0124\\u1E22\\u1E26\\u021E\\u1E24\\u1E28\\u1E2A\\u0126\\u2C67\\u2C75\\uA78D]","I":"[\\u0049\\u24BE\\uFF29\\u00CC\\u00CD\\u00CE\\u0128\\u012A\\u012C\\u0130\\u00CF\\u1E2E\\u1EC8\\u01CF\\u0208\\u020A\\u1ECA\\u012E\\u1E2C\\u0197]","J":"[\\u004A\\u24BF\\uFF2A\\u0134\\u0248]","K":"[\\u004B\\u24C0\\uFF2B\\u1E30\\u01E8\\u1E32\\u0136\\u1E34\\u0198\\u2C69\\uA740\\uA742\\uA744\\uA7A2]","L":"[\\u004C\\u24C1\\uFF2C\\u013F\\u0139\\u013D\\u1E36\\u1E38\\u013B\\u1E3C\\u1E3A\\u0141\\u023D\\u2C62\\u2C60\\uA748\\uA746\\uA780]","LJ":"[\\u01C7]","Lj":"[\\u01C8]","M":"[\\u004D\\u24C2\\uFF2D\\u1E3E\\u1E40\\u1E42\\u2C6E\\u019C]","N":"[\\u004E\\u24C3\\uFF2E\\u01F8\\u0143\\u00D1\\u1E44\\u0147\\u1E46\\u0145\\u1E4A\\u1E48\\u0220\\u019D\\uA790\\uA7A4]","NJ":"[\\u01CA]","Nj":"[\\u01CB]","O":"[\\u004F\\u24C4\\uFF2F\\u00D2\\u00D3\\u00D4\\u1ED2\\u1ED0\\u1ED6\\u1ED4\\u00D5\\u1E4C\\u022C\\u1E4E\\u014C\\u1E50\\u1E52\\u014E\\u022E\\u0230\\u00D6\\u022A\\u1ECE\\u0150\\u01D1\\u020C\\u020E\\u01A0\\u1EDC\\u1EDA\\u1EE0\\u1EDE\\u1EE2\\u1ECC\\u1ED8\\u01EA\\u01EC\\u00D8\\u01FE\\u0186\\u019F\\uA74A\\uA74C]","OI":"[\\u01A2]","OO":"[\\uA74E]","OU":"[\\u0222]","P":"[\\u0050\\u24C5\\uFF30\\u1E54\\u1E56\\u01A4\\u2C63\\uA750\\uA752\\uA754]","Q":"[\\u0051\\u24C6\\uFF31\\uA756\\uA758\\u024A]","R":"[\\u0052\\u24C7\\uFF32\\u0154\\u1E58\\u0158\\u0210\\u0212\\u1E5A\\u1E5C\\u0156\\u1E5E\\u024C\\u2C64\\uA75A\\uA7A6\\uA782]","S":"[\\u0053\\u24C8\\uFF33\\u1E9E\\u015A\\u1E64\\u015C\\u1E60\\u0160\\u1E66\\u1E62\\u1E68\\u0218\\u015E\\u2C7E\\uA7A8\\uA784]","T":"[\\u0054\\u24C9\\uFF34\\u1E6A\\u0164\\u1E6C\\u021A\\u0162\\u1E70\\u1E6E\\u0166\\u01AC\\u01AE\\u023E\\uA786]","TZ":"[\\uA728]","U":"[\\u0055\\u24CA\\uFF35\\u00D9\\u00DA\\u00DB\\u0168\\u1E78\\u016A\\u1E7A\\u016C\\u00DC\\u01DB\\u01D7\\u01D5\\u01D9\\u1EE6\\u016E\\u0170\\u01D3\\u0214\\u0216\\u01AF\\u1EEA\\u1EE8\\u1EEE\\u1EEC\\u1EF0\\u1EE4\\u1E72\\u0172\\u1E76\\u1E74\\u0244]","V":"[\\u0056\\u24CB\\uFF36\\u1E7C\\u1E7E\\u01B2\\uA75E\\u0245]","VY":"[\\uA760]","W":"[\\u0057\\u24CC\\uFF37\\u1E80\\u1E82\\u0174\\u1E86\\u1E84\\u1E88\\u2C72]","X":"[\\u0058\\u24CD\\uFF38\\u1E8A\\u1E8C]","Y":"[\\u0059\\u24CE\\uFF39\\u1EF2\\u00DD\\u0176\\u1EF8\\u0232\\u1E8E\\u0178\\u1EF6\\u1EF4\\u01B3\\u024E\\u1EFE]","Z":"[\\u005A\\u24CF\\uFF3A\\u0179\\u1E90\\u017B\\u017D\\u1E92\\u1E94\\u01B5\\u0224\\u2C7F\\u2C6B\\uA762]","a":"[\\u0061\\u24D0\\uFF41\\u1E9A\\u00E0\\u00E1\\u00E2\\u1EA7\\u1EA5\\u1EAB\\u1EA9\\u00E3\\u0101\\u0103\\u1EB1\\u1EAF\\u1EB5\\u1EB3\\u0227\\u01E1\\u00E4\\u01DF\\u1EA3\\u00E5\\u01FB\\u01CE\\u0201\\u0203\\u1EA1\\u1EAD\\u1EB7\\u1E01\\u0105\\u2C65\\u0250]","aa":"[\\uA733]","ae":"[\\u00E6\\u01FD\\u01E3]","ao":"[\\uA735]","au":"[\\uA737]","av":"[\\uA739\\uA73B]","ay":"[\\uA73D]","b":"[\\u0062\\u24D1\\uFF42\\u1E03\\u1E05\\u1E07\\u0180\\u0183\\u0253]","c":"[\\u0063\\u24D2\\uFF43\\u0107\\u0109\\u010B\\u010D\\u00E7\\u1E09\\u0188\\u023C\\uA73F\\u2184]","d":"[\\u0064\\u24D3\\uFF44\\u1E0B\\u010F\\u1E0D\\u1E11\\u1E13\\u1E0F\\u0111\\u018C\\u0256\\u0257\\uA77A]","dz":"[\\u01F3\\u01C6]","e":"[\\u0065\\u24D4\\uFF45\\u00E8\\u00E9\\u00EA\\u1EC1\\u1EBF\\u1EC5\\u1EC3\\u1EBD\\u0113\\u1E15\\u1E17\\u0115\\u0117\\u00EB\\u1EBB\\u011B\\u0205\\u0207\\u1EB9\\u1EC7\\u0229\\u1E1D\\u0119\\u1E19\\u1E1B\\u0247\\u025B\\u01DD]","f":"[\\u0066\\u24D5\\uFF46\\u1E1F\\u0192\\uA77C]","g":"[\\u0067\\u24D6\\uFF47\\u01F5\\u011D\\u1E21\\u011F\\u0121\\u01E7\\u0123\\u01E5\\u0260\\uA7A1\\u1D79\\uA77F]","h":"[\\u0068\\u24D7\\uFF48\\u0125\\u1E23\\u1E27\\u021F\\u1E25\\u1E29\\u1E2B\\u1E96\\u0127\\u2C68\\u2C76\\u0265]","hv":"[\\u0195]","i":"[\\u0069\\u24D8\\uFF49\\u00EC\\u00ED\\u00EE\\u0129\\u012B\\u012D\\u00EF\\u1E2F\\u1EC9\\u01D0\\u0209\\u020B\\u1ECB\\u012F\\u1E2D\\u0268\\u0131]","j":"[\\u006A\\u24D9\\uFF4A\\u0135\\u01F0\\u0249]","k":"[\\u006B\\u24DA\\uFF4B\\u1E31\\u01E9\\u1E33\\u0137\\u1E35\\u0199\\u2C6A\\uA741\\uA743\\uA745\\uA7A3]","l":"[\\u006C\\u24DB\\uFF4C\\u0140\\u013A\\u013E\\u1E37\\u1E39\\u013C\\u1E3D\\u1E3B\\u017F\\u0142\\u019A\\u026B\\u2C61\\uA749\\uA781\\uA747]","lj":"[\\u01C9]","m":"[\\u006D\\u24DC\\uFF4D\\u1E3F\\u1E41\\u1E43\\u0271\\u026F]","n":"[\\u006E\\u24DD\\uFF4E\\u01F9\\u0144\\u00F1\\u1E45\\u0148\\u1E47\\u0146\\u1E4B\\u1E49\\u019E\\u0272\\u0149\\uA791\\uA7A5]","nj":"[\\u01CC]","o":"[\\u006F\\u24DE\\uFF4F\\u00F2\\u00F3\\u00F4\\u1ED3\\u1ED1\\u1ED7\\u1ED5\\u00F5\\u1E4D\\u022D\\u1E4F\\u014D\\u1E51\\u1E53\\u014F\\u022F\\u0231\\u00F6\\u022B\\u1ECF\\u0151\\u01D2\\u020D\\u020F\\u01A1\\u1EDD\\u1EDB\\u1EE1\\u1EDF\\u1EE3\\u1ECD\\u1ED9\\u01EB\\u01ED\\u00F8\\u01FF\\u0254\\uA74B\\uA74D\\u0275]","oi":"[\\u01A3]","ou":"[\\u0223]","oo":"[\\uA74F]","p":"[\\u0070\\u24DF\\uFF50\\u1E55\\u1E57\\u01A5\\u1D7D\\uA751\\uA753\\uA755]","q":"[\\u0071\\u24E0\\uFF51\\u024B\\uA757\\uA759]","r":"[\\u0072\\u24E1\\uFF52\\u0155\\u1E59\\u0159\\u0211\\u0213\\u1E5B\\u1E5D\\u0157\\u1E5F\\u024D\\u027D\\uA75B\\uA7A7\\uA783]","s":"[\\u0073\\u24E2\\uFF53\\u015B\\u1E65\\u015D\\u1E61\\u0161\\u1E67\\u1E63\\u1E69\\u0219\\u015F\\u023F\\uA7A9\\uA785\\u1E9B]","ss":"[\\u00DF]","t":"[\\u0074\\u24E3\\uFF54\\u1E6B\\u1E97\\u0165\\u1E6D\\u021B\\u0163\\u1E71\\u1E6F\\u0167\\u01AD\\u0288\\u2C66\\uA787]","tz":"[\\uA729]","u":"[\\u0075\\u24E4\\uFF55\\u00F9\\u00FA\\u00FB\\u0169\\u1E79\\u016B\\u1E7B\\u016D\\u00FC\\u01DC\\u01D8\\u01D6\\u01DA\\u1EE7\\u016F\\u0171\\u01D4\\u0215\\u0217\\u01B0\\u1EEB\\u1EE9\\u1EEF\\u1EED\\u1EF1\\u1EE5\\u1E73\\u0173\\u1E77\\u1E75\\u0289]","v":"[\\u0076\\u24E5\\uFF56\\u1E7D\\u1E7F\\u028B\\uA75F\\u028C]","vy":"[\\uA761]","w":"[\\u0077\\u24E6\\uFF57\\u1E81\\u1E83\\u0175\\u1E87\\u1E85\\u1E98\\u1E89\\u2C73]","x":"[\\u0078\\u24E7\\uFF58\\u1E8B\\u1E8D]","y":"[\\u0079\\u24E8\\uFF59\\u1EF3\\u00FD\\u0177\\u1EF9\\u0233\\u1E8F\\u00FF\\u1EF7\\u1E99\\u1EF5\\u01B4\\u024F\\u1EFF]","z":"[\\u007A\\u24E9\\uFF5A\\u017A\\u1E91\\u017C\\u017E\\u1E93\\u1E95\\u01B6\\u0225\\u0240\\u2C6C\\uA763]"},"researchesTests":["contentHasTOC","contentHasShortParagraphs","contentHasAssets","keywordInTitle","keywordInMetaDescription","keywordInPermalink","keywordIn10Percent","keywordInContent","keywordInSubheadings","keywordInImageAlt","keywordDensity","keywordNotUsed","lengthContent","lengthPermalink","linksHasInternal","linksHasExternals","linksNotAllExternals","titleStartWithKeyword","titleSentiment","titleHasPowerWords","titleHasNumber","hasContentAI"],"hasRedirection":true,"hasBreadcrumb":false},"homeUrl":"https:\/\/onlinebettingspace.com\/sk\/","objectID":2581,"objectType":"post","locale":"sk","localeFull":"sk_SK","overlayImages":{"play":{"name":"Play icon","url":"https:\/\/onlinebettingspace.com\/wp-content\/plugins\/seo-by-rank-math\/assets\/admin\/img\/icon-play.png","path":"\/home\/SuperAdmin\/web\/onlinebettingspace.com\/public_html\/wp-content\/plugins\/seo-by-rank-math\/assets\/admin\/img\/icon-play.png","position":"middle_center"},"gif":{"name":"GIF icon","url":"https:\/\/onlinebettingspace.com\/wp-content\/plugins\/seo-by-rank-math\/assets\/admin\/img\/icon-gif.png","path":"\/home\/SuperAdmin\/web\/onlinebettingspace.com\/public_html\/wp-content\/plugins\/seo-by-rank-math\/assets\/admin\/img\/icon-gif.png","position":"middle_center"}},"defautOgImage":"https:\/\/onlinebettingspace.com\/wp-content\/uploads\/2022\/04\/OBS-FULL-LOGO.webp","customPermalinks":true,"isUserRegistered":true,"autoSuggestKeywords":true,"connectSiteUrl":"https:\/\/rankmath.com\/auth?site=https%3A%2F%2Fonlinebettingspace.com%2Fsk%2F&r=https%3A%2F%2Fonlinebettingspace.com%2Fsk%2Fwp-json%2Fwp%2Fv2%2Fpages%2F2581%3Fnonce%3D3c5053353b","maxTags":5,"trendsIcon":"<svg viewBox=\"0 0 610 610\"><path d=\"M18.85,446,174.32,290.48l58.08,58.08L76.93,504a14.54,14.54,0,0,1-20.55,0L18.83,466.48a14.54,14.54,0,0,1,0-20.55Z\" style=\"fill:#4285f4\"\/><path d=\"M242.65,242.66,377.59,377.6l-47.75,47.75a14.54,14.54,0,0,1-20.55,0L174.37,290.43l47.75-47.75A14.52,14.52,0,0,1,242.65,242.66Z\" style=\"fill:#ea4335\"\/><polygon points=\"319.53 319.53 479.26 159.8 537.34 217.88 377.61 377.62 319.53 319.53\" style=\"fill:#fabb05\"\/><path d=\"M594.26,262.73V118.61h0a16.94,16.94,0,0,0-16.94-16.94H433.2a16.94,16.94,0,0,0-12,28.92L565.34,274.71h0a16.94,16.94,0,0,0,28.92-12Z\" style=\"fill:#34a853\"\/><rect width=\"610\" height=\"610\" style=\"fill:none\"\/><\/svg>","showScore":true,"siteFavIcon":"https:\/\/onlinebettingspace.com\/wp-content\/uploads\/2022\/04\/OBS-LOGO-1.webp","canUser":{"general":false,"advanced":false,"snippet":false,"social":false,"analysis":false,"analytics":false,"content_ai":false},"showKeywordIntent":true,"isPro":false,"is_front_page":false,"trendsUpgradeLink":"https:\/\/rankmath.com\/pricing\/?utm_source=Plugin&utm_medium=CE%20General%20Tab%20Trends&utm_campaign=WP","trendsUpgradeLabel":"Upgrade","trendsPreviewImage":"https:\/\/onlinebettingspace.com\/wp-content\/plugins\/seo-by-rank-math\/assets\/admin\/img\/trends-preview.jpg","currentEditor":false,"homepageData":{"assessor":{"powerWords":[],"diacritics":true,"researchesTests":["contentHasTOC","contentHasShortParagraphs","contentHasAssets","keywordInTitle","keywordInMetaDescription","keywordInPermalink","keywordIn10Percent","keywordInContent","keywordInSubheadings","keywordInImageAlt","keywordDensity","keywordNotUsed","lengthContent","lengthPermalink","linksHasInternal","linksHasExternals","linksNotAllExternals","titleStartWithKeyword","titleSentiment","titleHasPowerWords","titleHasNumber","hasContentAI"],"hasBreadcrumb":false,"serpData":{"title":"%sitename% %page% %sep% %sitedesc%","description":"","titleTemplate":"%sitename% %page% %sep% %sitedesc%","descriptionTemplate":"","focusKeywords":"","breadcrumbTitle":"Home","robots":{"index":true},"advancedRobots":[],"facebookTitle":"","facebookDescription":"","facebookImage":"","facebookImageID":""}}},"tocTitle":"Table of Contents","tocExcludeHeadings":[],"listStyle":"ul"},"_links":{"self":[{"href":"https:\/\/onlinebettingspace.com\/sk\/wp-json\/wp\/v2\/pages\/2581","targetHints":{"allow":["GET"]}}],"collection":[{"href":"https:\/\/onlinebettingspace.com\/sk\/wp-json\/wp\/v2\/pages"}],"about":[{"href":"https:\/\/onlinebettingspace.com\/sk\/wp-json\/wp\/v2\/types\/page"}],"author":[{"embeddable":true,"href":"https:\/\/onlinebettingspace.com\/sk\/wp-json\/wp\/v2\/users\/1"}],"replies":[{"embeddable":true,"href":"https:\/\/onlinebettingspace.com\/sk\/wp-json\/wp\/v2\/comments?post=2581"}],"version-history":[{"count":0,"href":"https:\/\/onlinebettingspace.com\/sk\/wp-json\/wp\/v2\/pages\/2581\/revisions"}],"wp:attachment":[{"href":"https:\/\/onlinebettingspace.com\/sk\/wp-json\/wp\/v2\/media?parent=2581"}],"curies":[{"name":"wp","href":"https:\/\/api.w.org\/{rel}","templated":true}]}}