{"id":2575,"date":"2022-08-20T23:26:29","date_gmt":"2022-08-20T20:26:29","guid":{"rendered":"https:\/\/onlinebettingspace.com\/?page_id=2575"},"modified":"2022-08-20T23:26:29","modified_gmt":"2022-08-20T20:26:29","slug":"android-casino","status":"publish","type":"page","link":"https:\/\/onlinebettingspace.com\/sk\/android-casino\/","title":{"rendered":"ANDROID CASINO"},"content":{"rendered":"<section class=\"l-section wpb_row height_medium\"><div class=\"l-section-h i-cf\"><div class=\"g-cols vc_row via_flex valign_top type_default stacking_default\"><div class=\"vc_col-sm-12 wpb_column vc_column_container\"><div class=\"vc_column-inner\"><div class=\"wpb_wrapper\"><div class=\"wpb_text_column\"><div class=\"wpb_wrapper\"><h1>ANDROID CASINO<\/h1>\n<div class=\" col-xs-12 _27 col-sm-8 _1r col-md-12 _29 \">\n<div class=\" intro _e7 WYSIWYG _2v \">\n<p>Ste vlastn\u00edkom mobiln\u00e9ho telef\u00f3nu alebo tabletu, ktor\u00fd ma v\u00a0sebe\u00a0<strong>opera\u010dn\u00fd syst\u00e9m Android<\/strong>\u00a0a\u00a0chceli by ste zahra\u0165 nejak\u00e9 zauj\u00edmav\u00e9\u00a0<strong>Android casino hry<\/strong>? Nikdy to nebolo jednoduch\u0161ie, ne\u017e teraz!<\/p>\n<div>\n<div class=\" readMore _3l \">\n<p>Roz\u0161\u00edrenos\u0165 mobiln\u00e9ho opera\u010dn\u00e9ho syst\u00e9mu Android sp\u00f4sobila, \u017ee ve\u013ea program\u00e1torov, dizajn\u00e9rov a\u00a0hern\u00fdch v\u00fdvoj\u00e1rov sa za\u010dalo s\u00fastredi\u0165 na vytv\u00e1ranie aplik\u00e1ci\u00ed a\u00a0hier v\u00fdlu\u010dne pre tento typ zariaden\u00ed a\u00a0v\u010faka nim si dnes m\u00f4\u017eete zahra\u0165 tie\u00a0<strong>najprepracovanej\u0161ie Android casino hry na trhu<\/strong>. Samotn\u00e9 online kas\u00edna samozrejme nezostali pozadu a\u00a0tie\u017e optimalizovali svoje str\u00e1nky alebo aplik\u00e1cie pre tento opera\u010dn\u00fd syst\u00e9m a\u00a0tak pou\u017e\u00edvatelia Androidu nie s\u00fa o\u00a0ni\u010d ukr\u00e1ten\u00ed!<\/p>\n<h2>AKO HRA\u0164 V\u00a0KAS\u00cdNE NA ANDROID ZARIADEN\u00cd<\/h2>\n<p>M\u00e1te Android zariadenie a\u00a0chcete si zahra\u0165 v\u00a0online kas\u00edne? \u010ci u\u017e vlastn\u00edte Android smartf\u00f3n alebo Android tablet, vedzte, \u017ee online kas\u00edna pon\u00fakaj\u00fa tri sp\u00f4soby hrania pre svojich mobiln\u00fdch hr\u00e1\u010dov.<\/p>\n<h3>Optimalizovan\u00e1 str\u00e1nka<\/h3>\n<p>Prvou a\u00a0naj\u010dastej\u0161ou mo\u017enos\u0165ou je optimalizovan\u00e1 str\u00e1nka. Str\u00e1nka rozpozn\u00e1, \u017ee sem prich\u00e1dzate cez mobiln\u00fd telef\u00f3n \u010di tablet (inak ne\u017e cez stoln\u00fd po\u010d\u00edta\u010d) a\u00a0prisp\u00f4sob\u00ed sa tak, aby ste si mohli \u010do najpohodlnej\u0161ie zahra\u0165. Samotn\u00e9 prisp\u00f4sobenie sa t\u00fdka toho, \u017ee mobil a\u00a0tablet maj\u00fa men\u0161ie obrazovky ne\u017e monitor stoln\u00e9ho po\u010d\u00edta\u010da \u010di notebooku a\u00a0preto sa proporcion\u00e1lne zmen\u0161\u00ed i\u00a0str\u00e1nka tak, aby ni\u010d nebolo ne\u00famerne ve\u013ek\u00e9.<\/p>\n<h3>Samostatn\u00e1 str\u00e1nka<\/h3>\n<p>Po\u010det kas\u00ednov\u00fdch hr\u00e1\u010dov hraj\u00facich prostredn\u00edctvom mobiln\u00fdch telef\u00f3nov rok od roku narast\u00e1 a\u00a0online kas\u00edna na to musia reagova\u0165. Niektor\u00e9 namiesto optimalizovan\u00fdch str\u00e1nok vytv\u00e1raj\u00fa \u00faplne nov\u00e9 str\u00e1nky vyhraden\u00e9 v\u00fdlu\u010dne pre mobiln\u00fdch hr\u00e1\u010dov. Tak\u00e1to str\u00e1nka nie je responz\u00edvna podobne ako prv\u00fd typ str\u00e1nok, ale je u\u017e priamo vytvoren\u00e1 na to, aby na \u0148u chodili majitelia mobiln\u00fdch zariaden\u00ed. \u010castokr\u00e1t jej adresa za\u010d\u00edna na\u00a0https:\/\/mobile.<\/p>\n<h3>Mobiln\u00e1 aplik\u00e1cia<\/h3>\n<p>Najlep\u0161ou, no z\u00e1rove\u0148 pre kas\u00edna aj najdrah\u0161ou mo\u017enos\u0165ou je mobiln\u00e1 aplik\u00e1cia. Jej ceny id\u00fa do desa\u0165tis\u00edcov i\u00a0viac a\u00a0preto si ju m\u00f4\u017eu dovoli\u0165 len tie najv\u00e4\u010d\u0161ie online kas\u00edna, respekt\u00edve tak\u00e9, ktor\u00fdm najviac z\u00e1le\u017e\u00ed na komforte svojich hr\u00e1\u010dov. Hlavnou v\u00fdhodou mobiln\u00fdch aplik\u00e1cii je to, \u017ee pri nich v\u00fdrazne \u0161etr\u00edte svoje d\u00e1ta. S\u00fa z\u00e1rove\u0148 u\u017e\u00edvate\u013esky ove\u013ea pr\u00edvetivej\u0161ie.<\/p>\n<h2>CASINO APLIK\u00c1CIE PRE ANDROID \u2013 AKO FUNGUJ\u00da?<\/h2>\n<p>Aplik\u00e1cie s\u00fa pre hranie v\u00a0online kas\u00ednach cez mobil jednozna\u010dne najpohodlnej\u0161ie. Nemus\u00edte vy\u0165uk\u00e1va\u0165 adresu, len si otvor\u00edte aplik\u00e1ciu zo svojej plochy na mobile a\u00a0m\u00f4\u017eete sa okam\u017eite pusti\u0165 do hrania. Ako to presne funguje a\u00a0na \u010do si d\u00e1va\u0165 pozor?<img decoding=\"async\" class=\" alignright _3s size-full wp-image-74037 lazy \" src=\"data:image\/png;base64,iVBORw0KGgoAAAANSUhEUgAAAAEAAAABCAQAAAC1HAwCAAAAC0lEQVR42mNkYAAAAAYAAjCB0C8AAAAASUVORK5CYII=\" alt=\"Aplikacia Mr Green\" width=\"273\" height=\"341\" data-lazy=\"true\" data-src=\"http:\/\/web.archive.org\/web\/20201123215921\/https:\/\/www.kasino-online-sk.com\/wp-content\/uploads\/2018\/10\/mrgreen-mobile-app.png\" title=\"\"><\/p>\n<ul>\n<li><strong>Krok \u010d. 1 \u2013 N\u00e1jdenie aplik\u00e1cie<\/strong><\/li>\n<\/ul>\n<p>Online kas\u00edna naj\u010dastej\u0161ie z\u00a0r\u00f4znych d\u00f4vodov nepon\u00fakaj\u00fa hr\u00e1\u010dom na stiahnutie aplik\u00e1ciu z\u00a0ofici\u00e1lneho obchodu GooglePlay, ove\u013ea \u010dastej\u0161ie odkaz na \u0148u n\u00e1jdete na ofici\u00e1lnej str\u00e1nke kas\u00edna. Ak kas\u00edno m\u00e1 aplik\u00e1ciu aj v\u00a0obchode GooglePlay, ur\u010dite sa o\u00a0tom na tejto str\u00e1nke do\u010d\u00edtate. Pozor na falo\u0161n\u00e9 aplik\u00e1cie, ktor\u00e9 sa zdanlivo javia ako ofici\u00e1lne, ale v\u00a0skuto\u010dnosti nimi nie s\u00fa. S\u0165ahujte len tak\u00e9 aplik\u00e1cie, pri ktor\u00fdch m\u00e1te t\u00fa istotu, \u017ee s\u00fa priamo od kas\u00edna.<\/p>\n<ul>\n<li><strong>Krok \u010d. 2 \u2013 Stiahnutie aplik\u00e1cie<\/strong><\/li>\n<\/ul>\n<p>Pred stiahnut\u00edm sa v\u00e1m na obrazovke m\u00f4\u017ee objavi\u0165 varovanie pred t\u00fdm, \u017ee aplik\u00e1cia m\u00f4\u017ee po\u0161kodi\u0165 va\u0161e zariadenie. Ignorujte to. Ve\u013eakr\u00e1t sa stane, \u017ee sa v\u00e1m aplik\u00e1cia nepodar\u00ed stiahnu\u0165. M\u00f4\u017ee to by\u0165 pre to, \u017ee v\u00e1\u0161 telef\u00f3n neumo\u017e\u0148uje s\u0165ahova\u0165 aplik\u00e1cie z\u00a0nezn\u00e1mych zdrojov, teda tak\u00fdch mimo ofici\u00e1lneho obchodu. Ak je to tak, tak cho\u010fte vo svojom telef\u00f3ne do Nastavenia\/Bezpe\u010dnos\u0165 a\u00a0umo\u017enite stiahnu\u0165 i\u00a0aplik\u00e1ciu z\u00a0nezn\u00e1meho zdroja.<\/p>\n<ul>\n<li><strong>Krok \u010d. 3 \u2013 In\u0161tal\u00e1cia aplik\u00e1cie<\/strong><\/li>\n<\/ul>\n<p>In\u0161tal\u00e1cia stiahnutej aplik\u00e1cie by sa mala spusti\u0165 okam\u017eite po stiahnut\u00ed. Ak sa tak nedeje, n\u00e1jdite si vo svojich stiahnut\u00fdch s\u00faboroch ten, ktor\u00fd kon\u010d\u00ed na .apk a\u00a0spustite in\u0161tal\u00e1ciu manu\u00e1lne. Ak ste aplik\u00e1ciu nena\u0161li, stiahnite ju znova, je mo\u017en\u00e9, \u017ee prv\u00e9 stiahnutie nebolo \u00faspe\u0161n\u00e9. I\u00a0v\u00a0tomto kroku sa m\u00f4\u017ee objavi\u0165 varovanie pred in\u0161tal\u00e1ciou aplik\u00e1cie z\u00a0nezn\u00e1meho zdroja. Ak je nutn\u00e9, m\u00f4\u017eete to v\u00a0nastaveniach zmeni\u0165.<\/p>\n<ul>\n<li><strong>Krok \u010d. 4 \u2013 Prv\u00e9 spustenie aplik\u00e1cie<\/strong><\/li>\n<\/ul>\n<p>Pred prv\u00fdm spusten\u00edm aplik\u00e1cie majte na pam\u00e4ti, \u017ee hra\u0165 cez aplik\u00e1ciu a\u00a0cez po\u010d\u00edta\u010d je v\u00a0o\u010diach kas\u00edna to ist\u00e9. A\u00a0teda pri tom vyu\u017eijete t\u00fdch ist\u00fdch prihlasovac\u00edch \u00fadajov. Nevytv\u00e1rajte si nov\u00fd \u00fa\u010det, dopustili by ste sa t\u00fdm poru\u0161enia pravidiel a\u00a0riskovali by ste postih zo strany kas\u00edna. Registrujte sa len v\u00a0pr\u00edpade, \u017ee e\u0161te \u017eiadny \u00fa\u010det nem\u00e1te.<\/p>\n<p>Android aplik\u00e1cie predstavuj\u00fa st\u00e1le nie\u010do, s\u00a0\u010d\u00edm sa nestret\u00e1vame \u010dasto. V\u00a0s\u00fa\u010dasnosti maj\u00fa vlastn\u00e9 vyvinut\u00e9 aplik\u00e1cie\u00a0<a href=\"\/sk\/casinoeuro\"><strong>CasinoEuro<\/strong><\/a>\u00a0alebo\u00a0<a href=\"\/sk\/kajot-casino\"><strong>Kajot Casino<\/strong><\/a>.<\/p>\n<h2>HRANIE CASINO HIER ZADARMO NA ANDROID MOBILE<\/h2>\n<p>Ak ste niekedy prostredn\u00edctvom ofici\u00e1lneho obchodu\u00a0<a href=\"https:\/\/play.google.com\/store\/apps\" rel=\"noopener\"><strong>GooglePlay<\/strong><\/a>\u00a0h\u013eadali aplik\u00e1cie pre hranie kas\u00ednov\u00fdch hier, tak ste pravdepodobne zistili, \u017ee je ich tam ve\u013ea. A\u00a0nielen na hranie automatov, ale aj in\u00fdch hier, ak\u00fdmi s\u00fa video pokrov\u00e9 hry, ruleta, baccarat, blackjack a\u00a0in\u00e9 hry. Ke\u010f\u017ee v\u0161ak GooglePlay nepodporuje hazardn\u00e9 hry, tak\u00e9to aplik\u00e1cie podliehaj\u00fa pr\u00edsnym pravidl\u00e1m a\u00a0nezriedka sa st\u00e1va, \u017ee niektor\u00e9 aj z\u00a0ponuky v\u00a0r\u00e1mci ofici\u00e1lnom obchode, jednoducho zmizn\u00fa.<\/p>\n<p>Predt\u00fdm, ne\u017e si stiahnete ktor\u00fako\u013evek z\u00a0t\u00fdchto aplik\u00e1cii, mali by ste ma\u0165 napam\u00e4ti, \u017ee tak\u00e9to hranie je len pre z\u00e1bavu. Hr\u00e1te s\u00a0fikt\u00edvnymi peniazmi a\u00a0aj keby ste vyhrali ten najv\u00e4\u010d\u0161\u00ed jackpot zo v\u0161etk\u00fdch, v\u00a0re\u00e1lne nevyhr\u00e1te ni\u010d. Len skuto\u010dn\u00e9 online kas\u00ednov\u00e9 hry o\u00a0peniaze prin\u00e1\u0161aj\u00fa jednak najv\u00e4\u010d\u0161ie vzru\u0161enie a\u00a0taktie\u017e najv\u00e4\u010d\u0161iu mo\u017enos\u0165 zaznamena\u0165 ve\u013ek\u00fa v\u00fdhru v\u00a0kr\u00e1tkom \u010dase. Investujte svoj \u010das rozumne!<\/p>\n<h2>SUM\u00c1R<\/h2>\n<p>Hranie na Android zariadeniach je jednoduch\u00e9 a pohodln\u00e9 a netreba sa toho v\u00f4bec ob\u00e1va\u0165. Kas\u00edna sa neust\u00e1le sna\u017eia hr\u00e1\u010dom prin\u00e1\u0161a\u0165 \u010do najlep\u0161\u00ed hr\u00e1\u010dsky z\u00e1\u017eitok a spr\u00edstupnenie hrania cez mobiln\u00fd telef\u00f3n je jedn\u00fdm z nich. Vyberte si svoje ob\u013e\u00faben\u00e9 online kas\u00edno, vezmite do ruky mobil a pustite sa do hry e\u0161te dnes!<\/p>\n<\/div>\n<\/div>\n<\/div>\n<\/div>\n<\/div><\/div><\/div><\/div><\/div><\/div><\/div><\/section>\n","protected":false},"excerpt":{"rendered":"ANDROID CASINO Ste vlastn\u00edkom mobiln\u00e9ho telef\u00f3nu alebo tabletu, ktor\u00fd ma v\u00a0sebe\u00a0opera\u010dn\u00fd syst\u00e9m Android\u00a0a\u00a0chceli by ste zahra\u0165 nejak\u00e9 zauj\u00edmav\u00e9\u00a0Android casino hry? Nikdy to nebolo jednoduch\u0161ie, ne\u017e teraz! Roz\u0161\u00edrenos\u0165 mobiln\u00e9ho opera\u010dn\u00e9ho syst\u00e9mu Android sp\u00f4sobila, \u017ee ve\u013ea program\u00e1torov, dizajn\u00e9rov a\u00a0hern\u00fdch v\u00fdvoj\u00e1rov sa za\u010dalo s\u00fastredi\u0165 na vytv\u00e1ranie aplik\u00e1ci\u00ed a\u00a0hier v\u00fdlu\u010dne pre tento typ zariaden\u00ed a\u00a0v\u010faka nim si dnes m\u00f4\u017eete...","protected":false},"author":1,"featured_media":0,"parent":0,"menu_order":0,"comment_status":"closed","ping_status":"closed","template":"","meta":{"_acf_changed":false,"footnotes":""},"class_list":["post-2575","page","type-page","status-publish","hentry"],"acf":[],"rankMath":{"parentDomain":"onlinebettingspace.com","noFollowDomains":[],"noFollowExcludeDomains":[],"noFollowExternalLinks":false,"featuredImageNotice":"The featured image should be at least 200 by 200 pixels to be picked up by Facebook and other social media sites.","pluginReviewed":true,"postSettings":{"linkSuggestions":true,"useFocusKeyword":false},"frontEndScore":false,"postName":"android-casino","permalinkFormat":"https:\/\/onlinebettingspace.com\/sk\/%pagename%\/","showLockModifiedDate":true,"assessor":{"focusKeywordLink":"https:\/\/onlinebettingspace.com\/wp-admin\/edit.php?focus_keyword=%focus_keyword%&post_type=%post_type%","hasTOCPlugin":false,"primaryTaxonomy":false,"serpData":{"title":"Android Casino | onlinebettingspace.com","description":"M\u00e1te telef\u00f3n so syst\u00e9mom Android a chcete si zahra\u0165 cas\u00ednov\u00e9 hry, vyhra\u0165 super ceny a vynikaj\u00faco sa zabavi\u0165? Uk\u00e1\u017eeme v\u00e1m, ako na to!","focusKeywords":"ANDROID CASINO","pillarContent":false,"canonicalUrl":"","breadcrumbTitle":"","advancedRobots":[],"facebookTitle":"","facebookDescription":"","facebookImage":"","facebookImageID":"","facebookHasOverlay":false,"facebookImageOverlay":"","facebookAuthor":"","twitterCardType":"","twitterUseFacebook":true,"twitterTitle":"","twitterDescription":"","twitterImage":"","twitterImageID":"","twitterHasOverlay":false,"twitterImageOverlay":"","twitterPlayerUrl":"","twitterPlayerSize":"","twitterPlayerStream":"","twitterPlayerStreamCtype":"","twitterAppDescription":"","twitterAppIphoneName":"","twitterAppIphoneID":"","twitterAppIphoneUrl":"","twitterAppIpadName":"","twitterAppIpadID":"","twitterAppIpadUrl":"","twitterAppGoogleplayName":"","twitterAppGoogleplayID":"","twitterAppGoogleplayUrl":"","twitterAppCountry":"","robots":{"index":true},"twitterAuthor":"username","primaryTerm":0,"authorName":"OBSAdmin","titleTemplate":"%title% %sep% %sitename%","descriptionTemplate":"%excerpt%","showScoreFrontend":true,"lockModifiedDate":false},"powerWords":[],"diacritics":{"A":"[\\u0041\\u24B6\\uFF21\\u00C0\\u00C1\\u00C2\\u1EA6\\u1EA4\\u1EAA\\u1EA8\\u00C3\\u0100\\u0102\\u1EB0\\u1EAE\\u1EB4\\u1EB2\\u0226\\u01E0\\u00C4\\u01DE\\u1EA2\\u00C5\\u01FA\\u01CD\\u0200\\u0202\\u1EA0\\u1EAC\\u1EB6\\u1E00\\u0104\\u023A\\u2C6F]","AA":"[\\uA732]","AE":"[\\u00C6\\u01FC\\u01E2]","AO":"[\\uA734]","AU":"[\\uA736]","AV":"[\\uA738\\uA73A]","AY":"[\\uA73C]","B":"[\\u0042\\u24B7\\uFF22\\u1E02\\u1E04\\u1E06\\u0243\\u0182\\u0181]","C":"[\\u0043\\u24B8\\uFF23\\u0106\\u0108\\u010A\\u010C\\u00C7\\u1E08\\u0187\\u023B\\uA73E]","D":"[\\u0044\\u24B9\\uFF24\\u1E0A\\u010E\\u1E0C\\u1E10\\u1E12\\u1E0E\\u0110\\u018B\\u018A\\u0189\\uA779]","DZ":"[\\u01F1\\u01C4]","Dz":"[\\u01F2\\u01C5]","E":"[\\u0045\\u24BA\\uFF25\\u00C8\\u00C9\\u00CA\\u1EC0\\u1EBE\\u1EC4\\u1EC2\\u1EBC\\u0112\\u1E14\\u1E16\\u0114\\u0116\\u00CB\\u1EBA\\u011A\\u0204\\u0206\\u1EB8\\u1EC6\\u0228\\u1E1C\\u0118\\u1E18\\u1E1A\\u0190\\u018E]","F":"[\\u0046\\u24BB\\uFF26\\u1E1E\\u0191\\uA77B]","G":"[\\u0047\\u24BC\\uFF27\\u01F4\\u011C\\u1E20\\u011E\\u0120\\u01E6\\u0122\\u01E4\\u0193\\uA7A0\\uA77D\\uA77E]","H":"[\\u0048\\u24BD\\uFF28\\u0124\\u1E22\\u1E26\\u021E\\u1E24\\u1E28\\u1E2A\\u0126\\u2C67\\u2C75\\uA78D]","I":"[\\u0049\\u24BE\\uFF29\\u00CC\\u00CD\\u00CE\\u0128\\u012A\\u012C\\u0130\\u00CF\\u1E2E\\u1EC8\\u01CF\\u0208\\u020A\\u1ECA\\u012E\\u1E2C\\u0197]","J":"[\\u004A\\u24BF\\uFF2A\\u0134\\u0248]","K":"[\\u004B\\u24C0\\uFF2B\\u1E30\\u01E8\\u1E32\\u0136\\u1E34\\u0198\\u2C69\\uA740\\uA742\\uA744\\uA7A2]","L":"[\\u004C\\u24C1\\uFF2C\\u013F\\u0139\\u013D\\u1E36\\u1E38\\u013B\\u1E3C\\u1E3A\\u0141\\u023D\\u2C62\\u2C60\\uA748\\uA746\\uA780]","LJ":"[\\u01C7]","Lj":"[\\u01C8]","M":"[\\u004D\\u24C2\\uFF2D\\u1E3E\\u1E40\\u1E42\\u2C6E\\u019C]","N":"[\\u004E\\u24C3\\uFF2E\\u01F8\\u0143\\u00D1\\u1E44\\u0147\\u1E46\\u0145\\u1E4A\\u1E48\\u0220\\u019D\\uA790\\uA7A4]","NJ":"[\\u01CA]","Nj":"[\\u01CB]","O":"[\\u004F\\u24C4\\uFF2F\\u00D2\\u00D3\\u00D4\\u1ED2\\u1ED0\\u1ED6\\u1ED4\\u00D5\\u1E4C\\u022C\\u1E4E\\u014C\\u1E50\\u1E52\\u014E\\u022E\\u0230\\u00D6\\u022A\\u1ECE\\u0150\\u01D1\\u020C\\u020E\\u01A0\\u1EDC\\u1EDA\\u1EE0\\u1EDE\\u1EE2\\u1ECC\\u1ED8\\u01EA\\u01EC\\u00D8\\u01FE\\u0186\\u019F\\uA74A\\uA74C]","OI":"[\\u01A2]","OO":"[\\uA74E]","OU":"[\\u0222]","P":"[\\u0050\\u24C5\\uFF30\\u1E54\\u1E56\\u01A4\\u2C63\\uA750\\uA752\\uA754]","Q":"[\\u0051\\u24C6\\uFF31\\uA756\\uA758\\u024A]","R":"[\\u0052\\u24C7\\uFF32\\u0154\\u1E58\\u0158\\u0210\\u0212\\u1E5A\\u1E5C\\u0156\\u1E5E\\u024C\\u2C64\\uA75A\\uA7A6\\uA782]","S":"[\\u0053\\u24C8\\uFF33\\u1E9E\\u015A\\u1E64\\u015C\\u1E60\\u0160\\u1E66\\u1E62\\u1E68\\u0218\\u015E\\u2C7E\\uA7A8\\uA784]","T":"[\\u0054\\u24C9\\uFF34\\u1E6A\\u0164\\u1E6C\\u021A\\u0162\\u1E70\\u1E6E\\u0166\\u01AC\\u01AE\\u023E\\uA786]","TZ":"[\\uA728]","U":"[\\u0055\\u24CA\\uFF35\\u00D9\\u00DA\\u00DB\\u0168\\u1E78\\u016A\\u1E7A\\u016C\\u00DC\\u01DB\\u01D7\\u01D5\\u01D9\\u1EE6\\u016E\\u0170\\u01D3\\u0214\\u0216\\u01AF\\u1EEA\\u1EE8\\u1EEE\\u1EEC\\u1EF0\\u1EE4\\u1E72\\u0172\\u1E76\\u1E74\\u0244]","V":"[\\u0056\\u24CB\\uFF36\\u1E7C\\u1E7E\\u01B2\\uA75E\\u0245]","VY":"[\\uA760]","W":"[\\u0057\\u24CC\\uFF37\\u1E80\\u1E82\\u0174\\u1E86\\u1E84\\u1E88\\u2C72]","X":"[\\u0058\\u24CD\\uFF38\\u1E8A\\u1E8C]","Y":"[\\u0059\\u24CE\\uFF39\\u1EF2\\u00DD\\u0176\\u1EF8\\u0232\\u1E8E\\u0178\\u1EF6\\u1EF4\\u01B3\\u024E\\u1EFE]","Z":"[\\u005A\\u24CF\\uFF3A\\u0179\\u1E90\\u017B\\u017D\\u1E92\\u1E94\\u01B5\\u0224\\u2C7F\\u2C6B\\uA762]","a":"[\\u0061\\u24D0\\uFF41\\u1E9A\\u00E0\\u00E1\\u00E2\\u1EA7\\u1EA5\\u1EAB\\u1EA9\\u00E3\\u0101\\u0103\\u1EB1\\u1EAF\\u1EB5\\u1EB3\\u0227\\u01E1\\u00E4\\u01DF\\u1EA3\\u00E5\\u01FB\\u01CE\\u0201\\u0203\\u1EA1\\u1EAD\\u1EB7\\u1E01\\u0105\\u2C65\\u0250]","aa":"[\\uA733]","ae":"[\\u00E6\\u01FD\\u01E3]","ao":"[\\uA735]","au":"[\\uA737]","av":"[\\uA739\\uA73B]","ay":"[\\uA73D]","b":"[\\u0062\\u24D1\\uFF42\\u1E03\\u1E05\\u1E07\\u0180\\u0183\\u0253]","c":"[\\u0063\\u24D2\\uFF43\\u0107\\u0109\\u010B\\u010D\\u00E7\\u1E09\\u0188\\u023C\\uA73F\\u2184]","d":"[\\u0064\\u24D3\\uFF44\\u1E0B\\u010F\\u1E0D\\u1E11\\u1E13\\u1E0F\\u0111\\u018C\\u0256\\u0257\\uA77A]","dz":"[\\u01F3\\u01C6]","e":"[\\u0065\\u24D4\\uFF45\\u00E8\\u00E9\\u00EA\\u1EC1\\u1EBF\\u1EC5\\u1EC3\\u1EBD\\u0113\\u1E15\\u1E17\\u0115\\u0117\\u00EB\\u1EBB\\u011B\\u0205\\u0207\\u1EB9\\u1EC7\\u0229\\u1E1D\\u0119\\u1E19\\u1E1B\\u0247\\u025B\\u01DD]","f":"[\\u0066\\u24D5\\uFF46\\u1E1F\\u0192\\uA77C]","g":"[\\u0067\\u24D6\\uFF47\\u01F5\\u011D\\u1E21\\u011F\\u0121\\u01E7\\u0123\\u01E5\\u0260\\uA7A1\\u1D79\\uA77F]","h":"[\\u0068\\u24D7\\uFF48\\u0125\\u1E23\\u1E27\\u021F\\u1E25\\u1E29\\u1E2B\\u1E96\\u0127\\u2C68\\u2C76\\u0265]","hv":"[\\u0195]","i":"[\\u0069\\u24D8\\uFF49\\u00EC\\u00ED\\u00EE\\u0129\\u012B\\u012D\\u00EF\\u1E2F\\u1EC9\\u01D0\\u0209\\u020B\\u1ECB\\u012F\\u1E2D\\u0268\\u0131]","j":"[\\u006A\\u24D9\\uFF4A\\u0135\\u01F0\\u0249]","k":"[\\u006B\\u24DA\\uFF4B\\u1E31\\u01E9\\u1E33\\u0137\\u1E35\\u0199\\u2C6A\\uA741\\uA743\\uA745\\uA7A3]","l":"[\\u006C\\u24DB\\uFF4C\\u0140\\u013A\\u013E\\u1E37\\u1E39\\u013C\\u1E3D\\u1E3B\\u017F\\u0142\\u019A\\u026B\\u2C61\\uA749\\uA781\\uA747]","lj":"[\\u01C9]","m":"[\\u006D\\u24DC\\uFF4D\\u1E3F\\u1E41\\u1E43\\u0271\\u026F]","n":"[\\u006E\\u24DD\\uFF4E\\u01F9\\u0144\\u00F1\\u1E45\\u0148\\u1E47\\u0146\\u1E4B\\u1E49\\u019E\\u0272\\u0149\\uA791\\uA7A5]","nj":"[\\u01CC]","o":"[\\u006F\\u24DE\\uFF4F\\u00F2\\u00F3\\u00F4\\u1ED3\\u1ED1\\u1ED7\\u1ED5\\u00F5\\u1E4D\\u022D\\u1E4F\\u014D\\u1E51\\u1E53\\u014F\\u022F\\u0231\\u00F6\\u022B\\u1ECF\\u0151\\u01D2\\u020D\\u020F\\u01A1\\u1EDD\\u1EDB\\u1EE1\\u1EDF\\u1EE3\\u1ECD\\u1ED9\\u01EB\\u01ED\\u00F8\\u01FF\\u0254\\uA74B\\uA74D\\u0275]","oi":"[\\u01A3]","ou":"[\\u0223]","oo":"[\\uA74F]","p":"[\\u0070\\u24DF\\uFF50\\u1E55\\u1E57\\u01A5\\u1D7D\\uA751\\uA753\\uA755]","q":"[\\u0071\\u24E0\\uFF51\\u024B\\uA757\\uA759]","r":"[\\u0072\\u24E1\\uFF52\\u0155\\u1E59\\u0159\\u0211\\u0213\\u1E5B\\u1E5D\\u0157\\u1E5F\\u024D\\u027D\\uA75B\\uA7A7\\uA783]","s":"[\\u0073\\u24E2\\uFF53\\u015B\\u1E65\\u015D\\u1E61\\u0161\\u1E67\\u1E63\\u1E69\\u0219\\u015F\\u023F\\uA7A9\\uA785\\u1E9B]","ss":"[\\u00DF]","t":"[\\u0074\\u24E3\\uFF54\\u1E6B\\u1E97\\u0165\\u1E6D\\u021B\\u0163\\u1E71\\u1E6F\\u0167\\u01AD\\u0288\\u2C66\\uA787]","tz":"[\\uA729]","u":"[\\u0075\\u24E4\\uFF55\\u00F9\\u00FA\\u00FB\\u0169\\u1E79\\u016B\\u1E7B\\u016D\\u00FC\\u01DC\\u01D8\\u01D6\\u01DA\\u1EE7\\u016F\\u0171\\u01D4\\u0215\\u0217\\u01B0\\u1EEB\\u1EE9\\u1EEF\\u1EED\\u1EF1\\u1EE5\\u1E73\\u0173\\u1E77\\u1E75\\u0289]","v":"[\\u0076\\u24E5\\uFF56\\u1E7D\\u1E7F\\u028B\\uA75F\\u028C]","vy":"[\\uA761]","w":"[\\u0077\\u24E6\\uFF57\\u1E81\\u1E83\\u0175\\u1E87\\u1E85\\u1E98\\u1E89\\u2C73]","x":"[\\u0078\\u24E7\\uFF58\\u1E8B\\u1E8D]","y":"[\\u0079\\u24E8\\uFF59\\u1EF3\\u00FD\\u0177\\u1EF9\\u0233\\u1E8F\\u00FF\\u1EF7\\u1E99\\u1EF5\\u01B4\\u024F\\u1EFF]","z":"[\\u007A\\u24E9\\uFF5A\\u017A\\u1E91\\u017C\\u017E\\u1E93\\u1E95\\u01B6\\u0225\\u0240\\u2C6C\\uA763]"},"researchesTests":["contentHasTOC","contentHasShortParagraphs","contentHasAssets","keywordInTitle","keywordInMetaDescription","keywordInPermalink","keywordIn10Percent","keywordInContent","keywordInSubheadings","keywordInImageAlt","keywordDensity","keywordNotUsed","lengthContent","lengthPermalink","linksHasInternal","linksHasExternals","linksNotAllExternals","titleStartWithKeyword","titleSentiment","titleHasPowerWords","titleHasNumber","hasContentAI"],"hasRedirection":true,"hasBreadcrumb":false},"homeUrl":"https:\/\/onlinebettingspace.com\/sk\/","objectID":2575,"objectType":"post","locale":"sk","localeFull":"sk_SK","overlayImages":{"play":{"name":"Play icon","url":"https:\/\/onlinebettingspace.com\/wp-content\/plugins\/seo-by-rank-math\/assets\/admin\/img\/icon-play.png","path":"\/home\/SuperAdmin\/web\/onlinebettingspace.com\/public_html\/wp-content\/plugins\/seo-by-rank-math\/assets\/admin\/img\/icon-play.png","position":"middle_center"},"gif":{"name":"GIF icon","url":"https:\/\/onlinebettingspace.com\/wp-content\/plugins\/seo-by-rank-math\/assets\/admin\/img\/icon-gif.png","path":"\/home\/SuperAdmin\/web\/onlinebettingspace.com\/public_html\/wp-content\/plugins\/seo-by-rank-math\/assets\/admin\/img\/icon-gif.png","position":"middle_center"}},"defautOgImage":"https:\/\/onlinebettingspace.com\/wp-content\/uploads\/2022\/04\/OBS-FULL-LOGO.webp","customPermalinks":true,"isUserRegistered":true,"autoSuggestKeywords":true,"connectSiteUrl":"https:\/\/rankmath.com\/auth?site=https%3A%2F%2Fonlinebettingspace.com%2Fsk%2F&r=https%3A%2F%2Fonlinebettingspace.com%2Fsk%2Fwp-json%2Fwp%2Fv2%2Fpages%2F2575%3Fnonce%3D205ba9d1fe","maxTags":5,"trendsIcon":"<svg viewBox=\"0 0 610 610\"><path d=\"M18.85,446,174.32,290.48l58.08,58.08L76.93,504a14.54,14.54,0,0,1-20.55,0L18.83,466.48a14.54,14.54,0,0,1,0-20.55Z\" style=\"fill:#4285f4\"\/><path d=\"M242.65,242.66,377.59,377.6l-47.75,47.75a14.54,14.54,0,0,1-20.55,0L174.37,290.43l47.75-47.75A14.52,14.52,0,0,1,242.65,242.66Z\" style=\"fill:#ea4335\"\/><polygon points=\"319.53 319.53 479.26 159.8 537.34 217.88 377.61 377.62 319.53 319.53\" style=\"fill:#fabb05\"\/><path d=\"M594.26,262.73V118.61h0a16.94,16.94,0,0,0-16.94-16.94H433.2a16.94,16.94,0,0,0-12,28.92L565.34,274.71h0a16.94,16.94,0,0,0,28.92-12Z\" style=\"fill:#34a853\"\/><rect width=\"610\" height=\"610\" style=\"fill:none\"\/><\/svg>","showScore":true,"siteFavIcon":"https:\/\/onlinebettingspace.com\/wp-content\/uploads\/2022\/04\/OBS-LOGO-1.webp","canUser":{"general":false,"advanced":false,"snippet":false,"social":false,"analysis":false,"analytics":false,"content_ai":false},"showKeywordIntent":true,"isPro":false,"is_front_page":false,"trendsUpgradeLink":"https:\/\/rankmath.com\/pricing\/?utm_source=Plugin&utm_medium=CE%20General%20Tab%20Trends&utm_campaign=WP","trendsUpgradeLabel":"Upgrade","trendsPreviewImage":"https:\/\/onlinebettingspace.com\/wp-content\/plugins\/seo-by-rank-math\/assets\/admin\/img\/trends-preview.jpg","currentEditor":false,"homepageData":{"assessor":{"powerWords":[],"diacritics":true,"researchesTests":["contentHasTOC","contentHasShortParagraphs","contentHasAssets","keywordInTitle","keywordInMetaDescription","keywordInPermalink","keywordIn10Percent","keywordInContent","keywordInSubheadings","keywordInImageAlt","keywordDensity","keywordNotUsed","lengthContent","lengthPermalink","linksHasInternal","linksHasExternals","linksNotAllExternals","titleStartWithKeyword","titleSentiment","titleHasPowerWords","titleHasNumber","hasContentAI"],"hasBreadcrumb":false,"serpData":{"title":"%sitename% %page% %sep% %sitedesc%","description":"","titleTemplate":"%sitename% %page% %sep% %sitedesc%","descriptionTemplate":"","focusKeywords":"","breadcrumbTitle":"Home","robots":{"index":true},"advancedRobots":[],"facebookTitle":"","facebookDescription":"","facebookImage":"","facebookImageID":""}}},"tocTitle":"Table of Contents","tocExcludeHeadings":[],"listStyle":"ul"},"_links":{"self":[{"href":"https:\/\/onlinebettingspace.com\/sk\/wp-json\/wp\/v2\/pages\/2575","targetHints":{"allow":["GET"]}}],"collection":[{"href":"https:\/\/onlinebettingspace.com\/sk\/wp-json\/wp\/v2\/pages"}],"about":[{"href":"https:\/\/onlinebettingspace.com\/sk\/wp-json\/wp\/v2\/types\/page"}],"author":[{"embeddable":true,"href":"https:\/\/onlinebettingspace.com\/sk\/wp-json\/wp\/v2\/users\/1"}],"replies":[{"embeddable":true,"href":"https:\/\/onlinebettingspace.com\/sk\/wp-json\/wp\/v2\/comments?post=2575"}],"version-history":[{"count":0,"href":"https:\/\/onlinebettingspace.com\/sk\/wp-json\/wp\/v2\/pages\/2575\/revisions"}],"wp:attachment":[{"href":"https:\/\/onlinebettingspace.com\/sk\/wp-json\/wp\/v2\/media?parent=2575"}],"curies":[{"name":"wp","href":"https:\/\/api.w.org\/{rel}","templated":true}]}}