{"id":2569,"date":"2022-08-20T23:08:20","date_gmt":"2022-08-20T20:08:20","guid":{"rendered":"https:\/\/onlinebettingspace.com\/?page_id=2569"},"modified":"2022-08-20T23:08:20","modified_gmt":"2022-08-20T20:08:20","slug":"joker-millions-jackpot","status":"publish","type":"page","link":"https:\/\/onlinebettingspace.com\/sk\/hracie-automaty\/joker-millions-jackpot\/","title":{"rendered":"JOKER MILLIONS JACKPOT"},"content":{"rendered":"<section class=\"l-section wpb_row height_medium\"><div class=\"l-section-h i-cf\"><div class=\"g-cols vc_row via_flex valign_top type_default stacking_default\"><div class=\"vc_col-sm-12 wpb_column vc_column_container\"><div class=\"vc_column-inner\"><div class=\"wpb_wrapper\"><div class=\"wpb_text_column\"><div class=\"wpb_wrapper\"><h1>JOKER MILLIONS JACKPOT RECENZIA<\/h1>\n<div>\n<div id=\"breadcrumbsWrap\" class=\"hidden-xs\">\n<div id=\"breadcrumbs\">\n<div class=\"col-xs-12 col-sm-8 col-md-9 sp\">\n<div class=\"intro WYSIWYG\">\n<p>Joker Millions je z\u00e1bavnou hrou, ktor\u00e1 m\u00e1 netradi\u010dn\u00fd a zauj\u00edmav\u00fd vzh\u013ead, ktor\u00fd rozhodne nie je be\u017en\u00fd pri online automatoch s progres\u00edvnym jackpotom. Joker Millions m\u00e1 5 valcov a 25 v\u00fdhern\u00fdch l\u00edni\u00ed. Tento online v\u00fdhern\u00fd automat obsahuje ve\u013ea symbolov \u017eol\u00edkov a tie\u017e sticky symboly. Zalo\u017een\u00fd je na klasickom \u0161t\u00fdle zbierania rovnak\u00fdch symbolov. Ke\u010f sa hr\u00e1\u010dovi podar\u00ed zaplni\u0165 cel\u00fa obrazovku sticky symbolmi \u017eol\u00edkov, z\u00edska skvel\u00fd jackpot. Ak vlastn\u00edte mobiln\u00fd telef\u00f3n s opera\u010dn\u00fdm syst\u00e9mom Android, tak v\u00e1s ur\u010dite pote\u0161\u00ed, \u017ee tento v\u00fdhern\u00fd automat patr\u00ed medzi najnov\u0161ie mobiln\u00e9 automaty.<\/p>\n<p>V\u00fdhern\u00fd automat Joker Millions je z\u00e1bavn\u00e1 hra s\u00a0kartov\u00fdm n\u00e1metom, ktor\u00e1 vyzer\u00e1 dobre a vypl\u00e1ca e\u0161te lep\u0161ie. V niektor\u00fdch chv\u00ed\u013each v\u00e1m dokonca m\u00f4\u017ee pripom\u00edna\u0165 video pokrov\u00e9 automaty, ktor\u00e9 si tie\u017e m\u00f4\u017eete zahra\u0165 online. Tomuto automatu by ste rozhodne mali da\u0165 \u0161ancu, najm\u00e4 ak ste fan\u00fa\u0161ikmi v\u00fdhern\u00fdch automatov od spolo\u010dnosti Yggdrasil. Jedn\u00e1 sa o skvel\u00fa hru.<\/p>\n<p>Joker Millions navy\u0161e nie je len tak\u00fd oby\u010dajn\u00fd hrac\u00ed automat. M\u00e1 toti\u017e \u00fa\u017easn\u00fd progres\u00edvny jackpot, ktor\u00fd sa zvy\u0161uje, k\u00fdm ho niekto nez\u00edska. Jackpot m\u00f4\u017ee z\u00edska\u0165 aj hr\u00e1\u010d, ktor\u00fd zato\u010dil automatom iba jedin\u00fd raz. Hrac\u00ed automat Joker Millions pon\u00faka hru na 5 valcoch a 3 radoch. Va\u0161u v\u00fdhru m\u00f4\u017eete z\u00edska\u0165 na 25 v\u00fdhern\u00fdch l\u00edni\u00e1ch. V hracom automate Joker Millions sa m\u00f4\u017eete stretn\u00fa\u0165 aj s in\u00fdm jackpotom. 5 mystery jackpot, ktor\u00fd sa spust\u00ed, ak z\u00edskate 5-kr\u00e1t symbol \u017eol\u00edka.<\/p>\n<p>Celkovo je Joker Millions vhodn\u00fd pre hr\u00e1\u010dov, ktor\u00ed ocenia klasick\u00fd ark\u00e1dov\u00fd dizajn s\u00a0nieko\u013ek\u00fdmi extra funkciami. Symboly s\u00fa tradi\u010dn\u00e9 a\u00a0v\u00a0retro \u0161t\u00fdle, hru v\u0161ak osvie\u017euj\u00fa modern\u00e9 funkcie Freeze a\u00a0st\u013apcov\u00e9 multiplik\u00e1tory. Progres\u00edvny jackpot je, samozrejme, t\u00fdm najv\u00e4\u010d\u0161\u00edm l\u00e1kadlom a\u00a0aj preto je hra dobre zn\u00e1ma v\u00a0hernej komunite online.<\/p>\n<\/div>\n<\/div>\n<div class=\"col-xs-12 col-sm-12 col-md-9 sp pull-right\">\n<div class=\"WYSIWYG\">\n<h2>AKO HRA\u0164 AUTOMAT JOKER MILLIONS ONLINE<\/h2>\n<p>Joker Millions m\u00f4\u017eeme ozna\u010di\u0165 za progres\u00edvny\u00a0<a href=\"\/sk\/hracie-automaty\/videorecenzie\" data-track=\"\"><strong>videoautomat<\/strong><\/a>. M\u00e1 5 valcov, 3 riadky a 25 v\u00fdhern\u00fdch l\u00edni\u00ed. Valce sa to\u010dia v\u00a0zlatom a\u00a0\u010dervenom r\u00e1me. Symboly na automate s\u00fa klasikou, vr\u00e1tane zvon\u010dekov, \u010dere\u0161n\u00ed, sliviek, pomaran\u010dov, citr\u00f3nov a\u00a0sedmi\u010dky. T\u00fdm najcennej\u0161\u00edm, ktor\u00fd hr\u00e1\u010dom prinesie 300-n\u00e1sobn\u00fd bonus je p\u00e4\u0165ka na akt\u00edvnej v\u00fdplatnej l\u00ednii. V\u00a0hre nie s\u00fa \u017eiadne wild symboly, ale n\u00e1jdete tu scatter symbol v\u00a0podobe \u017eol\u00edka na zlatom kas\u00ednovom \u017eet\u00f3ne.<\/p>\n<p>V\u00a0hre s\u00fa pr\u00edtomn\u00e9 aj bonusov\u00e9 funkcie. Jednou z\u00a0nich je funkcia Freeze, ke\u010f v\u00e1m zamrzn\u00fa valce a\u00a0vy m\u00f4\u017eete\u00a0<a href=\"\/sk\/hracie-automaty\/pretocenie-zdarma\" data-track=\"\"><strong>zato\u010di\u0165 extra<\/strong><\/a>. \u010eal\u0161ie zhodn\u00e9 symboly v\u00e1m taktie\u017e nadelia zato\u010denie navy\u0161e, pri\u010dom proces sa zastav\u00ed, ke\u010f nie s\u00fa pr\u00edtomn\u00e9 \u010fal\u0161ie zhodn\u00e9 symboly. V\u00a0tom momente sa vypo\u010d\u00edtava va\u0161a v\u00fdhra.<\/p>\n<p>Progres\u00edvny jackpot padne, ke\u010f nazbierate p\u00e4\u0165 alebo viac symbolov scatter vo forme \u017eol\u00edka z\u013eava doprava, pri\u010dom ka\u017ed\u00fd z\u00a0nich v\u00e1m nadel\u00ed tajomn\u00fd multiplik\u00e1tor v\u00e1\u0161ho vkladu. Kolo freeze za\u010d\u00edna s\u00a0\u010fal\u0161\u00edmi \u017eol\u00edkmi, ktor\u00e9 nadelia tajomn\u00fd bonus a\u00a0pridaj\u00fa zato\u010denie. Postupne sa tak zap\u013a\u0148aj\u00fa v\u0161etky poz\u00edcie so symbolmi a\u00a0v\u00fdhrou je progres\u00edvny jackpot. V\u00a0Joker Millions n\u00e1jdete aj funkciu st\u013apcov\u00e9ho multiplik\u00e1tora. Ke\u010f v\u00e1m padn\u00fa rovnak\u00e9 symboly v\u00a0z\u00e1kladnej hre v\u00a0r\u00e1mci st\u013apca z\u013eava doprava, z\u00edskate odmenu. \u010c\u00edm viac st\u013apcov zapln\u00edte, t\u00fdm vy\u0161\u0161ie odmeny z\u00edskate.<\/p>\n<\/div>\n<section class=\"attributes\">\n<h2>R\u00ddCHLY PREH\u013dAD<\/h2>\n<div>\n<ul>\n<li><span class=\"heading\">Bonusov\u00e9 kolo:<\/span>\u00a0Nie<\/li>\n<li><span class=\"heading\">Rozptylov\u00fd:<\/span>\u00a0\u00c1no<\/li>\n<li><span class=\"heading\">Preto\u010denia zdarma:<\/span>\u00a0\u00c1no<\/li>\n<\/ul>\n<\/div>\n<\/section>\n<section class=\"multimedia_conversion widgetWrapper regular video\" data-widget-id=\"73809\" data-widget-type=\"Multimedia_Conversion\" data-brand-id=\"72241\">\n<div class=\"row all-wrapper\">\n<div class=\"col-xs-12 col-sm-8 graphic-wrapper widget-bg-color\">\n<div class=\"col-xs-12 col-sm-12 col-md-9 sp pull-right\">\n<div class=\"WYSIWYG\">\n<h2>JACKPOT JOKER MILLIONS ZADARMO A ZA PENIAZE<\/h2>\n<p>Jackpot v\u00a0hre Joker Millions je progres\u00edvny a\u00a0to znamen\u00e1, \u017ee v\u017edy ke\u010f hr\u00e1\u010d vlo\u017e\u00ed do hry st\u00e1vku, prid\u00e1 sa do celkov\u00e9ho banku \u010diastka 6,5 centa. Aktu\u00e1lnu v\u00fd\u0161ku jackpotu m\u00f4\u017eete sledova\u0165 na\u017eivo v\u00a0hornej \u010dasti obrazovky. Na pozad\u00ed hry je trblietav\u00e1 \u010derven\u00e1, pri\u010dom v\u00a0strede obrazovky sa deje cel\u00e9 akcia. Spomedzi klasick\u00fdch symbolov je t\u00fdm najcennej\u0161\u00edm \u010derven\u00e1 sedmi\u010dka, pokia\u013e v\u00e1m spadne p\u00e4tica sedmi\u010diek, z\u00edskate 300-n\u00e1sobok svojej st\u00e1vky. \u010eal\u0161ie cenn\u00e9 symboly s\u00fa zvon\u010deky, ktor\u00e9 nadelia 100-n\u00e1sobok st\u00e1vky, ak ich z\u00edskate p\u00e4\u0165. Za p\u00e4\u0165 mel\u00f3nov m\u00e1te 60-n\u00e1sobok, za p\u00e4ticu sladk\u00fdch \u010dere\u0161n\u00ed zase 40-n\u00e1sobok vkladu. Vyhr\u00e1vate v\u017edy, ke\u010f traf\u00edte aspo\u0148 trojicu rovnak\u00fdch symbolov. Najni\u017e\u0161ia st\u00e1vka na automate Joker Millions je 0,25 eur a\u00a0maxim\u00e1lny vklad je 25 eur na zato\u010denie.<\/p>\n<h2>JACKPOT NA JOKER MILLIONS<\/h2>\n<p>Najl\u00e1kavej\u0161\u00edm aspektom tejto hry je jej progres\u00edvny jackpot, ktor\u00fd vynahr\u00e1dza menej dynamiky. Jackpot v\u00a0Joker Millions pravidelne presahuje \u0161es\u0165cifern\u00fa sumu a\u00a0aj vy ste u\u017e mo\u017eno po\u010duli o\u00a0mnoh\u00fdch \u0161\u0165astn\u00fdch v\u00fdhercoch v\u00a0tejto hre. Od uvedenia automatu v\u00a0roku 2015 padol jackpot u\u017e nieko\u013ekokr\u00e1t, pri\u010dom najvy\u0161\u0161ia v\u00fdhra bola zatia\u013e 3,2 mili\u00f3na eur, konkr\u00e9tne sa tak stalo v\u00a0decembri 2016. \u010eal\u0161ie \u00factyhodn\u00e9 v\u00fdhry v\u00a0Joker Millions obsahuj\u00fa sumu 2,6 mili\u00f3na eur a\u00a0720 000 eur. Ste na rade pr\u00e1ve vy?<\/p>\n<h2>NA Z\u00c1VER<\/h2>\n<p>Joker Millions, nen\u00e1padn\u00fd titul od menej zn\u00e1meho v\u00fdvoj\u00e1ra v\u00e1s ur\u010dite prekvap\u00ed mo\u017enos\u0165ou vyhra\u0165 \u0161\u0165avnat\u00e9 v\u00fdhry. Napriek svojmu klasick\u00e9mu dizajnu m\u00e1 toho ve\u013ea v ponuke. Hra je \u013eahko pochopite\u013en\u00e1 a preto pote\u0161\u00ed aj za\u010diato\u010dn\u00edkov. Hudobn\u00fd sprievod je pr\u00edjemn\u00fd a grafika spracovan\u00e1 pekne. V hre nie je mno\u017estvo \u0161peci\u00e1lnych funkci\u00ed, ale funkcia Freeze stoj\u00ed za pov\u0161imnutie. Aj \u010fal\u0161ie zvl\u00e1\u0161tnosti v\u00e1m spestria hru. RTP hry dosahuje 94,3 %. Svie\u017eo p\u00f4sob\u00ed aj funkcia st\u013apcov\u00e9ho multiplik\u00e1tora. V\u0161eobecne je titul Joker Millions vydarenou poklonou klasick\u00fdm automatov\u00fdm symbolom, ktor\u00e9mu v\u0161ak nech\u00fdba modern\u00e1 \u013eahkos\u0165 a vizu\u00e1lne detaily. Astronomick\u00fd progres\u00edvny jackpot p\u00f4sob\u00ed mimoriadne motivuj\u00faco, spolo\u010dne s pr\u00edbehmi \u0161\u0165astlivcov, ktor\u00fdm sa ho podarilo pokori\u0165. Mo\u017eno ste \u010fal\u0161\u00edm na rade pr\u00e1ve vy!<\/p>\n<\/div>\n<\/div>\n<\/div>\n<\/div>\n<\/section>\n<\/div>\n<\/div>\n<\/div>\n<\/div>\n<\/div><\/div><\/div><\/div><\/div><\/div><\/div><\/section>\n","protected":false},"excerpt":{"rendered":"JOKER MILLIONS JACKPOT RECENZIA Joker Millions je z\u00e1bavnou hrou, ktor\u00e1 m\u00e1 netradi\u010dn\u00fd a zauj\u00edmav\u00fd vzh\u013ead, ktor\u00fd rozhodne nie je be\u017en\u00fd pri online automatoch s progres\u00edvnym jackpotom. Joker Millions m\u00e1 5 valcov a 25 v\u00fdhern\u00fdch l\u00edni\u00ed. Tento online v\u00fdhern\u00fd automat obsahuje ve\u013ea symbolov \u017eol\u00edkov a tie\u017e sticky symboly. Zalo\u017een\u00fd je na klasickom \u0161t\u00fdle zbierania rovnak\u00fdch symbolov....","protected":false},"author":1,"featured_media":0,"parent":2220,"menu_order":0,"comment_status":"closed","ping_status":"closed","template":"","meta":{"_acf_changed":false,"footnotes":""},"class_list":["post-2569","page","type-page","status-publish","hentry"],"acf":[],"rankMath":{"parentDomain":"onlinebettingspace.com","noFollowDomains":[],"noFollowExcludeDomains":[],"noFollowExternalLinks":false,"featuredImageNotice":"The featured image should be at least 200 by 200 pixels to be picked up by Facebook and other social media sites.","pluginReviewed":true,"postSettings":{"linkSuggestions":true,"useFocusKeyword":false},"frontEndScore":false,"postName":"joker-millions-jackpot","permalinkFormat":"https:\/\/onlinebettingspace.com\/sk\/%pagename%\/","showLockModifiedDate":true,"assessor":{"focusKeywordLink":"https:\/\/onlinebettingspace.com\/wp-admin\/edit.php?focus_keyword=%focus_keyword%&post_type=%post_type%","hasTOCPlugin":false,"primaryTaxonomy":false,"serpData":{"title":"Joker Millions - Vysk\u00fa\u0161ajte slot ark\u00e1du s mili\u00f3nov\u00fdmi jackpotmi","description":"Joker Millions je 5-valcov\u00fd progres\u00edvny video automat od Yggdrasil, ktor\u00fd vyu\u017e\u00edva st\u00e1le popul\u00e1rnu ovocn\u00fa t\u00e9mu. V\u010faka bonusov\u00fdm funkci\u00e1m si na \u0148om zato\u010d\u00edte aj zadarmo!","focusKeywords":"JOKER MILLIONS JACKPOT","pillarContent":false,"canonicalUrl":"","breadcrumbTitle":"","advancedRobots":[],"facebookTitle":"","facebookDescription":"","facebookImage":"","facebookImageID":"","facebookHasOverlay":false,"facebookImageOverlay":"","facebookAuthor":"","twitterCardType":"","twitterUseFacebook":true,"twitterTitle":"","twitterDescription":"","twitterImage":"","twitterImageID":"","twitterHasOverlay":false,"twitterImageOverlay":"","twitterPlayerUrl":"","twitterPlayerSize":"","twitterPlayerStream":"","twitterPlayerStreamCtype":"","twitterAppDescription":"","twitterAppIphoneName":"","twitterAppIphoneID":"","twitterAppIphoneUrl":"","twitterAppIpadName":"","twitterAppIpadID":"","twitterAppIpadUrl":"","twitterAppGoogleplayName":"","twitterAppGoogleplayID":"","twitterAppGoogleplayUrl":"","twitterAppCountry":"","robots":{"index":true},"twitterAuthor":"username","primaryTerm":0,"authorName":"OBSAdmin","titleTemplate":"%title% %sep% %sitename%","descriptionTemplate":"%excerpt%","showScoreFrontend":true,"lockModifiedDate":false},"powerWords":[],"diacritics":{"A":"[\\u0041\\u24B6\\uFF21\\u00C0\\u00C1\\u00C2\\u1EA6\\u1EA4\\u1EAA\\u1EA8\\u00C3\\u0100\\u0102\\u1EB0\\u1EAE\\u1EB4\\u1EB2\\u0226\\u01E0\\u00C4\\u01DE\\u1EA2\\u00C5\\u01FA\\u01CD\\u0200\\u0202\\u1EA0\\u1EAC\\u1EB6\\u1E00\\u0104\\u023A\\u2C6F]","AA":"[\\uA732]","AE":"[\\u00C6\\u01FC\\u01E2]","AO":"[\\uA734]","AU":"[\\uA736]","AV":"[\\uA738\\uA73A]","AY":"[\\uA73C]","B":"[\\u0042\\u24B7\\uFF22\\u1E02\\u1E04\\u1E06\\u0243\\u0182\\u0181]","C":"[\\u0043\\u24B8\\uFF23\\u0106\\u0108\\u010A\\u010C\\u00C7\\u1E08\\u0187\\u023B\\uA73E]","D":"[\\u0044\\u24B9\\uFF24\\u1E0A\\u010E\\u1E0C\\u1E10\\u1E12\\u1E0E\\u0110\\u018B\\u018A\\u0189\\uA779]","DZ":"[\\u01F1\\u01C4]","Dz":"[\\u01F2\\u01C5]","E":"[\\u0045\\u24BA\\uFF25\\u00C8\\u00C9\\u00CA\\u1EC0\\u1EBE\\u1EC4\\u1EC2\\u1EBC\\u0112\\u1E14\\u1E16\\u0114\\u0116\\u00CB\\u1EBA\\u011A\\u0204\\u0206\\u1EB8\\u1EC6\\u0228\\u1E1C\\u0118\\u1E18\\u1E1A\\u0190\\u018E]","F":"[\\u0046\\u24BB\\uFF26\\u1E1E\\u0191\\uA77B]","G":"[\\u0047\\u24BC\\uFF27\\u01F4\\u011C\\u1E20\\u011E\\u0120\\u01E6\\u0122\\u01E4\\u0193\\uA7A0\\uA77D\\uA77E]","H":"[\\u0048\\u24BD\\uFF28\\u0124\\u1E22\\u1E26\\u021E\\u1E24\\u1E28\\u1E2A\\u0126\\u2C67\\u2C75\\uA78D]","I":"[\\u0049\\u24BE\\uFF29\\u00CC\\u00CD\\u00CE\\u0128\\u012A\\u012C\\u0130\\u00CF\\u1E2E\\u1EC8\\u01CF\\u0208\\u020A\\u1ECA\\u012E\\u1E2C\\u0197]","J":"[\\u004A\\u24BF\\uFF2A\\u0134\\u0248]","K":"[\\u004B\\u24C0\\uFF2B\\u1E30\\u01E8\\u1E32\\u0136\\u1E34\\u0198\\u2C69\\uA740\\uA742\\uA744\\uA7A2]","L":"[\\u004C\\u24C1\\uFF2C\\u013F\\u0139\\u013D\\u1E36\\u1E38\\u013B\\u1E3C\\u1E3A\\u0141\\u023D\\u2C62\\u2C60\\uA748\\uA746\\uA780]","LJ":"[\\u01C7]","Lj":"[\\u01C8]","M":"[\\u004D\\u24C2\\uFF2D\\u1E3E\\u1E40\\u1E42\\u2C6E\\u019C]","N":"[\\u004E\\u24C3\\uFF2E\\u01F8\\u0143\\u00D1\\u1E44\\u0147\\u1E46\\u0145\\u1E4A\\u1E48\\u0220\\u019D\\uA790\\uA7A4]","NJ":"[\\u01CA]","Nj":"[\\u01CB]","O":"[\\u004F\\u24C4\\uFF2F\\u00D2\\u00D3\\u00D4\\u1ED2\\u1ED0\\u1ED6\\u1ED4\\u00D5\\u1E4C\\u022C\\u1E4E\\u014C\\u1E50\\u1E52\\u014E\\u022E\\u0230\\u00D6\\u022A\\u1ECE\\u0150\\u01D1\\u020C\\u020E\\u01A0\\u1EDC\\u1EDA\\u1EE0\\u1EDE\\u1EE2\\u1ECC\\u1ED8\\u01EA\\u01EC\\u00D8\\u01FE\\u0186\\u019F\\uA74A\\uA74C]","OI":"[\\u01A2]","OO":"[\\uA74E]","OU":"[\\u0222]","P":"[\\u0050\\u24C5\\uFF30\\u1E54\\u1E56\\u01A4\\u2C63\\uA750\\uA752\\uA754]","Q":"[\\u0051\\u24C6\\uFF31\\uA756\\uA758\\u024A]","R":"[\\u0052\\u24C7\\uFF32\\u0154\\u1E58\\u0158\\u0210\\u0212\\u1E5A\\u1E5C\\u0156\\u1E5E\\u024C\\u2C64\\uA75A\\uA7A6\\uA782]","S":"[\\u0053\\u24C8\\uFF33\\u1E9E\\u015A\\u1E64\\u015C\\u1E60\\u0160\\u1E66\\u1E62\\u1E68\\u0218\\u015E\\u2C7E\\uA7A8\\uA784]","T":"[\\u0054\\u24C9\\uFF34\\u1E6A\\u0164\\u1E6C\\u021A\\u0162\\u1E70\\u1E6E\\u0166\\u01AC\\u01AE\\u023E\\uA786]","TZ":"[\\uA728]","U":"[\\u0055\\u24CA\\uFF35\\u00D9\\u00DA\\u00DB\\u0168\\u1E78\\u016A\\u1E7A\\u016C\\u00DC\\u01DB\\u01D7\\u01D5\\u01D9\\u1EE6\\u016E\\u0170\\u01D3\\u0214\\u0216\\u01AF\\u1EEA\\u1EE8\\u1EEE\\u1EEC\\u1EF0\\u1EE4\\u1E72\\u0172\\u1E76\\u1E74\\u0244]","V":"[\\u0056\\u24CB\\uFF36\\u1E7C\\u1E7E\\u01B2\\uA75E\\u0245]","VY":"[\\uA760]","W":"[\\u0057\\u24CC\\uFF37\\u1E80\\u1E82\\u0174\\u1E86\\u1E84\\u1E88\\u2C72]","X":"[\\u0058\\u24CD\\uFF38\\u1E8A\\u1E8C]","Y":"[\\u0059\\u24CE\\uFF39\\u1EF2\\u00DD\\u0176\\u1EF8\\u0232\\u1E8E\\u0178\\u1EF6\\u1EF4\\u01B3\\u024E\\u1EFE]","Z":"[\\u005A\\u24CF\\uFF3A\\u0179\\u1E90\\u017B\\u017D\\u1E92\\u1E94\\u01B5\\u0224\\u2C7F\\u2C6B\\uA762]","a":"[\\u0061\\u24D0\\uFF41\\u1E9A\\u00E0\\u00E1\\u00E2\\u1EA7\\u1EA5\\u1EAB\\u1EA9\\u00E3\\u0101\\u0103\\u1EB1\\u1EAF\\u1EB5\\u1EB3\\u0227\\u01E1\\u00E4\\u01DF\\u1EA3\\u00E5\\u01FB\\u01CE\\u0201\\u0203\\u1EA1\\u1EAD\\u1EB7\\u1E01\\u0105\\u2C65\\u0250]","aa":"[\\uA733]","ae":"[\\u00E6\\u01FD\\u01E3]","ao":"[\\uA735]","au":"[\\uA737]","av":"[\\uA739\\uA73B]","ay":"[\\uA73D]","b":"[\\u0062\\u24D1\\uFF42\\u1E03\\u1E05\\u1E07\\u0180\\u0183\\u0253]","c":"[\\u0063\\u24D2\\uFF43\\u0107\\u0109\\u010B\\u010D\\u00E7\\u1E09\\u0188\\u023C\\uA73F\\u2184]","d":"[\\u0064\\u24D3\\uFF44\\u1E0B\\u010F\\u1E0D\\u1E11\\u1E13\\u1E0F\\u0111\\u018C\\u0256\\u0257\\uA77A]","dz":"[\\u01F3\\u01C6]","e":"[\\u0065\\u24D4\\uFF45\\u00E8\\u00E9\\u00EA\\u1EC1\\u1EBF\\u1EC5\\u1EC3\\u1EBD\\u0113\\u1E15\\u1E17\\u0115\\u0117\\u00EB\\u1EBB\\u011B\\u0205\\u0207\\u1EB9\\u1EC7\\u0229\\u1E1D\\u0119\\u1E19\\u1E1B\\u0247\\u025B\\u01DD]","f":"[\\u0066\\u24D5\\uFF46\\u1E1F\\u0192\\uA77C]","g":"[\\u0067\\u24D6\\uFF47\\u01F5\\u011D\\u1E21\\u011F\\u0121\\u01E7\\u0123\\u01E5\\u0260\\uA7A1\\u1D79\\uA77F]","h":"[\\u0068\\u24D7\\uFF48\\u0125\\u1E23\\u1E27\\u021F\\u1E25\\u1E29\\u1E2B\\u1E96\\u0127\\u2C68\\u2C76\\u0265]","hv":"[\\u0195]","i":"[\\u0069\\u24D8\\uFF49\\u00EC\\u00ED\\u00EE\\u0129\\u012B\\u012D\\u00EF\\u1E2F\\u1EC9\\u01D0\\u0209\\u020B\\u1ECB\\u012F\\u1E2D\\u0268\\u0131]","j":"[\\u006A\\u24D9\\uFF4A\\u0135\\u01F0\\u0249]","k":"[\\u006B\\u24DA\\uFF4B\\u1E31\\u01E9\\u1E33\\u0137\\u1E35\\u0199\\u2C6A\\uA741\\uA743\\uA745\\uA7A3]","l":"[\\u006C\\u24DB\\uFF4C\\u0140\\u013A\\u013E\\u1E37\\u1E39\\u013C\\u1E3D\\u1E3B\\u017F\\u0142\\u019A\\u026B\\u2C61\\uA749\\uA781\\uA747]","lj":"[\\u01C9]","m":"[\\u006D\\u24DC\\uFF4D\\u1E3F\\u1E41\\u1E43\\u0271\\u026F]","n":"[\\u006E\\u24DD\\uFF4E\\u01F9\\u0144\\u00F1\\u1E45\\u0148\\u1E47\\u0146\\u1E4B\\u1E49\\u019E\\u0272\\u0149\\uA791\\uA7A5]","nj":"[\\u01CC]","o":"[\\u006F\\u24DE\\uFF4F\\u00F2\\u00F3\\u00F4\\u1ED3\\u1ED1\\u1ED7\\u1ED5\\u00F5\\u1E4D\\u022D\\u1E4F\\u014D\\u1E51\\u1E53\\u014F\\u022F\\u0231\\u00F6\\u022B\\u1ECF\\u0151\\u01D2\\u020D\\u020F\\u01A1\\u1EDD\\u1EDB\\u1EE1\\u1EDF\\u1EE3\\u1ECD\\u1ED9\\u01EB\\u01ED\\u00F8\\u01FF\\u0254\\uA74B\\uA74D\\u0275]","oi":"[\\u01A3]","ou":"[\\u0223]","oo":"[\\uA74F]","p":"[\\u0070\\u24DF\\uFF50\\u1E55\\u1E57\\u01A5\\u1D7D\\uA751\\uA753\\uA755]","q":"[\\u0071\\u24E0\\uFF51\\u024B\\uA757\\uA759]","r":"[\\u0072\\u24E1\\uFF52\\u0155\\u1E59\\u0159\\u0211\\u0213\\u1E5B\\u1E5D\\u0157\\u1E5F\\u024D\\u027D\\uA75B\\uA7A7\\uA783]","s":"[\\u0073\\u24E2\\uFF53\\u015B\\u1E65\\u015D\\u1E61\\u0161\\u1E67\\u1E63\\u1E69\\u0219\\u015F\\u023F\\uA7A9\\uA785\\u1E9B]","ss":"[\\u00DF]","t":"[\\u0074\\u24E3\\uFF54\\u1E6B\\u1E97\\u0165\\u1E6D\\u021B\\u0163\\u1E71\\u1E6F\\u0167\\u01AD\\u0288\\u2C66\\uA787]","tz":"[\\uA729]","u":"[\\u0075\\u24E4\\uFF55\\u00F9\\u00FA\\u00FB\\u0169\\u1E79\\u016B\\u1E7B\\u016D\\u00FC\\u01DC\\u01D8\\u01D6\\u01DA\\u1EE7\\u016F\\u0171\\u01D4\\u0215\\u0217\\u01B0\\u1EEB\\u1EE9\\u1EEF\\u1EED\\u1EF1\\u1EE5\\u1E73\\u0173\\u1E77\\u1E75\\u0289]","v":"[\\u0076\\u24E5\\uFF56\\u1E7D\\u1E7F\\u028B\\uA75F\\u028C]","vy":"[\\uA761]","w":"[\\u0077\\u24E6\\uFF57\\u1E81\\u1E83\\u0175\\u1E87\\u1E85\\u1E98\\u1E89\\u2C73]","x":"[\\u0078\\u24E7\\uFF58\\u1E8B\\u1E8D]","y":"[\\u0079\\u24E8\\uFF59\\u1EF3\\u00FD\\u0177\\u1EF9\\u0233\\u1E8F\\u00FF\\u1EF7\\u1E99\\u1EF5\\u01B4\\u024F\\u1EFF]","z":"[\\u007A\\u24E9\\uFF5A\\u017A\\u1E91\\u017C\\u017E\\u1E93\\u1E95\\u01B6\\u0225\\u0240\\u2C6C\\uA763]"},"researchesTests":["contentHasTOC","contentHasShortParagraphs","contentHasAssets","keywordInTitle","keywordInMetaDescription","keywordInPermalink","keywordIn10Percent","keywordInContent","keywordInSubheadings","keywordInImageAlt","keywordDensity","keywordNotUsed","lengthContent","lengthPermalink","linksHasInternal","linksHasExternals","linksNotAllExternals","titleStartWithKeyword","titleSentiment","titleHasPowerWords","titleHasNumber","hasContentAI"],"hasRedirection":true,"hasBreadcrumb":false},"homeUrl":"https:\/\/onlinebettingspace.com\/sk\/","objectID":2569,"objectType":"post","locale":"sk","localeFull":"sk_SK","overlayImages":{"play":{"name":"Play icon","url":"https:\/\/onlinebettingspace.com\/wp-content\/plugins\/seo-by-rank-math\/assets\/admin\/img\/icon-play.png","path":"\/home\/SuperAdmin\/web\/onlinebettingspace.com\/public_html\/wp-content\/plugins\/seo-by-rank-math\/assets\/admin\/img\/icon-play.png","position":"middle_center"},"gif":{"name":"GIF icon","url":"https:\/\/onlinebettingspace.com\/wp-content\/plugins\/seo-by-rank-math\/assets\/admin\/img\/icon-gif.png","path":"\/home\/SuperAdmin\/web\/onlinebettingspace.com\/public_html\/wp-content\/plugins\/seo-by-rank-math\/assets\/admin\/img\/icon-gif.png","position":"middle_center"}},"defautOgImage":"https:\/\/onlinebettingspace.com\/wp-content\/uploads\/2022\/04\/OBS-FULL-LOGO.webp","customPermalinks":true,"isUserRegistered":true,"autoSuggestKeywords":true,"connectSiteUrl":"https:\/\/rankmath.com\/auth?site=https%3A%2F%2Fonlinebettingspace.com%2Fsk%2F&r=https%3A%2F%2Fonlinebettingspace.com%2Fsk%2Fwp-json%2Fwp%2Fv2%2Fpages%2F2569%3Fnonce%3Daafa9d571e","maxTags":5,"trendsIcon":"<svg viewBox=\"0 0 610 610\"><path d=\"M18.85,446,174.32,290.48l58.08,58.08L76.93,504a14.54,14.54,0,0,1-20.55,0L18.83,466.48a14.54,14.54,0,0,1,0-20.55Z\" style=\"fill:#4285f4\"\/><path d=\"M242.65,242.66,377.59,377.6l-47.75,47.75a14.54,14.54,0,0,1-20.55,0L174.37,290.43l47.75-47.75A14.52,14.52,0,0,1,242.65,242.66Z\" style=\"fill:#ea4335\"\/><polygon points=\"319.53 319.53 479.26 159.8 537.34 217.88 377.61 377.62 319.53 319.53\" style=\"fill:#fabb05\"\/><path d=\"M594.26,262.73V118.61h0a16.94,16.94,0,0,0-16.94-16.94H433.2a16.94,16.94,0,0,0-12,28.92L565.34,274.71h0a16.94,16.94,0,0,0,28.92-12Z\" style=\"fill:#34a853\"\/><rect width=\"610\" height=\"610\" style=\"fill:none\"\/><\/svg>","showScore":true,"siteFavIcon":"https:\/\/onlinebettingspace.com\/wp-content\/uploads\/2022\/04\/OBS-LOGO-1.webp","canUser":{"general":false,"advanced":false,"snippet":false,"social":false,"analysis":false,"analytics":false,"content_ai":false},"showKeywordIntent":true,"isPro":false,"is_front_page":false,"trendsUpgradeLink":"https:\/\/rankmath.com\/pricing\/?utm_source=Plugin&utm_medium=CE%20General%20Tab%20Trends&utm_campaign=WP","trendsUpgradeLabel":"Upgrade","trendsPreviewImage":"https:\/\/onlinebettingspace.com\/wp-content\/plugins\/seo-by-rank-math\/assets\/admin\/img\/trends-preview.jpg","currentEditor":false,"homepageData":{"assessor":{"powerWords":[],"diacritics":true,"researchesTests":["contentHasTOC","contentHasShortParagraphs","contentHasAssets","keywordInTitle","keywordInMetaDescription","keywordInPermalink","keywordIn10Percent","keywordInContent","keywordInSubheadings","keywordInImageAlt","keywordDensity","keywordNotUsed","lengthContent","lengthPermalink","linksHasInternal","linksHasExternals","linksNotAllExternals","titleStartWithKeyword","titleSentiment","titleHasPowerWords","titleHasNumber","hasContentAI"],"hasBreadcrumb":false,"serpData":{"title":"%sitename% %page% %sep% %sitedesc%","description":"","titleTemplate":"%sitename% %page% %sep% %sitedesc%","descriptionTemplate":"","focusKeywords":"","breadcrumbTitle":"Home","robots":{"index":true},"advancedRobots":[],"facebookTitle":"","facebookDescription":"","facebookImage":"","facebookImageID":""}}},"tocTitle":"Table of Contents","tocExcludeHeadings":[],"listStyle":"ul"},"_links":{"self":[{"href":"https:\/\/onlinebettingspace.com\/sk\/wp-json\/wp\/v2\/pages\/2569","targetHints":{"allow":["GET"]}}],"collection":[{"href":"https:\/\/onlinebettingspace.com\/sk\/wp-json\/wp\/v2\/pages"}],"about":[{"href":"https:\/\/onlinebettingspace.com\/sk\/wp-json\/wp\/v2\/types\/page"}],"author":[{"embeddable":true,"href":"https:\/\/onlinebettingspace.com\/sk\/wp-json\/wp\/v2\/users\/1"}],"replies":[{"embeddable":true,"href":"https:\/\/onlinebettingspace.com\/sk\/wp-json\/wp\/v2\/comments?post=2569"}],"version-history":[{"count":0,"href":"https:\/\/onlinebettingspace.com\/sk\/wp-json\/wp\/v2\/pages\/2569\/revisions"}],"up":[{"embeddable":true,"href":"https:\/\/onlinebettingspace.com\/sk\/wp-json\/wp\/v2\/pages\/2220"}],"wp:attachment":[{"href":"https:\/\/onlinebettingspace.com\/sk\/wp-json\/wp\/v2\/media?parent=2569"}],"curies":[{"name":"wp","href":"https:\/\/api.w.org\/{rel}","templated":true}]}}