{"id":2549,"date":"2022-08-20T22:30:45","date_gmt":"2022-08-20T19:30:45","guid":{"rendered":"https:\/\/onlinebettingspace.com\/?page_id=2549"},"modified":"2022-08-20T22:30:45","modified_gmt":"2022-08-20T19:30:45","slug":"vernostny","status":"publish","type":"page","link":"https:\/\/onlinebettingspace.com\/sk\/bonus\/vernostny\/","title":{"rendered":"VERNOSTNY"},"content":{"rendered":"<section class=\"l-section wpb_row height_medium\"><div class=\"l-section-h i-cf\"><div class=\"g-cols vc_row via_flex valign_top type_default stacking_default\"><div class=\"vc_col-sm-12 wpb_column vc_column_container\"><div class=\"vc_column-inner\"><div class=\"wpb_wrapper\"><div class=\"wpb_text_column\"><div class=\"wpb_wrapper\"><h1>VERNOSTN\u00dd BONUS<\/h1>\n<div id=\"breadcrumbsWrap\" class=\"hidden-xs\">\n<div id=\"breadcrumbs\">\n<div class=\"col-xs-12 col-sm-8 col-md-12 \">\n<div class=\"intro WYSIWYG\">\n<p>P\u00f4sobi\u0165 v\u00a0tak ve\u013emi konkuren\u010dnom prostred\u00ed ako s\u00fa online kas\u00edna je n\u00e1ro\u010dn\u00e9. Hr\u00e1\u010di s\u00fa n\u00e1ro\u010dn\u00ed, \u010dasto fluktuuj\u00fa, pres\u00favaj\u00fa sa medzi kas\u00ednami a\u00a0neust\u00e1le h\u013eadaj\u00fa t\u00fa najlep\u0161iu kas\u00ednov\u00fa ponuku, najlep\u0161ie bonusy. Online kas\u00edna sa tak sna\u017eia h\u013eada\u0165 sp\u00f4soby a\u00a0cesti\u010dky, ako si hr\u00e1\u010dov u\u00a0seba udr\u017ea\u0165. Kas\u00edna toti\u017e \u017eij\u00fa z\u00a0prostriedkov hr\u00e1\u010dov a\u00a0v\u010faka nim m\u00f4\u017eu sami pre\u017e\u00edva\u0165 a\u00a0pon\u00faka\u0165 im svoje produkty a\u00a0akcie.<\/p>\n<div>\n<div class=\"readMore\">\n<p>Jednou z\u00a0naj\u010dastej\u0161ie vyu\u017e\u00edvan\u00fdch met\u00f3d, ako si udr\u017ea\u0165 hr\u00e1\u010dov, pr\u00edpadne ich prin\u00fati\u0165 ku akt\u00edvnej\u0161ej hre je vernostn\u00fd program. Ke\u010f napr\u00edklad v\u00a0skuto\u010dnom svete idete do obchodu a\u00a0vytiahnete vernostn\u00fa karti\u010dku, tak u\u0161etr\u00edte na n\u00e1kupe, tak pomyseln\u00fa vernostn\u00fa karti\u010dku v\u00a0online kas\u00ednach z\u00edskaj\u00fa nie v\u0161etci hr\u00e1\u010di, ale len dva typy hr\u00e1\u010dov \u2013 t\u00ed najakt\u00edvnej\u0161\u00ed alebo High Roller hr\u00e1\u010di. Pre\u010do to tak je si povieme v\u00a0\u010fal\u0161\u00edch riadkoch.<\/p>\n<h2>AKO FUNGUJE VERNOSTN\u00dd BONUS<\/h2>\n<p><strong>Vernostn\u00fd bonus \u010di program<\/strong>\u00a0je postaven\u00fd na ve\u013emi jednoduchom princ\u00edpe \u2013 hraj a\u00a0bude\u0161 za to odmenen\u00fd. Drviv\u00e1 v\u00e4\u010d\u0161ina programov, ktor\u00e9 dnes online kas\u00edna pon\u00fakaj\u00fa, funguje na zbieran\u00ed bodov a\u00a0\u010d\u00edm viac ich m\u00e1te, tak t\u00fdm viac vernej\u0161\u00ed z\u00e1kazn\u00edk v\u00a0o\u010diach kas\u00edna ste a\u00a0t\u00fdm s\u00fa aj v\u00e4\u010d\u0161ie odmeny, ktor\u00e9 m\u00f4\u017eete z\u00edska\u0165. Vernostn\u00fd bonus sa odv\u00edja od poz\u00edcie v\u00a0takzvanom vernostnom programe, ktor\u00fd m\u00e1 viacero stup\u0148ov a\u00a0ich n\u00e1zvy nezriedka vych\u00e1dzaj\u00fa z\u00a0kovov \u2013 Zlat\u00fd level, Platinov\u00fd level a\u00a0podobne.<\/p>\n<p>Body sa z\u00edskavaj\u00fa za uskuto\u010d\u0148ovanie\u00a0<a href=\"\/sk\/casino-hry\" data-track=\"\"><strong>st\u00e1vok v\u00a0kas\u00ednov\u00fdch hr\u00e1ch<\/strong><\/a>. Hoci ka\u017ed\u00e9 kas\u00edno to m\u00e1 nastaven\u00e9 inak, tak z\u00edskavanie bodov ide v\u00a0niektor\u00fdch pr\u00edpadoch \u013eah\u0161ie a\u00a0v\u00a0inom \u0165a\u017e\u0161ie. Z\u00e1vis\u00ed to od zvolenej hry. Vo v\u0161eobecnosti mo\u017eno skon\u0161tatova\u0165, \u017ee hran\u00edm na klasick\u00fdch automatoch a\u00a0video automatoch z\u00edskate za svoje staven\u00e9 peniaze aj nieko\u013eko n\u00e1sobne viac bodov, ne\u017e je to napr\u00edklad za <a href=\"https:\/\/onlinebettingspace.com\/sk\/baccarat\/\">Baccarat<\/a>, <a href=\"https:\/\/onlinebettingspace.com\/sk\/blackjack\/\">Blackjack<\/a> alebo <a href=\"https:\/\/onlinebettingspace.com\/sk\/ruleta\/\">Ruletu<\/a>, teda za takzvan\u00e9 stolov\u00e9 hry.<\/p>\n<p>Vernostn\u00fd program je pov\u00e4\u010d\u0161inou postaven\u00fd na mesa\u010dnej b\u00e1ze, od prv\u00e9ho d\u0148a do tridsiateho prv\u00e9ho d\u0148a v\u00a0mesiaci. S\u00a0pr\u00edchodom nov\u00e9ho mesiaca sa po\u010d\u00edtadlo zisku bodov zresetuje a\u00a0vy za\u010d\u00ednate akoby znova od nuly. V\u00e4\u010d\u0161inou v\u0161ak plat\u00ed, \u017ee svoj status si mus\u00edte obh\u00e1ji\u0165, teda op\u00e4\u0165 nazbiera\u0165 dostato\u010dn\u00fd po\u010det bodov, aby ste nepri\u0161li o\u00a0benefity. V\u00a0mesiaci, ktor\u00fd nasleduje po tom, \u010do ste nahrali dos\u0165 bodov, v\u0161ak m\u00f4\u017eete \u010derpa\u0165 z\u00a0v\u00fdhod, ktor\u00e9 v\u00e1m prisl\u00fachaj\u00fa v\u00a0r\u00e1mci statusu v\u00a0programe.<\/p>\n<h2>TYPY VERNOSTN\u00ddCH BONUSOV<\/h2>\n<p>Vernostn\u00e9 programy online kas\u00edn by sme mohli rozdeli\u0165 do dvoch kateg\u00f3rii \u2013 na verejn\u00e9 a\u00a0priv\u00e1tne. Ve\u013ek\u00e1 v\u00e4\u010d\u0161ina kas\u00edn stanovuje podmienky na zisk odmien v\u00a0r\u00e1mci vernostn\u00e9ho (alebo ak chcete VIP) programu priamo. Ur\u010dia napr\u00edklad to, \u017ee ak z\u00edskate 60.000 bodov, z\u00edskate ur\u010dit\u00fa poz\u00edciu v\u00a0r\u00e1mci ich vernostn\u00e9ho programu. Ak tento po\u010det bodov dosiahnete, st\u00e1vate sa automaticky s\u00fa\u010das\u0165ou programu bez oh\u013eadu na to \u010di ste tieto body dosiahli na video automatoch, rulete alebo \u010di hr\u00e1te v\u00a0kas\u00edne len t\u00fd\u017ede\u0148.<\/p>\n<p>Druh\u00fd typ vernostn\u00e9ho programu funguje \u00faplne inak. Kas\u00edno si samo vyberie hr\u00e1\u010dov, ktor\u00fdm v\u00a0priv\u00e1tnej rovine pon\u00fakne vernostn\u00fd bonus, ktor\u00fdm ich odmen\u00ed za ich loajalitu vo\u010di kas\u00ednu. Tak\u00fdto bonus naj\u010dastej\u0161ie z\u00edskavaj\u00fa t\u00ed hr\u00e1\u010di, ktor\u00ed hr\u00e1vaj\u00fa v\u00a0kas\u00edne dlhodobo a\u00a0za v\u00e4\u010d\u0161ie (nemusia by\u0165 v\u0161ak priamo High Roller hr\u00e1\u010di) sumy. Niekedy online kas\u00edna pon\u00faknu tak\u00fdto bonus i\u00a0menej solventn\u00fdm hr\u00e1\u010dom, no o\u00a0to vernej\u0161\u00edm hr\u00e1\u010dom a\u00a0prostredn\u00edctvom neho sa ich sna\u017eia prim\u00e4\u0165 ku akt\u00edvnej\u0161ej hre.<\/p>\n<h2>BONUSY PRI VERNOSTN\u00ddCH PROGRAMOCH<\/h2>\n<p>Pojem vernostn\u00fd bonus m\u00f4\u017eeme ch\u00e1pa\u0165 v\u00a0dvoch rovin\u00e1ch \u2013 bu\u010f ako jedin\u00fd bonus alebo ako sum\u00e1r bonusov a\u00a0v\u00fdhod ukryt\u00fdch v\u00a0r\u00e1mci cel\u00e9ho vernostn\u00e9ho programu. Kas\u00edna toti\u017e hr\u00e1\u010dom na za\u010diatok pon\u00fakaj\u00fa vysok\u00fd vernostn\u00fd bonus ku vkladu a\u017e do v\u00fd\u0161ky nieko\u013eko stoviek eur, niekedy aj so zv\u00fdhodnen\u00edm v\u00a0r\u00e1mci st\u00e1vkov\u00fdch po\u017eiadaviek. Benefity v\u00a0r\u00e1mci cel\u00e9ho vernostn\u00e9ho programu v\u0161ak b\u00fdvaj\u00fa ove\u013ea v\u00e4\u010d\u0161ie.<\/p>\n<p>\u010co m\u00f4\u017eu hr\u00e1\u010di z\u00edska\u0165 v\u00a0r\u00e1mci VIP programov? Medzi naj\u010dastej\u0161ie benefity toho by\u0165 vern\u00fdm hr\u00e1\u010dom patria tieto veci:\u00a0<a href=\"\/sk\/bonus\" data-track=\"\"><strong>\u0160peci\u00e1lne a\u00a0vysok\u00e9 bonusy<\/strong><\/a>, osobn\u00fd VIP mana\u017e\u00e9r, r\u00fdchlej\u0161ie v\u00fdbery a\u00a0nav\u00fd\u0161enie limitov \u010di u\u017e pre vklady alebo v\u00fdbery, pr\u00edstupy ku pre \u201ebe\u017en\u00fdch\u201c hr\u00e1\u010dov nedostupn\u00fdm promo akci\u00e1m a\u00a0t\u00ed najelitnej\u0161\u00ed hr\u00e1\u010di m\u00f4\u017eu z\u00edska\u0165 napr\u00edklad aj pozv\u00e1nky na spolo\u010densk\u00e9 alebo \u0161portov\u00e9 udalosti.<\/p>\n<div class=\"WYSIWYG\">\n<h2>TIPY PRE Z\u00cdSKANIE VERNOSTN\u00c9HO BONUSU<\/h2>\n<p>Z\u00edska\u0165 vernostn\u00fd program nie je \u013eahk\u00e9, tob\u00f4\u017e nie si ho udr\u017ea\u0165. Na jeho z\u00edskanie je potrebn\u00e9 nahra\u0165 od nieko\u013eko stoviek a\u017e po nieko\u013eko desiatok tis\u00edc bodov, \u010do znamen\u00e1 prest\u00e1vkova\u0165 aj tis\u00edcky eur. Predt\u00fdm, ne\u017e sa rozhodnete takzvane za\u00fato\u010di\u0165 na poz\u00edciu vo VIP programe si zvo\u013ete strat\u00e9giu. Vypo\u010d\u00edtajte si ko\u013eko pe\u0148az\u00ed mus\u00edte preto\u010di\u0165 v\u00a0hr\u00e1ch a\u00a0uistite sa, \u017ee ste toho schopn\u00ed. Teda, \u017ee to nie je nad va\u0161e \u010dasov\u00e9 alebo finan\u010dn\u00e9 limity.<\/p>\n<p>Ak kas\u00edno zverej\u0148uje podmienky v\u00a0r\u00e1mci VIP programu, investujte t\u00fdch desa\u0165 \u010di p\u00e4tn\u00e1s\u0165 min\u00fat a\u00a0pre\u010d\u00edtajte si ich. Zamerajte na \u00farovne vernostn\u00fdch (VIP) programov, na ich po\u017eiadavky, benefity a\u00a0na to ako funguj\u00fa. Ak kas\u00edno podmienky nezverej\u0148uje a\u00a0vy si napriek tomu mysl\u00edte, \u017ee ste vern\u00fd a\u00a0loaj\u00e1lny hr\u00e1\u010d, prihl\u00e1ste sa o\u00a0svoj bonus a\u00a0v\u00fdhody. Ak c\u00edtite, \u017ee nie ste za svoju hru adekv\u00e1tne ohodnoten\u00ed, op\u00fdtajte sa v\u00a0konkuren\u010dnom kas\u00edne, \u010do v\u00e1m ako vern\u00e9mu hr\u00e1\u010dovi pon\u00fakne.<\/p>\n<h2>NA \u010cO SI DA\u0164 POZOR PRI VERNOSTNOM BONUSE<\/h2>\n<p>Kas\u00ednov\u00ed hr\u00e1\u010di radi po\u010duj\u00fa na slovo bonus, no u\u017e menej si v\u0161\u00edmaj\u00fa, ak\u00e9 bonusy im ich kas\u00edna pon\u00fakaj\u00fa. Nie bonus, ako bonus. Ke\u010f si budete \u010d\u00edta\u0165 o\u00a0v\u00fdhod\u00e1ch vernostn\u00e9ho programu a\u00a0bonus, v\u0161\u00edmajte si to, ak\u00e9 benefity m\u00f4\u017eete z\u00edska\u0165. Ma\u0165 osobn\u00e9ho mana\u017e\u00e9ra je l\u00e1kav\u00e9, ale \u013eudovo povedan\u00e9, nenajete sa z\u00a0toho. To, \u010do by v\u00e1s malo zauj\u00edma\u0165 je to, ak\u00e9 benefity z\u00edskate po finan\u010dnej str\u00e1nke.<\/p>\n<p>Z\u00edskate za svoju vernos\u0165 bonusy za v\u00fdhodnej\u0161\u00edch podmienok s\u00a0ni\u017e\u0161\u00edmi st\u00e1vkov\u00fdmi po\u017eiadavkami? Budete ma\u0165 n\u00e1rok na\u00a0<a href=\"\/sk\/hracie-automaty\/pretocenie-zdarma\" data-track=\"\"><strong>zato\u010denia zadarmo<\/strong><\/a>,\u00a0<a href=\"\/sk\/bonus\/bez-vkladu\" data-track=\"\"><strong>bonus bez vkladu<\/strong><\/a>,\u00a0<a href=\"\/sk\/bonus\/cash-back\" data-track=\"\"><strong>cash back bonus<\/strong><\/a>? Dosahuje v\u00fd\u0161ka reload bonusov 100%? S\u00fa v\u00fdbery skuto\u010dne r\u00fdchlej\u0161ie ako za be\u017en\u00fdch okolnost\u00ed? Alebo v\u00e1m kas\u00edno pon\u00faka len r\u00f4zne benefity, ktor\u00e9 v\u00e1m okrem pr\u00edjemn\u00e9ho pocitu ni\u010d neprines\u00fa?<\/p>\n<h2>Z\u00c1VER<\/h2>\n<p>K\u00fdm pri v\u00e4\u010d\u0161ine bonusov, ktor\u00e9 online kas\u00edna hr\u00e1\u010dom pon\u00fakaj\u00fa plat\u00ed, \u017ee s\u00fa ur\u010den\u00e9 v\u0161etk\u00fdm hr\u00e1\u010dom, tak vernostn\u00fd program je vyhraden\u00fd len t\u00fdm najvernej\u0161\u00edm alebo najakt\u00edvnej\u0161\u00edm. Z\u00edska\u0165 ho nie je nijak jednoduch\u00e9 a\u00a0vy\u017eaduje presne to, \u010do je aj v\u00a0jeho n\u00e1zve \u2013 vernos\u0165 \u2013 teda hra\u0165 pravidelne v\u00a0jednom a\u00a0v\u00a0tom istom online kas\u00edne a\u00a0nepret\u00e1\u010da\u0165 svoje peniaze nikde inde, ne\u017e pr\u00e1ve tu.<\/p>\n<p>Vernostn\u00fd program a z neho prameniace bonusy a \u010fal\u0161ie benefity m\u00f4\u017ee by\u0165 ve\u013emi v\u00fdhodn\u00fd, po finan\u010dnej i povedzme tej du\u0161evnej str\u00e1nke. Z\u00e1rove\u0148 v\u0161ak vy\u017eaduje od hr\u00e1\u010da z\u00e1v\u00e4zok \u2013 nehra\u0165 jeden mesiac sa toti\u017e \u010dasto rovn\u00e1 strate v\u0161etk\u00fdch v\u00fdhod z\u00edskan\u00fdch tvrdou, no poctivou hrou. \u00cds\u0165 si po vernostn\u00fd bonus teda vy\u017eaduje to by\u0165 stopercentne presved\u010den\u00fd o tom, \u017ee hr\u00e1te v tom najlep\u0161om kas\u00edne a chcete tu zosta\u0165.<\/p>\n<\/div>\n<\/div>\n<\/div>\n<\/div>\n<\/div>\n<\/div>\n<\/div>\n<\/div><\/div><\/div><\/div><\/div><\/div><\/div><\/section>\n","protected":false},"excerpt":{"rendered":"VERNOSTN\u00dd BONUS P\u00f4sobi\u0165 v\u00a0tak ve\u013emi konkuren\u010dnom prostred\u00ed ako s\u00fa online kas\u00edna je n\u00e1ro\u010dn\u00e9. Hr\u00e1\u010di s\u00fa n\u00e1ro\u010dn\u00ed, \u010dasto fluktuuj\u00fa, pres\u00favaj\u00fa sa medzi kas\u00ednami a\u00a0neust\u00e1le h\u013eadaj\u00fa t\u00fa najlep\u0161iu kas\u00ednov\u00fa ponuku, najlep\u0161ie bonusy. Online kas\u00edna sa tak sna\u017eia h\u013eada\u0165 sp\u00f4soby a\u00a0cesti\u010dky, ako si hr\u00e1\u010dov u\u00a0seba udr\u017ea\u0165. Kas\u00edna toti\u017e \u017eij\u00fa z\u00a0prostriedkov hr\u00e1\u010dov a\u00a0v\u010faka nim m\u00f4\u017eu sami pre\u017e\u00edva\u0165 a\u00a0pon\u00faka\u0165 im...","protected":false},"author":1,"featured_media":0,"parent":2224,"menu_order":0,"comment_status":"closed","ping_status":"closed","template":"","meta":{"_acf_changed":false,"footnotes":""},"class_list":["post-2549","page","type-page","status-publish","hentry"],"acf":[],"rankMath":{"parentDomain":"onlinebettingspace.com","noFollowDomains":[],"noFollowExcludeDomains":[],"noFollowExternalLinks":false,"featuredImageNotice":"The featured image should be at least 200 by 200 pixels to be picked up by Facebook and other social media sites.","pluginReviewed":true,"postSettings":{"linkSuggestions":true,"useFocusKeyword":false},"frontEndScore":false,"postName":"vernostny","permalinkFormat":"https:\/\/onlinebettingspace.com\/sk\/%pagename%\/","showLockModifiedDate":true,"assessor":{"focusKeywordLink":"https:\/\/onlinebettingspace.com\/wp-admin\/edit.php?focus_keyword=%focus_keyword%&post_type=%post_type%","hasTOCPlugin":false,"primaryTaxonomy":false,"serpData":{"title":"Vernostn\u00fd bonus v online kas\u00ednach \u2013 Loajalita sa oplat\u00ed","description":"Na vernostn\u00fdch bonusoch v online kas\u00ednach sa daj\u00fa z\u00edska\u0165 aj tis\u00edcky eur. Najprv v\u0161ak treba fungovaniu vernostn\u00e9ho programu do detailov porozumie\u0165.","focusKeywords":"","pillarContent":false,"canonicalUrl":"","breadcrumbTitle":"","advancedRobots":[],"facebookTitle":"","facebookDescription":"","facebookImage":"","facebookImageID":"","facebookHasOverlay":false,"facebookImageOverlay":"","facebookAuthor":"","twitterCardType":"","twitterUseFacebook":true,"twitterTitle":"","twitterDescription":"","twitterImage":"","twitterImageID":"","twitterHasOverlay":false,"twitterImageOverlay":"","twitterPlayerUrl":"","twitterPlayerSize":"","twitterPlayerStream":"","twitterPlayerStreamCtype":"","twitterAppDescription":"","twitterAppIphoneName":"","twitterAppIphoneID":"","twitterAppIphoneUrl":"","twitterAppIpadName":"","twitterAppIpadID":"","twitterAppIpadUrl":"","twitterAppGoogleplayName":"","twitterAppGoogleplayID":"","twitterAppGoogleplayUrl":"","twitterAppCountry":"","robots":{"index":true},"twitterAuthor":"username","primaryTerm":0,"authorName":"OBSAdmin","titleTemplate":"%title% %sep% %sitename%","descriptionTemplate":"%excerpt%","showScoreFrontend":true,"lockModifiedDate":false},"powerWords":[],"diacritics":{"A":"[\\u0041\\u24B6\\uFF21\\u00C0\\u00C1\\u00C2\\u1EA6\\u1EA4\\u1EAA\\u1EA8\\u00C3\\u0100\\u0102\\u1EB0\\u1EAE\\u1EB4\\u1EB2\\u0226\\u01E0\\u00C4\\u01DE\\u1EA2\\u00C5\\u01FA\\u01CD\\u0200\\u0202\\u1EA0\\u1EAC\\u1EB6\\u1E00\\u0104\\u023A\\u2C6F]","AA":"[\\uA732]","AE":"[\\u00C6\\u01FC\\u01E2]","AO":"[\\uA734]","AU":"[\\uA736]","AV":"[\\uA738\\uA73A]","AY":"[\\uA73C]","B":"[\\u0042\\u24B7\\uFF22\\u1E02\\u1E04\\u1E06\\u0243\\u0182\\u0181]","C":"[\\u0043\\u24B8\\uFF23\\u0106\\u0108\\u010A\\u010C\\u00C7\\u1E08\\u0187\\u023B\\uA73E]","D":"[\\u0044\\u24B9\\uFF24\\u1E0A\\u010E\\u1E0C\\u1E10\\u1E12\\u1E0E\\u0110\\u018B\\u018A\\u0189\\uA779]","DZ":"[\\u01F1\\u01C4]","Dz":"[\\u01F2\\u01C5]","E":"[\\u0045\\u24BA\\uFF25\\u00C8\\u00C9\\u00CA\\u1EC0\\u1EBE\\u1EC4\\u1EC2\\u1EBC\\u0112\\u1E14\\u1E16\\u0114\\u0116\\u00CB\\u1EBA\\u011A\\u0204\\u0206\\u1EB8\\u1EC6\\u0228\\u1E1C\\u0118\\u1E18\\u1E1A\\u0190\\u018E]","F":"[\\u0046\\u24BB\\uFF26\\u1E1E\\u0191\\uA77B]","G":"[\\u0047\\u24BC\\uFF27\\u01F4\\u011C\\u1E20\\u011E\\u0120\\u01E6\\u0122\\u01E4\\u0193\\uA7A0\\uA77D\\uA77E]","H":"[\\u0048\\u24BD\\uFF28\\u0124\\u1E22\\u1E26\\u021E\\u1E24\\u1E28\\u1E2A\\u0126\\u2C67\\u2C75\\uA78D]","I":"[\\u0049\\u24BE\\uFF29\\u00CC\\u00CD\\u00CE\\u0128\\u012A\\u012C\\u0130\\u00CF\\u1E2E\\u1EC8\\u01CF\\u0208\\u020A\\u1ECA\\u012E\\u1E2C\\u0197]","J":"[\\u004A\\u24BF\\uFF2A\\u0134\\u0248]","K":"[\\u004B\\u24C0\\uFF2B\\u1E30\\u01E8\\u1E32\\u0136\\u1E34\\u0198\\u2C69\\uA740\\uA742\\uA744\\uA7A2]","L":"[\\u004C\\u24C1\\uFF2C\\u013F\\u0139\\u013D\\u1E36\\u1E38\\u013B\\u1E3C\\u1E3A\\u0141\\u023D\\u2C62\\u2C60\\uA748\\uA746\\uA780]","LJ":"[\\u01C7]","Lj":"[\\u01C8]","M":"[\\u004D\\u24C2\\uFF2D\\u1E3E\\u1E40\\u1E42\\u2C6E\\u019C]","N":"[\\u004E\\u24C3\\uFF2E\\u01F8\\u0143\\u00D1\\u1E44\\u0147\\u1E46\\u0145\\u1E4A\\u1E48\\u0220\\u019D\\uA790\\uA7A4]","NJ":"[\\u01CA]","Nj":"[\\u01CB]","O":"[\\u004F\\u24C4\\uFF2F\\u00D2\\u00D3\\u00D4\\u1ED2\\u1ED0\\u1ED6\\u1ED4\\u00D5\\u1E4C\\u022C\\u1E4E\\u014C\\u1E50\\u1E52\\u014E\\u022E\\u0230\\u00D6\\u022A\\u1ECE\\u0150\\u01D1\\u020C\\u020E\\u01A0\\u1EDC\\u1EDA\\u1EE0\\u1EDE\\u1EE2\\u1ECC\\u1ED8\\u01EA\\u01EC\\u00D8\\u01FE\\u0186\\u019F\\uA74A\\uA74C]","OI":"[\\u01A2]","OO":"[\\uA74E]","OU":"[\\u0222]","P":"[\\u0050\\u24C5\\uFF30\\u1E54\\u1E56\\u01A4\\u2C63\\uA750\\uA752\\uA754]","Q":"[\\u0051\\u24C6\\uFF31\\uA756\\uA758\\u024A]","R":"[\\u0052\\u24C7\\uFF32\\u0154\\u1E58\\u0158\\u0210\\u0212\\u1E5A\\u1E5C\\u0156\\u1E5E\\u024C\\u2C64\\uA75A\\uA7A6\\uA782]","S":"[\\u0053\\u24C8\\uFF33\\u1E9E\\u015A\\u1E64\\u015C\\u1E60\\u0160\\u1E66\\u1E62\\u1E68\\u0218\\u015E\\u2C7E\\uA7A8\\uA784]","T":"[\\u0054\\u24C9\\uFF34\\u1E6A\\u0164\\u1E6C\\u021A\\u0162\\u1E70\\u1E6E\\u0166\\u01AC\\u01AE\\u023E\\uA786]","TZ":"[\\uA728]","U":"[\\u0055\\u24CA\\uFF35\\u00D9\\u00DA\\u00DB\\u0168\\u1E78\\u016A\\u1E7A\\u016C\\u00DC\\u01DB\\u01D7\\u01D5\\u01D9\\u1EE6\\u016E\\u0170\\u01D3\\u0214\\u0216\\u01AF\\u1EEA\\u1EE8\\u1EEE\\u1EEC\\u1EF0\\u1EE4\\u1E72\\u0172\\u1E76\\u1E74\\u0244]","V":"[\\u0056\\u24CB\\uFF36\\u1E7C\\u1E7E\\u01B2\\uA75E\\u0245]","VY":"[\\uA760]","W":"[\\u0057\\u24CC\\uFF37\\u1E80\\u1E82\\u0174\\u1E86\\u1E84\\u1E88\\u2C72]","X":"[\\u0058\\u24CD\\uFF38\\u1E8A\\u1E8C]","Y":"[\\u0059\\u24CE\\uFF39\\u1EF2\\u00DD\\u0176\\u1EF8\\u0232\\u1E8E\\u0178\\u1EF6\\u1EF4\\u01B3\\u024E\\u1EFE]","Z":"[\\u005A\\u24CF\\uFF3A\\u0179\\u1E90\\u017B\\u017D\\u1E92\\u1E94\\u01B5\\u0224\\u2C7F\\u2C6B\\uA762]","a":"[\\u0061\\u24D0\\uFF41\\u1E9A\\u00E0\\u00E1\\u00E2\\u1EA7\\u1EA5\\u1EAB\\u1EA9\\u00E3\\u0101\\u0103\\u1EB1\\u1EAF\\u1EB5\\u1EB3\\u0227\\u01E1\\u00E4\\u01DF\\u1EA3\\u00E5\\u01FB\\u01CE\\u0201\\u0203\\u1EA1\\u1EAD\\u1EB7\\u1E01\\u0105\\u2C65\\u0250]","aa":"[\\uA733]","ae":"[\\u00E6\\u01FD\\u01E3]","ao":"[\\uA735]","au":"[\\uA737]","av":"[\\uA739\\uA73B]","ay":"[\\uA73D]","b":"[\\u0062\\u24D1\\uFF42\\u1E03\\u1E05\\u1E07\\u0180\\u0183\\u0253]","c":"[\\u0063\\u24D2\\uFF43\\u0107\\u0109\\u010B\\u010D\\u00E7\\u1E09\\u0188\\u023C\\uA73F\\u2184]","d":"[\\u0064\\u24D3\\uFF44\\u1E0B\\u010F\\u1E0D\\u1E11\\u1E13\\u1E0F\\u0111\\u018C\\u0256\\u0257\\uA77A]","dz":"[\\u01F3\\u01C6]","e":"[\\u0065\\u24D4\\uFF45\\u00E8\\u00E9\\u00EA\\u1EC1\\u1EBF\\u1EC5\\u1EC3\\u1EBD\\u0113\\u1E15\\u1E17\\u0115\\u0117\\u00EB\\u1EBB\\u011B\\u0205\\u0207\\u1EB9\\u1EC7\\u0229\\u1E1D\\u0119\\u1E19\\u1E1B\\u0247\\u025B\\u01DD]","f":"[\\u0066\\u24D5\\uFF46\\u1E1F\\u0192\\uA77C]","g":"[\\u0067\\u24D6\\uFF47\\u01F5\\u011D\\u1E21\\u011F\\u0121\\u01E7\\u0123\\u01E5\\u0260\\uA7A1\\u1D79\\uA77F]","h":"[\\u0068\\u24D7\\uFF48\\u0125\\u1E23\\u1E27\\u021F\\u1E25\\u1E29\\u1E2B\\u1E96\\u0127\\u2C68\\u2C76\\u0265]","hv":"[\\u0195]","i":"[\\u0069\\u24D8\\uFF49\\u00EC\\u00ED\\u00EE\\u0129\\u012B\\u012D\\u00EF\\u1E2F\\u1EC9\\u01D0\\u0209\\u020B\\u1ECB\\u012F\\u1E2D\\u0268\\u0131]","j":"[\\u006A\\u24D9\\uFF4A\\u0135\\u01F0\\u0249]","k":"[\\u006B\\u24DA\\uFF4B\\u1E31\\u01E9\\u1E33\\u0137\\u1E35\\u0199\\u2C6A\\uA741\\uA743\\uA745\\uA7A3]","l":"[\\u006C\\u24DB\\uFF4C\\u0140\\u013A\\u013E\\u1E37\\u1E39\\u013C\\u1E3D\\u1E3B\\u017F\\u0142\\u019A\\u026B\\u2C61\\uA749\\uA781\\uA747]","lj":"[\\u01C9]","m":"[\\u006D\\u24DC\\uFF4D\\u1E3F\\u1E41\\u1E43\\u0271\\u026F]","n":"[\\u006E\\u24DD\\uFF4E\\u01F9\\u0144\\u00F1\\u1E45\\u0148\\u1E47\\u0146\\u1E4B\\u1E49\\u019E\\u0272\\u0149\\uA791\\uA7A5]","nj":"[\\u01CC]","o":"[\\u006F\\u24DE\\uFF4F\\u00F2\\u00F3\\u00F4\\u1ED3\\u1ED1\\u1ED7\\u1ED5\\u00F5\\u1E4D\\u022D\\u1E4F\\u014D\\u1E51\\u1E53\\u014F\\u022F\\u0231\\u00F6\\u022B\\u1ECF\\u0151\\u01D2\\u020D\\u020F\\u01A1\\u1EDD\\u1EDB\\u1EE1\\u1EDF\\u1EE3\\u1ECD\\u1ED9\\u01EB\\u01ED\\u00F8\\u01FF\\u0254\\uA74B\\uA74D\\u0275]","oi":"[\\u01A3]","ou":"[\\u0223]","oo":"[\\uA74F]","p":"[\\u0070\\u24DF\\uFF50\\u1E55\\u1E57\\u01A5\\u1D7D\\uA751\\uA753\\uA755]","q":"[\\u0071\\u24E0\\uFF51\\u024B\\uA757\\uA759]","r":"[\\u0072\\u24E1\\uFF52\\u0155\\u1E59\\u0159\\u0211\\u0213\\u1E5B\\u1E5D\\u0157\\u1E5F\\u024D\\u027D\\uA75B\\uA7A7\\uA783]","s":"[\\u0073\\u24E2\\uFF53\\u015B\\u1E65\\u015D\\u1E61\\u0161\\u1E67\\u1E63\\u1E69\\u0219\\u015F\\u023F\\uA7A9\\uA785\\u1E9B]","ss":"[\\u00DF]","t":"[\\u0074\\u24E3\\uFF54\\u1E6B\\u1E97\\u0165\\u1E6D\\u021B\\u0163\\u1E71\\u1E6F\\u0167\\u01AD\\u0288\\u2C66\\uA787]","tz":"[\\uA729]","u":"[\\u0075\\u24E4\\uFF55\\u00F9\\u00FA\\u00FB\\u0169\\u1E79\\u016B\\u1E7B\\u016D\\u00FC\\u01DC\\u01D8\\u01D6\\u01DA\\u1EE7\\u016F\\u0171\\u01D4\\u0215\\u0217\\u01B0\\u1EEB\\u1EE9\\u1EEF\\u1EED\\u1EF1\\u1EE5\\u1E73\\u0173\\u1E77\\u1E75\\u0289]","v":"[\\u0076\\u24E5\\uFF56\\u1E7D\\u1E7F\\u028B\\uA75F\\u028C]","vy":"[\\uA761]","w":"[\\u0077\\u24E6\\uFF57\\u1E81\\u1E83\\u0175\\u1E87\\u1E85\\u1E98\\u1E89\\u2C73]","x":"[\\u0078\\u24E7\\uFF58\\u1E8B\\u1E8D]","y":"[\\u0079\\u24E8\\uFF59\\u1EF3\\u00FD\\u0177\\u1EF9\\u0233\\u1E8F\\u00FF\\u1EF7\\u1E99\\u1EF5\\u01B4\\u024F\\u1EFF]","z":"[\\u007A\\u24E9\\uFF5A\\u017A\\u1E91\\u017C\\u017E\\u1E93\\u1E95\\u01B6\\u0225\\u0240\\u2C6C\\uA763]"},"researchesTests":["contentHasTOC","contentHasShortParagraphs","contentHasAssets","keywordInTitle","keywordInMetaDescription","keywordInPermalink","keywordIn10Percent","keywordInContent","keywordInSubheadings","keywordInImageAlt","keywordDensity","keywordNotUsed","lengthContent","lengthPermalink","linksHasInternal","linksHasExternals","linksNotAllExternals","titleStartWithKeyword","titleSentiment","titleHasPowerWords","titleHasNumber","hasContentAI"],"hasRedirection":true,"hasBreadcrumb":false},"homeUrl":"https:\/\/onlinebettingspace.com\/sk\/","objectID":2549,"objectType":"post","locale":"sk","localeFull":"sk_SK","overlayImages":{"play":{"name":"Play icon","url":"https:\/\/onlinebettingspace.com\/wp-content\/plugins\/seo-by-rank-math\/assets\/admin\/img\/icon-play.png","path":"\/home\/SuperAdmin\/web\/onlinebettingspace.com\/public_html\/wp-content\/plugins\/seo-by-rank-math\/assets\/admin\/img\/icon-play.png","position":"middle_center"},"gif":{"name":"GIF icon","url":"https:\/\/onlinebettingspace.com\/wp-content\/plugins\/seo-by-rank-math\/assets\/admin\/img\/icon-gif.png","path":"\/home\/SuperAdmin\/web\/onlinebettingspace.com\/public_html\/wp-content\/plugins\/seo-by-rank-math\/assets\/admin\/img\/icon-gif.png","position":"middle_center"}},"defautOgImage":"https:\/\/onlinebettingspace.com\/wp-content\/uploads\/2022\/04\/OBS-FULL-LOGO.webp","customPermalinks":true,"isUserRegistered":true,"autoSuggestKeywords":true,"connectSiteUrl":"https:\/\/rankmath.com\/auth?site=https%3A%2F%2Fonlinebettingspace.com%2Fsk%2F&r=https%3A%2F%2Fonlinebettingspace.com%2Fsk%2Fwp-json%2Fwp%2Fv2%2Fpages%2F2549%3Fnonce%3D0e9889a484","maxTags":5,"trendsIcon":"<svg viewBox=\"0 0 610 610\"><path d=\"M18.85,446,174.32,290.48l58.08,58.08L76.93,504a14.54,14.54,0,0,1-20.55,0L18.83,466.48a14.54,14.54,0,0,1,0-20.55Z\" style=\"fill:#4285f4\"\/><path d=\"M242.65,242.66,377.59,377.6l-47.75,47.75a14.54,14.54,0,0,1-20.55,0L174.37,290.43l47.75-47.75A14.52,14.52,0,0,1,242.65,242.66Z\" style=\"fill:#ea4335\"\/><polygon points=\"319.53 319.53 479.26 159.8 537.34 217.88 377.61 377.62 319.53 319.53\" style=\"fill:#fabb05\"\/><path d=\"M594.26,262.73V118.61h0a16.94,16.94,0,0,0-16.94-16.94H433.2a16.94,16.94,0,0,0-12,28.92L565.34,274.71h0a16.94,16.94,0,0,0,28.92-12Z\" style=\"fill:#34a853\"\/><rect width=\"610\" height=\"610\" style=\"fill:none\"\/><\/svg>","showScore":true,"siteFavIcon":"https:\/\/onlinebettingspace.com\/wp-content\/uploads\/2022\/04\/OBS-LOGO-1.webp","canUser":{"general":false,"advanced":false,"snippet":false,"social":false,"analysis":false,"analytics":false,"content_ai":false},"showKeywordIntent":true,"isPro":false,"is_front_page":false,"trendsUpgradeLink":"https:\/\/rankmath.com\/pricing\/?utm_source=Plugin&utm_medium=CE%20General%20Tab%20Trends&utm_campaign=WP","trendsUpgradeLabel":"Upgrade","trendsPreviewImage":"https:\/\/onlinebettingspace.com\/wp-content\/plugins\/seo-by-rank-math\/assets\/admin\/img\/trends-preview.jpg","currentEditor":false,"homepageData":{"assessor":{"powerWords":[],"diacritics":true,"researchesTests":["contentHasTOC","contentHasShortParagraphs","contentHasAssets","keywordInTitle","keywordInMetaDescription","keywordInPermalink","keywordIn10Percent","keywordInContent","keywordInSubheadings","keywordInImageAlt","keywordDensity","keywordNotUsed","lengthContent","lengthPermalink","linksHasInternal","linksHasExternals","linksNotAllExternals","titleStartWithKeyword","titleSentiment","titleHasPowerWords","titleHasNumber","hasContentAI"],"hasBreadcrumb":false,"serpData":{"title":"%sitename% %page% %sep% %sitedesc%","description":"","titleTemplate":"%sitename% %page% %sep% %sitedesc%","descriptionTemplate":"","focusKeywords":"","breadcrumbTitle":"Home","robots":{"index":true},"advancedRobots":[],"facebookTitle":"","facebookDescription":"","facebookImage":"","facebookImageID":""}}},"tocTitle":"Table of Contents","tocExcludeHeadings":[],"listStyle":"ul"},"_links":{"self":[{"href":"https:\/\/onlinebettingspace.com\/sk\/wp-json\/wp\/v2\/pages\/2549","targetHints":{"allow":["GET"]}}],"collection":[{"href":"https:\/\/onlinebettingspace.com\/sk\/wp-json\/wp\/v2\/pages"}],"about":[{"href":"https:\/\/onlinebettingspace.com\/sk\/wp-json\/wp\/v2\/types\/page"}],"author":[{"embeddable":true,"href":"https:\/\/onlinebettingspace.com\/sk\/wp-json\/wp\/v2\/users\/1"}],"replies":[{"embeddable":true,"href":"https:\/\/onlinebettingspace.com\/sk\/wp-json\/wp\/v2\/comments?post=2549"}],"version-history":[{"count":0,"href":"https:\/\/onlinebettingspace.com\/sk\/wp-json\/wp\/v2\/pages\/2549\/revisions"}],"up":[{"embeddable":true,"href":"https:\/\/onlinebettingspace.com\/sk\/wp-json\/wp\/v2\/pages\/2224"}],"wp:attachment":[{"href":"https:\/\/onlinebettingspace.com\/sk\/wp-json\/wp\/v2\/media?parent=2549"}],"curies":[{"name":"wp","href":"https:\/\/api.w.org\/{rel}","templated":true}]}}