{"id":2539,"date":"2022-08-19T13:36:13","date_gmt":"2022-08-19T10:36:13","guid":{"rendered":"https:\/\/onlinebettingspace.com\/?page_id=2539"},"modified":"2022-08-19T13:36:13","modified_gmt":"2022-08-19T10:36:13","slug":"hra-pre-zabavu-alebo-skutocne-peniaze","status":"publish","type":"page","link":"https:\/\/onlinebettingspace.com\/sk\/hra-pre-zabavu-alebo-skutocne-peniaze\/","title":{"rendered":"HRA PRE ZABAVU ALEBO SKUTOCNE PENIAZE"},"content":{"rendered":"<section class=\"l-section wpb_row height_medium\"><div class=\"l-section-h i-cf\"><div class=\"g-cols vc_row via_flex valign_top type_default stacking_default\"><div class=\"vc_col-sm-12 wpb_column vc_column_container\"><div class=\"vc_column-inner\"><div class=\"wpb_wrapper\"><div class=\"wpb_text_column\"><div class=\"wpb_wrapper\"><h1>HRA PRE Z\u00c1BAVU ALEBO SKUTO\u010cN\u00c9 PENIAZE<\/h1>\n<div>\n<div id=\"breadcrumbsWrap\" class=\"hidden-xs\">\n<div id=\"breadcrumbs\">\n<p>To, \u010do odli\u0161uje tie najlep\u0161ie online casina od t\u00fdch len priemern\u00fdch je to, \u017ee pon\u00fakaj\u00fa hr\u00e1\u010dom rozli\u010dn\u00e9 typy hier v z\u00e1vislosti od ich finan\u010dn\u00fdch mo\u017enost\u00ed a preferencii.<\/p>\n<div>\n<div class=\"readMore\">\n<p>Je samozrejm\u00e9, \u017ee nie ka\u017ed\u00fd hr\u00e1\u010d je pripraven\u00fd hne\u010f hra\u0165 hry o skuto\u010dn\u00e9 peniaze, rovnako tak je samozrejm\u00e9, \u017ee s\u00fa hr\u00e1\u010di, ktor\u00ed chc\u00fa hra\u0165 len pre samotn\u00fd pocit radosti, ktor\u00fa hra prin\u00e1\u0161a. Dnes u\u017e drviv\u00e1 v\u00e4\u010d\u0161ina online kas\u00edn pon\u00faka dva hern\u00e9 m\u00f3dy \u2013 hru pre z\u00e1bavu a hru o skuto\u010dn\u00e9 peniaze.<\/p>\n<div class=\"WYSIWYG\">\n<h2>HRA PRE Z\u00c1BAVU<\/h2>\n<p>Hra pre z\u00e1bavu, alebo v angli\u010dtine \u201efun play\u201c, by mala by\u0165 pomyselnou vstupnou stanicou do sveta\u00a0<strong><a href=\"\/sk\/casino-hry\" data-track=\"\">online casinovej hry<\/a><\/strong>\u00a0pre za\u010diato\u010dn\u00edkov. Predt\u00fdm, ne\u017e sa rozhodn\u00fa hra\u0165 o skuto\u010dn\u00e9 peniaze, mali by si cel\u00e9 kas\u00edno a jeho hry otestova\u0165 \u201enane\u010disto\u201c, prostredn\u00edctvom hier pre z\u00e1bavu. Zistia tak, \u010di im hry poskytuj\u00fa adekv\u00e1tne pote\u0161enie a to e\u0161te predt\u00fdm, ne\u017e do hier investuj\u00fa nejak\u00e9 peniaze. Takto m\u00f4\u017ee hr\u00e1\u010d cestova\u0165 od casina ku casinu a h\u013eada\u0165 to, kde sa mu bude najviac p\u00e1\u010di\u0165.<\/p>\n<p>Koncept hier pre z\u00e1bavu sa v jednotliv\u00fdch kas\u00ednach od seba odli\u0161uje ur\u010dit\u00fdmi mali\u010dkos\u0165ami. Tak napr\u00edklad, niektor\u00e9\u00a0<strong><a href=\"\/sk\" data-track=\"\">online casina<\/a><\/strong>\u00a0umo\u017e\u0148uj\u00fa hr\u00e1\u010dom hra\u0165 pre z\u00e1bavu a to dokonca bez nutnosti si v danom kas\u00edne \u010do i len otvori\u0165 \u00fa\u010det. Jednoducho sta\u010d\u00ed len v prehliada\u010di klikn\u00fa\u0165 na mo\u017enos\u0165 hry pre z\u00e1bavu a o p\u00e1r sek\u00fand u\u017e m\u00f4\u017eete hra\u0165. \u010castej\u0161ie sa v\u0161ak m\u00f4\u017eete stretn\u00fa\u0165 s t\u00fdm, \u017ee kas\u00edno i tak\u00e9to hry spr\u00edstup\u0148uje a\u017e po po\u010diato\u010dnej registr\u00e1cii.<\/p>\n<p>Tak\u00e1to hra potom prebieha s fikt\u00edvnymi peniazmi, kreditmi, ktor\u00e9 v\u00e1m na \u00fa\u010det po\u0161le samotn\u00e9 kas\u00edno. Tento kredit n\u00e1sledne budete m\u00f4c\u0165 vyu\u017e\u00edva\u0165 pre hre o z\u00e1bavu. Na rozdiel od skuto\u010dn\u00fdch pe\u0148az\u00ed v\u0161ak v tomto pr\u00edpade plat\u00ed, \u017ee ke\u010f o kredit pr\u00eddete, tak kas\u00edno v\u00e1m po\u0161le \u010fal\u0161ie na \u010fal\u0161iu hru. Teoreticky tak m\u00f4\u017eete hra\u0165 takto donekone\u010dna len za prostriedky poch\u00e1dzaj\u00face z kas\u00edna. Treba ma\u0165 v\u0161ak na pam\u00e4ti, \u017ee tieto kredity nemaj\u00fa \u017eiadnu re\u00e1lnu finan\u010dn\u00fa hodnotu.<\/p>\n<p>Kredity, ktor\u00e9 kas\u00edno poskytne pre va\u0161u hru, sa daj\u00fa \u010dastokr\u00e1t rozmno\u017ei\u0165 nielen v samotn\u00fdch casinov\u00fdch hr\u00e1ch, ale aj v r\u00e1mci r\u00f4znych akcii, ktor\u00e9 kas\u00edno organizuje. \u010castokr\u00e1t sa sta\u010d\u00ed z\u00fa\u010dastni\u0165 nejakej ankety \u010di splni\u0165 nejak\u00fa jednoduch\u00fa \u00falohu. A keby ste aj napokon o kredit pri\u0161li, tak v\u00e1s to a\u017e tak mrzie\u0165 nemus\u00ed \u2013 jednak ste neprehrali ani len jeden skuto\u010dn\u00fd cent a druhak v\u00e1m kas\u00edno po\u0161le \u010fal\u0161ie kredity pre pokra\u010dovanie hry.<\/p>\n<p>Hry pre z\u00e1bavu s\u00fa v\u00fdbornou mo\u017enos\u0165ou ako si jednoducho a hlavne zadarmo odsk\u00fa\u0161a\u0165 jednotliv\u00e9 hry. Docenia ho predov\u0161etk\u00fdm hr\u00e1\u010di, ktor\u00ed s kas\u00ednov\u00fdmi hrami nemaj\u00fa to\u013eko sk\u00fasenost\u00ed a nec\u00edtia sa nato\u013eko siln\u00ed, aby rovno nasko\u010dili do hier o skuto\u010dn\u00e9 peniaze. Postup k tomu zahra\u0165 si len pre z\u00e1bavu je pri tom jednoduch\u00fd \u2013 sta\u010d\u00ed si vybra\u0165 kas\u00edno, stiahnu\u0165 klienta (niektor\u00e9 kas\u00edna v\u0161ak umo\u017e\u0148uj\u00fa hra\u0165 len z prehliada\u010da), otvori\u0165 si \u00fa\u010det (niektor\u00e9 ani to nepo\u017eaduj\u00fa) a pusti\u0165 sa do hry.<\/p>\n<\/div>\n<section class=\"bannerConv border-base widgetWrapper\" data-widget-id=\"66261\" data-widget-type=\"BrandBanner-Strip_BonusOffer2\">\n<div class=\"row\">\n<div class=\"logo bg-base col-xs-12 col-sm-4 col-md-3\">\n<div class=\"WYSIWYG\">\n<h2>HRA O SKUTO\u010cN\u00c9 PENIAZE<\/h2>\n<p>Ako u\u017e n\u00e1zov napoved\u00e1, pri\u00a0<strong><a href=\"\/sk\/ako-vyhrat-peniaze\" data-track=\"\">hr\u00e1ch o skuto\u010dn\u00e9 peniaze<\/a><\/strong>\u00a0sa u\u017e o nie\u010do hr\u00e1. Rovnako ako m\u00f4\u017eete vyhra\u0165, tak aj m\u00f4\u017eete prehra\u0165 a bude z\u00e1le\u017ea\u0165 len na va\u0161om \u0161\u0165ast\u00ed a dobrej ruke, na ktorej strane sa ocitnete. Hry o skuto\u010dn\u00e9 peniaze s\u00fa ur\u010den\u00e9 u\u017e pre hr\u00e1\u010dov, ktor\u00ed jednotliv\u00e9 hry ovl\u00e1daj\u00fa na vy\u0161\u0161ej \u00farovni. Poznaj\u00fa ich pravidl\u00e1, v\u00fdplatn\u00fa \u0161trukt\u00faru \u2013 skr\u00e1tka v\u0161etko to, aby hry mohli plnohodnotne a pohodlne hra\u0165.<\/p>\n<p>Pri tomto type hier u\u017e nehr\u00e1te s kreditmi, ale so skuto\u010dn\u00fdmi peniazmi, ktor\u00e9 si predt\u00fdm mus\u00edte vlo\u017ei\u0165 na svoj hr\u00e1\u010dsky \u00fa\u010det. Dnes kas\u00edna pon\u00fakaj\u00fa \u0161irok\u00fa \u0161k\u00e1lu sp\u00f4sobov, ako si dobi\u0165 svoj \u00fa\u010det od platby kreditn\u00fdmi \u010di debetn\u00fdmi kartami a\u017e po r\u00f4zne druhy e-pe\u0148a\u017eeniek. Netreba nikdy zab\u00fada\u0165 na to, \u017ee jednotliv\u00e9 kas\u00edna pon\u00fakaj\u00fa\u00a0<strong><a href=\"\/sk\/bonus\" data-track=\"\">bonusy<\/a><\/strong>\u00a0pri prvom (niektor\u00e9 aj druhom \u010di tre\u0165om) vklade, ktor\u00e9 m\u00f4\u017eu dosahova\u0165 a\u017e stovky euro.<\/p>\n<p>Akon\u00e1hle sa rozhodnete hra\u0165 o skuto\u010dn\u00e9 peniaze, mali by ste nielen\u017ee pozna\u0165 pravidl\u00e1 hry, ale ma\u0165 aj nastaven\u00e9 pravidl\u00e1 money managmentu, teda toho, ko\u013eko m\u00f4\u017eete prehra\u0165. V\u017edy by ste mali hra\u0165 len o to\u013eko, aby ste naraz nepri\u0161li o v\u0161etko, ke\u010f\u017ee na rozdiel od hier o skuto\u010dn\u00e9 peniaze, tu kas\u00edno peniaze nevracia. Na to, aby ste teda mohli hra\u0165 o skuto\u010dn\u00e9 peniaze, potrebujete ma\u0165 sebadiscipl\u00ednu a sebakontrolu.<\/p>\n<p>K\u00fdm v pr\u00edpade hier pre z\u00e1bavu hr\u00e1te bez rizika prehry, no i bez \u0161ance na v\u00fdhru, pri opa\u010dnom type hier, o skuto\u010dn\u00e9 peniaze, m\u00f4\u017eete vyhra\u0165 doslova mili\u00f3ny. V\u00a0<strong><a href=\"\/sk\/hracie-automaty\/progresivne-jackpoty\" data-track=\"\">hr\u00e1ch s progres\u00edvnymi jackpotmi<\/a><\/strong>\u00a0sa to\u010dia stovky tis\u00edc a\u017e mili\u00f3ny euro a jedno zato\u010denie v\u00e1m tak m\u00f4\u017ee zmeni\u0165 \u017eivot. Preto aj vzru\u0161enie, ktor\u00e9 prich\u00e1dza pri hr\u00e1ch so skuto\u010dn\u00fdmi peniazmi je nielen in\u00e9, ale aj intenz\u00edvnej\u0161ie, ne\u017e len, ke\u010f hr\u00e1te s kreditmi alebo in\u00fdm druhom fikt\u00edvnych pe\u0148az\u00ed.<\/p>\n<p>Pri hr\u00e1ch o skuto\u010dn\u00e9 peniaze u\u017e, pochopite\u013ene, mus\u00edte ma\u0165 zalo\u017een\u00fd v danom kas\u00edne hr\u00e1\u010dsky \u00fa\u010det. Pri jeho vytv\u00e1ran\u00ed mus\u00edte \u010dastokr\u00e1t zazna\u010di\u0165, \u017ee m\u00e1te z\u00e1ujem o hru o skuto\u010dn\u00e9 peniaze. Kas\u00edno v\u00e1s vyzve k tomu, aby ste si vybrali z niektorej z mo\u017enost\u00ed pre vklad a akon\u00e1hle tento vklad prejde, m\u00f4\u017eete sa pusti\u0165 do hry o skuto\u010dn\u00e9 peniaze. T\u00e1 prebieha prostredn\u00edctvom klienta, ktor\u00e9ho si predt\u00fdm stiahnete do po\u010d\u00edta\u010da alebo prostredn\u00edctvom prehliada\u010da.<\/p>\n<p>Predt\u00fdm, ne\u017e si ku hre o peniaze vyberiete niektor\u00e9 kas\u00edno, v\u017edy si skontrolujte to, \u010di m\u00e1 licenciu pre pon\u00fakanie tak\u00fdchto oper\u00e1cii a \u010di m\u00e1 nejak\u00e9ho regul\u00e1tora, ktor\u00fd dohliada na jeho \u010dinnos\u0165. Pokia\u013e nem\u00e1, mali by ste dobre zv\u00e1\u017ei\u0165 mo\u017enos\u0165 toho, \u010di v casine budete hra\u0165, ke\u010f\u017ee va\u0161e peniaze by tu nemuseli by\u0165 v bezpe\u010d\u00ed. M\u00f4\u017eeme v\u00e1s v\u0161ak upokoji\u0165, v\u0161etky ve\u013ek\u00e9 a zn\u00e1me online casina maj\u00fa licenciu a dohliada na nich aj regula\u010dn\u00fd org\u00e1n.<\/p>\n<p>Skontrolujte si tie\u017e to, ak\u00fa m\u00e1 kas\u00edno z\u00e1kazn\u00edcku podporu, \u010di ju poskytuje pr\u00edpadne aj v slovenskom jazyku, respekt\u00edve i to, \u010di hry, ktor\u00e9 pon\u00faka s\u00fa kompatibiln\u00e9 s va\u0161im opera\u010dn\u00fdm syst\u00e9mom. No a predov\u0161etk\u00fdm, skontrolujte si to, ak\u00e9 hry o skuto\u010dn\u00e9 peniaze online casino pon\u00faka, aby sa nestalo, \u017ee tieto hry bud\u00fa mimo v\u00e1\u0161 finan\u010dn\u00fd rozpo\u010det. Dnes v\u0161ak v\u00e4\u010d\u0161ina kas\u00edn mysl\u00ed ako na\u00a0<a href=\"\/sk\/high-roller-hraci\" data-track=\"\"><strong>high roller hr\u00e1\u010dov<\/strong><\/a>, tak aj na t\u00fdch, ktor\u00ed chc\u00fa hra\u0165 len o mal\u00e9 peniaze.<\/p>\n<h2>KEDY HRA\u0164 \u010cO<\/h2>\n<p>Online casina sa sna\u017eia o to, aby hry o skuto\u010dn\u00e9 a fikt\u00edvne peniaze boli podobn\u00e9. Preto aj v\u00fdplatn\u00e1 \u0161trukt\u00fara a st\u00e1vkov\u00e9 po\u017eiadavky b\u00fdvaj\u00fa \u010dastokr\u00e1t toto\u017en\u00e9 v oboch hern\u00fdch m\u00f3doch. Hoci v\u00e1m niektor\u00ed bud\u00fa tvrdi\u0165, \u017ee v hr\u00e1ch o fikt\u00edvne peniaze s\u00fa kas\u00edna viac naklonen\u00e9 hr\u00e1\u010dom v tom, \u017ee im umo\u017e\u0148uj\u00fa \u010dastej\u0161ie vyhr\u00e1va\u0165, tak neverte im, nie je tomu tak. Va\u0161e \u0161ance na v\u00fdhru s\u00fa v oboch m\u00f3doch \u00faplne toto\u017en\u00e9.<\/p>\n<p>Fun play (hra pre z\u00e1bavu) by malo by\u0165 nie\u010do, s \u010d\u00edm by ste mali za\u010d\u00edna\u0165, ak ste v online casinov\u00fdch hr\u00e1ch len za\u010diato\u010dn\u00edkom. Z\u00edskanie hernej praxe a nabratie potrebnej istoty dozaista z\u00faro\u010d\u00edte nesk\u00f4r, ke\u010f sa rozhodnete hra\u0165 o skuto\u010dn\u00e9 peniaze. Majte v\u017edy na pam\u00e4ti, \u017ee nie je hanba hra\u0165 tak\u00e9to hry. Ve\u013ea \u00faspe\u0161n\u00fdch casinov\u00fdch hr\u00e1\u010dov za\u010d\u00ednalo pri t\u00fdchto hr\u00e1ch. Rovnako nie je hanba hra\u0165 tieto hry dlhodobo \u2013 nie ka\u017ed\u00fd hr\u00e1\u010d je toti\u017e stvoren\u00fd k tomu riskova\u0165 peniaze.<\/p>\n<p>S\u00fa hr\u00e1\u010di a nie je ich m\u00e1lo, ktor\u00ed hraj\u00fa len pre pote\u0161enie z hry. Namiesto toho, aby riskovali \u010do i len cent z vlastnej pe\u0148a\u017eenky, sa raduj\u00fa z ka\u017edej v\u00fdhry a ke\u010f n\u00e1hodou prehraj\u00fa, to\u013eko nesm\u00fatia, ke\u010f\u017ee vlastne ni\u010d neprehrali. Potom s\u00fa tu v\u0161ak aj in\u00ed hr\u00e1\u010di, t\u00ed, ktor\u00fdm rados\u0165 z hry nesta\u010d\u00ed a chc\u00fa aj vyhr\u00e1va\u0165. Oba druhy hr\u00e1\u010dov by v\u0161ak mali napredova\u0165 postupne a prv\u00fdm krokom je hra pre z\u00e1bavu. Tu si osvoja pravidl\u00e1 a nadobudn\u00fa istotu.<\/p>\n<p>A ke\u010f sa na to bud\u00fa c\u00edti\u0165, ni\u010d a nikto im nebude br\u00e1ni\u0165 k tomu, aby sa presunuli k hr\u00e1m, kde z nich ka\u017ed\u00e1 hra m\u00f4\u017ee urobi\u0165 milion\u00e1ra.<\/p>\n<\/div>\n<\/div>\n<\/div>\n<\/section>\n<\/div>\n<p>&nbsp;<\/p>\n<\/div>\n<\/div>\n<\/div>\n<\/div>\n<\/div><\/div><\/div><\/div><\/div><\/div><\/div><\/section>\n","protected":false},"excerpt":{"rendered":"HRA PRE Z\u00c1BAVU ALEBO SKUTO\u010cN\u00c9 PENIAZE To, \u010do odli\u0161uje tie najlep\u0161ie online casina od t\u00fdch len priemern\u00fdch je to, \u017ee pon\u00fakaj\u00fa hr\u00e1\u010dom rozli\u010dn\u00e9 typy hier v z\u00e1vislosti od ich finan\u010dn\u00fdch mo\u017enost\u00ed a preferencii. Je samozrejm\u00e9, \u017ee nie ka\u017ed\u00fd hr\u00e1\u010d je pripraven\u00fd hne\u010f hra\u0165 hry o skuto\u010dn\u00e9 peniaze, rovnako tak je samozrejm\u00e9, \u017ee s\u00fa hr\u00e1\u010di, ktor\u00ed...","protected":false},"author":1,"featured_media":0,"parent":0,"menu_order":0,"comment_status":"closed","ping_status":"closed","template":"","meta":{"_acf_changed":false,"footnotes":""},"class_list":["post-2539","page","type-page","status-publish","hentry"],"acf":[],"rankMath":{"parentDomain":"onlinebettingspace.com","noFollowDomains":[],"noFollowExcludeDomains":[],"noFollowExternalLinks":false,"featuredImageNotice":"The featured image should be at least 200 by 200 pixels to be picked up by Facebook and other social media sites.","pluginReviewed":true,"postSettings":{"linkSuggestions":true,"useFocusKeyword":false},"frontEndScore":false,"postName":"hra-pre-zabavu-alebo-skutocne-peniaze","permalinkFormat":"https:\/\/onlinebettingspace.com\/sk\/%pagename%\/","showLockModifiedDate":true,"assessor":{"focusKeywordLink":"https:\/\/onlinebettingspace.com\/wp-admin\/edit.php?focus_keyword=%focus_keyword%&post_type=%post_type%","hasTOCPlugin":false,"primaryTaxonomy":false,"serpData":{"title":"Hra pre z\u00e1bavu a hra o skuto\u010dn\u00e9 peniaze v online casine","description":"Online casina pon\u00fakaj\u00fa dve formy hry \u2013 hry pre z\u00e1bavu a hry o skuto\u010dn\u00e9 peniaze. V \u010dom s\u00fa si podobn\u00e9 a v \u010dom sa l\u00ed\u0161ia? A \u010do by ste mali kedy hra\u0165?","focusKeywords":"","pillarContent":false,"canonicalUrl":"","breadcrumbTitle":"","advancedRobots":[],"facebookTitle":"","facebookDescription":"","facebookImage":"","facebookImageID":"","facebookHasOverlay":false,"facebookImageOverlay":"","facebookAuthor":"","twitterCardType":"","twitterUseFacebook":true,"twitterTitle":"","twitterDescription":"","twitterImage":"","twitterImageID":"","twitterHasOverlay":false,"twitterImageOverlay":"","twitterPlayerUrl":"","twitterPlayerSize":"","twitterPlayerStream":"","twitterPlayerStreamCtype":"","twitterAppDescription":"","twitterAppIphoneName":"","twitterAppIphoneID":"","twitterAppIphoneUrl":"","twitterAppIpadName":"","twitterAppIpadID":"","twitterAppIpadUrl":"","twitterAppGoogleplayName":"","twitterAppGoogleplayID":"","twitterAppGoogleplayUrl":"","twitterAppCountry":"","robots":{"index":true},"twitterAuthor":"username","primaryTerm":0,"authorName":"OBSAdmin","titleTemplate":"%title% %sep% %sitename%","descriptionTemplate":"%excerpt%","showScoreFrontend":true,"lockModifiedDate":false},"powerWords":[],"diacritics":{"A":"[\\u0041\\u24B6\\uFF21\\u00C0\\u00C1\\u00C2\\u1EA6\\u1EA4\\u1EAA\\u1EA8\\u00C3\\u0100\\u0102\\u1EB0\\u1EAE\\u1EB4\\u1EB2\\u0226\\u01E0\\u00C4\\u01DE\\u1EA2\\u00C5\\u01FA\\u01CD\\u0200\\u0202\\u1EA0\\u1EAC\\u1EB6\\u1E00\\u0104\\u023A\\u2C6F]","AA":"[\\uA732]","AE":"[\\u00C6\\u01FC\\u01E2]","AO":"[\\uA734]","AU":"[\\uA736]","AV":"[\\uA738\\uA73A]","AY":"[\\uA73C]","B":"[\\u0042\\u24B7\\uFF22\\u1E02\\u1E04\\u1E06\\u0243\\u0182\\u0181]","C":"[\\u0043\\u24B8\\uFF23\\u0106\\u0108\\u010A\\u010C\\u00C7\\u1E08\\u0187\\u023B\\uA73E]","D":"[\\u0044\\u24B9\\uFF24\\u1E0A\\u010E\\u1E0C\\u1E10\\u1E12\\u1E0E\\u0110\\u018B\\u018A\\u0189\\uA779]","DZ":"[\\u01F1\\u01C4]","Dz":"[\\u01F2\\u01C5]","E":"[\\u0045\\u24BA\\uFF25\\u00C8\\u00C9\\u00CA\\u1EC0\\u1EBE\\u1EC4\\u1EC2\\u1EBC\\u0112\\u1E14\\u1E16\\u0114\\u0116\\u00CB\\u1EBA\\u011A\\u0204\\u0206\\u1EB8\\u1EC6\\u0228\\u1E1C\\u0118\\u1E18\\u1E1A\\u0190\\u018E]","F":"[\\u0046\\u24BB\\uFF26\\u1E1E\\u0191\\uA77B]","G":"[\\u0047\\u24BC\\uFF27\\u01F4\\u011C\\u1E20\\u011E\\u0120\\u01E6\\u0122\\u01E4\\u0193\\uA7A0\\uA77D\\uA77E]","H":"[\\u0048\\u24BD\\uFF28\\u0124\\u1E22\\u1E26\\u021E\\u1E24\\u1E28\\u1E2A\\u0126\\u2C67\\u2C75\\uA78D]","I":"[\\u0049\\u24BE\\uFF29\\u00CC\\u00CD\\u00CE\\u0128\\u012A\\u012C\\u0130\\u00CF\\u1E2E\\u1EC8\\u01CF\\u0208\\u020A\\u1ECA\\u012E\\u1E2C\\u0197]","J":"[\\u004A\\u24BF\\uFF2A\\u0134\\u0248]","K":"[\\u004B\\u24C0\\uFF2B\\u1E30\\u01E8\\u1E32\\u0136\\u1E34\\u0198\\u2C69\\uA740\\uA742\\uA744\\uA7A2]","L":"[\\u004C\\u24C1\\uFF2C\\u013F\\u0139\\u013D\\u1E36\\u1E38\\u013B\\u1E3C\\u1E3A\\u0141\\u023D\\u2C62\\u2C60\\uA748\\uA746\\uA780]","LJ":"[\\u01C7]","Lj":"[\\u01C8]","M":"[\\u004D\\u24C2\\uFF2D\\u1E3E\\u1E40\\u1E42\\u2C6E\\u019C]","N":"[\\u004E\\u24C3\\uFF2E\\u01F8\\u0143\\u00D1\\u1E44\\u0147\\u1E46\\u0145\\u1E4A\\u1E48\\u0220\\u019D\\uA790\\uA7A4]","NJ":"[\\u01CA]","Nj":"[\\u01CB]","O":"[\\u004F\\u24C4\\uFF2F\\u00D2\\u00D3\\u00D4\\u1ED2\\u1ED0\\u1ED6\\u1ED4\\u00D5\\u1E4C\\u022C\\u1E4E\\u014C\\u1E50\\u1E52\\u014E\\u022E\\u0230\\u00D6\\u022A\\u1ECE\\u0150\\u01D1\\u020C\\u020E\\u01A0\\u1EDC\\u1EDA\\u1EE0\\u1EDE\\u1EE2\\u1ECC\\u1ED8\\u01EA\\u01EC\\u00D8\\u01FE\\u0186\\u019F\\uA74A\\uA74C]","OI":"[\\u01A2]","OO":"[\\uA74E]","OU":"[\\u0222]","P":"[\\u0050\\u24C5\\uFF30\\u1E54\\u1E56\\u01A4\\u2C63\\uA750\\uA752\\uA754]","Q":"[\\u0051\\u24C6\\uFF31\\uA756\\uA758\\u024A]","R":"[\\u0052\\u24C7\\uFF32\\u0154\\u1E58\\u0158\\u0210\\u0212\\u1E5A\\u1E5C\\u0156\\u1E5E\\u024C\\u2C64\\uA75A\\uA7A6\\uA782]","S":"[\\u0053\\u24C8\\uFF33\\u1E9E\\u015A\\u1E64\\u015C\\u1E60\\u0160\\u1E66\\u1E62\\u1E68\\u0218\\u015E\\u2C7E\\uA7A8\\uA784]","T":"[\\u0054\\u24C9\\uFF34\\u1E6A\\u0164\\u1E6C\\u021A\\u0162\\u1E70\\u1E6E\\u0166\\u01AC\\u01AE\\u023E\\uA786]","TZ":"[\\uA728]","U":"[\\u0055\\u24CA\\uFF35\\u00D9\\u00DA\\u00DB\\u0168\\u1E78\\u016A\\u1E7A\\u016C\\u00DC\\u01DB\\u01D7\\u01D5\\u01D9\\u1EE6\\u016E\\u0170\\u01D3\\u0214\\u0216\\u01AF\\u1EEA\\u1EE8\\u1EEE\\u1EEC\\u1EF0\\u1EE4\\u1E72\\u0172\\u1E76\\u1E74\\u0244]","V":"[\\u0056\\u24CB\\uFF36\\u1E7C\\u1E7E\\u01B2\\uA75E\\u0245]","VY":"[\\uA760]","W":"[\\u0057\\u24CC\\uFF37\\u1E80\\u1E82\\u0174\\u1E86\\u1E84\\u1E88\\u2C72]","X":"[\\u0058\\u24CD\\uFF38\\u1E8A\\u1E8C]","Y":"[\\u0059\\u24CE\\uFF39\\u1EF2\\u00DD\\u0176\\u1EF8\\u0232\\u1E8E\\u0178\\u1EF6\\u1EF4\\u01B3\\u024E\\u1EFE]","Z":"[\\u005A\\u24CF\\uFF3A\\u0179\\u1E90\\u017B\\u017D\\u1E92\\u1E94\\u01B5\\u0224\\u2C7F\\u2C6B\\uA762]","a":"[\\u0061\\u24D0\\uFF41\\u1E9A\\u00E0\\u00E1\\u00E2\\u1EA7\\u1EA5\\u1EAB\\u1EA9\\u00E3\\u0101\\u0103\\u1EB1\\u1EAF\\u1EB5\\u1EB3\\u0227\\u01E1\\u00E4\\u01DF\\u1EA3\\u00E5\\u01FB\\u01CE\\u0201\\u0203\\u1EA1\\u1EAD\\u1EB7\\u1E01\\u0105\\u2C65\\u0250]","aa":"[\\uA733]","ae":"[\\u00E6\\u01FD\\u01E3]","ao":"[\\uA735]","au":"[\\uA737]","av":"[\\uA739\\uA73B]","ay":"[\\uA73D]","b":"[\\u0062\\u24D1\\uFF42\\u1E03\\u1E05\\u1E07\\u0180\\u0183\\u0253]","c":"[\\u0063\\u24D2\\uFF43\\u0107\\u0109\\u010B\\u010D\\u00E7\\u1E09\\u0188\\u023C\\uA73F\\u2184]","d":"[\\u0064\\u24D3\\uFF44\\u1E0B\\u010F\\u1E0D\\u1E11\\u1E13\\u1E0F\\u0111\\u018C\\u0256\\u0257\\uA77A]","dz":"[\\u01F3\\u01C6]","e":"[\\u0065\\u24D4\\uFF45\\u00E8\\u00E9\\u00EA\\u1EC1\\u1EBF\\u1EC5\\u1EC3\\u1EBD\\u0113\\u1E15\\u1E17\\u0115\\u0117\\u00EB\\u1EBB\\u011B\\u0205\\u0207\\u1EB9\\u1EC7\\u0229\\u1E1D\\u0119\\u1E19\\u1E1B\\u0247\\u025B\\u01DD]","f":"[\\u0066\\u24D5\\uFF46\\u1E1F\\u0192\\uA77C]","g":"[\\u0067\\u24D6\\uFF47\\u01F5\\u011D\\u1E21\\u011F\\u0121\\u01E7\\u0123\\u01E5\\u0260\\uA7A1\\u1D79\\uA77F]","h":"[\\u0068\\u24D7\\uFF48\\u0125\\u1E23\\u1E27\\u021F\\u1E25\\u1E29\\u1E2B\\u1E96\\u0127\\u2C68\\u2C76\\u0265]","hv":"[\\u0195]","i":"[\\u0069\\u24D8\\uFF49\\u00EC\\u00ED\\u00EE\\u0129\\u012B\\u012D\\u00EF\\u1E2F\\u1EC9\\u01D0\\u0209\\u020B\\u1ECB\\u012F\\u1E2D\\u0268\\u0131]","j":"[\\u006A\\u24D9\\uFF4A\\u0135\\u01F0\\u0249]","k":"[\\u006B\\u24DA\\uFF4B\\u1E31\\u01E9\\u1E33\\u0137\\u1E35\\u0199\\u2C6A\\uA741\\uA743\\uA745\\uA7A3]","l":"[\\u006C\\u24DB\\uFF4C\\u0140\\u013A\\u013E\\u1E37\\u1E39\\u013C\\u1E3D\\u1E3B\\u017F\\u0142\\u019A\\u026B\\u2C61\\uA749\\uA781\\uA747]","lj":"[\\u01C9]","m":"[\\u006D\\u24DC\\uFF4D\\u1E3F\\u1E41\\u1E43\\u0271\\u026F]","n":"[\\u006E\\u24DD\\uFF4E\\u01F9\\u0144\\u00F1\\u1E45\\u0148\\u1E47\\u0146\\u1E4B\\u1E49\\u019E\\u0272\\u0149\\uA791\\uA7A5]","nj":"[\\u01CC]","o":"[\\u006F\\u24DE\\uFF4F\\u00F2\\u00F3\\u00F4\\u1ED3\\u1ED1\\u1ED7\\u1ED5\\u00F5\\u1E4D\\u022D\\u1E4F\\u014D\\u1E51\\u1E53\\u014F\\u022F\\u0231\\u00F6\\u022B\\u1ECF\\u0151\\u01D2\\u020D\\u020F\\u01A1\\u1EDD\\u1EDB\\u1EE1\\u1EDF\\u1EE3\\u1ECD\\u1ED9\\u01EB\\u01ED\\u00F8\\u01FF\\u0254\\uA74B\\uA74D\\u0275]","oi":"[\\u01A3]","ou":"[\\u0223]","oo":"[\\uA74F]","p":"[\\u0070\\u24DF\\uFF50\\u1E55\\u1E57\\u01A5\\u1D7D\\uA751\\uA753\\uA755]","q":"[\\u0071\\u24E0\\uFF51\\u024B\\uA757\\uA759]","r":"[\\u0072\\u24E1\\uFF52\\u0155\\u1E59\\u0159\\u0211\\u0213\\u1E5B\\u1E5D\\u0157\\u1E5F\\u024D\\u027D\\uA75B\\uA7A7\\uA783]","s":"[\\u0073\\u24E2\\uFF53\\u015B\\u1E65\\u015D\\u1E61\\u0161\\u1E67\\u1E63\\u1E69\\u0219\\u015F\\u023F\\uA7A9\\uA785\\u1E9B]","ss":"[\\u00DF]","t":"[\\u0074\\u24E3\\uFF54\\u1E6B\\u1E97\\u0165\\u1E6D\\u021B\\u0163\\u1E71\\u1E6F\\u0167\\u01AD\\u0288\\u2C66\\uA787]","tz":"[\\uA729]","u":"[\\u0075\\u24E4\\uFF55\\u00F9\\u00FA\\u00FB\\u0169\\u1E79\\u016B\\u1E7B\\u016D\\u00FC\\u01DC\\u01D8\\u01D6\\u01DA\\u1EE7\\u016F\\u0171\\u01D4\\u0215\\u0217\\u01B0\\u1EEB\\u1EE9\\u1EEF\\u1EED\\u1EF1\\u1EE5\\u1E73\\u0173\\u1E77\\u1E75\\u0289]","v":"[\\u0076\\u24E5\\uFF56\\u1E7D\\u1E7F\\u028B\\uA75F\\u028C]","vy":"[\\uA761]","w":"[\\u0077\\u24E6\\uFF57\\u1E81\\u1E83\\u0175\\u1E87\\u1E85\\u1E98\\u1E89\\u2C73]","x":"[\\u0078\\u24E7\\uFF58\\u1E8B\\u1E8D]","y":"[\\u0079\\u24E8\\uFF59\\u1EF3\\u00FD\\u0177\\u1EF9\\u0233\\u1E8F\\u00FF\\u1EF7\\u1E99\\u1EF5\\u01B4\\u024F\\u1EFF]","z":"[\\u007A\\u24E9\\uFF5A\\u017A\\u1E91\\u017C\\u017E\\u1E93\\u1E95\\u01B6\\u0225\\u0240\\u2C6C\\uA763]"},"researchesTests":["contentHasTOC","contentHasShortParagraphs","contentHasAssets","keywordInTitle","keywordInMetaDescription","keywordInPermalink","keywordIn10Percent","keywordInContent","keywordInSubheadings","keywordInImageAlt","keywordDensity","keywordNotUsed","lengthContent","lengthPermalink","linksHasInternal","linksHasExternals","linksNotAllExternals","titleStartWithKeyword","titleSentiment","titleHasPowerWords","titleHasNumber","hasContentAI"],"hasRedirection":true,"hasBreadcrumb":false},"homeUrl":"https:\/\/onlinebettingspace.com\/sk\/","objectID":2539,"objectType":"post","locale":"sk","localeFull":"sk_SK","overlayImages":{"play":{"name":"Play icon","url":"https:\/\/onlinebettingspace.com\/wp-content\/plugins\/seo-by-rank-math\/assets\/admin\/img\/icon-play.png","path":"\/home\/SuperAdmin\/web\/onlinebettingspace.com\/public_html\/wp-content\/plugins\/seo-by-rank-math\/assets\/admin\/img\/icon-play.png","position":"middle_center"},"gif":{"name":"GIF icon","url":"https:\/\/onlinebettingspace.com\/wp-content\/plugins\/seo-by-rank-math\/assets\/admin\/img\/icon-gif.png","path":"\/home\/SuperAdmin\/web\/onlinebettingspace.com\/public_html\/wp-content\/plugins\/seo-by-rank-math\/assets\/admin\/img\/icon-gif.png","position":"middle_center"}},"defautOgImage":"https:\/\/onlinebettingspace.com\/wp-content\/uploads\/2022\/04\/OBS-FULL-LOGO.webp","customPermalinks":true,"isUserRegistered":true,"autoSuggestKeywords":true,"connectSiteUrl":"https:\/\/rankmath.com\/auth?site=https%3A%2F%2Fonlinebettingspace.com%2Fsk%2F&r=https%3A%2F%2Fonlinebettingspace.com%2Fsk%2Fwp-json%2Fwp%2Fv2%2Fpages%2F2539%3Fnonce%3D205ba9d1fe","maxTags":5,"trendsIcon":"<svg viewBox=\"0 0 610 610\"><path d=\"M18.85,446,174.32,290.48l58.08,58.08L76.93,504a14.54,14.54,0,0,1-20.55,0L18.83,466.48a14.54,14.54,0,0,1,0-20.55Z\" style=\"fill:#4285f4\"\/><path d=\"M242.65,242.66,377.59,377.6l-47.75,47.75a14.54,14.54,0,0,1-20.55,0L174.37,290.43l47.75-47.75A14.52,14.52,0,0,1,242.65,242.66Z\" style=\"fill:#ea4335\"\/><polygon points=\"319.53 319.53 479.26 159.8 537.34 217.88 377.61 377.62 319.53 319.53\" style=\"fill:#fabb05\"\/><path d=\"M594.26,262.73V118.61h0a16.94,16.94,0,0,0-16.94-16.94H433.2a16.94,16.94,0,0,0-12,28.92L565.34,274.71h0a16.94,16.94,0,0,0,28.92-12Z\" style=\"fill:#34a853\"\/><rect width=\"610\" height=\"610\" style=\"fill:none\"\/><\/svg>","showScore":true,"siteFavIcon":"https:\/\/onlinebettingspace.com\/wp-content\/uploads\/2022\/04\/OBS-LOGO-1.webp","canUser":{"general":false,"advanced":false,"snippet":false,"social":false,"analysis":false,"analytics":false,"content_ai":false},"showKeywordIntent":true,"isPro":false,"is_front_page":false,"trendsUpgradeLink":"https:\/\/rankmath.com\/pricing\/?utm_source=Plugin&utm_medium=CE%20General%20Tab%20Trends&utm_campaign=WP","trendsUpgradeLabel":"Upgrade","trendsPreviewImage":"https:\/\/onlinebettingspace.com\/wp-content\/plugins\/seo-by-rank-math\/assets\/admin\/img\/trends-preview.jpg","currentEditor":false,"homepageData":{"assessor":{"powerWords":[],"diacritics":true,"researchesTests":["contentHasTOC","contentHasShortParagraphs","contentHasAssets","keywordInTitle","keywordInMetaDescription","keywordInPermalink","keywordIn10Percent","keywordInContent","keywordInSubheadings","keywordInImageAlt","keywordDensity","keywordNotUsed","lengthContent","lengthPermalink","linksHasInternal","linksHasExternals","linksNotAllExternals","titleStartWithKeyword","titleSentiment","titleHasPowerWords","titleHasNumber","hasContentAI"],"hasBreadcrumb":false,"serpData":{"title":"%sitename% %page% %sep% %sitedesc%","description":"","titleTemplate":"%sitename% %page% %sep% %sitedesc%","descriptionTemplate":"","focusKeywords":"","breadcrumbTitle":"Home","robots":{"index":true},"advancedRobots":[],"facebookTitle":"","facebookDescription":"","facebookImage":"","facebookImageID":""}}},"tocTitle":"Table of Contents","tocExcludeHeadings":[],"listStyle":"ul"},"_links":{"self":[{"href":"https:\/\/onlinebettingspace.com\/sk\/wp-json\/wp\/v2\/pages\/2539","targetHints":{"allow":["GET"]}}],"collection":[{"href":"https:\/\/onlinebettingspace.com\/sk\/wp-json\/wp\/v2\/pages"}],"about":[{"href":"https:\/\/onlinebettingspace.com\/sk\/wp-json\/wp\/v2\/types\/page"}],"author":[{"embeddable":true,"href":"https:\/\/onlinebettingspace.com\/sk\/wp-json\/wp\/v2\/users\/1"}],"replies":[{"embeddable":true,"href":"https:\/\/onlinebettingspace.com\/sk\/wp-json\/wp\/v2\/comments?post=2539"}],"version-history":[{"count":0,"href":"https:\/\/onlinebettingspace.com\/sk\/wp-json\/wp\/v2\/pages\/2539\/revisions"}],"wp:attachment":[{"href":"https:\/\/onlinebettingspace.com\/sk\/wp-json\/wp\/v2\/media?parent=2539"}],"curies":[{"name":"wp","href":"https:\/\/api.w.org\/{rel}","templated":true}]}}