{"id":2530,"date":"2022-08-19T13:24:53","date_gmt":"2022-08-19T10:24:53","guid":{"rendered":"https:\/\/onlinebettingspace.com\/?page_id=2530"},"modified":"2022-08-19T13:24:53","modified_gmt":"2022-08-19T10:24:53","slug":"starburst","status":"publish","type":"page","link":"https:\/\/onlinebettingspace.com\/sk\/hracie-automaty\/starburst\/","title":{"rendered":"STARBURST"},"content":{"rendered":"<section class=\"l-section wpb_row height_medium\"><div class=\"l-section-h i-cf\"><div class=\"g-cols vc_row via_flex valign_top type_default stacking_default\"><div class=\"vc_col-sm-12 wpb_column vc_column_container\"><div class=\"vc_column-inner\"><div class=\"wpb_wrapper\"><div class=\"wpb_text_column\"><div class=\"wpb_wrapper\"><div class=\"col-xs-12 col-sm-8 col-md-9 sp\">\n<div class=\"intro WYSIWYG\">\n<h1>STARBURST<\/h1>\n<p>Kto by nemal r\u00e1d cukr\u00edky a\u00a0tie\u017e retro m\u00f3du z\u00a0osemdesiatych rokov? My tieto dve veci skuto\u010dne milujeme a\u00a0preto\u00a0<strong>automaty Starburst<\/strong> s\u00fa pre n\u00e1s jedny z\u00a0najl\u00e1kavej\u0161\u00edch automatov, ktor\u00e9 sa v\u00a0s\u00fa\u010dasnosti nach\u00e1dzaj\u00fa na kas\u00ednovom trhu.<\/p>\n<div>\n<div class=\"readMore\">\n<p>Preh\u013eadn\u00fd, \u017eiariaci a\u00a0trblietaj\u00faci sa automat\u00a0<strong>s<\/strong>\u00a0<strong>piatimi valcami\u00a0<\/strong>a\u00a0desiatimi v\u00fdhern\u00fdmi l\u00edniami, ktor\u00fd v\u00e1m pom\u00f4\u017ee si pripomen\u00fa\u0165, \u017ee automaty s\u00fa jednoduch\u00e1, no pritom fascinuj\u00faca z\u00e1bava pre ka\u017ed\u00e9ho! Pokia\u013e ste automat Starburst e\u0161te nevysk\u00fa\u0161ali, tak to ur\u010dite r\u00fdchlo napravte. Vyberte si jedno z\u00a0t\u00fdchto\u00a0<strong>eur\u00f3pskych online kas\u00edn<\/strong>, ktor\u00e9 odpor\u00fa\u010dame na na\u0161ej str\u00e1nke, preto\u017ee v t\u00fdchto casinach n\u00e1jdete automat Starburst online.<\/p>\n<\/div>\n<\/div>\n<\/div>\n<\/div>\n<div class=\"col-xs-12 col-sm-12 col-md-9 sp pull-right\">\n<div class=\"WYSIWYG\">\n<h2>STARTBURST ONLINE A\u00a0JEHO PRAVIDL\u00c1<\/h2>\n<p>Ako ste u\u017e mohli zaregistrova\u0165 v\u00a0predch\u00e1dzaj\u00facich riadkoch, tak Starburst je be\u017en\u00fd\u00a0<a href=\"\/sk\/hracie-automaty\" data-track=\"\"><strong>5-valcov\u00fd automat<\/strong><\/a>. Po\u010det\u00a0<strong>v\u00fdhern\u00fdch l\u00edni\u00ed je 10<\/strong>, av\u0161ak je tu jedna zvl\u00e1\u0161tnos\u0165, ktor\u00e1 rob\u00ed tento automat skuto\u010dne zauj\u00edmav\u00fdm a\u00a0vyh\u013ead\u00e1van\u00fdm v\u00a0komunite kas\u00ednov\u00fdch hr\u00e1\u010dov. V\u00a0Starburste sa r\u00e1taj\u00fa v\u00fdhern\u00e9 kombin\u00e1cie\u00a0<strong>z\u013eava doprava ale aj sprava do\u013eava!<\/strong>\u00a0Svoj\u00edm sp\u00f4sobom m\u00f4\u017eeme teda tvrdi\u0165, \u017ee pri tomto automate je v\u00fdhern\u00fdch l\u00edni\u00ed a\u017e dvadsa\u0165, preto\u017ee ka\u017ed\u00e1 jedna l\u00ednia obsahuje dve mo\u017enosti, ako sa na nej d\u00e1 vyhra\u0165.<\/p>\n<p>Sumy, za ktor\u00e9 si v\u00a0tomto automate m\u00f4\u017eete k\u00fapi\u0165 mincu sa pohybuj\u00fa\u00a0<strong>od 1 centa po \u20ac1<\/strong>. Preto minim\u00e1lna st\u00e1vka je \u20ac0.01 (jeden cent vlo\u017een\u00fd na jednu v\u00fdhern\u00fa l\u00edniu) a\u00a0maxim\u00e1lna st\u00e1vka, ktor\u00e1 sa d\u00e1 po\u010das hrania spravi\u0165 je \u20ac100, preto\u017ee na jednu l\u00edniu mo\u017eno vsadi\u0165 a\u017e desa\u0165 minc\u00ed. Startburst je preto vhodn\u00fd pre ka\u017ed\u00e9ho hr\u00e1\u010da \u2013 aj pre t\u00fdch, ktor\u00ed rad\u0161ej st\u00e1vkuj\u00fa s\u00a0relat\u00edvne mal\u00fdmi sumami, no aj pre hr\u00e1\u010dov, ktor\u00ed si radi vyhodia z\u00a0kop\u00fdtka a\u00a0maj\u00fa na to, aby do automatu\u00a0<strong>nah\u00e1dzali ve\u013ek\u00e9 sumy<\/strong>.<\/p>\n<h2>PRETO\u010cENIE ZDARMA NA STARBURSTE<\/h2>\n<p><strong><a href=\"\/sk\/hracie-automaty\/pretocenie-zdarma\" data-track=\"\">Free spins<\/a><\/strong>\u00a0je d\u00f4vod, pre\u010do hr\u00e1\u010di preferuj\u00fa Starburst automat pred in\u00fdmi automatmi, ktor\u00e9 tie\u017e nemaj\u00fa progres\u00edvny jackpot a\u00a0ich hlavnou v\u00fdhodou s\u00fa r\u00f4zne\u00a0<strong>bonusov\u00e9 kol\u00e1<\/strong>\u00a0a\u00a0free spiny. Preto\u010denie zdarma na tomto automate z\u00edskate v\u00a0pr\u00edpade, ak sa v\u00e1m na stredn\u00fdch valcoch objavia\u00a0<strong>wild symboly<\/strong>. N\u00e1sledne si m\u00f4\u017eete 3-kr\u00e1t zato\u010di\u0165 automatom zdarma. Po\u010das t\u00fdchto preto\u010den\u00ed ost\u00e1vaj\u00fa wild symboly na svojom mieste a\u00a0vy tak m\u00e1te \u0161ancu vyhra\u0165 \u00fa\u017easn\u00e9 v\u00fdhry.<\/p>\n<p>Wild symboly v\u00a0Starburste maj\u00fa ve\u013emi \u0161peci\u00e1lnu a\u00a0vlastnos\u0165 a\u00a0to konkr\u00e9tne to, \u017ee sa\u00a0<strong>roztiahnu<\/strong>\u00a0na v\u0161etky stredn\u00e9 valce. To znamen\u00e1, \u017ee valec 2, 3 a\u00a04 je kompletne pokryt\u00fd wild symbolom. Ak n\u00e1hodou neviete, \u010do je wild symbol, tak v\u00e1m to v\u00a0r\u00fdchlosti vysvetl\u00edme \u2013 je to symbol, ktor\u00fd m\u00f4\u017ee\u00a0<strong>zast\u00fapi\u0165 ak\u00fdko\u013evek in\u00fd symbol<\/strong>\u00a0a\u00a0tak v\u00e1m pom\u00f4c\u0165 dotvori\u0165 \u010do najsilnej\u0161iu a\u00a0najv\u00fdhodnej\u0161iu v\u00fdhern\u00fa l\u00edniu.<\/p>\n<p>A\u00a0pr\u00e1ve ke\u010f na automate Starburst z\u00edskate na t\u00fdchto stredn\u00fdch valcoch wild symbol, tak n\u00e1sledne m\u00f4\u017eete e\u0161te tri kr\u00e1t\u00a0<strong>zdarma preto\u010di\u0165<\/strong>. Pokia\u013e po\u010das t\u00fdchto \u010fal\u0161\u00edch preto\u010den\u00ed z\u00edskate novy wild symbol, tak sa tie\u017e roztiahne na danom valci, na ktorom ste symbol z\u00edskali.<\/p>\n<\/div>\n<section class=\"attributes\">\n<h2>R\u00ddCHLY PREH\u013dAD<\/h2>\n<div>\n<ul>\n<li><span class=\"heading\">Bonusov\u00e9 kolo:<\/span>\u00a0\u00c1no<\/li>\n<li><span class=\"heading\">Rozptylov\u00fd:<\/span>\u00a0\u00c1no<\/li>\n<li><span class=\"heading\">Preto\u010denia zdarma:<\/span>\u00a0\u00c1no<\/li>\n<\/ul>\n<div class=\"WYSIWYG\">\n<h2>JACKPOT NA AUTOMATE STARBURST<\/h2>\n<p>Pri tomto automate sa nestretnete s\u00a0be\u017en\u00fdm progres\u00edvnym jackpotom, ako to b\u00fdva u\u00a0in\u00fdch automatov. Preto\u00a0<strong>maxim\u00e1lna v\u00fdhra na Starburste<\/strong>\u00a0je st\u00e1le rovnak\u00e1 a\u00a0po\u010das hrania sa nijako nezvy\u0161uje. V\u00a0predo\u0161l\u00fdch riadkoch sme spom\u00ednali situ\u00e1ciu, kedy v\u00e1m na valce pr\u00edde wild symboly, respekt\u00edve symboly a\u00a0vy tak m\u00f4\u017eete vytvori\u0165 siln\u00e9 v\u00fdhern\u00e9 l\u00ednie.<\/p>\n<p>Okrem toho m\u00e1te k\u00a0dispoz\u00edcii tri\u00a0<strong>preto\u010denia zdarma<\/strong>, po\u010das ktor\u00fdch sa tieto symboly dr\u017eia na valcoch. Ak m\u00e1te \u0161\u0165astie, tak v\u00e1m na \u010fal\u0161ie valce pr\u00eddu \u010fal\u0161ie wild symboly a\u00a0vy tak m\u00e1te \u0161ancu vyhra\u0165 neuverite\u013en\u00fdch\u00a0<strong>50.000\u20ac!<\/strong><\/p>\n<h2>HRAJTE SA NA MOBILE<\/h2>\n<p>Radi hr\u00e1te hracie automaty kdeko\u013evek kde ste a\u00a0radi tak zab\u00edjate nudu v\u00a0pr\u00e1ci, na cest\u00e1ch \u010di v\u00a0kaviarni? Hra\u0165 Starburst m\u00f4\u017eete samozrejme\u00a0<strong>aj na mobile!<\/strong>\u00a0Tento fascinuj\u00faci online v\u00fdhern\u00fd automat poch\u00e1dza z dielne spolo\u010dnosti\u00a0<a href=\"\/sk\/casino-softver\/netent\" data-track=\"\"><strong>Net Entertainment<\/strong><\/a>, alebo tie\u017e zn\u00e1mej pod skratkou NetEnt. T\u00e1to spolo\u010dnos\u0165 vyd\u00e1va len tie najmodernej\u0161ie a\u00a0<strong>najoptimalizovanej\u0161ie<\/strong>\u00a0<strong>hry<\/strong>.<\/p>\n<p>Preto pr\u00e1ve Starburst nie je v\u00a0tomto \u017eiadnou v\u00fdnimkou a\u00a0je mo\u017en\u00e9 si ho dopria\u0165 aj na va\u0161om\u00a0<strong>mobilnom telef\u00f3ne, smartf\u00f3ne \u010di tablete<\/strong>. Sta\u010d\u00ed, ak si zvol\u00edte jedno z\u00a0pon\u00fakan\u00fdch kas\u00edn, ktor\u00e9 vid\u00edte na tejto str\u00e1nke a\u00a0m\u00e1te tak z\u00e1ruku, \u017ee aj kas\u00edno bude mobilne optimalizovan\u00e9. Potom v\u00e1m nezost\u00e1va u\u017e ni\u010d in\u00e9, len si skontrolova\u0165 stav bat\u00e9rie na mobile a\u00a0pusti\u0165 sa do hrania!<\/p>\n<h2>STARBURST ZDARMA<\/h2>\n<p>Hra\u0165 o\u00a0peniaze je v\u00fdborn\u00e1 z\u00e1bava, ktor\u00e1 je nielen dynamick\u00e1 a\u00a0nap\u00ednav\u00e1, no m\u00f4\u017ee by\u0165 dokonca pre hr\u00e1\u010da aj v\u00fdhodn\u00e1! Av\u0161ak \u010do robi\u0165, ak v\u00a0s\u00fa\u010dasnosti nem\u00f4\u017eete \u010di nechcete hra\u0165 o\u00a0re\u00e1lne peniaze? V\u00a0tom pr\u00edpade sa ur\u010dite obhliadnite po automate\u00a0<strong>Starburst zadarmo<\/strong>!<\/p>\n<p>Ve\u013ea\u00a0<strong><a href=\"\/sk\/casino-hry\" data-track=\"\">casino hier<\/a><\/strong>\u00a0je dnes mo\u017en\u00e9 hra\u0165\u00a0<strong>\u00faplne zdarma<\/strong>\u00a0\u2013 niekedy sa sta\u010d\u00ed len zaregistrova\u0165 a\u00a0niekedy dokonca v kas\u00edne nevy\u017eaduj\u00fa ani t\u00fato podmienku. Preto teraz sta\u010d\u00ed, ak si vyberiete jedno z\u00a0<strong><a href=\"\/sk\" data-track=\"\">online kas\u00edn, ktor\u00e9 odpor\u00fa\u010dame<\/a><\/strong> pre hranie hry Starburst. N\u00e1sledne sta\u010d\u00ed, ak v\u00a0tomto cas\u00edne n\u00e1jdete t\u00fato fascinuj\u00facu automatov\u00fa hru a\u00a0m\u00f4\u017eete sa pusti\u0165 do sk\u00fa\u0161ania, experimentovania a\u00a0hlavne m\u00e1te zaru\u010den\u00e9 nekone\u010dne ve\u013ea hod\u00edn perfektnej z\u00e1bavy!<\/p>\n<\/div>\n<\/div>\n<\/section>\n<\/div>\n<\/div><\/div><\/div><\/div><\/div><\/div><\/div><\/section>\n","protected":false},"excerpt":{"rendered":"STARBURST Kto by nemal r\u00e1d cukr\u00edky a\u00a0tie\u017e retro m\u00f3du z\u00a0osemdesiatych rokov? My tieto dve veci skuto\u010dne milujeme a\u00a0preto\u00a0automaty Starburst s\u00fa pre n\u00e1s jedny z\u00a0najl\u00e1kavej\u0161\u00edch automatov, ktor\u00e9 sa v\u00a0s\u00fa\u010dasnosti nach\u00e1dzaj\u00fa na kas\u00ednovom trhu. Preh\u013eadn\u00fd, \u017eiariaci a\u00a0trblietaj\u00faci sa automat\u00a0s\u00a0piatimi valcami\u00a0a\u00a0desiatimi v\u00fdhern\u00fdmi l\u00edniami, ktor\u00fd v\u00e1m pom\u00f4\u017ee si pripomen\u00fa\u0165, \u017ee automaty s\u00fa jednoduch\u00e1, no pritom fascinuj\u00faca z\u00e1bava pre ka\u017ed\u00e9ho!...","protected":false},"author":1,"featured_media":0,"parent":2220,"menu_order":0,"comment_status":"closed","ping_status":"closed","template":"","meta":{"_acf_changed":false,"footnotes":""},"class_list":["post-2530","page","type-page","status-publish","hentry"],"acf":[],"rankMath":{"parentDomain":"onlinebettingspace.com","noFollowDomains":[],"noFollowExcludeDomains":[],"noFollowExternalLinks":false,"featuredImageNotice":"The featured image should be at least 200 by 200 pixels to be picked up by Facebook and other social media sites.","pluginReviewed":true,"postSettings":{"linkSuggestions":true,"useFocusKeyword":false},"frontEndScore":false,"postName":"starburst","permalinkFormat":"https:\/\/onlinebettingspace.com\/sk\/%pagename%\/","showLockModifiedDate":true,"assessor":{"focusKeywordLink":"https:\/\/onlinebettingspace.com\/wp-admin\/edit.php?focus_keyword=%focus_keyword%&post_type=%post_type%","hasTOCPlugin":false,"primaryTaxonomy":false,"serpData":{"title":"Hr\u00e1t automat Starburst Online - aj na mobile!","description":"V\u00fdhern\u00fd automat Starburst je ob\u013e\u00faben\u00e1 online casino hra, ktor\u00e1 v\u00e1m pon\u00fakne zauj\u00edmav\u00e9 bonusy a pestr\u00e9 bonusy. Vysk\u00fa\u0161ajte si ho zdarma u\u017e dnes!","focusKeywords":"starburst","pillarContent":false,"canonicalUrl":"","breadcrumbTitle":"","advancedRobots":[],"facebookTitle":"","facebookDescription":"","facebookImage":"","facebookImageID":"","facebookHasOverlay":false,"facebookImageOverlay":"","facebookAuthor":"","twitterCardType":"","twitterUseFacebook":true,"twitterTitle":"","twitterDescription":"","twitterImage":"","twitterImageID":"","twitterHasOverlay":false,"twitterImageOverlay":"","twitterPlayerUrl":"","twitterPlayerSize":"","twitterPlayerStream":"","twitterPlayerStreamCtype":"","twitterAppDescription":"","twitterAppIphoneName":"","twitterAppIphoneID":"","twitterAppIphoneUrl":"","twitterAppIpadName":"","twitterAppIpadID":"","twitterAppIpadUrl":"","twitterAppGoogleplayName":"","twitterAppGoogleplayID":"","twitterAppGoogleplayUrl":"","twitterAppCountry":"","robots":{"index":true},"twitterAuthor":"username","primaryTerm":0,"authorName":"OBSAdmin","titleTemplate":"%title% %sep% %sitename%","descriptionTemplate":"%excerpt%","showScoreFrontend":true,"lockModifiedDate":false},"powerWords":[],"diacritics":{"A":"[\\u0041\\u24B6\\uFF21\\u00C0\\u00C1\\u00C2\\u1EA6\\u1EA4\\u1EAA\\u1EA8\\u00C3\\u0100\\u0102\\u1EB0\\u1EAE\\u1EB4\\u1EB2\\u0226\\u01E0\\u00C4\\u01DE\\u1EA2\\u00C5\\u01FA\\u01CD\\u0200\\u0202\\u1EA0\\u1EAC\\u1EB6\\u1E00\\u0104\\u023A\\u2C6F]","AA":"[\\uA732]","AE":"[\\u00C6\\u01FC\\u01E2]","AO":"[\\uA734]","AU":"[\\uA736]","AV":"[\\uA738\\uA73A]","AY":"[\\uA73C]","B":"[\\u0042\\u24B7\\uFF22\\u1E02\\u1E04\\u1E06\\u0243\\u0182\\u0181]","C":"[\\u0043\\u24B8\\uFF23\\u0106\\u0108\\u010A\\u010C\\u00C7\\u1E08\\u0187\\u023B\\uA73E]","D":"[\\u0044\\u24B9\\uFF24\\u1E0A\\u010E\\u1E0C\\u1E10\\u1E12\\u1E0E\\u0110\\u018B\\u018A\\u0189\\uA779]","DZ":"[\\u01F1\\u01C4]","Dz":"[\\u01F2\\u01C5]","E":"[\\u0045\\u24BA\\uFF25\\u00C8\\u00C9\\u00CA\\u1EC0\\u1EBE\\u1EC4\\u1EC2\\u1EBC\\u0112\\u1E14\\u1E16\\u0114\\u0116\\u00CB\\u1EBA\\u011A\\u0204\\u0206\\u1EB8\\u1EC6\\u0228\\u1E1C\\u0118\\u1E18\\u1E1A\\u0190\\u018E]","F":"[\\u0046\\u24BB\\uFF26\\u1E1E\\u0191\\uA77B]","G":"[\\u0047\\u24BC\\uFF27\\u01F4\\u011C\\u1E20\\u011E\\u0120\\u01E6\\u0122\\u01E4\\u0193\\uA7A0\\uA77D\\uA77E]","H":"[\\u0048\\u24BD\\uFF28\\u0124\\u1E22\\u1E26\\u021E\\u1E24\\u1E28\\u1E2A\\u0126\\u2C67\\u2C75\\uA78D]","I":"[\\u0049\\u24BE\\uFF29\\u00CC\\u00CD\\u00CE\\u0128\\u012A\\u012C\\u0130\\u00CF\\u1E2E\\u1EC8\\u01CF\\u0208\\u020A\\u1ECA\\u012E\\u1E2C\\u0197]","J":"[\\u004A\\u24BF\\uFF2A\\u0134\\u0248]","K":"[\\u004B\\u24C0\\uFF2B\\u1E30\\u01E8\\u1E32\\u0136\\u1E34\\u0198\\u2C69\\uA740\\uA742\\uA744\\uA7A2]","L":"[\\u004C\\u24C1\\uFF2C\\u013F\\u0139\\u013D\\u1E36\\u1E38\\u013B\\u1E3C\\u1E3A\\u0141\\u023D\\u2C62\\u2C60\\uA748\\uA746\\uA780]","LJ":"[\\u01C7]","Lj":"[\\u01C8]","M":"[\\u004D\\u24C2\\uFF2D\\u1E3E\\u1E40\\u1E42\\u2C6E\\u019C]","N":"[\\u004E\\u24C3\\uFF2E\\u01F8\\u0143\\u00D1\\u1E44\\u0147\\u1E46\\u0145\\u1E4A\\u1E48\\u0220\\u019D\\uA790\\uA7A4]","NJ":"[\\u01CA]","Nj":"[\\u01CB]","O":"[\\u004F\\u24C4\\uFF2F\\u00D2\\u00D3\\u00D4\\u1ED2\\u1ED0\\u1ED6\\u1ED4\\u00D5\\u1E4C\\u022C\\u1E4E\\u014C\\u1E50\\u1E52\\u014E\\u022E\\u0230\\u00D6\\u022A\\u1ECE\\u0150\\u01D1\\u020C\\u020E\\u01A0\\u1EDC\\u1EDA\\u1EE0\\u1EDE\\u1EE2\\u1ECC\\u1ED8\\u01EA\\u01EC\\u00D8\\u01FE\\u0186\\u019F\\uA74A\\uA74C]","OI":"[\\u01A2]","OO":"[\\uA74E]","OU":"[\\u0222]","P":"[\\u0050\\u24C5\\uFF30\\u1E54\\u1E56\\u01A4\\u2C63\\uA750\\uA752\\uA754]","Q":"[\\u0051\\u24C6\\uFF31\\uA756\\uA758\\u024A]","R":"[\\u0052\\u24C7\\uFF32\\u0154\\u1E58\\u0158\\u0210\\u0212\\u1E5A\\u1E5C\\u0156\\u1E5E\\u024C\\u2C64\\uA75A\\uA7A6\\uA782]","S":"[\\u0053\\u24C8\\uFF33\\u1E9E\\u015A\\u1E64\\u015C\\u1E60\\u0160\\u1E66\\u1E62\\u1E68\\u0218\\u015E\\u2C7E\\uA7A8\\uA784]","T":"[\\u0054\\u24C9\\uFF34\\u1E6A\\u0164\\u1E6C\\u021A\\u0162\\u1E70\\u1E6E\\u0166\\u01AC\\u01AE\\u023E\\uA786]","TZ":"[\\uA728]","U":"[\\u0055\\u24CA\\uFF35\\u00D9\\u00DA\\u00DB\\u0168\\u1E78\\u016A\\u1E7A\\u016C\\u00DC\\u01DB\\u01D7\\u01D5\\u01D9\\u1EE6\\u016E\\u0170\\u01D3\\u0214\\u0216\\u01AF\\u1EEA\\u1EE8\\u1EEE\\u1EEC\\u1EF0\\u1EE4\\u1E72\\u0172\\u1E76\\u1E74\\u0244]","V":"[\\u0056\\u24CB\\uFF36\\u1E7C\\u1E7E\\u01B2\\uA75E\\u0245]","VY":"[\\uA760]","W":"[\\u0057\\u24CC\\uFF37\\u1E80\\u1E82\\u0174\\u1E86\\u1E84\\u1E88\\u2C72]","X":"[\\u0058\\u24CD\\uFF38\\u1E8A\\u1E8C]","Y":"[\\u0059\\u24CE\\uFF39\\u1EF2\\u00DD\\u0176\\u1EF8\\u0232\\u1E8E\\u0178\\u1EF6\\u1EF4\\u01B3\\u024E\\u1EFE]","Z":"[\\u005A\\u24CF\\uFF3A\\u0179\\u1E90\\u017B\\u017D\\u1E92\\u1E94\\u01B5\\u0224\\u2C7F\\u2C6B\\uA762]","a":"[\\u0061\\u24D0\\uFF41\\u1E9A\\u00E0\\u00E1\\u00E2\\u1EA7\\u1EA5\\u1EAB\\u1EA9\\u00E3\\u0101\\u0103\\u1EB1\\u1EAF\\u1EB5\\u1EB3\\u0227\\u01E1\\u00E4\\u01DF\\u1EA3\\u00E5\\u01FB\\u01CE\\u0201\\u0203\\u1EA1\\u1EAD\\u1EB7\\u1E01\\u0105\\u2C65\\u0250]","aa":"[\\uA733]","ae":"[\\u00E6\\u01FD\\u01E3]","ao":"[\\uA735]","au":"[\\uA737]","av":"[\\uA739\\uA73B]","ay":"[\\uA73D]","b":"[\\u0062\\u24D1\\uFF42\\u1E03\\u1E05\\u1E07\\u0180\\u0183\\u0253]","c":"[\\u0063\\u24D2\\uFF43\\u0107\\u0109\\u010B\\u010D\\u00E7\\u1E09\\u0188\\u023C\\uA73F\\u2184]","d":"[\\u0064\\u24D3\\uFF44\\u1E0B\\u010F\\u1E0D\\u1E11\\u1E13\\u1E0F\\u0111\\u018C\\u0256\\u0257\\uA77A]","dz":"[\\u01F3\\u01C6]","e":"[\\u0065\\u24D4\\uFF45\\u00E8\\u00E9\\u00EA\\u1EC1\\u1EBF\\u1EC5\\u1EC3\\u1EBD\\u0113\\u1E15\\u1E17\\u0115\\u0117\\u00EB\\u1EBB\\u011B\\u0205\\u0207\\u1EB9\\u1EC7\\u0229\\u1E1D\\u0119\\u1E19\\u1E1B\\u0247\\u025B\\u01DD]","f":"[\\u0066\\u24D5\\uFF46\\u1E1F\\u0192\\uA77C]","g":"[\\u0067\\u24D6\\uFF47\\u01F5\\u011D\\u1E21\\u011F\\u0121\\u01E7\\u0123\\u01E5\\u0260\\uA7A1\\u1D79\\uA77F]","h":"[\\u0068\\u24D7\\uFF48\\u0125\\u1E23\\u1E27\\u021F\\u1E25\\u1E29\\u1E2B\\u1E96\\u0127\\u2C68\\u2C76\\u0265]","hv":"[\\u0195]","i":"[\\u0069\\u24D8\\uFF49\\u00EC\\u00ED\\u00EE\\u0129\\u012B\\u012D\\u00EF\\u1E2F\\u1EC9\\u01D0\\u0209\\u020B\\u1ECB\\u012F\\u1E2D\\u0268\\u0131]","j":"[\\u006A\\u24D9\\uFF4A\\u0135\\u01F0\\u0249]","k":"[\\u006B\\u24DA\\uFF4B\\u1E31\\u01E9\\u1E33\\u0137\\u1E35\\u0199\\u2C6A\\uA741\\uA743\\uA745\\uA7A3]","l":"[\\u006C\\u24DB\\uFF4C\\u0140\\u013A\\u013E\\u1E37\\u1E39\\u013C\\u1E3D\\u1E3B\\u017F\\u0142\\u019A\\u026B\\u2C61\\uA749\\uA781\\uA747]","lj":"[\\u01C9]","m":"[\\u006D\\u24DC\\uFF4D\\u1E3F\\u1E41\\u1E43\\u0271\\u026F]","n":"[\\u006E\\u24DD\\uFF4E\\u01F9\\u0144\\u00F1\\u1E45\\u0148\\u1E47\\u0146\\u1E4B\\u1E49\\u019E\\u0272\\u0149\\uA791\\uA7A5]","nj":"[\\u01CC]","o":"[\\u006F\\u24DE\\uFF4F\\u00F2\\u00F3\\u00F4\\u1ED3\\u1ED1\\u1ED7\\u1ED5\\u00F5\\u1E4D\\u022D\\u1E4F\\u014D\\u1E51\\u1E53\\u014F\\u022F\\u0231\\u00F6\\u022B\\u1ECF\\u0151\\u01D2\\u020D\\u020F\\u01A1\\u1EDD\\u1EDB\\u1EE1\\u1EDF\\u1EE3\\u1ECD\\u1ED9\\u01EB\\u01ED\\u00F8\\u01FF\\u0254\\uA74B\\uA74D\\u0275]","oi":"[\\u01A3]","ou":"[\\u0223]","oo":"[\\uA74F]","p":"[\\u0070\\u24DF\\uFF50\\u1E55\\u1E57\\u01A5\\u1D7D\\uA751\\uA753\\uA755]","q":"[\\u0071\\u24E0\\uFF51\\u024B\\uA757\\uA759]","r":"[\\u0072\\u24E1\\uFF52\\u0155\\u1E59\\u0159\\u0211\\u0213\\u1E5B\\u1E5D\\u0157\\u1E5F\\u024D\\u027D\\uA75B\\uA7A7\\uA783]","s":"[\\u0073\\u24E2\\uFF53\\u015B\\u1E65\\u015D\\u1E61\\u0161\\u1E67\\u1E63\\u1E69\\u0219\\u015F\\u023F\\uA7A9\\uA785\\u1E9B]","ss":"[\\u00DF]","t":"[\\u0074\\u24E3\\uFF54\\u1E6B\\u1E97\\u0165\\u1E6D\\u021B\\u0163\\u1E71\\u1E6F\\u0167\\u01AD\\u0288\\u2C66\\uA787]","tz":"[\\uA729]","u":"[\\u0075\\u24E4\\uFF55\\u00F9\\u00FA\\u00FB\\u0169\\u1E79\\u016B\\u1E7B\\u016D\\u00FC\\u01DC\\u01D8\\u01D6\\u01DA\\u1EE7\\u016F\\u0171\\u01D4\\u0215\\u0217\\u01B0\\u1EEB\\u1EE9\\u1EEF\\u1EED\\u1EF1\\u1EE5\\u1E73\\u0173\\u1E77\\u1E75\\u0289]","v":"[\\u0076\\u24E5\\uFF56\\u1E7D\\u1E7F\\u028B\\uA75F\\u028C]","vy":"[\\uA761]","w":"[\\u0077\\u24E6\\uFF57\\u1E81\\u1E83\\u0175\\u1E87\\u1E85\\u1E98\\u1E89\\u2C73]","x":"[\\u0078\\u24E7\\uFF58\\u1E8B\\u1E8D]","y":"[\\u0079\\u24E8\\uFF59\\u1EF3\\u00FD\\u0177\\u1EF9\\u0233\\u1E8F\\u00FF\\u1EF7\\u1E99\\u1EF5\\u01B4\\u024F\\u1EFF]","z":"[\\u007A\\u24E9\\uFF5A\\u017A\\u1E91\\u017C\\u017E\\u1E93\\u1E95\\u01B6\\u0225\\u0240\\u2C6C\\uA763]"},"researchesTests":["contentHasTOC","contentHasShortParagraphs","contentHasAssets","keywordInTitle","keywordInMetaDescription","keywordInPermalink","keywordIn10Percent","keywordInContent","keywordInSubheadings","keywordInImageAlt","keywordDensity","keywordNotUsed","lengthContent","lengthPermalink","linksHasInternal","linksHasExternals","linksNotAllExternals","titleStartWithKeyword","titleSentiment","titleHasPowerWords","titleHasNumber","hasContentAI"],"hasRedirection":true,"hasBreadcrumb":false},"homeUrl":"https:\/\/onlinebettingspace.com\/sk\/","objectID":2530,"objectType":"post","locale":"sk","localeFull":"sk_SK","overlayImages":{"play":{"name":"Play icon","url":"https:\/\/onlinebettingspace.com\/wp-content\/plugins\/seo-by-rank-math\/assets\/admin\/img\/icon-play.png","path":"\/home\/SuperAdmin\/web\/onlinebettingspace.com\/public_html\/wp-content\/plugins\/seo-by-rank-math\/assets\/admin\/img\/icon-play.png","position":"middle_center"},"gif":{"name":"GIF icon","url":"https:\/\/onlinebettingspace.com\/wp-content\/plugins\/seo-by-rank-math\/assets\/admin\/img\/icon-gif.png","path":"\/home\/SuperAdmin\/web\/onlinebettingspace.com\/public_html\/wp-content\/plugins\/seo-by-rank-math\/assets\/admin\/img\/icon-gif.png","position":"middle_center"}},"defautOgImage":"https:\/\/onlinebettingspace.com\/wp-content\/uploads\/2022\/04\/OBS-FULL-LOGO.webp","customPermalinks":true,"isUserRegistered":true,"autoSuggestKeywords":true,"connectSiteUrl":"https:\/\/rankmath.com\/auth?site=https%3A%2F%2Fonlinebettingspace.com%2Fsk%2F&r=https%3A%2F%2Fonlinebettingspace.com%2Fsk%2Fwp-json%2Fwp%2Fv2%2Fpages%2F2530%3Fnonce%3Dc963eac197","maxTags":5,"trendsIcon":"<svg viewBox=\"0 0 610 610\"><path d=\"M18.85,446,174.32,290.48l58.08,58.08L76.93,504a14.54,14.54,0,0,1-20.55,0L18.83,466.48a14.54,14.54,0,0,1,0-20.55Z\" style=\"fill:#4285f4\"\/><path d=\"M242.65,242.66,377.59,377.6l-47.75,47.75a14.54,14.54,0,0,1-20.55,0L174.37,290.43l47.75-47.75A14.52,14.52,0,0,1,242.65,242.66Z\" style=\"fill:#ea4335\"\/><polygon points=\"319.53 319.53 479.26 159.8 537.34 217.88 377.61 377.62 319.53 319.53\" style=\"fill:#fabb05\"\/><path d=\"M594.26,262.73V118.61h0a16.94,16.94,0,0,0-16.94-16.94H433.2a16.94,16.94,0,0,0-12,28.92L565.34,274.71h0a16.94,16.94,0,0,0,28.92-12Z\" style=\"fill:#34a853\"\/><rect width=\"610\" height=\"610\" style=\"fill:none\"\/><\/svg>","showScore":true,"siteFavIcon":"https:\/\/onlinebettingspace.com\/wp-content\/uploads\/2022\/04\/OBS-LOGO-1.webp","canUser":{"general":false,"advanced":false,"snippet":false,"social":false,"analysis":false,"analytics":false,"content_ai":false},"showKeywordIntent":true,"isPro":false,"is_front_page":false,"trendsUpgradeLink":"https:\/\/rankmath.com\/pricing\/?utm_source=Plugin&utm_medium=CE%20General%20Tab%20Trends&utm_campaign=WP","trendsUpgradeLabel":"Upgrade","trendsPreviewImage":"https:\/\/onlinebettingspace.com\/wp-content\/plugins\/seo-by-rank-math\/assets\/admin\/img\/trends-preview.jpg","currentEditor":false,"homepageData":{"assessor":{"powerWords":[],"diacritics":true,"researchesTests":["contentHasTOC","contentHasShortParagraphs","contentHasAssets","keywordInTitle","keywordInMetaDescription","keywordInPermalink","keywordIn10Percent","keywordInContent","keywordInSubheadings","keywordInImageAlt","keywordDensity","keywordNotUsed","lengthContent","lengthPermalink","linksHasInternal","linksHasExternals","linksNotAllExternals","titleStartWithKeyword","titleSentiment","titleHasPowerWords","titleHasNumber","hasContentAI"],"hasBreadcrumb":false,"serpData":{"title":"%sitename% %page% %sep% %sitedesc%","description":"","titleTemplate":"%sitename% %page% %sep% %sitedesc%","descriptionTemplate":"","focusKeywords":"","breadcrumbTitle":"Home","robots":{"index":true},"advancedRobots":[],"facebookTitle":"","facebookDescription":"","facebookImage":"","facebookImageID":""}}},"tocTitle":"Table of Contents","tocExcludeHeadings":[],"listStyle":"ul"},"_links":{"self":[{"href":"https:\/\/onlinebettingspace.com\/sk\/wp-json\/wp\/v2\/pages\/2530","targetHints":{"allow":["GET"]}}],"collection":[{"href":"https:\/\/onlinebettingspace.com\/sk\/wp-json\/wp\/v2\/pages"}],"about":[{"href":"https:\/\/onlinebettingspace.com\/sk\/wp-json\/wp\/v2\/types\/page"}],"author":[{"embeddable":true,"href":"https:\/\/onlinebettingspace.com\/sk\/wp-json\/wp\/v2\/users\/1"}],"replies":[{"embeddable":true,"href":"https:\/\/onlinebettingspace.com\/sk\/wp-json\/wp\/v2\/comments?post=2530"}],"version-history":[{"count":0,"href":"https:\/\/onlinebettingspace.com\/sk\/wp-json\/wp\/v2\/pages\/2530\/revisions"}],"up":[{"embeddable":true,"href":"https:\/\/onlinebettingspace.com\/sk\/wp-json\/wp\/v2\/pages\/2220"}],"wp:attachment":[{"href":"https:\/\/onlinebettingspace.com\/sk\/wp-json\/wp\/v2\/media?parent=2530"}],"curies":[{"name":"wp","href":"https:\/\/api.w.org\/{rel}","templated":true}]}}