{"id":2527,"date":"2022-08-19T13:20:05","date_gmt":"2022-08-19T10:20:05","guid":{"rendered":"https:\/\/onlinebettingspace.com\/?page_id=2527"},"modified":"2022-08-19T13:20:05","modified_gmt":"2022-08-19T10:20:05","slug":"mega-moolah","status":"publish","type":"page","link":"https:\/\/onlinebettingspace.com\/sk\/hracie-automaty\/mega-moolah\/","title":{"rendered":"MEGA MOOLAH"},"content":{"rendered":"<section class=\"l-section wpb_row height_medium\"><div class=\"l-section-h i-cf\"><div class=\"g-cols vc_row via_flex valign_top type_default stacking_default\"><div class=\"vc_col-sm-12 wpb_column vc_column_container\"><div class=\"vc_column-inner\"><div class=\"wpb_wrapper\"><div class=\"wpb_text_column\"><div class=\"wpb_wrapper\"><h1>MEGA MOOLAH A PROGRES\u00cdVNY JACKPOT<\/h1>\n<div>\n<div id=\"breadcrumbsWrap\" class=\"hidden-xs\">\n<div id=\"breadcrumbs\">\n<div class=\"col-xs-12 col-sm-8 col-md-9 sp\">\n<div class=\"intro WYSIWYG\">\n<p>M\u00e1te radi zvierat\u00e1 a z\u00e1rove\u0148 obrovsk\u00e9 jackpoty, v\u010faka ktor\u00fdm sa v\u00a0posledn\u00fdch mesiacoch stali z\u00a0niektor\u00fdch \u013eud\u00ed milion\u00e1ri? V\u00a0tom pr\u00edpade je tu pre v\u00e1s progres\u00edvny\u00a0<strong>automat Mega Moolah<\/strong>, ktor\u00fd v\u00e1m okrem zauj\u00edmavej p\u00e4\u0165valcovej tematiky plnej zvierat zo safari prin\u00e1\u0161a aj mo\u017enos\u0165 vyhra\u0165 nie jeden, ale ihne\u010f \u0161tyri progres\u00edvne jackpoty.<\/p>\n<\/div>\n<\/div>\n<div class=\"col-xs-12 col-sm-12 col-md-9 sp pull-right\">\n<div class=\"WYSIWYG\">\n<h2>MEGA MOOLAH JACKPOT<\/h2>\n<p>V\u00a0predch\u00e1dzaj\u00facich riadkoch sme v\u00e1s pravdepodobne navnadili na spom\u00ednan\u00fd jackpot, ktor\u00fd je dostupn\u00fd v\u00a0automate Mega Moolah. A\u00a0vy o\u00a0\u0148om chcete ur\u010dite po\u010du\u0165 viac! Ako sme u\u017e spom\u00ednali, v\u00a0Mega Moolahu nehr\u00e1te len o\u00a0jeden progres\u00edvny jackpot, ale ihne\u010f hr\u00e1te o\u00a0\u0161tyri jackpoty. Tieto s\u00fa rozdelen\u00e9 do \u0161tyroch kateg\u00f3ri\u00ed \u2013 Mini, Minor, Major a\u00a0Mega.<\/p>\n<p>Z\u00a0ich n\u00e1zvov vieme jednoducho ur\u010di\u0165, \u017ee sa jedn\u00e1 o\u00a0sumu, ktor\u00fa m\u00f4\u017eete vyhra\u0165. Jackpot\u00a0<strong>mini<\/strong>\u00a0za\u010d\u00edna na sume 10,\u00a0<strong>Minor<\/strong>\u00a0za\u010d\u00edna na sume 100,\u00a0<strong>Major<\/strong>\u00a0na 10,000 a\u00a0<strong>Mega<\/strong>\u00a0na 1 mili\u00f3ne. Samozrejme tieto jackpoty neust\u00e1le narastaj\u00fa, preto\u017ee sa jedn\u00e1 o\u00a0progres\u00edvne v\u00fdhry, ktor\u00e9 s\u00fa neust\u00e1le zvy\u0161ovan\u00e9 ostatn\u00fdmi hr\u00e1\u010dmi, ktor\u00ed sa ich sna\u017eia vyhra\u0165.<\/p>\n<p><strong>Mega Moolah jackpot<\/strong>\u00a0funguje podobne, ako ostatn\u00e9 progres\u00edvne jackpoty \u2013 \u010d\u00edm viac st\u00e1vkujete, tak t\u00fdm m\u00e1te v\u00e4\u010d\u0161iu \u0161ancu vyhra\u0165 v\u00e4\u010d\u0161iu sumu. Av\u0161ak z\u00e1rove\u0148 m\u00e1me aj v\u00fdborn\u00fa spr\u00e1vu pre hr\u00e1\u010dov, ktor\u00ed preferuj\u00fa hra\u0165 s\u00a0men\u0161\u00edmi sumami. V\u00a0tomto automate s\u00fa obmedzen\u00e9 st\u00e1vky aj z\u00a0vrchnej strany a\u00a0tak sa nemus\u00edte ob\u00e1va\u0165, \u017ee hr\u00e1te proti hr\u00e1\u010dom, ktor\u00ed st\u00e1vkuj\u00fa desiatky alebo stovky eur a\u00a0tak v\u00e1s kompletne odre\u017e\u00fa od \u0161ance zahra\u0165 si o\u00a0tie najvy\u0161\u0161ie jackpoty.<\/p>\n<p>V\u00a0Mega Moolah automate je\u00a0<strong>minim\u00e1lna st\u00e1vka 1 cent<\/strong>\u00a0a\u00a0maxim\u00e1lna st\u00e1vka 5centov. V\u00fdhern\u00fdch l\u00edni\u00ed sa v\u00a0tomto automate nach\u00e1dza 25 a\u00a0ke\u010f\u017ee je to p\u00e4\u0165valcov\u00fd automat, tak dokopy m\u00f4\u017eete po\u010das jednoho preto\u010denia vsadi\u0165 125 minc\u00ed. Pri maxim\u00e1lne st\u00e1vke je to len 6,25EUR. Preto nehroz\u00ed, \u017ee niektor\u00ed bohat\u00ed hr\u00e1\u010di bud\u00fa na jedno preto\u010denie m\u00ed\u0148a\u0165 obrovsk\u00e9 sumy. Nie, v\u00a0tomto automate m\u00e1te aj vy mo\u017enos\u0165 si f\u00e9rovo zahra\u0165 a\u00a0zas\u00fa\u0165a\u017ei\u0165 o\u00a0obrovsk\u00e9 v\u00fdhry.<\/p>\n<p>Viete ko\u013eko bola\u00a0<strong>maxim\u00e1lna jackpotov\u00e1 v\u00fdhra<\/strong>, ktor\u00e1 bola v\u00a0Mega Moolahu vyhran\u00e1? Neuverite\u013en\u00fdch\u00a0<strong>p\u00e4\u0165 a\u00a0pol mili\u00f3na dol\u00e1rov<\/strong>, ktor\u00e9 vyhral ist\u00fd Klaus z\u00a0F\u00ednska. Skuto\u010dne neuverite\u013en\u00e1 v\u00fdhra, ktor\u00e1 by ur\u010dite pote\u0161ila nem\u00e1lo hr\u00e1\u010dov. Tak pre\u010do o\u00a0\u0148u nesk\u00fasi\u0165 zabojova\u0165 u\u017e dnes?<\/p>\n<\/div>\n<section class=\"attributes\">\n<h2>R\u00ddCHLY PREH\u013dAD<\/h2>\n<div>\n<ul>\n<li><span class=\"heading\">Bonusov\u00e9 kolo:<\/span>\u00a0\u00c1no<\/li>\n<li><span class=\"heading\">Rozptylov\u00fd:<\/span>\u00a0\u00c1no<\/li>\n<li><span class=\"heading\">Preto\u010denia zdarma:<\/span>\u00a0\u00c1no<\/li>\n<\/ul>\n<\/div>\n<\/section>\n<div class=\"WYSIWYG\">\n<section class=\"multimedia_conversion widgetWrapper regular video\" data-widget-id=\"73906\" data-widget-type=\"Multimedia_Conversion\" data-brand-id=\"72241\">\n<div class=\"row all-wrapper\">\n<div class=\"col-xs-12 col-sm-8 graphic-wrapper widget-bg-color\">\n<div class=\"iframe_wrapper\">\n<div class=\"WYSIWYG\">\n<h2>AKO SA HR\u00c1 MEGA MOOLAH<\/h2>\n<p>Z\u00e1klady tohto automaty sme u\u017e trocha na\u010drtli v\u00a0predch\u00e1dzaj\u00facich riadkoch, ale tu si to sk\u00fasime v\u0161etko pekne zosumarizova\u0165 a\u00a0vysvetli\u0165 si,\u00a0<strong>ako sa hr\u00e1<\/strong>\u00a0automat Mega Moolah a\u00a0ako si na \u0148om zabojova\u0165 o\u00a0tie najvy\u0161\u0161ie v\u00fdhry.<\/p>\n<p>Automat m\u00e1\u00a0<strong>p\u00e4\u0165 valcov<\/strong>\u00a0s\u00a0africkou tematikou. Na automate m\u00f4\u017eete vs\u00e1dza\u0165 na 25 rozli\u010dn\u00fdch\u00a0<strong>v\u00fdhern\u00fdch l\u00edni\u00ed<\/strong>. V\u00fd\u0161ka st\u00e1vky sa pohybuje od \u20ac0.01 po \u20ac0.05, na jednu v\u00fdhern\u00fa l\u00edniu mo\u017eno stavi\u0165 p\u00e4\u0165 minc\u00ed a\u00a0tak maxim\u00e1lna st\u00e1vka, ktor\u00fa m\u00f4\u017eete pri jednom preto\u010den\u00ed spravi\u0165 je len nie\u010do m\u00e1lo cez \u0161es\u0165 eur, \u010di\u017ee v\u00f4bec nie je problematick\u00e9\u00a0<strong><a href=\"\/sk\/hracie-automaty\" data-track=\"\">hra\u0165 automat<\/a><\/strong>\u00a0\u00faplne na doraz a\u00a0sna\u017ei\u0165 sa o\u00a0najv\u00e4\u010d\u0161\u00ed jackpot po\u010das ka\u017ed\u00e9ho preto\u010denia.<\/p>\n<p>Na automate sa nach\u00e1dzaj\u00fa tieto znaky: lev, ktor\u00fd sl\u00fa\u017ei ako<strong>\u00a0\u201ewild card\u201c<\/strong>\u00a0a\u00a0dok\u00e1\u017ee nahradi\u0165 ak\u00fdko\u013evek symbol (okrem rozptylov\u00e9ho symbol). Symbol leva tie\u017e sl\u00fa\u017ei ako multiplik\u00e1tor a\u00a0zdvojn\u00e1sobuje ak\u00e9ko\u013evek v\u00fdhry. Pokia\u013e by ste na automate dostali 5x znak leva, tak m\u00f4\u017eete vyhra\u0165 a\u017e 75.000 minc\u00ed (\u010do v\u00a0pr\u00edpade maxim\u00e1lnej st\u00e1vky \u010din\u00ed a\u017e 3750EUR!).<\/p>\n<p><strong>Rozptylov\u00fd (scatter) symbol<\/strong>\u00a0je opica. Pokia\u013e sa opica zjav\u00ed kdeko\u013evek na valcoch aspo\u0148 3, 4 alebo 5-kr\u00e1t, tak je hr\u00e1\u010dovi umo\u017enen\u00e9 15-kr\u00e1t\u00a0<strong>preto\u010di\u0165 zdarma<\/strong>\u00a0(takzvan\u00e9 free spins). Po\u010das preto\u010denia zdarma s\u00fa v\u0161etky v\u00fdhry trojn\u00e1sobne vy\u0161\u0161ie a\u00a0tak m\u00f4\u017eete po\u010das tejto f\u00e1zy vyhra\u0165 neuverite\u013en\u00fdch 11250EUR a\u00a0tie\u017e z\u00edska\u0165 \u010fal\u0161\u00edch 15 preto\u010den\u00ed zdarma. Progres\u00edvny jackpot je sp\u00fa\u0161\u0165an\u00fd n\u00e1hodne po\u010das hry.<\/p>\n<p>O\u00a0samotn\u00fd progres\u00edvny jackpot hr\u00e1te v\u00a0Mega Moolahu na osobitnej obrazovke. Hra o\u00a0jackpot vyzer\u00e1 ako telev\u00edzna s\u00fa\u0165a\u017e a\u00a0je zalo\u017een\u00e1 na ve\u013ekom \u201ekolese \u0161\u0165astia\u201c<strong>,<\/strong>\u00a0ktor\u00e9 je rozdelen\u00e9 do 20 osobitn\u00fdch segmentov. Tieto segmenty nes\u00fa nasleduj\u00face hodnoty: 1x Mega jackpot, 3x Major jackpot, 6x Minor jackpot a\u00a010x Mini jackpot.<\/p>\n<p>Pokia\u013e sa hr\u00e1\u010d dostane do tohto jackpotov\u00e9ho m\u00f3du, tak jednoducho zato\u010d\u00ed kolesom a\u00a0pod\u013ea toho, ktor\u00fd jackpot padne, tak dan\u00fa sumu vyhr\u00e1va. V\u00a0predch\u00e1dzaj\u00facich riadkoch sme si spom\u00ednali sumy, ktor\u00e9 patria k\u00a0jednotliv\u00fdm jackpotom, no nemus\u00edte sa b\u00e1\u0165, \u017eeby ste re\u00e1lne vyhrali len \u20ac10 alebo \u20ac100. Jedn\u00e1 sa predsa o\u00a0progres\u00edvne jackpoty a\u00a0tieto v\u00fdhry s\u00fa t\u00fdm p\u00e1dom neust\u00e1le zvy\u0161ovan\u00e9 a\u017e do nieko\u013eko mili\u00f3nov\u00fdch s\u00fam.<\/p>\n<p>Pr\u00edstup do jackpotov\u00e9ho bonusu je v\u00a0Mega Moolah automate \u00faplne n\u00e1hodn\u00fd, no treba ma\u0165 na pam\u00e4ti, \u017ee ak hr\u00e1te a\u00a0st\u00e1vkujeme s\u00a0v\u00e4\u010d\u0161\u00edmi sumami, tak automaticky m\u00e1te v\u00e4\u010d\u0161iu \u0161ancu, \u017ee v\u00e1m bude poskytnut\u00e1 mo\u017enos\u0165 zahra\u0165 si o\u00a0tieto v\u00fdnimo\u010dn\u00e9 jackpoty.<\/p>\n<h2>PODPOROVAN\u00c9 PLATFORMY<\/h2>\n<p>Radi sa hr\u00e1te progres\u00edvne\u00a0<strong><a href=\"\/sk\/hracie-automaty\/mobilne\" data-track=\"\">automaty na svojom mobile<\/a><\/strong>? V\u00fdborne! Mega Moolah je automat ur\u010den\u00fd priamo pre v\u00e1s! Okrem rozli\u010dn\u00fdch opera\u010dn\u00fdch syst\u00e9mov, prehliada\u010dov a\u00a0obrazovkov\u00fdch rozl\u00ed\u0161en\u00ed podporuje tento automat aj v\u0161etky be\u017en\u00e9 mobiln\u00e9 zariadenia ako smartf\u00f3ny alebo tablety.<\/p>\n<p>Mega Moolah slot je vytvoren\u00fd ve\u013emi zn\u00e1mou a\u00a0renomovanou spolo\u010dnos\u0165ou\u00a0<strong><a href=\"\/sk\/casino-softver\/microgaming\" data-track=\"\">Microgaming<\/a><\/strong>, ktor\u00e1 v\u0161etky svoje hry kvalitne optimalizuje a\u00a0dod\u00e1va len do exkluz\u00edvnych kas\u00edn, ktor\u00e9 s\u00fa v\u017edy technologicky o\u00a0krok vpred a\u00a0tak pokia\u013e budete o\u00a0svoj jackpot bojova\u0165 na svojom mobile \u010di tablete, tak hra a\u00a0samotn\u00e9 kas\u00edno bud\u00fa ur\u010dite\u00a0kvalitne optimalizovan\u00e9. Ve\u013emi dobr\u00fdm pr\u00edkladom tak\u00fdchto kas\u00edn, ktor\u00e9 pou\u017e\u00edvaj\u00fa softv\u00e9r Microgaming je napr\u00edklad\u00a0<strong><a href=\"\/sk\/casinoeuro\" data-track=\"\">Casinoeuro<\/a><\/strong>, ktor\u00e9 pon\u00faka aj in\u00e9 exkluz\u00edvne hry podporovan\u00e9 len na platforme Microgaming.<\/p>\n<p>V\u00a0t\u00fdchto kas\u00ednach si budete m\u00f4c\u0165 vysk\u00fa\u0161a\u0165\u00a0<strong>Mega Moolah zadarmo<\/strong>, aby ste si lep\u0161ie vysk\u00fa\u0161ali v\u0161etky hern\u00e9 mo\u017enosti, ktor\u00e9 tento automaty poskytuje. Pokia\u013e neviete, ktor\u00e9 kas\u00edna vyu\u017e\u00edvaj\u00fa hry od spolo\u010dnosti Microgaming, alebo ktor\u00e9\u00a0<strong><a href=\"\/sk\" data-track=\"\">online casino<\/a><\/strong>\u00a0pon\u00faka t\u00fato hru, tak sa nemus\u00edte ni\u010doho b\u00e1\u0165 \u2013 v\u00a0tejto recenzii odkazujeme na kas\u00edna, v\u00a0ktor\u00fdch tento \u00fa\u017easn\u00fd automat n\u00e1jdete.<\/p>\n<p>Na z\u00e1ver by sme chceli poznamena\u0165, \u017ee tento automat m\u00f4\u017eete n\u00e1js\u0165 vo viacer\u00fdch tematick\u00fdch vyhotoveniach. Mega Moolah Isis pou\u017e\u00edva egyptsk\u00fa tematiku, \u010falej je to Mega Moolah s\u00a0letnou tematikou a\u00a0e\u0161te jedna verzia s\u00a0americkou tematikou. Pokia\u013e si chcete zabojova\u0165 o\u00a0tieto \u00fa\u017easn\u00e9 bonusy, tak e\u0161te v\u017edy si m\u00f4\u017eete zahra\u0165 aj The Dark Knight automat, ktor\u00fd je napojen\u00fd na tie ist\u00e9 progres\u00edvne jackpoty ako automat Mega Moolah.<\/p>\n<\/div>\n<\/div>\n<\/div>\n<\/div>\n<\/section>\n<\/div>\n<\/div>\n<\/div>\n<\/div>\n<\/div>\n<\/div><\/div><\/div><\/div><\/div><\/div><\/div><\/section>\n","protected":false},"excerpt":{"rendered":"MEGA MOOLAH A PROGRES\u00cdVNY JACKPOT M\u00e1te radi zvierat\u00e1 a z\u00e1rove\u0148 obrovsk\u00e9 jackpoty, v\u010faka ktor\u00fdm sa v\u00a0posledn\u00fdch mesiacoch stali z\u00a0niektor\u00fdch \u013eud\u00ed milion\u00e1ri? V\u00a0tom pr\u00edpade je tu pre v\u00e1s progres\u00edvny\u00a0automat Mega Moolah, ktor\u00fd v\u00e1m okrem zauj\u00edmavej p\u00e4\u0165valcovej tematiky plnej zvierat zo safari prin\u00e1\u0161a aj mo\u017enos\u0165 vyhra\u0165 nie jeden, ale ihne\u010f \u0161tyri progres\u00edvne jackpoty. MEGA MOOLAH JACKPOT V\u00a0predch\u00e1dzaj\u00facich...","protected":false},"author":1,"featured_media":0,"parent":2220,"menu_order":0,"comment_status":"closed","ping_status":"closed","template":"","meta":{"_acf_changed":false,"footnotes":""},"class_list":["post-2527","page","type-page","status-publish","hentry"],"acf":[],"rankMath":{"parentDomain":"onlinebettingspace.com","noFollowDomains":[],"noFollowExcludeDomains":[],"noFollowExternalLinks":false,"featuredImageNotice":"The featured image should be at least 200 by 200 pixels to be picked up by Facebook and other social media sites.","pluginReviewed":true,"postSettings":{"linkSuggestions":true,"useFocusKeyword":false},"frontEndScore":false,"postName":"mega-moolah","permalinkFormat":"https:\/\/onlinebettingspace.com\/sk\/%pagename%\/","showLockModifiedDate":true,"assessor":{"focusKeywordLink":"https:\/\/onlinebettingspace.com\/wp-admin\/edit.php?focus_keyword=%focus_keyword%&post_type=%post_type%","hasTOCPlugin":false,"primaryTaxonomy":false,"serpData":{"title":"Mega Moolah automat | onlinebettingspace.com","description":"Hrac\u00ed automat s africkou tematikou Mega Moolah v sebe kombinuje v\u0161etko to najlep\u0161ie \u2013 bonusy, progres\u00edvne jackpoty a tie\u017e preto\u010denia zdarma!","focusKeywords":"","pillarContent":false,"canonicalUrl":"","breadcrumbTitle":"","advancedRobots":[],"facebookTitle":"","facebookDescription":"","facebookImage":"","facebookImageID":"","facebookHasOverlay":false,"facebookImageOverlay":"","facebookAuthor":"","twitterCardType":"","twitterUseFacebook":true,"twitterTitle":"","twitterDescription":"","twitterImage":"","twitterImageID":"","twitterHasOverlay":false,"twitterImageOverlay":"","twitterPlayerUrl":"","twitterPlayerSize":"","twitterPlayerStream":"","twitterPlayerStreamCtype":"","twitterAppDescription":"","twitterAppIphoneName":"","twitterAppIphoneID":"","twitterAppIphoneUrl":"","twitterAppIpadName":"","twitterAppIpadID":"","twitterAppIpadUrl":"","twitterAppGoogleplayName":"","twitterAppGoogleplayID":"","twitterAppGoogleplayUrl":"","twitterAppCountry":"","robots":{"index":true},"twitterAuthor":"username","primaryTerm":0,"authorName":"OBSAdmin","titleTemplate":"%title% %sep% %sitename%","descriptionTemplate":"%excerpt%","showScoreFrontend":true,"lockModifiedDate":false},"powerWords":[],"diacritics":{"A":"[\\u0041\\u24B6\\uFF21\\u00C0\\u00C1\\u00C2\\u1EA6\\u1EA4\\u1EAA\\u1EA8\\u00C3\\u0100\\u0102\\u1EB0\\u1EAE\\u1EB4\\u1EB2\\u0226\\u01E0\\u00C4\\u01DE\\u1EA2\\u00C5\\u01FA\\u01CD\\u0200\\u0202\\u1EA0\\u1EAC\\u1EB6\\u1E00\\u0104\\u023A\\u2C6F]","AA":"[\\uA732]","AE":"[\\u00C6\\u01FC\\u01E2]","AO":"[\\uA734]","AU":"[\\uA736]","AV":"[\\uA738\\uA73A]","AY":"[\\uA73C]","B":"[\\u0042\\u24B7\\uFF22\\u1E02\\u1E04\\u1E06\\u0243\\u0182\\u0181]","C":"[\\u0043\\u24B8\\uFF23\\u0106\\u0108\\u010A\\u010C\\u00C7\\u1E08\\u0187\\u023B\\uA73E]","D":"[\\u0044\\u24B9\\uFF24\\u1E0A\\u010E\\u1E0C\\u1E10\\u1E12\\u1E0E\\u0110\\u018B\\u018A\\u0189\\uA779]","DZ":"[\\u01F1\\u01C4]","Dz":"[\\u01F2\\u01C5]","E":"[\\u0045\\u24BA\\uFF25\\u00C8\\u00C9\\u00CA\\u1EC0\\u1EBE\\u1EC4\\u1EC2\\u1EBC\\u0112\\u1E14\\u1E16\\u0114\\u0116\\u00CB\\u1EBA\\u011A\\u0204\\u0206\\u1EB8\\u1EC6\\u0228\\u1E1C\\u0118\\u1E18\\u1E1A\\u0190\\u018E]","F":"[\\u0046\\u24BB\\uFF26\\u1E1E\\u0191\\uA77B]","G":"[\\u0047\\u24BC\\uFF27\\u01F4\\u011C\\u1E20\\u011E\\u0120\\u01E6\\u0122\\u01E4\\u0193\\uA7A0\\uA77D\\uA77E]","H":"[\\u0048\\u24BD\\uFF28\\u0124\\u1E22\\u1E26\\u021E\\u1E24\\u1E28\\u1E2A\\u0126\\u2C67\\u2C75\\uA78D]","I":"[\\u0049\\u24BE\\uFF29\\u00CC\\u00CD\\u00CE\\u0128\\u012A\\u012C\\u0130\\u00CF\\u1E2E\\u1EC8\\u01CF\\u0208\\u020A\\u1ECA\\u012E\\u1E2C\\u0197]","J":"[\\u004A\\u24BF\\uFF2A\\u0134\\u0248]","K":"[\\u004B\\u24C0\\uFF2B\\u1E30\\u01E8\\u1E32\\u0136\\u1E34\\u0198\\u2C69\\uA740\\uA742\\uA744\\uA7A2]","L":"[\\u004C\\u24C1\\uFF2C\\u013F\\u0139\\u013D\\u1E36\\u1E38\\u013B\\u1E3C\\u1E3A\\u0141\\u023D\\u2C62\\u2C60\\uA748\\uA746\\uA780]","LJ":"[\\u01C7]","Lj":"[\\u01C8]","M":"[\\u004D\\u24C2\\uFF2D\\u1E3E\\u1E40\\u1E42\\u2C6E\\u019C]","N":"[\\u004E\\u24C3\\uFF2E\\u01F8\\u0143\\u00D1\\u1E44\\u0147\\u1E46\\u0145\\u1E4A\\u1E48\\u0220\\u019D\\uA790\\uA7A4]","NJ":"[\\u01CA]","Nj":"[\\u01CB]","O":"[\\u004F\\u24C4\\uFF2F\\u00D2\\u00D3\\u00D4\\u1ED2\\u1ED0\\u1ED6\\u1ED4\\u00D5\\u1E4C\\u022C\\u1E4E\\u014C\\u1E50\\u1E52\\u014E\\u022E\\u0230\\u00D6\\u022A\\u1ECE\\u0150\\u01D1\\u020C\\u020E\\u01A0\\u1EDC\\u1EDA\\u1EE0\\u1EDE\\u1EE2\\u1ECC\\u1ED8\\u01EA\\u01EC\\u00D8\\u01FE\\u0186\\u019F\\uA74A\\uA74C]","OI":"[\\u01A2]","OO":"[\\uA74E]","OU":"[\\u0222]","P":"[\\u0050\\u24C5\\uFF30\\u1E54\\u1E56\\u01A4\\u2C63\\uA750\\uA752\\uA754]","Q":"[\\u0051\\u24C6\\uFF31\\uA756\\uA758\\u024A]","R":"[\\u0052\\u24C7\\uFF32\\u0154\\u1E58\\u0158\\u0210\\u0212\\u1E5A\\u1E5C\\u0156\\u1E5E\\u024C\\u2C64\\uA75A\\uA7A6\\uA782]","S":"[\\u0053\\u24C8\\uFF33\\u1E9E\\u015A\\u1E64\\u015C\\u1E60\\u0160\\u1E66\\u1E62\\u1E68\\u0218\\u015E\\u2C7E\\uA7A8\\uA784]","T":"[\\u0054\\u24C9\\uFF34\\u1E6A\\u0164\\u1E6C\\u021A\\u0162\\u1E70\\u1E6E\\u0166\\u01AC\\u01AE\\u023E\\uA786]","TZ":"[\\uA728]","U":"[\\u0055\\u24CA\\uFF35\\u00D9\\u00DA\\u00DB\\u0168\\u1E78\\u016A\\u1E7A\\u016C\\u00DC\\u01DB\\u01D7\\u01D5\\u01D9\\u1EE6\\u016E\\u0170\\u01D3\\u0214\\u0216\\u01AF\\u1EEA\\u1EE8\\u1EEE\\u1EEC\\u1EF0\\u1EE4\\u1E72\\u0172\\u1E76\\u1E74\\u0244]","V":"[\\u0056\\u24CB\\uFF36\\u1E7C\\u1E7E\\u01B2\\uA75E\\u0245]","VY":"[\\uA760]","W":"[\\u0057\\u24CC\\uFF37\\u1E80\\u1E82\\u0174\\u1E86\\u1E84\\u1E88\\u2C72]","X":"[\\u0058\\u24CD\\uFF38\\u1E8A\\u1E8C]","Y":"[\\u0059\\u24CE\\uFF39\\u1EF2\\u00DD\\u0176\\u1EF8\\u0232\\u1E8E\\u0178\\u1EF6\\u1EF4\\u01B3\\u024E\\u1EFE]","Z":"[\\u005A\\u24CF\\uFF3A\\u0179\\u1E90\\u017B\\u017D\\u1E92\\u1E94\\u01B5\\u0224\\u2C7F\\u2C6B\\uA762]","a":"[\\u0061\\u24D0\\uFF41\\u1E9A\\u00E0\\u00E1\\u00E2\\u1EA7\\u1EA5\\u1EAB\\u1EA9\\u00E3\\u0101\\u0103\\u1EB1\\u1EAF\\u1EB5\\u1EB3\\u0227\\u01E1\\u00E4\\u01DF\\u1EA3\\u00E5\\u01FB\\u01CE\\u0201\\u0203\\u1EA1\\u1EAD\\u1EB7\\u1E01\\u0105\\u2C65\\u0250]","aa":"[\\uA733]","ae":"[\\u00E6\\u01FD\\u01E3]","ao":"[\\uA735]","au":"[\\uA737]","av":"[\\uA739\\uA73B]","ay":"[\\uA73D]","b":"[\\u0062\\u24D1\\uFF42\\u1E03\\u1E05\\u1E07\\u0180\\u0183\\u0253]","c":"[\\u0063\\u24D2\\uFF43\\u0107\\u0109\\u010B\\u010D\\u00E7\\u1E09\\u0188\\u023C\\uA73F\\u2184]","d":"[\\u0064\\u24D3\\uFF44\\u1E0B\\u010F\\u1E0D\\u1E11\\u1E13\\u1E0F\\u0111\\u018C\\u0256\\u0257\\uA77A]","dz":"[\\u01F3\\u01C6]","e":"[\\u0065\\u24D4\\uFF45\\u00E8\\u00E9\\u00EA\\u1EC1\\u1EBF\\u1EC5\\u1EC3\\u1EBD\\u0113\\u1E15\\u1E17\\u0115\\u0117\\u00EB\\u1EBB\\u011B\\u0205\\u0207\\u1EB9\\u1EC7\\u0229\\u1E1D\\u0119\\u1E19\\u1E1B\\u0247\\u025B\\u01DD]","f":"[\\u0066\\u24D5\\uFF46\\u1E1F\\u0192\\uA77C]","g":"[\\u0067\\u24D6\\uFF47\\u01F5\\u011D\\u1E21\\u011F\\u0121\\u01E7\\u0123\\u01E5\\u0260\\uA7A1\\u1D79\\uA77F]","h":"[\\u0068\\u24D7\\uFF48\\u0125\\u1E23\\u1E27\\u021F\\u1E25\\u1E29\\u1E2B\\u1E96\\u0127\\u2C68\\u2C76\\u0265]","hv":"[\\u0195]","i":"[\\u0069\\u24D8\\uFF49\\u00EC\\u00ED\\u00EE\\u0129\\u012B\\u012D\\u00EF\\u1E2F\\u1EC9\\u01D0\\u0209\\u020B\\u1ECB\\u012F\\u1E2D\\u0268\\u0131]","j":"[\\u006A\\u24D9\\uFF4A\\u0135\\u01F0\\u0249]","k":"[\\u006B\\u24DA\\uFF4B\\u1E31\\u01E9\\u1E33\\u0137\\u1E35\\u0199\\u2C6A\\uA741\\uA743\\uA745\\uA7A3]","l":"[\\u006C\\u24DB\\uFF4C\\u0140\\u013A\\u013E\\u1E37\\u1E39\\u013C\\u1E3D\\u1E3B\\u017F\\u0142\\u019A\\u026B\\u2C61\\uA749\\uA781\\uA747]","lj":"[\\u01C9]","m":"[\\u006D\\u24DC\\uFF4D\\u1E3F\\u1E41\\u1E43\\u0271\\u026F]","n":"[\\u006E\\u24DD\\uFF4E\\u01F9\\u0144\\u00F1\\u1E45\\u0148\\u1E47\\u0146\\u1E4B\\u1E49\\u019E\\u0272\\u0149\\uA791\\uA7A5]","nj":"[\\u01CC]","o":"[\\u006F\\u24DE\\uFF4F\\u00F2\\u00F3\\u00F4\\u1ED3\\u1ED1\\u1ED7\\u1ED5\\u00F5\\u1E4D\\u022D\\u1E4F\\u014D\\u1E51\\u1E53\\u014F\\u022F\\u0231\\u00F6\\u022B\\u1ECF\\u0151\\u01D2\\u020D\\u020F\\u01A1\\u1EDD\\u1EDB\\u1EE1\\u1EDF\\u1EE3\\u1ECD\\u1ED9\\u01EB\\u01ED\\u00F8\\u01FF\\u0254\\uA74B\\uA74D\\u0275]","oi":"[\\u01A3]","ou":"[\\u0223]","oo":"[\\uA74F]","p":"[\\u0070\\u24DF\\uFF50\\u1E55\\u1E57\\u01A5\\u1D7D\\uA751\\uA753\\uA755]","q":"[\\u0071\\u24E0\\uFF51\\u024B\\uA757\\uA759]","r":"[\\u0072\\u24E1\\uFF52\\u0155\\u1E59\\u0159\\u0211\\u0213\\u1E5B\\u1E5D\\u0157\\u1E5F\\u024D\\u027D\\uA75B\\uA7A7\\uA783]","s":"[\\u0073\\u24E2\\uFF53\\u015B\\u1E65\\u015D\\u1E61\\u0161\\u1E67\\u1E63\\u1E69\\u0219\\u015F\\u023F\\uA7A9\\uA785\\u1E9B]","ss":"[\\u00DF]","t":"[\\u0074\\u24E3\\uFF54\\u1E6B\\u1E97\\u0165\\u1E6D\\u021B\\u0163\\u1E71\\u1E6F\\u0167\\u01AD\\u0288\\u2C66\\uA787]","tz":"[\\uA729]","u":"[\\u0075\\u24E4\\uFF55\\u00F9\\u00FA\\u00FB\\u0169\\u1E79\\u016B\\u1E7B\\u016D\\u00FC\\u01DC\\u01D8\\u01D6\\u01DA\\u1EE7\\u016F\\u0171\\u01D4\\u0215\\u0217\\u01B0\\u1EEB\\u1EE9\\u1EEF\\u1EED\\u1EF1\\u1EE5\\u1E73\\u0173\\u1E77\\u1E75\\u0289]","v":"[\\u0076\\u24E5\\uFF56\\u1E7D\\u1E7F\\u028B\\uA75F\\u028C]","vy":"[\\uA761]","w":"[\\u0077\\u24E6\\uFF57\\u1E81\\u1E83\\u0175\\u1E87\\u1E85\\u1E98\\u1E89\\u2C73]","x":"[\\u0078\\u24E7\\uFF58\\u1E8B\\u1E8D]","y":"[\\u0079\\u24E8\\uFF59\\u1EF3\\u00FD\\u0177\\u1EF9\\u0233\\u1E8F\\u00FF\\u1EF7\\u1E99\\u1EF5\\u01B4\\u024F\\u1EFF]","z":"[\\u007A\\u24E9\\uFF5A\\u017A\\u1E91\\u017C\\u017E\\u1E93\\u1E95\\u01B6\\u0225\\u0240\\u2C6C\\uA763]"},"researchesTests":["contentHasTOC","contentHasShortParagraphs","contentHasAssets","keywordInTitle","keywordInMetaDescription","keywordInPermalink","keywordIn10Percent","keywordInContent","keywordInSubheadings","keywordInImageAlt","keywordDensity","keywordNotUsed","lengthContent","lengthPermalink","linksHasInternal","linksHasExternals","linksNotAllExternals","titleStartWithKeyword","titleSentiment","titleHasPowerWords","titleHasNumber","hasContentAI"],"hasRedirection":true,"hasBreadcrumb":false},"homeUrl":"https:\/\/onlinebettingspace.com\/sk\/","objectID":2527,"objectType":"post","locale":"sk","localeFull":"sk_SK","overlayImages":{"play":{"name":"Play icon","url":"https:\/\/onlinebettingspace.com\/wp-content\/plugins\/seo-by-rank-math\/assets\/admin\/img\/icon-play.png","path":"\/home\/SuperAdmin\/web\/onlinebettingspace.com\/public_html\/wp-content\/plugins\/seo-by-rank-math\/assets\/admin\/img\/icon-play.png","position":"middle_center"},"gif":{"name":"GIF icon","url":"https:\/\/onlinebettingspace.com\/wp-content\/plugins\/seo-by-rank-math\/assets\/admin\/img\/icon-gif.png","path":"\/home\/SuperAdmin\/web\/onlinebettingspace.com\/public_html\/wp-content\/plugins\/seo-by-rank-math\/assets\/admin\/img\/icon-gif.png","position":"middle_center"}},"defautOgImage":"https:\/\/onlinebettingspace.com\/wp-content\/uploads\/2022\/04\/OBS-FULL-LOGO.webp","customPermalinks":true,"isUserRegistered":true,"autoSuggestKeywords":true,"connectSiteUrl":"https:\/\/rankmath.com\/auth?site=https%3A%2F%2Fonlinebettingspace.com%2Fsk%2F&r=https%3A%2F%2Fonlinebettingspace.com%2Fsk%2Fwp-json%2Fwp%2Fv2%2Fpages%2F2527%3Fnonce%3Daafa9d571e","maxTags":5,"trendsIcon":"<svg viewBox=\"0 0 610 610\"><path d=\"M18.85,446,174.32,290.48l58.08,58.08L76.93,504a14.54,14.54,0,0,1-20.55,0L18.83,466.48a14.54,14.54,0,0,1,0-20.55Z\" style=\"fill:#4285f4\"\/><path d=\"M242.65,242.66,377.59,377.6l-47.75,47.75a14.54,14.54,0,0,1-20.55,0L174.37,290.43l47.75-47.75A14.52,14.52,0,0,1,242.65,242.66Z\" style=\"fill:#ea4335\"\/><polygon points=\"319.53 319.53 479.26 159.8 537.34 217.88 377.61 377.62 319.53 319.53\" style=\"fill:#fabb05\"\/><path d=\"M594.26,262.73V118.61h0a16.94,16.94,0,0,0-16.94-16.94H433.2a16.94,16.94,0,0,0-12,28.92L565.34,274.71h0a16.94,16.94,0,0,0,28.92-12Z\" style=\"fill:#34a853\"\/><rect width=\"610\" height=\"610\" style=\"fill:none\"\/><\/svg>","showScore":true,"siteFavIcon":"https:\/\/onlinebettingspace.com\/wp-content\/uploads\/2022\/04\/OBS-LOGO-1.webp","canUser":{"general":false,"advanced":false,"snippet":false,"social":false,"analysis":false,"analytics":false,"content_ai":false},"showKeywordIntent":true,"isPro":false,"is_front_page":false,"trendsUpgradeLink":"https:\/\/rankmath.com\/pricing\/?utm_source=Plugin&utm_medium=CE%20General%20Tab%20Trends&utm_campaign=WP","trendsUpgradeLabel":"Upgrade","trendsPreviewImage":"https:\/\/onlinebettingspace.com\/wp-content\/plugins\/seo-by-rank-math\/assets\/admin\/img\/trends-preview.jpg","currentEditor":false,"homepageData":{"assessor":{"powerWords":[],"diacritics":true,"researchesTests":["contentHasTOC","contentHasShortParagraphs","contentHasAssets","keywordInTitle","keywordInMetaDescription","keywordInPermalink","keywordIn10Percent","keywordInContent","keywordInSubheadings","keywordInImageAlt","keywordDensity","keywordNotUsed","lengthContent","lengthPermalink","linksHasInternal","linksHasExternals","linksNotAllExternals","titleStartWithKeyword","titleSentiment","titleHasPowerWords","titleHasNumber","hasContentAI"],"hasBreadcrumb":false,"serpData":{"title":"%sitename% %page% %sep% %sitedesc%","description":"","titleTemplate":"%sitename% %page% %sep% %sitedesc%","descriptionTemplate":"","focusKeywords":"","breadcrumbTitle":"Home","robots":{"index":true},"advancedRobots":[],"facebookTitle":"","facebookDescription":"","facebookImage":"","facebookImageID":""}}},"tocTitle":"Table of Contents","tocExcludeHeadings":[],"listStyle":"ul"},"_links":{"self":[{"href":"https:\/\/onlinebettingspace.com\/sk\/wp-json\/wp\/v2\/pages\/2527","targetHints":{"allow":["GET"]}}],"collection":[{"href":"https:\/\/onlinebettingspace.com\/sk\/wp-json\/wp\/v2\/pages"}],"about":[{"href":"https:\/\/onlinebettingspace.com\/sk\/wp-json\/wp\/v2\/types\/page"}],"author":[{"embeddable":true,"href":"https:\/\/onlinebettingspace.com\/sk\/wp-json\/wp\/v2\/users\/1"}],"replies":[{"embeddable":true,"href":"https:\/\/onlinebettingspace.com\/sk\/wp-json\/wp\/v2\/comments?post=2527"}],"version-history":[{"count":0,"href":"https:\/\/onlinebettingspace.com\/sk\/wp-json\/wp\/v2\/pages\/2527\/revisions"}],"up":[{"embeddable":true,"href":"https:\/\/onlinebettingspace.com\/sk\/wp-json\/wp\/v2\/pages\/2220"}],"wp:attachment":[{"href":"https:\/\/onlinebettingspace.com\/sk\/wp-json\/wp\/v2\/media?parent=2527"}],"curies":[{"name":"wp","href":"https:\/\/api.w.org\/{rel}","templated":true}]}}