{"id":2524,"date":"2022-08-19T13:17:08","date_gmt":"2022-08-19T10:17:08","guid":{"rendered":"https:\/\/onlinebettingspace.com\/?page_id=2524"},"modified":"2022-08-19T13:17:08","modified_gmt":"2022-08-19T10:17:08","slug":"book-of-dead","status":"publish","type":"page","link":"https:\/\/onlinebettingspace.com\/sk\/hracie-automaty\/book-of-dead\/","title":{"rendered":"BOOK OF DEAD"},"content":{"rendered":"<section class=\"l-section wpb_row height_medium\"><div class=\"l-section-h i-cf\"><div class=\"g-cols vc_row via_flex valign_top type_default stacking_default\"><div class=\"vc_col-sm-12 wpb_column vc_column_container\"><div class=\"vc_column-inner\"><div class=\"wpb_wrapper\"><div class=\"wpb_text_column\"><div class=\"wpb_wrapper\"><h1>BOOK OF DEAD RECENZIA<\/h1>\n<div>\n<div id=\"breadcrumbsWrap\" class=\"hidden-xs\">\n<div id=\"breadcrumbs\">\n<div class=\"col-xs-12 col-sm-8 col-md-9 sp\">\n<div class=\"intro WYSIWYG\">\n<div>\n<div class=\"m_-4191514938164552423WordSection1\">\n<p class=\"m_-4191514938164552423MsoListParagraph\">Pokia\u013e sa pohybujete vo svete online kas\u00edn a automatov u\u017e dlh\u0161ie, je skoro vyl\u00fa\u010den\u00e9, aby ste aspo\u0148 nepo\u010duli, ak u\u017e ste si priamo aj nezahrali na 5-valcovom automate Book of Ra. Prv\u00ed hr\u00e1\u010di si na \u0148om mohli zato\u010di\u0165 u\u017e v roku 2005 a tento automat zmenil podobu kas\u00ednov\u00fdch hier sp\u00f4sobom, ak\u00fdm to nikto neo\u010dak\u00e1val.<\/p>\n<div>\n<div class=\"readMore\">\n<p class=\"m_-4191514938164552423MsoListParagraph\">Bolo jasn\u00e9, \u017ee na \u00faspech tohto automatu sa spolo\u010dnosti pok\u00fasia naviaza\u0165 \u010fal\u0161\u00edmi podobn\u00fdmi. A\u00a0jedn\u00fdm z\u00a0tak\u00fdchto automatov je aj Book of Dead, ktor\u00fd je k\u00a0hr\u00e1\u010dom k\u00a0dispoz\u00edcii od roku 2016. Ten poch\u00e1dza z\u00a0dielne \u0161v\u00e9dskeho kas\u00ednov\u00e9ho giganta Play\u00b4n Go a\u00a0svojim pr\u00edbehom n\u00e1s vracia do hist\u00f3rie, konkr\u00e9tne do \u010dias Starovek\u00e9ho Egypta, v\u00a0ktorom postava menom Rich Wild za\u017e\u00edva svoje ve\u013ekolep\u00e9 dobrodru\u017estv\u00e1 pri objavovan\u00ed pokladov. Nie\u010do podobn\u00e9 m\u00f4\u017eete pri hran\u00ed za\u017e\u00edva\u0165 aj vy, no namiesto pokladov ku v\u00e1m bud\u00fa pr\u00fadi\u0165 mince a\u00a0eur\u00e1. Automat v\u0161ak pon\u00faka sk\u00f4r podpriemern\u00fa n\u00e1vratnos\u0165 a\u00a0to 96.2%.<\/p>\n<\/div>\n<\/div>\n<\/div>\n<\/div>\n<\/div>\n<\/div>\n<div class=\"col-xs-12 col-sm-12 col-md-9 sp pull-right\">\n<div class=\"WYSIWYG\">\n<h2>AKO HRA\u0164 AUTOMAT BOOK OF DEAD<\/h2>\n<p>Predt\u00fdm, ako v\u00e1m prezrad\u00edme ako hra\u0165 na tomto automate, mali by sme si nie\u010do poveda\u0165 o\u00a0samotnom automate Book of Dead. Je to modern\u00fd automat \u2013 \u010do znamen\u00e1, \u017ee m\u00e1 p\u00e4\u0165 valcov, k\u00a0tomu tri riadky a\u00a0desa\u0165 v\u00fdhern\u00fdch l\u00ednii. Vyu\u017e\u00edva ob\u013e\u00faben\u00fa t\u00e9mu z\u00a0m\u00fdtick\u00e9ho starovek\u00e9ho Egypta. Predt\u00fdm, ne\u017e sa v\u00f4bec rozhodnete hra\u0165 na Book of Ra, budete v\u0161ak musie\u0165 u\u010dini\u0165 nieko\u013eko d\u00f4le\u017eit\u00fdch rozhodnut\u00ed. Za\u010dneme t\u00fdm, \u017ee si budete musie\u0165 ur\u010di\u0165 \u201eCoin value\u201c, teda hodnotu minc\u00ed, s\u00a0ktor\u00fdmi budete hra\u0165. Hodnota minc\u00ed za\u010d\u00edna na jednom cente (0.01) a\u00a0kon\u010d\u00ed na jednej celej.<\/p>\n<p>Ke\u010f u\u017e ste sa rozhodli, ako hodnotn\u00e9 bud\u00fa va\u0161e mince, mus\u00edte si ur\u010di\u0165 to, s\u00a0ko\u013eko mincami hra\u0165 budete. Tentoraz m\u00e1te na v\u00fdber od jednej do p\u00e4\u0165 minc\u00ed. A\u00a0to posledn\u00e9 rozhodnutie, ktor\u00e9 mus\u00edte u\u010dini\u0165 je to, na ko\u013eko l\u00edni\u00ed sa rozhodnete si stavi\u0165. Ke\u010f\u017ee automat m\u00e1 desa\u0165 l\u00ednii, vsadi\u0165 si m\u00f4\u017eete na najviac desa\u0165 l\u00edni\u00ed. Pokia\u013e chcete hra\u0165 za maxim\u00e1lnu sumu a\u00a0nechce sa v\u00e1m manu\u00e1lne nastavova\u0165 ka\u017ed\u00e1 jedna polo\u017eka manu\u00e1lne, sta\u010d\u00ed klikn\u00fa\u0165 na tla\u010didlo \u201eBet Max\u201c. Na automate sa d\u00e1 hra\u0165 u\u017e na jeden cent 0.01, maxim\u00e1lna st\u00e1vka na jedno zato\u010denie dosahuje 50. Je to teda automat, ako pre t\u00fdch, ktor\u00ed hraj\u00fa za drobn\u00e9, tak aj pre t\u00fdch, ktor\u00ed radi hraj\u00fa o\u00a0v\u00e4\u010d\u0161ie peniaze.<\/p>\n<section class=\"multimedia_conversion widgetWrapper regular video\" data-widget-id=\"72707\" data-widget-type=\"Multimedia_Conversion\" data-brand-id=\"74806\">\n<div class=\"row all-wrapper\">\n<div class=\"col-xs-12 col-sm-8 graphic-wrapper widget-bg-color\">\n<div class=\"iframe_wrapper\">\n<div class=\"WYSIWYG\">\n<h2>HRAJTE BOOK OF DEAD ZADARMO ALEBO SO SKUTO\u010cN\u00ddMI PENIAZMI<\/h2>\n<p>Automat Book of Dead je nato\u013eko popul\u00e1rny automat, \u017ee ho m\u00e1 dnes v\u00a0ponuke nie jedno, ale viacero\u00a0<a href=\"\/sk\/kasina-recenzia\" data-track=\"\"><strong>online kas\u00edn<\/strong><\/a>. Pre hr\u00e1\u010dov je to len dobre, nielen\u017ee si m\u00f4\u017eete vybra\u0165 to, kde si ho zahr\u00e1te, ale v\u010faka tomu m\u00e1te aj istotu toho, \u017ee si budete m\u00f4c\u0165 zvoli\u0165, ako si ho zahr\u00e1te. M\u00e1te na v\u00fdber z\u00a0dvoch \u0161tandardn\u00fdch mo\u017enost\u00ed \u2013 zahra\u0165 si o\u00a0skuto\u010dn\u00e9 peniaze a\u00a0zahra\u0165 si ho \u00faplne\u00a0<a href=\"\/sk\/hracie-automaty\/zdarma\" data-track=\"\"><strong>zadarmo<\/strong><\/a>. Pokia\u013e ste na tomto automate e\u0161te nikdy nehrali, odpor\u00fa\u010dame v\u00e1m aspo\u0148 na za\u010diatok, vysk\u00fa\u0161a\u0165 si nieko\u013eko desiatok zato\u010den\u00ed zadarmo, aby ste si automat tak trochu \u201eohmatali\u201c a\u00a0zistili to, \u010di v\u00e1s bude jeho hranie zab\u00e1va\u0165. Bez toho to toti\u017e nejde.<\/p>\n<h2>BONUSOV\u00c9 KOL\u00c1 A\u00a0FUNKCIE<\/h2>\n<p>To, \u010do spravilo z\u00a0automatu Book of Dead tak popul\u00e1rny slot nie je jeho historick\u00e1 t\u00e9ma alebo po\u010det valcov, pr\u00edpadne mno\u017estvo v\u00fdplatn\u00fdch l\u00edni\u00ed alebo hodnota n\u00e1vratnosti teda, ale nie\u010do \u00faplne in\u00e9 \u2013 jeho bonusov\u00e9 funkcie. Hr\u00e1\u010dov odprad\u00e1vna l\u00e1kalo, ak mohli nie\u010do z\u00edska\u0165 zadarmo a\u00a0pri Book of Dead m\u00f4\u017eu a\u00a0to bezplatn\u00e9 zato\u010denia. \u010ci presnej\u0161ie desa\u0165\u00a0<a href=\"\/sk\/hracie-automaty\/pretocenie-zdarma\" data-track=\"\"><strong>bezplatn\u00fdch zato\u010den\u00ed<\/strong><\/a>. Tie im pribudn\u00fa na \u00fa\u010det v\u00a0pr\u00edpade, \u017ee sa im po\u010das \u0161tandardn\u00e9ho zato\u010denia automatu objavia tri Scatter symboly kdeko\u013evek na valcoch. Scatter symbolom v\u00a0tejto hre je Zlat\u00e1 kniha. T\u00e1 funguje nielen ako Scatter symbol, ale aj ako \u017dol\u00edk (Wild).<\/p>\n<p>Symbol knihy a\u00a0\u017dol\u00edka funguje podobne, ako to pozn\u00e1me z\u00a0kariet. Nahr\u00e1dza ak\u00fdko\u013evek symbol na valcoch a\u00a0pom\u00e1ha hr\u00e1\u010dom teda dotv\u00e1ra\u0165 v\u00fdhern\u00e9 kombin\u00e1cie.<\/p>\n<p>Scatter symbolom so \u017dol\u00edkom a\u00a0s\u00a0bezplatn\u00fdmi zato\u010deniami to nekon\u010d\u00ed. Ak by kon\u010dilo, bol by to len viac \u010di menej oby\u010dajn\u00fd p\u00e4\u0165valcov\u00fd automat. Book of Dead toti\u017e pon\u00faka aj takzvan\u00fd Expanding Symbol (expanduj\u00faci alebo roz\u0161\u00edren\u00fd symbol), ktor\u00fd je n\u00e1hodne zvolen\u00fd pred bezplatn\u00fdmi zato\u010deniami a\u00a0jeho funkcia je tak\u00e1, \u017ee v\u00e1m nav\u00fd\u0161i celkov\u00e9 v\u00fdhry.<\/p>\n<\/div>\n<section class=\"attributes\">\n<h2>R\u00ddCHLY PREH\u013dAD<\/h2>\n<div>\n<ul>\n<li><span class=\"heading\">Bonusov\u00e9 kolo:<\/span>\u00a0\u00c1no<\/li>\n<li><span class=\"heading\">Rozptylov\u00fd:<\/span>\u00a0\u00c1no<\/li>\n<li><span class=\"heading\">Preto\u010denia zdarma:<\/span>\u00a0\u00c1no<\/li>\n<\/ul>\n<\/div>\n<\/section>\n<div class=\"WYSIWYG\">\n<h2>\u0160TRUKT\u00daRA V\u00ddHIER<\/h2>\n<p>Okrem bonusov, ktor\u00e9 automat pon\u00faka, je hlavn\u00fdm \u0165ah\u00e1kom Book of Dead jeho \u0161trukt\u00fara v\u00fdhier. Na automate sa d\u00e1 vyhra\u0165 a\u017e 250.000 minc\u00ed, \u010do re\u00e1lne znamen\u00e1 aj nieko\u013eko stoviek tis\u00edc eur. Book of Dead sa stal zn\u00e1mym automatom hlavne pre to, ak\u00e9 ve\u013ek\u00e9 odmeny vypl\u00e1ca v\u00a0pr\u00edpadoch, kedy nie\u010do traf\u00edte. Automat pon\u00faka dovedna dev\u00e4\u0165 symbolov a\u00a0v\u00a0z\u00e1vislosti od toho, s\u00a0ak\u00fdmi symbolmi vytvor\u00edte l\u00edniu sa odv\u00edja aj v\u00fd\u0161ka odmeny.<\/p>\n<p>\u0160trukt\u00faru odmien si m\u00f4\u017eete zapam\u00e4ta\u0165 ve\u013emi jednoducho \u2013 symboly post\u00e1v s\u00fa hodnotnej\u0161ie, ne\u017e kartov\u00e9 znaky. Najviac si budete \u017eela\u0165 to, aby ste na automatoch objavili \u010do najviac symbolov hlavn\u00e9ho hrdinu, Richa Wilda. P\u00e4\u0165 identick\u00fdch symbolov na v\u00fdhernej l\u00ednii toti\u017e znamen\u00e1 v\u00fdhru a\u017e 5000-n\u00e1sobku st\u00e1vky. Aj \u0161tyri symboly s\u00fa v\u0161ak dostato\u010dne atrakt\u00edvne, znamenaj\u00fa toti\u017e zisk 1000-n\u00e1sobku st\u00e1vky. Druh\u00fdm najhodnotnej\u0161\u00edm symbolom je symbol fara\u00f3na garantuj\u00faci zisk 2000-n\u00e1sobku st\u00e1vky. V\u00a0porovnan\u00ed so 100-n\u00e1sobkom, ktor\u00e9 z\u00edskate za \u201epln\u00fa\u201c pri jackoch, queenach a\u00a0desiatk\u00e1ch, je to ve\u013ek\u00fd rozdiel.<\/p>\n<h2>BOOK OF DEAD NA MOBILE<\/h2>\n<p>Ve\u013ekou v\u00fdhodou automatov oproti ne-automatov\u00fdm hr\u00e1m je to, \u017ee si ich m\u00f4\u017eete zahra\u0165 na viacer\u00fdch platform\u00e1ch. Book of Dead je toho zrete\u013en\u00fdm pr\u00edkladom, spusti\u0165 si ho toti\u017e m\u00f4\u017eete ako doma na stolnom po\u010d\u00edta\u010di alebo notebooku, tak aj kdeko\u013evek inde. Sta\u010d\u00ed v\u00e1m k\u00a0tomu ma\u0165 mobiln\u00fd telef\u00f3n alebo tablet. K\u00fdm niektor\u00e9 kas\u00edna podmie\u0148uj\u00fa hru na mobiloch stiahnut\u00edm aplik\u00e1cie, v\u00a0\u010fal\u0161\u00edch pr\u00edpadoch v\u00e1m ku hre bude sta\u010di\u0165 to, \u017ee si otvor\u00edte str\u00e1nku zvolen\u00e9ho kas\u00edna v\u00a0prehliada\u010di. Hra\u0165 Book of Dead na mobile a\u00a0na klasickom desktopovom po\u010d\u00edta\u010di nie je skoro \u017eiadny rozdiel,\u00a0<a href=\"\/sk\/hracie-automaty\/mobilne\" data-track=\"\"><strong>mobiln\u00e1 verzia<\/strong><\/a>\u00a0nie je o\u00a0ni\u010d ochudobnen\u00e1, \u010do sa funkcii alebo \u0161trukt\u00fary v\u00fdhier t\u00fdka.<\/p>\n<h2>SUM\u00c1R<\/h2>\n<p>Book of Dead patr\u00ed medzi mlad\u00e9 a\u00a0modern\u00e9 automaty, ktor\u00fd bol hr\u00e1\u010dom predstaven\u00fd iba za\u010diatkom roku 2016. Automat pon\u00faka p\u00e4\u0165 valcov, tri riadky a\u00a0desa\u0165 v\u00fdhern\u00fdch l\u00ednii. Slab\u0161iu n\u00e1vratnos\u0165 (RTP) vynahr\u00e1dza mno\u017estvo bonusov, ktor\u00e9 vypl\u00fdvaj\u00fa zo Scatter symbolu a bezplatn\u00fdch zato\u010den\u00ed a\u00a0automat teda pon\u00faka ove\u013ea v\u00e4\u010d\u0161iu z\u00e1bavu, ne\u017e in\u00e9 automaty. Automat navy\u0161e pon\u00faka atrakt\u00edvnu historick\u00fa t\u00e9mu, ktor\u00fa hr\u00e1\u010di neust\u00e1le vyh\u013ead\u00e1vaj\u00fa.<\/p>\n<p>Popularitu tomuto automatu v\u0161ak z\u00edskavaj\u00fa ve\u013ek\u00e9 a \u010dast\u00e9 v\u00fdhry a stalo sa u\u017e aj to, \u017ee jedno zato\u010denie pr\u00e1ve na tomto automate zmenilo hr\u00e1\u010dom \u017eivot. Bodaj by nie \u2013 vyhra\u0165 stovky tis\u00edc eur by malo zmeni\u0165 v\u00e1\u0161 \u017eivot. Automat Book of Dead by ste si mali rozhodne vysk\u00fa\u0161a\u0165, \u010di u\u017e si ho zahra\u0165 zadarmo alebo za peniaze.<\/p>\n<\/div>\n<\/div>\n<\/div>\n<\/div>\n<\/section>\n<\/div>\n<\/div>\n<\/div>\n<\/div>\n<\/div>\n<\/div><\/div><\/div><\/div><\/div><\/div><\/div><\/section>\n","protected":false},"excerpt":{"rendered":"BOOK OF DEAD RECENZIA Pokia\u013e sa pohybujete vo svete online kas\u00edn a automatov u\u017e dlh\u0161ie, je skoro vyl\u00fa\u010den\u00e9, aby ste aspo\u0148 nepo\u010duli, ak u\u017e ste si priamo aj nezahrali na 5-valcovom automate Book of Ra. Prv\u00ed hr\u00e1\u010di si na \u0148om mohli zato\u010di\u0165 u\u017e v roku 2005 a tento automat zmenil podobu kas\u00ednov\u00fdch hier sp\u00f4sobom, ak\u00fdm...","protected":false},"author":1,"featured_media":0,"parent":2220,"menu_order":0,"comment_status":"closed","ping_status":"closed","template":"","meta":{"_acf_changed":false,"footnotes":""},"class_list":["post-2524","page","type-page","status-publish","hentry"],"acf":[],"rankMath":{"parentDomain":"onlinebettingspace.com","noFollowDomains":[],"noFollowExcludeDomains":[],"noFollowExternalLinks":false,"featuredImageNotice":"The featured image should be at least 200 by 200 pixels to be picked up by Facebook and other social media sites.","pluginReviewed":true,"postSettings":{"linkSuggestions":true,"useFocusKeyword":false},"frontEndScore":false,"postName":"book-of-dead","permalinkFormat":"https:\/\/onlinebettingspace.com\/sk\/%pagename%\/","showLockModifiedDate":true,"assessor":{"focusKeywordLink":"https:\/\/onlinebettingspace.com\/wp-admin\/edit.php?focus_keyword=%focus_keyword%&post_type=%post_type%","hasTOCPlugin":false,"primaryTaxonomy":false,"serpData":{"title":"Book of Dead \u2013 Zahraj si skvel\u00fd 5-valcov\u00fd automat","description":"Automat Book of Dead pon\u00faka atrakt\u00edvnu historick\u00fa tematiku v prostred\u00ed 5-valcov\u00e9ho slotu","focusKeywords":"","pillarContent":false,"canonicalUrl":"","breadcrumbTitle":"","advancedRobots":[],"facebookTitle":"","facebookDescription":"","facebookImage":"","facebookImageID":"","facebookHasOverlay":false,"facebookImageOverlay":"","facebookAuthor":"","twitterCardType":"","twitterUseFacebook":true,"twitterTitle":"","twitterDescription":"","twitterImage":"","twitterImageID":"","twitterHasOverlay":false,"twitterImageOverlay":"","twitterPlayerUrl":"","twitterPlayerSize":"","twitterPlayerStream":"","twitterPlayerStreamCtype":"","twitterAppDescription":"","twitterAppIphoneName":"","twitterAppIphoneID":"","twitterAppIphoneUrl":"","twitterAppIpadName":"","twitterAppIpadID":"","twitterAppIpadUrl":"","twitterAppGoogleplayName":"","twitterAppGoogleplayID":"","twitterAppGoogleplayUrl":"","twitterAppCountry":"","robots":{"index":true},"twitterAuthor":"username","primaryTerm":0,"authorName":"OBSAdmin","titleTemplate":"%title% %sep% %sitename%","descriptionTemplate":"%excerpt%","showScoreFrontend":true,"lockModifiedDate":false},"powerWords":[],"diacritics":{"A":"[\\u0041\\u24B6\\uFF21\\u00C0\\u00C1\\u00C2\\u1EA6\\u1EA4\\u1EAA\\u1EA8\\u00C3\\u0100\\u0102\\u1EB0\\u1EAE\\u1EB4\\u1EB2\\u0226\\u01E0\\u00C4\\u01DE\\u1EA2\\u00C5\\u01FA\\u01CD\\u0200\\u0202\\u1EA0\\u1EAC\\u1EB6\\u1E00\\u0104\\u023A\\u2C6F]","AA":"[\\uA732]","AE":"[\\u00C6\\u01FC\\u01E2]","AO":"[\\uA734]","AU":"[\\uA736]","AV":"[\\uA738\\uA73A]","AY":"[\\uA73C]","B":"[\\u0042\\u24B7\\uFF22\\u1E02\\u1E04\\u1E06\\u0243\\u0182\\u0181]","C":"[\\u0043\\u24B8\\uFF23\\u0106\\u0108\\u010A\\u010C\\u00C7\\u1E08\\u0187\\u023B\\uA73E]","D":"[\\u0044\\u24B9\\uFF24\\u1E0A\\u010E\\u1E0C\\u1E10\\u1E12\\u1E0E\\u0110\\u018B\\u018A\\u0189\\uA779]","DZ":"[\\u01F1\\u01C4]","Dz":"[\\u01F2\\u01C5]","E":"[\\u0045\\u24BA\\uFF25\\u00C8\\u00C9\\u00CA\\u1EC0\\u1EBE\\u1EC4\\u1EC2\\u1EBC\\u0112\\u1E14\\u1E16\\u0114\\u0116\\u00CB\\u1EBA\\u011A\\u0204\\u0206\\u1EB8\\u1EC6\\u0228\\u1E1C\\u0118\\u1E18\\u1E1A\\u0190\\u018E]","F":"[\\u0046\\u24BB\\uFF26\\u1E1E\\u0191\\uA77B]","G":"[\\u0047\\u24BC\\uFF27\\u01F4\\u011C\\u1E20\\u011E\\u0120\\u01E6\\u0122\\u01E4\\u0193\\uA7A0\\uA77D\\uA77E]","H":"[\\u0048\\u24BD\\uFF28\\u0124\\u1E22\\u1E26\\u021E\\u1E24\\u1E28\\u1E2A\\u0126\\u2C67\\u2C75\\uA78D]","I":"[\\u0049\\u24BE\\uFF29\\u00CC\\u00CD\\u00CE\\u0128\\u012A\\u012C\\u0130\\u00CF\\u1E2E\\u1EC8\\u01CF\\u0208\\u020A\\u1ECA\\u012E\\u1E2C\\u0197]","J":"[\\u004A\\u24BF\\uFF2A\\u0134\\u0248]","K":"[\\u004B\\u24C0\\uFF2B\\u1E30\\u01E8\\u1E32\\u0136\\u1E34\\u0198\\u2C69\\uA740\\uA742\\uA744\\uA7A2]","L":"[\\u004C\\u24C1\\uFF2C\\u013F\\u0139\\u013D\\u1E36\\u1E38\\u013B\\u1E3C\\u1E3A\\u0141\\u023D\\u2C62\\u2C60\\uA748\\uA746\\uA780]","LJ":"[\\u01C7]","Lj":"[\\u01C8]","M":"[\\u004D\\u24C2\\uFF2D\\u1E3E\\u1E40\\u1E42\\u2C6E\\u019C]","N":"[\\u004E\\u24C3\\uFF2E\\u01F8\\u0143\\u00D1\\u1E44\\u0147\\u1E46\\u0145\\u1E4A\\u1E48\\u0220\\u019D\\uA790\\uA7A4]","NJ":"[\\u01CA]","Nj":"[\\u01CB]","O":"[\\u004F\\u24C4\\uFF2F\\u00D2\\u00D3\\u00D4\\u1ED2\\u1ED0\\u1ED6\\u1ED4\\u00D5\\u1E4C\\u022C\\u1E4E\\u014C\\u1E50\\u1E52\\u014E\\u022E\\u0230\\u00D6\\u022A\\u1ECE\\u0150\\u01D1\\u020C\\u020E\\u01A0\\u1EDC\\u1EDA\\u1EE0\\u1EDE\\u1EE2\\u1ECC\\u1ED8\\u01EA\\u01EC\\u00D8\\u01FE\\u0186\\u019F\\uA74A\\uA74C]","OI":"[\\u01A2]","OO":"[\\uA74E]","OU":"[\\u0222]","P":"[\\u0050\\u24C5\\uFF30\\u1E54\\u1E56\\u01A4\\u2C63\\uA750\\uA752\\uA754]","Q":"[\\u0051\\u24C6\\uFF31\\uA756\\uA758\\u024A]","R":"[\\u0052\\u24C7\\uFF32\\u0154\\u1E58\\u0158\\u0210\\u0212\\u1E5A\\u1E5C\\u0156\\u1E5E\\u024C\\u2C64\\uA75A\\uA7A6\\uA782]","S":"[\\u0053\\u24C8\\uFF33\\u1E9E\\u015A\\u1E64\\u015C\\u1E60\\u0160\\u1E66\\u1E62\\u1E68\\u0218\\u015E\\u2C7E\\uA7A8\\uA784]","T":"[\\u0054\\u24C9\\uFF34\\u1E6A\\u0164\\u1E6C\\u021A\\u0162\\u1E70\\u1E6E\\u0166\\u01AC\\u01AE\\u023E\\uA786]","TZ":"[\\uA728]","U":"[\\u0055\\u24CA\\uFF35\\u00D9\\u00DA\\u00DB\\u0168\\u1E78\\u016A\\u1E7A\\u016C\\u00DC\\u01DB\\u01D7\\u01D5\\u01D9\\u1EE6\\u016E\\u0170\\u01D3\\u0214\\u0216\\u01AF\\u1EEA\\u1EE8\\u1EEE\\u1EEC\\u1EF0\\u1EE4\\u1E72\\u0172\\u1E76\\u1E74\\u0244]","V":"[\\u0056\\u24CB\\uFF36\\u1E7C\\u1E7E\\u01B2\\uA75E\\u0245]","VY":"[\\uA760]","W":"[\\u0057\\u24CC\\uFF37\\u1E80\\u1E82\\u0174\\u1E86\\u1E84\\u1E88\\u2C72]","X":"[\\u0058\\u24CD\\uFF38\\u1E8A\\u1E8C]","Y":"[\\u0059\\u24CE\\uFF39\\u1EF2\\u00DD\\u0176\\u1EF8\\u0232\\u1E8E\\u0178\\u1EF6\\u1EF4\\u01B3\\u024E\\u1EFE]","Z":"[\\u005A\\u24CF\\uFF3A\\u0179\\u1E90\\u017B\\u017D\\u1E92\\u1E94\\u01B5\\u0224\\u2C7F\\u2C6B\\uA762]","a":"[\\u0061\\u24D0\\uFF41\\u1E9A\\u00E0\\u00E1\\u00E2\\u1EA7\\u1EA5\\u1EAB\\u1EA9\\u00E3\\u0101\\u0103\\u1EB1\\u1EAF\\u1EB5\\u1EB3\\u0227\\u01E1\\u00E4\\u01DF\\u1EA3\\u00E5\\u01FB\\u01CE\\u0201\\u0203\\u1EA1\\u1EAD\\u1EB7\\u1E01\\u0105\\u2C65\\u0250]","aa":"[\\uA733]","ae":"[\\u00E6\\u01FD\\u01E3]","ao":"[\\uA735]","au":"[\\uA737]","av":"[\\uA739\\uA73B]","ay":"[\\uA73D]","b":"[\\u0062\\u24D1\\uFF42\\u1E03\\u1E05\\u1E07\\u0180\\u0183\\u0253]","c":"[\\u0063\\u24D2\\uFF43\\u0107\\u0109\\u010B\\u010D\\u00E7\\u1E09\\u0188\\u023C\\uA73F\\u2184]","d":"[\\u0064\\u24D3\\uFF44\\u1E0B\\u010F\\u1E0D\\u1E11\\u1E13\\u1E0F\\u0111\\u018C\\u0256\\u0257\\uA77A]","dz":"[\\u01F3\\u01C6]","e":"[\\u0065\\u24D4\\uFF45\\u00E8\\u00E9\\u00EA\\u1EC1\\u1EBF\\u1EC5\\u1EC3\\u1EBD\\u0113\\u1E15\\u1E17\\u0115\\u0117\\u00EB\\u1EBB\\u011B\\u0205\\u0207\\u1EB9\\u1EC7\\u0229\\u1E1D\\u0119\\u1E19\\u1E1B\\u0247\\u025B\\u01DD]","f":"[\\u0066\\u24D5\\uFF46\\u1E1F\\u0192\\uA77C]","g":"[\\u0067\\u24D6\\uFF47\\u01F5\\u011D\\u1E21\\u011F\\u0121\\u01E7\\u0123\\u01E5\\u0260\\uA7A1\\u1D79\\uA77F]","h":"[\\u0068\\u24D7\\uFF48\\u0125\\u1E23\\u1E27\\u021F\\u1E25\\u1E29\\u1E2B\\u1E96\\u0127\\u2C68\\u2C76\\u0265]","hv":"[\\u0195]","i":"[\\u0069\\u24D8\\uFF49\\u00EC\\u00ED\\u00EE\\u0129\\u012B\\u012D\\u00EF\\u1E2F\\u1EC9\\u01D0\\u0209\\u020B\\u1ECB\\u012F\\u1E2D\\u0268\\u0131]","j":"[\\u006A\\u24D9\\uFF4A\\u0135\\u01F0\\u0249]","k":"[\\u006B\\u24DA\\uFF4B\\u1E31\\u01E9\\u1E33\\u0137\\u1E35\\u0199\\u2C6A\\uA741\\uA743\\uA745\\uA7A3]","l":"[\\u006C\\u24DB\\uFF4C\\u0140\\u013A\\u013E\\u1E37\\u1E39\\u013C\\u1E3D\\u1E3B\\u017F\\u0142\\u019A\\u026B\\u2C61\\uA749\\uA781\\uA747]","lj":"[\\u01C9]","m":"[\\u006D\\u24DC\\uFF4D\\u1E3F\\u1E41\\u1E43\\u0271\\u026F]","n":"[\\u006E\\u24DD\\uFF4E\\u01F9\\u0144\\u00F1\\u1E45\\u0148\\u1E47\\u0146\\u1E4B\\u1E49\\u019E\\u0272\\u0149\\uA791\\uA7A5]","nj":"[\\u01CC]","o":"[\\u006F\\u24DE\\uFF4F\\u00F2\\u00F3\\u00F4\\u1ED3\\u1ED1\\u1ED7\\u1ED5\\u00F5\\u1E4D\\u022D\\u1E4F\\u014D\\u1E51\\u1E53\\u014F\\u022F\\u0231\\u00F6\\u022B\\u1ECF\\u0151\\u01D2\\u020D\\u020F\\u01A1\\u1EDD\\u1EDB\\u1EE1\\u1EDF\\u1EE3\\u1ECD\\u1ED9\\u01EB\\u01ED\\u00F8\\u01FF\\u0254\\uA74B\\uA74D\\u0275]","oi":"[\\u01A3]","ou":"[\\u0223]","oo":"[\\uA74F]","p":"[\\u0070\\u24DF\\uFF50\\u1E55\\u1E57\\u01A5\\u1D7D\\uA751\\uA753\\uA755]","q":"[\\u0071\\u24E0\\uFF51\\u024B\\uA757\\uA759]","r":"[\\u0072\\u24E1\\uFF52\\u0155\\u1E59\\u0159\\u0211\\u0213\\u1E5B\\u1E5D\\u0157\\u1E5F\\u024D\\u027D\\uA75B\\uA7A7\\uA783]","s":"[\\u0073\\u24E2\\uFF53\\u015B\\u1E65\\u015D\\u1E61\\u0161\\u1E67\\u1E63\\u1E69\\u0219\\u015F\\u023F\\uA7A9\\uA785\\u1E9B]","ss":"[\\u00DF]","t":"[\\u0074\\u24E3\\uFF54\\u1E6B\\u1E97\\u0165\\u1E6D\\u021B\\u0163\\u1E71\\u1E6F\\u0167\\u01AD\\u0288\\u2C66\\uA787]","tz":"[\\uA729]","u":"[\\u0075\\u24E4\\uFF55\\u00F9\\u00FA\\u00FB\\u0169\\u1E79\\u016B\\u1E7B\\u016D\\u00FC\\u01DC\\u01D8\\u01D6\\u01DA\\u1EE7\\u016F\\u0171\\u01D4\\u0215\\u0217\\u01B0\\u1EEB\\u1EE9\\u1EEF\\u1EED\\u1EF1\\u1EE5\\u1E73\\u0173\\u1E77\\u1E75\\u0289]","v":"[\\u0076\\u24E5\\uFF56\\u1E7D\\u1E7F\\u028B\\uA75F\\u028C]","vy":"[\\uA761]","w":"[\\u0077\\u24E6\\uFF57\\u1E81\\u1E83\\u0175\\u1E87\\u1E85\\u1E98\\u1E89\\u2C73]","x":"[\\u0078\\u24E7\\uFF58\\u1E8B\\u1E8D]","y":"[\\u0079\\u24E8\\uFF59\\u1EF3\\u00FD\\u0177\\u1EF9\\u0233\\u1E8F\\u00FF\\u1EF7\\u1E99\\u1EF5\\u01B4\\u024F\\u1EFF]","z":"[\\u007A\\u24E9\\uFF5A\\u017A\\u1E91\\u017C\\u017E\\u1E93\\u1E95\\u01B6\\u0225\\u0240\\u2C6C\\uA763]"},"researchesTests":["contentHasTOC","contentHasShortParagraphs","contentHasAssets","keywordInTitle","keywordInMetaDescription","keywordInPermalink","keywordIn10Percent","keywordInContent","keywordInSubheadings","keywordInImageAlt","keywordDensity","keywordNotUsed","lengthContent","lengthPermalink","linksHasInternal","linksHasExternals","linksNotAllExternals","titleStartWithKeyword","titleSentiment","titleHasPowerWords","titleHasNumber","hasContentAI"],"hasRedirection":true,"hasBreadcrumb":false},"homeUrl":"https:\/\/onlinebettingspace.com\/sk\/","objectID":2524,"objectType":"post","locale":"sk","localeFull":"sk_SK","overlayImages":{"play":{"name":"Play icon","url":"https:\/\/onlinebettingspace.com\/wp-content\/plugins\/seo-by-rank-math\/assets\/admin\/img\/icon-play.png","path":"\/home\/SuperAdmin\/web\/onlinebettingspace.com\/public_html\/wp-content\/plugins\/seo-by-rank-math\/assets\/admin\/img\/icon-play.png","position":"middle_center"},"gif":{"name":"GIF icon","url":"https:\/\/onlinebettingspace.com\/wp-content\/plugins\/seo-by-rank-math\/assets\/admin\/img\/icon-gif.png","path":"\/home\/SuperAdmin\/web\/onlinebettingspace.com\/public_html\/wp-content\/plugins\/seo-by-rank-math\/assets\/admin\/img\/icon-gif.png","position":"middle_center"}},"defautOgImage":"https:\/\/onlinebettingspace.com\/wp-content\/uploads\/2022\/04\/OBS-FULL-LOGO.webp","customPermalinks":true,"isUserRegistered":true,"autoSuggestKeywords":true,"connectSiteUrl":"https:\/\/rankmath.com\/auth?site=https%3A%2F%2Fonlinebettingspace.com%2Fsk%2F&r=https%3A%2F%2Fonlinebettingspace.com%2Fsk%2Fwp-json%2Fwp%2Fv2%2Fpages%2F2524%3Fnonce%3D1329464f47","maxTags":5,"trendsIcon":"<svg viewBox=\"0 0 610 610\"><path d=\"M18.85,446,174.32,290.48l58.08,58.08L76.93,504a14.54,14.54,0,0,1-20.55,0L18.83,466.48a14.54,14.54,0,0,1,0-20.55Z\" style=\"fill:#4285f4\"\/><path d=\"M242.65,242.66,377.59,377.6l-47.75,47.75a14.54,14.54,0,0,1-20.55,0L174.37,290.43l47.75-47.75A14.52,14.52,0,0,1,242.65,242.66Z\" style=\"fill:#ea4335\"\/><polygon points=\"319.53 319.53 479.26 159.8 537.34 217.88 377.61 377.62 319.53 319.53\" style=\"fill:#fabb05\"\/><path d=\"M594.26,262.73V118.61h0a16.94,16.94,0,0,0-16.94-16.94H433.2a16.94,16.94,0,0,0-12,28.92L565.34,274.71h0a16.94,16.94,0,0,0,28.92-12Z\" style=\"fill:#34a853\"\/><rect width=\"610\" height=\"610\" style=\"fill:none\"\/><\/svg>","showScore":true,"siteFavIcon":"https:\/\/onlinebettingspace.com\/wp-content\/uploads\/2022\/04\/OBS-LOGO-1.webp","canUser":{"general":false,"advanced":false,"snippet":false,"social":false,"analysis":false,"analytics":false,"content_ai":false},"showKeywordIntent":true,"isPro":false,"is_front_page":false,"trendsUpgradeLink":"https:\/\/rankmath.com\/pricing\/?utm_source=Plugin&utm_medium=CE%20General%20Tab%20Trends&utm_campaign=WP","trendsUpgradeLabel":"Upgrade","trendsPreviewImage":"https:\/\/onlinebettingspace.com\/wp-content\/plugins\/seo-by-rank-math\/assets\/admin\/img\/trends-preview.jpg","currentEditor":false,"homepageData":{"assessor":{"powerWords":[],"diacritics":true,"researchesTests":["contentHasTOC","contentHasShortParagraphs","contentHasAssets","keywordInTitle","keywordInMetaDescription","keywordInPermalink","keywordIn10Percent","keywordInContent","keywordInSubheadings","keywordInImageAlt","keywordDensity","keywordNotUsed","lengthContent","lengthPermalink","linksHasInternal","linksHasExternals","linksNotAllExternals","titleStartWithKeyword","titleSentiment","titleHasPowerWords","titleHasNumber","hasContentAI"],"hasBreadcrumb":false,"serpData":{"title":"%sitename% %page% %sep% %sitedesc%","description":"","titleTemplate":"%sitename% %page% %sep% %sitedesc%","descriptionTemplate":"","focusKeywords":"","breadcrumbTitle":"Home","robots":{"index":true},"advancedRobots":[],"facebookTitle":"","facebookDescription":"","facebookImage":"","facebookImageID":""}}},"tocTitle":"Table of Contents","tocExcludeHeadings":[],"listStyle":"ul"},"_links":{"self":[{"href":"https:\/\/onlinebettingspace.com\/sk\/wp-json\/wp\/v2\/pages\/2524","targetHints":{"allow":["GET"]}}],"collection":[{"href":"https:\/\/onlinebettingspace.com\/sk\/wp-json\/wp\/v2\/pages"}],"about":[{"href":"https:\/\/onlinebettingspace.com\/sk\/wp-json\/wp\/v2\/types\/page"}],"author":[{"embeddable":true,"href":"https:\/\/onlinebettingspace.com\/sk\/wp-json\/wp\/v2\/users\/1"}],"replies":[{"embeddable":true,"href":"https:\/\/onlinebettingspace.com\/sk\/wp-json\/wp\/v2\/comments?post=2524"}],"version-history":[{"count":0,"href":"https:\/\/onlinebettingspace.com\/sk\/wp-json\/wp\/v2\/pages\/2524\/revisions"}],"up":[{"embeddable":true,"href":"https:\/\/onlinebettingspace.com\/sk\/wp-json\/wp\/v2\/pages\/2220"}],"wp:attachment":[{"href":"https:\/\/onlinebettingspace.com\/sk\/wp-json\/wp\/v2\/media?parent=2524"}],"curies":[{"name":"wp","href":"https:\/\/api.w.org\/{rel}","templated":true}]}}