{"id":2521,"date":"2022-08-19T13:13:49","date_gmt":"2022-08-19T10:13:49","guid":{"rendered":"https:\/\/onlinebettingspace.com\/?page_id=2521"},"modified":"2022-08-19T13:13:49","modified_gmt":"2022-08-19T10:13:49","slug":"book-of-ra-deluxe","status":"publish","type":"page","link":"https:\/\/onlinebettingspace.com\/sk\/hracie-automaty\/book-of-ra-deluxe\/","title":{"rendered":"BOOK OF RA DELUXE"},"content":{"rendered":"<section class=\"l-section wpb_row height_medium\"><div class=\"l-section-h i-cf\"><div class=\"g-cols vc_row via_flex valign_top type_default stacking_default\"><div class=\"vc_col-sm-12 wpb_column vc_column_container\"><div class=\"vc_column-inner\"><div class=\"wpb_wrapper\"><div class=\"wpb_text_column\"><div class=\"wpb_wrapper\"><h1>BOOK OF RA DELUXE RECENZIA<\/h1>\n<div>\n<div id=\"breadcrumbsWrap\" class=\"hidden-xs\">\n<div id=\"breadcrumbs\">\n<div class=\"col-xs-12 col-sm-8 col-md-9 sp\">\n<div class=\"intro WYSIWYG\">\n<p><strong>***Book of Ra sa stratil z\u00a0doh\u013eadu. Zahrajte si namiesto tejto hry zauj\u00edmav\u00fd\u00a0<a href=\"\/sk\/book-of-dead\" data-track=\"\">automat Book of Dead<\/a>, ktor\u00fd pon\u00faka podobn\u00fa t\u00e9mu aj funkcie***<\/strong><\/p>\n<p>Ke\u010f spolo\u010dnos\u0165 Novomatic pred nieko\u013ek\u00fdmi rokmi priviedla na svetlo sveta hrac\u00ed automat Book of Ra, zrejme ani sami netu\u0161ili, ak\u00fa nadobudne popularitu. Kombin\u00e1cia 5-valcov\u00e9ho automatu a starobylej egyptskej tematiky, spolo\u010dne s prepracovanou grafikou za\u00fa\u010dinkovala na hr\u00e1\u010dov magicky a z Book of Ra sa stal jeden z ve\u013emi ob\u013e\u00faben\u00fdch a popul\u00e1rnych automatov.<\/p>\n<div>\n<div class=\"readMore\">\n<p>To z\u00e1rove\u0148 (\u010do neb\u00fdva a\u017e tak neobvykl\u00e9) in\u0161pirovalo tvorcov a dizajn\u00e9rov k tomu, aby pri\u0161li s pokra\u010dovan\u00edm, ktor\u00e9 hr\u00e1\u010dsky p\u00f4\u017eitok e\u0161te viac preh\u013abi a z\u00e1rove\u0148 aj prinesie nie\u010do nov\u00e9, \u010do zaujme aj t\u00fdch, ktor\u00ed u\u017e na tomto hracom automate v minulosti hral. A tak vzniklo\u00a0<strong>Book of Ra Deluxe<\/strong>\u00a0(niekedy ozna\u010dovan\u00e9 aj ako Book of Ra 2). A op\u00e4\u0165 to bola, ako sa hovor\u00ed, st\u00e1vka na spr\u00e1vneho ko\u0148a.<\/p>\n<\/div>\n<p>&nbsp;<\/p>\n<\/div>\n<\/div>\n<\/div>\n<div class=\"col-xs-12 col-sm-12 col-md-9 sp pull-right\">\n<div class=\"WYSIWYG\">\n<h2>AKO SA HR\u00c1 AUTOMAT BOOK OF RA DELUXE ONLINE<\/h2>\n<p>Pokia\u013e ste u\u017e v minulosti hrali na star\u0161om hracom automate Book of Ra, tak \u201edosta\u0165\u201c sa do Book of Ra Deluxe bude pre v\u00e1s pomerne jednoduch\u00e9, ke\u010f\u017ee samotn\u00e9 hry s\u00fa si ve\u013emi podobn\u00e9. Pre t\u00fdch, ktor\u00ed nehrali e\u0161te ani jednu z hier neza\u0161kod\u00ed men\u0161ie zopakovanie o tom, \u010do je vlastne cie\u013eom tejto popul\u00e1rnej hry.<\/p>\n<p>A to je vytvori\u0165 jednu l\u00edniu s dvomi a\u017e piatimi rovnak\u00fdmi symbolmi zoraden\u00fdmi ved\u013ea seba z\u013eava doprava na jednom valci. Ak spln\u00edte t\u00fato podmienku, dosiahli ste na v\u00fdhern\u00fa kombin\u00e1ciu a m\u00e1te n\u00e1rok na odmenu. V porovnan\u00ed so svojim star\u0161\u00edm bra\u010dekom, obsahuje Book of Ra Deluxe nie dev\u00e4\u0165, ale a\u017e desa\u0165 v\u00fdhern\u00fdch l\u00ednii. Zmien dost\u00e1la taktie\u017e vizu\u00e1lna str\u00e1nka, ktor\u00e1 je ove\u013ea prepracovanej\u0161ia. Vo v\u0161etkom ostatnom s\u00fa si obe hry toto\u017en\u00e9.<\/p>\n<p>\u010co to pre n\u00e1s ako hr\u00e1\u010dov znamen\u00e1? To, \u017ee tu m\u00e1me v\u0161etky popul\u00e1rne veci ako Wild Card \u010di Scatter Symbol. Wild Card (v preklade \u201eDivok\u00e1 karta\u201c) funguje ako regul\u00e9rny \u017eol\u00edk, teda, \u017ee ho m\u00f4\u017eete pou\u017ei\u0165 ako \u013eubovo\u013en\u00fa kartu, respekt\u00edve symbol a v\u010faka nej tak skompletova\u0165 v\u00fdhern\u00fa kombin\u00e1ciu. Scatter symbol je reprezentovan\u00fd knihou a ak sa po\u010das jednej hry zjav\u00ed na obrazovke trikr\u00e1t, z\u00edskavate mo\u017enos\u0165 zahra\u0165 si bonusov\u00fa hru.<\/p>\n<p>Na Scatter symbole je najlep\u0161ie to, \u017ee sa nemus\u00ed ako v\u00fdhern\u00e9 kombin\u00e1cie nach\u00e1dza\u0165 v jednej l\u00ednii, ale \u201esta\u010d\u00ed\u201c ho len ma\u0165 kdeko\u013evek na obrazovke. V pr\u00edpade Book of Ra Deluxe je t\u00fdmto Scatter symbolom Golden Book of Ra. Ak spln\u00edte podmienku troch tak\u00fdchto symbolov, dost\u00e1vate sa do bonusov\u00e9ho kola a obdr\u017e\u00edte 10 preto\u010den\u00ed \u00faplne zadarmo a v\u0161etky va\u0161e v\u00fdhry bud\u00fa po\u010das t\u00fdchto bonusov\u00fdch hier zdvojn\u00e1soben\u00e9.<\/p>\n<p>Ke\u010f u\u017e sme pri t\u00fdch v\u00fdhrach, tak pri hracom automate Book of Ra Deluxe dosahuje n\u00e1vratnos\u0165 invest\u00edcii 94,26% a je toto\u017en\u00e1 s \u201eklasickou\u201c verziou. V porovnan\u00ed s touto istou hrou v kamenn\u00fdch kas\u00ednach tak m\u00f4\u017eete z\u00edska\u0165 pri hran\u00ed online (napr\u00edklad v EnergyCasine) ove\u013ea v\u00e4\u010d\u0161ie \u0161ance na v\u00ed\u0165azstvo. V porovnan\u00ed s ostatn\u00fdmi\u00a0<a href=\"\/sk\/hracie-automaty\" data-track=\"\"><strong>online hrac\u00edmi automatmi<\/strong><\/a>\u00a0pon\u00faka Book of Ra Deluxe priemern\u00fa n\u00e1vratnos\u0165.<\/p>\n<\/div>\n<section class=\"attributes\">\n<h2>R\u00ddCHLY PREH\u013dAD<\/h2>\n<div>\n<ul>\n<li><span class=\"heading\">Bonusov\u00e9 kolo:<\/span>\u00a0Nie<\/li>\n<li><span class=\"heading\">Rozptylov\u00fd:<\/span>\u00a0\u00c1no<\/li>\n<li><span class=\"heading\">Preto\u010denia zdarma:<\/span>\u00a0\u00c1no<\/li>\n<\/ul>\n<\/div>\n<\/section>\n<section class=\"bannerConv border-base widgetWrapper\" data-widget-id=\"75344\" data-widget-type=\"BrandBanner-Strip_BonusOffer2\">\n<div class=\"row\">\n<div class=\"logo bg-base col-xs-12 col-sm-4 col-md-3\">\n<h2>BOOK OF RA DELUXE ZADARMO A ZA PENIAZE<\/h2>\n<p>Boj\u00edte sa za\u010da\u0165 hra\u0165 Book of Ra Deluxe hne\u010f o skuto\u010dn\u00e9 peniaze? Nevad\u00ed! Vysk\u00fa\u0161ajte si ho zadarmo a len tak pre z\u00e1bavu, bez rizika straty a prehry \u010do i len jedn\u00e9ho centu. Viacer\u00e9 kas\u00edna (vr\u00e1tane u\u017e spom\u00ednan\u00e9ho\u00a0<a href=\"\/sk\/futuriti-casino\" data-track=\"\"><strong>Futuriti\u00a0Casino<\/strong><\/a>) pon\u00fakaj\u00fa mo\u017enos\u0165 zahra\u0165 si t\u00fato hru a vst\u00fapi\u0165 tak do vzru\u0161uj\u00faceho sveta egyptsk\u00fdch fara\u00f3nov a pyram\u00edd. Koniec koncov, cie\u013eom hry je objavova\u0165 ukryt\u00e9 poklady egyptsk\u00fdch faran\u00f3nov ukryt\u00e9 pr\u00e1ve v pyram\u00eddach.<\/p>\n<p>K\u00fdm form\u00e1t hry o z\u00e1bavu (<a href=\"\/sk\/online-casino-zadarmo\" data-track=\"\"><strong>hry zadarmo<\/strong><\/a>) je ur\u010den\u00fd hlavne za\u010diato\u010dn\u00edkom, ochotn\u00fdm si vysk\u00fa\u0161a\u0165 tento hrac\u00ed automat a nabra\u0165 tak hraciu istotu, m\u00f3d hry o skuto\u010dn\u00e9 peniaze je ur\u010den\u00fd pre t\u00fdch, ktor\u00fd chc\u00fa nielen hra\u0165, ale aj vyhra\u0165. A tie v\u00fdhry sa pohybuj\u00fa a\u017e do v\u00fd\u0161ky \u20ac10.000. Samozrejme, v\u0161etko z\u00e1vis\u00ed od v\u00fd\u0161ky st\u00e1vky, teda v preklade od toho, ko\u013eko budete ochotn\u00ed do hry investova\u0165. V\u00fd\u0161ky st\u00e1vok s\u00fa pri tom podobn\u00e9, ako v pr\u00edpade Book of Ra.<\/p>\n<p>Najni\u017e\u0161ia mo\u017en\u00e1 st\u00e1vka dosahuje v\u00e4\u010d\u0161inou \u0161tyri centy (\u20ac0.04), najvy\u0161\u0161ia \u20ac10. Plat\u00ed samozrejme to, \u017ee \u010d\u00edm viac chcete vyhr\u00e1va\u0165, t\u00fdm na viac v\u00fdhern\u00fdch l\u00ednii by ste mali vs\u00e1dza\u0165. Kone\u010dn\u00fa v\u00fd\u0161ku v\u00fdhry nedefinuje len to, \u010do \u201etraf\u00edte\u201c, ale aj bonusy. Tak napr\u00edklad, ak si vyberiete, \u017ee budete hra\u0165 v hazardnom (gambling-m\u00f3de), zdvojn\u00e1sob\u00edte si t\u00fdm najbli\u017e\u0161iu v\u00fdhru. Podobne ako pri klasickom Book of Ra plat\u00ed, \u017ee na tomto automate m\u00f4\u017eete hra\u0165 o drobn\u00e9, ale aj skuto\u010dne high stakes.<\/p>\n<h2>JACKPOT NA BOOK OF RA DELUXE<\/h2>\n<p>Zmena nenastala. Ani hrac\u00ed automat Book of Ra Deluxe nepoin\u00faka\u00a0<a href=\"\/sk\/hracie-automaty\/progresivne-jackpoty\" data-track=\"\"><strong>progres\u00edvny jackpot<\/strong><\/a>\u00a0a jackpot teda zost\u00e1va nemenn\u00fd a nezvy\u0161uje sa ani zapojen\u00edm \u010fal\u0161\u00edch hr\u00e1\u010dov do \u201esiete\u201c a ani samotn\u00fdm hran\u00edm. Z\u00e1rove\u0148 sa v\u0161ak polmili\u00f3nov\u00fd jackpot vyp\u00edsan\u00fd pre t\u00fato hru d\u00e1 z\u00edska\u0165 za ove\u013ea men\u0161ie sumy, ne\u017e je tomu v pr\u00edpade automatov s progres\u00edvnymi jackpotmi. Aj to rob\u00ed z tejto hry vyh\u013ead\u00e1van\u00fd artikel na trhu s online hrac\u00edmi automatmi.<\/p>\n<\/div>\n<\/div>\n<\/section>\n<\/div>\n<\/div>\n<\/div>\n<\/div>\n<\/div><\/div><\/div><\/div><\/div><\/div><\/div><\/section>\n","protected":false},"excerpt":{"rendered":"BOOK OF RA DELUXE RECENZIA ***Book of Ra sa stratil z\u00a0doh\u013eadu. Zahrajte si namiesto tejto hry zauj\u00edmav\u00fd\u00a0automat Book of Dead, ktor\u00fd pon\u00faka podobn\u00fa t\u00e9mu aj funkcie*** Ke\u010f spolo\u010dnos\u0165 Novomatic pred nieko\u013ek\u00fdmi rokmi priviedla na svetlo sveta hrac\u00ed automat Book of Ra, zrejme ani sami netu\u0161ili, ak\u00fa nadobudne popularitu. Kombin\u00e1cia 5-valcov\u00e9ho automatu a starobylej egyptskej tematiky,...","protected":false},"author":1,"featured_media":0,"parent":2220,"menu_order":0,"comment_status":"closed","ping_status":"closed","template":"","meta":{"_acf_changed":false,"footnotes":""},"class_list":["post-2521","page","type-page","status-publish","hentry"],"acf":[],"rankMath":{"parentDomain":"onlinebettingspace.com","noFollowDomains":[],"noFollowExcludeDomains":[],"noFollowExternalLinks":false,"featuredImageNotice":"The featured image should be at least 200 by 200 pixels to be picked up by Facebook and other social media sites.","pluginReviewed":true,"postSettings":{"linkSuggestions":true,"useFocusKeyword":false},"frontEndScore":false,"postName":"book-of-ra-deluxe","permalinkFormat":"https:\/\/onlinebettingspace.com\/sk\/%pagename%\/","showLockModifiedDate":true,"assessor":{"focusKeywordLink":"https:\/\/onlinebettingspace.com\/wp-admin\/edit.php?focus_keyword=%focus_keyword%&post_type=%post_type%","hasTOCPlugin":false,"primaryTaxonomy":false,"serpData":{"title":"Recenzia na hrac\u00ed automat Book of Ra deluxe od Novomaticu","description":"Jeden z najsl\u00e1vnej\u0161\u00edch hrac\u00edch automatov Book of Ra m\u00e1 svoje pokra\u010dovanie. Nesie n\u00e1zov Book of Ra Deluxe a pon\u00faka e\u0161te intenz\u00edvnej\u0161\u00ed z\u00e1\u017eitok z hrania.","focusKeywords":"","pillarContent":false,"canonicalUrl":"","breadcrumbTitle":"","advancedRobots":[],"facebookTitle":"","facebookDescription":"","facebookImage":"","facebookImageID":"","facebookHasOverlay":false,"facebookImageOverlay":"","facebookAuthor":"","twitterCardType":"","twitterUseFacebook":true,"twitterTitle":"","twitterDescription":"","twitterImage":"","twitterImageID":"","twitterHasOverlay":false,"twitterImageOverlay":"","twitterPlayerUrl":"","twitterPlayerSize":"","twitterPlayerStream":"","twitterPlayerStreamCtype":"","twitterAppDescription":"","twitterAppIphoneName":"","twitterAppIphoneID":"","twitterAppIphoneUrl":"","twitterAppIpadName":"","twitterAppIpadID":"","twitterAppIpadUrl":"","twitterAppGoogleplayName":"","twitterAppGoogleplayID":"","twitterAppGoogleplayUrl":"","twitterAppCountry":"","robots":{"index":true},"twitterAuthor":"username","primaryTerm":0,"authorName":"OBSAdmin","titleTemplate":"%title% %sep% %sitename%","descriptionTemplate":"%excerpt%","showScoreFrontend":true,"lockModifiedDate":false},"powerWords":[],"diacritics":{"A":"[\\u0041\\u24B6\\uFF21\\u00C0\\u00C1\\u00C2\\u1EA6\\u1EA4\\u1EAA\\u1EA8\\u00C3\\u0100\\u0102\\u1EB0\\u1EAE\\u1EB4\\u1EB2\\u0226\\u01E0\\u00C4\\u01DE\\u1EA2\\u00C5\\u01FA\\u01CD\\u0200\\u0202\\u1EA0\\u1EAC\\u1EB6\\u1E00\\u0104\\u023A\\u2C6F]","AA":"[\\uA732]","AE":"[\\u00C6\\u01FC\\u01E2]","AO":"[\\uA734]","AU":"[\\uA736]","AV":"[\\uA738\\uA73A]","AY":"[\\uA73C]","B":"[\\u0042\\u24B7\\uFF22\\u1E02\\u1E04\\u1E06\\u0243\\u0182\\u0181]","C":"[\\u0043\\u24B8\\uFF23\\u0106\\u0108\\u010A\\u010C\\u00C7\\u1E08\\u0187\\u023B\\uA73E]","D":"[\\u0044\\u24B9\\uFF24\\u1E0A\\u010E\\u1E0C\\u1E10\\u1E12\\u1E0E\\u0110\\u018B\\u018A\\u0189\\uA779]","DZ":"[\\u01F1\\u01C4]","Dz":"[\\u01F2\\u01C5]","E":"[\\u0045\\u24BA\\uFF25\\u00C8\\u00C9\\u00CA\\u1EC0\\u1EBE\\u1EC4\\u1EC2\\u1EBC\\u0112\\u1E14\\u1E16\\u0114\\u0116\\u00CB\\u1EBA\\u011A\\u0204\\u0206\\u1EB8\\u1EC6\\u0228\\u1E1C\\u0118\\u1E18\\u1E1A\\u0190\\u018E]","F":"[\\u0046\\u24BB\\uFF26\\u1E1E\\u0191\\uA77B]","G":"[\\u0047\\u24BC\\uFF27\\u01F4\\u011C\\u1E20\\u011E\\u0120\\u01E6\\u0122\\u01E4\\u0193\\uA7A0\\uA77D\\uA77E]","H":"[\\u0048\\u24BD\\uFF28\\u0124\\u1E22\\u1E26\\u021E\\u1E24\\u1E28\\u1E2A\\u0126\\u2C67\\u2C75\\uA78D]","I":"[\\u0049\\u24BE\\uFF29\\u00CC\\u00CD\\u00CE\\u0128\\u012A\\u012C\\u0130\\u00CF\\u1E2E\\u1EC8\\u01CF\\u0208\\u020A\\u1ECA\\u012E\\u1E2C\\u0197]","J":"[\\u004A\\u24BF\\uFF2A\\u0134\\u0248]","K":"[\\u004B\\u24C0\\uFF2B\\u1E30\\u01E8\\u1E32\\u0136\\u1E34\\u0198\\u2C69\\uA740\\uA742\\uA744\\uA7A2]","L":"[\\u004C\\u24C1\\uFF2C\\u013F\\u0139\\u013D\\u1E36\\u1E38\\u013B\\u1E3C\\u1E3A\\u0141\\u023D\\u2C62\\u2C60\\uA748\\uA746\\uA780]","LJ":"[\\u01C7]","Lj":"[\\u01C8]","M":"[\\u004D\\u24C2\\uFF2D\\u1E3E\\u1E40\\u1E42\\u2C6E\\u019C]","N":"[\\u004E\\u24C3\\uFF2E\\u01F8\\u0143\\u00D1\\u1E44\\u0147\\u1E46\\u0145\\u1E4A\\u1E48\\u0220\\u019D\\uA790\\uA7A4]","NJ":"[\\u01CA]","Nj":"[\\u01CB]","O":"[\\u004F\\u24C4\\uFF2F\\u00D2\\u00D3\\u00D4\\u1ED2\\u1ED0\\u1ED6\\u1ED4\\u00D5\\u1E4C\\u022C\\u1E4E\\u014C\\u1E50\\u1E52\\u014E\\u022E\\u0230\\u00D6\\u022A\\u1ECE\\u0150\\u01D1\\u020C\\u020E\\u01A0\\u1EDC\\u1EDA\\u1EE0\\u1EDE\\u1EE2\\u1ECC\\u1ED8\\u01EA\\u01EC\\u00D8\\u01FE\\u0186\\u019F\\uA74A\\uA74C]","OI":"[\\u01A2]","OO":"[\\uA74E]","OU":"[\\u0222]","P":"[\\u0050\\u24C5\\uFF30\\u1E54\\u1E56\\u01A4\\u2C63\\uA750\\uA752\\uA754]","Q":"[\\u0051\\u24C6\\uFF31\\uA756\\uA758\\u024A]","R":"[\\u0052\\u24C7\\uFF32\\u0154\\u1E58\\u0158\\u0210\\u0212\\u1E5A\\u1E5C\\u0156\\u1E5E\\u024C\\u2C64\\uA75A\\uA7A6\\uA782]","S":"[\\u0053\\u24C8\\uFF33\\u1E9E\\u015A\\u1E64\\u015C\\u1E60\\u0160\\u1E66\\u1E62\\u1E68\\u0218\\u015E\\u2C7E\\uA7A8\\uA784]","T":"[\\u0054\\u24C9\\uFF34\\u1E6A\\u0164\\u1E6C\\u021A\\u0162\\u1E70\\u1E6E\\u0166\\u01AC\\u01AE\\u023E\\uA786]","TZ":"[\\uA728]","U":"[\\u0055\\u24CA\\uFF35\\u00D9\\u00DA\\u00DB\\u0168\\u1E78\\u016A\\u1E7A\\u016C\\u00DC\\u01DB\\u01D7\\u01D5\\u01D9\\u1EE6\\u016E\\u0170\\u01D3\\u0214\\u0216\\u01AF\\u1EEA\\u1EE8\\u1EEE\\u1EEC\\u1EF0\\u1EE4\\u1E72\\u0172\\u1E76\\u1E74\\u0244]","V":"[\\u0056\\u24CB\\uFF36\\u1E7C\\u1E7E\\u01B2\\uA75E\\u0245]","VY":"[\\uA760]","W":"[\\u0057\\u24CC\\uFF37\\u1E80\\u1E82\\u0174\\u1E86\\u1E84\\u1E88\\u2C72]","X":"[\\u0058\\u24CD\\uFF38\\u1E8A\\u1E8C]","Y":"[\\u0059\\u24CE\\uFF39\\u1EF2\\u00DD\\u0176\\u1EF8\\u0232\\u1E8E\\u0178\\u1EF6\\u1EF4\\u01B3\\u024E\\u1EFE]","Z":"[\\u005A\\u24CF\\uFF3A\\u0179\\u1E90\\u017B\\u017D\\u1E92\\u1E94\\u01B5\\u0224\\u2C7F\\u2C6B\\uA762]","a":"[\\u0061\\u24D0\\uFF41\\u1E9A\\u00E0\\u00E1\\u00E2\\u1EA7\\u1EA5\\u1EAB\\u1EA9\\u00E3\\u0101\\u0103\\u1EB1\\u1EAF\\u1EB5\\u1EB3\\u0227\\u01E1\\u00E4\\u01DF\\u1EA3\\u00E5\\u01FB\\u01CE\\u0201\\u0203\\u1EA1\\u1EAD\\u1EB7\\u1E01\\u0105\\u2C65\\u0250]","aa":"[\\uA733]","ae":"[\\u00E6\\u01FD\\u01E3]","ao":"[\\uA735]","au":"[\\uA737]","av":"[\\uA739\\uA73B]","ay":"[\\uA73D]","b":"[\\u0062\\u24D1\\uFF42\\u1E03\\u1E05\\u1E07\\u0180\\u0183\\u0253]","c":"[\\u0063\\u24D2\\uFF43\\u0107\\u0109\\u010B\\u010D\\u00E7\\u1E09\\u0188\\u023C\\uA73F\\u2184]","d":"[\\u0064\\u24D3\\uFF44\\u1E0B\\u010F\\u1E0D\\u1E11\\u1E13\\u1E0F\\u0111\\u018C\\u0256\\u0257\\uA77A]","dz":"[\\u01F3\\u01C6]","e":"[\\u0065\\u24D4\\uFF45\\u00E8\\u00E9\\u00EA\\u1EC1\\u1EBF\\u1EC5\\u1EC3\\u1EBD\\u0113\\u1E15\\u1E17\\u0115\\u0117\\u00EB\\u1EBB\\u011B\\u0205\\u0207\\u1EB9\\u1EC7\\u0229\\u1E1D\\u0119\\u1E19\\u1E1B\\u0247\\u025B\\u01DD]","f":"[\\u0066\\u24D5\\uFF46\\u1E1F\\u0192\\uA77C]","g":"[\\u0067\\u24D6\\uFF47\\u01F5\\u011D\\u1E21\\u011F\\u0121\\u01E7\\u0123\\u01E5\\u0260\\uA7A1\\u1D79\\uA77F]","h":"[\\u0068\\u24D7\\uFF48\\u0125\\u1E23\\u1E27\\u021F\\u1E25\\u1E29\\u1E2B\\u1E96\\u0127\\u2C68\\u2C76\\u0265]","hv":"[\\u0195]","i":"[\\u0069\\u24D8\\uFF49\\u00EC\\u00ED\\u00EE\\u0129\\u012B\\u012D\\u00EF\\u1E2F\\u1EC9\\u01D0\\u0209\\u020B\\u1ECB\\u012F\\u1E2D\\u0268\\u0131]","j":"[\\u006A\\u24D9\\uFF4A\\u0135\\u01F0\\u0249]","k":"[\\u006B\\u24DA\\uFF4B\\u1E31\\u01E9\\u1E33\\u0137\\u1E35\\u0199\\u2C6A\\uA741\\uA743\\uA745\\uA7A3]","l":"[\\u006C\\u24DB\\uFF4C\\u0140\\u013A\\u013E\\u1E37\\u1E39\\u013C\\u1E3D\\u1E3B\\u017F\\u0142\\u019A\\u026B\\u2C61\\uA749\\uA781\\uA747]","lj":"[\\u01C9]","m":"[\\u006D\\u24DC\\uFF4D\\u1E3F\\u1E41\\u1E43\\u0271\\u026F]","n":"[\\u006E\\u24DD\\uFF4E\\u01F9\\u0144\\u00F1\\u1E45\\u0148\\u1E47\\u0146\\u1E4B\\u1E49\\u019E\\u0272\\u0149\\uA791\\uA7A5]","nj":"[\\u01CC]","o":"[\\u006F\\u24DE\\uFF4F\\u00F2\\u00F3\\u00F4\\u1ED3\\u1ED1\\u1ED7\\u1ED5\\u00F5\\u1E4D\\u022D\\u1E4F\\u014D\\u1E51\\u1E53\\u014F\\u022F\\u0231\\u00F6\\u022B\\u1ECF\\u0151\\u01D2\\u020D\\u020F\\u01A1\\u1EDD\\u1EDB\\u1EE1\\u1EDF\\u1EE3\\u1ECD\\u1ED9\\u01EB\\u01ED\\u00F8\\u01FF\\u0254\\uA74B\\uA74D\\u0275]","oi":"[\\u01A3]","ou":"[\\u0223]","oo":"[\\uA74F]","p":"[\\u0070\\u24DF\\uFF50\\u1E55\\u1E57\\u01A5\\u1D7D\\uA751\\uA753\\uA755]","q":"[\\u0071\\u24E0\\uFF51\\u024B\\uA757\\uA759]","r":"[\\u0072\\u24E1\\uFF52\\u0155\\u1E59\\u0159\\u0211\\u0213\\u1E5B\\u1E5D\\u0157\\u1E5F\\u024D\\u027D\\uA75B\\uA7A7\\uA783]","s":"[\\u0073\\u24E2\\uFF53\\u015B\\u1E65\\u015D\\u1E61\\u0161\\u1E67\\u1E63\\u1E69\\u0219\\u015F\\u023F\\uA7A9\\uA785\\u1E9B]","ss":"[\\u00DF]","t":"[\\u0074\\u24E3\\uFF54\\u1E6B\\u1E97\\u0165\\u1E6D\\u021B\\u0163\\u1E71\\u1E6F\\u0167\\u01AD\\u0288\\u2C66\\uA787]","tz":"[\\uA729]","u":"[\\u0075\\u24E4\\uFF55\\u00F9\\u00FA\\u00FB\\u0169\\u1E79\\u016B\\u1E7B\\u016D\\u00FC\\u01DC\\u01D8\\u01D6\\u01DA\\u1EE7\\u016F\\u0171\\u01D4\\u0215\\u0217\\u01B0\\u1EEB\\u1EE9\\u1EEF\\u1EED\\u1EF1\\u1EE5\\u1E73\\u0173\\u1E77\\u1E75\\u0289]","v":"[\\u0076\\u24E5\\uFF56\\u1E7D\\u1E7F\\u028B\\uA75F\\u028C]","vy":"[\\uA761]","w":"[\\u0077\\u24E6\\uFF57\\u1E81\\u1E83\\u0175\\u1E87\\u1E85\\u1E98\\u1E89\\u2C73]","x":"[\\u0078\\u24E7\\uFF58\\u1E8B\\u1E8D]","y":"[\\u0079\\u24E8\\uFF59\\u1EF3\\u00FD\\u0177\\u1EF9\\u0233\\u1E8F\\u00FF\\u1EF7\\u1E99\\u1EF5\\u01B4\\u024F\\u1EFF]","z":"[\\u007A\\u24E9\\uFF5A\\u017A\\u1E91\\u017C\\u017E\\u1E93\\u1E95\\u01B6\\u0225\\u0240\\u2C6C\\uA763]"},"researchesTests":["contentHasTOC","contentHasShortParagraphs","contentHasAssets","keywordInTitle","keywordInMetaDescription","keywordInPermalink","keywordIn10Percent","keywordInContent","keywordInSubheadings","keywordInImageAlt","keywordDensity","keywordNotUsed","lengthContent","lengthPermalink","linksHasInternal","linksHasExternals","linksNotAllExternals","titleStartWithKeyword","titleSentiment","titleHasPowerWords","titleHasNumber","hasContentAI"],"hasRedirection":true,"hasBreadcrumb":false},"homeUrl":"https:\/\/onlinebettingspace.com\/sk\/","objectID":2521,"objectType":"post","locale":"sk","localeFull":"sk_SK","overlayImages":{"play":{"name":"Play icon","url":"https:\/\/onlinebettingspace.com\/wp-content\/plugins\/seo-by-rank-math\/assets\/admin\/img\/icon-play.png","path":"\/home\/SuperAdmin\/web\/onlinebettingspace.com\/public_html\/wp-content\/plugins\/seo-by-rank-math\/assets\/admin\/img\/icon-play.png","position":"middle_center"},"gif":{"name":"GIF icon","url":"https:\/\/onlinebettingspace.com\/wp-content\/plugins\/seo-by-rank-math\/assets\/admin\/img\/icon-gif.png","path":"\/home\/SuperAdmin\/web\/onlinebettingspace.com\/public_html\/wp-content\/plugins\/seo-by-rank-math\/assets\/admin\/img\/icon-gif.png","position":"middle_center"}},"defautOgImage":"https:\/\/onlinebettingspace.com\/wp-content\/uploads\/2022\/04\/OBS-FULL-LOGO.webp","customPermalinks":true,"isUserRegistered":true,"autoSuggestKeywords":true,"connectSiteUrl":"https:\/\/rankmath.com\/auth?site=https%3A%2F%2Fonlinebettingspace.com%2Fsk%2F&r=https%3A%2F%2Fonlinebettingspace.com%2Fsk%2Fwp-json%2Fwp%2Fv2%2Fpages%2F2521%3Fnonce%3Dfc2cda84e7","maxTags":5,"trendsIcon":"<svg viewBox=\"0 0 610 610\"><path d=\"M18.85,446,174.32,290.48l58.08,58.08L76.93,504a14.54,14.54,0,0,1-20.55,0L18.83,466.48a14.54,14.54,0,0,1,0-20.55Z\" style=\"fill:#4285f4\"\/><path d=\"M242.65,242.66,377.59,377.6l-47.75,47.75a14.54,14.54,0,0,1-20.55,0L174.37,290.43l47.75-47.75A14.52,14.52,0,0,1,242.65,242.66Z\" style=\"fill:#ea4335\"\/><polygon points=\"319.53 319.53 479.26 159.8 537.34 217.88 377.61 377.62 319.53 319.53\" style=\"fill:#fabb05\"\/><path d=\"M594.26,262.73V118.61h0a16.94,16.94,0,0,0-16.94-16.94H433.2a16.94,16.94,0,0,0-12,28.92L565.34,274.71h0a16.94,16.94,0,0,0,28.92-12Z\" style=\"fill:#34a853\"\/><rect width=\"610\" height=\"610\" style=\"fill:none\"\/><\/svg>","showScore":true,"siteFavIcon":"https:\/\/onlinebettingspace.com\/wp-content\/uploads\/2022\/04\/OBS-LOGO-1.webp","canUser":{"general":false,"advanced":false,"snippet":false,"social":false,"analysis":false,"analytics":false,"content_ai":false},"showKeywordIntent":true,"isPro":false,"is_front_page":false,"trendsUpgradeLink":"https:\/\/rankmath.com\/pricing\/?utm_source=Plugin&utm_medium=CE%20General%20Tab%20Trends&utm_campaign=WP","trendsUpgradeLabel":"Upgrade","trendsPreviewImage":"https:\/\/onlinebettingspace.com\/wp-content\/plugins\/seo-by-rank-math\/assets\/admin\/img\/trends-preview.jpg","currentEditor":false,"homepageData":{"assessor":{"powerWords":[],"diacritics":true,"researchesTests":["contentHasTOC","contentHasShortParagraphs","contentHasAssets","keywordInTitle","keywordInMetaDescription","keywordInPermalink","keywordIn10Percent","keywordInContent","keywordInSubheadings","keywordInImageAlt","keywordDensity","keywordNotUsed","lengthContent","lengthPermalink","linksHasInternal","linksHasExternals","linksNotAllExternals","titleStartWithKeyword","titleSentiment","titleHasPowerWords","titleHasNumber","hasContentAI"],"hasBreadcrumb":false,"serpData":{"title":"%sitename% %page% %sep% %sitedesc%","description":"","titleTemplate":"%sitename% %page% %sep% %sitedesc%","descriptionTemplate":"","focusKeywords":"","breadcrumbTitle":"Home","robots":{"index":true},"advancedRobots":[],"facebookTitle":"","facebookDescription":"","facebookImage":"","facebookImageID":""}}},"tocTitle":"Table of Contents","tocExcludeHeadings":[],"listStyle":"ul"},"_links":{"self":[{"href":"https:\/\/onlinebettingspace.com\/sk\/wp-json\/wp\/v2\/pages\/2521","targetHints":{"allow":["GET"]}}],"collection":[{"href":"https:\/\/onlinebettingspace.com\/sk\/wp-json\/wp\/v2\/pages"}],"about":[{"href":"https:\/\/onlinebettingspace.com\/sk\/wp-json\/wp\/v2\/types\/page"}],"author":[{"embeddable":true,"href":"https:\/\/onlinebettingspace.com\/sk\/wp-json\/wp\/v2\/users\/1"}],"replies":[{"embeddable":true,"href":"https:\/\/onlinebettingspace.com\/sk\/wp-json\/wp\/v2\/comments?post=2521"}],"version-history":[{"count":0,"href":"https:\/\/onlinebettingspace.com\/sk\/wp-json\/wp\/v2\/pages\/2521\/revisions"}],"up":[{"embeddable":true,"href":"https:\/\/onlinebettingspace.com\/sk\/wp-json\/wp\/v2\/pages\/2220"}],"wp:attachment":[{"href":"https:\/\/onlinebettingspace.com\/sk\/wp-json\/wp\/v2\/media?parent=2521"}],"curies":[{"name":"wp","href":"https:\/\/api.w.org\/{rel}","templated":true}]}}