{"id":2515,"date":"2022-08-19T13:02:00","date_gmt":"2022-08-19T10:02:00","guid":{"rendered":"https:\/\/onlinebettingspace.com\/?page_id=2515"},"modified":"2022-08-19T13:02:00","modified_gmt":"2022-08-19T10:02:00","slug":"jackpot-6000","status":"publish","type":"page","link":"https:\/\/onlinebettingspace.com\/sk\/hracie-automaty\/jackpot-6000\/","title":{"rendered":"JACKPOT 6000"},"content":{"rendered":"<section class=\"l-section wpb_row height_medium\"><div class=\"l-section-h i-cf\"><div class=\"g-cols vc_row via_flex valign_top type_default stacking_default\"><div class=\"vc_col-sm-12 wpb_column vc_column_container\"><div class=\"vc_column-inner\"><div class=\"wpb_wrapper\"><div class=\"wpb_text_column\"><div class=\"wpb_wrapper\"><h1>JACKPOT 6000 RECENZIA<\/h1>\n<div>\n<div id=\"breadcrumbsWrap\" class=\"hidden-xs\">\n<div id=\"breadcrumbs\">\n<div class=\"col-xs-12 col-sm-8 col-md-9 sp\">\n<div class=\"intro WYSIWYG\">\n<p><strong>Jackpot 6000 je \u010fal\u0161\u00ed automat<\/strong>, ktor\u00fd poch\u00e1dza od prvotriedneho v\u00fdvoj\u00e1ra online casinov\u00fdch hier spolo\u010dnosti Net Entertainment. Je to automat, ktor\u00fd svojim vyznen\u00edm pripom\u00edna klasick\u00e9 automaty, ktor\u00e9 m\u00f4\u017eeme n\u00e1js\u0165 v kamenn\u00fdch kas\u00ednach a v in\u00fdch centr\u00e1ch z\u00e1bavy. Prim\u00e1rnou in\u0161pir\u00e1ciou pre tento automat sa stal in\u00fd automat star\u0161ieho druhu, Jackpot 2000, ktor\u00e9ho pr\u00edbeh za\u010d\u00edna pred viac ne\u017e desiatimi rokmi.<\/p>\n<div>\n<div class=\"readMore\">\n<p>Jackpot 2000 bol automat, ktor\u00fd bol ve\u013emi popul\u00e1rny v \u010falekom N\u00f3rsku. Na\u0161li by ste ho nielen v kas\u00ednach, ale aj v r\u00f4znych obchodoch, kioskoch a na \u010fal\u0161\u00edch miestach. V roku 2007 ho v\u0161ak nane\u0161\u0165astie odstr\u00e1nili, no ako sa uk\u00e1zalo, nie na dlho. Net Entertainment vyvinul vylep\u0161en\u00fa online verziu tohto automatu a pomenoval ako ako Jackpot 6000. V porovnan\u00ed so star\u0161\u00edm modelom pribudli niektor\u00e9 dodato\u010dn\u00e9 funkcie.<\/p>\n<\/div>\n<p>&nbsp;<\/p>\n<\/div>\n<\/div>\n<\/div>\n<div class=\"col-xs-12 col-sm-12 col-md-9 sp pull-right\">\n<div class=\"WYSIWYG\">\n<p>Automaty Jackpot 6000 si skoro ur\u010dite ob\u013e\u00fabia t\u00ed hr\u00e1\u010di, ktor\u00ed vyh\u013ead\u00e1vaj\u00fa a ob\u013eubuj\u00fa klasick\u00e9 automaty a neh\u013eadaj\u00fa nie\u010do pre\u0161tylizovan\u00e9. Rovnako tak ho ur\u010dite ocenia aj milovn\u00edci takzvan\u00fdch ovocn\u00fdch automatov, ku ktor\u00fdm sa tematicky rad\u00ed. Jackpot 6000 je automat akoby zo starej \u0161koly, ktor\u00fd v r\u00f4znych obdob\u00e1ch n\u00e1jdete v skoro ka\u017edom kamennom kas\u00edne alebo v lok\u00e1lnej herni.<\/p>\n<p>Svojim vyznen\u00edm imituje Las Vegas a pri jeho hran\u00ed sa budete pravdepodobne c\u00edti\u0165 ako keby ste rozt\u00e1\u010dali \u201ekoles\u00e1\u201c \u0161\u0165astia v tejto mekke hazardu. \u010co sa t\u00fdka priamo tohto titulu, tak automaty Jackpot 6000 s\u00fa ve\u013emi popul\u00e1rne (a to asi nebude pr\u00edli\u0161 prekvapuj\u00face) predov\u0161etk\u00fdm v seversk\u00fdch krajin\u00e1ch ako je N\u00f3rsko \u010di \u0160v\u00e9dsko, no \u010doraz v\u00e4\u010d\u0161iu popularitu si tento automat z\u00edskava aj v tunaj\u0161\u00edch kon\u010din\u00e1ch.<\/p>\n<h2>AKO HRA\u0164 AUTOMAT JACKPOT 6000 ONLINE<\/h2>\n<p>Predt\u00fdm, ne\u017e v\u00e1m prezrad\u00edme ak\u00e9 s\u00fa pravidl\u00e1 tohto automatu, mus\u00edme si poveda\u0165 \u010do je Jackpot 6000 vlastne za\u010d. Jackpot 6000 je\u00a0<a href=\"\/sk\/hracie-automaty\" data-track=\"\"><strong>online v\u00fdhern\u00fd automat<\/strong><\/a>\u00a0s tromi valcami, s piatimi v\u00fdhern\u00fdmi l\u00edniami a mo\u017enos\u0165ou bonusovej hry. N\u00e1zov automatu, konkr\u00e9tne \u010d\u00edslo \u0161es\u0165 tis\u00edc odkazuje k jackpotu, ktor\u00fd hra pon\u00faka a to \u0161es\u0165 tis\u00edc minc\u00ed, ktor\u00fdch re\u00e1lna hodnota z\u00e1vis\u00ed od toho, ak\u00e9 ve\u013ek\u00e9 hry sa rozhodnete hra\u0165.<\/p>\n<p>K popularite tohto automatu prispieva okrem in\u00e9ho i obrovsky vysok\u00e1 hodnota RTP, ktor\u00e1 pod\u013ea inform\u00e1cii Net Entertainment dosahuje a\u017e 98.8%, \u010do znamen\u00e1, \u017ee v\u00fdhoda casina tu dosahuje len nie\u010do cez jedno percento. Len doslova zop\u00e1r automatov m\u00e1 vy\u0161\u0161ie RTP. K dosiahnutiu tejto vysokej RTP je v\u0161ak potrebn\u00e9 zvoli\u0165 t\u00fa najoptim\u00e1lnej\u0161iu hru. Re\u00e1lne je teda RTP ni\u017e\u0161ie o jedno a\u017e dve percent\u00e1. St\u00e1le s\u00fa tak v\u0161ak ve\u013emi dobr\u00e9 \u010d\u00edsla.<\/p>\n<p>Jackpot 6000 je \u010do sa pravidiel t\u00fdka ve\u013emi jednoduch\u00fd automat. Pred ka\u017edou hrou si m\u00f4\u017eete vybra\u0165 jednu zo \u0161iestich st\u00e1vkov\u00fdch \u00farovn\u00ed. Od toho, ak\u00fd level si zvol\u00ed sa odv\u00edja i mno\u017estvo v\u00fdhern\u00fdch l\u00ednii. \u010ealej si vyberiete to, s akou hodnotou minc\u00ed budete hra\u0165. A potom u\u017e len spust\u00edte hru. Jackpot 6000 bol navrhnut\u00fd tak, aby hry prebiehali \u010do najr\u00fdchlej\u0161ie a najplynulej\u0161ie. O nejakom dlhom \u010dakan\u00ed na v\u00fdsledok tak nem\u00f4\u017ee by\u0165 ani re\u010d.<\/p>\n<\/div>\n<section class=\"attributes\">\n<h2>R\u00ddCHLY PREH\u013dAD<\/h2>\n<div>\n<ul>\n<li><span class=\"heading\">Bonusov\u00e9 kolo:<\/span>\u00a0\u00c1no<\/li>\n<li><span class=\"heading\">Rozptylov\u00fd:<\/span>\u00a0\u00c1no<\/li>\n<li><span class=\"heading\">Preto\u010denia zdarma:<\/span>\u00a0Nie<\/li>\n<\/ul>\n<\/div>\n<\/section>\n<section class=\"multimedia_conversion widgetWrapper regular video\" data-widget-id=\"74185\" data-widget-type=\"Multimedia_Conversion\" data-brand-id=\"74806\">\n<div class=\"row all-wrapper\">\n<div class=\"col-xs-12 col-sm-8 graphic-wrapper widget-bg-color\">\n<div class=\"WYSIWYG\">\n<h2>JACKPOT 6000 ZADARMO A ZA PENIAZE<\/h2>\n<p>Na tomto automate si m\u00f4\u017eete vo vybran\u00fdch online casinach zahra\u0165 v dvoch podob\u00e1ch. Jackpot 6000 je dostupn\u00fd zdarma i vo variante\u00a0<a href=\"\/sk\/ako-vyhrat-peniaze\" data-track=\"\"><strong>hry o peniaze<\/strong><\/a>. Prv\u00e1 varianta je dostupn\u00e1 predov\u0161etk\u00fdm pre t\u00fdch, ktor\u00ed sa nec\u00edtia hne\u010f na to hra\u0165 o peniaze alebo o to jednoducho nemaj\u00fa z\u00e1ujem a chc\u00fa sa pri hre iba zab\u00e1va\u0165 bez amb\u00edcii nie\u010do vyhra\u0165. Hra zadarmo na automate Jackpot 6000 prebieha s pou\u017eit\u00edm bezhodnotn\u00fdch minc\u00ed alebo in\u00fdch fikt\u00edvnych pe\u0148az\u00ed.<\/p>\n<p>Pokia\u013e sa rozhodnete hra\u0165 o peniaze, pripravte sa na to, \u017ee m\u00f4\u017eete vyhra\u0165 a\u017e 6.000 minc\u00ed v podobe jackpotu. \u010ci u\u017e hr\u00e1te zdarma \u010di o peniaze, jedno sa nemen\u00ed a to s\u00fa pravidl\u00e1. A tak po ka\u017edej v\u00fdhre m\u00f4\u017eete zdvojn\u00e1sobi\u0165 svoj profit v sprievodnej hre \u201ePanna alebo orol\u201c. \u00da\u010das\u0165 v nej nie je povinn\u00e1, m\u00f4\u017eete sa uspokoji\u0165 so st\u00e1vaj\u00facou v\u00fdhrou a prevzia\u0165 ju prostredn\u00edctvom tla\u010didla \u201eCollect\u201c. Rovnako tak m\u00f4\u017eete t\u00fato hru hra\u0165 len s \u010das\u0165ou pe\u0148az\u00ed, ktor\u00e9 ste vyhrali a ostatn\u00e9 si ponecha\u0165.<\/p>\n<p>O tom \u010di dosiahnete na v\u00fdhru rozhoduje to, \u010di sa v\u00e1m podar\u00ed skompletova\u0165 minim\u00e1lne tri rovnak\u00e9 symboly zoraden\u00e9 pod\u013ea po\u017eiadaviek vo v\u00fdhernej l\u00ednii. Symbolov sa v r\u00e1mci hry nach\u00e1dza hne\u010f nieko\u013eko (v\u00e4\u010d\u0161ina s\u00fa z\u00e1konite ovocn\u00e9 symboly), no najhodnotnej\u0161\u00ed je symbol Jokera (\u017dol\u00edka), ktor\u00fd v\u00e1m m\u00f4\u017ee ako jedin\u00fd prinies\u0165 maxim\u00e1lny jackpot. Ak sa rozhodnete hra\u0165 s maxim\u00e1lnou st\u00e1vkou (\u201eMax Bet\u201c) tak v\u00e1m tri symboly \u017eol\u00edka prines\u00fa najvy\u0161\u0161iu mo\u017en\u00fa v\u00fdhru.<\/p>\n<p>Okrem hry \u201ePanna alebo orol\u201c pon\u00faka Jackpot 6000 i \u010fal\u0161\u00ed bonus a to v podobe hry \u201eSuper Meter\u201c. Podmienkou k \u00fa\u010dasti v tejto hre je okrem v\u00fdhry v predch\u00e1dzaj\u00facom kole i to, \u017ee ste t\u00fato v\u00fdhru dosiahli s maxim\u00e1lnymi st\u00e1vkami. Akon\u00e1hle sa dostanete do tejto hry, mus\u00edte stla\u010di\u0165 tla\u010didlo s n\u00e1pisom \u201eSPIN\u201c (ukon\u010di\u0165 hru m\u00f4\u017eete prostredn\u00edctvom tla\u010didiel s n\u00e1pismi \u201eTRANSFER\u201c alebo \u201eCOLLECT\u201c). V r\u00e1mci Super Meter hry m\u00f4\u017eete vyhra\u0165 \u010fal\u0161ie dodato\u010dn\u00e9 mince.<\/p>\n<h2>JACKPOT NA JACKPOT 6000<\/h2>\n<p>Jackpot na automate Jackpot 6000 dosahuje 6.000 minc\u00ed. Vyhra\u0165 ho m\u00f4\u017eete dvomi sp\u00f4sobmi. V pr\u00edpade, \u017ee sa rozhodnete hra\u0165 s maxim\u00e1lnymi st\u00e1vkami v \u201eklasickej\u201c hre, tak k tomu potrebujete zostavi\u0165 v\u00fdhern\u00fa kombin\u00e1ciu zlo\u017een\u00fa s troch symbolov \u017dol\u00edka. \u010ealej ho m\u00f4\u017eete vyhra\u0165 v r\u00e1mci Super Meter hry, kedy v\u00e1m k tomu sta\u010dia u\u017e len dva symboly \u017dol\u00edka. Za ne sa toti\u017e z\u00edskava v r\u00e1mci automatu Jackpot 6000 bonus od desa\u0165 a\u017e po \u0161es\u0165 tis\u00edc minc\u00ed.<\/p>\n<h2>NA Z\u00c1VER<\/h2>\n<p>Jackpot 6000 je z\u00e1bavn\u00fd ovocn\u00fd online automat z dielne\u00a0<a href=\"\/sk\/casino-softver\/netent\" data-track=\"\"><strong>Net Entertainment<\/strong><\/a>, pri ktor\u00e9ho hran\u00ed sa ur\u010dite nudi\u0165 nebudete. \u010c\u00edslovka \u0161es\u0165 tis\u00edc akoby nereprezentovala len maxim\u00e1lny jackpot, ale aj akoby r\u00fdchlos\u0165. Jackpot 6000 pon\u00faka nielen vysok\u00fa v\u00fdhernos\u0165, ale aj ve\u013ek\u00fa r\u00fdchlos\u0165 a tak sa milion\u00e1rom budete m\u00f4c\u0165 sta\u0165 u\u017e vo ve\u013emi kr\u00e1tkom \u010dase. To, pre\u010do je tento automat tak popul\u00e1rny spozn\u00e1te ve\u013emi r\u00fdchlo a nez\u00e1le\u017e\u00ed \u010di sa rozhodnete hra\u0165 Jackpot 6000 zadarmo alebo peniaze.<\/p>\n<\/div>\n<section class=\"testimonials widgetWrapper\" data-widget-id=\"75032\" data-widget-type=\"Testimonials\">\n<h2>N\u00c1ZORY \u010cITATE\u013dOV<\/h2>\n<div class=\"row testimonialWrapper\">\n<div class=\"col-xs-12 col-sm-6 testimonialItem\">\n<div class=\"messageBubble\">&#8222;Jackpot 6000 je kvalitn\u00fd automat od NetEntu, ktor\u00fd som si zamilovala pre to, lebo sa podob\u00e1 na klasick\u00e9 automaty v kamenn\u00fdch herniach a kas\u00ednach, len s t\u00fdm rozdielom, \u017ee tento hr\u00e1te z domova. Je to jeden z najv\u00fdhernej\u0161\u00edch automatov s n\u00e1vratnos\u0165ou a\u017e 99%, \u010do znamen\u00e1, \u017ee na \u0148om vyhr\u00e1te i vyhr\u00e1me viac ne\u017e na in\u00fdch automatoch. Tento automat hr\u00e1vam \u010dasto, \u0161koda, len, \u017ee jackpot nie je vy\u0161\u0161\u00ed.&#8220;<\/div>\n<\/div>\n<\/div>\n<\/section>\n<\/div>\n<\/div>\n<\/section>\n<\/div>\n<\/div>\n<\/div>\n<\/div>\n<\/div><\/div><\/div><\/div><\/div><\/div><\/div><\/section>\n","protected":false},"excerpt":{"rendered":"JACKPOT 6000 RECENZIA Jackpot 6000 je \u010fal\u0161\u00ed automat, ktor\u00fd poch\u00e1dza od prvotriedneho v\u00fdvoj\u00e1ra online casinov\u00fdch hier spolo\u010dnosti Net Entertainment. Je to automat, ktor\u00fd svojim vyznen\u00edm pripom\u00edna klasick\u00e9 automaty, ktor\u00e9 m\u00f4\u017eeme n\u00e1js\u0165 v kamenn\u00fdch kas\u00ednach a v in\u00fdch centr\u00e1ch z\u00e1bavy. Prim\u00e1rnou in\u0161pir\u00e1ciou pre tento automat sa stal in\u00fd automat star\u0161ieho druhu, Jackpot 2000, ktor\u00e9ho pr\u00edbeh za\u010d\u00edna...","protected":false},"author":1,"featured_media":0,"parent":2220,"menu_order":0,"comment_status":"closed","ping_status":"closed","template":"","meta":{"_acf_changed":false,"footnotes":""},"class_list":["post-2515","page","type-page","status-publish","hentry"],"acf":[],"rankMath":{"parentDomain":"onlinebettingspace.com","noFollowDomains":[],"noFollowExcludeDomains":[],"noFollowExternalLinks":false,"featuredImageNotice":"The featured image should be at least 200 by 200 pixels to be picked up by Facebook and other social media sites.","pluginReviewed":true,"postSettings":{"linkSuggestions":true,"useFocusKeyword":false},"frontEndScore":false,"postName":"jackpot-6000","permalinkFormat":"https:\/\/onlinebettingspace.com\/sk\/%pagename%\/","showLockModifiedDate":true,"assessor":{"focusKeywordLink":"https:\/\/onlinebettingspace.com\/wp-admin\/edit.php?focus_keyword=%focus_keyword%&post_type=%post_type%","hasTOCPlugin":false,"primaryTaxonomy":false,"serpData":{"title":"Hrac\u00ed automat jackpot 6000 recenzia | onlinebettingspace.com","description":"Tri valce, p\u00e4\u0165 v\u00fdhern\u00fdch l\u00ednii, dlh\u00e1 trad\u00edcia, dve bonusov\u00e9 funkcie a vysok\u00fd, a\u017e \u0161es\u0165tis\u00edcov\u00fd jackpot. Predstavujeme V\u00e1m z\u00e1bavn\u00fd automat Jackpot 6000.","focusKeywords":"","pillarContent":false,"canonicalUrl":"","breadcrumbTitle":"","advancedRobots":[],"facebookTitle":"","facebookDescription":"","facebookImage":"","facebookImageID":"","facebookHasOverlay":false,"facebookImageOverlay":"","facebookAuthor":"","twitterCardType":"","twitterUseFacebook":true,"twitterTitle":"","twitterDescription":"","twitterImage":"","twitterImageID":"","twitterHasOverlay":false,"twitterImageOverlay":"","twitterPlayerUrl":"","twitterPlayerSize":"","twitterPlayerStream":"","twitterPlayerStreamCtype":"","twitterAppDescription":"","twitterAppIphoneName":"","twitterAppIphoneID":"","twitterAppIphoneUrl":"","twitterAppIpadName":"","twitterAppIpadID":"","twitterAppIpadUrl":"","twitterAppGoogleplayName":"","twitterAppGoogleplayID":"","twitterAppGoogleplayUrl":"","twitterAppCountry":"","robots":{"index":true},"twitterAuthor":"username","primaryTerm":0,"authorName":"OBSAdmin","titleTemplate":"%title% %sep% %sitename%","descriptionTemplate":"%excerpt%","showScoreFrontend":true,"lockModifiedDate":false},"powerWords":[],"diacritics":{"A":"[\\u0041\\u24B6\\uFF21\\u00C0\\u00C1\\u00C2\\u1EA6\\u1EA4\\u1EAA\\u1EA8\\u00C3\\u0100\\u0102\\u1EB0\\u1EAE\\u1EB4\\u1EB2\\u0226\\u01E0\\u00C4\\u01DE\\u1EA2\\u00C5\\u01FA\\u01CD\\u0200\\u0202\\u1EA0\\u1EAC\\u1EB6\\u1E00\\u0104\\u023A\\u2C6F]","AA":"[\\uA732]","AE":"[\\u00C6\\u01FC\\u01E2]","AO":"[\\uA734]","AU":"[\\uA736]","AV":"[\\uA738\\uA73A]","AY":"[\\uA73C]","B":"[\\u0042\\u24B7\\uFF22\\u1E02\\u1E04\\u1E06\\u0243\\u0182\\u0181]","C":"[\\u0043\\u24B8\\uFF23\\u0106\\u0108\\u010A\\u010C\\u00C7\\u1E08\\u0187\\u023B\\uA73E]","D":"[\\u0044\\u24B9\\uFF24\\u1E0A\\u010E\\u1E0C\\u1E10\\u1E12\\u1E0E\\u0110\\u018B\\u018A\\u0189\\uA779]","DZ":"[\\u01F1\\u01C4]","Dz":"[\\u01F2\\u01C5]","E":"[\\u0045\\u24BA\\uFF25\\u00C8\\u00C9\\u00CA\\u1EC0\\u1EBE\\u1EC4\\u1EC2\\u1EBC\\u0112\\u1E14\\u1E16\\u0114\\u0116\\u00CB\\u1EBA\\u011A\\u0204\\u0206\\u1EB8\\u1EC6\\u0228\\u1E1C\\u0118\\u1E18\\u1E1A\\u0190\\u018E]","F":"[\\u0046\\u24BB\\uFF26\\u1E1E\\u0191\\uA77B]","G":"[\\u0047\\u24BC\\uFF27\\u01F4\\u011C\\u1E20\\u011E\\u0120\\u01E6\\u0122\\u01E4\\u0193\\uA7A0\\uA77D\\uA77E]","H":"[\\u0048\\u24BD\\uFF28\\u0124\\u1E22\\u1E26\\u021E\\u1E24\\u1E28\\u1E2A\\u0126\\u2C67\\u2C75\\uA78D]","I":"[\\u0049\\u24BE\\uFF29\\u00CC\\u00CD\\u00CE\\u0128\\u012A\\u012C\\u0130\\u00CF\\u1E2E\\u1EC8\\u01CF\\u0208\\u020A\\u1ECA\\u012E\\u1E2C\\u0197]","J":"[\\u004A\\u24BF\\uFF2A\\u0134\\u0248]","K":"[\\u004B\\u24C0\\uFF2B\\u1E30\\u01E8\\u1E32\\u0136\\u1E34\\u0198\\u2C69\\uA740\\uA742\\uA744\\uA7A2]","L":"[\\u004C\\u24C1\\uFF2C\\u013F\\u0139\\u013D\\u1E36\\u1E38\\u013B\\u1E3C\\u1E3A\\u0141\\u023D\\u2C62\\u2C60\\uA748\\uA746\\uA780]","LJ":"[\\u01C7]","Lj":"[\\u01C8]","M":"[\\u004D\\u24C2\\uFF2D\\u1E3E\\u1E40\\u1E42\\u2C6E\\u019C]","N":"[\\u004E\\u24C3\\uFF2E\\u01F8\\u0143\\u00D1\\u1E44\\u0147\\u1E46\\u0145\\u1E4A\\u1E48\\u0220\\u019D\\uA790\\uA7A4]","NJ":"[\\u01CA]","Nj":"[\\u01CB]","O":"[\\u004F\\u24C4\\uFF2F\\u00D2\\u00D3\\u00D4\\u1ED2\\u1ED0\\u1ED6\\u1ED4\\u00D5\\u1E4C\\u022C\\u1E4E\\u014C\\u1E50\\u1E52\\u014E\\u022E\\u0230\\u00D6\\u022A\\u1ECE\\u0150\\u01D1\\u020C\\u020E\\u01A0\\u1EDC\\u1EDA\\u1EE0\\u1EDE\\u1EE2\\u1ECC\\u1ED8\\u01EA\\u01EC\\u00D8\\u01FE\\u0186\\u019F\\uA74A\\uA74C]","OI":"[\\u01A2]","OO":"[\\uA74E]","OU":"[\\u0222]","P":"[\\u0050\\u24C5\\uFF30\\u1E54\\u1E56\\u01A4\\u2C63\\uA750\\uA752\\uA754]","Q":"[\\u0051\\u24C6\\uFF31\\uA756\\uA758\\u024A]","R":"[\\u0052\\u24C7\\uFF32\\u0154\\u1E58\\u0158\\u0210\\u0212\\u1E5A\\u1E5C\\u0156\\u1E5E\\u024C\\u2C64\\uA75A\\uA7A6\\uA782]","S":"[\\u0053\\u24C8\\uFF33\\u1E9E\\u015A\\u1E64\\u015C\\u1E60\\u0160\\u1E66\\u1E62\\u1E68\\u0218\\u015E\\u2C7E\\uA7A8\\uA784]","T":"[\\u0054\\u24C9\\uFF34\\u1E6A\\u0164\\u1E6C\\u021A\\u0162\\u1E70\\u1E6E\\u0166\\u01AC\\u01AE\\u023E\\uA786]","TZ":"[\\uA728]","U":"[\\u0055\\u24CA\\uFF35\\u00D9\\u00DA\\u00DB\\u0168\\u1E78\\u016A\\u1E7A\\u016C\\u00DC\\u01DB\\u01D7\\u01D5\\u01D9\\u1EE6\\u016E\\u0170\\u01D3\\u0214\\u0216\\u01AF\\u1EEA\\u1EE8\\u1EEE\\u1EEC\\u1EF0\\u1EE4\\u1E72\\u0172\\u1E76\\u1E74\\u0244]","V":"[\\u0056\\u24CB\\uFF36\\u1E7C\\u1E7E\\u01B2\\uA75E\\u0245]","VY":"[\\uA760]","W":"[\\u0057\\u24CC\\uFF37\\u1E80\\u1E82\\u0174\\u1E86\\u1E84\\u1E88\\u2C72]","X":"[\\u0058\\u24CD\\uFF38\\u1E8A\\u1E8C]","Y":"[\\u0059\\u24CE\\uFF39\\u1EF2\\u00DD\\u0176\\u1EF8\\u0232\\u1E8E\\u0178\\u1EF6\\u1EF4\\u01B3\\u024E\\u1EFE]","Z":"[\\u005A\\u24CF\\uFF3A\\u0179\\u1E90\\u017B\\u017D\\u1E92\\u1E94\\u01B5\\u0224\\u2C7F\\u2C6B\\uA762]","a":"[\\u0061\\u24D0\\uFF41\\u1E9A\\u00E0\\u00E1\\u00E2\\u1EA7\\u1EA5\\u1EAB\\u1EA9\\u00E3\\u0101\\u0103\\u1EB1\\u1EAF\\u1EB5\\u1EB3\\u0227\\u01E1\\u00E4\\u01DF\\u1EA3\\u00E5\\u01FB\\u01CE\\u0201\\u0203\\u1EA1\\u1EAD\\u1EB7\\u1E01\\u0105\\u2C65\\u0250]","aa":"[\\uA733]","ae":"[\\u00E6\\u01FD\\u01E3]","ao":"[\\uA735]","au":"[\\uA737]","av":"[\\uA739\\uA73B]","ay":"[\\uA73D]","b":"[\\u0062\\u24D1\\uFF42\\u1E03\\u1E05\\u1E07\\u0180\\u0183\\u0253]","c":"[\\u0063\\u24D2\\uFF43\\u0107\\u0109\\u010B\\u010D\\u00E7\\u1E09\\u0188\\u023C\\uA73F\\u2184]","d":"[\\u0064\\u24D3\\uFF44\\u1E0B\\u010F\\u1E0D\\u1E11\\u1E13\\u1E0F\\u0111\\u018C\\u0256\\u0257\\uA77A]","dz":"[\\u01F3\\u01C6]","e":"[\\u0065\\u24D4\\uFF45\\u00E8\\u00E9\\u00EA\\u1EC1\\u1EBF\\u1EC5\\u1EC3\\u1EBD\\u0113\\u1E15\\u1E17\\u0115\\u0117\\u00EB\\u1EBB\\u011B\\u0205\\u0207\\u1EB9\\u1EC7\\u0229\\u1E1D\\u0119\\u1E19\\u1E1B\\u0247\\u025B\\u01DD]","f":"[\\u0066\\u24D5\\uFF46\\u1E1F\\u0192\\uA77C]","g":"[\\u0067\\u24D6\\uFF47\\u01F5\\u011D\\u1E21\\u011F\\u0121\\u01E7\\u0123\\u01E5\\u0260\\uA7A1\\u1D79\\uA77F]","h":"[\\u0068\\u24D7\\uFF48\\u0125\\u1E23\\u1E27\\u021F\\u1E25\\u1E29\\u1E2B\\u1E96\\u0127\\u2C68\\u2C76\\u0265]","hv":"[\\u0195]","i":"[\\u0069\\u24D8\\uFF49\\u00EC\\u00ED\\u00EE\\u0129\\u012B\\u012D\\u00EF\\u1E2F\\u1EC9\\u01D0\\u0209\\u020B\\u1ECB\\u012F\\u1E2D\\u0268\\u0131]","j":"[\\u006A\\u24D9\\uFF4A\\u0135\\u01F0\\u0249]","k":"[\\u006B\\u24DA\\uFF4B\\u1E31\\u01E9\\u1E33\\u0137\\u1E35\\u0199\\u2C6A\\uA741\\uA743\\uA745\\uA7A3]","l":"[\\u006C\\u24DB\\uFF4C\\u0140\\u013A\\u013E\\u1E37\\u1E39\\u013C\\u1E3D\\u1E3B\\u017F\\u0142\\u019A\\u026B\\u2C61\\uA749\\uA781\\uA747]","lj":"[\\u01C9]","m":"[\\u006D\\u24DC\\uFF4D\\u1E3F\\u1E41\\u1E43\\u0271\\u026F]","n":"[\\u006E\\u24DD\\uFF4E\\u01F9\\u0144\\u00F1\\u1E45\\u0148\\u1E47\\u0146\\u1E4B\\u1E49\\u019E\\u0272\\u0149\\uA791\\uA7A5]","nj":"[\\u01CC]","o":"[\\u006F\\u24DE\\uFF4F\\u00F2\\u00F3\\u00F4\\u1ED3\\u1ED1\\u1ED7\\u1ED5\\u00F5\\u1E4D\\u022D\\u1E4F\\u014D\\u1E51\\u1E53\\u014F\\u022F\\u0231\\u00F6\\u022B\\u1ECF\\u0151\\u01D2\\u020D\\u020F\\u01A1\\u1EDD\\u1EDB\\u1EE1\\u1EDF\\u1EE3\\u1ECD\\u1ED9\\u01EB\\u01ED\\u00F8\\u01FF\\u0254\\uA74B\\uA74D\\u0275]","oi":"[\\u01A3]","ou":"[\\u0223]","oo":"[\\uA74F]","p":"[\\u0070\\u24DF\\uFF50\\u1E55\\u1E57\\u01A5\\u1D7D\\uA751\\uA753\\uA755]","q":"[\\u0071\\u24E0\\uFF51\\u024B\\uA757\\uA759]","r":"[\\u0072\\u24E1\\uFF52\\u0155\\u1E59\\u0159\\u0211\\u0213\\u1E5B\\u1E5D\\u0157\\u1E5F\\u024D\\u027D\\uA75B\\uA7A7\\uA783]","s":"[\\u0073\\u24E2\\uFF53\\u015B\\u1E65\\u015D\\u1E61\\u0161\\u1E67\\u1E63\\u1E69\\u0219\\u015F\\u023F\\uA7A9\\uA785\\u1E9B]","ss":"[\\u00DF]","t":"[\\u0074\\u24E3\\uFF54\\u1E6B\\u1E97\\u0165\\u1E6D\\u021B\\u0163\\u1E71\\u1E6F\\u0167\\u01AD\\u0288\\u2C66\\uA787]","tz":"[\\uA729]","u":"[\\u0075\\u24E4\\uFF55\\u00F9\\u00FA\\u00FB\\u0169\\u1E79\\u016B\\u1E7B\\u016D\\u00FC\\u01DC\\u01D8\\u01D6\\u01DA\\u1EE7\\u016F\\u0171\\u01D4\\u0215\\u0217\\u01B0\\u1EEB\\u1EE9\\u1EEF\\u1EED\\u1EF1\\u1EE5\\u1E73\\u0173\\u1E77\\u1E75\\u0289]","v":"[\\u0076\\u24E5\\uFF56\\u1E7D\\u1E7F\\u028B\\uA75F\\u028C]","vy":"[\\uA761]","w":"[\\u0077\\u24E6\\uFF57\\u1E81\\u1E83\\u0175\\u1E87\\u1E85\\u1E98\\u1E89\\u2C73]","x":"[\\u0078\\u24E7\\uFF58\\u1E8B\\u1E8D]","y":"[\\u0079\\u24E8\\uFF59\\u1EF3\\u00FD\\u0177\\u1EF9\\u0233\\u1E8F\\u00FF\\u1EF7\\u1E99\\u1EF5\\u01B4\\u024F\\u1EFF]","z":"[\\u007A\\u24E9\\uFF5A\\u017A\\u1E91\\u017C\\u017E\\u1E93\\u1E95\\u01B6\\u0225\\u0240\\u2C6C\\uA763]"},"researchesTests":["contentHasTOC","contentHasShortParagraphs","contentHasAssets","keywordInTitle","keywordInMetaDescription","keywordInPermalink","keywordIn10Percent","keywordInContent","keywordInSubheadings","keywordInImageAlt","keywordDensity","keywordNotUsed","lengthContent","lengthPermalink","linksHasInternal","linksHasExternals","linksNotAllExternals","titleStartWithKeyword","titleSentiment","titleHasPowerWords","titleHasNumber","hasContentAI"],"hasRedirection":true,"hasBreadcrumb":false},"homeUrl":"https:\/\/onlinebettingspace.com\/sk\/","objectID":2515,"objectType":"post","locale":"sk","localeFull":"sk_SK","overlayImages":{"play":{"name":"Play icon","url":"https:\/\/onlinebettingspace.com\/wp-content\/plugins\/seo-by-rank-math\/assets\/admin\/img\/icon-play.png","path":"\/home\/SuperAdmin\/web\/onlinebettingspace.com\/public_html\/wp-content\/plugins\/seo-by-rank-math\/assets\/admin\/img\/icon-play.png","position":"middle_center"},"gif":{"name":"GIF icon","url":"https:\/\/onlinebettingspace.com\/wp-content\/plugins\/seo-by-rank-math\/assets\/admin\/img\/icon-gif.png","path":"\/home\/SuperAdmin\/web\/onlinebettingspace.com\/public_html\/wp-content\/plugins\/seo-by-rank-math\/assets\/admin\/img\/icon-gif.png","position":"middle_center"}},"defautOgImage":"https:\/\/onlinebettingspace.com\/wp-content\/uploads\/2022\/04\/OBS-FULL-LOGO.webp","customPermalinks":true,"isUserRegistered":true,"autoSuggestKeywords":true,"connectSiteUrl":"https:\/\/rankmath.com\/auth?site=https%3A%2F%2Fonlinebettingspace.com%2Fsk%2F&r=https%3A%2F%2Fonlinebettingspace.com%2Fsk%2Fwp-json%2Fwp%2Fv2%2Fpages%2F2515%3Fnonce%3Df9d87e47fa","maxTags":5,"trendsIcon":"<svg viewBox=\"0 0 610 610\"><path d=\"M18.85,446,174.32,290.48l58.08,58.08L76.93,504a14.54,14.54,0,0,1-20.55,0L18.83,466.48a14.54,14.54,0,0,1,0-20.55Z\" style=\"fill:#4285f4\"\/><path d=\"M242.65,242.66,377.59,377.6l-47.75,47.75a14.54,14.54,0,0,1-20.55,0L174.37,290.43l47.75-47.75A14.52,14.52,0,0,1,242.65,242.66Z\" style=\"fill:#ea4335\"\/><polygon points=\"319.53 319.53 479.26 159.8 537.34 217.88 377.61 377.62 319.53 319.53\" style=\"fill:#fabb05\"\/><path d=\"M594.26,262.73V118.61h0a16.94,16.94,0,0,0-16.94-16.94H433.2a16.94,16.94,0,0,0-12,28.92L565.34,274.71h0a16.94,16.94,0,0,0,28.92-12Z\" style=\"fill:#34a853\"\/><rect width=\"610\" height=\"610\" style=\"fill:none\"\/><\/svg>","showScore":true,"siteFavIcon":"https:\/\/onlinebettingspace.com\/wp-content\/uploads\/2022\/04\/OBS-LOGO-1.webp","canUser":{"general":false,"advanced":false,"snippet":false,"social":false,"analysis":false,"analytics":false,"content_ai":false},"showKeywordIntent":true,"isPro":false,"is_front_page":false,"trendsUpgradeLink":"https:\/\/rankmath.com\/pricing\/?utm_source=Plugin&utm_medium=CE%20General%20Tab%20Trends&utm_campaign=WP","trendsUpgradeLabel":"Upgrade","trendsPreviewImage":"https:\/\/onlinebettingspace.com\/wp-content\/plugins\/seo-by-rank-math\/assets\/admin\/img\/trends-preview.jpg","currentEditor":false,"homepageData":{"assessor":{"powerWords":[],"diacritics":true,"researchesTests":["contentHasTOC","contentHasShortParagraphs","contentHasAssets","keywordInTitle","keywordInMetaDescription","keywordInPermalink","keywordIn10Percent","keywordInContent","keywordInSubheadings","keywordInImageAlt","keywordDensity","keywordNotUsed","lengthContent","lengthPermalink","linksHasInternal","linksHasExternals","linksNotAllExternals","titleStartWithKeyword","titleSentiment","titleHasPowerWords","titleHasNumber","hasContentAI"],"hasBreadcrumb":false,"serpData":{"title":"%sitename% %page% %sep% %sitedesc%","description":"","titleTemplate":"%sitename% %page% %sep% %sitedesc%","descriptionTemplate":"","focusKeywords":"","breadcrumbTitle":"Home","robots":{"index":true},"advancedRobots":[],"facebookTitle":"","facebookDescription":"","facebookImage":"","facebookImageID":""}}},"tocTitle":"Table of Contents","tocExcludeHeadings":[],"listStyle":"ul"},"_links":{"self":[{"href":"https:\/\/onlinebettingspace.com\/sk\/wp-json\/wp\/v2\/pages\/2515","targetHints":{"allow":["GET"]}}],"collection":[{"href":"https:\/\/onlinebettingspace.com\/sk\/wp-json\/wp\/v2\/pages"}],"about":[{"href":"https:\/\/onlinebettingspace.com\/sk\/wp-json\/wp\/v2\/types\/page"}],"author":[{"embeddable":true,"href":"https:\/\/onlinebettingspace.com\/sk\/wp-json\/wp\/v2\/users\/1"}],"replies":[{"embeddable":true,"href":"https:\/\/onlinebettingspace.com\/sk\/wp-json\/wp\/v2\/comments?post=2515"}],"version-history":[{"count":0,"href":"https:\/\/onlinebettingspace.com\/sk\/wp-json\/wp\/v2\/pages\/2515\/revisions"}],"up":[{"embeddable":true,"href":"https:\/\/onlinebettingspace.com\/sk\/wp-json\/wp\/v2\/pages\/2220"}],"wp:attachment":[{"href":"https:\/\/onlinebettingspace.com\/sk\/wp-json\/wp\/v2\/media?parent=2515"}],"curies":[{"name":"wp","href":"https:\/\/api.w.org\/{rel}","templated":true}]}}