{"id":2512,"date":"2022-08-19T12:59:18","date_gmt":"2022-08-19T09:59:18","guid":{"rendered":"https:\/\/onlinebettingspace.com\/?page_id=2512"},"modified":"2022-08-19T12:59:18","modified_gmt":"2022-08-19T09:59:18","slug":"sizzling-hot-deluxe","status":"publish","type":"page","link":"https:\/\/onlinebettingspace.com\/sk\/hracie-automaty\/sizzling-hot-deluxe\/","title":{"rendered":"SIZZLING HOT DELUXE"},"content":{"rendered":"<section class=\"l-section wpb_row height_medium\"><div class=\"l-section-h i-cf\"><div class=\"g-cols vc_row via_flex valign_top type_default stacking_default\"><div class=\"vc_col-sm-12 wpb_column vc_column_container\"><div class=\"vc_column-inner\"><div class=\"wpb_wrapper\"><div class=\"wpb_text_column\"><div class=\"wpb_wrapper\"><h1>SIZZLING HOT DELUXE ONLINE<\/h1>\n<div>\n<div id=\"breadcrumbsWrap\" class=\"hidden-xs\">\n<div id=\"breadcrumbs\">\n<p><strong>***Sizzling Hot Deluxe sa n\u00e1m zo Slovenska odpr\u00e1\u0161il, skr\u00e1tka vysizzloval, ke\u010f ho kas\u00edna vyradili z pon\u00fak pre n\u00e1\u0161 trh. H\u013ead\u00e1te automat, ktor\u00fd v\u00e1m v nie\u010dom bude evokova\u0165 tento legend\u00e1rny Novomatic titul? Tak potom v\u00e1m odpor\u00fa\u010dame, aby ste si sk\u00fasili zahra\u0165 ovocn\u00fd\u00a0<a href=\"\/sk\/hracie-automaty\/jackpot-6000\" data-track=\"\">automat Jackpot 6000<\/a>, ktor\u00fd pon\u00faka podobn\u00fa t\u00e9mu, dizajn a hlavne rozpr\u00e1vkov\u00e9 jackpoty***<\/strong><\/p>\n<p>Na Slovensku je bez debaty najob\u013e\u00fabenej\u0161\u00edm hrac\u00edm automat hra\u00a0<strong>Sizzling Hot Deluxe<\/strong>, ktor\u00e1 je tie\u017e niekedy naz\u00fdvan\u00e1 len jednoducho skr\u00e1tene \u2013 Sizzling Hot. T\u00e1to hra od spolo\u010dnosti Novomatic si na\u0161la priaznivcov nielen u\u00a0n\u00e1s, ale aj po celom svete a\u00a0dnes sa m\u00f4\u017ee te\u0161i\u0165 obrovskej fan\u00fa\u0161ikovskej z\u00e1kladni.<\/p>\n<div>\n<div class=\"readMore\">\n<p>Dov\u00f4dov, pre\u010do si na\u0161la to\u013eko priaznivcov je mnoho, my vymenujeme len tie, pre\u010do sme si aj my ob\u013e\u00fabili \u2013\u00a0<strong>pekn\u00e1 grafika<\/strong>, klasick\u00e1\u00a0<strong>ovocn\u00e1 tematika<\/strong>\u00a0a\u00a0super spracovanie celej hry. Sizzling Hot Deluxe je dostupn\u00e9\u00a0<strong><a href=\"\/sk\/kasina-recenzia\" data-track=\"\">vo viacer\u00fdch kas\u00ednach<\/a><\/strong>, ak si chcete Sizzling hot automaty zahra\u0165 hne\u010f teraz, tak zvo\u013ete niektor\u00e9 z\u00a0t\u00fdchto exkluz\u00edvnych online kas\u00edn.<\/p>\n<h2>SIZZLING HOT DELUXE ONLINE A\u00a0PRAVIDL\u00c1<\/h2>\n<p>\u010eal\u0161\u00edm z\u00a0d\u00f4vodov, pre\u010do je\u00a0<strong>Sizzling Hot online<\/strong>\u00a0tak ob\u013e\u00faben\u00fdm\u00a0<strong><a href=\"\/sk\/hracie-automaty\" data-track=\"\">hrac\u00edm automatom<\/a><\/strong>\u00a0je jednoduchos\u0165 jeho\u00a0<strong>ovl\u00e1dania a\u00a0pravidiel.<\/strong>\u00a0SizzlingHot spad\u00e1 do \u00e9ry klasick\u00fdch automatov, ktor\u00e9 maj\u00fa 5 valcov a\u00a0je mo\u017en\u00e9 st\u00e1vkova\u0165 na 5 v\u00fdhern\u00fdch l\u00edni\u00ed po\u010das ka\u017ed\u00e9ho preto\u010denia.<\/p>\n<p>Na ka\u017ed\u00fa l\u00edniu je mo\u017en\u00e9 stavi\u0165 a\u017e 20\u20ac, \u010do znamen\u00e1, \u017ee maxim\u00e1lna st\u00e1vka po\u010das jedn\u00e9ho preto\u010denia m\u00f4\u017ee by\u0165 a\u017e 100\u20ac! \u010co je skuto\u010dne v\u00fdnimo\u010dn\u00e1 suma, kv\u00f4li ktorej je tento automat vyh\u013ead\u00e1van\u00fd hr\u00e1\u010dmi, ktor\u00ed radi st\u00e1vkuj\u00fa ve\u013ea a\u00a0<strong>ve\u013ek\u00e9 sumy<\/strong>.<\/p>\n<p>Ke\u010f\u017ee v\u00a0Sizzling Hot nie je mo\u017en\u00e9 si vybra\u0165 po\u010det v\u00fdhern\u00fdch l\u00edni\u00ed a\u00a0na automate v\u017edy hr\u00e1te\u00a0<strong>automaticky s\u00a0piatimi l\u00edniami<\/strong>\u00a0a\u00a0na jednu l\u00edniu je mo\u017en\u00e9 minim\u00e1lne stavi\u0165 jednu mincu, tak minim\u00e1lna st\u00e1vka pri jednom preto\u010den\u00ed je\u00a0<strong>25 centov<\/strong>, preto\u017ee jedna minca za\u010d\u00edna od \u20ac0.05.<\/p>\n<p>V\u010faka tomuto je Sizzling Hot Deluxe automat vhodn\u00fd pre v\u0161etky kateg\u00f3rie hr\u00e1\u010dov \u2013 pre menej sk\u00fasen\u00fdch, ale aj pre t\u00fdch viac sk\u00fasen\u00fdch, pre hr\u00e1\u010dov, ktor\u00ed preferuj\u00fa men\u0161ie st\u00e1vky no z\u00e1rove\u0148 aj pre hr\u00e1\u010dov, ktor\u00ed si radi dopraj\u00fa z\u00e1bavu za ve\u013ek\u00e9 peniaze.<\/p>\n<p>Ke\u010f u\u017e sme pri t\u00fdch\u00a0<strong>ve\u013ek\u00fdch v\u00fdhrach<\/strong>, tak na tomto automate m\u00e1te mo\u017enos\u0165\u00a0<strong>vyhra\u0165 a\u017e 5000 minc\u00ed<\/strong>, ak sa v\u00e1m podar\u00ed vytvori\u0165 t\u00fa najsilnej\u0161iu v\u00fdhern\u00fa l\u00edniu. Pokia\u013e ste na t\u00fato v\u00fdhern\u00fa l\u00edniu stavili najvy\u0161\u0161iu mo\u017en\u00fa st\u00e1vku, \u010do znamen\u00e1 \u20ac20, tak ihne\u010f vyhr\u00e1vate sumu\u00a0<strong>neuverite\u013en\u00fdch \u20ac100,000!<\/strong>\u00a0A\u00a0to u\u017e je skuto\u010dne d\u00f4vod na to, aby ste vysk\u00fa\u0161ali tento magick\u00fd hrac\u00ed automat.<\/p>\n<div class=\"WYSIWYG\">\n<h2>SYMBOLY, JACKPOTY A\u00a0BONUSY<\/h2>\n<p>Sizzling Hot Deluxe pou\u017e\u00edva klasick\u00fa\u00a0<strong>\u201eovocn\u00fa\u201c tematiku<\/strong>, ktor\u00e1 je jednoduch\u00e1, no z\u00e1rove\u0148 v\u00fdnimo\u010dne fascinuj\u00faca a\u00a0p\u00fatav\u00e1. Mel\u00f3ny, slivky, pomaran\u010de \u010di citr\u00f3ny, toto v\u0161etko sa nach\u00e1dza na valcoch a\u00a0pom\u00e1ha v\u00e1m vyhra\u0165 neuverite\u013en\u00e9 sumy! Pokia\u013e v\u0161ak ste ostrie\u013ean\u00fdm automatov\u00fdm hr\u00e1\u010dom tak viete, \u017ee na takomto automate sa nach\u00e1dzaj\u00fa\u00a0<strong>e\u0161te \u010fal\u0161ie symboly<\/strong>, ktor\u00e9 s\u00fa ove\u013ea silnej\u0161ie, ne\u017e ovocn\u00e9 symboly.<\/p>\n<p>Na Sizzling Hot Deluxe je to\u00a0<strong>7\u010dka a\u00a0znak hviezdy<\/strong>. Sedmi\u010dka je jednoducho len\u00a0<strong>najsilnej\u0161\u00ed symbol<\/strong>, ktor\u00fd ak sa v\u00e1m podar\u00ed zoradi\u0165 v\u00a0dostato\u010dnom mno\u017estve, tak vyhr\u00e1vate vysok\u00fa sumu. Symbol hviezdy je z\u00e1rove\u0148\u00a0<strong>rozptylov\u00fd (Scatter) symbol<\/strong>.<\/p>\n<p>Pokia\u013e sa v\u00e1m na valcoch zobrazia symboly hviezdy, a\u00a0pritom v\u00f4bec nez\u00e1le\u017e\u00ed, kde sa nach\u00e1dzaj\u00fa, tak\u00a0<strong>hr\u00e1\u010d z\u00edskava \u0161peci\u00e1lnu cenu<\/strong>. Na automate sa nenach\u00e1dza \u017eiaden\u00a0<strong>Wild znak<\/strong>, ktor\u00fd je mo\u017en\u00e9 pou\u017ei\u0165 ako substit\u00faciu za in\u00e9 znaky a\u00a0tak si dopom\u00f4c\u0165 pri vytvoren\u00ed v\u00fdhernej l\u00ednie. Okrem toho sa pri Sizzling Hot Deluxe nestretnete ani so \u017eiadnym bonusov\u00fdm kolom, po\u010das ktor\u00e9ho je mo\u017en\u00e9\u00a0<strong><a href=\"\/sk\/ako-vyhrat-peniaze\" data-track=\"\">vyhra\u0165 zauj\u00edmav\u00e9 sumy<\/a><\/strong>.<\/p>\n<p>Taktie\u017e tu bohu\u017eia\u013e ch\u00fdba mo\u017enos\u0165 vyhra\u0165 preto\u010denia zdarma. \u010eal\u0161ia z\u00a0funkcii, ktor\u00e1 nie je pr\u00edtomn\u00e1 na Sizzling Hot automate je progres\u00edvny jackpot. Hr\u00e1\u010di, ktor\u00ed vysloven\u00e9 h\u013eadaj\u00fa automaty s\u00a0touto mo\u017enos\u0165ou nebud\u00fa asi nad\u0161en\u00ed, av\u0161ak ak progres\u00edvny jackpot nie je funkcia, ktor\u00fa vyh\u013ead\u00e1vate, tak ur\u010dite v\u00e1m to vadi\u0165 nebude. Niekomu m\u00f4\u017eu tieto mo\u017enosti ch\u00fdba\u0165 a\u00a0niekto pr\u00e1ve preferuje automaty, ktor\u00e9 nemaj\u00fa zbyto\u010dne ve\u013ea mo\u017enost\u00ed a\u00a0m\u00f4\u017eu sa s\u00fastredi\u0165 na \u010dist\u00fd priebeh hry. Nevieme, do ktor\u00e9ho n\u00e1zorov\u00e9ho t\u00e1bora patr\u00edte vy ale ur\u010dite automat\u00a0<strong>Slizzing Hot stoj\u00ed za vysk\u00fa\u0161anie<\/strong>.<\/p>\n<p>Mus\u00edme v\u0161ak spomen\u00fa\u0165, \u017ee tento automat pon\u00faka jednu zauj\u00edmav\u00fa funkciu, ako si zv\u00fd\u0161i\u0165 svoje v\u00fdhry. T\u00e1to funkcia je nazvan\u00e1<strong>\u00a0\u201eGamble<\/strong>\u201c a\u00a0je v\u00e1m v\u017edy pon\u00faknut\u00e1 ihne\u010f po tom, ke\u010f vyhr\u00e1te. Ak si zvol\u00edte \u201eGamble\u201c, tak v\u00e1s hra zoberie na \u0161peci\u00e1lnu obrazovku, na ktorej m\u00e1te mo\u017enos\u0165 tipova\u0165 farbu karty alebo znak karty. Ak uh\u00e1dnete farbu karty, va\u0161a v\u00fdhra je\u00a0<strong>zdvojn\u00e1soben\u00e1<\/strong>. Ak uh\u00e1dnete znak karty, va\u0161a v\u00fdhra bude\u00a0<strong>\u0161tvorn\u00e1sobne<\/strong>\u00a0<strong>vy\u0161\u0161ia<\/strong>. N\u00e1sledne m\u00f4\u017eete tipova\u0165 \u010falej a\u017e k\u00fdm bu\u010f neprehr\u00e1te (a t\u00fdm strat\u00edte aj predo\u0161l\u00e9 v\u00fdhry) alebo k\u00fdm sami neukon\u010d\u00edte t\u00fato \u201eGamble\u201c funkciu.<\/p>\n<\/div>\n<section class=\"attributes\">\n<h2>R\u00ddCHLY PREH\u013dAD<\/h2>\n<div>\n<ul>\n<li><span class=\"heading\">Bonusov\u00e9 kolo:<\/span>\u00a0\u00c1no<\/li>\n<li><span class=\"heading\">Rozptylov\u00fd:<\/span>\u00a0\u00c1no<\/li>\n<li><span class=\"heading\">Preto\u010denia zdarma:<\/span>\u00a0\u00c1no<\/li>\n<\/ul>\n<\/div>\n<\/section>\n<div class=\"WYSIWYG\">\n<h2>SIZZLING HOT ZADARMO<\/h2>\n<p>Chcete si zahra\u0165\u00a0<strong>Sizzling Hot Deluxe zdarma<\/strong>? \u017diaden probl\u00e9m! V\u00e4\u010d\u0161ina\u00a0<strong><a href=\"\/sk\" data-track=\"\">online kas\u00edn<\/a><\/strong>, v\u00a0ktor\u00fdch n\u00e1jdete tento v\u00fdnimo\u010dn\u00fd hrac\u00ed automat bude pon\u00faka\u0165 mo\u017enos\u0165 hra\u0165 Sizzling hot zdarma, od napr\u00edklad:\u00a0<strong><a href=\"\/sk\/futuriti-casino\" data-track=\"\">Futuriti Casino<\/a><\/strong>. Niekedy je potrebn\u00e9 sa zaregistrova\u0165 a\u00a0uvies\u0165 svoj spr\u00e1vny email, niekedy nie je ani toto nutn\u00e9 a\u00a0ihne\u010f sa m\u00f4\u017eete pusti\u0165 do hrania\u00a0Sizzling Hot Deluxe zadarmo.<\/p>\n<p>Potom, ak by ste n\u00e1hodou mali chu\u0165 vysk\u00fa\u0161a\u0165 t\u00fato hru o\u00a0re\u00e1lne peniaze, tak nie je ni\u010d jednoduch\u0161ie ne\u017e si na hr\u00e1\u010dsky \u00fa\u010det v\u00a0danom kas\u00edne vlo\u017ei\u0165 peniaze vysk\u00fa\u0161a\u0165 si t\u00fato hru zahra\u0165 o\u00a0skuto\u010dn\u00e9 v\u00fdhry! Ak si ju v\u0161ak chcete poriadne natr\u00e9nova\u0165, tak samozrejme neexistuje \u017eiadne obmedzenie pre hry Sizzling hot zadarmo. Vy si ju preto m\u00f4\u017eete hra\u0165 zadarmo ko\u013eko len chcete!<\/p>\n<h2>HRAJTE SA NA VA\u0160OM MOBILNOM TELEF\u00d3NE!<\/h2>\n<p>Preferujete hranie sa na tablete, smartf\u00f3ne \u010di inom men\u0161om zariaden\u00ed? V\u00fdborne! Tento perfektn\u00fd hrac\u00ed automat si m\u00f4\u017eete samozrejme vysk\u00fa\u0161a\u0165 aj na zariaden\u00ed s\u00a0men\u0161\u00edm displejom a\u00a0rozl\u00ed\u0161en\u00edm. Sizzling Hot je\u00a0<strong>plne optimalizovan\u00fd<\/strong>\u00a0pre prenosn\u00e9 zariadenia a\u00a0tak sa v\u00e1\u0161 telef\u00f3n alebo tablet\u00a0 m\u00f4\u017ee premeni\u0165 na skuto\u010dn\u00fd hrac\u00ed automat.<\/p>\n<p>Sta\u010d\u00ed, ak si zvol\u00edte jedno z\u00a0kas\u00edn, ktor\u00e9 u\u00a0n\u00e1s odpor\u00fa\u010dame \u2013 tieto\u00a0<a href=\"\/sk\/mobilne-online-kasina\" data-track=\"\"><strong>kas\u00edna s\u00fa mobilne optimalizovan\u00e9<\/strong><\/a>\u00a0a\u00a0prisp\u00f4soben\u00e9 pre modern\u00e9 zariadenia a\u00a0v\u010faka tomu nez\u00e1le\u017e\u00ed, \u010di sa budete hra\u0165\u00a0<strong>na Androide, Apple, iOS<\/strong>\u00a0alebo inom zariaden\u00ed \u2013 v\u0161etko bude fungova\u0165 bez probl\u00e9mov a\u00a0vy si m\u00f4\u017eete naplno venova\u0165 hraniu a\u00a0vyhr\u00e1vaniu!<\/p>\n<section class=\"testimonials widgetWrapper\" data-widget-id=\"75023\" data-widget-type=\"Testimonials\">\n<h2>N\u00c1ZORY \u010cITATE\u013dOV<\/h2>\n<div class=\"row testimonialWrapper\">\n<div class=\"col-xs-12 col-sm-6 testimonialItem\">\n<div class=\"messageBubble\">&#8222;Z\u00e1bavn\u00fd automat, ktor\u00fd mi pripomenul automaty, ktor\u00e9 som hr\u00e1val v herniach a v kas\u00ednach. Nen\u00e1ro\u010dn\u00e1 ovocn\u00e1 klasika, skvel\u00e1 ak chcem zrelaxova\u0165 po \u0165a\u017ekom dni v pr\u00e1ci alebo ak nechcem hra\u0165 ni\u010d n\u00e1ro\u010dn\u00e9. M\u00f4\u017eem si ju zahra\u0165 zadarmo, o peniaze, ako len chcem, cez po\u010d\u00edta\u010d i cez mobil, ke\u010f idem domov.&#8220;<\/div>\n<\/div>\n<\/div>\n<\/section>\n<\/div>\n<\/div>\n<p>&nbsp;<\/p>\n<\/div>\n<\/div>\n<\/div>\n<\/div>\n<\/div><\/div><\/div><\/div><\/div><\/div><\/div><\/section>\n","protected":false},"excerpt":{"rendered":"SIZZLING HOT DELUXE ONLINE ***Sizzling Hot Deluxe sa n\u00e1m zo Slovenska odpr\u00e1\u0161il, skr\u00e1tka vysizzloval, ke\u010f ho kas\u00edna vyradili z pon\u00fak pre n\u00e1\u0161 trh. H\u013ead\u00e1te automat, ktor\u00fd v\u00e1m v nie\u010dom bude evokova\u0165 tento legend\u00e1rny Novomatic titul? Tak potom v\u00e1m odpor\u00fa\u010dame, aby ste si sk\u00fasili zahra\u0165 ovocn\u00fd\u00a0automat Jackpot 6000, ktor\u00fd pon\u00faka podobn\u00fa t\u00e9mu, dizajn a hlavne rozpr\u00e1vkov\u00e9...","protected":false},"author":1,"featured_media":0,"parent":2220,"menu_order":0,"comment_status":"closed","ping_status":"closed","template":"","meta":{"_acf_changed":false,"footnotes":""},"class_list":["post-2512","page","type-page","status-publish","hentry"],"acf":[],"rankMath":{"parentDomain":"onlinebettingspace.com","noFollowDomains":[],"noFollowExcludeDomains":[],"noFollowExternalLinks":false,"featuredImageNotice":"The featured image should be at least 200 by 200 pixels to be picked up by Facebook and other social media sites.","pluginReviewed":true,"postSettings":{"linkSuggestions":true,"useFocusKeyword":false},"frontEndScore":false,"postName":"sizzling-hot-deluxe","permalinkFormat":"https:\/\/onlinebettingspace.com\/sk\/%pagename%\/","showLockModifiedDate":true,"assessor":{"focusKeywordLink":"https:\/\/onlinebettingspace.com\/wp-admin\/edit.php?focus_keyword=%focus_keyword%&post_type=%post_type%","hasTOCPlugin":false,"primaryTaxonomy":false,"serpData":{"title":"Sizzling Hot Deluxe automat | onlinebettingspace.com","description":"Vysk\u00fa\u0161ajte si tento jedine\u010dn\u00fd online automat s ovocnou t\u00e9matikou a ve\u013ek\u00fdmi v\u00fdhrami. Sizzling Hot zdarma je samozrejme tie\u017e dostupn\u00fd a \u010dak\u00e1 len na v\u00e1s!","focusKeywords":"","pillarContent":false,"canonicalUrl":"","breadcrumbTitle":"","advancedRobots":[],"facebookTitle":"","facebookDescription":"","facebookImage":"","facebookImageID":"","facebookHasOverlay":false,"facebookImageOverlay":"","facebookAuthor":"","twitterCardType":"","twitterUseFacebook":true,"twitterTitle":"","twitterDescription":"","twitterImage":"","twitterImageID":"","twitterHasOverlay":false,"twitterImageOverlay":"","twitterPlayerUrl":"","twitterPlayerSize":"","twitterPlayerStream":"","twitterPlayerStreamCtype":"","twitterAppDescription":"","twitterAppIphoneName":"","twitterAppIphoneID":"","twitterAppIphoneUrl":"","twitterAppIpadName":"","twitterAppIpadID":"","twitterAppIpadUrl":"","twitterAppGoogleplayName":"","twitterAppGoogleplayID":"","twitterAppGoogleplayUrl":"","twitterAppCountry":"","robots":{"index":true},"twitterAuthor":"username","primaryTerm":0,"authorName":"OBSAdmin","titleTemplate":"%title% %sep% %sitename%","descriptionTemplate":"%excerpt%","showScoreFrontend":true,"lockModifiedDate":false},"powerWords":[],"diacritics":{"A":"[\\u0041\\u24B6\\uFF21\\u00C0\\u00C1\\u00C2\\u1EA6\\u1EA4\\u1EAA\\u1EA8\\u00C3\\u0100\\u0102\\u1EB0\\u1EAE\\u1EB4\\u1EB2\\u0226\\u01E0\\u00C4\\u01DE\\u1EA2\\u00C5\\u01FA\\u01CD\\u0200\\u0202\\u1EA0\\u1EAC\\u1EB6\\u1E00\\u0104\\u023A\\u2C6F]","AA":"[\\uA732]","AE":"[\\u00C6\\u01FC\\u01E2]","AO":"[\\uA734]","AU":"[\\uA736]","AV":"[\\uA738\\uA73A]","AY":"[\\uA73C]","B":"[\\u0042\\u24B7\\uFF22\\u1E02\\u1E04\\u1E06\\u0243\\u0182\\u0181]","C":"[\\u0043\\u24B8\\uFF23\\u0106\\u0108\\u010A\\u010C\\u00C7\\u1E08\\u0187\\u023B\\uA73E]","D":"[\\u0044\\u24B9\\uFF24\\u1E0A\\u010E\\u1E0C\\u1E10\\u1E12\\u1E0E\\u0110\\u018B\\u018A\\u0189\\uA779]","DZ":"[\\u01F1\\u01C4]","Dz":"[\\u01F2\\u01C5]","E":"[\\u0045\\u24BA\\uFF25\\u00C8\\u00C9\\u00CA\\u1EC0\\u1EBE\\u1EC4\\u1EC2\\u1EBC\\u0112\\u1E14\\u1E16\\u0114\\u0116\\u00CB\\u1EBA\\u011A\\u0204\\u0206\\u1EB8\\u1EC6\\u0228\\u1E1C\\u0118\\u1E18\\u1E1A\\u0190\\u018E]","F":"[\\u0046\\u24BB\\uFF26\\u1E1E\\u0191\\uA77B]","G":"[\\u0047\\u24BC\\uFF27\\u01F4\\u011C\\u1E20\\u011E\\u0120\\u01E6\\u0122\\u01E4\\u0193\\uA7A0\\uA77D\\uA77E]","H":"[\\u0048\\u24BD\\uFF28\\u0124\\u1E22\\u1E26\\u021E\\u1E24\\u1E28\\u1E2A\\u0126\\u2C67\\u2C75\\uA78D]","I":"[\\u0049\\u24BE\\uFF29\\u00CC\\u00CD\\u00CE\\u0128\\u012A\\u012C\\u0130\\u00CF\\u1E2E\\u1EC8\\u01CF\\u0208\\u020A\\u1ECA\\u012E\\u1E2C\\u0197]","J":"[\\u004A\\u24BF\\uFF2A\\u0134\\u0248]","K":"[\\u004B\\u24C0\\uFF2B\\u1E30\\u01E8\\u1E32\\u0136\\u1E34\\u0198\\u2C69\\uA740\\uA742\\uA744\\uA7A2]","L":"[\\u004C\\u24C1\\uFF2C\\u013F\\u0139\\u013D\\u1E36\\u1E38\\u013B\\u1E3C\\u1E3A\\u0141\\u023D\\u2C62\\u2C60\\uA748\\uA746\\uA780]","LJ":"[\\u01C7]","Lj":"[\\u01C8]","M":"[\\u004D\\u24C2\\uFF2D\\u1E3E\\u1E40\\u1E42\\u2C6E\\u019C]","N":"[\\u004E\\u24C3\\uFF2E\\u01F8\\u0143\\u00D1\\u1E44\\u0147\\u1E46\\u0145\\u1E4A\\u1E48\\u0220\\u019D\\uA790\\uA7A4]","NJ":"[\\u01CA]","Nj":"[\\u01CB]","O":"[\\u004F\\u24C4\\uFF2F\\u00D2\\u00D3\\u00D4\\u1ED2\\u1ED0\\u1ED6\\u1ED4\\u00D5\\u1E4C\\u022C\\u1E4E\\u014C\\u1E50\\u1E52\\u014E\\u022E\\u0230\\u00D6\\u022A\\u1ECE\\u0150\\u01D1\\u020C\\u020E\\u01A0\\u1EDC\\u1EDA\\u1EE0\\u1EDE\\u1EE2\\u1ECC\\u1ED8\\u01EA\\u01EC\\u00D8\\u01FE\\u0186\\u019F\\uA74A\\uA74C]","OI":"[\\u01A2]","OO":"[\\uA74E]","OU":"[\\u0222]","P":"[\\u0050\\u24C5\\uFF30\\u1E54\\u1E56\\u01A4\\u2C63\\uA750\\uA752\\uA754]","Q":"[\\u0051\\u24C6\\uFF31\\uA756\\uA758\\u024A]","R":"[\\u0052\\u24C7\\uFF32\\u0154\\u1E58\\u0158\\u0210\\u0212\\u1E5A\\u1E5C\\u0156\\u1E5E\\u024C\\u2C64\\uA75A\\uA7A6\\uA782]","S":"[\\u0053\\u24C8\\uFF33\\u1E9E\\u015A\\u1E64\\u015C\\u1E60\\u0160\\u1E66\\u1E62\\u1E68\\u0218\\u015E\\u2C7E\\uA7A8\\uA784]","T":"[\\u0054\\u24C9\\uFF34\\u1E6A\\u0164\\u1E6C\\u021A\\u0162\\u1E70\\u1E6E\\u0166\\u01AC\\u01AE\\u023E\\uA786]","TZ":"[\\uA728]","U":"[\\u0055\\u24CA\\uFF35\\u00D9\\u00DA\\u00DB\\u0168\\u1E78\\u016A\\u1E7A\\u016C\\u00DC\\u01DB\\u01D7\\u01D5\\u01D9\\u1EE6\\u016E\\u0170\\u01D3\\u0214\\u0216\\u01AF\\u1EEA\\u1EE8\\u1EEE\\u1EEC\\u1EF0\\u1EE4\\u1E72\\u0172\\u1E76\\u1E74\\u0244]","V":"[\\u0056\\u24CB\\uFF36\\u1E7C\\u1E7E\\u01B2\\uA75E\\u0245]","VY":"[\\uA760]","W":"[\\u0057\\u24CC\\uFF37\\u1E80\\u1E82\\u0174\\u1E86\\u1E84\\u1E88\\u2C72]","X":"[\\u0058\\u24CD\\uFF38\\u1E8A\\u1E8C]","Y":"[\\u0059\\u24CE\\uFF39\\u1EF2\\u00DD\\u0176\\u1EF8\\u0232\\u1E8E\\u0178\\u1EF6\\u1EF4\\u01B3\\u024E\\u1EFE]","Z":"[\\u005A\\u24CF\\uFF3A\\u0179\\u1E90\\u017B\\u017D\\u1E92\\u1E94\\u01B5\\u0224\\u2C7F\\u2C6B\\uA762]","a":"[\\u0061\\u24D0\\uFF41\\u1E9A\\u00E0\\u00E1\\u00E2\\u1EA7\\u1EA5\\u1EAB\\u1EA9\\u00E3\\u0101\\u0103\\u1EB1\\u1EAF\\u1EB5\\u1EB3\\u0227\\u01E1\\u00E4\\u01DF\\u1EA3\\u00E5\\u01FB\\u01CE\\u0201\\u0203\\u1EA1\\u1EAD\\u1EB7\\u1E01\\u0105\\u2C65\\u0250]","aa":"[\\uA733]","ae":"[\\u00E6\\u01FD\\u01E3]","ao":"[\\uA735]","au":"[\\uA737]","av":"[\\uA739\\uA73B]","ay":"[\\uA73D]","b":"[\\u0062\\u24D1\\uFF42\\u1E03\\u1E05\\u1E07\\u0180\\u0183\\u0253]","c":"[\\u0063\\u24D2\\uFF43\\u0107\\u0109\\u010B\\u010D\\u00E7\\u1E09\\u0188\\u023C\\uA73F\\u2184]","d":"[\\u0064\\u24D3\\uFF44\\u1E0B\\u010F\\u1E0D\\u1E11\\u1E13\\u1E0F\\u0111\\u018C\\u0256\\u0257\\uA77A]","dz":"[\\u01F3\\u01C6]","e":"[\\u0065\\u24D4\\uFF45\\u00E8\\u00E9\\u00EA\\u1EC1\\u1EBF\\u1EC5\\u1EC3\\u1EBD\\u0113\\u1E15\\u1E17\\u0115\\u0117\\u00EB\\u1EBB\\u011B\\u0205\\u0207\\u1EB9\\u1EC7\\u0229\\u1E1D\\u0119\\u1E19\\u1E1B\\u0247\\u025B\\u01DD]","f":"[\\u0066\\u24D5\\uFF46\\u1E1F\\u0192\\uA77C]","g":"[\\u0067\\u24D6\\uFF47\\u01F5\\u011D\\u1E21\\u011F\\u0121\\u01E7\\u0123\\u01E5\\u0260\\uA7A1\\u1D79\\uA77F]","h":"[\\u0068\\u24D7\\uFF48\\u0125\\u1E23\\u1E27\\u021F\\u1E25\\u1E29\\u1E2B\\u1E96\\u0127\\u2C68\\u2C76\\u0265]","hv":"[\\u0195]","i":"[\\u0069\\u24D8\\uFF49\\u00EC\\u00ED\\u00EE\\u0129\\u012B\\u012D\\u00EF\\u1E2F\\u1EC9\\u01D0\\u0209\\u020B\\u1ECB\\u012F\\u1E2D\\u0268\\u0131]","j":"[\\u006A\\u24D9\\uFF4A\\u0135\\u01F0\\u0249]","k":"[\\u006B\\u24DA\\uFF4B\\u1E31\\u01E9\\u1E33\\u0137\\u1E35\\u0199\\u2C6A\\uA741\\uA743\\uA745\\uA7A3]","l":"[\\u006C\\u24DB\\uFF4C\\u0140\\u013A\\u013E\\u1E37\\u1E39\\u013C\\u1E3D\\u1E3B\\u017F\\u0142\\u019A\\u026B\\u2C61\\uA749\\uA781\\uA747]","lj":"[\\u01C9]","m":"[\\u006D\\u24DC\\uFF4D\\u1E3F\\u1E41\\u1E43\\u0271\\u026F]","n":"[\\u006E\\u24DD\\uFF4E\\u01F9\\u0144\\u00F1\\u1E45\\u0148\\u1E47\\u0146\\u1E4B\\u1E49\\u019E\\u0272\\u0149\\uA791\\uA7A5]","nj":"[\\u01CC]","o":"[\\u006F\\u24DE\\uFF4F\\u00F2\\u00F3\\u00F4\\u1ED3\\u1ED1\\u1ED7\\u1ED5\\u00F5\\u1E4D\\u022D\\u1E4F\\u014D\\u1E51\\u1E53\\u014F\\u022F\\u0231\\u00F6\\u022B\\u1ECF\\u0151\\u01D2\\u020D\\u020F\\u01A1\\u1EDD\\u1EDB\\u1EE1\\u1EDF\\u1EE3\\u1ECD\\u1ED9\\u01EB\\u01ED\\u00F8\\u01FF\\u0254\\uA74B\\uA74D\\u0275]","oi":"[\\u01A3]","ou":"[\\u0223]","oo":"[\\uA74F]","p":"[\\u0070\\u24DF\\uFF50\\u1E55\\u1E57\\u01A5\\u1D7D\\uA751\\uA753\\uA755]","q":"[\\u0071\\u24E0\\uFF51\\u024B\\uA757\\uA759]","r":"[\\u0072\\u24E1\\uFF52\\u0155\\u1E59\\u0159\\u0211\\u0213\\u1E5B\\u1E5D\\u0157\\u1E5F\\u024D\\u027D\\uA75B\\uA7A7\\uA783]","s":"[\\u0073\\u24E2\\uFF53\\u015B\\u1E65\\u015D\\u1E61\\u0161\\u1E67\\u1E63\\u1E69\\u0219\\u015F\\u023F\\uA7A9\\uA785\\u1E9B]","ss":"[\\u00DF]","t":"[\\u0074\\u24E3\\uFF54\\u1E6B\\u1E97\\u0165\\u1E6D\\u021B\\u0163\\u1E71\\u1E6F\\u0167\\u01AD\\u0288\\u2C66\\uA787]","tz":"[\\uA729]","u":"[\\u0075\\u24E4\\uFF55\\u00F9\\u00FA\\u00FB\\u0169\\u1E79\\u016B\\u1E7B\\u016D\\u00FC\\u01DC\\u01D8\\u01D6\\u01DA\\u1EE7\\u016F\\u0171\\u01D4\\u0215\\u0217\\u01B0\\u1EEB\\u1EE9\\u1EEF\\u1EED\\u1EF1\\u1EE5\\u1E73\\u0173\\u1E77\\u1E75\\u0289]","v":"[\\u0076\\u24E5\\uFF56\\u1E7D\\u1E7F\\u028B\\uA75F\\u028C]","vy":"[\\uA761]","w":"[\\u0077\\u24E6\\uFF57\\u1E81\\u1E83\\u0175\\u1E87\\u1E85\\u1E98\\u1E89\\u2C73]","x":"[\\u0078\\u24E7\\uFF58\\u1E8B\\u1E8D]","y":"[\\u0079\\u24E8\\uFF59\\u1EF3\\u00FD\\u0177\\u1EF9\\u0233\\u1E8F\\u00FF\\u1EF7\\u1E99\\u1EF5\\u01B4\\u024F\\u1EFF]","z":"[\\u007A\\u24E9\\uFF5A\\u017A\\u1E91\\u017C\\u017E\\u1E93\\u1E95\\u01B6\\u0225\\u0240\\u2C6C\\uA763]"},"researchesTests":["contentHasTOC","contentHasShortParagraphs","contentHasAssets","keywordInTitle","keywordInMetaDescription","keywordInPermalink","keywordIn10Percent","keywordInContent","keywordInSubheadings","keywordInImageAlt","keywordDensity","keywordNotUsed","lengthContent","lengthPermalink","linksHasInternal","linksHasExternals","linksNotAllExternals","titleStartWithKeyword","titleSentiment","titleHasPowerWords","titleHasNumber","hasContentAI"],"hasRedirection":true,"hasBreadcrumb":false},"homeUrl":"https:\/\/onlinebettingspace.com\/sk\/","objectID":2512,"objectType":"post","locale":"sk","localeFull":"sk_SK","overlayImages":{"play":{"name":"Play icon","url":"https:\/\/onlinebettingspace.com\/wp-content\/plugins\/seo-by-rank-math\/assets\/admin\/img\/icon-play.png","path":"\/home\/SuperAdmin\/web\/onlinebettingspace.com\/public_html\/wp-content\/plugins\/seo-by-rank-math\/assets\/admin\/img\/icon-play.png","position":"middle_center"},"gif":{"name":"GIF icon","url":"https:\/\/onlinebettingspace.com\/wp-content\/plugins\/seo-by-rank-math\/assets\/admin\/img\/icon-gif.png","path":"\/home\/SuperAdmin\/web\/onlinebettingspace.com\/public_html\/wp-content\/plugins\/seo-by-rank-math\/assets\/admin\/img\/icon-gif.png","position":"middle_center"}},"defautOgImage":"https:\/\/onlinebettingspace.com\/wp-content\/uploads\/2022\/04\/OBS-FULL-LOGO.webp","customPermalinks":true,"isUserRegistered":true,"autoSuggestKeywords":true,"connectSiteUrl":"https:\/\/rankmath.com\/auth?site=https%3A%2F%2Fonlinebettingspace.com%2Fsk%2F&r=https%3A%2F%2Fonlinebettingspace.com%2Fsk%2Fwp-json%2Fwp%2Fv2%2Fpages%2F2512%3Fnonce%3Df9d87e47fa","maxTags":5,"trendsIcon":"<svg viewBox=\"0 0 610 610\"><path d=\"M18.85,446,174.32,290.48l58.08,58.08L76.93,504a14.54,14.54,0,0,1-20.55,0L18.83,466.48a14.54,14.54,0,0,1,0-20.55Z\" style=\"fill:#4285f4\"\/><path d=\"M242.65,242.66,377.59,377.6l-47.75,47.75a14.54,14.54,0,0,1-20.55,0L174.37,290.43l47.75-47.75A14.52,14.52,0,0,1,242.65,242.66Z\" style=\"fill:#ea4335\"\/><polygon points=\"319.53 319.53 479.26 159.8 537.34 217.88 377.61 377.62 319.53 319.53\" style=\"fill:#fabb05\"\/><path d=\"M594.26,262.73V118.61h0a16.94,16.94,0,0,0-16.94-16.94H433.2a16.94,16.94,0,0,0-12,28.92L565.34,274.71h0a16.94,16.94,0,0,0,28.92-12Z\" style=\"fill:#34a853\"\/><rect width=\"610\" height=\"610\" style=\"fill:none\"\/><\/svg>","showScore":true,"siteFavIcon":"https:\/\/onlinebettingspace.com\/wp-content\/uploads\/2022\/04\/OBS-LOGO-1.webp","canUser":{"general":false,"advanced":false,"snippet":false,"social":false,"analysis":false,"analytics":false,"content_ai":false},"showKeywordIntent":true,"isPro":false,"is_front_page":false,"trendsUpgradeLink":"https:\/\/rankmath.com\/pricing\/?utm_source=Plugin&utm_medium=CE%20General%20Tab%20Trends&utm_campaign=WP","trendsUpgradeLabel":"Upgrade","trendsPreviewImage":"https:\/\/onlinebettingspace.com\/wp-content\/plugins\/seo-by-rank-math\/assets\/admin\/img\/trends-preview.jpg","currentEditor":false,"homepageData":{"assessor":{"powerWords":[],"diacritics":true,"researchesTests":["contentHasTOC","contentHasShortParagraphs","contentHasAssets","keywordInTitle","keywordInMetaDescription","keywordInPermalink","keywordIn10Percent","keywordInContent","keywordInSubheadings","keywordInImageAlt","keywordDensity","keywordNotUsed","lengthContent","lengthPermalink","linksHasInternal","linksHasExternals","linksNotAllExternals","titleStartWithKeyword","titleSentiment","titleHasPowerWords","titleHasNumber","hasContentAI"],"hasBreadcrumb":false,"serpData":{"title":"%sitename% %page% %sep% %sitedesc%","description":"","titleTemplate":"%sitename% %page% %sep% %sitedesc%","descriptionTemplate":"","focusKeywords":"","breadcrumbTitle":"Home","robots":{"index":true},"advancedRobots":[],"facebookTitle":"","facebookDescription":"","facebookImage":"","facebookImageID":""}}},"tocTitle":"Table of Contents","tocExcludeHeadings":[],"listStyle":"ul"},"_links":{"self":[{"href":"https:\/\/onlinebettingspace.com\/sk\/wp-json\/wp\/v2\/pages\/2512","targetHints":{"allow":["GET"]}}],"collection":[{"href":"https:\/\/onlinebettingspace.com\/sk\/wp-json\/wp\/v2\/pages"}],"about":[{"href":"https:\/\/onlinebettingspace.com\/sk\/wp-json\/wp\/v2\/types\/page"}],"author":[{"embeddable":true,"href":"https:\/\/onlinebettingspace.com\/sk\/wp-json\/wp\/v2\/users\/1"}],"replies":[{"embeddable":true,"href":"https:\/\/onlinebettingspace.com\/sk\/wp-json\/wp\/v2\/comments?post=2512"}],"version-history":[{"count":0,"href":"https:\/\/onlinebettingspace.com\/sk\/wp-json\/wp\/v2\/pages\/2512\/revisions"}],"up":[{"embeddable":true,"href":"https:\/\/onlinebettingspace.com\/sk\/wp-json\/wp\/v2\/pages\/2220"}],"wp:attachment":[{"href":"https:\/\/onlinebettingspace.com\/sk\/wp-json\/wp\/v2\/media?parent=2512"}],"curies":[{"name":"wp","href":"https:\/\/api.w.org\/{rel}","templated":true}]}}