{"id":2509,"date":"2022-08-19T12:48:37","date_gmt":"2022-08-19T09:48:37","guid":{"rendered":"https:\/\/onlinebettingspace.com\/?page_id=2509"},"modified":"2022-08-19T12:48:37","modified_gmt":"2022-08-19T09:48:37","slug":"joker-81","status":"publish","type":"page","link":"https:\/\/onlinebettingspace.com\/sk\/hracie-automaty\/joker-81\/","title":{"rendered":"JOKER 81"},"content":{"rendered":"<section class=\"l-section wpb_row height_medium\"><div class=\"l-section-h i-cf\"><div class=\"g-cols vc_row via_flex valign_top type_default stacking_default\"><div class=\"vc_col-sm-12 wpb_column vc_column_container\"><div class=\"vc_column-inner\"><div class=\"wpb_wrapper\"><div class=\"wpb_text_column\"><div class=\"wpb_wrapper\"><h1>JOKER 81 RECENZIA<\/h1>\n<div>\n<div id=\"breadcrumbsWrap\" class=\"hidden-xs\">\n<div id=\"breadcrumbs\">\n<div class=\"col-xs-12 col-sm-8 col-md-9 sp\">\n<div class=\"intro WYSIWYG\">\n<p>Sk\u00fasenej\u0161\u00ed casinov\u00ed hr\u00e1\u010di dobre vedia, \u017ee naj\u010dastej\u0161\u00edmi druhmi automatov s\u00fa tie, ktor\u00e9 maj\u00fa tri a\u00a0p\u00e4\u0165 valcov. Je to historicky dan\u00fd fenom\u00e9n, ktor\u00fd sa po\u010das rokov ust\u00e1lil.<\/p>\n<p>Nie\u017ee by v\u0161etky hracie automaty \u010di u\u017e v\u00a0kamenn\u00fdch kas\u00ednach \u010di v\u00a0online kas\u00ednach mali len tri alebo p\u00e4\u0165 valcov, ale s\u00a0t\u00fdmito sa m\u00f4\u017eeme stretn\u00fa\u0165 naj\u010dastej\u0161ie.<\/p>\n<\/div>\n<\/div>\n<div class=\"col-xs-12 col-sm-12 col-md-9 sp pull-right\">\n<div class=\"WYSIWYG\">\n<h2>O HRACOM AUTOMATE JOKER 81<\/h2>\n<p>Hrac\u00ed automat Joker 81 v\u0161ak v\u0161etk\u00fdm hr\u00e1\u010dom pripomenie, \u017ee i\u00a0medzi automatmi jestvuj\u00fa v\u00fdnimky. Automaty Joker 81 sa toti\u017e p\u00fd\u0161ia \u0161tyrmi valcami a\u00a0tromi l\u00edniami. Znamen\u00e1 to, \u017ee v\u00a0r\u00e1mci ka\u017ed\u00e9ho jedn\u00e9ho zato\u010denia sa pred hr\u00e1\u010dom na obrazovke objav\u00ed dvan\u00e1s\u0165 symbolov (\u0161tyri kr\u00e1t tri), z\u00a0ktor\u00fdch mus\u00ed vytvori\u0165 v\u00fdhern\u00fa l\u00edniu.<\/p>\n<p>Hoci, \u010do sa po\u010dtu valcov t\u00fdka, mus\u00edme o\u00a0Joker 81 nepochybne hovori\u0165 ako o\u00a0tom menej tradi\u010dnom hracom automate, jeho t\u00e9ma je v\u0161edn\u00e1 a\u00a0sk\u00f4r odkazuje k\u00a0star\u00fdm\u00a0<a href=\"\/sk\/hracie-automaty\" data-track=\"\"><strong>3-valcov\u00fdm slotom<\/strong><\/a>\u00a0namiesto nov\u0161\u00edch modernej\u0161\u00edch 5-valcov\u00fdch automatov. Joker 81 je toti\u017e klasick\u00fdm \u201eovocn\u00fdm\u201c automatom s\u00a0modern\u00fdm n\u00e1dychom r\u00f4znych funkcii.<\/p>\n<p>Joker 81 sp\u00e1ja star\u00e9 s\u00a0nov\u00fdm. To star\u00e9 predstavuje to, \u010d\u00edm boli typick\u00e9 \u0161tandardn\u00e9 3-valcov\u00e9 automaty. A\u00a0to t\u00fdm, \u017ee neposkytovali \u017eiadne bonusov\u00e9 hry \u010di bezplatn\u00e9 zato\u010denia. To plat\u00ed aj pre Joker 81. Z\u00e1rove\u0148 si v\u0161ak tento automat vypo\u017ei\u010diava z\u00a0t\u00fdch nov\u00fdch vec\u00ed niektor\u00e9 \u0161peci\u00e1lne funkcie, o\u00a0ktor\u00fdch bude e\u0161te nesk\u00f4r re\u010d.<\/p>\n<p>Ovocn\u00e9 automaty boli, s\u00fa a\u00a0asi aj nav\u017edy bud\u00fa tak\u00fdm t\u00fdm zlat\u00fdm \u0161tandardom pri t\u00e9mach hrac\u00edch automatov. Symboly ovocia patria medzi najstar\u0161ie symboly a\u00a0s\u00a0istou nads\u00e1dzkou mo\u017eno nap\u00edsa\u0165, \u017ee si ovocie v\u010faka tejto hre ur\u010dite zamilujete! Hlavne to, ktor\u00e9 v\u00e1m zarob\u00ed \u0161es\u0165desiat n\u00e1sobok st\u00e1vky, no nemysl\u00edte?<\/p>\n<h2>AKO HRA\u0164 AUTOMAT JOKER 81 ONLINE<\/h2>\n<p>Cie\u013eom hry Joker 81 je rovnako ako aj v\u00a0in\u00fdch hr\u00e1ch skompletovanie v\u00fdhernej l\u00ednie a\u00a0z\u00edskanie finan\u010dnej v\u00fdhry (samozrejme v\u00a0pr\u00edpade, \u017ee hr\u00e1te o\u00a0peniaze). V\u00a0pr\u00edpade Joker 81 je cie\u013eom dosiahnutie jednej zo siedmich v\u00fdhern\u00fdch l\u00ednii. Suma, ktor\u00fa hr\u00e1\u010d z\u00edska sa odv\u00edja od toho, ako hodnotn\u00fa v\u00ed\u0165azn\u00fa kombin\u00e1ciu dosiahne.<\/p>\n<p>Ako pri v\u0161etk\u00fdch automatoch i\u00a0pri Joker 81 maj\u00fa jednotliv\u00e9 ovocn\u00e9 symboly odli\u0161n\u00e9 takzvan\u00e9 v\u00ed\u0165azn\u00e9 faktory. Pod nimi sa mysl\u00ed v\u00fdhra v\u00a0n\u00e1sobkoch st\u00e1vky. Tak napr\u00edklad, ak vytvor\u00edte v\u00ed\u0165azn\u00fa kombin\u00e1ciu zo \u0161tyroch \u010dere\u0161n\u00ed alebo \u0161tyroch citr\u00f3nov, vr\u00e1ti sa v\u00e1m sp\u00e4\u0165 len jedno-n\u00e1sobok st\u00e1vky. Teda, defacto to, \u010do ste pri danom zato\u010den\u00ed do hry stavili.<\/p>\n<p>Ak sa v\u00e1m \u201evyto\u010d\u00ed\u201c pomaran\u010d alebo slivka, dostanete u\u017e dvojn\u00e1sobok st\u00e1vky. Z\u00a0jedn\u00e9ho eura sprav\u00edte dve, z\u00a0piatich desa\u0165. Ste u\u017e v\u00a0pluse. \u010eal\u0161ie symboly s\u00fa e\u0161te atrakt\u00edvnej\u0161ie. Za \u0161tyri mel\u00f3ny dostanete 8-n\u00e1sobok toho, \u010do ste stavili, za \u0161tyri hrozn\u00e1 desa\u0165n\u00e1sobok a za \u0161tyri hviezdy u\u017e dvan\u00e1s\u0165 n\u00e1sobok. Najcennej\u0161ie symboly s\u00fa tie neovocn\u00e9 \u2013 symbol \u010d\u00edsla Sedem a\u00a0symbol \u017dol\u00edk.<\/p>\n<p>Kvarteto (\u0161tyri) sedmi\u010dky v\u00e1m zarobia 60-n\u00e1sobok toho, s\u00a0\u010d\u00edm ste za\u010d\u00ednali toto kolo. Z\u00a0jedn\u00e9ho eura tak v\u00a0priebehu p\u00e1r sek\u00fand sprav\u00edte \u0161es\u0165desiat. E\u0161te v\u00e4\u010d\u0161\u00ed d\u00f4vod na rados\u0165 v\u0161ak budete ma\u0165 v\u00a0pr\u00edpade, \u017ee si vyto\u010d\u00edte \u0161tyroch \u017eol\u00edkov, ke\u010f\u017ee tak\u00e1to v\u00ed\u0165azn\u00e1 kombin\u00e1cia m\u00e1 v\u00ed\u0165azn\u00fd faktor a\u017e 120. Teda za ka\u017ed\u00e9 jedno vlo\u017een\u00e9 euro ich r\u00e1zom m\u00e1te neskuto\u010dn\u00fdch \u20ac120.<\/p>\n<\/div>\n<section class=\"attributes\">\n<h2>R\u00ddCHLY PREH\u013dAD<\/h2>\n<div>\n<ul>\n<li><span class=\"heading\">Bonusov\u00e9 kolo:<\/span>\u00a0Nie<\/li>\n<li><span class=\"heading\">Rozptylov\u00fd:<\/span>\u00a0Nie<\/li>\n<li><span class=\"heading\">Preto\u010denia zdarma:<\/span>\u00a0Nie<\/li>\n<\/ul>\n<h2>JOKER 81 ZADARMO A ZA PENIAZE<\/h2>\n<p>Joker 81 je automat z\u00a0dielne\u00a0<a href=\"\/sk\/kajot-casino\" data-track=\"\"><strong>Kajot<\/strong><\/a>\u00a0a\u00a0pr\u00e1ve tu si ho m\u00f4\u017eete zahra\u0165 online. Ako (skoro) ka\u017ed\u00fd hrac\u00ed automat, bez oh\u013eadu na to ko\u013eko m\u00e1 valcov, m\u00f4\u017eete Joker 81 hra\u0165 zadarmo, dok\u00fdm v\u00e1s to bude bavi\u0165. E\u0161te mo\u017eno z\u00e1bavnej\u0161ie v\u0161ak bude hra\u0165 na tomto automate o\u00a0peniaze, ke\u010f\u017ee tento automat poskytuje dychber\u00face mo\u017enosti pre to, ako vyhra\u0165. A\u00a0hran\u00edm Joker 81 zadarmo sa s\u00edce zabav\u00edte, ale ni\u010d nevyhr\u00e1te.<\/p>\n<p>\u010co rob\u00ed z\u00a0Joker 81 tak v\u00fdborn\u00fd v\u00fdhern\u00fd automat? Jeho \u201ekon\u0161trukcia\u201c. V\u010faka jedinej \u0161peci\u00e1lnej funkcii nazvanej Joker-81-Extra narastie po\u010det v\u00fdhern\u00fdch l\u00ednii z\u00a0p\u00f4vodn\u00fdch sedem viac ne\u017e desa\u0165n\u00e1sobne, na 81 v\u00fdhern\u00fdch l\u00ednii. Sedem v\u00fdhern\u00fdch l\u00ednii je medzi hrac\u00edmi automatmi tohto druh\u00fa tak\u00fd priemer, osemdesiat jeden je akoby z\u00a0in\u00e9ho sveta. T\u00e1to funkcia sa aktivuje v\u00a0pr\u00edpade, \u017ee sa na obrazovke objav\u00ed adekv\u00e1tne ve\u013ek\u00e9 mno\u017estvo symbolov \u017dol\u00edka (Joker).<\/p>\n<p>T\u00fdm v\u0161ak funkcie nekon\u010dia. Okrem symbolu \u017dol\u00edka, ktor\u00fd je tie\u017e s\u00e1m o\u00a0sebe funkciou (ke\u010f\u017ee nemusel by\u0165 do hry zakomponovan\u00fd) tu m\u00e1me e\u0161te pomerne tradi\u010dn\u00fd prvok v\u00a0hre a\u00a0ten sa ukr\u00fdva pod ozna\u010den\u00edm \u201egambling\u201c. Je to klasick\u00e1 funkcia 50\/50, s\u00a0ktorou sa m\u00f4\u017eete stretn\u00fa\u0165 a\u00a0skoro ur\u010dite ste sa u\u017e aj stretli pri\u00a0<a href=\"\/sk\/hracie-automaty\/videorecenzie\" data-track=\"\"><strong>in\u00fdch\u00a0hrac\u00edch automatoch<\/strong><\/a>. Po\u00a0ka\u017edej v\u00ed\u0165aznej hre sa m\u00f4\u017eete rozhodn\u00fa\u0165, \u017ee zariskujete a\u00a0bu\u010f vyhr\u00e1te dvojn\u00e1sobok alebo ni\u010d.<\/p>\n<p>V\u00a0pr\u00edpade Kajot 81 je t\u00e1to funkcia zast\u00fapen\u00e1 kockou. Va\u0161ou \u00falohou je tipn\u00fa\u0165 si, na akej farbe sa zastav\u00ed kocka. Na v\u00fdber m\u00e1te z\u00a0dvoch farieb \u2013 \u010dervenej a\u00a0\u010diernej. Ak uh\u00e1dnete, z\u00edskate dvojn\u00e1sobok z\u00a0predch\u00e1dzaj\u00facej v\u00fdhry. Ak neuh\u00e1dnete, o\u00a0v\u0161etko pr\u00eddete. Ale aj tu je jedna v\u00fdnimka. V\u00a0pr\u00edpade, \u017ee sa objav\u00ed modr\u00e1 farba, tak sa v\u00fdhry do\u010dasne uzamkn\u00fa a\u00a0z\u00edska\u0165 ich budete m\u00f4c\u0165 nabud\u00face. Nebud\u00fa teda hne\u010f \u00faplne straten\u00e9.<\/p>\n<h2>JACKPOT NA JOKER 81<\/h2>\n<p>Ako pri ka\u017edom hracom automate, ve\u013ekos\u0165 v\u00fdhry sa neodv\u00edja len o\u00a0v\u00ed\u0165azn\u00e9ho faktoru, ale aj od toho, s\u00a0\u010d\u00edm v\u0161etk\u00fdm sa rozhodnete do hry vst\u00fapi\u0165, teda od st\u00e1vok. Jackpot 81 na Kajote vyu\u017e\u00edva funkciu bodov\u00fdch kreditov, pri\u010dom plat\u00ed, \u017ee jeden kreditov\u00fd bod sa rovn\u00e1 jedn\u00e9mu centu (\u20ac0.01). Od tohto sa odv\u00edjaj\u00fa aj \u010fal\u0161ie st\u00e1vky.<\/p>\n<p>Pri Joker 81 m\u00f4\u017eete stavi\u0165 10 bodov, 20 bodov, 50 bodov, 100 bodov, 200 bodov, 500 bodov alebo tis\u00edc bodov. V\u00a0praxi to znamen\u00e1, \u017ee st\u00e1vky pri tomto automate dosahuj\u00fa od \u20ac0.10 (desa\u0165 centov) a\u017e po najviac \u20ac10, ktor\u00e9 m\u00f4\u017eete v\u00a0jednom kole prest\u00e1vkova\u0165. Samotn\u00e1 v\u00fdhra sa teda po\u010d\u00edta aj od toho, ko\u013eko vlo\u017e\u00edte do jedn\u00e9ho kola.<\/p>\n<p>Joker 81 nie je automat s\u00a0progres\u00edvnym jackpotom, jeho jackpot je v\u0161ak fixn\u00fd. M\u00f4\u017eete takto vyhra\u0165 a\u017e 120.000 kreditov\u00fdch bodov, teda \u20ac1.200 po\u010das jedn\u00e9ho kola. A\u00a0to v\u00a0pr\u00edpade, \u017ee n\u00e1jdete \u0161tyri symboly \u017dol\u00edka vo v\u00fdhernej l\u00ednii a\u00a0budete hra\u0165 s\u00a0najv\u00e4\u010d\u0161\u00edmi st\u00e1vkami. Ak navy\u0161e budete\u00a0<a href=\"\/sk\/hra-pre-zabavu-alebo-skutocne-peniaze\" data-track=\"\"><strong>hra\u0165 v \u201egambling\u201c m\u00f3de<\/strong><\/a>, v\u00fdhra m\u00f4\u017ee by\u0165 dokonca e\u0161te dvojn\u00e1sobn\u00e1!<\/p>\n<h2>NA Z\u00c1VER<\/h2>\n<p>Ako m\u00f4\u017eete vidie\u0165, \u010di presnej\u0161ie \u010d\u00edta\u0165, automat Joker 81 je ve\u013emi z\u00e1bavn\u00fd. Ako pri ka\u017edom hracom automate i\u00a0pri tomto odpor\u00fa\u010dame vysk\u00fa\u0161a\u0165 si Joker 81 najprv zadarmo, aby ste pochytili v\u0161etky jeho nuansie. A\u00a0potom, ak v\u00e1m obrazne povedan\u00e9 \u201esadne\u201c v\u00e1m u\u017e ni\u010d nebr\u00e1ni vysk\u00fa\u0161a\u0165 si ho hoc aj s\u00a0t\u00fdmi najmen\u0161\u00edmi st\u00e1vkami a\u00a0zarobi\u0165 na \u0148u celkom pekn\u00e9 peniaze. Kajot m\u00f4\u017ee by\u0165 na svoj automat Joker 81 py\u0161n\u00fd a\u00a0vy budete py\u0161n\u00ed ur\u010dite sami na seba, \u017ee ste sa ho rozhodli vysk\u00fa\u0161a\u0165.<\/p>\n<\/div>\n<\/section>\n<\/div>\n<\/div>\n<\/div>\n<\/div>\n<\/div><\/div><\/div><\/div><\/div><\/div><\/div><\/section>\n","protected":false},"excerpt":{"rendered":"JOKER 81 RECENZIA Sk\u00fasenej\u0161\u00ed casinov\u00ed hr\u00e1\u010di dobre vedia, \u017ee naj\u010dastej\u0161\u00edmi druhmi automatov s\u00fa tie, ktor\u00e9 maj\u00fa tri a\u00a0p\u00e4\u0165 valcov. Je to historicky dan\u00fd fenom\u00e9n, ktor\u00fd sa po\u010das rokov ust\u00e1lil. Nie\u017ee by v\u0161etky hracie automaty \u010di u\u017e v\u00a0kamenn\u00fdch kas\u00ednach \u010di v\u00a0online kas\u00ednach mali len tri alebo p\u00e4\u0165 valcov, ale s\u00a0t\u00fdmito sa m\u00f4\u017eeme stretn\u00fa\u0165 naj\u010dastej\u0161ie. O HRACOM...","protected":false},"author":1,"featured_media":0,"parent":2220,"menu_order":0,"comment_status":"closed","ping_status":"closed","template":"","meta":{"_acf_changed":false,"footnotes":""},"class_list":["post-2509","page","type-page","status-publish","hentry"],"acf":[],"rankMath":{"parentDomain":"onlinebettingspace.com","noFollowDomains":[],"noFollowExcludeDomains":[],"noFollowExternalLinks":false,"featuredImageNotice":"The featured image should be at least 200 by 200 pixels to be picked up by Facebook and other social media sites.","pluginReviewed":true,"postSettings":{"linkSuggestions":true,"useFocusKeyword":false},"frontEndScore":false,"postName":"joker-81","permalinkFormat":"https:\/\/onlinebettingspace.com\/sk\/%pagename%\/","showLockModifiedDate":true,"assessor":{"focusKeywordLink":"https:\/\/onlinebettingspace.com\/wp-admin\/edit.php?focus_keyword=%focus_keyword%&post_type=%post_type%","hasTOCPlugin":false,"primaryTaxonomy":false,"serpData":{"title":"Hrac\u00ed automat joker 81 recenzia | onlinebettingspace.com","description":"Online hrac\u00ed automat Joker 81 z dielne Kajot pon\u00faka netradi\u010dn\u00e9 \u0161tyri valce, vysok\u00fd jackpot, zauj\u00edmav\u00e9 funkcie a samozrejme mno\u017estvo a mno\u017estvo ve\u013ekej z\u00e1bavy.","focusKeywords":"","pillarContent":false,"canonicalUrl":"","breadcrumbTitle":"","advancedRobots":[],"facebookTitle":"","facebookDescription":"","facebookImage":"","facebookImageID":"","facebookHasOverlay":false,"facebookImageOverlay":"","facebookAuthor":"","twitterCardType":"","twitterUseFacebook":true,"twitterTitle":"","twitterDescription":"","twitterImage":"","twitterImageID":"","twitterHasOverlay":false,"twitterImageOverlay":"","twitterPlayerUrl":"","twitterPlayerSize":"","twitterPlayerStream":"","twitterPlayerStreamCtype":"","twitterAppDescription":"","twitterAppIphoneName":"","twitterAppIphoneID":"","twitterAppIphoneUrl":"","twitterAppIpadName":"","twitterAppIpadID":"","twitterAppIpadUrl":"","twitterAppGoogleplayName":"","twitterAppGoogleplayID":"","twitterAppGoogleplayUrl":"","twitterAppCountry":"","robots":{"index":true},"twitterAuthor":"username","primaryTerm":0,"authorName":"OBSAdmin","titleTemplate":"%title% %sep% %sitename%","descriptionTemplate":"%excerpt%","showScoreFrontend":true,"lockModifiedDate":false},"powerWords":[],"diacritics":{"A":"[\\u0041\\u24B6\\uFF21\\u00C0\\u00C1\\u00C2\\u1EA6\\u1EA4\\u1EAA\\u1EA8\\u00C3\\u0100\\u0102\\u1EB0\\u1EAE\\u1EB4\\u1EB2\\u0226\\u01E0\\u00C4\\u01DE\\u1EA2\\u00C5\\u01FA\\u01CD\\u0200\\u0202\\u1EA0\\u1EAC\\u1EB6\\u1E00\\u0104\\u023A\\u2C6F]","AA":"[\\uA732]","AE":"[\\u00C6\\u01FC\\u01E2]","AO":"[\\uA734]","AU":"[\\uA736]","AV":"[\\uA738\\uA73A]","AY":"[\\uA73C]","B":"[\\u0042\\u24B7\\uFF22\\u1E02\\u1E04\\u1E06\\u0243\\u0182\\u0181]","C":"[\\u0043\\u24B8\\uFF23\\u0106\\u0108\\u010A\\u010C\\u00C7\\u1E08\\u0187\\u023B\\uA73E]","D":"[\\u0044\\u24B9\\uFF24\\u1E0A\\u010E\\u1E0C\\u1E10\\u1E12\\u1E0E\\u0110\\u018B\\u018A\\u0189\\uA779]","DZ":"[\\u01F1\\u01C4]","Dz":"[\\u01F2\\u01C5]","E":"[\\u0045\\u24BA\\uFF25\\u00C8\\u00C9\\u00CA\\u1EC0\\u1EBE\\u1EC4\\u1EC2\\u1EBC\\u0112\\u1E14\\u1E16\\u0114\\u0116\\u00CB\\u1EBA\\u011A\\u0204\\u0206\\u1EB8\\u1EC6\\u0228\\u1E1C\\u0118\\u1E18\\u1E1A\\u0190\\u018E]","F":"[\\u0046\\u24BB\\uFF26\\u1E1E\\u0191\\uA77B]","G":"[\\u0047\\u24BC\\uFF27\\u01F4\\u011C\\u1E20\\u011E\\u0120\\u01E6\\u0122\\u01E4\\u0193\\uA7A0\\uA77D\\uA77E]","H":"[\\u0048\\u24BD\\uFF28\\u0124\\u1E22\\u1E26\\u021E\\u1E24\\u1E28\\u1E2A\\u0126\\u2C67\\u2C75\\uA78D]","I":"[\\u0049\\u24BE\\uFF29\\u00CC\\u00CD\\u00CE\\u0128\\u012A\\u012C\\u0130\\u00CF\\u1E2E\\u1EC8\\u01CF\\u0208\\u020A\\u1ECA\\u012E\\u1E2C\\u0197]","J":"[\\u004A\\u24BF\\uFF2A\\u0134\\u0248]","K":"[\\u004B\\u24C0\\uFF2B\\u1E30\\u01E8\\u1E32\\u0136\\u1E34\\u0198\\u2C69\\uA740\\uA742\\uA744\\uA7A2]","L":"[\\u004C\\u24C1\\uFF2C\\u013F\\u0139\\u013D\\u1E36\\u1E38\\u013B\\u1E3C\\u1E3A\\u0141\\u023D\\u2C62\\u2C60\\uA748\\uA746\\uA780]","LJ":"[\\u01C7]","Lj":"[\\u01C8]","M":"[\\u004D\\u24C2\\uFF2D\\u1E3E\\u1E40\\u1E42\\u2C6E\\u019C]","N":"[\\u004E\\u24C3\\uFF2E\\u01F8\\u0143\\u00D1\\u1E44\\u0147\\u1E46\\u0145\\u1E4A\\u1E48\\u0220\\u019D\\uA790\\uA7A4]","NJ":"[\\u01CA]","Nj":"[\\u01CB]","O":"[\\u004F\\u24C4\\uFF2F\\u00D2\\u00D3\\u00D4\\u1ED2\\u1ED0\\u1ED6\\u1ED4\\u00D5\\u1E4C\\u022C\\u1E4E\\u014C\\u1E50\\u1E52\\u014E\\u022E\\u0230\\u00D6\\u022A\\u1ECE\\u0150\\u01D1\\u020C\\u020E\\u01A0\\u1EDC\\u1EDA\\u1EE0\\u1EDE\\u1EE2\\u1ECC\\u1ED8\\u01EA\\u01EC\\u00D8\\u01FE\\u0186\\u019F\\uA74A\\uA74C]","OI":"[\\u01A2]","OO":"[\\uA74E]","OU":"[\\u0222]","P":"[\\u0050\\u24C5\\uFF30\\u1E54\\u1E56\\u01A4\\u2C63\\uA750\\uA752\\uA754]","Q":"[\\u0051\\u24C6\\uFF31\\uA756\\uA758\\u024A]","R":"[\\u0052\\u24C7\\uFF32\\u0154\\u1E58\\u0158\\u0210\\u0212\\u1E5A\\u1E5C\\u0156\\u1E5E\\u024C\\u2C64\\uA75A\\uA7A6\\uA782]","S":"[\\u0053\\u24C8\\uFF33\\u1E9E\\u015A\\u1E64\\u015C\\u1E60\\u0160\\u1E66\\u1E62\\u1E68\\u0218\\u015E\\u2C7E\\uA7A8\\uA784]","T":"[\\u0054\\u24C9\\uFF34\\u1E6A\\u0164\\u1E6C\\u021A\\u0162\\u1E70\\u1E6E\\u0166\\u01AC\\u01AE\\u023E\\uA786]","TZ":"[\\uA728]","U":"[\\u0055\\u24CA\\uFF35\\u00D9\\u00DA\\u00DB\\u0168\\u1E78\\u016A\\u1E7A\\u016C\\u00DC\\u01DB\\u01D7\\u01D5\\u01D9\\u1EE6\\u016E\\u0170\\u01D3\\u0214\\u0216\\u01AF\\u1EEA\\u1EE8\\u1EEE\\u1EEC\\u1EF0\\u1EE4\\u1E72\\u0172\\u1E76\\u1E74\\u0244]","V":"[\\u0056\\u24CB\\uFF36\\u1E7C\\u1E7E\\u01B2\\uA75E\\u0245]","VY":"[\\uA760]","W":"[\\u0057\\u24CC\\uFF37\\u1E80\\u1E82\\u0174\\u1E86\\u1E84\\u1E88\\u2C72]","X":"[\\u0058\\u24CD\\uFF38\\u1E8A\\u1E8C]","Y":"[\\u0059\\u24CE\\uFF39\\u1EF2\\u00DD\\u0176\\u1EF8\\u0232\\u1E8E\\u0178\\u1EF6\\u1EF4\\u01B3\\u024E\\u1EFE]","Z":"[\\u005A\\u24CF\\uFF3A\\u0179\\u1E90\\u017B\\u017D\\u1E92\\u1E94\\u01B5\\u0224\\u2C7F\\u2C6B\\uA762]","a":"[\\u0061\\u24D0\\uFF41\\u1E9A\\u00E0\\u00E1\\u00E2\\u1EA7\\u1EA5\\u1EAB\\u1EA9\\u00E3\\u0101\\u0103\\u1EB1\\u1EAF\\u1EB5\\u1EB3\\u0227\\u01E1\\u00E4\\u01DF\\u1EA3\\u00E5\\u01FB\\u01CE\\u0201\\u0203\\u1EA1\\u1EAD\\u1EB7\\u1E01\\u0105\\u2C65\\u0250]","aa":"[\\uA733]","ae":"[\\u00E6\\u01FD\\u01E3]","ao":"[\\uA735]","au":"[\\uA737]","av":"[\\uA739\\uA73B]","ay":"[\\uA73D]","b":"[\\u0062\\u24D1\\uFF42\\u1E03\\u1E05\\u1E07\\u0180\\u0183\\u0253]","c":"[\\u0063\\u24D2\\uFF43\\u0107\\u0109\\u010B\\u010D\\u00E7\\u1E09\\u0188\\u023C\\uA73F\\u2184]","d":"[\\u0064\\u24D3\\uFF44\\u1E0B\\u010F\\u1E0D\\u1E11\\u1E13\\u1E0F\\u0111\\u018C\\u0256\\u0257\\uA77A]","dz":"[\\u01F3\\u01C6]","e":"[\\u0065\\u24D4\\uFF45\\u00E8\\u00E9\\u00EA\\u1EC1\\u1EBF\\u1EC5\\u1EC3\\u1EBD\\u0113\\u1E15\\u1E17\\u0115\\u0117\\u00EB\\u1EBB\\u011B\\u0205\\u0207\\u1EB9\\u1EC7\\u0229\\u1E1D\\u0119\\u1E19\\u1E1B\\u0247\\u025B\\u01DD]","f":"[\\u0066\\u24D5\\uFF46\\u1E1F\\u0192\\uA77C]","g":"[\\u0067\\u24D6\\uFF47\\u01F5\\u011D\\u1E21\\u011F\\u0121\\u01E7\\u0123\\u01E5\\u0260\\uA7A1\\u1D79\\uA77F]","h":"[\\u0068\\u24D7\\uFF48\\u0125\\u1E23\\u1E27\\u021F\\u1E25\\u1E29\\u1E2B\\u1E96\\u0127\\u2C68\\u2C76\\u0265]","hv":"[\\u0195]","i":"[\\u0069\\u24D8\\uFF49\\u00EC\\u00ED\\u00EE\\u0129\\u012B\\u012D\\u00EF\\u1E2F\\u1EC9\\u01D0\\u0209\\u020B\\u1ECB\\u012F\\u1E2D\\u0268\\u0131]","j":"[\\u006A\\u24D9\\uFF4A\\u0135\\u01F0\\u0249]","k":"[\\u006B\\u24DA\\uFF4B\\u1E31\\u01E9\\u1E33\\u0137\\u1E35\\u0199\\u2C6A\\uA741\\uA743\\uA745\\uA7A3]","l":"[\\u006C\\u24DB\\uFF4C\\u0140\\u013A\\u013E\\u1E37\\u1E39\\u013C\\u1E3D\\u1E3B\\u017F\\u0142\\u019A\\u026B\\u2C61\\uA749\\uA781\\uA747]","lj":"[\\u01C9]","m":"[\\u006D\\u24DC\\uFF4D\\u1E3F\\u1E41\\u1E43\\u0271\\u026F]","n":"[\\u006E\\u24DD\\uFF4E\\u01F9\\u0144\\u00F1\\u1E45\\u0148\\u1E47\\u0146\\u1E4B\\u1E49\\u019E\\u0272\\u0149\\uA791\\uA7A5]","nj":"[\\u01CC]","o":"[\\u006F\\u24DE\\uFF4F\\u00F2\\u00F3\\u00F4\\u1ED3\\u1ED1\\u1ED7\\u1ED5\\u00F5\\u1E4D\\u022D\\u1E4F\\u014D\\u1E51\\u1E53\\u014F\\u022F\\u0231\\u00F6\\u022B\\u1ECF\\u0151\\u01D2\\u020D\\u020F\\u01A1\\u1EDD\\u1EDB\\u1EE1\\u1EDF\\u1EE3\\u1ECD\\u1ED9\\u01EB\\u01ED\\u00F8\\u01FF\\u0254\\uA74B\\uA74D\\u0275]","oi":"[\\u01A3]","ou":"[\\u0223]","oo":"[\\uA74F]","p":"[\\u0070\\u24DF\\uFF50\\u1E55\\u1E57\\u01A5\\u1D7D\\uA751\\uA753\\uA755]","q":"[\\u0071\\u24E0\\uFF51\\u024B\\uA757\\uA759]","r":"[\\u0072\\u24E1\\uFF52\\u0155\\u1E59\\u0159\\u0211\\u0213\\u1E5B\\u1E5D\\u0157\\u1E5F\\u024D\\u027D\\uA75B\\uA7A7\\uA783]","s":"[\\u0073\\u24E2\\uFF53\\u015B\\u1E65\\u015D\\u1E61\\u0161\\u1E67\\u1E63\\u1E69\\u0219\\u015F\\u023F\\uA7A9\\uA785\\u1E9B]","ss":"[\\u00DF]","t":"[\\u0074\\u24E3\\uFF54\\u1E6B\\u1E97\\u0165\\u1E6D\\u021B\\u0163\\u1E71\\u1E6F\\u0167\\u01AD\\u0288\\u2C66\\uA787]","tz":"[\\uA729]","u":"[\\u0075\\u24E4\\uFF55\\u00F9\\u00FA\\u00FB\\u0169\\u1E79\\u016B\\u1E7B\\u016D\\u00FC\\u01DC\\u01D8\\u01D6\\u01DA\\u1EE7\\u016F\\u0171\\u01D4\\u0215\\u0217\\u01B0\\u1EEB\\u1EE9\\u1EEF\\u1EED\\u1EF1\\u1EE5\\u1E73\\u0173\\u1E77\\u1E75\\u0289]","v":"[\\u0076\\u24E5\\uFF56\\u1E7D\\u1E7F\\u028B\\uA75F\\u028C]","vy":"[\\uA761]","w":"[\\u0077\\u24E6\\uFF57\\u1E81\\u1E83\\u0175\\u1E87\\u1E85\\u1E98\\u1E89\\u2C73]","x":"[\\u0078\\u24E7\\uFF58\\u1E8B\\u1E8D]","y":"[\\u0079\\u24E8\\uFF59\\u1EF3\\u00FD\\u0177\\u1EF9\\u0233\\u1E8F\\u00FF\\u1EF7\\u1E99\\u1EF5\\u01B4\\u024F\\u1EFF]","z":"[\\u007A\\u24E9\\uFF5A\\u017A\\u1E91\\u017C\\u017E\\u1E93\\u1E95\\u01B6\\u0225\\u0240\\u2C6C\\uA763]"},"researchesTests":["contentHasTOC","contentHasShortParagraphs","contentHasAssets","keywordInTitle","keywordInMetaDescription","keywordInPermalink","keywordIn10Percent","keywordInContent","keywordInSubheadings","keywordInImageAlt","keywordDensity","keywordNotUsed","lengthContent","lengthPermalink","linksHasInternal","linksHasExternals","linksNotAllExternals","titleStartWithKeyword","titleSentiment","titleHasPowerWords","titleHasNumber","hasContentAI"],"hasRedirection":true,"hasBreadcrumb":false},"homeUrl":"https:\/\/onlinebettingspace.com\/sk\/","objectID":2509,"objectType":"post","locale":"sk","localeFull":"sk_SK","overlayImages":{"play":{"name":"Play icon","url":"https:\/\/onlinebettingspace.com\/wp-content\/plugins\/seo-by-rank-math\/assets\/admin\/img\/icon-play.png","path":"\/home\/SuperAdmin\/web\/onlinebettingspace.com\/public_html\/wp-content\/plugins\/seo-by-rank-math\/assets\/admin\/img\/icon-play.png","position":"middle_center"},"gif":{"name":"GIF icon","url":"https:\/\/onlinebettingspace.com\/wp-content\/plugins\/seo-by-rank-math\/assets\/admin\/img\/icon-gif.png","path":"\/home\/SuperAdmin\/web\/onlinebettingspace.com\/public_html\/wp-content\/plugins\/seo-by-rank-math\/assets\/admin\/img\/icon-gif.png","position":"middle_center"}},"defautOgImage":"https:\/\/onlinebettingspace.com\/wp-content\/uploads\/2022\/04\/OBS-FULL-LOGO.webp","customPermalinks":true,"isUserRegistered":true,"autoSuggestKeywords":true,"connectSiteUrl":"https:\/\/rankmath.com\/auth?site=https%3A%2F%2Fonlinebettingspace.com%2Fsk%2F&r=https%3A%2F%2Fonlinebettingspace.com%2Fsk%2Fwp-json%2Fwp%2Fv2%2Fpages%2F2509%3Fnonce%3D7a5253bc88","maxTags":5,"trendsIcon":"<svg viewBox=\"0 0 610 610\"><path d=\"M18.85,446,174.32,290.48l58.08,58.08L76.93,504a14.54,14.54,0,0,1-20.55,0L18.83,466.48a14.54,14.54,0,0,1,0-20.55Z\" style=\"fill:#4285f4\"\/><path d=\"M242.65,242.66,377.59,377.6l-47.75,47.75a14.54,14.54,0,0,1-20.55,0L174.37,290.43l47.75-47.75A14.52,14.52,0,0,1,242.65,242.66Z\" style=\"fill:#ea4335\"\/><polygon points=\"319.53 319.53 479.26 159.8 537.34 217.88 377.61 377.62 319.53 319.53\" style=\"fill:#fabb05\"\/><path d=\"M594.26,262.73V118.61h0a16.94,16.94,0,0,0-16.94-16.94H433.2a16.94,16.94,0,0,0-12,28.92L565.34,274.71h0a16.94,16.94,0,0,0,28.92-12Z\" style=\"fill:#34a853\"\/><rect width=\"610\" height=\"610\" style=\"fill:none\"\/><\/svg>","showScore":true,"siteFavIcon":"https:\/\/onlinebettingspace.com\/wp-content\/uploads\/2022\/04\/OBS-LOGO-1.webp","canUser":{"general":false,"advanced":false,"snippet":false,"social":false,"analysis":false,"analytics":false,"content_ai":false},"showKeywordIntent":true,"isPro":false,"is_front_page":false,"trendsUpgradeLink":"https:\/\/rankmath.com\/pricing\/?utm_source=Plugin&utm_medium=CE%20General%20Tab%20Trends&utm_campaign=WP","trendsUpgradeLabel":"Upgrade","trendsPreviewImage":"https:\/\/onlinebettingspace.com\/wp-content\/plugins\/seo-by-rank-math\/assets\/admin\/img\/trends-preview.jpg","currentEditor":false,"homepageData":{"assessor":{"powerWords":[],"diacritics":true,"researchesTests":["contentHasTOC","contentHasShortParagraphs","contentHasAssets","keywordInTitle","keywordInMetaDescription","keywordInPermalink","keywordIn10Percent","keywordInContent","keywordInSubheadings","keywordInImageAlt","keywordDensity","keywordNotUsed","lengthContent","lengthPermalink","linksHasInternal","linksHasExternals","linksNotAllExternals","titleStartWithKeyword","titleSentiment","titleHasPowerWords","titleHasNumber","hasContentAI"],"hasBreadcrumb":false,"serpData":{"title":"%sitename% %page% %sep% %sitedesc%","description":"","titleTemplate":"%sitename% %page% %sep% %sitedesc%","descriptionTemplate":"","focusKeywords":"","breadcrumbTitle":"Home","robots":{"index":true},"advancedRobots":[],"facebookTitle":"","facebookDescription":"","facebookImage":"","facebookImageID":""}}},"tocTitle":"Table of Contents","tocExcludeHeadings":[],"listStyle":"ul"},"_links":{"self":[{"href":"https:\/\/onlinebettingspace.com\/sk\/wp-json\/wp\/v2\/pages\/2509","targetHints":{"allow":["GET"]}}],"collection":[{"href":"https:\/\/onlinebettingspace.com\/sk\/wp-json\/wp\/v2\/pages"}],"about":[{"href":"https:\/\/onlinebettingspace.com\/sk\/wp-json\/wp\/v2\/types\/page"}],"author":[{"embeddable":true,"href":"https:\/\/onlinebettingspace.com\/sk\/wp-json\/wp\/v2\/users\/1"}],"replies":[{"embeddable":true,"href":"https:\/\/onlinebettingspace.com\/sk\/wp-json\/wp\/v2\/comments?post=2509"}],"version-history":[{"count":0,"href":"https:\/\/onlinebettingspace.com\/sk\/wp-json\/wp\/v2\/pages\/2509\/revisions"}],"up":[{"embeddable":true,"href":"https:\/\/onlinebettingspace.com\/sk\/wp-json\/wp\/v2\/pages\/2220"}],"wp:attachment":[{"href":"https:\/\/onlinebettingspace.com\/sk\/wp-json\/wp\/v2\/media?parent=2509"}],"curies":[{"name":"wp","href":"https:\/\/api.w.org\/{rel}","templated":true}]}}