{"id":2506,"date":"2022-08-19T12:45:55","date_gmt":"2022-08-19T09:45:55","guid":{"rendered":"https:\/\/onlinebettingspace.com\/?page_id=2506"},"modified":"2022-08-19T12:45:55","modified_gmt":"2022-08-19T09:45:55","slug":"demon-master","status":"publish","type":"page","link":"https:\/\/onlinebettingspace.com\/sk\/hracie-automaty\/demon-master\/","title":{"rendered":"DEMON MASTER"},"content":{"rendered":"<section class=\"l-section wpb_row height_medium\"><div class=\"l-section-h i-cf\"><div class=\"g-cols vc_row via_flex valign_top type_default stacking_default\"><div class=\"vc_col-sm-12 wpb_column vc_column_container\"><div class=\"vc_column-inner\"><div class=\"wpb_wrapper\"><div class=\"wpb_text_column\"><div class=\"wpb_wrapper\"><h1>DEMON MASTER RECENZIA<\/h1>\n<div>\n<div id=\"breadcrumbsWrap\" class=\"hidden-xs\">\n<div id=\"breadcrumbs\">\n<div class=\"col-xs-12 col-sm-8 col-md-9 sp\">\n<div class=\"intro WYSIWYG\">\n<p>Popul\u00e1rna kas\u00edno hra Demon Master je v\u00fdtvorom hern\u00fdch v\u00fdvoj\u00e1rov KAJOT. T\u00e1to spolo\u010dnos\u0165 poch\u00e1dza z \u010ceska a\u00a0od svojho zalo\u017eenia v roku 1996 sa stala pojmom na poli online kas\u00edn. Do portf\u00f3lia spolo\u010dnosti patr\u00ed ve\u013ek\u00e9 mno\u017estvo aktiv\u00edt. Pre hern\u00fa komunitu online je v\u0161ak najviac podstatn\u00e9, \u017ee v\u010faka ich kreat\u00edvcom sa dostali na internet aj modern\u00e9 verzie retro automatov. Okrem titulu Demon Master n\u00e1jdete v\u00a0ich kolekcii aj ob\u013e\u00faben\u00e9 tituly Joker 81, Joker 27, Turbo 27, Simply Gold 2 a Submarine. Automatov je naozaj ve\u013ea a\u00a0Kajot je z\u00e1ruka kvalitnej z\u00e1bavy.<\/p>\n<p>Popul\u00e1rna kas\u00edno hra Demon Master nie je \u017eiadnou v\u00fdnimkou. V tejto hre v\u00e1s bud\u00fa obklopova\u0165 d\u00e9monick\u00e9 mon\u0161tr\u00e1 prin\u00e1\u0161aj\u00face zauj\u00edmav\u00e9 v\u00fdhry. Napr\u00edklad v\u00fdhern\u00fd symbol Joker pon\u00faka tis\u00edcov\u00fa v\u00fdhru u\u017e za oby\u010dajn\u00fa st\u00e1vku 10 centov. V automate m\u00f4\u017eete hra\u0165 o vysok\u00e9 v\u00fdhry, adrenal\u00edn je zaru\u010den\u00fd. Tento automat pon\u00faka r\u00f4znorod\u00e9 funkcie ako Autostart a\u00a0tie\u017e mo\u017enos\u0165 stlmenia zvuku.<\/p>\n<\/div>\n<\/div>\n<div class=\"col-xs-12 col-sm-12 col-md-9 sp pull-right\">\n<div class=\"WYSIWYG\">\n<h2>AKO HRA\u0164 AUTOMAT DEMON MASTER ONLINE<\/h2>\n<p>Automat Demon Master je trojvalcov\u00e1 hra s hrou na 27 v\u00fdhern\u00fdch l\u00edni\u00ed. Po\u010das jednej hry je mo\u017en\u00e9 z\u00edska\u0165 v\u00fdhru na viacer\u00fdch v\u00fdhern\u00fdch l\u00edni\u00e1ch, to znamen\u00e1, \u017ee v\u00fdhry sa spo\u010d\u00edtavaj\u00fa. Hru spust\u00edte len ak je dostato\u010dn\u00e1 suma v pol\u00ed\u010dku KREDIT pre zvolen\u00fa st\u00e1vku. Po vo\u013ebe st\u00e1vky a stla\u010den\u00ed tla\u010didla \u0160TART sa odpo\u010d\u00edta zvolen\u00e1 st\u00e1vka z pol\u00ed\u010dka KREDIT a za\u010dn\u00fa sa ot\u00e1\u010da\u0165 opticky zn\u00e1zornen\u00e9 valce. Ak sa po zastaven\u00ed na valcoch uk\u00e1\u017ee aspo\u0148 jedna v\u00fdhern\u00e1 kombin\u00e1cia zn\u00e1zornen\u00e1 vo v\u00fdhernej tabu\u013eke, je t\u00e1to v\u00fdhra prip\u00edsan\u00e1 do pol\u00ed\u010dka WIN a je mo\u017en\u00e9 ju v r\u00e1mci f\u00e1zy RIZIKO opakovane zn\u00e1sobi\u0165 syst\u00e9mom v\u00fdhra * 0, v\u00fdhra * 1, v\u00fdhra * 2, a\u017e do maxim\u00e1lnej v\u00fd\u0161ky, ktor\u00e1 je obmedzen\u00e1 maxim\u00e1lna v\u00fdhrou z hry.<\/p>\n<p>Zn\u00e1sobenie je z\u00e1visl\u00e9 od hracej kocky s modr\u00fdm, \u010derven\u00fdm a \u010diernym symbolom. Tla\u010didlom Prip\u00edsa\u0165 m\u00f4\u017ee hr\u00e1\u010d hru kedyko\u013evek opusti\u0165 a v\u00fdhru prip\u00edsa\u0165 z\u00a0pol\u00ed\u010dka WIN do pol\u00ed\u010dka KREDIT. Ak je hra v re\u017eime AUTO\u0160TART je v\u00fdhra automaticky preveden\u00e1 z pol\u00ed\u010dka WIN do pol\u00ed\u010dka KREDIT a je pova\u017eovan\u00e1 za ukon\u010den\u00fa. Pokia\u013e na valcoch po zastaven\u00ed nie je \u017eiadna v\u00fdhern\u00e1 kombin\u00e1cia, hra sa pova\u017euje za ukon\u010den\u00fa. Po ukon\u010den\u00ed hry m\u00f4\u017eete ihne\u010f prejs\u0165 na nov\u00fa hru.<\/p>\n<p>Symbol JOKER nahr\u00e1dza v\u0161etky symboly okrem DE, M, ON. 9 rovnak\u00fdch symbolov n\u00e1sob\u00ed v\u00fdhru x2. Pokia\u013e na ktorejko\u013evek v\u00fdhernej l\u00ednii padne kombin\u00e1cia symbolov DE, M, ON, hr\u00e1\u010d z\u00edska 10 bonusov\u00fdch hier. Po\u010das t\u00fdchto bonusov\u00fdch hier mo\u017eno z\u00edska\u0165 \u010fal\u0161ie bonusov\u00e9 hry. Ak padne po\u010das bonusovej hry kdeko\u013evek na l\u00ednii symbol M, z\u00edskan\u00e1 v\u00fdhra je vyn\u00e1soben\u00e1 dvakr\u00e1t.<\/p>\n<\/div>\n<section class=\"attributes\">\n<h2>R\u00ddCHLY PREH\u013dAD<\/h2>\n<div>\n<ul>\n<li><span class=\"heading\">Bonusov\u00e9 kolo:<\/span>\u00a0Nie<\/li>\n<li><span class=\"heading\">Rozptylov\u00fd:<\/span>\u00a0\u00c1no<\/li>\n<li><span class=\"heading\">Preto\u010denia zdarma:<\/span>\u00a0\u00c1no<\/li>\n<\/ul>\n<\/div>\n<\/section>\n<section class=\"multimedia_conversion widgetWrapper regular image_gallery\" data-widget-id=\"73869\" data-widget-type=\"Multimedia_Conversion\" data-brand-id=\"68019\">\n<div class=\"row all-wrapper\">\n<div class=\"WYSIWYG\">\n<h2>JACKPOT DEMON MASTER SLOT ZADARMO A ZA PENIAZE<\/h2>\n<p>Demon Master automat si m\u00f4\u017eete\u00a0<a href=\"\/sk\/hracie-automaty\/zdarma\" data-track=\"\"><strong>zahra\u0165 len pre z\u00e1bavu<\/strong><\/a>, av\u0161ak bez mo\u017enosti vyhra\u0165 skuto\u010dn\u00e9 peniaze. Za re\u00e1lne peniaze a s bonusom k prv\u00e9mu vkladu si t\u00fato hru zahr\u00e1te v\u00a0nieko\u013ek\u00fdch online kas\u00ednach. Online demo verzia Demon Master bez s\u0165ahovania a\u00a0registr\u00e1cie v\u00e1m pom\u00f4\u017ee hru lep\u0161ie spozna\u0165. To m\u00f4\u017eeme odporu\u010di\u0165 predov\u0161etk\u00fdm pre hern\u00fdch nov\u00e1\u010dikov. Demon Master od Kajot je vo v\u0161eobecnosti skvelou vo\u013ebou pre nov\u00e1\u010dikov vo svete online kas\u00edn v\u010faka svojej jednoduchosti a\u00a0tie\u017e demo verzii.<\/p>\n<h2>JACKPOT NA DEMON MASTER SLOT<\/h2>\n<p>Maxim\u00e1lna v\u00fdhra z\u00a0hry Demon Master dosahuje \u0161es\u0165cifern\u00e9 sumy! Jackpot v\u00a0tejto hre nie je progres\u00edvny, ale to e\u0161te neznamen\u00e1, \u017ee by bola hra nudn\u00e1. Pr\u00e1ve naopak. Maxim\u00e1lnu v\u00fdhru na automate mo\u017eno z\u00edska\u0165 pri maxim\u00e1lnej st\u00e1vke, ak padne na valcoch zhora nadol kombin\u00e1cia symbolov: 1. valec: A, A, JOKER, 2. valec: 10, 9, JOKER; 3. valec: K, K, JOKER. Tvorca ud\u00e1va v\u00fdhern\u00fd podiel vr\u00e1tane bonusov\u00fdch hier 96 %, \u010do je sol\u00eddna hodnota. Aktu\u00e1lna hodnota st\u00e1vok je zobrazen\u00e1 v priebehu hry a zmeni\u0165 ju m\u00f4\u017eete tla\u010didlami + a -. Hern\u00fdmi symbolmi tejto kas\u00edno hry s\u00fa mysteri\u00f3zne predmety a znaky.<\/p>\n<p>V\u00fdhern\u00e9 symboly sa zapo\u010d\u00edtavaj\u00fa nasleduj\u00facim sp\u00f4sobom (v\u00fdhry pri st\u00e1vke 10 bodov (1 bod je 0,01 \u20ac): Joker \u2013 25 000 bodov, d\u00e1ma \u2013 400 bodov, kr\u00ed\u017e \u2013 200 bodov, eso \u2013 160 bodov, kr\u00e1\u013e \u2013 160 bodov, kr\u00e1\u013eovn\u00e1 \u2013 20 bodov, horn\u00edk \u2013 20 bodov, desiatka \u2013 20 bodov, deviatka \u2013 20 bodov. V\u00fdhern\u00e9 symboly nemusia by\u0165 v rade. Sta\u010d\u00ed, ke\u010f sa objav\u00ed na niektorom z valcov a vy u\u017e sa m\u00f4\u017eete radova\u0165 z v\u00fdhry. Najhodnotnej\u0161\u00ed symbol \u017eol\u00edk nahr\u00e1dza ostatn\u00e9 symboly, je teda symbolom Wild.<\/p>\n<h2>NA Z\u00c1VER<\/h2>\n<p>Ak ste pover\u010div\u00fdmi, d\u00e9monick\u00fd Demon Master rozhodne nesk\u00fa\u0161ajte. Ak ale chcete vyhra\u0165 nejak\u00e9 peniaze a skvele sa pri tom pobavi\u0165, potom je to\u00a0<a href=\"\/sk\/hracie-automaty\" data-track=\"\"><strong>hrac\u00ed automat<\/strong><\/a> ako stvoren\u00fd pre v\u00e1s! Na automate n\u00e1s zaujala okrem grafiky bonusov\u00e1 hra. To ako prebieha v\u0161ak budete musie\u0165 zisti\u0165 sami, nechceme v\u00e1m prekazi\u0165 prekvapenie. Z\u00e1bava a nap\u00e4tie od \u00fasvitu a\u017e do mrku! Gr\u00f3f Drakula a Vampirella pon\u00fakaj\u00fa nebezpe\u010dne dobr\u00e9 v\u00fdhern\u00e9 \u0161ance a u\u017e sa nem\u00f4\u017eu do\u010dka\u0165, a\u017e v\u00e1s do tejto d\u00e9monickej ak\u010dnej hry zl\u00e1kaj\u00fa. Automat Demon Master patr\u00ed do starej gardy, ale to neznamen\u00e1 \u017ee nie je hrate\u013en\u00fd. Pr\u00e1ve naopak, automat je povinnou zast\u00e1vkou pre v\u0161etk\u00fdch, ktor\u00ed ocenia hern\u00fa z\u00e1bavu, ktor\u00e1 zaujme, a maj\u00fa vyhr\u00e1vanie doslova v krvi!<\/p>\n<\/div>\n<\/div>\n<\/section>\n<\/div>\n<\/div>\n<\/div>\n<\/div>\n<\/div><\/div><\/div><\/div><\/div><\/div><\/div><\/section>\n","protected":false},"excerpt":{"rendered":"DEMON MASTER RECENZIA Popul\u00e1rna kas\u00edno hra Demon Master je v\u00fdtvorom hern\u00fdch v\u00fdvoj\u00e1rov KAJOT. T\u00e1to spolo\u010dnos\u0165 poch\u00e1dza z \u010ceska a\u00a0od svojho zalo\u017eenia v roku 1996 sa stala pojmom na poli online kas\u00edn. Do portf\u00f3lia spolo\u010dnosti patr\u00ed ve\u013ek\u00e9 mno\u017estvo aktiv\u00edt. Pre hern\u00fa komunitu online je v\u0161ak najviac podstatn\u00e9, \u017ee v\u010faka ich kreat\u00edvcom sa dostali na internet aj...","protected":false},"author":1,"featured_media":0,"parent":2220,"menu_order":0,"comment_status":"closed","ping_status":"closed","template":"","meta":{"_acf_changed":false,"footnotes":""},"class_list":["post-2506","page","type-page","status-publish","hentry"],"acf":[],"rankMath":{"parentDomain":"onlinebettingspace.com","noFollowDomains":[],"noFollowExcludeDomains":[],"noFollowExternalLinks":false,"featuredImageNotice":"The featured image should be at least 200 by 200 pixels to be picked up by Facebook and other social media sites.","pluginReviewed":true,"postSettings":{"linkSuggestions":true,"useFocusKeyword":false},"frontEndScore":false,"postName":"demon-master","permalinkFormat":"https:\/\/onlinebettingspace.com\/sk\/%pagename%\/","showLockModifiedDate":true,"assessor":{"focusKeywordLink":"https:\/\/onlinebettingspace.com\/wp-admin\/edit.php?focus_keyword=%focus_keyword%&post_type=%post_type%","hasTOCPlugin":false,"primaryTaxonomy":false,"serpData":{"title":"Demon Master \u2013 Zahrajte si top retro slot v modernom po\u0148at\u00ed","description":"Demon Master je popul\u00e1rny 3-valcov\u00fd automat od spolo\u010dnosti Kajot, ktor\u00fd sa p\u00fd\u0161i a\u017e 27 v\u00fdplatn\u00fdmi l\u00edniami. Te\u0161i\u0165 sa pri \u0148om m\u00f4\u017eete i na mo\u017enos\u0165 vyto\u010di\u0165 si spiny zadarmo.","focusKeywords":"","pillarContent":false,"canonicalUrl":"","breadcrumbTitle":"","advancedRobots":[],"facebookTitle":"","facebookDescription":"","facebookImage":"","facebookImageID":"","facebookHasOverlay":false,"facebookImageOverlay":"","facebookAuthor":"","twitterCardType":"","twitterUseFacebook":true,"twitterTitle":"","twitterDescription":"","twitterImage":"","twitterImageID":"","twitterHasOverlay":false,"twitterImageOverlay":"","twitterPlayerUrl":"","twitterPlayerSize":"","twitterPlayerStream":"","twitterPlayerStreamCtype":"","twitterAppDescription":"","twitterAppIphoneName":"","twitterAppIphoneID":"","twitterAppIphoneUrl":"","twitterAppIpadName":"","twitterAppIpadID":"","twitterAppIpadUrl":"","twitterAppGoogleplayName":"","twitterAppGoogleplayID":"","twitterAppGoogleplayUrl":"","twitterAppCountry":"","robots":{"index":true},"twitterAuthor":"username","primaryTerm":0,"authorName":"OBSAdmin","titleTemplate":"%title% %sep% %sitename%","descriptionTemplate":"%excerpt%","showScoreFrontend":true,"lockModifiedDate":false},"powerWords":[],"diacritics":{"A":"[\\u0041\\u24B6\\uFF21\\u00C0\\u00C1\\u00C2\\u1EA6\\u1EA4\\u1EAA\\u1EA8\\u00C3\\u0100\\u0102\\u1EB0\\u1EAE\\u1EB4\\u1EB2\\u0226\\u01E0\\u00C4\\u01DE\\u1EA2\\u00C5\\u01FA\\u01CD\\u0200\\u0202\\u1EA0\\u1EAC\\u1EB6\\u1E00\\u0104\\u023A\\u2C6F]","AA":"[\\uA732]","AE":"[\\u00C6\\u01FC\\u01E2]","AO":"[\\uA734]","AU":"[\\uA736]","AV":"[\\uA738\\uA73A]","AY":"[\\uA73C]","B":"[\\u0042\\u24B7\\uFF22\\u1E02\\u1E04\\u1E06\\u0243\\u0182\\u0181]","C":"[\\u0043\\u24B8\\uFF23\\u0106\\u0108\\u010A\\u010C\\u00C7\\u1E08\\u0187\\u023B\\uA73E]","D":"[\\u0044\\u24B9\\uFF24\\u1E0A\\u010E\\u1E0C\\u1E10\\u1E12\\u1E0E\\u0110\\u018B\\u018A\\u0189\\uA779]","DZ":"[\\u01F1\\u01C4]","Dz":"[\\u01F2\\u01C5]","E":"[\\u0045\\u24BA\\uFF25\\u00C8\\u00C9\\u00CA\\u1EC0\\u1EBE\\u1EC4\\u1EC2\\u1EBC\\u0112\\u1E14\\u1E16\\u0114\\u0116\\u00CB\\u1EBA\\u011A\\u0204\\u0206\\u1EB8\\u1EC6\\u0228\\u1E1C\\u0118\\u1E18\\u1E1A\\u0190\\u018E]","F":"[\\u0046\\u24BB\\uFF26\\u1E1E\\u0191\\uA77B]","G":"[\\u0047\\u24BC\\uFF27\\u01F4\\u011C\\u1E20\\u011E\\u0120\\u01E6\\u0122\\u01E4\\u0193\\uA7A0\\uA77D\\uA77E]","H":"[\\u0048\\u24BD\\uFF28\\u0124\\u1E22\\u1E26\\u021E\\u1E24\\u1E28\\u1E2A\\u0126\\u2C67\\u2C75\\uA78D]","I":"[\\u0049\\u24BE\\uFF29\\u00CC\\u00CD\\u00CE\\u0128\\u012A\\u012C\\u0130\\u00CF\\u1E2E\\u1EC8\\u01CF\\u0208\\u020A\\u1ECA\\u012E\\u1E2C\\u0197]","J":"[\\u004A\\u24BF\\uFF2A\\u0134\\u0248]","K":"[\\u004B\\u24C0\\uFF2B\\u1E30\\u01E8\\u1E32\\u0136\\u1E34\\u0198\\u2C69\\uA740\\uA742\\uA744\\uA7A2]","L":"[\\u004C\\u24C1\\uFF2C\\u013F\\u0139\\u013D\\u1E36\\u1E38\\u013B\\u1E3C\\u1E3A\\u0141\\u023D\\u2C62\\u2C60\\uA748\\uA746\\uA780]","LJ":"[\\u01C7]","Lj":"[\\u01C8]","M":"[\\u004D\\u24C2\\uFF2D\\u1E3E\\u1E40\\u1E42\\u2C6E\\u019C]","N":"[\\u004E\\u24C3\\uFF2E\\u01F8\\u0143\\u00D1\\u1E44\\u0147\\u1E46\\u0145\\u1E4A\\u1E48\\u0220\\u019D\\uA790\\uA7A4]","NJ":"[\\u01CA]","Nj":"[\\u01CB]","O":"[\\u004F\\u24C4\\uFF2F\\u00D2\\u00D3\\u00D4\\u1ED2\\u1ED0\\u1ED6\\u1ED4\\u00D5\\u1E4C\\u022C\\u1E4E\\u014C\\u1E50\\u1E52\\u014E\\u022E\\u0230\\u00D6\\u022A\\u1ECE\\u0150\\u01D1\\u020C\\u020E\\u01A0\\u1EDC\\u1EDA\\u1EE0\\u1EDE\\u1EE2\\u1ECC\\u1ED8\\u01EA\\u01EC\\u00D8\\u01FE\\u0186\\u019F\\uA74A\\uA74C]","OI":"[\\u01A2]","OO":"[\\uA74E]","OU":"[\\u0222]","P":"[\\u0050\\u24C5\\uFF30\\u1E54\\u1E56\\u01A4\\u2C63\\uA750\\uA752\\uA754]","Q":"[\\u0051\\u24C6\\uFF31\\uA756\\uA758\\u024A]","R":"[\\u0052\\u24C7\\uFF32\\u0154\\u1E58\\u0158\\u0210\\u0212\\u1E5A\\u1E5C\\u0156\\u1E5E\\u024C\\u2C64\\uA75A\\uA7A6\\uA782]","S":"[\\u0053\\u24C8\\uFF33\\u1E9E\\u015A\\u1E64\\u015C\\u1E60\\u0160\\u1E66\\u1E62\\u1E68\\u0218\\u015E\\u2C7E\\uA7A8\\uA784]","T":"[\\u0054\\u24C9\\uFF34\\u1E6A\\u0164\\u1E6C\\u021A\\u0162\\u1E70\\u1E6E\\u0166\\u01AC\\u01AE\\u023E\\uA786]","TZ":"[\\uA728]","U":"[\\u0055\\u24CA\\uFF35\\u00D9\\u00DA\\u00DB\\u0168\\u1E78\\u016A\\u1E7A\\u016C\\u00DC\\u01DB\\u01D7\\u01D5\\u01D9\\u1EE6\\u016E\\u0170\\u01D3\\u0214\\u0216\\u01AF\\u1EEA\\u1EE8\\u1EEE\\u1EEC\\u1EF0\\u1EE4\\u1E72\\u0172\\u1E76\\u1E74\\u0244]","V":"[\\u0056\\u24CB\\uFF36\\u1E7C\\u1E7E\\u01B2\\uA75E\\u0245]","VY":"[\\uA760]","W":"[\\u0057\\u24CC\\uFF37\\u1E80\\u1E82\\u0174\\u1E86\\u1E84\\u1E88\\u2C72]","X":"[\\u0058\\u24CD\\uFF38\\u1E8A\\u1E8C]","Y":"[\\u0059\\u24CE\\uFF39\\u1EF2\\u00DD\\u0176\\u1EF8\\u0232\\u1E8E\\u0178\\u1EF6\\u1EF4\\u01B3\\u024E\\u1EFE]","Z":"[\\u005A\\u24CF\\uFF3A\\u0179\\u1E90\\u017B\\u017D\\u1E92\\u1E94\\u01B5\\u0224\\u2C7F\\u2C6B\\uA762]","a":"[\\u0061\\u24D0\\uFF41\\u1E9A\\u00E0\\u00E1\\u00E2\\u1EA7\\u1EA5\\u1EAB\\u1EA9\\u00E3\\u0101\\u0103\\u1EB1\\u1EAF\\u1EB5\\u1EB3\\u0227\\u01E1\\u00E4\\u01DF\\u1EA3\\u00E5\\u01FB\\u01CE\\u0201\\u0203\\u1EA1\\u1EAD\\u1EB7\\u1E01\\u0105\\u2C65\\u0250]","aa":"[\\uA733]","ae":"[\\u00E6\\u01FD\\u01E3]","ao":"[\\uA735]","au":"[\\uA737]","av":"[\\uA739\\uA73B]","ay":"[\\uA73D]","b":"[\\u0062\\u24D1\\uFF42\\u1E03\\u1E05\\u1E07\\u0180\\u0183\\u0253]","c":"[\\u0063\\u24D2\\uFF43\\u0107\\u0109\\u010B\\u010D\\u00E7\\u1E09\\u0188\\u023C\\uA73F\\u2184]","d":"[\\u0064\\u24D3\\uFF44\\u1E0B\\u010F\\u1E0D\\u1E11\\u1E13\\u1E0F\\u0111\\u018C\\u0256\\u0257\\uA77A]","dz":"[\\u01F3\\u01C6]","e":"[\\u0065\\u24D4\\uFF45\\u00E8\\u00E9\\u00EA\\u1EC1\\u1EBF\\u1EC5\\u1EC3\\u1EBD\\u0113\\u1E15\\u1E17\\u0115\\u0117\\u00EB\\u1EBB\\u011B\\u0205\\u0207\\u1EB9\\u1EC7\\u0229\\u1E1D\\u0119\\u1E19\\u1E1B\\u0247\\u025B\\u01DD]","f":"[\\u0066\\u24D5\\uFF46\\u1E1F\\u0192\\uA77C]","g":"[\\u0067\\u24D6\\uFF47\\u01F5\\u011D\\u1E21\\u011F\\u0121\\u01E7\\u0123\\u01E5\\u0260\\uA7A1\\u1D79\\uA77F]","h":"[\\u0068\\u24D7\\uFF48\\u0125\\u1E23\\u1E27\\u021F\\u1E25\\u1E29\\u1E2B\\u1E96\\u0127\\u2C68\\u2C76\\u0265]","hv":"[\\u0195]","i":"[\\u0069\\u24D8\\uFF49\\u00EC\\u00ED\\u00EE\\u0129\\u012B\\u012D\\u00EF\\u1E2F\\u1EC9\\u01D0\\u0209\\u020B\\u1ECB\\u012F\\u1E2D\\u0268\\u0131]","j":"[\\u006A\\u24D9\\uFF4A\\u0135\\u01F0\\u0249]","k":"[\\u006B\\u24DA\\uFF4B\\u1E31\\u01E9\\u1E33\\u0137\\u1E35\\u0199\\u2C6A\\uA741\\uA743\\uA745\\uA7A3]","l":"[\\u006C\\u24DB\\uFF4C\\u0140\\u013A\\u013E\\u1E37\\u1E39\\u013C\\u1E3D\\u1E3B\\u017F\\u0142\\u019A\\u026B\\u2C61\\uA749\\uA781\\uA747]","lj":"[\\u01C9]","m":"[\\u006D\\u24DC\\uFF4D\\u1E3F\\u1E41\\u1E43\\u0271\\u026F]","n":"[\\u006E\\u24DD\\uFF4E\\u01F9\\u0144\\u00F1\\u1E45\\u0148\\u1E47\\u0146\\u1E4B\\u1E49\\u019E\\u0272\\u0149\\uA791\\uA7A5]","nj":"[\\u01CC]","o":"[\\u006F\\u24DE\\uFF4F\\u00F2\\u00F3\\u00F4\\u1ED3\\u1ED1\\u1ED7\\u1ED5\\u00F5\\u1E4D\\u022D\\u1E4F\\u014D\\u1E51\\u1E53\\u014F\\u022F\\u0231\\u00F6\\u022B\\u1ECF\\u0151\\u01D2\\u020D\\u020F\\u01A1\\u1EDD\\u1EDB\\u1EE1\\u1EDF\\u1EE3\\u1ECD\\u1ED9\\u01EB\\u01ED\\u00F8\\u01FF\\u0254\\uA74B\\uA74D\\u0275]","oi":"[\\u01A3]","ou":"[\\u0223]","oo":"[\\uA74F]","p":"[\\u0070\\u24DF\\uFF50\\u1E55\\u1E57\\u01A5\\u1D7D\\uA751\\uA753\\uA755]","q":"[\\u0071\\u24E0\\uFF51\\u024B\\uA757\\uA759]","r":"[\\u0072\\u24E1\\uFF52\\u0155\\u1E59\\u0159\\u0211\\u0213\\u1E5B\\u1E5D\\u0157\\u1E5F\\u024D\\u027D\\uA75B\\uA7A7\\uA783]","s":"[\\u0073\\u24E2\\uFF53\\u015B\\u1E65\\u015D\\u1E61\\u0161\\u1E67\\u1E63\\u1E69\\u0219\\u015F\\u023F\\uA7A9\\uA785\\u1E9B]","ss":"[\\u00DF]","t":"[\\u0074\\u24E3\\uFF54\\u1E6B\\u1E97\\u0165\\u1E6D\\u021B\\u0163\\u1E71\\u1E6F\\u0167\\u01AD\\u0288\\u2C66\\uA787]","tz":"[\\uA729]","u":"[\\u0075\\u24E4\\uFF55\\u00F9\\u00FA\\u00FB\\u0169\\u1E79\\u016B\\u1E7B\\u016D\\u00FC\\u01DC\\u01D8\\u01D6\\u01DA\\u1EE7\\u016F\\u0171\\u01D4\\u0215\\u0217\\u01B0\\u1EEB\\u1EE9\\u1EEF\\u1EED\\u1EF1\\u1EE5\\u1E73\\u0173\\u1E77\\u1E75\\u0289]","v":"[\\u0076\\u24E5\\uFF56\\u1E7D\\u1E7F\\u028B\\uA75F\\u028C]","vy":"[\\uA761]","w":"[\\u0077\\u24E6\\uFF57\\u1E81\\u1E83\\u0175\\u1E87\\u1E85\\u1E98\\u1E89\\u2C73]","x":"[\\u0078\\u24E7\\uFF58\\u1E8B\\u1E8D]","y":"[\\u0079\\u24E8\\uFF59\\u1EF3\\u00FD\\u0177\\u1EF9\\u0233\\u1E8F\\u00FF\\u1EF7\\u1E99\\u1EF5\\u01B4\\u024F\\u1EFF]","z":"[\\u007A\\u24E9\\uFF5A\\u017A\\u1E91\\u017C\\u017E\\u1E93\\u1E95\\u01B6\\u0225\\u0240\\u2C6C\\uA763]"},"researchesTests":["contentHasTOC","contentHasShortParagraphs","contentHasAssets","keywordInTitle","keywordInMetaDescription","keywordInPermalink","keywordIn10Percent","keywordInContent","keywordInSubheadings","keywordInImageAlt","keywordDensity","keywordNotUsed","lengthContent","lengthPermalink","linksHasInternal","linksHasExternals","linksNotAllExternals","titleStartWithKeyword","titleSentiment","titleHasPowerWords","titleHasNumber","hasContentAI"],"hasRedirection":true,"hasBreadcrumb":false},"homeUrl":"https:\/\/onlinebettingspace.com\/sk\/","objectID":2506,"objectType":"post","locale":"sk","localeFull":"sk_SK","overlayImages":{"play":{"name":"Play icon","url":"https:\/\/onlinebettingspace.com\/wp-content\/plugins\/seo-by-rank-math\/assets\/admin\/img\/icon-play.png","path":"\/home\/SuperAdmin\/web\/onlinebettingspace.com\/public_html\/wp-content\/plugins\/seo-by-rank-math\/assets\/admin\/img\/icon-play.png","position":"middle_center"},"gif":{"name":"GIF icon","url":"https:\/\/onlinebettingspace.com\/wp-content\/plugins\/seo-by-rank-math\/assets\/admin\/img\/icon-gif.png","path":"\/home\/SuperAdmin\/web\/onlinebettingspace.com\/public_html\/wp-content\/plugins\/seo-by-rank-math\/assets\/admin\/img\/icon-gif.png","position":"middle_center"}},"defautOgImage":"https:\/\/onlinebettingspace.com\/wp-content\/uploads\/2022\/04\/OBS-FULL-LOGO.webp","customPermalinks":true,"isUserRegistered":true,"autoSuggestKeywords":true,"connectSiteUrl":"https:\/\/rankmath.com\/auth?site=https%3A%2F%2Fonlinebettingspace.com%2Fsk%2F&r=https%3A%2F%2Fonlinebettingspace.com%2Fsk%2Fwp-json%2Fwp%2Fv2%2Fpages%2F2506%3Fnonce%3D773968dcb7","maxTags":5,"trendsIcon":"<svg viewBox=\"0 0 610 610\"><path d=\"M18.85,446,174.32,290.48l58.08,58.08L76.93,504a14.54,14.54,0,0,1-20.55,0L18.83,466.48a14.54,14.54,0,0,1,0-20.55Z\" style=\"fill:#4285f4\"\/><path d=\"M242.65,242.66,377.59,377.6l-47.75,47.75a14.54,14.54,0,0,1-20.55,0L174.37,290.43l47.75-47.75A14.52,14.52,0,0,1,242.65,242.66Z\" style=\"fill:#ea4335\"\/><polygon points=\"319.53 319.53 479.26 159.8 537.34 217.88 377.61 377.62 319.53 319.53\" style=\"fill:#fabb05\"\/><path d=\"M594.26,262.73V118.61h0a16.94,16.94,0,0,0-16.94-16.94H433.2a16.94,16.94,0,0,0-12,28.92L565.34,274.71h0a16.94,16.94,0,0,0,28.92-12Z\" style=\"fill:#34a853\"\/><rect width=\"610\" height=\"610\" style=\"fill:none\"\/><\/svg>","showScore":true,"siteFavIcon":"https:\/\/onlinebettingspace.com\/wp-content\/uploads\/2022\/04\/OBS-LOGO-1.webp","canUser":{"general":false,"advanced":false,"snippet":false,"social":false,"analysis":false,"analytics":false,"content_ai":false},"showKeywordIntent":true,"isPro":false,"is_front_page":false,"trendsUpgradeLink":"https:\/\/rankmath.com\/pricing\/?utm_source=Plugin&utm_medium=CE%20General%20Tab%20Trends&utm_campaign=WP","trendsUpgradeLabel":"Upgrade","trendsPreviewImage":"https:\/\/onlinebettingspace.com\/wp-content\/plugins\/seo-by-rank-math\/assets\/admin\/img\/trends-preview.jpg","currentEditor":false,"homepageData":{"assessor":{"powerWords":[],"diacritics":true,"researchesTests":["contentHasTOC","contentHasShortParagraphs","contentHasAssets","keywordInTitle","keywordInMetaDescription","keywordInPermalink","keywordIn10Percent","keywordInContent","keywordInSubheadings","keywordInImageAlt","keywordDensity","keywordNotUsed","lengthContent","lengthPermalink","linksHasInternal","linksHasExternals","linksNotAllExternals","titleStartWithKeyword","titleSentiment","titleHasPowerWords","titleHasNumber","hasContentAI"],"hasBreadcrumb":false,"serpData":{"title":"%sitename% %page% %sep% %sitedesc%","description":"","titleTemplate":"%sitename% %page% %sep% %sitedesc%","descriptionTemplate":"","focusKeywords":"","breadcrumbTitle":"Home","robots":{"index":true},"advancedRobots":[],"facebookTitle":"","facebookDescription":"","facebookImage":"","facebookImageID":""}}},"tocTitle":"Table of Contents","tocExcludeHeadings":[],"listStyle":"ul"},"_links":{"self":[{"href":"https:\/\/onlinebettingspace.com\/sk\/wp-json\/wp\/v2\/pages\/2506","targetHints":{"allow":["GET"]}}],"collection":[{"href":"https:\/\/onlinebettingspace.com\/sk\/wp-json\/wp\/v2\/pages"}],"about":[{"href":"https:\/\/onlinebettingspace.com\/sk\/wp-json\/wp\/v2\/types\/page"}],"author":[{"embeddable":true,"href":"https:\/\/onlinebettingspace.com\/sk\/wp-json\/wp\/v2\/users\/1"}],"replies":[{"embeddable":true,"href":"https:\/\/onlinebettingspace.com\/sk\/wp-json\/wp\/v2\/comments?post=2506"}],"version-history":[{"count":0,"href":"https:\/\/onlinebettingspace.com\/sk\/wp-json\/wp\/v2\/pages\/2506\/revisions"}],"up":[{"embeddable":true,"href":"https:\/\/onlinebettingspace.com\/sk\/wp-json\/wp\/v2\/pages\/2220"}],"wp:attachment":[{"href":"https:\/\/onlinebettingspace.com\/sk\/wp-json\/wp\/v2\/media?parent=2506"}],"curies":[{"name":"wp","href":"https:\/\/api.w.org\/{rel}","templated":true}]}}