{"id":2500,"date":"2022-08-19T12:38:01","date_gmt":"2022-08-19T09:38:01","guid":{"rendered":"https:\/\/onlinebettingspace.com\/?page_id=2500"},"modified":"2022-08-19T12:38:01","modified_gmt":"2022-08-19T09:38:01","slug":"lord-of-the-ocean","status":"publish","type":"page","link":"https:\/\/onlinebettingspace.com\/sk\/hracie-automaty\/lord-of-the-ocean\/","title":{"rendered":"LORD OF THE OCEAN"},"content":{"rendered":"<section class=\"l-section wpb_row height_medium\"><div class=\"l-section-h i-cf\"><div class=\"g-cols vc_row via_flex valign_top type_default stacking_default\"><div class=\"vc_col-sm-12 wpb_column vc_column_container\"><div class=\"vc_column-inner\"><div class=\"wpb_wrapper\"><div class=\"wpb_text_column\"><div class=\"wpb_wrapper\"><h1>LORD OF THE OCEAN RECENZIA<\/h1>\n<div>\n<div id=\"breadcrumbsWrap\" class=\"hidden-xs\">\n<div id=\"breadcrumbs\">\n<p>M\u00e1te radi vodu? Radi sa pot\u00e1pate a\u00a0objavujete kr\u00e1sy podmorsk\u00e9ho \u017eivota? Pokia\u013e navy\u0161e ob\u013eubujete aj v\u00fdhern\u00e9 automaty, je pravdepodobn\u00e9, \u017ee si zamilujete aj<strong>\u00a0automat Lord of the Ocean<\/strong>.<\/p>\n<div>\n<div class=\"readMore\">\n<p>Je to modern\u00fd automat z\u00a0dielne \u0161v\u00e9dskej spolo\u010dnosti Novomatic, v\u00a0ktorom sa stanete morsk\u00fdm dobrodruhom a\u00a0budete h\u013eada\u0165 poklady na dne oce\u00e1nu, ktor\u00e9 tu zanechali starobyl\u00e9 n\u00e1rody.<\/p>\n<p>Automat Lord of the Ocean patr\u00ed medzi najmodernej\u0161ie automaty, poch\u00e1dza novej gener\u00e1cie automatov z\u00a0Gaminator s\u00e9rie. Asi pre to neprekvap\u00ed to, \u017ee automat pon\u00faka modern\u00fdch p\u00e4\u0165 valcov a\u00a0desa\u0165 v\u00fdplatn\u00fdch l\u00edni\u00ed. Samozrejmos\u0165ou pri takomto automate mus\u00ed by\u0165 bonusov\u00e1 hra, ako aj pr\u00edtomnos\u0165 Scatter symbolov. Napriek v\u0161etk\u00e9mu slot pon\u00faka len podpriemern\u00fa n\u00e1vratnos\u0165 95.10%.<\/p>\n<h2>AKO HRA\u0164 AUTOMAT LORD OF THE OCEAN<\/h2>\n<p>Automat Lord of the Ocean bude niektor\u00fdm mo\u017eno pripom\u00edna\u0165 star\u0161\u00ed a\u00a0zn\u00e1my automat Dolphin\u00b4s Pearl, in\u00fdm mo\u017eno pripomenie nejak\u00fd in\u00fd slotu zo stajne Novomaticu. Nech u\u017e je to akoko\u013evek, hranie tohto slotu je a\u017e primit\u00edvne jednoduch\u00e9 a\u00a0zvl\u00e1dnu ho ur\u010dite aj t\u00ed, ktor\u00ed\u00a0<a href=\"\/sk\/hracie-automaty\" data-track=\"\"><strong>automaty<\/strong><\/a>\u00a0\u010dasto nehr\u00e1vaj\u00fa. V\u0161etko to, \u010do mus\u00edte pred hrou urobi\u0165, je klikn\u00fa\u0165 na mo\u017enos\u0165 Menu a\u00a0rozhodn\u00fa\u0165 sa, na ko\u013eko l\u00edni\u00ed a\u00a0ko\u013eko minc\u00ed vsad\u00edte do jednej hry (zato\u010denia). M\u00f4\u017eete si vsadi\u0165 a\u017e na desa\u0165 l\u00edni\u00ed. Maxim\u00e1lne si m\u00f4\u017eete na jednu l\u00edniu vsadi\u0165 dve mince.<\/p>\n<p>Pokia\u013e sa v\u00e1m nechce manu\u00e1lne ur\u010dova\u0165 v\u00fd\u0161ku st\u00e1vok m\u00e1te na v\u00fdber hra\u0165 za maximum a\u00a0to po tom, \u010do kliknete na \u201eMax Bet\u201c. Pri tejto hre s\u00edce riskujete najv\u00e4\u010d\u0161ie mno\u017estvo minc\u00ed a\u00a0teda aj pe\u0148az\u00ed, ale m\u00f4\u017eete pri tom aj najviac vyhra\u0165. Ako sa ur\u010dite aj sami presved\u010d\u00edte, automat Lord of the Ocean je spracovan\u00fd ve\u013emi preh\u013eadne a\u00a0v\u0161etko m\u00e1te na dosah ruky v\u00a0\u010dasti \u201eMenu\u201c. M\u00f4\u017eete si tu prezrie\u0165 v\u00fdplatn\u00fa \u0161trukt\u00faru, nastavi\u0165 si v\u00fd\u0161ku st\u00e1vok, ale rozhodn\u00fa\u0165 sa aj o\u00a0nie\u010dom takom, \u010di chcete pri hre po\u010du\u0165 nejak\u00e9 zvuky. Nastavi\u0165 si m\u00f4\u017eete aj d\u013a\u017eku trvania hry.<\/p>\n<div class=\"WYSIWYG\">\n<h2>HRAJTE ZADARMO ALEBO SO SKUTO\u010cN\u00ddMI PENIAZMI<\/h2>\n<p>Hoci automat Lord of the Ocean sa nerad\u00ed medzi tie najzlo\u017eitej\u0161ie, predsa len neza\u0161kod\u00ed si ho pred prvou hrou zahra\u0165 tak trochu na ne\u010disto, zadarmo. Dnes nie je ni\u010d\u00edm neobvykl\u00e9 n\u00e1js\u0165\u00a0<a href=\"\/sk\/najlepsie-online-kasina\" data-track=\"\"><strong>online kas\u00edna<\/strong><\/a>\u00a0pon\u00fakaj\u00face hru zadarmo a\u00a0to aj bez predch\u00e1dzaj\u00facej registr\u00e1cie. V\u010faka\u00a0<a href=\"\/sk\/hracie-automaty\/zdarma\" data-track=\"\"><strong>hre zadarmo<\/strong><\/a>\u00a0si m\u00f4\u017eete bez rizika osvoji\u0165 pravidl\u00e1 a\u00a0fungovanie tohto automatu, \u010do ur\u010dite z\u00faro\u010d\u00edte v\u00a0\u010fal\u0161ej hre. Na rozdiel od \u201eklasickej\u201c hry so skuto\u010dn\u00fdmi\u00a0peniazmi, tu budete pri hre vyu\u017e\u00edva\u0165 fikt\u00edvne kredity. Ak aj teda neuspejete a\u00a0nie\u010do prehr\u00e1te, nemus\u00ed v\u00e1s to v\u00f4bec mrzie\u0165. Naopak, ak nie\u010do vyhr\u00e1te, to, \u010do z\u00edskate bud\u00fa len a\u00a0len sk\u00fasenosti.<\/p>\n<h2>BONUSOV\u00c9 KOL\u00c1 A\u00a0FUNKCIE<\/h2>\n<p>Hra\u0165 na modernom p\u00e4\u0165-valcovom automate so sebou prin\u00e1\u0161a hru s\u00a0mnoh\u00fdmi bonusmi a\u00a0in\u00fdmi v\u00fdhodami. Ke\u010f hovor\u00edme o\u00a0bonusoch v\u00a0r\u00e1mci Lord of the Ocean, to, \u010do by v\u00e1s najviac malo zauj\u00edma\u0165 je Scatter symbol v\u00a0podobe Amuletu. Ten odomyk\u00e1 bonusov\u00e9 kol\u00e1. Za tri Scatter symboly umiestnenie kdeko\u013evek na jednom z\u00a0piatich valcov automaticky z\u00edskavate 10\u00a0<a href=\"\/sk\/hracie-automaty\/pretocenie-zdarma\" data-track=\"\"><strong>zato\u010den\u00ed zadarmo<\/strong><\/a>. T\u00fdm to v\u0161ak v\u00a0pr\u00edpade tohto automatu nekon\u010d\u00ed. Ak si po\u010das zato\u010den\u00ed \u201evyto\u010d\u00edte\u201c op\u00e4\u0165 minim\u00e1lne tri Scatter symboly, z\u00edskate \u010fal\u0161ie bezplatn\u00e9 zato\u010denia. Tri, \u0161tyri alebo p\u00e4\u0165 Scatterov v\u00e1m z\u00edska 20, 30 alebo 100 zato\u010den\u00ed. Teoreticky takto m\u00f4\u017eete to\u010di\u0165 a\u017e donekone\u010dna a\u00a0z\u00edskava\u0165 v\u00fdhry \u00faplne zadarmo.<\/p>\n<p>K\u00a0v\u00fdhram sa v\u00a0r\u00e1mci tohto automatu m\u00f4\u017eete dopracova\u0165 ove\u013ea jednoduch\u0161ie a\u00a0to v\u010faka symbolu expanduj\u00faceho \u017dol\u00edka. \u017dol\u00edkom v\u00a0tejto hre je s\u00e1m ve\u013ek\u00fd Nept\u00fan, ktor\u00fd nahr\u00e1dza ak\u00fdko\u013evek z\u00a0deviatich symbolov na valcoch a\u00a0dotv\u00e1ra tak v\u00fdhern\u00e9 kombin\u00e1cie. Ale pozor, \u017dol\u00edk nenahrad\u00ed Scatter symbol. Navy\u0161e, v\u00a0pr\u00edpade vyu\u017eitia v\u00e4\u010d\u0161ieho mno\u017estva \u017dol\u00edkov si m\u00f4\u017eete svoju v\u00fdhru zo zato\u010denia nav\u00fd\u0161i\u0165 a\u017e 10-n\u00e1sobne. Poslednou z\u00a0bonusov\u00fdch funkcii je \u201eGamble\u201c. Po v\u00fdhre si m\u00f4\u017eete vybra\u0165 to, \u010di vyu\u017eijete mo\u017enos\u0165 gamble a\u00a0v\u00a0pr\u00edpade, \u017ee uh\u00e1dnete farbu rozd\u00e1vanej karty, vyhr\u00e1te dvakr\u00e1t tak ve\u013ek\u00fa sumu. Av\u0161ak, v\u00a0pr\u00edpade, \u017ee v\u0161ak neuh\u00e1dnete, o\u00a0v\u0161etko pr\u00eddete.<\/p>\n<\/div>\n<section class=\"attributes\">\n<h2>R\u00ddCHLY PREH\u013dAD<\/h2>\n<div>\n<ul>\n<li><span class=\"heading\">Bonusov\u00e9 kolo:<\/span>\u00a0Nie<\/li>\n<li><span class=\"heading\">Rozptylov\u00fd:<\/span>\u00a0\u00c1no<\/li>\n<li><span class=\"heading\">Preto\u010denia zdarma:<\/span>\u00a0\u00c1no<\/li>\n<\/ul>\n<\/div>\n<\/section>\n<div class=\"WYSIWYG\">\n<h2>\u0160TRUKT\u00daRA V\u00ddHIER<\/h2>\n<p>Lord of the Ocean nie je automat s\u00a0progres\u00edvnym, ale fixn\u00fdm jackpotom, ktor\u00fd dosahuje 50.000 minc\u00ed a\u00a0vyhra\u0165 sa d\u00e1 len v\u00a0pr\u00edpade, \u017ee hr\u00e1te s\u00a0maxim\u00e1lnymi st\u00e1vkami. \u010co asi nebude prekvapen\u00edm je to, \u017ee automat vyu\u017e\u00edva klasick\u00e9 kartov\u00e9 symboly doplnen\u00e9 tematick\u00fdmi symbolmi odkazuj\u00facimi ku gr\u00e9ckej mytol\u00f3gii ako s\u00fa Poseidon, Amulet, Truhlica pokladov a\u00a0Morsk\u00e1 panna. V\u00a0z\u00e1vislosti od toho, s\u00a0ak\u00fdmi symbolmi vytvor\u00edte v\u00fdhern\u00fa l\u00edniu, sa odv\u00edja aj va\u0161a v\u00fdhra.<\/p>\n<p>Najv\u00e4\u010d\u0161\u00ed d\u00f4vod na \u00fasmev v\u00e1m prinesie l\u00ednia so symbolom Poseidona, vl\u00e1dcu mor\u00ed, ktor\u00e9ho spozn\u00e1te \u013eahko pod\u013ea bielych f\u00fazov a\u00a0koruny. P\u00e4\u0165 symbolov znamen\u00e1 p\u00e4\u0165tis\u00edcov\u00e9 zhodnotenie st\u00e1vky, \u0161tyri tis\u00edcn\u00e1sobn\u00e9. Ur\u010dite v\u0161ak nesm\u00fa\u0165te ani v\u00a0pr\u00edpade, \u017ee na valcoch n\u00e1jdete podozrivo vysok\u00fd po\u010det Morsk\u00fdch panien. P\u00e4\u0165 symbolov d\u00e1my s\u00a0modr\u00fdmi vlasy prin\u00e1\u0161a 2000-n\u00e1sobn\u00e9 zhodnotenie st\u00e1vky a\u00a0aj \u0161tyri symboly d\u00e1vaj\u00fa st\u00e1le pekn\u00fd 400-n\u00e1sobok. Cel\u00fa \u0161trukt\u00faru v\u00fdhier si m\u00f4\u017eete prezrie\u0165 v\u00a0\u010dasti \u201ePaytable\u201c v\u00a0Menu.<\/p>\n<h2>LORD OF THE OCEAN NA MOBILE<\/h2>\n<p>Jednou z\u00a0najv\u00e4\u010d\u0161\u00edch v\u00fdhod dne\u0161ka je to, \u017ee kv\u00f4li hraniu kas\u00ednov\u00fdch hier nemus\u00edte chodi\u0165 ani do kamenn\u00fdch kas\u00edn a\u00a0ani hra\u0165 z\u00a0domova. Je to sp\u00f4soben\u00e9 t\u00fdm, \u017ee \u010doraz viac kas\u00edn pon\u00faka svoje produkty prostredn\u00edctvom aplik\u00e1cii alebo optimalizovan\u00fdch webov\u00fdch str\u00e1nok, \u010do v\u00e1m umo\u017e\u0148uje zahra\u0165 si napr\u00edklad aj tak\u00fd Lord of the Ocean napr\u00edklad na pl\u00e1\u017ei s\u00a0mobilom v\u00a0jednej ruke a\u00a0s\u00a0chladen\u00fdm n\u00e1pojom v\u00a0druhej. Je to automat, ktor\u00fd si m\u00f4\u017eete\u00a0<a href=\"\/sk\/hracie-automaty\/mobilne\" data-track=\"\"><strong>zahra\u0165 cez mobil<\/strong><\/a>, tablet, stiahnu\u0165 si hru do zariadenia alebo si ju len tak spusti\u0165 v\u00a0prehliada\u010di. Tak\u00e9to hranie sa v\u00a0ni\u010dom nel\u00ed\u0161i od toho, keby ste ho hrali doma cez po\u010d\u00edta\u010d. Samozrejme, s\u00a0t\u00fdm rozdielom, \u017ee takto budete hra\u0165 na men\u0161ej obrazovke.<\/p>\n<h2>SUM\u00c1R<\/h2>\n<p>Lord of the Ocean patr\u00ed medzi najpopul\u00e1rnej\u0161ie automaty Novomaticu. Je to modern\u00fd p\u00e4\u0165valcov\u00fd automat, v\u00a0ktorom sa objavuj\u00fa historick\u00e9 postavy. Automat je ve\u013emi r\u00fdchly, s\u00fa\u010dasn\u00fd, jednoduch\u00fd a\u00a0hr\u00e1\u010dsky ve\u013emi pr\u00edvetiv\u00fd. Hlavn\u00fdm l\u00e1kadlom okrem vysok\u00e9ho jackpotu s\u00fa bezplatn\u00e9 zato\u010denia, ktor\u00fdmi si m\u00f4\u017eete teoreticky donekone\u010dna rozt\u00e1\u010da\u0165 automat, zbiera\u0165 v\u00fdhry a\u00a0to v\u0161etko zadarmo.<\/p>\n<p>K tomu mus\u00edme pripo\u010d\u00edta\u0165 pr\u00edtomnos\u0165 \u017dol\u00edka, ako aj mo\u017enosti zariskova\u0165 prostredn\u00edctvom funkcie Gamble a vyjde n\u00e1m z toho to, \u017ee tento automat pon\u00faka vskutku \u0161irok\u00e9 mo\u017enosti preto, aby v\u00e1s jeho hra len tak neprestala bavi\u0165. Automat si navy\u0161e m\u00f4\u017eete zahra\u0165 aj na svojom mobilnom telef\u00f3ne a to bez oh\u013eadu na to, \u010di m\u00e1te Android alebo iOS. Lord of the Ocean si skr\u00e1tka mus\u00edte vysk\u00fa\u0161a\u0165 zahra\u0165.<\/p>\n<\/div>\n<\/div>\n<\/div>\n<\/div>\n<\/div>\n<\/div>\n<\/div><\/div><\/div><\/div><\/div><\/div><\/div><\/section>\n","protected":false},"excerpt":{"rendered":"LORD OF THE OCEAN RECENZIA M\u00e1te radi vodu? Radi sa pot\u00e1pate a\u00a0objavujete kr\u00e1sy podmorsk\u00e9ho \u017eivota? Pokia\u013e navy\u0161e ob\u013eubujete aj v\u00fdhern\u00e9 automaty, je pravdepodobn\u00e9, \u017ee si zamilujete aj\u00a0automat Lord of the Ocean. Je to modern\u00fd automat z\u00a0dielne \u0161v\u00e9dskej spolo\u010dnosti Novomatic, v\u00a0ktorom sa stanete morsk\u00fdm dobrodruhom a\u00a0budete h\u013eada\u0165 poklady na dne oce\u00e1nu, ktor\u00e9 tu zanechali starobyl\u00e9 n\u00e1rody....","protected":false},"author":1,"featured_media":0,"parent":2220,"menu_order":0,"comment_status":"closed","ping_status":"closed","template":"","meta":{"_acf_changed":false,"footnotes":""},"class_list":["post-2500","page","type-page","status-publish","hentry"],"acf":[],"rankMath":{"parentDomain":"onlinebettingspace.com","noFollowDomains":[],"noFollowExcludeDomains":[],"noFollowExternalLinks":false,"featuredImageNotice":"The featured image should be at least 200 by 200 pixels to be picked up by Facebook and other social media sites.","pluginReviewed":true,"postSettings":{"linkSuggestions":true,"useFocusKeyword":false},"frontEndScore":false,"postName":"lord-of-the-ocean","permalinkFormat":"https:\/\/onlinebettingspace.com\/sk\/%pagename%\/","showLockModifiedDate":true,"assessor":{"focusKeywordLink":"https:\/\/onlinebettingspace.com\/wp-admin\/edit.php?focus_keyword=%focus_keyword%&post_type=%post_type%","hasTOCPlugin":false,"primaryTaxonomy":false,"serpData":{"title":"Lord of the Ocean \u2013 5-valcov\u00fd automat s bezplatn\u00fdmi zato\u010deniami","description":"5-valcov\u00fd automat Lord of the Ocean pon\u00faka v\u0161etko, \u010do m\u00e1te radi \u2013 \u017dol\u00edk, scattery i bezplatn\u00e9 zato\u010denia. Zahra\u0165 si ho m\u00f4\u017eete zadarmo i cez mobil.","focusKeywords":"","pillarContent":false,"canonicalUrl":"","breadcrumbTitle":"","advancedRobots":[],"facebookTitle":"","facebookDescription":"","facebookImage":"","facebookImageID":"","facebookHasOverlay":false,"facebookImageOverlay":"","facebookAuthor":"","twitterCardType":"","twitterUseFacebook":true,"twitterTitle":"","twitterDescription":"","twitterImage":"","twitterImageID":"","twitterHasOverlay":false,"twitterImageOverlay":"","twitterPlayerUrl":"","twitterPlayerSize":"","twitterPlayerStream":"","twitterPlayerStreamCtype":"","twitterAppDescription":"","twitterAppIphoneName":"","twitterAppIphoneID":"","twitterAppIphoneUrl":"","twitterAppIpadName":"","twitterAppIpadID":"","twitterAppIpadUrl":"","twitterAppGoogleplayName":"","twitterAppGoogleplayID":"","twitterAppGoogleplayUrl":"","twitterAppCountry":"","robots":{"index":true},"twitterAuthor":"username","primaryTerm":0,"authorName":"OBSAdmin","titleTemplate":"%title% %sep% %sitename%","descriptionTemplate":"%excerpt%","showScoreFrontend":true,"lockModifiedDate":false},"powerWords":[],"diacritics":{"A":"[\\u0041\\u24B6\\uFF21\\u00C0\\u00C1\\u00C2\\u1EA6\\u1EA4\\u1EAA\\u1EA8\\u00C3\\u0100\\u0102\\u1EB0\\u1EAE\\u1EB4\\u1EB2\\u0226\\u01E0\\u00C4\\u01DE\\u1EA2\\u00C5\\u01FA\\u01CD\\u0200\\u0202\\u1EA0\\u1EAC\\u1EB6\\u1E00\\u0104\\u023A\\u2C6F]","AA":"[\\uA732]","AE":"[\\u00C6\\u01FC\\u01E2]","AO":"[\\uA734]","AU":"[\\uA736]","AV":"[\\uA738\\uA73A]","AY":"[\\uA73C]","B":"[\\u0042\\u24B7\\uFF22\\u1E02\\u1E04\\u1E06\\u0243\\u0182\\u0181]","C":"[\\u0043\\u24B8\\uFF23\\u0106\\u0108\\u010A\\u010C\\u00C7\\u1E08\\u0187\\u023B\\uA73E]","D":"[\\u0044\\u24B9\\uFF24\\u1E0A\\u010E\\u1E0C\\u1E10\\u1E12\\u1E0E\\u0110\\u018B\\u018A\\u0189\\uA779]","DZ":"[\\u01F1\\u01C4]","Dz":"[\\u01F2\\u01C5]","E":"[\\u0045\\u24BA\\uFF25\\u00C8\\u00C9\\u00CA\\u1EC0\\u1EBE\\u1EC4\\u1EC2\\u1EBC\\u0112\\u1E14\\u1E16\\u0114\\u0116\\u00CB\\u1EBA\\u011A\\u0204\\u0206\\u1EB8\\u1EC6\\u0228\\u1E1C\\u0118\\u1E18\\u1E1A\\u0190\\u018E]","F":"[\\u0046\\u24BB\\uFF26\\u1E1E\\u0191\\uA77B]","G":"[\\u0047\\u24BC\\uFF27\\u01F4\\u011C\\u1E20\\u011E\\u0120\\u01E6\\u0122\\u01E4\\u0193\\uA7A0\\uA77D\\uA77E]","H":"[\\u0048\\u24BD\\uFF28\\u0124\\u1E22\\u1E26\\u021E\\u1E24\\u1E28\\u1E2A\\u0126\\u2C67\\u2C75\\uA78D]","I":"[\\u0049\\u24BE\\uFF29\\u00CC\\u00CD\\u00CE\\u0128\\u012A\\u012C\\u0130\\u00CF\\u1E2E\\u1EC8\\u01CF\\u0208\\u020A\\u1ECA\\u012E\\u1E2C\\u0197]","J":"[\\u004A\\u24BF\\uFF2A\\u0134\\u0248]","K":"[\\u004B\\u24C0\\uFF2B\\u1E30\\u01E8\\u1E32\\u0136\\u1E34\\u0198\\u2C69\\uA740\\uA742\\uA744\\uA7A2]","L":"[\\u004C\\u24C1\\uFF2C\\u013F\\u0139\\u013D\\u1E36\\u1E38\\u013B\\u1E3C\\u1E3A\\u0141\\u023D\\u2C62\\u2C60\\uA748\\uA746\\uA780]","LJ":"[\\u01C7]","Lj":"[\\u01C8]","M":"[\\u004D\\u24C2\\uFF2D\\u1E3E\\u1E40\\u1E42\\u2C6E\\u019C]","N":"[\\u004E\\u24C3\\uFF2E\\u01F8\\u0143\\u00D1\\u1E44\\u0147\\u1E46\\u0145\\u1E4A\\u1E48\\u0220\\u019D\\uA790\\uA7A4]","NJ":"[\\u01CA]","Nj":"[\\u01CB]","O":"[\\u004F\\u24C4\\uFF2F\\u00D2\\u00D3\\u00D4\\u1ED2\\u1ED0\\u1ED6\\u1ED4\\u00D5\\u1E4C\\u022C\\u1E4E\\u014C\\u1E50\\u1E52\\u014E\\u022E\\u0230\\u00D6\\u022A\\u1ECE\\u0150\\u01D1\\u020C\\u020E\\u01A0\\u1EDC\\u1EDA\\u1EE0\\u1EDE\\u1EE2\\u1ECC\\u1ED8\\u01EA\\u01EC\\u00D8\\u01FE\\u0186\\u019F\\uA74A\\uA74C]","OI":"[\\u01A2]","OO":"[\\uA74E]","OU":"[\\u0222]","P":"[\\u0050\\u24C5\\uFF30\\u1E54\\u1E56\\u01A4\\u2C63\\uA750\\uA752\\uA754]","Q":"[\\u0051\\u24C6\\uFF31\\uA756\\uA758\\u024A]","R":"[\\u0052\\u24C7\\uFF32\\u0154\\u1E58\\u0158\\u0210\\u0212\\u1E5A\\u1E5C\\u0156\\u1E5E\\u024C\\u2C64\\uA75A\\uA7A6\\uA782]","S":"[\\u0053\\u24C8\\uFF33\\u1E9E\\u015A\\u1E64\\u015C\\u1E60\\u0160\\u1E66\\u1E62\\u1E68\\u0218\\u015E\\u2C7E\\uA7A8\\uA784]","T":"[\\u0054\\u24C9\\uFF34\\u1E6A\\u0164\\u1E6C\\u021A\\u0162\\u1E70\\u1E6E\\u0166\\u01AC\\u01AE\\u023E\\uA786]","TZ":"[\\uA728]","U":"[\\u0055\\u24CA\\uFF35\\u00D9\\u00DA\\u00DB\\u0168\\u1E78\\u016A\\u1E7A\\u016C\\u00DC\\u01DB\\u01D7\\u01D5\\u01D9\\u1EE6\\u016E\\u0170\\u01D3\\u0214\\u0216\\u01AF\\u1EEA\\u1EE8\\u1EEE\\u1EEC\\u1EF0\\u1EE4\\u1E72\\u0172\\u1E76\\u1E74\\u0244]","V":"[\\u0056\\u24CB\\uFF36\\u1E7C\\u1E7E\\u01B2\\uA75E\\u0245]","VY":"[\\uA760]","W":"[\\u0057\\u24CC\\uFF37\\u1E80\\u1E82\\u0174\\u1E86\\u1E84\\u1E88\\u2C72]","X":"[\\u0058\\u24CD\\uFF38\\u1E8A\\u1E8C]","Y":"[\\u0059\\u24CE\\uFF39\\u1EF2\\u00DD\\u0176\\u1EF8\\u0232\\u1E8E\\u0178\\u1EF6\\u1EF4\\u01B3\\u024E\\u1EFE]","Z":"[\\u005A\\u24CF\\uFF3A\\u0179\\u1E90\\u017B\\u017D\\u1E92\\u1E94\\u01B5\\u0224\\u2C7F\\u2C6B\\uA762]","a":"[\\u0061\\u24D0\\uFF41\\u1E9A\\u00E0\\u00E1\\u00E2\\u1EA7\\u1EA5\\u1EAB\\u1EA9\\u00E3\\u0101\\u0103\\u1EB1\\u1EAF\\u1EB5\\u1EB3\\u0227\\u01E1\\u00E4\\u01DF\\u1EA3\\u00E5\\u01FB\\u01CE\\u0201\\u0203\\u1EA1\\u1EAD\\u1EB7\\u1E01\\u0105\\u2C65\\u0250]","aa":"[\\uA733]","ae":"[\\u00E6\\u01FD\\u01E3]","ao":"[\\uA735]","au":"[\\uA737]","av":"[\\uA739\\uA73B]","ay":"[\\uA73D]","b":"[\\u0062\\u24D1\\uFF42\\u1E03\\u1E05\\u1E07\\u0180\\u0183\\u0253]","c":"[\\u0063\\u24D2\\uFF43\\u0107\\u0109\\u010B\\u010D\\u00E7\\u1E09\\u0188\\u023C\\uA73F\\u2184]","d":"[\\u0064\\u24D3\\uFF44\\u1E0B\\u010F\\u1E0D\\u1E11\\u1E13\\u1E0F\\u0111\\u018C\\u0256\\u0257\\uA77A]","dz":"[\\u01F3\\u01C6]","e":"[\\u0065\\u24D4\\uFF45\\u00E8\\u00E9\\u00EA\\u1EC1\\u1EBF\\u1EC5\\u1EC3\\u1EBD\\u0113\\u1E15\\u1E17\\u0115\\u0117\\u00EB\\u1EBB\\u011B\\u0205\\u0207\\u1EB9\\u1EC7\\u0229\\u1E1D\\u0119\\u1E19\\u1E1B\\u0247\\u025B\\u01DD]","f":"[\\u0066\\u24D5\\uFF46\\u1E1F\\u0192\\uA77C]","g":"[\\u0067\\u24D6\\uFF47\\u01F5\\u011D\\u1E21\\u011F\\u0121\\u01E7\\u0123\\u01E5\\u0260\\uA7A1\\u1D79\\uA77F]","h":"[\\u0068\\u24D7\\uFF48\\u0125\\u1E23\\u1E27\\u021F\\u1E25\\u1E29\\u1E2B\\u1E96\\u0127\\u2C68\\u2C76\\u0265]","hv":"[\\u0195]","i":"[\\u0069\\u24D8\\uFF49\\u00EC\\u00ED\\u00EE\\u0129\\u012B\\u012D\\u00EF\\u1E2F\\u1EC9\\u01D0\\u0209\\u020B\\u1ECB\\u012F\\u1E2D\\u0268\\u0131]","j":"[\\u006A\\u24D9\\uFF4A\\u0135\\u01F0\\u0249]","k":"[\\u006B\\u24DA\\uFF4B\\u1E31\\u01E9\\u1E33\\u0137\\u1E35\\u0199\\u2C6A\\uA741\\uA743\\uA745\\uA7A3]","l":"[\\u006C\\u24DB\\uFF4C\\u0140\\u013A\\u013E\\u1E37\\u1E39\\u013C\\u1E3D\\u1E3B\\u017F\\u0142\\u019A\\u026B\\u2C61\\uA749\\uA781\\uA747]","lj":"[\\u01C9]","m":"[\\u006D\\u24DC\\uFF4D\\u1E3F\\u1E41\\u1E43\\u0271\\u026F]","n":"[\\u006E\\u24DD\\uFF4E\\u01F9\\u0144\\u00F1\\u1E45\\u0148\\u1E47\\u0146\\u1E4B\\u1E49\\u019E\\u0272\\u0149\\uA791\\uA7A5]","nj":"[\\u01CC]","o":"[\\u006F\\u24DE\\uFF4F\\u00F2\\u00F3\\u00F4\\u1ED3\\u1ED1\\u1ED7\\u1ED5\\u00F5\\u1E4D\\u022D\\u1E4F\\u014D\\u1E51\\u1E53\\u014F\\u022F\\u0231\\u00F6\\u022B\\u1ECF\\u0151\\u01D2\\u020D\\u020F\\u01A1\\u1EDD\\u1EDB\\u1EE1\\u1EDF\\u1EE3\\u1ECD\\u1ED9\\u01EB\\u01ED\\u00F8\\u01FF\\u0254\\uA74B\\uA74D\\u0275]","oi":"[\\u01A3]","ou":"[\\u0223]","oo":"[\\uA74F]","p":"[\\u0070\\u24DF\\uFF50\\u1E55\\u1E57\\u01A5\\u1D7D\\uA751\\uA753\\uA755]","q":"[\\u0071\\u24E0\\uFF51\\u024B\\uA757\\uA759]","r":"[\\u0072\\u24E1\\uFF52\\u0155\\u1E59\\u0159\\u0211\\u0213\\u1E5B\\u1E5D\\u0157\\u1E5F\\u024D\\u027D\\uA75B\\uA7A7\\uA783]","s":"[\\u0073\\u24E2\\uFF53\\u015B\\u1E65\\u015D\\u1E61\\u0161\\u1E67\\u1E63\\u1E69\\u0219\\u015F\\u023F\\uA7A9\\uA785\\u1E9B]","ss":"[\\u00DF]","t":"[\\u0074\\u24E3\\uFF54\\u1E6B\\u1E97\\u0165\\u1E6D\\u021B\\u0163\\u1E71\\u1E6F\\u0167\\u01AD\\u0288\\u2C66\\uA787]","tz":"[\\uA729]","u":"[\\u0075\\u24E4\\uFF55\\u00F9\\u00FA\\u00FB\\u0169\\u1E79\\u016B\\u1E7B\\u016D\\u00FC\\u01DC\\u01D8\\u01D6\\u01DA\\u1EE7\\u016F\\u0171\\u01D4\\u0215\\u0217\\u01B0\\u1EEB\\u1EE9\\u1EEF\\u1EED\\u1EF1\\u1EE5\\u1E73\\u0173\\u1E77\\u1E75\\u0289]","v":"[\\u0076\\u24E5\\uFF56\\u1E7D\\u1E7F\\u028B\\uA75F\\u028C]","vy":"[\\uA761]","w":"[\\u0077\\u24E6\\uFF57\\u1E81\\u1E83\\u0175\\u1E87\\u1E85\\u1E98\\u1E89\\u2C73]","x":"[\\u0078\\u24E7\\uFF58\\u1E8B\\u1E8D]","y":"[\\u0079\\u24E8\\uFF59\\u1EF3\\u00FD\\u0177\\u1EF9\\u0233\\u1E8F\\u00FF\\u1EF7\\u1E99\\u1EF5\\u01B4\\u024F\\u1EFF]","z":"[\\u007A\\u24E9\\uFF5A\\u017A\\u1E91\\u017C\\u017E\\u1E93\\u1E95\\u01B6\\u0225\\u0240\\u2C6C\\uA763]"},"researchesTests":["contentHasTOC","contentHasShortParagraphs","contentHasAssets","keywordInTitle","keywordInMetaDescription","keywordInPermalink","keywordIn10Percent","keywordInContent","keywordInSubheadings","keywordInImageAlt","keywordDensity","keywordNotUsed","lengthContent","lengthPermalink","linksHasInternal","linksHasExternals","linksNotAllExternals","titleStartWithKeyword","titleSentiment","titleHasPowerWords","titleHasNumber","hasContentAI"],"hasRedirection":true,"hasBreadcrumb":false},"homeUrl":"https:\/\/onlinebettingspace.com\/sk\/","objectID":2500,"objectType":"post","locale":"sk","localeFull":"sk_SK","overlayImages":{"play":{"name":"Play icon","url":"https:\/\/onlinebettingspace.com\/wp-content\/plugins\/seo-by-rank-math\/assets\/admin\/img\/icon-play.png","path":"\/home\/SuperAdmin\/web\/onlinebettingspace.com\/public_html\/wp-content\/plugins\/seo-by-rank-math\/assets\/admin\/img\/icon-play.png","position":"middle_center"},"gif":{"name":"GIF icon","url":"https:\/\/onlinebettingspace.com\/wp-content\/plugins\/seo-by-rank-math\/assets\/admin\/img\/icon-gif.png","path":"\/home\/SuperAdmin\/web\/onlinebettingspace.com\/public_html\/wp-content\/plugins\/seo-by-rank-math\/assets\/admin\/img\/icon-gif.png","position":"middle_center"}},"defautOgImage":"https:\/\/onlinebettingspace.com\/wp-content\/uploads\/2022\/04\/OBS-FULL-LOGO.webp","customPermalinks":true,"isUserRegistered":true,"autoSuggestKeywords":true,"connectSiteUrl":"https:\/\/rankmath.com\/auth?site=https%3A%2F%2Fonlinebettingspace.com%2Fsk%2F&r=https%3A%2F%2Fonlinebettingspace.com%2Fsk%2Fwp-json%2Fwp%2Fv2%2Fpages%2F2500%3Fnonce%3Daafa9d571e","maxTags":5,"trendsIcon":"<svg viewBox=\"0 0 610 610\"><path d=\"M18.85,446,174.32,290.48l58.08,58.08L76.93,504a14.54,14.54,0,0,1-20.55,0L18.83,466.48a14.54,14.54,0,0,1,0-20.55Z\" style=\"fill:#4285f4\"\/><path d=\"M242.65,242.66,377.59,377.6l-47.75,47.75a14.54,14.54,0,0,1-20.55,0L174.37,290.43l47.75-47.75A14.52,14.52,0,0,1,242.65,242.66Z\" style=\"fill:#ea4335\"\/><polygon points=\"319.53 319.53 479.26 159.8 537.34 217.88 377.61 377.62 319.53 319.53\" style=\"fill:#fabb05\"\/><path d=\"M594.26,262.73V118.61h0a16.94,16.94,0,0,0-16.94-16.94H433.2a16.94,16.94,0,0,0-12,28.92L565.34,274.71h0a16.94,16.94,0,0,0,28.92-12Z\" style=\"fill:#34a853\"\/><rect width=\"610\" height=\"610\" style=\"fill:none\"\/><\/svg>","showScore":true,"siteFavIcon":"https:\/\/onlinebettingspace.com\/wp-content\/uploads\/2022\/04\/OBS-LOGO-1.webp","canUser":{"general":false,"advanced":false,"snippet":false,"social":false,"analysis":false,"analytics":false,"content_ai":false},"showKeywordIntent":true,"isPro":false,"is_front_page":false,"trendsUpgradeLink":"https:\/\/rankmath.com\/pricing\/?utm_source=Plugin&utm_medium=CE%20General%20Tab%20Trends&utm_campaign=WP","trendsUpgradeLabel":"Upgrade","trendsPreviewImage":"https:\/\/onlinebettingspace.com\/wp-content\/plugins\/seo-by-rank-math\/assets\/admin\/img\/trends-preview.jpg","currentEditor":false,"homepageData":{"assessor":{"powerWords":[],"diacritics":true,"researchesTests":["contentHasTOC","contentHasShortParagraphs","contentHasAssets","keywordInTitle","keywordInMetaDescription","keywordInPermalink","keywordIn10Percent","keywordInContent","keywordInSubheadings","keywordInImageAlt","keywordDensity","keywordNotUsed","lengthContent","lengthPermalink","linksHasInternal","linksHasExternals","linksNotAllExternals","titleStartWithKeyword","titleSentiment","titleHasPowerWords","titleHasNumber","hasContentAI"],"hasBreadcrumb":false,"serpData":{"title":"%sitename% %page% %sep% %sitedesc%","description":"","titleTemplate":"%sitename% %page% %sep% %sitedesc%","descriptionTemplate":"","focusKeywords":"","breadcrumbTitle":"Home","robots":{"index":true},"advancedRobots":[],"facebookTitle":"","facebookDescription":"","facebookImage":"","facebookImageID":""}}},"tocTitle":"Table of Contents","tocExcludeHeadings":[],"listStyle":"ul"},"_links":{"self":[{"href":"https:\/\/onlinebettingspace.com\/sk\/wp-json\/wp\/v2\/pages\/2500","targetHints":{"allow":["GET"]}}],"collection":[{"href":"https:\/\/onlinebettingspace.com\/sk\/wp-json\/wp\/v2\/pages"}],"about":[{"href":"https:\/\/onlinebettingspace.com\/sk\/wp-json\/wp\/v2\/types\/page"}],"author":[{"embeddable":true,"href":"https:\/\/onlinebettingspace.com\/sk\/wp-json\/wp\/v2\/users\/1"}],"replies":[{"embeddable":true,"href":"https:\/\/onlinebettingspace.com\/sk\/wp-json\/wp\/v2\/comments?post=2500"}],"version-history":[{"count":0,"href":"https:\/\/onlinebettingspace.com\/sk\/wp-json\/wp\/v2\/pages\/2500\/revisions"}],"up":[{"embeddable":true,"href":"https:\/\/onlinebettingspace.com\/sk\/wp-json\/wp\/v2\/pages\/2220"}],"wp:attachment":[{"href":"https:\/\/onlinebettingspace.com\/sk\/wp-json\/wp\/v2\/media?parent=2500"}],"curies":[{"name":"wp","href":"https:\/\/api.w.org\/{rel}","templated":true}]}}