{"id":2497,"date":"2022-08-19T12:32:59","date_gmt":"2022-08-19T09:32:59","guid":{"rendered":"https:\/\/onlinebettingspace.com\/?page_id=2497"},"modified":"2022-08-19T12:32:59","modified_gmt":"2022-08-19T09:32:59","slug":"novomatic","status":"publish","type":"page","link":"https:\/\/onlinebettingspace.com\/sk\/casino-softver\/novomatic\/","title":{"rendered":"NOVOMATIC"},"content":{"rendered":"<section class=\"l-section wpb_row height_medium\"><div class=\"l-section-h i-cf\"><div class=\"g-cols vc_row via_flex valign_top type_default stacking_default\"><div class=\"vc_col-sm-12 wpb_column vc_column_container\"><div class=\"vc_column-inner\"><div class=\"wpb_wrapper\"><div class=\"wpb_text_column\"><div class=\"wpb_wrapper\"><h1>NOVOMATIC SOFTV\u00c9R<\/h1>\n<div>\n<div id=\"breadcrumbsWrap\" class=\"hidden-xs\">\n<div id=\"breadcrumbs\">\n<p><strong>Novomatic<\/strong> je jednou z\u00a0najv\u00e4\u010d\u0161\u00edch technologick\u00fdch spolo\u010dnost\u00ed na svete. Zalo\u017een\u00e1 bola pred tridsiatimi siedmimi rokmi, v\u00a0roku 1980 a\u00a0o\u00a0jej ve\u013ekosti sved\u010d\u00ed to je, \u017ee za minul\u00fd rok dosiahla obrat na \u00farovni 2.3 miliardy eur. Novomatic m\u00e1 svoje pobo\u010dky v\u00a0p\u00e4\u0165desiatich krajin\u00e1ch sveta, v\u00a0ktor\u00fdch zamestn\u00e1va 24-tis\u00edc \u013eud\u00ed a\u00a0svoje produkty dod\u00e1va a\u017e do osemdesiatich kraj\u00edn.<\/p>\n<div>\n<div class=\"readMore\">\n<p>O ak\u00fdch produktoch je re\u010d? Hoci hr\u00e1\u010di ho poznaj\u00fa predov\u0161etk\u00fdm ako v\u00fdvoj\u00e1ra online kas\u00ednov\u00fdch hier a softv\u00e9ru ako tak\u00e9ho, no z\u00e1ber Novomaticu je ove\u013ea \u0161ir\u0161\u00ed. Spolo\u010dnos\u0165 pon\u00faka syst\u00e9my potrebn\u00e9 pre chod kamenn\u00fdch i online kas\u00edn, bezpe\u010dnostn\u00e9 syst\u00e9my, servis pre lot\u00e9rie a anga\u017euje sa aj v oblasti medi\u00e1lnych technol\u00f3gii a podpory marketingov\u00fdch aktiv\u00edt spolo\u010dnost\u00ed.<\/p>\n<h2>HRY NOVOMATICU<\/h2>\n<p>Hry od Novomaticu si m\u00f4\u017eete aktu\u00e1lne zahra\u0165 v\u00a0desiatk\u00e1ch\u00a0<a href=\"\/sk\/kasina-recenzia\" data-track=\"\"><strong>r\u00f4znych online kas\u00edn<\/strong><\/a>. \u0160pecifikom hier, ktor\u00e9 Novomatic kas\u00ednam a\u00a0hr\u00e1\u010dom pon\u00faka je to, \u017ee funguj\u00fa v\u00a0podobe takzvanej instant-play. Znamen\u00e1 to, \u017ee na to, aby si ich hr\u00e1\u010di zahrali si nemusia do svojich zariaden\u00ed s\u0165ahova\u0165 \u017eiadny softv\u00e9r alebo program, s\u00fa pr\u00edstupn\u00e9 okam\u017eite a\u00a0bez \u010fal\u0161\u00edch n\u00e1rokov.<\/p>\n<h2>V\u00ddVOJ HIER NOVOMATICU<\/h2>\n<p>Hoci autorstvo mnoh\u00fdch kas\u00ednov\u00fdch hier je pripisovan\u00e9 Novomaticu, je to len polovi\u010dn\u00e1 pravda. V\u00a0roku 2011 k\u00fapil Novomatic jedn\u00e9ho z\u00a0najv\u00e4\u010d\u0161\u00edch tvorcov online kas\u00ednov\u00fdch hier Greentube a\u00a0zaradil ju do svojho portf\u00f3lia. Touto akviz\u00edciou Greentube nezanikol, ba pr\u00e1ve naopak, pon\u00faka st\u00e1le \u010fal\u0161ie a\u00a0\u010fal\u0161ie nov\u00e9 hry, \u010doho d\u00f4kazom je aj nov\u00fd slot The Charm of the Summer.<\/p>\n<p>Hry, ktor\u00e9 prich\u00e1dzaj\u00fa z\u00a0dielne Novomaticu\/Greentube, maj\u00fa ve\u013ea nen\u00e1padn\u00fdch podobnost\u00ed. Vznikaj\u00fa s\u00a0vyu\u017eit\u00edm HTML5 a\u00a0najmodernej\u0161\u00edch verzii Javy a\u00a0Flashu. V\u00fdvoj\u00e1ri hier si d\u00e1vaj\u00fa z\u00e1le\u017ea\u0165 na tom, aby hry boli \u010do najjednoduch\u0161ie \u2013 znamen\u00e1 to teda, \u017ee neobsahuj\u00fa \u017eiadne komplikovan\u00e9 storyline alebo zlo\u017eit\u00e9 ovl\u00e1danie, \u010do by mohlo hr\u00e1\u010dov odradi\u0165.<\/p>\n<p>Predov\u0161etk\u00fdm automaty Novomaticu sa stali zn\u00e1me v\u010faka \u010dast\u00e9mu vyu\u017e\u00edvaniu bonusov a\u00a0mo\u017enosti dosiahnu\u0165 na ve\u013ek\u00e9 v\u00fdhry. Ve\u013ea hier z\u00a0Novomaticu si vypo\u017ei\u010diava popul\u00e1rne t\u00e9my a\u00a0pr\u00edbehy, ktor\u00e9 s\u00fa hr\u00e1\u010dom v\u0161eobecne zn\u00e1me. A\u00a0spomen\u00fa\u0165 mus\u00edme ur\u010dite aj ve\u013emi \u0161tedr\u00fa n\u00e1vratnos\u0165 (RTP \u2013 return to players), ktor\u00e1 dosahuje aj 98%, \u010do je na automaty ve\u013emi pekn\u00e9 \u010d\u00edslo.<\/p>\n<h2>3-VALCOV\u00c9 A\u00a05-VALCOV\u00c9 AUTOMATY<\/h2>\n<p>A\u017e 82% automatov, teda v\u00a0priemere viac ne\u017e osem z\u00a0desiatich automatov, ktor\u00e9 prich\u00e1dzaj\u00fa od Novomaticu, s\u00fa 5-valcov\u00e9 automaty. Je to pochopite\u013en\u00e9, automaty s\u00a0piatimi valcami patria st\u00e1le medzi tie najpopul\u00e1rnej\u0161ie automaty a\u00a0to napriek tomu, \u017ee dnes pozn\u00e1me aj automaty s\u00a0v\u00e4\u010d\u0161\u00edm po\u010dtom valcov. Piatimi valcami disponuje aj v\u00a0pomere k\u00a0celkov\u00e9mu po\u010dtu mal\u00e1 h\u0155stka automatov s\u00a0progres\u00edvnymi jackpotmi,<\/p>\n<p>Novomatic nepon\u00faka ve\u013ea slotov s\u00a0navy\u0161uj\u00facimi sa jackpotmi, no v\u00a0t\u00fdch, ktor\u00e9 m\u00e1 sa d\u00e1 vyhra\u0165 od nieko\u013eko tis\u00edc a\u017e po nieko\u013eko stotis\u00edc eur, v\u00a0niektor\u00fdch pr\u00edpadoch aj viac ako jeden mili\u00f3n eur. Najzn\u00e1mej\u0161\u00edm z\u00a0nich je automat Golden Sevens, v\u00a0ktorom sa jedn\u00e9mu hr\u00e1\u010dovi podarilo v\u00a0m\u00e1ji 2017 vyhra\u0165 viac ne\u017e \u20ac1.3 mili\u00f3na eur. 3-valcov\u00e9 automaty pritom zastupuj\u00fa len ve\u013emi mal\u00e9 percento hier, ktor\u00e9 od Novomaticu prich\u00e1dzaj\u00fa a\u00a0\u010dasto sa s\u00a0nimi nestretnete.<\/p>\n<h2>VIDEO AUTOMATY<\/h2>\n<p>To, \u010do spravilo z\u00a0Novomaticu tak zn\u00e1mu zna\u010dku medzi online casino hr\u00e1\u010dmi s\u00fa ich video automaty. Do dne\u0161n\u00e9ho d\u0148a ich Novomatic predstavil viac ne\u017e 237 a\u00a0to v\u00a0r\u00f4znych variant\u00e1ch. Nie s\u00fa to len klasick\u00e9 p\u00e4\u0165valcov\u00e9 video automaty, ale z\u00a0dielne Novomaticu u\u017e vy\u0161li aj troj, \u0161tvor, \u0161es\u0165, sedem, desa\u0165 a\u00a0viac valcov\u00e9 sloty. Z\u00a0ich dielne poch\u00e1dzaj\u00fa tak zn\u00e1me automaty ako\u00a0<a href=\"\/sk\/hracie-automaty\/lucky-ladys-charm-deluxe\" data-track=\"\"><strong>Lucky Lady\u00b4s Charm<\/strong><\/a>,\u00a0<a href=\"\/sk\/hracie-automaty\/book-of-ra\" data-track=\"\"><strong>Book of Ra<\/strong><\/a>,\u00a0<a href=\"\/sk\/hracie-automaty\/lord-of-the-ocean\" data-track=\"\"><strong>Lord of the Ocean<\/strong><\/a>,\u00a0<a href=\"\/sk\/hracie-automaty\/sizzling-hot-deluxe\" data-track=\"\"><strong>Sizzling Hot Deluxe<\/strong><\/a>\u00a0\u010di Mega Joker.<\/p>\n<h2>STOLN\u00c9 HRY<\/h2>\n<p>Hoci Novomatic a\u00a0jeho div\u00edzie sa \u0161pecializuj\u00fa predov\u0161etk\u00fdm na v\u00fdvoj video automatov, ned\u00e1 sa poveda\u0165, \u017ee z\u00a0ich dieln\u00ed nevy\u0161li ani stoln\u00e9 hry. \u010ci u\u017e hovor\u00edme o\u00a0<a href=\"\/sk\/blackjack\" data-track=\"\"><strong>Blackjacku<\/strong><\/a>,\u00a0<a href=\"\/sk\/ruleta\" data-track=\"\"><strong>Rulete<\/strong><\/a>\u00a0alebo Baccaratu, tieto hry s\u00fa dostupn\u00e9 ako v\u00a0r\u00e1mci live, tak aj online kas\u00edn. Pripravte sa v\u0161ak na to, \u017ee v\u00a0ponuke kas\u00edn nemusia by\u0165 v\u0161etky varianty t\u00fdchto hier, ke\u010f\u017ee predsa len Novomatic je viac orientovan\u00fd na automaty.<\/p>\n<h2>\u017dIV\u00c9 STOLN\u00c9 HRY<\/h2>\n<p>Ke\u010f hovor\u00edme o\u00a0live casino produktoch Novomaticu, mus\u00edme hne\u010f na \u00favod spomen\u00fa\u0165, \u017ee jednou z\u00a0div\u00edzii tejto spolo\u010dnosti je aj Extreme Live Gaming, mladu\u010dk\u00e1 spolo\u010dnos\u0165, ktor\u00fa si Novomatic vzdal pod svoje kr\u00eddla u\u017e po roku od svojho vzniku. Cie\u013eom Extreme Live Gaming bolo a\u00a0st\u00e1le aj je prin\u00e1\u0161a jedine\u010dn\u00fd, unik\u00e1tny a\u00a0prelomov\u00fd z\u00e1\u017eitok v\u00a0oblasti\u00a0<a href=\"\/sk\/live-casino\" data-track=\"\"><strong>live kas\u00ednov\u00fdch hier<\/strong><\/a>, \u00faplne odli\u0161n\u00fd od dovtedaj\u0161\u00edch sk\u00fasenost\u00ed hr\u00e1\u010dov.<\/p>\n<p>\u017div\u00e9 stoln\u00e9 kas\u00ednov\u00e9 hry od Novomaticu predstavuj\u00fa kombin\u00e1ciu vyu\u017eitia najmodernej\u0161\u00edch technol\u00f3gii v\u00a0spojen\u00ed s\u00a0profesion\u00e1lnymi dealermi. Takto sa d\u00e1 z\u00a0pohodlia domova hra\u0165 Ruleta, Blackjack alebo Baccarat. Hry s\u00fa navy\u0161e dostupn\u00e9 v\u00a0r\u00f4znych variant\u00e1ch a\u00a0s\u00a0r\u00f4znymi v\u00fd\u0161kami st\u00e1vok, \u010d\u00edm sa Novomatic sna\u017e\u00ed naplno uspokoji\u0165 dopyt hr\u00e1\u010dov. Novomatic usilovne pracuje aj na tom, aby sa bud\u00facnos\u0165ou online hrania stalo hranie v\u00a0live kas\u00ednach prostredn\u00edctvom tabletov a\u00a0mobiln\u00fdch telef\u00f3nov.<\/p>\n<h2>BEZPE\u010cNOS\u0164 A\u00a0F\u00c9ROVOS\u0164 SOFTV\u00c9RU<\/h2>\n<p>Hoci bezpe\u010dnos\u0165 spad\u00e1 na plecia online kas\u00edn, ktor\u00e9 hry pon\u00fakaj\u00fa, i\u00a0s\u00e1m Novomatic ako ten, ktor\u00fd hry kas\u00ednam dod\u00e1va, nijako nepodce\u0148uje ot\u00e1zky bezpe\u010dnosti a\u00a0f\u00e9rovosti. Spolo\u010dnos\u0165 je dr\u017eite\u013eom viacer\u00fdch licencii a\u00a0dodr\u017eiava i\u00a0pr\u00edsne nariadenia rak\u00faskeho Datenschutzgesetz, teda z\u00e1kona o\u00a0ochrane d\u00e1t a\u00a0inform\u00e1cii. S\u00e1m Novomatic sa py\u0161n\u00ed t\u00fdm, \u017ee jeho hry a\u00a0produkty sp\u013a\u0148aj\u00fa tie najpr\u00edsnej\u0161ie\u00a0<a href=\"\/sk\/bezpecne-online-casino\" data-track=\"\"><strong>n\u00e1roky na bezpe\u010dnos\u0165<\/strong><\/a>. Jeho hry b\u00fdvaj\u00fa nez\u00e1visle testovan\u00e9 auditormi, ktor\u00ed dokazuj\u00fa, \u017ee v\u00fdsledky zato\u010den\u00ed alebo rozdan\u00ed kariet s\u00fa v\u017edy n\u00e1hodn\u00e9.<\/p>\n<h2>JAZYKY PODPOROVAN\u00c9 HRAMI NOVOMATICU<\/h2>\n<p>Hoci Novomatic je rak\u00faska firma a\u00a0s\u00a0jej produktami sa stretneme aj na Slovensku, prim\u00e1rne podporovan\u00fdm jazykom zost\u00e1va angli\u010dtina. V\u010faka tomu, \u017ee hry s\u00fa postaven\u00e9 tak, aby boli po str\u00e1nke hrate\u013enosti \u010do najjednoduch\u0161ie, ani cudz\u00ed jazyk by nemal predstavova\u0165 probl\u00e9m pre to, aby ste si hry Novomaticu zahrali v\u00a0niektorom z\u00a0online kas\u00edn.<\/p>\n<h2>SUM\u00c1R<\/h2>\n<p>Rak\u00faska spolo\u010dnos\u0165 Novomatic patr\u00ed medzi najv\u00e4\u010d\u0161\u00edch gigantov v\u00a0oblasti online z\u00e1bavy. Pon\u00faka stovky hier desiatk\u00e1m online kas\u00edn, zamestn\u00e1va 24-tis\u00edc \u013eud\u00ed a\u00a0jej obrat po\u010d\u00edtame v\u00a0miliard\u00e1ch eur. Novomatic sa s\u00fastred\u00ed predov\u0161etk\u00fdm na v\u00fdvoj v\u00a0oblasti video automatov. V\u00a0preva\u017enej miere uv\u00e1dza na trh tie najpopul\u00e1rnej\u0161ie 5-valcov\u00e9 automaty. Niektor\u00e9 z\u00a0nich pon\u00fakaj\u00fa aj progres\u00edvny jackpot.<\/p>\n<p>Popri automatoch spolo\u010dnos\u0165, s\u00edce v\u00a0men\u0161ej miere, ale predsa, uv\u00e1dza na trh aj stoln\u00e9 hry vr\u00e1tane najpopul\u00e1rnej\u0161ej trojice Ruleta, Baccarat a\u00a0Blackjack. Tieto hry si m\u00f4\u017eete zahra\u0165 nielen v\u00a0online kas\u00ednach, ale aj prostredn\u00edctvom live casina. Kas\u00edno neust\u00e1le predstavuje nov\u00e9 a\u00a0nov\u00e9 hry, ktor\u00fdmi si udr\u017euje svoju poz\u00edciu na silne konkuren\u010dnom trhu. Hra\u0165 Novomatic hry znamen\u00e1 hra\u0165 to najlep\u0161ie, \u010do online kas\u00edna pon\u00fakaj\u00fa.<\/p>\n<\/div>\n<p>&nbsp;<\/p>\n<\/div>\n<\/div>\n<\/div>\n<\/div>\n<\/div><\/div><\/div><\/div><\/div><\/div><\/div><\/section>\n","protected":false},"excerpt":{"rendered":"NOVOMATIC SOFTV\u00c9R Novomatic je jednou z\u00a0najv\u00e4\u010d\u0161\u00edch technologick\u00fdch spolo\u010dnost\u00ed na svete. Zalo\u017een\u00e1 bola pred tridsiatimi siedmimi rokmi, v\u00a0roku 1980 a\u00a0o\u00a0jej ve\u013ekosti sved\u010d\u00ed to je, \u017ee za minul\u00fd rok dosiahla obrat na \u00farovni 2.3 miliardy eur. Novomatic m\u00e1 svoje pobo\u010dky v\u00a0p\u00e4\u0165desiatich krajin\u00e1ch sveta, v\u00a0ktor\u00fdch zamestn\u00e1va 24-tis\u00edc \u013eud\u00ed a\u00a0svoje produkty dod\u00e1va a\u017e do osemdesiatich kraj\u00edn. O ak\u00fdch produktoch...","protected":false},"author":1,"featured_media":0,"parent":2475,"menu_order":0,"comment_status":"closed","ping_status":"closed","template":"","meta":{"_acf_changed":false,"footnotes":""},"class_list":["post-2497","page","type-page","status-publish","hentry"],"acf":[],"rankMath":{"parentDomain":"onlinebettingspace.com","noFollowDomains":[],"noFollowExcludeDomains":[],"noFollowExternalLinks":false,"featuredImageNotice":"The featured image should be at least 200 by 200 pixels to be picked up by Facebook and other social media sites.","pluginReviewed":true,"postSettings":{"linkSuggestions":true,"useFocusKeyword":false},"frontEndScore":false,"postName":"novomatic","permalinkFormat":"https:\/\/onlinebettingspace.com\/sk\/%pagename%\/","showLockModifiedDate":true,"assessor":{"focusKeywordLink":"https:\/\/onlinebettingspace.com\/wp-admin\/edit.php?focus_keyword=%focus_keyword%&post_type=%post_type%","hasTOCPlugin":false,"primaryTaxonomy":false,"serpData":{"title":"Novomatic softv\u00e9r \u2013 To najlep\u0161ie pre hr\u00e1\u010dov a kas\u00edna","description":"Spolo\u010dnos\u0165 Novomatic je autorom stoviek hier, ktor\u00e9 si m\u00f4\u017eete zahra\u0165 v online kas\u00ednach. V preva\u017enej miere s\u00fa to video automaty s jednoduch\u00fdm ovl\u00e1dan\u00edm.","focusKeywords":"","pillarContent":false,"canonicalUrl":"","breadcrumbTitle":"","advancedRobots":[],"facebookTitle":"","facebookDescription":"","facebookImage":"","facebookImageID":"","facebookHasOverlay":false,"facebookImageOverlay":"","facebookAuthor":"","twitterCardType":"","twitterUseFacebook":true,"twitterTitle":"","twitterDescription":"","twitterImage":"","twitterImageID":"","twitterHasOverlay":false,"twitterImageOverlay":"","twitterPlayerUrl":"","twitterPlayerSize":"","twitterPlayerStream":"","twitterPlayerStreamCtype":"","twitterAppDescription":"","twitterAppIphoneName":"","twitterAppIphoneID":"","twitterAppIphoneUrl":"","twitterAppIpadName":"","twitterAppIpadID":"","twitterAppIpadUrl":"","twitterAppGoogleplayName":"","twitterAppGoogleplayID":"","twitterAppGoogleplayUrl":"","twitterAppCountry":"","robots":{"index":true},"twitterAuthor":"username","primaryTerm":0,"authorName":"OBSAdmin","titleTemplate":"%title% %sep% %sitename%","descriptionTemplate":"%excerpt%","showScoreFrontend":true,"lockModifiedDate":false},"powerWords":[],"diacritics":{"A":"[\\u0041\\u24B6\\uFF21\\u00C0\\u00C1\\u00C2\\u1EA6\\u1EA4\\u1EAA\\u1EA8\\u00C3\\u0100\\u0102\\u1EB0\\u1EAE\\u1EB4\\u1EB2\\u0226\\u01E0\\u00C4\\u01DE\\u1EA2\\u00C5\\u01FA\\u01CD\\u0200\\u0202\\u1EA0\\u1EAC\\u1EB6\\u1E00\\u0104\\u023A\\u2C6F]","AA":"[\\uA732]","AE":"[\\u00C6\\u01FC\\u01E2]","AO":"[\\uA734]","AU":"[\\uA736]","AV":"[\\uA738\\uA73A]","AY":"[\\uA73C]","B":"[\\u0042\\u24B7\\uFF22\\u1E02\\u1E04\\u1E06\\u0243\\u0182\\u0181]","C":"[\\u0043\\u24B8\\uFF23\\u0106\\u0108\\u010A\\u010C\\u00C7\\u1E08\\u0187\\u023B\\uA73E]","D":"[\\u0044\\u24B9\\uFF24\\u1E0A\\u010E\\u1E0C\\u1E10\\u1E12\\u1E0E\\u0110\\u018B\\u018A\\u0189\\uA779]","DZ":"[\\u01F1\\u01C4]","Dz":"[\\u01F2\\u01C5]","E":"[\\u0045\\u24BA\\uFF25\\u00C8\\u00C9\\u00CA\\u1EC0\\u1EBE\\u1EC4\\u1EC2\\u1EBC\\u0112\\u1E14\\u1E16\\u0114\\u0116\\u00CB\\u1EBA\\u011A\\u0204\\u0206\\u1EB8\\u1EC6\\u0228\\u1E1C\\u0118\\u1E18\\u1E1A\\u0190\\u018E]","F":"[\\u0046\\u24BB\\uFF26\\u1E1E\\u0191\\uA77B]","G":"[\\u0047\\u24BC\\uFF27\\u01F4\\u011C\\u1E20\\u011E\\u0120\\u01E6\\u0122\\u01E4\\u0193\\uA7A0\\uA77D\\uA77E]","H":"[\\u0048\\u24BD\\uFF28\\u0124\\u1E22\\u1E26\\u021E\\u1E24\\u1E28\\u1E2A\\u0126\\u2C67\\u2C75\\uA78D]","I":"[\\u0049\\u24BE\\uFF29\\u00CC\\u00CD\\u00CE\\u0128\\u012A\\u012C\\u0130\\u00CF\\u1E2E\\u1EC8\\u01CF\\u0208\\u020A\\u1ECA\\u012E\\u1E2C\\u0197]","J":"[\\u004A\\u24BF\\uFF2A\\u0134\\u0248]","K":"[\\u004B\\u24C0\\uFF2B\\u1E30\\u01E8\\u1E32\\u0136\\u1E34\\u0198\\u2C69\\uA740\\uA742\\uA744\\uA7A2]","L":"[\\u004C\\u24C1\\uFF2C\\u013F\\u0139\\u013D\\u1E36\\u1E38\\u013B\\u1E3C\\u1E3A\\u0141\\u023D\\u2C62\\u2C60\\uA748\\uA746\\uA780]","LJ":"[\\u01C7]","Lj":"[\\u01C8]","M":"[\\u004D\\u24C2\\uFF2D\\u1E3E\\u1E40\\u1E42\\u2C6E\\u019C]","N":"[\\u004E\\u24C3\\uFF2E\\u01F8\\u0143\\u00D1\\u1E44\\u0147\\u1E46\\u0145\\u1E4A\\u1E48\\u0220\\u019D\\uA790\\uA7A4]","NJ":"[\\u01CA]","Nj":"[\\u01CB]","O":"[\\u004F\\u24C4\\uFF2F\\u00D2\\u00D3\\u00D4\\u1ED2\\u1ED0\\u1ED6\\u1ED4\\u00D5\\u1E4C\\u022C\\u1E4E\\u014C\\u1E50\\u1E52\\u014E\\u022E\\u0230\\u00D6\\u022A\\u1ECE\\u0150\\u01D1\\u020C\\u020E\\u01A0\\u1EDC\\u1EDA\\u1EE0\\u1EDE\\u1EE2\\u1ECC\\u1ED8\\u01EA\\u01EC\\u00D8\\u01FE\\u0186\\u019F\\uA74A\\uA74C]","OI":"[\\u01A2]","OO":"[\\uA74E]","OU":"[\\u0222]","P":"[\\u0050\\u24C5\\uFF30\\u1E54\\u1E56\\u01A4\\u2C63\\uA750\\uA752\\uA754]","Q":"[\\u0051\\u24C6\\uFF31\\uA756\\uA758\\u024A]","R":"[\\u0052\\u24C7\\uFF32\\u0154\\u1E58\\u0158\\u0210\\u0212\\u1E5A\\u1E5C\\u0156\\u1E5E\\u024C\\u2C64\\uA75A\\uA7A6\\uA782]","S":"[\\u0053\\u24C8\\uFF33\\u1E9E\\u015A\\u1E64\\u015C\\u1E60\\u0160\\u1E66\\u1E62\\u1E68\\u0218\\u015E\\u2C7E\\uA7A8\\uA784]","T":"[\\u0054\\u24C9\\uFF34\\u1E6A\\u0164\\u1E6C\\u021A\\u0162\\u1E70\\u1E6E\\u0166\\u01AC\\u01AE\\u023E\\uA786]","TZ":"[\\uA728]","U":"[\\u0055\\u24CA\\uFF35\\u00D9\\u00DA\\u00DB\\u0168\\u1E78\\u016A\\u1E7A\\u016C\\u00DC\\u01DB\\u01D7\\u01D5\\u01D9\\u1EE6\\u016E\\u0170\\u01D3\\u0214\\u0216\\u01AF\\u1EEA\\u1EE8\\u1EEE\\u1EEC\\u1EF0\\u1EE4\\u1E72\\u0172\\u1E76\\u1E74\\u0244]","V":"[\\u0056\\u24CB\\uFF36\\u1E7C\\u1E7E\\u01B2\\uA75E\\u0245]","VY":"[\\uA760]","W":"[\\u0057\\u24CC\\uFF37\\u1E80\\u1E82\\u0174\\u1E86\\u1E84\\u1E88\\u2C72]","X":"[\\u0058\\u24CD\\uFF38\\u1E8A\\u1E8C]","Y":"[\\u0059\\u24CE\\uFF39\\u1EF2\\u00DD\\u0176\\u1EF8\\u0232\\u1E8E\\u0178\\u1EF6\\u1EF4\\u01B3\\u024E\\u1EFE]","Z":"[\\u005A\\u24CF\\uFF3A\\u0179\\u1E90\\u017B\\u017D\\u1E92\\u1E94\\u01B5\\u0224\\u2C7F\\u2C6B\\uA762]","a":"[\\u0061\\u24D0\\uFF41\\u1E9A\\u00E0\\u00E1\\u00E2\\u1EA7\\u1EA5\\u1EAB\\u1EA9\\u00E3\\u0101\\u0103\\u1EB1\\u1EAF\\u1EB5\\u1EB3\\u0227\\u01E1\\u00E4\\u01DF\\u1EA3\\u00E5\\u01FB\\u01CE\\u0201\\u0203\\u1EA1\\u1EAD\\u1EB7\\u1E01\\u0105\\u2C65\\u0250]","aa":"[\\uA733]","ae":"[\\u00E6\\u01FD\\u01E3]","ao":"[\\uA735]","au":"[\\uA737]","av":"[\\uA739\\uA73B]","ay":"[\\uA73D]","b":"[\\u0062\\u24D1\\uFF42\\u1E03\\u1E05\\u1E07\\u0180\\u0183\\u0253]","c":"[\\u0063\\u24D2\\uFF43\\u0107\\u0109\\u010B\\u010D\\u00E7\\u1E09\\u0188\\u023C\\uA73F\\u2184]","d":"[\\u0064\\u24D3\\uFF44\\u1E0B\\u010F\\u1E0D\\u1E11\\u1E13\\u1E0F\\u0111\\u018C\\u0256\\u0257\\uA77A]","dz":"[\\u01F3\\u01C6]","e":"[\\u0065\\u24D4\\uFF45\\u00E8\\u00E9\\u00EA\\u1EC1\\u1EBF\\u1EC5\\u1EC3\\u1EBD\\u0113\\u1E15\\u1E17\\u0115\\u0117\\u00EB\\u1EBB\\u011B\\u0205\\u0207\\u1EB9\\u1EC7\\u0229\\u1E1D\\u0119\\u1E19\\u1E1B\\u0247\\u025B\\u01DD]","f":"[\\u0066\\u24D5\\uFF46\\u1E1F\\u0192\\uA77C]","g":"[\\u0067\\u24D6\\uFF47\\u01F5\\u011D\\u1E21\\u011F\\u0121\\u01E7\\u0123\\u01E5\\u0260\\uA7A1\\u1D79\\uA77F]","h":"[\\u0068\\u24D7\\uFF48\\u0125\\u1E23\\u1E27\\u021F\\u1E25\\u1E29\\u1E2B\\u1E96\\u0127\\u2C68\\u2C76\\u0265]","hv":"[\\u0195]","i":"[\\u0069\\u24D8\\uFF49\\u00EC\\u00ED\\u00EE\\u0129\\u012B\\u012D\\u00EF\\u1E2F\\u1EC9\\u01D0\\u0209\\u020B\\u1ECB\\u012F\\u1E2D\\u0268\\u0131]","j":"[\\u006A\\u24D9\\uFF4A\\u0135\\u01F0\\u0249]","k":"[\\u006B\\u24DA\\uFF4B\\u1E31\\u01E9\\u1E33\\u0137\\u1E35\\u0199\\u2C6A\\uA741\\uA743\\uA745\\uA7A3]","l":"[\\u006C\\u24DB\\uFF4C\\u0140\\u013A\\u013E\\u1E37\\u1E39\\u013C\\u1E3D\\u1E3B\\u017F\\u0142\\u019A\\u026B\\u2C61\\uA749\\uA781\\uA747]","lj":"[\\u01C9]","m":"[\\u006D\\u24DC\\uFF4D\\u1E3F\\u1E41\\u1E43\\u0271\\u026F]","n":"[\\u006E\\u24DD\\uFF4E\\u01F9\\u0144\\u00F1\\u1E45\\u0148\\u1E47\\u0146\\u1E4B\\u1E49\\u019E\\u0272\\u0149\\uA791\\uA7A5]","nj":"[\\u01CC]","o":"[\\u006F\\u24DE\\uFF4F\\u00F2\\u00F3\\u00F4\\u1ED3\\u1ED1\\u1ED7\\u1ED5\\u00F5\\u1E4D\\u022D\\u1E4F\\u014D\\u1E51\\u1E53\\u014F\\u022F\\u0231\\u00F6\\u022B\\u1ECF\\u0151\\u01D2\\u020D\\u020F\\u01A1\\u1EDD\\u1EDB\\u1EE1\\u1EDF\\u1EE3\\u1ECD\\u1ED9\\u01EB\\u01ED\\u00F8\\u01FF\\u0254\\uA74B\\uA74D\\u0275]","oi":"[\\u01A3]","ou":"[\\u0223]","oo":"[\\uA74F]","p":"[\\u0070\\u24DF\\uFF50\\u1E55\\u1E57\\u01A5\\u1D7D\\uA751\\uA753\\uA755]","q":"[\\u0071\\u24E0\\uFF51\\u024B\\uA757\\uA759]","r":"[\\u0072\\u24E1\\uFF52\\u0155\\u1E59\\u0159\\u0211\\u0213\\u1E5B\\u1E5D\\u0157\\u1E5F\\u024D\\u027D\\uA75B\\uA7A7\\uA783]","s":"[\\u0073\\u24E2\\uFF53\\u015B\\u1E65\\u015D\\u1E61\\u0161\\u1E67\\u1E63\\u1E69\\u0219\\u015F\\u023F\\uA7A9\\uA785\\u1E9B]","ss":"[\\u00DF]","t":"[\\u0074\\u24E3\\uFF54\\u1E6B\\u1E97\\u0165\\u1E6D\\u021B\\u0163\\u1E71\\u1E6F\\u0167\\u01AD\\u0288\\u2C66\\uA787]","tz":"[\\uA729]","u":"[\\u0075\\u24E4\\uFF55\\u00F9\\u00FA\\u00FB\\u0169\\u1E79\\u016B\\u1E7B\\u016D\\u00FC\\u01DC\\u01D8\\u01D6\\u01DA\\u1EE7\\u016F\\u0171\\u01D4\\u0215\\u0217\\u01B0\\u1EEB\\u1EE9\\u1EEF\\u1EED\\u1EF1\\u1EE5\\u1E73\\u0173\\u1E77\\u1E75\\u0289]","v":"[\\u0076\\u24E5\\uFF56\\u1E7D\\u1E7F\\u028B\\uA75F\\u028C]","vy":"[\\uA761]","w":"[\\u0077\\u24E6\\uFF57\\u1E81\\u1E83\\u0175\\u1E87\\u1E85\\u1E98\\u1E89\\u2C73]","x":"[\\u0078\\u24E7\\uFF58\\u1E8B\\u1E8D]","y":"[\\u0079\\u24E8\\uFF59\\u1EF3\\u00FD\\u0177\\u1EF9\\u0233\\u1E8F\\u00FF\\u1EF7\\u1E99\\u1EF5\\u01B4\\u024F\\u1EFF]","z":"[\\u007A\\u24E9\\uFF5A\\u017A\\u1E91\\u017C\\u017E\\u1E93\\u1E95\\u01B6\\u0225\\u0240\\u2C6C\\uA763]"},"researchesTests":["contentHasTOC","contentHasShortParagraphs","contentHasAssets","keywordInTitle","keywordInMetaDescription","keywordInPermalink","keywordIn10Percent","keywordInContent","keywordInSubheadings","keywordInImageAlt","keywordDensity","keywordNotUsed","lengthContent","lengthPermalink","linksHasInternal","linksHasExternals","linksNotAllExternals","titleStartWithKeyword","titleSentiment","titleHasPowerWords","titleHasNumber","hasContentAI"],"hasRedirection":true,"hasBreadcrumb":false},"homeUrl":"https:\/\/onlinebettingspace.com\/sk\/","objectID":2497,"objectType":"post","locale":"sk","localeFull":"sk_SK","overlayImages":{"play":{"name":"Play icon","url":"https:\/\/onlinebettingspace.com\/wp-content\/plugins\/seo-by-rank-math\/assets\/admin\/img\/icon-play.png","path":"\/home\/SuperAdmin\/web\/onlinebettingspace.com\/public_html\/wp-content\/plugins\/seo-by-rank-math\/assets\/admin\/img\/icon-play.png","position":"middle_center"},"gif":{"name":"GIF icon","url":"https:\/\/onlinebettingspace.com\/wp-content\/plugins\/seo-by-rank-math\/assets\/admin\/img\/icon-gif.png","path":"\/home\/SuperAdmin\/web\/onlinebettingspace.com\/public_html\/wp-content\/plugins\/seo-by-rank-math\/assets\/admin\/img\/icon-gif.png","position":"middle_center"}},"defautOgImage":"https:\/\/onlinebettingspace.com\/wp-content\/uploads\/2022\/04\/OBS-FULL-LOGO.webp","customPermalinks":true,"isUserRegistered":true,"autoSuggestKeywords":true,"connectSiteUrl":"https:\/\/rankmath.com\/auth?site=https%3A%2F%2Fonlinebettingspace.com%2Fsk%2F&r=https%3A%2F%2Fonlinebettingspace.com%2Fsk%2Fwp-json%2Fwp%2Fv2%2Fpages%2F2497%3Fnonce%3Daafa9d571e","maxTags":5,"trendsIcon":"<svg viewBox=\"0 0 610 610\"><path d=\"M18.85,446,174.32,290.48l58.08,58.08L76.93,504a14.54,14.54,0,0,1-20.55,0L18.83,466.48a14.54,14.54,0,0,1,0-20.55Z\" style=\"fill:#4285f4\"\/><path d=\"M242.65,242.66,377.59,377.6l-47.75,47.75a14.54,14.54,0,0,1-20.55,0L174.37,290.43l47.75-47.75A14.52,14.52,0,0,1,242.65,242.66Z\" style=\"fill:#ea4335\"\/><polygon points=\"319.53 319.53 479.26 159.8 537.34 217.88 377.61 377.62 319.53 319.53\" style=\"fill:#fabb05\"\/><path d=\"M594.26,262.73V118.61h0a16.94,16.94,0,0,0-16.94-16.94H433.2a16.94,16.94,0,0,0-12,28.92L565.34,274.71h0a16.94,16.94,0,0,0,28.92-12Z\" style=\"fill:#34a853\"\/><rect width=\"610\" height=\"610\" style=\"fill:none\"\/><\/svg>","showScore":true,"siteFavIcon":"https:\/\/onlinebettingspace.com\/wp-content\/uploads\/2022\/04\/OBS-LOGO-1.webp","canUser":{"general":false,"advanced":false,"snippet":false,"social":false,"analysis":false,"analytics":false,"content_ai":false},"showKeywordIntent":true,"isPro":false,"is_front_page":false,"trendsUpgradeLink":"https:\/\/rankmath.com\/pricing\/?utm_source=Plugin&utm_medium=CE%20General%20Tab%20Trends&utm_campaign=WP","trendsUpgradeLabel":"Upgrade","trendsPreviewImage":"https:\/\/onlinebettingspace.com\/wp-content\/plugins\/seo-by-rank-math\/assets\/admin\/img\/trends-preview.jpg","currentEditor":false,"homepageData":{"assessor":{"powerWords":[],"diacritics":true,"researchesTests":["contentHasTOC","contentHasShortParagraphs","contentHasAssets","keywordInTitle","keywordInMetaDescription","keywordInPermalink","keywordIn10Percent","keywordInContent","keywordInSubheadings","keywordInImageAlt","keywordDensity","keywordNotUsed","lengthContent","lengthPermalink","linksHasInternal","linksHasExternals","linksNotAllExternals","titleStartWithKeyword","titleSentiment","titleHasPowerWords","titleHasNumber","hasContentAI"],"hasBreadcrumb":false,"serpData":{"title":"%sitename% %page% %sep% %sitedesc%","description":"","titleTemplate":"%sitename% %page% %sep% %sitedesc%","descriptionTemplate":"","focusKeywords":"","breadcrumbTitle":"Home","robots":{"index":true},"advancedRobots":[],"facebookTitle":"","facebookDescription":"","facebookImage":"","facebookImageID":""}}},"tocTitle":"Table of Contents","tocExcludeHeadings":[],"listStyle":"ul"},"_links":{"self":[{"href":"https:\/\/onlinebettingspace.com\/sk\/wp-json\/wp\/v2\/pages\/2497","targetHints":{"allow":["GET"]}}],"collection":[{"href":"https:\/\/onlinebettingspace.com\/sk\/wp-json\/wp\/v2\/pages"}],"about":[{"href":"https:\/\/onlinebettingspace.com\/sk\/wp-json\/wp\/v2\/types\/page"}],"author":[{"embeddable":true,"href":"https:\/\/onlinebettingspace.com\/sk\/wp-json\/wp\/v2\/users\/1"}],"replies":[{"embeddable":true,"href":"https:\/\/onlinebettingspace.com\/sk\/wp-json\/wp\/v2\/comments?post=2497"}],"version-history":[{"count":0,"href":"https:\/\/onlinebettingspace.com\/sk\/wp-json\/wp\/v2\/pages\/2497\/revisions"}],"up":[{"embeddable":true,"href":"https:\/\/onlinebettingspace.com\/sk\/wp-json\/wp\/v2\/pages\/2475"}],"wp:attachment":[{"href":"https:\/\/onlinebettingspace.com\/sk\/wp-json\/wp\/v2\/media?parent=2497"}],"curies":[{"name":"wp","href":"https:\/\/api.w.org\/{rel}","templated":true}]}}