{"id":2487,"date":"2022-08-19T12:18:39","date_gmt":"2022-08-19T09:18:39","guid":{"rendered":"https:\/\/onlinebettingspace.com\/?page_id=2487"},"modified":"2022-08-19T12:18:39","modified_gmt":"2022-08-19T09:18:39","slug":"netent","status":"publish","type":"page","link":"https:\/\/onlinebettingspace.com\/sk\/casino-softver\/netent\/","title":{"rendered":"NETENT"},"content":{"rendered":"<section class=\"l-section wpb_row height_medium\"><div class=\"l-section-h i-cf\"><div class=\"g-cols vc_row via_flex valign_top type_default stacking_default\"><div class=\"vc_col-sm-12 wpb_column vc_column_container\"><div class=\"vc_column-inner\"><div class=\"wpb_wrapper\"><div class=\"wpb_text_column\"><div class=\"wpb_wrapper\"><h1>NETENT<\/h1>\n<p>Kas\u00edno softv\u00e9r Net Entertainment, niekedy p\u00edsan\u00fd aj bez medzery medzi dvoma slovami \u2013 teda\u00a0<strong>NetEntertainment<\/strong>\u00a0\u2013 alebo niekedy naz\u00fdvan\u00fd aj jednoducho len\u00a0<strong>NetEnt<\/strong>, ktor\u00fd vznikol v\u00a0roku 1996 v\u00a0\u0160kandin\u00e1vi\u00ed je jedn\u00fdm z\u00a0najv\u00e4\u010d\u0161\u00edch\u00a0<strong>l<\/strong>\u00eddrov na casino trhu v\u00a0s\u00fa\u010dasnosti.<\/p>\n<div>\n<div class=\"readMore\">\n<p>Svoje prv\u00e9 kas\u00edno si zriadili v\u00a0roku 2000 a\u00a0v\u00a0tom istom roku otvorili e\u0161te tri \u010fal\u0161ie vlastn\u00e9 kas\u00edna. Nesk\u00f4r sa t\u00e1to firma za\u010dala s\u00fastredi\u0165 hlavne na v\u00fdvoj a\u00a0prev\u00e1dzku casino softv\u00e9ru a\u00a0roku 2005 predala v\u0161etky svoje vlastn\u00e9 online casina a\u00a0za\u010dala sa plne s\u00fastredi\u0165 na tvorbu softv\u00e9ru a\u00a0hr\u00e1\u010dskeho rozhrania.<\/p>\n<h2>\u010cO ROB\u00cd NETENT TAK POPUL\u00c1RNYM<\/h2>\n<p>Hr\u00e1\u010di si nezriedka cielene vyberaj\u00fa hry od NetEntu, preto\u017ee pon\u00fakaj\u00fa jednak prvotriednu z\u00e1bavu a\u00a0tie\u017e mno\u017estvo origin\u00e1lnych funkcii. Dokonca si dovol\u00edme tvrdi\u0165, \u017ee pr\u00e1ve\u00a0<a href=\"https:\/\/www.netent.com\/en\/\" data-track=\"\" rel=\"noopener\"><strong>NetEnt je spolo\u010dnos\u0165ou<\/strong><\/a>, ktor\u00e1 do svojich hier d\u00e1va najv\u00e4\u010d\u0161ie mno\u017estvo unik\u00e1tnych funkcii.<\/p>\n<p>Pri tradi\u010dnej funkcii \u017dol\u00edk (v angli\u010dtine Wild) sa v\u00a0NetEnt hr\u00e1ch stret\u00e1vame s\u00a0Transforming,\u00a0<strong>Expanding \u010di Moving Wilds<\/strong>. Typick\u00fdm pr\u00edkladom pre Expanding Wilds je extr\u00e9mne popul\u00e1rny slot Starburst. Ke\u010f sa symbol Hviezdy objav\u00ed na druhom a\u00a0\u0161tvrtom valci, expanduje na v\u0161etky valce a\u00a0sp\u00fa\u0161\u0165a jedno a\u017e tri op\u00e4tovn\u00e9 zato\u010denia.<\/p>\n<p>NetEnt pri\u0161iel aj s\u00a0konceptom dvojn\u00e1sobn\u00fdch symbolov. Jeden a\u00a0ten ist\u00fd symbol na valcoch existuje vo svojej jednotnej i\u00a0zdvojenej verzii, \u010do napr\u00edklad pri 5-valcov\u00fdch automatoch umo\u017e\u0148uje vyhr\u00e1va\u0165 odmeny aj za l\u00ednie s\u00a010 symbolmi. NetEnt pri\u0161iel aj s\u00a0automatmi, ktor\u00e9 pon\u00fakaj\u00fa aj 3.125 v\u00fdplatn\u00fdch l\u00edni\u00ed!<\/p>\n<p>Ak sa niekedy stretnete s\u00a0<strong>The Avalanche<\/strong>\u00a0funkciou \u010di bonusovou hrou The Supervillain Showdown, vedzte, \u017ee aj toto poch\u00e1dza od inov\u00e1torov z\u00a0NetEntu.<\/p>\n<h2>CASINO HRY OD NETENT<\/h2>\n<p>NetEnt je jedn\u00fdm z\u00a0najv\u00e4\u010d\u0161\u00edch v\u00fdvoj\u00e1rov kas\u00ednov\u00fdch hier na svete a\u00a0je spolo\u010dnos\u0165ou, ktorej hry si zahr\u00e1te v\u00a0najv\u00e4\u010d\u0161om mno\u017estve online kas\u00edn. Ma\u0165 vo svojom katal\u00f3gu hier pr\u00e1ve tie od NetEntu sa pre online kas\u00edna stalo povinnos\u0165ou a\u00a0nevyhnutnos\u0165ou, pokia\u013e chceli pril\u00e1ka\u0165 hr\u00e1\u010dov\u00a0<a href=\"\/sk\/hracie-automaty\" data-track=\"\"><strong>video-automatov<\/strong><\/a>\u00a0alebo in\u00fdch hier. Ak ste aj nikdy nehrali \u017eiadnu hru od NetEntu, pravdepodobne budete schopn\u00ed vymenova\u0165 aspo\u0148 nieko\u013eko ich hier. Hoci NetEnt pozn\u00e1me predov\u0161etk\u00fdm v\u010faka ich \u0161pi\u010dkov\u00fdm online automatom, vyv\u00edjaj\u00fa aj produkty pre ne-automatov\u00fdch hr\u00e1\u010dov, \u010d\u00edm d\u00e1vaj\u00fa na zrete\u013e svoju univerz\u00e1lnos\u0165.<\/p>\n<ul>\n<li><strong>NetEnt automaty<\/strong><\/li>\n<\/ul>\n<p>NetEnt do dne\u0161n\u00fdch dn\u00ed vyvinul a\u00a0predstavil nieko\u013eko stoviek automatov, z\u00a0ktor\u00fdch mnoh\u00e9 sa stali kultov\u00fdmi. Tak napr\u00edklad automat\u00a0<a href=\"\/sk\/hracie-automaty\/starburst\" data-track=\"\"><strong>Starburst<\/strong><\/a>, ktor\u00fd uviedli e\u0161te v\u00a0roku 2012, patr\u00ed medzi tri najpopul\u00e1rnej\u0161ie automaty od tohto v\u00fdvoj\u00e1ra. 5-valcov\u00fd automat s\u00a0n\u00edzkou volatilitou si hr\u00e1\u010dov z\u00edskal nielen svojim vizu\u00e1lom, ale aj bohat\u00fdmi bonusov\u00fdmi funkciami, ak\u00fdmi s\u00fa Respin Wild, Expanding Wilds, Wild Rush. Je to z\u00e1rove\u0148 ve\u013emi jednoduch\u00fd automat vhodn\u00fd pre za\u010d\u00ednaj\u00facich i\u00a0stredne sk\u00fasenej\u0161\u00edch hr\u00e1\u010dov.<\/p>\n<p>Spolo\u010dne so Starburstom si ve\u013ek\u00fa popularitu medzi hr\u00e1\u010dmi uchov\u00e1va aj\u00a0<a href=\"\/sk\/hracie-automaty\/gonzos-quest\" data-track=\"\"><strong>Gonzo\u00b4s Quest<\/strong><\/a>. Tento automat na konci roku 2013 priniesol revol\u00faciu v\u00a0podobe uvedenia funkcie Avalanche, ktor\u00e1 sa odvtedy objavila vo viacer\u00fdch \u010fal\u0161\u00edch automatoch. Funkcia Avalanche znamenala \u010fal\u0161ie v\u00fdhry, ke\u010f\u017ee v\u00fdhern\u00e9 symboly boli nahr\u00e1dzan\u00e9 \u201elav\u00ednou\u201c nov\u00fdch. Na rozdiel od Starburstu tento automat priniesol vysok\u00fa volatilitu. Popularita Gonzo\u00b4s Quest zapr\u00ed\u010dinila, \u017ee tento slot NetEnt uviedol aj v\u00a0podobe hry pre virtu\u00e1lnu realitu (VR).<\/p>\n<p>\u010eal\u0161\u00edm popul\u00e1rnym slotom je\u00a0<strong>Twin Spin<\/strong>, \u010do je vlastne star\u00fd dobr\u00fd retro ovocn\u00fd automat v\u00a0modernom h\u00e1bite. 5-valcov\u00fd slot s\u00a0243 v\u00fdplatn\u00fdmi l\u00edniami a\u00a0mo\u017enos\u0165ou obrovsk\u00e9ho jackpotu a\u017e \u20ac270.000 si z\u00edskal srdcia to\u013ek\u00fdch hr\u00e1\u010dov, \u017ee k\u00a0nemu NetEnt vytvoril aj Deluxe verziu. Z\u00a0nov\u0161\u00edch automatov NetEntu hr\u00e1\u010dom najviac imponuj\u00fa sloty ako\u00a0<a href=\"\/sk\/hracie-automaty\/guns-n-roses\" data-track=\"\"><strong>Guns N\u00b4 Roses<\/strong>\u00a0<\/a>(2016),\u00a0<strong>Berryburst<\/strong>\u00a0(2018) \u010di\u00a0<strong>Jungle Spirit: Call of the Wild<\/strong>\u00a0(2017).<\/p>\n<ul>\n<li><strong>NetEnt casino hry<\/strong><\/li>\n<\/ul>\n<p>Hoci NetEnt pozn\u00e1me predov\u0161etk\u00fdm v\u010faka jeho online automatom, kas\u00ednov\u00fdm hr\u00e1\u010dom toho pon\u00faka ove\u013ea viac. Hr\u00e1\u010di rulety si m\u00f4\u017eu zahra\u0165 Americk\u00fa ruletu, Franc\u00fazsku Ruletu, Eur\u00f3psku ruletu, ako aj Roulette Pro. Pre blackjack hr\u00e1\u010dov tu je BlackJack Pro s\u00a0tromi rukami a\u00a0bal\u00ed\u010dkom so \u0161iestimi kartami. NetEnt mysl\u00ed aj na baccarat hr\u00e1\u010dov prostredn\u00edctvom Baccarat Pro a\u00a0nech\u00fdbaj\u00fa ani stieracie \u017ereby \u010di bingo.<\/p>\n<ul>\n<li><strong>NetEnt mobiln\u00e9 hry<\/strong><\/li>\n<\/ul>\n<p>S\u00a0modernou dobou je neodmyslite\u013ene sp\u00e4t\u00e1 mo\u017enos\u0165 hrania prostredn\u00edctvom mobiln\u00fdch telef\u00f3nov a\u00a0smartf\u00f3nov. NetEnt t\u00fato mo\u017enos\u0165 pon\u00faka od roku 2011, kedy uviedol prv\u00fa s\u00e9riu hier, ktor\u00e9 dostali s\u00fahrnn\u00fd n\u00e1zov\u00a0<strong>NetEnt Touch<\/strong>. NetEnt Touch zahr\u0148uje hry, ktor\u00e9 sa m\u00f4\u017eu hra\u0165 na smartf\u00f3noch i\u00a0tabletoch so syst\u00e9mami Android, iOs a\u00a0dokonca aj Windows. V\u00a0s\u00fa\u010dasnosti u\u017e NetEnt automaticky vyv\u00edja svoje hry tak, aby sa dali hra\u0165 nielen prostredn\u00edctvom ne-prenosn\u00fdch zariaden\u00ed ako s\u00fa stoln\u00e9 po\u010d\u00edta\u010di, tak aj prostredn\u00edctvom prenosn\u00fdch ako s\u00fa smartf\u00f3ny.<\/p>\n<p>V\u0161etky najpopul\u00e1rnej\u0161ie hry ak\u00fdmi s\u00fa Starburst, Gonzo\u00b4s Quest, Double Stacks a\u00a0\u010fal\u0161ie si dnes m\u00f4\u017eete zahra\u0165 cez po\u010d\u00edta\u010d, tablet i\u00a0telef\u00f3n. Nepotrebujete k\u00a0tomu \u017eiadny \u0161peci\u00e1lny softv\u00e9r. Hru si \u0161tandardne spust\u00edte vo vybranom online kas\u00edne a\u00a0ona sa v\u00e1m automaticky \u201epreklop\u00ed\u201c do mobilnej verzie. Dnes m\u00f4\u017eeme kon\u0161tatova\u0165, \u017ee v\u00e4\u010d\u0161ina kas\u00ednov\u00fdch hier od NetEntu sa hr\u00e1 hra\u0165 cez po\u010d\u00edta\u010d i\u00a0telef\u00f3n.<\/p>\n<div class=\"WYSIWYG\">\n<ul>\n<li><strong>NetEnt live casino hry<\/strong><\/li>\n<\/ul>\n<p>NetEnt je siln\u00fdm a\u00a0ve\u013ek\u00fdm hr\u00e1\u010dom i\u00a0na poli live casino hier. Tak ako je NetEnt Touch synonymom pre ich mobiln\u00e9 hry a\u00a0produkty, rovnako tak je i\u00a0<strong>Live Beyond Live<\/strong>\u00a0synonymom pre ich live casino produkty. Live Beyond Live ozna\u010duje 3D live casino pre mobily, prostredn\u00edctvom ktor\u00e9ho si m\u00f4\u017eete zahra\u0165 ruletu, blackjack alebo in\u00e9 live casino hry. To v\u0161ak neznamen\u00e1, \u017ee si ich nezahr\u00e1te i\u00a0cez notebooky alebo stoln\u00e9 po\u010d\u00edta\u010de. Live Beyond Live je revolu\u010dn\u00fd v\u00a0tom, \u017ee v\u00a0\u0148om NetEnt ako v\u00f4bec prv\u00fd v\u00fdvoj\u00e1r na trhu pon\u00faka mo\u017enos\u0165 zahra\u0165 si live casino hry cez mobil.<\/p>\n<h2>NETENT CASINO SOFTV\u00c9R \u2013 PLUSY A\u00a0M\u00cdNUSY<\/h2>\n<p>NetEnt je najinovat\u00edvnej\u0161\u00edm v\u00fdvoj\u00e1rom kas\u00ednov\u00fdch hier, ktor\u00fd neust\u00e1le pracuje na vylep\u0161ovan\u00ed st\u00e1vaj\u00facich produktov a\u00a0prin\u00e1\u0161an\u00ed nov\u00fdch. Live Beyond Live, NetEnt Touch, inovat\u00edvne bonusov\u00e9 hry a\u00a0funkcie, t\u00fdm v\u0161etk\u00fdm je NetEnt \u0161peci\u00e1lny. Ka\u017ed\u00fd jeden z\u00a0jeho slotov je starostlivo prepracovan\u00fd tak, aby dosiahol z\u00e1mer, pre ktor\u00fd bol vytvoren\u00fd. Kas\u00ednov\u00ed hr\u00e1\u010di po celom svete chv\u00e1lia NetEnt i\u00a0pre vysok\u00fa v\u00fdhernos\u0165 jeho automatov a\u00a0v\u0161eobecne jednoduch\u00e9 ovl\u00e1danie hier.<\/p>\n<p>Len \u0165a\u017eko h\u013eada\u0165 na casino softv\u00e9ri od NetEntu nejak\u00e9 nedostatky. Hoci NetEntov\u00e9 produkty zaberaj\u00fa pribli\u017ene 20% trhu, nie je to spolo\u010dnos\u0165, ktor\u00e1 vyvinula najv\u00e4\u010d\u0161\u00ed po\u010det hier,\u00a0<a href=\"\/sk\/casino-softver\/microgaming\" data-track=\"\"><strong>t\u00fdm je Microgaming<\/strong><\/a>. Rovnako tak NetEnt len vz\u00e1cne uv\u00e1dza na trh automaty s\u00a0progres\u00edvnymi jackpotmi, z\u00a0ktor\u00fdch len dva a\u00a0to Mega Fortune a\u00a0Hall of Gods za nie\u010do stoja.<\/p>\n<\/div>\n<div class=\"WYSIWYG\">\n<h2>ZHRNUTIE<\/h2>\n<p>Kas\u00ednov\u00fd softv\u00e9r vytvoren\u00fd NetEntom je jeden z\u00a0<strong>najmodernej\u0161\u00edch a\u00a0naj\u00faspe\u0161nej\u0161\u00edch na trhu<\/strong>. Nielen\u017ee je absol\u00fatne f\u00e9rov\u00fd vo\u010di hr\u00e1\u010dom, ale poskytuje aj v\u00fdborn\u00e9 mo\u017enosti ako sa zabavi\u0165 a\u00a0hlavne neuverite\u013ene ve\u013ek\u00e9 miery n\u00e1vratnosti, \u010do znamen\u00e1, \u017ee ka\u017ed\u00fd hr\u00e1\u010d m\u00e1 naozaj ve\u013ek\u00fa mo\u017enos\u0165 vyhra\u0165 zauj\u00edmav\u00e9 ceny. A\u00a0pr\u00e1ve toto je jeden z\u00a0d\u00f4vodov, pre\u010do sa hr\u00e1\u010di radi vracaj\u00fa do online kas\u00edn, ktor\u00e9 vyu\u017e\u00edvaj\u00fa spom\u00ednan\u00fd softv\u00e9r. Ak aj vy raz vysk\u00fa\u0161ate tento softv\u00e9r, tak n\u00e1m d\u00e1te za pravdu, \u017ee\u00a0<strong>hracie automaty od NetEntu<\/strong> alebo ich v\u00fdnimo\u010dn\u00e9 mini-hry s\u00fa naozaj d\u00f4vod, pre\u010do preferova\u0165 tento syst\u00e9m.<\/p>\n<\/div>\n<\/div>\n<\/div>\n<\/div><\/div><\/div><\/div><\/div><\/div><\/div><\/section>\n","protected":false},"excerpt":{"rendered":"NETENT Kas\u00edno softv\u00e9r Net Entertainment, niekedy p\u00edsan\u00fd aj bez medzery medzi dvoma slovami \u2013 teda\u00a0NetEntertainment\u00a0\u2013 alebo niekedy naz\u00fdvan\u00fd aj jednoducho len\u00a0NetEnt, ktor\u00fd vznikol v\u00a0roku 1996 v\u00a0\u0160kandin\u00e1vi\u00ed je jedn\u00fdm z\u00a0najv\u00e4\u010d\u0161\u00edch\u00a0l\u00eddrov na casino trhu v\u00a0s\u00fa\u010dasnosti. Svoje prv\u00e9 kas\u00edno si zriadili v\u00a0roku 2000 a\u00a0v\u00a0tom istom roku otvorili e\u0161te tri \u010fal\u0161ie vlastn\u00e9 kas\u00edna. Nesk\u00f4r sa t\u00e1to firma za\u010dala s\u00fastredi\u0165...","protected":false},"author":1,"featured_media":0,"parent":2475,"menu_order":0,"comment_status":"closed","ping_status":"closed","template":"","meta":{"_acf_changed":false,"footnotes":""},"class_list":["post-2487","page","type-page","status-publish","hentry"],"acf":[],"rankMath":{"parentDomain":"onlinebettingspace.com","noFollowDomains":[],"noFollowExcludeDomains":[],"noFollowExternalLinks":false,"featuredImageNotice":"The featured image should be at least 200 by 200 pixels to be picked up by Facebook and other social media sites.","pluginReviewed":true,"postSettings":{"linkSuggestions":true,"useFocusKeyword":false},"frontEndScore":false,"postName":"netent","permalinkFormat":"https:\/\/onlinebettingspace.com\/sk\/%pagename%\/","showLockModifiedDate":true,"assessor":{"focusKeywordLink":"https:\/\/onlinebettingspace.com\/wp-admin\/edit.php?focus_keyword=%focus_keyword%&post_type=%post_type%","hasTOCPlugin":false,"primaryTaxonomy":false,"serpData":{"title":"Kas\u00edno softv\u00e9r NetEnt | onlinebettingspace.com","description":"Zozn\u00e1mte sa s modern\u00fdm \u0161pi\u010dkov\u00fdm casino softv\u00e9rom zna\u010dky NetEnt, ktor\u00fd umo\u017enuje hr\u00e1\u010dom vyhra\u0165 super sumy. Viete, kde ho n\u00e1jdete?","focusKeywords":"","pillarContent":false,"canonicalUrl":"","breadcrumbTitle":"","advancedRobots":[],"facebookTitle":"","facebookDescription":"","facebookImage":"","facebookImageID":"","facebookHasOverlay":false,"facebookImageOverlay":"","facebookAuthor":"","twitterCardType":"","twitterUseFacebook":true,"twitterTitle":"","twitterDescription":"","twitterImage":"","twitterImageID":"","twitterHasOverlay":false,"twitterImageOverlay":"","twitterPlayerUrl":"","twitterPlayerSize":"","twitterPlayerStream":"","twitterPlayerStreamCtype":"","twitterAppDescription":"","twitterAppIphoneName":"","twitterAppIphoneID":"","twitterAppIphoneUrl":"","twitterAppIpadName":"","twitterAppIpadID":"","twitterAppIpadUrl":"","twitterAppGoogleplayName":"","twitterAppGoogleplayID":"","twitterAppGoogleplayUrl":"","twitterAppCountry":"","robots":{"index":true},"twitterAuthor":"username","primaryTerm":0,"authorName":"OBSAdmin","titleTemplate":"%title% %sep% %sitename%","descriptionTemplate":"%excerpt%","showScoreFrontend":true,"lockModifiedDate":false},"powerWords":[],"diacritics":{"A":"[\\u0041\\u24B6\\uFF21\\u00C0\\u00C1\\u00C2\\u1EA6\\u1EA4\\u1EAA\\u1EA8\\u00C3\\u0100\\u0102\\u1EB0\\u1EAE\\u1EB4\\u1EB2\\u0226\\u01E0\\u00C4\\u01DE\\u1EA2\\u00C5\\u01FA\\u01CD\\u0200\\u0202\\u1EA0\\u1EAC\\u1EB6\\u1E00\\u0104\\u023A\\u2C6F]","AA":"[\\uA732]","AE":"[\\u00C6\\u01FC\\u01E2]","AO":"[\\uA734]","AU":"[\\uA736]","AV":"[\\uA738\\uA73A]","AY":"[\\uA73C]","B":"[\\u0042\\u24B7\\uFF22\\u1E02\\u1E04\\u1E06\\u0243\\u0182\\u0181]","C":"[\\u0043\\u24B8\\uFF23\\u0106\\u0108\\u010A\\u010C\\u00C7\\u1E08\\u0187\\u023B\\uA73E]","D":"[\\u0044\\u24B9\\uFF24\\u1E0A\\u010E\\u1E0C\\u1E10\\u1E12\\u1E0E\\u0110\\u018B\\u018A\\u0189\\uA779]","DZ":"[\\u01F1\\u01C4]","Dz":"[\\u01F2\\u01C5]","E":"[\\u0045\\u24BA\\uFF25\\u00C8\\u00C9\\u00CA\\u1EC0\\u1EBE\\u1EC4\\u1EC2\\u1EBC\\u0112\\u1E14\\u1E16\\u0114\\u0116\\u00CB\\u1EBA\\u011A\\u0204\\u0206\\u1EB8\\u1EC6\\u0228\\u1E1C\\u0118\\u1E18\\u1E1A\\u0190\\u018E]","F":"[\\u0046\\u24BB\\uFF26\\u1E1E\\u0191\\uA77B]","G":"[\\u0047\\u24BC\\uFF27\\u01F4\\u011C\\u1E20\\u011E\\u0120\\u01E6\\u0122\\u01E4\\u0193\\uA7A0\\uA77D\\uA77E]","H":"[\\u0048\\u24BD\\uFF28\\u0124\\u1E22\\u1E26\\u021E\\u1E24\\u1E28\\u1E2A\\u0126\\u2C67\\u2C75\\uA78D]","I":"[\\u0049\\u24BE\\uFF29\\u00CC\\u00CD\\u00CE\\u0128\\u012A\\u012C\\u0130\\u00CF\\u1E2E\\u1EC8\\u01CF\\u0208\\u020A\\u1ECA\\u012E\\u1E2C\\u0197]","J":"[\\u004A\\u24BF\\uFF2A\\u0134\\u0248]","K":"[\\u004B\\u24C0\\uFF2B\\u1E30\\u01E8\\u1E32\\u0136\\u1E34\\u0198\\u2C69\\uA740\\uA742\\uA744\\uA7A2]","L":"[\\u004C\\u24C1\\uFF2C\\u013F\\u0139\\u013D\\u1E36\\u1E38\\u013B\\u1E3C\\u1E3A\\u0141\\u023D\\u2C62\\u2C60\\uA748\\uA746\\uA780]","LJ":"[\\u01C7]","Lj":"[\\u01C8]","M":"[\\u004D\\u24C2\\uFF2D\\u1E3E\\u1E40\\u1E42\\u2C6E\\u019C]","N":"[\\u004E\\u24C3\\uFF2E\\u01F8\\u0143\\u00D1\\u1E44\\u0147\\u1E46\\u0145\\u1E4A\\u1E48\\u0220\\u019D\\uA790\\uA7A4]","NJ":"[\\u01CA]","Nj":"[\\u01CB]","O":"[\\u004F\\u24C4\\uFF2F\\u00D2\\u00D3\\u00D4\\u1ED2\\u1ED0\\u1ED6\\u1ED4\\u00D5\\u1E4C\\u022C\\u1E4E\\u014C\\u1E50\\u1E52\\u014E\\u022E\\u0230\\u00D6\\u022A\\u1ECE\\u0150\\u01D1\\u020C\\u020E\\u01A0\\u1EDC\\u1EDA\\u1EE0\\u1EDE\\u1EE2\\u1ECC\\u1ED8\\u01EA\\u01EC\\u00D8\\u01FE\\u0186\\u019F\\uA74A\\uA74C]","OI":"[\\u01A2]","OO":"[\\uA74E]","OU":"[\\u0222]","P":"[\\u0050\\u24C5\\uFF30\\u1E54\\u1E56\\u01A4\\u2C63\\uA750\\uA752\\uA754]","Q":"[\\u0051\\u24C6\\uFF31\\uA756\\uA758\\u024A]","R":"[\\u0052\\u24C7\\uFF32\\u0154\\u1E58\\u0158\\u0210\\u0212\\u1E5A\\u1E5C\\u0156\\u1E5E\\u024C\\u2C64\\uA75A\\uA7A6\\uA782]","S":"[\\u0053\\u24C8\\uFF33\\u1E9E\\u015A\\u1E64\\u015C\\u1E60\\u0160\\u1E66\\u1E62\\u1E68\\u0218\\u015E\\u2C7E\\uA7A8\\uA784]","T":"[\\u0054\\u24C9\\uFF34\\u1E6A\\u0164\\u1E6C\\u021A\\u0162\\u1E70\\u1E6E\\u0166\\u01AC\\u01AE\\u023E\\uA786]","TZ":"[\\uA728]","U":"[\\u0055\\u24CA\\uFF35\\u00D9\\u00DA\\u00DB\\u0168\\u1E78\\u016A\\u1E7A\\u016C\\u00DC\\u01DB\\u01D7\\u01D5\\u01D9\\u1EE6\\u016E\\u0170\\u01D3\\u0214\\u0216\\u01AF\\u1EEA\\u1EE8\\u1EEE\\u1EEC\\u1EF0\\u1EE4\\u1E72\\u0172\\u1E76\\u1E74\\u0244]","V":"[\\u0056\\u24CB\\uFF36\\u1E7C\\u1E7E\\u01B2\\uA75E\\u0245]","VY":"[\\uA760]","W":"[\\u0057\\u24CC\\uFF37\\u1E80\\u1E82\\u0174\\u1E86\\u1E84\\u1E88\\u2C72]","X":"[\\u0058\\u24CD\\uFF38\\u1E8A\\u1E8C]","Y":"[\\u0059\\u24CE\\uFF39\\u1EF2\\u00DD\\u0176\\u1EF8\\u0232\\u1E8E\\u0178\\u1EF6\\u1EF4\\u01B3\\u024E\\u1EFE]","Z":"[\\u005A\\u24CF\\uFF3A\\u0179\\u1E90\\u017B\\u017D\\u1E92\\u1E94\\u01B5\\u0224\\u2C7F\\u2C6B\\uA762]","a":"[\\u0061\\u24D0\\uFF41\\u1E9A\\u00E0\\u00E1\\u00E2\\u1EA7\\u1EA5\\u1EAB\\u1EA9\\u00E3\\u0101\\u0103\\u1EB1\\u1EAF\\u1EB5\\u1EB3\\u0227\\u01E1\\u00E4\\u01DF\\u1EA3\\u00E5\\u01FB\\u01CE\\u0201\\u0203\\u1EA1\\u1EAD\\u1EB7\\u1E01\\u0105\\u2C65\\u0250]","aa":"[\\uA733]","ae":"[\\u00E6\\u01FD\\u01E3]","ao":"[\\uA735]","au":"[\\uA737]","av":"[\\uA739\\uA73B]","ay":"[\\uA73D]","b":"[\\u0062\\u24D1\\uFF42\\u1E03\\u1E05\\u1E07\\u0180\\u0183\\u0253]","c":"[\\u0063\\u24D2\\uFF43\\u0107\\u0109\\u010B\\u010D\\u00E7\\u1E09\\u0188\\u023C\\uA73F\\u2184]","d":"[\\u0064\\u24D3\\uFF44\\u1E0B\\u010F\\u1E0D\\u1E11\\u1E13\\u1E0F\\u0111\\u018C\\u0256\\u0257\\uA77A]","dz":"[\\u01F3\\u01C6]","e":"[\\u0065\\u24D4\\uFF45\\u00E8\\u00E9\\u00EA\\u1EC1\\u1EBF\\u1EC5\\u1EC3\\u1EBD\\u0113\\u1E15\\u1E17\\u0115\\u0117\\u00EB\\u1EBB\\u011B\\u0205\\u0207\\u1EB9\\u1EC7\\u0229\\u1E1D\\u0119\\u1E19\\u1E1B\\u0247\\u025B\\u01DD]","f":"[\\u0066\\u24D5\\uFF46\\u1E1F\\u0192\\uA77C]","g":"[\\u0067\\u24D6\\uFF47\\u01F5\\u011D\\u1E21\\u011F\\u0121\\u01E7\\u0123\\u01E5\\u0260\\uA7A1\\u1D79\\uA77F]","h":"[\\u0068\\u24D7\\uFF48\\u0125\\u1E23\\u1E27\\u021F\\u1E25\\u1E29\\u1E2B\\u1E96\\u0127\\u2C68\\u2C76\\u0265]","hv":"[\\u0195]","i":"[\\u0069\\u24D8\\uFF49\\u00EC\\u00ED\\u00EE\\u0129\\u012B\\u012D\\u00EF\\u1E2F\\u1EC9\\u01D0\\u0209\\u020B\\u1ECB\\u012F\\u1E2D\\u0268\\u0131]","j":"[\\u006A\\u24D9\\uFF4A\\u0135\\u01F0\\u0249]","k":"[\\u006B\\u24DA\\uFF4B\\u1E31\\u01E9\\u1E33\\u0137\\u1E35\\u0199\\u2C6A\\uA741\\uA743\\uA745\\uA7A3]","l":"[\\u006C\\u24DB\\uFF4C\\u0140\\u013A\\u013E\\u1E37\\u1E39\\u013C\\u1E3D\\u1E3B\\u017F\\u0142\\u019A\\u026B\\u2C61\\uA749\\uA781\\uA747]","lj":"[\\u01C9]","m":"[\\u006D\\u24DC\\uFF4D\\u1E3F\\u1E41\\u1E43\\u0271\\u026F]","n":"[\\u006E\\u24DD\\uFF4E\\u01F9\\u0144\\u00F1\\u1E45\\u0148\\u1E47\\u0146\\u1E4B\\u1E49\\u019E\\u0272\\u0149\\uA791\\uA7A5]","nj":"[\\u01CC]","o":"[\\u006F\\u24DE\\uFF4F\\u00F2\\u00F3\\u00F4\\u1ED3\\u1ED1\\u1ED7\\u1ED5\\u00F5\\u1E4D\\u022D\\u1E4F\\u014D\\u1E51\\u1E53\\u014F\\u022F\\u0231\\u00F6\\u022B\\u1ECF\\u0151\\u01D2\\u020D\\u020F\\u01A1\\u1EDD\\u1EDB\\u1EE1\\u1EDF\\u1EE3\\u1ECD\\u1ED9\\u01EB\\u01ED\\u00F8\\u01FF\\u0254\\uA74B\\uA74D\\u0275]","oi":"[\\u01A3]","ou":"[\\u0223]","oo":"[\\uA74F]","p":"[\\u0070\\u24DF\\uFF50\\u1E55\\u1E57\\u01A5\\u1D7D\\uA751\\uA753\\uA755]","q":"[\\u0071\\u24E0\\uFF51\\u024B\\uA757\\uA759]","r":"[\\u0072\\u24E1\\uFF52\\u0155\\u1E59\\u0159\\u0211\\u0213\\u1E5B\\u1E5D\\u0157\\u1E5F\\u024D\\u027D\\uA75B\\uA7A7\\uA783]","s":"[\\u0073\\u24E2\\uFF53\\u015B\\u1E65\\u015D\\u1E61\\u0161\\u1E67\\u1E63\\u1E69\\u0219\\u015F\\u023F\\uA7A9\\uA785\\u1E9B]","ss":"[\\u00DF]","t":"[\\u0074\\u24E3\\uFF54\\u1E6B\\u1E97\\u0165\\u1E6D\\u021B\\u0163\\u1E71\\u1E6F\\u0167\\u01AD\\u0288\\u2C66\\uA787]","tz":"[\\uA729]","u":"[\\u0075\\u24E4\\uFF55\\u00F9\\u00FA\\u00FB\\u0169\\u1E79\\u016B\\u1E7B\\u016D\\u00FC\\u01DC\\u01D8\\u01D6\\u01DA\\u1EE7\\u016F\\u0171\\u01D4\\u0215\\u0217\\u01B0\\u1EEB\\u1EE9\\u1EEF\\u1EED\\u1EF1\\u1EE5\\u1E73\\u0173\\u1E77\\u1E75\\u0289]","v":"[\\u0076\\u24E5\\uFF56\\u1E7D\\u1E7F\\u028B\\uA75F\\u028C]","vy":"[\\uA761]","w":"[\\u0077\\u24E6\\uFF57\\u1E81\\u1E83\\u0175\\u1E87\\u1E85\\u1E98\\u1E89\\u2C73]","x":"[\\u0078\\u24E7\\uFF58\\u1E8B\\u1E8D]","y":"[\\u0079\\u24E8\\uFF59\\u1EF3\\u00FD\\u0177\\u1EF9\\u0233\\u1E8F\\u00FF\\u1EF7\\u1E99\\u1EF5\\u01B4\\u024F\\u1EFF]","z":"[\\u007A\\u24E9\\uFF5A\\u017A\\u1E91\\u017C\\u017E\\u1E93\\u1E95\\u01B6\\u0225\\u0240\\u2C6C\\uA763]"},"researchesTests":["contentHasTOC","contentHasShortParagraphs","contentHasAssets","keywordInTitle","keywordInMetaDescription","keywordInPermalink","keywordIn10Percent","keywordInContent","keywordInSubheadings","keywordInImageAlt","keywordDensity","keywordNotUsed","lengthContent","lengthPermalink","linksHasInternal","linksHasExternals","linksNotAllExternals","titleStartWithKeyword","titleSentiment","titleHasPowerWords","titleHasNumber","hasContentAI"],"hasRedirection":true,"hasBreadcrumb":false},"homeUrl":"https:\/\/onlinebettingspace.com\/sk\/","objectID":2487,"objectType":"post","locale":"sk","localeFull":"sk_SK","overlayImages":{"play":{"name":"Play icon","url":"https:\/\/onlinebettingspace.com\/wp-content\/plugins\/seo-by-rank-math\/assets\/admin\/img\/icon-play.png","path":"\/home\/SuperAdmin\/web\/onlinebettingspace.com\/public_html\/wp-content\/plugins\/seo-by-rank-math\/assets\/admin\/img\/icon-play.png","position":"middle_center"},"gif":{"name":"GIF icon","url":"https:\/\/onlinebettingspace.com\/wp-content\/plugins\/seo-by-rank-math\/assets\/admin\/img\/icon-gif.png","path":"\/home\/SuperAdmin\/web\/onlinebettingspace.com\/public_html\/wp-content\/plugins\/seo-by-rank-math\/assets\/admin\/img\/icon-gif.png","position":"middle_center"}},"defautOgImage":"https:\/\/onlinebettingspace.com\/wp-content\/uploads\/2022\/04\/OBS-FULL-LOGO.webp","customPermalinks":true,"isUserRegistered":true,"autoSuggestKeywords":true,"connectSiteUrl":"https:\/\/rankmath.com\/auth?site=https%3A%2F%2Fonlinebettingspace.com%2Fsk%2F&r=https%3A%2F%2Fonlinebettingspace.com%2Fsk%2Fwp-json%2Fwp%2Fv2%2Fpages%2F2487%3Fnonce%3Dc963eac197","maxTags":5,"trendsIcon":"<svg viewBox=\"0 0 610 610\"><path d=\"M18.85,446,174.32,290.48l58.08,58.08L76.93,504a14.54,14.54,0,0,1-20.55,0L18.83,466.48a14.54,14.54,0,0,1,0-20.55Z\" style=\"fill:#4285f4\"\/><path d=\"M242.65,242.66,377.59,377.6l-47.75,47.75a14.54,14.54,0,0,1-20.55,0L174.37,290.43l47.75-47.75A14.52,14.52,0,0,1,242.65,242.66Z\" style=\"fill:#ea4335\"\/><polygon points=\"319.53 319.53 479.26 159.8 537.34 217.88 377.61 377.62 319.53 319.53\" style=\"fill:#fabb05\"\/><path d=\"M594.26,262.73V118.61h0a16.94,16.94,0,0,0-16.94-16.94H433.2a16.94,16.94,0,0,0-12,28.92L565.34,274.71h0a16.94,16.94,0,0,0,28.92-12Z\" style=\"fill:#34a853\"\/><rect width=\"610\" height=\"610\" style=\"fill:none\"\/><\/svg>","showScore":true,"siteFavIcon":"https:\/\/onlinebettingspace.com\/wp-content\/uploads\/2022\/04\/OBS-LOGO-1.webp","canUser":{"general":false,"advanced":false,"snippet":false,"social":false,"analysis":false,"analytics":false,"content_ai":false},"showKeywordIntent":true,"isPro":false,"is_front_page":false,"trendsUpgradeLink":"https:\/\/rankmath.com\/pricing\/?utm_source=Plugin&utm_medium=CE%20General%20Tab%20Trends&utm_campaign=WP","trendsUpgradeLabel":"Upgrade","trendsPreviewImage":"https:\/\/onlinebettingspace.com\/wp-content\/plugins\/seo-by-rank-math\/assets\/admin\/img\/trends-preview.jpg","currentEditor":false,"homepageData":{"assessor":{"powerWords":[],"diacritics":true,"researchesTests":["contentHasTOC","contentHasShortParagraphs","contentHasAssets","keywordInTitle","keywordInMetaDescription","keywordInPermalink","keywordIn10Percent","keywordInContent","keywordInSubheadings","keywordInImageAlt","keywordDensity","keywordNotUsed","lengthContent","lengthPermalink","linksHasInternal","linksHasExternals","linksNotAllExternals","titleStartWithKeyword","titleSentiment","titleHasPowerWords","titleHasNumber","hasContentAI"],"hasBreadcrumb":false,"serpData":{"title":"%sitename% %page% %sep% %sitedesc%","description":"","titleTemplate":"%sitename% %page% %sep% %sitedesc%","descriptionTemplate":"","focusKeywords":"","breadcrumbTitle":"Home","robots":{"index":true},"advancedRobots":[],"facebookTitle":"","facebookDescription":"","facebookImage":"","facebookImageID":""}}},"tocTitle":"Table of Contents","tocExcludeHeadings":[],"listStyle":"ul"},"_links":{"self":[{"href":"https:\/\/onlinebettingspace.com\/sk\/wp-json\/wp\/v2\/pages\/2487","targetHints":{"allow":["GET"]}}],"collection":[{"href":"https:\/\/onlinebettingspace.com\/sk\/wp-json\/wp\/v2\/pages"}],"about":[{"href":"https:\/\/onlinebettingspace.com\/sk\/wp-json\/wp\/v2\/types\/page"}],"author":[{"embeddable":true,"href":"https:\/\/onlinebettingspace.com\/sk\/wp-json\/wp\/v2\/users\/1"}],"replies":[{"embeddable":true,"href":"https:\/\/onlinebettingspace.com\/sk\/wp-json\/wp\/v2\/comments?post=2487"}],"version-history":[{"count":0,"href":"https:\/\/onlinebettingspace.com\/sk\/wp-json\/wp\/v2\/pages\/2487\/revisions"}],"up":[{"embeddable":true,"href":"https:\/\/onlinebettingspace.com\/sk\/wp-json\/wp\/v2\/pages\/2475"}],"wp:attachment":[{"href":"https:\/\/onlinebettingspace.com\/sk\/wp-json\/wp\/v2\/media?parent=2487"}],"curies":[{"name":"wp","href":"https:\/\/api.w.org\/{rel}","templated":true}]}}