{"id":2484,"date":"2022-08-19T12:14:47","date_gmt":"2022-08-19T09:14:47","guid":{"rendered":"https:\/\/onlinebettingspace.com\/?page_id=2484"},"modified":"2022-08-19T12:14:47","modified_gmt":"2022-08-19T09:14:47","slug":"lucky-ladys-charm-deluxe-recenzia","status":"publish","type":"page","link":"https:\/\/onlinebettingspace.com\/sk\/lucky-ladys-charm-deluxe-recenzia\/","title":{"rendered":"LUCKY LADY&#8217;S CHARM DELUXE RECENZIA"},"content":{"rendered":"<section class=\"l-section wpb_row height_medium\"><div class=\"l-section-h i-cf\"><div class=\"g-cols vc_row via_flex valign_top type_default stacking_default\"><div class=\"vc_col-sm-12 wpb_column vc_column_container\"><div class=\"vc_column-inner\"><div class=\"wpb_wrapper\"><div class=\"wpb_text_column\"><div class=\"wpb_wrapper\"><p>Nie je to v\u017edy pravidlom, ale z\u00a0\u010dasu na \u010das popularita ur\u010dit\u00e9ho automatu prin\u00fati spolo\u010dnos\u0165, ktor\u00e1 ho vytvorila k\u00a0tomu, aby vydala viac \u010di menej identick\u00fd automat.<\/p>\n<div>\n<div class=\"readMore\">\n<p>Ke\u010f sa tak stane, tento nov\u00fd automat nezriedka z\u00edska meno kon\u010diace na \u201eDeluxe\u201c, \u010do je nie\u010do ako vylep\u0161en\u00e1 \u010di aspo\u0148 viac \u010di menej modifikovan\u00e1 verzia p\u00f4vodn\u00e9ho automatu.<\/p>\n<div class=\"WYSIWYG\">\n<h2>O\u00a0AUTOMATE LUCKY LADY CHARM DELUXE<\/h2>\n<p>Lucky Lady\u2019s Charm Deluxe patr\u00ed medzi\u00a0<a href=\"\/sk\/hracie-automaty\/videorecenzie\" data-track=\"\"><strong>najzn\u00e1mej\u0161ie hracie automaty v\u00f4bec<\/strong><\/a>. Je to sp\u00f4soben\u00e9 aj jeho popularitou z\u00a0klasick\u00fdch kamenn\u00fdch kas\u00edn a\u00a0preto ho vyh\u013ead\u00e1vaj\u00fa aj hr\u00e1\u010di online. Predov\u0161etk\u00fdm v\u00a0kas\u00ednach v\u00a0Spojen\u00fdch \u0161t\u00e1toch americk\u00fdch je hojne zast\u00fapen\u00fd. Automat disponuje priemernou n\u00e1vratnos\u0165ou (RTP), ktor\u00e1 m\u00e1 hodnotu 95.13%.<\/p>\n<p>Lucky Lady\u2019s Charm Deluxe nepatr\u00ed medzi \u017eiadne mlad\u00e9 automaty. M\u00e1 ve\u013emi dlh\u00fa trad\u00edciu. Prv\u00ed hr\u00e1\u010di si na \u0148om zahrali u\u017e v\u00a0roku 2006, teda pred jeden\u00e1stimi rokmi. To, \u017ee si i\u00a0po rokoch udr\u017euje tak\u00fato popularitu ukazuje, \u017ee to je skuto\u010dne ve\u013emi zauj\u00edmav\u00fd automat, ktor\u00fd poskytuje ve\u013ek\u00e9 mno\u017estvo hr\u00e1\u010dskeho vy\u017eitia. V\u00a0ponuke ho m\u00e1 viacero online kas\u00edn.<\/p>\n<p>Ve\u013ek\u00fd \u00faspech p\u00f4vodn\u00e9ho Lucky Lady\u2019s Charm sp\u00f4sobil, \u017ee spolo\u010dnos\u0165 Novomatic sa rozhodla vyda\u0165 modifikovan\u00fa verziu tohto automatu s\u00a0takmer navlas toto\u017en\u00fdm n\u00e1zvom \u2013 Lucky Lady\u2019s Charm Deluxe. Ako tomu b\u00fdva v\u00a0podobn\u00fdch pr\u00edpadoch, nie sme svedkami identick\u00e9ho automatu, ale vylep\u0161en\u00e9ho a\u00a0modifikovan\u00e9ho online slotu, ktor\u00fd m\u00e1 potenci\u00e1l z\u00edska\u0165 si srdcia hr\u00e1\u010dov.<\/p>\n<p>Lucky Lady\u2019s Charm Deluxe zostal na\u010falej modern\u00fdm druhom automatu s\u00a0piatimi valcami. Tie najv\u00e4\u010d\u0161ie zmeny dost\u00e1la grafika, \u0161trukt\u00fary odmien a\u00a0niektor\u00e9 bonusov\u00e9 funkcie. Inak sa Novomatic sna\u017eil zachova\u0165 p\u00f4vodn\u00fd automat tak\u00fd, aby bol. Vylep\u0161enia s\u00fa v\u0161ak rozhodne k\u00a0prospechu, ke\u010f\u017ee ak u\u017e ni\u010d in\u00e9, pos\u00favaj\u00fa hr\u00e1\u010dsky z\u00e1\u017eitok op\u00e4\u0165 na vy\u0161\u0161\u00ed level.<\/p>\n<p>\u010co st\u00e1lo a\u00a0st\u00e1le stoj\u00ed za popularitou Lucky Lady\u2019s Charm Deluxe? Okrem vizu\u00e1lnej str\u00e1nky automatu je to i\u00a0jeho charakteristika. Tento automat sa toti\u017e m\u00f4\u017ee pop\u00fd\u0161i\u0165 modern\u00fdmi piatimi valcami spojen\u00fdch s\u00a0desiatimi v\u00fdhern\u00fdmi l\u00edniami. Automat je v\u010faka \u0161trukt\u00fare odmien nastaven\u00fd tak, \u017ee sa na \u0148om daj\u00fa dosahova\u0165 ve\u013emi \u0161tedr\u00e9 a\u00a0vysok\u00e9 v\u00fdhry.<\/p>\n<h2>AKO HRA\u0164 AUTOMAT LUCKY LADY CHARM DELUXE<\/h2>\n<p>Mo\u017enos\u0165 vysok\u00fdch v\u00fdhier je kombin\u00e1ciou dvoch faktorov \u2013 odmien za symboly a toho, ako s\u00fa nastaven\u00e9 bonusy. Tak napr\u00edklad, tri k\u00fazeln\u00e9 (kry\u0161t\u00e1lov\u00e9) gule na valcoch v\u00a0spr\u00e1vnych poz\u00edci\u00e1ch znamenaj\u00fa zisk p\u00e4tn\u00e1stich bezplatn\u00fdch zato\u010den\u00ed v\u00a0r\u00e1mci ktor\u00fdch s\u00fa navy\u0161e v\u0161etky v\u00fdhry strojn\u00e1soben\u00e9. Pekn\u00e9 v\u00fdhry sa v\u0161ak samozrejme daj\u00fa dosahova\u0165 aj v\u00a0r\u00e1mci be\u017en\u00fdch zato\u010den\u00ed mimo bonusov\u00fdch k\u00f4l.<\/p>\n<p>Lucky Lady\u2019s Charm Deluxe je samozrejme tvoren\u00fd viacer\u00fdmi symbolmi, nielen k\u00fazelnou gu\u013eou, ktor\u00e1 tu funguje ako takzvan\u00fd scatter. Okmre toho tu m\u00e1m symboly z\u00a0kariet, ako aj \u010fal\u0161ie symboly ako napr\u00edklad zlat\u00e1 minca, \u010fatelinov\u00fd list a\u00a0in\u00e9. Okrem symbolu gule je tie\u017e d\u00f4le\u017eit\u00fd symbol \u017eeny s\u00a0blon\u010fav\u00fdmi vlasmi, ktor\u00e1 v\u00a0tejto hre funguje ako \u017dol\u00edk.<\/p>\n<p>Lady Luck, ako sa ozna\u010duje, nahr\u00e1dza na valcoch ak\u00fdko\u013evek symbol, vr\u00e1tane scatter symbolu s\u00a0kri\u0161t\u00e1\u013eovou gu\u013eou a\u00a0dotv\u00e1ra tak v\u00fdhern\u00fa l\u00edniu. T\u00fdm, \u017ee z\u00a0tohto nevylu\u010duje ani scatter symbol, zvy\u0161uje \u0161ancu na to, \u017ee z\u00edskate\u00a0<a href=\"\/sk\/hracie-automaty\/pretocenie-zdarma\" data-track=\"\"><strong>bezplatn\u00e9 zato\u010denia<\/strong><\/a>\u00a0a\u00a0s\u00a0t\u00fdm aj \u0161ancu na to vyhra\u0165 dodato\u010dn\u00e9 peniaze. Navy\u0161e, ak\u00e1ko\u013evek v\u00fdhra s\u00a0vyu\u017eit\u00edm tohto symbolu je okam\u017eite zdvojn\u00e1soben\u00e1.<\/p>\n<p>Lucky Lady\u2019s Charm Deluxe disponuje aj bonusovou hrou. T\u00e1 sa sp\u00fa\u0161\u0165a automaticky, nie je pre \u0148u potrebn\u00e9 skompletova\u0165 na valcoch \u017eiadne symboly. Je potrebn\u00e9 splni\u0165 jedin\u00fa podmienku \u2013 vyhra\u0165 v\u00a0r\u00e1mci dan\u00e9ho kola. Potom sa m\u00f4\u017eete pusti\u0165 do bonusovej hry. Ak ju vyhr\u00e1te a\u00a0uh\u00e1dnete spr\u00e1vnu kartu, z\u00edskate dvojn\u00e1sobok toho, \u010do by ste vyhrali v\u00a0poslednej hre.<\/p>\n<p>Samotn\u00e1 hra je pritom ve\u013emi jednoduch\u00e1. Najprv si zvol\u00edte, na ko\u013eko z\u00a0desiatich v\u00fdhern\u00fdch l\u00ednii sa rozhodnete vsadi\u0165. Potom si ur\u010d\u00edte, ak\u00fa sumu na ka\u017ed\u00fa l\u00edniu vsad\u00edte. A\u00a0potom v\u00e1m u\u017e len sta\u010d\u00ed stla\u010di\u0165 \u201espin\u201c (zato\u010di\u0165) valce sa rozto\u010dia a\u00a0vy si u\u017e len po\u010dk\u00e1te na to, \u010di vyhr\u00e1te alebo nie. V\u0161etky v\u00fdhry s\u00fa po\u010d\u00edtan\u00e9 z\u013eava do prava s\u00a0v\u00fdnimkou scatterov, kde toto nerozhoduje.<\/p>\n<\/div>\n<section class=\"attributes\">\n<h2>R\u00ddCHLY PREH\u013dAD<\/h2>\n<div>\n<ul>\n<li><span class=\"heading\">Bonusov\u00e9 kolo:<\/span>\u00a0\u00c1no<\/li>\n<li><span class=\"heading\">Rozptylov\u00fd:<\/span>\u00a0\u00c1no<\/li>\n<li><span class=\"heading\">Preto\u010denia zdarma:<\/span>\u00a0\u00c1no<\/li>\n<\/ul>\n<h2>LUCKY LADY CHARM DELUXE ZADARMO A\u00a0ZA PENIAZE<\/h2>\n<p>Aj pri automate Lucky Lady\u2019s Charm Deluxe sa m\u00f4\u017eete rozhodn\u00fa\u0165 o\u00a0tom, ako ho budete hra\u0165. Preferujete z\u00e1bavu pred rizikom? Hrajte Lucky Lady\u2019s Charm Deluxe zadarmo. Chcete si pri tom aj \u010do-to zarobi\u0165? Vysk\u00fa\u0161ajte si t\u00fato hru zahra\u0165 so skuto\u010dn\u00fdmi peniazmi. Kvalitn\u00e9 online casino v\u00e1m pon\u00fakne jedno i\u00a0druh\u00e9 a\u00a0vy si budete m\u00f4c\u0165 vybra\u0165.<\/p>\n<p>\u010ci u\u017e sa rozhodnete hra\u0165 tak alebo onak, v\u017edy budete hra\u0165 s\u00a0toto\u017enou \u0161trukt\u00farou v\u00fdhier. Tie sa odv\u00edjaj\u00fa jednak od\u00a0ve\u013ekosti st\u00e1vky a\u00a0druhak od toho, ak\u00e9 symboly vytvor\u00edte ako tie v\u00fdhern\u00e9 na valcoch. Pri niektor\u00fdch symboloch (ako napr\u00edklad deviatka) sta\u010d\u00ed l\u00ednia s\u00a0dvomi symbolmi, pri in\u00fdch potrebujete tri. Tradi\u010dne plat\u00ed, \u010d\u00edm viac symbolov, t\u00fdm je aj v\u00e4\u010d\u0161ia v\u00fdhra.<\/p>\n<p>M\u00f4\u017eete vyhra\u0165 od dvojn\u00e1sobku st\u00e1vky (napr\u00edklad za dve deviatky) a\u017e po astronomick\u00fdch 9000-tis\u00edc v\u00a0n\u00e1sobku st\u00e1vky. T\u00fdmto najhodnotnej\u0161\u00edm symbolom je symbol Lucky Lady, teda \u017eeny \u010di diev\u010da\u0165a s\u00a0blon\u010fav\u00fdmi vlasmi a\u00a0s\u00a0nepatrn\u00fdm \u00fasmevom na tv\u00e1ri. Dev\u00e4\u0165tis\u00edc n\u00e1sobok va\u0161ej st\u00e1vky z\u00edskate v\u00a0pr\u00edpade, \u017ee na valcoch \u201evyto\u010d\u00edte\u201c v\u00a0jedinej hre p\u00e4\u0165kr\u00e1t tento symbol.<\/p>\n<h2>LUCKY LADY\u2019S CHARM DELUXE NA MOBILE<\/h2>\n<p>V\u00fdhodou tohto automatu je to, \u017ee si ho m\u00f4\u017eete zahra\u0165 na r\u00f4znych platform\u00e1ch. Nie je to pritom obvykl\u00e9, s\u00fa casinov\u00e9 hry, ktor\u00e9 si zahr\u00e1te napr\u00edklad len na po\u010d\u00edta\u010di. Toto v\u00a0pr\u00edpade Lucky Lady\u2019s Charm Deluxe v\u0161ak neplat\u00ed. Zahr\u00e1te si ju na tabletoch, mobiloch, po\u010d\u00edta\u010di \u2013 na \u010dom v\u0161etkom budete chcie\u0165. A\u00a0to \u010di u\u017e zadarmo, tak aj o\u00a0skuto\u010dn\u00e9 peniaze.<\/p>\n<h2>JACKPOT NA LUCKY LADY\u00b4S CHARM DELUXE<\/h2>\n<p>Chcete vedie\u0165 ako vyhra\u0165 na Lucky Lady\u00b4s Charm Deluxe jackpot? Je to jednoduch\u00e9, sta\u010d\u00ed vytvori\u0165 v\u00fdhern\u00fa l\u00edniu zlo\u017een\u00fa z\u00a0piatich identick\u00fdch symbolov Lucky Lady, teda diev\u010da\u0165a s\u00a0blond vlasmi. Tak\u00fdchto p\u00e4\u0165 symbolov v\u00e1m m\u00f4\u017ee vynies\u0165 a\u017e \u20ac90.000, za predpokladu, \u017ee zariskujete a\u00a0vsad\u00edte maximum, teda \u20ac100.<\/p>\n<p>Vo v\u0161eobecnosti mo\u017eno nap\u00edsa\u0165, \u017ee maxim\u00e1lna v\u00fdhra v\u00a0tejto hre je 900-n\u00e1sobkom st\u00e1vky. Nezab\u00fadajte v\u0161ak, \u017ee t\u00e1to hra pon\u00faka aj funkciu Gamble a\u00a0v\u00a0pr\u00edpade, \u017ee uh\u00e1dnete farbu poslednej karty v\u00a0bal\u00ed\u010dku, z\u00edskate 2-n\u00e1sobok z\u00a0v\u00fdhry. A\u00a0tak r\u00e1zom m\u00f4\u017ee by\u0165 z \u20ac90.000 suma \u20ac180.000!<\/p>\n<h2>NA Z\u00c1VER<\/h2>\n<p>Lucky Lady\u2019s Charm Deluxe je jeden z\u00a0najzn\u00e1mej\u0161\u00edch a\u00a0najz\u00e1bavnej\u0161\u00edch automatov z\u00a0dielne renomovan\u00e9ho v\u00fdvoj\u00e1ra Novomatic. P\u00e4\u0165 v\u00fdhern\u00fdch l\u00ednii, kvalitn\u00e1 grafika, bonusov\u00e9 kolo, bezplatn\u00e9 zato\u010denia, Scatter symbol, jackpot, mobiln\u00e1 hra. Dalo by sa poveda\u0165, \u017ee Lucky Lady\u2019s Charm Deluxe pon\u00faka skoro v\u0161etko. Je teda u\u017e len na v\u00e1s, aby ste si ho zapli a\u00a0r\u00fdchlo uvid\u00edte, \u010di je Lucky Lady naklonen\u00e1 na va\u0161u stranu.<\/p>\n<div><\/div>\n<section class=\"testimonials widgetWrapper\" data-widget-id=\"75027\" data-widget-type=\"Testimonials\">\n<h2>N\u00c1ZORY \u010cITATE\u013dOV<\/h2>\n<div class=\"row testimonialWrapper\">\n<div class=\"col-xs-12 col-sm-6 testimonialItem\">\n<div class=\"messageBubble\">&#8222;\u010eal\u0161ia nestarn\u00faca klasika. \u0164a\u017eko uveri\u0165, \u017ee tento automat u\u017e m\u00e1 vy\u0161e desa\u0165 rokov. Je st\u00e1le lep\u0161\u00ed a z\u00e1bavnej\u0161\u00ed, ne\u017e mnoh\u00e9 modern\u00e9 a s\u00fa\u010dasn\u00e9 automaty a pri tom je to vlastne dos\u0165 jednoduch\u00fd slot, s jednoduch\u00fdm dizajnom. Jedin\u00e1 \u0161koda, \u017ee tento automat m\u00e1 n\u00edzku RTP (\u00fadajne len nie\u010do cez 95%), ma\u0165 tak o percento \u010di dve viac, je to u\u017e absol\u00fatna topka! Ale i bez toho si ho v\u017edy r\u00e1d zahr\u00e1m.&#8220;<\/div>\n<\/div>\n<\/div>\n<\/section>\n<\/div>\n<\/section>\n<\/div>\n<\/div>\n<\/div><\/div><\/div><\/div><\/div><\/div><\/div><\/section>\n","protected":false},"excerpt":{"rendered":"Nie je to v\u017edy pravidlom, ale z\u00a0\u010dasu na \u010das popularita ur\u010dit\u00e9ho automatu prin\u00fati spolo\u010dnos\u0165, ktor\u00e1 ho vytvorila k\u00a0tomu, aby vydala viac \u010di menej identick\u00fd automat. Ke\u010f sa tak stane, tento nov\u00fd automat nezriedka z\u00edska meno kon\u010diace na \u201eDeluxe\u201c, \u010do je nie\u010do ako vylep\u0161en\u00e1 \u010di aspo\u0148 viac \u010di menej modifikovan\u00e1 verzia p\u00f4vodn\u00e9ho automatu. O\u00a0AUTOMATE LUCKY LADY...","protected":false},"author":1,"featured_media":0,"parent":0,"menu_order":0,"comment_status":"closed","ping_status":"closed","template":"","meta":{"_acf_changed":false,"footnotes":""},"class_list":["post-2484","page","type-page","status-publish","hentry"],"acf":[],"rankMath":{"parentDomain":"onlinebettingspace.com","noFollowDomains":[],"noFollowExcludeDomains":[],"noFollowExternalLinks":false,"featuredImageNotice":"The featured image should be at least 200 by 200 pixels to be picked up by Facebook and other social media sites.","pluginReviewed":true,"postSettings":{"linkSuggestions":true,"useFocusKeyword":false},"frontEndScore":false,"postName":"lucky-ladys-charm-deluxe-recenzia","permalinkFormat":"https:\/\/onlinebettingspace.com\/sk\/%pagename%\/","showLockModifiedDate":true,"assessor":{"focusKeywordLink":"https:\/\/onlinebettingspace.com\/wp-admin\/edit.php?focus_keyword=%focus_keyword%&post_type=%post_type%","hasTOCPlugin":false,"primaryTaxonomy":false,"serpData":{"title":"Hrac\u00ed automat Lucky Lady's Charm Deluxe - recenzia","description":"Online hrac\u00ed automat Lucky Lady\u2019s Charm Deluxe od Novomaticu pon\u00faka v\u0161etko to, po \u010dom hr\u00e1\u010di t\u00fa\u017eia \u2013 jackpot, bezplatn\u00e9 zato\u010denia i bonusov\u00fa hru.","focusKeywords":"","pillarContent":false,"canonicalUrl":"","breadcrumbTitle":"","advancedRobots":[],"facebookTitle":"","facebookDescription":"","facebookImage":"","facebookImageID":"","facebookHasOverlay":false,"facebookImageOverlay":"","facebookAuthor":"","twitterCardType":"","twitterUseFacebook":true,"twitterTitle":"","twitterDescription":"","twitterImage":"","twitterImageID":"","twitterHasOverlay":false,"twitterImageOverlay":"","twitterPlayerUrl":"","twitterPlayerSize":"","twitterPlayerStream":"","twitterPlayerStreamCtype":"","twitterAppDescription":"","twitterAppIphoneName":"","twitterAppIphoneID":"","twitterAppIphoneUrl":"","twitterAppIpadName":"","twitterAppIpadID":"","twitterAppIpadUrl":"","twitterAppGoogleplayName":"","twitterAppGoogleplayID":"","twitterAppGoogleplayUrl":"","twitterAppCountry":"","robots":{"index":true},"twitterAuthor":"username","primaryTerm":0,"authorName":"OBSAdmin","titleTemplate":"%title% %sep% %sitename%","descriptionTemplate":"%excerpt%","showScoreFrontend":true,"lockModifiedDate":false},"powerWords":[],"diacritics":{"A":"[\\u0041\\u24B6\\uFF21\\u00C0\\u00C1\\u00C2\\u1EA6\\u1EA4\\u1EAA\\u1EA8\\u00C3\\u0100\\u0102\\u1EB0\\u1EAE\\u1EB4\\u1EB2\\u0226\\u01E0\\u00C4\\u01DE\\u1EA2\\u00C5\\u01FA\\u01CD\\u0200\\u0202\\u1EA0\\u1EAC\\u1EB6\\u1E00\\u0104\\u023A\\u2C6F]","AA":"[\\uA732]","AE":"[\\u00C6\\u01FC\\u01E2]","AO":"[\\uA734]","AU":"[\\uA736]","AV":"[\\uA738\\uA73A]","AY":"[\\uA73C]","B":"[\\u0042\\u24B7\\uFF22\\u1E02\\u1E04\\u1E06\\u0243\\u0182\\u0181]","C":"[\\u0043\\u24B8\\uFF23\\u0106\\u0108\\u010A\\u010C\\u00C7\\u1E08\\u0187\\u023B\\uA73E]","D":"[\\u0044\\u24B9\\uFF24\\u1E0A\\u010E\\u1E0C\\u1E10\\u1E12\\u1E0E\\u0110\\u018B\\u018A\\u0189\\uA779]","DZ":"[\\u01F1\\u01C4]","Dz":"[\\u01F2\\u01C5]","E":"[\\u0045\\u24BA\\uFF25\\u00C8\\u00C9\\u00CA\\u1EC0\\u1EBE\\u1EC4\\u1EC2\\u1EBC\\u0112\\u1E14\\u1E16\\u0114\\u0116\\u00CB\\u1EBA\\u011A\\u0204\\u0206\\u1EB8\\u1EC6\\u0228\\u1E1C\\u0118\\u1E18\\u1E1A\\u0190\\u018E]","F":"[\\u0046\\u24BB\\uFF26\\u1E1E\\u0191\\uA77B]","G":"[\\u0047\\u24BC\\uFF27\\u01F4\\u011C\\u1E20\\u011E\\u0120\\u01E6\\u0122\\u01E4\\u0193\\uA7A0\\uA77D\\uA77E]","H":"[\\u0048\\u24BD\\uFF28\\u0124\\u1E22\\u1E26\\u021E\\u1E24\\u1E28\\u1E2A\\u0126\\u2C67\\u2C75\\uA78D]","I":"[\\u0049\\u24BE\\uFF29\\u00CC\\u00CD\\u00CE\\u0128\\u012A\\u012C\\u0130\\u00CF\\u1E2E\\u1EC8\\u01CF\\u0208\\u020A\\u1ECA\\u012E\\u1E2C\\u0197]","J":"[\\u004A\\u24BF\\uFF2A\\u0134\\u0248]","K":"[\\u004B\\u24C0\\uFF2B\\u1E30\\u01E8\\u1E32\\u0136\\u1E34\\u0198\\u2C69\\uA740\\uA742\\uA744\\uA7A2]","L":"[\\u004C\\u24C1\\uFF2C\\u013F\\u0139\\u013D\\u1E36\\u1E38\\u013B\\u1E3C\\u1E3A\\u0141\\u023D\\u2C62\\u2C60\\uA748\\uA746\\uA780]","LJ":"[\\u01C7]","Lj":"[\\u01C8]","M":"[\\u004D\\u24C2\\uFF2D\\u1E3E\\u1E40\\u1E42\\u2C6E\\u019C]","N":"[\\u004E\\u24C3\\uFF2E\\u01F8\\u0143\\u00D1\\u1E44\\u0147\\u1E46\\u0145\\u1E4A\\u1E48\\u0220\\u019D\\uA790\\uA7A4]","NJ":"[\\u01CA]","Nj":"[\\u01CB]","O":"[\\u004F\\u24C4\\uFF2F\\u00D2\\u00D3\\u00D4\\u1ED2\\u1ED0\\u1ED6\\u1ED4\\u00D5\\u1E4C\\u022C\\u1E4E\\u014C\\u1E50\\u1E52\\u014E\\u022E\\u0230\\u00D6\\u022A\\u1ECE\\u0150\\u01D1\\u020C\\u020E\\u01A0\\u1EDC\\u1EDA\\u1EE0\\u1EDE\\u1EE2\\u1ECC\\u1ED8\\u01EA\\u01EC\\u00D8\\u01FE\\u0186\\u019F\\uA74A\\uA74C]","OI":"[\\u01A2]","OO":"[\\uA74E]","OU":"[\\u0222]","P":"[\\u0050\\u24C5\\uFF30\\u1E54\\u1E56\\u01A4\\u2C63\\uA750\\uA752\\uA754]","Q":"[\\u0051\\u24C6\\uFF31\\uA756\\uA758\\u024A]","R":"[\\u0052\\u24C7\\uFF32\\u0154\\u1E58\\u0158\\u0210\\u0212\\u1E5A\\u1E5C\\u0156\\u1E5E\\u024C\\u2C64\\uA75A\\uA7A6\\uA782]","S":"[\\u0053\\u24C8\\uFF33\\u1E9E\\u015A\\u1E64\\u015C\\u1E60\\u0160\\u1E66\\u1E62\\u1E68\\u0218\\u015E\\u2C7E\\uA7A8\\uA784]","T":"[\\u0054\\u24C9\\uFF34\\u1E6A\\u0164\\u1E6C\\u021A\\u0162\\u1E70\\u1E6E\\u0166\\u01AC\\u01AE\\u023E\\uA786]","TZ":"[\\uA728]","U":"[\\u0055\\u24CA\\uFF35\\u00D9\\u00DA\\u00DB\\u0168\\u1E78\\u016A\\u1E7A\\u016C\\u00DC\\u01DB\\u01D7\\u01D5\\u01D9\\u1EE6\\u016E\\u0170\\u01D3\\u0214\\u0216\\u01AF\\u1EEA\\u1EE8\\u1EEE\\u1EEC\\u1EF0\\u1EE4\\u1E72\\u0172\\u1E76\\u1E74\\u0244]","V":"[\\u0056\\u24CB\\uFF36\\u1E7C\\u1E7E\\u01B2\\uA75E\\u0245]","VY":"[\\uA760]","W":"[\\u0057\\u24CC\\uFF37\\u1E80\\u1E82\\u0174\\u1E86\\u1E84\\u1E88\\u2C72]","X":"[\\u0058\\u24CD\\uFF38\\u1E8A\\u1E8C]","Y":"[\\u0059\\u24CE\\uFF39\\u1EF2\\u00DD\\u0176\\u1EF8\\u0232\\u1E8E\\u0178\\u1EF6\\u1EF4\\u01B3\\u024E\\u1EFE]","Z":"[\\u005A\\u24CF\\uFF3A\\u0179\\u1E90\\u017B\\u017D\\u1E92\\u1E94\\u01B5\\u0224\\u2C7F\\u2C6B\\uA762]","a":"[\\u0061\\u24D0\\uFF41\\u1E9A\\u00E0\\u00E1\\u00E2\\u1EA7\\u1EA5\\u1EAB\\u1EA9\\u00E3\\u0101\\u0103\\u1EB1\\u1EAF\\u1EB5\\u1EB3\\u0227\\u01E1\\u00E4\\u01DF\\u1EA3\\u00E5\\u01FB\\u01CE\\u0201\\u0203\\u1EA1\\u1EAD\\u1EB7\\u1E01\\u0105\\u2C65\\u0250]","aa":"[\\uA733]","ae":"[\\u00E6\\u01FD\\u01E3]","ao":"[\\uA735]","au":"[\\uA737]","av":"[\\uA739\\uA73B]","ay":"[\\uA73D]","b":"[\\u0062\\u24D1\\uFF42\\u1E03\\u1E05\\u1E07\\u0180\\u0183\\u0253]","c":"[\\u0063\\u24D2\\uFF43\\u0107\\u0109\\u010B\\u010D\\u00E7\\u1E09\\u0188\\u023C\\uA73F\\u2184]","d":"[\\u0064\\u24D3\\uFF44\\u1E0B\\u010F\\u1E0D\\u1E11\\u1E13\\u1E0F\\u0111\\u018C\\u0256\\u0257\\uA77A]","dz":"[\\u01F3\\u01C6]","e":"[\\u0065\\u24D4\\uFF45\\u00E8\\u00E9\\u00EA\\u1EC1\\u1EBF\\u1EC5\\u1EC3\\u1EBD\\u0113\\u1E15\\u1E17\\u0115\\u0117\\u00EB\\u1EBB\\u011B\\u0205\\u0207\\u1EB9\\u1EC7\\u0229\\u1E1D\\u0119\\u1E19\\u1E1B\\u0247\\u025B\\u01DD]","f":"[\\u0066\\u24D5\\uFF46\\u1E1F\\u0192\\uA77C]","g":"[\\u0067\\u24D6\\uFF47\\u01F5\\u011D\\u1E21\\u011F\\u0121\\u01E7\\u0123\\u01E5\\u0260\\uA7A1\\u1D79\\uA77F]","h":"[\\u0068\\u24D7\\uFF48\\u0125\\u1E23\\u1E27\\u021F\\u1E25\\u1E29\\u1E2B\\u1E96\\u0127\\u2C68\\u2C76\\u0265]","hv":"[\\u0195]","i":"[\\u0069\\u24D8\\uFF49\\u00EC\\u00ED\\u00EE\\u0129\\u012B\\u012D\\u00EF\\u1E2F\\u1EC9\\u01D0\\u0209\\u020B\\u1ECB\\u012F\\u1E2D\\u0268\\u0131]","j":"[\\u006A\\u24D9\\uFF4A\\u0135\\u01F0\\u0249]","k":"[\\u006B\\u24DA\\uFF4B\\u1E31\\u01E9\\u1E33\\u0137\\u1E35\\u0199\\u2C6A\\uA741\\uA743\\uA745\\uA7A3]","l":"[\\u006C\\u24DB\\uFF4C\\u0140\\u013A\\u013E\\u1E37\\u1E39\\u013C\\u1E3D\\u1E3B\\u017F\\u0142\\u019A\\u026B\\u2C61\\uA749\\uA781\\uA747]","lj":"[\\u01C9]","m":"[\\u006D\\u24DC\\uFF4D\\u1E3F\\u1E41\\u1E43\\u0271\\u026F]","n":"[\\u006E\\u24DD\\uFF4E\\u01F9\\u0144\\u00F1\\u1E45\\u0148\\u1E47\\u0146\\u1E4B\\u1E49\\u019E\\u0272\\u0149\\uA791\\uA7A5]","nj":"[\\u01CC]","o":"[\\u006F\\u24DE\\uFF4F\\u00F2\\u00F3\\u00F4\\u1ED3\\u1ED1\\u1ED7\\u1ED5\\u00F5\\u1E4D\\u022D\\u1E4F\\u014D\\u1E51\\u1E53\\u014F\\u022F\\u0231\\u00F6\\u022B\\u1ECF\\u0151\\u01D2\\u020D\\u020F\\u01A1\\u1EDD\\u1EDB\\u1EE1\\u1EDF\\u1EE3\\u1ECD\\u1ED9\\u01EB\\u01ED\\u00F8\\u01FF\\u0254\\uA74B\\uA74D\\u0275]","oi":"[\\u01A3]","ou":"[\\u0223]","oo":"[\\uA74F]","p":"[\\u0070\\u24DF\\uFF50\\u1E55\\u1E57\\u01A5\\u1D7D\\uA751\\uA753\\uA755]","q":"[\\u0071\\u24E0\\uFF51\\u024B\\uA757\\uA759]","r":"[\\u0072\\u24E1\\uFF52\\u0155\\u1E59\\u0159\\u0211\\u0213\\u1E5B\\u1E5D\\u0157\\u1E5F\\u024D\\u027D\\uA75B\\uA7A7\\uA783]","s":"[\\u0073\\u24E2\\uFF53\\u015B\\u1E65\\u015D\\u1E61\\u0161\\u1E67\\u1E63\\u1E69\\u0219\\u015F\\u023F\\uA7A9\\uA785\\u1E9B]","ss":"[\\u00DF]","t":"[\\u0074\\u24E3\\uFF54\\u1E6B\\u1E97\\u0165\\u1E6D\\u021B\\u0163\\u1E71\\u1E6F\\u0167\\u01AD\\u0288\\u2C66\\uA787]","tz":"[\\uA729]","u":"[\\u0075\\u24E4\\uFF55\\u00F9\\u00FA\\u00FB\\u0169\\u1E79\\u016B\\u1E7B\\u016D\\u00FC\\u01DC\\u01D8\\u01D6\\u01DA\\u1EE7\\u016F\\u0171\\u01D4\\u0215\\u0217\\u01B0\\u1EEB\\u1EE9\\u1EEF\\u1EED\\u1EF1\\u1EE5\\u1E73\\u0173\\u1E77\\u1E75\\u0289]","v":"[\\u0076\\u24E5\\uFF56\\u1E7D\\u1E7F\\u028B\\uA75F\\u028C]","vy":"[\\uA761]","w":"[\\u0077\\u24E6\\uFF57\\u1E81\\u1E83\\u0175\\u1E87\\u1E85\\u1E98\\u1E89\\u2C73]","x":"[\\u0078\\u24E7\\uFF58\\u1E8B\\u1E8D]","y":"[\\u0079\\u24E8\\uFF59\\u1EF3\\u00FD\\u0177\\u1EF9\\u0233\\u1E8F\\u00FF\\u1EF7\\u1E99\\u1EF5\\u01B4\\u024F\\u1EFF]","z":"[\\u007A\\u24E9\\uFF5A\\u017A\\u1E91\\u017C\\u017E\\u1E93\\u1E95\\u01B6\\u0225\\u0240\\u2C6C\\uA763]"},"researchesTests":["contentHasTOC","contentHasShortParagraphs","contentHasAssets","keywordInTitle","keywordInMetaDescription","keywordInPermalink","keywordIn10Percent","keywordInContent","keywordInSubheadings","keywordInImageAlt","keywordDensity","keywordNotUsed","lengthContent","lengthPermalink","linksHasInternal","linksHasExternals","linksNotAllExternals","titleStartWithKeyword","titleSentiment","titleHasPowerWords","titleHasNumber","hasContentAI"],"hasRedirection":true,"hasBreadcrumb":false},"homeUrl":"https:\/\/onlinebettingspace.com\/sk\/","objectID":2484,"objectType":"post","locale":"sk","localeFull":"sk_SK","overlayImages":{"play":{"name":"Play icon","url":"https:\/\/onlinebettingspace.com\/wp-content\/plugins\/seo-by-rank-math\/assets\/admin\/img\/icon-play.png","path":"\/home\/SuperAdmin\/web\/onlinebettingspace.com\/public_html\/wp-content\/plugins\/seo-by-rank-math\/assets\/admin\/img\/icon-play.png","position":"middle_center"},"gif":{"name":"GIF icon","url":"https:\/\/onlinebettingspace.com\/wp-content\/plugins\/seo-by-rank-math\/assets\/admin\/img\/icon-gif.png","path":"\/home\/SuperAdmin\/web\/onlinebettingspace.com\/public_html\/wp-content\/plugins\/seo-by-rank-math\/assets\/admin\/img\/icon-gif.png","position":"middle_center"}},"defautOgImage":"https:\/\/onlinebettingspace.com\/wp-content\/uploads\/2022\/04\/OBS-FULL-LOGO.webp","customPermalinks":true,"isUserRegistered":true,"autoSuggestKeywords":true,"connectSiteUrl":"https:\/\/rankmath.com\/auth?site=https%3A%2F%2Fonlinebettingspace.com%2Fsk%2F&r=https%3A%2F%2Fonlinebettingspace.com%2Fsk%2Fwp-json%2Fwp%2Fv2%2Fpages%2F2484%3Fnonce%3Df9d87e47fa","maxTags":5,"trendsIcon":"<svg viewBox=\"0 0 610 610\"><path d=\"M18.85,446,174.32,290.48l58.08,58.08L76.93,504a14.54,14.54,0,0,1-20.55,0L18.83,466.48a14.54,14.54,0,0,1,0-20.55Z\" style=\"fill:#4285f4\"\/><path d=\"M242.65,242.66,377.59,377.6l-47.75,47.75a14.54,14.54,0,0,1-20.55,0L174.37,290.43l47.75-47.75A14.52,14.52,0,0,1,242.65,242.66Z\" style=\"fill:#ea4335\"\/><polygon points=\"319.53 319.53 479.26 159.8 537.34 217.88 377.61 377.62 319.53 319.53\" style=\"fill:#fabb05\"\/><path d=\"M594.26,262.73V118.61h0a16.94,16.94,0,0,0-16.94-16.94H433.2a16.94,16.94,0,0,0-12,28.92L565.34,274.71h0a16.94,16.94,0,0,0,28.92-12Z\" style=\"fill:#34a853\"\/><rect width=\"610\" height=\"610\" style=\"fill:none\"\/><\/svg>","showScore":true,"siteFavIcon":"https:\/\/onlinebettingspace.com\/wp-content\/uploads\/2022\/04\/OBS-LOGO-1.webp","canUser":{"general":false,"advanced":false,"snippet":false,"social":false,"analysis":false,"analytics":false,"content_ai":false},"showKeywordIntent":true,"isPro":false,"is_front_page":false,"trendsUpgradeLink":"https:\/\/rankmath.com\/pricing\/?utm_source=Plugin&utm_medium=CE%20General%20Tab%20Trends&utm_campaign=WP","trendsUpgradeLabel":"Upgrade","trendsPreviewImage":"https:\/\/onlinebettingspace.com\/wp-content\/plugins\/seo-by-rank-math\/assets\/admin\/img\/trends-preview.jpg","currentEditor":false,"homepageData":{"assessor":{"powerWords":[],"diacritics":true,"researchesTests":["contentHasTOC","contentHasShortParagraphs","contentHasAssets","keywordInTitle","keywordInMetaDescription","keywordInPermalink","keywordIn10Percent","keywordInContent","keywordInSubheadings","keywordInImageAlt","keywordDensity","keywordNotUsed","lengthContent","lengthPermalink","linksHasInternal","linksHasExternals","linksNotAllExternals","titleStartWithKeyword","titleSentiment","titleHasPowerWords","titleHasNumber","hasContentAI"],"hasBreadcrumb":false,"serpData":{"title":"%sitename% %page% %sep% %sitedesc%","description":"","titleTemplate":"%sitename% %page% %sep% %sitedesc%","descriptionTemplate":"","focusKeywords":"","breadcrumbTitle":"Home","robots":{"index":true},"advancedRobots":[],"facebookTitle":"","facebookDescription":"","facebookImage":"","facebookImageID":""}}},"tocTitle":"Table of Contents","tocExcludeHeadings":[],"listStyle":"ul"},"_links":{"self":[{"href":"https:\/\/onlinebettingspace.com\/sk\/wp-json\/wp\/v2\/pages\/2484","targetHints":{"allow":["GET"]}}],"collection":[{"href":"https:\/\/onlinebettingspace.com\/sk\/wp-json\/wp\/v2\/pages"}],"about":[{"href":"https:\/\/onlinebettingspace.com\/sk\/wp-json\/wp\/v2\/types\/page"}],"author":[{"embeddable":true,"href":"https:\/\/onlinebettingspace.com\/sk\/wp-json\/wp\/v2\/users\/1"}],"replies":[{"embeddable":true,"href":"https:\/\/onlinebettingspace.com\/sk\/wp-json\/wp\/v2\/comments?post=2484"}],"version-history":[{"count":0,"href":"https:\/\/onlinebettingspace.com\/sk\/wp-json\/wp\/v2\/pages\/2484\/revisions"}],"wp:attachment":[{"href":"https:\/\/onlinebettingspace.com\/sk\/wp-json\/wp\/v2\/media?parent=2484"}],"curies":[{"name":"wp","href":"https:\/\/api.w.org\/{rel}","templated":true}]}}