{"id":2469,"date":"2022-08-19T03:07:20","date_gmt":"2022-08-19T00:07:20","guid":{"rendered":"https:\/\/onlinebettingspace.com\/?page_id=2469"},"modified":"2022-08-19T03:07:20","modified_gmt":"2022-08-19T00:07:20","slug":"ovladan-vyhier-pri-online-hracich-automatoch","status":"publish","type":"page","link":"https:\/\/onlinebettingspace.com\/sk\/ovladan-vyhier-pri-online-hracich-automatoch\/","title":{"rendered":"OVLADAN VYHIER PRI ONLINE HRACICH AUTOMATOCH"},"content":{"rendered":"<section class=\"l-section wpb_row height_medium\"><div class=\"l-section-h i-cf\"><div class=\"g-cols vc_row via_flex valign_top type_default stacking_default\"><div class=\"vc_col-sm-12 wpb_column vc_column_container\"><div class=\"vc_column-inner\"><div class=\"wpb_wrapper\"><div class=\"wpb_text_column\"><div class=\"wpb_wrapper\"><h1>DVA TYPY HR\u00c1\u010cOV A DVA PR\u00cdSTUPY K HRE<\/h1>\n<p>Dva typy hr\u00e1\u010dov a dva pr\u00edstupy k hre. Jedni, ktor\u00fdch zauj\u00edma len to, \u010di vyhrali, druh\u00fdch aj to, ako vyhrali a to, ako m\u00f4\u017eu vyhra\u0165. Oba pr\u00edstupy sa l\u00ed\u0161ia v tom, \u017ee k\u00fdm prv\u00ed hr\u00e1\u010di nevyh\u013ead\u00e1vaj\u00fa dodato\u010dn\u00e9 inform\u00e1cie o v\u00fdhrach, t\u00ed druh\u00ed \u00e1no. A\u00a0<a href=\"\/sk\" data-track=\"\"><strong>online casina<\/strong><\/a>\u00a0to ve\u013emi dobre vedia a hr\u00e1\u010dom sa sna\u017eia vyjs\u0165 v \u00fastrety v tom, \u017ee pre nich vytv\u00e1raj\u00fa po\u017eadovan\u00e9 funkcie, aby tak zmaximalizovali ich hr\u00e1\u010dsky z\u00e1\u017eitok.<\/p>\n<h2>\u201eMECHANICK\u00cd\u201c HR\u00c1\u010cI<\/h2>\n<p>Mohli by sme nap\u00edsa\u0165, \u017ee existuj\u00fa dva druhy hr\u00e1\u010dov, ktor\u00ed hr\u00e1vaj\u00fa na hrac\u00edch automatoch a to \u010di u\u017e v \u017eiv\u00fdch kamenn\u00fdch kas\u00ednach alebo online, teda prostredn\u00edctvom po\u010d\u00edta\u010du a napr\u00edklad z domova. Prv\u00fdm typom s\u00fa hr\u00e1\u010di, ktor\u00ed ku hraniu pristupuj\u00fa dalo by sa poveda\u0165 mechanicky a automaticky. Tak\u00ed hr\u00e1\u010di sa rozhodn\u00fa o tom, ko\u013eko vsadia, rozto\u010dia stroj a u\u017e si len po\u010dkaj\u00fa na to, \u010di nie\u010do vyhraj\u00fa alebo nie.<\/p>\n<p>T\u00e1to skupina hr\u00e1\u010dov pristupuje ku\u00a0<a href=\"\/sk\/hracie-automaty\" data-track=\"\"><strong>hre na hrac\u00edch automatoch<\/strong><\/a>\u00a0ako ku nie\u010domu, v \u010dom o ich \u00faspechu \u010di ne\u00faspechu rozhoduj\u00fa oni sami, ale prost\u00e1 n\u00e1hoda a \u0161\u0165astena. M\u00f4\u017eu vyhra\u0165, rovnako tak m\u00f4\u017eu aj prehra\u0165. Nezauj\u00edma ich ni\u010d viac, ne\u017e pr\u00e1ve v\u00fdsledok hry. Len pokladaj\u00fa st\u00e1vky a rozt\u00e1\u010daj\u00fa valce. Potom je tu v\u0161ak aj druh\u00fd typ hr\u00e1\u010dov, ktor\u00ed pristupuj\u00fa ku hre ove\u013ea akt\u00edvnej\u0161ie, iniciat\u00edvnej\u0161ie a vlastne aj inak.<\/p>\n<h2>HR\u00c1\u010cI H\u013dADAJ\u00daCI KONTROLU<\/h2>\n<p>Tak\u00edto hr\u00e1\u010di chc\u00fa v\u0161etko vedie\u0165, chc\u00fa ma\u0165 \u010do najv\u00e4\u010d\u0161iu mo\u017en\u00fa kontrolu nad automatom. Nechc\u00fa len mechanicky poda\u0165 st\u00e1vku a po\u010dka\u0165 si na v\u00fdsledok. Napriek tomu, \u017ee vedia, \u017ee nad hrac\u00edm automatom nemaj\u00fa \u017eiadnu kontrolu a nem\u00f4\u017eu ako ovplyvni\u0165 nadch\u00e1dzaj\u00faci v\u00fdsledok, chc\u00fa z\u00edska\u0165 maxim\u00e1lnu mo\u017en\u00fa kontrolu t\u00fdm, \u017ee sa o automate dozvedia \u010do najviac. Predov\u0161etk\u00fdm v\u0161etko o odmen\u00e1ch, ktor\u00e9 sa daj\u00fa z\u00edska\u0165.<\/p>\n<p>K\u00fdm prv\u00fd typ hr\u00e1\u010dov nie\u010do tak\u00e9to nezauj\u00edma, druh\u00fd \u00e1no. Tak\u00edto hr\u00e1\u010di zis\u0165uj\u00fa, ktor\u00e9 kombin\u00e1cie v ak\u00fdch l\u00edni\u00e1ch ko\u013eko vyn\u00e1\u0161aj\u00fa. Chc\u00fa vedie\u0165, ktor\u00e9 symboly s\u00fa v\u00fdnosnej\u0161ie a ktor\u00e9 menej. Chc\u00fa pozna\u0165, ko\u013eko m\u00f4\u017eu vyhra\u0165, ak sa im na obrazovke zjav\u00ed konkr\u00e9tny symbol. Aj t\u00e1to cesta hrania hrac\u00edch automatov m\u00e1 svoje opodstatnenie. \u010cas\u0165 hr\u00e1\u010dov toti\u017e ver\u00ed tomu, \u017ee takto si hru u\u017eij\u00fa e\u0161te o nie\u010do viac, ne\u017e keby to nerobili.<\/p>\n<h2>V\u00c4\u010c\u0160IE POTE\u0160ENIE Z HRY<\/h2>\n<p>Toto ich presved\u010denie vych\u00e1dza z toho, \u017ee \u00farove\u0148 vzru\u0161enia z hry bude narasta\u0165 \u00famerne s t\u00fdm, ako sa obrazovke za\u010dn\u00fa zjavova\u0165 symboly vy\u0161\u0161ej hodnoty. Ak sa na prvom valci objav\u00ed \u201eve\u013ek\u00fd\u201c symbol, ich nad\u0161enie a rados\u0165 narast\u00e1, ke\u010f\u017ee veria, \u017ee mo\u017eno pr\u00e1ve teraz sa im podar\u00ed\u00a0<a href=\"\/sk\/hracie-automaty\/progresivne-jackpoty\" data-track=\"\"><strong>trafi\u0165 vyt\u00fa\u017een\u00fd jackpot<\/strong><\/a>. Tak\u00edto hr\u00e1\u010di hraj\u00fa aj ove\u013ea pomal\u0161ie a vo v\u00fdsledku odohraj\u00fa ove\u013ea men\u0161ie mno\u017estvo hier, ne\u017e takzvan\u00ed mechanick\u00ed hr\u00e1\u010di.<\/p>\n<p>Pre\u010do je v\u0161ak tomu tak? Druh\u00fd typ hr\u00e1\u010dov toti\u017e nepostupuje automaticky a po skon\u010den\u00ed jednej hry u\u017e sp\u00fa\u0161\u0165a \u010fal\u0161iu, ale pr\u00e1ve naopak, \u0161tuduje a zis\u0165uje. Tak\u00fdto hr\u00e1\u010d po skon\u010den\u00ed ka\u017edej hry tr\u00e1vi e\u0161te nejak\u00fd \u010das t\u00fdm, \u017ee zis\u0165uje ko\u013eko a ako to vlastne vyhral. Chce vedie\u0165, ktor\u00e1 l\u00ednia mu toho ko\u013eko priniesla a pre\u010do. Predt\u00fdm, ne\u017e si spust\u00ed \u010fal\u0161iu hru mus\u00ed ma\u0165 pocit, \u017ee t\u00e1to posledn\u00e1 pre neho skon\u010dila.<\/p>\n<h2>KDE NAST\u00c1VA PROBL\u00c9M?<\/h2>\n<p>Ktor\u00fdmko\u013evek hr\u00e1\u010dom ste, neznamen\u00e1 to, \u017ee ste v nie\u010dom hor\u0161\u00ed alebo to, \u017ee by v\u00e1\u0161 pr\u00edstup ku hre bol v nie\u010dom defektn\u00fd. To nie. Ka\u017ed\u00fd hr\u00e1\u010d by mal hra\u0165 predov\u0161etk\u00fdm tak, aby mu to sp\u00f4sobovalo \u010do najv\u00e4\u010d\u0161ie mo\u017en\u00e9 pote\u0161enie. Ak sa tak deje, je jedno, ak\u00fd bol k tomu zvolen\u00fd postup. Druh\u00fd typ hr\u00e1\u010dov v\u0161ak \u010dasto m\u00f4\u017ee narazi\u0165 na probl\u00e9m, ktor\u00fd ich pr\u00edstup ku hre \u00faplne zhat\u00ed \u2013 to, \u017ee jednoducho nem\u00f4\u017eu ma\u0165 v\u0161etko pod kontrolou.<\/p>\n<p>Aby ste porozumeli, na\u00a0<a href=\"\/sk\/hracie-automaty\" data-track=\"\"><strong>klasickom 3-valcovom automate<\/strong><\/a>, ktor\u00fdch je ne\u00farekom, sa automaty a ich v\u00fdplatn\u00e1 \u0161trukt\u00fara zjavuj\u00fa na tej istej obrazovke a s\u00fa tak teda pre hr\u00e1\u010dov jednoducho pr\u00edstupn\u00e9. Okam\u017eite s\u00fa schopn\u00ed zisti\u0165 si to, ko\u013eko a \u010do vyhr\u00e1va alebo si skontrolova\u0165 to, ako a ko\u013eko vyhrali na konkr\u00e9tnej l\u00ednii. Probl\u00e9m v\u0161ak nastane, ke\u010f sa tak\u00edto hr\u00e1\u010di presun\u00fa z t\u00fdchto klasick\u00fdch 3-valcov\u00fdch hrac\u00edch automatov na 5-valcov\u00e9 video automaty.<\/p>\n<h2>AKO PROBL\u00c9M VYRIE\u0160I\u0164?<\/h2>\n<p>V nich u\u017e toti\u017e nie je v\u0161etko pr\u00edstupn\u00e9 na jednej obrazovke, ale na druhej obrazovke. Alebo sa m\u00f4\u017ee sta\u0165, \u017ee v\u0161etky inform\u00e1cie sa mu zjavia a\u017e po tom, \u010do klikn\u00fa na niektor\u00e9 tla\u010d\u00edtko alebo odkaz. Tak\u00fdmto hr\u00e1\u010dom (a\u017e doned\u00e1vna) zost\u00e1vali len dve mo\u017enosti, ako tento probl\u00e9m vyrie\u0161i\u0165, no ani jeden nebol pr\u00e1ve ide\u00e1lny. Prv\u00e1 alternat\u00edva spo\u010d\u00edvala v tom, \u017ee si hr\u00e1\u010di museli zapam\u00e4ta\u0165 takzvan\u00fa odme\u0148ovaciu tabu\u013eku.<\/p>\n<p>To v\u0161ak bolo komplikovan\u00e9 kv\u00f4li tomu, \u017ee symbolov i odmien bolo viacero. Druh\u00fd sp\u00f4sob, tie\u017e nie a\u017e tak v\u00fdborn\u00fd, spo\u010d\u00edval v neust\u00e1lom prep\u00ednan\u00ed medzi valcami a tabu\u013ekou. Ani jeden pr\u00edstup nebol pr\u00e1ve pohodln\u00fd a dlho to vyzeralo, \u017ee online casinov\u00ed hr\u00e1\u010di si nebud\u00fa m\u00f4c\u0165 u\u017ei\u0165 hranie stopercentne a tak ako by vlastne chceli. Cestu von z na prv\u00fd poh\u013ead bludn\u00e9ho kruhu nazna\u010dilo\u00a0<a href=\"\/sk\/casino-softver\/microgaming\" data-track=\"\"><strong>Microgaming<\/strong><\/a>\u00a0Casino.<\/p>\n<h2>AKO TO FUNGUJE?<\/h2>\n<p>Microgaming patr\u00ed medzi inovat\u00edvne casino spolo\u010dnosti, ktor\u00e9 sa sna\u017eia neust\u00e1le prich\u00e1dza\u0165 s nie\u010d\u00edm nov\u00fdm. Pred rokmi do svojich online hrac\u00edch automatov za\u010dlenili \u00faplne nov\u00fa funkciu, ktor\u00e1 reagovala na prost\u00fd dopyt trhu. Rie\u0161enie, s ktor\u00fdm vtedy pri\u0161lo Microgaming bolo jednoduch\u00e9 a bezprobl\u00e9mov\u00e9. Hr\u00e1\u010dovi sta\u010dilo klikn\u00fa\u0165 si na symbol na valci a okam\u017eite mu \u201evybehla\u201c tabu\u013eka s odmenami.<\/p>\n<p>Takto sa hr\u00e1\u010d mohol jednoducho a \u013eahko dop\u00e1tra\u0165 k tomu, ko\u013eko a za \u010do vlastne mohol vyhra\u0165. Tak napr\u00edklad, dozvedel by sa, \u017ee za p\u00e4\u0165 rovnak\u00fdch symbolov z\u00edska 10.000 minc\u00ed, za \u0161tyri 1.000 minc\u00ed a podobne. Hr\u00e1\u010d teda, ak mal z\u00e1ujem, mal inform\u00e1cie na dosah ruky, podobne ako tomu bolo v pr\u00edpade klasick\u00fdch a \u010dasto pou\u017e\u00edvan\u00fdch trojvalcov\u00fdch hrac\u00edch automatoch. Z\u00e1\u017eitok z\u00a0<a href=\"\/sk\/casino-hry\" data-track=\"\"><strong>online hry<\/strong><\/a>\u00a0bol op\u00e4\u0165 o nie\u010do viac intenz\u00edvnej\u0161\u00ed.<\/p>\n<h2>ODKIA\u013d VZI\u0160LA IN\u0160PIR\u00c1CIA?<\/h2>\n<p>Microgaming v tomto pr\u00edpade nemusel ani tak pr\u00edli\u0161 inovova\u0165 a h\u013eada\u0165 rie\u0161enia, ke\u010f\u017ee odpove\u010f le\u017eala cel\u00fd \u010das priamo pod nosom. Microgaming sa pri rie\u0161en\u00ed in\u0161piroval tradi\u010dn\u00fdmi automatmi v kamenn\u00fdch kas\u00ednach. V nich hracie automaty zobrazovali tla\u010didl\u00e1 ku v\u0161etk\u00fdm symbolom na valci. Hr\u00e1\u010d musel jedin\u00e9 \u2013 polo\u017ei\u0165 prst na tla\u010didlo konkr\u00e9tneho symbolu, aby sa mu zjavila kompletn\u00e1 v\u00fdplatn\u00e1 \u0161trukt\u00fara.<\/p>\n<p>V online casinovom svete chv\u00ed\u013eu trvalo, ne\u017e sa t\u00e1to funkcia podarila prenies\u0165 aj sem. Jedin\u00fdm v\u00fdznamnej\u0161\u00edm rozdielom je to, \u017ee na rozdiel od kamenn\u00fdch \u201e\u017eiv\u00fdch\u201c kas\u00edn, tu \u0165uk\u00e1te do \u00faplne virtu\u00e1lnych tla\u010didiel a \u010dastokr\u00e1t to nerob\u00edte prstom, ale prostredn\u00edctvom po\u010d\u00edta\u010dovej my\u0161i. Napriek v\u0161etk\u00e9mu m\u00e1 tak\u00e1to met\u00f3da v porovnan\u00ed s tou, ktor\u00e1 jestvuje u\u017e dlh\u00fa dobu v kamenn\u00fdch kas\u00ednach jednu nev\u00fdhodu.<\/p>\n<p>V kamenn\u00fdch kas\u00ednach m\u00e1 hr\u00e1\u010d pr\u00edstup ku v\u0161etk\u00fdm tla\u010didl\u00e1m v\u0161etk\u00fdch symbolov bez oh\u013eadu na to, \u010di sa v dan\u00fd okamih symbol objavil na valci alebo nie. Pri online hre s\u00fa mo\u017enosti obmedzenej\u0161ie a hr\u00e1\u010d m\u00f4\u017ee vidie\u0165 len tabu\u013eku pre symbol, ktor\u00fd sa pr\u00e1ve uk\u00e1zal na valci a nem\u00f4\u017ee si pozrie\u0165 \u0161trukt\u00faru v\u00fdplat pre \u00faplne v\u0161etky symboly. Nie je to v\u0161ak nev\u00fdhoda, ktor\u00e1 by nejako extr\u00e9mne obmedzovala hr\u00e1\u010dsky z\u00e1\u017eitok.<\/p>\n<h2>Z\u00c1VER<\/h2>\n<p>K\u00fdm v minulosti, dalo by sa poveda\u0165 v za\u010diatkoch online kas\u00ednovej hry, boli hr\u00e1\u010di n\u00faten\u00ed pracne si memorova\u0165 v\u00fdplatn\u00e9 \u0161trukt\u00fary pri jednotliv\u00fdch valcoch alebo neust\u00e1le klika\u0165 a preskakova\u0165 z jedn\u00e9ho okna do druh\u00e9ho, dnes u\u017e to nemusia a hra sa ove\u013ea viac pribl\u00ed\u017eila tomu, \u010do si m\u00f4\u017eu zahra\u0165 v kamenn\u00fdch kas\u00ednach. Aj v\u010faka neust\u00e1lym inov\u00e1ci\u00e1m s\u00fa dnes online kas\u00edna to\u013eko popul\u00e1rne a virtu\u00e1lne ich nav\u0161tevuj\u00fa mili\u00f3ny hr\u00e1\u010dov po celom svete. Je to aj pre to, \u017ee hranica medzi t\u00fdm, \u010do je skuto\u010dn\u00e9 a \u010do je virtu\u00e1lne sa neust\u00e1le stiera a v\u00fdhody z jedn\u00fdch hier prenikaj\u00fa aj do t\u00fdch druh\u00fdch.<\/p>\n<\/div><\/div><\/div><\/div><\/div><\/div><\/div><\/section>\n","protected":false},"excerpt":{"rendered":"DVA TYPY HR\u00c1\u010cOV A DVA PR\u00cdSTUPY K HRE Dva typy hr\u00e1\u010dov a dva pr\u00edstupy k hre. Jedni, ktor\u00fdch zauj\u00edma len to, \u010di vyhrali, druh\u00fdch aj to, ako vyhrali a to, ako m\u00f4\u017eu vyhra\u0165. Oba pr\u00edstupy sa l\u00ed\u0161ia v tom, \u017ee k\u00fdm prv\u00ed hr\u00e1\u010di nevyh\u013ead\u00e1vaj\u00fa dodato\u010dn\u00e9 inform\u00e1cie o v\u00fdhrach, t\u00ed druh\u00ed \u00e1no. A\u00a0online casina\u00a0to ve\u013emi dobre...","protected":false},"author":1,"featured_media":0,"parent":0,"menu_order":0,"comment_status":"closed","ping_status":"closed","template":"","meta":{"_acf_changed":false,"footnotes":""},"class_list":["post-2469","page","type-page","status-publish","hentry"],"acf":[],"rankMath":{"parentDomain":"onlinebettingspace.com","noFollowDomains":[],"noFollowExcludeDomains":[],"noFollowExternalLinks":false,"featuredImageNotice":"The featured image should be at least 200 by 200 pixels to be picked up by Facebook and other social media sites.","pluginReviewed":true,"postSettings":{"linkSuggestions":true,"useFocusKeyword":false},"frontEndScore":false,"postName":"ovladan-vyhier-pri-online-hracich-automatoch","permalinkFormat":"https:\/\/onlinebettingspace.com\/sk\/%pagename%\/","showLockModifiedDate":true,"assessor":{"focusKeywordLink":"https:\/\/onlinebettingspace.com\/wp-admin\/edit.php?focus_keyword=%focus_keyword%&post_type=%post_type%","hasTOCPlugin":false,"primaryTaxonomy":false,"serpData":{"title":"Kontrola v\u00fdhier pri online hrac\u00edch automatoch","description":"Ak\u00e9 typy hr\u00e1\u010dov pozn\u00e1me, v \u010dom sa t\u00edto hr\u00e1\u010di l\u00ed\u0161ia v pr\u00edstupe ku hre? Ako kedysi prebiehala kontrola v\u00fdhier pri online hrac\u00edch automatoch a ako je to dnes?","focusKeywords":"","pillarContent":false,"canonicalUrl":"","breadcrumbTitle":"","advancedRobots":[],"facebookTitle":"","facebookDescription":"","facebookImage":"","facebookImageID":"","facebookHasOverlay":false,"facebookImageOverlay":"","facebookAuthor":"","twitterCardType":"","twitterUseFacebook":true,"twitterTitle":"","twitterDescription":"","twitterImage":"","twitterImageID":"","twitterHasOverlay":false,"twitterImageOverlay":"","twitterPlayerUrl":"","twitterPlayerSize":"","twitterPlayerStream":"","twitterPlayerStreamCtype":"","twitterAppDescription":"","twitterAppIphoneName":"","twitterAppIphoneID":"","twitterAppIphoneUrl":"","twitterAppIpadName":"","twitterAppIpadID":"","twitterAppIpadUrl":"","twitterAppGoogleplayName":"","twitterAppGoogleplayID":"","twitterAppGoogleplayUrl":"","twitterAppCountry":"","robots":{"index":true},"twitterAuthor":"username","primaryTerm":0,"authorName":"OBSAdmin","titleTemplate":"%title% %sep% %sitename%","descriptionTemplate":"%excerpt%","showScoreFrontend":true,"lockModifiedDate":false},"powerWords":[],"diacritics":{"A":"[\\u0041\\u24B6\\uFF21\\u00C0\\u00C1\\u00C2\\u1EA6\\u1EA4\\u1EAA\\u1EA8\\u00C3\\u0100\\u0102\\u1EB0\\u1EAE\\u1EB4\\u1EB2\\u0226\\u01E0\\u00C4\\u01DE\\u1EA2\\u00C5\\u01FA\\u01CD\\u0200\\u0202\\u1EA0\\u1EAC\\u1EB6\\u1E00\\u0104\\u023A\\u2C6F]","AA":"[\\uA732]","AE":"[\\u00C6\\u01FC\\u01E2]","AO":"[\\uA734]","AU":"[\\uA736]","AV":"[\\uA738\\uA73A]","AY":"[\\uA73C]","B":"[\\u0042\\u24B7\\uFF22\\u1E02\\u1E04\\u1E06\\u0243\\u0182\\u0181]","C":"[\\u0043\\u24B8\\uFF23\\u0106\\u0108\\u010A\\u010C\\u00C7\\u1E08\\u0187\\u023B\\uA73E]","D":"[\\u0044\\u24B9\\uFF24\\u1E0A\\u010E\\u1E0C\\u1E10\\u1E12\\u1E0E\\u0110\\u018B\\u018A\\u0189\\uA779]","DZ":"[\\u01F1\\u01C4]","Dz":"[\\u01F2\\u01C5]","E":"[\\u0045\\u24BA\\uFF25\\u00C8\\u00C9\\u00CA\\u1EC0\\u1EBE\\u1EC4\\u1EC2\\u1EBC\\u0112\\u1E14\\u1E16\\u0114\\u0116\\u00CB\\u1EBA\\u011A\\u0204\\u0206\\u1EB8\\u1EC6\\u0228\\u1E1C\\u0118\\u1E18\\u1E1A\\u0190\\u018E]","F":"[\\u0046\\u24BB\\uFF26\\u1E1E\\u0191\\uA77B]","G":"[\\u0047\\u24BC\\uFF27\\u01F4\\u011C\\u1E20\\u011E\\u0120\\u01E6\\u0122\\u01E4\\u0193\\uA7A0\\uA77D\\uA77E]","H":"[\\u0048\\u24BD\\uFF28\\u0124\\u1E22\\u1E26\\u021E\\u1E24\\u1E28\\u1E2A\\u0126\\u2C67\\u2C75\\uA78D]","I":"[\\u0049\\u24BE\\uFF29\\u00CC\\u00CD\\u00CE\\u0128\\u012A\\u012C\\u0130\\u00CF\\u1E2E\\u1EC8\\u01CF\\u0208\\u020A\\u1ECA\\u012E\\u1E2C\\u0197]","J":"[\\u004A\\u24BF\\uFF2A\\u0134\\u0248]","K":"[\\u004B\\u24C0\\uFF2B\\u1E30\\u01E8\\u1E32\\u0136\\u1E34\\u0198\\u2C69\\uA740\\uA742\\uA744\\uA7A2]","L":"[\\u004C\\u24C1\\uFF2C\\u013F\\u0139\\u013D\\u1E36\\u1E38\\u013B\\u1E3C\\u1E3A\\u0141\\u023D\\u2C62\\u2C60\\uA748\\uA746\\uA780]","LJ":"[\\u01C7]","Lj":"[\\u01C8]","M":"[\\u004D\\u24C2\\uFF2D\\u1E3E\\u1E40\\u1E42\\u2C6E\\u019C]","N":"[\\u004E\\u24C3\\uFF2E\\u01F8\\u0143\\u00D1\\u1E44\\u0147\\u1E46\\u0145\\u1E4A\\u1E48\\u0220\\u019D\\uA790\\uA7A4]","NJ":"[\\u01CA]","Nj":"[\\u01CB]","O":"[\\u004F\\u24C4\\uFF2F\\u00D2\\u00D3\\u00D4\\u1ED2\\u1ED0\\u1ED6\\u1ED4\\u00D5\\u1E4C\\u022C\\u1E4E\\u014C\\u1E50\\u1E52\\u014E\\u022E\\u0230\\u00D6\\u022A\\u1ECE\\u0150\\u01D1\\u020C\\u020E\\u01A0\\u1EDC\\u1EDA\\u1EE0\\u1EDE\\u1EE2\\u1ECC\\u1ED8\\u01EA\\u01EC\\u00D8\\u01FE\\u0186\\u019F\\uA74A\\uA74C]","OI":"[\\u01A2]","OO":"[\\uA74E]","OU":"[\\u0222]","P":"[\\u0050\\u24C5\\uFF30\\u1E54\\u1E56\\u01A4\\u2C63\\uA750\\uA752\\uA754]","Q":"[\\u0051\\u24C6\\uFF31\\uA756\\uA758\\u024A]","R":"[\\u0052\\u24C7\\uFF32\\u0154\\u1E58\\u0158\\u0210\\u0212\\u1E5A\\u1E5C\\u0156\\u1E5E\\u024C\\u2C64\\uA75A\\uA7A6\\uA782]","S":"[\\u0053\\u24C8\\uFF33\\u1E9E\\u015A\\u1E64\\u015C\\u1E60\\u0160\\u1E66\\u1E62\\u1E68\\u0218\\u015E\\u2C7E\\uA7A8\\uA784]","T":"[\\u0054\\u24C9\\uFF34\\u1E6A\\u0164\\u1E6C\\u021A\\u0162\\u1E70\\u1E6E\\u0166\\u01AC\\u01AE\\u023E\\uA786]","TZ":"[\\uA728]","U":"[\\u0055\\u24CA\\uFF35\\u00D9\\u00DA\\u00DB\\u0168\\u1E78\\u016A\\u1E7A\\u016C\\u00DC\\u01DB\\u01D7\\u01D5\\u01D9\\u1EE6\\u016E\\u0170\\u01D3\\u0214\\u0216\\u01AF\\u1EEA\\u1EE8\\u1EEE\\u1EEC\\u1EF0\\u1EE4\\u1E72\\u0172\\u1E76\\u1E74\\u0244]","V":"[\\u0056\\u24CB\\uFF36\\u1E7C\\u1E7E\\u01B2\\uA75E\\u0245]","VY":"[\\uA760]","W":"[\\u0057\\u24CC\\uFF37\\u1E80\\u1E82\\u0174\\u1E86\\u1E84\\u1E88\\u2C72]","X":"[\\u0058\\u24CD\\uFF38\\u1E8A\\u1E8C]","Y":"[\\u0059\\u24CE\\uFF39\\u1EF2\\u00DD\\u0176\\u1EF8\\u0232\\u1E8E\\u0178\\u1EF6\\u1EF4\\u01B3\\u024E\\u1EFE]","Z":"[\\u005A\\u24CF\\uFF3A\\u0179\\u1E90\\u017B\\u017D\\u1E92\\u1E94\\u01B5\\u0224\\u2C7F\\u2C6B\\uA762]","a":"[\\u0061\\u24D0\\uFF41\\u1E9A\\u00E0\\u00E1\\u00E2\\u1EA7\\u1EA5\\u1EAB\\u1EA9\\u00E3\\u0101\\u0103\\u1EB1\\u1EAF\\u1EB5\\u1EB3\\u0227\\u01E1\\u00E4\\u01DF\\u1EA3\\u00E5\\u01FB\\u01CE\\u0201\\u0203\\u1EA1\\u1EAD\\u1EB7\\u1E01\\u0105\\u2C65\\u0250]","aa":"[\\uA733]","ae":"[\\u00E6\\u01FD\\u01E3]","ao":"[\\uA735]","au":"[\\uA737]","av":"[\\uA739\\uA73B]","ay":"[\\uA73D]","b":"[\\u0062\\u24D1\\uFF42\\u1E03\\u1E05\\u1E07\\u0180\\u0183\\u0253]","c":"[\\u0063\\u24D2\\uFF43\\u0107\\u0109\\u010B\\u010D\\u00E7\\u1E09\\u0188\\u023C\\uA73F\\u2184]","d":"[\\u0064\\u24D3\\uFF44\\u1E0B\\u010F\\u1E0D\\u1E11\\u1E13\\u1E0F\\u0111\\u018C\\u0256\\u0257\\uA77A]","dz":"[\\u01F3\\u01C6]","e":"[\\u0065\\u24D4\\uFF45\\u00E8\\u00E9\\u00EA\\u1EC1\\u1EBF\\u1EC5\\u1EC3\\u1EBD\\u0113\\u1E15\\u1E17\\u0115\\u0117\\u00EB\\u1EBB\\u011B\\u0205\\u0207\\u1EB9\\u1EC7\\u0229\\u1E1D\\u0119\\u1E19\\u1E1B\\u0247\\u025B\\u01DD]","f":"[\\u0066\\u24D5\\uFF46\\u1E1F\\u0192\\uA77C]","g":"[\\u0067\\u24D6\\uFF47\\u01F5\\u011D\\u1E21\\u011F\\u0121\\u01E7\\u0123\\u01E5\\u0260\\uA7A1\\u1D79\\uA77F]","h":"[\\u0068\\u24D7\\uFF48\\u0125\\u1E23\\u1E27\\u021F\\u1E25\\u1E29\\u1E2B\\u1E96\\u0127\\u2C68\\u2C76\\u0265]","hv":"[\\u0195]","i":"[\\u0069\\u24D8\\uFF49\\u00EC\\u00ED\\u00EE\\u0129\\u012B\\u012D\\u00EF\\u1E2F\\u1EC9\\u01D0\\u0209\\u020B\\u1ECB\\u012F\\u1E2D\\u0268\\u0131]","j":"[\\u006A\\u24D9\\uFF4A\\u0135\\u01F0\\u0249]","k":"[\\u006B\\u24DA\\uFF4B\\u1E31\\u01E9\\u1E33\\u0137\\u1E35\\u0199\\u2C6A\\uA741\\uA743\\uA745\\uA7A3]","l":"[\\u006C\\u24DB\\uFF4C\\u0140\\u013A\\u013E\\u1E37\\u1E39\\u013C\\u1E3D\\u1E3B\\u017F\\u0142\\u019A\\u026B\\u2C61\\uA749\\uA781\\uA747]","lj":"[\\u01C9]","m":"[\\u006D\\u24DC\\uFF4D\\u1E3F\\u1E41\\u1E43\\u0271\\u026F]","n":"[\\u006E\\u24DD\\uFF4E\\u01F9\\u0144\\u00F1\\u1E45\\u0148\\u1E47\\u0146\\u1E4B\\u1E49\\u019E\\u0272\\u0149\\uA791\\uA7A5]","nj":"[\\u01CC]","o":"[\\u006F\\u24DE\\uFF4F\\u00F2\\u00F3\\u00F4\\u1ED3\\u1ED1\\u1ED7\\u1ED5\\u00F5\\u1E4D\\u022D\\u1E4F\\u014D\\u1E51\\u1E53\\u014F\\u022F\\u0231\\u00F6\\u022B\\u1ECF\\u0151\\u01D2\\u020D\\u020F\\u01A1\\u1EDD\\u1EDB\\u1EE1\\u1EDF\\u1EE3\\u1ECD\\u1ED9\\u01EB\\u01ED\\u00F8\\u01FF\\u0254\\uA74B\\uA74D\\u0275]","oi":"[\\u01A3]","ou":"[\\u0223]","oo":"[\\uA74F]","p":"[\\u0070\\u24DF\\uFF50\\u1E55\\u1E57\\u01A5\\u1D7D\\uA751\\uA753\\uA755]","q":"[\\u0071\\u24E0\\uFF51\\u024B\\uA757\\uA759]","r":"[\\u0072\\u24E1\\uFF52\\u0155\\u1E59\\u0159\\u0211\\u0213\\u1E5B\\u1E5D\\u0157\\u1E5F\\u024D\\u027D\\uA75B\\uA7A7\\uA783]","s":"[\\u0073\\u24E2\\uFF53\\u015B\\u1E65\\u015D\\u1E61\\u0161\\u1E67\\u1E63\\u1E69\\u0219\\u015F\\u023F\\uA7A9\\uA785\\u1E9B]","ss":"[\\u00DF]","t":"[\\u0074\\u24E3\\uFF54\\u1E6B\\u1E97\\u0165\\u1E6D\\u021B\\u0163\\u1E71\\u1E6F\\u0167\\u01AD\\u0288\\u2C66\\uA787]","tz":"[\\uA729]","u":"[\\u0075\\u24E4\\uFF55\\u00F9\\u00FA\\u00FB\\u0169\\u1E79\\u016B\\u1E7B\\u016D\\u00FC\\u01DC\\u01D8\\u01D6\\u01DA\\u1EE7\\u016F\\u0171\\u01D4\\u0215\\u0217\\u01B0\\u1EEB\\u1EE9\\u1EEF\\u1EED\\u1EF1\\u1EE5\\u1E73\\u0173\\u1E77\\u1E75\\u0289]","v":"[\\u0076\\u24E5\\uFF56\\u1E7D\\u1E7F\\u028B\\uA75F\\u028C]","vy":"[\\uA761]","w":"[\\u0077\\u24E6\\uFF57\\u1E81\\u1E83\\u0175\\u1E87\\u1E85\\u1E98\\u1E89\\u2C73]","x":"[\\u0078\\u24E7\\uFF58\\u1E8B\\u1E8D]","y":"[\\u0079\\u24E8\\uFF59\\u1EF3\\u00FD\\u0177\\u1EF9\\u0233\\u1E8F\\u00FF\\u1EF7\\u1E99\\u1EF5\\u01B4\\u024F\\u1EFF]","z":"[\\u007A\\u24E9\\uFF5A\\u017A\\u1E91\\u017C\\u017E\\u1E93\\u1E95\\u01B6\\u0225\\u0240\\u2C6C\\uA763]"},"researchesTests":["contentHasTOC","contentHasShortParagraphs","contentHasAssets","keywordInTitle","keywordInMetaDescription","keywordInPermalink","keywordIn10Percent","keywordInContent","keywordInSubheadings","keywordInImageAlt","keywordDensity","keywordNotUsed","lengthContent","lengthPermalink","linksHasInternal","linksHasExternals","linksNotAllExternals","titleStartWithKeyword","titleSentiment","titleHasPowerWords","titleHasNumber","hasContentAI"],"hasRedirection":true,"hasBreadcrumb":false},"homeUrl":"https:\/\/onlinebettingspace.com\/sk\/","objectID":2469,"objectType":"post","locale":"sk","localeFull":"sk_SK","overlayImages":{"play":{"name":"Play icon","url":"https:\/\/onlinebettingspace.com\/wp-content\/plugins\/seo-by-rank-math\/assets\/admin\/img\/icon-play.png","path":"\/home\/SuperAdmin\/web\/onlinebettingspace.com\/public_html\/wp-content\/plugins\/seo-by-rank-math\/assets\/admin\/img\/icon-play.png","position":"middle_center"},"gif":{"name":"GIF icon","url":"https:\/\/onlinebettingspace.com\/wp-content\/plugins\/seo-by-rank-math\/assets\/admin\/img\/icon-gif.png","path":"\/home\/SuperAdmin\/web\/onlinebettingspace.com\/public_html\/wp-content\/plugins\/seo-by-rank-math\/assets\/admin\/img\/icon-gif.png","position":"middle_center"}},"defautOgImage":"https:\/\/onlinebettingspace.com\/wp-content\/uploads\/2022\/04\/OBS-FULL-LOGO.webp","customPermalinks":true,"isUserRegistered":true,"autoSuggestKeywords":true,"connectSiteUrl":"https:\/\/rankmath.com\/auth?site=https%3A%2F%2Fonlinebettingspace.com%2Fsk%2F&r=https%3A%2F%2Fonlinebettingspace.com%2Fsk%2Fwp-json%2Fwp%2Fv2%2Fpages%2F2469%3Fnonce%3Daafa9d571e","maxTags":5,"trendsIcon":"<svg viewBox=\"0 0 610 610\"><path d=\"M18.85,446,174.32,290.48l58.08,58.08L76.93,504a14.54,14.54,0,0,1-20.55,0L18.83,466.48a14.54,14.54,0,0,1,0-20.55Z\" style=\"fill:#4285f4\"\/><path d=\"M242.65,242.66,377.59,377.6l-47.75,47.75a14.54,14.54,0,0,1-20.55,0L174.37,290.43l47.75-47.75A14.52,14.52,0,0,1,242.65,242.66Z\" style=\"fill:#ea4335\"\/><polygon points=\"319.53 319.53 479.26 159.8 537.34 217.88 377.61 377.62 319.53 319.53\" style=\"fill:#fabb05\"\/><path d=\"M594.26,262.73V118.61h0a16.94,16.94,0,0,0-16.94-16.94H433.2a16.94,16.94,0,0,0-12,28.92L565.34,274.71h0a16.94,16.94,0,0,0,28.92-12Z\" style=\"fill:#34a853\"\/><rect width=\"610\" height=\"610\" style=\"fill:none\"\/><\/svg>","showScore":true,"siteFavIcon":"https:\/\/onlinebettingspace.com\/wp-content\/uploads\/2022\/04\/OBS-LOGO-1.webp","canUser":{"general":false,"advanced":false,"snippet":false,"social":false,"analysis":false,"analytics":false,"content_ai":false},"showKeywordIntent":true,"isPro":false,"is_front_page":false,"trendsUpgradeLink":"https:\/\/rankmath.com\/pricing\/?utm_source=Plugin&utm_medium=CE%20General%20Tab%20Trends&utm_campaign=WP","trendsUpgradeLabel":"Upgrade","trendsPreviewImage":"https:\/\/onlinebettingspace.com\/wp-content\/plugins\/seo-by-rank-math\/assets\/admin\/img\/trends-preview.jpg","currentEditor":false,"homepageData":{"assessor":{"powerWords":[],"diacritics":true,"researchesTests":["contentHasTOC","contentHasShortParagraphs","contentHasAssets","keywordInTitle","keywordInMetaDescription","keywordInPermalink","keywordIn10Percent","keywordInContent","keywordInSubheadings","keywordInImageAlt","keywordDensity","keywordNotUsed","lengthContent","lengthPermalink","linksHasInternal","linksHasExternals","linksNotAllExternals","titleStartWithKeyword","titleSentiment","titleHasPowerWords","titleHasNumber","hasContentAI"],"hasBreadcrumb":false,"serpData":{"title":"%sitename% %page% %sep% %sitedesc%","description":"","titleTemplate":"%sitename% %page% %sep% %sitedesc%","descriptionTemplate":"","focusKeywords":"","breadcrumbTitle":"Home","robots":{"index":true},"advancedRobots":[],"facebookTitle":"","facebookDescription":"","facebookImage":"","facebookImageID":""}}},"tocTitle":"Table of Contents","tocExcludeHeadings":[],"listStyle":"ul"},"_links":{"self":[{"href":"https:\/\/onlinebettingspace.com\/sk\/wp-json\/wp\/v2\/pages\/2469","targetHints":{"allow":["GET"]}}],"collection":[{"href":"https:\/\/onlinebettingspace.com\/sk\/wp-json\/wp\/v2\/pages"}],"about":[{"href":"https:\/\/onlinebettingspace.com\/sk\/wp-json\/wp\/v2\/types\/page"}],"author":[{"embeddable":true,"href":"https:\/\/onlinebettingspace.com\/sk\/wp-json\/wp\/v2\/users\/1"}],"replies":[{"embeddable":true,"href":"https:\/\/onlinebettingspace.com\/sk\/wp-json\/wp\/v2\/comments?post=2469"}],"version-history":[{"count":0,"href":"https:\/\/onlinebettingspace.com\/sk\/wp-json\/wp\/v2\/pages\/2469\/revisions"}],"wp:attachment":[{"href":"https:\/\/onlinebettingspace.com\/sk\/wp-json\/wp\/v2\/media?parent=2469"}],"curies":[{"name":"wp","href":"https:\/\/api.w.org\/{rel}","templated":true}]}}