{"id":2463,"date":"2022-08-19T02:56:56","date_gmt":"2022-08-18T23:56:56","guid":{"rendered":"https:\/\/onlinebettingspace.com\/?page_id=2463"},"modified":"2022-08-19T02:56:56","modified_gmt":"2022-08-18T23:56:56","slug":"gonzos-quest","status":"publish","type":"page","link":"https:\/\/onlinebettingspace.com\/sk\/hracie-automaty\/gonzos-quest\/","title":{"rendered":"GONZOS QUEST"},"content":{"rendered":"<section class=\"l-section wpb_row height_medium\"><div class=\"l-section-h i-cf\"><div class=\"g-cols vc_row via_flex valign_top type_default stacking_default\"><div class=\"vc_col-sm-12 wpb_column vc_column_container\"><div class=\"vc_column-inner\"><div class=\"wpb_wrapper\"><div class=\"wpb_text_column\"><div class=\"wpb_wrapper\"><h1>GONZO&#8217;S QUEST RECENZIA<\/h1>\n<div class=\"col-xs-12 col-sm-8 col-md-9 sp\">\n<div class=\"intro WYSIWYG\">\n<p>V\u00fdvoj\u00e1ri online casinov\u00fdch hier sa neust\u00e1le sna\u017eia prinies\u0165 hr\u00e1\u010dom produkty, pri ktor\u00fdch by nemali pocit, \u017ee hraj\u00fa len tak oby\u010dajn\u00fa hru. Dnes u\u017e nie sme odk\u00e1zan\u00ed na to neust\u00e1le hra\u0165 len na ovocn\u00fdch \u010di im podobn\u00fdch automatoch. \u010coraz viac a viac popul\u00e1rnej\u0161\u00edmi sa st\u00e1vaj\u00fa automaty s historickou tematikou, ktor\u00e9 sp\u00e1jaj\u00fa z\u00e1bavu so skuto\u010dn\u00fdmi historick\u00fdmi re\u00e1liami. Jedn\u00fdm z najhranej\u0161\u00edch automatov z tohto druhu je nepochybne<strong>\u00a0Gonzo\u2019s Quest<\/strong>, vo vo\u013enom preklade Gonzova v\u00fdprava.<\/p>\n<div>\n<div class=\"readMore\">Tento automat prich\u00e1dzaj\u00faci z dielne renomovan\u00e9ho v\u00fdvoj\u00e1ra Netent je tematicky in\u0161pirovan\u00fd skuto\u010dnou historickou postavou \u0161panielskeho dobyvate\u013ea Gonzala Pizzara. Pr\u00e1ve do postavy Gonzala alebo skr\u00e1tene Gonza sa prevtel\u00edte aj po\u010das hrania tejto hry a budete robi\u0165 to, \u010do by robil on. Vyberiete sa na ve\u013ekolep\u00fa v\u00fdpravu s jedin\u00fdm cie\u013eom. A to n\u00e1js\u0165 poklad v b\u00e1jnom Eldorade, ktor\u00fd bol pod\u013ea jednej z mnoh\u00fdch legiend mestom postaven\u00fdm zo zlata.<\/div>\n<\/div>\n<div>\n<div class=\"readMore\"><\/div>\n<p>&nbsp;<\/p>\n<\/div>\n<\/div>\n<\/div>\n<div class=\"col-xs-12 col-sm-12 col-md-9 sp pull-right\">\n<div class=\"WYSIWYG\">\n<h2>AKO HRA\u0164 AUTOMAT GONZO\u2019S QUEST ONLINE<\/h2>\n<p>\u010co m\u00f4\u017eeme o tomto automate poveda\u0165? Tou najd\u00f4le\u017eitej\u0161ou inform\u00e1ciou je to, \u017ee Gonzo\u2019s Quest je (video) automat s piatimi valcami, ktor\u00e9 pon\u00fakaj\u00fa dohromady a\u017e dvadsa\u0165 r\u00f4znych v\u00fdhern\u00fdch l\u00ednii. Slovo valec tu v\u0161ak berte trochu s rezervou. Gonzo\u2019s Quest toti\u017e namiesto klasick\u00fdch valcov, ak\u00e9 pozn\u00e1me z\u00a0<a href=\"\/sk\/hracie-automaty\/videorecenzie\" data-track=\"\"><strong>in\u00fdch\u00a0<\/strong><strong>automatov\u00fdch hier<\/strong><\/a>, vyu\u017e\u00edva bloky kame\u0148ov, ktor\u00e9 padaj\u00fa zvrchu a takto nahr\u00e1dzaj\u00fa star\u0161ie bloky z predch\u00e1dzaj\u00facej hry.<\/p>\n<p>Cel\u00fa hru otv\u00e1ra atrakt\u00edvny \u00favod, v ktorom sa n\u00e1m predstavuje hlavn\u00fd hrdina hry, Gonzo, ktor\u00fd odch\u00e1dza na v\u00fdpravu za n\u00e1jden\u00edm pokladu. Postava dobrosrde\u010dn\u00e9ho Gonza je pr\u00edtomn\u00e1 po\u010das celej hry a n\u00e1jdenie pokladu oslavuje spolo\u010dne s vami. Hra okrem atrakt\u00edvnej grafickej zlo\u017eky imituj\u00facej prostredie vzdialenej exotickej krajiny, pon\u00faka Gonzo\u2019s Quest i ve\u013emi dobr\u00fa 96% n\u00e1vratnos\u0165, ktor\u00e1 zvy\u0161uje va\u0161e \u0161ance na to, \u017ee v nej budete \u00faspe\u0161n\u00ed a pr\u00edpadn\u00fd poklad rozli\u010dnej hodnoty skuto\u010dne aj n\u00e1jdete.<\/p>\n<p>Najzauj\u00edmavej\u0161\u00edm \u0161pecifikom tejto hry s\u00fa takzvan\u00e9 Lav\u00edny, v anglickom origin\u00e1li Avalanche. Lav\u00edny sa sp\u00fa\u0161\u0165aj\u00fa v\u017edy, ke\u010f vytvor\u00edte ak\u00fako\u013evek v\u00fdhern\u00fa kombin\u00e1ciu. Po zapo\u010d\u00edtan\u00ed v\u00fdhry s\u00fa st\u00e1vaj\u00face symboly nahraden\u00e9 nov\u00fdmi prostredn\u00edctvom ktor\u00fdch sa daj\u00fa op\u00e4\u0165 vytvori\u0165 nov\u00e9\u00a0<a href=\"\/sk\/ovladan-vyhier-pri-online-hracich-automatoch\" data-track=\"\"><strong>v\u00fdhern\u00e9 kombin\u00e1cie<\/strong><\/a>. Ak sa ju op\u00e4\u0165 podar\u00ed skompletova\u0165, scen\u00e1r sa opakuje a star\u00e9 kamene nahradia op\u00e4\u0165 nov\u00e9 a takto to pokra\u010duje dovtedy, dok\u00fdm sa dar\u00ed vytv\u00e1ra\u0165 v\u00fdhern\u00e9 kombin\u00e1cie.<\/p>\n<p>S ka\u017edou \u010fal\u0161ou lav\u00ednou, ktor\u00e1 prich\u00e1dza, automaticky narast\u00e1 aj \u010d\u00edslo vpravo hore, multiplik\u00e1tor, ktor\u00fd zn\u00e1sobuje va\u0161e v\u00fdhry a to najviac do 5-n\u00e1sobku st\u00e1vky. To v\u0161ak st\u00e1le nemus\u00ed by\u0165 a\u017e to kone\u010dn\u00e9 \u010d\u00edslo. V r\u00e1mci automatu Gonzo\u2019s Quest existuje e\u0161te aj funkcia Free Falls, \u010do s\u00fa vlastne bonusov\u00e9 hry, do ktor\u00fdch sa dostanete po tom, \u010do sa na obrazovke objavia tri symboly Free Fall. Tento symbol rozpozn\u00e1te a rozl\u00ed\u0161ite od ostatn\u00fdch jednoducho \u2013 je cel\u00fd zo zlata.<\/p>\n<p>Ak sa dostanete do Free Falls, hr\u00e1te v tejto hre s poslednou st\u00e1vkou, ktor\u00fa ste u\u010dinili. V r\u00e1mci Free Falls sa hodnota multiplik\u00e1tora m\u00f4\u017ee zv\u00fd\u0161i\u0165 a\u017e na \u010d\u00edslo p\u00e4tn\u00e1s\u0165. Ve\u013ekos\u0165 v\u00fdhry v Gonzo\u2019s Quest ur\u010duje hodnota a mno\u017estvo rovnak\u00fdch symbolov vytv\u00e1raj\u00facich v\u00fdhern\u00fa l\u00edniu. M\u00f4\u017eete vyhra\u0165 od troch minc\u00ed a\u017e po 2.500, ktor\u00e9 z\u00edskate za p\u00e4\u0165 symbolov mu\u017ea v striebornom \u0161tvorci, ktor\u00fd reprezentuje najhodnotnej\u0161\u00ed symbol. V z\u00e1vislosti od hodnoty jednotlivej mince, ktor\u00fa si nastav\u00edte, vyhr\u00e1vate aj stanoven\u00e9 mno\u017estvo pe\u0148az\u00ed.<\/p>\n<p>Ovl\u00e1danie automatu je ve\u013emi jednoduch\u00e9 \u2013 sta\u010d\u00ed pozna\u0165 v\u00fdznam len \u0161tyroch tla\u010didiel. Zelen\u00e9 tla\u010didlo v strede sp\u00fa\u0161\u0165a samotn\u00fa hru, vpravo v \u201eCoin Value\u201c si ur\u010dujete hodnotu minc\u00ed a teda defacto aj hodnotu va\u0161ej st\u00e1vky v skuto\u010dn\u00fdch peniazoch. V\u013eavo v \u201eLevel\u201c upravujete hodnotu st\u00e1vok do jednej z piatich mo\u017en\u00fdch \u00farovn\u00ed. Ka\u017ed\u00fa hru nemus\u00edte manu\u00e1lne sp\u00fa\u0161\u0165a\u0165 znova a znova, m\u00f4\u017eete vyu\u017ei\u0165 funkcie \u201eAuto\u201c a vopred si nastavi\u0165 ko\u013eko hier a s ak\u00fdmi st\u00e1vkami odohr\u00e1te. A potom si u\u017e len po\u010dk\u00e1te na to, \u010di vyhr\u00e1te.<\/p>\n<\/div>\n<section class=\"attributes\">\n<h2>R\u00ddCHLY PREH\u013dAD<\/h2>\n<div>\n<ul>\n<li><span class=\"heading\">Bonusov\u00e9 kolo:<\/span>\u00a0\u00c1no<\/li>\n<li><span class=\"heading\">Rozptylov\u00fd:<\/span>\u00a0\u00c1no<\/li>\n<li><span class=\"heading\">Preto\u010denia zdarma:<\/span>\u00a0\u00c1no<\/li>\n<\/ul>\n<h2>GONZO\u00b4S QUEST ZADARMO A ZA PENIAZE<\/h2>\n<p>Automat Gonzo\u2019s Quest si m\u00f4\u017eete vysk\u00fa\u0161a\u0165 i na \u201ene\u010disto\u201c, zadarmo, rovnako si ho aj zahra\u0165 za peniaze. V pr\u00edpade, \u017ee sa ho rozhodnete\u00a0<a href=\"\/sk\/online-casino-zadarmo\" data-track=\"\"><strong>zahra\u0165 len pre z\u00e1bavu<\/strong><\/a>\u00a0a otestova\u0165 si tak, \u010di V\u00e1s t\u00e1to hra bude v\u00f4bec bavi\u0165, pripravte sa na to, \u017ee niektor\u00e9 funkcie (ako napr\u00edklad hist\u00f3ria predch\u00e1dzaj\u00facich hier a in\u00e9) nebud\u00fa pre v\u00e1s tomto z\u00e1bavnom m\u00f3de dostupn\u00e9. Ale to nepredstavuje a\u017e tak ve\u013ek\u00fa prek\u00e1\u017eku.<\/p>\n<p>Gonzo\u2019s Quest patr\u00ed medzi ob\u013e\u00faben\u00e9 a vyh\u013ead\u00e1van\u00e9 online casinov\u00e9 hry a preto sa niet ani \u010domu divi\u0165, \u017ee ho vo svojej ponuke m\u00e1 viacero elitn\u00fdch a medzi hr\u00e1\u010dmi \u010dasto nav\u0161tevovan\u00fdch online kas\u00edn. Gonzo\u2019s Quest si m\u00f4\u017eete zahra\u0165 napr\u00edklad v CasinoEuro alebo v Mr. Green Casine a to \u010di u\u017e zadarmo a pre z\u00e1bavu, tak i o skuto\u010dn\u00e9 peniaze.<\/p>\n<p>Pokia\u013e sa rozhodnete hra\u0165 o peniaze, tak si m\u00f4\u017eete zvoli\u0165 \u0161irok\u00e9 rozp\u00e4tie toho, s ak\u00fdmi st\u00e1vkami budete hra\u0165. Minim\u00e1lna st\u00e1vka v pri hre Gonzo\u2019s Quest \u010din\u00ed pov\u00e4\u010d\u0161inou \u20ac0.20 (dvadsa\u0165 centov) a to v pr\u00edpade, \u017ee sa rozhodnete hra\u0165 na najni\u017e\u0161ej, prvej \u00farovni a s najni\u017e\u0161ou mo\u017enou hodnotou mince. Najviac je mo\u017en\u00e9 v jednej hre vsadi\u0165 a\u017e do \u20ac100. Ka\u017ed\u00e9 jedno online casino si hodnotu maxim\u00e1lnej st\u00e1vky upravuje pod\u013ea seba.<\/p>\n<h2>JACKPOT NA GONZO\u2019S QUEST<\/h2>\n<p>Gonzo\u2019s Quest nepon\u00faka \u017eiadny jackpot, aspo\u0148 nie tak ako ho pozn\u00e1me. Jackpot je v pr\u00edpade tejto hry nahraden\u00fd maxim\u00e1lnou mo\u017enou sumou, ktor\u00e1 sa d\u00e1 vyhra\u0165. T\u00e1 sa v\u0161ak d\u00e1 dosiahnu\u0165 len v pr\u00edpade high stakes hry s najv\u00e4\u010d\u0161\u00edmi mo\u017en\u00fdmi st\u00e1vkami a pri dosiahnut\u00ed tej najlep\u0161ej v\u00fdhernej kombin\u00e1cie. V z\u00e1vislosti od online cas\u00edna a nastaven\u00fdch parametrov dosahuje maxim\u00e1lna v\u00fdhra aj \u20ac100.000.<\/p>\n<h2>NA Z\u00c1VER<\/h2>\n<p>Hrac\u00ed automat Gonzo\u2019s Quest skoro nem\u00e1 ch\u00fdb. Je s\u00fa\u010das\u0165ou atrakt\u00edvneho mytologick\u00e9ho pr\u00edbehu, ktor\u00fd v\u00e1m bude neust\u00e1le pripom\u00edna\u0165 grafika i postava samotn\u00e9ho Gonza vtipne komentuj\u00faceho dianie. Unik\u00e1tne funkcie i n\u00e1hrada valcov za kamene s\u00fa v\u00fdbornou my\u0161lienkou, ktor\u00e1 cel\u00e9mu automatu dod\u00e1va ar\u00f3mu nad\u010dasovosti. A ke\u010f si k tomu vezmeme 96% v\u00fdplatnos\u0165 a mo\u017enos\u0165\u00a0<a href=\"\/sk\/high-roller-hraci\" data-track=\"\"><strong>vysok\u00fdch v\u00fdhier<\/strong><\/a>, vyjde n\u00e1m z toho vysok\u00e9 hodnotenie pre tento automat.<\/p>\n<\/div>\n<\/section>\n<\/div>\n<\/div><\/div><\/div><\/div><\/div><\/div><\/div><\/section>\n","protected":false},"excerpt":{"rendered":"GONZO&#8217;S QUEST RECENZIA V\u00fdvoj\u00e1ri online casinov\u00fdch hier sa neust\u00e1le sna\u017eia prinies\u0165 hr\u00e1\u010dom produkty, pri ktor\u00fdch by nemali pocit, \u017ee hraj\u00fa len tak oby\u010dajn\u00fa hru. Dnes u\u017e nie sme odk\u00e1zan\u00ed na to neust\u00e1le hra\u0165 len na ovocn\u00fdch \u010di im podobn\u00fdch automatoch. \u010coraz viac a viac popul\u00e1rnej\u0161\u00edmi sa st\u00e1vaj\u00fa automaty s historickou tematikou, ktor\u00e9 sp\u00e1jaj\u00fa z\u00e1bavu so...","protected":false},"author":1,"featured_media":0,"parent":2220,"menu_order":0,"comment_status":"closed","ping_status":"closed","template":"","meta":{"_acf_changed":false,"footnotes":""},"class_list":["post-2463","page","type-page","status-publish","hentry"],"acf":[],"rankMath":{"parentDomain":"onlinebettingspace.com","noFollowDomains":[],"noFollowExcludeDomains":[],"noFollowExternalLinks":false,"featuredImageNotice":"The featured image should be at least 200 by 200 pixels to be picked up by Facebook and other social media sites.","pluginReviewed":true,"postSettings":{"linkSuggestions":true,"useFocusKeyword":false},"frontEndScore":false,"postName":"gonzos-quest","permalinkFormat":"https:\/\/onlinebettingspace.com\/sk\/%pagename%\/","showLockModifiedDate":true,"assessor":{"focusKeywordLink":"https:\/\/onlinebettingspace.com\/wp-admin\/edit.php?focus_keyword=%focus_keyword%&post_type=%post_type%","hasTOCPlugin":false,"primaryTaxonomy":false,"serpData":{"title":"Recenzia na hrac\u00ed automat Gonzo's Quest deluxe od Netent","description":"P\u00e4\u0165 valcov, dvadsa\u0165 v\u00fdhern\u00fdch l\u00ednii, v\u00fdborn\u00e1 grafika a atrakt\u00edvny mytologick\u00fd pr\u00edbeh v pozad\u00ed. To v\u0161etko prin\u00e1\u0161a automat Gonzo\u00b4s Quest (Gonzova v\u00fdprava).","focusKeywords":"","pillarContent":false,"canonicalUrl":"","breadcrumbTitle":"","advancedRobots":[],"facebookTitle":"","facebookDescription":"","facebookImage":"","facebookImageID":"","facebookHasOverlay":false,"facebookImageOverlay":"","facebookAuthor":"","twitterCardType":"","twitterUseFacebook":true,"twitterTitle":"","twitterDescription":"","twitterImage":"","twitterImageID":"","twitterHasOverlay":false,"twitterImageOverlay":"","twitterPlayerUrl":"","twitterPlayerSize":"","twitterPlayerStream":"","twitterPlayerStreamCtype":"","twitterAppDescription":"","twitterAppIphoneName":"","twitterAppIphoneID":"","twitterAppIphoneUrl":"","twitterAppIpadName":"","twitterAppIpadID":"","twitterAppIpadUrl":"","twitterAppGoogleplayName":"","twitterAppGoogleplayID":"","twitterAppGoogleplayUrl":"","twitterAppCountry":"","robots":{"index":true},"twitterAuthor":"username","primaryTerm":0,"authorName":"OBSAdmin","titleTemplate":"%title% %sep% %sitename%","descriptionTemplate":"%excerpt%","showScoreFrontend":true,"lockModifiedDate":false},"powerWords":[],"diacritics":{"A":"[\\u0041\\u24B6\\uFF21\\u00C0\\u00C1\\u00C2\\u1EA6\\u1EA4\\u1EAA\\u1EA8\\u00C3\\u0100\\u0102\\u1EB0\\u1EAE\\u1EB4\\u1EB2\\u0226\\u01E0\\u00C4\\u01DE\\u1EA2\\u00C5\\u01FA\\u01CD\\u0200\\u0202\\u1EA0\\u1EAC\\u1EB6\\u1E00\\u0104\\u023A\\u2C6F]","AA":"[\\uA732]","AE":"[\\u00C6\\u01FC\\u01E2]","AO":"[\\uA734]","AU":"[\\uA736]","AV":"[\\uA738\\uA73A]","AY":"[\\uA73C]","B":"[\\u0042\\u24B7\\uFF22\\u1E02\\u1E04\\u1E06\\u0243\\u0182\\u0181]","C":"[\\u0043\\u24B8\\uFF23\\u0106\\u0108\\u010A\\u010C\\u00C7\\u1E08\\u0187\\u023B\\uA73E]","D":"[\\u0044\\u24B9\\uFF24\\u1E0A\\u010E\\u1E0C\\u1E10\\u1E12\\u1E0E\\u0110\\u018B\\u018A\\u0189\\uA779]","DZ":"[\\u01F1\\u01C4]","Dz":"[\\u01F2\\u01C5]","E":"[\\u0045\\u24BA\\uFF25\\u00C8\\u00C9\\u00CA\\u1EC0\\u1EBE\\u1EC4\\u1EC2\\u1EBC\\u0112\\u1E14\\u1E16\\u0114\\u0116\\u00CB\\u1EBA\\u011A\\u0204\\u0206\\u1EB8\\u1EC6\\u0228\\u1E1C\\u0118\\u1E18\\u1E1A\\u0190\\u018E]","F":"[\\u0046\\u24BB\\uFF26\\u1E1E\\u0191\\uA77B]","G":"[\\u0047\\u24BC\\uFF27\\u01F4\\u011C\\u1E20\\u011E\\u0120\\u01E6\\u0122\\u01E4\\u0193\\uA7A0\\uA77D\\uA77E]","H":"[\\u0048\\u24BD\\uFF28\\u0124\\u1E22\\u1E26\\u021E\\u1E24\\u1E28\\u1E2A\\u0126\\u2C67\\u2C75\\uA78D]","I":"[\\u0049\\u24BE\\uFF29\\u00CC\\u00CD\\u00CE\\u0128\\u012A\\u012C\\u0130\\u00CF\\u1E2E\\u1EC8\\u01CF\\u0208\\u020A\\u1ECA\\u012E\\u1E2C\\u0197]","J":"[\\u004A\\u24BF\\uFF2A\\u0134\\u0248]","K":"[\\u004B\\u24C0\\uFF2B\\u1E30\\u01E8\\u1E32\\u0136\\u1E34\\u0198\\u2C69\\uA740\\uA742\\uA744\\uA7A2]","L":"[\\u004C\\u24C1\\uFF2C\\u013F\\u0139\\u013D\\u1E36\\u1E38\\u013B\\u1E3C\\u1E3A\\u0141\\u023D\\u2C62\\u2C60\\uA748\\uA746\\uA780]","LJ":"[\\u01C7]","Lj":"[\\u01C8]","M":"[\\u004D\\u24C2\\uFF2D\\u1E3E\\u1E40\\u1E42\\u2C6E\\u019C]","N":"[\\u004E\\u24C3\\uFF2E\\u01F8\\u0143\\u00D1\\u1E44\\u0147\\u1E46\\u0145\\u1E4A\\u1E48\\u0220\\u019D\\uA790\\uA7A4]","NJ":"[\\u01CA]","Nj":"[\\u01CB]","O":"[\\u004F\\u24C4\\uFF2F\\u00D2\\u00D3\\u00D4\\u1ED2\\u1ED0\\u1ED6\\u1ED4\\u00D5\\u1E4C\\u022C\\u1E4E\\u014C\\u1E50\\u1E52\\u014E\\u022E\\u0230\\u00D6\\u022A\\u1ECE\\u0150\\u01D1\\u020C\\u020E\\u01A0\\u1EDC\\u1EDA\\u1EE0\\u1EDE\\u1EE2\\u1ECC\\u1ED8\\u01EA\\u01EC\\u00D8\\u01FE\\u0186\\u019F\\uA74A\\uA74C]","OI":"[\\u01A2]","OO":"[\\uA74E]","OU":"[\\u0222]","P":"[\\u0050\\u24C5\\uFF30\\u1E54\\u1E56\\u01A4\\u2C63\\uA750\\uA752\\uA754]","Q":"[\\u0051\\u24C6\\uFF31\\uA756\\uA758\\u024A]","R":"[\\u0052\\u24C7\\uFF32\\u0154\\u1E58\\u0158\\u0210\\u0212\\u1E5A\\u1E5C\\u0156\\u1E5E\\u024C\\u2C64\\uA75A\\uA7A6\\uA782]","S":"[\\u0053\\u24C8\\uFF33\\u1E9E\\u015A\\u1E64\\u015C\\u1E60\\u0160\\u1E66\\u1E62\\u1E68\\u0218\\u015E\\u2C7E\\uA7A8\\uA784]","T":"[\\u0054\\u24C9\\uFF34\\u1E6A\\u0164\\u1E6C\\u021A\\u0162\\u1E70\\u1E6E\\u0166\\u01AC\\u01AE\\u023E\\uA786]","TZ":"[\\uA728]","U":"[\\u0055\\u24CA\\uFF35\\u00D9\\u00DA\\u00DB\\u0168\\u1E78\\u016A\\u1E7A\\u016C\\u00DC\\u01DB\\u01D7\\u01D5\\u01D9\\u1EE6\\u016E\\u0170\\u01D3\\u0214\\u0216\\u01AF\\u1EEA\\u1EE8\\u1EEE\\u1EEC\\u1EF0\\u1EE4\\u1E72\\u0172\\u1E76\\u1E74\\u0244]","V":"[\\u0056\\u24CB\\uFF36\\u1E7C\\u1E7E\\u01B2\\uA75E\\u0245]","VY":"[\\uA760]","W":"[\\u0057\\u24CC\\uFF37\\u1E80\\u1E82\\u0174\\u1E86\\u1E84\\u1E88\\u2C72]","X":"[\\u0058\\u24CD\\uFF38\\u1E8A\\u1E8C]","Y":"[\\u0059\\u24CE\\uFF39\\u1EF2\\u00DD\\u0176\\u1EF8\\u0232\\u1E8E\\u0178\\u1EF6\\u1EF4\\u01B3\\u024E\\u1EFE]","Z":"[\\u005A\\u24CF\\uFF3A\\u0179\\u1E90\\u017B\\u017D\\u1E92\\u1E94\\u01B5\\u0224\\u2C7F\\u2C6B\\uA762]","a":"[\\u0061\\u24D0\\uFF41\\u1E9A\\u00E0\\u00E1\\u00E2\\u1EA7\\u1EA5\\u1EAB\\u1EA9\\u00E3\\u0101\\u0103\\u1EB1\\u1EAF\\u1EB5\\u1EB3\\u0227\\u01E1\\u00E4\\u01DF\\u1EA3\\u00E5\\u01FB\\u01CE\\u0201\\u0203\\u1EA1\\u1EAD\\u1EB7\\u1E01\\u0105\\u2C65\\u0250]","aa":"[\\uA733]","ae":"[\\u00E6\\u01FD\\u01E3]","ao":"[\\uA735]","au":"[\\uA737]","av":"[\\uA739\\uA73B]","ay":"[\\uA73D]","b":"[\\u0062\\u24D1\\uFF42\\u1E03\\u1E05\\u1E07\\u0180\\u0183\\u0253]","c":"[\\u0063\\u24D2\\uFF43\\u0107\\u0109\\u010B\\u010D\\u00E7\\u1E09\\u0188\\u023C\\uA73F\\u2184]","d":"[\\u0064\\u24D3\\uFF44\\u1E0B\\u010F\\u1E0D\\u1E11\\u1E13\\u1E0F\\u0111\\u018C\\u0256\\u0257\\uA77A]","dz":"[\\u01F3\\u01C6]","e":"[\\u0065\\u24D4\\uFF45\\u00E8\\u00E9\\u00EA\\u1EC1\\u1EBF\\u1EC5\\u1EC3\\u1EBD\\u0113\\u1E15\\u1E17\\u0115\\u0117\\u00EB\\u1EBB\\u011B\\u0205\\u0207\\u1EB9\\u1EC7\\u0229\\u1E1D\\u0119\\u1E19\\u1E1B\\u0247\\u025B\\u01DD]","f":"[\\u0066\\u24D5\\uFF46\\u1E1F\\u0192\\uA77C]","g":"[\\u0067\\u24D6\\uFF47\\u01F5\\u011D\\u1E21\\u011F\\u0121\\u01E7\\u0123\\u01E5\\u0260\\uA7A1\\u1D79\\uA77F]","h":"[\\u0068\\u24D7\\uFF48\\u0125\\u1E23\\u1E27\\u021F\\u1E25\\u1E29\\u1E2B\\u1E96\\u0127\\u2C68\\u2C76\\u0265]","hv":"[\\u0195]","i":"[\\u0069\\u24D8\\uFF49\\u00EC\\u00ED\\u00EE\\u0129\\u012B\\u012D\\u00EF\\u1E2F\\u1EC9\\u01D0\\u0209\\u020B\\u1ECB\\u012F\\u1E2D\\u0268\\u0131]","j":"[\\u006A\\u24D9\\uFF4A\\u0135\\u01F0\\u0249]","k":"[\\u006B\\u24DA\\uFF4B\\u1E31\\u01E9\\u1E33\\u0137\\u1E35\\u0199\\u2C6A\\uA741\\uA743\\uA745\\uA7A3]","l":"[\\u006C\\u24DB\\uFF4C\\u0140\\u013A\\u013E\\u1E37\\u1E39\\u013C\\u1E3D\\u1E3B\\u017F\\u0142\\u019A\\u026B\\u2C61\\uA749\\uA781\\uA747]","lj":"[\\u01C9]","m":"[\\u006D\\u24DC\\uFF4D\\u1E3F\\u1E41\\u1E43\\u0271\\u026F]","n":"[\\u006E\\u24DD\\uFF4E\\u01F9\\u0144\\u00F1\\u1E45\\u0148\\u1E47\\u0146\\u1E4B\\u1E49\\u019E\\u0272\\u0149\\uA791\\uA7A5]","nj":"[\\u01CC]","o":"[\\u006F\\u24DE\\uFF4F\\u00F2\\u00F3\\u00F4\\u1ED3\\u1ED1\\u1ED7\\u1ED5\\u00F5\\u1E4D\\u022D\\u1E4F\\u014D\\u1E51\\u1E53\\u014F\\u022F\\u0231\\u00F6\\u022B\\u1ECF\\u0151\\u01D2\\u020D\\u020F\\u01A1\\u1EDD\\u1EDB\\u1EE1\\u1EDF\\u1EE3\\u1ECD\\u1ED9\\u01EB\\u01ED\\u00F8\\u01FF\\u0254\\uA74B\\uA74D\\u0275]","oi":"[\\u01A3]","ou":"[\\u0223]","oo":"[\\uA74F]","p":"[\\u0070\\u24DF\\uFF50\\u1E55\\u1E57\\u01A5\\u1D7D\\uA751\\uA753\\uA755]","q":"[\\u0071\\u24E0\\uFF51\\u024B\\uA757\\uA759]","r":"[\\u0072\\u24E1\\uFF52\\u0155\\u1E59\\u0159\\u0211\\u0213\\u1E5B\\u1E5D\\u0157\\u1E5F\\u024D\\u027D\\uA75B\\uA7A7\\uA783]","s":"[\\u0073\\u24E2\\uFF53\\u015B\\u1E65\\u015D\\u1E61\\u0161\\u1E67\\u1E63\\u1E69\\u0219\\u015F\\u023F\\uA7A9\\uA785\\u1E9B]","ss":"[\\u00DF]","t":"[\\u0074\\u24E3\\uFF54\\u1E6B\\u1E97\\u0165\\u1E6D\\u021B\\u0163\\u1E71\\u1E6F\\u0167\\u01AD\\u0288\\u2C66\\uA787]","tz":"[\\uA729]","u":"[\\u0075\\u24E4\\uFF55\\u00F9\\u00FA\\u00FB\\u0169\\u1E79\\u016B\\u1E7B\\u016D\\u00FC\\u01DC\\u01D8\\u01D6\\u01DA\\u1EE7\\u016F\\u0171\\u01D4\\u0215\\u0217\\u01B0\\u1EEB\\u1EE9\\u1EEF\\u1EED\\u1EF1\\u1EE5\\u1E73\\u0173\\u1E77\\u1E75\\u0289]","v":"[\\u0076\\u24E5\\uFF56\\u1E7D\\u1E7F\\u028B\\uA75F\\u028C]","vy":"[\\uA761]","w":"[\\u0077\\u24E6\\uFF57\\u1E81\\u1E83\\u0175\\u1E87\\u1E85\\u1E98\\u1E89\\u2C73]","x":"[\\u0078\\u24E7\\uFF58\\u1E8B\\u1E8D]","y":"[\\u0079\\u24E8\\uFF59\\u1EF3\\u00FD\\u0177\\u1EF9\\u0233\\u1E8F\\u00FF\\u1EF7\\u1E99\\u1EF5\\u01B4\\u024F\\u1EFF]","z":"[\\u007A\\u24E9\\uFF5A\\u017A\\u1E91\\u017C\\u017E\\u1E93\\u1E95\\u01B6\\u0225\\u0240\\u2C6C\\uA763]"},"researchesTests":["contentHasTOC","contentHasShortParagraphs","contentHasAssets","keywordInTitle","keywordInMetaDescription","keywordInPermalink","keywordIn10Percent","keywordInContent","keywordInSubheadings","keywordInImageAlt","keywordDensity","keywordNotUsed","lengthContent","lengthPermalink","linksHasInternal","linksHasExternals","linksNotAllExternals","titleStartWithKeyword","titleSentiment","titleHasPowerWords","titleHasNumber","hasContentAI"],"hasRedirection":true,"hasBreadcrumb":false},"homeUrl":"https:\/\/onlinebettingspace.com\/sk\/","objectID":2463,"objectType":"post","locale":"sk","localeFull":"sk_SK","overlayImages":{"play":{"name":"Play icon","url":"https:\/\/onlinebettingspace.com\/wp-content\/plugins\/seo-by-rank-math\/assets\/admin\/img\/icon-play.png","path":"\/home\/SuperAdmin\/web\/onlinebettingspace.com\/public_html\/wp-content\/plugins\/seo-by-rank-math\/assets\/admin\/img\/icon-play.png","position":"middle_center"},"gif":{"name":"GIF icon","url":"https:\/\/onlinebettingspace.com\/wp-content\/plugins\/seo-by-rank-math\/assets\/admin\/img\/icon-gif.png","path":"\/home\/SuperAdmin\/web\/onlinebettingspace.com\/public_html\/wp-content\/plugins\/seo-by-rank-math\/assets\/admin\/img\/icon-gif.png","position":"middle_center"}},"defautOgImage":"https:\/\/onlinebettingspace.com\/wp-content\/uploads\/2022\/04\/OBS-FULL-LOGO.webp","customPermalinks":true,"isUserRegistered":true,"autoSuggestKeywords":true,"connectSiteUrl":"https:\/\/rankmath.com\/auth?site=https%3A%2F%2Fonlinebettingspace.com%2Fsk%2F&r=https%3A%2F%2Fonlinebettingspace.com%2Fsk%2Fwp-json%2Fwp%2Fv2%2Fpages%2F2463%3Fnonce%3Dd9823ad770","maxTags":5,"trendsIcon":"<svg viewBox=\"0 0 610 610\"><path d=\"M18.85,446,174.32,290.48l58.08,58.08L76.93,504a14.54,14.54,0,0,1-20.55,0L18.83,466.48a14.54,14.54,0,0,1,0-20.55Z\" style=\"fill:#4285f4\"\/><path d=\"M242.65,242.66,377.59,377.6l-47.75,47.75a14.54,14.54,0,0,1-20.55,0L174.37,290.43l47.75-47.75A14.52,14.52,0,0,1,242.65,242.66Z\" style=\"fill:#ea4335\"\/><polygon points=\"319.53 319.53 479.26 159.8 537.34 217.88 377.61 377.62 319.53 319.53\" style=\"fill:#fabb05\"\/><path d=\"M594.26,262.73V118.61h0a16.94,16.94,0,0,0-16.94-16.94H433.2a16.94,16.94,0,0,0-12,28.92L565.34,274.71h0a16.94,16.94,0,0,0,28.92-12Z\" style=\"fill:#34a853\"\/><rect width=\"610\" height=\"610\" style=\"fill:none\"\/><\/svg>","showScore":true,"siteFavIcon":"https:\/\/onlinebettingspace.com\/wp-content\/uploads\/2022\/04\/OBS-LOGO-1.webp","canUser":{"general":false,"advanced":false,"snippet":false,"social":false,"analysis":false,"analytics":false,"content_ai":false},"showKeywordIntent":true,"isPro":false,"is_front_page":false,"trendsUpgradeLink":"https:\/\/rankmath.com\/pricing\/?utm_source=Plugin&utm_medium=CE%20General%20Tab%20Trends&utm_campaign=WP","trendsUpgradeLabel":"Upgrade","trendsPreviewImage":"https:\/\/onlinebettingspace.com\/wp-content\/plugins\/seo-by-rank-math\/assets\/admin\/img\/trends-preview.jpg","currentEditor":false,"homepageData":{"assessor":{"powerWords":[],"diacritics":true,"researchesTests":["contentHasTOC","contentHasShortParagraphs","contentHasAssets","keywordInTitle","keywordInMetaDescription","keywordInPermalink","keywordIn10Percent","keywordInContent","keywordInSubheadings","keywordInImageAlt","keywordDensity","keywordNotUsed","lengthContent","lengthPermalink","linksHasInternal","linksHasExternals","linksNotAllExternals","titleStartWithKeyword","titleSentiment","titleHasPowerWords","titleHasNumber","hasContentAI"],"hasBreadcrumb":false,"serpData":{"title":"%sitename% %page% %sep% %sitedesc%","description":"","titleTemplate":"%sitename% %page% %sep% %sitedesc%","descriptionTemplate":"","focusKeywords":"","breadcrumbTitle":"Home","robots":{"index":true},"advancedRobots":[],"facebookTitle":"","facebookDescription":"","facebookImage":"","facebookImageID":""}}},"tocTitle":"Table of Contents","tocExcludeHeadings":[],"listStyle":"ul"},"_links":{"self":[{"href":"https:\/\/onlinebettingspace.com\/sk\/wp-json\/wp\/v2\/pages\/2463","targetHints":{"allow":["GET"]}}],"collection":[{"href":"https:\/\/onlinebettingspace.com\/sk\/wp-json\/wp\/v2\/pages"}],"about":[{"href":"https:\/\/onlinebettingspace.com\/sk\/wp-json\/wp\/v2\/types\/page"}],"author":[{"embeddable":true,"href":"https:\/\/onlinebettingspace.com\/sk\/wp-json\/wp\/v2\/users\/1"}],"replies":[{"embeddable":true,"href":"https:\/\/onlinebettingspace.com\/sk\/wp-json\/wp\/v2\/comments?post=2463"}],"version-history":[{"count":0,"href":"https:\/\/onlinebettingspace.com\/sk\/wp-json\/wp\/v2\/pages\/2463\/revisions"}],"up":[{"embeddable":true,"href":"https:\/\/onlinebettingspace.com\/sk\/wp-json\/wp\/v2\/pages\/2220"}],"wp:attachment":[{"href":"https:\/\/onlinebettingspace.com\/sk\/wp-json\/wp\/v2\/media?parent=2463"}],"curies":[{"name":"wp","href":"https:\/\/api.w.org\/{rel}","templated":true}]}}