{"id":2460,"date":"2022-08-19T02:53:33","date_gmt":"2022-08-18T23:53:33","guid":{"rendered":"https:\/\/onlinebettingspace.com\/?page_id=2460"},"modified":"2022-08-19T02:53:33","modified_gmt":"2022-08-18T23:53:33","slug":"high-roller-hraci","status":"publish","type":"page","link":"https:\/\/onlinebettingspace.com\/sk\/high-roller-hraci\/","title":{"rendered":"HIGH ROLLER HRACI"},"content":{"rendered":"<section class=\"l-section wpb_row height_medium\"><div class=\"l-section-h i-cf\"><div class=\"g-cols vc_row via_flex valign_top type_default stacking_default\"><div class=\"vc_col-sm-12 wpb_column vc_column_container\"><div class=\"vc_column-inner\"><div class=\"wpb_wrapper\"><div class=\"wpb_text_column\"><div class=\"wpb_wrapper\"><h1>ONLINE CAS\u00cdNA PRE HIGH ROLLEROV<\/h1>\n<p>Tvoria s\u00edce len mal\u00e9 percento z celkov\u00e9ho po\u010dtu hr\u00e1\u010dov, za to s\u00fa v\u0161ak pre online casina ve\u013emi d\u00f4le\u017eit\u00ed. Re\u010d je o takzvan\u00fdch\u00a0<strong>High Roller hr\u00e1\u010doch<\/strong>. Ozna\u010denie \u201eHigh Roller hr\u00e1\u010d\u201c vyjadruje v casinovom svete \u010dloveka, ktor\u00fd hr\u00e1 o ve\u013ek\u00e9 peniaze.<\/p>\n<p>\u00damerne k tomu je ochotn\u00fd vsadi\u0165 i ove\u013ea v\u00e4\u010d\u0161ie sumy, ne\u017e priemern\u00fd hr\u00e1\u010d. Nie n\u00e1hodou sa tak\u00edto hr\u00e1\u010di ozna\u010duj\u00fa aj zn\u00e1mou skratkou\u00a0<strong>VIP\u00a0<\/strong>a po\u017e\u00edvaj\u00fa v\u0161etky v\u00fdhody plyn\u00face z tohto statusu.<\/p>\n<h2>BLI\u017d\u0160IA DEFIN\u00cdCIA HIGH ROLLER HR\u00c1\u010cA<\/h2>\n<p>S hore uvedenou defin\u00edciou by sme si v\u0161ak nevysta\u010dili. Je pr\u00edli\u0161 v\u00e1gna. V online casinovom svete plat\u00ed, \u017ee podobne ako nie je hr\u00e1\u010d ako hr\u00e1\u010d, tak sa aj High Rolleristi medzi sebou delia na dva typy \u2013 na takzvan\u00fdch pr\u00e9miov\u00fdch hr\u00e1\u010dov a na \u017eralokov. Pr\u00e9miov\u00ed hr\u00e1\u010di s\u00fa tak\u00ed, ktor\u00ed maj\u00fa na \u00fa\u010dtoch minim\u00e1lne $100.000. S\u00fa ochotn\u00ed vs\u00e1dza\u0165 tis\u00edcov\u00e9 sumy na jednu hru a v pr\u00edpade, \u017ee sa im nedar\u00ed, nepoc\u00edtia to to\u013eko, ako oby\u010dajn\u00ed hr\u00e1\u010di, ke\u010f\u017ee \u013eudovo povedan\u00e9, nemaj\u00fa hlboko do vrecka.<\/p>\n<p>A potom s\u00fa tu e\u0161te takzvan\u00ed \u017eraloci. To s\u00fa t\u00ed najelitnej\u0161\u00ed casino hr\u00e1\u010di v\u00f4bec. Tak\u00fdm bol napr\u00edklad aj Philip Seyour Hoffman vo\u00a0<strong><a href=\"http:\/\/www.martinus.sk\/\" rel=\"noopener\">filme Pr\u00edpad Mahowny<\/a><\/strong>. \u017draloci s\u00fa vylep\u0161en\u00edm pr\u00e9miov\u00fdch hr\u00e1\u010dov, hraj\u00fa o sumy, z ktor\u00fdch by sa be\u017en\u00fdm smrte\u013en\u00edkov zrejme zato\u010dila hlava. Na \u00fa\u010dtoch maj\u00fa mili\u00f3ny \u010di mo\u017eno a\u017e desiatky mili\u00f3nov dol\u00e1rov a na jednu hru s\u00fa ochotn\u00ed vsadi\u0165 st\u00e1tis\u00edce dol\u00e1rov alebo aj viac. V\u017edy to\u013eko, ko\u013eko im samo kas\u00edno dovol\u00ed. A st\u00e1tis\u00edcov\u00e9 prehry ich vlastne ani nebolia.<\/p>\n<p>Na svete je pod\u013ea odhadov asi nieko\u013eko stoviek tak\u00fdchto \u017eralokov roztr\u00fasen\u00fdch po celom svete. Drviv\u00e1 v\u00e4\u010d\u0161ina z nich v\u0161ak hr\u00e1va v kamenn\u00fdch kas\u00ednach v Macau, v Las Vegas \u010di v Monte Carle. V\u010faka v\u00fdhode, ktor\u00fa kas\u00edna maj\u00fa, s\u00fa pr\u00e1ve t\u00edto hr\u00e1\u010di zdrojom nemal\u00fdch pr\u00edjmov pre tieto kas\u00edna a niet sa \u010domu divi\u0165, \u017ee t\u00ed sa ich za ka\u017ed\u00fa cenu sna\u017eia udr\u017ea\u0165 pri hre. V\u00e4\u010d\u0161ina casinov\u00fdch \u017eralokov s\u00fa bohat\u00ed biznismeni, pre ktor\u00fdch je tak\u00e1to hra druhom relaxu.<\/p>\n<h2>HIGH ROLLER HR\u00c1\u010c V ONLINE CAS\u00cdNACH<\/h2>\n<p>Len mal\u00e9 percento \u017eralokov hr\u00e1va online. Je to sp\u00f4soben\u00e9 predov\u0161etk\u00fdm dvomi faktormi. Prv\u00fdm je samotn\u00e1 povaha hr\u00e1\u010dov, ktor\u00ed neradi hraj\u00fa v pr\u00edtmi, ale pr\u00e1ve naopak, s\u00fa radi pri hre obklopen\u00ed \u013eu\u010fmi. \u010eal\u0161ou vecou, ktor\u00e1 tak\u00fdchto hr\u00e1\u010dov odr\u00e1dza od hry s\u00fa obmedzenia a denn\u00e9 limity pre vklady. M\u00f4\u017ee sa sta\u0165, \u017ee kas\u00edno neumo\u017e\u0148uje vlo\u017ei\u0165 na \u00fa\u010det za de\u0148 viac ne\u017e desa\u0165tis\u00edc dol\u00e1rov, \u010do pre High Roller hr\u00e1\u010da m\u00f4\u017ee by\u0165 hodnota st\u00e1vky napr\u00edklad v jednej \u010di dvoch hr\u00e1ch.<\/p>\n<p>A preto aj tak\u00edto hr\u00e1\u010di volia rad\u0161ej mo\u017enos\u0165 hry v kamennom kas\u00edne, napriek tomu, \u017ee ich\u00a0<a href=\"\/sk\/o-nahode-v-kasinovych-hrach\"><strong>\u0161ance na v\u00fdhru<\/strong><\/a>\u00a0s\u00fa tu \u010dastokr\u00e1t ove\u013ea men\u0161ie. Pokia\u013e sa v\u0161ak high roller alebo aspo\u0148 pr\u00e9miov\u00fd hr\u00e1\u010d rozhodne hra\u0165 prostredn\u00edctvom internetu, jednotliv\u00e9 kas\u00edna o neho bojuj\u00fa najr\u00f4znej\u0161\u00edmi zbra\u0148ami. Pr\u00e1ve tak\u00edto hr\u00e1\u010di s\u00fa toti\u017e v\u00fdborn\u00fdm zdrojom profitu, ke\u010f\u017ee toho dok\u00e1\u017eu na jednu session prevs\u00e1dza\u0165 to\u013eko, ako nieko\u013eko stoviek alebo dokonca tis\u00edcov hr\u00e1\u010dov.<\/p>\n<p>Existuje dokonca nieko\u013eko online kas\u00edn, ktor\u00e9 sa \u0161pecializuj\u00fa takmer v\u00fdhradne na t\u00fdchto bohat\u00fdch hr\u00e1\u010dov. Z\u00edska\u0165, no predov\u0161etk\u00fdm udr\u017ea\u0165 si tak\u00e9hoto hr\u00e1\u010da je v\u0161ak ve\u013emi n\u00e1ro\u010dn\u00e9 a t\u00edto hr\u00e1\u010di maj\u00fa v pr\u00edpade nespokojnosti tendenciu fluktuova\u0165. R\u00fdchlo sa pres\u00favaj\u00fa z jedn\u00e9ho kas\u00edna do druh\u00e9ho v snahe n\u00e1js\u0165 to, ktor\u00e9 im pon\u00fakne tie najadekv\u00e1tnej\u0161ie podmienky. Vo v\u0161eobecnosti mo\u017eno poveda\u0165, \u017ee kas\u00edna sa sna\u017eia tak\u00fdchto hr\u00e1\u010dov z\u00edska\u0165 dvomi sp\u00f4sobmi \u2013 ponukami a slu\u017ebami.<\/p>\n<h2>AKO L\u00c1KAJ\u00da ONLINE CAS\u00cdNA HIGH ROLLER HR\u00c1\u010cOV<\/h2>\n<p>High Rolleristov nezauj\u00edmaj\u00fa be\u017en\u00e9 promo akcie,\u00a0<a href=\"\/sk\/bonus\/bez-vkladu\"><strong>no deposit bonusy<\/strong><\/a>, zato\u010denia zadarmo, automaty za p\u00e1r centov \u010di vstupn\u00e9 bonusy na \u00farovni stoviek euro. V\u0161etko to, \u010do by zaujalo priemern\u00fdch hr\u00e1\u010dov sa im zd\u00e1 by\u0165 f\u00e1dne a v\u0161edn\u00e9. Oni chc\u00fa vyhr\u00e1va\u0165 desa\u0165tis\u00edce, st\u00e1tis\u00edce, mili\u00f3ny, skr\u00e1tka \u010do najviac. A chc\u00fa sa pri tom c\u00edti\u0165 v\u00fdnimo\u010dne, by\u0165 presne ako VIP. Preto tak\u00edto hr\u00e1\u010di h\u013eadaj\u00fa pridan\u00fa hodnotu, chc\u00fa ma\u0165 nie\u010do k \u010domu \u201eoby\u010dajn\u00ed\u201c hr\u00e1\u010di nem\u00f4\u017eu ma\u0165 pr\u00edstup.<\/p>\n<p>Online casina si tak\u00fdchto hr\u00e1\u010dov sna\u017eia nakloni\u0165 na svoju stranu vysok\u00fdmi bonusov\u00fdmi ponukami. K\u00fdm be\u017en\u00ed hr\u00e1\u010di takto m\u00f4\u017eu z\u00edska\u0165 stovky euro, tak\u00edto tis\u00edce. \u010castokr\u00e1t maj\u00fa t\u00edto hr\u00e1\u010di pr\u00edstup ku \u010di u\u017e nov\u00fdm alebo vylep\u0161en\u00fdm hr\u00e1m. Napr\u00edklad, ke\u010f kas\u00edno chce uvies\u0165 nov\u00fa hru, tak \u010dasto s odstupom nieko\u013ek\u00fdch dn\u00ed a\u017e t\u00fd\u017ed\u0148ov ju najprv odovl\u00ed otestova\u0165 pr\u00e1ve high roller hr\u00e1\u010dom a a\u017e potom ju spr\u00edstupn\u00ed v\u0161etk\u00fdm ostatn\u00fdm.<\/p>\n<p>T\u00ed najelitnej\u0161\u00ed hr\u00e1\u010di z\u00edskavaj\u00fa i dar\u010deky v podobe l\u00edstkov na koncerty, \u0161portov\u00e9 stretnutia, na divadeln\u00e9 predstavenia a podobne. Rovnako maj\u00fa k dispoz\u00edcii osobn\u00e9ho asistenta, ktor\u00e1 sa o nich star\u00e1 24 hod\u00edn denne. Ten je pripraven\u00fd promptne rie\u0161i\u0165 ak\u00fdko\u013evek probl\u00e9m, ktor\u00fd po\u010das hry vyvstane. Pokia\u013e je to mo\u017en\u00e9, tak kas\u00edno tak\u00fdmto hr\u00e1\u010dom umo\u017en\u00ed robi\u0165 neobmedzene ve\u013ek\u00e9 vklady a v\u00fdbery na \u00fa\u010dty.<\/p>\n<h2>BONUSY PRE HIGH ROLLER HR\u00c1\u010cOV<\/h2>\n<p>To, \u010do najviac odli\u0161uje High Roller hr\u00e1\u010dov od t\u00fdch \u201eoby\u010dajn\u00fdch\u201c \u010do sa ponuky od kas\u00edn t\u00fdka s\u00fa bonusy. O bonusov\u00fdch ponuk\u00e1ch pre tak\u00fdchto playerov sa nedo\u010d\u00edtate na hlavnej str\u00e1nke, s\u00fa to \u010dastokr\u00e1t priv\u00e1tne ponuky, ktor\u00e9 kas\u00edno vytv\u00e1ra na mieru konkr\u00e9tnemu hr\u00e1\u010dovi. Nem\u00e1me teraz na mysli len\u00a0<a href=\"\/sk\/bonus\/vstupny\"><strong>bonusy pri prvom vklade<\/strong><\/a>, nie\u010do ako prv\u00fd vklad high roller hr\u00e1\u010di skoro ani nepoznaj\u00fa. Ich bonusy s\u00fa kreat\u00edvnej\u0161ie.<\/p>\n<p>Kas\u00edna \u010dastokr\u00e1t\u00a0<a href=\"\/sk\/bonus\/high-roller\"><strong>high rolleristom pon\u00fakaj\u00fa bonus<\/strong><\/a>\u00a0pri ka\u017edom jednom vklade, ktor\u00fd urobia. Niektor\u00e9 pon\u00fakaj\u00fa i mo\u017enos\u0165 takzvan\u00e9ho \u201eloss-rebate\u201c, teda vr\u00e1tenie \u010dasti pe\u0148az\u00ed v pr\u00edpade, \u017ee hr\u00e1\u010d pri niektorej session neuspeje. Ni\u010d\u00edm neobvykl\u00fdm nie s\u00fa ani lep\u0161ie podmienky pri nadob\u00fadan\u00ed alebo konverzie VIP bodov, ktor\u00fdch v\u00fd\u0161ka je \u010dastokr\u00e1t naviazan\u00e1 pr\u00e1ve na v\u00fd\u0161ku st\u00e1vok u\u010dinen\u00fdch v jednotliv\u00fdch hr\u00e1ch.<\/p>\n<p>V skratke mo\u017eno poveda\u0165, \u017ee High Roller hr\u00e1\u010di z\u00edskavaj\u00fa po\u010das hry ove\u013ea v\u00e4\u010d\u0161ie mno\u017estvo i viac kvalitnej\u0161ie bonusy, ne\u017e oby\u010dajn\u00ed hr\u00e1\u010di. Ur\u010dite si mnoh\u00ed kladiete ot\u00e1zku, ako sa aj vy m\u00f4\u017eete sta\u0165 tak\u00fdmto VIP klientom. Sta\u010dia k tomu skuto\u010dne len dve veci \u2013 ma\u0165 na \u00fa\u010dte aspo\u0148 \u0161es\u0165cifern\u00fa sumu a by\u0165 ochotn\u00ed robi\u0165 ve\u013ek\u00e9 st\u00e1vky. Splni\u0165 obe podmienky sa v\u0161ak mnoh\u00fdm nepodar\u00ed. A aj pre to je High Roller hr\u00e1\u010dov tak m\u00e1lo.<\/p>\n<\/div><\/div><\/div><\/div><\/div><\/div><\/div><\/section>\n","protected":false},"excerpt":{"rendered":"ONLINE CAS\u00cdNA PRE HIGH ROLLEROV Tvoria s\u00edce len mal\u00e9 percento z celkov\u00e9ho po\u010dtu hr\u00e1\u010dov, za to s\u00fa v\u0161ak pre online casina ve\u013emi d\u00f4le\u017eit\u00ed. Re\u010d je o takzvan\u00fdch\u00a0High Roller hr\u00e1\u010doch. Ozna\u010denie \u201eHigh Roller hr\u00e1\u010d\u201c vyjadruje v casinovom svete \u010dloveka, ktor\u00fd hr\u00e1 o ve\u013ek\u00e9 peniaze. \u00damerne k tomu je ochotn\u00fd vsadi\u0165 i ove\u013ea v\u00e4\u010d\u0161ie sumy, ne\u017e priemern\u00fd...","protected":false},"author":1,"featured_media":0,"parent":0,"menu_order":0,"comment_status":"closed","ping_status":"closed","template":"","meta":{"_acf_changed":false,"footnotes":""},"class_list":["post-2460","page","type-page","status-publish","hentry"],"acf":[],"rankMath":{"parentDomain":"onlinebettingspace.com","noFollowDomains":[],"noFollowExcludeDomains":[],"noFollowExternalLinks":false,"featuredImageNotice":"The featured image should be at least 200 by 200 pixels to be picked up by Facebook and other social media sites.","pluginReviewed":true,"postSettings":{"linkSuggestions":true,"useFocusKeyword":false},"frontEndScore":false,"postName":"high-roller-hraci","permalinkFormat":"https:\/\/onlinebettingspace.com\/sk\/%pagename%\/","showLockModifiedDate":true,"assessor":{"focusKeywordLink":"https:\/\/onlinebettingspace.com\/wp-admin\/edit.php?focus_keyword=%focus_keyword%&post_type=%post_type%","hasTOCPlugin":false,"primaryTaxonomy":false,"serpData":{"title":"Online kas\u00edno pre High Roller hr\u00e1\u010dov","description":"High Roller hr\u00e1\u010di s\u00fa \u0161pecifick\u00ed v tom, \u017ee vyh\u013ead\u00e1vaj\u00fa hry, v ktor\u00fdch m\u00f4\u017eu robi\u0165 tie najv\u00e4\u010d\u0161ie mo\u017en\u00e9 st\u00e1vky. Kas\u00edna si tak\u00fdchto hr\u00e1\u010dov v\u017edy radi h\u00fd\u010dkaj\u00fa.","focusKeywords":"","pillarContent":false,"canonicalUrl":"","breadcrumbTitle":"","advancedRobots":[],"facebookTitle":"","facebookDescription":"","facebookImage":"","facebookImageID":"","facebookHasOverlay":false,"facebookImageOverlay":"","facebookAuthor":"","twitterCardType":"","twitterUseFacebook":true,"twitterTitle":"","twitterDescription":"","twitterImage":"","twitterImageID":"","twitterHasOverlay":false,"twitterImageOverlay":"","twitterPlayerUrl":"","twitterPlayerSize":"","twitterPlayerStream":"","twitterPlayerStreamCtype":"","twitterAppDescription":"","twitterAppIphoneName":"","twitterAppIphoneID":"","twitterAppIphoneUrl":"","twitterAppIpadName":"","twitterAppIpadID":"","twitterAppIpadUrl":"","twitterAppGoogleplayName":"","twitterAppGoogleplayID":"","twitterAppGoogleplayUrl":"","twitterAppCountry":"","robots":{"index":true},"twitterAuthor":"username","primaryTerm":0,"authorName":"OBSAdmin","titleTemplate":"%title% %sep% %sitename%","descriptionTemplate":"%excerpt%","showScoreFrontend":true,"lockModifiedDate":false},"powerWords":[],"diacritics":{"A":"[\\u0041\\u24B6\\uFF21\\u00C0\\u00C1\\u00C2\\u1EA6\\u1EA4\\u1EAA\\u1EA8\\u00C3\\u0100\\u0102\\u1EB0\\u1EAE\\u1EB4\\u1EB2\\u0226\\u01E0\\u00C4\\u01DE\\u1EA2\\u00C5\\u01FA\\u01CD\\u0200\\u0202\\u1EA0\\u1EAC\\u1EB6\\u1E00\\u0104\\u023A\\u2C6F]","AA":"[\\uA732]","AE":"[\\u00C6\\u01FC\\u01E2]","AO":"[\\uA734]","AU":"[\\uA736]","AV":"[\\uA738\\uA73A]","AY":"[\\uA73C]","B":"[\\u0042\\u24B7\\uFF22\\u1E02\\u1E04\\u1E06\\u0243\\u0182\\u0181]","C":"[\\u0043\\u24B8\\uFF23\\u0106\\u0108\\u010A\\u010C\\u00C7\\u1E08\\u0187\\u023B\\uA73E]","D":"[\\u0044\\u24B9\\uFF24\\u1E0A\\u010E\\u1E0C\\u1E10\\u1E12\\u1E0E\\u0110\\u018B\\u018A\\u0189\\uA779]","DZ":"[\\u01F1\\u01C4]","Dz":"[\\u01F2\\u01C5]","E":"[\\u0045\\u24BA\\uFF25\\u00C8\\u00C9\\u00CA\\u1EC0\\u1EBE\\u1EC4\\u1EC2\\u1EBC\\u0112\\u1E14\\u1E16\\u0114\\u0116\\u00CB\\u1EBA\\u011A\\u0204\\u0206\\u1EB8\\u1EC6\\u0228\\u1E1C\\u0118\\u1E18\\u1E1A\\u0190\\u018E]","F":"[\\u0046\\u24BB\\uFF26\\u1E1E\\u0191\\uA77B]","G":"[\\u0047\\u24BC\\uFF27\\u01F4\\u011C\\u1E20\\u011E\\u0120\\u01E6\\u0122\\u01E4\\u0193\\uA7A0\\uA77D\\uA77E]","H":"[\\u0048\\u24BD\\uFF28\\u0124\\u1E22\\u1E26\\u021E\\u1E24\\u1E28\\u1E2A\\u0126\\u2C67\\u2C75\\uA78D]","I":"[\\u0049\\u24BE\\uFF29\\u00CC\\u00CD\\u00CE\\u0128\\u012A\\u012C\\u0130\\u00CF\\u1E2E\\u1EC8\\u01CF\\u0208\\u020A\\u1ECA\\u012E\\u1E2C\\u0197]","J":"[\\u004A\\u24BF\\uFF2A\\u0134\\u0248]","K":"[\\u004B\\u24C0\\uFF2B\\u1E30\\u01E8\\u1E32\\u0136\\u1E34\\u0198\\u2C69\\uA740\\uA742\\uA744\\uA7A2]","L":"[\\u004C\\u24C1\\uFF2C\\u013F\\u0139\\u013D\\u1E36\\u1E38\\u013B\\u1E3C\\u1E3A\\u0141\\u023D\\u2C62\\u2C60\\uA748\\uA746\\uA780]","LJ":"[\\u01C7]","Lj":"[\\u01C8]","M":"[\\u004D\\u24C2\\uFF2D\\u1E3E\\u1E40\\u1E42\\u2C6E\\u019C]","N":"[\\u004E\\u24C3\\uFF2E\\u01F8\\u0143\\u00D1\\u1E44\\u0147\\u1E46\\u0145\\u1E4A\\u1E48\\u0220\\u019D\\uA790\\uA7A4]","NJ":"[\\u01CA]","Nj":"[\\u01CB]","O":"[\\u004F\\u24C4\\uFF2F\\u00D2\\u00D3\\u00D4\\u1ED2\\u1ED0\\u1ED6\\u1ED4\\u00D5\\u1E4C\\u022C\\u1E4E\\u014C\\u1E50\\u1E52\\u014E\\u022E\\u0230\\u00D6\\u022A\\u1ECE\\u0150\\u01D1\\u020C\\u020E\\u01A0\\u1EDC\\u1EDA\\u1EE0\\u1EDE\\u1EE2\\u1ECC\\u1ED8\\u01EA\\u01EC\\u00D8\\u01FE\\u0186\\u019F\\uA74A\\uA74C]","OI":"[\\u01A2]","OO":"[\\uA74E]","OU":"[\\u0222]","P":"[\\u0050\\u24C5\\uFF30\\u1E54\\u1E56\\u01A4\\u2C63\\uA750\\uA752\\uA754]","Q":"[\\u0051\\u24C6\\uFF31\\uA756\\uA758\\u024A]","R":"[\\u0052\\u24C7\\uFF32\\u0154\\u1E58\\u0158\\u0210\\u0212\\u1E5A\\u1E5C\\u0156\\u1E5E\\u024C\\u2C64\\uA75A\\uA7A6\\uA782]","S":"[\\u0053\\u24C8\\uFF33\\u1E9E\\u015A\\u1E64\\u015C\\u1E60\\u0160\\u1E66\\u1E62\\u1E68\\u0218\\u015E\\u2C7E\\uA7A8\\uA784]","T":"[\\u0054\\u24C9\\uFF34\\u1E6A\\u0164\\u1E6C\\u021A\\u0162\\u1E70\\u1E6E\\u0166\\u01AC\\u01AE\\u023E\\uA786]","TZ":"[\\uA728]","U":"[\\u0055\\u24CA\\uFF35\\u00D9\\u00DA\\u00DB\\u0168\\u1E78\\u016A\\u1E7A\\u016C\\u00DC\\u01DB\\u01D7\\u01D5\\u01D9\\u1EE6\\u016E\\u0170\\u01D3\\u0214\\u0216\\u01AF\\u1EEA\\u1EE8\\u1EEE\\u1EEC\\u1EF0\\u1EE4\\u1E72\\u0172\\u1E76\\u1E74\\u0244]","V":"[\\u0056\\u24CB\\uFF36\\u1E7C\\u1E7E\\u01B2\\uA75E\\u0245]","VY":"[\\uA760]","W":"[\\u0057\\u24CC\\uFF37\\u1E80\\u1E82\\u0174\\u1E86\\u1E84\\u1E88\\u2C72]","X":"[\\u0058\\u24CD\\uFF38\\u1E8A\\u1E8C]","Y":"[\\u0059\\u24CE\\uFF39\\u1EF2\\u00DD\\u0176\\u1EF8\\u0232\\u1E8E\\u0178\\u1EF6\\u1EF4\\u01B3\\u024E\\u1EFE]","Z":"[\\u005A\\u24CF\\uFF3A\\u0179\\u1E90\\u017B\\u017D\\u1E92\\u1E94\\u01B5\\u0224\\u2C7F\\u2C6B\\uA762]","a":"[\\u0061\\u24D0\\uFF41\\u1E9A\\u00E0\\u00E1\\u00E2\\u1EA7\\u1EA5\\u1EAB\\u1EA9\\u00E3\\u0101\\u0103\\u1EB1\\u1EAF\\u1EB5\\u1EB3\\u0227\\u01E1\\u00E4\\u01DF\\u1EA3\\u00E5\\u01FB\\u01CE\\u0201\\u0203\\u1EA1\\u1EAD\\u1EB7\\u1E01\\u0105\\u2C65\\u0250]","aa":"[\\uA733]","ae":"[\\u00E6\\u01FD\\u01E3]","ao":"[\\uA735]","au":"[\\uA737]","av":"[\\uA739\\uA73B]","ay":"[\\uA73D]","b":"[\\u0062\\u24D1\\uFF42\\u1E03\\u1E05\\u1E07\\u0180\\u0183\\u0253]","c":"[\\u0063\\u24D2\\uFF43\\u0107\\u0109\\u010B\\u010D\\u00E7\\u1E09\\u0188\\u023C\\uA73F\\u2184]","d":"[\\u0064\\u24D3\\uFF44\\u1E0B\\u010F\\u1E0D\\u1E11\\u1E13\\u1E0F\\u0111\\u018C\\u0256\\u0257\\uA77A]","dz":"[\\u01F3\\u01C6]","e":"[\\u0065\\u24D4\\uFF45\\u00E8\\u00E9\\u00EA\\u1EC1\\u1EBF\\u1EC5\\u1EC3\\u1EBD\\u0113\\u1E15\\u1E17\\u0115\\u0117\\u00EB\\u1EBB\\u011B\\u0205\\u0207\\u1EB9\\u1EC7\\u0229\\u1E1D\\u0119\\u1E19\\u1E1B\\u0247\\u025B\\u01DD]","f":"[\\u0066\\u24D5\\uFF46\\u1E1F\\u0192\\uA77C]","g":"[\\u0067\\u24D6\\uFF47\\u01F5\\u011D\\u1E21\\u011F\\u0121\\u01E7\\u0123\\u01E5\\u0260\\uA7A1\\u1D79\\uA77F]","h":"[\\u0068\\u24D7\\uFF48\\u0125\\u1E23\\u1E27\\u021F\\u1E25\\u1E29\\u1E2B\\u1E96\\u0127\\u2C68\\u2C76\\u0265]","hv":"[\\u0195]","i":"[\\u0069\\u24D8\\uFF49\\u00EC\\u00ED\\u00EE\\u0129\\u012B\\u012D\\u00EF\\u1E2F\\u1EC9\\u01D0\\u0209\\u020B\\u1ECB\\u012F\\u1E2D\\u0268\\u0131]","j":"[\\u006A\\u24D9\\uFF4A\\u0135\\u01F0\\u0249]","k":"[\\u006B\\u24DA\\uFF4B\\u1E31\\u01E9\\u1E33\\u0137\\u1E35\\u0199\\u2C6A\\uA741\\uA743\\uA745\\uA7A3]","l":"[\\u006C\\u24DB\\uFF4C\\u0140\\u013A\\u013E\\u1E37\\u1E39\\u013C\\u1E3D\\u1E3B\\u017F\\u0142\\u019A\\u026B\\u2C61\\uA749\\uA781\\uA747]","lj":"[\\u01C9]","m":"[\\u006D\\u24DC\\uFF4D\\u1E3F\\u1E41\\u1E43\\u0271\\u026F]","n":"[\\u006E\\u24DD\\uFF4E\\u01F9\\u0144\\u00F1\\u1E45\\u0148\\u1E47\\u0146\\u1E4B\\u1E49\\u019E\\u0272\\u0149\\uA791\\uA7A5]","nj":"[\\u01CC]","o":"[\\u006F\\u24DE\\uFF4F\\u00F2\\u00F3\\u00F4\\u1ED3\\u1ED1\\u1ED7\\u1ED5\\u00F5\\u1E4D\\u022D\\u1E4F\\u014D\\u1E51\\u1E53\\u014F\\u022F\\u0231\\u00F6\\u022B\\u1ECF\\u0151\\u01D2\\u020D\\u020F\\u01A1\\u1EDD\\u1EDB\\u1EE1\\u1EDF\\u1EE3\\u1ECD\\u1ED9\\u01EB\\u01ED\\u00F8\\u01FF\\u0254\\uA74B\\uA74D\\u0275]","oi":"[\\u01A3]","ou":"[\\u0223]","oo":"[\\uA74F]","p":"[\\u0070\\u24DF\\uFF50\\u1E55\\u1E57\\u01A5\\u1D7D\\uA751\\uA753\\uA755]","q":"[\\u0071\\u24E0\\uFF51\\u024B\\uA757\\uA759]","r":"[\\u0072\\u24E1\\uFF52\\u0155\\u1E59\\u0159\\u0211\\u0213\\u1E5B\\u1E5D\\u0157\\u1E5F\\u024D\\u027D\\uA75B\\uA7A7\\uA783]","s":"[\\u0073\\u24E2\\uFF53\\u015B\\u1E65\\u015D\\u1E61\\u0161\\u1E67\\u1E63\\u1E69\\u0219\\u015F\\u023F\\uA7A9\\uA785\\u1E9B]","ss":"[\\u00DF]","t":"[\\u0074\\u24E3\\uFF54\\u1E6B\\u1E97\\u0165\\u1E6D\\u021B\\u0163\\u1E71\\u1E6F\\u0167\\u01AD\\u0288\\u2C66\\uA787]","tz":"[\\uA729]","u":"[\\u0075\\u24E4\\uFF55\\u00F9\\u00FA\\u00FB\\u0169\\u1E79\\u016B\\u1E7B\\u016D\\u00FC\\u01DC\\u01D8\\u01D6\\u01DA\\u1EE7\\u016F\\u0171\\u01D4\\u0215\\u0217\\u01B0\\u1EEB\\u1EE9\\u1EEF\\u1EED\\u1EF1\\u1EE5\\u1E73\\u0173\\u1E77\\u1E75\\u0289]","v":"[\\u0076\\u24E5\\uFF56\\u1E7D\\u1E7F\\u028B\\uA75F\\u028C]","vy":"[\\uA761]","w":"[\\u0077\\u24E6\\uFF57\\u1E81\\u1E83\\u0175\\u1E87\\u1E85\\u1E98\\u1E89\\u2C73]","x":"[\\u0078\\u24E7\\uFF58\\u1E8B\\u1E8D]","y":"[\\u0079\\u24E8\\uFF59\\u1EF3\\u00FD\\u0177\\u1EF9\\u0233\\u1E8F\\u00FF\\u1EF7\\u1E99\\u1EF5\\u01B4\\u024F\\u1EFF]","z":"[\\u007A\\u24E9\\uFF5A\\u017A\\u1E91\\u017C\\u017E\\u1E93\\u1E95\\u01B6\\u0225\\u0240\\u2C6C\\uA763]"},"researchesTests":["contentHasTOC","contentHasShortParagraphs","contentHasAssets","keywordInTitle","keywordInMetaDescription","keywordInPermalink","keywordIn10Percent","keywordInContent","keywordInSubheadings","keywordInImageAlt","keywordDensity","keywordNotUsed","lengthContent","lengthPermalink","linksHasInternal","linksHasExternals","linksNotAllExternals","titleStartWithKeyword","titleSentiment","titleHasPowerWords","titleHasNumber","hasContentAI"],"hasRedirection":true,"hasBreadcrumb":false},"homeUrl":"https:\/\/onlinebettingspace.com\/sk\/","objectID":2460,"objectType":"post","locale":"sk","localeFull":"sk_SK","overlayImages":{"play":{"name":"Play icon","url":"https:\/\/onlinebettingspace.com\/wp-content\/plugins\/seo-by-rank-math\/assets\/admin\/img\/icon-play.png","path":"\/home\/SuperAdmin\/web\/onlinebettingspace.com\/public_html\/wp-content\/plugins\/seo-by-rank-math\/assets\/admin\/img\/icon-play.png","position":"middle_center"},"gif":{"name":"GIF icon","url":"https:\/\/onlinebettingspace.com\/wp-content\/plugins\/seo-by-rank-math\/assets\/admin\/img\/icon-gif.png","path":"\/home\/SuperAdmin\/web\/onlinebettingspace.com\/public_html\/wp-content\/plugins\/seo-by-rank-math\/assets\/admin\/img\/icon-gif.png","position":"middle_center"}},"defautOgImage":"https:\/\/onlinebettingspace.com\/wp-content\/uploads\/2022\/04\/OBS-FULL-LOGO.webp","customPermalinks":true,"isUserRegistered":true,"autoSuggestKeywords":true,"connectSiteUrl":"https:\/\/rankmath.com\/auth?site=https%3A%2F%2Fonlinebettingspace.com%2Fsk%2F&r=https%3A%2F%2Fonlinebettingspace.com%2Fsk%2Fwp-json%2Fwp%2Fv2%2Fpages%2F2460%3Fnonce%3Dd9823ad770","maxTags":5,"trendsIcon":"<svg viewBox=\"0 0 610 610\"><path d=\"M18.85,446,174.32,290.48l58.08,58.08L76.93,504a14.54,14.54,0,0,1-20.55,0L18.83,466.48a14.54,14.54,0,0,1,0-20.55Z\" style=\"fill:#4285f4\"\/><path d=\"M242.65,242.66,377.59,377.6l-47.75,47.75a14.54,14.54,0,0,1-20.55,0L174.37,290.43l47.75-47.75A14.52,14.52,0,0,1,242.65,242.66Z\" style=\"fill:#ea4335\"\/><polygon points=\"319.53 319.53 479.26 159.8 537.34 217.88 377.61 377.62 319.53 319.53\" style=\"fill:#fabb05\"\/><path d=\"M594.26,262.73V118.61h0a16.94,16.94,0,0,0-16.94-16.94H433.2a16.94,16.94,0,0,0-12,28.92L565.34,274.71h0a16.94,16.94,0,0,0,28.92-12Z\" style=\"fill:#34a853\"\/><rect width=\"610\" height=\"610\" style=\"fill:none\"\/><\/svg>","showScore":true,"siteFavIcon":"https:\/\/onlinebettingspace.com\/wp-content\/uploads\/2022\/04\/OBS-LOGO-1.webp","canUser":{"general":false,"advanced":false,"snippet":false,"social":false,"analysis":false,"analytics":false,"content_ai":false},"showKeywordIntent":true,"isPro":false,"is_front_page":false,"trendsUpgradeLink":"https:\/\/rankmath.com\/pricing\/?utm_source=Plugin&utm_medium=CE%20General%20Tab%20Trends&utm_campaign=WP","trendsUpgradeLabel":"Upgrade","trendsPreviewImage":"https:\/\/onlinebettingspace.com\/wp-content\/plugins\/seo-by-rank-math\/assets\/admin\/img\/trends-preview.jpg","currentEditor":false,"homepageData":{"assessor":{"powerWords":[],"diacritics":true,"researchesTests":["contentHasTOC","contentHasShortParagraphs","contentHasAssets","keywordInTitle","keywordInMetaDescription","keywordInPermalink","keywordIn10Percent","keywordInContent","keywordInSubheadings","keywordInImageAlt","keywordDensity","keywordNotUsed","lengthContent","lengthPermalink","linksHasInternal","linksHasExternals","linksNotAllExternals","titleStartWithKeyword","titleSentiment","titleHasPowerWords","titleHasNumber","hasContentAI"],"hasBreadcrumb":false,"serpData":{"title":"%sitename% %page% %sep% %sitedesc%","description":"","titleTemplate":"%sitename% %page% %sep% %sitedesc%","descriptionTemplate":"","focusKeywords":"","breadcrumbTitle":"Home","robots":{"index":true},"advancedRobots":[],"facebookTitle":"","facebookDescription":"","facebookImage":"","facebookImageID":""}}},"tocTitle":"Table of Contents","tocExcludeHeadings":[],"listStyle":"ul"},"_links":{"self":[{"href":"https:\/\/onlinebettingspace.com\/sk\/wp-json\/wp\/v2\/pages\/2460","targetHints":{"allow":["GET"]}}],"collection":[{"href":"https:\/\/onlinebettingspace.com\/sk\/wp-json\/wp\/v2\/pages"}],"about":[{"href":"https:\/\/onlinebettingspace.com\/sk\/wp-json\/wp\/v2\/types\/page"}],"author":[{"embeddable":true,"href":"https:\/\/onlinebettingspace.com\/sk\/wp-json\/wp\/v2\/users\/1"}],"replies":[{"embeddable":true,"href":"https:\/\/onlinebettingspace.com\/sk\/wp-json\/wp\/v2\/comments?post=2460"}],"version-history":[{"count":0,"href":"https:\/\/onlinebettingspace.com\/sk\/wp-json\/wp\/v2\/pages\/2460\/revisions"}],"wp:attachment":[{"href":"https:\/\/onlinebettingspace.com\/sk\/wp-json\/wp\/v2\/media?parent=2460"}],"curies":[{"name":"wp","href":"https:\/\/api.w.org\/{rel}","templated":true}]}}