{"id":2457,"date":"2022-08-19T02:50:19","date_gmt":"2022-08-18T23:50:19","guid":{"rendered":"https:\/\/onlinebettingspace.com\/?page_id=2457"},"modified":"2022-08-19T02:50:19","modified_gmt":"2022-08-18T23:50:19","slug":"vytvorit-ucet-v-online-casine","status":"publish","type":"page","link":"https:\/\/onlinebettingspace.com\/sk\/vytvorit-ucet-v-online-casine\/","title":{"rendered":"VYTVORIT UCET V ONLINE CASINE"},"content":{"rendered":"<section class=\"l-section wpb_row height_medium\"><div class=\"l-section-h i-cf\"><div class=\"g-cols vc_row via_flex valign_top type_default stacking_default\"><div class=\"vc_col-sm-12 wpb_column vc_column_container\"><div class=\"vc_column-inner\"><div class=\"wpb_wrapper\"><div class=\"wpb_text_column\"><div class=\"wpb_wrapper\"><h1>AKO SI VYTVORI\u0164 \u00da\u010cET V ONLINE CAS\u00cdNE<\/h1>\n<div class=\"col-xs-12 col-sm-8 col-md-12 \">\n<div class=\"intro WYSIWYG\">\n<p>Hra\u0165 vytvoren\u00fd hr\u00e1\u010dsky \u00fa\u010det v\u00a0online kas\u00edne prin\u00e1\u0161a ve\u013ea v\u00fdhod. Z\u00edskavate pr\u00edstup ku v\u0161etk\u00fdm akci\u00e1m, ktor\u00e9 kas\u00edno pon\u00faka, m\u00f4\u017eete si zahra\u0165 takmer ak\u00fako\u013evek hru a\u00a0m\u00f4\u017eete \u010derpa\u0165 bonusy a\u00a0benefity. Niektor\u00e9 online kas\u00edna podmie\u0148uj\u00fa hranie svojich hier pr\u00e1ve registr\u00e1ciou. Ale nemus\u00edte sa ni\u010doho b\u00e1\u0165, registr\u00e1cia je r\u00fdchla, jednoduch\u00e1 a\u00a0zaberie v\u00e1m nanajv\u00fd\u0161 nieko\u013eko m\u00e1lo min\u00fat.<\/p>\n<\/div>\n<\/div>\n<div class=\"col-xs-12 col-sm-12\">\n<div class=\"WYSIWYG\">\n<h2>\u010cO MUS\u00cdM UROBI\u0164 A\u00a0VYPLNI\u0164?<\/h2>\n<p>Predt\u00fdm, ne\u017e si uk\u00e1\u017eeme, ako postupova\u0165 pri registr\u00e1ci\u00ed hr\u00e1\u010dskeho \u00fa\u010dtu, mus\u00edme v\u00e1m pripomen\u00fa\u0165 p\u00e1r vec\u00ed. Prvou je to, \u017ee v\u00a0prostred\u00ed online kas\u00edn plat\u00ed, \u017ee jeden \u010dlovek m\u00f4\u017ee ma\u0165 len jedin\u00fd \u00fa\u010det. A\u00a0tie\u017e plat\u00ed, \u017ee na jednu IP adresu m\u00f4\u017ee by\u0165 taktie\u017e len jedin\u00fd \u00fa\u010det. Je to obrana, aby si jeden a\u00a0ten ist\u00fd hr\u00e1\u010d nerobil \u00fa\u010dty na svojich bratov alebo rodi\u010dov a\u00a0hral i\u00a0takto. Dobre si aj zv\u00e1\u017ete svoju prez\u00fdvku, ani t\u00fa v\u00a0drvivej v\u00e4\u010d\u0161ine pr\u00edpadov, u\u017e nikdy nezmen\u00edte.<\/p>\n<p>\u010co vlastne mus\u00edte urobi\u0165? V\u00e4\u010d\u0161ina registr\u00e1ci\u00ed je podobn\u00fdch ako vajce vajcu a\u00a0vlastne budete vyp\u013a\u0148a\u0165 identick\u00e9 \u00fadaje.<\/p>\n<p><strong>1.<\/strong>\u00a0V\u00a0prvom kroku naj\u010dastej\u0161ie vyp\u013a\u0148ate svoje meno, priezvisko, pohlavie, d\u00e1tum narodenia a\u00a0zad\u00e1te aj e-mailov\u00fa adresu (vi\u010f obr\u00e1zok ni\u017e\u0161ie). Skontrolujte si spr\u00e1vnos\u0165 \u00fadajov v\u017edy, ke\u010f dop\u00ed\u0161ete. Vyberajte si tak\u00fa e-mailov\u00fa adresu, pri ktorej m\u00e1te istotu, \u017ee v\u00e1m bud\u00fa do schr\u00e1nky chodi\u0165 d\u00f4le\u017eit\u00e9 spr\u00e1vy o\u00a0<a href=\"\/sk\/bonus\/vstupny\" data-track=\"\"><strong>bonusoch<\/strong><\/a> \u010di \u010dasovo obmedzen\u00fdch ponuk\u00e1ch.<\/p>\n<p><strong>2.<\/strong>\u00a0E\u0161te v\u00a0prvom, alebo v\u00a0\u010fal\u0161om kroku vypln\u00edte svoju adresu, PS\u010c, zad\u00e1te svoje mesto a\u00a0krajinu. Niektor\u00e9 syst\u00e9my automaticky rozoznaj\u00fa krajinu, pri in\u00fdch ich mus\u00edte manu\u00e1lne zada\u0165. Ak v\u00a0zozname svoju krajinu (Slovensk\u00e1 republica \u2013 Slovak republic alebo Slovakia) nen\u00e1jdete, s\u00a0najv\u00e4\u010d\u0161ou pravdepodobnos\u0165ou to znamen\u00e1, \u017ee si hr\u00e1\u010di z\u00a0danej krajiny v\u00a0online kas\u00edne nem\u00f4\u017eu zahra\u0165. Ak m\u00e1te pochybnosti, nap\u00ed\u0161te n\u00e1m alebo na support online kas\u00edna.<\/p>\n<p>Ako m\u00f4\u017eete vidie\u0165 na obr\u00e1zku ni\u017e\u0161ie, \u010dak\u00e1 na v\u00e1s aj zadanie mobiln\u00e9ho \u010d\u00edsla a\u00a0v\u00fdber meny. Nemus\u00edte sa ob\u00e1va\u0165, \u017ee v\u00e1m bud\u00fa z\u00a0kas\u00edna telefonova\u0165, mobiln\u00fd kontakt je tu naj\u010dastej\u0161ie pre dokon\u010denie registr\u00e1cie, kedy v\u00e1m na telef\u00f3n pr\u00edde overovac\u00ed k\u00f3d (ak sa tak nestane na e-mail). D\u00f4le\u017eit\u00e1 je aj mena. V\u017edy je najlep\u0161ie si vybera\u0165 tak\u00fa menu, v\u00a0akej m\u00e1te aj veden\u00fd svoj bankov\u00fd \u00fa\u010det. Vyhnete sa tak strat\u00e1m pri prevode z\u00a0jednej meny na druh\u00fa.<\/p>\n<p><strong>3.<\/strong>\u00a0Z\u00a0vlastn\u00fdch sk\u00fasenost\u00ed m\u00f4\u017eeme poveda\u0165, \u017ee najviac \u010dasu tr\u00e1via hr\u00e1\u010di v\u00fdberom prez\u00fdvky. Vyberajte si pokia\u013e mo\u017eno nie\u010do neutr\u00e1lne, nie prez\u00fdvku \u201eMilujemAni\u010dku\u201c v\u00a0pr\u00edpade, \u017ee sa va\u0161a man\u017eelka \u010di priate\u013eka vol\u00e1 inak. Heslo vo\u013ete v\u017edy jedine\u010dn\u00e9 a\u00a0unik\u00e1tne a\u00a0v\u017edy si ho zapisujte na papier. Vyberajte si tak\u00fa bezpe\u010dnostn\u00fa ot\u00e1zku, na ktor\u00fa budete v\u017edy vedie\u0165 odpoveda\u0165 v\u00a0pr\u00edpade, \u017ee bude potrebn\u00e9 v\u00e1\u0161 \u00fa\u010det z\u00a0bezpe\u010dnostn\u00fdch d\u00f4vodov vami overi\u0165.<\/p>\n<p><strong>4.<\/strong>\u00a0V\u00e4\u010d\u0161inou posledn\u00fdmi krokmi k\u00a0dokon\u010deniu registr\u00e1cie b\u00fdvaj\u00fa potvrdenia. Mus\u00edte sa rozhodn\u00fa\u0165 \u010di chcete, aby v\u00e1m chodili na e-mail alebo formou mobiln\u00fdch spr\u00e1v ponuky a\u00a0propaga\u010dn\u00e9 akcie kas\u00edna. Posledn\u00fdm krokom, ktor\u00fd mus\u00edte u\u010dini\u0165, je overenie si svojho \u00fa\u010dtu prostredn\u00edctvom odkazu, ktor\u00fd v\u00e1m pri\u0161iel e-mailom alebo zadan\u00edm \u0161peci\u00e1lneho k\u00f3du. Vzh\u013eadom na to, \u017ee nie v\u0161etky kas\u00edna pon\u00fakaj\u00fa slovensk\u00fd \u010di \u010desk\u00fd support, ve\u013eakr\u00e1t budete ku registr\u00e1ci\u00ed potrebova\u0165 znalos\u0165 angli\u010dtiny.<\/p>\n<h2>O BEZPE\u010cNOS\u0164 SA OB\u00c1VA\u0164 NEMUS\u00cdTE<\/h2>\n<p>Ve\u013ea casinov\u00fdch hr\u00e1\u010dov sa pri otv\u00e1ran\u00ed \u00fa\u010dtov ob\u00e1va o bezpe\u010dnos\u0165. Na\u0161a odpove\u010f pre nich je jednoduch\u00e1. Ob\u00e1va\u0165 sa nemus\u00edte. V\u0161etky kas\u00edna disponuj\u00fa neprelomite\u013en\u00fdmi 128-bitov\u00fdmi k\u013e\u00fa\u010dmi, ktor\u00e9 s\u00fa spusten\u00e9 v\u017edy neust\u00e1le, ke\u010f ste online. V\u0161etky transakcie s\u00fa bezpe\u010dn\u00e9, \u010do si m\u00f4\u017eete kedyko\u013evek aj sami overi\u0165 prostredn\u00edctvom znaku z\u00e1mku pri webovej adrese v prehliada\u010doch.<\/p>\n<p>Inform\u00e1cie, ktor\u00e9 zdie\u013eate s kas\u00ednom, nem\u00f4\u017ee kas\u00edno \u0161\u00edri\u0165 \u010falej len tak akoby chcelo.\u00a0<a href=\"\/sk\/bezpecne-online-casino\" data-track=\"\"><strong>Jedno z hesiel, ktor\u00fdmi sa kas\u00edna riadia je v\u017edy garantova\u0165 hr\u00e1\u010dom pocit bezpe\u010dia<\/strong><\/a>. V r\u00e1mci toho investovali mili\u00f3ny dol\u00e1rov do zabezpe\u010denia a znemo\u017enenia toho, aby hackeri ukradli ak\u00e9ko\u013evek citliv\u00e9 d\u00e1ta. Ak\u00e9ko\u013evek naru\u0161enie bezpe\u010dnosti sa pre kas\u00edna toti\u017e rovn\u00e1 skoro profesnej samovra\u017ede.<\/p>\n<p>V s\u00favislosti s bezpe\u010dnos\u0165ou e\u0161te jedna d\u00f4le\u017eit\u00e1 pozn\u00e1mka. Kas\u00edno od v\u00e1s nikdy nebude po\u017eadova\u0165 va\u0161e heslo k hr\u00e1\u010dskemu \u00fa\u010dtu. Ak v\u00e1s o\u0148 niekto po\u017eiada, \u010di u\u017e prostredn\u00edctvom telef\u00f3nu, emailu \u010di inej met\u00f3dy, vedzte, \u017ee je to v\u017edy snaha o to v\u00e1s podvies\u0165 a odcudzi\u0165 va\u0161e citliv\u00e9 \u00fadaje a teda i peniaze Tak\u00e9to veci po v\u00e1s bud\u00fa po\u017eadova\u0165 jedine podvodn\u00edci alebo r\u00f4zni hackeri.<\/p>\n<p>Napriek v\u0161etk\u00e9mu na trhu st\u00e1le p\u00f4sob\u00ed mno\u017estvo pochybn\u00fdch str\u00e1nok, ktor\u00e9 nevypl\u00e1caj\u00fa v\u00fdhry, pon\u00fakaj\u00fa hry bez povolenia alebo poru\u0161uj\u00fa z\u00e1kony. V\u0161etky online kas\u00edna, o ktor\u00fdch sa m\u00f4\u017eete do\u010d\u00edta\u0165 na na\u0161ej str\u00e1nke, s\u00fa absol\u00fatne bezpe\u010dn\u00e9. Dodr\u017euj\u00fa v\u0161etky bezpe\u010dnostn\u00e9 protokoly, mal\u00fa licencie i vlastn\u00fd bezpe\u010dnostn\u00fd t\u00edm. Hra\u0165 v nich je teda absol\u00fatne bezpe\u010dn\u00e9 a nemali by ste sa toho b\u00e1\u0165.<\/p>\n<h2>HRAJTE O SKUTO\u010cN\u00c9 PENIAZE<\/h2>\n<p>Otvorenie si hr\u00e1\u010dskeho \u00fa\u010dtu je prv\u00fdm krokom k tomu, aby ste mohli hra\u0165 o skuto\u010dn\u00e9 peniaze. Dnes u\u017e si m\u00f4\u017eete otvori\u0165 \u00fa\u010det aj\u00a0<a href=\"\/sk\/mobilne-online-kasina\" data-track=\"\"><strong>prostredn\u00edctvom mobiln\u00e9ho telef\u00f3nu<\/strong><\/a>\u00a0\u010di tabletu a to v\u010faka optimalizovan\u00fdm str\u00e1nkam s neuverite\u013ene jednoduch\u00fdm ovl\u00e1dan\u00edm. Online kas\u00edna sa, pochopite\u013ene, sna\u017eia, aby cel\u00fd proces online registr\u00e1cie bol \u010do najjednoduch\u0161\u00ed a najr\u00fdchlej\u0161\u00ed, aby ste si u\u017e o p\u00e1r min\u00fat mohli zahra\u0165 svoju ob\u013e\u00faben\u00fa hru.<\/p>\n<\/div>\n<\/div>\n<\/div><\/div><\/div><\/div><\/div><\/div><\/div><\/section>\n","protected":false},"excerpt":{"rendered":"AKO SI VYTVORI\u0164 \u00da\u010cET V ONLINE CAS\u00cdNE Hra\u0165 vytvoren\u00fd hr\u00e1\u010dsky \u00fa\u010det v\u00a0online kas\u00edne prin\u00e1\u0161a ve\u013ea v\u00fdhod. Z\u00edskavate pr\u00edstup ku v\u0161etk\u00fdm akci\u00e1m, ktor\u00e9 kas\u00edno pon\u00faka, m\u00f4\u017eete si zahra\u0165 takmer ak\u00fako\u013evek hru a\u00a0m\u00f4\u017eete \u010derpa\u0165 bonusy a\u00a0benefity. Niektor\u00e9 online kas\u00edna podmie\u0148uj\u00fa hranie svojich hier pr\u00e1ve registr\u00e1ciou. Ale nemus\u00edte sa ni\u010doho b\u00e1\u0165, registr\u00e1cia je r\u00fdchla, jednoduch\u00e1 a\u00a0zaberie v\u00e1m nanajv\u00fd\u0161...","protected":false},"author":1,"featured_media":0,"parent":0,"menu_order":0,"comment_status":"closed","ping_status":"closed","template":"","meta":{"_acf_changed":false,"footnotes":""},"class_list":["post-2457","page","type-page","status-publish","hentry"],"acf":[],"rankMath":{"parentDomain":"onlinebettingspace.com","noFollowDomains":[],"noFollowExcludeDomains":[],"noFollowExternalLinks":false,"featuredImageNotice":"The featured image should be at least 200 by 200 pixels to be picked up by Facebook and other social media sites.","pluginReviewed":true,"postSettings":{"linkSuggestions":true,"useFocusKeyword":false},"frontEndScore":false,"postName":"vytvorit-ucet-v-online-casine","permalinkFormat":"https:\/\/onlinebettingspace.com\/sk\/%pagename%\/","showLockModifiedDate":true,"assessor":{"focusKeywordLink":"https:\/\/onlinebettingspace.com\/wp-admin\/edit.php?focus_keyword=%focus_keyword%&post_type=%post_type%","hasTOCPlugin":false,"primaryTaxonomy":false,"serpData":{"title":"Ako si vytvori\u0165 \u00fa\u010det v online kas\u00edne","description":"K tomu, aby ste si mohli zahra\u0165 v online casine o skuto\u010dn\u00e9 peniaze potrebujete jedno \u2013 ma\u0165 otvoren\u00fd \u00fa\u010det. \u010co v\u0161ak tak\u00e9 otvorenie \u00fa\u010dtu v casine obn\u00e1\u0161a?","focusKeywords":"","pillarContent":false,"canonicalUrl":"","breadcrumbTitle":"","advancedRobots":[],"facebookTitle":"","facebookDescription":"","facebookImage":"","facebookImageID":"","facebookHasOverlay":false,"facebookImageOverlay":"","facebookAuthor":"","twitterCardType":"","twitterUseFacebook":true,"twitterTitle":"","twitterDescription":"","twitterImage":"","twitterImageID":"","twitterHasOverlay":false,"twitterImageOverlay":"","twitterPlayerUrl":"","twitterPlayerSize":"","twitterPlayerStream":"","twitterPlayerStreamCtype":"","twitterAppDescription":"","twitterAppIphoneName":"","twitterAppIphoneID":"","twitterAppIphoneUrl":"","twitterAppIpadName":"","twitterAppIpadID":"","twitterAppIpadUrl":"","twitterAppGoogleplayName":"","twitterAppGoogleplayID":"","twitterAppGoogleplayUrl":"","twitterAppCountry":"","robots":{"index":true},"twitterAuthor":"username","primaryTerm":0,"authorName":"OBSAdmin","titleTemplate":"%title% %sep% %sitename%","descriptionTemplate":"%excerpt%","showScoreFrontend":true,"lockModifiedDate":false},"powerWords":[],"diacritics":{"A":"[\\u0041\\u24B6\\uFF21\\u00C0\\u00C1\\u00C2\\u1EA6\\u1EA4\\u1EAA\\u1EA8\\u00C3\\u0100\\u0102\\u1EB0\\u1EAE\\u1EB4\\u1EB2\\u0226\\u01E0\\u00C4\\u01DE\\u1EA2\\u00C5\\u01FA\\u01CD\\u0200\\u0202\\u1EA0\\u1EAC\\u1EB6\\u1E00\\u0104\\u023A\\u2C6F]","AA":"[\\uA732]","AE":"[\\u00C6\\u01FC\\u01E2]","AO":"[\\uA734]","AU":"[\\uA736]","AV":"[\\uA738\\uA73A]","AY":"[\\uA73C]","B":"[\\u0042\\u24B7\\uFF22\\u1E02\\u1E04\\u1E06\\u0243\\u0182\\u0181]","C":"[\\u0043\\u24B8\\uFF23\\u0106\\u0108\\u010A\\u010C\\u00C7\\u1E08\\u0187\\u023B\\uA73E]","D":"[\\u0044\\u24B9\\uFF24\\u1E0A\\u010E\\u1E0C\\u1E10\\u1E12\\u1E0E\\u0110\\u018B\\u018A\\u0189\\uA779]","DZ":"[\\u01F1\\u01C4]","Dz":"[\\u01F2\\u01C5]","E":"[\\u0045\\u24BA\\uFF25\\u00C8\\u00C9\\u00CA\\u1EC0\\u1EBE\\u1EC4\\u1EC2\\u1EBC\\u0112\\u1E14\\u1E16\\u0114\\u0116\\u00CB\\u1EBA\\u011A\\u0204\\u0206\\u1EB8\\u1EC6\\u0228\\u1E1C\\u0118\\u1E18\\u1E1A\\u0190\\u018E]","F":"[\\u0046\\u24BB\\uFF26\\u1E1E\\u0191\\uA77B]","G":"[\\u0047\\u24BC\\uFF27\\u01F4\\u011C\\u1E20\\u011E\\u0120\\u01E6\\u0122\\u01E4\\u0193\\uA7A0\\uA77D\\uA77E]","H":"[\\u0048\\u24BD\\uFF28\\u0124\\u1E22\\u1E26\\u021E\\u1E24\\u1E28\\u1E2A\\u0126\\u2C67\\u2C75\\uA78D]","I":"[\\u0049\\u24BE\\uFF29\\u00CC\\u00CD\\u00CE\\u0128\\u012A\\u012C\\u0130\\u00CF\\u1E2E\\u1EC8\\u01CF\\u0208\\u020A\\u1ECA\\u012E\\u1E2C\\u0197]","J":"[\\u004A\\u24BF\\uFF2A\\u0134\\u0248]","K":"[\\u004B\\u24C0\\uFF2B\\u1E30\\u01E8\\u1E32\\u0136\\u1E34\\u0198\\u2C69\\uA740\\uA742\\uA744\\uA7A2]","L":"[\\u004C\\u24C1\\uFF2C\\u013F\\u0139\\u013D\\u1E36\\u1E38\\u013B\\u1E3C\\u1E3A\\u0141\\u023D\\u2C62\\u2C60\\uA748\\uA746\\uA780]","LJ":"[\\u01C7]","Lj":"[\\u01C8]","M":"[\\u004D\\u24C2\\uFF2D\\u1E3E\\u1E40\\u1E42\\u2C6E\\u019C]","N":"[\\u004E\\u24C3\\uFF2E\\u01F8\\u0143\\u00D1\\u1E44\\u0147\\u1E46\\u0145\\u1E4A\\u1E48\\u0220\\u019D\\uA790\\uA7A4]","NJ":"[\\u01CA]","Nj":"[\\u01CB]","O":"[\\u004F\\u24C4\\uFF2F\\u00D2\\u00D3\\u00D4\\u1ED2\\u1ED0\\u1ED6\\u1ED4\\u00D5\\u1E4C\\u022C\\u1E4E\\u014C\\u1E50\\u1E52\\u014E\\u022E\\u0230\\u00D6\\u022A\\u1ECE\\u0150\\u01D1\\u020C\\u020E\\u01A0\\u1EDC\\u1EDA\\u1EE0\\u1EDE\\u1EE2\\u1ECC\\u1ED8\\u01EA\\u01EC\\u00D8\\u01FE\\u0186\\u019F\\uA74A\\uA74C]","OI":"[\\u01A2]","OO":"[\\uA74E]","OU":"[\\u0222]","P":"[\\u0050\\u24C5\\uFF30\\u1E54\\u1E56\\u01A4\\u2C63\\uA750\\uA752\\uA754]","Q":"[\\u0051\\u24C6\\uFF31\\uA756\\uA758\\u024A]","R":"[\\u0052\\u24C7\\uFF32\\u0154\\u1E58\\u0158\\u0210\\u0212\\u1E5A\\u1E5C\\u0156\\u1E5E\\u024C\\u2C64\\uA75A\\uA7A6\\uA782]","S":"[\\u0053\\u24C8\\uFF33\\u1E9E\\u015A\\u1E64\\u015C\\u1E60\\u0160\\u1E66\\u1E62\\u1E68\\u0218\\u015E\\u2C7E\\uA7A8\\uA784]","T":"[\\u0054\\u24C9\\uFF34\\u1E6A\\u0164\\u1E6C\\u021A\\u0162\\u1E70\\u1E6E\\u0166\\u01AC\\u01AE\\u023E\\uA786]","TZ":"[\\uA728]","U":"[\\u0055\\u24CA\\uFF35\\u00D9\\u00DA\\u00DB\\u0168\\u1E78\\u016A\\u1E7A\\u016C\\u00DC\\u01DB\\u01D7\\u01D5\\u01D9\\u1EE6\\u016E\\u0170\\u01D3\\u0214\\u0216\\u01AF\\u1EEA\\u1EE8\\u1EEE\\u1EEC\\u1EF0\\u1EE4\\u1E72\\u0172\\u1E76\\u1E74\\u0244]","V":"[\\u0056\\u24CB\\uFF36\\u1E7C\\u1E7E\\u01B2\\uA75E\\u0245]","VY":"[\\uA760]","W":"[\\u0057\\u24CC\\uFF37\\u1E80\\u1E82\\u0174\\u1E86\\u1E84\\u1E88\\u2C72]","X":"[\\u0058\\u24CD\\uFF38\\u1E8A\\u1E8C]","Y":"[\\u0059\\u24CE\\uFF39\\u1EF2\\u00DD\\u0176\\u1EF8\\u0232\\u1E8E\\u0178\\u1EF6\\u1EF4\\u01B3\\u024E\\u1EFE]","Z":"[\\u005A\\u24CF\\uFF3A\\u0179\\u1E90\\u017B\\u017D\\u1E92\\u1E94\\u01B5\\u0224\\u2C7F\\u2C6B\\uA762]","a":"[\\u0061\\u24D0\\uFF41\\u1E9A\\u00E0\\u00E1\\u00E2\\u1EA7\\u1EA5\\u1EAB\\u1EA9\\u00E3\\u0101\\u0103\\u1EB1\\u1EAF\\u1EB5\\u1EB3\\u0227\\u01E1\\u00E4\\u01DF\\u1EA3\\u00E5\\u01FB\\u01CE\\u0201\\u0203\\u1EA1\\u1EAD\\u1EB7\\u1E01\\u0105\\u2C65\\u0250]","aa":"[\\uA733]","ae":"[\\u00E6\\u01FD\\u01E3]","ao":"[\\uA735]","au":"[\\uA737]","av":"[\\uA739\\uA73B]","ay":"[\\uA73D]","b":"[\\u0062\\u24D1\\uFF42\\u1E03\\u1E05\\u1E07\\u0180\\u0183\\u0253]","c":"[\\u0063\\u24D2\\uFF43\\u0107\\u0109\\u010B\\u010D\\u00E7\\u1E09\\u0188\\u023C\\uA73F\\u2184]","d":"[\\u0064\\u24D3\\uFF44\\u1E0B\\u010F\\u1E0D\\u1E11\\u1E13\\u1E0F\\u0111\\u018C\\u0256\\u0257\\uA77A]","dz":"[\\u01F3\\u01C6]","e":"[\\u0065\\u24D4\\uFF45\\u00E8\\u00E9\\u00EA\\u1EC1\\u1EBF\\u1EC5\\u1EC3\\u1EBD\\u0113\\u1E15\\u1E17\\u0115\\u0117\\u00EB\\u1EBB\\u011B\\u0205\\u0207\\u1EB9\\u1EC7\\u0229\\u1E1D\\u0119\\u1E19\\u1E1B\\u0247\\u025B\\u01DD]","f":"[\\u0066\\u24D5\\uFF46\\u1E1F\\u0192\\uA77C]","g":"[\\u0067\\u24D6\\uFF47\\u01F5\\u011D\\u1E21\\u011F\\u0121\\u01E7\\u0123\\u01E5\\u0260\\uA7A1\\u1D79\\uA77F]","h":"[\\u0068\\u24D7\\uFF48\\u0125\\u1E23\\u1E27\\u021F\\u1E25\\u1E29\\u1E2B\\u1E96\\u0127\\u2C68\\u2C76\\u0265]","hv":"[\\u0195]","i":"[\\u0069\\u24D8\\uFF49\\u00EC\\u00ED\\u00EE\\u0129\\u012B\\u012D\\u00EF\\u1E2F\\u1EC9\\u01D0\\u0209\\u020B\\u1ECB\\u012F\\u1E2D\\u0268\\u0131]","j":"[\\u006A\\u24D9\\uFF4A\\u0135\\u01F0\\u0249]","k":"[\\u006B\\u24DA\\uFF4B\\u1E31\\u01E9\\u1E33\\u0137\\u1E35\\u0199\\u2C6A\\uA741\\uA743\\uA745\\uA7A3]","l":"[\\u006C\\u24DB\\uFF4C\\u0140\\u013A\\u013E\\u1E37\\u1E39\\u013C\\u1E3D\\u1E3B\\u017F\\u0142\\u019A\\u026B\\u2C61\\uA749\\uA781\\uA747]","lj":"[\\u01C9]","m":"[\\u006D\\u24DC\\uFF4D\\u1E3F\\u1E41\\u1E43\\u0271\\u026F]","n":"[\\u006E\\u24DD\\uFF4E\\u01F9\\u0144\\u00F1\\u1E45\\u0148\\u1E47\\u0146\\u1E4B\\u1E49\\u019E\\u0272\\u0149\\uA791\\uA7A5]","nj":"[\\u01CC]","o":"[\\u006F\\u24DE\\uFF4F\\u00F2\\u00F3\\u00F4\\u1ED3\\u1ED1\\u1ED7\\u1ED5\\u00F5\\u1E4D\\u022D\\u1E4F\\u014D\\u1E51\\u1E53\\u014F\\u022F\\u0231\\u00F6\\u022B\\u1ECF\\u0151\\u01D2\\u020D\\u020F\\u01A1\\u1EDD\\u1EDB\\u1EE1\\u1EDF\\u1EE3\\u1ECD\\u1ED9\\u01EB\\u01ED\\u00F8\\u01FF\\u0254\\uA74B\\uA74D\\u0275]","oi":"[\\u01A3]","ou":"[\\u0223]","oo":"[\\uA74F]","p":"[\\u0070\\u24DF\\uFF50\\u1E55\\u1E57\\u01A5\\u1D7D\\uA751\\uA753\\uA755]","q":"[\\u0071\\u24E0\\uFF51\\u024B\\uA757\\uA759]","r":"[\\u0072\\u24E1\\uFF52\\u0155\\u1E59\\u0159\\u0211\\u0213\\u1E5B\\u1E5D\\u0157\\u1E5F\\u024D\\u027D\\uA75B\\uA7A7\\uA783]","s":"[\\u0073\\u24E2\\uFF53\\u015B\\u1E65\\u015D\\u1E61\\u0161\\u1E67\\u1E63\\u1E69\\u0219\\u015F\\u023F\\uA7A9\\uA785\\u1E9B]","ss":"[\\u00DF]","t":"[\\u0074\\u24E3\\uFF54\\u1E6B\\u1E97\\u0165\\u1E6D\\u021B\\u0163\\u1E71\\u1E6F\\u0167\\u01AD\\u0288\\u2C66\\uA787]","tz":"[\\uA729]","u":"[\\u0075\\u24E4\\uFF55\\u00F9\\u00FA\\u00FB\\u0169\\u1E79\\u016B\\u1E7B\\u016D\\u00FC\\u01DC\\u01D8\\u01D6\\u01DA\\u1EE7\\u016F\\u0171\\u01D4\\u0215\\u0217\\u01B0\\u1EEB\\u1EE9\\u1EEF\\u1EED\\u1EF1\\u1EE5\\u1E73\\u0173\\u1E77\\u1E75\\u0289]","v":"[\\u0076\\u24E5\\uFF56\\u1E7D\\u1E7F\\u028B\\uA75F\\u028C]","vy":"[\\uA761]","w":"[\\u0077\\u24E6\\uFF57\\u1E81\\u1E83\\u0175\\u1E87\\u1E85\\u1E98\\u1E89\\u2C73]","x":"[\\u0078\\u24E7\\uFF58\\u1E8B\\u1E8D]","y":"[\\u0079\\u24E8\\uFF59\\u1EF3\\u00FD\\u0177\\u1EF9\\u0233\\u1E8F\\u00FF\\u1EF7\\u1E99\\u1EF5\\u01B4\\u024F\\u1EFF]","z":"[\\u007A\\u24E9\\uFF5A\\u017A\\u1E91\\u017C\\u017E\\u1E93\\u1E95\\u01B6\\u0225\\u0240\\u2C6C\\uA763]"},"researchesTests":["contentHasTOC","contentHasShortParagraphs","contentHasAssets","keywordInTitle","keywordInMetaDescription","keywordInPermalink","keywordIn10Percent","keywordInContent","keywordInSubheadings","keywordInImageAlt","keywordDensity","keywordNotUsed","lengthContent","lengthPermalink","linksHasInternal","linksHasExternals","linksNotAllExternals","titleStartWithKeyword","titleSentiment","titleHasPowerWords","titleHasNumber","hasContentAI"],"hasRedirection":true,"hasBreadcrumb":false},"homeUrl":"https:\/\/onlinebettingspace.com\/sk\/","objectID":2457,"objectType":"post","locale":"sk","localeFull":"sk_SK","overlayImages":{"play":{"name":"Play icon","url":"https:\/\/onlinebettingspace.com\/wp-content\/plugins\/seo-by-rank-math\/assets\/admin\/img\/icon-play.png","path":"\/home\/SuperAdmin\/web\/onlinebettingspace.com\/public_html\/wp-content\/plugins\/seo-by-rank-math\/assets\/admin\/img\/icon-play.png","position":"middle_center"},"gif":{"name":"GIF icon","url":"https:\/\/onlinebettingspace.com\/wp-content\/plugins\/seo-by-rank-math\/assets\/admin\/img\/icon-gif.png","path":"\/home\/SuperAdmin\/web\/onlinebettingspace.com\/public_html\/wp-content\/plugins\/seo-by-rank-math\/assets\/admin\/img\/icon-gif.png","position":"middle_center"}},"defautOgImage":"https:\/\/onlinebettingspace.com\/wp-content\/uploads\/2022\/04\/OBS-FULL-LOGO.webp","customPermalinks":true,"isUserRegistered":true,"autoSuggestKeywords":true,"connectSiteUrl":"https:\/\/rankmath.com\/auth?site=https%3A%2F%2Fonlinebettingspace.com%2Fsk%2F&r=https%3A%2F%2Fonlinebettingspace.com%2Fsk%2Fwp-json%2Fwp%2Fv2%2Fpages%2F2457%3Fnonce%3Dd9823ad770","maxTags":5,"trendsIcon":"<svg viewBox=\"0 0 610 610\"><path d=\"M18.85,446,174.32,290.48l58.08,58.08L76.93,504a14.54,14.54,0,0,1-20.55,0L18.83,466.48a14.54,14.54,0,0,1,0-20.55Z\" style=\"fill:#4285f4\"\/><path d=\"M242.65,242.66,377.59,377.6l-47.75,47.75a14.54,14.54,0,0,1-20.55,0L174.37,290.43l47.75-47.75A14.52,14.52,0,0,1,242.65,242.66Z\" style=\"fill:#ea4335\"\/><polygon points=\"319.53 319.53 479.26 159.8 537.34 217.88 377.61 377.62 319.53 319.53\" style=\"fill:#fabb05\"\/><path d=\"M594.26,262.73V118.61h0a16.94,16.94,0,0,0-16.94-16.94H433.2a16.94,16.94,0,0,0-12,28.92L565.34,274.71h0a16.94,16.94,0,0,0,28.92-12Z\" style=\"fill:#34a853\"\/><rect width=\"610\" height=\"610\" style=\"fill:none\"\/><\/svg>","showScore":true,"siteFavIcon":"https:\/\/onlinebettingspace.com\/wp-content\/uploads\/2022\/04\/OBS-LOGO-1.webp","canUser":{"general":false,"advanced":false,"snippet":false,"social":false,"analysis":false,"analytics":false,"content_ai":false},"showKeywordIntent":true,"isPro":false,"is_front_page":false,"trendsUpgradeLink":"https:\/\/rankmath.com\/pricing\/?utm_source=Plugin&utm_medium=CE%20General%20Tab%20Trends&utm_campaign=WP","trendsUpgradeLabel":"Upgrade","trendsPreviewImage":"https:\/\/onlinebettingspace.com\/wp-content\/plugins\/seo-by-rank-math\/assets\/admin\/img\/trends-preview.jpg","currentEditor":false,"homepageData":{"assessor":{"powerWords":[],"diacritics":true,"researchesTests":["contentHasTOC","contentHasShortParagraphs","contentHasAssets","keywordInTitle","keywordInMetaDescription","keywordInPermalink","keywordIn10Percent","keywordInContent","keywordInSubheadings","keywordInImageAlt","keywordDensity","keywordNotUsed","lengthContent","lengthPermalink","linksHasInternal","linksHasExternals","linksNotAllExternals","titleStartWithKeyword","titleSentiment","titleHasPowerWords","titleHasNumber","hasContentAI"],"hasBreadcrumb":false,"serpData":{"title":"%sitename% %page% %sep% %sitedesc%","description":"","titleTemplate":"%sitename% %page% %sep% %sitedesc%","descriptionTemplate":"","focusKeywords":"","breadcrumbTitle":"Home","robots":{"index":true},"advancedRobots":[],"facebookTitle":"","facebookDescription":"","facebookImage":"","facebookImageID":""}}},"tocTitle":"Table of Contents","tocExcludeHeadings":[],"listStyle":"ul"},"_links":{"self":[{"href":"https:\/\/onlinebettingspace.com\/sk\/wp-json\/wp\/v2\/pages\/2457","targetHints":{"allow":["GET"]}}],"collection":[{"href":"https:\/\/onlinebettingspace.com\/sk\/wp-json\/wp\/v2\/pages"}],"about":[{"href":"https:\/\/onlinebettingspace.com\/sk\/wp-json\/wp\/v2\/types\/page"}],"author":[{"embeddable":true,"href":"https:\/\/onlinebettingspace.com\/sk\/wp-json\/wp\/v2\/users\/1"}],"replies":[{"embeddable":true,"href":"https:\/\/onlinebettingspace.com\/sk\/wp-json\/wp\/v2\/comments?post=2457"}],"version-history":[{"count":0,"href":"https:\/\/onlinebettingspace.com\/sk\/wp-json\/wp\/v2\/pages\/2457\/revisions"}],"wp:attachment":[{"href":"https:\/\/onlinebettingspace.com\/sk\/wp-json\/wp\/v2\/media?parent=2457"}],"curies":[{"name":"wp","href":"https:\/\/api.w.org\/{rel}","templated":true}]}}