{"id":2450,"date":"2022-08-19T02:42:05","date_gmt":"2022-08-18T23:42:05","guid":{"rendered":"https:\/\/onlinebettingspace.com\/?page_id=2450"},"modified":"2022-08-19T02:42:05","modified_gmt":"2022-08-18T23:42:05","slug":"paypal","status":"publish","type":"page","link":"https:\/\/onlinebettingspace.com\/sk\/moznosti-platby\/paypal\/","title":{"rendered":"PAYPAL"},"content":{"rendered":"<section class=\"l-section wpb_row height_medium\"><div class=\"l-section-h i-cf\"><div class=\"g-cols vc_row via_flex valign_top type_default stacking_default\"><div class=\"vc_col-sm-12 wpb_column vc_column_container\"><div class=\"vc_column-inner\"><div class=\"wpb_wrapper\"><div class=\"wpb_text_column\"><div class=\"wpb_wrapper\"><h1>PAYPAL<\/h1>\n<p>Pod\u013ea v\u0161etk\u00e9ho nemus\u00edme\u00a0<strong>PayPal<\/strong>, ako jednu z\u00a0najv\u00e4\u010d\u0161\u00edch, najroz\u0161\u00edrenej\u0161\u00edch a\u00a0najpou\u017e\u00edvanej\u0161\u00edch e-pe\u0148a\u017eeniek ve\u013emi predstavova\u0165. Ak n\u00e1hodou nie ste \u00faplne stoto\u017enen\u00ed s\u00a0konceptom e-pe\u0148a\u017eeniek, tak sa jedn\u00e1 o\u00a0syst\u00e9m internetov\u00fdch, virtu\u00e1lnych \u00fa\u010dtov, ktor\u00e9 s\u00fa naviazan\u00e9 na emailov\u00fa adresu konkr\u00e9tnej osoby, ktor\u00e1 n\u00e1sledne m\u00f4\u017ee vykon\u00e1va\u0165 transakcie medzi svojou e-pe\u0148a\u017eenkou a\u00a0\u00fa\u010dtom osoby alebo firmy, ktorej chce\u00a0posla\u0165 peniaze.<\/p>\n<div>\n<div class=\"readMore\">\n<p>Hist\u00f3ria PayPalu sa za\u010dala p\u00edsa\u0165 v\u00a0roku 1998, kedy tento syst\u00e9m bol prv\u00fd kr\u00e1t predstaven\u00fd firmou Confinity a\u00a0n\u00e1sledne odk\u00fapeny firmou X.com, ktor\u00fa vlastn\u00ed zn\u00e1my podnikate\u013e Elon Musk. V\u00a0roku 2002 bol PayPal odk\u00fapen\u00fd auk\u010dn\u00fdm syst\u00e9mom eBay, ktor\u00fd ju za\u010dal vyu\u017e\u00edva\u0165 ako svoj hlavn\u00fd platobn\u00fd mechanizmus. PayPal sa nesk\u00f4r udom\u00e1cnil ako preferovan\u00fd platobn\u00fd syst\u00e9m u\u00a0nespo\u010detn\u00e9ho mno\u017estva internetov\u00fdch obchodov alebo na str\u00e1nkach, ktor\u00e9 pon\u00fakaj\u00fa r\u00f4zne slu\u017eby a\u00a0vy\u017eaduj\u00fa platby. A\u00a0samozrejme online kas\u00edna v\u00a0tomto nie s\u00fa \u017eiadnou v\u00fdnimkou a\u00a0tak pri n\u00e1v\u0161teve casina m\u00f4\u017eete ako platobn\u00fa mo\u017enos\u0165 pou\u017ei\u0165 aj svoj PayPal \u00fa\u010det.<\/p>\n<p>Jedin\u00fa nev\u00fdhodu, ktor\u00fa sme pri\u00a0<strong>e-pe\u0148a\u017eenke PayPal a\u00a0online kas\u00ednach<\/strong>\u00a0zaznamenali, je celkovo n\u00edzka podpora. Oproti e-pe\u0148a\u017eenke Skrill je PayPal celkovo menej podporovan\u00e1 met\u00f3da a\u00a0nen\u00e1jdete ju zrovna v\u00a0ka\u017edom jednom online kas\u00edne. Ak m\u00e1te aktivovan\u00fa slu\u017ebu PayPal, m\u00e1te na nej v\u00e4\u010d\u0161iu hotovos\u0165 a\u00a0neviete \u010do s\u00a0\u0148ou, tak si m\u00f4\u017eete sk\u00fasi\u0165 zahra\u0165 v\u00a0nasleduj\u00facich online kas\u00ednach, ktor\u00e9 v\u00e1m dovolia bez probl\u00e9mov zaplati\u0165 pomocou slu\u017eby PayPal, alebo si pomocou nej vytiahnu\u0165 svoje peniaze z\u00a0hr\u00e1\u010dskeho \u00fa\u010dtu:<\/p>\n<p>Svoj\u00edm sp\u00f4sobom n\u00e1jdete PayPal ako platobn\u00fa mo\u017enos\u0165 v\u00a0ka\u017edom poriadnom a\u00a0pocitom eur\u00f3pskom online kas\u00edne, ktor\u00e9 okrem pestr\u00e9ho v\u00fdberu platobn\u00fdch mo\u017enost\u00ed pon\u00faka aj v\u00fdborn\u00fa slovensk\u00fa lokaliz\u00e1ciu a\u00a0dokonal\u00fa podporu.<\/p>\n<h2>V\u00ddHODY PLATOBNEJ MO\u017dNOSTI PAYPAL<\/h2>\n<p>Celkovo najv\u00e4\u010d\u0161ia v\u00fdhoda pou\u017e\u00edvania PayPalu v\u00a0online kas\u00ednach, ale aj pri in\u00fdch pr\u00edle\u017eitostiach vypl\u00fdva z\u00a0bezpe\u010dnosti, ktor\u00fa t\u00e1to e-pe\u0148a\u017eenka poskytuje a\u00a0pravdepodobne nen\u00e1jdete in\u00fa e-pe\u0148a\u017eenku, ktor\u00e1 by mala to\u013eko spokojn\u00fdch z\u00e1kazn\u00edkov.<\/p>\n<p>\u010eal\u0161ou v\u00fdhodou bude ur\u010dite podpora slovensk\u00e9ho regi\u00f3nu, preto\u017ee slu\u017eba PayPal ofici\u00e1lne za\u010dala podporova\u0165 slovensk\u00fdch z\u00e1kazn\u00edkov v\u00a0roku 2007 a\u00a0odvtedy sa s\u00a0n\u00edm plnohodnotne zozn\u00e1mili v\u0161etky slovensk\u00e9 banky, ako aj niektor\u00e9 \u00farady a\u00a0tak dnes m\u00f4\u017eete bez probl\u00e9mov pou\u017e\u00edva\u0165 PayPal na osobn\u00e9, ako aj podnikate\u013esk\u00e9 \u00fa\u010dely. Ak n\u00e1hodou budete ma\u0165 nejak\u00fd probl\u00e9m s\u00a0pridan\u00edm alebo verifikovan\u00edm va\u0161ej kreditnej karty \u010di bankov\u00e9ho \u00fa\u010dtu, tak sa nev\u00e1hajte obr\u00e1ti\u0165 na svoju banku, ktor\u00e1 v\u00e1m ur\u010dite budete vedie\u0165 pom\u00f4c\u0165 a\u00a0ihne\u010f vyrie\u0161i\u0165 ak\u00fdko\u013evek probl\u00e9m.<\/p>\n<p>A\u00a0tre\u0165ou, no ve\u013emi d\u00f4le\u017eitou v\u00fdhodou PayPalu je r\u00fdchlos\u0165 a jednoduchos\u0165 jeho pou\u017e\u00edvania. Na svojom \u00fa\u010dte nemus\u00edte ma\u0165 \u017eiadnu hotovos\u0165, sta\u010d\u00ed ma\u0165 akur\u00e1t pridan\u00fa a\u00a0verifikovan\u00fa\u00a0<a href=\"\/sk\/moznosti-platby\/kreditna-karta\" data-track=\"\"><strong>kreditn\u00fa alebo debitn\u00fa kartu<\/strong><\/a>\u00a0a\u00a0pri ka\u017edej platbe vyu\u017eije PayPal pr\u00e1ve peniaze z\u00a0tejto karty a\u00a0tak nemus\u00edte na svojom e-pe\u0148a\u017eenkovom \u00fa\u010dte ma\u0165 ve\u013ek\u00e9, alebo dokonca \u017eiadne sumy, ale tento syst\u00e9m v\u017edy pou\u017eije len to\u013eko hotovosti, ko\u013eko potrebujete. Taktie\u017e prevod pe\u0148az\u00ed z\u00a0PayPal \u00fa\u010dtu na bankov\u00fd \u00fa\u010det alebo kreditn\u00fa kartu je ve\u013emi r\u00fdchlo a\u00a0nikdy netrv\u00e1 viac ne\u017e dva alebo tri pracovn\u00e9 dni.<\/p>\n<p>Za najv\u00e4\u010d\u0161iu nev\u00fdhodu tohto platobn\u00e9ho syst\u00e9mu pova\u017eujeme jeho n\u00edzku podporu medzi kas\u00ednami. Ako ste si mohli v\u00a0prech\u00e1dzaj\u00facich riadkoch v\u0161imn\u00fa\u0165, tak t\u00e1to platobn\u00e1 mo\u017enos\u0165 je podporovan\u00e1 len\u00a0<a href=\"\/sk\/kasina-recenzia\" data-track=\"\"><strong>v\u00a0troch online kas\u00ednach<\/strong><\/a>, ktor\u00e9 uv\u00e1dzame na na\u0161ej str\u00e1nke. Av\u0161ak tento stav nie je kone\u010dn\u00fd a\u00a0v\u00a0bud\u00facnosti bud\u00fa ur\u010dite aj in\u00e9 online kas\u00edna\u00a0<a href=\"\/sk\/moznosti-platby\" data-track=\"\"><strong>podporova\u0165 t\u00fato platobn\u00fa mo\u017enos\u0165<\/strong><\/a>. V\u0161etko to z\u00e1vis\u00ed len na tom, ako sa tieto firmy dohodn\u00fa.<\/p>\n<p>Za \u010diasto\u010dn\u00fa nev\u00fdhodu tejto platobnej mo\u017enosti tie\u017e pova\u017eujeme prid\u00e1vanie a\u00a0verifikovanie va\u0161ej kreditnej\/debitnej karty, ktor\u00e9 je vykon\u00e1van\u00e9 sp\u00f4sobom, \u017ee syst\u00e9m sprav\u00ed platbu a\u00a0n\u00e1sledne z\u00a0\u00fadajov tejto platby, ktor\u00fd n\u00e1jdete vo svojom bankovom v\u00fdpise, verifikujete svoju kartu a\u00a0\u00fa\u010det. Tento syst\u00e9m je trocha nepraktick\u00fd, ak niekomu banka neposiela v\u00fdpis, respekt\u00edve sa nevie dopracova\u0165 ku konkr\u00e9tnym inform\u00e1ci\u00e1m. Ak by ste n\u00e1hodou mali podobn\u00fd probl\u00e9m, tak kontaktujte svoju banku a\u00a0ver\u00edme, \u017ee v\u00e1m ihne\u010f pom\u00f4\u017eu.<\/p>\n<h2>AKO PLATI\u0164 POMOCOU PAYPALU V\u00a0KAS\u00cdNE<\/h2>\n<p>Ak nem\u00e1te e\u0161te svoj PayPal \u00fa\u010det, tak bude potrebn\u00e9 sa najprv\u00a0<strong>zaregistrova\u0165<\/strong>. Na str\u00e1nke samotnej slu\u017eby zvo\u013ete mo\u017enos\u0165 \u201eSign up\u201c, \u010d\u00edm za\u010dnete registra\u010dn\u00fd proces. N\u00e1sledne zvo\u013ete mo\u017enos\u0165 \u201ePayPal for you\u201c, preto\u017ee na hranie v\u00a0online kas\u00edna v\u00e1m sta\u010d\u00ed len klasick\u00fd osobn\u00fd \u00fa\u010det a potom\u00a0stla\u010dte tla\u010didlo \u201eGet Started\u201c.<\/p>\n<h3><strong>Na nasleduj\u00facej str\u00e1nke mus\u00edte vyplni\u0165 nasleduj\u00face \u00fadaje:<\/strong><\/h3>\n<ul>\n<li>emailov\u00fa adresu<\/li>\n<\/ul>\n<ul>\n<li>vami zvolen\u00e9 heslo<\/li>\n<\/ul>\n<ul>\n<li>meno<\/li>\n<\/ul>\n<ul>\n<li>adresu<\/li>\n<\/ul>\n<ul>\n<li>mesto<\/li>\n<\/ul>\n<ul>\n<li>\u0161t\u00e1t<\/li>\n<\/ul>\n<ul>\n<li>PS\u010c<\/li>\n<\/ul>\n<ul>\n<li>\u010d\u00edslo mobiln\u00e9ho telef\u00f3nu<\/li>\n<\/ul>\n<ul>\n<li>kreditn\u00fa kartu \u2013 \u010d\u00edslo kreditnej karty, d\u00e1tum exspir\u00e1cie a\u00a0bezpe\u010dnostn\u00fd k\u00f3d CVV<\/li>\n<\/ul>\n<p>N\u00e1sledne zakliknete, \u017ee\u00a0<strong>s\u00fahlas\u00edte so v\u0161etk\u00fdmi podmienkami<\/strong>\u00a0a\u00a0stla\u010d\u00edte tla\u010didlo \u201eAgree and Create account\u201c. Pozor, \u00fa\u010det si m\u00f4\u017eu vytvori\u0165 len \u013eudia, ktor\u00ed u\u017e dov\u0155\u0161ili vek 18 rokov a\u00a0taktie\u017e v\u00e1m odpor\u00fa\u010dame\u00a0<strong>zad\u00e1va\u0165 pravdiv\u00e9 a overen\u00e9 \u00fadaje<\/strong>, preto\u017ee sk\u00f4r \u010di nesk\u00f4r si bude PayPal p\u00fdta\u0165 potvrdenie va\u0161ej identity pomocou naskenovan\u00e9ho ob\u010dianskeho preukazu, inak v\u00e1m m\u00f4\u017ee zmrazi\u0165 v\u00e1\u0161 \u00fa\u010det ako aj v\u0161etky prostriedky, ktor\u00e9 sa na \u0148om nach\u00e1dzaj\u00fa. Av\u0161ak ak uvediete \u00faplne a\u00a0pravdiv\u00e9 inform\u00e1cie, tak sa nem\u00e1te \u010doho ob\u00e1va\u0165.<\/p>\n<p>Po zaregistrovan\u00fd a\u00a0pridan\u00ed kreditnej karty si PayPal z\u00a0va\u0161ej karty stiahne sumu \u20ac1,50, ktor\u00fa pou\u017eije\u00a0<strong>na verifik\u00e1ciu v\u00e1s a\u00a0va\u0161ej karty<\/strong>\u00a0(t\u00e1to suma sa v\u00e1m vr\u00e1ti pri prvom pou\u017eit\u00ed slu\u017eby). Na va\u0161om bankovom v\u00fdpise (\u010di u\u017e papierovom alebo digit\u00e1lnom v\u00a0prostred\u00ed internet bankingu) sa n\u00e1sledne zobraz\u00ed t\u00e1to platba spolu so \u0161tvorcifern\u00fd k\u00f3d, ktor\u00fd zad\u00e1te na str\u00e1nke a\u00a0kartu m\u00e1te verifikovan\u00fa. Pozor, toto je potrebn\u00e9 spravi\u0165 s\u00a0ka\u017edou novo pridanou kreditnou alebo debitnou kartou.<\/p>\n<h2>PAYPAL POPLATKY<\/h2>\n<ul>\n<li>Otvorenie a\u00a0vedenie PayPal \u00fa\u010dtu je \u00faplne bezplatn\u00e9.<\/li>\n<\/ul>\n<ul>\n<li>Prij\u00edmanie platieb je \u00faplne bezplatn\u00e9 (av\u0161ak sa m\u00f4\u017ee sta\u0165, \u017ee osoba, ktor\u00e1 v\u00e1m posiela peniaze prevedie jej platobn\u00e9 poplatky na v\u00e1s)<\/li>\n<\/ul>\n<ul>\n<li>Poplatky pri posielan\u00ed pe\u0148az\u00ed s\u00fa 3,4% z posielanej sumy plus \u20ac0.35 ako pevn\u00e1 suma<\/li>\n<\/ul>\n<ul>\n<li>\u010c\u00edm viac mesa\u010dne posielate alebo prij\u00edmate peniaze, t\u00fdm s\u00fa poplatky ni\u017e\u0161ie, vi\u010f nasleduj\u00facu tabu\u013eku<\/li>\n<\/ul>\n<h2>V\u00ddBERY CEZ PAYPAL<\/h2>\n<p>Paypal nemus\u00edte vyu\u017ei\u0165 len ako prostriedok k\u00a0dobitiu hr\u00e1\u010dskeho \u00fa\u010dtu v\u00a0ob\u013e\u00fabenom online kas\u00edne, m\u00f4\u017eete n\u00edm aj vybera\u0165. Kv\u00f4li z\u00e1konom namieren\u00fdm proti praniu \u0161pinav\u00fdch pe\u0148az\u00ed b\u00fdvaj\u00fa v\u00fdbery \u0161tandardne mo\u017en\u00e9, len met\u00f3dou, ktorou bol uskuto\u010dnen\u00fd vklad. Ak v\u00e1m teda kas\u00edno umo\u017en\u00ed spravi\u0165 vklad cez PayPal, je celkom mo\u017en\u00e9, \u017ee aj v\u00fdber.<\/p>\n<p>V\u00fdber prostriedkov cez Paypal je podobn\u00fd ako vklad, len v\u00a0obr\u00e1tenom porad\u00ed. Op\u00e4\u0165 mus\u00edte zada\u0165 e-mail k\u00a0svojmu PayPal \u00fa\u010dtu, vyplni\u0165 v\u0161etky nevyhnutn\u00e9 \u00fadaje a\u00a0peniaze v\u00e1m bud\u00fa prip\u00edsan\u00e9 po nieko\u013ek\u00fdch pracovn\u00fdch d\u0148och. M\u00f4\u017ee sa sta\u0165, \u017ee k\u00fdm minim\u00e1lna suma pre Paypal vklad bude stanoven\u00e1 na \u20ac10, pri v\u00fdberoch to m\u00f4\u017ee by\u0165 aj dvakr\u00e1t to\u013eko, \u20ac20.<\/p>\n<h2>SUM\u00c1R<\/h2>\n<p>Hoci PayPal u\u017e nie je podobne podporovanou met\u00f3dou ako v\u00a0minulosti a\u00a0kas\u00edna preferuj\u00fa inak\u0161ie platobn\u00e9 sp\u00f4soby, st\u00e1le je to dobr\u00e1 a\u00a0spo\u013eahliv\u00e1 met\u00f3da, ako si nielen vlo\u017ei\u0165, ale aj vybra\u0165 svoje finan\u010dn\u00e9 prostriedky. Siln\u00e9 zabezpe\u010denie a jednoduch\u00e1 manipul\u00e1cia, to s\u00fa hlavn\u00e9 prednosti PayPalu. Preto, ak m\u00e1te mo\u017enos\u0165 a\u00a0\u00fa\u010det na PayPale, nebojte sa ho k\u00a0vyu\u017ei\u0165 k\u00a0financovaniu svojich dobrodru\u017estiev v\u00a0online kas\u00ednach. Ur\u010dite sami zist\u00edte, ako v\u00fdborn\u00e1 met\u00f3da to je.<\/p>\n<\/div>\n<\/div>\n<\/div><\/div><\/div><\/div><\/div><\/div><\/div><\/section>\n","protected":false},"excerpt":{"rendered":"PAYPAL Pod\u013ea v\u0161etk\u00e9ho nemus\u00edme\u00a0PayPal, ako jednu z\u00a0najv\u00e4\u010d\u0161\u00edch, najroz\u0161\u00edrenej\u0161\u00edch a\u00a0najpou\u017e\u00edvanej\u0161\u00edch e-pe\u0148a\u017eeniek ve\u013emi predstavova\u0165. Ak n\u00e1hodou nie ste \u00faplne stoto\u017enen\u00ed s\u00a0konceptom e-pe\u0148a\u017eeniek, tak sa jedn\u00e1 o\u00a0syst\u00e9m internetov\u00fdch, virtu\u00e1lnych \u00fa\u010dtov, ktor\u00e9 s\u00fa naviazan\u00e9 na emailov\u00fa adresu konkr\u00e9tnej osoby, ktor\u00e1 n\u00e1sledne m\u00f4\u017ee vykon\u00e1va\u0165 transakcie medzi svojou e-pe\u0148a\u017eenkou a\u00a0\u00fa\u010dtom osoby alebo firmy, ktorej chce\u00a0posla\u0165 peniaze. Hist\u00f3ria PayPalu sa za\u010dala p\u00edsa\u0165...","protected":false},"author":1,"featured_media":0,"parent":2438,"menu_order":0,"comment_status":"closed","ping_status":"closed","template":"","meta":{"_acf_changed":false,"footnotes":""},"class_list":["post-2450","page","type-page","status-publish","hentry"],"acf":[],"rankMath":{"parentDomain":"onlinebettingspace.com","noFollowDomains":[],"noFollowExcludeDomains":[],"noFollowExternalLinks":false,"featuredImageNotice":"The featured image should be at least 200 by 200 pixels to be picked up by Facebook and other social media sites.","pluginReviewed":true,"postSettings":{"linkSuggestions":true,"useFocusKeyword":false},"frontEndScore":false,"postName":"paypal","permalinkFormat":"https:\/\/onlinebettingspace.com\/sk\/%pagename%\/","showLockModifiedDate":true,"assessor":{"focusKeywordLink":"https:\/\/onlinebettingspace.com\/wp-admin\/edit.php?focus_keyword=%focus_keyword%&post_type=%post_type%","hasTOCPlugin":false,"primaryTaxonomy":false,"serpData":{"title":"PayPal v online kas\u00edne \u2013 Uskuto\u010dnite r\u00fdchle vklady a v\u00fdbery","description":"Nie ste si ist\u00fd, ktor\u00fa platobn\u00fa met\u00f3du vyu\u017ei\u0165 v online casine? V pr\u00edpade, ak kas\u00edno podporuje PayPal, tak to ur\u010dite vyu\u017eite!","focusKeywords":"","pillarContent":false,"canonicalUrl":"","breadcrumbTitle":"","advancedRobots":[],"facebookTitle":"","facebookDescription":"","facebookImage":"","facebookImageID":"","facebookHasOverlay":false,"facebookImageOverlay":"","facebookAuthor":"","twitterCardType":"","twitterUseFacebook":true,"twitterTitle":"","twitterDescription":"","twitterImage":"","twitterImageID":"","twitterHasOverlay":false,"twitterImageOverlay":"","twitterPlayerUrl":"","twitterPlayerSize":"","twitterPlayerStream":"","twitterPlayerStreamCtype":"","twitterAppDescription":"","twitterAppIphoneName":"","twitterAppIphoneID":"","twitterAppIphoneUrl":"","twitterAppIpadName":"","twitterAppIpadID":"","twitterAppIpadUrl":"","twitterAppGoogleplayName":"","twitterAppGoogleplayID":"","twitterAppGoogleplayUrl":"","twitterAppCountry":"","robots":{"index":true},"twitterAuthor":"username","primaryTerm":0,"authorName":"OBSAdmin","titleTemplate":"%title% %sep% %sitename%","descriptionTemplate":"%excerpt%","showScoreFrontend":true,"lockModifiedDate":false},"powerWords":[],"diacritics":{"A":"[\\u0041\\u24B6\\uFF21\\u00C0\\u00C1\\u00C2\\u1EA6\\u1EA4\\u1EAA\\u1EA8\\u00C3\\u0100\\u0102\\u1EB0\\u1EAE\\u1EB4\\u1EB2\\u0226\\u01E0\\u00C4\\u01DE\\u1EA2\\u00C5\\u01FA\\u01CD\\u0200\\u0202\\u1EA0\\u1EAC\\u1EB6\\u1E00\\u0104\\u023A\\u2C6F]","AA":"[\\uA732]","AE":"[\\u00C6\\u01FC\\u01E2]","AO":"[\\uA734]","AU":"[\\uA736]","AV":"[\\uA738\\uA73A]","AY":"[\\uA73C]","B":"[\\u0042\\u24B7\\uFF22\\u1E02\\u1E04\\u1E06\\u0243\\u0182\\u0181]","C":"[\\u0043\\u24B8\\uFF23\\u0106\\u0108\\u010A\\u010C\\u00C7\\u1E08\\u0187\\u023B\\uA73E]","D":"[\\u0044\\u24B9\\uFF24\\u1E0A\\u010E\\u1E0C\\u1E10\\u1E12\\u1E0E\\u0110\\u018B\\u018A\\u0189\\uA779]","DZ":"[\\u01F1\\u01C4]","Dz":"[\\u01F2\\u01C5]","E":"[\\u0045\\u24BA\\uFF25\\u00C8\\u00C9\\u00CA\\u1EC0\\u1EBE\\u1EC4\\u1EC2\\u1EBC\\u0112\\u1E14\\u1E16\\u0114\\u0116\\u00CB\\u1EBA\\u011A\\u0204\\u0206\\u1EB8\\u1EC6\\u0228\\u1E1C\\u0118\\u1E18\\u1E1A\\u0190\\u018E]","F":"[\\u0046\\u24BB\\uFF26\\u1E1E\\u0191\\uA77B]","G":"[\\u0047\\u24BC\\uFF27\\u01F4\\u011C\\u1E20\\u011E\\u0120\\u01E6\\u0122\\u01E4\\u0193\\uA7A0\\uA77D\\uA77E]","H":"[\\u0048\\u24BD\\uFF28\\u0124\\u1E22\\u1E26\\u021E\\u1E24\\u1E28\\u1E2A\\u0126\\u2C67\\u2C75\\uA78D]","I":"[\\u0049\\u24BE\\uFF29\\u00CC\\u00CD\\u00CE\\u0128\\u012A\\u012C\\u0130\\u00CF\\u1E2E\\u1EC8\\u01CF\\u0208\\u020A\\u1ECA\\u012E\\u1E2C\\u0197]","J":"[\\u004A\\u24BF\\uFF2A\\u0134\\u0248]","K":"[\\u004B\\u24C0\\uFF2B\\u1E30\\u01E8\\u1E32\\u0136\\u1E34\\u0198\\u2C69\\uA740\\uA742\\uA744\\uA7A2]","L":"[\\u004C\\u24C1\\uFF2C\\u013F\\u0139\\u013D\\u1E36\\u1E38\\u013B\\u1E3C\\u1E3A\\u0141\\u023D\\u2C62\\u2C60\\uA748\\uA746\\uA780]","LJ":"[\\u01C7]","Lj":"[\\u01C8]","M":"[\\u004D\\u24C2\\uFF2D\\u1E3E\\u1E40\\u1E42\\u2C6E\\u019C]","N":"[\\u004E\\u24C3\\uFF2E\\u01F8\\u0143\\u00D1\\u1E44\\u0147\\u1E46\\u0145\\u1E4A\\u1E48\\u0220\\u019D\\uA790\\uA7A4]","NJ":"[\\u01CA]","Nj":"[\\u01CB]","O":"[\\u004F\\u24C4\\uFF2F\\u00D2\\u00D3\\u00D4\\u1ED2\\u1ED0\\u1ED6\\u1ED4\\u00D5\\u1E4C\\u022C\\u1E4E\\u014C\\u1E50\\u1E52\\u014E\\u022E\\u0230\\u00D6\\u022A\\u1ECE\\u0150\\u01D1\\u020C\\u020E\\u01A0\\u1EDC\\u1EDA\\u1EE0\\u1EDE\\u1EE2\\u1ECC\\u1ED8\\u01EA\\u01EC\\u00D8\\u01FE\\u0186\\u019F\\uA74A\\uA74C]","OI":"[\\u01A2]","OO":"[\\uA74E]","OU":"[\\u0222]","P":"[\\u0050\\u24C5\\uFF30\\u1E54\\u1E56\\u01A4\\u2C63\\uA750\\uA752\\uA754]","Q":"[\\u0051\\u24C6\\uFF31\\uA756\\uA758\\u024A]","R":"[\\u0052\\u24C7\\uFF32\\u0154\\u1E58\\u0158\\u0210\\u0212\\u1E5A\\u1E5C\\u0156\\u1E5E\\u024C\\u2C64\\uA75A\\uA7A6\\uA782]","S":"[\\u0053\\u24C8\\uFF33\\u1E9E\\u015A\\u1E64\\u015C\\u1E60\\u0160\\u1E66\\u1E62\\u1E68\\u0218\\u015E\\u2C7E\\uA7A8\\uA784]","T":"[\\u0054\\u24C9\\uFF34\\u1E6A\\u0164\\u1E6C\\u021A\\u0162\\u1E70\\u1E6E\\u0166\\u01AC\\u01AE\\u023E\\uA786]","TZ":"[\\uA728]","U":"[\\u0055\\u24CA\\uFF35\\u00D9\\u00DA\\u00DB\\u0168\\u1E78\\u016A\\u1E7A\\u016C\\u00DC\\u01DB\\u01D7\\u01D5\\u01D9\\u1EE6\\u016E\\u0170\\u01D3\\u0214\\u0216\\u01AF\\u1EEA\\u1EE8\\u1EEE\\u1EEC\\u1EF0\\u1EE4\\u1E72\\u0172\\u1E76\\u1E74\\u0244]","V":"[\\u0056\\u24CB\\uFF36\\u1E7C\\u1E7E\\u01B2\\uA75E\\u0245]","VY":"[\\uA760]","W":"[\\u0057\\u24CC\\uFF37\\u1E80\\u1E82\\u0174\\u1E86\\u1E84\\u1E88\\u2C72]","X":"[\\u0058\\u24CD\\uFF38\\u1E8A\\u1E8C]","Y":"[\\u0059\\u24CE\\uFF39\\u1EF2\\u00DD\\u0176\\u1EF8\\u0232\\u1E8E\\u0178\\u1EF6\\u1EF4\\u01B3\\u024E\\u1EFE]","Z":"[\\u005A\\u24CF\\uFF3A\\u0179\\u1E90\\u017B\\u017D\\u1E92\\u1E94\\u01B5\\u0224\\u2C7F\\u2C6B\\uA762]","a":"[\\u0061\\u24D0\\uFF41\\u1E9A\\u00E0\\u00E1\\u00E2\\u1EA7\\u1EA5\\u1EAB\\u1EA9\\u00E3\\u0101\\u0103\\u1EB1\\u1EAF\\u1EB5\\u1EB3\\u0227\\u01E1\\u00E4\\u01DF\\u1EA3\\u00E5\\u01FB\\u01CE\\u0201\\u0203\\u1EA1\\u1EAD\\u1EB7\\u1E01\\u0105\\u2C65\\u0250]","aa":"[\\uA733]","ae":"[\\u00E6\\u01FD\\u01E3]","ao":"[\\uA735]","au":"[\\uA737]","av":"[\\uA739\\uA73B]","ay":"[\\uA73D]","b":"[\\u0062\\u24D1\\uFF42\\u1E03\\u1E05\\u1E07\\u0180\\u0183\\u0253]","c":"[\\u0063\\u24D2\\uFF43\\u0107\\u0109\\u010B\\u010D\\u00E7\\u1E09\\u0188\\u023C\\uA73F\\u2184]","d":"[\\u0064\\u24D3\\uFF44\\u1E0B\\u010F\\u1E0D\\u1E11\\u1E13\\u1E0F\\u0111\\u018C\\u0256\\u0257\\uA77A]","dz":"[\\u01F3\\u01C6]","e":"[\\u0065\\u24D4\\uFF45\\u00E8\\u00E9\\u00EA\\u1EC1\\u1EBF\\u1EC5\\u1EC3\\u1EBD\\u0113\\u1E15\\u1E17\\u0115\\u0117\\u00EB\\u1EBB\\u011B\\u0205\\u0207\\u1EB9\\u1EC7\\u0229\\u1E1D\\u0119\\u1E19\\u1E1B\\u0247\\u025B\\u01DD]","f":"[\\u0066\\u24D5\\uFF46\\u1E1F\\u0192\\uA77C]","g":"[\\u0067\\u24D6\\uFF47\\u01F5\\u011D\\u1E21\\u011F\\u0121\\u01E7\\u0123\\u01E5\\u0260\\uA7A1\\u1D79\\uA77F]","h":"[\\u0068\\u24D7\\uFF48\\u0125\\u1E23\\u1E27\\u021F\\u1E25\\u1E29\\u1E2B\\u1E96\\u0127\\u2C68\\u2C76\\u0265]","hv":"[\\u0195]","i":"[\\u0069\\u24D8\\uFF49\\u00EC\\u00ED\\u00EE\\u0129\\u012B\\u012D\\u00EF\\u1E2F\\u1EC9\\u01D0\\u0209\\u020B\\u1ECB\\u012F\\u1E2D\\u0268\\u0131]","j":"[\\u006A\\u24D9\\uFF4A\\u0135\\u01F0\\u0249]","k":"[\\u006B\\u24DA\\uFF4B\\u1E31\\u01E9\\u1E33\\u0137\\u1E35\\u0199\\u2C6A\\uA741\\uA743\\uA745\\uA7A3]","l":"[\\u006C\\u24DB\\uFF4C\\u0140\\u013A\\u013E\\u1E37\\u1E39\\u013C\\u1E3D\\u1E3B\\u017F\\u0142\\u019A\\u026B\\u2C61\\uA749\\uA781\\uA747]","lj":"[\\u01C9]","m":"[\\u006D\\u24DC\\uFF4D\\u1E3F\\u1E41\\u1E43\\u0271\\u026F]","n":"[\\u006E\\u24DD\\uFF4E\\u01F9\\u0144\\u00F1\\u1E45\\u0148\\u1E47\\u0146\\u1E4B\\u1E49\\u019E\\u0272\\u0149\\uA791\\uA7A5]","nj":"[\\u01CC]","o":"[\\u006F\\u24DE\\uFF4F\\u00F2\\u00F3\\u00F4\\u1ED3\\u1ED1\\u1ED7\\u1ED5\\u00F5\\u1E4D\\u022D\\u1E4F\\u014D\\u1E51\\u1E53\\u014F\\u022F\\u0231\\u00F6\\u022B\\u1ECF\\u0151\\u01D2\\u020D\\u020F\\u01A1\\u1EDD\\u1EDB\\u1EE1\\u1EDF\\u1EE3\\u1ECD\\u1ED9\\u01EB\\u01ED\\u00F8\\u01FF\\u0254\\uA74B\\uA74D\\u0275]","oi":"[\\u01A3]","ou":"[\\u0223]","oo":"[\\uA74F]","p":"[\\u0070\\u24DF\\uFF50\\u1E55\\u1E57\\u01A5\\u1D7D\\uA751\\uA753\\uA755]","q":"[\\u0071\\u24E0\\uFF51\\u024B\\uA757\\uA759]","r":"[\\u0072\\u24E1\\uFF52\\u0155\\u1E59\\u0159\\u0211\\u0213\\u1E5B\\u1E5D\\u0157\\u1E5F\\u024D\\u027D\\uA75B\\uA7A7\\uA783]","s":"[\\u0073\\u24E2\\uFF53\\u015B\\u1E65\\u015D\\u1E61\\u0161\\u1E67\\u1E63\\u1E69\\u0219\\u015F\\u023F\\uA7A9\\uA785\\u1E9B]","ss":"[\\u00DF]","t":"[\\u0074\\u24E3\\uFF54\\u1E6B\\u1E97\\u0165\\u1E6D\\u021B\\u0163\\u1E71\\u1E6F\\u0167\\u01AD\\u0288\\u2C66\\uA787]","tz":"[\\uA729]","u":"[\\u0075\\u24E4\\uFF55\\u00F9\\u00FA\\u00FB\\u0169\\u1E79\\u016B\\u1E7B\\u016D\\u00FC\\u01DC\\u01D8\\u01D6\\u01DA\\u1EE7\\u016F\\u0171\\u01D4\\u0215\\u0217\\u01B0\\u1EEB\\u1EE9\\u1EEF\\u1EED\\u1EF1\\u1EE5\\u1E73\\u0173\\u1E77\\u1E75\\u0289]","v":"[\\u0076\\u24E5\\uFF56\\u1E7D\\u1E7F\\u028B\\uA75F\\u028C]","vy":"[\\uA761]","w":"[\\u0077\\u24E6\\uFF57\\u1E81\\u1E83\\u0175\\u1E87\\u1E85\\u1E98\\u1E89\\u2C73]","x":"[\\u0078\\u24E7\\uFF58\\u1E8B\\u1E8D]","y":"[\\u0079\\u24E8\\uFF59\\u1EF3\\u00FD\\u0177\\u1EF9\\u0233\\u1E8F\\u00FF\\u1EF7\\u1E99\\u1EF5\\u01B4\\u024F\\u1EFF]","z":"[\\u007A\\u24E9\\uFF5A\\u017A\\u1E91\\u017C\\u017E\\u1E93\\u1E95\\u01B6\\u0225\\u0240\\u2C6C\\uA763]"},"researchesTests":["contentHasTOC","contentHasShortParagraphs","contentHasAssets","keywordInTitle","keywordInMetaDescription","keywordInPermalink","keywordIn10Percent","keywordInContent","keywordInSubheadings","keywordInImageAlt","keywordDensity","keywordNotUsed","lengthContent","lengthPermalink","linksHasInternal","linksHasExternals","linksNotAllExternals","titleStartWithKeyword","titleSentiment","titleHasPowerWords","titleHasNumber","hasContentAI"],"hasRedirection":true,"hasBreadcrumb":false},"homeUrl":"https:\/\/onlinebettingspace.com\/sk\/","objectID":2450,"objectType":"post","locale":"sk","localeFull":"sk_SK","overlayImages":{"play":{"name":"Play icon","url":"https:\/\/onlinebettingspace.com\/wp-content\/plugins\/seo-by-rank-math\/assets\/admin\/img\/icon-play.png","path":"\/home\/SuperAdmin\/web\/onlinebettingspace.com\/public_html\/wp-content\/plugins\/seo-by-rank-math\/assets\/admin\/img\/icon-play.png","position":"middle_center"},"gif":{"name":"GIF icon","url":"https:\/\/onlinebettingspace.com\/wp-content\/plugins\/seo-by-rank-math\/assets\/admin\/img\/icon-gif.png","path":"\/home\/SuperAdmin\/web\/onlinebettingspace.com\/public_html\/wp-content\/plugins\/seo-by-rank-math\/assets\/admin\/img\/icon-gif.png","position":"middle_center"}},"defautOgImage":"https:\/\/onlinebettingspace.com\/wp-content\/uploads\/2022\/04\/OBS-FULL-LOGO.webp","customPermalinks":true,"isUserRegistered":true,"autoSuggestKeywords":true,"connectSiteUrl":"https:\/\/rankmath.com\/auth?site=https%3A%2F%2Fonlinebettingspace.com%2Fsk%2F&r=https%3A%2F%2Fonlinebettingspace.com%2Fsk%2Fwp-json%2Fwp%2Fv2%2Fpages%2F2450%3Fnonce%3D378e8040c1","maxTags":5,"trendsIcon":"<svg viewBox=\"0 0 610 610\"><path d=\"M18.85,446,174.32,290.48l58.08,58.08L76.93,504a14.54,14.54,0,0,1-20.55,0L18.83,466.48a14.54,14.54,0,0,1,0-20.55Z\" style=\"fill:#4285f4\"\/><path d=\"M242.65,242.66,377.59,377.6l-47.75,47.75a14.54,14.54,0,0,1-20.55,0L174.37,290.43l47.75-47.75A14.52,14.52,0,0,1,242.65,242.66Z\" style=\"fill:#ea4335\"\/><polygon points=\"319.53 319.53 479.26 159.8 537.34 217.88 377.61 377.62 319.53 319.53\" style=\"fill:#fabb05\"\/><path d=\"M594.26,262.73V118.61h0a16.94,16.94,0,0,0-16.94-16.94H433.2a16.94,16.94,0,0,0-12,28.92L565.34,274.71h0a16.94,16.94,0,0,0,28.92-12Z\" style=\"fill:#34a853\"\/><rect width=\"610\" height=\"610\" style=\"fill:none\"\/><\/svg>","showScore":true,"siteFavIcon":"https:\/\/onlinebettingspace.com\/wp-content\/uploads\/2022\/04\/OBS-LOGO-1.webp","canUser":{"general":false,"advanced":false,"snippet":false,"social":false,"analysis":false,"analytics":false,"content_ai":false},"showKeywordIntent":true,"isPro":false,"is_front_page":false,"trendsUpgradeLink":"https:\/\/rankmath.com\/pricing\/?utm_source=Plugin&utm_medium=CE%20General%20Tab%20Trends&utm_campaign=WP","trendsUpgradeLabel":"Upgrade","trendsPreviewImage":"https:\/\/onlinebettingspace.com\/wp-content\/plugins\/seo-by-rank-math\/assets\/admin\/img\/trends-preview.jpg","currentEditor":false,"homepageData":{"assessor":{"powerWords":[],"diacritics":true,"researchesTests":["contentHasTOC","contentHasShortParagraphs","contentHasAssets","keywordInTitle","keywordInMetaDescription","keywordInPermalink","keywordIn10Percent","keywordInContent","keywordInSubheadings","keywordInImageAlt","keywordDensity","keywordNotUsed","lengthContent","lengthPermalink","linksHasInternal","linksHasExternals","linksNotAllExternals","titleStartWithKeyword","titleSentiment","titleHasPowerWords","titleHasNumber","hasContentAI"],"hasBreadcrumb":false,"serpData":{"title":"%sitename% %page% %sep% %sitedesc%","description":"","titleTemplate":"%sitename% %page% %sep% %sitedesc%","descriptionTemplate":"","focusKeywords":"","breadcrumbTitle":"Home","robots":{"index":true},"advancedRobots":[],"facebookTitle":"","facebookDescription":"","facebookImage":"","facebookImageID":""}}},"tocTitle":"Table of Contents","tocExcludeHeadings":[],"listStyle":"ul"},"_links":{"self":[{"href":"https:\/\/onlinebettingspace.com\/sk\/wp-json\/wp\/v2\/pages\/2450","targetHints":{"allow":["GET"]}}],"collection":[{"href":"https:\/\/onlinebettingspace.com\/sk\/wp-json\/wp\/v2\/pages"}],"about":[{"href":"https:\/\/onlinebettingspace.com\/sk\/wp-json\/wp\/v2\/types\/page"}],"author":[{"embeddable":true,"href":"https:\/\/onlinebettingspace.com\/sk\/wp-json\/wp\/v2\/users\/1"}],"replies":[{"embeddable":true,"href":"https:\/\/onlinebettingspace.com\/sk\/wp-json\/wp\/v2\/comments?post=2450"}],"version-history":[{"count":0,"href":"https:\/\/onlinebettingspace.com\/sk\/wp-json\/wp\/v2\/pages\/2450\/revisions"}],"up":[{"embeddable":true,"href":"https:\/\/onlinebettingspace.com\/sk\/wp-json\/wp\/v2\/pages\/2438"}],"wp:attachment":[{"href":"https:\/\/onlinebettingspace.com\/sk\/wp-json\/wp\/v2\/media?parent=2450"}],"curies":[{"name":"wp","href":"https:\/\/api.w.org\/{rel}","templated":true}]}}