{"id":2447,"date":"2022-08-19T02:37:50","date_gmt":"2022-08-18T23:37:50","guid":{"rendered":"https:\/\/onlinebettingspace.com\/?page_id=2447"},"modified":"2022-08-19T02:37:50","modified_gmt":"2022-08-18T23:37:50","slug":"kreditna-karta","status":"publish","type":"page","link":"https:\/\/onlinebettingspace.com\/sk\/moznosti-platby\/kreditna-karta\/","title":{"rendered":"KREDITNA KARTA"},"content":{"rendered":"<section class=\"l-section wpb_row height_medium\"><div class=\"l-section-h i-cf\"><div class=\"g-cols vc_row via_flex valign_top type_default stacking_default\"><div class=\"vc_col-sm-12 wpb_column vc_column_container\"><div class=\"vc_column-inner\"><div class=\"wpb_wrapper\"><div class=\"wpb_text_column\"><div class=\"wpb_wrapper\"><h1>PLATBA KREDITNOU KARTOU V KAS\u00cdNE<\/h1>\n<p>Ak zoh\u013eadn\u00edme\u00a0<strong>dostupnos\u0165 a\u00a0jednoduchos\u0165\u00a0<a title=\"Platobn\u00e9 Mo\u017enosti\" href=\"\/sk\/moznosti-platby\" data-track=\"\">v\u0161etk\u00fdch mo\u017en\u00fdch platobn\u00fdch met\u00f3d<\/a><\/strong>, ktor\u00e9 sa nach\u00e1dzaj\u00fa v\u00a0ka\u017edom online casine, tak pravdepodobne platba oby\u010dajnou kreditnou alebo debitnou kartou je t\u00e1\u00a0<strong>najjednoduch\u0161ia forma<\/strong>\u00a0pre ka\u017ed\u00e9ho jedn\u00e9ho slovensk\u00e9ho hr\u00e1\u010da. V\u00a0nasleduj\u00facich riadkoch si vysvetl\u00edme v\u0161etky jej v\u00fdhody, nev\u00fdhody, ako aj postup, ako s\u00a0\u0148ou zrealizova\u0165 platbu, vklad na cas\u00edno \u00fa\u010det alebo v\u00fdber z\u00a0\u00fa\u010dtu.<\/p>\n<div>\n<div class=\"readMore\">\n<p>Ve\u013ea \u013eud\u00ed sa boj\u00ed pou\u017e\u00edva\u0165 kreditn\u00e9 karty na internete pr\u00e1ve z\u00a0d\u00f4vodu\u00a0<strong>bezpe\u010dnosti<\/strong>, preto\u017ee pri internetovej platbe pomocou kreditnej alebo debitnej karty\u00a0<strong>nie je potrebn\u00fd v\u00e1\u0161 PIN k\u00f3d alebo podpis<\/strong>, akur\u00e1t sta\u010d\u00ed \u010d\u00edslo Va\u0161ej kreditnej karty, CVV \u010d\u00edslo a\u00a0d\u00e1tum exspir\u00e1cie a\u00a0platba je ihne\u010f zrealizovate\u013en\u00e1. A\u00a0toto je pr\u00e1ve d\u00f4vod, ktor\u00fd\u00a0<strong>odr\u00e1dza mnoho \u013eud\u00ed\u00a0<\/strong>k\u00a0tomu, aby na internete uviedli svoje \u00fadaje z\u00a0kreditnej\/debitnej karty, preto\u017ee sa boja, \u017ee skon\u010dia v\u00a0nespr\u00e1vnych ruk\u00e1ch a\u00a0niekto im pomocou t\u00fdchto \u00fadajov o karte \u201evybieli\u201c ich bankov\u00fd \u00fa\u010det.<\/p>\n<h2>BEZPE\u010cNOS\u0164 PLATIEB KREDITNOU KARTOU<\/h2>\n<p>Na jednej strane s\u00fa tieto obavy na mieste, preto\u017ee skuto\u010dne pomocou zneu\u017eitia t\u00fdchto \u00fadajov m\u00f4\u017ee d\u00f4js\u0165 v\u00a0vykradnutiu bankov\u00e9ho \u00fa\u010dtu, av\u0161ak samotn\u00e1 kr\u00e1de\u017e nie je a\u017e tak jednoduch\u00e1, ako to v\u00a0prvom rade vyzer\u00e1, preto\u017ee v\u0161etky platby s\u00fa\u00a0<strong>detailne sledovan\u00e9<\/strong>\u00a0a\u00a0s\u00fa o\u00a0nich vytv\u00e1ran\u00e9 z\u00e1znamy, a\u00a0tak by dolapenie \u010dloveka, ktor\u00fd zneu\u017eil va\u0161e citliv\u00e9 \u00fadaje bolo relat\u00edvne jednoduch\u00e9 a\u00a0r\u00fdchle. \u010ealej je tu skuto\u010dnos\u0165, \u017ee svoje \u00fadaje o\u00a0kreditnej karte neposkytujete priamo online kas\u00ednu ale\u00a0<strong>platobnej br\u00e1ne<\/strong>, ktor\u00e1 funguje ako medi\u00e1tor medzi vami a\u00a0subjektom, ktor\u00e9mu chcete zaplati\u0165 po\u017eadovan\u00fa sumu. S\u00a0platobn\u00fdmi br\u00e1nami ste sa ur\u010dite stretli aj u\u00a0n\u00e1s na Slovensku, ak ste si napr\u00edklad kupovali nie\u010do z\u00a0e-shopu, platili z\u013eavov\u00e9 kup\u00f3ny alebo objedn\u00e1vali rozli\u010dn\u00e9 online slu\u017eby.<\/p>\n<p>Preto ak v\u00e1\u0161 jedin\u00fd d\u00f4vod, pre\u010do ste nikdy nepou\u017e\u00edvali kreditn\u00fa kartu bol\u00a0<strong>obava o\u00a0bezpe\u010die<\/strong>, tak sa\u00a0<strong>skuto\u010dne nem\u00e1te \u010doho ob\u00e1va\u0165<\/strong>, preto\u017ee v\u00a0dne\u0161nej dobe je platba kreditnou alebo debitnou kartou na internete jednoduch\u00e1 a\u00a0tak isto\u00a0<strong>bezpe\u010dn\u00e1<\/strong>, ako napr\u00edklad vyberanie pe\u0148az\u00ed z\u00a0bankomatu na ulici.<\/p>\n<h2>V\u00ddHODY POU\u017dITIA KREDITNEJ KARTY V\u00a0ONLINE CASINE<\/h2>\n<p>Pravdepodobne\u00a0<strong>najv\u00e4\u010d\u0161ou v\u00fdhodou<\/strong>\u00a0platby pomocou kreditnej karty je jej\u00a0<strong>dostupnos\u0165<\/strong>, preto\u017ee v\u00a0dne\u0161nej dobe m\u00e1 skoro ka\u017ed\u00fd \u010dlovek bankov\u00fd \u00fa\u010det a\u00a0v\u00e4\u010d\u0161ina b\u00e1nk poskytuje k\u00a0\u00fa\u010dtu aj debitn\u00e9, niektor\u00e9 dokonca aj kreditn\u00e9 karty zadarmo, respekt\u00edve len za mal\u00fd poplatok.<\/p>\n<p>Taktie\u017e pomaly ka\u017ed\u00e9 jedno online casino\u00a0<strong>prij\u00edma kreditn\u00e9 karty<\/strong>\u00a0ako platobn\u00fa met\u00f3du a\u00a0ka\u017ed\u00e1 jedna slovensk\u00e1 debitn\u00e1 alebo kreditn\u00e1 karta je bez probl\u00e9mov pou\u017eite\u013en\u00e1, preto\u017ee v\u00e4\u010d\u0161ina kas\u00edn prij\u00edma karty typu Visa, Visa Electron, MasterCard alebo Maestro a\u00a0toto s\u00fa pravde najbe\u017enej\u0161ie pou\u017e\u00edvan\u00e9 typy, respekt\u00edve zna\u010dky debitn\u00fdch a\u00a0kreditn\u00fdch kariet, ktor\u00e9 sa vyd\u00e1vaj\u00fa slovensk\u00fdmi bankami.<\/p>\n<h2>NEV\u00ddHODY POU\u017dITIA KREDITNEJ KARTY V\u00a0ONLINE CASINE<\/h2>\n<p>Medzi najv\u00e4\u010d\u0161iu nev\u00fdhodu kreditnej alebo debitnej karty v\u00a0online kas\u00edne patr\u00ed skuto\u010dnos\u0165, \u017ee aj napriek tomu, \u017ee kas\u00edno podporuje kreditn\u00fa alebo debitn\u00fa kartu ako prostriedok na vlo\u017eenie pe\u0148az\u00ed, tak to nemus\u00ed znamena\u0165, \u017ee pomocou kreditnej karty si\u00a0<strong>m\u00f4\u017eete peniaze z\u00a0v\u00e1\u0161ho hr\u00e1\u010dskeho \u00fa\u010dtu aj vybra\u0165<\/strong>. Tak\u017ee ak by ste sa spoliehali na to, \u017ee ku v\u0161etk\u00fdm pohybom v\u00e1m posta\u010d\u00ed len kreditn\u00e1 karta, tak si predom skontrolujte podmienky a\u00a0mo\u017enost\u00ed vkladu, ako aj v\u00fdberu z\u00a0hr\u00e1\u010dskeho \u00fa\u010dtu v\u00a0danom online kas\u00edne, v\u00a0ktorom chcete hra\u0165.<\/p>\n<p>Druhou nev\u00fdhodou platby pomocou platobnej karty m\u00f4\u017eu by\u0165 poplatky, ktor\u00e9 sa \u00fa\u010dtuj\u00fa v\u00a0pr\u00edpade pou\u017eitia tejto platobnej met\u00f3dy. Av\u0161ak toto nie je pravidlom a\u00a0niekedy pr\u00e1ve dokonca platba pomocou kreditnej karty m\u00f4\u017ee by\u0165\u00a0<strong>absol\u00fatne bez \u017eiadn\u00fdch poplatkov<\/strong>\u00a0a\u00a0pr\u00e1ve platby pomocou in\u00fdch met\u00f3d m\u00f4\u017eu by\u0165 za\u0165a\u017een\u00e9 poplatkami \u2013 preto si pozrite pr\u00edpadne pozn\u00e1mky ku ka\u017edej platobnej met\u00f3de, aby ste si vybrali t\u00fa najlacnej\u0161iu.<\/p>\n<div class=\"WYSIWYG\">\n<h2>AKO PLATI\u0164 KREDITNOU KARTOU V\u00a0KASINE<\/h2>\n<p>Samotn\u00e1 platba je ve\u013emi jednoduch\u00e1 \u2013 po vybrat\u00ed tejto platobnej met\u00f3dy a\u00a0zvolen\u00ed si \u010diastky, ktor\u00fa si chcete vlo\u017ei\u0165 na \u00fa\u010det budete presmerovan\u00ed\u00a0<strong>do platobn\u00e9ho okna kas\u00edna<\/strong>, pr\u00edpadne do\u00a0<strong>platobnej br\u00e1ny<\/strong>, ktor\u00e1 pre dan\u00e9 kas\u00edno sprostredkov\u00e1va t\u00fato slu\u017ebu a\u00a0budete vyzvan\u00fd, aby ste zadali nasledovn\u00e9 \u00fadaje:<\/p>\n<ul>\n<li>typ karty (Visa, MasterCard at\u010f.)<\/li>\n<\/ul>\n<ul>\n<li>\u010d\u00edslo karty<\/li>\n<\/ul>\n<ul>\n<li>CVV \u010d\u00edslo karty<\/li>\n<\/ul>\n<ul>\n<li>platnos\u0165 karty (mesiac, rok)<\/li>\n<\/ul>\n<ul>\n<li>Meno dr\u017eite\u013ea karty<\/li>\n<\/ul>\n<p><strong><a title=\"Platobn\u00e9 Mo\u017enosti\" href=\"\/sk\/moznosti-platby\" data-track=\"\">Niektor\u00e9 platobn\u00e9 br\u00e1ny<\/a><\/strong>\u00a0alebo kas\u00edna m\u00f4\u017eu po\u017eadova\u0165\u00a0<strong>\u010diasto\u010dne odli\u0161n\u00e9 \u00fadaje<\/strong>, pr\u00edpadne nebud\u00fa chcie\u0165 napr\u00edklad typ karty alebo dokonca meno dr\u017eite\u013ea. Po zadan\u00ed po\u017eadovan\u00fdch \u00fadajov a potvrden\u00ed v\u00e1s str\u00e1nka automaticky presmeruje nasp\u00e4\u0165 do v\u00e1\u0161ho hr\u00e1\u010dskeho \u00fa\u010dtu, kde u\u017e pravdepodobne uvid\u00edte va\u0161u vlo\u017een\u00fa \u010diastku, ke\u010f\u017ee samotn\u00e1 platba prebieha ve\u013emi r\u00fdchlo.<\/p>\n<\/div>\n<div class=\"WYSIWYG\">\n<h2>V\u00ddBERY NA KREDITN\u00da KARTU<\/h2>\n<p>Kreditn\u00e1 karta je jednou z\u00a0naj\u010dastej\u0161ie pon\u00fakan\u00fdch mo\u017enost\u00ed pre v\u00fdber z\u00a0online kas\u00edna. V\u00a0akomsi nep\u00edsanom rebr\u00ed\u010dku ved\u00fa karty VISA, ktor\u00e9 s\u00fa podporovan\u00e9 najviac, nasledovan\u00e9 MasterCardom. Samotn\u00fd v\u00fdber prostredn\u00edctvom kreditky je r\u00fdchly, bezpe\u010dn\u00fd a\u00a0spo\u013eahliv\u00fd. V\u00a0prvom kroku vypln\u00edte potrebn\u00e9 \u00fadaje vr\u00e1tane CVV k\u00f3du na zadnej strane karty.<\/p>\n<p>V\u00a0druhom kroku autorizujete akt v\u00fdberu prostredn\u00edctvom jedine\u010dn\u00e9ho k\u00f3du vygenerovan\u00e9ho pr\u00e1ve pre konkr\u00e9tnu oper\u00e1ciu a\u00a0platn\u00e9ho len p\u00e1r min\u00fat. Tak\u00fdto k\u00f3d v\u00e1m pr\u00edde na e-mail alebo ako sms do v\u00e1\u0161ho telef\u00f3nu. Zadan\u00edm k\u00f3du do pr\u00edslu\u0161nej kolonky na str\u00e1nke verifikujete svoju toto\u017enos\u0165 a\u00a0definit\u00edvne potvrd\u00edte to, \u017ee si chcete peniaze vybra\u0165.<\/p>\n<p>V\u00fdber na kreditn\u00fa kartu nie je bezplatn\u00fd. Spolo\u010dnosti si strh\u00e1vaj\u00fa 2%-3% zo sumy ako administrat\u00edvny poplatok. Inak povedan\u00e9, na ka\u017ed\u00fdch vyberan\u00fdch \u20ac100 zaplat\u00edte \u20ac3 na poplatkoch. \u010co sa t\u00fdka r\u00fdchlosti, tak v\u00fdbery na kreditn\u00fa kartu rad\u00edme k\u00a0t\u00fdm r\u00fdchlej\u0161\u00edm met\u00f3dam. Od autoriz\u00e1cie a\u00a0potvrdenia by ste peniaze mali ma\u0165 na karte do 3 pracovn\u00fdch dn\u00ed.<\/p>\n<p>Jedin\u00e9 nev\u00fdhody v\u00fdberu na kreditn\u00fa kartu vypl\u00fdvaj\u00fa z\u00a0nastavenia cel\u00e9ho procesu zo strany online kas\u00edna. Ak napr\u00edklad vlastn\u00edte kartu MasterCard, m\u00f4\u017ee sa sta\u0165, \u017ee v\u00fdbery na \u0148u nebude kas\u00edno podporova\u0165, k\u00fdm pri VISE tomu tak nemus\u00ed by\u0165.<\/p>\n<h2>SUM\u00c1R<\/h2>\n<p>Nielen medzi online kas\u00ednami, ale aj medzi samotn\u00fdmi hr\u00e1\u010dmi sa platby prostredn\u00edctvom kreditnej karty v\u00a0online kas\u00edne te\u0161ia ve\u013ekej popularite. Je to r\u00fdchla, bezpe\u010dn\u00e1 a\u00a0osved\u010den\u00e1 met\u00f3da, ako vybera\u0165 i\u00a0vklada\u0165 prostriedky na alebo zo svojho hr\u00e1\u010dskeho \u00fa\u010dtu. Predt\u00fdm, ne\u017e sa v\u0161ak rozhodnete uskuto\u010dni\u0165 ak\u00fako\u013evek oper\u00e1ciu, skontrolujte si podporu pre karty, poplatky alebo r\u00fdchlos\u0165 transakci\u00ed a\u00a0pod\u013ea toho si vyberte t\u00fa najv\u00fdhodnej\u0161iu met\u00f3du.<\/p>\n<\/div>\n<\/div>\n<\/div>\n<\/div><\/div><\/div><\/div><\/div><\/div><\/div><\/section>\n","protected":false},"excerpt":{"rendered":"PLATBA KREDITNOU KARTOU V KAS\u00cdNE Ak zoh\u013eadn\u00edme\u00a0dostupnos\u0165 a\u00a0jednoduchos\u0165\u00a0v\u0161etk\u00fdch mo\u017en\u00fdch platobn\u00fdch met\u00f3d, ktor\u00e9 sa nach\u00e1dzaj\u00fa v\u00a0ka\u017edom online casine, tak pravdepodobne platba oby\u010dajnou kreditnou alebo debitnou kartou je t\u00e1\u00a0najjednoduch\u0161ia forma\u00a0pre ka\u017ed\u00e9ho jedn\u00e9ho slovensk\u00e9ho hr\u00e1\u010da. V\u00a0nasleduj\u00facich riadkoch si vysvetl\u00edme v\u0161etky jej v\u00fdhody, nev\u00fdhody, ako aj postup, ako s\u00a0\u0148ou zrealizova\u0165 platbu, vklad na cas\u00edno \u00fa\u010det alebo v\u00fdber z\u00a0\u00fa\u010dtu. Ve\u013ea...","protected":false},"author":1,"featured_media":0,"parent":2438,"menu_order":0,"comment_status":"closed","ping_status":"closed","template":"","meta":{"_acf_changed":false,"footnotes":""},"class_list":["post-2447","page","type-page","status-publish","hentry"],"acf":[],"rankMath":{"parentDomain":"onlinebettingspace.com","noFollowDomains":[],"noFollowExcludeDomains":[],"noFollowExternalLinks":false,"featuredImageNotice":"The featured image should be at least 200 by 200 pixels to be picked up by Facebook and other social media sites.","pluginReviewed":true,"postSettings":{"linkSuggestions":true,"useFocusKeyword":false},"frontEndScore":false,"postName":"kreditna-karta","permalinkFormat":"https:\/\/onlinebettingspace.com\/sk\/%pagename%\/","showLockModifiedDate":true,"assessor":{"focusKeywordLink":"https:\/\/onlinebettingspace.com\/wp-admin\/edit.php?focus_keyword=%focus_keyword%&post_type=%post_type%","hasTOCPlugin":false,"primaryTaxonomy":false,"serpData":{"title":"Kreditn\u00e1 karta - Vklady a v\u00fdbery v online kas\u00edne | onlinebettingspace.com","description":"Najjednoduch\u0161\u00ed sp\u00f4sob ako si vlo\u017ei\u0165 peniaze do online casina je pou\u017eitie va\u0161ej kreditnej karty \u2013 vklad je r\u00fdchly, bezpe\u010dn\u00fd a hlavne ve\u013emi pohodln\u00fd.","focusKeywords":"","pillarContent":false,"canonicalUrl":"","breadcrumbTitle":"","advancedRobots":[],"facebookTitle":"","facebookDescription":"","facebookImage":"","facebookImageID":"","facebookHasOverlay":false,"facebookImageOverlay":"","facebookAuthor":"","twitterCardType":"","twitterUseFacebook":true,"twitterTitle":"","twitterDescription":"","twitterImage":"","twitterImageID":"","twitterHasOverlay":false,"twitterImageOverlay":"","twitterPlayerUrl":"","twitterPlayerSize":"","twitterPlayerStream":"","twitterPlayerStreamCtype":"","twitterAppDescription":"","twitterAppIphoneName":"","twitterAppIphoneID":"","twitterAppIphoneUrl":"","twitterAppIpadName":"","twitterAppIpadID":"","twitterAppIpadUrl":"","twitterAppGoogleplayName":"","twitterAppGoogleplayID":"","twitterAppGoogleplayUrl":"","twitterAppCountry":"","robots":{"index":true},"twitterAuthor":"username","primaryTerm":0,"authorName":"OBSAdmin","titleTemplate":"%title% %sep% %sitename%","descriptionTemplate":"%excerpt%","showScoreFrontend":true,"lockModifiedDate":false},"powerWords":[],"diacritics":{"A":"[\\u0041\\u24B6\\uFF21\\u00C0\\u00C1\\u00C2\\u1EA6\\u1EA4\\u1EAA\\u1EA8\\u00C3\\u0100\\u0102\\u1EB0\\u1EAE\\u1EB4\\u1EB2\\u0226\\u01E0\\u00C4\\u01DE\\u1EA2\\u00C5\\u01FA\\u01CD\\u0200\\u0202\\u1EA0\\u1EAC\\u1EB6\\u1E00\\u0104\\u023A\\u2C6F]","AA":"[\\uA732]","AE":"[\\u00C6\\u01FC\\u01E2]","AO":"[\\uA734]","AU":"[\\uA736]","AV":"[\\uA738\\uA73A]","AY":"[\\uA73C]","B":"[\\u0042\\u24B7\\uFF22\\u1E02\\u1E04\\u1E06\\u0243\\u0182\\u0181]","C":"[\\u0043\\u24B8\\uFF23\\u0106\\u0108\\u010A\\u010C\\u00C7\\u1E08\\u0187\\u023B\\uA73E]","D":"[\\u0044\\u24B9\\uFF24\\u1E0A\\u010E\\u1E0C\\u1E10\\u1E12\\u1E0E\\u0110\\u018B\\u018A\\u0189\\uA779]","DZ":"[\\u01F1\\u01C4]","Dz":"[\\u01F2\\u01C5]","E":"[\\u0045\\u24BA\\uFF25\\u00C8\\u00C9\\u00CA\\u1EC0\\u1EBE\\u1EC4\\u1EC2\\u1EBC\\u0112\\u1E14\\u1E16\\u0114\\u0116\\u00CB\\u1EBA\\u011A\\u0204\\u0206\\u1EB8\\u1EC6\\u0228\\u1E1C\\u0118\\u1E18\\u1E1A\\u0190\\u018E]","F":"[\\u0046\\u24BB\\uFF26\\u1E1E\\u0191\\uA77B]","G":"[\\u0047\\u24BC\\uFF27\\u01F4\\u011C\\u1E20\\u011E\\u0120\\u01E6\\u0122\\u01E4\\u0193\\uA7A0\\uA77D\\uA77E]","H":"[\\u0048\\u24BD\\uFF28\\u0124\\u1E22\\u1E26\\u021E\\u1E24\\u1E28\\u1E2A\\u0126\\u2C67\\u2C75\\uA78D]","I":"[\\u0049\\u24BE\\uFF29\\u00CC\\u00CD\\u00CE\\u0128\\u012A\\u012C\\u0130\\u00CF\\u1E2E\\u1EC8\\u01CF\\u0208\\u020A\\u1ECA\\u012E\\u1E2C\\u0197]","J":"[\\u004A\\u24BF\\uFF2A\\u0134\\u0248]","K":"[\\u004B\\u24C0\\uFF2B\\u1E30\\u01E8\\u1E32\\u0136\\u1E34\\u0198\\u2C69\\uA740\\uA742\\uA744\\uA7A2]","L":"[\\u004C\\u24C1\\uFF2C\\u013F\\u0139\\u013D\\u1E36\\u1E38\\u013B\\u1E3C\\u1E3A\\u0141\\u023D\\u2C62\\u2C60\\uA748\\uA746\\uA780]","LJ":"[\\u01C7]","Lj":"[\\u01C8]","M":"[\\u004D\\u24C2\\uFF2D\\u1E3E\\u1E40\\u1E42\\u2C6E\\u019C]","N":"[\\u004E\\u24C3\\uFF2E\\u01F8\\u0143\\u00D1\\u1E44\\u0147\\u1E46\\u0145\\u1E4A\\u1E48\\u0220\\u019D\\uA790\\uA7A4]","NJ":"[\\u01CA]","Nj":"[\\u01CB]","O":"[\\u004F\\u24C4\\uFF2F\\u00D2\\u00D3\\u00D4\\u1ED2\\u1ED0\\u1ED6\\u1ED4\\u00D5\\u1E4C\\u022C\\u1E4E\\u014C\\u1E50\\u1E52\\u014E\\u022E\\u0230\\u00D6\\u022A\\u1ECE\\u0150\\u01D1\\u020C\\u020E\\u01A0\\u1EDC\\u1EDA\\u1EE0\\u1EDE\\u1EE2\\u1ECC\\u1ED8\\u01EA\\u01EC\\u00D8\\u01FE\\u0186\\u019F\\uA74A\\uA74C]","OI":"[\\u01A2]","OO":"[\\uA74E]","OU":"[\\u0222]","P":"[\\u0050\\u24C5\\uFF30\\u1E54\\u1E56\\u01A4\\u2C63\\uA750\\uA752\\uA754]","Q":"[\\u0051\\u24C6\\uFF31\\uA756\\uA758\\u024A]","R":"[\\u0052\\u24C7\\uFF32\\u0154\\u1E58\\u0158\\u0210\\u0212\\u1E5A\\u1E5C\\u0156\\u1E5E\\u024C\\u2C64\\uA75A\\uA7A6\\uA782]","S":"[\\u0053\\u24C8\\uFF33\\u1E9E\\u015A\\u1E64\\u015C\\u1E60\\u0160\\u1E66\\u1E62\\u1E68\\u0218\\u015E\\u2C7E\\uA7A8\\uA784]","T":"[\\u0054\\u24C9\\uFF34\\u1E6A\\u0164\\u1E6C\\u021A\\u0162\\u1E70\\u1E6E\\u0166\\u01AC\\u01AE\\u023E\\uA786]","TZ":"[\\uA728]","U":"[\\u0055\\u24CA\\uFF35\\u00D9\\u00DA\\u00DB\\u0168\\u1E78\\u016A\\u1E7A\\u016C\\u00DC\\u01DB\\u01D7\\u01D5\\u01D9\\u1EE6\\u016E\\u0170\\u01D3\\u0214\\u0216\\u01AF\\u1EEA\\u1EE8\\u1EEE\\u1EEC\\u1EF0\\u1EE4\\u1E72\\u0172\\u1E76\\u1E74\\u0244]","V":"[\\u0056\\u24CB\\uFF36\\u1E7C\\u1E7E\\u01B2\\uA75E\\u0245]","VY":"[\\uA760]","W":"[\\u0057\\u24CC\\uFF37\\u1E80\\u1E82\\u0174\\u1E86\\u1E84\\u1E88\\u2C72]","X":"[\\u0058\\u24CD\\uFF38\\u1E8A\\u1E8C]","Y":"[\\u0059\\u24CE\\uFF39\\u1EF2\\u00DD\\u0176\\u1EF8\\u0232\\u1E8E\\u0178\\u1EF6\\u1EF4\\u01B3\\u024E\\u1EFE]","Z":"[\\u005A\\u24CF\\uFF3A\\u0179\\u1E90\\u017B\\u017D\\u1E92\\u1E94\\u01B5\\u0224\\u2C7F\\u2C6B\\uA762]","a":"[\\u0061\\u24D0\\uFF41\\u1E9A\\u00E0\\u00E1\\u00E2\\u1EA7\\u1EA5\\u1EAB\\u1EA9\\u00E3\\u0101\\u0103\\u1EB1\\u1EAF\\u1EB5\\u1EB3\\u0227\\u01E1\\u00E4\\u01DF\\u1EA3\\u00E5\\u01FB\\u01CE\\u0201\\u0203\\u1EA1\\u1EAD\\u1EB7\\u1E01\\u0105\\u2C65\\u0250]","aa":"[\\uA733]","ae":"[\\u00E6\\u01FD\\u01E3]","ao":"[\\uA735]","au":"[\\uA737]","av":"[\\uA739\\uA73B]","ay":"[\\uA73D]","b":"[\\u0062\\u24D1\\uFF42\\u1E03\\u1E05\\u1E07\\u0180\\u0183\\u0253]","c":"[\\u0063\\u24D2\\uFF43\\u0107\\u0109\\u010B\\u010D\\u00E7\\u1E09\\u0188\\u023C\\uA73F\\u2184]","d":"[\\u0064\\u24D3\\uFF44\\u1E0B\\u010F\\u1E0D\\u1E11\\u1E13\\u1E0F\\u0111\\u018C\\u0256\\u0257\\uA77A]","dz":"[\\u01F3\\u01C6]","e":"[\\u0065\\u24D4\\uFF45\\u00E8\\u00E9\\u00EA\\u1EC1\\u1EBF\\u1EC5\\u1EC3\\u1EBD\\u0113\\u1E15\\u1E17\\u0115\\u0117\\u00EB\\u1EBB\\u011B\\u0205\\u0207\\u1EB9\\u1EC7\\u0229\\u1E1D\\u0119\\u1E19\\u1E1B\\u0247\\u025B\\u01DD]","f":"[\\u0066\\u24D5\\uFF46\\u1E1F\\u0192\\uA77C]","g":"[\\u0067\\u24D6\\uFF47\\u01F5\\u011D\\u1E21\\u011F\\u0121\\u01E7\\u0123\\u01E5\\u0260\\uA7A1\\u1D79\\uA77F]","h":"[\\u0068\\u24D7\\uFF48\\u0125\\u1E23\\u1E27\\u021F\\u1E25\\u1E29\\u1E2B\\u1E96\\u0127\\u2C68\\u2C76\\u0265]","hv":"[\\u0195]","i":"[\\u0069\\u24D8\\uFF49\\u00EC\\u00ED\\u00EE\\u0129\\u012B\\u012D\\u00EF\\u1E2F\\u1EC9\\u01D0\\u0209\\u020B\\u1ECB\\u012F\\u1E2D\\u0268\\u0131]","j":"[\\u006A\\u24D9\\uFF4A\\u0135\\u01F0\\u0249]","k":"[\\u006B\\u24DA\\uFF4B\\u1E31\\u01E9\\u1E33\\u0137\\u1E35\\u0199\\u2C6A\\uA741\\uA743\\uA745\\uA7A3]","l":"[\\u006C\\u24DB\\uFF4C\\u0140\\u013A\\u013E\\u1E37\\u1E39\\u013C\\u1E3D\\u1E3B\\u017F\\u0142\\u019A\\u026B\\u2C61\\uA749\\uA781\\uA747]","lj":"[\\u01C9]","m":"[\\u006D\\u24DC\\uFF4D\\u1E3F\\u1E41\\u1E43\\u0271\\u026F]","n":"[\\u006E\\u24DD\\uFF4E\\u01F9\\u0144\\u00F1\\u1E45\\u0148\\u1E47\\u0146\\u1E4B\\u1E49\\u019E\\u0272\\u0149\\uA791\\uA7A5]","nj":"[\\u01CC]","o":"[\\u006F\\u24DE\\uFF4F\\u00F2\\u00F3\\u00F4\\u1ED3\\u1ED1\\u1ED7\\u1ED5\\u00F5\\u1E4D\\u022D\\u1E4F\\u014D\\u1E51\\u1E53\\u014F\\u022F\\u0231\\u00F6\\u022B\\u1ECF\\u0151\\u01D2\\u020D\\u020F\\u01A1\\u1EDD\\u1EDB\\u1EE1\\u1EDF\\u1EE3\\u1ECD\\u1ED9\\u01EB\\u01ED\\u00F8\\u01FF\\u0254\\uA74B\\uA74D\\u0275]","oi":"[\\u01A3]","ou":"[\\u0223]","oo":"[\\uA74F]","p":"[\\u0070\\u24DF\\uFF50\\u1E55\\u1E57\\u01A5\\u1D7D\\uA751\\uA753\\uA755]","q":"[\\u0071\\u24E0\\uFF51\\u024B\\uA757\\uA759]","r":"[\\u0072\\u24E1\\uFF52\\u0155\\u1E59\\u0159\\u0211\\u0213\\u1E5B\\u1E5D\\u0157\\u1E5F\\u024D\\u027D\\uA75B\\uA7A7\\uA783]","s":"[\\u0073\\u24E2\\uFF53\\u015B\\u1E65\\u015D\\u1E61\\u0161\\u1E67\\u1E63\\u1E69\\u0219\\u015F\\u023F\\uA7A9\\uA785\\u1E9B]","ss":"[\\u00DF]","t":"[\\u0074\\u24E3\\uFF54\\u1E6B\\u1E97\\u0165\\u1E6D\\u021B\\u0163\\u1E71\\u1E6F\\u0167\\u01AD\\u0288\\u2C66\\uA787]","tz":"[\\uA729]","u":"[\\u0075\\u24E4\\uFF55\\u00F9\\u00FA\\u00FB\\u0169\\u1E79\\u016B\\u1E7B\\u016D\\u00FC\\u01DC\\u01D8\\u01D6\\u01DA\\u1EE7\\u016F\\u0171\\u01D4\\u0215\\u0217\\u01B0\\u1EEB\\u1EE9\\u1EEF\\u1EED\\u1EF1\\u1EE5\\u1E73\\u0173\\u1E77\\u1E75\\u0289]","v":"[\\u0076\\u24E5\\uFF56\\u1E7D\\u1E7F\\u028B\\uA75F\\u028C]","vy":"[\\uA761]","w":"[\\u0077\\u24E6\\uFF57\\u1E81\\u1E83\\u0175\\u1E87\\u1E85\\u1E98\\u1E89\\u2C73]","x":"[\\u0078\\u24E7\\uFF58\\u1E8B\\u1E8D]","y":"[\\u0079\\u24E8\\uFF59\\u1EF3\\u00FD\\u0177\\u1EF9\\u0233\\u1E8F\\u00FF\\u1EF7\\u1E99\\u1EF5\\u01B4\\u024F\\u1EFF]","z":"[\\u007A\\u24E9\\uFF5A\\u017A\\u1E91\\u017C\\u017E\\u1E93\\u1E95\\u01B6\\u0225\\u0240\\u2C6C\\uA763]"},"researchesTests":["contentHasTOC","contentHasShortParagraphs","contentHasAssets","keywordInTitle","keywordInMetaDescription","keywordInPermalink","keywordIn10Percent","keywordInContent","keywordInSubheadings","keywordInImageAlt","keywordDensity","keywordNotUsed","lengthContent","lengthPermalink","linksHasInternal","linksHasExternals","linksNotAllExternals","titleStartWithKeyword","titleSentiment","titleHasPowerWords","titleHasNumber","hasContentAI"],"hasRedirection":true,"hasBreadcrumb":false},"homeUrl":"https:\/\/onlinebettingspace.com\/sk\/","objectID":2447,"objectType":"post","locale":"sk","localeFull":"sk_SK","overlayImages":{"play":{"name":"Play icon","url":"https:\/\/onlinebettingspace.com\/wp-content\/plugins\/seo-by-rank-math\/assets\/admin\/img\/icon-play.png","path":"\/home\/SuperAdmin\/web\/onlinebettingspace.com\/public_html\/wp-content\/plugins\/seo-by-rank-math\/assets\/admin\/img\/icon-play.png","position":"middle_center"},"gif":{"name":"GIF icon","url":"https:\/\/onlinebettingspace.com\/wp-content\/plugins\/seo-by-rank-math\/assets\/admin\/img\/icon-gif.png","path":"\/home\/SuperAdmin\/web\/onlinebettingspace.com\/public_html\/wp-content\/plugins\/seo-by-rank-math\/assets\/admin\/img\/icon-gif.png","position":"middle_center"}},"defautOgImage":"https:\/\/onlinebettingspace.com\/wp-content\/uploads\/2022\/04\/OBS-FULL-LOGO.webp","customPermalinks":true,"isUserRegistered":true,"autoSuggestKeywords":true,"connectSiteUrl":"https:\/\/rankmath.com\/auth?site=https%3A%2F%2Fonlinebettingspace.com%2Fsk%2F&r=https%3A%2F%2Fonlinebettingspace.com%2Fsk%2Fwp-json%2Fwp%2Fv2%2Fpages%2F2447%3Fnonce%3D0d30a74101","maxTags":5,"trendsIcon":"<svg viewBox=\"0 0 610 610\"><path d=\"M18.85,446,174.32,290.48l58.08,58.08L76.93,504a14.54,14.54,0,0,1-20.55,0L18.83,466.48a14.54,14.54,0,0,1,0-20.55Z\" style=\"fill:#4285f4\"\/><path d=\"M242.65,242.66,377.59,377.6l-47.75,47.75a14.54,14.54,0,0,1-20.55,0L174.37,290.43l47.75-47.75A14.52,14.52,0,0,1,242.65,242.66Z\" style=\"fill:#ea4335\"\/><polygon points=\"319.53 319.53 479.26 159.8 537.34 217.88 377.61 377.62 319.53 319.53\" style=\"fill:#fabb05\"\/><path d=\"M594.26,262.73V118.61h0a16.94,16.94,0,0,0-16.94-16.94H433.2a16.94,16.94,0,0,0-12,28.92L565.34,274.71h0a16.94,16.94,0,0,0,28.92-12Z\" style=\"fill:#34a853\"\/><rect width=\"610\" height=\"610\" style=\"fill:none\"\/><\/svg>","showScore":true,"siteFavIcon":"https:\/\/onlinebettingspace.com\/wp-content\/uploads\/2022\/04\/OBS-LOGO-1.webp","canUser":{"general":false,"advanced":false,"snippet":false,"social":false,"analysis":false,"analytics":false,"content_ai":false},"showKeywordIntent":true,"isPro":false,"is_front_page":false,"trendsUpgradeLink":"https:\/\/rankmath.com\/pricing\/?utm_source=Plugin&utm_medium=CE%20General%20Tab%20Trends&utm_campaign=WP","trendsUpgradeLabel":"Upgrade","trendsPreviewImage":"https:\/\/onlinebettingspace.com\/wp-content\/plugins\/seo-by-rank-math\/assets\/admin\/img\/trends-preview.jpg","currentEditor":false,"homepageData":{"assessor":{"powerWords":[],"diacritics":true,"researchesTests":["contentHasTOC","contentHasShortParagraphs","contentHasAssets","keywordInTitle","keywordInMetaDescription","keywordInPermalink","keywordIn10Percent","keywordInContent","keywordInSubheadings","keywordInImageAlt","keywordDensity","keywordNotUsed","lengthContent","lengthPermalink","linksHasInternal","linksHasExternals","linksNotAllExternals","titleStartWithKeyword","titleSentiment","titleHasPowerWords","titleHasNumber","hasContentAI"],"hasBreadcrumb":false,"serpData":{"title":"%sitename% %page% %sep% %sitedesc%","description":"","titleTemplate":"%sitename% %page% %sep% %sitedesc%","descriptionTemplate":"","focusKeywords":"","breadcrumbTitle":"Home","robots":{"index":true},"advancedRobots":[],"facebookTitle":"","facebookDescription":"","facebookImage":"","facebookImageID":""}}},"tocTitle":"Table of Contents","tocExcludeHeadings":[],"listStyle":"ul"},"_links":{"self":[{"href":"https:\/\/onlinebettingspace.com\/sk\/wp-json\/wp\/v2\/pages\/2447","targetHints":{"allow":["GET"]}}],"collection":[{"href":"https:\/\/onlinebettingspace.com\/sk\/wp-json\/wp\/v2\/pages"}],"about":[{"href":"https:\/\/onlinebettingspace.com\/sk\/wp-json\/wp\/v2\/types\/page"}],"author":[{"embeddable":true,"href":"https:\/\/onlinebettingspace.com\/sk\/wp-json\/wp\/v2\/users\/1"}],"replies":[{"embeddable":true,"href":"https:\/\/onlinebettingspace.com\/sk\/wp-json\/wp\/v2\/comments?post=2447"}],"version-history":[{"count":0,"href":"https:\/\/onlinebettingspace.com\/sk\/wp-json\/wp\/v2\/pages\/2447\/revisions"}],"up":[{"embeddable":true,"href":"https:\/\/onlinebettingspace.com\/sk\/wp-json\/wp\/v2\/pages\/2438"}],"wp:attachment":[{"href":"https:\/\/onlinebettingspace.com\/sk\/wp-json\/wp\/v2\/media?parent=2447"}],"curies":[{"name":"wp","href":"https:\/\/api.w.org\/{rel}","templated":true}]}}