{"id":2444,"date":"2022-08-19T02:34:37","date_gmt":"2022-08-18T23:34:37","guid":{"rendered":"https:\/\/onlinebettingspace.com\/?page_id=2444"},"modified":"2022-08-19T02:34:37","modified_gmt":"2022-08-18T23:34:37","slug":"skrill-moneybookers","status":"publish","type":"page","link":"https:\/\/onlinebettingspace.com\/sk\/moznosti-platby\/skrill-moneybookers\/","title":{"rendered":"SKRILL MONEYBOOKERS"},"content":{"rendered":"<section class=\"l-section wpb_row height_medium\"><div class=\"l-section-h i-cf\"><div class=\"g-cols vc_row via_flex valign_top type_default stacking_default\"><div class=\"vc_col-sm-12 wpb_column vc_column_container\"><div class=\"vc_column-inner\"><div class=\"wpb_wrapper\"><div class=\"wpb_text_column\"><div class=\"wpb_wrapper\"><h1>SKRILL PLATBY V ONLINE KAS\u00cdNE<\/h1>\n<p>Skrill je britsk\u00e1 firma s\u00eddliaca v Lond\u00fdne a moment\u00e1lne je pravdepodobne najviac pou\u017e\u00edvanou e-pe\u0148a\u017eenkou vo v\u0161etk\u00fdch svetov\u00fdch online kas\u00ednach. Pokia\u013e presne neviete, \u010do znamen\u00e1 e-pe\u0148a\u017eenka, respekt\u00edve digit\u00e1lna pe\u0148a\u017eenka, tak v\u00e1m to v skratke vysvetl\u00edme \u2013 ide o internetov\u00fa slu\u017ebu, v\u010faka ktorej m\u00f4\u017eete prij\u00edma\u0165 a odosiela\u0165 peniaze online bez toho, aby ste museli neust\u00e1le zad\u00e1va\u0165 pr\u00edkazy vo va\u0161ej banke alebo pou\u017e\u00edva\u0165 va\u0161u kreditn\u00fa kartu.<\/p>\n<div>\n<div class=\"readMore\">\n<p>Svoje peniaze si jednoducho vlo\u017e\u00edte na svoj e-pe\u0148a\u017eenkov\u00fd \u00fa\u010det. Toto sa m\u00f4\u017ee vykona\u0165 viacer\u00fdmi sp\u00f4sobmi, napr\u00edklad prevodom z banky, prevodom z kreditnej karty alebo in\u00e1 osoba v\u00e1m po\u0161le peniaze z jej e-pe\u0148a\u017eenkov\u00e9ho \u00fa\u010dtu na v\u00e1\u0161. N\u00e1sledne s nimi m\u00f4\u017eete robi\u0165 r\u00f4zne pohyby a platby v\u0161ade tam, kde je podporovan\u00fd konkr\u00e9tny typ e-pe\u0148a\u017eenky, ktor\u00fd vlastn\u00edte vy a je \u00faplne jedno, \u010di sa jedn\u00e1 o zahrani\u010dn\u00fd subjekt, u ktor\u00e9ho chcete spravi\u0165 platbu alebo o dom\u00e1ci.<\/p>\n<h2>V\u00ddHODY SLU\u017dBY SKRILL<\/h2>\n<p>Ve\u013ekou v\u00fdhodou slu\u017eby Skrill s\u00fa jej relat\u00edvne mal\u00e9, respekt\u00edve \u017eiadne poplatky v\u010faka ktor\u00fdm je pou\u017eitie slu\u017eby Skrill ve\u013emi odpor\u00fa\u010dan\u00e9. Poplatky plat\u00edte akur\u00e1t v pr\u00edpade posielania pe\u0148az\u00ed alebo v pr\u00edpade, \u017ee si\u00a0<a href=\"\/sk\/moznosti-platby\/kreditna-karta\" data-track=\"\"><strong>vklad\u00e1te peniaze na \u00fa\u010det pomocou kreditnej karty<\/strong><\/a>. Pre detailnej\u0161\u00ed rozpis poplatkov cho\u010fte na koniec tejto str\u00e1nky.<\/p>\n<p>\u010eal\u0161ou v\u00fdhodou digit\u00e1lnej pe\u0148a\u017eenky Skrill je mo\u017enos\u0165 objedna\u0165 si od nich platobn\u00fa kartu MasterCard, ktor\u00fa m\u00f4\u017eete bezprobl\u00e9mov pou\u017e\u00edva\u0165 aj na Slovensku. Skrill card slu\u017eba v\u00e1s bude st\u00e1\u0165 \u20ac10 na rok, av\u0161ak v\u0161etky platby pomocou tejto karty s\u00fa \u00faplne zadarmo. Spoplatnen\u00e9 s\u00fa jedine v\u00fdbery z bankomatu sumou \u20ac1.80 na jeden v\u00fdber.<\/p>\n<h2>NEV\u00ddHODY SLU\u017dBY SKRILL<\/h2>\n<p>Hlavnou nev\u00fdhodou Skrillu v\u00a0r\u00e1mci online kas\u00edn, s\u00fa jeho ob\u010dasn\u00e9 obmedzenia. Ve\u013ea kas\u00edn si v\u00a0s\u00fa\u010dasnosti ur\u010duje, \u017ee pre ur\u010dit\u00fd druh akci\u00ed, ktor\u00e9 pon\u00faka (napr\u00edklad uv\u00edtac\u00ed alebo reload bonus) nie je mo\u017en\u00e9 spravi\u0165 vklad prostredn\u00edctvom Skrillu. Ak by ste vklad predsa len spravili, bonus by ste nez\u00edskali alebo by bol odobrat\u00fd.<\/p>\n<p>\u010eal\u0161ou z\u00a0nev\u00fdhod je proces verifik\u00e1cie. Preto v\u00e1m odpor\u00fa\u010dame si spravi\u0165 tieto verifik\u00e1cie \u010d\u00edm sk\u00f4r, nech pred\u00eddete ak\u00fdmko\u013evek mo\u017en\u00fdm probl\u00e9mom. Pod verifik\u00e1ciami sa rozumie overenie toto\u017enosti prostredn\u00edctvom kliknutia odkaz alebo naskenovan\u00fdch dokumentov. Samotn\u00e9 overenie zo strany Skrillu trv\u00e1 len p\u00e1r dn\u00ed.<\/p>\n<h2>CASINO VKLADY A\u00a0V\u00ddBERY SO SKRILLOM<\/h2>\n<p>Pokia\u013e sa rozhodnete spravi\u0165 vklad prostredn\u00edctvom Skrillu, odpor\u00fa\u010dame V\u00e1m k\u00a0tomu vyu\u017ei\u0165 kreditn\u00fa alebo debetn\u00fa kartu VISA alebo MasterCard. A\u00a0to predov\u0161etk\u00fdm z\u00a0d\u00f4vodu mal\u00e9ho poplatku vo v\u00fd\u0161ke 1.0%. Pred prv\u00fdm tak\u00fdmto vkladom si mus\u00edte kartu necha\u0165 verifikova\u0165 na str\u00e1nke Skrillu.<\/p>\n<p>Skrill m\u00f4\u017eete vyu\u017ei\u0165 aj k\u00a0v\u00fdberu pe\u0148az\u00ed zo\u00a0<a href=\"\/sk\/vytvorit-ucet-v-online-casine\" data-track=\"\"><strong>svojho hr\u00e1\u010dskeho \u00fa\u010dtu<\/strong><\/a>, napr\u00edklad na kartu VISA. V\u00a0tomto pr\u00edpade zaplat\u00edte na poplatkoch 7.50% z\u00a0celkovej sumy, \u010do znamen\u00e1 \u20ac7.50 za ka\u017ed\u00fdch \u20ac100, ktor\u00e9 sa rozhodnete t\u00fdmto sp\u00f4sobom vybra\u0165. Vybra\u0165 m\u00f4\u017eete aj formou bankov\u00e9ho prevodu, pri ktorom je poplatok fixn\u00fd. Poznamenajme, \u017ee nie v\u0161etky online kas\u00edna pon\u00fakaj\u00fa mo\u017enos\u0165 v\u00fdberov cez Skrill.<\/p>\n<h2>AKO POU\u017d\u00cdVA\u0164 SKRILL<\/h2>\n<p>V\u00a0prvom rade je potrebn\u00e9 sa na\u00a0<a href=\"https:\/\/www.skrill.com\/cz\/\" data-track=\"\" rel=\"noopener\"><strong>hlavnej str\u00e1nke zaregistrova\u0165<\/strong>\u00a0<\/a>a\u00a0vyplni\u0165 \u00fadaje ako va\u0161e meno, ulicu, mesto, po\u0161tov\u00e9 smerovacie \u010d\u00edslo a\u00a0telef\u00f3nny kontakt. Tie\u017e je potrebn\u00e9 zvoli\u0165, \u010di chcete \u201ePersonal\u201c \u00fa\u010det, ktor\u00fd je pou\u017eite\u013en\u00fd na s\u00fakromn\u00e9 \u00fa\u010dely alebo \u201eBusiness\u201c \u00fa\u010det, ktor\u00fd je pou\u017eite\u013en\u00fd na obchodn\u00e9 \u00fa\u010dely. V\u00a0pr\u00edpade, ak chcete \u00fa\u010det pou\u017ei\u0165 len na hranie v\u00a0kas\u00ednach,\u00a0<strong>tak odpor\u00fa\u010dame \u201ePersonal\u201c<\/strong>.<\/p>\n<p>N\u00e1sledne na \u010fal\u0161ej strane e\u0161te vypln\u00edte svoj email, d\u00e1tum narodenia, zad\u00e1te svoje po\u017eadovan\u00e9 heslo a\u00a0zad\u00e1te zobrazen\u00fd bezpe\u010dnostn\u00fd k\u00f3d. V\u00a0priebehu p\u00e1r okamihov by v\u00e1m mal na zadan\u00fd email d\u00f4js\u0165\u00a0<strong>verifika\u010dn\u00fd mail<\/strong>, v\u00a0ktorom kliknite na odkaz a\u00a0v\u00e1\u0161 \u00fa\u010det by mal by\u0165 aktivovan\u00fd.<\/p>\n<p>N\u00e1sledne je potrebn\u00e9 si na \u00fa\u010det\u00a0<strong>nahra\u0165, respekt\u00edve posla\u0165 peniaze<\/strong>, aby ste s\u00a0nimi n\u00e1sledne mohli h\u00fdba\u0165. Toto m\u00f4\u017eete spravi\u0165 viacer\u00fdmi sp\u00f4sobmi \u2013 bu\u010f prevodom z\u00a0banky alebo pomocou kreditnej karty.<\/p>\n<p>Pri prevode z\u00a0banky sprav\u00edte jednoducho prevod pe\u0148az\u00ed na in\u00fd bankov\u00fd \u00fa\u010det, konkr\u00e9tne na bankov\u00fd \u00fa\u010det UniCredit Bank Slovakia, v\u00a0ktorej m\u00e1 slu\u017eba Skrill veden\u00fd svoj \u00fa\u010det. Tento prevod trv\u00e1 cca 3 a\u017e 5 dn\u00ed.<\/p>\n<p>Druh\u00e1 mo\u017enos\u0165, poslanie pe\u0148az\u00ed z\u00a0kreditnej karty je ove\u013ea\u00a0<strong>r\u00fdchlej\u0161ia a\u00a0trv\u00e1 v\u00a0priemere len p\u00e1r min\u00fat<\/strong>. Potrebujete k\u00a0nej svoje \u010d\u00edslo kreditnej karty, jej d\u00e1tum exspir\u00e1cie a\u00a0kontroln\u00fd CVV k\u00f3d. Tieto \u00fadaje zad\u00e1te do svojho Skrill \u00fa\u010dtu, t\u00fdm sa va\u0161a kreditn\u00e1 karta automaticky do neho prid\u00e1 a\u00a0kedyko\u013evek si m\u00f4\u017eete n\u00e1sledne zvoli\u0165 t\u00fato mo\u017enos\u0165 ako prostriedok nahratie pe\u0148az\u00ed na V\u00e1\u0161 Skrill \u00fa\u010det.<\/p>\n<h2>SKRILL POPLATKY<\/h2>\n<ul>\n<li>Prij\u00edmanie pe\u0148az\u00ed je kompletne zadarmo<\/li>\n<\/ul>\n<ul>\n<li>Posielanie pe\u0148az\u00ed je spoplatnen\u00e9 1% z sumy, ktor\u00fa posielate, av\u0161ak maxim\u00e1lnej do v\u00fd\u0161ky \u20ac10<\/li>\n<\/ul>\n<ul>\n<li>Vlo\u017eenie si pe\u0148az\u00ed na v\u00e1\u0161 Skrill \u00fa\u010det pomocou bankov\u00e9ho prevodu je \u00faplne zdarma<\/li>\n<\/ul>\n<ul>\n<li>Vlo\u017eenie si pe\u0148az\u00ed na v\u00e1\u0161 Skrill \u00fa\u010det pomocou kreditnej karty je spoplatnen\u00e9 1.90% zo sumy, ktor\u00fa vklad\u00e1te<\/li>\n<\/ul>\n<ul>\n<li>V\u00fdber pe\u0148az\u00ed z\u00a0v\u00e1\u0161ho Skrill \u00fa\u010dtu na bankov\u00fd \u00fa\u010det je spoplatnen\u00e9 sumou \u20ac2.95 za jeden v\u00fdber<\/li>\n<\/ul>\n<ul>\n<li>V\u00fdber pe\u0148az\u00ed z\u00a0v\u00e1\u0161ho Skrill \u00fa\u010dtu pomocou \u0161eku je spoplatnen\u00e9 sumou \u20ac3.50 za jeden v\u00fdber<\/li>\n<\/ul>\n<ul>\n<li>V\u00fdber pe\u0148az\u00ed z v\u00e1\u0161ho Skrill \u00fa\u010dtu na va\u0161u kreditn\u00fa kartu je spoplatnen\u00e9 sumou \u20ac2.95 na jeden yber<\/li>\n<\/ul>\n<ul>\n<li>Platobn\u00e1 karta Skrill MasterCard je spoplatnen\u00e1 sumou \u20ac10\/rok, platby pomocou nej s\u00fa zadarmo a\u00a0v\u00fdber z\u00a0bankomatu je spoplatnen\u00fd sumou 1.80 za jeden v\u00fdber.<\/li>\n<\/ul>\n<h2>SUM\u00c1R<\/h2>\n<p>Skrill je popul\u00e1rna a\u00a0\u010dasto sa vyskytuj\u00faca alternat\u00edva pre platby v\u00a0online kas\u00edne. Pon\u00faka r\u00fdchly, bezpe\u010dn\u00fd a\u00a0lacn\u00fd sp\u00f4sob, ako vlo\u017ei\u0165 finan\u010dn\u00e9 prostriedky na svoj hr\u00e1\u010dsky \u00fa\u010det alebo ich z\u00a0neho vybra\u0165. Skrill je ve\u013emi jednoduch\u00fdm n\u00e1strojom platieb, ktor\u00e9ho zabezpe\u010denie v\u00a0oblasti transakcii je zrovnate\u013en\u00e9 s\u00a0t\u00fdm, \u010do pon\u00faka internetov\u00e9 bankovn\u00edctvo. Pokia\u013e teda h\u013ead\u00e1te vhodn\u00fa met\u00f3du na financovanie svojich dobrodru\u017estiev v\u00a0online kas\u00ednach, m\u00f4\u017eeme v\u00e1m odpor\u00fa\u010di\u0165 Skrill. Mili\u00f3ny pozit\u00edvnych recenzi\u00ed zo strany kas\u00ednov\u00fdch hr\u00e1\u010dov opr\u00e1vnenos\u0165 tejto vo\u013eby potvrdzuj\u00fa.<\/p>\n<\/div>\n<\/div>\n<\/div><\/div><\/div><\/div><\/div><\/div><\/div><\/section>\n","protected":false},"excerpt":{"rendered":"SKRILL PLATBY V ONLINE KAS\u00cdNE Skrill je britsk\u00e1 firma s\u00eddliaca v Lond\u00fdne a moment\u00e1lne je pravdepodobne najviac pou\u017e\u00edvanou e-pe\u0148a\u017eenkou vo v\u0161etk\u00fdch svetov\u00fdch online kas\u00ednach. Pokia\u013e presne neviete, \u010do znamen\u00e1 e-pe\u0148a\u017eenka, respekt\u00edve digit\u00e1lna pe\u0148a\u017eenka, tak v\u00e1m to v skratke vysvetl\u00edme \u2013 ide o internetov\u00fa slu\u017ebu, v\u010faka ktorej m\u00f4\u017eete prij\u00edma\u0165 a odosiela\u0165 peniaze online bez toho, aby...","protected":false},"author":1,"featured_media":0,"parent":2438,"menu_order":0,"comment_status":"closed","ping_status":"closed","template":"","meta":{"_acf_changed":false,"footnotes":""},"class_list":["post-2444","page","type-page","status-publish","hentry"],"acf":[],"rankMath":{"parentDomain":"onlinebettingspace.com","noFollowDomains":[],"noFollowExcludeDomains":[],"noFollowExternalLinks":false,"featuredImageNotice":"The featured image should be at least 200 by 200 pixels to be picked up by Facebook and other social media sites.","pluginReviewed":true,"postSettings":{"linkSuggestions":true,"useFocusKeyword":false},"frontEndScore":false,"postName":"skrill-moneybookers","permalinkFormat":"https:\/\/onlinebettingspace.com\/sk\/%pagename%\/","showLockModifiedDate":true,"assessor":{"focusKeywordLink":"https:\/\/onlinebettingspace.com\/wp-admin\/edit.php?focus_keyword=%focus_keyword%&post_type=%post_type%","hasTOCPlugin":false,"primaryTaxonomy":false,"serpData":{"title":"Skrill Moneybookers | onlinebettingspace.com","description":"Pokia\u013e h\u013ead\u00e1te jednoduch\u00fa, univerz\u00e1lnu a lacn\u00fa e-pe\u0148a\u017eenku na va\u0161e transakcie v online casine, ur\u010dite si zvo\u013ete slu\u017ebu Skrill.","focusKeywords":"","pillarContent":false,"canonicalUrl":"","breadcrumbTitle":"","advancedRobots":[],"facebookTitle":"","facebookDescription":"","facebookImage":"","facebookImageID":"","facebookHasOverlay":false,"facebookImageOverlay":"","facebookAuthor":"","twitterCardType":"","twitterUseFacebook":true,"twitterTitle":"","twitterDescription":"","twitterImage":"","twitterImageID":"","twitterHasOverlay":false,"twitterImageOverlay":"","twitterPlayerUrl":"","twitterPlayerSize":"","twitterPlayerStream":"","twitterPlayerStreamCtype":"","twitterAppDescription":"","twitterAppIphoneName":"","twitterAppIphoneID":"","twitterAppIphoneUrl":"","twitterAppIpadName":"","twitterAppIpadID":"","twitterAppIpadUrl":"","twitterAppGoogleplayName":"","twitterAppGoogleplayID":"","twitterAppGoogleplayUrl":"","twitterAppCountry":"","robots":{"index":true},"twitterAuthor":"username","primaryTerm":0,"authorName":"OBSAdmin","titleTemplate":"%title% %sep% %sitename%","descriptionTemplate":"%excerpt%","showScoreFrontend":true,"lockModifiedDate":false},"powerWords":[],"diacritics":{"A":"[\\u0041\\u24B6\\uFF21\\u00C0\\u00C1\\u00C2\\u1EA6\\u1EA4\\u1EAA\\u1EA8\\u00C3\\u0100\\u0102\\u1EB0\\u1EAE\\u1EB4\\u1EB2\\u0226\\u01E0\\u00C4\\u01DE\\u1EA2\\u00C5\\u01FA\\u01CD\\u0200\\u0202\\u1EA0\\u1EAC\\u1EB6\\u1E00\\u0104\\u023A\\u2C6F]","AA":"[\\uA732]","AE":"[\\u00C6\\u01FC\\u01E2]","AO":"[\\uA734]","AU":"[\\uA736]","AV":"[\\uA738\\uA73A]","AY":"[\\uA73C]","B":"[\\u0042\\u24B7\\uFF22\\u1E02\\u1E04\\u1E06\\u0243\\u0182\\u0181]","C":"[\\u0043\\u24B8\\uFF23\\u0106\\u0108\\u010A\\u010C\\u00C7\\u1E08\\u0187\\u023B\\uA73E]","D":"[\\u0044\\u24B9\\uFF24\\u1E0A\\u010E\\u1E0C\\u1E10\\u1E12\\u1E0E\\u0110\\u018B\\u018A\\u0189\\uA779]","DZ":"[\\u01F1\\u01C4]","Dz":"[\\u01F2\\u01C5]","E":"[\\u0045\\u24BA\\uFF25\\u00C8\\u00C9\\u00CA\\u1EC0\\u1EBE\\u1EC4\\u1EC2\\u1EBC\\u0112\\u1E14\\u1E16\\u0114\\u0116\\u00CB\\u1EBA\\u011A\\u0204\\u0206\\u1EB8\\u1EC6\\u0228\\u1E1C\\u0118\\u1E18\\u1E1A\\u0190\\u018E]","F":"[\\u0046\\u24BB\\uFF26\\u1E1E\\u0191\\uA77B]","G":"[\\u0047\\u24BC\\uFF27\\u01F4\\u011C\\u1E20\\u011E\\u0120\\u01E6\\u0122\\u01E4\\u0193\\uA7A0\\uA77D\\uA77E]","H":"[\\u0048\\u24BD\\uFF28\\u0124\\u1E22\\u1E26\\u021E\\u1E24\\u1E28\\u1E2A\\u0126\\u2C67\\u2C75\\uA78D]","I":"[\\u0049\\u24BE\\uFF29\\u00CC\\u00CD\\u00CE\\u0128\\u012A\\u012C\\u0130\\u00CF\\u1E2E\\u1EC8\\u01CF\\u0208\\u020A\\u1ECA\\u012E\\u1E2C\\u0197]","J":"[\\u004A\\u24BF\\uFF2A\\u0134\\u0248]","K":"[\\u004B\\u24C0\\uFF2B\\u1E30\\u01E8\\u1E32\\u0136\\u1E34\\u0198\\u2C69\\uA740\\uA742\\uA744\\uA7A2]","L":"[\\u004C\\u24C1\\uFF2C\\u013F\\u0139\\u013D\\u1E36\\u1E38\\u013B\\u1E3C\\u1E3A\\u0141\\u023D\\u2C62\\u2C60\\uA748\\uA746\\uA780]","LJ":"[\\u01C7]","Lj":"[\\u01C8]","M":"[\\u004D\\u24C2\\uFF2D\\u1E3E\\u1E40\\u1E42\\u2C6E\\u019C]","N":"[\\u004E\\u24C3\\uFF2E\\u01F8\\u0143\\u00D1\\u1E44\\u0147\\u1E46\\u0145\\u1E4A\\u1E48\\u0220\\u019D\\uA790\\uA7A4]","NJ":"[\\u01CA]","Nj":"[\\u01CB]","O":"[\\u004F\\u24C4\\uFF2F\\u00D2\\u00D3\\u00D4\\u1ED2\\u1ED0\\u1ED6\\u1ED4\\u00D5\\u1E4C\\u022C\\u1E4E\\u014C\\u1E50\\u1E52\\u014E\\u022E\\u0230\\u00D6\\u022A\\u1ECE\\u0150\\u01D1\\u020C\\u020E\\u01A0\\u1EDC\\u1EDA\\u1EE0\\u1EDE\\u1EE2\\u1ECC\\u1ED8\\u01EA\\u01EC\\u00D8\\u01FE\\u0186\\u019F\\uA74A\\uA74C]","OI":"[\\u01A2]","OO":"[\\uA74E]","OU":"[\\u0222]","P":"[\\u0050\\u24C5\\uFF30\\u1E54\\u1E56\\u01A4\\u2C63\\uA750\\uA752\\uA754]","Q":"[\\u0051\\u24C6\\uFF31\\uA756\\uA758\\u024A]","R":"[\\u0052\\u24C7\\uFF32\\u0154\\u1E58\\u0158\\u0210\\u0212\\u1E5A\\u1E5C\\u0156\\u1E5E\\u024C\\u2C64\\uA75A\\uA7A6\\uA782]","S":"[\\u0053\\u24C8\\uFF33\\u1E9E\\u015A\\u1E64\\u015C\\u1E60\\u0160\\u1E66\\u1E62\\u1E68\\u0218\\u015E\\u2C7E\\uA7A8\\uA784]","T":"[\\u0054\\u24C9\\uFF34\\u1E6A\\u0164\\u1E6C\\u021A\\u0162\\u1E70\\u1E6E\\u0166\\u01AC\\u01AE\\u023E\\uA786]","TZ":"[\\uA728]","U":"[\\u0055\\u24CA\\uFF35\\u00D9\\u00DA\\u00DB\\u0168\\u1E78\\u016A\\u1E7A\\u016C\\u00DC\\u01DB\\u01D7\\u01D5\\u01D9\\u1EE6\\u016E\\u0170\\u01D3\\u0214\\u0216\\u01AF\\u1EEA\\u1EE8\\u1EEE\\u1EEC\\u1EF0\\u1EE4\\u1E72\\u0172\\u1E76\\u1E74\\u0244]","V":"[\\u0056\\u24CB\\uFF36\\u1E7C\\u1E7E\\u01B2\\uA75E\\u0245]","VY":"[\\uA760]","W":"[\\u0057\\u24CC\\uFF37\\u1E80\\u1E82\\u0174\\u1E86\\u1E84\\u1E88\\u2C72]","X":"[\\u0058\\u24CD\\uFF38\\u1E8A\\u1E8C]","Y":"[\\u0059\\u24CE\\uFF39\\u1EF2\\u00DD\\u0176\\u1EF8\\u0232\\u1E8E\\u0178\\u1EF6\\u1EF4\\u01B3\\u024E\\u1EFE]","Z":"[\\u005A\\u24CF\\uFF3A\\u0179\\u1E90\\u017B\\u017D\\u1E92\\u1E94\\u01B5\\u0224\\u2C7F\\u2C6B\\uA762]","a":"[\\u0061\\u24D0\\uFF41\\u1E9A\\u00E0\\u00E1\\u00E2\\u1EA7\\u1EA5\\u1EAB\\u1EA9\\u00E3\\u0101\\u0103\\u1EB1\\u1EAF\\u1EB5\\u1EB3\\u0227\\u01E1\\u00E4\\u01DF\\u1EA3\\u00E5\\u01FB\\u01CE\\u0201\\u0203\\u1EA1\\u1EAD\\u1EB7\\u1E01\\u0105\\u2C65\\u0250]","aa":"[\\uA733]","ae":"[\\u00E6\\u01FD\\u01E3]","ao":"[\\uA735]","au":"[\\uA737]","av":"[\\uA739\\uA73B]","ay":"[\\uA73D]","b":"[\\u0062\\u24D1\\uFF42\\u1E03\\u1E05\\u1E07\\u0180\\u0183\\u0253]","c":"[\\u0063\\u24D2\\uFF43\\u0107\\u0109\\u010B\\u010D\\u00E7\\u1E09\\u0188\\u023C\\uA73F\\u2184]","d":"[\\u0064\\u24D3\\uFF44\\u1E0B\\u010F\\u1E0D\\u1E11\\u1E13\\u1E0F\\u0111\\u018C\\u0256\\u0257\\uA77A]","dz":"[\\u01F3\\u01C6]","e":"[\\u0065\\u24D4\\uFF45\\u00E8\\u00E9\\u00EA\\u1EC1\\u1EBF\\u1EC5\\u1EC3\\u1EBD\\u0113\\u1E15\\u1E17\\u0115\\u0117\\u00EB\\u1EBB\\u011B\\u0205\\u0207\\u1EB9\\u1EC7\\u0229\\u1E1D\\u0119\\u1E19\\u1E1B\\u0247\\u025B\\u01DD]","f":"[\\u0066\\u24D5\\uFF46\\u1E1F\\u0192\\uA77C]","g":"[\\u0067\\u24D6\\uFF47\\u01F5\\u011D\\u1E21\\u011F\\u0121\\u01E7\\u0123\\u01E5\\u0260\\uA7A1\\u1D79\\uA77F]","h":"[\\u0068\\u24D7\\uFF48\\u0125\\u1E23\\u1E27\\u021F\\u1E25\\u1E29\\u1E2B\\u1E96\\u0127\\u2C68\\u2C76\\u0265]","hv":"[\\u0195]","i":"[\\u0069\\u24D8\\uFF49\\u00EC\\u00ED\\u00EE\\u0129\\u012B\\u012D\\u00EF\\u1E2F\\u1EC9\\u01D0\\u0209\\u020B\\u1ECB\\u012F\\u1E2D\\u0268\\u0131]","j":"[\\u006A\\u24D9\\uFF4A\\u0135\\u01F0\\u0249]","k":"[\\u006B\\u24DA\\uFF4B\\u1E31\\u01E9\\u1E33\\u0137\\u1E35\\u0199\\u2C6A\\uA741\\uA743\\uA745\\uA7A3]","l":"[\\u006C\\u24DB\\uFF4C\\u0140\\u013A\\u013E\\u1E37\\u1E39\\u013C\\u1E3D\\u1E3B\\u017F\\u0142\\u019A\\u026B\\u2C61\\uA749\\uA781\\uA747]","lj":"[\\u01C9]","m":"[\\u006D\\u24DC\\uFF4D\\u1E3F\\u1E41\\u1E43\\u0271\\u026F]","n":"[\\u006E\\u24DD\\uFF4E\\u01F9\\u0144\\u00F1\\u1E45\\u0148\\u1E47\\u0146\\u1E4B\\u1E49\\u019E\\u0272\\u0149\\uA791\\uA7A5]","nj":"[\\u01CC]","o":"[\\u006F\\u24DE\\uFF4F\\u00F2\\u00F3\\u00F4\\u1ED3\\u1ED1\\u1ED7\\u1ED5\\u00F5\\u1E4D\\u022D\\u1E4F\\u014D\\u1E51\\u1E53\\u014F\\u022F\\u0231\\u00F6\\u022B\\u1ECF\\u0151\\u01D2\\u020D\\u020F\\u01A1\\u1EDD\\u1EDB\\u1EE1\\u1EDF\\u1EE3\\u1ECD\\u1ED9\\u01EB\\u01ED\\u00F8\\u01FF\\u0254\\uA74B\\uA74D\\u0275]","oi":"[\\u01A3]","ou":"[\\u0223]","oo":"[\\uA74F]","p":"[\\u0070\\u24DF\\uFF50\\u1E55\\u1E57\\u01A5\\u1D7D\\uA751\\uA753\\uA755]","q":"[\\u0071\\u24E0\\uFF51\\u024B\\uA757\\uA759]","r":"[\\u0072\\u24E1\\uFF52\\u0155\\u1E59\\u0159\\u0211\\u0213\\u1E5B\\u1E5D\\u0157\\u1E5F\\u024D\\u027D\\uA75B\\uA7A7\\uA783]","s":"[\\u0073\\u24E2\\uFF53\\u015B\\u1E65\\u015D\\u1E61\\u0161\\u1E67\\u1E63\\u1E69\\u0219\\u015F\\u023F\\uA7A9\\uA785\\u1E9B]","ss":"[\\u00DF]","t":"[\\u0074\\u24E3\\uFF54\\u1E6B\\u1E97\\u0165\\u1E6D\\u021B\\u0163\\u1E71\\u1E6F\\u0167\\u01AD\\u0288\\u2C66\\uA787]","tz":"[\\uA729]","u":"[\\u0075\\u24E4\\uFF55\\u00F9\\u00FA\\u00FB\\u0169\\u1E79\\u016B\\u1E7B\\u016D\\u00FC\\u01DC\\u01D8\\u01D6\\u01DA\\u1EE7\\u016F\\u0171\\u01D4\\u0215\\u0217\\u01B0\\u1EEB\\u1EE9\\u1EEF\\u1EED\\u1EF1\\u1EE5\\u1E73\\u0173\\u1E77\\u1E75\\u0289]","v":"[\\u0076\\u24E5\\uFF56\\u1E7D\\u1E7F\\u028B\\uA75F\\u028C]","vy":"[\\uA761]","w":"[\\u0077\\u24E6\\uFF57\\u1E81\\u1E83\\u0175\\u1E87\\u1E85\\u1E98\\u1E89\\u2C73]","x":"[\\u0078\\u24E7\\uFF58\\u1E8B\\u1E8D]","y":"[\\u0079\\u24E8\\uFF59\\u1EF3\\u00FD\\u0177\\u1EF9\\u0233\\u1E8F\\u00FF\\u1EF7\\u1E99\\u1EF5\\u01B4\\u024F\\u1EFF]","z":"[\\u007A\\u24E9\\uFF5A\\u017A\\u1E91\\u017C\\u017E\\u1E93\\u1E95\\u01B6\\u0225\\u0240\\u2C6C\\uA763]"},"researchesTests":["contentHasTOC","contentHasShortParagraphs","contentHasAssets","keywordInTitle","keywordInMetaDescription","keywordInPermalink","keywordIn10Percent","keywordInContent","keywordInSubheadings","keywordInImageAlt","keywordDensity","keywordNotUsed","lengthContent","lengthPermalink","linksHasInternal","linksHasExternals","linksNotAllExternals","titleStartWithKeyword","titleSentiment","titleHasPowerWords","titleHasNumber","hasContentAI"],"hasRedirection":true,"hasBreadcrumb":false},"homeUrl":"https:\/\/onlinebettingspace.com\/sk\/","objectID":2444,"objectType":"post","locale":"sk","localeFull":"sk_SK","overlayImages":{"play":{"name":"Play icon","url":"https:\/\/onlinebettingspace.com\/wp-content\/plugins\/seo-by-rank-math\/assets\/admin\/img\/icon-play.png","path":"\/home\/SuperAdmin\/web\/onlinebettingspace.com\/public_html\/wp-content\/plugins\/seo-by-rank-math\/assets\/admin\/img\/icon-play.png","position":"middle_center"},"gif":{"name":"GIF icon","url":"https:\/\/onlinebettingspace.com\/wp-content\/plugins\/seo-by-rank-math\/assets\/admin\/img\/icon-gif.png","path":"\/home\/SuperAdmin\/web\/onlinebettingspace.com\/public_html\/wp-content\/plugins\/seo-by-rank-math\/assets\/admin\/img\/icon-gif.png","position":"middle_center"}},"defautOgImage":"https:\/\/onlinebettingspace.com\/wp-content\/uploads\/2022\/04\/OBS-FULL-LOGO.webp","customPermalinks":true,"isUserRegistered":true,"autoSuggestKeywords":true,"connectSiteUrl":"https:\/\/rankmath.com\/auth?site=https%3A%2F%2Fonlinebettingspace.com%2Fsk%2F&r=https%3A%2F%2Fonlinebettingspace.com%2Fsk%2Fwp-json%2Fwp%2Fv2%2Fpages%2F2444%3Fnonce%3Dfc2cda84e7","maxTags":5,"trendsIcon":"<svg viewBox=\"0 0 610 610\"><path d=\"M18.85,446,174.32,290.48l58.08,58.08L76.93,504a14.54,14.54,0,0,1-20.55,0L18.83,466.48a14.54,14.54,0,0,1,0-20.55Z\" style=\"fill:#4285f4\"\/><path d=\"M242.65,242.66,377.59,377.6l-47.75,47.75a14.54,14.54,0,0,1-20.55,0L174.37,290.43l47.75-47.75A14.52,14.52,0,0,1,242.65,242.66Z\" style=\"fill:#ea4335\"\/><polygon points=\"319.53 319.53 479.26 159.8 537.34 217.88 377.61 377.62 319.53 319.53\" style=\"fill:#fabb05\"\/><path d=\"M594.26,262.73V118.61h0a16.94,16.94,0,0,0-16.94-16.94H433.2a16.94,16.94,0,0,0-12,28.92L565.34,274.71h0a16.94,16.94,0,0,0,28.92-12Z\" style=\"fill:#34a853\"\/><rect width=\"610\" height=\"610\" style=\"fill:none\"\/><\/svg>","showScore":true,"siteFavIcon":"https:\/\/onlinebettingspace.com\/wp-content\/uploads\/2022\/04\/OBS-LOGO-1.webp","canUser":{"general":false,"advanced":false,"snippet":false,"social":false,"analysis":false,"analytics":false,"content_ai":false},"showKeywordIntent":true,"isPro":false,"is_front_page":false,"trendsUpgradeLink":"https:\/\/rankmath.com\/pricing\/?utm_source=Plugin&utm_medium=CE%20General%20Tab%20Trends&utm_campaign=WP","trendsUpgradeLabel":"Upgrade","trendsPreviewImage":"https:\/\/onlinebettingspace.com\/wp-content\/plugins\/seo-by-rank-math\/assets\/admin\/img\/trends-preview.jpg","currentEditor":false,"homepageData":{"assessor":{"powerWords":[],"diacritics":true,"researchesTests":["contentHasTOC","contentHasShortParagraphs","contentHasAssets","keywordInTitle","keywordInMetaDescription","keywordInPermalink","keywordIn10Percent","keywordInContent","keywordInSubheadings","keywordInImageAlt","keywordDensity","keywordNotUsed","lengthContent","lengthPermalink","linksHasInternal","linksHasExternals","linksNotAllExternals","titleStartWithKeyword","titleSentiment","titleHasPowerWords","titleHasNumber","hasContentAI"],"hasBreadcrumb":false,"serpData":{"title":"%sitename% %page% %sep% %sitedesc%","description":"","titleTemplate":"%sitename% %page% %sep% %sitedesc%","descriptionTemplate":"","focusKeywords":"","breadcrumbTitle":"Home","robots":{"index":true},"advancedRobots":[],"facebookTitle":"","facebookDescription":"","facebookImage":"","facebookImageID":""}}},"tocTitle":"Table of Contents","tocExcludeHeadings":[],"listStyle":"ul"},"_links":{"self":[{"href":"https:\/\/onlinebettingspace.com\/sk\/wp-json\/wp\/v2\/pages\/2444","targetHints":{"allow":["GET"]}}],"collection":[{"href":"https:\/\/onlinebettingspace.com\/sk\/wp-json\/wp\/v2\/pages"}],"about":[{"href":"https:\/\/onlinebettingspace.com\/sk\/wp-json\/wp\/v2\/types\/page"}],"author":[{"embeddable":true,"href":"https:\/\/onlinebettingspace.com\/sk\/wp-json\/wp\/v2\/users\/1"}],"replies":[{"embeddable":true,"href":"https:\/\/onlinebettingspace.com\/sk\/wp-json\/wp\/v2\/comments?post=2444"}],"version-history":[{"count":0,"href":"https:\/\/onlinebettingspace.com\/sk\/wp-json\/wp\/v2\/pages\/2444\/revisions"}],"up":[{"embeddable":true,"href":"https:\/\/onlinebettingspace.com\/sk\/wp-json\/wp\/v2\/pages\/2438"}],"wp:attachment":[{"href":"https:\/\/onlinebettingspace.com\/sk\/wp-json\/wp\/v2\/media?parent=2444"}],"curies":[{"name":"wp","href":"https:\/\/api.w.org\/{rel}","templated":true}]}}