{"id":2441,"date":"2022-08-19T02:31:10","date_gmt":"2022-08-18T23:31:10","guid":{"rendered":"https:\/\/onlinebettingspace.com\/?page_id=2441"},"modified":"2022-08-19T02:31:10","modified_gmt":"2022-08-18T23:31:10","slug":"neteller","status":"publish","type":"page","link":"https:\/\/onlinebettingspace.com\/sk\/moznosti-platby\/neteller\/","title":{"rendered":"NETELLER"},"content":{"rendered":"<section class=\"l-section wpb_row height_medium\"><div class=\"l-section-h i-cf\"><div class=\"g-cols vc_row via_flex valign_top type_default stacking_default\"><div class=\"vc_col-sm-12 wpb_column vc_column_container\"><div class=\"vc_column-inner\"><div class=\"wpb_wrapper\"><div class=\"wpb_text_column\"><div class=\"wpb_wrapper\"><h1>NETELLER V ONLINE KAS\u00cdNACH \u2013 VKLADAJTE A VYBERAJTE BEZPE\u010cNE<\/h1>\n<p><strong>Neteller<\/strong>\u00a0je online platobn\u00fd syst\u00e9m, takzvan\u00e1 e-pe\u0148a\u017eenka, ktor\u00e1 sl\u00fa\u017eia na platby v\u00a0online kas\u00edne. Pre mili\u00f3ny kas\u00ednov\u00fdch hr\u00e1\u010dov sa Neteller stal vo\u013ebou \u010d\u00edslo jedna pri roben\u00ed vkladov na ich hr\u00e1\u010dske \u00fa\u010dty. D\u00f4vodov je viacero. Je to absol\u00fatne bezpe\u010dn\u00fd a\u00a0r\u00fdchly platobn\u00fd syst\u00e9m, ktor\u00fd navy\u0161e podporuj\u00fa aj mnoh\u00e9 online kas\u00edna. Samotn\u00e1 registr\u00e1cia svojho Neteller konta je bezplatn\u00e1 a\u00a0pri platbe cez Neteller nez\u00edskavaj\u00fa online kas\u00edna \u00fadaje o\u00a0va\u0161ej platobnej karte. Navy\u0161e, Neteller je jednoduch\u00fd na pou\u017e\u00edvanie a\u00a0nevy\u017eaduje po u\u017e\u00edvate\u013eoch nutnos\u0165 si zapisova\u0165 alebo pam\u00e4ta\u0165 zlo\u017eit\u00e9 hesl\u00e1 \u010di in\u00fd druh identifika\u010dn\u00fdch \u00fadajov. Pozrite si ni\u017e\u0161ie, ktor\u00e9 kas\u00edna pon\u00fakaj\u00fa mo\u017enos\u0165 platieb prostredn\u00edctvom Netelleru.<\/p>\n<h2>NETELLER V\u00a0ONLINE KAS\u00cdNACH \u2013 V\u00ddHODY A\u00a0NEV\u00ddHODY<\/h2>\n<p>Ani Neteller nie je dokonal\u00fdm platobn\u00fdm syst\u00e9mom. M\u00e1 svoje ve\u013emi siln\u00e9 str\u00e1nky, ako aj svoje obmedzenia \u010di slabiny.<\/p>\n<h3>V\u00fdhody slu\u017eby Neteller<\/h3>\n<ul>\n<li>Jednoduchos\u0165 \u2013 Nemus\u00edte si zapam\u00e4t\u00e1va\u0165 zlo\u017eit\u00e9 k\u00f3dy, dlh\u00e9 hesl\u00e1, v\u0161etko to, \u010do potrebujete je pozna\u0165 \u010d\u00edslo svojho \u00fa\u010dtu a bezpe\u010dnostn\u00fd k\u00f3d.<\/li>\n<li>Anonymita \u2013 \u00dadaje o va\u0161om bankovom \u00fa\u010dte \u010di kreditnej alebo debetnej karte sa nedost\u00e1vaj\u00fa ku kas\u00ednu. Je to dobr\u00e1 ochrana pred \u00fatokmi hackerov<\/li>\n<li>Univerz\u00e1lnos\u0165 \u2013 Vklady na\u0148 m\u00f4\u017eete robi\u0165 prostredn\u00edctvom viacer\u00fdch met\u00f3d, pri\u010dom plati\u0165 z neho m\u00f4\u017eete nielen v online kas\u00ednach, ale napr\u00edklad aj v internetov\u00fdch obchodoch<\/li>\n<li>R\u00fdchlos\u0165 \u2013 Platby z a na \u00fa\u010det s\u00fa v porovnan\u00ed s in\u00fdmi met\u00f3dami ove\u013ea r\u00fdchlej\u0161ie, nehovoriac o rie\u0161en\u00ed probl\u00e9mov a overovan\u00ed toto\u017enosti<\/li>\n<\/ul>\n<h3>Nev\u00fdhody slu\u017eby Neteller<\/h3>\n<ul>\n<li>Poplatky \u2013 S vyu\u017e\u00edvan\u00edm Netelleru sa sp\u00e1jaj\u00fa poplatky. Pripravte sa na to, \u017ee zaplat\u00edte poplatok pri vkladoch a ur\u010dit\u00fa \u010das\u0165 sumy \u201estrat\u00edte\u201c pri v\u00fdberoch.<\/li>\n<li>Limity \u2013 Pri Netelleri sa mus\u00edte aj pripravi\u0165 na to, \u017ee budete vystaven\u00ed limitom \u2013 v\u017edy si budete m\u00f4c\u0165 po\u010das d\u0148a vlo\u017ei\u0165, respekt\u00edve vybra\u0165 len ur\u010dit\u00fd obnos pe\u0148az\u00ed.<\/li>\n<li>Proces overenia identity \u2013 Pred t\u00fdm, ne\u017e za\u010dnete naplno vyu\u017e\u00edva\u0165 Neteller, budete musie\u0165 zasla\u0165 k\u00f3pie svojich dokladov kv\u00f4li overeniu toto\u017enosti.<\/li>\n<\/ul>\n<h2>AKO POU\u017d\u00cdVA\u0164 NETELLER<\/h2>\n<p>V\u00a0prvom rade ak nem\u00e1te zalo\u017een\u00fd svoj \u00fa\u010det je potrebn\u00e9 sa\u00a0<strong><a href=\"http:\/\/www.neteller.com\/en\/features\/new\" data-track=\"\" rel=\"noopener\">na ich str\u00e1nke registrova\u0165<\/a><\/strong>. Registr\u00e1ciu za\u010dnete tak, \u017ee na hlavnej str\u00e1nke kliknete na \u201eJoin for free\u201c. N\u00e1sledne na nasleduj\u00facej str\u00e1nke vypln\u00edte svoju\u00a0<strong>emailov\u00fa adresu<\/strong>, ktor\u00fa chcete ma\u0165 sp\u00e1rovan\u00fa so svoj\u00edm \u00fa\u010dtom, vyberiete svoju krajinu, regi\u00f3n a\u00a0menu, v\u00a0ktorej chcete vies\u0165 svoj \u00fa\u010det \u2013 v\u00a0tomto pr\u00edpade v\u00e1m odpor\u00fa\u010dame vybra\u0165 si americk\u00fd doll\u00e1r alebo Euro.<\/p>\n<p>N\u00e1sledne predejte na krok 2, kde budete musie\u0165 vyplni\u0165 svoje meno, priezvisko, adresu, mesto, PS\u010c, svoje pohlavie a\u00a0d\u00e1tum narodenia. Taktie\u017e si budete musie\u0165 zvoli\u0165 svoje heslo. Heslo mus\u00ed obsahova\u0165 minim\u00e1lne 8 znakov a\u00a0mus\u00ed sa sklada\u0165 z\u00a0ve\u013ek\u00fdch a\u00a0mal\u00fdch p\u00edsmen, ako aj \u010d\u00edsel. \u010ealej bude potrebn\u00e9 si zvoli\u0165 tri bezpe\u010dnostn\u00e9 ot\u00e1zky ako napr. meno svojho u\u010dite\u013ea na z\u00e1kladnej \u0161kole a\u00a0podobne a\u00a0tieto odpovede si zapam\u00e4ta\u0165, preto\u017ee niekedy budete n\u00e1hodne vyzvan\u00ed, aby ste na tieto ot\u00e1zky odpovedali. Ak nebudete vedie\u0165 spr\u00e1vne odpoveda\u0165, je mo\u017enos\u0165 zablokovania \u00fa\u010dtu a\u00a0tak si svoje bezpe\u010dnostn\u00e9 ot\u00e1zky, ako aj odpovede zvo\u013ete tak, aby ste nemali s\u00a0nimi v\u00a0bud\u00facnosti probl\u00e9m.<\/p>\n<p>Po vyplnen\u00ed v\u0161etk\u00fdch po\u017eadovan\u00fdch pol\u00ed\u010dok a\u00a0kliknut\u00ed na \u201eContinue\u201c budete e\u0161te raz vyzvan\u00ed, aby ste si overili \u010di v\u0161etky bezpe\u010dnostn\u00e9 ot\u00e1zky, ktor\u00e9 ste vyplnili s\u00fa pravdiv\u00e9. Na v\u00e1\u0161 email v\u00e1m pr\u00edde potvrdenie o\u00a0registr\u00e1ci\u00ed a\u00a0v\u00a0tomto emaily sa taktie\u017e bude nach\u00e1dza\u0165 va\u0161e ID \u010d\u00edslo \u00fa\u010dtu \u2013 toto \u010d\u00edslo pou\u017e\u00edvate na zad\u00e1vanie platieb.<\/p>\n<p>Teraz si m\u00f4\u017eete nahra\u0165 na v\u00e1\u0161 \u00fa\u010det peniaze, ktor\u00e9 n\u00e1sledne m\u00f4\u017eete vyu\u017e\u00edva\u0165 na r\u00f4zne platby alebo vklady na hr\u00e1\u010dske \u00fa\u010dty v\u00a0online kas\u00ednach. Ak si chcete vlo\u017ei\u0165 na Neteller \u00fa\u010det peniaze, m\u00f4\u017eete vyu\u017ei\u0165 nasleduj\u00face mo\u017enosti:<\/p>\n<ul>\n<li>Vklad pomocou kreditnej alebo debitnej karty<\/li>\n<\/ul>\n<ul>\n<li>TrustPay vklad<\/li>\n<\/ul>\n<ul>\n<li>PaySafeCard vklad<\/li>\n<\/ul>\n<ul>\n<li>Bankov\u00fd \u0161ek<\/li>\n<\/ul>\n<h2>CASINO VKLADY A\u00a0V\u00ddBERY S\u00a0NETELLEROM<\/h2>\n<p>Mili\u00f3ny hr\u00e1\u010dov a\u00a0\u013eud\u00ed dnes vyu\u017e\u00edvaj\u00fa k\u00a0platb\u00e1m na internete slu\u017ebu Neteller. Dobrou spr\u00e1vou je to, \u017ee si prostredn\u00edctvom tejto met\u00f3dy m\u00f4\u017eete vlo\u017ei\u0165 a\u00a0v\u00a0niektor\u00fdch pr\u00edpadoch aj vybra\u0165 peniaze zo svojich \u00fa\u010dtov v\u00a0online kas\u00ednach. Ako na to? To v\u00e1m uk\u00e1\u017eeme v\u00a0\u010fal\u0161\u00edch riadkoch.<\/p>\n<h3>Casino vklady cez Neteller<\/h3>\n<p>Postup v\u00a0pr\u00edpade vkladov cez Neteller je jednoduch\u00fd:<\/p>\n<ul>\n<li>Vytvori\u0165 si Neteller \u00fa\u010det<\/li>\n<li>Verifikova\u0165 si \u00fa\u010det prostredn\u00edctvom e-mailov\u00e9ho odkazu<\/li>\n<li>Presun\u00fa\u0165 si peniaze na Neteller \u00fa\u010det<\/li>\n<li>N\u00e1js\u0165 si Neteller casino, teda online kas\u00edno, ktor\u00e9 akceptuje platbu cez t\u00fato slu\u017ebu<\/li>\n<li>Vykona\u0165 vklad<\/li>\n<\/ul>\n<h3>Casino v\u00fdbery cez Neteller<\/h3>\n<p>Spravidla jedinou podmienkou k\u00a0v\u00fdberu cez Neteller b\u00fdva predch\u00e1dzaj\u00face vyu\u017eitie tejto slu\u017eby na \u00fa\u010dely vkladu v\u00a0kas\u00edne, odkia\u013e chcete vybera\u0165. Postup je tak\u00fdto:<\/p>\n<ul>\n<li>Otvorte si str\u00e1nku s\u00a0v\u00fdbermi v\u00a0online kas\u00edne<\/li>\n<li>Vyberte si mo\u017enos\u0165 Neteller<\/li>\n<li>Zadajte sumu, ktor\u00fa chcete previes\u0165 na svoj Neteller \u00fa\u010det<\/li>\n<li>O\u010dak\u00e1vajte peniaze<\/li>\n<\/ul>\n<p>Dlh\u0161ie, ne\u017e samotn\u00fd transfer pe\u0148az\u00ed, trv\u00e1 overovanie v\u00fdberu zo strany kas\u00edna. Finan\u010dn\u00e9 prostriedky m\u00e1te na \u00fa\u010det nezriedka do 24 hod\u00edn.<\/p>\n<h2>NETELLER POPLATKY<\/h2>\n<p>Pri vklade na v\u00e1\u0161 Neteller \u00fa\u010det budete plati\u0165 nasledovn\u00e9 poplatky pod\u013ea toho, ak\u00fd typ vkladu vyu\u017eijete:<\/p>\n<ul>\n<li>Vklad pomocou kariet Visa, MasterCard alebo Maestro \u2013 1,75% z\u00a0vkladanej sumy \u2013 peniaze su na \u00fa\u010dte prakticky ihne\u010f<\/li>\n<\/ul>\n<ul>\n<li>Vklad pomocou slu\u017eby TrustPay \u2013 1,5% z vkladanej sumy\u00a0 \u2013 peniaze s\u00fa na \u00fa\u010dte prakticky ihne\u010f<\/li>\n<\/ul>\n<ul>\n<li>Vklad pomocou PaySafeCard \u2013 9,90% z vkladanej sumy\u00a0 \u2013 peniaze s\u00fa na \u00fa\u010dte prakticky ihne\u010f<\/li>\n<\/ul>\n<ul>\n<li>Vklad pomocou bankov\u00e9ho prevodu \u2013 zadarmo \u2013 doba trvania 3 a\u017e 5 dn\u00ed<\/li>\n<\/ul>\n<p>Ak si budete chcie\u0165 zo svojho Neteller \u00fa\u010dtu vybra\u0165 svoje peniaze, budete plati\u0165 nasledovn\u00e9 poplatky pod\u013ea typu v\u00fdberu:<\/p>\n<ul>\n<li>V\u00fdber bankov\u00fdm prevodom \u2013 \u20ac7,50 \u2013 doba trvania 3 a\u017e 5 dn\u00ed \u2013 minim\u00e1lny v\u00fdber je \u20ac20<\/li>\n<\/ul>\n<ul>\n<li>V\u00fdber pomocou \u0161eku \u2013 \u20ac7,50 \u2013 minim\u00e1lna doba trvania 3 dni a\u00a0viac \u2013 minim\u00e1lny v\u00fdber je \u20ac20<\/li>\n<\/ul>\n<p>V\u00fdber pomocou karty Net+ \u2013 samotn\u00e1 karta stoj\u00ed \u20ac10 a\u00a0v\u00fdber z\u00a0bankomatu stoj\u00ed \u20ac4 (plus pr\u00edpadne poplatky za konverziu meny).<\/p>\n<h2><strong>Z\u00c1VER<\/strong><\/h2>\n<p>Neteller patr\u00ed spolo\u010dne so\u00a0<a href=\"\/sk\/moznosti-platby\/skrill-moneybookers\" data-track=\"\"><strong>Skrillom<\/strong><\/a>,\u00a0<strong><a href=\"\/sk\/moznosti-platby\/paysafecard\" data-track=\"\">Paysafecard<\/a><\/strong>\u00a0a\u00a0platobn\u00fdmi kartami, medzi \u0161tyri naj\u010dastej\u0161ie sa vyskytuj\u00face platobn\u00e9 met\u00f3dy v\u00a0online kas\u00ednach. Je to elektronick\u00e1 pe\u0148a\u017eenka, ktor\u00fa vyu\u017e\u00edvaj\u00fa mili\u00f3ny \u013eud\u00ed a\u00a0to nielen na financovanie dobrodru\u017estiev v\u00a0online kas\u00ednach, ale aj na n\u00e1kup v\u00a0online obchodoch. Vybra\u0165 si na platby \u010di v\u00fdbery v\u00a0online kas\u00ednach nie je nikdy zl\u00fdm rozhodnut\u00edm. Pripojte sa aj vy k\u00a0spokojn\u00fdm u\u017e\u00edvate\u013eom slu\u017eby Neteller u\u017e dnes!<\/p>\n<\/div><\/div><\/div><\/div><\/div><\/div><\/div><\/section>\n","protected":false},"excerpt":{"rendered":"NETELLER V ONLINE KAS\u00cdNACH \u2013 VKLADAJTE A VYBERAJTE BEZPE\u010cNE Neteller\u00a0je online platobn\u00fd syst\u00e9m, takzvan\u00e1 e-pe\u0148a\u017eenka, ktor\u00e1 sl\u00fa\u017eia na platby v\u00a0online kas\u00edne. Pre mili\u00f3ny kas\u00ednov\u00fdch hr\u00e1\u010dov sa Neteller stal vo\u013ebou \u010d\u00edslo jedna pri roben\u00ed vkladov na ich hr\u00e1\u010dske \u00fa\u010dty. D\u00f4vodov je viacero. Je to absol\u00fatne bezpe\u010dn\u00fd a\u00a0r\u00fdchly platobn\u00fd syst\u00e9m, ktor\u00fd navy\u0161e podporuj\u00fa aj mnoh\u00e9 online kas\u00edna....","protected":false},"author":1,"featured_media":0,"parent":2438,"menu_order":0,"comment_status":"closed","ping_status":"closed","template":"","meta":{"_acf_changed":false,"footnotes":""},"class_list":["post-2441","page","type-page","status-publish","hentry"],"acf":[],"rankMath":{"parentDomain":"onlinebettingspace.com","noFollowDomains":[],"noFollowExcludeDomains":[],"noFollowExternalLinks":false,"featuredImageNotice":"The featured image should be at least 200 by 200 pixels to be picked up by Facebook and other social media sites.","pluginReviewed":true,"postSettings":{"linkSuggestions":true,"useFocusKeyword":false},"frontEndScore":false,"postName":"neteller","permalinkFormat":"https:\/\/onlinebettingspace.com\/sk\/%pagename%\/","showLockModifiedDate":true,"assessor":{"focusKeywordLink":"https:\/\/onlinebettingspace.com\/wp-admin\/edit.php?focus_keyword=%focus_keyword%&post_type=%post_type%","hasTOCPlugin":false,"primaryTaxonomy":false,"serpData":{"title":"Neteller \u2013 Najlep\u0161\u00ed online platobn\u00fd syst\u00e9m pre online kas\u00edna","description":"Neteller je elektronickou pe\u0148a\u017eenkou, prostredn\u00edctvom ktorej m\u00f4\u017eete r\u00fdchlo a bezpe\u010dne posiela\u0165 svoje peniaze z a na svoj online kas\u00ednov\u00fd \u00fa\u010det","focusKeywords":"","pillarContent":false,"canonicalUrl":"","breadcrumbTitle":"","advancedRobots":[],"facebookTitle":"","facebookDescription":"","facebookImage":"","facebookImageID":"","facebookHasOverlay":false,"facebookImageOverlay":"","facebookAuthor":"","twitterCardType":"","twitterUseFacebook":true,"twitterTitle":"","twitterDescription":"","twitterImage":"","twitterImageID":"","twitterHasOverlay":false,"twitterImageOverlay":"","twitterPlayerUrl":"","twitterPlayerSize":"","twitterPlayerStream":"","twitterPlayerStreamCtype":"","twitterAppDescription":"","twitterAppIphoneName":"","twitterAppIphoneID":"","twitterAppIphoneUrl":"","twitterAppIpadName":"","twitterAppIpadID":"","twitterAppIpadUrl":"","twitterAppGoogleplayName":"","twitterAppGoogleplayID":"","twitterAppGoogleplayUrl":"","twitterAppCountry":"","robots":{"index":true},"twitterAuthor":"username","primaryTerm":0,"authorName":"OBSAdmin","titleTemplate":"%title% %sep% %sitename%","descriptionTemplate":"%excerpt%","showScoreFrontend":true,"lockModifiedDate":false},"powerWords":[],"diacritics":{"A":"[\\u0041\\u24B6\\uFF21\\u00C0\\u00C1\\u00C2\\u1EA6\\u1EA4\\u1EAA\\u1EA8\\u00C3\\u0100\\u0102\\u1EB0\\u1EAE\\u1EB4\\u1EB2\\u0226\\u01E0\\u00C4\\u01DE\\u1EA2\\u00C5\\u01FA\\u01CD\\u0200\\u0202\\u1EA0\\u1EAC\\u1EB6\\u1E00\\u0104\\u023A\\u2C6F]","AA":"[\\uA732]","AE":"[\\u00C6\\u01FC\\u01E2]","AO":"[\\uA734]","AU":"[\\uA736]","AV":"[\\uA738\\uA73A]","AY":"[\\uA73C]","B":"[\\u0042\\u24B7\\uFF22\\u1E02\\u1E04\\u1E06\\u0243\\u0182\\u0181]","C":"[\\u0043\\u24B8\\uFF23\\u0106\\u0108\\u010A\\u010C\\u00C7\\u1E08\\u0187\\u023B\\uA73E]","D":"[\\u0044\\u24B9\\uFF24\\u1E0A\\u010E\\u1E0C\\u1E10\\u1E12\\u1E0E\\u0110\\u018B\\u018A\\u0189\\uA779]","DZ":"[\\u01F1\\u01C4]","Dz":"[\\u01F2\\u01C5]","E":"[\\u0045\\u24BA\\uFF25\\u00C8\\u00C9\\u00CA\\u1EC0\\u1EBE\\u1EC4\\u1EC2\\u1EBC\\u0112\\u1E14\\u1E16\\u0114\\u0116\\u00CB\\u1EBA\\u011A\\u0204\\u0206\\u1EB8\\u1EC6\\u0228\\u1E1C\\u0118\\u1E18\\u1E1A\\u0190\\u018E]","F":"[\\u0046\\u24BB\\uFF26\\u1E1E\\u0191\\uA77B]","G":"[\\u0047\\u24BC\\uFF27\\u01F4\\u011C\\u1E20\\u011E\\u0120\\u01E6\\u0122\\u01E4\\u0193\\uA7A0\\uA77D\\uA77E]","H":"[\\u0048\\u24BD\\uFF28\\u0124\\u1E22\\u1E26\\u021E\\u1E24\\u1E28\\u1E2A\\u0126\\u2C67\\u2C75\\uA78D]","I":"[\\u0049\\u24BE\\uFF29\\u00CC\\u00CD\\u00CE\\u0128\\u012A\\u012C\\u0130\\u00CF\\u1E2E\\u1EC8\\u01CF\\u0208\\u020A\\u1ECA\\u012E\\u1E2C\\u0197]","J":"[\\u004A\\u24BF\\uFF2A\\u0134\\u0248]","K":"[\\u004B\\u24C0\\uFF2B\\u1E30\\u01E8\\u1E32\\u0136\\u1E34\\u0198\\u2C69\\uA740\\uA742\\uA744\\uA7A2]","L":"[\\u004C\\u24C1\\uFF2C\\u013F\\u0139\\u013D\\u1E36\\u1E38\\u013B\\u1E3C\\u1E3A\\u0141\\u023D\\u2C62\\u2C60\\uA748\\uA746\\uA780]","LJ":"[\\u01C7]","Lj":"[\\u01C8]","M":"[\\u004D\\u24C2\\uFF2D\\u1E3E\\u1E40\\u1E42\\u2C6E\\u019C]","N":"[\\u004E\\u24C3\\uFF2E\\u01F8\\u0143\\u00D1\\u1E44\\u0147\\u1E46\\u0145\\u1E4A\\u1E48\\u0220\\u019D\\uA790\\uA7A4]","NJ":"[\\u01CA]","Nj":"[\\u01CB]","O":"[\\u004F\\u24C4\\uFF2F\\u00D2\\u00D3\\u00D4\\u1ED2\\u1ED0\\u1ED6\\u1ED4\\u00D5\\u1E4C\\u022C\\u1E4E\\u014C\\u1E50\\u1E52\\u014E\\u022E\\u0230\\u00D6\\u022A\\u1ECE\\u0150\\u01D1\\u020C\\u020E\\u01A0\\u1EDC\\u1EDA\\u1EE0\\u1EDE\\u1EE2\\u1ECC\\u1ED8\\u01EA\\u01EC\\u00D8\\u01FE\\u0186\\u019F\\uA74A\\uA74C]","OI":"[\\u01A2]","OO":"[\\uA74E]","OU":"[\\u0222]","P":"[\\u0050\\u24C5\\uFF30\\u1E54\\u1E56\\u01A4\\u2C63\\uA750\\uA752\\uA754]","Q":"[\\u0051\\u24C6\\uFF31\\uA756\\uA758\\u024A]","R":"[\\u0052\\u24C7\\uFF32\\u0154\\u1E58\\u0158\\u0210\\u0212\\u1E5A\\u1E5C\\u0156\\u1E5E\\u024C\\u2C64\\uA75A\\uA7A6\\uA782]","S":"[\\u0053\\u24C8\\uFF33\\u1E9E\\u015A\\u1E64\\u015C\\u1E60\\u0160\\u1E66\\u1E62\\u1E68\\u0218\\u015E\\u2C7E\\uA7A8\\uA784]","T":"[\\u0054\\u24C9\\uFF34\\u1E6A\\u0164\\u1E6C\\u021A\\u0162\\u1E70\\u1E6E\\u0166\\u01AC\\u01AE\\u023E\\uA786]","TZ":"[\\uA728]","U":"[\\u0055\\u24CA\\uFF35\\u00D9\\u00DA\\u00DB\\u0168\\u1E78\\u016A\\u1E7A\\u016C\\u00DC\\u01DB\\u01D7\\u01D5\\u01D9\\u1EE6\\u016E\\u0170\\u01D3\\u0214\\u0216\\u01AF\\u1EEA\\u1EE8\\u1EEE\\u1EEC\\u1EF0\\u1EE4\\u1E72\\u0172\\u1E76\\u1E74\\u0244]","V":"[\\u0056\\u24CB\\uFF36\\u1E7C\\u1E7E\\u01B2\\uA75E\\u0245]","VY":"[\\uA760]","W":"[\\u0057\\u24CC\\uFF37\\u1E80\\u1E82\\u0174\\u1E86\\u1E84\\u1E88\\u2C72]","X":"[\\u0058\\u24CD\\uFF38\\u1E8A\\u1E8C]","Y":"[\\u0059\\u24CE\\uFF39\\u1EF2\\u00DD\\u0176\\u1EF8\\u0232\\u1E8E\\u0178\\u1EF6\\u1EF4\\u01B3\\u024E\\u1EFE]","Z":"[\\u005A\\u24CF\\uFF3A\\u0179\\u1E90\\u017B\\u017D\\u1E92\\u1E94\\u01B5\\u0224\\u2C7F\\u2C6B\\uA762]","a":"[\\u0061\\u24D0\\uFF41\\u1E9A\\u00E0\\u00E1\\u00E2\\u1EA7\\u1EA5\\u1EAB\\u1EA9\\u00E3\\u0101\\u0103\\u1EB1\\u1EAF\\u1EB5\\u1EB3\\u0227\\u01E1\\u00E4\\u01DF\\u1EA3\\u00E5\\u01FB\\u01CE\\u0201\\u0203\\u1EA1\\u1EAD\\u1EB7\\u1E01\\u0105\\u2C65\\u0250]","aa":"[\\uA733]","ae":"[\\u00E6\\u01FD\\u01E3]","ao":"[\\uA735]","au":"[\\uA737]","av":"[\\uA739\\uA73B]","ay":"[\\uA73D]","b":"[\\u0062\\u24D1\\uFF42\\u1E03\\u1E05\\u1E07\\u0180\\u0183\\u0253]","c":"[\\u0063\\u24D2\\uFF43\\u0107\\u0109\\u010B\\u010D\\u00E7\\u1E09\\u0188\\u023C\\uA73F\\u2184]","d":"[\\u0064\\u24D3\\uFF44\\u1E0B\\u010F\\u1E0D\\u1E11\\u1E13\\u1E0F\\u0111\\u018C\\u0256\\u0257\\uA77A]","dz":"[\\u01F3\\u01C6]","e":"[\\u0065\\u24D4\\uFF45\\u00E8\\u00E9\\u00EA\\u1EC1\\u1EBF\\u1EC5\\u1EC3\\u1EBD\\u0113\\u1E15\\u1E17\\u0115\\u0117\\u00EB\\u1EBB\\u011B\\u0205\\u0207\\u1EB9\\u1EC7\\u0229\\u1E1D\\u0119\\u1E19\\u1E1B\\u0247\\u025B\\u01DD]","f":"[\\u0066\\u24D5\\uFF46\\u1E1F\\u0192\\uA77C]","g":"[\\u0067\\u24D6\\uFF47\\u01F5\\u011D\\u1E21\\u011F\\u0121\\u01E7\\u0123\\u01E5\\u0260\\uA7A1\\u1D79\\uA77F]","h":"[\\u0068\\u24D7\\uFF48\\u0125\\u1E23\\u1E27\\u021F\\u1E25\\u1E29\\u1E2B\\u1E96\\u0127\\u2C68\\u2C76\\u0265]","hv":"[\\u0195]","i":"[\\u0069\\u24D8\\uFF49\\u00EC\\u00ED\\u00EE\\u0129\\u012B\\u012D\\u00EF\\u1E2F\\u1EC9\\u01D0\\u0209\\u020B\\u1ECB\\u012F\\u1E2D\\u0268\\u0131]","j":"[\\u006A\\u24D9\\uFF4A\\u0135\\u01F0\\u0249]","k":"[\\u006B\\u24DA\\uFF4B\\u1E31\\u01E9\\u1E33\\u0137\\u1E35\\u0199\\u2C6A\\uA741\\uA743\\uA745\\uA7A3]","l":"[\\u006C\\u24DB\\uFF4C\\u0140\\u013A\\u013E\\u1E37\\u1E39\\u013C\\u1E3D\\u1E3B\\u017F\\u0142\\u019A\\u026B\\u2C61\\uA749\\uA781\\uA747]","lj":"[\\u01C9]","m":"[\\u006D\\u24DC\\uFF4D\\u1E3F\\u1E41\\u1E43\\u0271\\u026F]","n":"[\\u006E\\u24DD\\uFF4E\\u01F9\\u0144\\u00F1\\u1E45\\u0148\\u1E47\\u0146\\u1E4B\\u1E49\\u019E\\u0272\\u0149\\uA791\\uA7A5]","nj":"[\\u01CC]","o":"[\\u006F\\u24DE\\uFF4F\\u00F2\\u00F3\\u00F4\\u1ED3\\u1ED1\\u1ED7\\u1ED5\\u00F5\\u1E4D\\u022D\\u1E4F\\u014D\\u1E51\\u1E53\\u014F\\u022F\\u0231\\u00F6\\u022B\\u1ECF\\u0151\\u01D2\\u020D\\u020F\\u01A1\\u1EDD\\u1EDB\\u1EE1\\u1EDF\\u1EE3\\u1ECD\\u1ED9\\u01EB\\u01ED\\u00F8\\u01FF\\u0254\\uA74B\\uA74D\\u0275]","oi":"[\\u01A3]","ou":"[\\u0223]","oo":"[\\uA74F]","p":"[\\u0070\\u24DF\\uFF50\\u1E55\\u1E57\\u01A5\\u1D7D\\uA751\\uA753\\uA755]","q":"[\\u0071\\u24E0\\uFF51\\u024B\\uA757\\uA759]","r":"[\\u0072\\u24E1\\uFF52\\u0155\\u1E59\\u0159\\u0211\\u0213\\u1E5B\\u1E5D\\u0157\\u1E5F\\u024D\\u027D\\uA75B\\uA7A7\\uA783]","s":"[\\u0073\\u24E2\\uFF53\\u015B\\u1E65\\u015D\\u1E61\\u0161\\u1E67\\u1E63\\u1E69\\u0219\\u015F\\u023F\\uA7A9\\uA785\\u1E9B]","ss":"[\\u00DF]","t":"[\\u0074\\u24E3\\uFF54\\u1E6B\\u1E97\\u0165\\u1E6D\\u021B\\u0163\\u1E71\\u1E6F\\u0167\\u01AD\\u0288\\u2C66\\uA787]","tz":"[\\uA729]","u":"[\\u0075\\u24E4\\uFF55\\u00F9\\u00FA\\u00FB\\u0169\\u1E79\\u016B\\u1E7B\\u016D\\u00FC\\u01DC\\u01D8\\u01D6\\u01DA\\u1EE7\\u016F\\u0171\\u01D4\\u0215\\u0217\\u01B0\\u1EEB\\u1EE9\\u1EEF\\u1EED\\u1EF1\\u1EE5\\u1E73\\u0173\\u1E77\\u1E75\\u0289]","v":"[\\u0076\\u24E5\\uFF56\\u1E7D\\u1E7F\\u028B\\uA75F\\u028C]","vy":"[\\uA761]","w":"[\\u0077\\u24E6\\uFF57\\u1E81\\u1E83\\u0175\\u1E87\\u1E85\\u1E98\\u1E89\\u2C73]","x":"[\\u0078\\u24E7\\uFF58\\u1E8B\\u1E8D]","y":"[\\u0079\\u24E8\\uFF59\\u1EF3\\u00FD\\u0177\\u1EF9\\u0233\\u1E8F\\u00FF\\u1EF7\\u1E99\\u1EF5\\u01B4\\u024F\\u1EFF]","z":"[\\u007A\\u24E9\\uFF5A\\u017A\\u1E91\\u017C\\u017E\\u1E93\\u1E95\\u01B6\\u0225\\u0240\\u2C6C\\uA763]"},"researchesTests":["contentHasTOC","contentHasShortParagraphs","contentHasAssets","keywordInTitle","keywordInMetaDescription","keywordInPermalink","keywordIn10Percent","keywordInContent","keywordInSubheadings","keywordInImageAlt","keywordDensity","keywordNotUsed","lengthContent","lengthPermalink","linksHasInternal","linksHasExternals","linksNotAllExternals","titleStartWithKeyword","titleSentiment","titleHasPowerWords","titleHasNumber","hasContentAI"],"hasRedirection":true,"hasBreadcrumb":false},"homeUrl":"https:\/\/onlinebettingspace.com\/sk\/","objectID":2441,"objectType":"post","locale":"sk","localeFull":"sk_SK","overlayImages":{"play":{"name":"Play icon","url":"https:\/\/onlinebettingspace.com\/wp-content\/plugins\/seo-by-rank-math\/assets\/admin\/img\/icon-play.png","path":"\/home\/SuperAdmin\/web\/onlinebettingspace.com\/public_html\/wp-content\/plugins\/seo-by-rank-math\/assets\/admin\/img\/icon-play.png","position":"middle_center"},"gif":{"name":"GIF icon","url":"https:\/\/onlinebettingspace.com\/wp-content\/plugins\/seo-by-rank-math\/assets\/admin\/img\/icon-gif.png","path":"\/home\/SuperAdmin\/web\/onlinebettingspace.com\/public_html\/wp-content\/plugins\/seo-by-rank-math\/assets\/admin\/img\/icon-gif.png","position":"middle_center"}},"defautOgImage":"https:\/\/onlinebettingspace.com\/wp-content\/uploads\/2022\/04\/OBS-FULL-LOGO.webp","customPermalinks":true,"isUserRegistered":true,"autoSuggestKeywords":true,"connectSiteUrl":"https:\/\/rankmath.com\/auth?site=https%3A%2F%2Fonlinebettingspace.com%2Fsk%2F&r=https%3A%2F%2Fonlinebettingspace.com%2Fsk%2Fwp-json%2Fwp%2Fv2%2Fpages%2F2441%3Fnonce%3Dd9823ad770","maxTags":5,"trendsIcon":"<svg viewBox=\"0 0 610 610\"><path d=\"M18.85,446,174.32,290.48l58.08,58.08L76.93,504a14.54,14.54,0,0,1-20.55,0L18.83,466.48a14.54,14.54,0,0,1,0-20.55Z\" style=\"fill:#4285f4\"\/><path d=\"M242.65,242.66,377.59,377.6l-47.75,47.75a14.54,14.54,0,0,1-20.55,0L174.37,290.43l47.75-47.75A14.52,14.52,0,0,1,242.65,242.66Z\" style=\"fill:#ea4335\"\/><polygon points=\"319.53 319.53 479.26 159.8 537.34 217.88 377.61 377.62 319.53 319.53\" style=\"fill:#fabb05\"\/><path d=\"M594.26,262.73V118.61h0a16.94,16.94,0,0,0-16.94-16.94H433.2a16.94,16.94,0,0,0-12,28.92L565.34,274.71h0a16.94,16.94,0,0,0,28.92-12Z\" style=\"fill:#34a853\"\/><rect width=\"610\" height=\"610\" style=\"fill:none\"\/><\/svg>","showScore":true,"siteFavIcon":"https:\/\/onlinebettingspace.com\/wp-content\/uploads\/2022\/04\/OBS-LOGO-1.webp","canUser":{"general":false,"advanced":false,"snippet":false,"social":false,"analysis":false,"analytics":false,"content_ai":false},"showKeywordIntent":true,"isPro":false,"is_front_page":false,"trendsUpgradeLink":"https:\/\/rankmath.com\/pricing\/?utm_source=Plugin&utm_medium=CE%20General%20Tab%20Trends&utm_campaign=WP","trendsUpgradeLabel":"Upgrade","trendsPreviewImage":"https:\/\/onlinebettingspace.com\/wp-content\/plugins\/seo-by-rank-math\/assets\/admin\/img\/trends-preview.jpg","currentEditor":false,"homepageData":{"assessor":{"powerWords":[],"diacritics":true,"researchesTests":["contentHasTOC","contentHasShortParagraphs","contentHasAssets","keywordInTitle","keywordInMetaDescription","keywordInPermalink","keywordIn10Percent","keywordInContent","keywordInSubheadings","keywordInImageAlt","keywordDensity","keywordNotUsed","lengthContent","lengthPermalink","linksHasInternal","linksHasExternals","linksNotAllExternals","titleStartWithKeyword","titleSentiment","titleHasPowerWords","titleHasNumber","hasContentAI"],"hasBreadcrumb":false,"serpData":{"title":"%sitename% %page% %sep% %sitedesc%","description":"","titleTemplate":"%sitename% %page% %sep% %sitedesc%","descriptionTemplate":"","focusKeywords":"","breadcrumbTitle":"Home","robots":{"index":true},"advancedRobots":[],"facebookTitle":"","facebookDescription":"","facebookImage":"","facebookImageID":""}}},"tocTitle":"Table of Contents","tocExcludeHeadings":[],"listStyle":"ul"},"_links":{"self":[{"href":"https:\/\/onlinebettingspace.com\/sk\/wp-json\/wp\/v2\/pages\/2441","targetHints":{"allow":["GET"]}}],"collection":[{"href":"https:\/\/onlinebettingspace.com\/sk\/wp-json\/wp\/v2\/pages"}],"about":[{"href":"https:\/\/onlinebettingspace.com\/sk\/wp-json\/wp\/v2\/types\/page"}],"author":[{"embeddable":true,"href":"https:\/\/onlinebettingspace.com\/sk\/wp-json\/wp\/v2\/users\/1"}],"replies":[{"embeddable":true,"href":"https:\/\/onlinebettingspace.com\/sk\/wp-json\/wp\/v2\/comments?post=2441"}],"version-history":[{"count":0,"href":"https:\/\/onlinebettingspace.com\/sk\/wp-json\/wp\/v2\/pages\/2441\/revisions"}],"up":[{"embeddable":true,"href":"https:\/\/onlinebettingspace.com\/sk\/wp-json\/wp\/v2\/pages\/2438"}],"wp:attachment":[{"href":"https:\/\/onlinebettingspace.com\/sk\/wp-json\/wp\/v2\/media?parent=2441"}],"curies":[{"name":"wp","href":"https:\/\/api.w.org\/{rel}","templated":true}]}}