{"id":2426,"date":"2022-08-19T01:57:32","date_gmt":"2022-08-18T22:57:32","guid":{"rendered":"https:\/\/onlinebettingspace.com\/?page_id=2426"},"modified":"2022-08-19T01:57:32","modified_gmt":"2022-08-18T22:57:32","slug":"baccarat","status":"publish","type":"page","link":"https:\/\/onlinebettingspace.com\/sk\/baccarat\/","title":{"rendered":"BACCARAT"},"content":{"rendered":"<section class=\"l-section wpb_row height_medium\"><div class=\"l-section-h i-cf\"><div class=\"g-cols vc_row via_flex valign_top type_default stacking_default\"><div class=\"vc_col-sm-12 wpb_column vc_column_container\"><div class=\"vc_column-inner\"><div class=\"wpb_wrapper\"><div class=\"wpb_text_column\"><div class=\"wpb_wrapper\"><h1>ZAUJ\u00cdMAV\u00c1 HRA BACCARAT<\/h1>\n<p>Baccarat (m\u00f4\u017eete sa stretn\u00fa\u0165 aj s\u00a0posloven\u010den\u00fdm n\u00e1zvom bakarat, v\u00a0preklade bankrot alebo zbakrotova\u0165) ob\u013e\u00fabenou a\u00a0vyh\u013ead\u00e1vanou kas\u00ednovou hrou kartov\u00e9ho typu.<\/p>\n<div>\n<div class=\"readMore\">\n<p>Je to jedna z\u00a0najstar\u0161\u00edch kas\u00ednov\u00fdch hier v\u00f4bec, ktorej prvopo\u010diatky siahaj\u00fa a\u017e do p\u00e4tn\u00e1steho storo\u010dia. Dlhodob\u00fa popularitu baccaratu zais\u0165uje fakt, \u017ee je to z\u00a0poh\u013eadu hr\u00e1\u010da z\u00a0dlhodob\u00e9ho h\u013eadiska najv\u00fdnosnej\u0161ia a\u00a0z\u00a0poh\u013eadu kas\u00edna najmenej v\u00fdnosn\u00e1 hra, ke\u010f\u017ee jeho mar\u017ea \u010din\u00ed okolo 1.5%. V\u00a0porovnan\u00ed s\u00a0napr\u00edklad hrac\u00edmi automatmi (aj vy\u0161e 4%) \u010di ruletou (5%) je to v\u00fdrazn\u00fd rozdiel.<\/p>\n<p>\u010eal\u0161\u00edm d\u00f4vodom, ktor\u00fd rob\u00ed z\u00a0baccaratu tak ob\u013e\u00faben\u00fa\u00a0<a href=\"\/sk\/casino-hry\" data-track=\"\">kas\u00ednov\u00fa hru<\/a>, s\u00fa jeho \u00fa\u017easne otvoren\u00e9 mo\u017enosti pre hru. Baccarat si m\u00f4\u017eete zahra\u0165 za p\u00e1r drobn\u00fdch, rovnako aj o\u00a0astronomick\u00e9 sumy. Za\u013e\u00fabenie v\u00a0\u0148om teda n\u00e1jdu micro-stakes hr\u00e1\u010di i\u00a0High Rolleri. Navy\u0161e, baccarat je hrou, v\u00a0ktorej o\u00a0v\u0161etkom nerozhoduje len n\u00e1hoda, ako pri automatoch, ale aj to, \u010do by sme mohli ozna\u010di\u0165 za strat\u00e9giu. Dnes v\u00e1m t\u00fato vzru\u0161uj\u00facu kas\u00ednov\u00fa hru predstav\u00edme bli\u017e\u0161ie, nau\u010d\u00edme v\u00e1s pravidl\u00e1, uk\u00e1\u017eeme V\u00e1m, kde si baccarat m\u00f4\u017eete zahra\u0165 a\u00a0z\u00edska\u0165 k\u00a0tomu aj skvel\u00fd bonus.<\/p>\n<p>Ak m\u00e1te z\u00e1ujem zahra\u0165 si baccarat, odpor\u00fa\u010dame v\u00e1m vybra\u0165 si jedno z najlep\u0161ie hodnoten\u00fdch kas\u00edn, ktor\u00e9 prezentujeme na na\u0161ej str\u00e1nke.<\/p>\n<h2>V\u00ddHODY HRANIA ONLINE BACCARATU<\/h2>\n<p>Priznajme si to. Online kas\u00ednov\u00e9 hry nehr\u00e1me len pre to, aby sme si zahrali, ale hlavne pre to, aby sme vyhrali. A\u00a0to je d\u00f4vodom, pre\u010do hra\u0165 baccarat? Pre\u010do ho hra\u0165 online? Hr\u00e1te z\u00a0domova, nevpl\u00fdvaj\u00fa na v\u00e1s ruchy, zvuk, ostr\u00e9 svetlo, kl\u00edma a\u00a0mno\u017estvo \u010dinite\u013eov.<\/p>\n<p>Navy\u0161e, hra\u0165 online baccarat v\u00a0online kas\u00edne znamen\u00e1 mo\u017enos\u0165 z\u00edska\u0165 k\u00a0hraniu vkladov\u00fd casino bonus a\u00a0ten sa pok\u00fasi\u0165 rozmno\u017ei\u0165 pr\u00e1ve napr\u00edklad na baccaratov\u00fdch stoloch. Predov\u0161etk\u00fdm n\u00edzka v\u00fdhoda na strane kas\u00edna, ktor\u00e1 sa m\u00f4\u017ee dokonca \u201epreklopi\u0165\u201c na va\u0161u stranu, rob\u00ed z\u00a0baccaratu jednu z\u00a0najpopul\u00e1rnej\u0161\u00edch kas\u00ednov\u00fdch hier v\u00f4bec.<\/p>\n<h2>STRAT\u00c9GIE PRE BACCARAT<\/h2>\n<p>Ako napr\u00edklad poker i\u00a0baccarat existuje vo viacer\u00fdch variantoch \u2013\u00a0<em>Punto Banco<\/em>,\u00a0<em>Chemin de Fer<\/em>\u00a0a\u00a0<em>Banque<\/em>. Jednotliv\u00e9 varianty sa od seba l\u00ed\u0161ia v\u00a0tom, i\u00a0a\u00a0za ak\u00fdch podmienok d\u00e1vaj\u00fa hr\u00e1\u010dom mo\u017enos\u0165 \u0165aha\u0165 alebo ne\u0165aha\u0165 kartu. Cie\u013eom v\u00a0tejto hre je uh\u00e1dnu\u0165, ako skon\u010d\u00ed hra. Mo\u017enosti s\u00fa tri \u2013 v\u00ed\u0165azstvom hr\u00e1\u010da, v\u00ed\u0165azstvom bank\u00e9ra (fikt\u00edvneho hr\u00e1\u010da) alebo rem\u00edzou.<\/p>\n<p>K\u013e\u00fa\u010dom k\u00a0porozumeniu baccaratu je porozumenie tomu, ako sa v\u00a0\u0148om po\u010d\u00edtaj\u00fa hodnoty kariet. V\u0161etky \u010d\u00edseln\u00e9 kartov\u00e9 kombin\u00e1cie od 2 \u2013 9 maj\u00fa hodnotu tak\u00fa, ak\u00e1 je zobrazen\u00e1 na karte. Teda ak dostanete 4 a\u00a03 (bez oh\u013eadu na farbu), s\u00fa\u010det va\u0161ich kariet je 7. V\u0161etky karty od desiatky vy\u0161\u0161ie \u2013 10, J, Q, K \u2013 maj\u00fa hodnotu 0 a\u00a0v\u0161etky es\u00e1 (A) maj\u00fa hodnotu 1.<\/p>\n<p>Cie\u013eom hry v\u00a0baccarate je dosiahnu\u0165 hodnotu \u010do najbli\u017e\u0161iu k\u00a0\u010d\u00edslu 9. T\u00e1 sa d\u00e1 dosiahnu\u0165 r\u00f4znymi dvojkombin\u00e1ciami kariet ako napr\u00edklad 6 a\u00a03, 10 a\u00a09, K\u00a0a\u00a09, A\u00a0a\u00a08 a\u00a0podobne. Hru vyhr\u00e1va ten hr\u00e1\u010d, ktor\u00e9ho s\u00fa\u010det hodn\u00f4t kariet bude najbli\u017e\u0161\u00ed tomuto \u010d\u00edslu. Od toho, ak\u00fd bude s\u00fa\u010det kariet oboch hr\u00e1\u010dov a\u00a0od varianty baccaratu z\u00e1vis\u00ed potom to, \u010di sa bude alebo nebude \u0165aha\u0165 aj tretia karta.<\/p>\n<h2>VARIANTY BACCARATU<\/h2>\n<p>Tromi najpopul\u00e1rnej\u0161\u00edmi (nie v\u0161ak v\u0161etk\u00fdmi variantami!) baccaratu s\u00fa Punto Banco, Chemin de Fer a\u00a0Banque. Ke\u010f sa povie Baccarat, tak si automaticky pod n\u00edm ka\u017ed\u00fd predstav\u00ed Bunto Banco. Deje sa tak predov\u0161etk\u00fdm v\u00a0z\u00e1mor\u00ed, v\u00a0\u010d\u00ednskom Macau alebo v\u00a0niektor\u00fdch eur\u00f3pskych krajin\u00e1ch, kde je Punto Banco najroz\u0161\u00edrenej\u0161ou variantou baccaratu.<\/p>\n<p>Punto Banco Baccarat sa hr\u00e1 s\u00a0\u00f4smimi bal\u00ed\u010dkami kariet zmie\u0161an\u00fdmi dohromady. Punto Banco m\u00e1 presne ur\u010den\u00e9, za ak\u00fdch okolnost\u00ed mus\u00ed hr\u00e1\u010d \u0165aha\u0165 kartu a\u00a0za ak\u00fdch tak mus\u00ed urobi\u0165 bank\u00e1r. Hr\u00e1\u010d tak mus\u00ed u\u010dini\u0165 v\u00a0pr\u00edpade, \u017ee s\u00fa\u010det jeho kariet je 0-5. V\u017edy sa prihliada k\u00a0tomu, ak\u00fd s\u00fa\u010det kariet m\u00e1 protihr\u00e1\u010d a\u00a0to determinuje postup v\u00a0hre.<\/p>\n<p>Chemin de Fer je ozna\u010dovan\u00e1 aj ako \u201ebondovsk\u00fd\u201c baccarat. Hlavn\u00fd rozdiel oproti Punto Banco je v\u00a0tom, \u017ee hr\u00e1\u010d(i) maj\u00fa mo\u017enos\u0165 vo\u013eby. V\u00a0pr\u00edpade, \u017ee s\u00fa\u010det kariet je od 0-5, m\u00f4\u017eu ale nemusia \u0165aha\u0165 tretiu kartu. Matematick\u00e1 strat\u00e9gia rad\u00ed bra\u0165 si kartu v\u00a0pr\u00edpade s\u00fa\u010dtu od 0-4 a\u00a0nebra\u0165 v\u00a0pr\u00edpade, \u017ee je s\u00fa\u010det 5-7.<\/p>\n<p>Banque Baccarat sa od predch\u00e1dzaj\u00facich baccaratov l\u00ed\u0161i v\u00a0tom, \u017ee v\u00a0\u0148om hr\u00e1 bank\u00e1r, ktor\u00fd s\u00a0jedinou kombin\u00e1ciou hr\u00e1 proti hr\u00e1\u010dom na nie jednom, ale dvoch stoloch. Podobne ako pri Chemin de Fer, i\u00a0tu maj\u00fa hr\u00e1\u010di mo\u017enos\u0165 vo\u013eby v\u00a0pr\u00edpade, \u017ee s\u00fa\u010det hodn\u00f4t ich prv\u00fdch dvoch kariet je medzi 0-5.<\/p>\n<h2>5 TIPOV AKO NA BACCARAT<\/h2>\n<p>Chcete uspie\u0165 v\u00a0online baccarate? Osvojte si na\u0161e tipy!<\/p>\n<p><strong>Nevs\u00e1dzajte na rem\u00edzu<\/strong><\/p>\n<p>V\u00a0baccarate nast\u00e1va rem\u00edza v\u00a0jednom zo siedmich pr\u00edpadoch, teda len v\u00a0nie\u010do vy\u0161e \u0161trn\u00e1stich percent\u00e1ch pr\u00edpadov. \u010cisto matematicky, je viac pravdepodobn\u00e9, \u017ee vyhr\u00e1 hr\u00e1\u010d. Kas\u00edna v\u00e4\u010d\u0161inou za rem\u00edzu vypl\u00e1caj\u00fa 9-n\u00e1sobok st\u00e1vky, \u010do v\u00e1m v\u0161ak v\u00a0dlhodobom horizonte nepokryje ani va\u0161e invest\u00edcie (st\u00e1vky).<\/p>\n<p><strong>Vsa\u010fte na bank\u00e1ra<\/strong><\/p>\n<p>To najlep\u0161ie, \u010do m\u00f4\u017eete urobi\u0165 so svojimi peniazmi je vsadi\u0165 na bank\u00e1ra. Bank\u00e1r m\u00e1 mal\u00fa, ale predsa nejak\u00fa v\u00fdhodu, v\u00a0porovnan\u00ed s\u00a0hr\u00e1\u010dom. Matematicky, bank\u00e1r vyhr\u00e1va v\u00a050.68% pr\u00edpadov, k\u00fdm hr\u00e1\u010d \u201elen\u201c v\u00a049.32% pr\u00edpadoch, \u010do je o\u00a0percento menej.<\/p>\n<p><strong>Zabudnite na patterny<\/strong><\/p>\n<p>V\u00a0baccarate sa ve\u013ea hovor\u00ed o\u00a0takzvan\u00fdch patternoch, teda vzorcoch. To, \u017ee \u0161es\u0165 hier za sebou vyhral hr\u00e1\u010d \u010di bank\u00e1r, neznamen\u00e1, \u017ee vyhr\u00e1 aj siedmi. Ka\u017ed\u00e1 jedna hra baccaratu je hrou sama o\u00a0sebe, uzavret\u00fdm elementom, a\u00a0preto sa z\u00a0dlhodob\u00e9ho h\u013eadiska oplat\u00ed st\u00e1le vs\u00e1dza\u0165 na bank\u00e1ra, bez oh\u013eadu na patterny a\u00a0moment\u00e1lne s\u00e9rie.<\/p>\n<p><strong>Po\u010det kariet rozhoduje<\/strong><\/p>\n<p>Va\u0161e \u0161ance ovplyv\u0148uje i\u00a0po\u010det kariet, s\u00a0ktor\u00fdmi sa dan\u00fd baccarat hr\u00e1. Ak sa hr\u00e1 s\u00a0jedin\u00fdm bal\u00edkom kariet (\u010do je sk\u00f4r vz\u00e1cnos\u0165ou), vsa\u010fte na hr\u00e1\u010da. Ak sa hr\u00e1 so \u0161iestimi \u010di \u00f4smimi bal\u00ed\u010dkami kariet a\u00a0teda re\u00e1lne so stovkami kariet, vsa\u010fte v\u017edy na bank\u00e1ra.<\/p>\n<p><strong>Baccarat je marat\u00f3n, nie \u0161print<\/strong><\/p>\n<p>Baccarat je hrou pre trpezliv\u00fdch, ke\u010f\u017ee jeho hmatate\u013en\u00e9 v\u00fdsledky sa dostavuj\u00fa a\u017e po hodin\u00e1ch hry. Pri automate m\u00f4\u017eete vyhra\u0165 mili\u00f3n eur za p\u00e1r min\u00fat, pri baccarate za ove\u013ea dlh\u0161\u00ed \u010das. Odmenou za va\u0161u trpezlivos\u0165 v\u00e1m bud\u00fa men\u0161ie v\u00fdkyvy a\u00a0v\u00e4\u010d\u0161ie v\u00fdhry v\u00a0dlhodobom horizonte.<\/p>\n<h2>Z\u00c1VER<\/h2>\n<p>Hoci pravidl\u00e1 baccaratu s\u00fa o\u00a0nie\u010do zlo\u017eitej\u0161ie, ne\u017e pre niektor\u00e9 in\u00e9 kas\u00ednov\u00e9 hry, n\u00edzka v\u00fdhoda na strane kas\u00edna (tzv. house edge) by v\u00e1s mala in\u0161pirova\u0165 k\u00a0tomu, aby ste investovali svoj \u010das pr\u00e1ve do baccaratu. Va\u0161a pe\u0148a\u017eenka sa v\u00e1m za to v\u00a0bud\u00facnosti ur\u010dite po\u010fakuje!<\/p>\n<\/div>\n<\/div>\n<\/div><\/div><\/div><\/div><\/div><\/div><\/div><\/section>\n","protected":false},"excerpt":{"rendered":"ZAUJ\u00cdMAV\u00c1 HRA BACCARAT Baccarat (m\u00f4\u017eete sa stretn\u00fa\u0165 aj s\u00a0posloven\u010den\u00fdm n\u00e1zvom bakarat, v\u00a0preklade bankrot alebo zbakrotova\u0165) ob\u013e\u00fabenou a\u00a0vyh\u013ead\u00e1vanou kas\u00ednovou hrou kartov\u00e9ho typu. Je to jedna z\u00a0najstar\u0161\u00edch kas\u00ednov\u00fdch hier v\u00f4bec, ktorej prvopo\u010diatky siahaj\u00fa a\u017e do p\u00e4tn\u00e1steho storo\u010dia. Dlhodob\u00fa popularitu baccaratu zais\u0165uje fakt, \u017ee je to z\u00a0poh\u013eadu hr\u00e1\u010da z\u00a0dlhodob\u00e9ho h\u013eadiska najv\u00fdnosnej\u0161ia a\u00a0z\u00a0poh\u013eadu kas\u00edna najmenej v\u00fdnosn\u00e1 hra, ke\u010f\u017ee jeho...","protected":false},"author":1,"featured_media":0,"parent":0,"menu_order":0,"comment_status":"closed","ping_status":"closed","template":"","meta":{"_acf_changed":false,"footnotes":""},"class_list":["post-2426","page","type-page","status-publish","hentry"],"acf":[],"rankMath":{"parentDomain":"onlinebettingspace.com","noFollowDomains":[],"noFollowExcludeDomains":[],"noFollowExternalLinks":false,"featuredImageNotice":"The featured image should be at least 200 by 200 pixels to be picked up by Facebook and other social media sites.","pluginReviewed":true,"postSettings":{"linkSuggestions":true,"useFocusKeyword":false},"frontEndScore":false,"postName":"baccarat","permalinkFormat":"https:\/\/onlinebettingspace.com\/sk\/%pagename%\/","showLockModifiedDate":true,"assessor":{"focusKeywordLink":"https:\/\/onlinebettingspace.com\/wp-admin\/edit.php?focus_keyword=%focus_keyword%&post_type=%post_type%","hasTOCPlugin":false,"primaryTaxonomy":false,"serpData":{"title":"Online baccarat \u2013 Uh\u00e1dnite v\u00ed\u0165aza a vyhrajte! \u2013 onlinebettingspace.com","description":"Baccarat je hra, v ktorej m\u00e1 kas\u00edno najmen\u0161iu v\u00fdhodu. Nau\u010d\u00edme v\u00e1s ako hra\u0165 baccarat, odhal\u00edme v\u00e1m jeho pravidl\u00e1 a varianty a prid\u00e1me aj d\u00f4le\u017eit\u00e9 tipy, ako vyhra\u0165 v baccarate.","focusKeywords":"","pillarContent":false,"canonicalUrl":"","breadcrumbTitle":"","advancedRobots":[],"facebookTitle":"","facebookDescription":"","facebookImage":"","facebookImageID":"","facebookHasOverlay":false,"facebookImageOverlay":"","facebookAuthor":"","twitterCardType":"","twitterUseFacebook":true,"twitterTitle":"","twitterDescription":"","twitterImage":"","twitterImageID":"","twitterHasOverlay":false,"twitterImageOverlay":"","twitterPlayerUrl":"","twitterPlayerSize":"","twitterPlayerStream":"","twitterPlayerStreamCtype":"","twitterAppDescription":"","twitterAppIphoneName":"","twitterAppIphoneID":"","twitterAppIphoneUrl":"","twitterAppIpadName":"","twitterAppIpadID":"","twitterAppIpadUrl":"","twitterAppGoogleplayName":"","twitterAppGoogleplayID":"","twitterAppGoogleplayUrl":"","twitterAppCountry":"","robots":{"index":true},"twitterAuthor":"username","primaryTerm":0,"authorName":"OBSAdmin","titleTemplate":"%title% %sep% %sitename%","descriptionTemplate":"%excerpt%","showScoreFrontend":true,"lockModifiedDate":false},"powerWords":[],"diacritics":{"A":"[\\u0041\\u24B6\\uFF21\\u00C0\\u00C1\\u00C2\\u1EA6\\u1EA4\\u1EAA\\u1EA8\\u00C3\\u0100\\u0102\\u1EB0\\u1EAE\\u1EB4\\u1EB2\\u0226\\u01E0\\u00C4\\u01DE\\u1EA2\\u00C5\\u01FA\\u01CD\\u0200\\u0202\\u1EA0\\u1EAC\\u1EB6\\u1E00\\u0104\\u023A\\u2C6F]","AA":"[\\uA732]","AE":"[\\u00C6\\u01FC\\u01E2]","AO":"[\\uA734]","AU":"[\\uA736]","AV":"[\\uA738\\uA73A]","AY":"[\\uA73C]","B":"[\\u0042\\u24B7\\uFF22\\u1E02\\u1E04\\u1E06\\u0243\\u0182\\u0181]","C":"[\\u0043\\u24B8\\uFF23\\u0106\\u0108\\u010A\\u010C\\u00C7\\u1E08\\u0187\\u023B\\uA73E]","D":"[\\u0044\\u24B9\\uFF24\\u1E0A\\u010E\\u1E0C\\u1E10\\u1E12\\u1E0E\\u0110\\u018B\\u018A\\u0189\\uA779]","DZ":"[\\u01F1\\u01C4]","Dz":"[\\u01F2\\u01C5]","E":"[\\u0045\\u24BA\\uFF25\\u00C8\\u00C9\\u00CA\\u1EC0\\u1EBE\\u1EC4\\u1EC2\\u1EBC\\u0112\\u1E14\\u1E16\\u0114\\u0116\\u00CB\\u1EBA\\u011A\\u0204\\u0206\\u1EB8\\u1EC6\\u0228\\u1E1C\\u0118\\u1E18\\u1E1A\\u0190\\u018E]","F":"[\\u0046\\u24BB\\uFF26\\u1E1E\\u0191\\uA77B]","G":"[\\u0047\\u24BC\\uFF27\\u01F4\\u011C\\u1E20\\u011E\\u0120\\u01E6\\u0122\\u01E4\\u0193\\uA7A0\\uA77D\\uA77E]","H":"[\\u0048\\u24BD\\uFF28\\u0124\\u1E22\\u1E26\\u021E\\u1E24\\u1E28\\u1E2A\\u0126\\u2C67\\u2C75\\uA78D]","I":"[\\u0049\\u24BE\\uFF29\\u00CC\\u00CD\\u00CE\\u0128\\u012A\\u012C\\u0130\\u00CF\\u1E2E\\u1EC8\\u01CF\\u0208\\u020A\\u1ECA\\u012E\\u1E2C\\u0197]","J":"[\\u004A\\u24BF\\uFF2A\\u0134\\u0248]","K":"[\\u004B\\u24C0\\uFF2B\\u1E30\\u01E8\\u1E32\\u0136\\u1E34\\u0198\\u2C69\\uA740\\uA742\\uA744\\uA7A2]","L":"[\\u004C\\u24C1\\uFF2C\\u013F\\u0139\\u013D\\u1E36\\u1E38\\u013B\\u1E3C\\u1E3A\\u0141\\u023D\\u2C62\\u2C60\\uA748\\uA746\\uA780]","LJ":"[\\u01C7]","Lj":"[\\u01C8]","M":"[\\u004D\\u24C2\\uFF2D\\u1E3E\\u1E40\\u1E42\\u2C6E\\u019C]","N":"[\\u004E\\u24C3\\uFF2E\\u01F8\\u0143\\u00D1\\u1E44\\u0147\\u1E46\\u0145\\u1E4A\\u1E48\\u0220\\u019D\\uA790\\uA7A4]","NJ":"[\\u01CA]","Nj":"[\\u01CB]","O":"[\\u004F\\u24C4\\uFF2F\\u00D2\\u00D3\\u00D4\\u1ED2\\u1ED0\\u1ED6\\u1ED4\\u00D5\\u1E4C\\u022C\\u1E4E\\u014C\\u1E50\\u1E52\\u014E\\u022E\\u0230\\u00D6\\u022A\\u1ECE\\u0150\\u01D1\\u020C\\u020E\\u01A0\\u1EDC\\u1EDA\\u1EE0\\u1EDE\\u1EE2\\u1ECC\\u1ED8\\u01EA\\u01EC\\u00D8\\u01FE\\u0186\\u019F\\uA74A\\uA74C]","OI":"[\\u01A2]","OO":"[\\uA74E]","OU":"[\\u0222]","P":"[\\u0050\\u24C5\\uFF30\\u1E54\\u1E56\\u01A4\\u2C63\\uA750\\uA752\\uA754]","Q":"[\\u0051\\u24C6\\uFF31\\uA756\\uA758\\u024A]","R":"[\\u0052\\u24C7\\uFF32\\u0154\\u1E58\\u0158\\u0210\\u0212\\u1E5A\\u1E5C\\u0156\\u1E5E\\u024C\\u2C64\\uA75A\\uA7A6\\uA782]","S":"[\\u0053\\u24C8\\uFF33\\u1E9E\\u015A\\u1E64\\u015C\\u1E60\\u0160\\u1E66\\u1E62\\u1E68\\u0218\\u015E\\u2C7E\\uA7A8\\uA784]","T":"[\\u0054\\u24C9\\uFF34\\u1E6A\\u0164\\u1E6C\\u021A\\u0162\\u1E70\\u1E6E\\u0166\\u01AC\\u01AE\\u023E\\uA786]","TZ":"[\\uA728]","U":"[\\u0055\\u24CA\\uFF35\\u00D9\\u00DA\\u00DB\\u0168\\u1E78\\u016A\\u1E7A\\u016C\\u00DC\\u01DB\\u01D7\\u01D5\\u01D9\\u1EE6\\u016E\\u0170\\u01D3\\u0214\\u0216\\u01AF\\u1EEA\\u1EE8\\u1EEE\\u1EEC\\u1EF0\\u1EE4\\u1E72\\u0172\\u1E76\\u1E74\\u0244]","V":"[\\u0056\\u24CB\\uFF36\\u1E7C\\u1E7E\\u01B2\\uA75E\\u0245]","VY":"[\\uA760]","W":"[\\u0057\\u24CC\\uFF37\\u1E80\\u1E82\\u0174\\u1E86\\u1E84\\u1E88\\u2C72]","X":"[\\u0058\\u24CD\\uFF38\\u1E8A\\u1E8C]","Y":"[\\u0059\\u24CE\\uFF39\\u1EF2\\u00DD\\u0176\\u1EF8\\u0232\\u1E8E\\u0178\\u1EF6\\u1EF4\\u01B3\\u024E\\u1EFE]","Z":"[\\u005A\\u24CF\\uFF3A\\u0179\\u1E90\\u017B\\u017D\\u1E92\\u1E94\\u01B5\\u0224\\u2C7F\\u2C6B\\uA762]","a":"[\\u0061\\u24D0\\uFF41\\u1E9A\\u00E0\\u00E1\\u00E2\\u1EA7\\u1EA5\\u1EAB\\u1EA9\\u00E3\\u0101\\u0103\\u1EB1\\u1EAF\\u1EB5\\u1EB3\\u0227\\u01E1\\u00E4\\u01DF\\u1EA3\\u00E5\\u01FB\\u01CE\\u0201\\u0203\\u1EA1\\u1EAD\\u1EB7\\u1E01\\u0105\\u2C65\\u0250]","aa":"[\\uA733]","ae":"[\\u00E6\\u01FD\\u01E3]","ao":"[\\uA735]","au":"[\\uA737]","av":"[\\uA739\\uA73B]","ay":"[\\uA73D]","b":"[\\u0062\\u24D1\\uFF42\\u1E03\\u1E05\\u1E07\\u0180\\u0183\\u0253]","c":"[\\u0063\\u24D2\\uFF43\\u0107\\u0109\\u010B\\u010D\\u00E7\\u1E09\\u0188\\u023C\\uA73F\\u2184]","d":"[\\u0064\\u24D3\\uFF44\\u1E0B\\u010F\\u1E0D\\u1E11\\u1E13\\u1E0F\\u0111\\u018C\\u0256\\u0257\\uA77A]","dz":"[\\u01F3\\u01C6]","e":"[\\u0065\\u24D4\\uFF45\\u00E8\\u00E9\\u00EA\\u1EC1\\u1EBF\\u1EC5\\u1EC3\\u1EBD\\u0113\\u1E15\\u1E17\\u0115\\u0117\\u00EB\\u1EBB\\u011B\\u0205\\u0207\\u1EB9\\u1EC7\\u0229\\u1E1D\\u0119\\u1E19\\u1E1B\\u0247\\u025B\\u01DD]","f":"[\\u0066\\u24D5\\uFF46\\u1E1F\\u0192\\uA77C]","g":"[\\u0067\\u24D6\\uFF47\\u01F5\\u011D\\u1E21\\u011F\\u0121\\u01E7\\u0123\\u01E5\\u0260\\uA7A1\\u1D79\\uA77F]","h":"[\\u0068\\u24D7\\uFF48\\u0125\\u1E23\\u1E27\\u021F\\u1E25\\u1E29\\u1E2B\\u1E96\\u0127\\u2C68\\u2C76\\u0265]","hv":"[\\u0195]","i":"[\\u0069\\u24D8\\uFF49\\u00EC\\u00ED\\u00EE\\u0129\\u012B\\u012D\\u00EF\\u1E2F\\u1EC9\\u01D0\\u0209\\u020B\\u1ECB\\u012F\\u1E2D\\u0268\\u0131]","j":"[\\u006A\\u24D9\\uFF4A\\u0135\\u01F0\\u0249]","k":"[\\u006B\\u24DA\\uFF4B\\u1E31\\u01E9\\u1E33\\u0137\\u1E35\\u0199\\u2C6A\\uA741\\uA743\\uA745\\uA7A3]","l":"[\\u006C\\u24DB\\uFF4C\\u0140\\u013A\\u013E\\u1E37\\u1E39\\u013C\\u1E3D\\u1E3B\\u017F\\u0142\\u019A\\u026B\\u2C61\\uA749\\uA781\\uA747]","lj":"[\\u01C9]","m":"[\\u006D\\u24DC\\uFF4D\\u1E3F\\u1E41\\u1E43\\u0271\\u026F]","n":"[\\u006E\\u24DD\\uFF4E\\u01F9\\u0144\\u00F1\\u1E45\\u0148\\u1E47\\u0146\\u1E4B\\u1E49\\u019E\\u0272\\u0149\\uA791\\uA7A5]","nj":"[\\u01CC]","o":"[\\u006F\\u24DE\\uFF4F\\u00F2\\u00F3\\u00F4\\u1ED3\\u1ED1\\u1ED7\\u1ED5\\u00F5\\u1E4D\\u022D\\u1E4F\\u014D\\u1E51\\u1E53\\u014F\\u022F\\u0231\\u00F6\\u022B\\u1ECF\\u0151\\u01D2\\u020D\\u020F\\u01A1\\u1EDD\\u1EDB\\u1EE1\\u1EDF\\u1EE3\\u1ECD\\u1ED9\\u01EB\\u01ED\\u00F8\\u01FF\\u0254\\uA74B\\uA74D\\u0275]","oi":"[\\u01A3]","ou":"[\\u0223]","oo":"[\\uA74F]","p":"[\\u0070\\u24DF\\uFF50\\u1E55\\u1E57\\u01A5\\u1D7D\\uA751\\uA753\\uA755]","q":"[\\u0071\\u24E0\\uFF51\\u024B\\uA757\\uA759]","r":"[\\u0072\\u24E1\\uFF52\\u0155\\u1E59\\u0159\\u0211\\u0213\\u1E5B\\u1E5D\\u0157\\u1E5F\\u024D\\u027D\\uA75B\\uA7A7\\uA783]","s":"[\\u0073\\u24E2\\uFF53\\u015B\\u1E65\\u015D\\u1E61\\u0161\\u1E67\\u1E63\\u1E69\\u0219\\u015F\\u023F\\uA7A9\\uA785\\u1E9B]","ss":"[\\u00DF]","t":"[\\u0074\\u24E3\\uFF54\\u1E6B\\u1E97\\u0165\\u1E6D\\u021B\\u0163\\u1E71\\u1E6F\\u0167\\u01AD\\u0288\\u2C66\\uA787]","tz":"[\\uA729]","u":"[\\u0075\\u24E4\\uFF55\\u00F9\\u00FA\\u00FB\\u0169\\u1E79\\u016B\\u1E7B\\u016D\\u00FC\\u01DC\\u01D8\\u01D6\\u01DA\\u1EE7\\u016F\\u0171\\u01D4\\u0215\\u0217\\u01B0\\u1EEB\\u1EE9\\u1EEF\\u1EED\\u1EF1\\u1EE5\\u1E73\\u0173\\u1E77\\u1E75\\u0289]","v":"[\\u0076\\u24E5\\uFF56\\u1E7D\\u1E7F\\u028B\\uA75F\\u028C]","vy":"[\\uA761]","w":"[\\u0077\\u24E6\\uFF57\\u1E81\\u1E83\\u0175\\u1E87\\u1E85\\u1E98\\u1E89\\u2C73]","x":"[\\u0078\\u24E7\\uFF58\\u1E8B\\u1E8D]","y":"[\\u0079\\u24E8\\uFF59\\u1EF3\\u00FD\\u0177\\u1EF9\\u0233\\u1E8F\\u00FF\\u1EF7\\u1E99\\u1EF5\\u01B4\\u024F\\u1EFF]","z":"[\\u007A\\u24E9\\uFF5A\\u017A\\u1E91\\u017C\\u017E\\u1E93\\u1E95\\u01B6\\u0225\\u0240\\u2C6C\\uA763]"},"researchesTests":["contentHasTOC","contentHasShortParagraphs","contentHasAssets","keywordInTitle","keywordInMetaDescription","keywordInPermalink","keywordIn10Percent","keywordInContent","keywordInSubheadings","keywordInImageAlt","keywordDensity","keywordNotUsed","lengthContent","lengthPermalink","linksHasInternal","linksHasExternals","linksNotAllExternals","titleStartWithKeyword","titleSentiment","titleHasPowerWords","titleHasNumber","hasContentAI"],"hasRedirection":true,"hasBreadcrumb":false},"homeUrl":"https:\/\/onlinebettingspace.com\/sk\/","objectID":2426,"objectType":"post","locale":"sk","localeFull":"sk_SK","overlayImages":{"play":{"name":"Play icon","url":"https:\/\/onlinebettingspace.com\/wp-content\/plugins\/seo-by-rank-math\/assets\/admin\/img\/icon-play.png","path":"\/home\/SuperAdmin\/web\/onlinebettingspace.com\/public_html\/wp-content\/plugins\/seo-by-rank-math\/assets\/admin\/img\/icon-play.png","position":"middle_center"},"gif":{"name":"GIF icon","url":"https:\/\/onlinebettingspace.com\/wp-content\/plugins\/seo-by-rank-math\/assets\/admin\/img\/icon-gif.png","path":"\/home\/SuperAdmin\/web\/onlinebettingspace.com\/public_html\/wp-content\/plugins\/seo-by-rank-math\/assets\/admin\/img\/icon-gif.png","position":"middle_center"}},"defautOgImage":"https:\/\/onlinebettingspace.com\/wp-content\/uploads\/2022\/04\/OBS-FULL-LOGO.webp","customPermalinks":true,"isUserRegistered":true,"autoSuggestKeywords":true,"connectSiteUrl":"https:\/\/rankmath.com\/auth?site=https%3A%2F%2Fonlinebettingspace.com%2Fsk%2F&r=https%3A%2F%2Fonlinebettingspace.com%2Fsk%2Fwp-json%2Fwp%2Fv2%2Fpages%2F2426%3Fnonce%3D7bd3834873","maxTags":5,"trendsIcon":"<svg viewBox=\"0 0 610 610\"><path d=\"M18.85,446,174.32,290.48l58.08,58.08L76.93,504a14.54,14.54,0,0,1-20.55,0L18.83,466.48a14.54,14.54,0,0,1,0-20.55Z\" style=\"fill:#4285f4\"\/><path d=\"M242.65,242.66,377.59,377.6l-47.75,47.75a14.54,14.54,0,0,1-20.55,0L174.37,290.43l47.75-47.75A14.52,14.52,0,0,1,242.65,242.66Z\" style=\"fill:#ea4335\"\/><polygon points=\"319.53 319.53 479.26 159.8 537.34 217.88 377.61 377.62 319.53 319.53\" style=\"fill:#fabb05\"\/><path d=\"M594.26,262.73V118.61h0a16.94,16.94,0,0,0-16.94-16.94H433.2a16.94,16.94,0,0,0-12,28.92L565.34,274.71h0a16.94,16.94,0,0,0,28.92-12Z\" style=\"fill:#34a853\"\/><rect width=\"610\" height=\"610\" style=\"fill:none\"\/><\/svg>","showScore":true,"siteFavIcon":"https:\/\/onlinebettingspace.com\/wp-content\/uploads\/2022\/04\/OBS-LOGO-1.webp","canUser":{"general":false,"advanced":false,"snippet":false,"social":false,"analysis":false,"analytics":false,"content_ai":false},"showKeywordIntent":true,"isPro":false,"is_front_page":false,"trendsUpgradeLink":"https:\/\/rankmath.com\/pricing\/?utm_source=Plugin&utm_medium=CE%20General%20Tab%20Trends&utm_campaign=WP","trendsUpgradeLabel":"Upgrade","trendsPreviewImage":"https:\/\/onlinebettingspace.com\/wp-content\/plugins\/seo-by-rank-math\/assets\/admin\/img\/trends-preview.jpg","currentEditor":false,"homepageData":{"assessor":{"powerWords":[],"diacritics":true,"researchesTests":["contentHasTOC","contentHasShortParagraphs","contentHasAssets","keywordInTitle","keywordInMetaDescription","keywordInPermalink","keywordIn10Percent","keywordInContent","keywordInSubheadings","keywordInImageAlt","keywordDensity","keywordNotUsed","lengthContent","lengthPermalink","linksHasInternal","linksHasExternals","linksNotAllExternals","titleStartWithKeyword","titleSentiment","titleHasPowerWords","titleHasNumber","hasContentAI"],"hasBreadcrumb":false,"serpData":{"title":"%sitename% %page% %sep% %sitedesc%","description":"","titleTemplate":"%sitename% %page% %sep% %sitedesc%","descriptionTemplate":"","focusKeywords":"","breadcrumbTitle":"Home","robots":{"index":true},"advancedRobots":[],"facebookTitle":"","facebookDescription":"","facebookImage":"","facebookImageID":""}}},"tocTitle":"Table of Contents","tocExcludeHeadings":[],"listStyle":"ul"},"_links":{"self":[{"href":"https:\/\/onlinebettingspace.com\/sk\/wp-json\/wp\/v2\/pages\/2426","targetHints":{"allow":["GET"]}}],"collection":[{"href":"https:\/\/onlinebettingspace.com\/sk\/wp-json\/wp\/v2\/pages"}],"about":[{"href":"https:\/\/onlinebettingspace.com\/sk\/wp-json\/wp\/v2\/types\/page"}],"author":[{"embeddable":true,"href":"https:\/\/onlinebettingspace.com\/sk\/wp-json\/wp\/v2\/users\/1"}],"replies":[{"embeddable":true,"href":"https:\/\/onlinebettingspace.com\/sk\/wp-json\/wp\/v2\/comments?post=2426"}],"version-history":[{"count":0,"href":"https:\/\/onlinebettingspace.com\/sk\/wp-json\/wp\/v2\/pages\/2426\/revisions"}],"wp:attachment":[{"href":"https:\/\/onlinebettingspace.com\/sk\/wp-json\/wp\/v2\/media?parent=2426"}],"curies":[{"name":"wp","href":"https:\/\/api.w.org\/{rel}","templated":true}]}}