{"id":2412,"date":"2022-08-19T01:20:47","date_gmt":"2022-08-18T22:20:47","guid":{"rendered":"https:\/\/onlinebettingspace.com\/?page_id=2412"},"modified":"2022-08-19T01:20:47","modified_gmt":"2022-08-18T22:20:47","slug":"vstupny","status":"publish","type":"page","link":"https:\/\/onlinebettingspace.com\/sk\/bonus\/vstupny\/","title":{"rendered":"VSTUPNY"},"content":{"rendered":"<section class=\"l-section wpb_row height_medium\"><div class=\"l-section-h i-cf\"><div class=\"g-cols vc_row via_flex valign_top type_default stacking_default\"><div class=\"vc_col-sm-12 wpb_column vc_column_container\"><div class=\"vc_column-inner\"><div class=\"wpb_wrapper\"><div class=\"wpb_text_column\"><div class=\"wpb_wrapper\"><h1>VSTUPN\u00dd BONUS<\/h1>\n<p>Online kas\u00edna vo v\u0161eobecnosti pon\u00fakaj\u00fa oproti be\u017en\u00fdm kas\u00ednam ve\u013ea v\u00fdhod. Medzi tieto v\u00fdhody nepochybne patr\u00ed vstupn\u00fd bonus, ktor\u00fd sa niekedy tie\u017e naz\u00fdva ako\u00a0<strong>uv\u00edtac\u00ed bonus<\/strong>, lebo online casino s\u00a0n\u00edm doslova v\u00edta nov\u00fdch hr\u00e1\u010dov.<\/p>\n<p>Ve\u013ekos\u0165 uv\u00edtacieho bonusu je pre niektor\u00fdch hr\u00e1\u010dov rozhoduj\u00faci faktor pri rozhodovan\u00ed sa, ktor\u00e9 kas\u00edno nav\u0161t\u00edvia. V\u00a0tomto \u010dl\u00e1nku sa bli\u017e\u0161ie pozrieme na to, ako vstupn\u00fd bonus funguje, na \u010do si da\u0165 pozor a\u00a0tie\u017e si vysvetl\u00edme rozli\u010dn\u00e9 pojmy, ktor\u00e9 sa zvykn\u00fa pri uv\u00edtac\u00edch bonusoch pou\u017e\u00edva\u0165.<\/p>\n<h2>\u010cO JE TO VSTUPN\u00dd BONUS?<\/h2>\n<p>Uv\u00edtac\u00ed, respekt\u00edve vstupn\u00fd bonus je naj\u010dastej\u0161ia forma\u00a0<strong>promo akcie<\/strong>, ktor\u00fa v\u00a0dne\u0161nej dobe pou\u017e\u00edvaj\u00fa online kas\u00edna. Popri rozli\u010dn\u00fdch VIP programoch, vernostn\u00fdch bodoch alebo\u00a0<strong><a href=\"\/sk\/hracie-automaty\/pretocenie-zdarma\">preto\u010deniach zadarmo<\/a><\/strong>\u00a0je vstupn\u00fd bonus v\u017edy\u00a0<strong>najviac atrakt\u00edvnej\u0161ou formou<\/strong>\u00a0promo akcie pre v\u0161etk\u00fdch z\u00e1kazn\u00edkov. D\u00f4vodov je samozrejme viacero, ale medzi najhlavnej\u0161ie patr\u00ed fakt, \u017ee takto z\u00edskan\u00e9 peniaze s\u00fa ve\u013emi transparentn\u00e9, hr\u00e1\u010d ich z\u00edskava ihne\u010f pri registr\u00e1cii a\u00a0hlavne z\u00a0poh\u013eadu hr\u00e1\u010da sa jedn\u00e1 o\u00a0ve\u013emi lukrat\u00edvny typ odmeny, preto\u017ee sa doslova jedn\u00e1 o\u00a0peniaze zdarma.<\/p>\n<p>Pri vstupnom bonuse si treba d\u00e1va\u0165 pozor na dva z\u00e1kladn\u00e9 \u00fadaje \u2013\u00a0<strong>percentu\u00e1lnu mieru<\/strong>\u00a0a\u00a0<strong>celkov\u00fa \u010diastku<\/strong>, ktor\u00fa hr\u00e1\u010d dostane od kas\u00edna. V\u00a0z\u00e1sade plat\u00ed, \u017ee \u010d\u00edm v\u00e4\u010d\u0161ia percentu\u00e1lna miera odmeny, tak t\u00fdm ni\u017e\u0161ie celkov\u00fa \u010diastku uvid\u00ed hr\u00e1\u010d na svojom hr\u00e1\u010dskom \u00fa\u010dte. Sk\u00fasme sa na to pozrie\u0165, ako to funguje prakticky.<\/p>\n<h2>AKO FUNGUJE UV\u00cdTAC\u00cd BONUS?<\/h2>\n<p>Pokia\u013e kas\u00edno pon\u00faka 100% bonus do v\u00fd\u0161ky \u20ac100, tak v\u00a0tom pr\u00edpade ak si na hr\u00e1\u010dsky \u00fa\u010det vlo\u017e\u00edte \u20ac100, tak \u010fal\u0161\u00edch \u20ac100 z\u00edskavate \u00faplne zdarma ako\u00a0<strong>vstupn\u00fa odmenu<\/strong>. Pokia\u013e by ste si vlo\u017eili len \u20ac50, tak ako bonus z\u00edskavate \u010diastku \u20ac50. Ak by ste vlo\u017eili v\u00e4\u010d\u0161iu sumu ne\u017e \u20ac100, tak bonus z\u00edskavate len do tejto v\u00fd\u0161ky a\u00a0ni\u010d navy\u0161e sa nezapo\u010d\u00edta. \u010ci\u017ee ak si vlo\u017e\u00edte \u20ac150, dostanete \u20ac100 ako odmenu a\u00a0tak m\u00e1te na \u00fa\u010dte dokopy \u20ac250.<\/p>\n<p>Ako sme v\u00a0predo\u0161l\u00fdch riadkoch spom\u00ednali, tak bonus viac ako 200-300% je v\u00e4\u010d\u0161inou\u00a0<strong>obmedzen\u00fd celkovou \u010diastkou<\/strong>\u00a0na 100 a\u017e \u20ac200. Pokia\u013e zasa vid\u00edte, \u017ee niekde je mo\u017enos\u0165 z\u00edska\u0165 bonus a\u017e \u20ac1000, tak pravdepodobne sa jedn\u00e1 len o\u00a0bonus vo v\u00fd\u0161ke 50% a\u017e 75%. V tomto pr\u00edpade by ste museli vlo\u017ei\u0165 \u20ac2000, aby ste pri percentu\u00e1lnej miere 50% z\u00edskali 1000 eur od kas\u00edna zdarma.<\/p>\n<h2>KDE S\u00da NAJ\u0160TEDREJ\u0160IE UV\u00cdTACIE BONUSY<\/h2>\n<p>Pokia\u013e h\u013ead\u00e1te\u00a0<strong><a href=\"\/sk\/\">online casino<\/a>\u00a0s\u00a0najlep\u0161\u00edm bonusom<\/strong>, tak ur\u010dite sa poobhliadnite po\u00a0<a href=\"\/sk\/slotsmagic-casino\"><strong>Slotsmagic\u00a0Casino<\/strong><\/a>, ktor\u00e1 pon\u00faka bonus a\u017e do v\u00fd\u0161ky \u20ac400. Bohu\u017eia\u013e samotn\u00fd vstupn\u00fd bonus nie je takto ve\u013ek\u00fd \u2013 t\u00fato celkov\u00fa sumu budete musie\u0165 odomkn\u00fa\u0165 v\u00a0nieko\u013eko krokoch, ktor\u00e9 dokopy, ak v\u0161etko spln\u00edte tak, ako m\u00e1te, v\u00e1m daj\u00fa fin\u00e1lnu sumu \u20ac400. Ur\u010dite sa jedn\u00e1 o\u00a0zauj\u00edmav\u00fa sumu o\u00a0ktor\u00fa by ste mali vysk\u00fa\u0161a\u0165 zabojova\u0165.<\/p>\n<p>Eur\u00f3pske kas\u00edna s\u00fa celkovo zn\u00e1me svojou\u00a0<strong>lukrat\u00edvnou odmenovou ponukou<\/strong>\u00a0a\u00a0preto v\u00e1m tie\u017e odpor\u00fa\u010dame n\u00e1v\u0161tevu spolo\u010dnosti\u00a0<strong><a href=\"\/sk\/casinoeuro\">CasinoEuro<\/a><\/strong>, ktor\u00e1 moment\u00e1lne ka\u017ed\u00fd prvotn\u00fd vklad odme\u0148uje nav\u00fd\u0161en\u00edm o\u00a0rovn\u00fdch 100%. Av\u0161ak maxim\u00e1lna suma, ktor\u00fa m\u00f4\u017eete v\u00a0tomto jedine\u010dnom kas\u00edne z\u00edska\u0165 je neuverite\u013en\u00fdch \u20ac150, ktor\u00e9 nepochybne pote\u0161ia ka\u017ed\u00e9ho nov\u00e9ho hr\u00e1\u010da, ktor\u00fd vkro\u010d\u00ed do CasinoEuro.<\/p>\n<p>Ve\u013emi zauj\u00edmav\u00fd uv\u00edtac\u00ed bonus v\u00a0s\u00fa\u010dasnosti pon\u00faka aj\u00a0<strong><a href=\"\/sk\/mr-green\">Mr Green casino<\/a><\/strong>, ktor\u00e9 v\u00e1m v\u00e1\u0161 po\u010diato\u010dn\u00fd klad nav\u00fd\u0161i o 100% ale a\u017e do sumy \u20ac150! Ur\u010dite je ve\u013emi zauj\u00edmav\u00e9 hne\u010f pri\u00a0<strong>prvej n\u00e1v\u0161teve kas\u00edna<\/strong>\u00a0sa necha\u0165 obdarova\u0165 takouto relat\u00edvne ve\u013ekou sumou. Preto ju ur\u010dite vyu\u017eite, k\u00fdm je t\u00e1to mo\u017enos\u0165!<\/p>\n<h2>NA \u010cO SI DA\u0164 POZOR PRI BONUSOCH<\/h2>\n<p>Vstupn\u00fd bonus mus\u00edte pred v\u00fdberom z\u00a0hr\u00e1\u010dskeho \u00fa\u010dtu\u00a0<strong>preto\u010di\u0165<\/strong>. To znamen\u00e1, \u017ee so z\u00edskanou sumou mus\u00edte\u00a0<strong>akt\u00edvne hra\u0165<\/strong>, pou\u017e\u00edva\u0165 ju v\u00a0hr\u00e1ch alebo vytv\u00e1ra\u0165 st\u00e1vky. V\u00a0niektor\u00fdch kas\u00ednach m\u00f4\u017eete uv\u00edtac\u00ed bonus pou\u017e\u00edva\u0165 v\u00a0<strong><a href=\"\/sk\/casino-hry\">kas\u00edno hr\u00e1ch<\/a><\/strong>, aj pri \u0161portov\u00fdch st\u00e1vkach alebo pri vegas automatoch. V\u00a0in\u00fdch kas\u00ednach m\u00f4\u017eete vstupn\u00fd bonus pou\u017e\u00edva\u0165 len na to, na \u010do bol ur\u010den\u00fd \u2013 ak ste teda dostali vstupn\u00fd bonus na automaty, tak s\u00a0n\u00edm mus\u00edte hra\u0165 len automaty.<\/p>\n<p>Pokia\u013e ste dostali be\u017en\u00fd\u00a0<strong>casino online vstupn\u00fd bonus<\/strong>, tak je v\u00e4\u010d\u0161inou mo\u017enos\u0165 ho pret\u00e1\u010da\u0165 na v\u0161etk\u00fdch casino hr\u00e1ch, ktor\u00e9 s\u00fa k\u00a0dispoz\u00edcii. Z\u00edskan\u00fa sumu treba v\u00e4\u010d\u0161inou preto\u010di\u0165 25 a\u017e 50 kr\u00e1t. Toto si pr\u00edpadne pred zaregistrovan\u00edm sa v\u00a0kas\u00edne e\u0161te\u00a0<strong>overte<\/strong>, aby ste ihne\u010f vedeli na \u010dom ste a\u00a0\u010do v\u00e1s \u010dak\u00e1.<\/p>\n<p>Ak ste napr\u00edklad dostali bonus \u20ac100 a\u00a0je nutn\u00e9 ho preto\u010di\u0165 30x, tak v\u00a0tom pr\u00edpade mus\u00edte dokopy spravi\u0165 st\u00e1vky v\u00a0objeme \u20ac3000. Je jedno, \u010di ste pri danej st\u00e1vke alebo hre prehrali, \u010di vyhrali. Ka\u017ed\u00e1 jedna pou\u017eit\u00e1 \u010diastka sa\u00a0<strong>zar\u00e1tava do preto\u010denia<\/strong>.<\/p>\n<p>Tie\u017e si treba da\u0165 pozor na to, ko\u013eko samotn\u00e1 hra\u00a0<strong>prispieva k\u00a0preto\u010deniu<\/strong>. Napr\u00edklad pri hrac\u00edch automatoch sa zar\u00e1tava zo sumy 100%. To znamen\u00e1, \u017ee ak mus\u00edte preto\u010di\u0165 \u20ac100 dokopy 30-kr\u00e1t, tak sta\u010d\u00ed, ak na automatoch sprav\u00edte dokopy st\u00e1vky o ve\u013ekosti \u20ac3000. Pri niektor\u00fdch hr\u00e1ch sa napr\u00edklad zar\u00e1ta len 50% z \u010diastky, ktor\u00fa pou\u017eijete v\u00a0danej hre. Pri takejto hre by ste museli dokopy preto\u010di\u0165 \u20ac6000, preto\u017ee je potrebn\u00e1 dvojn\u00e1sobn\u00e1 suma.<\/p>\n<p>Niektor\u00e9 kas\u00edna\u00a0<strong>limituj\u00fa zapo\u010d\u00edtavanie<\/strong>\u00a0pret\u00e1\u010dania pri niektor\u00fdch hr\u00e1ch a\u017e 5 alebo 10%, tak\u017ee sa taktie\u017e nezabudnite vopred uisti\u0165, \u017ee hra, na ktorej si chcete preto\u010di\u0165 bonus nespad\u00e1 do tejto kateg\u00f3rie, preto\u017ee by to znamenalo, \u017ee pret\u00e1\u010danie by v\u00e1m mohlo trva\u0165\u00a0 dlh\u0161iu dobu.<\/p>\n<p>M\u00e1lokedy sa hr\u00e1\u010di pri stretn\u00fa s\u00a0ak\u00fdmiko\u013evek probl\u00e9mami \u2013 \u010di u\u017e oh\u013eadom\u00a0<strong><a href=\"\/sk\/zdanovanie-vyhry-v-kasine\">zda\u0148ovania v\u00fdhry<\/a><\/strong>, ktor\u00e9 v\u00a0tomto pr\u00edpade nie je v\u00f4bec potrebn\u00e9 alebo zo strany kas\u00edn. Treba ma\u0165 v\u017edy dobr\u00fa informovanos\u0165 o\u00a0tom, ko\u013eko kr\u00e1t treba peniaze preto\u010di\u0165 a\u00a0ko\u013eko percent sa zar\u00e1tava z\u00a0hier, ktor\u00e9 chcete hra\u0165. N\u00e1sledne sta\u010d\u00ed samotn\u00e9 pret\u00e1\u010danie \u00faspe\u0161ne realizova\u0165 a\u00a0vstupn\u00fd bonus si m\u00f4\u017eete\u00a0<strong>okam\u017eite vybra\u0165<\/strong>!<\/p>\n<\/div><\/div><\/div><\/div><\/div><\/div><\/div><\/section>\n","protected":false},"excerpt":{"rendered":"VSTUPN\u00dd BONUS Online kas\u00edna vo v\u0161eobecnosti pon\u00fakaj\u00fa oproti be\u017en\u00fdm kas\u00ednam ve\u013ea v\u00fdhod. Medzi tieto v\u00fdhody nepochybne patr\u00ed vstupn\u00fd bonus, ktor\u00fd sa niekedy tie\u017e naz\u00fdva ako\u00a0uv\u00edtac\u00ed bonus, lebo online casino s\u00a0n\u00edm doslova v\u00edta nov\u00fdch hr\u00e1\u010dov. Ve\u013ekos\u0165 uv\u00edtacieho bonusu je pre niektor\u00fdch hr\u00e1\u010dov rozhoduj\u00faci faktor pri rozhodovan\u00ed sa, ktor\u00e9 kas\u00edno nav\u0161t\u00edvia. V\u00a0tomto \u010dl\u00e1nku sa bli\u017e\u0161ie pozrieme na...","protected":false},"author":1,"featured_media":0,"parent":2224,"menu_order":0,"comment_status":"closed","ping_status":"closed","template":"","meta":{"_acf_changed":false,"footnotes":""},"class_list":["post-2412","page","type-page","status-publish","hentry"],"acf":[],"rankMath":{"parentDomain":"onlinebettingspace.com","noFollowDomains":[],"noFollowExcludeDomains":[],"noFollowExternalLinks":false,"featuredImageNotice":"The featured image should be at least 200 by 200 pixels to be picked up by Facebook and other social media sites.","pluginReviewed":true,"postSettings":{"linkSuggestions":true,"useFocusKeyword":false},"frontEndScore":false,"postName":"vstupny","permalinkFormat":"https:\/\/onlinebettingspace.com\/sk\/%pagename%\/","showLockModifiedDate":true,"assessor":{"focusKeywordLink":"https:\/\/onlinebettingspace.com\/wp-admin\/edit.php?focus_keyword=%focus_keyword%&post_type=%post_type%","hasTOCPlugin":false,"primaryTaxonomy":false,"serpData":{"title":"Vstupn\u00fd bonus ako odmena kas\u00edna | onlinebettingspace.com","description":"Po zaregistrovan\u00ed a vlo\u017een\u00ed si pe\u0148az\u00ed na \u00fa\u010det m\u00e1te mo\u017enos\u0165 od kas\u00edna z\u00edska\u0165 uv\u00edtac\u00ed bonus. Zistite, ako to funguje a kde s\u00fa najv\u00e4\u010d\u0161ie bonusy.","focusKeywords":"","pillarContent":false,"canonicalUrl":"","breadcrumbTitle":"","advancedRobots":[],"facebookTitle":"","facebookDescription":"","facebookImage":"","facebookImageID":"","facebookHasOverlay":false,"facebookImageOverlay":"","facebookAuthor":"","twitterCardType":"","twitterUseFacebook":true,"twitterTitle":"","twitterDescription":"","twitterImage":"","twitterImageID":"","twitterHasOverlay":false,"twitterImageOverlay":"","twitterPlayerUrl":"","twitterPlayerSize":"","twitterPlayerStream":"","twitterPlayerStreamCtype":"","twitterAppDescription":"","twitterAppIphoneName":"","twitterAppIphoneID":"","twitterAppIphoneUrl":"","twitterAppIpadName":"","twitterAppIpadID":"","twitterAppIpadUrl":"","twitterAppGoogleplayName":"","twitterAppGoogleplayID":"","twitterAppGoogleplayUrl":"","twitterAppCountry":"","robots":{"index":true},"twitterAuthor":"username","primaryTerm":0,"authorName":"OBSAdmin","titleTemplate":"%title% %sep% %sitename%","descriptionTemplate":"%excerpt%","showScoreFrontend":true,"lockModifiedDate":false},"powerWords":[],"diacritics":{"A":"[\\u0041\\u24B6\\uFF21\\u00C0\\u00C1\\u00C2\\u1EA6\\u1EA4\\u1EAA\\u1EA8\\u00C3\\u0100\\u0102\\u1EB0\\u1EAE\\u1EB4\\u1EB2\\u0226\\u01E0\\u00C4\\u01DE\\u1EA2\\u00C5\\u01FA\\u01CD\\u0200\\u0202\\u1EA0\\u1EAC\\u1EB6\\u1E00\\u0104\\u023A\\u2C6F]","AA":"[\\uA732]","AE":"[\\u00C6\\u01FC\\u01E2]","AO":"[\\uA734]","AU":"[\\uA736]","AV":"[\\uA738\\uA73A]","AY":"[\\uA73C]","B":"[\\u0042\\u24B7\\uFF22\\u1E02\\u1E04\\u1E06\\u0243\\u0182\\u0181]","C":"[\\u0043\\u24B8\\uFF23\\u0106\\u0108\\u010A\\u010C\\u00C7\\u1E08\\u0187\\u023B\\uA73E]","D":"[\\u0044\\u24B9\\uFF24\\u1E0A\\u010E\\u1E0C\\u1E10\\u1E12\\u1E0E\\u0110\\u018B\\u018A\\u0189\\uA779]","DZ":"[\\u01F1\\u01C4]","Dz":"[\\u01F2\\u01C5]","E":"[\\u0045\\u24BA\\uFF25\\u00C8\\u00C9\\u00CA\\u1EC0\\u1EBE\\u1EC4\\u1EC2\\u1EBC\\u0112\\u1E14\\u1E16\\u0114\\u0116\\u00CB\\u1EBA\\u011A\\u0204\\u0206\\u1EB8\\u1EC6\\u0228\\u1E1C\\u0118\\u1E18\\u1E1A\\u0190\\u018E]","F":"[\\u0046\\u24BB\\uFF26\\u1E1E\\u0191\\uA77B]","G":"[\\u0047\\u24BC\\uFF27\\u01F4\\u011C\\u1E20\\u011E\\u0120\\u01E6\\u0122\\u01E4\\u0193\\uA7A0\\uA77D\\uA77E]","H":"[\\u0048\\u24BD\\uFF28\\u0124\\u1E22\\u1E26\\u021E\\u1E24\\u1E28\\u1E2A\\u0126\\u2C67\\u2C75\\uA78D]","I":"[\\u0049\\u24BE\\uFF29\\u00CC\\u00CD\\u00CE\\u0128\\u012A\\u012C\\u0130\\u00CF\\u1E2E\\u1EC8\\u01CF\\u0208\\u020A\\u1ECA\\u012E\\u1E2C\\u0197]","J":"[\\u004A\\u24BF\\uFF2A\\u0134\\u0248]","K":"[\\u004B\\u24C0\\uFF2B\\u1E30\\u01E8\\u1E32\\u0136\\u1E34\\u0198\\u2C69\\uA740\\uA742\\uA744\\uA7A2]","L":"[\\u004C\\u24C1\\uFF2C\\u013F\\u0139\\u013D\\u1E36\\u1E38\\u013B\\u1E3C\\u1E3A\\u0141\\u023D\\u2C62\\u2C60\\uA748\\uA746\\uA780]","LJ":"[\\u01C7]","Lj":"[\\u01C8]","M":"[\\u004D\\u24C2\\uFF2D\\u1E3E\\u1E40\\u1E42\\u2C6E\\u019C]","N":"[\\u004E\\u24C3\\uFF2E\\u01F8\\u0143\\u00D1\\u1E44\\u0147\\u1E46\\u0145\\u1E4A\\u1E48\\u0220\\u019D\\uA790\\uA7A4]","NJ":"[\\u01CA]","Nj":"[\\u01CB]","O":"[\\u004F\\u24C4\\uFF2F\\u00D2\\u00D3\\u00D4\\u1ED2\\u1ED0\\u1ED6\\u1ED4\\u00D5\\u1E4C\\u022C\\u1E4E\\u014C\\u1E50\\u1E52\\u014E\\u022E\\u0230\\u00D6\\u022A\\u1ECE\\u0150\\u01D1\\u020C\\u020E\\u01A0\\u1EDC\\u1EDA\\u1EE0\\u1EDE\\u1EE2\\u1ECC\\u1ED8\\u01EA\\u01EC\\u00D8\\u01FE\\u0186\\u019F\\uA74A\\uA74C]","OI":"[\\u01A2]","OO":"[\\uA74E]","OU":"[\\u0222]","P":"[\\u0050\\u24C5\\uFF30\\u1E54\\u1E56\\u01A4\\u2C63\\uA750\\uA752\\uA754]","Q":"[\\u0051\\u24C6\\uFF31\\uA756\\uA758\\u024A]","R":"[\\u0052\\u24C7\\uFF32\\u0154\\u1E58\\u0158\\u0210\\u0212\\u1E5A\\u1E5C\\u0156\\u1E5E\\u024C\\u2C64\\uA75A\\uA7A6\\uA782]","S":"[\\u0053\\u24C8\\uFF33\\u1E9E\\u015A\\u1E64\\u015C\\u1E60\\u0160\\u1E66\\u1E62\\u1E68\\u0218\\u015E\\u2C7E\\uA7A8\\uA784]","T":"[\\u0054\\u24C9\\uFF34\\u1E6A\\u0164\\u1E6C\\u021A\\u0162\\u1E70\\u1E6E\\u0166\\u01AC\\u01AE\\u023E\\uA786]","TZ":"[\\uA728]","U":"[\\u0055\\u24CA\\uFF35\\u00D9\\u00DA\\u00DB\\u0168\\u1E78\\u016A\\u1E7A\\u016C\\u00DC\\u01DB\\u01D7\\u01D5\\u01D9\\u1EE6\\u016E\\u0170\\u01D3\\u0214\\u0216\\u01AF\\u1EEA\\u1EE8\\u1EEE\\u1EEC\\u1EF0\\u1EE4\\u1E72\\u0172\\u1E76\\u1E74\\u0244]","V":"[\\u0056\\u24CB\\uFF36\\u1E7C\\u1E7E\\u01B2\\uA75E\\u0245]","VY":"[\\uA760]","W":"[\\u0057\\u24CC\\uFF37\\u1E80\\u1E82\\u0174\\u1E86\\u1E84\\u1E88\\u2C72]","X":"[\\u0058\\u24CD\\uFF38\\u1E8A\\u1E8C]","Y":"[\\u0059\\u24CE\\uFF39\\u1EF2\\u00DD\\u0176\\u1EF8\\u0232\\u1E8E\\u0178\\u1EF6\\u1EF4\\u01B3\\u024E\\u1EFE]","Z":"[\\u005A\\u24CF\\uFF3A\\u0179\\u1E90\\u017B\\u017D\\u1E92\\u1E94\\u01B5\\u0224\\u2C7F\\u2C6B\\uA762]","a":"[\\u0061\\u24D0\\uFF41\\u1E9A\\u00E0\\u00E1\\u00E2\\u1EA7\\u1EA5\\u1EAB\\u1EA9\\u00E3\\u0101\\u0103\\u1EB1\\u1EAF\\u1EB5\\u1EB3\\u0227\\u01E1\\u00E4\\u01DF\\u1EA3\\u00E5\\u01FB\\u01CE\\u0201\\u0203\\u1EA1\\u1EAD\\u1EB7\\u1E01\\u0105\\u2C65\\u0250]","aa":"[\\uA733]","ae":"[\\u00E6\\u01FD\\u01E3]","ao":"[\\uA735]","au":"[\\uA737]","av":"[\\uA739\\uA73B]","ay":"[\\uA73D]","b":"[\\u0062\\u24D1\\uFF42\\u1E03\\u1E05\\u1E07\\u0180\\u0183\\u0253]","c":"[\\u0063\\u24D2\\uFF43\\u0107\\u0109\\u010B\\u010D\\u00E7\\u1E09\\u0188\\u023C\\uA73F\\u2184]","d":"[\\u0064\\u24D3\\uFF44\\u1E0B\\u010F\\u1E0D\\u1E11\\u1E13\\u1E0F\\u0111\\u018C\\u0256\\u0257\\uA77A]","dz":"[\\u01F3\\u01C6]","e":"[\\u0065\\u24D4\\uFF45\\u00E8\\u00E9\\u00EA\\u1EC1\\u1EBF\\u1EC5\\u1EC3\\u1EBD\\u0113\\u1E15\\u1E17\\u0115\\u0117\\u00EB\\u1EBB\\u011B\\u0205\\u0207\\u1EB9\\u1EC7\\u0229\\u1E1D\\u0119\\u1E19\\u1E1B\\u0247\\u025B\\u01DD]","f":"[\\u0066\\u24D5\\uFF46\\u1E1F\\u0192\\uA77C]","g":"[\\u0067\\u24D6\\uFF47\\u01F5\\u011D\\u1E21\\u011F\\u0121\\u01E7\\u0123\\u01E5\\u0260\\uA7A1\\u1D79\\uA77F]","h":"[\\u0068\\u24D7\\uFF48\\u0125\\u1E23\\u1E27\\u021F\\u1E25\\u1E29\\u1E2B\\u1E96\\u0127\\u2C68\\u2C76\\u0265]","hv":"[\\u0195]","i":"[\\u0069\\u24D8\\uFF49\\u00EC\\u00ED\\u00EE\\u0129\\u012B\\u012D\\u00EF\\u1E2F\\u1EC9\\u01D0\\u0209\\u020B\\u1ECB\\u012F\\u1E2D\\u0268\\u0131]","j":"[\\u006A\\u24D9\\uFF4A\\u0135\\u01F0\\u0249]","k":"[\\u006B\\u24DA\\uFF4B\\u1E31\\u01E9\\u1E33\\u0137\\u1E35\\u0199\\u2C6A\\uA741\\uA743\\uA745\\uA7A3]","l":"[\\u006C\\u24DB\\uFF4C\\u0140\\u013A\\u013E\\u1E37\\u1E39\\u013C\\u1E3D\\u1E3B\\u017F\\u0142\\u019A\\u026B\\u2C61\\uA749\\uA781\\uA747]","lj":"[\\u01C9]","m":"[\\u006D\\u24DC\\uFF4D\\u1E3F\\u1E41\\u1E43\\u0271\\u026F]","n":"[\\u006E\\u24DD\\uFF4E\\u01F9\\u0144\\u00F1\\u1E45\\u0148\\u1E47\\u0146\\u1E4B\\u1E49\\u019E\\u0272\\u0149\\uA791\\uA7A5]","nj":"[\\u01CC]","o":"[\\u006F\\u24DE\\uFF4F\\u00F2\\u00F3\\u00F4\\u1ED3\\u1ED1\\u1ED7\\u1ED5\\u00F5\\u1E4D\\u022D\\u1E4F\\u014D\\u1E51\\u1E53\\u014F\\u022F\\u0231\\u00F6\\u022B\\u1ECF\\u0151\\u01D2\\u020D\\u020F\\u01A1\\u1EDD\\u1EDB\\u1EE1\\u1EDF\\u1EE3\\u1ECD\\u1ED9\\u01EB\\u01ED\\u00F8\\u01FF\\u0254\\uA74B\\uA74D\\u0275]","oi":"[\\u01A3]","ou":"[\\u0223]","oo":"[\\uA74F]","p":"[\\u0070\\u24DF\\uFF50\\u1E55\\u1E57\\u01A5\\u1D7D\\uA751\\uA753\\uA755]","q":"[\\u0071\\u24E0\\uFF51\\u024B\\uA757\\uA759]","r":"[\\u0072\\u24E1\\uFF52\\u0155\\u1E59\\u0159\\u0211\\u0213\\u1E5B\\u1E5D\\u0157\\u1E5F\\u024D\\u027D\\uA75B\\uA7A7\\uA783]","s":"[\\u0073\\u24E2\\uFF53\\u015B\\u1E65\\u015D\\u1E61\\u0161\\u1E67\\u1E63\\u1E69\\u0219\\u015F\\u023F\\uA7A9\\uA785\\u1E9B]","ss":"[\\u00DF]","t":"[\\u0074\\u24E3\\uFF54\\u1E6B\\u1E97\\u0165\\u1E6D\\u021B\\u0163\\u1E71\\u1E6F\\u0167\\u01AD\\u0288\\u2C66\\uA787]","tz":"[\\uA729]","u":"[\\u0075\\u24E4\\uFF55\\u00F9\\u00FA\\u00FB\\u0169\\u1E79\\u016B\\u1E7B\\u016D\\u00FC\\u01DC\\u01D8\\u01D6\\u01DA\\u1EE7\\u016F\\u0171\\u01D4\\u0215\\u0217\\u01B0\\u1EEB\\u1EE9\\u1EEF\\u1EED\\u1EF1\\u1EE5\\u1E73\\u0173\\u1E77\\u1E75\\u0289]","v":"[\\u0076\\u24E5\\uFF56\\u1E7D\\u1E7F\\u028B\\uA75F\\u028C]","vy":"[\\uA761]","w":"[\\u0077\\u24E6\\uFF57\\u1E81\\u1E83\\u0175\\u1E87\\u1E85\\u1E98\\u1E89\\u2C73]","x":"[\\u0078\\u24E7\\uFF58\\u1E8B\\u1E8D]","y":"[\\u0079\\u24E8\\uFF59\\u1EF3\\u00FD\\u0177\\u1EF9\\u0233\\u1E8F\\u00FF\\u1EF7\\u1E99\\u1EF5\\u01B4\\u024F\\u1EFF]","z":"[\\u007A\\u24E9\\uFF5A\\u017A\\u1E91\\u017C\\u017E\\u1E93\\u1E95\\u01B6\\u0225\\u0240\\u2C6C\\uA763]"},"researchesTests":["contentHasTOC","contentHasShortParagraphs","contentHasAssets","keywordInTitle","keywordInMetaDescription","keywordInPermalink","keywordIn10Percent","keywordInContent","keywordInSubheadings","keywordInImageAlt","keywordDensity","keywordNotUsed","lengthContent","lengthPermalink","linksHasInternal","linksHasExternals","linksNotAllExternals","titleStartWithKeyword","titleSentiment","titleHasPowerWords","titleHasNumber","hasContentAI"],"hasRedirection":true,"hasBreadcrumb":false},"homeUrl":"https:\/\/onlinebettingspace.com\/sk\/","objectID":2412,"objectType":"post","locale":"sk","localeFull":"sk_SK","overlayImages":{"play":{"name":"Play icon","url":"https:\/\/onlinebettingspace.com\/wp-content\/plugins\/seo-by-rank-math\/assets\/admin\/img\/icon-play.png","path":"\/home\/SuperAdmin\/web\/onlinebettingspace.com\/public_html\/wp-content\/plugins\/seo-by-rank-math\/assets\/admin\/img\/icon-play.png","position":"middle_center"},"gif":{"name":"GIF icon","url":"https:\/\/onlinebettingspace.com\/wp-content\/plugins\/seo-by-rank-math\/assets\/admin\/img\/icon-gif.png","path":"\/home\/SuperAdmin\/web\/onlinebettingspace.com\/public_html\/wp-content\/plugins\/seo-by-rank-math\/assets\/admin\/img\/icon-gif.png","position":"middle_center"}},"defautOgImage":"https:\/\/onlinebettingspace.com\/wp-content\/uploads\/2022\/04\/OBS-FULL-LOGO.webp","customPermalinks":true,"isUserRegistered":true,"autoSuggestKeywords":true,"connectSiteUrl":"https:\/\/rankmath.com\/auth?site=https%3A%2F%2Fonlinebettingspace.com%2Fsk%2F&r=https%3A%2F%2Fonlinebettingspace.com%2Fsk%2Fwp-json%2Fwp%2Fv2%2Fpages%2F2412%3Fnonce%3D7a5253bc88","maxTags":5,"trendsIcon":"<svg viewBox=\"0 0 610 610\"><path d=\"M18.85,446,174.32,290.48l58.08,58.08L76.93,504a14.54,14.54,0,0,1-20.55,0L18.83,466.48a14.54,14.54,0,0,1,0-20.55Z\" style=\"fill:#4285f4\"\/><path d=\"M242.65,242.66,377.59,377.6l-47.75,47.75a14.54,14.54,0,0,1-20.55,0L174.37,290.43l47.75-47.75A14.52,14.52,0,0,1,242.65,242.66Z\" style=\"fill:#ea4335\"\/><polygon points=\"319.53 319.53 479.26 159.8 537.34 217.88 377.61 377.62 319.53 319.53\" style=\"fill:#fabb05\"\/><path d=\"M594.26,262.73V118.61h0a16.94,16.94,0,0,0-16.94-16.94H433.2a16.94,16.94,0,0,0-12,28.92L565.34,274.71h0a16.94,16.94,0,0,0,28.92-12Z\" style=\"fill:#34a853\"\/><rect width=\"610\" height=\"610\" style=\"fill:none\"\/><\/svg>","showScore":true,"siteFavIcon":"https:\/\/onlinebettingspace.com\/wp-content\/uploads\/2022\/04\/OBS-LOGO-1.webp","canUser":{"general":false,"advanced":false,"snippet":false,"social":false,"analysis":false,"analytics":false,"content_ai":false},"showKeywordIntent":true,"isPro":false,"is_front_page":false,"trendsUpgradeLink":"https:\/\/rankmath.com\/pricing\/?utm_source=Plugin&utm_medium=CE%20General%20Tab%20Trends&utm_campaign=WP","trendsUpgradeLabel":"Upgrade","trendsPreviewImage":"https:\/\/onlinebettingspace.com\/wp-content\/plugins\/seo-by-rank-math\/assets\/admin\/img\/trends-preview.jpg","currentEditor":false,"homepageData":{"assessor":{"powerWords":[],"diacritics":true,"researchesTests":["contentHasTOC","contentHasShortParagraphs","contentHasAssets","keywordInTitle","keywordInMetaDescription","keywordInPermalink","keywordIn10Percent","keywordInContent","keywordInSubheadings","keywordInImageAlt","keywordDensity","keywordNotUsed","lengthContent","lengthPermalink","linksHasInternal","linksHasExternals","linksNotAllExternals","titleStartWithKeyword","titleSentiment","titleHasPowerWords","titleHasNumber","hasContentAI"],"hasBreadcrumb":false,"serpData":{"title":"%sitename% %page% %sep% %sitedesc%","description":"","titleTemplate":"%sitename% %page% %sep% %sitedesc%","descriptionTemplate":"","focusKeywords":"","breadcrumbTitle":"Home","robots":{"index":true},"advancedRobots":[],"facebookTitle":"","facebookDescription":"","facebookImage":"","facebookImageID":""}}},"tocTitle":"Table of Contents","tocExcludeHeadings":[],"listStyle":"ul"},"_links":{"self":[{"href":"https:\/\/onlinebettingspace.com\/sk\/wp-json\/wp\/v2\/pages\/2412","targetHints":{"allow":["GET"]}}],"collection":[{"href":"https:\/\/onlinebettingspace.com\/sk\/wp-json\/wp\/v2\/pages"}],"about":[{"href":"https:\/\/onlinebettingspace.com\/sk\/wp-json\/wp\/v2\/types\/page"}],"author":[{"embeddable":true,"href":"https:\/\/onlinebettingspace.com\/sk\/wp-json\/wp\/v2\/users\/1"}],"replies":[{"embeddable":true,"href":"https:\/\/onlinebettingspace.com\/sk\/wp-json\/wp\/v2\/comments?post=2412"}],"version-history":[{"count":0,"href":"https:\/\/onlinebettingspace.com\/sk\/wp-json\/wp\/v2\/pages\/2412\/revisions"}],"up":[{"embeddable":true,"href":"https:\/\/onlinebettingspace.com\/sk\/wp-json\/wp\/v2\/pages\/2224"}],"wp:attachment":[{"href":"https:\/\/onlinebettingspace.com\/sk\/wp-json\/wp\/v2\/media?parent=2412"}],"curies":[{"name":"wp","href":"https:\/\/api.w.org\/{rel}","templated":true}]}}