{"id":2396,"date":"2022-07-01T19:54:09","date_gmt":"2022-07-01T16:54:09","guid":{"rendered":"https:\/\/onlinebettingspace.com\/?page_id=2396"},"modified":"2022-07-01T19:54:09","modified_gmt":"2022-07-01T16:54:09","slug":"winstar-casino","status":"publish","type":"page","link":"https:\/\/onlinebettingspace.com\/sk\/winstar-casino\/","title":{"rendered":"WINSTAR CASINO"},"content":{"rendered":"<section class=\"l-section wpb_row height_medium\"><div class=\"l-section-h i-cf\"><div class=\"g-cols vc_row via_flex valign_top type_default stacking_default\"><div class=\"vc_col-sm-12 wpb_column vc_column_container\"><div class=\"vc_column-inner\"><div class=\"wpb_wrapper\"><div class=\"wpb_text_column\"><div class=\"wpb_wrapper\"><h1>WINSTAR CASINO RECENZIA<\/h1>\n<p><strong>Mil\u00ed kas\u00ednov\u00ed hr\u00e1\u010di,<\/strong><\/p>\n<p><strong>Asi ste u\u017e po\u010duli o novom Z\u00e1kone o hazardn\u00fdch hr\u00e1ch, ktor\u00fd v\u00fdznamn\u00fdm sp\u00f4sobom ovplyvnil situ\u00e1ciu na tuzemskom trhu. V jeho d\u00f4sledku sa viacero ve\u013ek\u00fdch online kas\u00edn rozhodlo stiahnu\u0165 sa z trhu a pok\u00fasi\u0165 sa v bud\u00facnosti uch\u00e1dza\u0165 o licenciu. Z toho d\u00f4vodu sme i my prist\u00fapili k preru\u0161eniu spolupr\u00e1ce s viacer\u00fdmi online kas\u00ednami, ktor\u00e9 u\u017e Slov\u00e1kom neumo\u017e\u0148uj\u00fa hra\u0165 \u2013 Winstar Casino. \u010eal\u0161ie online kas\u00edna na na\u0161om trhu na\u010falej zost\u00e1vaj\u00fa a my s nimi \u010falej spolupracujeme.\u00a0<a href=\"\/sk\/kasina-recenzia\" data-track=\"\">V\u0161etky n\u00e1jdete v na\u0161ich recenzi\u00e1ch<\/a>.<\/strong><\/p>\n<section class=\"prosncons\">\n<div class=\"pros col-xs-12 col-sm-6\">\n<div class=\"heading\">V\u00fdhody<\/div>\n<ul class=\"list\">\n<li class=\"bullets\">Referen\u010dn\u00fd program<\/li>\n<li class=\"bullets\">Instant-win hry<\/li>\n<li class=\"bullets\">Vlastn\u00e1 aplik\u00e1cia<\/li>\n<\/ul>\n<\/div>\n<div class=\"cons col-xs-12 col-sm-6\">\n<div class=\"heading\"><i class=\"fa fa-arrow-circle-down\" aria-hidden=\"true\"><\/i>Nev\u00fdhody<\/div>\n<ul class=\"list\">\n<li class=\"bullets\">St\u00e1vkov\u00e9 po\u017eiadavky<\/li>\n<\/ul>\n<\/div>\n<div class=\"col-xs-12 conclusion\">\n<div class=\"heading\">Zhrnutie<\/div>\n<p>K\u00a0WinStar ch\u00fdbaj\u00fa k\u00a0absol\u00fatnej dokonalosti hlavne miernej\u0161ie st\u00e1vkov\u00e9 po\u017eiadavky a\u00a0trochu preh\u013eadnej\u0161ia str\u00e1nka.<\/p>\n<\/div>\n<\/section>\n<section class=\"row\">\n<div class=\"col-xs-12\">\n<h2>R\u00ddCHLY PREH\u013dAD<\/h2>\n<ul class=\"at_a_glance row\">\n<li class=\"col-sm-3\">\n<div class=\"bullets\">\n<div class=\"heading\">Bonus<\/div>\n<p>100% do v\u00fd\u0161ky 250\u20ac<\/p>\n<\/div>\n<\/li>\n<li class=\"col-sm-3\">\n<div class=\"bullets\">\n<div class=\"heading\">St\u00e1vkov\u00e9 po\u017eiadavky<\/div>\n<p>45X<\/p>\n<\/div>\n<\/li>\n<li class=\"col-sm-3\">\n<div class=\"bullets\">\n<div class=\"heading\">V\u00fdplatn\u00e1 hodnota<\/div>\n<p>97%<\/p>\n<\/div>\n<\/li>\n<li class=\"col-sm-3\">\n<div class=\"bullets\">\n<div class=\"heading\">Po\u010det hier<\/div>\n<p>600<\/p>\n<\/div>\n<\/li>\n<li class=\"col-sm-3\">\n<div class=\"bullets\">\n<div class=\"heading\">Mo\u017enosti hry<\/div>\n<p>Okam\u017eit\u00e1 hra, Live Kas\u00edno<\/p>\n<\/div>\n<\/li>\n<li class=\"col-sm-3\">\n<div class=\"bullets\">\n<div class=\"heading\">Mobiln\u00e9<\/div>\n<p>Android , Iphone<\/p>\n<\/div>\n<\/li>\n<li class=\"col-sm-3\">\n<div class=\"bullets\">\n<div class=\"heading\">Softv\u00e9r<\/div>\n<\/div>\n<div><\/div>\n<\/li>\n<li>Platobn\u00e9 mo\u017enosti<\/li>\n<\/ul>\n<div class=\"heading\">A u\u017e je to tu &#8211; hr\u00e1 sa tu o 100 \u20ac !<\/div>\n<p class=\"description\">No tak bu\u010f i ty pri tom kde sa \u010dosi deje \u2013 zas raz je tu akcia o 100 \u20ac, a tak by si pri tom mal by\u0165 i ty. Ale daj si pozor, lebo u\u017e je to len p\u00e1r dn\u00ed, a tak by si nemal v\u00e1ha\u0165. Za ka\u017ed\u00fa 1 v\u00fdhru v hre z\u00edska\u0161 1 bod. \u010c\u00edm viac ich m\u00e1\u0161, t\u00fdm si na tom lep\u0161ie. Top 5 z v\u00e1s si bude deli\u0165 sumu 100 \u20ac, a tak sa sna\u017e aby si i ty bol 1 z nich.<\/p>\n<h2>WINSTAR CASINO RATING<\/h2>\n<div class=\"rating_comment\">\n<div class=\"subheading\">\n<p>BONUSY A PROMO AKCIE<\/p>\n<div class=\"rating\"><\/div>\n<\/div>\n<div class=\"WYSIWYG\">\n<p>Uv\u00edtac\u00ed bonus nepatr\u00ed k\u00a0najv\u00e4\u010d\u0161\u00edm a\u00a0m\u00e1 pr\u00edsne nastaven\u00e9 st\u00e1vkov\u00e9 po\u017eiadavky. Ostatn\u00e9 akcie to v\u0161ak vyva\u017euj\u00fa.<\/p>\n<\/div>\n<div class=\"subheading\">\n<p>SOFTV\u00c9R<\/p>\n<div class=\"rating\"><\/div>\n<\/div>\n<div class=\"WYSIWYG\">\n<p>WinStar Casino pon\u00faka hry nielen od ve\u013ek\u00fdch oper\u00e1torov ako NetEnt alebo Microgaming, ale aj od men\u0161\u00edch oper\u00e1torov.<\/p>\n<\/div>\n<div class=\"subheading\">\n<p>VARIANTY HIER<\/p>\n<div class=\"rating\"><\/div>\n<\/div>\n<div class=\"WYSIWYG\">\n<p>V\u00a0ponuke online kas\u00edna je toho viac ne\u017e len automaty, zahra\u0165 si m\u00f4\u017eete ruletu, blackjack \u010di stieracie \u017ereby.<\/p>\n<\/div>\n<div class=\"subheading\">\n<p>Z\u00c1KAZN\u00cdCKA PODPORA<\/p>\n<div class=\"rating\"><\/div>\n<\/div>\n<div class=\"WYSIWYG\">\n<p>WinStar transparentne ud\u00e1va \u010dasy, v\u00a0ktor\u00fdch funguje z\u00e1kazn\u00edcka podpora.<\/p>\n<\/div>\n<div class=\"subheading\">\n<p>SP\u00d4SOBY PLATBY<\/p>\n<div class=\"rating\"><\/div>\n<\/div>\n<div class=\"WYSIWYG\">\n<p>Platobn\u00e9 karty i\u00a0e-pe\u0148a\u017eenky, s\u00a0vkladmi a\u00a0ani s\u00a0v\u00fdbermi by ste v\u00a0tomto kas\u00edne nemali ma\u0165 \u017eiadny probl\u00e9m.<\/p>\n<section class=\"support\">\n<h2>PODPORA<\/h2>\n<div>\n<ul>\n<li><b>\u017div\u00fd Chat:<\/b>\u00a0\u00c1no<\/li>\n<li><b>Z\u00e1kazn\u00edcka Podpora:<\/b>\u00a0\u00c1no<\/li>\n<li><b>\u010casto Kladen\u00e9 Ot\u00e1zky:<\/b>\u00a0\u00c1no<\/li>\n<li><b>Dostupnos\u0165 Telefonickej Podpory:<\/b>\u00a014\/5<\/li>\n<\/ul>\n<\/div>\n<\/section>\n<div class=\"WYSIWYG\">\n<p>Dnes sa bli\u017e\u0161ie pozrieme na online kas\u00edno WinStar, ktor\u00e9 predov\u0161etk\u00fdm na britskom kas\u00ednovom trhu spustilo poriadny prievan. Kas\u00edno akceptuje aj hr\u00e1\u010dov zo Slovenska a\u00a0ako v\u00e1m uk\u00e1\u017eeme, m\u00e1 toho ve\u013ea \u010do pon\u00faknu\u0165.<\/p>\n<h2>HLAVN\u00c9 INFORM\u00c1CIE O\u00a0KAS\u00cdNE<\/h2>\n<p>WinStar Casino rad\u00edme medzi najmlad\u0161ie\u00a0<a href=\"\/sk\/kasina-recenzia\" data-track=\"\"><strong>online kas\u00edna na trhu<\/strong><\/a>. Spusten\u00e9 bolo v\u00a0roku 2018 a\u00a0akceptuje aj slovensk\u00fdch hr\u00e1\u010dov. Kas\u00edno je ve\u013emi popul\u00e1rne predov\u0161etk\u00fdm vo Ve\u013ekej Brit\u00e1ni\u00ed. Je s\u00fa\u010das\u0165ou GameAccount Network Group, rovnako britskej spolo\u010dnosti so s\u00eddlom v\u00a0Lond\u00fdne. Kas\u00edno vlastn\u00ed licenciu vydan\u00fa regula\u010dn\u00fdm org\u00e1nom Alderney Gambling Control Commission.<\/p>\n<h2>PROMO AKCIE<\/h2>\n<p>WinStar Casino m\u00e1 pre svojich hr\u00e1\u010dov pripraven\u00fdch viacero r\u00f4znych akci\u00ed. Je tu napr\u00edklad Vernostn\u00fd program, v\u00a0ktorom zbierate body, ktor\u00e9 m\u00f4\u017eete nesk\u00f4r zameni\u0165 v\u00a0obchode za in\u00e9 veci. 1 bod z\u00edskate za \u20ac5 vsaden\u00fdch na automatoch\/\u20ac10 na rulete, kene a \u20ac25 na blackjacku, baccarate, kock\u00e1ch \u010di pokri. Za body si m\u00f4\u017eete zak\u00fapi\u0165 bonusov\u00e9 peniaze.<\/p>\n<p>WinStar prin\u00e1\u0161a i\u00a0s\u00a0reload bonusom, pri ktorom za \u20ac20 vklad z\u00edskate 10\u00a0<a href=\"\/sk\/hracie-automaty\/pretocenie-zdarma\" data-track=\"\"><strong>bonusov\u00fdch zato\u010den\u00ed<\/strong><\/a>. Kas\u00edno tie\u017e prich\u00e1dza s\u00a0akciou pre mobiln\u00fdch hr\u00e1\u010dov \u2013 ak preto\u010d\u00edte \u20ac30 na mobilnej verzii hry Starburst nazanej Starburst Touch, z\u00edskate 30 bonusov\u00fdch spinov. V\u00fdhry z\u00a0nich s\u00fa za\u0165a\u017een\u00e9 st\u00e1vkov\u00fdmi po\u017eiadavkami vo v\u00fd\u0161ke 30-n\u00e1sobku vyhran\u00fdch pe\u0148az\u00ed. Win Star pon\u00faka i\u00a0referen\u010dn\u00fd program s\u00a0mo\u017enos\u0165ou z\u00edska\u0165 a\u017e 50 spinov.<\/p>\n<h2>UV\u00cdTAC\u00cd BONUS<\/h2>\n<p>Pre nov\u00fdch hr\u00e1\u010dov m\u00e1 WinStar Online Casino pripraven\u00fdch \u20ac250 plus 100 bezplatn\u00fdch zato\u010den\u00ed v\u00a0dvoch\u00a0<a href=\"\/sk\/vstupny\" data-track=\"\"><strong>vkladov\u00fdch bonusoch<\/strong><\/a>. K\u00a0prv\u00e9mu vkladu m\u00f4\u017eete z\u00edska\u0165 100% bonus do \u20ac100 plus 100 zato\u010den\u00ed zadarmo. Prv\u00fdch 20 spinov z\u00edskate v\u00a0de\u0148, kedy vykon\u00e1te prv\u00fd vklad, \u010fal\u0161\u00edch 80 v\u00a0\u0161tyroch 20 \u201espl\u00e1tkach\u201c po\u010das nasleduj\u00facich \u0161tyroch dn\u00ed. Prv\u00fdm bonusom z\u00e1bava nekon\u010d\u00ed, ke\u010f\u017ee k\u00a0druh\u00e9mu vkladu si m\u00f4\u017eete prilep\u0161i\u0165 o\u00a050% do \u20ac150.<\/p>\n<p>Pre z\u00edskanie bonusov je potrebn\u00fd opt-in a\u00a0minim\u00e1lne \u20ac10 vklad. Bonus mus\u00ed by\u0165 vykonan\u00fd prostredn\u00edctvom inej met\u00f3dy ne\u017e je Skrill alebo Neteller. St\u00e1vkov\u00e9 po\u017eiadavky predstavuj\u00fa 45-n\u00e1sobok bonusov\u00fdch pe\u0148az\u00ed. Ak\u00fdko\u013evek bonus, vr\u00e1tane bezplatn\u00fdch zato\u010den\u00ed, je platn\u00fd len po\u010das siedmich dn\u00ed od jeho z\u00edskania. Po uplynut\u00ed tohto \u010dasu bud\u00fa spiny alebo bonusov\u00e9 peniaze odstr\u00e1nen\u00e9 z\u00a0hr\u00e1\u010dskeho \u00fa\u010dtu.<\/p>\n<h2>HRY<\/h2>\n<p>WinStar Casino pon\u00faka \u0161irok\u00fd diapaz\u00f3n najr\u00f4znej\u0161\u00edch typov kas\u00ednov\u00fdch hier. Napo\u010d\u00edtali sme tu 469\u00a0<a href=\"\/sk\/hracie-automaty\" data-track=\"\"><strong>online automatov<\/strong><\/a>, 10 online blackjackov, 16 online ruliet, 26 video pokrov a\u00a033 jackpotov\u00fdch hier. Plus 14 instant-hier, v\u00a0ktor\u00fdch sa v\u00fdsledok dozviete u\u017e po p\u00e1r sekund\u00e1ch.<\/p>\n<p>Vo WinStare nech\u00fdbaj\u00fa ani\u00a0<a href=\"\/sk\/live-casino\"><strong>live casino<\/strong> <strong>hry<\/strong><\/a>, ktor\u00fdch je v\u00a0ponuke dev\u00e4\u0165. Celkovo si tak m\u00f4\u017eete vybera\u0165 zo skoro 600 hier. Hry z\u00a0ponuky WinStars Casina si spust\u00edte len po registr\u00e1ci\u00ed a\u00a0prihl\u00e1sen\u00ed. Odpor\u00fa\u010dame v\u00e1m pri hran\u00ed vyu\u017e\u00edva\u0165 prehliada\u010d Chrome, v\u00a0ktorom bezprobl\u00e9movo spust\u00edte ak\u00fako\u013evek hry.<\/p>\n<h2>PODPORA PRE MOBILN\u00c9 HRANIE<\/h2>\n<p>Vo WinStar Casine myslia i\u00a0na t\u00fdch, ktor\u00ed by si radi zahrali inak ne\u017e cez po\u010d\u00edta\u010d, cez tablet alebo mobiln\u00fd telef\u00f3n. K\u00a0t\u00fdm pon\u00faka na v\u00fdber z\u00a0dvoch mo\u017enost\u00ed spustenia hry \u2013 cez mobiln\u00fa aplik\u00e1ciu alebo cez optimalizovan\u00fa str\u00e1nku. Mobiln\u00e1 aplik\u00e1cia je k\u00a0dispoz\u00edci\u00ed ako pre telef\u00f3ny so syst\u00e9mom iOS i\u00a0Android. Ka\u017ed\u00e1 jedna z\u00a0hier v\u00a0ponuke kas\u00edna je spustite\u013en\u00e1 i\u00a0cez mobil.<\/p>\n<h2>Z\u00c1KAZN\u00cdCKA PODPORA<\/h2>\n<p>Podpora WinStaru je na vysokej \u00farovni. Funguje v\u00a0\u010dasoch od 8:30 r\u00e1no do 21:00 ve\u010der od pondelka do piatku a\u00a0od 9:30 do 16:00 po\u010das v\u00edkendov a\u00a0v\u00a0\u010dase vo\u013ena. Na komunik\u00e1ciu m\u00f4\u017eete vyu\u017ei\u0165 \u017eiv\u00fd chat, e-mailov\u00fd formul\u00e1r a\u00a0k\u00a0dispoz\u00edci\u00ed je dokonca aj telefonick\u00e1 podpora s\u00a0medzin\u00e1rodn\u00fdm \u010d\u00edslom.<\/p>\n<h2>VKLADY NA \u00da\u010cET A\u00a0V\u00ddBERY<\/h2>\n<p>Slovensk\u00fdm hr\u00e1\u010dom WinStar Casino pon\u00faka mo\u017enos\u0165 spravi\u0165 vklad jednou z\u00a0piatich met\u00f3d \u2013 VISA\/MasterCard, Sofort, Paysafecard, Skrill alebo Neteller. Bez oh\u013eadu na to, ktor\u00fa z\u00a0mo\u017enost\u00ed si vyberiete na vklad, \u010din\u00ed minim\u00e1lna suma \u20ac10, maxim\u00e1lne m\u00f4\u017eete na jedenkr\u00e1t vlo\u017ei\u0165 \u20ac500. Minim\u00e1lna suma v\u00fdberu je nastaven\u00e1 tie\u017e na \u20ac10, pri\u010dom v\u00fdber m\u00f4\u017eete realizova\u0165 cez debetn\u00fa alebo kreditn\u00fa kartu, Neteller a\u00a0Skrill \u010di bankov\u00fdm prevodom.<\/p>\n<h2>Z\u00c1VER<\/h2>\n<p>WinStar je mlad\u00e9 online kas\u00edno, ktor\u00e9 sa predov\u0161etk\u00fdm vo Ve\u013ekej Brit\u00e1ni\u00ed te\u0161\u00ed ve\u013ekej popularite. S\u00a0v\u00fdnimkou st\u00e1vkov\u00fdch po\u017eiadaviek, ktor\u00e9 s\u00fa nastaven\u00e9 pod\u013ea n\u00e1s pr\u00edsne, nem\u00e1 toto online kas\u00edno takmer \u017eiadny m\u00ednus. M\u00e1 pekn\u00e9 akcie, dostatok hier, n\u00e1jdeme tu dokonca aj vlastn\u00fa mobiln\u00fa aplik\u00e1ciu \u010di referen\u010dn\u00fd program, \u010do s\u00fa obe u\u017e dnes pomerne vz\u00e1cne veci. A\u00a0aj preto si kas\u00edno vysl\u00fa\u017eilo na\u0161e vysok\u00e9 hodnotenie. Ako to bude u\u00a0V\u00e1s?<\/p>\n<\/div>\n<\/div>\n<\/div>\n<\/div>\n<\/section>\n<\/div><\/div><\/div><\/div><\/div><\/div><\/div><\/section>\n","protected":false},"excerpt":{"rendered":"WINSTAR CASINO RECENZIA Mil\u00ed kas\u00ednov\u00ed hr\u00e1\u010di, Asi ste u\u017e po\u010duli o novom Z\u00e1kone o hazardn\u00fdch hr\u00e1ch, ktor\u00fd v\u00fdznamn\u00fdm sp\u00f4sobom ovplyvnil situ\u00e1ciu na tuzemskom trhu. V jeho d\u00f4sledku sa viacero ve\u013ek\u00fdch online kas\u00edn rozhodlo stiahnu\u0165 sa z trhu a pok\u00fasi\u0165 sa v bud\u00facnosti uch\u00e1dza\u0165 o licenciu. Z toho d\u00f4vodu sme i my prist\u00fapili k preru\u0161eniu spolupr\u00e1ce...","protected":false},"author":1,"featured_media":0,"parent":0,"menu_order":0,"comment_status":"closed","ping_status":"closed","template":"","meta":{"_acf_changed":false,"footnotes":""},"class_list":["post-2396","page","type-page","status-publish","hentry"],"acf":[],"rankMath":{"parentDomain":"onlinebettingspace.com","noFollowDomains":[],"noFollowExcludeDomains":[],"noFollowExternalLinks":false,"featuredImageNotice":"The featured image should be at least 200 by 200 pixels to be picked up by Facebook and other social media sites.","pluginReviewed":true,"postSettings":{"linkSuggestions":true,"useFocusKeyword":false},"frontEndScore":false,"postName":"winstar-casino","permalinkFormat":"https:\/\/onlinebettingspace.com\/sk\/%pagename%\/","showLockModifiedDate":true,"assessor":{"focusKeywordLink":"https:\/\/onlinebettingspace.com\/wp-admin\/edit.php?focus_keyword=%focus_keyword%&post_type=%post_type%","hasTOCPlugin":false,"primaryTaxonomy":false,"serpData":{"title":"WinStar Casino \u2013 Z\u00edskajte \u20ac250 ku vkladom","description":"Zabavte sa s WinStar, britsk\u00fdm online kas\u00ednom s \u20ac250 vkladov\u00fdmi bonusmi, 600 hrami a viacer\u00fdmi zauj\u00edmav\u00fdmi akciami.","focusKeywords":"","pillarContent":false,"canonicalUrl":"","breadcrumbTitle":"","advancedRobots":[],"facebookTitle":"","facebookDescription":"","facebookImage":"","facebookImageID":"","facebookHasOverlay":false,"facebookImageOverlay":"","facebookAuthor":"","twitterCardType":"","twitterUseFacebook":true,"twitterTitle":"","twitterDescription":"","twitterImage":"","twitterImageID":"","twitterHasOverlay":false,"twitterImageOverlay":"","twitterPlayerUrl":"","twitterPlayerSize":"","twitterPlayerStream":"","twitterPlayerStreamCtype":"","twitterAppDescription":"","twitterAppIphoneName":"","twitterAppIphoneID":"","twitterAppIphoneUrl":"","twitterAppIpadName":"","twitterAppIpadID":"","twitterAppIpadUrl":"","twitterAppGoogleplayName":"","twitterAppGoogleplayID":"","twitterAppGoogleplayUrl":"","twitterAppCountry":"","robots":{"index":true},"twitterAuthor":"username","primaryTerm":0,"authorName":"OBSAdmin","titleTemplate":"%title% %sep% %sitename%","descriptionTemplate":"%excerpt%","showScoreFrontend":true,"lockModifiedDate":false},"powerWords":[],"diacritics":{"A":"[\\u0041\\u24B6\\uFF21\\u00C0\\u00C1\\u00C2\\u1EA6\\u1EA4\\u1EAA\\u1EA8\\u00C3\\u0100\\u0102\\u1EB0\\u1EAE\\u1EB4\\u1EB2\\u0226\\u01E0\\u00C4\\u01DE\\u1EA2\\u00C5\\u01FA\\u01CD\\u0200\\u0202\\u1EA0\\u1EAC\\u1EB6\\u1E00\\u0104\\u023A\\u2C6F]","AA":"[\\uA732]","AE":"[\\u00C6\\u01FC\\u01E2]","AO":"[\\uA734]","AU":"[\\uA736]","AV":"[\\uA738\\uA73A]","AY":"[\\uA73C]","B":"[\\u0042\\u24B7\\uFF22\\u1E02\\u1E04\\u1E06\\u0243\\u0182\\u0181]","C":"[\\u0043\\u24B8\\uFF23\\u0106\\u0108\\u010A\\u010C\\u00C7\\u1E08\\u0187\\u023B\\uA73E]","D":"[\\u0044\\u24B9\\uFF24\\u1E0A\\u010E\\u1E0C\\u1E10\\u1E12\\u1E0E\\u0110\\u018B\\u018A\\u0189\\uA779]","DZ":"[\\u01F1\\u01C4]","Dz":"[\\u01F2\\u01C5]","E":"[\\u0045\\u24BA\\uFF25\\u00C8\\u00C9\\u00CA\\u1EC0\\u1EBE\\u1EC4\\u1EC2\\u1EBC\\u0112\\u1E14\\u1E16\\u0114\\u0116\\u00CB\\u1EBA\\u011A\\u0204\\u0206\\u1EB8\\u1EC6\\u0228\\u1E1C\\u0118\\u1E18\\u1E1A\\u0190\\u018E]","F":"[\\u0046\\u24BB\\uFF26\\u1E1E\\u0191\\uA77B]","G":"[\\u0047\\u24BC\\uFF27\\u01F4\\u011C\\u1E20\\u011E\\u0120\\u01E6\\u0122\\u01E4\\u0193\\uA7A0\\uA77D\\uA77E]","H":"[\\u0048\\u24BD\\uFF28\\u0124\\u1E22\\u1E26\\u021E\\u1E24\\u1E28\\u1E2A\\u0126\\u2C67\\u2C75\\uA78D]","I":"[\\u0049\\u24BE\\uFF29\\u00CC\\u00CD\\u00CE\\u0128\\u012A\\u012C\\u0130\\u00CF\\u1E2E\\u1EC8\\u01CF\\u0208\\u020A\\u1ECA\\u012E\\u1E2C\\u0197]","J":"[\\u004A\\u24BF\\uFF2A\\u0134\\u0248]","K":"[\\u004B\\u24C0\\uFF2B\\u1E30\\u01E8\\u1E32\\u0136\\u1E34\\u0198\\u2C69\\uA740\\uA742\\uA744\\uA7A2]","L":"[\\u004C\\u24C1\\uFF2C\\u013F\\u0139\\u013D\\u1E36\\u1E38\\u013B\\u1E3C\\u1E3A\\u0141\\u023D\\u2C62\\u2C60\\uA748\\uA746\\uA780]","LJ":"[\\u01C7]","Lj":"[\\u01C8]","M":"[\\u004D\\u24C2\\uFF2D\\u1E3E\\u1E40\\u1E42\\u2C6E\\u019C]","N":"[\\u004E\\u24C3\\uFF2E\\u01F8\\u0143\\u00D1\\u1E44\\u0147\\u1E46\\u0145\\u1E4A\\u1E48\\u0220\\u019D\\uA790\\uA7A4]","NJ":"[\\u01CA]","Nj":"[\\u01CB]","O":"[\\u004F\\u24C4\\uFF2F\\u00D2\\u00D3\\u00D4\\u1ED2\\u1ED0\\u1ED6\\u1ED4\\u00D5\\u1E4C\\u022C\\u1E4E\\u014C\\u1E50\\u1E52\\u014E\\u022E\\u0230\\u00D6\\u022A\\u1ECE\\u0150\\u01D1\\u020C\\u020E\\u01A0\\u1EDC\\u1EDA\\u1EE0\\u1EDE\\u1EE2\\u1ECC\\u1ED8\\u01EA\\u01EC\\u00D8\\u01FE\\u0186\\u019F\\uA74A\\uA74C]","OI":"[\\u01A2]","OO":"[\\uA74E]","OU":"[\\u0222]","P":"[\\u0050\\u24C5\\uFF30\\u1E54\\u1E56\\u01A4\\u2C63\\uA750\\uA752\\uA754]","Q":"[\\u0051\\u24C6\\uFF31\\uA756\\uA758\\u024A]","R":"[\\u0052\\u24C7\\uFF32\\u0154\\u1E58\\u0158\\u0210\\u0212\\u1E5A\\u1E5C\\u0156\\u1E5E\\u024C\\u2C64\\uA75A\\uA7A6\\uA782]","S":"[\\u0053\\u24C8\\uFF33\\u1E9E\\u015A\\u1E64\\u015C\\u1E60\\u0160\\u1E66\\u1E62\\u1E68\\u0218\\u015E\\u2C7E\\uA7A8\\uA784]","T":"[\\u0054\\u24C9\\uFF34\\u1E6A\\u0164\\u1E6C\\u021A\\u0162\\u1E70\\u1E6E\\u0166\\u01AC\\u01AE\\u023E\\uA786]","TZ":"[\\uA728]","U":"[\\u0055\\u24CA\\uFF35\\u00D9\\u00DA\\u00DB\\u0168\\u1E78\\u016A\\u1E7A\\u016C\\u00DC\\u01DB\\u01D7\\u01D5\\u01D9\\u1EE6\\u016E\\u0170\\u01D3\\u0214\\u0216\\u01AF\\u1EEA\\u1EE8\\u1EEE\\u1EEC\\u1EF0\\u1EE4\\u1E72\\u0172\\u1E76\\u1E74\\u0244]","V":"[\\u0056\\u24CB\\uFF36\\u1E7C\\u1E7E\\u01B2\\uA75E\\u0245]","VY":"[\\uA760]","W":"[\\u0057\\u24CC\\uFF37\\u1E80\\u1E82\\u0174\\u1E86\\u1E84\\u1E88\\u2C72]","X":"[\\u0058\\u24CD\\uFF38\\u1E8A\\u1E8C]","Y":"[\\u0059\\u24CE\\uFF39\\u1EF2\\u00DD\\u0176\\u1EF8\\u0232\\u1E8E\\u0178\\u1EF6\\u1EF4\\u01B3\\u024E\\u1EFE]","Z":"[\\u005A\\u24CF\\uFF3A\\u0179\\u1E90\\u017B\\u017D\\u1E92\\u1E94\\u01B5\\u0224\\u2C7F\\u2C6B\\uA762]","a":"[\\u0061\\u24D0\\uFF41\\u1E9A\\u00E0\\u00E1\\u00E2\\u1EA7\\u1EA5\\u1EAB\\u1EA9\\u00E3\\u0101\\u0103\\u1EB1\\u1EAF\\u1EB5\\u1EB3\\u0227\\u01E1\\u00E4\\u01DF\\u1EA3\\u00E5\\u01FB\\u01CE\\u0201\\u0203\\u1EA1\\u1EAD\\u1EB7\\u1E01\\u0105\\u2C65\\u0250]","aa":"[\\uA733]","ae":"[\\u00E6\\u01FD\\u01E3]","ao":"[\\uA735]","au":"[\\uA737]","av":"[\\uA739\\uA73B]","ay":"[\\uA73D]","b":"[\\u0062\\u24D1\\uFF42\\u1E03\\u1E05\\u1E07\\u0180\\u0183\\u0253]","c":"[\\u0063\\u24D2\\uFF43\\u0107\\u0109\\u010B\\u010D\\u00E7\\u1E09\\u0188\\u023C\\uA73F\\u2184]","d":"[\\u0064\\u24D3\\uFF44\\u1E0B\\u010F\\u1E0D\\u1E11\\u1E13\\u1E0F\\u0111\\u018C\\u0256\\u0257\\uA77A]","dz":"[\\u01F3\\u01C6]","e":"[\\u0065\\u24D4\\uFF45\\u00E8\\u00E9\\u00EA\\u1EC1\\u1EBF\\u1EC5\\u1EC3\\u1EBD\\u0113\\u1E15\\u1E17\\u0115\\u0117\\u00EB\\u1EBB\\u011B\\u0205\\u0207\\u1EB9\\u1EC7\\u0229\\u1E1D\\u0119\\u1E19\\u1E1B\\u0247\\u025B\\u01DD]","f":"[\\u0066\\u24D5\\uFF46\\u1E1F\\u0192\\uA77C]","g":"[\\u0067\\u24D6\\uFF47\\u01F5\\u011D\\u1E21\\u011F\\u0121\\u01E7\\u0123\\u01E5\\u0260\\uA7A1\\u1D79\\uA77F]","h":"[\\u0068\\u24D7\\uFF48\\u0125\\u1E23\\u1E27\\u021F\\u1E25\\u1E29\\u1E2B\\u1E96\\u0127\\u2C68\\u2C76\\u0265]","hv":"[\\u0195]","i":"[\\u0069\\u24D8\\uFF49\\u00EC\\u00ED\\u00EE\\u0129\\u012B\\u012D\\u00EF\\u1E2F\\u1EC9\\u01D0\\u0209\\u020B\\u1ECB\\u012F\\u1E2D\\u0268\\u0131]","j":"[\\u006A\\u24D9\\uFF4A\\u0135\\u01F0\\u0249]","k":"[\\u006B\\u24DA\\uFF4B\\u1E31\\u01E9\\u1E33\\u0137\\u1E35\\u0199\\u2C6A\\uA741\\uA743\\uA745\\uA7A3]","l":"[\\u006C\\u24DB\\uFF4C\\u0140\\u013A\\u013E\\u1E37\\u1E39\\u013C\\u1E3D\\u1E3B\\u017F\\u0142\\u019A\\u026B\\u2C61\\uA749\\uA781\\uA747]","lj":"[\\u01C9]","m":"[\\u006D\\u24DC\\uFF4D\\u1E3F\\u1E41\\u1E43\\u0271\\u026F]","n":"[\\u006E\\u24DD\\uFF4E\\u01F9\\u0144\\u00F1\\u1E45\\u0148\\u1E47\\u0146\\u1E4B\\u1E49\\u019E\\u0272\\u0149\\uA791\\uA7A5]","nj":"[\\u01CC]","o":"[\\u006F\\u24DE\\uFF4F\\u00F2\\u00F3\\u00F4\\u1ED3\\u1ED1\\u1ED7\\u1ED5\\u00F5\\u1E4D\\u022D\\u1E4F\\u014D\\u1E51\\u1E53\\u014F\\u022F\\u0231\\u00F6\\u022B\\u1ECF\\u0151\\u01D2\\u020D\\u020F\\u01A1\\u1EDD\\u1EDB\\u1EE1\\u1EDF\\u1EE3\\u1ECD\\u1ED9\\u01EB\\u01ED\\u00F8\\u01FF\\u0254\\uA74B\\uA74D\\u0275]","oi":"[\\u01A3]","ou":"[\\u0223]","oo":"[\\uA74F]","p":"[\\u0070\\u24DF\\uFF50\\u1E55\\u1E57\\u01A5\\u1D7D\\uA751\\uA753\\uA755]","q":"[\\u0071\\u24E0\\uFF51\\u024B\\uA757\\uA759]","r":"[\\u0072\\u24E1\\uFF52\\u0155\\u1E59\\u0159\\u0211\\u0213\\u1E5B\\u1E5D\\u0157\\u1E5F\\u024D\\u027D\\uA75B\\uA7A7\\uA783]","s":"[\\u0073\\u24E2\\uFF53\\u015B\\u1E65\\u015D\\u1E61\\u0161\\u1E67\\u1E63\\u1E69\\u0219\\u015F\\u023F\\uA7A9\\uA785\\u1E9B]","ss":"[\\u00DF]","t":"[\\u0074\\u24E3\\uFF54\\u1E6B\\u1E97\\u0165\\u1E6D\\u021B\\u0163\\u1E71\\u1E6F\\u0167\\u01AD\\u0288\\u2C66\\uA787]","tz":"[\\uA729]","u":"[\\u0075\\u24E4\\uFF55\\u00F9\\u00FA\\u00FB\\u0169\\u1E79\\u016B\\u1E7B\\u016D\\u00FC\\u01DC\\u01D8\\u01D6\\u01DA\\u1EE7\\u016F\\u0171\\u01D4\\u0215\\u0217\\u01B0\\u1EEB\\u1EE9\\u1EEF\\u1EED\\u1EF1\\u1EE5\\u1E73\\u0173\\u1E77\\u1E75\\u0289]","v":"[\\u0076\\u24E5\\uFF56\\u1E7D\\u1E7F\\u028B\\uA75F\\u028C]","vy":"[\\uA761]","w":"[\\u0077\\u24E6\\uFF57\\u1E81\\u1E83\\u0175\\u1E87\\u1E85\\u1E98\\u1E89\\u2C73]","x":"[\\u0078\\u24E7\\uFF58\\u1E8B\\u1E8D]","y":"[\\u0079\\u24E8\\uFF59\\u1EF3\\u00FD\\u0177\\u1EF9\\u0233\\u1E8F\\u00FF\\u1EF7\\u1E99\\u1EF5\\u01B4\\u024F\\u1EFF]","z":"[\\u007A\\u24E9\\uFF5A\\u017A\\u1E91\\u017C\\u017E\\u1E93\\u1E95\\u01B6\\u0225\\u0240\\u2C6C\\uA763]"},"researchesTests":["contentHasTOC","contentHasShortParagraphs","contentHasAssets","keywordInTitle","keywordInMetaDescription","keywordInPermalink","keywordIn10Percent","keywordInContent","keywordInSubheadings","keywordInImageAlt","keywordDensity","keywordNotUsed","lengthContent","lengthPermalink","linksHasInternal","linksHasExternals","linksNotAllExternals","titleStartWithKeyword","titleSentiment","titleHasPowerWords","titleHasNumber","hasContentAI"],"hasRedirection":true,"hasBreadcrumb":false},"homeUrl":"https:\/\/onlinebettingspace.com\/sk\/","objectID":2396,"objectType":"post","locale":"sk","localeFull":"sk_SK","overlayImages":{"play":{"name":"Play icon","url":"https:\/\/onlinebettingspace.com\/wp-content\/plugins\/seo-by-rank-math\/assets\/admin\/img\/icon-play.png","path":"\/home\/SuperAdmin\/web\/onlinebettingspace.com\/public_html\/wp-content\/plugins\/seo-by-rank-math\/assets\/admin\/img\/icon-play.png","position":"middle_center"},"gif":{"name":"GIF icon","url":"https:\/\/onlinebettingspace.com\/wp-content\/plugins\/seo-by-rank-math\/assets\/admin\/img\/icon-gif.png","path":"\/home\/SuperAdmin\/web\/onlinebettingspace.com\/public_html\/wp-content\/plugins\/seo-by-rank-math\/assets\/admin\/img\/icon-gif.png","position":"middle_center"}},"defautOgImage":"https:\/\/onlinebettingspace.com\/wp-content\/uploads\/2022\/04\/OBS-FULL-LOGO.webp","customPermalinks":true,"isUserRegistered":true,"autoSuggestKeywords":true,"connectSiteUrl":"https:\/\/rankmath.com\/auth?site=https%3A%2F%2Fonlinebettingspace.com%2Fsk%2F&r=https%3A%2F%2Fonlinebettingspace.com%2Fsk%2Fwp-json%2Fwp%2Fv2%2Fpages%2F2396%3Fnonce%3D378e8040c1","maxTags":5,"trendsIcon":"<svg viewBox=\"0 0 610 610\"><path d=\"M18.85,446,174.32,290.48l58.08,58.08L76.93,504a14.54,14.54,0,0,1-20.55,0L18.83,466.48a14.54,14.54,0,0,1,0-20.55Z\" style=\"fill:#4285f4\"\/><path d=\"M242.65,242.66,377.59,377.6l-47.75,47.75a14.54,14.54,0,0,1-20.55,0L174.37,290.43l47.75-47.75A14.52,14.52,0,0,1,242.65,242.66Z\" style=\"fill:#ea4335\"\/><polygon points=\"319.53 319.53 479.26 159.8 537.34 217.88 377.61 377.62 319.53 319.53\" style=\"fill:#fabb05\"\/><path d=\"M594.26,262.73V118.61h0a16.94,16.94,0,0,0-16.94-16.94H433.2a16.94,16.94,0,0,0-12,28.92L565.34,274.71h0a16.94,16.94,0,0,0,28.92-12Z\" style=\"fill:#34a853\"\/><rect width=\"610\" height=\"610\" style=\"fill:none\"\/><\/svg>","showScore":true,"siteFavIcon":"https:\/\/onlinebettingspace.com\/wp-content\/uploads\/2022\/04\/OBS-LOGO-1.webp","canUser":{"general":false,"advanced":false,"snippet":false,"social":false,"analysis":false,"analytics":false,"content_ai":false},"showKeywordIntent":true,"isPro":false,"is_front_page":false,"trendsUpgradeLink":"https:\/\/rankmath.com\/pricing\/?utm_source=Plugin&utm_medium=CE%20General%20Tab%20Trends&utm_campaign=WP","trendsUpgradeLabel":"Upgrade","trendsPreviewImage":"https:\/\/onlinebettingspace.com\/wp-content\/plugins\/seo-by-rank-math\/assets\/admin\/img\/trends-preview.jpg","currentEditor":false,"homepageData":{"assessor":{"powerWords":[],"diacritics":true,"researchesTests":["contentHasTOC","contentHasShortParagraphs","contentHasAssets","keywordInTitle","keywordInMetaDescription","keywordInPermalink","keywordIn10Percent","keywordInContent","keywordInSubheadings","keywordInImageAlt","keywordDensity","keywordNotUsed","lengthContent","lengthPermalink","linksHasInternal","linksHasExternals","linksNotAllExternals","titleStartWithKeyword","titleSentiment","titleHasPowerWords","titleHasNumber","hasContentAI"],"hasBreadcrumb":false,"serpData":{"title":"%sitename% %page% %sep% %sitedesc%","description":"","titleTemplate":"%sitename% %page% %sep% %sitedesc%","descriptionTemplate":"","focusKeywords":"","breadcrumbTitle":"Home","robots":{"index":true},"advancedRobots":[],"facebookTitle":"","facebookDescription":"","facebookImage":"","facebookImageID":""}}},"tocTitle":"Table of Contents","tocExcludeHeadings":[],"listStyle":"ul"},"_links":{"self":[{"href":"https:\/\/onlinebettingspace.com\/sk\/wp-json\/wp\/v2\/pages\/2396","targetHints":{"allow":["GET"]}}],"collection":[{"href":"https:\/\/onlinebettingspace.com\/sk\/wp-json\/wp\/v2\/pages"}],"about":[{"href":"https:\/\/onlinebettingspace.com\/sk\/wp-json\/wp\/v2\/types\/page"}],"author":[{"embeddable":true,"href":"https:\/\/onlinebettingspace.com\/sk\/wp-json\/wp\/v2\/users\/1"}],"replies":[{"embeddable":true,"href":"https:\/\/onlinebettingspace.com\/sk\/wp-json\/wp\/v2\/comments?post=2396"}],"version-history":[{"count":0,"href":"https:\/\/onlinebettingspace.com\/sk\/wp-json\/wp\/v2\/pages\/2396\/revisions"}],"wp:attachment":[{"href":"https:\/\/onlinebettingspace.com\/sk\/wp-json\/wp\/v2\/media?parent=2396"}],"curies":[{"name":"wp","href":"https:\/\/api.w.org\/{rel}","templated":true}]}}