{"id":2384,"date":"2022-06-28T15:14:25","date_gmt":"2022-06-28T12:14:25","guid":{"rendered":"https:\/\/onlinebettingspace.com\/?page_id=2384"},"modified":"2022-06-28T15:14:25","modified_gmt":"2022-06-28T12:14:25","slug":"najlepsie-online-kasina","status":"publish","type":"page","link":"https:\/\/onlinebettingspace.com\/sk\/najlepsie-online-kasina\/","title":{"rendered":"NAJLEP\u0160IE ONLINE KAS\u00cdNA"},"content":{"rendered":"<section class=\"l-section wpb_row height_medium\"><div class=\"l-section-h i-cf\"><div class=\"g-cols vc_row via_flex valign_top type_default stacking_default\"><div class=\"vc_col-sm-12 wpb_column vc_column_container\"><div class=\"vc_column-inner\"><div class=\"wpb_wrapper\"><div class=\"wpb_text_column\"><div class=\"wpb_wrapper\"><h1>NAJLEP\u0160IE ONLINE KAS\u00cdNA NA INTERNETE<\/h1>\n<p>Ka\u017ed\u00fd ur\u010dite chce v\u017edy to najlep\u0161ie, \u010do m\u00f4\u017ee ma\u0165. A\u00a0preto sme si ist\u00ed, \u017ee n\u00e1v\u0161tevn\u00edci na\u0161ej str\u00e1nky si chc\u00fa zahra\u0165 v\u00a0tom\u00a0<strong>najlep\u0161om online cas\u00edne<\/strong>, ktor\u00e9 existuje, a\u00a0ktor\u00e9 je pre nich dostupn\u00e9.<\/p>\n<div>\n<div class=\" readMore _3w \">\n<p>T\u00edm hr\u00e1\u010dov z\u00a0<strong>Kasino-sk.com<\/strong>\u00a0preto osobne nav\u0161t\u00edvil r\u00f4zne\u00a0internetov\u00e9 kas\u00edna, aby v\u00e1m teraz mohol predstavi\u0165 tie najlep\u0161ie online casina, ktor\u00e9 si m\u00f4\u017eete aj vy vysk\u00fa\u0161a\u0165.<\/p>\n<p>Predt\u00fdm, ne\u017e sa pust\u00edme do odpor\u00fa\u010danie oh\u013eadom toho, ktor\u00e9 internetov\u00e9 kas\u00edno nav\u0161t\u00edvi\u0165 a\u00a0ktor\u00e9 nie sa najprv pozrime na krit\u00e9ria, ktor\u00e9 s\u00fa d\u00f4le\u017eit\u00e9 pri rozhodovan\u00ed, o\u00a0tom, ktor\u00fa online her\u0148u mo\u017eno vyhl\u00e1si\u0165 za najlep\u0161ie internetov\u00e9 kas\u00edno, a\u00a0ktor\u00fa nie.<\/p>\n<div class=\" WYSIWYG _30 \">\n<h2>\u010cO ROB\u00cd Z\u00a0ONLINE KAS\u00cdNA TO NAJLEP\u0160IE?<\/h2>\n<h3>Jazykov\u00e1 podpora<\/h3>\n<p><a href=\"\/sk\/slovenske-kasina\/\"><strong>Slovensk\u00e9 online casina<\/strong><\/a>\u00a0sa v\u0161eobecne te\u0161ia ve\u013ekej ob\u013eube slovensk\u00fdch hr\u00e1\u010dov, preto\u017ee nie je ni\u010d pr\u00edjemnej\u0161ie, ne\u017e pr\u00eds\u0165 do internetov\u00e9ho kas\u00edna, ktor\u00e9 je plne prelo\u017een\u00e9 do va\u0161ej materinskej re\u010di a okrem toho aj z\u00e1kazn\u00edcka podpora rozpr\u00e1va po slovensky a vy tak viete pohodlne vyrie\u0161i\u0165 ak\u00fdko\u013evek probl\u00e9m, \u010di ot\u00e1zku. Medzi najvyh\u013ead\u00e1vanej\u0161ie slovensk\u00e9 online cas\u00edna i nepochybne pre to patr\u00ed Kajot casino, ktor\u00e9 dokonca poch\u00e1dza zo Slovenska.<\/p>\n<h3>Najpopul\u00e1rnej\u0161ie casino hry<\/h3>\n<p>Tie najlep\u0161ie online casina musia ma\u0165 okrem \u0161irok\u00e9ho spektra rozli\u010dn\u00fdch casino hier aj mo\u017enos\u0165 zahra\u0165 si poker, mo\u017enos\u0165 tipovania ako v st\u00e1vkovej kancel\u00e1ri\u00ed alebo mo\u017enos\u0165 hra\u0165 ark\u00e1dov\u00e9 hry len tak pre z\u00e1bavu. Pokia\u013e kas\u00edno neposkytuje tieto mo\u017enosti, ale pon\u00faka len ve\u013emi obmedzen\u00fd rozsah kas\u00ednov\u00fdch hier, tak sa ur\u010dite nem\u00f4\u017ee radi\u0165 do zoznamu najlep\u0161\u00edch kas\u00edn.<\/p>\n<h3>\u0160irok\u00fd po\u010det mo\u017enost\u00ed, ako hra\u0165<\/h3>\n<p>\u010ealej mus\u00ed kas\u00edno, ktor\u00e9 chce by\u0165 zaraden\u00e9 do zoznamu najlep\u0161\u00edch online cas\u00edn poskytova\u0165 \u0161irok\u00fd form\u00e1t mo\u017enost\u00ed, ako hra\u0165 \u2013 preto mus\u00ed by\u0165 prisp\u00f4soben\u00e9 ako mobiln\u00e9 online casino a taktie\u017e ma\u0165 mo\u017enos\u0165 hra\u0165\u00a0<a href=\"\/sk\/live-casino\"><strong>hry v Live Casino<\/strong><\/a>\u00a0re\u017eime. Ako dobr\u00fd pr\u00edklad vieme spomen\u00fa\u0165\u00a0<strong>Royal Vegas<\/strong>\u00a0casino, ktor\u00e9 be\u017e\u00ed na softv\u00e9ri od Microgaming a tak pon\u00faka nielen \u0161irok\u00fa paletu\u00a0<a href=\"\/sk\/casino-hry\"><strong>najob\u013e\u00fabenej\u0161\u00edch kas\u00edno hier<\/strong><\/a>, ale tie\u017e podporuje mobiln\u00e9 hranie na skuto\u010dne sofistikovanej \u00farovni. Pokia\u013e online her\u0148a neposkytuje tieto dve mo\u017enosti, alebo ich poskytuje len v zna\u010dne obmedzenej miere, tak sa rozhodne nem\u00f4\u017ee uch\u00e1dza\u0165 o miesto v zozname najlep\u0161ie online kas\u00edna.<\/p>\n<h3>Slu\u017eby<\/h3>\n<p>Na z\u00e1ver nesmieme zabudn\u00fa\u0165 na v\u0161etky ostatn\u00e9 slu\u017eby, ktor\u00e9 musia ma\u0165 v\u0161etky najlep\u0161ie casina. Medzi to patr\u00ed podpora rozli\u010dn\u00fdch platobn\u00fdch syst\u00e9mov \u2013 najllep\u0161ia kas\u00edna sa nesm\u00fa ulakomi\u0165 a pon\u00faka\u0165 len podporu kreditn\u00fdch kariet a bankov\u00e9ho prevodu, ale musia tie\u017e podporova\u0165\u00a0<a href=\"\/sk\/moznosti-platby\"><strong>in\u00e9 platobn\u00e9 mo\u017enosti<\/strong><\/a>, ako napr\u00edklad Skrill\/Moneybookers, PayPal, PaySafeCard \u010di in\u00e9. \u010ealej je to ur\u010dite ponuka bonusov \u2013 nie v\u0161etci hr\u00e1\u010di si potrpia na ve\u013ek\u00e9 bonusov\u00e9 ponuky, no je viac ne\u017e samozrejm\u00e9, aby v\u0161etky najlep\u0161ie casina pon\u00fakali aspo\u0148 nejak\u00fd bonus \u2013 \u010di pri vstupe, pri opakovanom vklade alebo pri in\u00fdch pr\u00edle\u017eitostiach.<\/p>\n<p>Najlep\u0161ie online kasina sa okrem toho nesm\u00fa ud\u00e1va\u0165 ve\u013emi nev\u00fdhodn\u00e9\u00a0<a href=\"\/sk\/bonus\"><strong>podmienky pret\u00e1\u010dania bonusu<\/strong><\/a>\u00a0\u2013 napr\u00edklad, \u017ee bonus sa d\u00e1 preto\u010di\u0165 len cez hracie automaty a podobne. Okrem bonusov je to samozrejme aj mieru n\u00e1vratnosti \u2013 \u017eiadne najlep\u0161ia casina si nem\u00f4\u017eu na svojich hr\u00e1ch dovoli\u0165 n\u00edzku mieru n\u00e1vratnosti, preto\u017ee by sa jednozna\u010dne jednalo o ve\u013emi nev\u00fdhodn\u00e9 kas\u00edno.<\/p>\n<p>Toto v\u0161etko, \u010do sme pr\u00e1ve spomenuli, s\u00fa d\u00f4le\u017eit\u00e9 body, ktor\u00e9 odde\u013euj\u00fa be\u017en\u00e9 online kas\u00edna od najlep\u0161\u00edch online kas\u00edn. V tomto \u010dl\u00e1nku v\u00e1m okrem podrobn\u00e9ho vysvetlenia prin\u00e1\u0161ame aj zoznam internetov\u00fdch hern\u00ed, o ktor\u00fdch si n\u00e1\u0161 t\u00edm mysl\u00ed, \u017ee s\u00fa tie najlep\u0161ie a ur\u010dite stoja za n\u00e1v\u0161tevu. Preto u\u017e skuto\u010dne nem\u00e1te \u017eiaden d\u00f4vod zost\u00e1va\u0165 nerozhodnut\u00ed!<\/p>\n<\/div>\n<section class=\" multimedia_conversion _5b widgetWrapper _39 regular _5o video _5l \" data-widget-id=\"73890\" data-widget-type=\"Multimedia_Conversion\" data-brand-id=\"68019\">\n<div class=\" row _o all-wrapper _5c \">\n<div class=\" col-xs-12 _1y col-sm-8 _1j graphic-wrapper _5d widget-bg-color _bt \">\n<div class=\" iframe_wrapper _5m \">\n<h2>TOP ODPOR\u00da\u010cAN\u00c9 ONLINE KAS\u00cdNA<\/h2>\n<p>Na s\u00fa\u010dasnom kas\u00ednovom trhu p\u00f4sobia desiatky online spolo\u010dnost\u00ed, ktor\u00e9 maj\u00fa pod palcom stovky online kas\u00edn. Av\u0161ak len h\u0155stka online kas\u00edn si m\u00f4\u017ee n\u00e1rokova\u0165 titul \u201etop\u201c alebo elitn\u00fdch online kas\u00edn. Pozrite sa, ktor\u00e9 online kas\u00edna pova\u017eujeme za tie najlep\u0161ie na s\u00fa\u010dasnom trhu.<\/p>\n<ul>\n<li><a href=\"\/sk\/royal-vegas-casino\"><strong>Royal Vegas<\/strong><\/a><\/li>\n<\/ul>\n<p>V\u010faka na\u0161im nad\u0161tandardne dobr\u00fdm vz\u0165ahom s\u00a0Royal Vegas v\u00e1m namiesto \u20ac1.200 uv\u00edtacieho bal\u00ed\u010dka, vieme pon\u00faknu\u0165 mo\u017enos\u0165 z\u00edska\u0165 a\u017e \u20ac2.200 zadarmo. I\u00a0uv\u00edtac\u00ed bal\u00ed\u010dek potvrdzuje, \u017ee Royal Vegas je online kas\u00edno pln\u00e9 ve\u013ek\u00fdch bonusov, kvalitn\u00fdch hier a\u00a0\u010dast\u00fdch akci\u00ed. Je tie\u017e dr\u017eite\u013eom certifik\u00e1tu od spolo\u010dnosti eCOGRA, v\u010faka \u010domu m\u00f4\u017eeme kas\u00edno ozna\u010di\u0165 za absol\u00fatne bezpe\u010dn\u00e9. V\u00a0Royal Vegas si bez probl\u00e9mov zahr\u00e1te ako na po\u010d\u00edta\u010doch, tak aj na mobiln\u00fdch telef\u00f3noch \u010di tabletoch.<\/p>\n<ul>\n<li><a href=\"\/sk\/kajot-casino\"><strong>Kajot Casino<\/strong><\/a><\/li>\n<\/ul>\n<p>V\u010faka kamenn\u00fdm herniam je zna\u010dka Kajot dobre zn\u00e1ma i\u00a0na Slovensku. Tuzemsk\u00ed hr\u00e1\u010di v\u0161ak m\u00f4\u017eu vyu\u017ei\u0165 aj v\u00fdhod online kas\u00edna, ktor\u00e9 len za registr\u00e1ciu d\u00e1va 70 spinov zadarmo. Kajot na hr\u00e1\u010doch rozhodne ne\u0161etr\u00ed a\u00a0serv\u00edruje im sam\u00e9 bonusy \u2013 \u20ac300 uv\u00edtac\u00ed bonus, \u010falej narodeninov\u00fd bonus, bonus priate\u013estva a\u00a0k\u00a0tomu v\u0161etk\u00e9mu pon\u00faka aj turnaje, mobiln\u00fa aplik\u00e1ciu \u010di dokonca nie\u010do tak\u00e9 ako vklady cez mobiln\u00fd telef\u00f3n prostredn\u00edctvom sms spr\u00e1vy. Niet sa \u010domu divi\u0165, \u017ee Kajot patr\u00ed medzi top kas\u00edna pre slovensk\u00fdch hr\u00e1\u010dov.<\/p>\n<ul>\n<li><a href=\"\/sk\/casinoeuro\"><strong>CasinoEuro<\/strong><\/a><\/li>\n<\/ul>\n<p>Ponukou a\u017e viac ne\u017e 1.300 hier sa m\u00f4\u017ee pochv\u00e1li\u0165 \u010fal\u0161ie prvotriedne online kas\u00edno, CasinoEuro. Okrem bezkonkuren\u010dne ve\u013ekej ponuky hier sa v\u00a0\u0148om m\u00f4\u017eete te\u0161i\u0165 na \u20ac300 uv\u00edtac\u00ed bonus, pravidelne aktualizovan\u00e9 promo akcie o\u00a0zauj\u00edmav\u00e9 ceny, ako aj na \u0161pi\u010dkov\u00e9 slu\u017eby. Do 30 sek\u00fand k\u00a0v\u00e1m na va\u0161e zavolanie pr\u00edde pracovn\u00edk na z\u00e1kazn\u00edckom \u017eivom chate, odpove\u010f na e-mail v\u00e1m v\u00e4\u010d\u0161inou pr\u00edde do 60 min\u00fat. Navy\u0161e, CasinoEuro vyvinulo aj vlastn\u00fa mobiln\u00fa aplik\u00e1ciu, v\u010faka ktorej si jeho hry zahr\u00e1te kedyko\u013evek a\u00a0kdeko\u013evek len s\u00a0mobiln\u00fdm telef\u00f3nom poruke.<\/p>\n<ul>\n<li><a href=\"\/sk\/bet365-casino\"><strong>Bet365<\/strong><\/a><\/li>\n<\/ul>\n<p>Tradi\u010dn\u00e1 zna\u010dka Bet365 s\u00edce pon\u00faka len \u20ac100 vstupn\u00fd bonus, no za to s\u00a0dobr\u00fdmi st\u00e1vkov\u00fdmi po\u017eiadavkami. Ako jedno z\u00a0m\u00e1la online kas\u00edn na trhu m\u00e1 vlastn\u00fa aplik\u00e1ciu pre mobiln\u00fdch hr\u00e1\u010dov. Pre hr\u00e1\u010dov m\u00e1 pravidelne prichystan\u00e9 nejak\u00e9 nov\u00e9 akcie, aby n\u00e1hodou neupadli do rutiny a\u00a0v\u0161ednosti. Po\u010det hier nepatr\u00ed k\u00a0najv\u00e4\u010d\u0161\u00edm, no neabsentuj\u00fa tu live casino hry. Softv\u00e9r kas\u00edna si dokonca m\u00f4\u017eete stiahnu\u0165 do svojich zariaden\u00ed a\u00a0sp\u00fa\u0161\u0165a\u0165 ho odtia\u013eto.<\/p>\n<ul>\n<li><a href=\"\/sk\/astralbet-casino\"><strong>AstralBet<\/strong><\/a><\/li>\n<\/ul>\n<p>AstralBet pon\u00faka jeden z\u00a0najv\u00e4\u010d\u0161\u00edch uv\u00edtac\u00edch bal\u00ed\u010dkov na trhu, v\u00a0celkovej hodnote a\u017e \u20ac3.000. Peniaze m\u00f4\u017eete rozto\u010di\u0165 na jednej z\u00a0800 hier, ktor\u00e9 si spust\u00edte ako len chcete, cez mobil, tablet i\u00a0po\u010d\u00edta\u010d. AstralBet pon\u00faka skvel\u00fa ponuku pre ne-automatov\u00fdch hr\u00e1\u010dov, ktor\u00fa tvor\u00ed 200 stoln\u00fdch hier. Garanciou kvality s\u00fa hry od Microgaming, NetEnt alebo Play\u00b4n Go. V\u00a0pr\u00edpade, \u017ee by sa vyskytol ak\u00fdko\u013evek probl\u00e9m, z\u00e1kazn\u00edcka podpora funguje 24 hod\u00edn denne, 7 dn\u00ed v\u00a0t\u00fd\u017edni.<\/p>\n<h2><strong>SUM\u00c1R<\/strong><\/h2>\n<p>Na kas\u00ednovom trhu dnes podnikaj\u00fa stovky online kas\u00edn. Niektor\u00e9 s\u00fa f\u00e9rovej\u0161ie, ne\u017e in\u00e9, \u010fal\u0161ie toho pon\u00fakaj\u00fa viac ne\u017e konkurencia. Ak chcete vedie\u0165, ktor\u00e9 online kas\u00edna s\u00fa najlep\u0161ie, na ktor\u00fdch je pre v\u00e1s najvhodnej\u0161ie hr\u00e1va\u0165, ur\u010dite sledujte na\u0161u str\u00e1nku, kde pon\u00fakame len preveren\u00e9 a\u00a0skontrolovan\u00e9 online kas\u00edna.<\/p>\n<\/div>\n<\/div>\n<\/div>\n<\/section>\n<\/div>\n<\/div>\n<\/div><\/div><\/div><\/div><\/div><\/div><\/div><\/section>\n","protected":false},"excerpt":{"rendered":"NAJLEP\u0160IE ONLINE KAS\u00cdNA NA INTERNETE Ka\u017ed\u00fd ur\u010dite chce v\u017edy to najlep\u0161ie, \u010do m\u00f4\u017ee ma\u0165. A\u00a0preto sme si ist\u00ed, \u017ee n\u00e1v\u0161tevn\u00edci na\u0161ej str\u00e1nky si chc\u00fa zahra\u0165 v\u00a0tom\u00a0najlep\u0161om online cas\u00edne, ktor\u00e9 existuje, a\u00a0ktor\u00e9 je pre nich dostupn\u00e9. T\u00edm hr\u00e1\u010dov z\u00a0Kasino-sk.com\u00a0preto osobne nav\u0161t\u00edvil r\u00f4zne\u00a0internetov\u00e9 kas\u00edna, aby v\u00e1m teraz mohol predstavi\u0165 tie najlep\u0161ie online casina, ktor\u00e9 si m\u00f4\u017eete aj...","protected":false},"author":1,"featured_media":0,"parent":0,"menu_order":0,"comment_status":"closed","ping_status":"closed","template":"","meta":{"_acf_changed":false,"footnotes":""},"class_list":["post-2384","page","type-page","status-publish","hentry"],"acf":[],"rankMath":{"parentDomain":"onlinebettingspace.com","noFollowDomains":[],"noFollowExcludeDomains":[],"noFollowExternalLinks":false,"featuredImageNotice":"The featured image should be at least 200 by 200 pixels to be picked up by Facebook and other social media sites.","pluginReviewed":true,"postSettings":{"linkSuggestions":true,"useFocusKeyword":false},"frontEndScore":false,"postName":"najlepsie-online-kasina","permalinkFormat":"https:\/\/onlinebettingspace.com\/sk\/%pagename%\/","showLockModifiedDate":true,"assessor":{"focusKeywordLink":"https:\/\/onlinebettingspace.com\/wp-admin\/edit.php?focus_keyword=%focus_keyword%&post_type=%post_type%","hasTOCPlugin":false,"primaryTaxonomy":false,"serpData":{"title":"Najlep\u0161ie online casina na internete","description":"Chete si zahra\u0165 v modernom a kvalitnom online kas\u00edne, no ponuka je pr\u00edli\u0161 ve\u013ek\u00e1 a vy neviete, ktor\u00e9 je to najlep\u0161ie? My v\u00e1m ihne\u010f porad\u00edme!","focusKeywords":"","pillarContent":false,"canonicalUrl":"","breadcrumbTitle":"","advancedRobots":[],"facebookTitle":"","facebookDescription":"","facebookImage":"","facebookImageID":"","facebookHasOverlay":false,"facebookImageOverlay":"","facebookAuthor":"","twitterCardType":"","twitterUseFacebook":true,"twitterTitle":"","twitterDescription":"","twitterImage":"","twitterImageID":"","twitterHasOverlay":false,"twitterImageOverlay":"","twitterPlayerUrl":"","twitterPlayerSize":"","twitterPlayerStream":"","twitterPlayerStreamCtype":"","twitterAppDescription":"","twitterAppIphoneName":"","twitterAppIphoneID":"","twitterAppIphoneUrl":"","twitterAppIpadName":"","twitterAppIpadID":"","twitterAppIpadUrl":"","twitterAppGoogleplayName":"","twitterAppGoogleplayID":"","twitterAppGoogleplayUrl":"","twitterAppCountry":"","robots":{"index":true},"twitterAuthor":"username","primaryTerm":0,"authorName":"OBSAdmin","titleTemplate":"%title% %sep% %sitename%","descriptionTemplate":"%excerpt%","showScoreFrontend":true,"lockModifiedDate":false},"powerWords":[],"diacritics":{"A":"[\\u0041\\u24B6\\uFF21\\u00C0\\u00C1\\u00C2\\u1EA6\\u1EA4\\u1EAA\\u1EA8\\u00C3\\u0100\\u0102\\u1EB0\\u1EAE\\u1EB4\\u1EB2\\u0226\\u01E0\\u00C4\\u01DE\\u1EA2\\u00C5\\u01FA\\u01CD\\u0200\\u0202\\u1EA0\\u1EAC\\u1EB6\\u1E00\\u0104\\u023A\\u2C6F]","AA":"[\\uA732]","AE":"[\\u00C6\\u01FC\\u01E2]","AO":"[\\uA734]","AU":"[\\uA736]","AV":"[\\uA738\\uA73A]","AY":"[\\uA73C]","B":"[\\u0042\\u24B7\\uFF22\\u1E02\\u1E04\\u1E06\\u0243\\u0182\\u0181]","C":"[\\u0043\\u24B8\\uFF23\\u0106\\u0108\\u010A\\u010C\\u00C7\\u1E08\\u0187\\u023B\\uA73E]","D":"[\\u0044\\u24B9\\uFF24\\u1E0A\\u010E\\u1E0C\\u1E10\\u1E12\\u1E0E\\u0110\\u018B\\u018A\\u0189\\uA779]","DZ":"[\\u01F1\\u01C4]","Dz":"[\\u01F2\\u01C5]","E":"[\\u0045\\u24BA\\uFF25\\u00C8\\u00C9\\u00CA\\u1EC0\\u1EBE\\u1EC4\\u1EC2\\u1EBC\\u0112\\u1E14\\u1E16\\u0114\\u0116\\u00CB\\u1EBA\\u011A\\u0204\\u0206\\u1EB8\\u1EC6\\u0228\\u1E1C\\u0118\\u1E18\\u1E1A\\u0190\\u018E]","F":"[\\u0046\\u24BB\\uFF26\\u1E1E\\u0191\\uA77B]","G":"[\\u0047\\u24BC\\uFF27\\u01F4\\u011C\\u1E20\\u011E\\u0120\\u01E6\\u0122\\u01E4\\u0193\\uA7A0\\uA77D\\uA77E]","H":"[\\u0048\\u24BD\\uFF28\\u0124\\u1E22\\u1E26\\u021E\\u1E24\\u1E28\\u1E2A\\u0126\\u2C67\\u2C75\\uA78D]","I":"[\\u0049\\u24BE\\uFF29\\u00CC\\u00CD\\u00CE\\u0128\\u012A\\u012C\\u0130\\u00CF\\u1E2E\\u1EC8\\u01CF\\u0208\\u020A\\u1ECA\\u012E\\u1E2C\\u0197]","J":"[\\u004A\\u24BF\\uFF2A\\u0134\\u0248]","K":"[\\u004B\\u24C0\\uFF2B\\u1E30\\u01E8\\u1E32\\u0136\\u1E34\\u0198\\u2C69\\uA740\\uA742\\uA744\\uA7A2]","L":"[\\u004C\\u24C1\\uFF2C\\u013F\\u0139\\u013D\\u1E36\\u1E38\\u013B\\u1E3C\\u1E3A\\u0141\\u023D\\u2C62\\u2C60\\uA748\\uA746\\uA780]","LJ":"[\\u01C7]","Lj":"[\\u01C8]","M":"[\\u004D\\u24C2\\uFF2D\\u1E3E\\u1E40\\u1E42\\u2C6E\\u019C]","N":"[\\u004E\\u24C3\\uFF2E\\u01F8\\u0143\\u00D1\\u1E44\\u0147\\u1E46\\u0145\\u1E4A\\u1E48\\u0220\\u019D\\uA790\\uA7A4]","NJ":"[\\u01CA]","Nj":"[\\u01CB]","O":"[\\u004F\\u24C4\\uFF2F\\u00D2\\u00D3\\u00D4\\u1ED2\\u1ED0\\u1ED6\\u1ED4\\u00D5\\u1E4C\\u022C\\u1E4E\\u014C\\u1E50\\u1E52\\u014E\\u022E\\u0230\\u00D6\\u022A\\u1ECE\\u0150\\u01D1\\u020C\\u020E\\u01A0\\u1EDC\\u1EDA\\u1EE0\\u1EDE\\u1EE2\\u1ECC\\u1ED8\\u01EA\\u01EC\\u00D8\\u01FE\\u0186\\u019F\\uA74A\\uA74C]","OI":"[\\u01A2]","OO":"[\\uA74E]","OU":"[\\u0222]","P":"[\\u0050\\u24C5\\uFF30\\u1E54\\u1E56\\u01A4\\u2C63\\uA750\\uA752\\uA754]","Q":"[\\u0051\\u24C6\\uFF31\\uA756\\uA758\\u024A]","R":"[\\u0052\\u24C7\\uFF32\\u0154\\u1E58\\u0158\\u0210\\u0212\\u1E5A\\u1E5C\\u0156\\u1E5E\\u024C\\u2C64\\uA75A\\uA7A6\\uA782]","S":"[\\u0053\\u24C8\\uFF33\\u1E9E\\u015A\\u1E64\\u015C\\u1E60\\u0160\\u1E66\\u1E62\\u1E68\\u0218\\u015E\\u2C7E\\uA7A8\\uA784]","T":"[\\u0054\\u24C9\\uFF34\\u1E6A\\u0164\\u1E6C\\u021A\\u0162\\u1E70\\u1E6E\\u0166\\u01AC\\u01AE\\u023E\\uA786]","TZ":"[\\uA728]","U":"[\\u0055\\u24CA\\uFF35\\u00D9\\u00DA\\u00DB\\u0168\\u1E78\\u016A\\u1E7A\\u016C\\u00DC\\u01DB\\u01D7\\u01D5\\u01D9\\u1EE6\\u016E\\u0170\\u01D3\\u0214\\u0216\\u01AF\\u1EEA\\u1EE8\\u1EEE\\u1EEC\\u1EF0\\u1EE4\\u1E72\\u0172\\u1E76\\u1E74\\u0244]","V":"[\\u0056\\u24CB\\uFF36\\u1E7C\\u1E7E\\u01B2\\uA75E\\u0245]","VY":"[\\uA760]","W":"[\\u0057\\u24CC\\uFF37\\u1E80\\u1E82\\u0174\\u1E86\\u1E84\\u1E88\\u2C72]","X":"[\\u0058\\u24CD\\uFF38\\u1E8A\\u1E8C]","Y":"[\\u0059\\u24CE\\uFF39\\u1EF2\\u00DD\\u0176\\u1EF8\\u0232\\u1E8E\\u0178\\u1EF6\\u1EF4\\u01B3\\u024E\\u1EFE]","Z":"[\\u005A\\u24CF\\uFF3A\\u0179\\u1E90\\u017B\\u017D\\u1E92\\u1E94\\u01B5\\u0224\\u2C7F\\u2C6B\\uA762]","a":"[\\u0061\\u24D0\\uFF41\\u1E9A\\u00E0\\u00E1\\u00E2\\u1EA7\\u1EA5\\u1EAB\\u1EA9\\u00E3\\u0101\\u0103\\u1EB1\\u1EAF\\u1EB5\\u1EB3\\u0227\\u01E1\\u00E4\\u01DF\\u1EA3\\u00E5\\u01FB\\u01CE\\u0201\\u0203\\u1EA1\\u1EAD\\u1EB7\\u1E01\\u0105\\u2C65\\u0250]","aa":"[\\uA733]","ae":"[\\u00E6\\u01FD\\u01E3]","ao":"[\\uA735]","au":"[\\uA737]","av":"[\\uA739\\uA73B]","ay":"[\\uA73D]","b":"[\\u0062\\u24D1\\uFF42\\u1E03\\u1E05\\u1E07\\u0180\\u0183\\u0253]","c":"[\\u0063\\u24D2\\uFF43\\u0107\\u0109\\u010B\\u010D\\u00E7\\u1E09\\u0188\\u023C\\uA73F\\u2184]","d":"[\\u0064\\u24D3\\uFF44\\u1E0B\\u010F\\u1E0D\\u1E11\\u1E13\\u1E0F\\u0111\\u018C\\u0256\\u0257\\uA77A]","dz":"[\\u01F3\\u01C6]","e":"[\\u0065\\u24D4\\uFF45\\u00E8\\u00E9\\u00EA\\u1EC1\\u1EBF\\u1EC5\\u1EC3\\u1EBD\\u0113\\u1E15\\u1E17\\u0115\\u0117\\u00EB\\u1EBB\\u011B\\u0205\\u0207\\u1EB9\\u1EC7\\u0229\\u1E1D\\u0119\\u1E19\\u1E1B\\u0247\\u025B\\u01DD]","f":"[\\u0066\\u24D5\\uFF46\\u1E1F\\u0192\\uA77C]","g":"[\\u0067\\u24D6\\uFF47\\u01F5\\u011D\\u1E21\\u011F\\u0121\\u01E7\\u0123\\u01E5\\u0260\\uA7A1\\u1D79\\uA77F]","h":"[\\u0068\\u24D7\\uFF48\\u0125\\u1E23\\u1E27\\u021F\\u1E25\\u1E29\\u1E2B\\u1E96\\u0127\\u2C68\\u2C76\\u0265]","hv":"[\\u0195]","i":"[\\u0069\\u24D8\\uFF49\\u00EC\\u00ED\\u00EE\\u0129\\u012B\\u012D\\u00EF\\u1E2F\\u1EC9\\u01D0\\u0209\\u020B\\u1ECB\\u012F\\u1E2D\\u0268\\u0131]","j":"[\\u006A\\u24D9\\uFF4A\\u0135\\u01F0\\u0249]","k":"[\\u006B\\u24DA\\uFF4B\\u1E31\\u01E9\\u1E33\\u0137\\u1E35\\u0199\\u2C6A\\uA741\\uA743\\uA745\\uA7A3]","l":"[\\u006C\\u24DB\\uFF4C\\u0140\\u013A\\u013E\\u1E37\\u1E39\\u013C\\u1E3D\\u1E3B\\u017F\\u0142\\u019A\\u026B\\u2C61\\uA749\\uA781\\uA747]","lj":"[\\u01C9]","m":"[\\u006D\\u24DC\\uFF4D\\u1E3F\\u1E41\\u1E43\\u0271\\u026F]","n":"[\\u006E\\u24DD\\uFF4E\\u01F9\\u0144\\u00F1\\u1E45\\u0148\\u1E47\\u0146\\u1E4B\\u1E49\\u019E\\u0272\\u0149\\uA791\\uA7A5]","nj":"[\\u01CC]","o":"[\\u006F\\u24DE\\uFF4F\\u00F2\\u00F3\\u00F4\\u1ED3\\u1ED1\\u1ED7\\u1ED5\\u00F5\\u1E4D\\u022D\\u1E4F\\u014D\\u1E51\\u1E53\\u014F\\u022F\\u0231\\u00F6\\u022B\\u1ECF\\u0151\\u01D2\\u020D\\u020F\\u01A1\\u1EDD\\u1EDB\\u1EE1\\u1EDF\\u1EE3\\u1ECD\\u1ED9\\u01EB\\u01ED\\u00F8\\u01FF\\u0254\\uA74B\\uA74D\\u0275]","oi":"[\\u01A3]","ou":"[\\u0223]","oo":"[\\uA74F]","p":"[\\u0070\\u24DF\\uFF50\\u1E55\\u1E57\\u01A5\\u1D7D\\uA751\\uA753\\uA755]","q":"[\\u0071\\u24E0\\uFF51\\u024B\\uA757\\uA759]","r":"[\\u0072\\u24E1\\uFF52\\u0155\\u1E59\\u0159\\u0211\\u0213\\u1E5B\\u1E5D\\u0157\\u1E5F\\u024D\\u027D\\uA75B\\uA7A7\\uA783]","s":"[\\u0073\\u24E2\\uFF53\\u015B\\u1E65\\u015D\\u1E61\\u0161\\u1E67\\u1E63\\u1E69\\u0219\\u015F\\u023F\\uA7A9\\uA785\\u1E9B]","ss":"[\\u00DF]","t":"[\\u0074\\u24E3\\uFF54\\u1E6B\\u1E97\\u0165\\u1E6D\\u021B\\u0163\\u1E71\\u1E6F\\u0167\\u01AD\\u0288\\u2C66\\uA787]","tz":"[\\uA729]","u":"[\\u0075\\u24E4\\uFF55\\u00F9\\u00FA\\u00FB\\u0169\\u1E79\\u016B\\u1E7B\\u016D\\u00FC\\u01DC\\u01D8\\u01D6\\u01DA\\u1EE7\\u016F\\u0171\\u01D4\\u0215\\u0217\\u01B0\\u1EEB\\u1EE9\\u1EEF\\u1EED\\u1EF1\\u1EE5\\u1E73\\u0173\\u1E77\\u1E75\\u0289]","v":"[\\u0076\\u24E5\\uFF56\\u1E7D\\u1E7F\\u028B\\uA75F\\u028C]","vy":"[\\uA761]","w":"[\\u0077\\u24E6\\uFF57\\u1E81\\u1E83\\u0175\\u1E87\\u1E85\\u1E98\\u1E89\\u2C73]","x":"[\\u0078\\u24E7\\uFF58\\u1E8B\\u1E8D]","y":"[\\u0079\\u24E8\\uFF59\\u1EF3\\u00FD\\u0177\\u1EF9\\u0233\\u1E8F\\u00FF\\u1EF7\\u1E99\\u1EF5\\u01B4\\u024F\\u1EFF]","z":"[\\u007A\\u24E9\\uFF5A\\u017A\\u1E91\\u017C\\u017E\\u1E93\\u1E95\\u01B6\\u0225\\u0240\\u2C6C\\uA763]"},"researchesTests":["contentHasTOC","contentHasShortParagraphs","contentHasAssets","keywordInTitle","keywordInMetaDescription","keywordInPermalink","keywordIn10Percent","keywordInContent","keywordInSubheadings","keywordInImageAlt","keywordDensity","keywordNotUsed","lengthContent","lengthPermalink","linksHasInternal","linksHasExternals","linksNotAllExternals","titleStartWithKeyword","titleSentiment","titleHasPowerWords","titleHasNumber","hasContentAI"],"hasRedirection":true,"hasBreadcrumb":false},"homeUrl":"https:\/\/onlinebettingspace.com\/sk\/","objectID":2384,"objectType":"post","locale":"sk","localeFull":"sk_SK","overlayImages":{"play":{"name":"Play icon","url":"https:\/\/onlinebettingspace.com\/wp-content\/plugins\/seo-by-rank-math\/assets\/admin\/img\/icon-play.png","path":"\/home\/SuperAdmin\/web\/onlinebettingspace.com\/public_html\/wp-content\/plugins\/seo-by-rank-math\/assets\/admin\/img\/icon-play.png","position":"middle_center"},"gif":{"name":"GIF icon","url":"https:\/\/onlinebettingspace.com\/wp-content\/plugins\/seo-by-rank-math\/assets\/admin\/img\/icon-gif.png","path":"\/home\/SuperAdmin\/web\/onlinebettingspace.com\/public_html\/wp-content\/plugins\/seo-by-rank-math\/assets\/admin\/img\/icon-gif.png","position":"middle_center"}},"defautOgImage":"https:\/\/onlinebettingspace.com\/wp-content\/uploads\/2022\/04\/OBS-FULL-LOGO.webp","customPermalinks":true,"isUserRegistered":true,"autoSuggestKeywords":true,"connectSiteUrl":"https:\/\/rankmath.com\/auth?site=https%3A%2F%2Fonlinebettingspace.com%2Fsk%2F&r=https%3A%2F%2Fonlinebettingspace.com%2Fsk%2Fwp-json%2Fwp%2Fv2%2Fpages%2F2384%3Fnonce%3Dc963eac197","maxTags":5,"trendsIcon":"<svg viewBox=\"0 0 610 610\"><path d=\"M18.85,446,174.32,290.48l58.08,58.08L76.93,504a14.54,14.54,0,0,1-20.55,0L18.83,466.48a14.54,14.54,0,0,1,0-20.55Z\" style=\"fill:#4285f4\"\/><path d=\"M242.65,242.66,377.59,377.6l-47.75,47.75a14.54,14.54,0,0,1-20.55,0L174.37,290.43l47.75-47.75A14.52,14.52,0,0,1,242.65,242.66Z\" style=\"fill:#ea4335\"\/><polygon points=\"319.53 319.53 479.26 159.8 537.34 217.88 377.61 377.62 319.53 319.53\" style=\"fill:#fabb05\"\/><path d=\"M594.26,262.73V118.61h0a16.94,16.94,0,0,0-16.94-16.94H433.2a16.94,16.94,0,0,0-12,28.92L565.34,274.71h0a16.94,16.94,0,0,0,28.92-12Z\" style=\"fill:#34a853\"\/><rect width=\"610\" height=\"610\" style=\"fill:none\"\/><\/svg>","showScore":true,"siteFavIcon":"https:\/\/onlinebettingspace.com\/wp-content\/uploads\/2022\/04\/OBS-LOGO-1.webp","canUser":{"general":false,"advanced":false,"snippet":false,"social":false,"analysis":false,"analytics":false,"content_ai":false},"showKeywordIntent":true,"isPro":false,"is_front_page":false,"trendsUpgradeLink":"https:\/\/rankmath.com\/pricing\/?utm_source=Plugin&utm_medium=CE%20General%20Tab%20Trends&utm_campaign=WP","trendsUpgradeLabel":"Upgrade","trendsPreviewImage":"https:\/\/onlinebettingspace.com\/wp-content\/plugins\/seo-by-rank-math\/assets\/admin\/img\/trends-preview.jpg","currentEditor":false,"homepageData":{"assessor":{"powerWords":[],"diacritics":true,"researchesTests":["contentHasTOC","contentHasShortParagraphs","contentHasAssets","keywordInTitle","keywordInMetaDescription","keywordInPermalink","keywordIn10Percent","keywordInContent","keywordInSubheadings","keywordInImageAlt","keywordDensity","keywordNotUsed","lengthContent","lengthPermalink","linksHasInternal","linksHasExternals","linksNotAllExternals","titleStartWithKeyword","titleSentiment","titleHasPowerWords","titleHasNumber","hasContentAI"],"hasBreadcrumb":false,"serpData":{"title":"%sitename% %page% %sep% %sitedesc%","description":"","titleTemplate":"%sitename% %page% %sep% %sitedesc%","descriptionTemplate":"","focusKeywords":"","breadcrumbTitle":"Home","robots":{"index":true},"advancedRobots":[],"facebookTitle":"","facebookDescription":"","facebookImage":"","facebookImageID":""}}},"tocTitle":"Table of Contents","tocExcludeHeadings":[],"listStyle":"ul"},"_links":{"self":[{"href":"https:\/\/onlinebettingspace.com\/sk\/wp-json\/wp\/v2\/pages\/2384","targetHints":{"allow":["GET"]}}],"collection":[{"href":"https:\/\/onlinebettingspace.com\/sk\/wp-json\/wp\/v2\/pages"}],"about":[{"href":"https:\/\/onlinebettingspace.com\/sk\/wp-json\/wp\/v2\/types\/page"}],"author":[{"embeddable":true,"href":"https:\/\/onlinebettingspace.com\/sk\/wp-json\/wp\/v2\/users\/1"}],"replies":[{"embeddable":true,"href":"https:\/\/onlinebettingspace.com\/sk\/wp-json\/wp\/v2\/comments?post=2384"}],"version-history":[{"count":0,"href":"https:\/\/onlinebettingspace.com\/sk\/wp-json\/wp\/v2\/pages\/2384\/revisions"}],"wp:attachment":[{"href":"https:\/\/onlinebettingspace.com\/sk\/wp-json\/wp\/v2\/media?parent=2384"}],"curies":[{"name":"wp","href":"https:\/\/api.w.org\/{rel}","templated":true}]}}