{"id":2363,"date":"2022-06-28T14:21:50","date_gmt":"2022-06-28T11:21:50","guid":{"rendered":"https:\/\/onlinebettingspace.com\/?page_id=2363"},"modified":"2022-06-28T14:21:50","modified_gmt":"2022-06-28T11:21:50","slug":"stavkove-poziadavky","status":"publish","type":"page","link":"https:\/\/onlinebettingspace.com\/sk\/stavkove-poziadavky\/","title":{"rendered":"STAVKOVE POZIADAVKY"},"content":{"rendered":"<section class=\"l-section wpb_row height_medium\"><div class=\"l-section-h i-cf\"><div class=\"g-cols vc_row via_flex valign_top type_default stacking_default\"><div class=\"vc_col-sm-12 wpb_column vc_column_container\"><div class=\"vc_column-inner\"><div class=\"wpb_wrapper\"><div class=\"wpb_text_column\"><div class=\"wpb_wrapper\"><h1>SP\u0139\u0147A\u0164 PO\u017dIADAVKY UVEDEN\u00c9 V BONUSOV\u00ddCH PODMIENKACH<\/h1>\n<p>Pokia\u013e sa rozhodnete hra\u0165 online casinov\u00e9 hry o skuto\u010dn\u00e9 peniaze, tak sa ve\u013emi \u010dasto budete stret\u00e1va\u0165 so slovensk\u00fdm spojen\u00fdm\u00a0wagering requirements, teda v preklade st\u00e1vkov\u00e9 po\u017eiadavky.\u00a0St\u00e1vkov\u00e9 po\u017eiadavky\u00a0s\u00fa \u00fazko prepojen\u00e9 s \u010fal\u0161\u00edm ve\u013ek\u00fdm fenom\u00e9nom online casinov\u00e9ho sveta a to s\u00fa bonusy. M\u00f4\u017ee to by\u0165 bonus pri prvom vklade, druhom vklade, pri \u010fal\u0161om vklade, skr\u00e1tka ak\u00fdko\u013evek bonus.<\/p>\n<div class=\"WYSIWYG\">\n<h2>\u010cO S\u00da TO ST\u00c1VKOV\u00c9 PO\u017dIADAVKY?<\/h2>\n<p>V pr\u00edpade drvivej v\u00e4\u010d\u0161iny online casin bude tento bonus za\u0165a\u017een\u00fd pr\u00e1ve nejak\u00fdmi wagering requirements. St\u00e1vkov\u00e9 po\u017eiadavky reprezentuj\u00fa s\u00fabor jednej \u010di viacer\u00fdch podmienok pre to, aby mohol by\u0165 bonus vyplaten\u00fd, respekt\u00edve presunut\u00fd do pe\u0148a\u017eenky a z fikt\u00edvnych pe\u0148az\u00ed sa tak stali skuto\u010dn\u00e9. Tieto po\u017eiadavky b\u00fdvaj\u00fa naj\u010dastej\u0161ie vyjadren\u00e9 ako n\u00e1sobok hodnoty bonusu, ktor\u00fd m\u00f4\u017eete z\u00edska\u0165.<\/p>\n<p>Tak napr\u00edklad \u2013 online casino pon\u00faka 100% bonus do v\u00fd\u0161ky \u20ac100. Vy sprav\u00edte \u20ac100 vklad, \u010do znamen\u00e1, \u017ee m\u00f4\u017eete z\u00edska\u0165 \u20ac100 bonus. To, ako r\u00fdchlo sa v\u00e1m to podar\u00ed, ur\u010duj\u00fa pr\u00e1ve tieto st\u00e1vkov\u00e9 po\u017eiadavky. Napr\u00edklad, ak m\u00e1 online casino po\u017eiadavku 50-n\u00e1sobn\u00e9ho preto\u010denia bonusu tak to znamen\u00e1, \u017ee najprv mus\u00edte v kas\u00ednov\u00fdch hr\u00e1ch prevs\u00e1dza\u0165 \u20ac5,000 (50 kr\u00e1t \u20ac100), ne\u017e z\u00edskate samotn\u00fd bonus.<\/p>\n<h2>KDE SA OBJAVUJ\u00da ST\u00c1VKOV\u00c9 PO\u017dIADAVKY?<\/h2>\n<p>So st\u00e1vkov\u00fdmi po\u017eiadavkami sa stretne nielen pri bonusoch pri vklade. Objavuj\u00fa sa aj pri bonusoch bez vkladu. Napr\u00edklad, kas\u00edno hr\u00e1\u010dovi za registr\u00e1ciu prip\u00ed\u0161e na \u00fa\u010det \u20ac10. Aby si ich hne\u010f nevybral a kas\u00edno na tom okam\u017eite nestr\u00e1calo, i tieto peniaze si \u201epoist\u00ed\u201c takzvan\u00fdmi wagering requirements a ur\u010d\u00ed, \u017ee si hr\u00e1\u010d bude m\u00f4c\u0165 vybra\u0165 zostatok a\u017e po tom, \u010do uskuto\u010dn\u00ed 30-n\u00e1sobn\u00e9 preto\u010denie, teda v tomto pr\u00edpade \u20ac300 v st\u00e1vkach v\u00a0<a href=\"\/sk\/casino-hry\" data-track=\"\"><strong>kas\u00ednov\u00fdch hr\u00e1ch<\/strong><\/a>.<\/p>\n<p>St\u00e1vkov\u00e9 po\u017eiadavky sa vo v\u0161eobecnosti objavuj\u00fa v akomko\u013evek druhu pon\u00fak, v ktor\u00fdch sa d\u00e1 z\u00edska\u0165 nie\u010do zdanlivo zadarmo. Ak v\u00e1m kas\u00edno pon\u00faka nejak\u00fd bonus \u010di nie\u010do zadarmo, pravdepodobne to bude za\u0165a\u017een\u00e9 pr\u00e1ve nejak\u00fdmi po\u017eiadavkami. Hr\u00e1\u010di \u010dasto nevedia alebo zab\u00fadaj\u00fa na to, \u017ee ak\u00fdko\u013evek bonus \u010di ponuku m\u00f4\u017eu odmietnu\u0165. Spravi\u0165 toti\u017e z \u20ac10 celkovo \u20ac300 st\u00e1vky nie je ni\u010d jednoduch\u00e9.<\/p>\n<p>Plat\u00ed teda, \u017ee v\u017edy z\u00e1le\u017e\u00ed na ka\u017edom hr\u00e1\u010dovi a jeho schopnostiach a odhodlan\u00ed \u010di sa rozhodne zabojova\u0165 o bonus. Akon\u00e1hle sa toti\u017e k tomu odhodl\u00e1 u\u017e nebude cesty sp\u00e4\u0165 a nebude si m\u00f4c\u0165 vybra\u0165 peniaze, ktor\u00e9 na \u00fa\u010det vlo\u017eil v r\u00e1mci konkr\u00e9tnej akcie a ani tie bonusov\u00e9 a to a\u017e do momentu, kedy spln\u00ed po\u017eiadavky alebo do momentu, kedy pon\u00fakan\u00e1 akcia skon\u010d\u00ed a bonusov\u00e9 peniaze automaticky prepadn\u00fa kas\u00ednu.<\/p>\n<h2>POZOR NA V\u00ddBER HIER<\/h2>\n<p>\u201eClearovanie\u201c bonusu, teda sp\u013a\u0148anie st\u00e1vkov\u00fdch po\u017eiadaviek sa riadi vlastn\u00fdmi pravidlami. Pov\u00e4\u010d\u0161inou stovky eur mus\u00edte toti\u017e prevs\u00e1dza\u0165 na hr\u00e1ch, ktor\u00e9 k tomu\u00a0<a href=\"\/sk\/\" data-track=\"\"><strong>online kas\u00edno<\/strong><\/a>\u00a0vymedz\u00ed. Spravidla k tomu vyber\u00e1 hry, v ktorej je\u00a0<em>payout ratio<\/em>\u00a0(koeficient v\u00fdplat) priaznivej\u0161ie naklonen\u00fd smerom ku kas\u00ednu a menej k hr\u00e1\u010dovi. Znamen\u00e1 to, \u017ee splnenie podmienok je s\u00edce n\u00e1ro\u010dnej\u0161ie, ale rozhodne nie vyl\u00fa\u010den\u00e9.<\/p>\n<p>Spravidla plat\u00ed, \u017ee hran\u00edm vybranej hry sa sp\u013a\u0148a ur\u010dit\u00e9 percento zo st\u00e1vkov\u00fdch po\u017eiadaviek. Tak napr\u00edklad, ak pri\u00a0<a href=\"\/sk\/hracie-automaty\" data-track=\"\"><strong>hrac\u00edch automatoch<\/strong><\/a>\u00a0vsad\u00edte \u20ac1, tak z po\u017eiadavky na preto\u010denie je odp\u00edsan\u00e9 aj skuto\u010dne \u20ac1. Akon\u00e1hle sa v\u0161ak rozhodnete hra\u0165 napr\u00edklad ruletu, m\u00f4\u017ee sa sta\u0165, \u017ee hoci ste vsadili \u20ac1, re\u00e1lne sa v\u00e1m odpo\u010d\u00edta len dvadsa\u0165 centov (\u20ac0.20). R\u00f4zne online kas\u00edna maj\u00fa r\u00f4zne nastaven\u00fa percentu\u00e1lnu hodnotu st\u00e1vky.<\/p>\n<p>Vo v\u00e4\u010d\u0161ine pr\u00edpadov plat\u00ed, \u017ee v pomere 1:1 (\u20ac1 vsaden\u00e9 sa rovn\u00e1 \u20ac1 odp\u00edsan\u00e9mu z po\u017eiadaviek) sa ber\u00fa len automaty a i pri nich e\u0161te existuj\u00fa ur\u010dit\u00e9 v\u00fdnimky. Ruleta, kartov\u00e9 hry alebo blackjack generuj\u00fa z ka\u017ed\u00e9ho eura v\u00e4\u010d\u0161inou len od 10%-25%. E\u0161te menej z\u00edskate v pr\u00edpade, \u017ee sa rozhodnete hra\u0165 craps alebo\u00a0<a href=\"\/sk\/video-poker\" data-track=\"\"><strong>video poker<\/strong><\/a>. Napr\u00edklad pri 100% bonus pri \u20ac100 vklade by ste na video pokri museli prevs\u00e1dza\u0165 v krajnom pr\u00edpade mo\u017eno a\u017e \u20ac100,000. \u010casto sa dokonca st\u00e1va, \u017ee niektor\u00e9 konkr\u00e9tne hry s\u00fa priamo vyl\u00fa\u010den\u00e9 zo st\u00e1vkov\u00fdch po\u017eiadaviek.<\/p>\n<h2>PRE\u010cO EXISTUJ\u00da ST\u00c1VKOV\u00c9 PO\u017dIADAVKY?<\/h2>\n<p>V po\u010diatkoch online kas\u00ednovej hry nie\u010do ako st\u00e1vkov\u00e9 po\u017eiadavky neexistovali. Zneu\u017e\u00edvali to v\u0161ak najr\u00f4znej\u0161\u00ed hr\u00e1\u010di, ktor\u00ed si zakladali viacero \u00fa\u010dtov, z\u00edskavali bonusy bez v\u00e4\u010d\u0161ej n\u00e1mahy a vyberali peniaze. Kas\u00edna to st\u00e1lo nemal\u00e9 finan\u010dn\u00e9 prostriedky a tak na svoju obranu vytvorili st\u00e1vkov\u00e9 po\u017eiadavky. Prostredn\u00edctvom nich eliminovali riziko pri pon\u00fakan\u00ed bonusov a rovnako tak oslabili \u0161pekulantov, ktor\u00e1 by chceli peniaze \u00faplne zadarmo.<\/p>\n<p>O tom, \u010di online casina nenastavili podmienky a\u017e pr\u00edli\u0161 pr\u00edsne sa ved\u00fa spory. Odborn\u00edci tvrdia, \u017ee po\u017eiadavky s\u00fa postaven\u00e9 tak, aby v dlhodobom horizonte bolo v\u017edy kas\u00edno to, ktor\u00e9 bude na tom z\u00edskava\u0165. Znamen\u00e1 to, \u017ee hoci kas\u00edno ob\u010das vyplat\u00ed hr\u00e1\u010dovi peniaze, st\u00e1le bude na tom z dlhodob\u00e9ho h\u013eadiska lep\u0161ie a od hr\u00e1\u010dov si viac pe\u0148az\u00ed zoberie, ne\u017e im vyplat\u00ed na bonusoch a \u010fal\u0161\u00edch druhoch odmien.<\/p>\n<p>V\u017edy ako hr\u00e1\u010d majte na pam\u00e4ti, \u017ee \u010d\u00edm je bonus na papieri l\u00e1kavej\u0161\u00ed, t\u00fdm n\u00e1ro\u010dnej\u0161ie ho bude z\u00edska\u0165. Casina ob\u010das pon\u00fakaj\u00fa bonus napr\u00edklad a\u017e do v\u00fd\u0161ky \u20ac10,000, ale re\u00e1lne takto ve\u013ek\u00fd bonus nikto nez\u00edska, ke\u010f\u017ee nebude schopn\u00fd splni\u0165 skoro nesplnite\u013en\u00e9 podmienky kas\u00edna. Nenechajte sa teda obrazne opi\u0165 rohl\u00edkom a v\u017edy si dobre pre\u010d\u00edtajte pravidl\u00e1 konkr\u00e9tneho bonusu, aby ste v z\u00e1vere neboli prekvapen\u00fd t\u00fdm, k \u010domu ste sa to vlastne up\u00edsali.<\/p>\n<h2>PO\u017dIADAVKY VO VYBRAN\u00ddCH ONLINE KAS\u00cdNACH<\/h2>\n<p>Po\u010fme sa pozrie\u0165 na to, ak\u00e9 st\u00e1vkov\u00e9 po\u017eiadavky na svojich hr\u00e1\u010dov klad\u00fa tie najv\u00e4\u010d\u0161ie a najpopul\u00e1rnej\u0161ie kas\u00edna. Tak napr\u00edklad\u00a0<a href=\"\/sk\/bet365-casino\" data-track=\"\"><strong>bet365 casino<\/strong><\/a>\u00a0po\u017eaduje pred uskuto\u010dnen\u00edm v\u00fdberu minim\u00e1lne 20-n\u00e1sobok hodnoty vkladu a bonusu. T\u00e1to hodnota variuje v z\u00e1vislosti od konkr\u00e9tnej krajiny a od konkr\u00e9tneho bonusu. V pr\u00edpade\u00a0<a href=\"\/sk\/doxxbet-casino\" data-track=\"\"><strong>DOXXbet<\/strong><\/a>\u00a0casina hr\u00e1\u010d mus\u00ed prest\u00e1vkova\u0165 30-n\u00e1sobok hodnoty bonusu, no to len v pr\u00edpade, \u017ee sa rozhodne hra\u0165 na hrac\u00edch automatoch.<\/p>\n<p>CasinoEuro po\u017eaduje od hr\u00e1\u010dov, aby do piatich dn\u00ed od udelenia bonusu ho 40-n\u00e1sobne preto\u010dili. Teda, v pr\u00edpade \u20ac50 je to rovn\u00fdch \u20ac2,000 a a\u017e po tom je mo\u017en\u00e9 peniaze vybra\u0165. V Betway casine je potrebn\u00e9 najprv bonus 50-n\u00e1sobne prevs\u00e1dza\u0165, ne\u017e m\u00f4\u017ee by\u0165 z \u00fa\u010dtu uskuto\u010dnen\u00fd ak\u00fdko\u013evek v\u00fdber. A ako to je v MrGreen Casine? Tak tuto mus\u00edte bonusov\u00e9 peniaze vsadi\u0165 v 35-n\u00e1sobnej hodnote bonusu.<\/p>\n<p>Vo v\u0161eobecnosti mo\u017eno nap\u00edsa\u0165, \u017ee st\u00e1vkov\u00e9 po\u017eiadavky sa delia do dvoch typov. Na tie, kedy mus\u00edte prevs\u00e1dza\u0165 hodnotu len bonusu a na tie, v ktor\u00fdch mus\u00edte preto\u010di\u0165 hodnotu bonusu plus vlo\u017een\u00fdch pe\u0148az\u00ed. Plat\u00ed, \u017ee \u010d\u00edm s\u00fa st\u00e1vkov\u00e9 po\u017eiadavky miernej\u0161ie, t\u00fdm je v\u00e4\u010d\u0161ia \u0161anca na to, aby ste z\u00edskali bonus. Ale pozor \u2013 ak kas\u00edno n\u00e1hodou l\u00e1ka na nulov\u00e9 \u010di podozrivo n\u00edzke po\u017eiadavky, p\u00e1trajte pre\u010do to tak je. Je mo\u017en\u00e9, \u017ee sa to kas\u00edno pok\u00fasi vybra\u0165 si to inde.<\/p>\n<h2>NA Z\u00c1VER<\/h2>\n<p>St\u00e1vkov\u00e9 po\u017eiadavky je to, na \u010do by ste mali myslie\u0165 ako prv\u00e9, ke\u010f sa ku v\u00e1m dostane nejak\u00e1 bonusov\u00e1 ponuka. Akoko\u013evek vyzeraj\u00fa bonusy na papieri l\u00e1kavo, v\u017edy je cesta za nimi dlh\u00e1, t\u0155nist\u00e1 a n\u00e1ro\u010dn\u00e1. Online casina s\u00fa dnes opatrn\u00e9 a z\u00edska\u0165 bonus je ove\u013ea viac n\u00e1ro\u010dnej\u0161ie, ne\u017e tomu bolo kedyko\u013evek predt\u00fdm.<\/p>\n<p>Bonus vo v\u00fd\u0161ke napr\u00edklad sto euro vyzer\u00e1 luxusne, no potreba na\u0148 prevs\u00e1dza\u0165 nieko\u013eko tis\u00edc euro (\u010di v niektor\u00fdch pr\u00edpadoch aj viac ne\u017e \u20ac10,000) rob\u00ed z tejto ponuky herkulesovsk\u00fa misiu. Ale nem\u00f4\u017eeme sa vlastne ani online cas\u00ednam pr\u00edli\u0161 divi\u0165. Ich amb\u00edciou je predsa peniaze z\u00edskava\u0165 a nie o ne nejako \u013eahko prich\u00e1dza\u0165 a preto vlastne aj jestvuj\u00fa tak pr\u00edsne st\u00e1vkov\u00e9 po\u017eiadavky.<\/p>\n<p>Ani tie najpr\u00edsnej\u0161ie st\u00e1vkov\u00e9 po\u017eiadavky v\u0161ak nevylu\u010duj\u00fa, \u017ee podmienky niektor\u00fd hr\u00e1\u010d spln\u00ed. Navy\u0161e, v\u010faka kr\u00e1tkemu \u010dasu a pr\u00edsnym podmienkam si u\u017eijete viac vzru\u0161enia a viac kas\u00ednov\u00fdch hier, ne\u017e by ste si zahrali be\u017ene.\u00a0<a href=\"\/sk\/bonus\" data-track=\"\"><strong>Bonusy<\/strong><\/a>\u00a0teda plnia svoju funkciu a s\u00fa dostato\u010dn\u00fdm l\u00e1kadlom. Ve\u010f kto by nechcel napr\u00edklad sto euro skoro zadarmo, \u017ee? Sta\u010d\u00ed splni\u0165 len p\u00e1r podmienok.<\/p>\n<\/div>\n<\/div><\/div><\/div><\/div><\/div><\/div><\/div><\/section>\n","protected":false},"excerpt":{"rendered":"SP\u0139\u0147A\u0164 PO\u017dIADAVKY UVEDEN\u00c9 V BONUSOV\u00ddCH PODMIENKACH Pokia\u013e sa rozhodnete hra\u0165 online casinov\u00e9 hry o skuto\u010dn\u00e9 peniaze, tak sa ve\u013emi \u010dasto budete stret\u00e1va\u0165 so slovensk\u00fdm spojen\u00fdm\u00a0wagering requirements, teda v preklade st\u00e1vkov\u00e9 po\u017eiadavky.\u00a0St\u00e1vkov\u00e9 po\u017eiadavky\u00a0s\u00fa \u00fazko prepojen\u00e9 s \u010fal\u0161\u00edm ve\u013ek\u00fdm fenom\u00e9nom online casinov\u00e9ho sveta a to s\u00fa bonusy. M\u00f4\u017ee to by\u0165 bonus pri prvom vklade, druhom vklade, pri...","protected":false},"author":1,"featured_media":0,"parent":0,"menu_order":0,"comment_status":"closed","ping_status":"closed","template":"","meta":{"_acf_changed":false,"footnotes":""},"class_list":["post-2363","page","type-page","status-publish","hentry"],"acf":[],"rankMath":{"parentDomain":"onlinebettingspace.com","noFollowDomains":[],"noFollowExcludeDomains":[],"noFollowExternalLinks":false,"featuredImageNotice":"The featured image should be at least 200 by 200 pixels to be picked up by Facebook and other social media sites.","pluginReviewed":true,"postSettings":{"linkSuggestions":true,"useFocusKeyword":false},"frontEndScore":false,"postName":"stavkove-poziadavky","permalinkFormat":"https:\/\/onlinebettingspace.com\/sk\/%pagename%\/","showLockModifiedDate":true,"assessor":{"focusKeywordLink":"https:\/\/onlinebettingspace.com\/wp-admin\/edit.php?focus_keyword=%focus_keyword%&post_type=%post_type%","hasTOCPlugin":false,"primaryTaxonomy":false,"serpData":{"title":"Spozna\u0165 online kas\u00edna st\u00e1vkov\u00e9 po\u017eiadavky","description":"V online cas\u00ednovom svete plat\u00ed, \u017ee \u017eiadny bonus nie je nikdy zadarmo a o ka\u017ed\u00fd mus\u00edte zabojova\u0165. Tento boj prebieha v podobe plnenia st\u00e1vkov\u00fdch po\u017eiadaviek.","focusKeywords":"","pillarContent":false,"canonicalUrl":"","breadcrumbTitle":"","advancedRobots":[],"facebookTitle":"","facebookDescription":"","facebookImage":"","facebookImageID":"","facebookHasOverlay":false,"facebookImageOverlay":"","facebookAuthor":"","twitterCardType":"","twitterUseFacebook":true,"twitterTitle":"","twitterDescription":"","twitterImage":"","twitterImageID":"","twitterHasOverlay":false,"twitterImageOverlay":"","twitterPlayerUrl":"","twitterPlayerSize":"","twitterPlayerStream":"","twitterPlayerStreamCtype":"","twitterAppDescription":"","twitterAppIphoneName":"","twitterAppIphoneID":"","twitterAppIphoneUrl":"","twitterAppIpadName":"","twitterAppIpadID":"","twitterAppIpadUrl":"","twitterAppGoogleplayName":"","twitterAppGoogleplayID":"","twitterAppGoogleplayUrl":"","twitterAppCountry":"","robots":{"index":true},"twitterAuthor":"username","primaryTerm":0,"authorName":"OBSAdmin","titleTemplate":"%title% %sep% %sitename%","descriptionTemplate":"%excerpt%","showScoreFrontend":true,"lockModifiedDate":false},"powerWords":[],"diacritics":{"A":"[\\u0041\\u24B6\\uFF21\\u00C0\\u00C1\\u00C2\\u1EA6\\u1EA4\\u1EAA\\u1EA8\\u00C3\\u0100\\u0102\\u1EB0\\u1EAE\\u1EB4\\u1EB2\\u0226\\u01E0\\u00C4\\u01DE\\u1EA2\\u00C5\\u01FA\\u01CD\\u0200\\u0202\\u1EA0\\u1EAC\\u1EB6\\u1E00\\u0104\\u023A\\u2C6F]","AA":"[\\uA732]","AE":"[\\u00C6\\u01FC\\u01E2]","AO":"[\\uA734]","AU":"[\\uA736]","AV":"[\\uA738\\uA73A]","AY":"[\\uA73C]","B":"[\\u0042\\u24B7\\uFF22\\u1E02\\u1E04\\u1E06\\u0243\\u0182\\u0181]","C":"[\\u0043\\u24B8\\uFF23\\u0106\\u0108\\u010A\\u010C\\u00C7\\u1E08\\u0187\\u023B\\uA73E]","D":"[\\u0044\\u24B9\\uFF24\\u1E0A\\u010E\\u1E0C\\u1E10\\u1E12\\u1E0E\\u0110\\u018B\\u018A\\u0189\\uA779]","DZ":"[\\u01F1\\u01C4]","Dz":"[\\u01F2\\u01C5]","E":"[\\u0045\\u24BA\\uFF25\\u00C8\\u00C9\\u00CA\\u1EC0\\u1EBE\\u1EC4\\u1EC2\\u1EBC\\u0112\\u1E14\\u1E16\\u0114\\u0116\\u00CB\\u1EBA\\u011A\\u0204\\u0206\\u1EB8\\u1EC6\\u0228\\u1E1C\\u0118\\u1E18\\u1E1A\\u0190\\u018E]","F":"[\\u0046\\u24BB\\uFF26\\u1E1E\\u0191\\uA77B]","G":"[\\u0047\\u24BC\\uFF27\\u01F4\\u011C\\u1E20\\u011E\\u0120\\u01E6\\u0122\\u01E4\\u0193\\uA7A0\\uA77D\\uA77E]","H":"[\\u0048\\u24BD\\uFF28\\u0124\\u1E22\\u1E26\\u021E\\u1E24\\u1E28\\u1E2A\\u0126\\u2C67\\u2C75\\uA78D]","I":"[\\u0049\\u24BE\\uFF29\\u00CC\\u00CD\\u00CE\\u0128\\u012A\\u012C\\u0130\\u00CF\\u1E2E\\u1EC8\\u01CF\\u0208\\u020A\\u1ECA\\u012E\\u1E2C\\u0197]","J":"[\\u004A\\u24BF\\uFF2A\\u0134\\u0248]","K":"[\\u004B\\u24C0\\uFF2B\\u1E30\\u01E8\\u1E32\\u0136\\u1E34\\u0198\\u2C69\\uA740\\uA742\\uA744\\uA7A2]","L":"[\\u004C\\u24C1\\uFF2C\\u013F\\u0139\\u013D\\u1E36\\u1E38\\u013B\\u1E3C\\u1E3A\\u0141\\u023D\\u2C62\\u2C60\\uA748\\uA746\\uA780]","LJ":"[\\u01C7]","Lj":"[\\u01C8]","M":"[\\u004D\\u24C2\\uFF2D\\u1E3E\\u1E40\\u1E42\\u2C6E\\u019C]","N":"[\\u004E\\u24C3\\uFF2E\\u01F8\\u0143\\u00D1\\u1E44\\u0147\\u1E46\\u0145\\u1E4A\\u1E48\\u0220\\u019D\\uA790\\uA7A4]","NJ":"[\\u01CA]","Nj":"[\\u01CB]","O":"[\\u004F\\u24C4\\uFF2F\\u00D2\\u00D3\\u00D4\\u1ED2\\u1ED0\\u1ED6\\u1ED4\\u00D5\\u1E4C\\u022C\\u1E4E\\u014C\\u1E50\\u1E52\\u014E\\u022E\\u0230\\u00D6\\u022A\\u1ECE\\u0150\\u01D1\\u020C\\u020E\\u01A0\\u1EDC\\u1EDA\\u1EE0\\u1EDE\\u1EE2\\u1ECC\\u1ED8\\u01EA\\u01EC\\u00D8\\u01FE\\u0186\\u019F\\uA74A\\uA74C]","OI":"[\\u01A2]","OO":"[\\uA74E]","OU":"[\\u0222]","P":"[\\u0050\\u24C5\\uFF30\\u1E54\\u1E56\\u01A4\\u2C63\\uA750\\uA752\\uA754]","Q":"[\\u0051\\u24C6\\uFF31\\uA756\\uA758\\u024A]","R":"[\\u0052\\u24C7\\uFF32\\u0154\\u1E58\\u0158\\u0210\\u0212\\u1E5A\\u1E5C\\u0156\\u1E5E\\u024C\\u2C64\\uA75A\\uA7A6\\uA782]","S":"[\\u0053\\u24C8\\uFF33\\u1E9E\\u015A\\u1E64\\u015C\\u1E60\\u0160\\u1E66\\u1E62\\u1E68\\u0218\\u015E\\u2C7E\\uA7A8\\uA784]","T":"[\\u0054\\u24C9\\uFF34\\u1E6A\\u0164\\u1E6C\\u021A\\u0162\\u1E70\\u1E6E\\u0166\\u01AC\\u01AE\\u023E\\uA786]","TZ":"[\\uA728]","U":"[\\u0055\\u24CA\\uFF35\\u00D9\\u00DA\\u00DB\\u0168\\u1E78\\u016A\\u1E7A\\u016C\\u00DC\\u01DB\\u01D7\\u01D5\\u01D9\\u1EE6\\u016E\\u0170\\u01D3\\u0214\\u0216\\u01AF\\u1EEA\\u1EE8\\u1EEE\\u1EEC\\u1EF0\\u1EE4\\u1E72\\u0172\\u1E76\\u1E74\\u0244]","V":"[\\u0056\\u24CB\\uFF36\\u1E7C\\u1E7E\\u01B2\\uA75E\\u0245]","VY":"[\\uA760]","W":"[\\u0057\\u24CC\\uFF37\\u1E80\\u1E82\\u0174\\u1E86\\u1E84\\u1E88\\u2C72]","X":"[\\u0058\\u24CD\\uFF38\\u1E8A\\u1E8C]","Y":"[\\u0059\\u24CE\\uFF39\\u1EF2\\u00DD\\u0176\\u1EF8\\u0232\\u1E8E\\u0178\\u1EF6\\u1EF4\\u01B3\\u024E\\u1EFE]","Z":"[\\u005A\\u24CF\\uFF3A\\u0179\\u1E90\\u017B\\u017D\\u1E92\\u1E94\\u01B5\\u0224\\u2C7F\\u2C6B\\uA762]","a":"[\\u0061\\u24D0\\uFF41\\u1E9A\\u00E0\\u00E1\\u00E2\\u1EA7\\u1EA5\\u1EAB\\u1EA9\\u00E3\\u0101\\u0103\\u1EB1\\u1EAF\\u1EB5\\u1EB3\\u0227\\u01E1\\u00E4\\u01DF\\u1EA3\\u00E5\\u01FB\\u01CE\\u0201\\u0203\\u1EA1\\u1EAD\\u1EB7\\u1E01\\u0105\\u2C65\\u0250]","aa":"[\\uA733]","ae":"[\\u00E6\\u01FD\\u01E3]","ao":"[\\uA735]","au":"[\\uA737]","av":"[\\uA739\\uA73B]","ay":"[\\uA73D]","b":"[\\u0062\\u24D1\\uFF42\\u1E03\\u1E05\\u1E07\\u0180\\u0183\\u0253]","c":"[\\u0063\\u24D2\\uFF43\\u0107\\u0109\\u010B\\u010D\\u00E7\\u1E09\\u0188\\u023C\\uA73F\\u2184]","d":"[\\u0064\\u24D3\\uFF44\\u1E0B\\u010F\\u1E0D\\u1E11\\u1E13\\u1E0F\\u0111\\u018C\\u0256\\u0257\\uA77A]","dz":"[\\u01F3\\u01C6]","e":"[\\u0065\\u24D4\\uFF45\\u00E8\\u00E9\\u00EA\\u1EC1\\u1EBF\\u1EC5\\u1EC3\\u1EBD\\u0113\\u1E15\\u1E17\\u0115\\u0117\\u00EB\\u1EBB\\u011B\\u0205\\u0207\\u1EB9\\u1EC7\\u0229\\u1E1D\\u0119\\u1E19\\u1E1B\\u0247\\u025B\\u01DD]","f":"[\\u0066\\u24D5\\uFF46\\u1E1F\\u0192\\uA77C]","g":"[\\u0067\\u24D6\\uFF47\\u01F5\\u011D\\u1E21\\u011F\\u0121\\u01E7\\u0123\\u01E5\\u0260\\uA7A1\\u1D79\\uA77F]","h":"[\\u0068\\u24D7\\uFF48\\u0125\\u1E23\\u1E27\\u021F\\u1E25\\u1E29\\u1E2B\\u1E96\\u0127\\u2C68\\u2C76\\u0265]","hv":"[\\u0195]","i":"[\\u0069\\u24D8\\uFF49\\u00EC\\u00ED\\u00EE\\u0129\\u012B\\u012D\\u00EF\\u1E2F\\u1EC9\\u01D0\\u0209\\u020B\\u1ECB\\u012F\\u1E2D\\u0268\\u0131]","j":"[\\u006A\\u24D9\\uFF4A\\u0135\\u01F0\\u0249]","k":"[\\u006B\\u24DA\\uFF4B\\u1E31\\u01E9\\u1E33\\u0137\\u1E35\\u0199\\u2C6A\\uA741\\uA743\\uA745\\uA7A3]","l":"[\\u006C\\u24DB\\uFF4C\\u0140\\u013A\\u013E\\u1E37\\u1E39\\u013C\\u1E3D\\u1E3B\\u017F\\u0142\\u019A\\u026B\\u2C61\\uA749\\uA781\\uA747]","lj":"[\\u01C9]","m":"[\\u006D\\u24DC\\uFF4D\\u1E3F\\u1E41\\u1E43\\u0271\\u026F]","n":"[\\u006E\\u24DD\\uFF4E\\u01F9\\u0144\\u00F1\\u1E45\\u0148\\u1E47\\u0146\\u1E4B\\u1E49\\u019E\\u0272\\u0149\\uA791\\uA7A5]","nj":"[\\u01CC]","o":"[\\u006F\\u24DE\\uFF4F\\u00F2\\u00F3\\u00F4\\u1ED3\\u1ED1\\u1ED7\\u1ED5\\u00F5\\u1E4D\\u022D\\u1E4F\\u014D\\u1E51\\u1E53\\u014F\\u022F\\u0231\\u00F6\\u022B\\u1ECF\\u0151\\u01D2\\u020D\\u020F\\u01A1\\u1EDD\\u1EDB\\u1EE1\\u1EDF\\u1EE3\\u1ECD\\u1ED9\\u01EB\\u01ED\\u00F8\\u01FF\\u0254\\uA74B\\uA74D\\u0275]","oi":"[\\u01A3]","ou":"[\\u0223]","oo":"[\\uA74F]","p":"[\\u0070\\u24DF\\uFF50\\u1E55\\u1E57\\u01A5\\u1D7D\\uA751\\uA753\\uA755]","q":"[\\u0071\\u24E0\\uFF51\\u024B\\uA757\\uA759]","r":"[\\u0072\\u24E1\\uFF52\\u0155\\u1E59\\u0159\\u0211\\u0213\\u1E5B\\u1E5D\\u0157\\u1E5F\\u024D\\u027D\\uA75B\\uA7A7\\uA783]","s":"[\\u0073\\u24E2\\uFF53\\u015B\\u1E65\\u015D\\u1E61\\u0161\\u1E67\\u1E63\\u1E69\\u0219\\u015F\\u023F\\uA7A9\\uA785\\u1E9B]","ss":"[\\u00DF]","t":"[\\u0074\\u24E3\\uFF54\\u1E6B\\u1E97\\u0165\\u1E6D\\u021B\\u0163\\u1E71\\u1E6F\\u0167\\u01AD\\u0288\\u2C66\\uA787]","tz":"[\\uA729]","u":"[\\u0075\\u24E4\\uFF55\\u00F9\\u00FA\\u00FB\\u0169\\u1E79\\u016B\\u1E7B\\u016D\\u00FC\\u01DC\\u01D8\\u01D6\\u01DA\\u1EE7\\u016F\\u0171\\u01D4\\u0215\\u0217\\u01B0\\u1EEB\\u1EE9\\u1EEF\\u1EED\\u1EF1\\u1EE5\\u1E73\\u0173\\u1E77\\u1E75\\u0289]","v":"[\\u0076\\u24E5\\uFF56\\u1E7D\\u1E7F\\u028B\\uA75F\\u028C]","vy":"[\\uA761]","w":"[\\u0077\\u24E6\\uFF57\\u1E81\\u1E83\\u0175\\u1E87\\u1E85\\u1E98\\u1E89\\u2C73]","x":"[\\u0078\\u24E7\\uFF58\\u1E8B\\u1E8D]","y":"[\\u0079\\u24E8\\uFF59\\u1EF3\\u00FD\\u0177\\u1EF9\\u0233\\u1E8F\\u00FF\\u1EF7\\u1E99\\u1EF5\\u01B4\\u024F\\u1EFF]","z":"[\\u007A\\u24E9\\uFF5A\\u017A\\u1E91\\u017C\\u017E\\u1E93\\u1E95\\u01B6\\u0225\\u0240\\u2C6C\\uA763]"},"researchesTests":["contentHasTOC","contentHasShortParagraphs","contentHasAssets","keywordInTitle","keywordInMetaDescription","keywordInPermalink","keywordIn10Percent","keywordInContent","keywordInSubheadings","keywordInImageAlt","keywordDensity","keywordNotUsed","lengthContent","lengthPermalink","linksHasInternal","linksHasExternals","linksNotAllExternals","titleStartWithKeyword","titleSentiment","titleHasPowerWords","titleHasNumber","hasContentAI"],"hasRedirection":true,"hasBreadcrumb":false},"homeUrl":"https:\/\/onlinebettingspace.com\/sk\/","objectID":2363,"objectType":"post","locale":"sk","localeFull":"sk_SK","overlayImages":{"play":{"name":"Play icon","url":"https:\/\/onlinebettingspace.com\/wp-content\/plugins\/seo-by-rank-math\/assets\/admin\/img\/icon-play.png","path":"\/home\/SuperAdmin\/web\/onlinebettingspace.com\/public_html\/wp-content\/plugins\/seo-by-rank-math\/assets\/admin\/img\/icon-play.png","position":"middle_center"},"gif":{"name":"GIF icon","url":"https:\/\/onlinebettingspace.com\/wp-content\/plugins\/seo-by-rank-math\/assets\/admin\/img\/icon-gif.png","path":"\/home\/SuperAdmin\/web\/onlinebettingspace.com\/public_html\/wp-content\/plugins\/seo-by-rank-math\/assets\/admin\/img\/icon-gif.png","position":"middle_center"}},"defautOgImage":"https:\/\/onlinebettingspace.com\/wp-content\/uploads\/2022\/04\/OBS-FULL-LOGO.webp","customPermalinks":true,"isUserRegistered":true,"autoSuggestKeywords":true,"connectSiteUrl":"https:\/\/rankmath.com\/auth?site=https%3A%2F%2Fonlinebettingspace.com%2Fsk%2F&r=https%3A%2F%2Fonlinebettingspace.com%2Fsk%2Fwp-json%2Fwp%2Fv2%2Fpages%2F2363%3Fnonce%3D205ba9d1fe","maxTags":5,"trendsIcon":"<svg viewBox=\"0 0 610 610\"><path d=\"M18.85,446,174.32,290.48l58.08,58.08L76.93,504a14.54,14.54,0,0,1-20.55,0L18.83,466.48a14.54,14.54,0,0,1,0-20.55Z\" style=\"fill:#4285f4\"\/><path d=\"M242.65,242.66,377.59,377.6l-47.75,47.75a14.54,14.54,0,0,1-20.55,0L174.37,290.43l47.75-47.75A14.52,14.52,0,0,1,242.65,242.66Z\" style=\"fill:#ea4335\"\/><polygon points=\"319.53 319.53 479.26 159.8 537.34 217.88 377.61 377.62 319.53 319.53\" style=\"fill:#fabb05\"\/><path d=\"M594.26,262.73V118.61h0a16.94,16.94,0,0,0-16.94-16.94H433.2a16.94,16.94,0,0,0-12,28.92L565.34,274.71h0a16.94,16.94,0,0,0,28.92-12Z\" style=\"fill:#34a853\"\/><rect width=\"610\" height=\"610\" style=\"fill:none\"\/><\/svg>","showScore":true,"siteFavIcon":"https:\/\/onlinebettingspace.com\/wp-content\/uploads\/2022\/04\/OBS-LOGO-1.webp","canUser":{"general":false,"advanced":false,"snippet":false,"social":false,"analysis":false,"analytics":false,"content_ai":false},"showKeywordIntent":true,"isPro":false,"is_front_page":false,"trendsUpgradeLink":"https:\/\/rankmath.com\/pricing\/?utm_source=Plugin&utm_medium=CE%20General%20Tab%20Trends&utm_campaign=WP","trendsUpgradeLabel":"Upgrade","trendsPreviewImage":"https:\/\/onlinebettingspace.com\/wp-content\/plugins\/seo-by-rank-math\/assets\/admin\/img\/trends-preview.jpg","currentEditor":false,"homepageData":{"assessor":{"powerWords":[],"diacritics":true,"researchesTests":["contentHasTOC","contentHasShortParagraphs","contentHasAssets","keywordInTitle","keywordInMetaDescription","keywordInPermalink","keywordIn10Percent","keywordInContent","keywordInSubheadings","keywordInImageAlt","keywordDensity","keywordNotUsed","lengthContent","lengthPermalink","linksHasInternal","linksHasExternals","linksNotAllExternals","titleStartWithKeyword","titleSentiment","titleHasPowerWords","titleHasNumber","hasContentAI"],"hasBreadcrumb":false,"serpData":{"title":"%sitename% %page% %sep% %sitedesc%","description":"","titleTemplate":"%sitename% %page% %sep% %sitedesc%","descriptionTemplate":"","focusKeywords":"","breadcrumbTitle":"Home","robots":{"index":true},"advancedRobots":[],"facebookTitle":"","facebookDescription":"","facebookImage":"","facebookImageID":""}}},"tocTitle":"Table of Contents","tocExcludeHeadings":[],"listStyle":"ul"},"_links":{"self":[{"href":"https:\/\/onlinebettingspace.com\/sk\/wp-json\/wp\/v2\/pages\/2363","targetHints":{"allow":["GET"]}}],"collection":[{"href":"https:\/\/onlinebettingspace.com\/sk\/wp-json\/wp\/v2\/pages"}],"about":[{"href":"https:\/\/onlinebettingspace.com\/sk\/wp-json\/wp\/v2\/types\/page"}],"author":[{"embeddable":true,"href":"https:\/\/onlinebettingspace.com\/sk\/wp-json\/wp\/v2\/users\/1"}],"replies":[{"embeddable":true,"href":"https:\/\/onlinebettingspace.com\/sk\/wp-json\/wp\/v2\/comments?post=2363"}],"version-history":[{"count":0,"href":"https:\/\/onlinebettingspace.com\/sk\/wp-json\/wp\/v2\/pages\/2363\/revisions"}],"wp:attachment":[{"href":"https:\/\/onlinebettingspace.com\/sk\/wp-json\/wp\/v2\/media?parent=2363"}],"curies":[{"name":"wp","href":"https:\/\/api.w.org\/{rel}","templated":true}]}}