{"id":2357,"date":"2022-06-28T14:13:47","date_gmt":"2022-06-28T11:13:47","guid":{"rendered":"https:\/\/onlinebettingspace.com\/?page_id=2357"},"modified":"2022-06-28T14:13:47","modified_gmt":"2022-06-28T11:13:47","slug":"bezpecne-online-casino","status":"publish","type":"page","link":"https:\/\/onlinebettingspace.com\/sk\/bezpecne-online-casino\/","title":{"rendered":"BEZPE\u010cN\u00c9 ONLINE CASINO"},"content":{"rendered":"<section class=\"l-section wpb_row height_medium\"><div class=\"l-section-h i-cf\"><div class=\"g-cols vc_row via_flex valign_top type_default stacking_default\"><div class=\"vc_col-sm-12 wpb_column vc_column_container\"><div class=\"vc_column-inner\"><div class=\"wpb_wrapper\"><div class=\"wpb_text_column\"><div class=\"wpb_wrapper\"><h1>BEZPE\u010cN\u00c9 ONLINE CASINO<\/h1>\n<p>Bezpe\u010dnosti nikdy nie je dos\u0165 a\u00a0toto pri internete plat\u00ed dvojn\u00e1sobne. Aj napriek tomu, \u017ee bezpe\u010dnos\u0165 na internete sa za posledn\u00e9 roky vylep\u0161uje m\u00ed\u013eov\u00fdmi krokmi, nikdy by ste nemali zaspa\u0165 na vavr\u00ednoch a\u00a0myslie\u0165 si, \u017ee v\u00e1m sa ni\u010d nem\u00f4\u017ee sta\u0165. A\u00a0samozrejme tak\u00e9to rozm\u00fd\u0161\u013eanie treba aplikova\u0165 pri hran\u00ed v\u00a0online kas\u00ednach. Ako n\u00e1js\u0165 bezpe\u010dn\u00e9 online cas\u00edno, ako sa bezpe\u010dne zaregistrova\u0165 v\u00a0cas\u00edne a\u00a0ako bezpe\u010dne nahra\u0165 peniaze do cas\u00edna? Na v\u0161etky tieto odpovede V\u00e1m ve\u013emi radi v\u00a0nasleduj\u00facich riadkoch odpovieme.<\/p>\n<h2>N\u00c1JDITE BEZPE\u010cN\u00c9 ONLINE KAS\u00cdNO PRE HRU<\/h2>\n<p>Nikto ur\u010dite nechce, aby jeho osobn\u00e9 \u00fadaje boli kas\u00ednom zneu\u017eit\u00e9, alebo aby kas\u00edno zo d\u0148a na de\u0148 zmizlo aj so v\u0161etk\u00fdmi hr\u00e1\u010dov\u00fdmi peniazmi vr\u00e1tane v\u00fdhier. Ako tomu zabr\u00e1ni\u0165, aby sa v\u00e1m tak\u00e1to situ\u00e1cia nikdy nestala? Jednoducho \u2013 v\u017edy hrajte v\u00a0renomovan\u00fdch, odsk\u00fa\u0161an\u00fdch a\u00a0hlavne kvalitn\u00fdch online cas\u00ednach.<\/p>\n<p>Zisti\u0165, ktor\u00e9 online kas\u00edno je bezpe\u010dn\u00e9 a\u00a0pri ktorom m\u00e1te zaru\u010den\u00fa bezpe\u010dnos\u0165 pre va\u0161e peniaze a\u00a0osobn\u00e9 \u00fadaje nie je v\u00f4bec n\u00e1ro\u010dn\u00e9. Sta\u010d\u00ed sa pozrie\u0165 na\u00a0<strong><a href=\"\/sk\/kasina-recenzia\" data-track=\"\">online cas\u00edna odpor\u00fa\u010dan\u00e9 nami a\u00a0ihne\u010f viete<\/a><\/strong>, v\u00a0ktor\u00fdch kas\u00ednach sa v\u00e1m oplat\u00ed hra\u0165 a\u00a0v\u00a0ktor\u00fdch m\u00e1te istotu, \u017ee sa ni\u010d nestane. Okrem toho tieto kas\u00edna, ktor\u00e9 odpor\u00fa\u010dame maj\u00fa zvy\u010dajne plnohodnotn\u00fa slovensk\u00fa alebo \u010desk\u00fa jazykov\u00fa podporu a\u00a0vy sa tak nemus\u00edte ob\u00e1va\u0165 \u017eiadnych nedorozumen\u00ed.<\/p>\n<p>Nezabudnite si v\u017edy da\u0165 ve\u013ek\u00fd pozor, ak sa na trhu objav\u00ed nejak\u00e1 nov\u00e1 zna\u010dka kas\u00edna, ktor\u00e1 sa v\u00e1s pok\u00fa\u0161a nal\u00e1ka\u0165 na neuverite\u013ene ve\u013ek\u00e9 bonusy, skvel\u00e9 mo\u017enosti ako vyhra\u0165, \u010di in\u00e9 v\u00fdhody, ktor\u00e9 sa zdaj\u00fa a\u017e pr\u00edli\u0161 dobr\u00e9. Odpor\u00fa\u010dame v\u00e1m si tak\u00fato zna\u010dku rad\u0161ej overi\u0165 na internete a\u00a0na r\u00f4znych f\u00f3rach, a\u00a0a\u017e n\u00e1sledne sa u\u00a0nej zaregistrova\u0165 a\u00a0spravi\u0165 re\u00e1lny vklad. Av\u0161ak ani toto nemus\u00ed zaru\u010di\u0165, \u017ee dan\u00e9 online casino nesk\u00f4r \u2013 kv\u00f4li r\u00f4znym finan\u010dn\u00fdm \u010di in\u00fdm probl\u00e9mom, o\u00a0ktor\u00fdch nem\u00e1te \u0161ancu vedie\u0165 \u2013 zmizne z\u00a0trhu aj s\u00a0va\u0161imi peniazmi a\u00a0osobn\u00fdmi \u00fadajmi. Preto ur\u010dite rad\u0161ej d\u00e1vajte prednos\u0165 kas\u00ednam,\u00a0<strong><a href=\"\/sk\/slovenske-kasina\" data-track=\"\">ako napr\u00edklad tie na na\u0161ej str\u00e1nke<\/a><\/strong>.<\/p>\n<h2>AKO ROZPOZNA\u0164 BEZPE\u010cN\u00c9 ONLINE KAS\u00cdNO<\/h2>\n<p>Existuje viacero vec\u00ed, n\u00e1povied, ktor\u00e9 v\u00e1m signalizuj\u00fa, \u017ee vami vybran\u00e9 online kas\u00edno je bezpe\u010dn\u00e9. S\u00fa to napr\u00edklad tieto:<\/p>\n<h3>Licencia<\/h3>\n<p>\u017diadne bezpe\u010dn\u00e9 online kas\u00edno nem\u00f4\u017ee fungova\u0165 bez licencie. Inform\u00e1cie o\u00a0nej naj\u010dastej\u0161ie n\u00e1jdete na spodku \u00favodnej strany (homepage), pr\u00edpadne v\u00a0\u010dasti \u201eO n\u00e1s\u201c (\u201eAbout Us\u201c), alebo vo FAQ. Kas\u00edna, ktor\u00e9 cielia na eur\u00f3pskych hr\u00e1\u010dov maj\u00fa licencie naj\u010dastej\u0161ie z\u00a0Ve\u013ekej Brit\u00e1nie, Malty, Gibralt\u00e1ru \u010di z\u00a0Ostrova Man.<\/p>\n<h3>Softv\u00e9r<\/h3>\n<p>Ve\u013ea dok\u00e1\u017ee napoveda\u0165 i\u00a0to, od koho kas\u00edno pon\u00faka hry. V\u00e4\u010d\u0161ina online kas\u00edn sa sna\u017e\u00ed ma\u0165 v\u00a0ponuke hry od t\u00fdch najv\u00e4\u010d\u0161\u00edch softv\u00e9rov\u00fdch oper\u00e1torov ako NetEnt, Microgaming, Playtech a\u00a0in\u00e9. Ak n\u00e1jdete, \u017ee kas\u00edno vlastn\u00ed licenciu od auditorskej spolo\u010dnosti ako eCOGRA, TST, Thawte a\u00a0in\u00e9, je to \u010fal\u0161\u00ed sign\u00e1l o\u00a0bezpe\u010dnosti kas\u00edna.<\/p>\n<h3>Transparentnos\u0165<\/h3>\n<p>O\u00a0bezpe\u010dnosti online kas\u00edna vypoved\u00e1 i\u00a0jeho transparentnos\u0165. Kas\u00edno by malo ma\u0165 na str\u00e1nke v\u00a0\u010dasti \u201eAbout Us\u201c (O n\u00e1s). inform\u00e1cie o\u00a0tom, ak\u00e1 spolo\u010dnos\u0165 ho vlastn\u00ed a\u00a0to kde m\u00e1 s\u00eddlo. Niekedy budete n\u00faten\u00ed tieto inform\u00e1cie h\u013eada\u0165 i\u00a0v\u00a0\u010dasti nazvanej \u201eTerms and Conditions\u201c.<\/p>\n<h3>Zabezpe\u010den\u00e1<strong>\u00a0str\u00e1nka<\/strong><\/h3>\n<p>Treba si v\u0161\u00edma\u0165 i\u00a0to, \u010di je str\u00e1nka zabezpe\u010den\u00e1. Prvou vecou, ktor\u00fa by ste mali vidie\u0165 po kliknut\u00ed na adresu kas\u00edna je p\u00e4\u0165 p\u00edsmen https:\/\/. \u010eal\u0161ou je symbol z\u00e1mku e\u0161te pred adresou. Tento z\u00e1mok vyjadruje to, \u017ee na str\u00e1nku v\u00a0momente v\u00e1\u0161ho pripojenia nenazer\u00e1 nikto druh\u00fd, \u017eiadny \u00fato\u010dn\u00edk. V\u017edy si tie\u017e skontrolujte, \u017ee ste zadali spr\u00e1vnu adresu a\u00a0nedostali sa na nejak\u00fa pir\u00e1tsku k\u00f3piu str\u00e1nky.<\/p>\n<h2>BEZPE\u010cNOS\u0164 PRI PREVODE PE\u0147AZ\u00cd<\/h2>\n<p>M\u00e1te obavy o\u00a0svoje peniaze po\u010das toho, ako ich vklad\u00e1te alebo vyber\u00e1te z\u00a0kas\u00edna? V\u00a0tom pr\u00edpade v\u00e1m odpor\u00fa\u010dame pozrie\u0165 si na\u0161u pr\u00edru\u010dku o\u00a0platobn\u00fdch mo\u017enostiach v\u00a0kas\u00ednach a\u00a0vybra\u0165 si jeden zo sp\u00f4sobov, ktor\u00fd v\u00a0nej spom\u00edname a\u00a0ktor\u00fd sa v\u00e1m vyhovuje.<\/p>\n<p>My osobne sa prikl\u00e1\u0148ame k\u00a0n\u00e1zoru, \u017ee\u00a0<strong><a href=\"\/sk\/moznosti-platby\" data-track=\"\">najbezpe\u010dnej\u0161\u00edmi platobn\u00fdmi mo\u017enos\u0165ami v\u00a0online cas\u00ednach<\/a><\/strong>\u00a0s\u00fa e-pe\u0148a\u017eenky ako Skrill alebo Neteller, preto\u017ee vy nemus\u00edte kas\u00ednu zad\u00e1va\u0165 \u010d\u00edslo va\u0161ej kreditnej karty alebo bankov\u00e9ho \u00fa\u010dtu. V\u00a0pr\u00edpade, ak m\u00e1 kas\u00edno \u00fa\u010det v\u00a0niektorej slovenskej banke a\u00a0ako sp\u00f4sob platby pon\u00faka mo\u017enos\u0165 spravi\u0165 bankov\u00fd prevod na dan\u00fd slovensk\u00fd \u00fa\u010det, ur\u010dite vyu\u017eite t\u00fato mo\u017enos\u0165 \u2013 je to jednoduch\u00e9, lacn\u00e9 a\u00a0bezpe\u010dn\u00e9 \u2013 dalo by sa to porovna\u0165 s\u00a0t\u00fdm, ako ke\u010f posielate peniaze na \u00fa\u010det v\u00e1\u0161mu zn\u00e1memu. Predplaten\u00fd kup\u00f3n PaySafeCard je tie\u017e \u010fal\u0161ia v\u00fdborn\u00e1 mo\u017enos\u0165, ako bezpe\u010dne vklada\u0165 peniaze na kas\u00ednov\u00fd \u00fa\u010det \u2013 v\u00a0pr\u00edpade tejto karty nehroz\u00ed \u017eiadne zneu\u017eitie d\u00e1t ani strata ve\u013ekej sumy, preto\u017ee karta je limitovan\u00e1 na sumu, v\u00a0ktorej +bola zak\u00fapen\u00e1.<\/p>\n<p>Pri vyberan\u00ed pe\u0148az\u00ed z\u00a0kas\u00edna v\u00e1m odpor\u00fa\u010dame pou\u017ei\u0165 e-pe\u0148a\u017eenky alebo prevod na v\u00e1\u0161 bankov\u00fd \u00fa\u010det \u2013 jedn\u00e1 sa o\u00a0bezpe\u010dn\u00e9 transakcie a\u00a0nehroz\u00ed, \u017ee sa peniaze niekde stratia alebo niekto zneu\u017eije va\u0161e \u00fadaje. Pri prevode na bankov\u00fd \u00fa\u010det je v\u0161ak potrebn\u00e9 ma\u0165 ist\u00fa d\u00e1vku trpezlivosti, preto\u017ee samotn\u00fd prevod m\u00f4\u017ee trva\u0165 t\u00fd\u017ede\u0148 ale nezriedka to b\u00fdva aj viac \u2013 preto sa ur\u010dite ihne\u010f ne\u013eakajte\u00a0 a\u00a0nebombardujte kas\u00edno v\u00fdhra\u017en\u00fdmi emailami.<\/p>\n<h2>OPATRNOS\u0164 NADOV\u0160ETKO,\u00a0 NIELEN V\u00a0CASINE<\/h2>\n<p>Pri hran\u00ed v\u00a0online kas\u00ednach, prevodoch pe\u0148az\u00ed alebo manipul\u00e1ci\u00ed s\u00a0citliv\u00fdmi \u00fadajmi, ako napr\u00edklad va\u0161e meno, adresa, bankov\u00fd \u00fa\u010det, rodn\u00e9 \u010d\u00edslo a\u00a0podobne netreba zab\u00fada\u0165 na neust\u00e1lu ostra\u017eitos\u0165 a\u00a0v\u017edy si treba uvedomova\u0165 tieto pravidl\u00e1 bezpe\u010dn\u00e9ho existovania:<\/p>\n<ul>\n<li>Nepou\u017e\u00edvajte citliv\u00e9 d\u00e1ta (men\u00e1, hesl\u00e1, bankov\u00e9 \u00fa\u010dty) ak idete cez verejn\u00fa WiFi sie\u0165<\/li>\n<\/ul>\n<ul>\n<li>Ak u\u017e mus\u00edte tieto d\u00e1ta pou\u017ei\u0165, presved\u010dte sa, \u017ee idete cez \u0161ifrovan\u00fa str\u00e1nku (v prehliada\u010di vid\u00edte, \u017ee za\u010d\u00edna protokolom \u201ehttps:\/\/\u201c)<\/li>\n<\/ul>\n<ul>\n<li>Na rozli\u010dn\u00fdch str\u00e1nkach pou\u017e\u00edvajte rozdielne prihlasovacie men\u00e1 a\u00a0hesl\u00e1<\/li>\n<\/ul>\n<ul>\n<li>Svoje hesl\u00e1 zvyknite \u010das od \u010dasu meni\u0165 alebo aspo\u0148 \u010diasto\u010dne obmiena\u0165<\/li>\n<\/ul>\n<ul>\n<li>Svoje citliv\u00e9 \u00fadaje alebo hesl\u00e1 nemajte ulo\u017een\u00e9 na internete ale rad\u0161ej osta\u0148te vern\u00ed papieru a\u00a0peru<\/li>\n<\/ul>\n<ul>\n<li>\u010casto aktualizujte svoj opera\u010dn\u00fd syst\u00e9m a\u00a0nezab\u00fadajte na firewall, antiv\u00edrus a\u00a0in\u00e9 ochrann\u00e9 programy<\/li>\n<\/ul>\n<p>Pou\u017e\u00edvajte svoj zdrav\u00fd \u00fasudok a\u00a0nenechajte sa nal\u00e1ka\u0165 podvodnou reklamou alebo emailami od nezn\u00e1mych \u013eud\u00ed.<\/p>\n<\/div><\/div><\/div><\/div><\/div><\/div><\/div><\/section>\n","protected":false},"excerpt":{"rendered":"BEZPE\u010cN\u00c9 ONLINE CASINO Bezpe\u010dnosti nikdy nie je dos\u0165 a\u00a0toto pri internete plat\u00ed dvojn\u00e1sobne. Aj napriek tomu, \u017ee bezpe\u010dnos\u0165 na internete sa za posledn\u00e9 roky vylep\u0161uje m\u00ed\u013eov\u00fdmi krokmi, nikdy by ste nemali zaspa\u0165 na vavr\u00ednoch a\u00a0myslie\u0165 si, \u017ee v\u00e1m sa ni\u010d nem\u00f4\u017ee sta\u0165. A\u00a0samozrejme tak\u00e9to rozm\u00fd\u0161\u013eanie treba aplikova\u0165 pri hran\u00ed v\u00a0online kas\u00ednach. Ako n\u00e1js\u0165 bezpe\u010dn\u00e9 online...","protected":false},"author":1,"featured_media":0,"parent":0,"menu_order":0,"comment_status":"closed","ping_status":"closed","template":"","meta":{"_acf_changed":false,"footnotes":""},"class_list":["post-2357","page","type-page","status-publish","hentry"],"acf":[],"rankMath":{"parentDomain":"onlinebettingspace.com","noFollowDomains":[],"noFollowExcludeDomains":[],"noFollowExternalLinks":false,"featuredImageNotice":"The featured image should be at least 200 by 200 pixels to be picked up by Facebook and other social media sites.","pluginReviewed":true,"postSettings":{"linkSuggestions":true,"useFocusKeyword":false},"frontEndScore":false,"postName":"bezpecne-online-casino","permalinkFormat":"https:\/\/onlinebettingspace.com\/sk\/%pagename%\/","showLockModifiedDate":true,"assessor":{"focusKeywordLink":"https:\/\/onlinebettingspace.com\/wp-admin\/edit.php?focus_keyword=%focus_keyword%&post_type=%post_type%","hasTOCPlugin":false,"primaryTaxonomy":false,"serpData":{"title":"Bezpe\u010dnos\u0165 v kas\u00edne \u2013 Rozpoznajte bezpe\u010dn\u00e9 online casino","description":"Na celom svete s\u00fa stovky online kas\u00edn a str\u00e1nok pon\u00fakaj\u00facich kas\u00ednov\u00e9 hry. Viete ako rozpozna\u0165 bezpe\u010dn\u00e9 online kas\u00edno a ak\u00e9 s\u00fa z\u00e1sady bezpe\u010dnosti na internete?","focusKeywords":"","pillarContent":false,"canonicalUrl":"","breadcrumbTitle":"","advancedRobots":[],"facebookTitle":"","facebookDescription":"","facebookImage":"","facebookImageID":"","facebookHasOverlay":false,"facebookImageOverlay":"","facebookAuthor":"","twitterCardType":"","twitterUseFacebook":true,"twitterTitle":"","twitterDescription":"","twitterImage":"","twitterImageID":"","twitterHasOverlay":false,"twitterImageOverlay":"","twitterPlayerUrl":"","twitterPlayerSize":"","twitterPlayerStream":"","twitterPlayerStreamCtype":"","twitterAppDescription":"","twitterAppIphoneName":"","twitterAppIphoneID":"","twitterAppIphoneUrl":"","twitterAppIpadName":"","twitterAppIpadID":"","twitterAppIpadUrl":"","twitterAppGoogleplayName":"","twitterAppGoogleplayID":"","twitterAppGoogleplayUrl":"","twitterAppCountry":"","robots":{"index":true},"twitterAuthor":"username","primaryTerm":0,"authorName":"OBSAdmin","titleTemplate":"%title% %sep% %sitename%","descriptionTemplate":"%excerpt%","showScoreFrontend":true,"lockModifiedDate":false},"powerWords":[],"diacritics":{"A":"[\\u0041\\u24B6\\uFF21\\u00C0\\u00C1\\u00C2\\u1EA6\\u1EA4\\u1EAA\\u1EA8\\u00C3\\u0100\\u0102\\u1EB0\\u1EAE\\u1EB4\\u1EB2\\u0226\\u01E0\\u00C4\\u01DE\\u1EA2\\u00C5\\u01FA\\u01CD\\u0200\\u0202\\u1EA0\\u1EAC\\u1EB6\\u1E00\\u0104\\u023A\\u2C6F]","AA":"[\\uA732]","AE":"[\\u00C6\\u01FC\\u01E2]","AO":"[\\uA734]","AU":"[\\uA736]","AV":"[\\uA738\\uA73A]","AY":"[\\uA73C]","B":"[\\u0042\\u24B7\\uFF22\\u1E02\\u1E04\\u1E06\\u0243\\u0182\\u0181]","C":"[\\u0043\\u24B8\\uFF23\\u0106\\u0108\\u010A\\u010C\\u00C7\\u1E08\\u0187\\u023B\\uA73E]","D":"[\\u0044\\u24B9\\uFF24\\u1E0A\\u010E\\u1E0C\\u1E10\\u1E12\\u1E0E\\u0110\\u018B\\u018A\\u0189\\uA779]","DZ":"[\\u01F1\\u01C4]","Dz":"[\\u01F2\\u01C5]","E":"[\\u0045\\u24BA\\uFF25\\u00C8\\u00C9\\u00CA\\u1EC0\\u1EBE\\u1EC4\\u1EC2\\u1EBC\\u0112\\u1E14\\u1E16\\u0114\\u0116\\u00CB\\u1EBA\\u011A\\u0204\\u0206\\u1EB8\\u1EC6\\u0228\\u1E1C\\u0118\\u1E18\\u1E1A\\u0190\\u018E]","F":"[\\u0046\\u24BB\\uFF26\\u1E1E\\u0191\\uA77B]","G":"[\\u0047\\u24BC\\uFF27\\u01F4\\u011C\\u1E20\\u011E\\u0120\\u01E6\\u0122\\u01E4\\u0193\\uA7A0\\uA77D\\uA77E]","H":"[\\u0048\\u24BD\\uFF28\\u0124\\u1E22\\u1E26\\u021E\\u1E24\\u1E28\\u1E2A\\u0126\\u2C67\\u2C75\\uA78D]","I":"[\\u0049\\u24BE\\uFF29\\u00CC\\u00CD\\u00CE\\u0128\\u012A\\u012C\\u0130\\u00CF\\u1E2E\\u1EC8\\u01CF\\u0208\\u020A\\u1ECA\\u012E\\u1E2C\\u0197]","J":"[\\u004A\\u24BF\\uFF2A\\u0134\\u0248]","K":"[\\u004B\\u24C0\\uFF2B\\u1E30\\u01E8\\u1E32\\u0136\\u1E34\\u0198\\u2C69\\uA740\\uA742\\uA744\\uA7A2]","L":"[\\u004C\\u24C1\\uFF2C\\u013F\\u0139\\u013D\\u1E36\\u1E38\\u013B\\u1E3C\\u1E3A\\u0141\\u023D\\u2C62\\u2C60\\uA748\\uA746\\uA780]","LJ":"[\\u01C7]","Lj":"[\\u01C8]","M":"[\\u004D\\u24C2\\uFF2D\\u1E3E\\u1E40\\u1E42\\u2C6E\\u019C]","N":"[\\u004E\\u24C3\\uFF2E\\u01F8\\u0143\\u00D1\\u1E44\\u0147\\u1E46\\u0145\\u1E4A\\u1E48\\u0220\\u019D\\uA790\\uA7A4]","NJ":"[\\u01CA]","Nj":"[\\u01CB]","O":"[\\u004F\\u24C4\\uFF2F\\u00D2\\u00D3\\u00D4\\u1ED2\\u1ED0\\u1ED6\\u1ED4\\u00D5\\u1E4C\\u022C\\u1E4E\\u014C\\u1E50\\u1E52\\u014E\\u022E\\u0230\\u00D6\\u022A\\u1ECE\\u0150\\u01D1\\u020C\\u020E\\u01A0\\u1EDC\\u1EDA\\u1EE0\\u1EDE\\u1EE2\\u1ECC\\u1ED8\\u01EA\\u01EC\\u00D8\\u01FE\\u0186\\u019F\\uA74A\\uA74C]","OI":"[\\u01A2]","OO":"[\\uA74E]","OU":"[\\u0222]","P":"[\\u0050\\u24C5\\uFF30\\u1E54\\u1E56\\u01A4\\u2C63\\uA750\\uA752\\uA754]","Q":"[\\u0051\\u24C6\\uFF31\\uA756\\uA758\\u024A]","R":"[\\u0052\\u24C7\\uFF32\\u0154\\u1E58\\u0158\\u0210\\u0212\\u1E5A\\u1E5C\\u0156\\u1E5E\\u024C\\u2C64\\uA75A\\uA7A6\\uA782]","S":"[\\u0053\\u24C8\\uFF33\\u1E9E\\u015A\\u1E64\\u015C\\u1E60\\u0160\\u1E66\\u1E62\\u1E68\\u0218\\u015E\\u2C7E\\uA7A8\\uA784]","T":"[\\u0054\\u24C9\\uFF34\\u1E6A\\u0164\\u1E6C\\u021A\\u0162\\u1E70\\u1E6E\\u0166\\u01AC\\u01AE\\u023E\\uA786]","TZ":"[\\uA728]","U":"[\\u0055\\u24CA\\uFF35\\u00D9\\u00DA\\u00DB\\u0168\\u1E78\\u016A\\u1E7A\\u016C\\u00DC\\u01DB\\u01D7\\u01D5\\u01D9\\u1EE6\\u016E\\u0170\\u01D3\\u0214\\u0216\\u01AF\\u1EEA\\u1EE8\\u1EEE\\u1EEC\\u1EF0\\u1EE4\\u1E72\\u0172\\u1E76\\u1E74\\u0244]","V":"[\\u0056\\u24CB\\uFF36\\u1E7C\\u1E7E\\u01B2\\uA75E\\u0245]","VY":"[\\uA760]","W":"[\\u0057\\u24CC\\uFF37\\u1E80\\u1E82\\u0174\\u1E86\\u1E84\\u1E88\\u2C72]","X":"[\\u0058\\u24CD\\uFF38\\u1E8A\\u1E8C]","Y":"[\\u0059\\u24CE\\uFF39\\u1EF2\\u00DD\\u0176\\u1EF8\\u0232\\u1E8E\\u0178\\u1EF6\\u1EF4\\u01B3\\u024E\\u1EFE]","Z":"[\\u005A\\u24CF\\uFF3A\\u0179\\u1E90\\u017B\\u017D\\u1E92\\u1E94\\u01B5\\u0224\\u2C7F\\u2C6B\\uA762]","a":"[\\u0061\\u24D0\\uFF41\\u1E9A\\u00E0\\u00E1\\u00E2\\u1EA7\\u1EA5\\u1EAB\\u1EA9\\u00E3\\u0101\\u0103\\u1EB1\\u1EAF\\u1EB5\\u1EB3\\u0227\\u01E1\\u00E4\\u01DF\\u1EA3\\u00E5\\u01FB\\u01CE\\u0201\\u0203\\u1EA1\\u1EAD\\u1EB7\\u1E01\\u0105\\u2C65\\u0250]","aa":"[\\uA733]","ae":"[\\u00E6\\u01FD\\u01E3]","ao":"[\\uA735]","au":"[\\uA737]","av":"[\\uA739\\uA73B]","ay":"[\\uA73D]","b":"[\\u0062\\u24D1\\uFF42\\u1E03\\u1E05\\u1E07\\u0180\\u0183\\u0253]","c":"[\\u0063\\u24D2\\uFF43\\u0107\\u0109\\u010B\\u010D\\u00E7\\u1E09\\u0188\\u023C\\uA73F\\u2184]","d":"[\\u0064\\u24D3\\uFF44\\u1E0B\\u010F\\u1E0D\\u1E11\\u1E13\\u1E0F\\u0111\\u018C\\u0256\\u0257\\uA77A]","dz":"[\\u01F3\\u01C6]","e":"[\\u0065\\u24D4\\uFF45\\u00E8\\u00E9\\u00EA\\u1EC1\\u1EBF\\u1EC5\\u1EC3\\u1EBD\\u0113\\u1E15\\u1E17\\u0115\\u0117\\u00EB\\u1EBB\\u011B\\u0205\\u0207\\u1EB9\\u1EC7\\u0229\\u1E1D\\u0119\\u1E19\\u1E1B\\u0247\\u025B\\u01DD]","f":"[\\u0066\\u24D5\\uFF46\\u1E1F\\u0192\\uA77C]","g":"[\\u0067\\u24D6\\uFF47\\u01F5\\u011D\\u1E21\\u011F\\u0121\\u01E7\\u0123\\u01E5\\u0260\\uA7A1\\u1D79\\uA77F]","h":"[\\u0068\\u24D7\\uFF48\\u0125\\u1E23\\u1E27\\u021F\\u1E25\\u1E29\\u1E2B\\u1E96\\u0127\\u2C68\\u2C76\\u0265]","hv":"[\\u0195]","i":"[\\u0069\\u24D8\\uFF49\\u00EC\\u00ED\\u00EE\\u0129\\u012B\\u012D\\u00EF\\u1E2F\\u1EC9\\u01D0\\u0209\\u020B\\u1ECB\\u012F\\u1E2D\\u0268\\u0131]","j":"[\\u006A\\u24D9\\uFF4A\\u0135\\u01F0\\u0249]","k":"[\\u006B\\u24DA\\uFF4B\\u1E31\\u01E9\\u1E33\\u0137\\u1E35\\u0199\\u2C6A\\uA741\\uA743\\uA745\\uA7A3]","l":"[\\u006C\\u24DB\\uFF4C\\u0140\\u013A\\u013E\\u1E37\\u1E39\\u013C\\u1E3D\\u1E3B\\u017F\\u0142\\u019A\\u026B\\u2C61\\uA749\\uA781\\uA747]","lj":"[\\u01C9]","m":"[\\u006D\\u24DC\\uFF4D\\u1E3F\\u1E41\\u1E43\\u0271\\u026F]","n":"[\\u006E\\u24DD\\uFF4E\\u01F9\\u0144\\u00F1\\u1E45\\u0148\\u1E47\\u0146\\u1E4B\\u1E49\\u019E\\u0272\\u0149\\uA791\\uA7A5]","nj":"[\\u01CC]","o":"[\\u006F\\u24DE\\uFF4F\\u00F2\\u00F3\\u00F4\\u1ED3\\u1ED1\\u1ED7\\u1ED5\\u00F5\\u1E4D\\u022D\\u1E4F\\u014D\\u1E51\\u1E53\\u014F\\u022F\\u0231\\u00F6\\u022B\\u1ECF\\u0151\\u01D2\\u020D\\u020F\\u01A1\\u1EDD\\u1EDB\\u1EE1\\u1EDF\\u1EE3\\u1ECD\\u1ED9\\u01EB\\u01ED\\u00F8\\u01FF\\u0254\\uA74B\\uA74D\\u0275]","oi":"[\\u01A3]","ou":"[\\u0223]","oo":"[\\uA74F]","p":"[\\u0070\\u24DF\\uFF50\\u1E55\\u1E57\\u01A5\\u1D7D\\uA751\\uA753\\uA755]","q":"[\\u0071\\u24E0\\uFF51\\u024B\\uA757\\uA759]","r":"[\\u0072\\u24E1\\uFF52\\u0155\\u1E59\\u0159\\u0211\\u0213\\u1E5B\\u1E5D\\u0157\\u1E5F\\u024D\\u027D\\uA75B\\uA7A7\\uA783]","s":"[\\u0073\\u24E2\\uFF53\\u015B\\u1E65\\u015D\\u1E61\\u0161\\u1E67\\u1E63\\u1E69\\u0219\\u015F\\u023F\\uA7A9\\uA785\\u1E9B]","ss":"[\\u00DF]","t":"[\\u0074\\u24E3\\uFF54\\u1E6B\\u1E97\\u0165\\u1E6D\\u021B\\u0163\\u1E71\\u1E6F\\u0167\\u01AD\\u0288\\u2C66\\uA787]","tz":"[\\uA729]","u":"[\\u0075\\u24E4\\uFF55\\u00F9\\u00FA\\u00FB\\u0169\\u1E79\\u016B\\u1E7B\\u016D\\u00FC\\u01DC\\u01D8\\u01D6\\u01DA\\u1EE7\\u016F\\u0171\\u01D4\\u0215\\u0217\\u01B0\\u1EEB\\u1EE9\\u1EEF\\u1EED\\u1EF1\\u1EE5\\u1E73\\u0173\\u1E77\\u1E75\\u0289]","v":"[\\u0076\\u24E5\\uFF56\\u1E7D\\u1E7F\\u028B\\uA75F\\u028C]","vy":"[\\uA761]","w":"[\\u0077\\u24E6\\uFF57\\u1E81\\u1E83\\u0175\\u1E87\\u1E85\\u1E98\\u1E89\\u2C73]","x":"[\\u0078\\u24E7\\uFF58\\u1E8B\\u1E8D]","y":"[\\u0079\\u24E8\\uFF59\\u1EF3\\u00FD\\u0177\\u1EF9\\u0233\\u1E8F\\u00FF\\u1EF7\\u1E99\\u1EF5\\u01B4\\u024F\\u1EFF]","z":"[\\u007A\\u24E9\\uFF5A\\u017A\\u1E91\\u017C\\u017E\\u1E93\\u1E95\\u01B6\\u0225\\u0240\\u2C6C\\uA763]"},"researchesTests":["contentHasTOC","contentHasShortParagraphs","contentHasAssets","keywordInTitle","keywordInMetaDescription","keywordInPermalink","keywordIn10Percent","keywordInContent","keywordInSubheadings","keywordInImageAlt","keywordDensity","keywordNotUsed","lengthContent","lengthPermalink","linksHasInternal","linksHasExternals","linksNotAllExternals","titleStartWithKeyword","titleSentiment","titleHasPowerWords","titleHasNumber","hasContentAI"],"hasRedirection":true,"hasBreadcrumb":false},"homeUrl":"https:\/\/onlinebettingspace.com\/sk\/","objectID":2357,"objectType":"post","locale":"sk","localeFull":"sk_SK","overlayImages":{"play":{"name":"Play icon","url":"https:\/\/onlinebettingspace.com\/wp-content\/plugins\/seo-by-rank-math\/assets\/admin\/img\/icon-play.png","path":"\/home\/SuperAdmin\/web\/onlinebettingspace.com\/public_html\/wp-content\/plugins\/seo-by-rank-math\/assets\/admin\/img\/icon-play.png","position":"middle_center"},"gif":{"name":"GIF icon","url":"https:\/\/onlinebettingspace.com\/wp-content\/plugins\/seo-by-rank-math\/assets\/admin\/img\/icon-gif.png","path":"\/home\/SuperAdmin\/web\/onlinebettingspace.com\/public_html\/wp-content\/plugins\/seo-by-rank-math\/assets\/admin\/img\/icon-gif.png","position":"middle_center"}},"defautOgImage":"https:\/\/onlinebettingspace.com\/wp-content\/uploads\/2022\/04\/OBS-FULL-LOGO.webp","customPermalinks":true,"isUserRegistered":true,"autoSuggestKeywords":true,"connectSiteUrl":"https:\/\/rankmath.com\/auth?site=https%3A%2F%2Fonlinebettingspace.com%2Fsk%2F&r=https%3A%2F%2Fonlinebettingspace.com%2Fsk%2Fwp-json%2Fwp%2Fv2%2Fpages%2F2357%3Fnonce%3D3399f0178d","maxTags":5,"trendsIcon":"<svg viewBox=\"0 0 610 610\"><path d=\"M18.85,446,174.32,290.48l58.08,58.08L76.93,504a14.54,14.54,0,0,1-20.55,0L18.83,466.48a14.54,14.54,0,0,1,0-20.55Z\" style=\"fill:#4285f4\"\/><path d=\"M242.65,242.66,377.59,377.6l-47.75,47.75a14.54,14.54,0,0,1-20.55,0L174.37,290.43l47.75-47.75A14.52,14.52,0,0,1,242.65,242.66Z\" style=\"fill:#ea4335\"\/><polygon points=\"319.53 319.53 479.26 159.8 537.34 217.88 377.61 377.62 319.53 319.53\" style=\"fill:#fabb05\"\/><path d=\"M594.26,262.73V118.61h0a16.94,16.94,0,0,0-16.94-16.94H433.2a16.94,16.94,0,0,0-12,28.92L565.34,274.71h0a16.94,16.94,0,0,0,28.92-12Z\" style=\"fill:#34a853\"\/><rect width=\"610\" height=\"610\" style=\"fill:none\"\/><\/svg>","showScore":true,"siteFavIcon":"https:\/\/onlinebettingspace.com\/wp-content\/uploads\/2022\/04\/OBS-LOGO-1.webp","canUser":{"general":false,"advanced":false,"snippet":false,"social":false,"analysis":false,"analytics":false,"content_ai":false},"showKeywordIntent":true,"isPro":false,"is_front_page":false,"trendsUpgradeLink":"https:\/\/rankmath.com\/pricing\/?utm_source=Plugin&utm_medium=CE%20General%20Tab%20Trends&utm_campaign=WP","trendsUpgradeLabel":"Upgrade","trendsPreviewImage":"https:\/\/onlinebettingspace.com\/wp-content\/plugins\/seo-by-rank-math\/assets\/admin\/img\/trends-preview.jpg","currentEditor":false,"homepageData":{"assessor":{"powerWords":[],"diacritics":true,"researchesTests":["contentHasTOC","contentHasShortParagraphs","contentHasAssets","keywordInTitle","keywordInMetaDescription","keywordInPermalink","keywordIn10Percent","keywordInContent","keywordInSubheadings","keywordInImageAlt","keywordDensity","keywordNotUsed","lengthContent","lengthPermalink","linksHasInternal","linksHasExternals","linksNotAllExternals","titleStartWithKeyword","titleSentiment","titleHasPowerWords","titleHasNumber","hasContentAI"],"hasBreadcrumb":false,"serpData":{"title":"%sitename% %page% %sep% %sitedesc%","description":"","titleTemplate":"%sitename% %page% %sep% %sitedesc%","descriptionTemplate":"","focusKeywords":"","breadcrumbTitle":"Home","robots":{"index":true},"advancedRobots":[],"facebookTitle":"","facebookDescription":"","facebookImage":"","facebookImageID":""}}},"tocTitle":"Table of Contents","tocExcludeHeadings":[],"listStyle":"ul"},"_links":{"self":[{"href":"https:\/\/onlinebettingspace.com\/sk\/wp-json\/wp\/v2\/pages\/2357","targetHints":{"allow":["GET"]}}],"collection":[{"href":"https:\/\/onlinebettingspace.com\/sk\/wp-json\/wp\/v2\/pages"}],"about":[{"href":"https:\/\/onlinebettingspace.com\/sk\/wp-json\/wp\/v2\/types\/page"}],"author":[{"embeddable":true,"href":"https:\/\/onlinebettingspace.com\/sk\/wp-json\/wp\/v2\/users\/1"}],"replies":[{"embeddable":true,"href":"https:\/\/onlinebettingspace.com\/sk\/wp-json\/wp\/v2\/comments?post=2357"}],"version-history":[{"count":0,"href":"https:\/\/onlinebettingspace.com\/sk\/wp-json\/wp\/v2\/pages\/2357\/revisions"}],"wp:attachment":[{"href":"https:\/\/onlinebettingspace.com\/sk\/wp-json\/wp\/v2\/media?parent=2357"}],"curies":[{"name":"wp","href":"https:\/\/api.w.org\/{rel}","templated":true}]}}