{"id":2263,"date":"2022-06-26T23:54:50","date_gmt":"2022-06-26T20:54:50","guid":{"rendered":"https:\/\/onlinebettingspace.com\/?page_id=2263"},"modified":"2022-06-26T23:54:50","modified_gmt":"2022-06-26T20:54:50","slug":"stavkove-kancelarie","status":"publish","type":"page","link":"https:\/\/onlinebettingspace.com\/sk\/online-stavkovanie\/stavkove-kancelarie\/","title":{"rendered":"ST\u00c1VKOV\u00c9 KANCEL\u00c1RIE"},"content":{"rendered":"<section class=\"l-section wpb_row height_medium\"><div class=\"l-section-h i-cf\"><div class=\"g-cols vc_row via_flex valign_top type_default stacking_default\"><div class=\"vc_col-sm-12 wpb_column vc_column_container\"><div class=\"vc_column-inner\"><div class=\"wpb_wrapper\"><div class=\"wpb_text_column\"><div class=\"wpb_wrapper\"><h1>NAJLEP\u0160IE ST\u00c1VKOV\u00c9 KANCEL\u00c1RIE<\/h1>\n<p>V\u00a0s\u00favislosti aj s\u00a0online st\u00e1vkov\u00fdmi spolo\u010dnos\u0165ami m\u00f4\u017eete \u010dasto \u010d\u00edta\u0165 r\u00f4zne superlat\u00edvy. Najv\u00e4\u010d\u0161ia, najlep\u0161ia alebo najpopul\u00e1rnej\u0161ia. Je nepochybn\u00e9, \u017ee ka\u017ed\u00e1 online st\u00e1vkov\u00e1 str\u00e1nka o\u00a0sebe tvrd\u00ed, \u017ee je t\u00e1 najlep\u0161ia pri tip\u00e9rov. Je to v\u0161ak skuto\u010dne tak? Urobili sme ve\u013ek\u00e9 porovnanie st\u00e1vkov\u00fdch kancel\u00e1rii pre internetov\u00fdch tip\u00e9rov v\u00a0snahe zisti\u0165, ktor\u00e1 z\u00a0nich \u010do pon\u00faka. Bude len na v\u00e1s a\u00a0va\u0161ich osobn\u00fdch preferenci\u00e1ch, ktor\u00e1 u\u00a0v\u00e1s zv\u00ed\u0165az\u00ed.<\/p>\n<p><strong>\u010co rob\u00ed st\u00e1vkov\u00fa str\u00e1nku dobrou?<\/strong><\/p>\n<p>V\u0161etci m\u00e1me nepochybne vlastn\u00e9 krit\u00e9ri\u00e1, pod\u013ea ktor\u00fdch si vyber\u00e1me online st\u00e1vkov\u00e9 kancel\u00e1rie. Ak by sme robili nie\u010do ako rebr\u00ed\u010dek krit\u00e9ri\u00ed, ve\u013emi pravdepodobne by sa na \u0148om objavili i\u00a0nasledovn\u00e9 parametre.<\/p>\n<ul>\n<li><strong>Ponuka \u0161portov<\/strong>\u00a0\u2013 Jedno zo zlat\u00fdch pravidiel \u00faspe\u0161n\u00e9ho tip\u00e9ra hovor\u00ed, \u017ee by ste sa mali venova\u0165 len jedin\u00e9mu \u0161portu a\u00a0to d\u00f4kladne. V\u00a0pr\u00edpade, \u017ee sa venujete tipovaniu na menej obvykl\u00fd \u0161port (napr\u00edklad snooker), mo\u017eno zist\u00edte, \u017ee nie vo v\u0161etk\u00fdch st\u00e1vkov\u00fdch kancel\u00e1ri\u00e1ch n\u00e1jdete tip\u00e9rske ponuky i\u00a0na tento \u0161port. \u010c\u00edm v\u00e4\u010d\u0161ia\u00a0<a href=\"https:\/\/onlinebettingspace.com\/sk\/online-stavkovanie\/\"><strong>ponuka \u0161portov<\/strong><\/a>, t\u00fdm to je lep\u0161ie, preto\u017ee to otv\u00e1ra \u0161ir\u0161ie mo\u017enosti i\u00a0pre n\u00e1s, tip\u00e9rov.<\/li>\n<li><strong>Uv\u00edtac\u00ed bonus\u00a0<\/strong>\u2013\u00a0<a href=\"https:\/\/onlinebettingspace.com\/sk\/bonus\/\"><strong>Uv\u00edtacie bonusy<\/strong><\/a>\u00a0patria k\u00a0be\u017en\u00fdm n\u00e1strojom, prostredn\u00edctvom ktor\u00fdch sa spolo\u010dnosti sna\u017eia nal\u00e1ka\u0165 na st\u00e1vkovanie online. Nenechajte sa v\u0161ak obrazne povedan\u00e9 opi\u0165 ro\u017ekom \u2013 viac ne\u017e deklarovan\u00e1 suma bonusu s\u00fa d\u00f4le\u017eitej\u0161ie jeho podmienky. Je lep\u0161ie prija\u0165 istej\u0161\u00ed \u20ac100 bonus, ne\u017e sa pok\u00fa\u0161a\u0165 o \u20ac1.000 bonus, na ktor\u00fd kv\u00f4li pr\u00edsnym podmienkam nedosiahnete, respekt\u00edve z\u00a0neho uvid\u00edte len mal\u00fd zlomok.<\/li>\n<li><strong>Slu\u017eby\u00a0<\/strong>\u2013 \u010eal\u0161\u00edm v\u00fdznamn\u00fdm krit\u00e9riom, ktor\u00e9 medzi hr\u00e1\u010dmi rozhoduje s\u00fa slu\u017eby. Funguje podpora 24-hod\u00edn denne? Pon\u00faka st\u00e1vkov\u00e1 kancel\u00e1ria mo\u017enos\u0165 vykon\u00e1va\u0165 vklady alebo v\u00fdbery prostredn\u00edctvom lok\u00e1lnych platobn\u00fdch met\u00f3d? Umo\u017e\u0148uje aj men\u0161ie vklady? Ak\u00e9 r\u00fdchle s\u00fa v\u00fdbery a\u00a0ako r\u00fdchlo sa vyrie\u0161i m\u00f4j probl\u00e9m? Nie je ni\u010d hor\u0161ie ne\u017e \u010daka\u0165 kv\u00f4li \u201eadministrat\u00edvnym probl\u00e9mom\u201c na svoje peniaze zbyto\u010dne dlho-<\/li>\n<li><strong>Akcie\u00a0<\/strong>\u2013 Radi vid\u00edme, ke\u010f je kas\u00edno ochotn\u00e9 vzda\u0165 sa \u010dasti svojich ziskov v\u00a0prospech nejak\u00fdch zauj\u00edmav\u00fdch akcii. \u010co takto \u0161peci\u00e1lne vkladov\u00e9 bonusy? S\u00fa\u0165a\u017ee o\u00a0vecn\u00e9 ceny alebo in\u00e9? Lep\u0161ie podmienky pri vernostnom programe? I\u00a0tipovanie sa niekedy m\u00f4\u017ee sta\u0165 v\u0161edn\u00e9, no pr\u00e1ve v\u010faka \u010dasovo obmedzen\u00fdm akci\u00e1m a\u00a0bonusom sa v\u00a0n\u00e1s m\u00f4\u017ee op\u00e4\u0165 zap\u00e1li\u0165 ten ch\u00fdbaj\u00faci ohe\u0148.<\/li>\n<\/ul>\n<h2>NAJLEP\u0160IA ONLINE ST\u00c1VKOV\u00c1 KANCEL\u00c1RIA<\/h2>\n<p>Po\u010fme sa teda pozrie\u0165, tentoraz u\u017e konkr\u00e9tnej\u0161ie a\u00a0detailnej\u0161ie, na ponuku troch azda najpopul\u00e1rnej\u0161\u00edch online st\u00e1vkov\u00fdch kancel\u00e1rii pre slovensk\u00fdch hr\u00e1\u010dov.<\/p>\n<h2>KDE M\u00d4\u017dEM N\u00c1JS\u0164 NAJLEP\u0160IE KURZY?<\/h2>\n<p>Ke\u010f\u017ee sa kurzy n\u00e1sobia, i\u00a0mal\u00fd rozdiel v\u00a0rozmedz\u00ed nieko\u013ek\u00fdch stot\u00edn pri konkr\u00e9tnej st\u00e1vkovej udalosti, m\u00f4\u017ee vytv\u00e1ra\u0165 ve\u013ek\u00fd rozdiel a\u00a0to i\u00a0nieko\u013eko eur, v\u00a0extr\u00e9mnych pr\u00edpadoch aj desiatok eur. Ako to vyzer\u00e1 v\u00a0pr\u00edpade kurzov na konkr\u00e9tne z\u00e1pasy?<\/p>\n<p>Vybrali sme na porovnanie z\u00e1pas medzi Bayernom Mn\u00edchov a\u00a0Lipskom z\u00a0nemeckej prvej\u00a0<a href=\"\/sk\/sportove-stavkovanie\/futbal\"><strong>futbalovej ligy<\/strong><\/a>. Na v\u00ed\u0165azstvo Bayernu s\u00fa nasleduj\u00face kurzy: DoxxBet (1.33), Tipsport (1.34), iFortuna (1.37). Na triumf Lipska s\u00fa kurzy: DoxxBet (7.69) iFortuna (8.6) Tipsport (8.86).<\/p>\n<p>Ak by sme sa na to chceli pozrie\u0165 glob\u00e1lne, tak napr\u00edklad na v\u00ed\u0165azstv\u00e1 dom\u00e1cich a\u00a0hos\u0165uj\u00facich man\u010daftov s\u00fa v\u00a0nami troch zvolen\u00fdch kancel\u00e1ri\u00e1ch v\u00a0r\u00e1mci jedn\u00e9ho kola nemeckej futbalovej ligy s\u00fahrnn\u00e9 kurzy: Tipsport = 91.27, iFortuna = 90.04 a\u00a0DoxxBet = 86.74.<\/p>\n<p>\u010co z\u00a0toho vypl\u00fdva? To, \u017ee najviac za svoje vlo\u017een\u00e9 euro, z\u00edskate v\u00a0Tipsporte a\u00a0najmenej v\u00a0DOXXbete. Rozdiel medzi kurzami v\u00a0Tipsporte a\u00a0DOXXbete je v\u00a0na\u0161om modelovom pr\u00edpade nezanedbate\u013en\u00fdch 5%, \u010do znamen\u00e1 5 euro na ka\u017ed\u00fdch sto eur.<\/p>\n<h2>NAJLEP\u0160IE TIP\u00c9RSKE BONUSY<\/h2>\n<p>Nie je to v\u0161etko len o\u00a0kurzoch. Ve\u013ea vedia spravi\u0165 aj tip\u00e9rske bonusy. Ak\u00e9 a\u00a0za ak\u00fdch podmienok ich pon\u00fakaj\u00fa online st\u00e1vkov\u00e9 kancel\u00e1rie?<\/p>\n<p>DOXXbet pon\u00faka mo\u017enos\u0165 z\u00edska\u0165 a\u017e \u20ac2.000 uv\u00edtac\u00ed vstupn\u00fd bonus. Bonus je pripisovan\u00fd po p\u00e4tin\u00e1ch, pri\u010dom maxim\u00e1lne m\u00f4\u017ee hr\u00e1\u010d z\u00edska\u0165 tak\u00fa sumu, ak\u00fa vlo\u017e\u00ed. Samotn\u00fd vklad je potrebn\u00e9 preto\u010di\u0165 desa\u0165 a\u017e \u0161estn\u00e1s\u0165 n\u00e1sobne a\u00a0to na tiketoch s\u00a0minim\u00e1lne dvomi udalos\u0165ami, ktor\u00e9 musia ma\u0165 kurz 1.45. Napr\u00edklad, ak sprav\u00edte \u20ac100 vklad, budete musie\u0165 preto\u010di\u0165 \u20ac1.000 do 90 dn\u00ed od vkladu. Ke\u010f preto\u010d\u00edte p\u00e4tinu (v tomto pr\u00edpade \u20ac200), bude v\u00e1m prip\u00edsan\u00fdch prv\u00fdch \u20ac20 (p\u00e4tina).<\/p>\n<p>iFortuna nov\u00fdm hr\u00e1\u010dom pon\u00faja na v\u00fdber z\u00a0dvoch vstupn\u00fdch bonusov \u2013 vo v\u00fd\u0161kach \u20ac250 a \u20ac500. Pri \u20ac250 bonuse mus\u00ed hr\u00e1\u010d do 90 dn\u00ed preto\u010di\u0165 6-n\u00e1sobok sumy vypo\u010d\u00edtanej ako vklad + bonus na tiketoch s\u00a0kurzom aspo\u0148 2.0. Pri \u20ac500 bonuse je to 7-n\u00e1sobok vkladu plus bonusu s\u00a0minim\u00e1lnym kurzom 3.0.<\/p>\n<p>Tipsport pon\u00faka najv\u00e4\u010d\u0161\u00ed z\u00a0bonusov, teoreticky a\u017e \u20ac4.000 pri 100% zhodnoten\u00ed. Ak by ste chceli z\u00edska\u0165 \u20ac4.000 bonus, museli by ste najprv pretipova\u0165 \u20ac80.000 na tiketoch s\u00a0minim\u00e1lnym kurzom 5.0. Ak by ste chceli ma\u0165 n\u00e1rok na \u20ac100 bonus, po \u20ac100 vklade by ste museli pretipova\u0165 \u20ac1.200 na tiketoch s\u00a0minim\u00e1lnym kurzom 1.5. Po pretipovan\u00ed 10% z\u00a0potrebnej sumy, v\u00e1m bude prip\u00edsan\u00fdch 10% z\u00a0bonusu. Okrem in\u00e9ho Tipsport pon\u00faka i \u20ac15 zadarmo na prv\u00e9 st\u00e1vky vypl\u00e1can\u00fd v\u00a0miestnej \u201emene\u201c, v\u00a0Netoch.<\/p>\n<h2>KDE N\u00c1JDEM BEZPLATN\u00c9 ST\u00c1VKY?<\/h2>\n<p>iFortuna pon\u00faka \u20ac30 st\u00e1vku bez rizika. T\u00e1to st\u00e1vka mus\u00ed by\u0165 prvou st\u00e1vkou v\u00a0iFortune a\u00a0jej minim\u00e1lny kurz mus\u00ed by\u0165 2.00. St\u00e1vka bez rizika znamen\u00e1, \u017ee v\u00e1m iFortuna vr\u00e1ti maxim\u00e1lne \u20ac30 zo sumy, ktor\u00fa ste vsadili na svojom prvom tikete v\u00a0pr\u00edpade, \u017ee tento tiket sa uk\u00e1\u017ee by\u0165 nev\u00fdhern\u00fd.<\/p>\n<p>Tipsport pon\u00faka \u20ac15 zadarmo na prv\u00e9 st\u00e1vky vypl\u00e1can\u00fdch v\u00a0miestnej \u201emene\u201c, v\u00a0Netoch. Podmienkou k\u00a0ich z\u00edskaniu je overenie toto\u017enosti prostredn\u00edctvom aspo\u0148 dvoch k\u00f3pii dokladov toto\u017enosti.<\/p>\n<h2>MOBILN\u00c9 ST\u00c1VKOV\u00c9 MO\u017dNOSTI<\/h2>\n<p>Modern\u00e9 tipovanie znamen\u00e1 i\u00a0tipovanie prostredn\u00edctvom smartf\u00f3nov. A\u00a0to sa najlep\u0161ie realizuje, ak m\u00e1te v\u00a0telef\u00f3ne nain\u0161talovan\u00fa aplik\u00e1ciu. T\u00e1 v\u00e1m \u0161etr\u00ed jednak d\u00e1ta, tak i\u00a0\u010das a\u00a0pon\u00faka ove\u013ea v\u00e4\u010d\u0161\u00ed komfort.<\/p>\n<p>Tipsport pon\u00faka aplik\u00e1ciu pre Android, Apple telef\u00f3ny, ako i\u00a0vlastn\u00fd mobiln\u00fd web. Aplik\u00e1cia iFortuny je dostupn\u00e1 pre Android, Apple i\u00a0Windows Phone a\u00a0n\u00e1jdete ju v\u00a0ofici\u00e1lnych obchodoch, \u010do u\u013eah\u010duje in\u0161tal\u00e1ciu. Vlastn\u00fa mobiln\u00fa aplik\u00e1ciu m\u00e1 aj DoxxBet, a\u00a0to pre telef\u00f3ny so syst\u00e9mom Android i\u00a0Apple. Vyu\u017ei\u0165 sa d\u00e1 aj mobiln\u00e1 verzia str\u00e1nky prisp\u00f4soben\u00e1 pre smartf\u00f3ny.<\/p>\n<h2>SUM\u00c1R<\/h2>\n<p>Online tipovanie pon\u00faka najmodernej\u0161ie a\u00a0najkomfortnej\u0161ie tipovanie a\u00a0v\u010faka existencii mobiln\u00fdch aplik\u00e1cii si m\u00f4\u017eete zatipova\u0165 skuto\u010dne kedyko\u013evek a\u00a0kdeko\u013evek. Vybra\u0165 si v\u0161ak miesto, v\u00a0ktorom budete tipova\u0165 \u2013 online st\u00e1vkov\u00fa kancel\u00e1riu \u2013 je v\u0161ak podstatne n\u00e1ro\u010dnej\u0161ie. Ver\u00edme, \u017ee i\u00a0v\u010faka n\u00e1\u0161mu \u010dl\u00e1nku sa dok\u00e1\u017eete lep\u0161ie rozhodn\u00fa\u0165.<\/p>\n<\/div><\/div><\/div><\/div><\/div><\/div><\/div><\/section>\n","protected":false},"excerpt":{"rendered":"NAJLEP\u0160IE ST\u00c1VKOV\u00c9 KANCEL\u00c1RIE V\u00a0s\u00favislosti aj s\u00a0online st\u00e1vkov\u00fdmi spolo\u010dnos\u0165ami m\u00f4\u017eete \u010dasto \u010d\u00edta\u0165 r\u00f4zne superlat\u00edvy. Najv\u00e4\u010d\u0161ia, najlep\u0161ia alebo najpopul\u00e1rnej\u0161ia. Je nepochybn\u00e9, \u017ee ka\u017ed\u00e1 online st\u00e1vkov\u00e1 str\u00e1nka o\u00a0sebe tvrd\u00ed, \u017ee je t\u00e1 najlep\u0161ia pri tip\u00e9rov. Je to v\u0161ak skuto\u010dne tak? Urobili sme ve\u013ek\u00e9 porovnanie st\u00e1vkov\u00fdch kancel\u00e1rii pre internetov\u00fdch tip\u00e9rov v\u00a0snahe zisti\u0165, ktor\u00e1 z\u00a0nich \u010do pon\u00faka. Bude len na...","protected":false},"author":1,"featured_media":0,"parent":2230,"menu_order":0,"comment_status":"closed","ping_status":"closed","template":"","meta":{"_acf_changed":false,"footnotes":""},"class_list":["post-2263","page","type-page","status-publish","hentry"],"acf":[],"rankMath":{"parentDomain":"onlinebettingspace.com","noFollowDomains":[],"noFollowExcludeDomains":[],"noFollowExternalLinks":false,"featuredImageNotice":"The featured image should be at least 200 by 200 pixels to be picked up by Facebook and other social media sites.","pluginReviewed":true,"postSettings":{"linkSuggestions":true,"useFocusKeyword":false},"frontEndScore":false,"postName":"stavkove-kancelarie","permalinkFormat":"https:\/\/onlinebettingspace.com\/sk\/%pagename%\/","showLockModifiedDate":true,"assessor":{"focusKeywordLink":"https:\/\/onlinebettingspace.com\/wp-admin\/edit.php?focus_keyword=%focus_keyword%&post_type=%post_type%","hasTOCPlugin":false,"primaryTaxonomy":false,"serpData":{"title":"Najlep\u0161ie slovensk\u00e9 st\u00e1vkov\u00e9 kancel\u00e1rie","description":"Online st\u00e1vkov\u00e9 kancel\u00e1rie pon\u00fakaj\u00fa rozdielne benefity a slu\u017eby. Spravili sme ve\u013ek\u00e9 porovnanie st\u00e1vkov\u00fdch kancel\u00e1rii, aby sme zistili, ktor\u00e1 v\u00e1m pon\u00fakne ak\u00e9 v\u00fdhody.","focusKeywords":"","pillarContent":false,"canonicalUrl":"","breadcrumbTitle":"","advancedRobots":[],"facebookTitle":"","facebookDescription":"","facebookImage":"","facebookImageID":"","facebookHasOverlay":false,"facebookImageOverlay":"","facebookAuthor":"","twitterCardType":"","twitterUseFacebook":true,"twitterTitle":"","twitterDescription":"","twitterImage":"","twitterImageID":"","twitterHasOverlay":false,"twitterImageOverlay":"","twitterPlayerUrl":"","twitterPlayerSize":"","twitterPlayerStream":"","twitterPlayerStreamCtype":"","twitterAppDescription":"","twitterAppIphoneName":"","twitterAppIphoneID":"","twitterAppIphoneUrl":"","twitterAppIpadName":"","twitterAppIpadID":"","twitterAppIpadUrl":"","twitterAppGoogleplayName":"","twitterAppGoogleplayID":"","twitterAppGoogleplayUrl":"","twitterAppCountry":"","robots":{"index":true},"twitterAuthor":"username","primaryTerm":0,"authorName":"OBSAdmin","titleTemplate":"%title% %sep% %sitename%","descriptionTemplate":"%excerpt%","showScoreFrontend":true,"lockModifiedDate":false},"powerWords":[],"diacritics":{"A":"[\\u0041\\u24B6\\uFF21\\u00C0\\u00C1\\u00C2\\u1EA6\\u1EA4\\u1EAA\\u1EA8\\u00C3\\u0100\\u0102\\u1EB0\\u1EAE\\u1EB4\\u1EB2\\u0226\\u01E0\\u00C4\\u01DE\\u1EA2\\u00C5\\u01FA\\u01CD\\u0200\\u0202\\u1EA0\\u1EAC\\u1EB6\\u1E00\\u0104\\u023A\\u2C6F]","AA":"[\\uA732]","AE":"[\\u00C6\\u01FC\\u01E2]","AO":"[\\uA734]","AU":"[\\uA736]","AV":"[\\uA738\\uA73A]","AY":"[\\uA73C]","B":"[\\u0042\\u24B7\\uFF22\\u1E02\\u1E04\\u1E06\\u0243\\u0182\\u0181]","C":"[\\u0043\\u24B8\\uFF23\\u0106\\u0108\\u010A\\u010C\\u00C7\\u1E08\\u0187\\u023B\\uA73E]","D":"[\\u0044\\u24B9\\uFF24\\u1E0A\\u010E\\u1E0C\\u1E10\\u1E12\\u1E0E\\u0110\\u018B\\u018A\\u0189\\uA779]","DZ":"[\\u01F1\\u01C4]","Dz":"[\\u01F2\\u01C5]","E":"[\\u0045\\u24BA\\uFF25\\u00C8\\u00C9\\u00CA\\u1EC0\\u1EBE\\u1EC4\\u1EC2\\u1EBC\\u0112\\u1E14\\u1E16\\u0114\\u0116\\u00CB\\u1EBA\\u011A\\u0204\\u0206\\u1EB8\\u1EC6\\u0228\\u1E1C\\u0118\\u1E18\\u1E1A\\u0190\\u018E]","F":"[\\u0046\\u24BB\\uFF26\\u1E1E\\u0191\\uA77B]","G":"[\\u0047\\u24BC\\uFF27\\u01F4\\u011C\\u1E20\\u011E\\u0120\\u01E6\\u0122\\u01E4\\u0193\\uA7A0\\uA77D\\uA77E]","H":"[\\u0048\\u24BD\\uFF28\\u0124\\u1E22\\u1E26\\u021E\\u1E24\\u1E28\\u1E2A\\u0126\\u2C67\\u2C75\\uA78D]","I":"[\\u0049\\u24BE\\uFF29\\u00CC\\u00CD\\u00CE\\u0128\\u012A\\u012C\\u0130\\u00CF\\u1E2E\\u1EC8\\u01CF\\u0208\\u020A\\u1ECA\\u012E\\u1E2C\\u0197]","J":"[\\u004A\\u24BF\\uFF2A\\u0134\\u0248]","K":"[\\u004B\\u24C0\\uFF2B\\u1E30\\u01E8\\u1E32\\u0136\\u1E34\\u0198\\u2C69\\uA740\\uA742\\uA744\\uA7A2]","L":"[\\u004C\\u24C1\\uFF2C\\u013F\\u0139\\u013D\\u1E36\\u1E38\\u013B\\u1E3C\\u1E3A\\u0141\\u023D\\u2C62\\u2C60\\uA748\\uA746\\uA780]","LJ":"[\\u01C7]","Lj":"[\\u01C8]","M":"[\\u004D\\u24C2\\uFF2D\\u1E3E\\u1E40\\u1E42\\u2C6E\\u019C]","N":"[\\u004E\\u24C3\\uFF2E\\u01F8\\u0143\\u00D1\\u1E44\\u0147\\u1E46\\u0145\\u1E4A\\u1E48\\u0220\\u019D\\uA790\\uA7A4]","NJ":"[\\u01CA]","Nj":"[\\u01CB]","O":"[\\u004F\\u24C4\\uFF2F\\u00D2\\u00D3\\u00D4\\u1ED2\\u1ED0\\u1ED6\\u1ED4\\u00D5\\u1E4C\\u022C\\u1E4E\\u014C\\u1E50\\u1E52\\u014E\\u022E\\u0230\\u00D6\\u022A\\u1ECE\\u0150\\u01D1\\u020C\\u020E\\u01A0\\u1EDC\\u1EDA\\u1EE0\\u1EDE\\u1EE2\\u1ECC\\u1ED8\\u01EA\\u01EC\\u00D8\\u01FE\\u0186\\u019F\\uA74A\\uA74C]","OI":"[\\u01A2]","OO":"[\\uA74E]","OU":"[\\u0222]","P":"[\\u0050\\u24C5\\uFF30\\u1E54\\u1E56\\u01A4\\u2C63\\uA750\\uA752\\uA754]","Q":"[\\u0051\\u24C6\\uFF31\\uA756\\uA758\\u024A]","R":"[\\u0052\\u24C7\\uFF32\\u0154\\u1E58\\u0158\\u0210\\u0212\\u1E5A\\u1E5C\\u0156\\u1E5E\\u024C\\u2C64\\uA75A\\uA7A6\\uA782]","S":"[\\u0053\\u24C8\\uFF33\\u1E9E\\u015A\\u1E64\\u015C\\u1E60\\u0160\\u1E66\\u1E62\\u1E68\\u0218\\u015E\\u2C7E\\uA7A8\\uA784]","T":"[\\u0054\\u24C9\\uFF34\\u1E6A\\u0164\\u1E6C\\u021A\\u0162\\u1E70\\u1E6E\\u0166\\u01AC\\u01AE\\u023E\\uA786]","TZ":"[\\uA728]","U":"[\\u0055\\u24CA\\uFF35\\u00D9\\u00DA\\u00DB\\u0168\\u1E78\\u016A\\u1E7A\\u016C\\u00DC\\u01DB\\u01D7\\u01D5\\u01D9\\u1EE6\\u016E\\u0170\\u01D3\\u0214\\u0216\\u01AF\\u1EEA\\u1EE8\\u1EEE\\u1EEC\\u1EF0\\u1EE4\\u1E72\\u0172\\u1E76\\u1E74\\u0244]","V":"[\\u0056\\u24CB\\uFF36\\u1E7C\\u1E7E\\u01B2\\uA75E\\u0245]","VY":"[\\uA760]","W":"[\\u0057\\u24CC\\uFF37\\u1E80\\u1E82\\u0174\\u1E86\\u1E84\\u1E88\\u2C72]","X":"[\\u0058\\u24CD\\uFF38\\u1E8A\\u1E8C]","Y":"[\\u0059\\u24CE\\uFF39\\u1EF2\\u00DD\\u0176\\u1EF8\\u0232\\u1E8E\\u0178\\u1EF6\\u1EF4\\u01B3\\u024E\\u1EFE]","Z":"[\\u005A\\u24CF\\uFF3A\\u0179\\u1E90\\u017B\\u017D\\u1E92\\u1E94\\u01B5\\u0224\\u2C7F\\u2C6B\\uA762]","a":"[\\u0061\\u24D0\\uFF41\\u1E9A\\u00E0\\u00E1\\u00E2\\u1EA7\\u1EA5\\u1EAB\\u1EA9\\u00E3\\u0101\\u0103\\u1EB1\\u1EAF\\u1EB5\\u1EB3\\u0227\\u01E1\\u00E4\\u01DF\\u1EA3\\u00E5\\u01FB\\u01CE\\u0201\\u0203\\u1EA1\\u1EAD\\u1EB7\\u1E01\\u0105\\u2C65\\u0250]","aa":"[\\uA733]","ae":"[\\u00E6\\u01FD\\u01E3]","ao":"[\\uA735]","au":"[\\uA737]","av":"[\\uA739\\uA73B]","ay":"[\\uA73D]","b":"[\\u0062\\u24D1\\uFF42\\u1E03\\u1E05\\u1E07\\u0180\\u0183\\u0253]","c":"[\\u0063\\u24D2\\uFF43\\u0107\\u0109\\u010B\\u010D\\u00E7\\u1E09\\u0188\\u023C\\uA73F\\u2184]","d":"[\\u0064\\u24D3\\uFF44\\u1E0B\\u010F\\u1E0D\\u1E11\\u1E13\\u1E0F\\u0111\\u018C\\u0256\\u0257\\uA77A]","dz":"[\\u01F3\\u01C6]","e":"[\\u0065\\u24D4\\uFF45\\u00E8\\u00E9\\u00EA\\u1EC1\\u1EBF\\u1EC5\\u1EC3\\u1EBD\\u0113\\u1E15\\u1E17\\u0115\\u0117\\u00EB\\u1EBB\\u011B\\u0205\\u0207\\u1EB9\\u1EC7\\u0229\\u1E1D\\u0119\\u1E19\\u1E1B\\u0247\\u025B\\u01DD]","f":"[\\u0066\\u24D5\\uFF46\\u1E1F\\u0192\\uA77C]","g":"[\\u0067\\u24D6\\uFF47\\u01F5\\u011D\\u1E21\\u011F\\u0121\\u01E7\\u0123\\u01E5\\u0260\\uA7A1\\u1D79\\uA77F]","h":"[\\u0068\\u24D7\\uFF48\\u0125\\u1E23\\u1E27\\u021F\\u1E25\\u1E29\\u1E2B\\u1E96\\u0127\\u2C68\\u2C76\\u0265]","hv":"[\\u0195]","i":"[\\u0069\\u24D8\\uFF49\\u00EC\\u00ED\\u00EE\\u0129\\u012B\\u012D\\u00EF\\u1E2F\\u1EC9\\u01D0\\u0209\\u020B\\u1ECB\\u012F\\u1E2D\\u0268\\u0131]","j":"[\\u006A\\u24D9\\uFF4A\\u0135\\u01F0\\u0249]","k":"[\\u006B\\u24DA\\uFF4B\\u1E31\\u01E9\\u1E33\\u0137\\u1E35\\u0199\\u2C6A\\uA741\\uA743\\uA745\\uA7A3]","l":"[\\u006C\\u24DB\\uFF4C\\u0140\\u013A\\u013E\\u1E37\\u1E39\\u013C\\u1E3D\\u1E3B\\u017F\\u0142\\u019A\\u026B\\u2C61\\uA749\\uA781\\uA747]","lj":"[\\u01C9]","m":"[\\u006D\\u24DC\\uFF4D\\u1E3F\\u1E41\\u1E43\\u0271\\u026F]","n":"[\\u006E\\u24DD\\uFF4E\\u01F9\\u0144\\u00F1\\u1E45\\u0148\\u1E47\\u0146\\u1E4B\\u1E49\\u019E\\u0272\\u0149\\uA791\\uA7A5]","nj":"[\\u01CC]","o":"[\\u006F\\u24DE\\uFF4F\\u00F2\\u00F3\\u00F4\\u1ED3\\u1ED1\\u1ED7\\u1ED5\\u00F5\\u1E4D\\u022D\\u1E4F\\u014D\\u1E51\\u1E53\\u014F\\u022F\\u0231\\u00F6\\u022B\\u1ECF\\u0151\\u01D2\\u020D\\u020F\\u01A1\\u1EDD\\u1EDB\\u1EE1\\u1EDF\\u1EE3\\u1ECD\\u1ED9\\u01EB\\u01ED\\u00F8\\u01FF\\u0254\\uA74B\\uA74D\\u0275]","oi":"[\\u01A3]","ou":"[\\u0223]","oo":"[\\uA74F]","p":"[\\u0070\\u24DF\\uFF50\\u1E55\\u1E57\\u01A5\\u1D7D\\uA751\\uA753\\uA755]","q":"[\\u0071\\u24E0\\uFF51\\u024B\\uA757\\uA759]","r":"[\\u0072\\u24E1\\uFF52\\u0155\\u1E59\\u0159\\u0211\\u0213\\u1E5B\\u1E5D\\u0157\\u1E5F\\u024D\\u027D\\uA75B\\uA7A7\\uA783]","s":"[\\u0073\\u24E2\\uFF53\\u015B\\u1E65\\u015D\\u1E61\\u0161\\u1E67\\u1E63\\u1E69\\u0219\\u015F\\u023F\\uA7A9\\uA785\\u1E9B]","ss":"[\\u00DF]","t":"[\\u0074\\u24E3\\uFF54\\u1E6B\\u1E97\\u0165\\u1E6D\\u021B\\u0163\\u1E71\\u1E6F\\u0167\\u01AD\\u0288\\u2C66\\uA787]","tz":"[\\uA729]","u":"[\\u0075\\u24E4\\uFF55\\u00F9\\u00FA\\u00FB\\u0169\\u1E79\\u016B\\u1E7B\\u016D\\u00FC\\u01DC\\u01D8\\u01D6\\u01DA\\u1EE7\\u016F\\u0171\\u01D4\\u0215\\u0217\\u01B0\\u1EEB\\u1EE9\\u1EEF\\u1EED\\u1EF1\\u1EE5\\u1E73\\u0173\\u1E77\\u1E75\\u0289]","v":"[\\u0076\\u24E5\\uFF56\\u1E7D\\u1E7F\\u028B\\uA75F\\u028C]","vy":"[\\uA761]","w":"[\\u0077\\u24E6\\uFF57\\u1E81\\u1E83\\u0175\\u1E87\\u1E85\\u1E98\\u1E89\\u2C73]","x":"[\\u0078\\u24E7\\uFF58\\u1E8B\\u1E8D]","y":"[\\u0079\\u24E8\\uFF59\\u1EF3\\u00FD\\u0177\\u1EF9\\u0233\\u1E8F\\u00FF\\u1EF7\\u1E99\\u1EF5\\u01B4\\u024F\\u1EFF]","z":"[\\u007A\\u24E9\\uFF5A\\u017A\\u1E91\\u017C\\u017E\\u1E93\\u1E95\\u01B6\\u0225\\u0240\\u2C6C\\uA763]"},"researchesTests":["contentHasTOC","contentHasShortParagraphs","contentHasAssets","keywordInTitle","keywordInMetaDescription","keywordInPermalink","keywordIn10Percent","keywordInContent","keywordInSubheadings","keywordInImageAlt","keywordDensity","keywordNotUsed","lengthContent","lengthPermalink","linksHasInternal","linksHasExternals","linksNotAllExternals","titleStartWithKeyword","titleSentiment","titleHasPowerWords","titleHasNumber","hasContentAI"],"hasRedirection":true,"hasBreadcrumb":false},"homeUrl":"https:\/\/onlinebettingspace.com\/sk\/","objectID":2263,"objectType":"post","locale":"sk","localeFull":"sk_SK","overlayImages":{"play":{"name":"Play icon","url":"https:\/\/onlinebettingspace.com\/wp-content\/plugins\/seo-by-rank-math\/assets\/admin\/img\/icon-play.png","path":"\/home\/SuperAdmin\/web\/onlinebettingspace.com\/public_html\/wp-content\/plugins\/seo-by-rank-math\/assets\/admin\/img\/icon-play.png","position":"middle_center"},"gif":{"name":"GIF icon","url":"https:\/\/onlinebettingspace.com\/wp-content\/plugins\/seo-by-rank-math\/assets\/admin\/img\/icon-gif.png","path":"\/home\/SuperAdmin\/web\/onlinebettingspace.com\/public_html\/wp-content\/plugins\/seo-by-rank-math\/assets\/admin\/img\/icon-gif.png","position":"middle_center"}},"defautOgImage":"https:\/\/onlinebettingspace.com\/wp-content\/uploads\/2022\/04\/OBS-FULL-LOGO.webp","customPermalinks":true,"isUserRegistered":true,"autoSuggestKeywords":true,"connectSiteUrl":"https:\/\/rankmath.com\/auth?site=https%3A%2F%2Fonlinebettingspace.com%2Fsk%2F&r=https%3A%2F%2Fonlinebettingspace.com%2Fsk%2Fwp-json%2Fwp%2Fv2%2Fpages%2F2263%3Fnonce%3D378e8040c1","maxTags":5,"trendsIcon":"<svg viewBox=\"0 0 610 610\"><path d=\"M18.85,446,174.32,290.48l58.08,58.08L76.93,504a14.54,14.54,0,0,1-20.55,0L18.83,466.48a14.54,14.54,0,0,1,0-20.55Z\" style=\"fill:#4285f4\"\/><path d=\"M242.65,242.66,377.59,377.6l-47.75,47.75a14.54,14.54,0,0,1-20.55,0L174.37,290.43l47.75-47.75A14.52,14.52,0,0,1,242.65,242.66Z\" style=\"fill:#ea4335\"\/><polygon points=\"319.53 319.53 479.26 159.8 537.34 217.88 377.61 377.62 319.53 319.53\" style=\"fill:#fabb05\"\/><path d=\"M594.26,262.73V118.61h0a16.94,16.94,0,0,0-16.94-16.94H433.2a16.94,16.94,0,0,0-12,28.92L565.34,274.71h0a16.94,16.94,0,0,0,28.92-12Z\" style=\"fill:#34a853\"\/><rect width=\"610\" height=\"610\" style=\"fill:none\"\/><\/svg>","showScore":true,"siteFavIcon":"https:\/\/onlinebettingspace.com\/wp-content\/uploads\/2022\/04\/OBS-LOGO-1.webp","canUser":{"general":false,"advanced":false,"snippet":false,"social":false,"analysis":false,"analytics":false,"content_ai":false},"showKeywordIntent":true,"isPro":false,"is_front_page":false,"trendsUpgradeLink":"https:\/\/rankmath.com\/pricing\/?utm_source=Plugin&utm_medium=CE%20General%20Tab%20Trends&utm_campaign=WP","trendsUpgradeLabel":"Upgrade","trendsPreviewImage":"https:\/\/onlinebettingspace.com\/wp-content\/plugins\/seo-by-rank-math\/assets\/admin\/img\/trends-preview.jpg","currentEditor":false,"homepageData":{"assessor":{"powerWords":[],"diacritics":true,"researchesTests":["contentHasTOC","contentHasShortParagraphs","contentHasAssets","keywordInTitle","keywordInMetaDescription","keywordInPermalink","keywordIn10Percent","keywordInContent","keywordInSubheadings","keywordInImageAlt","keywordDensity","keywordNotUsed","lengthContent","lengthPermalink","linksHasInternal","linksHasExternals","linksNotAllExternals","titleStartWithKeyword","titleSentiment","titleHasPowerWords","titleHasNumber","hasContentAI"],"hasBreadcrumb":false,"serpData":{"title":"%sitename% %page% %sep% %sitedesc%","description":"","titleTemplate":"%sitename% %page% %sep% %sitedesc%","descriptionTemplate":"","focusKeywords":"","breadcrumbTitle":"Home","robots":{"index":true},"advancedRobots":[],"facebookTitle":"","facebookDescription":"","facebookImage":"","facebookImageID":""}}},"tocTitle":"Table of Contents","tocExcludeHeadings":[],"listStyle":"ul"},"_links":{"self":[{"href":"https:\/\/onlinebettingspace.com\/sk\/wp-json\/wp\/v2\/pages\/2263","targetHints":{"allow":["GET"]}}],"collection":[{"href":"https:\/\/onlinebettingspace.com\/sk\/wp-json\/wp\/v2\/pages"}],"about":[{"href":"https:\/\/onlinebettingspace.com\/sk\/wp-json\/wp\/v2\/types\/page"}],"author":[{"embeddable":true,"href":"https:\/\/onlinebettingspace.com\/sk\/wp-json\/wp\/v2\/users\/1"}],"replies":[{"embeddable":true,"href":"https:\/\/onlinebettingspace.com\/sk\/wp-json\/wp\/v2\/comments?post=2263"}],"version-history":[{"count":0,"href":"https:\/\/onlinebettingspace.com\/sk\/wp-json\/wp\/v2\/pages\/2263\/revisions"}],"up":[{"embeddable":true,"href":"https:\/\/onlinebettingspace.com\/sk\/wp-json\/wp\/v2\/pages\/2230"}],"wp:attachment":[{"href":"https:\/\/onlinebettingspace.com\/sk\/wp-json\/wp\/v2\/media?parent=2263"}],"curies":[{"name":"wp","href":"https:\/\/api.w.org\/{rel}","templated":true}]}}