{"id":2236,"date":"2022-06-26T23:26:08","date_gmt":"2022-06-26T20:26:08","guid":{"rendered":"https:\/\/onlinebettingspace.com\/?page_id=2236"},"modified":"2022-06-26T23:26:08","modified_gmt":"2022-06-26T20:26:08","slug":"live-casino","status":"publish","type":"page","link":"https:\/\/onlinebettingspace.com\/sk\/live-casino\/","title":{"rendered":"LIVE CASINO"},"content":{"rendered":"<section class=\"l-section wpb_row height_medium\"><div class=\"l-section-h i-cf\"><div class=\"g-cols vc_row via_flex valign_top type_default stacking_default\"><div class=\"vc_col-sm-12 wpb_column vc_column_container\"><div class=\"vc_column-inner\"><div class=\"wpb_wrapper\"><div class=\"wpb_text_column\"><div class=\"wpb_wrapper\"><h1>LIVE CASINO<\/h1>\n<p>Ve\u013ea \u013eud\u00ed v\u00a0dne\u0161nej dobe d\u00e1va st\u00e1le prednos\u0165 re\u00e1lnym, kamenn\u00fdm kas\u00ednam aj napriek nesporn\u00fdm v\u00fdhod\u00e1m online kas\u00edn, medzi ktor\u00e9 nepochybne patria ve\u013ek\u00e9 a\u00a0\u0161tedr\u00e9 bonusy, rozmanitos\u0165 a\u00a0skoro nekone\u010dn\u00fd v\u00fdber r\u00f4znych hier, neust\u00e1la dostupnos\u0165, mo\u017enos\u0165 hra\u0165 kedyko\u013evek a\u00a0kdeko\u013evek a\u00a0v\u00a0neposlednom rade s\u00fa to ur\u010dite ove\u013ea lep\u0161ie miery n\u00e1vratnosti pri hr\u00e1ch ako hracie automaty alebo video poker.<\/p>\n<div>\n<div class=\" readMore _3w \">\n<p>Jednoducho aj napriek tomu, \u017ee online casino je pre be\u017en\u00e9ho hr\u00e1\u010da ove\u013ea v\u00fdhodnej\u0161ie, aj napriek tomu niektor\u00ed \u013eudia d\u00e1vaj\u00fa prednos\u0165 klasike a\u00a0to z\u00a0jedn\u00e9ho jednoduch\u00e9ho d\u00f4vodu \u2013 nedok\u00e1\u017eu sa stoto\u017eni\u0165 s\u00a0atmosf\u00e9rou online cas\u00edna a\u00a0potrebuj\u00fa by\u0165 naozaj tam na\u017eivo a\u00a0hra\u0165 osobne. A\u00a0pr\u00e1ve t\u00fato vec sa hr\u00e1\u010dom sna\u017e\u00ed nahradi\u0165 live casino.<\/p>\n<h2>AKO HRA\u0164 V\u00a0LIVE CASINO?<\/h2>\n<p>Live casino vzniklo ako reakcia na dopyt hr\u00e1\u010dov po tom, aby si aj z\u00a0domova mohli zahra\u0165 v\u00a0prostred\u00ed \u017eiv\u00e9ho kas\u00edna. Live casino im pr\u00e1ve toto umo\u017e\u0148uje \u2013 nemusia ani len vyjs\u0165 z\u00a0domova a\u00a0predsa si zahraj\u00fa so skuto\u010dn\u00fdm dealerom, \u010di ove\u013ea \u010dastej\u0161ie atrakt\u00edvnou dealerkou. Live casino, v\u00a0preklade skuto\u010dn\u00e9, \u017eiv\u00e9 alebo autentick\u00e9 kas\u00edno, predstavuje ten aktu\u00e1lne najre\u00e1lnej\u0161\u00ed druh online kas\u00edna, ktor\u00fd prekon\u00e1vaj\u00fa len VR-kas\u00edna. Zabudnite na hranie proti umel\u00fdm strojom, na fikt\u00edvne grafick\u00e9 rozohrania, live casino v\u00e1m pon\u00fakne v\u00fdnimo\u010dn\u00fd z\u00e1\u017eitok.<\/p>\n<p>Samotn\u00e1 hra v\u00a0\u017eivom kas\u00edne prebieha naj\u010dastej\u0161ie v\u00a0r\u00e1mci \u0161t\u00fadia, v\u00a0ktorom s\u00fa usaden\u00ed dealeri a\u00a0dealerky pri skuto\u010dn\u00fdch stoloch najr\u00f4znej\u0161\u00edch hier ako s\u00fa ruleta, blackjack, baccarat a\u00a0in\u00e9. Na st\u00f4l s\u00a0dealerom mieri viacero kamier a\u00a0z\u00e1bery z\u00a0nich si m\u00f4\u017eete \u013eubovo\u013ene meni\u0165. Dealer alebo dealerka nie je na obrazovk\u00e1ch len atrakciou, obsluhuje stoly, riadi hru, presne tak, ako to pozn\u00e1te zo \u017eiv\u00e9ho kas\u00edna. Prostredn\u00edctvom chatu s\u00a0\u0148ou dokonca m\u00f4\u017eete aj komunikova\u0165. Ako vidno, live casino sa sna\u017e\u00ed by\u0165 \u010do najpodobnej\u0161ie ku skuto\u010dn\u00e9mu kas\u00ednu.<\/p>\n<h2>LIVE CASINO HRY<\/h2>\n<p>Online kas\u00edna sa spolo\u010dne s\u00a0v\u00fdvoj\u00e1rmi kas\u00ednov\u00fdch hier sna\u017eia o\u00a0to \u201eprevies\u0165\u201c do live kas\u00ednovej podoby \u010do najv\u00e4\u010d\u0161ie mno\u017estvo hier. A\u00a0dar\u00ed sa im to. Ve\u013ea online kas\u00edn disponuje ve\u013emi \u0161irokou \u0161k\u00e1lou live casino hier tvoren\u00fa aj 30 hrami. Pochopite\u013ene, nie s\u00fa to v\u0161etko odli\u0161n\u00e9 hry, za to v\u0161ak live casino pon\u00faka viacero variantov tej istej hry, so \u0161peci\u00e1lnymi pravidlami, s\u00a0r\u00fdchlej\u0161\u00edm priebehom a\u00a0in\u00fdmi funkciami.<\/p>\n<p>Live casino hry v\u00a0online kas\u00ednach m\u00f4\u017eeme rozdeli\u0165 na dva typy \u2013 \u0161tandardn\u00e9, s\u00a0ktor\u00fdmi sa stretneme v\u00a0takmer ka\u017edom online kas\u00edne a\u00a0predstavuj\u00fa ak\u00fdsi z\u00e1klad live casino ponuky \u2013 a\u00a0\u0161peci\u00e1lne, ktor\u00e9 boli vyvinut\u00e9 pre konkr\u00e9tne kas\u00edno (oper\u00e1tora) alebo sie\u0165 online kas\u00edn. Medzi \u0161tandardn\u00e9 live casino hry zara\u010fujeme tieto:<\/p>\n<ul>\n<li><a href=\"\/sk\/live-ruleta\"><strong>Live\u00a0Ruleta<\/strong><\/a><\/li>\n<li><a href=\"\/sk\/live-blackjack\"><strong>Live Blackjack<\/strong><\/a><\/li>\n<li><a href=\"\/sk\/baccarat\"><strong>Baccarat<\/strong><\/a><\/li>\n<li><a href=\"\/sk\/poker\/texas-holdem\"><strong>Live Casino Hold\u2019em<\/strong><\/a><\/li>\n<li><strong>Ultimate Texas Hold\u2019em<\/strong><\/li>\n<\/ul>\n<p>Medzi live casino hry, ktor\u00e9 nen\u00e1jdete v\u00a0ka\u017edom jednom kas\u00edne, m\u00f4\u017eeme zaradi\u0165 tieto hry:<\/p>\n<ul>\n<li><strong>Monopoly<\/strong><\/li>\n<li><strong>Dream Catcher<\/strong><\/li>\n<li><strong>Sic Bo<\/strong><\/li>\n<li><strong>Football Studio<\/strong><\/li>\n<li><strong>Three Card Poker<\/strong><\/li>\n<li><a href=\"\/sk\/poker\"><strong>Carribean Stud Poker<\/strong><\/a><\/li>\n<\/ul>\n<h2>PLUSY A\u00a0M\u00cdNUSY LIVE CASINO<\/h2>\n<p>Live casino predstavuje \u0161pecifick\u00fd typ hier, ktor\u00fd sa v\u00fdrazne odli\u0161uje od klasick\u00fdch \u201ene\u017eiv\u00fdch\u201c online kas\u00ednov\u00fdch hier. Prin\u00e1\u0161a nielen o\u010dividn\u00e9 a\u00a0zrejm\u00e9 v\u00fdhody, ale \u017eia\u013e aj nieko\u013eko nev\u00fdhod, obmedzen\u00ed alebo vec\u00ed, ktor\u00e9 treba ma\u0165 na mysli e\u0161te predt\u00fdm, ne\u017e si ak\u00fako\u013evek live casino hru spust\u00edte. Po\u010fme sa na plusy a\u00a0m\u00ednusy pozrie\u0165 bli\u017e\u0161ie:<\/p>\n<h3>Plusy live casino hry<\/h3>\n<ul>\n<li><strong>Live casino bonusy<\/strong>\u00a0\u2013 Online kas\u00edna \u010dasto pon\u00fakaj\u00fa na svoje live casino hry najr\u00f4znej\u0161ie bonusy \u2013 m\u00f4\u017eu to by\u0165 bonusov\u00e9 peniaze zadarmo po preto\u010den\u00ed ur\u010ditej sumy, cashback s\u00a0vr\u00e1ten\u00edm ur\u010dit\u00e9ho % st\u00e1vok alebo lossback, kedy sa v\u00e1m vr\u00e1ti to, \u010do prehr\u00e1te.<\/li>\n<li><strong>Hra v\u00a0re\u00e1lnom \u010dase<\/strong>\u00a0\u2013 Nezab\u00fadajte, \u017ee cel\u00e1 hra prebieha v\u00a0re\u00e1lnom \u010dase a\u00a0v\u010faka v\u0161adepr\u00edtomn\u00fdm kamer\u00e1m m\u00e1te absol\u00fatnu kontrolu nad hrou. Navy\u0161e tak\u00e1to hra funguje 24\/7 (nepretr\u017eite) a\u00a0m\u00f4\u017eete si ju zahra\u0165 z\u00a0domova alebo ke\u010f ste na dovolenke<\/li>\n<li><strong>Autentick\u00e9 zvuky\u00a0<\/strong>\u2013 Nezriedka sa v\u00e1m stane, \u017ee budete po\u010du\u0165 v\u00a0pozad\u00ed zvuk z\u00a0in\u00e9ho stola, ktor\u00fd prid\u00e1va hraniu e\u0161te viac na autenticite. Pri hran\u00ed live casino hier v\u00a0niektor\u00fdch online kas\u00ednach dokonca uvid\u00edte v\u00a0pozad\u00ed be\u017ea\u0165 telev\u00edzne vysielanie<\/li>\n<li><strong>\u017diadne n\u00e1klady \u2013\u00a0<\/strong>Nebudeme v\u00e1m klama\u0165, prev\u00e1dzkovanie live casino hier nie je bez n\u00e1kladov, treba zaplati\u0165 dealera, mana\u017e\u00e9ra, technikov, no vy neplat\u00edte ni\u010d navy\u0161e, len to, \u010do vsad\u00edte v\u00a0hr\u00e1ch. \u017diadne skryt\u00e9 poplatky (\u201efees\u201c) \u010di rake!<\/li>\n<li><strong>Atrakt\u00edvne dealerky \u2013<\/strong>\u00a0Nie je \u017eiadnym tajomstvom, \u017ee online kas\u00edna v\u00a0r\u00e1mci live casino hier vyu\u017e\u00edvaj\u00fa predov\u0161etk\u00fdm atrakt\u00edvne dealerky \u017eensk\u00e9ho pohlavia, aby tak nal\u00e1kali hr\u00e1\u010dov ku hr\u00e1m.<\/li>\n<\/ul>\n<h3>Nev\u00fdhody live casino hier<\/h3>\n<ul>\n<li><strong>Jazykov\u00e1 bari\u00e9ra<\/strong>\u00a0\u2013 Ak sa budete chcie\u0165 s\u00a0dealerom \u010di dealerkou porozpr\u00e1va\u0165 (pochatova\u0165), budete nevyhnutne potrebova\u0165 znalos\u0165 angli\u010dtiny. Nedohovor\u00edte sa teda tak \u013eahko ako vo svojom lok\u00e1lnom kamennom kas\u00edne<\/li>\n<li><strong>Ned\u00e1 sa hra\u0165 zadarmo<\/strong>\u00a0\u2013 V\u010faka n\u00e1kladom, ktor\u00e9 online kas\u00edna maj\u00fa s\u00a0organiz\u00e1ciou live casino hier sa tieto hry nedaj\u00fa hra\u0165 pre z\u00e1bavu vo \u201efun m\u00f3de\u201c. \u017diadne obavy, v\u00a0live casine si i\u00a0tak zahr\u00e1te doslova aj za p\u00e1r euro.<\/li>\n<li><strong>Pomal\u0161ia hra<\/strong>\u00a0\u2013 Ak sa rozhodnete hra\u0165 live casino hru, pripravte sa na to, \u017ee po\u010das jednej hodiny odohr\u00e1te v\u00fdrazne menej hier, ne\u017e keby ste sa t\u00fa ist\u00fa hru rozhodli hra\u0165 v\u00a0\u0161tandardnej online verzii.<\/li>\n<li><strong>Nedostupnos\u0165 hier<\/strong>\u00a0\u2013 Na rozdiel od klasickej online hry, pri live casino hr\u00e1ch m\u00f4\u017ee d\u00f4js\u0165 k\u00a0tomu, \u017ee stoly bud\u00fa obsaden\u00e9 in\u00fdmi hr\u00e1\u010dmi a\u00a0vy si pri miesto budete musie\u0165 po\u010dka\u0165. Pri hre Dream Catcher hr\u00e1 naraz viac hr\u00e1\u010dov.<\/li>\n<\/ul>\n<h2>LIVE CASINO SOFTV\u00c9R<\/h2>\n<p>Spolo\u010dnosti venuj\u00face sa v\u00fdvoju live casino hier do dne\u0161n\u00fdch dn\u00ed predstavili a\u00a0uviedli na trh pribli\u017ene 160 hern\u00fdch produktov. Ich n\u00e1vratnos\u0165 v\u00a0niektor\u00fdch pr\u00edpadoch presahuje dokonca 99%, \u010do z\u00a0nich rob\u00ed rozumn\u00fd cie\u013e pre v\u0161etky typy hr\u00e1\u010dov. Ka\u017ed\u00e1 live casino hra je dielom niektor\u00e9ho softv\u00e9rov\u00e9ho v\u00fdvoj\u00e1ra, nesie jeho rukopis, jeho siln\u00e9 i\u00a0slab\u00e9 str\u00e1nky. Najzn\u00e1mej\u0161\u00edmi live casino hern\u00fdmi softv\u00e9rov\u00fdmi providermi s\u00fa:<\/p>\n<ul>\n<li><strong>Evolution Gaming<\/strong>\u00a0\u2013 T\u00e1to spolo\u010dnos\u0165 bola ocenen\u00e1 cenou pre live casino oper\u00e1tora roka od EGR osem rokov po sebe. M\u00e1 naj\u0161ir\u0161iu ponuku hier, podporuje viacero jazykov, side-bety, progres\u00edvne jackpoty, je podp\u00edsan\u00fd pod takzvanou imers\u00edvnou ruletou. \u0160t\u00fadi\u00e1 m\u00e1 vo viacer\u00fdch eur\u00f3pskych krajin\u00e1ch.<\/li>\n<\/ul>\n<ul>\n<li><strong>Microgaming<\/strong>\u00a0\u2013 K\u00fdm Evolution Gaming sa orientuje predov\u0161etk\u00fdm na eur\u00f3psky trh, Microgaming hlavne na \u00e1zijsk\u00fd. Jeho prednos\u0165ami s\u00fa kvalitn\u00e9 mo\u017enosti pre hranie rulety, blackjacku i\u00a0baccaratu a\u00a0spomen\u00fa\u0165 mus\u00edme aj live casino vzniknut\u00e9 v\u010faka dohode s\u00a0Playboyom. Microgaming pon\u00faka pri svojich hr\u00e1ch aj notifik\u00e1cie oznamuj\u00face uvo\u013enenie miesta pri stole.\u00a0Hra\u0165 live casino hry od Microgaming v Royal Vegas Casino:<\/li>\n<\/ul>\n<ul>\n<li><strong>NetEnt<\/strong>\u00a0\u2013 NetEnt sa sna\u017e\u00ed predov\u0161etk\u00fdm o\u00a0\u010do najlep\u0161\u00ed pocit a\u00a0komfort pri hran\u00ed. Hr\u00e1\u010dom spr\u00edstup\u0148uje \u0161tatistiky v\u00a0re\u00e1lnom \u010dase, umo\u017e\u0148uje chatova\u0165 s\u00a0dealerom alebo si nastavi\u0165 vizu\u00e1lnu str\u00e1nku tak, aby \u010do najlep\u0161ie vyhovovala r\u00fdchlosti pripojenia. Hry si netreba s\u0165ahova\u0165, sp\u00fa\u0161\u0165aj\u00fa sa priamo v\u00a0prehliada\u010di.<\/li>\n<\/ul>\n<ul>\n<li><strong>Playtech<\/strong>\u00a0\u2013 Playtech b\u00fdva vn\u00edman\u00fd ako jeden z\u00a0hlavn\u00fdch konkurentov dominantn\u00e9ho Evolution Gamingu. Hr\u00e1\u010dom umo\u017e\u0148uje ukry\u0165 svoje st\u00e1vky pred ostatn\u00e1mi hr\u00e1\u010dmi, komunikova\u0165 s\u00a0dealermi aj v\u00a0inom jazyku ne\u017e v\u00a0angli\u010dtine, \u013eubovo\u013ene si upravi\u0165 zvuky hry \u010di z\u00a0pozadia a\u00a0pon\u00faka aj VIP stoly. Hra\u0165 live casino hry od Playtech v Bet365 Casino:<\/li>\n<\/ul>\n<h2>SUM\u00c1R<\/h2>\n<p>Pre niektor\u00fdch je live casino len spestrenie po\u010das hry, \u010fal\u0161\u00ed nehraj\u00fa ni\u010d in\u00e9. Faktom je, \u017ee live casino hry \u00faspe\u0161ne kombinuj\u00fa a\u00a0prep\u00e1jaj\u00fa online hru so svetom skuto\u010dn\u00fdch kamenn\u00fdch kas\u00edn. Prin\u00e1\u0161aj\u00fa intenz\u00edvny z\u00e1\u017eitok, ktor\u00fd sa ned\u00e1 porovna\u0165 s\u00a0ni\u010d\u00edm in\u00fdm. A\u00a0to najlep\u0161ie \u2013 zahr\u00e1te si ich doslova za nieko\u013eko m\u00e1lo euro. Nepripravte sa o\u00a0pr\u00edle\u017eitos\u0165 a\u00a0zahrajte si v\u00a0online kas\u00edne e\u0161te dnes!<\/p>\n<\/div>\n<\/div>\n<\/div><\/div><\/div><\/div><\/div><\/div><\/div><\/section>\n","protected":false},"excerpt":{"rendered":"LIVE CASINO Ve\u013ea \u013eud\u00ed v\u00a0dne\u0161nej dobe d\u00e1va st\u00e1le prednos\u0165 re\u00e1lnym, kamenn\u00fdm kas\u00ednam aj napriek nesporn\u00fdm v\u00fdhod\u00e1m online kas\u00edn, medzi ktor\u00e9 nepochybne patria ve\u013ek\u00e9 a\u00a0\u0161tedr\u00e9 bonusy, rozmanitos\u0165 a\u00a0skoro nekone\u010dn\u00fd v\u00fdber r\u00f4znych hier, neust\u00e1la dostupnos\u0165, mo\u017enos\u0165 hra\u0165 kedyko\u013evek a\u00a0kdeko\u013evek a\u00a0v\u00a0neposlednom rade s\u00fa to ur\u010dite ove\u013ea lep\u0161ie miery n\u00e1vratnosti pri hr\u00e1ch ako hracie automaty alebo video poker. Jednoducho...","protected":false},"author":1,"featured_media":0,"parent":0,"menu_order":0,"comment_status":"closed","ping_status":"closed","template":"","meta":{"_acf_changed":false,"footnotes":""},"class_list":["post-2236","page","type-page","status-publish","hentry"],"acf":[],"rankMath":{"parentDomain":"onlinebettingspace.com","noFollowDomains":[],"noFollowExcludeDomains":[],"noFollowExternalLinks":false,"featuredImageNotice":"The featured image should be at least 200 by 200 pixels to be picked up by Facebook and other social media sites.","pluginReviewed":true,"postSettings":{"linkSuggestions":true,"useFocusKeyword":false},"frontEndScore":false,"postName":"live-casino","permalinkFormat":"https:\/\/onlinebettingspace.com\/sk\/%pagename%\/","showLockModifiedDate":true,"assessor":{"focusKeywordLink":"https:\/\/onlinebettingspace.com\/wp-admin\/edit.php?focus_keyword=%focus_keyword%&post_type=%post_type%","hasTOCPlugin":false,"primaryTaxonomy":false,"serpData":{"title":"Live Casino \u2013 Zahrajte si so skuto\u010dn\u00fdm dealerom","description":"Prin\u00e1\u0161ame najlep\u0161ie rady, tipy a triky ako hra\u0165 live casino hry online cez internet. Ak v\u00e1s niekedy zauj\u00edmalo \u010do je to live casino \u2013 je to najlep\u0161\u00ed ako hra\u0165 kas\u00edno v s\u00fa\u010dasnosti!","focusKeywords":"","pillarContent":false,"canonicalUrl":"","breadcrumbTitle":"","advancedRobots":[],"facebookTitle":"","facebookDescription":"","facebookImage":"","facebookImageID":"","facebookHasOverlay":false,"facebookImageOverlay":"","facebookAuthor":"","twitterCardType":"","twitterUseFacebook":true,"twitterTitle":"","twitterDescription":"","twitterImage":"","twitterImageID":"","twitterHasOverlay":false,"twitterImageOverlay":"","twitterPlayerUrl":"","twitterPlayerSize":"","twitterPlayerStream":"","twitterPlayerStreamCtype":"","twitterAppDescription":"","twitterAppIphoneName":"","twitterAppIphoneID":"","twitterAppIphoneUrl":"","twitterAppIpadName":"","twitterAppIpadID":"","twitterAppIpadUrl":"","twitterAppGoogleplayName":"","twitterAppGoogleplayID":"","twitterAppGoogleplayUrl":"","twitterAppCountry":"","robots":{"index":true},"twitterAuthor":"username","primaryTerm":0,"authorName":"OBSAdmin","titleTemplate":"%title% %sep% %sitename%","descriptionTemplate":"%excerpt%","showScoreFrontend":true,"lockModifiedDate":false},"powerWords":[],"diacritics":{"A":"[\\u0041\\u24B6\\uFF21\\u00C0\\u00C1\\u00C2\\u1EA6\\u1EA4\\u1EAA\\u1EA8\\u00C3\\u0100\\u0102\\u1EB0\\u1EAE\\u1EB4\\u1EB2\\u0226\\u01E0\\u00C4\\u01DE\\u1EA2\\u00C5\\u01FA\\u01CD\\u0200\\u0202\\u1EA0\\u1EAC\\u1EB6\\u1E00\\u0104\\u023A\\u2C6F]","AA":"[\\uA732]","AE":"[\\u00C6\\u01FC\\u01E2]","AO":"[\\uA734]","AU":"[\\uA736]","AV":"[\\uA738\\uA73A]","AY":"[\\uA73C]","B":"[\\u0042\\u24B7\\uFF22\\u1E02\\u1E04\\u1E06\\u0243\\u0182\\u0181]","C":"[\\u0043\\u24B8\\uFF23\\u0106\\u0108\\u010A\\u010C\\u00C7\\u1E08\\u0187\\u023B\\uA73E]","D":"[\\u0044\\u24B9\\uFF24\\u1E0A\\u010E\\u1E0C\\u1E10\\u1E12\\u1E0E\\u0110\\u018B\\u018A\\u0189\\uA779]","DZ":"[\\u01F1\\u01C4]","Dz":"[\\u01F2\\u01C5]","E":"[\\u0045\\u24BA\\uFF25\\u00C8\\u00C9\\u00CA\\u1EC0\\u1EBE\\u1EC4\\u1EC2\\u1EBC\\u0112\\u1E14\\u1E16\\u0114\\u0116\\u00CB\\u1EBA\\u011A\\u0204\\u0206\\u1EB8\\u1EC6\\u0228\\u1E1C\\u0118\\u1E18\\u1E1A\\u0190\\u018E]","F":"[\\u0046\\u24BB\\uFF26\\u1E1E\\u0191\\uA77B]","G":"[\\u0047\\u24BC\\uFF27\\u01F4\\u011C\\u1E20\\u011E\\u0120\\u01E6\\u0122\\u01E4\\u0193\\uA7A0\\uA77D\\uA77E]","H":"[\\u0048\\u24BD\\uFF28\\u0124\\u1E22\\u1E26\\u021E\\u1E24\\u1E28\\u1E2A\\u0126\\u2C67\\u2C75\\uA78D]","I":"[\\u0049\\u24BE\\uFF29\\u00CC\\u00CD\\u00CE\\u0128\\u012A\\u012C\\u0130\\u00CF\\u1E2E\\u1EC8\\u01CF\\u0208\\u020A\\u1ECA\\u012E\\u1E2C\\u0197]","J":"[\\u004A\\u24BF\\uFF2A\\u0134\\u0248]","K":"[\\u004B\\u24C0\\uFF2B\\u1E30\\u01E8\\u1E32\\u0136\\u1E34\\u0198\\u2C69\\uA740\\uA742\\uA744\\uA7A2]","L":"[\\u004C\\u24C1\\uFF2C\\u013F\\u0139\\u013D\\u1E36\\u1E38\\u013B\\u1E3C\\u1E3A\\u0141\\u023D\\u2C62\\u2C60\\uA748\\uA746\\uA780]","LJ":"[\\u01C7]","Lj":"[\\u01C8]","M":"[\\u004D\\u24C2\\uFF2D\\u1E3E\\u1E40\\u1E42\\u2C6E\\u019C]","N":"[\\u004E\\u24C3\\uFF2E\\u01F8\\u0143\\u00D1\\u1E44\\u0147\\u1E46\\u0145\\u1E4A\\u1E48\\u0220\\u019D\\uA790\\uA7A4]","NJ":"[\\u01CA]","Nj":"[\\u01CB]","O":"[\\u004F\\u24C4\\uFF2F\\u00D2\\u00D3\\u00D4\\u1ED2\\u1ED0\\u1ED6\\u1ED4\\u00D5\\u1E4C\\u022C\\u1E4E\\u014C\\u1E50\\u1E52\\u014E\\u022E\\u0230\\u00D6\\u022A\\u1ECE\\u0150\\u01D1\\u020C\\u020E\\u01A0\\u1EDC\\u1EDA\\u1EE0\\u1EDE\\u1EE2\\u1ECC\\u1ED8\\u01EA\\u01EC\\u00D8\\u01FE\\u0186\\u019F\\uA74A\\uA74C]","OI":"[\\u01A2]","OO":"[\\uA74E]","OU":"[\\u0222]","P":"[\\u0050\\u24C5\\uFF30\\u1E54\\u1E56\\u01A4\\u2C63\\uA750\\uA752\\uA754]","Q":"[\\u0051\\u24C6\\uFF31\\uA756\\uA758\\u024A]","R":"[\\u0052\\u24C7\\uFF32\\u0154\\u1E58\\u0158\\u0210\\u0212\\u1E5A\\u1E5C\\u0156\\u1E5E\\u024C\\u2C64\\uA75A\\uA7A6\\uA782]","S":"[\\u0053\\u24C8\\uFF33\\u1E9E\\u015A\\u1E64\\u015C\\u1E60\\u0160\\u1E66\\u1E62\\u1E68\\u0218\\u015E\\u2C7E\\uA7A8\\uA784]","T":"[\\u0054\\u24C9\\uFF34\\u1E6A\\u0164\\u1E6C\\u021A\\u0162\\u1E70\\u1E6E\\u0166\\u01AC\\u01AE\\u023E\\uA786]","TZ":"[\\uA728]","U":"[\\u0055\\u24CA\\uFF35\\u00D9\\u00DA\\u00DB\\u0168\\u1E78\\u016A\\u1E7A\\u016C\\u00DC\\u01DB\\u01D7\\u01D5\\u01D9\\u1EE6\\u016E\\u0170\\u01D3\\u0214\\u0216\\u01AF\\u1EEA\\u1EE8\\u1EEE\\u1EEC\\u1EF0\\u1EE4\\u1E72\\u0172\\u1E76\\u1E74\\u0244]","V":"[\\u0056\\u24CB\\uFF36\\u1E7C\\u1E7E\\u01B2\\uA75E\\u0245]","VY":"[\\uA760]","W":"[\\u0057\\u24CC\\uFF37\\u1E80\\u1E82\\u0174\\u1E86\\u1E84\\u1E88\\u2C72]","X":"[\\u0058\\u24CD\\uFF38\\u1E8A\\u1E8C]","Y":"[\\u0059\\u24CE\\uFF39\\u1EF2\\u00DD\\u0176\\u1EF8\\u0232\\u1E8E\\u0178\\u1EF6\\u1EF4\\u01B3\\u024E\\u1EFE]","Z":"[\\u005A\\u24CF\\uFF3A\\u0179\\u1E90\\u017B\\u017D\\u1E92\\u1E94\\u01B5\\u0224\\u2C7F\\u2C6B\\uA762]","a":"[\\u0061\\u24D0\\uFF41\\u1E9A\\u00E0\\u00E1\\u00E2\\u1EA7\\u1EA5\\u1EAB\\u1EA9\\u00E3\\u0101\\u0103\\u1EB1\\u1EAF\\u1EB5\\u1EB3\\u0227\\u01E1\\u00E4\\u01DF\\u1EA3\\u00E5\\u01FB\\u01CE\\u0201\\u0203\\u1EA1\\u1EAD\\u1EB7\\u1E01\\u0105\\u2C65\\u0250]","aa":"[\\uA733]","ae":"[\\u00E6\\u01FD\\u01E3]","ao":"[\\uA735]","au":"[\\uA737]","av":"[\\uA739\\uA73B]","ay":"[\\uA73D]","b":"[\\u0062\\u24D1\\uFF42\\u1E03\\u1E05\\u1E07\\u0180\\u0183\\u0253]","c":"[\\u0063\\u24D2\\uFF43\\u0107\\u0109\\u010B\\u010D\\u00E7\\u1E09\\u0188\\u023C\\uA73F\\u2184]","d":"[\\u0064\\u24D3\\uFF44\\u1E0B\\u010F\\u1E0D\\u1E11\\u1E13\\u1E0F\\u0111\\u018C\\u0256\\u0257\\uA77A]","dz":"[\\u01F3\\u01C6]","e":"[\\u0065\\u24D4\\uFF45\\u00E8\\u00E9\\u00EA\\u1EC1\\u1EBF\\u1EC5\\u1EC3\\u1EBD\\u0113\\u1E15\\u1E17\\u0115\\u0117\\u00EB\\u1EBB\\u011B\\u0205\\u0207\\u1EB9\\u1EC7\\u0229\\u1E1D\\u0119\\u1E19\\u1E1B\\u0247\\u025B\\u01DD]","f":"[\\u0066\\u24D5\\uFF46\\u1E1F\\u0192\\uA77C]","g":"[\\u0067\\u24D6\\uFF47\\u01F5\\u011D\\u1E21\\u011F\\u0121\\u01E7\\u0123\\u01E5\\u0260\\uA7A1\\u1D79\\uA77F]","h":"[\\u0068\\u24D7\\uFF48\\u0125\\u1E23\\u1E27\\u021F\\u1E25\\u1E29\\u1E2B\\u1E96\\u0127\\u2C68\\u2C76\\u0265]","hv":"[\\u0195]","i":"[\\u0069\\u24D8\\uFF49\\u00EC\\u00ED\\u00EE\\u0129\\u012B\\u012D\\u00EF\\u1E2F\\u1EC9\\u01D0\\u0209\\u020B\\u1ECB\\u012F\\u1E2D\\u0268\\u0131]","j":"[\\u006A\\u24D9\\uFF4A\\u0135\\u01F0\\u0249]","k":"[\\u006B\\u24DA\\uFF4B\\u1E31\\u01E9\\u1E33\\u0137\\u1E35\\u0199\\u2C6A\\uA741\\uA743\\uA745\\uA7A3]","l":"[\\u006C\\u24DB\\uFF4C\\u0140\\u013A\\u013E\\u1E37\\u1E39\\u013C\\u1E3D\\u1E3B\\u017F\\u0142\\u019A\\u026B\\u2C61\\uA749\\uA781\\uA747]","lj":"[\\u01C9]","m":"[\\u006D\\u24DC\\uFF4D\\u1E3F\\u1E41\\u1E43\\u0271\\u026F]","n":"[\\u006E\\u24DD\\uFF4E\\u01F9\\u0144\\u00F1\\u1E45\\u0148\\u1E47\\u0146\\u1E4B\\u1E49\\u019E\\u0272\\u0149\\uA791\\uA7A5]","nj":"[\\u01CC]","o":"[\\u006F\\u24DE\\uFF4F\\u00F2\\u00F3\\u00F4\\u1ED3\\u1ED1\\u1ED7\\u1ED5\\u00F5\\u1E4D\\u022D\\u1E4F\\u014D\\u1E51\\u1E53\\u014F\\u022F\\u0231\\u00F6\\u022B\\u1ECF\\u0151\\u01D2\\u020D\\u020F\\u01A1\\u1EDD\\u1EDB\\u1EE1\\u1EDF\\u1EE3\\u1ECD\\u1ED9\\u01EB\\u01ED\\u00F8\\u01FF\\u0254\\uA74B\\uA74D\\u0275]","oi":"[\\u01A3]","ou":"[\\u0223]","oo":"[\\uA74F]","p":"[\\u0070\\u24DF\\uFF50\\u1E55\\u1E57\\u01A5\\u1D7D\\uA751\\uA753\\uA755]","q":"[\\u0071\\u24E0\\uFF51\\u024B\\uA757\\uA759]","r":"[\\u0072\\u24E1\\uFF52\\u0155\\u1E59\\u0159\\u0211\\u0213\\u1E5B\\u1E5D\\u0157\\u1E5F\\u024D\\u027D\\uA75B\\uA7A7\\uA783]","s":"[\\u0073\\u24E2\\uFF53\\u015B\\u1E65\\u015D\\u1E61\\u0161\\u1E67\\u1E63\\u1E69\\u0219\\u015F\\u023F\\uA7A9\\uA785\\u1E9B]","ss":"[\\u00DF]","t":"[\\u0074\\u24E3\\uFF54\\u1E6B\\u1E97\\u0165\\u1E6D\\u021B\\u0163\\u1E71\\u1E6F\\u0167\\u01AD\\u0288\\u2C66\\uA787]","tz":"[\\uA729]","u":"[\\u0075\\u24E4\\uFF55\\u00F9\\u00FA\\u00FB\\u0169\\u1E79\\u016B\\u1E7B\\u016D\\u00FC\\u01DC\\u01D8\\u01D6\\u01DA\\u1EE7\\u016F\\u0171\\u01D4\\u0215\\u0217\\u01B0\\u1EEB\\u1EE9\\u1EEF\\u1EED\\u1EF1\\u1EE5\\u1E73\\u0173\\u1E77\\u1E75\\u0289]","v":"[\\u0076\\u24E5\\uFF56\\u1E7D\\u1E7F\\u028B\\uA75F\\u028C]","vy":"[\\uA761]","w":"[\\u0077\\u24E6\\uFF57\\u1E81\\u1E83\\u0175\\u1E87\\u1E85\\u1E98\\u1E89\\u2C73]","x":"[\\u0078\\u24E7\\uFF58\\u1E8B\\u1E8D]","y":"[\\u0079\\u24E8\\uFF59\\u1EF3\\u00FD\\u0177\\u1EF9\\u0233\\u1E8F\\u00FF\\u1EF7\\u1E99\\u1EF5\\u01B4\\u024F\\u1EFF]","z":"[\\u007A\\u24E9\\uFF5A\\u017A\\u1E91\\u017C\\u017E\\u1E93\\u1E95\\u01B6\\u0225\\u0240\\u2C6C\\uA763]"},"researchesTests":["contentHasTOC","contentHasShortParagraphs","contentHasAssets","keywordInTitle","keywordInMetaDescription","keywordInPermalink","keywordIn10Percent","keywordInContent","keywordInSubheadings","keywordInImageAlt","keywordDensity","keywordNotUsed","lengthContent","lengthPermalink","linksHasInternal","linksHasExternals","linksNotAllExternals","titleStartWithKeyword","titleSentiment","titleHasPowerWords","titleHasNumber","hasContentAI"],"hasRedirection":true,"hasBreadcrumb":false},"homeUrl":"https:\/\/onlinebettingspace.com\/sk\/","objectID":2236,"objectType":"post","locale":"sk","localeFull":"sk_SK","overlayImages":{"play":{"name":"Play icon","url":"https:\/\/onlinebettingspace.com\/wp-content\/plugins\/seo-by-rank-math\/assets\/admin\/img\/icon-play.png","path":"\/home\/SuperAdmin\/web\/onlinebettingspace.com\/public_html\/wp-content\/plugins\/seo-by-rank-math\/assets\/admin\/img\/icon-play.png","position":"middle_center"},"gif":{"name":"GIF icon","url":"https:\/\/onlinebettingspace.com\/wp-content\/plugins\/seo-by-rank-math\/assets\/admin\/img\/icon-gif.png","path":"\/home\/SuperAdmin\/web\/onlinebettingspace.com\/public_html\/wp-content\/plugins\/seo-by-rank-math\/assets\/admin\/img\/icon-gif.png","position":"middle_center"}},"defautOgImage":"https:\/\/onlinebettingspace.com\/wp-content\/uploads\/2022\/04\/OBS-FULL-LOGO.webp","customPermalinks":true,"isUserRegistered":true,"autoSuggestKeywords":true,"connectSiteUrl":"https:\/\/rankmath.com\/auth?site=https%3A%2F%2Fonlinebettingspace.com%2Fsk%2F&r=https%3A%2F%2Fonlinebettingspace.com%2Fsk%2Fwp-json%2Fwp%2Fv2%2Fpages%2F2236%3Fnonce%3Dc963eac197","maxTags":5,"trendsIcon":"<svg viewBox=\"0 0 610 610\"><path d=\"M18.85,446,174.32,290.48l58.08,58.08L76.93,504a14.54,14.54,0,0,1-20.55,0L18.83,466.48a14.54,14.54,0,0,1,0-20.55Z\" style=\"fill:#4285f4\"\/><path d=\"M242.65,242.66,377.59,377.6l-47.75,47.75a14.54,14.54,0,0,1-20.55,0L174.37,290.43l47.75-47.75A14.52,14.52,0,0,1,242.65,242.66Z\" style=\"fill:#ea4335\"\/><polygon points=\"319.53 319.53 479.26 159.8 537.34 217.88 377.61 377.62 319.53 319.53\" style=\"fill:#fabb05\"\/><path d=\"M594.26,262.73V118.61h0a16.94,16.94,0,0,0-16.94-16.94H433.2a16.94,16.94,0,0,0-12,28.92L565.34,274.71h0a16.94,16.94,0,0,0,28.92-12Z\" style=\"fill:#34a853\"\/><rect width=\"610\" height=\"610\" style=\"fill:none\"\/><\/svg>","showScore":true,"siteFavIcon":"https:\/\/onlinebettingspace.com\/wp-content\/uploads\/2022\/04\/OBS-LOGO-1.webp","canUser":{"general":false,"advanced":false,"snippet":false,"social":false,"analysis":false,"analytics":false,"content_ai":false},"showKeywordIntent":true,"isPro":false,"is_front_page":false,"trendsUpgradeLink":"https:\/\/rankmath.com\/pricing\/?utm_source=Plugin&utm_medium=CE%20General%20Tab%20Trends&utm_campaign=WP","trendsUpgradeLabel":"Upgrade","trendsPreviewImage":"https:\/\/onlinebettingspace.com\/wp-content\/plugins\/seo-by-rank-math\/assets\/admin\/img\/trends-preview.jpg","currentEditor":false,"homepageData":{"assessor":{"powerWords":[],"diacritics":true,"researchesTests":["contentHasTOC","contentHasShortParagraphs","contentHasAssets","keywordInTitle","keywordInMetaDescription","keywordInPermalink","keywordIn10Percent","keywordInContent","keywordInSubheadings","keywordInImageAlt","keywordDensity","keywordNotUsed","lengthContent","lengthPermalink","linksHasInternal","linksHasExternals","linksNotAllExternals","titleStartWithKeyword","titleSentiment","titleHasPowerWords","titleHasNumber","hasContentAI"],"hasBreadcrumb":false,"serpData":{"title":"%sitename% %page% %sep% %sitedesc%","description":"","titleTemplate":"%sitename% %page% %sep% %sitedesc%","descriptionTemplate":"","focusKeywords":"","breadcrumbTitle":"Home","robots":{"index":true},"advancedRobots":[],"facebookTitle":"","facebookDescription":"","facebookImage":"","facebookImageID":""}}},"tocTitle":"Table of Contents","tocExcludeHeadings":[],"listStyle":"ul"},"_links":{"self":[{"href":"https:\/\/onlinebettingspace.com\/sk\/wp-json\/wp\/v2\/pages\/2236","targetHints":{"allow":["GET"]}}],"collection":[{"href":"https:\/\/onlinebettingspace.com\/sk\/wp-json\/wp\/v2\/pages"}],"about":[{"href":"https:\/\/onlinebettingspace.com\/sk\/wp-json\/wp\/v2\/types\/page"}],"author":[{"embeddable":true,"href":"https:\/\/onlinebettingspace.com\/sk\/wp-json\/wp\/v2\/users\/1"}],"replies":[{"embeddable":true,"href":"https:\/\/onlinebettingspace.com\/sk\/wp-json\/wp\/v2\/comments?post=2236"}],"version-history":[{"count":0,"href":"https:\/\/onlinebettingspace.com\/sk\/wp-json\/wp\/v2\/pages\/2236\/revisions"}],"wp:attachment":[{"href":"https:\/\/onlinebettingspace.com\/sk\/wp-json\/wp\/v2\/media?parent=2236"}],"curies":[{"name":"wp","href":"https:\/\/api.w.org\/{rel}","templated":true}]}}