{"id":2227,"date":"2022-06-26T23:10:05","date_gmt":"2022-06-26T20:10:05","guid":{"rendered":"https:\/\/onlinebettingspace.com\/?page_id=2227"},"modified":"2022-06-26T23:10:05","modified_gmt":"2022-06-26T20:10:05","slug":"online-casino-zadarmo","status":"publish","type":"page","link":"https:\/\/onlinebettingspace.com\/sk\/online-casino-zadarmo\/","title":{"rendered":"ONLINE CASINO ZADARMO"},"content":{"rendered":"<section class=\"l-section wpb_row height_medium\"><div class=\"l-section-h i-cf\"><div class=\"g-cols vc_row via_flex valign_top type_default stacking_default\"><div class=\"vc_col-sm-12 wpb_column vc_column_container\"><div class=\"vc_column-inner\"><div class=\"wpb_wrapper\"><div class=\"wpb_text_column\"><div class=\"wpb_wrapper\"><h1>ONLINE CASINO ZADARMO<\/h1>\n<p>Je to skuto\u010dne tak. Na to, aby ste si dnes mohli zahra\u0165 svoju ob\u013e\u00faben\u00fa casinov\u00fa hru, nepotrebujete ani cent. M\u00f4\u017eete hra\u0165 nielen zadarmo, ale e\u0161te aj necha\u0165 kas\u00ednu, aby v\u00e1m na hru prispelo. Hra\u0165 v kas\u00ednach nebolo nikdy jednoduch\u0161ie a nikdy z\u00e1bavnej\u0161ie.<\/p>\n<p>Modern\u00e1 doba so sebou prin\u00e1\u0161a nov\u00e9 mo\u017enosti a to aj v oblasti z\u00e1bavy. Ak vyh\u013ead\u00e1vate napr\u00edklad casinov\u00e9 hry a nechcete do hry investova\u0165 ani len cent zo svojho, u\u017e nemus\u00edte len hr\u00e1va\u0165 so svojimi kamar\u00e1tmi. Mo\u017enos\u0165 zahra\u0165 si zadarmo a popritom sa samozrejme dobre zabavi\u0165 dnes pon\u00fakaj\u00fa aj <strong><a href=\"\/sk\/\">viacer\u00e9 online kas\u00edna<\/a><\/strong>.<\/p>\n<div>\n<div class=\" readMore _3w \">\n<p>Tie v\u00e1m prakticky bez obmedzenia umo\u017enia zahra\u0165 si milovan\u00fa hru znova a znova. K\u00fdm do kamenn\u00fdch kas\u00edn v\u00e4\u010d\u0161inou nem\u00f4\u017eete pr\u00eds\u0165 len tak s pr\u00e1zdnymi vreckami a len s t\u00fa\u017ebou si zahra\u0165, do t\u00fdch online \u00e1no. A pokia\u013e takto chcete hra\u0165, nikto v\u00e1s z kas\u00edna ur\u010dite nevy\u017eenie. Hra\u0165 pre z\u00e1bavu je toti\u017e povolen\u00e9!<\/p>\n<h2>AKO HRA\u0164 ZADARMO?<\/h2>\n<p>Online casino zadarmo skuto\u010dne nie je m\u00fdtus a na to, aby ste si zahrali ob\u013e\u00faben\u00fa casino hru v\u00e1m sta\u010d\u00ed ma\u0165 len po\u010d\u00edta\u010d (notebook, tablet \u010di dokonca dnes u\u017e len mobiln\u00fd telef\u00f3n) s pripojen\u00edm na internet. Potom u\u017e je len potrebn\u00e9 n\u00e1js\u0165 to spr\u00e1vne kas\u00edno, ktor\u00fa tak\u00fdto druh hry umo\u017e\u0148uje a m\u00f4\u017eete sa pusti\u0165 do boja.<\/p>\n<p>Pokia\u013e sa rozhodnete hra\u0165 zadarmo, casino bude po v\u00e1s po\u017eadova\u0165 nanajv\u00fd\u0161\u00a0<strong>registr\u00e1ciu<\/strong>, teda to, aby ste si u nich zriadili svoj hr\u00e1\u010dsky \u00fa\u010det. T\u00e1to registr\u00e1cia bude pre v\u00e1s z\u00e1rove\u0148 vstupenkou ku hre. Nemus\u00edte sa b\u00e1\u0165, registr\u00e1cia nikdy nie je nijako zlo\u017eit\u00e1 a nanajv\u00fd\u0161 v\u00e1m zaberie nieko\u013eko m\u00e1lo min\u00fat. To\u013eko v\u00e1s teda del\u00ed od toho, aby ste si mohli zahra\u0165 zadarmo alebo akoko\u013evek inak.<\/p>\n<h2>NIELEN ZADARMO, ALE AJ S BONUSOM<\/h2>\n<p>Navy\u0161e, pokia\u013e budete ma\u0165 \u0161\u0165astn\u00fa ruku pri v\u00fdbere kas\u00edna, tak nielen\u017ee si budete m\u00f4c\u0165 zahra\u0165 zadarmo, ale kas\u00edno v\u00e1m na hru e\u0161te prispeje. Niektor\u00e9 kas\u00edna toti\u017e pon\u00fakaj\u00fa nov\u00fdm hr\u00e1\u010dom takzvan\u00fd \u201e<em>no-deposit bonus<\/em>\u201c. Tento v preklade\u00a0<strong><a href=\"\/sk\/bonus\/bez-vkladu\">bonus bez vkladu<\/a><\/strong>\u00a0znamen\u00e1, \u017ee v\u00e1m po \u00faspe\u0161ne vykonanej registr\u00e1cii z kas\u00edna po\u0161l\u00fa na v\u00e1\u0161 hr\u00e1\u010dsky \u00fa\u010det nejak\u00e9 peniaze.<\/p>\n<p>A od tej chv\u00edle hr\u00e1te \u00faplne bez rizika a m\u00f4\u017eete len vyhra\u0165. Ak sa v\u00e1m t\u00fato po\u010diato\u010dn\u00fd bonus od kas\u00edna podar\u00ed rozmno\u017ei\u0165, tak si v\u0161etky peniaze samozrejme ponech\u00e1v\u00e1te a dokonca si ich m\u00f4\u017eete necha\u0165 posla\u0165 na v\u00e1\u0161 bankov\u00fd \u00fa\u010det. A pokia\u013e n\u00e1hodou neuspejete, tak sa predsa ni\u010d a\u017e tak nestalo, nepri\u0161li ste toti\u017e o \u017eiadne va\u0161e peniaze!<\/p>\n<h2>AK\u00c9 CASINO HRY SI M\u00d4\u017dETE ZAHRA\u0164 ZADARMO?<\/h2>\n<p>M\u00e1te radi klasick\u00e9 automatov\u00e9 hry,\u00a0<strong><a href=\"\/sk\/blackjack\">blackjack<\/a><\/strong>\u00a0pr\u00edpadne in\u00e9 zo zn\u00e1mych kartov\u00fdch hier? Tak to v\u0161etko si m\u00f4\u017eete zahra\u0165 zadarmo. Drviv\u00e1 v\u00e4\u010d\u0161ina kas\u00edn v\u00e1m umo\u017en\u00ed zahra\u0165 si bezplatne automatov\u00e9 hry, ob\u013e\u00faben\u00fd blackjack, poker alebo\u00a0<strong><a href=\"\/sk\/ruleta\">ruletu<\/a><\/strong>. Poniektor\u00e9 v\u00e1m k registr\u00e1cii \u201epribalia\u201c e\u0161te aj nieko\u013eko\u00a0<strong><a href=\"\/sk\/hracie-automaty\/pretocenie-zdarma\">spinov \u00faplne zdarmo<\/a><\/strong>, ktor\u00e9 n\u00e1sledne m\u00f4\u017eete vysk\u00fa\u0161a\u0165 preto\u010di\u0165 v kas\u00edne do skuto\u010dnej v\u00fdhry.<\/p>\n<p>Vo v\u0161eobecnosti plat\u00ed, \u017ee ponuka hier, ktor\u00e9 si m\u00f4\u017eete zahra\u0165 zadarmo, sa l\u00ed\u0161i od kas\u00edna ku kas\u00ednu. Niektor\u00e9 pon\u00fakaj\u00fa\u00a0<strong><a href=\"\/sk\/hracie-automaty\">\u0161peci\u00e1lne automatov\u00e9 hry<\/a><\/strong>, ktor\u00e9 si nebudete m\u00f4c\u0165 v rovnakej podobe zahra\u0165 v \u017eiadnom inom kas\u00edne. \u010eal\u0161ie pon\u00fakaj\u00fa in\u00e9 atypick\u00e9 hry, ktor\u00e9 v\u00e1s dozaista o\u010daria svojou origin\u00e1lnos\u0165ou a z\u00e1bavnos\u0165ou. Sta\u010d\u00ed len n\u00e1js\u0165 to \u201esvoje\u201c kas\u00edno a to \u201esvoju\u201c hru a m\u00f4\u017eete sa pusti\u0165 do hry.<\/p>\n<h2>KTOR\u00c9 KAS\u00cdNA PON\u00daKAJ\u00da HRU ZADARMO?<\/h2>\n<p>Online kas\u00edna myslia na t\u00fdch, ktor\u00ed si chc\u00fa zahra\u0165 bez rizika. Ak si otvor\u00edte str\u00e1nky kas\u00edn ako s\u00fa napr\u00edklad\u00a0<a href=\"\/sk\/casinoeuro\"><strong>CasinoEuro<\/strong><\/a>,\u00a0<a href=\"\/sk\/kajot-casino\"><strong>Kajot<\/strong><\/a>,\u00a0<a href=\"\/sk\/euroslots-casino\"><strong>EuroSlots Casino<\/strong><\/a>\u00a0tak zist\u00edte, \u017ee tu v\u0161ade si m\u00f4\u017eete zahra\u0165 zadarmo u v\u0161etk\u00fdch. Ka\u017ed\u00e9 kas\u00edno m\u00e1 jasne ur\u010den\u00e9 to, ktor\u00e9 hry a za ak\u00fdch podmienok pon\u00faka zadarmo.<\/p>\n<p>A ke\u010f u\u017e budete pri tom, nezabudnite si pozrie\u0165 i to, ak\u00e9 kas\u00edno pon\u00faka bonusy bez vkladu. Ka\u017ed\u00e9 casino m\u00e1 in\u00fd druh t\u00fdchto bonusov a tie sa z \u010dasu na \u010das menia. Pokia\u013e chcete zosta\u0165 v obraze (a chcie\u0165 by ste ur\u010dite mali), tak je dobr\u00e9 si necha\u0165 od kas\u00edna posiela\u0165 ich pravideln\u00e9\u00a0<strong><a href=\"\/sk\/novinky\">newslettery<\/a><\/strong>, v ktor\u00fdch uverej\u0148uj\u00fa svoje nov\u00e9 alebo \u010dasovo obmedzen\u00e9 ponuky, ob\u010das aj na bonusy bez vkladu.<\/p>\n<h2>HRA\u0164 M\u00d4\u017dETE AJ BEZ REGISTR\u00c1CIE<\/h2>\n<p>Pokia\u013e sa z rozli\u010dn\u00fdch pr\u00ed\u010din nechcete zaregistrova\u0165 do niektor\u00e9ho z kas\u00edn, no predsa si chcete u\u017ei\u0165 p\u00f4\u017eitok, ktor\u00fd prin\u00e1\u0161aj\u00fa\u00a0<strong><a href=\"\/sk\/casino-hry\">casino hry<\/a><\/strong>, m\u00e1me pre v\u00e1s rie\u0161enie \u2013 hra bez registr\u00e1cie. Teda bez toho, aby ste kdeko\u013evek museli \u010doko\u013evek vyp\u013a\u0148a\u0165. \u010castokr\u00e1t v\u00e1m sta\u010d\u00ed len p\u00e1r kliknut\u00ed a hne\u010f si m\u00f4\u017eete zahra\u0165 svoju ob\u013e\u00faben\u00fa hru.<\/p>\n<p>Nie v\u0161etky kas\u00edna v\u0161ak pon\u00fakaj\u00fa hru bez registr\u00e1cie a t\u00fdm, \u017ee zvol\u00edte t\u00fato mo\u017enos\u0165, pripravujete sa o \u0161ancu z\u00edska\u0165 najr\u00f4znej\u0161ie bonusy. T\u00fdm, \u017ee sa nestanete \u010dlenmi ve\u013ekej kas\u00ednovej rodiny, nebudete m\u00f4c\u0165 ani \u010derpa\u0165 z v\u00fdhod, z ktor\u00fdch \u0165a\u017eia ostatn\u00ed registrovan\u00ed hr\u00e1\u010di. Vedzte, \u017ee registr\u00e1cia neznamen\u00e1 nevypovedate\u013en\u00fd z\u00e1v\u00e4zok.<\/p>\n<p>Pr\u00e1ve naopak. Je prostriedkom k tomu, ako sa dopracova\u0165 k v\u00fdhod\u00e1m toho ma\u0165 hr\u00e1\u010dsky \u00fa\u010det v kas\u00edne. Nezabudnite \u2013 to, \u010di sa niekedy rozhodnete hra\u0165 o skuto\u010dn\u00e9 peniaze z\u00e1vis\u00ed u\u017e len na v\u00e1s a va\u0161om rozhodnut\u00ed. M\u00f4\u017eete hra\u0165 cel\u00fd \u017eivot len pre rados\u0165 z hry, len pre z\u00e1bavu a pote\u0161enie ducha. \u017diadne kas\u00edno v\u00e1s nikdy nebudete n\u00fati\u0165 hra\u0165 o peniaze.<\/p>\n<h2>ZAHRA\u0164 SI ZADARMO M\u00d4\u017dETE DNES U\u017d KDEKO\u013dVEK<\/h2>\n<p>Nud\u00edte sa v pr\u00e1ci alebo cestou v autobuse domov? \u010cak\u00e1te na partnera na stretnut\u00ed? Stoj\u00edte v dlhom rade v obchode? Ak m\u00e1te pri sebe mobiln\u00fd telef\u00f3n, tak m\u00e1te z\u00e1bavu na dosah ruky. Modern\u00e1 doba toti\u017e neznamen\u00e1, \u017ee kv\u00f4li casino hr\u00e1m mus\u00edte chodi\u0165 do kamenn\u00fdch kas\u00edn, ke\u010f\u017ee v\u0161etky hry si dnes m\u00f4\u017eete zahra\u0165 aj pohodlne a jednoducho prostredn\u00edctvom mobiln\u00e9ho telef\u00f3nu.<\/p>\n<p>Kas\u00edna pon\u00fakaj\u00fa aplik\u00e1cie \u010di prepracovan\u00e9 u\u017e\u00edvate\u013esk\u00e9 rozhrania, ktor\u00e9 umo\u017e\u0148uj\u00fa zahra\u0165 si prakticky kdeko\u013evek a kedyko\u013evek. A to samozrejme aj zadarmo a \u00faplne bez rizika. M\u00e1te telef\u00f3n so syst\u00e9mom Android pr\u00edpade iPhone? Zahra\u0165 si m\u00f4\u017eete v kas\u00ednach ako je Doxxbet, Bet365 alebo Mr Green. Tieto v\u0161etky tri kas\u00edna poskytuj\u00fa v\u00fdborn\u00fa kompatibilitu s va\u0161imi telef\u00f3nmi.<\/p>\n<h2>HRA\u0164 ZADARMO JE SKUTO\u010cNE MO\u017dN\u00c9<\/h2>\n<p>Hoci svet kas\u00ednov\u00fdch hier je opraden\u00fd mno\u017estvom m\u00fdtov, tak jeden m\u00fdtus ur\u010dite spr\u00e1vny nie je \u2013 casino hry m\u00f4\u017eete hra\u0165 zadarmo a bez rizika. Online kas\u00edna si uvedomuj\u00fa, \u017ee nie v\u0161etci hr\u00e1\u010di chc\u00fa alebo s\u00fa pripraven\u00ed hne\u010f hra\u0165 o tie najv\u00e4\u010d\u0161ie v\u00fdhry i to, \u017ee poniektor\u00ed chc\u00fa hra\u0165 tieto hry len pre samotn\u00e9 pote\u0161enie z nich.<\/p>\n<p><strong><a href=\"\/sk\/ruleta-zadarmo\">Hra\u0165 zadarmo ruletu<\/a><\/strong>, blackjack \u010di in\u00e9 hry nebolo nikdy jednoduch\u0161ie. M\u00f4\u017eete hra\u0165 s registr\u00e1ciou (a \u010derpa\u0165 v\u00fdhody z nej v podobe bonusov) alebo dokonca aj bez nej. M\u00f4\u017eete hra\u0165 z po\u010d\u00edta\u010da, notebooku, z tabletu \u010di dokonca u\u017e aj z mobiln\u00e9ho telef\u00f3nu, ktor\u00fd m\u00e1te po ruke skoro neust\u00e1le. To men\u00ed aj to, kde m\u00f4\u017eete hra\u0165.<\/p>\n<p>Hru si dnes m\u00f4\u017eete spusti\u0165 nielen doma, ale aj v pr\u00e1ci \u010di kdeko\u013evek inde. A to hlavn\u00e9 \u2013 m\u00f4\u017eete si vybra\u0165 zo \u0161irokej \u0161k\u00e1ly dobre zn\u00e1mych hier alebo vysk\u00fa\u0161a\u0165 dokonca niektor\u00e9 \u00faplne nov\u00e9. Na v\u00fdber je toho skuto\u010dne ve\u013ea. A je len na v\u00e1s, ktorou cestou sa vyberiete. Nezabudnite na to najhlavnej\u0161ie \u2013 hra.<\/p>\n<\/div>\n<\/div>\n<\/div><\/div><\/div><\/div><\/div><\/div><\/div><\/section>\n","protected":false},"excerpt":{"rendered":"ONLINE CASINO ZADARMO Je to skuto\u010dne tak. Na to, aby ste si dnes mohli zahra\u0165 svoju ob\u013e\u00faben\u00fa casinov\u00fa hru, nepotrebujete ani cent. M\u00f4\u017eete hra\u0165 nielen zadarmo, ale e\u0161te aj necha\u0165 kas\u00ednu, aby v\u00e1m na hru prispelo. Hra\u0165 v kas\u00ednach nebolo nikdy jednoduch\u0161ie a nikdy z\u00e1bavnej\u0161ie. Modern\u00e1 doba so sebou prin\u00e1\u0161a nov\u00e9 mo\u017enosti a to aj...","protected":false},"author":1,"featured_media":0,"parent":0,"menu_order":0,"comment_status":"closed","ping_status":"closed","template":"","meta":{"_acf_changed":false,"footnotes":""},"class_list":["post-2227","page","type-page","status-publish","hentry"],"acf":[],"rankMath":{"parentDomain":"onlinebettingspace.com","noFollowDomains":[],"noFollowExcludeDomains":[],"noFollowExternalLinks":false,"featuredImageNotice":"The featured image should be at least 200 by 200 pixels to be picked up by Facebook and other social media sites.","pluginReviewed":true,"postSettings":{"linkSuggestions":true,"useFocusKeyword":false},"frontEndScore":false,"postName":"online-casino-zadarmo","permalinkFormat":"https:\/\/onlinebettingspace.com\/sk\/%pagename%\/","showLockModifiedDate":true,"assessor":{"focusKeywordLink":"https:\/\/onlinebettingspace.com\/wp-admin\/edit.php?focus_keyword=%focus_keyword%&post_type=%post_type%","hasTOCPlugin":false,"primaryTaxonomy":false,"serpData":{"title":"Online casino zdarma | onlinebettingspace.com","description":"Chcete si zahra\u0165 kartov\u00e9 hry zdarma alebo casino hry zadarmo s re\u00e1lnymi peniazmi? Nav\u0161t\u00edvte preto online casino zadarmo!","focusKeywords":"","pillarContent":false,"canonicalUrl":"","breadcrumbTitle":"","advancedRobots":[],"facebookTitle":"","facebookDescription":"","facebookImage":"","facebookImageID":"","facebookHasOverlay":false,"facebookImageOverlay":"","facebookAuthor":"","twitterCardType":"","twitterUseFacebook":true,"twitterTitle":"","twitterDescription":"","twitterImage":"","twitterImageID":"","twitterHasOverlay":false,"twitterImageOverlay":"","twitterPlayerUrl":"","twitterPlayerSize":"","twitterPlayerStream":"","twitterPlayerStreamCtype":"","twitterAppDescription":"","twitterAppIphoneName":"","twitterAppIphoneID":"","twitterAppIphoneUrl":"","twitterAppIpadName":"","twitterAppIpadID":"","twitterAppIpadUrl":"","twitterAppGoogleplayName":"","twitterAppGoogleplayID":"","twitterAppGoogleplayUrl":"","twitterAppCountry":"","robots":{"index":true},"twitterAuthor":"username","primaryTerm":0,"authorName":"OBSAdmin","titleTemplate":"%title% %sep% %sitename%","descriptionTemplate":"%excerpt%","showScoreFrontend":true,"lockModifiedDate":false},"powerWords":[],"diacritics":{"A":"[\\u0041\\u24B6\\uFF21\\u00C0\\u00C1\\u00C2\\u1EA6\\u1EA4\\u1EAA\\u1EA8\\u00C3\\u0100\\u0102\\u1EB0\\u1EAE\\u1EB4\\u1EB2\\u0226\\u01E0\\u00C4\\u01DE\\u1EA2\\u00C5\\u01FA\\u01CD\\u0200\\u0202\\u1EA0\\u1EAC\\u1EB6\\u1E00\\u0104\\u023A\\u2C6F]","AA":"[\\uA732]","AE":"[\\u00C6\\u01FC\\u01E2]","AO":"[\\uA734]","AU":"[\\uA736]","AV":"[\\uA738\\uA73A]","AY":"[\\uA73C]","B":"[\\u0042\\u24B7\\uFF22\\u1E02\\u1E04\\u1E06\\u0243\\u0182\\u0181]","C":"[\\u0043\\u24B8\\uFF23\\u0106\\u0108\\u010A\\u010C\\u00C7\\u1E08\\u0187\\u023B\\uA73E]","D":"[\\u0044\\u24B9\\uFF24\\u1E0A\\u010E\\u1E0C\\u1E10\\u1E12\\u1E0E\\u0110\\u018B\\u018A\\u0189\\uA779]","DZ":"[\\u01F1\\u01C4]","Dz":"[\\u01F2\\u01C5]","E":"[\\u0045\\u24BA\\uFF25\\u00C8\\u00C9\\u00CA\\u1EC0\\u1EBE\\u1EC4\\u1EC2\\u1EBC\\u0112\\u1E14\\u1E16\\u0114\\u0116\\u00CB\\u1EBA\\u011A\\u0204\\u0206\\u1EB8\\u1EC6\\u0228\\u1E1C\\u0118\\u1E18\\u1E1A\\u0190\\u018E]","F":"[\\u0046\\u24BB\\uFF26\\u1E1E\\u0191\\uA77B]","G":"[\\u0047\\u24BC\\uFF27\\u01F4\\u011C\\u1E20\\u011E\\u0120\\u01E6\\u0122\\u01E4\\u0193\\uA7A0\\uA77D\\uA77E]","H":"[\\u0048\\u24BD\\uFF28\\u0124\\u1E22\\u1E26\\u021E\\u1E24\\u1E28\\u1E2A\\u0126\\u2C67\\u2C75\\uA78D]","I":"[\\u0049\\u24BE\\uFF29\\u00CC\\u00CD\\u00CE\\u0128\\u012A\\u012C\\u0130\\u00CF\\u1E2E\\u1EC8\\u01CF\\u0208\\u020A\\u1ECA\\u012E\\u1E2C\\u0197]","J":"[\\u004A\\u24BF\\uFF2A\\u0134\\u0248]","K":"[\\u004B\\u24C0\\uFF2B\\u1E30\\u01E8\\u1E32\\u0136\\u1E34\\u0198\\u2C69\\uA740\\uA742\\uA744\\uA7A2]","L":"[\\u004C\\u24C1\\uFF2C\\u013F\\u0139\\u013D\\u1E36\\u1E38\\u013B\\u1E3C\\u1E3A\\u0141\\u023D\\u2C62\\u2C60\\uA748\\uA746\\uA780]","LJ":"[\\u01C7]","Lj":"[\\u01C8]","M":"[\\u004D\\u24C2\\uFF2D\\u1E3E\\u1E40\\u1E42\\u2C6E\\u019C]","N":"[\\u004E\\u24C3\\uFF2E\\u01F8\\u0143\\u00D1\\u1E44\\u0147\\u1E46\\u0145\\u1E4A\\u1E48\\u0220\\u019D\\uA790\\uA7A4]","NJ":"[\\u01CA]","Nj":"[\\u01CB]","O":"[\\u004F\\u24C4\\uFF2F\\u00D2\\u00D3\\u00D4\\u1ED2\\u1ED0\\u1ED6\\u1ED4\\u00D5\\u1E4C\\u022C\\u1E4E\\u014C\\u1E50\\u1E52\\u014E\\u022E\\u0230\\u00D6\\u022A\\u1ECE\\u0150\\u01D1\\u020C\\u020E\\u01A0\\u1EDC\\u1EDA\\u1EE0\\u1EDE\\u1EE2\\u1ECC\\u1ED8\\u01EA\\u01EC\\u00D8\\u01FE\\u0186\\u019F\\uA74A\\uA74C]","OI":"[\\u01A2]","OO":"[\\uA74E]","OU":"[\\u0222]","P":"[\\u0050\\u24C5\\uFF30\\u1E54\\u1E56\\u01A4\\u2C63\\uA750\\uA752\\uA754]","Q":"[\\u0051\\u24C6\\uFF31\\uA756\\uA758\\u024A]","R":"[\\u0052\\u24C7\\uFF32\\u0154\\u1E58\\u0158\\u0210\\u0212\\u1E5A\\u1E5C\\u0156\\u1E5E\\u024C\\u2C64\\uA75A\\uA7A6\\uA782]","S":"[\\u0053\\u24C8\\uFF33\\u1E9E\\u015A\\u1E64\\u015C\\u1E60\\u0160\\u1E66\\u1E62\\u1E68\\u0218\\u015E\\u2C7E\\uA7A8\\uA784]","T":"[\\u0054\\u24C9\\uFF34\\u1E6A\\u0164\\u1E6C\\u021A\\u0162\\u1E70\\u1E6E\\u0166\\u01AC\\u01AE\\u023E\\uA786]","TZ":"[\\uA728]","U":"[\\u0055\\u24CA\\uFF35\\u00D9\\u00DA\\u00DB\\u0168\\u1E78\\u016A\\u1E7A\\u016C\\u00DC\\u01DB\\u01D7\\u01D5\\u01D9\\u1EE6\\u016E\\u0170\\u01D3\\u0214\\u0216\\u01AF\\u1EEA\\u1EE8\\u1EEE\\u1EEC\\u1EF0\\u1EE4\\u1E72\\u0172\\u1E76\\u1E74\\u0244]","V":"[\\u0056\\u24CB\\uFF36\\u1E7C\\u1E7E\\u01B2\\uA75E\\u0245]","VY":"[\\uA760]","W":"[\\u0057\\u24CC\\uFF37\\u1E80\\u1E82\\u0174\\u1E86\\u1E84\\u1E88\\u2C72]","X":"[\\u0058\\u24CD\\uFF38\\u1E8A\\u1E8C]","Y":"[\\u0059\\u24CE\\uFF39\\u1EF2\\u00DD\\u0176\\u1EF8\\u0232\\u1E8E\\u0178\\u1EF6\\u1EF4\\u01B3\\u024E\\u1EFE]","Z":"[\\u005A\\u24CF\\uFF3A\\u0179\\u1E90\\u017B\\u017D\\u1E92\\u1E94\\u01B5\\u0224\\u2C7F\\u2C6B\\uA762]","a":"[\\u0061\\u24D0\\uFF41\\u1E9A\\u00E0\\u00E1\\u00E2\\u1EA7\\u1EA5\\u1EAB\\u1EA9\\u00E3\\u0101\\u0103\\u1EB1\\u1EAF\\u1EB5\\u1EB3\\u0227\\u01E1\\u00E4\\u01DF\\u1EA3\\u00E5\\u01FB\\u01CE\\u0201\\u0203\\u1EA1\\u1EAD\\u1EB7\\u1E01\\u0105\\u2C65\\u0250]","aa":"[\\uA733]","ae":"[\\u00E6\\u01FD\\u01E3]","ao":"[\\uA735]","au":"[\\uA737]","av":"[\\uA739\\uA73B]","ay":"[\\uA73D]","b":"[\\u0062\\u24D1\\uFF42\\u1E03\\u1E05\\u1E07\\u0180\\u0183\\u0253]","c":"[\\u0063\\u24D2\\uFF43\\u0107\\u0109\\u010B\\u010D\\u00E7\\u1E09\\u0188\\u023C\\uA73F\\u2184]","d":"[\\u0064\\u24D3\\uFF44\\u1E0B\\u010F\\u1E0D\\u1E11\\u1E13\\u1E0F\\u0111\\u018C\\u0256\\u0257\\uA77A]","dz":"[\\u01F3\\u01C6]","e":"[\\u0065\\u24D4\\uFF45\\u00E8\\u00E9\\u00EA\\u1EC1\\u1EBF\\u1EC5\\u1EC3\\u1EBD\\u0113\\u1E15\\u1E17\\u0115\\u0117\\u00EB\\u1EBB\\u011B\\u0205\\u0207\\u1EB9\\u1EC7\\u0229\\u1E1D\\u0119\\u1E19\\u1E1B\\u0247\\u025B\\u01DD]","f":"[\\u0066\\u24D5\\uFF46\\u1E1F\\u0192\\uA77C]","g":"[\\u0067\\u24D6\\uFF47\\u01F5\\u011D\\u1E21\\u011F\\u0121\\u01E7\\u0123\\u01E5\\u0260\\uA7A1\\u1D79\\uA77F]","h":"[\\u0068\\u24D7\\uFF48\\u0125\\u1E23\\u1E27\\u021F\\u1E25\\u1E29\\u1E2B\\u1E96\\u0127\\u2C68\\u2C76\\u0265]","hv":"[\\u0195]","i":"[\\u0069\\u24D8\\uFF49\\u00EC\\u00ED\\u00EE\\u0129\\u012B\\u012D\\u00EF\\u1E2F\\u1EC9\\u01D0\\u0209\\u020B\\u1ECB\\u012F\\u1E2D\\u0268\\u0131]","j":"[\\u006A\\u24D9\\uFF4A\\u0135\\u01F0\\u0249]","k":"[\\u006B\\u24DA\\uFF4B\\u1E31\\u01E9\\u1E33\\u0137\\u1E35\\u0199\\u2C6A\\uA741\\uA743\\uA745\\uA7A3]","l":"[\\u006C\\u24DB\\uFF4C\\u0140\\u013A\\u013E\\u1E37\\u1E39\\u013C\\u1E3D\\u1E3B\\u017F\\u0142\\u019A\\u026B\\u2C61\\uA749\\uA781\\uA747]","lj":"[\\u01C9]","m":"[\\u006D\\u24DC\\uFF4D\\u1E3F\\u1E41\\u1E43\\u0271\\u026F]","n":"[\\u006E\\u24DD\\uFF4E\\u01F9\\u0144\\u00F1\\u1E45\\u0148\\u1E47\\u0146\\u1E4B\\u1E49\\u019E\\u0272\\u0149\\uA791\\uA7A5]","nj":"[\\u01CC]","o":"[\\u006F\\u24DE\\uFF4F\\u00F2\\u00F3\\u00F4\\u1ED3\\u1ED1\\u1ED7\\u1ED5\\u00F5\\u1E4D\\u022D\\u1E4F\\u014D\\u1E51\\u1E53\\u014F\\u022F\\u0231\\u00F6\\u022B\\u1ECF\\u0151\\u01D2\\u020D\\u020F\\u01A1\\u1EDD\\u1EDB\\u1EE1\\u1EDF\\u1EE3\\u1ECD\\u1ED9\\u01EB\\u01ED\\u00F8\\u01FF\\u0254\\uA74B\\uA74D\\u0275]","oi":"[\\u01A3]","ou":"[\\u0223]","oo":"[\\uA74F]","p":"[\\u0070\\u24DF\\uFF50\\u1E55\\u1E57\\u01A5\\u1D7D\\uA751\\uA753\\uA755]","q":"[\\u0071\\u24E0\\uFF51\\u024B\\uA757\\uA759]","r":"[\\u0072\\u24E1\\uFF52\\u0155\\u1E59\\u0159\\u0211\\u0213\\u1E5B\\u1E5D\\u0157\\u1E5F\\u024D\\u027D\\uA75B\\uA7A7\\uA783]","s":"[\\u0073\\u24E2\\uFF53\\u015B\\u1E65\\u015D\\u1E61\\u0161\\u1E67\\u1E63\\u1E69\\u0219\\u015F\\u023F\\uA7A9\\uA785\\u1E9B]","ss":"[\\u00DF]","t":"[\\u0074\\u24E3\\uFF54\\u1E6B\\u1E97\\u0165\\u1E6D\\u021B\\u0163\\u1E71\\u1E6F\\u0167\\u01AD\\u0288\\u2C66\\uA787]","tz":"[\\uA729]","u":"[\\u0075\\u24E4\\uFF55\\u00F9\\u00FA\\u00FB\\u0169\\u1E79\\u016B\\u1E7B\\u016D\\u00FC\\u01DC\\u01D8\\u01D6\\u01DA\\u1EE7\\u016F\\u0171\\u01D4\\u0215\\u0217\\u01B0\\u1EEB\\u1EE9\\u1EEF\\u1EED\\u1EF1\\u1EE5\\u1E73\\u0173\\u1E77\\u1E75\\u0289]","v":"[\\u0076\\u24E5\\uFF56\\u1E7D\\u1E7F\\u028B\\uA75F\\u028C]","vy":"[\\uA761]","w":"[\\u0077\\u24E6\\uFF57\\u1E81\\u1E83\\u0175\\u1E87\\u1E85\\u1E98\\u1E89\\u2C73]","x":"[\\u0078\\u24E7\\uFF58\\u1E8B\\u1E8D]","y":"[\\u0079\\u24E8\\uFF59\\u1EF3\\u00FD\\u0177\\u1EF9\\u0233\\u1E8F\\u00FF\\u1EF7\\u1E99\\u1EF5\\u01B4\\u024F\\u1EFF]","z":"[\\u007A\\u24E9\\uFF5A\\u017A\\u1E91\\u017C\\u017E\\u1E93\\u1E95\\u01B6\\u0225\\u0240\\u2C6C\\uA763]"},"researchesTests":["contentHasTOC","contentHasShortParagraphs","contentHasAssets","keywordInTitle","keywordInMetaDescription","keywordInPermalink","keywordIn10Percent","keywordInContent","keywordInSubheadings","keywordInImageAlt","keywordDensity","keywordNotUsed","lengthContent","lengthPermalink","linksHasInternal","linksHasExternals","linksNotAllExternals","titleStartWithKeyword","titleSentiment","titleHasPowerWords","titleHasNumber","hasContentAI"],"hasRedirection":true,"hasBreadcrumb":false},"homeUrl":"https:\/\/onlinebettingspace.com\/sk\/","objectID":2227,"objectType":"post","locale":"sk","localeFull":"sk_SK","overlayImages":{"play":{"name":"Play icon","url":"https:\/\/onlinebettingspace.com\/wp-content\/plugins\/seo-by-rank-math\/assets\/admin\/img\/icon-play.png","path":"\/home\/SuperAdmin\/web\/onlinebettingspace.com\/public_html\/wp-content\/plugins\/seo-by-rank-math\/assets\/admin\/img\/icon-play.png","position":"middle_center"},"gif":{"name":"GIF icon","url":"https:\/\/onlinebettingspace.com\/wp-content\/plugins\/seo-by-rank-math\/assets\/admin\/img\/icon-gif.png","path":"\/home\/SuperAdmin\/web\/onlinebettingspace.com\/public_html\/wp-content\/plugins\/seo-by-rank-math\/assets\/admin\/img\/icon-gif.png","position":"middle_center"}},"defautOgImage":"https:\/\/onlinebettingspace.com\/wp-content\/uploads\/2022\/04\/OBS-FULL-LOGO.webp","customPermalinks":true,"isUserRegistered":true,"autoSuggestKeywords":true,"connectSiteUrl":"https:\/\/rankmath.com\/auth?site=https%3A%2F%2Fonlinebettingspace.com%2Fsk%2F&r=https%3A%2F%2Fonlinebettingspace.com%2Fsk%2Fwp-json%2Fwp%2Fv2%2Fpages%2F2227%3Fnonce%3D63b085038f","maxTags":5,"trendsIcon":"<svg viewBox=\"0 0 610 610\"><path d=\"M18.85,446,174.32,290.48l58.08,58.08L76.93,504a14.54,14.54,0,0,1-20.55,0L18.83,466.48a14.54,14.54,0,0,1,0-20.55Z\" style=\"fill:#4285f4\"\/><path d=\"M242.65,242.66,377.59,377.6l-47.75,47.75a14.54,14.54,0,0,1-20.55,0L174.37,290.43l47.75-47.75A14.52,14.52,0,0,1,242.65,242.66Z\" style=\"fill:#ea4335\"\/><polygon points=\"319.53 319.53 479.26 159.8 537.34 217.88 377.61 377.62 319.53 319.53\" style=\"fill:#fabb05\"\/><path d=\"M594.26,262.73V118.61h0a16.94,16.94,0,0,0-16.94-16.94H433.2a16.94,16.94,0,0,0-12,28.92L565.34,274.71h0a16.94,16.94,0,0,0,28.92-12Z\" style=\"fill:#34a853\"\/><rect width=\"610\" height=\"610\" style=\"fill:none\"\/><\/svg>","showScore":true,"siteFavIcon":"https:\/\/onlinebettingspace.com\/wp-content\/uploads\/2022\/04\/OBS-LOGO-1.webp","canUser":{"general":false,"advanced":false,"snippet":false,"social":false,"analysis":false,"analytics":false,"content_ai":false},"showKeywordIntent":true,"isPro":false,"is_front_page":false,"trendsUpgradeLink":"https:\/\/rankmath.com\/pricing\/?utm_source=Plugin&utm_medium=CE%20General%20Tab%20Trends&utm_campaign=WP","trendsUpgradeLabel":"Upgrade","trendsPreviewImage":"https:\/\/onlinebettingspace.com\/wp-content\/plugins\/seo-by-rank-math\/assets\/admin\/img\/trends-preview.jpg","currentEditor":false,"homepageData":{"assessor":{"powerWords":[],"diacritics":true,"researchesTests":["contentHasTOC","contentHasShortParagraphs","contentHasAssets","keywordInTitle","keywordInMetaDescription","keywordInPermalink","keywordIn10Percent","keywordInContent","keywordInSubheadings","keywordInImageAlt","keywordDensity","keywordNotUsed","lengthContent","lengthPermalink","linksHasInternal","linksHasExternals","linksNotAllExternals","titleStartWithKeyword","titleSentiment","titleHasPowerWords","titleHasNumber","hasContentAI"],"hasBreadcrumb":false,"serpData":{"title":"%sitename% %page% %sep% %sitedesc%","description":"","titleTemplate":"%sitename% %page% %sep% %sitedesc%","descriptionTemplate":"","focusKeywords":"","breadcrumbTitle":"Home","robots":{"index":true},"advancedRobots":[],"facebookTitle":"","facebookDescription":"","facebookImage":"","facebookImageID":""}}},"tocTitle":"Table of Contents","tocExcludeHeadings":[],"listStyle":"ul"},"_links":{"self":[{"href":"https:\/\/onlinebettingspace.com\/sk\/wp-json\/wp\/v2\/pages\/2227","targetHints":{"allow":["GET"]}}],"collection":[{"href":"https:\/\/onlinebettingspace.com\/sk\/wp-json\/wp\/v2\/pages"}],"about":[{"href":"https:\/\/onlinebettingspace.com\/sk\/wp-json\/wp\/v2\/types\/page"}],"author":[{"embeddable":true,"href":"https:\/\/onlinebettingspace.com\/sk\/wp-json\/wp\/v2\/users\/1"}],"replies":[{"embeddable":true,"href":"https:\/\/onlinebettingspace.com\/sk\/wp-json\/wp\/v2\/comments?post=2227"}],"version-history":[{"count":0,"href":"https:\/\/onlinebettingspace.com\/sk\/wp-json\/wp\/v2\/pages\/2227\/revisions"}],"wp:attachment":[{"href":"https:\/\/onlinebettingspace.com\/sk\/wp-json\/wp\/v2\/media?parent=2227"}],"curies":[{"name":"wp","href":"https:\/\/api.w.org\/{rel}","templated":true}]}}