{"id":2215,"date":"2022-06-26T22:46:35","date_gmt":"2022-06-26T19:46:35","guid":{"rendered":"https:\/\/onlinebettingspace.com\/?page_id=2215"},"modified":"2022-06-26T22:46:35","modified_gmt":"2022-06-26T19:46:35","slug":"kasina-recenzia","status":"publish","type":"page","link":"https:\/\/onlinebettingspace.com\/sk\/kasina-recenzia\/","title":{"rendered":"KASINA RECENZIA"},"content":{"rendered":"<section class=\"l-section wpb_row height_medium\"><div class=\"l-section-h i-cf\"><div class=\"g-cols vc_row via_flex valign_top type_default stacking_default\"><div class=\"vc_col-sm-12 wpb_column vc_column_container\"><div class=\"vc_column-inner\"><div class=\"wpb_wrapper\"><div class=\"wpb_text_column\"><div class=\"wpb_wrapper\"><h1>OBJEKT\u00cdVNE A F\u00c9ROV\u00c9 ONLINE CASINO RECENZIE<\/h1>\n<p>Existuj\u00fa stovky online kas\u00edn, v ktor\u00fdch sa d\u00e1 hra\u0165. Ka\u017ed\u00e9 sa sna\u017e\u00ed, aby sa v nie\u010dom odli\u0161ovalo od ostatn\u00fdch, pon\u00faklo hr\u00e1\u010dom to najlep\u0161ie. Vyzna\u0165 sa v ponuke online kas\u00edn nie je jednoduch\u00e9. Od toho sme tu v\u0161ak my, aby sme v\u00e1m prostredn\u00edctvom na\u0161ich \u00fapln\u00fdch a objekt\u00edvnych recenzi\u00ed prezradili, v ktor\u00fdch online kas\u00ednach sa oplat\u00ed hra\u0165.<\/p>\n<div>\n<div class=\" readMore _3x \">\n<p>\u010co rob\u00ed z\u00a0online kas\u00edna jedno z\u00a0najlep\u0161\u00edch? Krit\u00e9ri\u00ed je ve\u013ea. M\u00f4\u017ee to by\u0165 po\u010det hier \u2013 tie najv\u00e4\u010d\u0161ie kas\u00edna maj\u00fa v\u00a0ponuke viac ne\u017e 1000 hier. M\u00f4\u017ee to by\u0165 ve\u013ek\u00fd uv\u00edtac\u00ed bal\u00ed\u010dek s\u00a0n\u00edzkymi st\u00e1vkov\u00fdmi po\u017eiadavkami. M\u00f4\u017eu to by\u0165 v\u00fdnimo\u010dn\u00e9 slu\u017eby \u2013 r\u00fdchlo spracovan\u00e9 v\u00fdbery alebo 24-hodinov\u00e1 podpora alebo kombin\u00e1cia v\u0161etk\u00fdch t\u00fdchto faktorov.\u00a0Neust\u00e1le vyh\u013ead\u00e1vame nov\u00e9 a\u00a0nov\u00e9 kas\u00edna. Tie najnov\u0161ie zrecenzovan\u00e9 a\u00a0otestovan\u00e9 n\u00e1jdete\u00a0v tabu\u013eke ni\u017e\u0161ie.<\/p>\n<h2>V\u017dDY AKTU\u00c1LNE INFORM\u00c1CIE O\u00a0KAS\u00cdNOV\u00ddCH ZNA\u010cK\u00c1CH<\/h2>\n<p>Online kas\u00ednov\u00e9 prostredie je dynamicky \u017eij\u00faci organizmus \u2013 nov\u00e9 kas\u00edna vznikaj\u00fa a \u010fal\u0161ie zanikaj\u00fa. Menia sa preferencie, \u201echute\u201c hr\u00e1\u010dov a to, \u010do je \u201ein\u201c teraz, nemus\u00ed by\u0165 \u201ein\u201c aj o rok. A do toho v\u0161etk\u00e9ho e\u0161te prehov\u00e1ra politika, z\u00e1kony a vlastn\u00e9 predstavy ka\u017edej krajiny o legislat\u00edve a regul\u00e1ci\u00ed v oblasti online hrania. Vy to v\u0161ak sledova\u0165 nemus\u00edte!<\/p>\n<p>Pon\u00fakame v\u017edy najaktu\u00e1lnej\u0161ie inform\u00e1cie o online kas\u00ednach, ktor\u00e9 sme otestovali, odsk\u00fa\u0161ali a m\u00f4\u017eeme ich teda s \u010dist\u00fdm svedom\u00edm odpor\u00fa\u010di\u0165 slovensk\u00fdm hr\u00e1\u010dom. Prin\u00e1\u0161ame \u00fapln\u00fd poh\u013ead na kas\u00ednov\u00e9 zna\u010dky sp\u00f4sobom, aby ste vy nikdy nemuseli ni\u010d h\u013eada\u0165. Sna\u017e\u00edme sa sledova\u0165 dianie<\/p>\n<p>Chcete vedie\u0165 ak\u00e9 s\u00fa st\u00e1vkov\u00e9 po\u017eiadavky uv\u00edtacieho bonusu? Ko\u013eko hier v online kas\u00edne n\u00e1jdete? \u010ci m\u00e1 vami zvolen\u00e9 online kas\u00edno podporu pre mobiln\u00fdch hr\u00e1\u010dov v podobe aplik\u00e1cie? V\u0161etko sa do\u010d\u00edtate v na\u0161ich recenzi\u00e1ch kas\u00ednov\u00fdch zna\u010diek. T\u00fdch nov\u00fdch, ako i t\u00fdch, ktor\u00e9 na trhu p\u00f4sobia u\u017e nieko\u013eko rokov. Ak nechcete o ni\u010d d\u00f4le\u017eit\u00e9 pr\u00eds\u0165, sledujte dianie na na\u0161ej str\u00e1nke!<\/p>\n<h2>SPOZNAJTE NAMI ODPOR\u00da\u010cAN\u00c9 KAS\u00cdNA<\/h2>\n<p><a href=\"\/sk\/casinoeuro\"><strong>CasinoEuro<\/strong><\/a><\/p>\n<p>Jedno z\u00a0najvyh\u013ead\u00e1vanej\u0161\u00edch eur\u00f3pskych online kas\u00edn, ktor\u00e9 m\u00e1 s\u00eddlo na Malte. CasinoEuro akt\u00edvne funguje od roku 2002 a\u00a0prin\u00e1\u0161a hr\u00e1\u010dom najlep\u0161ie mo\u017enosti, ako sa kvalitne zabavi\u0165 na internete.\u00a0 Z\u00a0hlavn\u00fdch l\u00e1kadiel pre\u010do si nielen \u013eudia z\u00a0Eur\u00f3py vyberaj\u00fa CasinoEuro bude ich \u0161tedros\u0165 pri ich rozmanitej ponuke bonusov. Okrem toho pon\u00fakaj\u00fa \u0161irok\u00fd a\u00a0kvalitn\u00fd sortiment r\u00f4znych kas\u00ednov\u00fdch hier.<\/p>\n<p><a href=\"\/sk\/kajot-casino\"><strong>Kajot Casino<\/strong><\/a><\/p>\n<p>Kajot Casino je v\u00a0tuzemsk\u00fdch kon\u010din\u00e1ch zn\u00e1ma zna\u010dka v\u010faka svojim kamenn\u00fdm herniam. Online casino Kajot pon\u00faka atrakt\u00edvny \u20ac300 bonus pre nov\u00fdch hr\u00e1\u010dov a\u00a0pr\u00edstup ku stovk\u00e1m prvotriednych hier. V\u00a0Kajote si zahr\u00e1te nielen cez po\u010d\u00edta\u010d, ale aj cez tablet \u010di dokonca smartf\u00f3n, pri\u010dom vklady m\u00f4\u017eete robi\u0165 dokonca aj cez svoj telef\u00f3n! Kajot pote\u0161\u00ed aj hr\u00e1\u010dov h\u013eadaj\u00facich bonusy a\u00a0promo akcie, ktor\u00fdch m\u00e1 nieko\u013eko \u2013 od registra\u010dn\u00e9ho, cez narodeninov\u00fd, priate\u013esk\u00fd \u010di vernostn\u00fd bonus.<\/p>\n<p><strong><a href=\"\/sk\/bet365-casino\">Bet365<\/a><\/strong><\/p>\n<p>Bet365 Casino je s\u00fa\u010das\u0165ou ve\u013ekej zna\u010dky Bet365, ktor\u00e1 funguje od roku 2000 a\u00a0v\u00a0roku 2012 bol dokonca najv\u00e4\u010d\u0161ou online gamblingovou spolo\u010dnos\u0165ou. Hoci Bet365 je v\u00e4\u010d\u0161inov\u00e9mu hr\u00e1\u010dovi zn\u00e1me predov\u0161etk\u00fdm v\u010faka online st\u00e1vkovej kancel\u00e1ri\u00ed, cieli i\u00a0na hr\u00e1\u010dov kas\u00ednov\u00fdch hier. Samotn\u00fdch hier m\u00e1 s\u00edce v\u00a0ponuke len 150, no v\u0161etko to nahr\u00e1dza kvalitn\u00fdmi slu\u017ebami a\u00a0akciami.<\/p>\n<p>Pon\u00faka \u20ac100 vstupn\u00fd bonus s\u00a0n\u00edzkymi st\u00e1vkov\u00fdmi po\u017eiadavkami. L\u00e1ka na ve\u013ek\u00e9 mno\u017estvo akci\u00ed, ak\u00fdmi s\u00fa Automatov\u00fd bonus, Klub automatov plus Vernostn\u00fd program. M\u00e1 vlastn\u00fa mobiln\u00fa aplik\u00e1ciu, ktor\u00fa si m\u00f4\u017eete stiahnu\u0165 do svojich zariaden\u00ed. Vklady a\u00a0v\u00fdbery s\u00fa bezprobl\u00e9mov\u00e9 a\u00a0keby sa n\u00e1hodou nejak\u00fd probl\u00e9m objavil, je tu 13-hodinov\u00e1 podpora na ich vyrie\u0161enie.<\/p>\n<p><a href=\"\/sk\/wild-jackpots-casino\"><strong>Wild Jackpots<\/strong><\/a><\/p>\n<p>Wild Jackpots Casino bolo spusten\u00e9 v\u00a0roku 2015 spolo\u010dnos\u0165ou, ktor\u00e1 v\u00a0tom \u010dase mala u\u017e 6-ro\u010dn\u00e9 sk\u00fasenosti v\u00a0r\u00e1mci online kas\u00ednov\u00e9ho biznisu. Wild Jackpots l\u00e1ka na tri uv\u00edtacie bonusy celkovo za \u20ac450 a\u00a0\u0161irok\u00fa ponuku hier tvoren\u00fa titulmi a\u017e od 25 ve\u013ek\u00fdch oper\u00e1torov vr\u00e1tane NetEntu \u010di Microgamingu. V\u010faka ve\u013ek\u00e9mu mno\u017estvu akci\u00ed sa tu rozhodne nebudete ma\u0165 kedy nudi\u0165.<\/p>\n<p>WildJackpots si ob\u013e\u00fabia i\u00a0t\u00ed, ktor\u00ed h\u013eadaj\u00fa kvalitn\u00e9 slu\u017eby. Kas\u00edno transparentne pri ka\u017edej hre uv\u00e1dza \u010di je dostupn\u00e1 i\u00a0pre hranie cez mobiln\u00fd telef\u00f3n. Z\u00e1kazn\u00edcka podpora funguje 24\/7 s\u00a0priemern\u00fdm \u010dasom \u010dakania na chate len tridsa\u0165 sek\u00fand. Minim\u00e1lny vklad je nastaven\u00fd na \u20ac10 a\u00a0vykona\u0165 ho m\u00f4\u017eete prostredn\u00edctvom \u00f4smich met\u00f3d. Na v\u00fdbery je tu i\u00a0ob\u013e\u00faben\u00fd bankov\u00fd prevod.<\/p>\n<p><a href=\"\/sk\/astralbet-casino\"><strong>AstralBet Casino<\/strong><\/a><\/p>\n<p>AstralBet je mlad\u00e9 online kas\u00edno, ktor\u00e9 zapo\u010dalo svoju \u010dinnos\u0165 e\u0161te len v\u00a0roku 2016. Zn\u00e1mym sa stalo predov\u0161etk\u00fdm v\u010faka svojmu ve\u013ek\u00e9mu uv\u00edtaciemu bal\u00ed\u010dku, ktor\u00fd l\u00e1ka ako oby\u010dajn\u00fdch hr\u00e1\u010dov, tak i\u00a0high rollerov. Prostredn\u00edctvom neho sa d\u00e1 z\u00edska\u0165 \u20ac3.000 zadarmo plus 129 bezplatn\u00fdch zato\u010den\u00ed s \u20ac2.000 prv\u00fdm bonusom. Okrem ve\u013ek\u00e9ho uv\u00edtacieho bal\u00ed\u010dka pon\u00faka i\u00a0pravideln\u00e9 akcie.<\/p>\n<p>V\u00a0AstralBet si m\u00f4\u017eete zahra\u0165 vy\u0161e 800 hier, ktor\u00e9 si m\u00f4\u017eete vyfiltrova\u0165 pod\u013ea providera alebo typu. Ku cti mu sl\u00fa\u017ei, a\u017e 200 hier, teda \u0161tvrtina ponuky, je tvoren\u00e1 stoln\u00fdmi hrami. AstralBet rad\u00edme tie\u017e k\u00a0m\u00e1la online kas\u00ednam, ktor\u00e9 zverej\u0148uj\u00fa n\u00e1vratnos\u0165 (RTP) pri svojich hr\u00e1ch. Dobr\u00fd plusom je aj podpora 24\/7, funguj\u00faca na chate, telef\u00f3ne i\u00a0e-maili.<\/p>\n<p><a href=\"\/sk\/winstar-casino\"><strong>WinStar Casino<\/strong><\/a><\/p>\n<p>WinStar je jednou z\u00a0rakiet na britskom trhu. Funguje len od roku 2018, no u\u017e teraz ukazuje, \u017ee by sa mohlo zaradi\u0165 medzi gigantov. Nov\u00fdm hr\u00e1\u010dom prin\u00e1\u0161a uv\u00edtac\u00ed bal\u00ed\u010dek \u20ac250 + 100 bezplatn\u00fdch zato\u010den\u00ed v\u00a0dvoch vkladov\u00fdch bonusoch. Zahra\u0165 si tu m\u00f4\u017eete takmer \u0161es\u0165sto hier. Za benefit m\u00f4\u017eeme ur\u010dite pova\u017eova\u0165 aj vlastn\u00fa mobiln\u00fa aplik\u00e1ciu a\u00a0to ako pre Androidy, tak iOS.<\/p>\n<p>V\u010faka popul\u00e1rnej kombin\u00e1ci\u00ed VISA\/Paysafecard\/Skrill a\u00a0Neteller by ste nemali ma\u0165 \u017eiadne probl\u00e9my s\u00a0vkladmi a\u00a0tri zo \u0161tyroch met\u00f3d sa daj\u00fa pou\u017ei\u0165 aj pre v\u00fdbery. Z\u00e1kazn\u00edcka podpora nie je nepretr\u017eit\u00e1, ale ak hr\u00e1te po\u010das d\u0148a, v\u017edy by ste tu mali niekoho zastihn\u00fa\u0165. Spome\u0148me, \u017ee kas\u00edno pon\u00faka aj vlastn\u00fd vernostn\u00fd program.<\/p>\n<\/div>\n<\/div>\n<\/div><\/div><\/div><\/div><\/div><\/div><\/div><\/section>\n","protected":false},"excerpt":{"rendered":"OBJEKT\u00cdVNE A F\u00c9ROV\u00c9 ONLINE CASINO RECENZIE Existuj\u00fa stovky online kas\u00edn, v ktor\u00fdch sa d\u00e1 hra\u0165. Ka\u017ed\u00e9 sa sna\u017e\u00ed, aby sa v nie\u010dom odli\u0161ovalo od ostatn\u00fdch, pon\u00faklo hr\u00e1\u010dom to najlep\u0161ie. Vyzna\u0165 sa v ponuke online kas\u00edn nie je jednoduch\u00e9. Od toho sme tu v\u0161ak my, aby sme v\u00e1m prostredn\u00edctvom na\u0161ich \u00fapln\u00fdch a objekt\u00edvnych recenzi\u00ed prezradili, v...","protected":false},"author":1,"featured_media":0,"parent":0,"menu_order":0,"comment_status":"closed","ping_status":"closed","template":"","meta":{"_acf_changed":false,"footnotes":""},"class_list":["post-2215","page","type-page","status-publish","hentry"],"acf":[],"rankMath":{"parentDomain":"onlinebettingspace.com","noFollowDomains":[],"noFollowExcludeDomains":[],"noFollowExternalLinks":false,"featuredImageNotice":"The featured image should be at least 200 by 200 pixels to be picked up by Facebook and other social media sites.","pluginReviewed":true,"postSettings":{"linkSuggestions":true,"useFocusKeyword":false},"frontEndScore":false,"postName":"kasina-recenzia","permalinkFormat":"https:\/\/onlinebettingspace.com\/sk\/%pagename%\/","showLockModifiedDate":true,"assessor":{"focusKeywordLink":"https:\/\/onlinebettingspace.com\/wp-admin\/edit.php?focus_keyword=%focus_keyword%&post_type=%post_type%","hasTOCPlugin":false,"primaryTaxonomy":false,"serpData":{"title":"Casino recenzie 2023 | Nami odpor\u00fa\u010dan\u00e9 online kas\u00edna","description":"Vysk\u00fa\u0161ajte si zahra\u0165 v t\u00fdchto odpor\u00fa\u010dan\u00fdch kas\u00ednach, v ktor\u00fdch v\u00e1m nehroz\u00ed absol\u00fatne \u017eiadne riziko, u\u017eijete si tu tie najlep\u0161ie bonusy a skvel\u00e9 kas\u00ednov\u00e9 hry.","focusKeywords":"","pillarContent":false,"canonicalUrl":"","breadcrumbTitle":"","advancedRobots":[],"facebookTitle":"","facebookDescription":"","facebookImage":"","facebookImageID":"","facebookHasOverlay":false,"facebookImageOverlay":"","facebookAuthor":"","twitterCardType":"","twitterUseFacebook":true,"twitterTitle":"","twitterDescription":"","twitterImage":"","twitterImageID":"","twitterHasOverlay":false,"twitterImageOverlay":"","twitterPlayerUrl":"","twitterPlayerSize":"","twitterPlayerStream":"","twitterPlayerStreamCtype":"","twitterAppDescription":"","twitterAppIphoneName":"","twitterAppIphoneID":"","twitterAppIphoneUrl":"","twitterAppIpadName":"","twitterAppIpadID":"","twitterAppIpadUrl":"","twitterAppGoogleplayName":"","twitterAppGoogleplayID":"","twitterAppGoogleplayUrl":"","twitterAppCountry":"","robots":{"index":true},"twitterAuthor":"username","primaryTerm":0,"authorName":"OBSAdmin","titleTemplate":"%title% %sep% %sitename%","descriptionTemplate":"%excerpt%","showScoreFrontend":true,"lockModifiedDate":false},"powerWords":[],"diacritics":{"A":"[\\u0041\\u24B6\\uFF21\\u00C0\\u00C1\\u00C2\\u1EA6\\u1EA4\\u1EAA\\u1EA8\\u00C3\\u0100\\u0102\\u1EB0\\u1EAE\\u1EB4\\u1EB2\\u0226\\u01E0\\u00C4\\u01DE\\u1EA2\\u00C5\\u01FA\\u01CD\\u0200\\u0202\\u1EA0\\u1EAC\\u1EB6\\u1E00\\u0104\\u023A\\u2C6F]","AA":"[\\uA732]","AE":"[\\u00C6\\u01FC\\u01E2]","AO":"[\\uA734]","AU":"[\\uA736]","AV":"[\\uA738\\uA73A]","AY":"[\\uA73C]","B":"[\\u0042\\u24B7\\uFF22\\u1E02\\u1E04\\u1E06\\u0243\\u0182\\u0181]","C":"[\\u0043\\u24B8\\uFF23\\u0106\\u0108\\u010A\\u010C\\u00C7\\u1E08\\u0187\\u023B\\uA73E]","D":"[\\u0044\\u24B9\\uFF24\\u1E0A\\u010E\\u1E0C\\u1E10\\u1E12\\u1E0E\\u0110\\u018B\\u018A\\u0189\\uA779]","DZ":"[\\u01F1\\u01C4]","Dz":"[\\u01F2\\u01C5]","E":"[\\u0045\\u24BA\\uFF25\\u00C8\\u00C9\\u00CA\\u1EC0\\u1EBE\\u1EC4\\u1EC2\\u1EBC\\u0112\\u1E14\\u1E16\\u0114\\u0116\\u00CB\\u1EBA\\u011A\\u0204\\u0206\\u1EB8\\u1EC6\\u0228\\u1E1C\\u0118\\u1E18\\u1E1A\\u0190\\u018E]","F":"[\\u0046\\u24BB\\uFF26\\u1E1E\\u0191\\uA77B]","G":"[\\u0047\\u24BC\\uFF27\\u01F4\\u011C\\u1E20\\u011E\\u0120\\u01E6\\u0122\\u01E4\\u0193\\uA7A0\\uA77D\\uA77E]","H":"[\\u0048\\u24BD\\uFF28\\u0124\\u1E22\\u1E26\\u021E\\u1E24\\u1E28\\u1E2A\\u0126\\u2C67\\u2C75\\uA78D]","I":"[\\u0049\\u24BE\\uFF29\\u00CC\\u00CD\\u00CE\\u0128\\u012A\\u012C\\u0130\\u00CF\\u1E2E\\u1EC8\\u01CF\\u0208\\u020A\\u1ECA\\u012E\\u1E2C\\u0197]","J":"[\\u004A\\u24BF\\uFF2A\\u0134\\u0248]","K":"[\\u004B\\u24C0\\uFF2B\\u1E30\\u01E8\\u1E32\\u0136\\u1E34\\u0198\\u2C69\\uA740\\uA742\\uA744\\uA7A2]","L":"[\\u004C\\u24C1\\uFF2C\\u013F\\u0139\\u013D\\u1E36\\u1E38\\u013B\\u1E3C\\u1E3A\\u0141\\u023D\\u2C62\\u2C60\\uA748\\uA746\\uA780]","LJ":"[\\u01C7]","Lj":"[\\u01C8]","M":"[\\u004D\\u24C2\\uFF2D\\u1E3E\\u1E40\\u1E42\\u2C6E\\u019C]","N":"[\\u004E\\u24C3\\uFF2E\\u01F8\\u0143\\u00D1\\u1E44\\u0147\\u1E46\\u0145\\u1E4A\\u1E48\\u0220\\u019D\\uA790\\uA7A4]","NJ":"[\\u01CA]","Nj":"[\\u01CB]","O":"[\\u004F\\u24C4\\uFF2F\\u00D2\\u00D3\\u00D4\\u1ED2\\u1ED0\\u1ED6\\u1ED4\\u00D5\\u1E4C\\u022C\\u1E4E\\u014C\\u1E50\\u1E52\\u014E\\u022E\\u0230\\u00D6\\u022A\\u1ECE\\u0150\\u01D1\\u020C\\u020E\\u01A0\\u1EDC\\u1EDA\\u1EE0\\u1EDE\\u1EE2\\u1ECC\\u1ED8\\u01EA\\u01EC\\u00D8\\u01FE\\u0186\\u019F\\uA74A\\uA74C]","OI":"[\\u01A2]","OO":"[\\uA74E]","OU":"[\\u0222]","P":"[\\u0050\\u24C5\\uFF30\\u1E54\\u1E56\\u01A4\\u2C63\\uA750\\uA752\\uA754]","Q":"[\\u0051\\u24C6\\uFF31\\uA756\\uA758\\u024A]","R":"[\\u0052\\u24C7\\uFF32\\u0154\\u1E58\\u0158\\u0210\\u0212\\u1E5A\\u1E5C\\u0156\\u1E5E\\u024C\\u2C64\\uA75A\\uA7A6\\uA782]","S":"[\\u0053\\u24C8\\uFF33\\u1E9E\\u015A\\u1E64\\u015C\\u1E60\\u0160\\u1E66\\u1E62\\u1E68\\u0218\\u015E\\u2C7E\\uA7A8\\uA784]","T":"[\\u0054\\u24C9\\uFF34\\u1E6A\\u0164\\u1E6C\\u021A\\u0162\\u1E70\\u1E6E\\u0166\\u01AC\\u01AE\\u023E\\uA786]","TZ":"[\\uA728]","U":"[\\u0055\\u24CA\\uFF35\\u00D9\\u00DA\\u00DB\\u0168\\u1E78\\u016A\\u1E7A\\u016C\\u00DC\\u01DB\\u01D7\\u01D5\\u01D9\\u1EE6\\u016E\\u0170\\u01D3\\u0214\\u0216\\u01AF\\u1EEA\\u1EE8\\u1EEE\\u1EEC\\u1EF0\\u1EE4\\u1E72\\u0172\\u1E76\\u1E74\\u0244]","V":"[\\u0056\\u24CB\\uFF36\\u1E7C\\u1E7E\\u01B2\\uA75E\\u0245]","VY":"[\\uA760]","W":"[\\u0057\\u24CC\\uFF37\\u1E80\\u1E82\\u0174\\u1E86\\u1E84\\u1E88\\u2C72]","X":"[\\u0058\\u24CD\\uFF38\\u1E8A\\u1E8C]","Y":"[\\u0059\\u24CE\\uFF39\\u1EF2\\u00DD\\u0176\\u1EF8\\u0232\\u1E8E\\u0178\\u1EF6\\u1EF4\\u01B3\\u024E\\u1EFE]","Z":"[\\u005A\\u24CF\\uFF3A\\u0179\\u1E90\\u017B\\u017D\\u1E92\\u1E94\\u01B5\\u0224\\u2C7F\\u2C6B\\uA762]","a":"[\\u0061\\u24D0\\uFF41\\u1E9A\\u00E0\\u00E1\\u00E2\\u1EA7\\u1EA5\\u1EAB\\u1EA9\\u00E3\\u0101\\u0103\\u1EB1\\u1EAF\\u1EB5\\u1EB3\\u0227\\u01E1\\u00E4\\u01DF\\u1EA3\\u00E5\\u01FB\\u01CE\\u0201\\u0203\\u1EA1\\u1EAD\\u1EB7\\u1E01\\u0105\\u2C65\\u0250]","aa":"[\\uA733]","ae":"[\\u00E6\\u01FD\\u01E3]","ao":"[\\uA735]","au":"[\\uA737]","av":"[\\uA739\\uA73B]","ay":"[\\uA73D]","b":"[\\u0062\\u24D1\\uFF42\\u1E03\\u1E05\\u1E07\\u0180\\u0183\\u0253]","c":"[\\u0063\\u24D2\\uFF43\\u0107\\u0109\\u010B\\u010D\\u00E7\\u1E09\\u0188\\u023C\\uA73F\\u2184]","d":"[\\u0064\\u24D3\\uFF44\\u1E0B\\u010F\\u1E0D\\u1E11\\u1E13\\u1E0F\\u0111\\u018C\\u0256\\u0257\\uA77A]","dz":"[\\u01F3\\u01C6]","e":"[\\u0065\\u24D4\\uFF45\\u00E8\\u00E9\\u00EA\\u1EC1\\u1EBF\\u1EC5\\u1EC3\\u1EBD\\u0113\\u1E15\\u1E17\\u0115\\u0117\\u00EB\\u1EBB\\u011B\\u0205\\u0207\\u1EB9\\u1EC7\\u0229\\u1E1D\\u0119\\u1E19\\u1E1B\\u0247\\u025B\\u01DD]","f":"[\\u0066\\u24D5\\uFF46\\u1E1F\\u0192\\uA77C]","g":"[\\u0067\\u24D6\\uFF47\\u01F5\\u011D\\u1E21\\u011F\\u0121\\u01E7\\u0123\\u01E5\\u0260\\uA7A1\\u1D79\\uA77F]","h":"[\\u0068\\u24D7\\uFF48\\u0125\\u1E23\\u1E27\\u021F\\u1E25\\u1E29\\u1E2B\\u1E96\\u0127\\u2C68\\u2C76\\u0265]","hv":"[\\u0195]","i":"[\\u0069\\u24D8\\uFF49\\u00EC\\u00ED\\u00EE\\u0129\\u012B\\u012D\\u00EF\\u1E2F\\u1EC9\\u01D0\\u0209\\u020B\\u1ECB\\u012F\\u1E2D\\u0268\\u0131]","j":"[\\u006A\\u24D9\\uFF4A\\u0135\\u01F0\\u0249]","k":"[\\u006B\\u24DA\\uFF4B\\u1E31\\u01E9\\u1E33\\u0137\\u1E35\\u0199\\u2C6A\\uA741\\uA743\\uA745\\uA7A3]","l":"[\\u006C\\u24DB\\uFF4C\\u0140\\u013A\\u013E\\u1E37\\u1E39\\u013C\\u1E3D\\u1E3B\\u017F\\u0142\\u019A\\u026B\\u2C61\\uA749\\uA781\\uA747]","lj":"[\\u01C9]","m":"[\\u006D\\u24DC\\uFF4D\\u1E3F\\u1E41\\u1E43\\u0271\\u026F]","n":"[\\u006E\\u24DD\\uFF4E\\u01F9\\u0144\\u00F1\\u1E45\\u0148\\u1E47\\u0146\\u1E4B\\u1E49\\u019E\\u0272\\u0149\\uA791\\uA7A5]","nj":"[\\u01CC]","o":"[\\u006F\\u24DE\\uFF4F\\u00F2\\u00F3\\u00F4\\u1ED3\\u1ED1\\u1ED7\\u1ED5\\u00F5\\u1E4D\\u022D\\u1E4F\\u014D\\u1E51\\u1E53\\u014F\\u022F\\u0231\\u00F6\\u022B\\u1ECF\\u0151\\u01D2\\u020D\\u020F\\u01A1\\u1EDD\\u1EDB\\u1EE1\\u1EDF\\u1EE3\\u1ECD\\u1ED9\\u01EB\\u01ED\\u00F8\\u01FF\\u0254\\uA74B\\uA74D\\u0275]","oi":"[\\u01A3]","ou":"[\\u0223]","oo":"[\\uA74F]","p":"[\\u0070\\u24DF\\uFF50\\u1E55\\u1E57\\u01A5\\u1D7D\\uA751\\uA753\\uA755]","q":"[\\u0071\\u24E0\\uFF51\\u024B\\uA757\\uA759]","r":"[\\u0072\\u24E1\\uFF52\\u0155\\u1E59\\u0159\\u0211\\u0213\\u1E5B\\u1E5D\\u0157\\u1E5F\\u024D\\u027D\\uA75B\\uA7A7\\uA783]","s":"[\\u0073\\u24E2\\uFF53\\u015B\\u1E65\\u015D\\u1E61\\u0161\\u1E67\\u1E63\\u1E69\\u0219\\u015F\\u023F\\uA7A9\\uA785\\u1E9B]","ss":"[\\u00DF]","t":"[\\u0074\\u24E3\\uFF54\\u1E6B\\u1E97\\u0165\\u1E6D\\u021B\\u0163\\u1E71\\u1E6F\\u0167\\u01AD\\u0288\\u2C66\\uA787]","tz":"[\\uA729]","u":"[\\u0075\\u24E4\\uFF55\\u00F9\\u00FA\\u00FB\\u0169\\u1E79\\u016B\\u1E7B\\u016D\\u00FC\\u01DC\\u01D8\\u01D6\\u01DA\\u1EE7\\u016F\\u0171\\u01D4\\u0215\\u0217\\u01B0\\u1EEB\\u1EE9\\u1EEF\\u1EED\\u1EF1\\u1EE5\\u1E73\\u0173\\u1E77\\u1E75\\u0289]","v":"[\\u0076\\u24E5\\uFF56\\u1E7D\\u1E7F\\u028B\\uA75F\\u028C]","vy":"[\\uA761]","w":"[\\u0077\\u24E6\\uFF57\\u1E81\\u1E83\\u0175\\u1E87\\u1E85\\u1E98\\u1E89\\u2C73]","x":"[\\u0078\\u24E7\\uFF58\\u1E8B\\u1E8D]","y":"[\\u0079\\u24E8\\uFF59\\u1EF3\\u00FD\\u0177\\u1EF9\\u0233\\u1E8F\\u00FF\\u1EF7\\u1E99\\u1EF5\\u01B4\\u024F\\u1EFF]","z":"[\\u007A\\u24E9\\uFF5A\\u017A\\u1E91\\u017C\\u017E\\u1E93\\u1E95\\u01B6\\u0225\\u0240\\u2C6C\\uA763]"},"researchesTests":["contentHasTOC","contentHasShortParagraphs","contentHasAssets","keywordInTitle","keywordInMetaDescription","keywordInPermalink","keywordIn10Percent","keywordInContent","keywordInSubheadings","keywordInImageAlt","keywordDensity","keywordNotUsed","lengthContent","lengthPermalink","linksHasInternal","linksHasExternals","linksNotAllExternals","titleStartWithKeyword","titleSentiment","titleHasPowerWords","titleHasNumber","hasContentAI"],"hasRedirection":true,"hasBreadcrumb":false},"homeUrl":"https:\/\/onlinebettingspace.com\/sk\/","objectID":2215,"objectType":"post","locale":"sk","localeFull":"sk_SK","overlayImages":{"play":{"name":"Play icon","url":"https:\/\/onlinebettingspace.com\/wp-content\/plugins\/seo-by-rank-math\/assets\/admin\/img\/icon-play.png","path":"\/home\/SuperAdmin\/web\/onlinebettingspace.com\/public_html\/wp-content\/plugins\/seo-by-rank-math\/assets\/admin\/img\/icon-play.png","position":"middle_center"},"gif":{"name":"GIF icon","url":"https:\/\/onlinebettingspace.com\/wp-content\/plugins\/seo-by-rank-math\/assets\/admin\/img\/icon-gif.png","path":"\/home\/SuperAdmin\/web\/onlinebettingspace.com\/public_html\/wp-content\/plugins\/seo-by-rank-math\/assets\/admin\/img\/icon-gif.png","position":"middle_center"}},"defautOgImage":"https:\/\/onlinebettingspace.com\/wp-content\/uploads\/2022\/04\/OBS-FULL-LOGO.webp","customPermalinks":true,"isUserRegistered":true,"autoSuggestKeywords":true,"connectSiteUrl":"https:\/\/rankmath.com\/auth?site=https%3A%2F%2Fonlinebettingspace.com%2Fsk%2F&r=https%3A%2F%2Fonlinebettingspace.com%2Fsk%2Fwp-json%2Fwp%2Fv2%2Fpages%2F2215%3Fnonce%3D378e8040c1","maxTags":5,"trendsIcon":"<svg viewBox=\"0 0 610 610\"><path d=\"M18.85,446,174.32,290.48l58.08,58.08L76.93,504a14.54,14.54,0,0,1-20.55,0L18.83,466.48a14.54,14.54,0,0,1,0-20.55Z\" style=\"fill:#4285f4\"\/><path d=\"M242.65,242.66,377.59,377.6l-47.75,47.75a14.54,14.54,0,0,1-20.55,0L174.37,290.43l47.75-47.75A14.52,14.52,0,0,1,242.65,242.66Z\" style=\"fill:#ea4335\"\/><polygon points=\"319.53 319.53 479.26 159.8 537.34 217.88 377.61 377.62 319.53 319.53\" style=\"fill:#fabb05\"\/><path d=\"M594.26,262.73V118.61h0a16.94,16.94,0,0,0-16.94-16.94H433.2a16.94,16.94,0,0,0-12,28.92L565.34,274.71h0a16.94,16.94,0,0,0,28.92-12Z\" style=\"fill:#34a853\"\/><rect width=\"610\" height=\"610\" style=\"fill:none\"\/><\/svg>","showScore":true,"siteFavIcon":"https:\/\/onlinebettingspace.com\/wp-content\/uploads\/2022\/04\/OBS-LOGO-1.webp","canUser":{"general":false,"advanced":false,"snippet":false,"social":false,"analysis":false,"analytics":false,"content_ai":false},"showKeywordIntent":true,"isPro":false,"is_front_page":false,"trendsUpgradeLink":"https:\/\/rankmath.com\/pricing\/?utm_source=Plugin&utm_medium=CE%20General%20Tab%20Trends&utm_campaign=WP","trendsUpgradeLabel":"Upgrade","trendsPreviewImage":"https:\/\/onlinebettingspace.com\/wp-content\/plugins\/seo-by-rank-math\/assets\/admin\/img\/trends-preview.jpg","currentEditor":false,"homepageData":{"assessor":{"powerWords":[],"diacritics":true,"researchesTests":["contentHasTOC","contentHasShortParagraphs","contentHasAssets","keywordInTitle","keywordInMetaDescription","keywordInPermalink","keywordIn10Percent","keywordInContent","keywordInSubheadings","keywordInImageAlt","keywordDensity","keywordNotUsed","lengthContent","lengthPermalink","linksHasInternal","linksHasExternals","linksNotAllExternals","titleStartWithKeyword","titleSentiment","titleHasPowerWords","titleHasNumber","hasContentAI"],"hasBreadcrumb":false,"serpData":{"title":"%sitename% %page% %sep% %sitedesc%","description":"","titleTemplate":"%sitename% %page% %sep% %sitedesc%","descriptionTemplate":"","focusKeywords":"","breadcrumbTitle":"Home","robots":{"index":true},"advancedRobots":[],"facebookTitle":"","facebookDescription":"","facebookImage":"","facebookImageID":""}}},"tocTitle":"Table of Contents","tocExcludeHeadings":[],"listStyle":"ul"},"_links":{"self":[{"href":"https:\/\/onlinebettingspace.com\/sk\/wp-json\/wp\/v2\/pages\/2215","targetHints":{"allow":["GET"]}}],"collection":[{"href":"https:\/\/onlinebettingspace.com\/sk\/wp-json\/wp\/v2\/pages"}],"about":[{"href":"https:\/\/onlinebettingspace.com\/sk\/wp-json\/wp\/v2\/types\/page"}],"author":[{"embeddable":true,"href":"https:\/\/onlinebettingspace.com\/sk\/wp-json\/wp\/v2\/users\/1"}],"replies":[{"embeddable":true,"href":"https:\/\/onlinebettingspace.com\/sk\/wp-json\/wp\/v2\/comments?post=2215"}],"version-history":[{"count":0,"href":"https:\/\/onlinebettingspace.com\/sk\/wp-json\/wp\/v2\/pages\/2215\/revisions"}],"wp:attachment":[{"href":"https:\/\/onlinebettingspace.com\/sk\/wp-json\/wp\/v2\/media?parent=2215"}],"curies":[{"name":"wp","href":"https:\/\/api.w.org\/{rel}","templated":true}]}}