{"id":426,"date":"2022-05-09T22:45:43","date_gmt":"2022-05-09T19:45:43","guid":{"rendered":"https:\/\/onlinebettingspace.com\/?page_id=426"},"modified":"2022-05-09T22:45:43","modified_gmt":"2022-05-09T19:45:43","slug":"fortuna-recenzie","status":"publish","type":"page","link":"https:\/\/onlinebettingspace.com\/ro\/casa-de-pariuri-online\/fortuna-recenzie\/","title":{"rendered":"Fortuna Recenzie"},"content":{"rendered":"<section class=\"l-section wpb_row height_medium\"><div class=\"l-section-h i-cf\"><div class=\"g-cols vc_row via_flex valign_top type_default stacking_default\"><div class=\"vc_col-sm-12 wpb_column vc_column_container\"><div class=\"vc_column-inner\"><div class=\"wpb_wrapper\"><div class=\"wpb_text_column\"><div class=\"wpb_wrapper\"><div class=\"tdm_block td_block_wrap tdm_block_text_image tdi_7_88f tdm-layout-12-12 tdm-content-horiz-center tdm-content-vert-center td-pb-border-top td_block_template_1\" data-td-block-uid=\"tdi_7_88f\">\n<div class=\"td-block-width tdm-fix-full\">\n<div class=\"td-block-row tdm-row\">\n<div class=\"td-block-span6 tdm-col\">\n<div class=\"tdm-text-wrap tdm-text-padding\">\n<div class=\"tds-title tds-title1 td-fix-index tdi_8_888\">\n<h1 class=\"tdm-title tdm-title-md\">Fortuna &#8211; cas\u0103 de pariuri online<\/h1>\n<\/div>\n<p class=\"tdm-descr td-fix-index\">Simte experien\u021ba parierii online, profit\u00e2nd \u0219i de avantajele unei agen\u021bii fizice. Cu Fortuna po\u021bi paria u\u0219or de pe orice dispozitiv, sus\u021bin\u00e2nd Na\u021bionala de Fotbal! Afl\u0103 mai multe!<\/p>\n<div class=\"tds-button td-fix-index\"><span class=\"tdm-btn-text\">100% p\u00e2n\u0103 la 500RON Bonus<\/span><\/div>\n<\/div>\n<\/div>\n<\/div>\n<\/div>\n<\/div>\n<div class=\"wpb_wrapper wpb_text_column td_block_wrap td_block_wrap vc_column_text tdi_10_25d tagdiv-type td-pb-border-top td_block_template_1\" data-td-block-uid=\"tdi_10_25d\">\n<div class=\"td-block-title-wrap\"><\/div>\n<div class=\"td-fix-index\">\n<p>Fortuna pariuri este una din cele mai cunoscute case de pariere din Rom\u00e2nia, \u0219i exist\u0103 dou\u0103 explica\u021bii pentru asta. Prima e dat\u0103 de re\u021beaua ampl\u0103 de agen\u021bii fizice, iar a doua este calitatea sa de sponsor principal al echipei na\u021bionale de fotbal a Rom\u00e2niei.<\/p>\n<p>Dar oare merit\u0103 s\u0103 joci online? Am \u00eencercat s\u0103 r\u0103spundem la aceast\u0103 \u00eentrebare printr-o recenzie Fortuna foarte detaliat\u0103, \u00een care vom analiza toate aspectele sale.<\/p>\n<h2>Cum a \u00eenceput totul<\/h2>\n<p>Fortuna Rom\u00e2nia a luat na\u0219tere \u00een anul 2010 ca o re\u021bea de agen\u021bii de pariere r\u0103sp\u00e2ndit\u0103 \u00een toat\u0103 \u021bara, iar \u00een anul 2015, odat\u0103 cu adoptarea noilor legi \u00een domeniul jocurilor de noroc, a decis s\u0103 aduc\u0103 experien\u021ba acumulat\u0103 \u00een lumea pariurilor, \u00een domeniul online. Fire\u0219te, aici vorbim de o cas\u0103 de pariuri licen\u021biat\u0103 (nr. L1160665W000326), care \u00ee\u0219i respect\u0103 juc\u0103torii.<\/p>\n<h2>Cum s\u0103 pariezi<\/h2>\n<p>Fie c\u0103 vrei s\u0103 plasezi pariuri online sau s\u0103 joci la casinoul Fortuna, nu ai nevoie dec\u00e2t de un singur cont. Pentru asta, apas\u0103 pe butonul \u201e\u00cenregistrare\u201d de pe prima pagin\u0103. Vei avea de completat un formular cu datele tale, inclusiv adresa \u0219i CNP-ul \u2013 asigur\u0103-te c\u0103 le-ai introdus corect. Casele de pariuri \u00ee\u021bi cer toate aceste detalii ca urmare a noii legi a pariurilor, pentru a \u00eempiedica sp\u0103larea de bani \u0219i accesul minorilor.<\/p>\n<p>Odat\u0103 ce \u021bi-ai f\u0103cut cont, vei putea observa interfa\u021ba, sau\u00a0<em>panoul de control<\/em>, cu care \u00ee\u021bi va fi foarte u\u0219or s\u0103 te acomodezi. Este \u00eenchis\u0103 la culoare (lucru foarte comod pentru ochi dac\u0103 stai noaptea s\u0103 pariezi) \u0219i marcat\u0103 de culoarea galben, care este, \u00eent\u00e2mpl\u0103tor sau nu, \u0219i culoarea na\u021bionalei de fotbal. \u00cen centru ai meciurile live aflate \u00een desf\u0103\u0219urare, iar dac\u0103 vrei ceva mai specific, vei g\u0103si \u00een st\u00e2nga toate sporturile care te intereseaz\u0103.<\/p>\n<h2>Marele avantaj Fortuna<\/h2>\n<p>Unul din\u00a0<em>punctele forte ale Fortuna<\/em>\u00a0este reprezentat de re\u021beaua ampl\u0103 de agen\u021bii fizice (peste 600). De fapt, dac\u0103 stai la bloc, sunt \u0219anse foarte mari ca la parter s\u0103 ai una. Avantajul aici pentru pariorii online este c\u0103 ele au implementat conceptul \u201eFortuna Cashpoint\u201d, un serviciu prin care po\u021bi s\u0103 depui \u0219i s\u0103 retragi bani rapid, f\u0103r\u0103 s\u0103 pl\u0103te\u0219ti comisioane sau s\u0103 a\u0219tep\u021bi o zi lucr\u0103toare.<\/p>\n<p>Din p\u0103cate, verificarea \u2013 condi\u021bie esen\u021bial\u0103 pentru a putea depune mai multe de 200 de euro \u0219i a putea retrage orice sum\u0103 \u2013 poate fi f\u0103cut\u0103 doar online. Pentru asta, ai nevoie s\u0103 \u00eencarci imaginea c\u0103r\u021bii de identitate, o factur\u0103 de utilit\u0103\u021bi pe numele t\u0103u \u0219i o copie a cardului (dac\u0103 aceasta este modalitatea de depunere pe care o preferi).<\/p>\n<p>Apropo de asta, pe l\u00e2ng\u0103 card \u0219i Cashpoint-urile din agen\u021bii, po\u021bi face depuneri \u0219i retrageri \u0219i prin PaySafe Card, Neteller \u0219i Skrill.<\/p>\n<h2>Pe ce pariem<\/h2>\n<p>Oferta sportiv\u0103 a Fortuna este variat\u0103, incluz\u00e2nd \u0219i meciuri din Liga a 3-a a Rom\u00e2niei, \u00eens\u0103 modurile de pariere sunt cel care fac diferen\u021ba.<\/p>\n<p>Ai posibilitatea s\u0103 pariezi pe cornere, cartona\u0219e, juc\u0103tori \u0219i multe altele. Alte pariuri populare pe care le ofer\u0103 Fortuna sunt cele cu handicap european sau asiatic, totaluri asiatice, scor corect, rezultat final f\u0103r\u0103 egal, \u0219i multe altele. Cotele sunt dintre cele mai bune, marja de profit a agen\u021biei orbit\u00e2nd \u00een jurul cifrei de 5%.<\/p>\n<h2>Fortuna live \u2013 pariuri \u00een timp real, \u0219i nu numai<\/h2>\n<p>Fortuna live este una din cele mai performante platforme de pariere \u00een timp real. Fiind foarte bine optimizat\u0103, pariurile sunt plasate rapid, cotele sunt blocate rarisim, iar c\u00e2\u0219tigurile sunt pl\u0103tite instant. \u00cen plus, oferta de meciuri Fortuna live dintr-o gam\u0103 variat\u0103 de sporturi \u00eei va mul\u021bumi pe cei mai mul\u021bi dintre pariori.<\/p>\n<p>Din data de 24 iulie 2018, Fortuna pune la dispozi\u021bia clien\u021bilor \u0219i un serviciu de live streaming numit \u201eFortuna TV\u201d, prin care s\u0103 po\u021bi urm\u0103ri meciurile mult a\u0219teptate online, gratuit, de pe orice dispozitiv.<\/p>\n<h2>Prinde bonusul la prima depunere<\/h2>\n<p>Bonusul de bun-venit al Fortuna este unul consistent: 100%, \u00een limita a 500 RON. Trebuie s\u0103 \u0219tii c\u0103 pentru retragere, Fortuna bonus trebuie rulat de 6x \u00eentr-un termen de 3 zile, cu o cot\u0103 minim\u0103 de 1.8 , dar dac\u0103 e\u0219ti genul de juc\u0103tor \u201eprolific\u201d, acest bonus merit\u0103 toat\u0103 aten\u021bia ta.<\/p>\n<h2>Fortuna Casino<\/h2>\n<p>Fortuna nu se rezum\u0103 la pariuri, ci ofer\u0103 \u0219i un casino virtual \u0219i, cum se \u00eent\u00e2mpl\u0103\u00a0<em>\u0219i la alte case mari<\/em>, un casino live.<\/p>\n<p>Inedit la casinoul online este c\u0103 e bazat pe tehnologia Playtech, care nu e a\u0219a r\u0103sp\u00e2ndit\u0103 \u00een Rom\u00e2nia, astfel c\u0103 g\u0103se\u0219ti acolo jocuri pe care nu le vezi \u0219i pe alte site-uri, cum este Casino Hold\u2019em.<\/p>\n<p>\u00cen plus, bonusurile pentru casino sunt de 4 ori mai mari dec\u00e2t pentru pariuri sportive: p\u00e2n\u0103 la 2000 RON + 30 Free Spins. Pentru asta, trebuie s\u0103 te \u00eenregistrezi, s\u0103 introduci codul FORTUNA1 \u0219i s\u0103 faci 3 depuneri, la care vei primi bonusuri de 100%, 150% \u0219i 200%, \u00een limita a 800, 600 \u0219i 600 RON, respectiv.<\/p>\n<h2>Cum s\u0103 descarci aplica\u021bia Fortuna<\/h2>\n<p>La doi ani dup\u0103 ce a luat na\u0219tere platforma eFortuna \u00een 2015, a fost lansat\u0103 \u0219i aplica\u021bia pentru Android. Nu o po\u021bi desc\u0103rca direct din Google Play, cum te-ai putea a\u0219tepta, ci trebuie s\u0103 intri pe platform\u0103, s\u0103 ape\u0219i pe \u201eDescarc\u0103 pentru Android\u201d \u0219i s\u0103 urmezi pa\u0219ii de acolo. Dac\u0103 nu vrei s\u0103 \u00ee\u021bi ba\u021bi capul cu asta, site-ul este\u00a0<em>mobile responsive<\/em>\u00a0\u0219i ruleaz\u0103 fluent pe orice telefon sau tablet\u0103.<\/p>\n<p>Cea pentru iOS a durat ceva mai mult p\u00e2n\u0103 s\u0103 apar\u0103, poate \u0219i din cauza exigen\u021belor exagerate ale Apple, dar acum o g\u0103se\u0219ti pe AppStore, \u0219i este cotat\u0103 cu 4,7 din 5 stele.<\/p>\n<p>Am\u00e2ndou\u0103 se mi\u0219c\u0103 superb, \u00ee\u021bi ofer\u0103 toate func\u021bionalit\u0103\u021bile site-ului \u0219i sunt g\u00e2ndite av\u00e2nd \u00een minte platforma de pe desktop, astfel c\u0103 nu vei avea nicio problem\u0103 s\u0103 te adaptezi.<\/p>\n<h2>Suport clien\u021bi<\/h2>\n<p>Dac\u0103 \u00eent\u00e2mpini vreo dificultate de orice natur\u0103, g\u0103se\u0219ti datele de contact chiar pe prima pagin\u0103, \u00een partea de jos. Ai o linie telefonic\u0103 deschis\u0103 zilnic \u00eentre orele 10 \u0219i 22, precum \u0219i un Live chat \u0219i un formular de contact pe care \u00eel po\u021bi completa.<\/p>\n<p>Dac\u0103 nu po\u021bi s\u0103 a\u0219tep\u021bi, exist\u0103 \u0219i o list\u0103 de \u00eentreb\u0103ri frecvente pe care o po\u021bi consulta oric\u00e2nd.<\/p>\n<\/div>\n<\/div>\n<\/div><\/div><\/div><\/div><\/div><\/div><\/div><\/section>\n","protected":false},"excerpt":{"rendered":"Fortuna &#8211; cas\u0103 de pariuri online Simte experien\u021ba parierii online, profit\u00e2nd \u0219i de avantajele unei agen\u021bii fizice. Cu Fortuna po\u021bi paria u\u0219or de pe orice dispozitiv, sus\u021bin\u00e2nd Na\u021bionala de Fotbal! Afl\u0103 mai multe! 100% p\u00e2n\u0103 la 500RON Bonus Fortuna pariuri este una din cele mai cunoscute case de pariere din Rom\u00e2nia, \u0219i exist\u0103 dou\u0103 explica\u021bii...","protected":false},"author":1,"featured_media":0,"parent":360,"menu_order":0,"comment_status":"closed","ping_status":"closed","template":"","meta":{"_acf_changed":false,"footnotes":""},"class_list":["post-426","page","type-page","status-publish","hentry"],"acf":[],"rankMath":{"parentDomain":"onlinebettingspace.com","noFollowDomains":[],"noFollowExcludeDomains":[],"noFollowExternalLinks":false,"featuredImageNotice":"Imaginea reprezentativ\u0103 ar trebui s\u0103 fie de cel pu\u021bin 200 x 200 pixeli pentru a fi preluat\u0103 de Facebook \u0219i de alte re\u021bele de socializare.","pluginReviewed":true,"postSettings":{"linkSuggestions":true,"useFocusKeyword":false},"frontEndScore":false,"postName":"fortuna-recenzie","permalinkFormat":"https:\/\/onlinebettingspace.com\/ro\/%pagename%\/","showLockModifiedDate":true,"assessor":{"focusKeywordLink":"https:\/\/onlinebettingspace.com\/wp-admin\/edit.php?focus_keyword=%focus_keyword%&post_type=%post_type%","hasTOCPlugin":false,"primaryTaxonomy":false,"serpData":{"title":"\u261b Fortuna - cas\u0103 de pariuri online - Online Betting Space","description":"Simte experien\u021ba parierii online, profit\u00e2nd \u0219i de avantajele unei agen\u021bii fizice. Cu Fortuna po\u021bi paria u\u0219or de pe orice dispozitiv, sus\u021bin\u00e2nd Na\u021bionala de Fotbal! Afl\u0103 mai multe!","focusKeywords":"","pillarContent":false,"canonicalUrl":"","breadcrumbTitle":"","advancedRobots":[],"facebookTitle":"","facebookDescription":"","facebookImage":"","facebookImageID":"","facebookHasOverlay":false,"facebookImageOverlay":"","facebookAuthor":"","twitterCardType":"","twitterUseFacebook":true,"twitterTitle":"","twitterDescription":"","twitterImage":"","twitterImageID":"","twitterHasOverlay":false,"twitterImageOverlay":"","twitterPlayerUrl":"","twitterPlayerSize":"","twitterPlayerStream":"","twitterPlayerStreamCtype":"","twitterAppDescription":"","twitterAppIphoneName":"","twitterAppIphoneID":"","twitterAppIphoneUrl":"","twitterAppIpadName":"","twitterAppIpadID":"","twitterAppIpadUrl":"","twitterAppGoogleplayName":"","twitterAppGoogleplayID":"","twitterAppGoogleplayUrl":"","twitterAppCountry":"","robots":{"index":true},"twitterAuthor":"nume utilizator","primaryTerm":0,"authorName":"OBSAdmin","titleTemplate":"%title% %sep% %sitename%","descriptionTemplate":"%excerpt%","showScoreFrontend":true,"lockModifiedDate":false},"powerWords":[],"diacritics":{"A":"[\\u0041\\u24B6\\uFF21\\u00C0\\u00C1\\u00C2\\u1EA6\\u1EA4\\u1EAA\\u1EA8\\u00C3\\u0100\\u0102\\u1EB0\\u1EAE\\u1EB4\\u1EB2\\u0226\\u01E0\\u00C4\\u01DE\\u1EA2\\u00C5\\u01FA\\u01CD\\u0200\\u0202\\u1EA0\\u1EAC\\u1EB6\\u1E00\\u0104\\u023A\\u2C6F]","AA":"[\\uA732]","AE":"[\\u00C6\\u01FC\\u01E2]","AO":"[\\uA734]","AU":"[\\uA736]","AV":"[\\uA738\\uA73A]","AY":"[\\uA73C]","B":"[\\u0042\\u24B7\\uFF22\\u1E02\\u1E04\\u1E06\\u0243\\u0182\\u0181]","C":"[\\u0043\\u24B8\\uFF23\\u0106\\u0108\\u010A\\u010C\\u00C7\\u1E08\\u0187\\u023B\\uA73E]","D":"[\\u0044\\u24B9\\uFF24\\u1E0A\\u010E\\u1E0C\\u1E10\\u1E12\\u1E0E\\u0110\\u018B\\u018A\\u0189\\uA779]","DZ":"[\\u01F1\\u01C4]","Dz":"[\\u01F2\\u01C5]","E":"[\\u0045\\u24BA\\uFF25\\u00C8\\u00C9\\u00CA\\u1EC0\\u1EBE\\u1EC4\\u1EC2\\u1EBC\\u0112\\u1E14\\u1E16\\u0114\\u0116\\u00CB\\u1EBA\\u011A\\u0204\\u0206\\u1EB8\\u1EC6\\u0228\\u1E1C\\u0118\\u1E18\\u1E1A\\u0190\\u018E]","F":"[\\u0046\\u24BB\\uFF26\\u1E1E\\u0191\\uA77B]","G":"[\\u0047\\u24BC\\uFF27\\u01F4\\u011C\\u1E20\\u011E\\u0120\\u01E6\\u0122\\u01E4\\u0193\\uA7A0\\uA77D\\uA77E]","H":"[\\u0048\\u24BD\\uFF28\\u0124\\u1E22\\u1E26\\u021E\\u1E24\\u1E28\\u1E2A\\u0126\\u2C67\\u2C75\\uA78D]","I":"[\\u0049\\u24BE\\uFF29\\u00CC\\u00CD\\u00CE\\u0128\\u012A\\u012C\\u0130\\u00CF\\u1E2E\\u1EC8\\u01CF\\u0208\\u020A\\u1ECA\\u012E\\u1E2C\\u0197]","J":"[\\u004A\\u24BF\\uFF2A\\u0134\\u0248]","K":"[\\u004B\\u24C0\\uFF2B\\u1E30\\u01E8\\u1E32\\u0136\\u1E34\\u0198\\u2C69\\uA740\\uA742\\uA744\\uA7A2]","L":"[\\u004C\\u24C1\\uFF2C\\u013F\\u0139\\u013D\\u1E36\\u1E38\\u013B\\u1E3C\\u1E3A\\u0141\\u023D\\u2C62\\u2C60\\uA748\\uA746\\uA780]","LJ":"[\\u01C7]","Lj":"[\\u01C8]","M":"[\\u004D\\u24C2\\uFF2D\\u1E3E\\u1E40\\u1E42\\u2C6E\\u019C]","N":"[\\u004E\\u24C3\\uFF2E\\u01F8\\u0143\\u00D1\\u1E44\\u0147\\u1E46\\u0145\\u1E4A\\u1E48\\u0220\\u019D\\uA790\\uA7A4]","NJ":"[\\u01CA]","Nj":"[\\u01CB]","O":"[\\u004F\\u24C4\\uFF2F\\u00D2\\u00D3\\u00D4\\u1ED2\\u1ED0\\u1ED6\\u1ED4\\u00D5\\u1E4C\\u022C\\u1E4E\\u014C\\u1E50\\u1E52\\u014E\\u022E\\u0230\\u00D6\\u022A\\u1ECE\\u0150\\u01D1\\u020C\\u020E\\u01A0\\u1EDC\\u1EDA\\u1EE0\\u1EDE\\u1EE2\\u1ECC\\u1ED8\\u01EA\\u01EC\\u00D8\\u01FE\\u0186\\u019F\\uA74A\\uA74C]","OI":"[\\u01A2]","OO":"[\\uA74E]","OU":"[\\u0222]","P":"[\\u0050\\u24C5\\uFF30\\u1E54\\u1E56\\u01A4\\u2C63\\uA750\\uA752\\uA754]","Q":"[\\u0051\\u24C6\\uFF31\\uA756\\uA758\\u024A]","R":"[\\u0052\\u24C7\\uFF32\\u0154\\u1E58\\u0158\\u0210\\u0212\\u1E5A\\u1E5C\\u0156\\u1E5E\\u024C\\u2C64\\uA75A\\uA7A6\\uA782]","S":"[\\u0053\\u24C8\\uFF33\\u1E9E\\u015A\\u1E64\\u015C\\u1E60\\u0160\\u1E66\\u1E62\\u1E68\\u0218\\u015E\\u2C7E\\uA7A8\\uA784]","T":"[\\u0054\\u24C9\\uFF34\\u1E6A\\u0164\\u1E6C\\u021A\\u0162\\u1E70\\u1E6E\\u0166\\u01AC\\u01AE\\u023E\\uA786]","TZ":"[\\uA728]","U":"[\\u0055\\u24CA\\uFF35\\u00D9\\u00DA\\u00DB\\u0168\\u1E78\\u016A\\u1E7A\\u016C\\u00DC\\u01DB\\u01D7\\u01D5\\u01D9\\u1EE6\\u016E\\u0170\\u01D3\\u0214\\u0216\\u01AF\\u1EEA\\u1EE8\\u1EEE\\u1EEC\\u1EF0\\u1EE4\\u1E72\\u0172\\u1E76\\u1E74\\u0244]","V":"[\\u0056\\u24CB\\uFF36\\u1E7C\\u1E7E\\u01B2\\uA75E\\u0245]","VY":"[\\uA760]","W":"[\\u0057\\u24CC\\uFF37\\u1E80\\u1E82\\u0174\\u1E86\\u1E84\\u1E88\\u2C72]","X":"[\\u0058\\u24CD\\uFF38\\u1E8A\\u1E8C]","Y":"[\\u0059\\u24CE\\uFF39\\u1EF2\\u00DD\\u0176\\u1EF8\\u0232\\u1E8E\\u0178\\u1EF6\\u1EF4\\u01B3\\u024E\\u1EFE]","Z":"[\\u005A\\u24CF\\uFF3A\\u0179\\u1E90\\u017B\\u017D\\u1E92\\u1E94\\u01B5\\u0224\\u2C7F\\u2C6B\\uA762]","a":"[\\u0061\\u24D0\\uFF41\\u1E9A\\u00E0\\u00E1\\u00E2\\u1EA7\\u1EA5\\u1EAB\\u1EA9\\u00E3\\u0101\\u0103\\u1EB1\\u1EAF\\u1EB5\\u1EB3\\u0227\\u01E1\\u00E4\\u01DF\\u1EA3\\u00E5\\u01FB\\u01CE\\u0201\\u0203\\u1EA1\\u1EAD\\u1EB7\\u1E01\\u0105\\u2C65\\u0250]","aa":"[\\uA733]","ae":"[\\u00E6\\u01FD\\u01E3]","ao":"[\\uA735]","au":"[\\uA737]","av":"[\\uA739\\uA73B]","ay":"[\\uA73D]","b":"[\\u0062\\u24D1\\uFF42\\u1E03\\u1E05\\u1E07\\u0180\\u0183\\u0253]","c":"[\\u0063\\u24D2\\uFF43\\u0107\\u0109\\u010B\\u010D\\u00E7\\u1E09\\u0188\\u023C\\uA73F\\u2184]","d":"[\\u0064\\u24D3\\uFF44\\u1E0B\\u010F\\u1E0D\\u1E11\\u1E13\\u1E0F\\u0111\\u018C\\u0256\\u0257\\uA77A]","dz":"[\\u01F3\\u01C6]","e":"[\\u0065\\u24D4\\uFF45\\u00E8\\u00E9\\u00EA\\u1EC1\\u1EBF\\u1EC5\\u1EC3\\u1EBD\\u0113\\u1E15\\u1E17\\u0115\\u0117\\u00EB\\u1EBB\\u011B\\u0205\\u0207\\u1EB9\\u1EC7\\u0229\\u1E1D\\u0119\\u1E19\\u1E1B\\u0247\\u025B\\u01DD]","f":"[\\u0066\\u24D5\\uFF46\\u1E1F\\u0192\\uA77C]","g":"[\\u0067\\u24D6\\uFF47\\u01F5\\u011D\\u1E21\\u011F\\u0121\\u01E7\\u0123\\u01E5\\u0260\\uA7A1\\u1D79\\uA77F]","h":"[\\u0068\\u24D7\\uFF48\\u0125\\u1E23\\u1E27\\u021F\\u1E25\\u1E29\\u1E2B\\u1E96\\u0127\\u2C68\\u2C76\\u0265]","hv":"[\\u0195]","i":"[\\u0069\\u24D8\\uFF49\\u00EC\\u00ED\\u00EE\\u0129\\u012B\\u012D\\u00EF\\u1E2F\\u1EC9\\u01D0\\u0209\\u020B\\u1ECB\\u012F\\u1E2D\\u0268\\u0131]","j":"[\\u006A\\u24D9\\uFF4A\\u0135\\u01F0\\u0249]","k":"[\\u006B\\u24DA\\uFF4B\\u1E31\\u01E9\\u1E33\\u0137\\u1E35\\u0199\\u2C6A\\uA741\\uA743\\uA745\\uA7A3]","l":"[\\u006C\\u24DB\\uFF4C\\u0140\\u013A\\u013E\\u1E37\\u1E39\\u013C\\u1E3D\\u1E3B\\u017F\\u0142\\u019A\\u026B\\u2C61\\uA749\\uA781\\uA747]","lj":"[\\u01C9]","m":"[\\u006D\\u24DC\\uFF4D\\u1E3F\\u1E41\\u1E43\\u0271\\u026F]","n":"[\\u006E\\u24DD\\uFF4E\\u01F9\\u0144\\u00F1\\u1E45\\u0148\\u1E47\\u0146\\u1E4B\\u1E49\\u019E\\u0272\\u0149\\uA791\\uA7A5]","nj":"[\\u01CC]","o":"[\\u006F\\u24DE\\uFF4F\\u00F2\\u00F3\\u00F4\\u1ED3\\u1ED1\\u1ED7\\u1ED5\\u00F5\\u1E4D\\u022D\\u1E4F\\u014D\\u1E51\\u1E53\\u014F\\u022F\\u0231\\u00F6\\u022B\\u1ECF\\u0151\\u01D2\\u020D\\u020F\\u01A1\\u1EDD\\u1EDB\\u1EE1\\u1EDF\\u1EE3\\u1ECD\\u1ED9\\u01EB\\u01ED\\u00F8\\u01FF\\u0254\\uA74B\\uA74D\\u0275]","oi":"[\\u01A3]","ou":"[\\u0223]","oo":"[\\uA74F]","p":"[\\u0070\\u24DF\\uFF50\\u1E55\\u1E57\\u01A5\\u1D7D\\uA751\\uA753\\uA755]","q":"[\\u0071\\u24E0\\uFF51\\u024B\\uA757\\uA759]","r":"[\\u0072\\u24E1\\uFF52\\u0155\\u1E59\\u0159\\u0211\\u0213\\u1E5B\\u1E5D\\u0157\\u1E5F\\u024D\\u027D\\uA75B\\uA7A7\\uA783]","s":"[\\u0073\\u24E2\\uFF53\\u015B\\u1E65\\u015D\\u1E61\\u0161\\u1E67\\u1E63\\u1E69\\u0219\\u015F\\u023F\\uA7A9\\uA785\\u1E9B]","ss":"[\\u00DF]","t":"[\\u0074\\u24E3\\uFF54\\u1E6B\\u1E97\\u0165\\u1E6D\\u021B\\u0163\\u1E71\\u1E6F\\u0167\\u01AD\\u0288\\u2C66\\uA787]","tz":"[\\uA729]","u":"[\\u0075\\u24E4\\uFF55\\u00F9\\u00FA\\u00FB\\u0169\\u1E79\\u016B\\u1E7B\\u016D\\u00FC\\u01DC\\u01D8\\u01D6\\u01DA\\u1EE7\\u016F\\u0171\\u01D4\\u0215\\u0217\\u01B0\\u1EEB\\u1EE9\\u1EEF\\u1EED\\u1EF1\\u1EE5\\u1E73\\u0173\\u1E77\\u1E75\\u0289]","v":"[\\u0076\\u24E5\\uFF56\\u1E7D\\u1E7F\\u028B\\uA75F\\u028C]","vy":"[\\uA761]","w":"[\\u0077\\u24E6\\uFF57\\u1E81\\u1E83\\u0175\\u1E87\\u1E85\\u1E98\\u1E89\\u2C73]","x":"[\\u0078\\u24E7\\uFF58\\u1E8B\\u1E8D]","y":"[\\u0079\\u24E8\\uFF59\\u1EF3\\u00FD\\u0177\\u1EF9\\u0233\\u1E8F\\u00FF\\u1EF7\\u1E99\\u1EF5\\u01B4\\u024F\\u1EFF]","z":"[\\u007A\\u24E9\\uFF5A\\u017A\\u1E91\\u017C\\u017E\\u1E93\\u1E95\\u01B6\\u0225\\u0240\\u2C6C\\uA763]"},"researchesTests":["contentHasTOC","contentHasShortParagraphs","contentHasAssets","keywordInTitle","keywordInMetaDescription","keywordInPermalink","keywordIn10Percent","keywordInContent","keywordInSubheadings","keywordInImageAlt","keywordDensity","keywordNotUsed","lengthContent","lengthPermalink","linksHasInternal","linksHasExternals","linksNotAllExternals","titleStartWithKeyword","titleSentiment","titleHasPowerWords","titleHasNumber","hasContentAI"],"hasRedirection":true,"hasBreadcrumb":false},"homeUrl":"https:\/\/onlinebettingspace.com\/ro\/","objectID":426,"objectType":"post","locale":"ro","localeFull":"ro_RO","overlayImages":{"play":{"name":"Play icon","url":"https:\/\/onlinebettingspace.com\/wp-content\/plugins\/seo-by-rank-math\/assets\/admin\/img\/icon-play.png","path":"\/home\/SuperAdmin\/web\/onlinebettingspace.com\/public_html\/wp-content\/plugins\/seo-by-rank-math\/assets\/admin\/img\/icon-play.png","position":"middle_center"},"gif":{"name":"Icon GIF","url":"https:\/\/onlinebettingspace.com\/wp-content\/plugins\/seo-by-rank-math\/assets\/admin\/img\/icon-gif.png","path":"\/home\/SuperAdmin\/web\/onlinebettingspace.com\/public_html\/wp-content\/plugins\/seo-by-rank-math\/assets\/admin\/img\/icon-gif.png","position":"middle_center"}},"defautOgImage":"https:\/\/onlinebettingspace.com\/wp-content\/uploads\/2022\/04\/OBS-FULL-LOGO.webp","customPermalinks":true,"isUserRegistered":true,"autoSuggestKeywords":true,"connectSiteUrl":"https:\/\/rankmath.com\/auth?site=https%3A%2F%2Fonlinebettingspace.com%2Fro%2F&r=https%3A%2F%2Fonlinebettingspace.com%2Fro%2Fwp-json%2Fwp%2Fv2%2Fpages%2F426%3Fnonce%3D63b085038f","maxTags":5,"trendsIcon":"<svg viewBox=\"0 0 610 610\"><path d=\"M18.85,446,174.32,290.48l58.08,58.08L76.93,504a14.54,14.54,0,0,1-20.55,0L18.83,466.48a14.54,14.54,0,0,1,0-20.55Z\" style=\"fill:#4285f4\"\/><path d=\"M242.65,242.66,377.59,377.6l-47.75,47.75a14.54,14.54,0,0,1-20.55,0L174.37,290.43l47.75-47.75A14.52,14.52,0,0,1,242.65,242.66Z\" style=\"fill:#ea4335\"\/><polygon points=\"319.53 319.53 479.26 159.8 537.34 217.88 377.61 377.62 319.53 319.53\" style=\"fill:#fabb05\"\/><path d=\"M594.26,262.73V118.61h0a16.94,16.94,0,0,0-16.94-16.94H433.2a16.94,16.94,0,0,0-12,28.92L565.34,274.71h0a16.94,16.94,0,0,0,28.92-12Z\" style=\"fill:#34a853\"\/><rect width=\"610\" height=\"610\" style=\"fill:none\"\/><\/svg>","showScore":true,"siteFavIcon":"https:\/\/onlinebettingspace.com\/wp-content\/uploads\/2022\/04\/OBS-LOGO-1.webp","canUser":{"general":false,"advanced":false,"snippet":false,"social":false,"analysis":false,"analytics":false,"content_ai":false},"showKeywordIntent":true,"isPro":false,"is_front_page":false,"trendsUpgradeLink":"https:\/\/rankmath.com\/pricing\/?utm_source=Plugin&utm_medium=CE%20General%20Tab%20Trends&utm_campaign=WP","trendsUpgradeLabel":"Actualizeaz\u0103","trendsPreviewImage":"https:\/\/onlinebettingspace.com\/wp-content\/plugins\/seo-by-rank-math\/assets\/admin\/img\/trends-preview.jpg","currentEditor":false,"homepageData":{"assessor":{"powerWords":[],"diacritics":true,"researchesTests":["contentHasTOC","contentHasShortParagraphs","contentHasAssets","keywordInTitle","keywordInMetaDescription","keywordInPermalink","keywordIn10Percent","keywordInContent","keywordInSubheadings","keywordInImageAlt","keywordDensity","keywordNotUsed","lengthContent","lengthPermalink","linksHasInternal","linksHasExternals","linksNotAllExternals","titleStartWithKeyword","titleSentiment","titleHasPowerWords","titleHasNumber","hasContentAI"],"hasBreadcrumb":false,"serpData":{"title":"%sitename% %page% %sep% %sitedesc%","description":"","titleTemplate":"%sitename% %page% %sep% %sitedesc%","descriptionTemplate":"","focusKeywords":"","breadcrumbTitle":"Home","robots":{"index":true},"advancedRobots":[],"facebookTitle":"","facebookDescription":"","facebookImage":"","facebookImageID":""}}},"tocTitle":"Table of Contents","tocExcludeHeadings":[],"listStyle":"ul"},"_links":{"self":[{"href":"https:\/\/onlinebettingspace.com\/ro\/wp-json\/wp\/v2\/pages\/426","targetHints":{"allow":["GET"]}}],"collection":[{"href":"https:\/\/onlinebettingspace.com\/ro\/wp-json\/wp\/v2\/pages"}],"about":[{"href":"https:\/\/onlinebettingspace.com\/ro\/wp-json\/wp\/v2\/types\/page"}],"author":[{"embeddable":true,"href":"https:\/\/onlinebettingspace.com\/ro\/wp-json\/wp\/v2\/users\/1"}],"replies":[{"embeddable":true,"href":"https:\/\/onlinebettingspace.com\/ro\/wp-json\/wp\/v2\/comments?post=426"}],"version-history":[{"count":0,"href":"https:\/\/onlinebettingspace.com\/ro\/wp-json\/wp\/v2\/pages\/426\/revisions"}],"up":[{"embeddable":true,"href":"https:\/\/onlinebettingspace.com\/ro\/wp-json\/wp\/v2\/pages\/360"}],"wp:attachment":[{"href":"https:\/\/onlinebettingspace.com\/ro\/wp-json\/wp\/v2\/media?parent=426"}],"curies":[{"name":"wp","href":"https:\/\/api.w.org\/{rel}","templated":true}]}}