{"id":413,"date":"2022-05-09T22:30:05","date_gmt":"2022-05-09T19:30:05","guid":{"rendered":"https:\/\/onlinebettingspace.com\/?page_id=413"},"modified":"2022-12-27T20:03:25","modified_gmt":"2022-12-27T18:03:25","slug":"baschet","status":"publish","type":"page","link":"https:\/\/onlinebettingspace.com\/ro\/ponturi-pariuri\/baschet\/","title":{"rendered":"Baschet"},"content":{"rendered":"<section class=\"l-section wpb_row height_medium\"><div class=\"l-section-h i-cf\"><div class=\"g-cols vc_row via_flex valign_top type_default stacking_default\"><div class=\"vc_col-sm-12 wpb_column vc_column_container\"><div class=\"vc_column-inner\"><div class=\"wpb_wrapper\"><div class=\"wpb_text_column\"><div class=\"wpb_wrapper\"><h1>Ponturi Baschet<\/h1>\n<p>Bun venit pe onlinebettingspace, cel mai bun loc pentru \u0219tiri, ponturi \u0219i pariuri baschet.<\/p>\n<h2><span class=\"TextRun SCXW246404433 BCX0\" lang=\"RO-RO\" xml:lang=\"RO-RO\" data-contrast=\"auto\"><span class=\"NormalTextRun SCXW246404433 BCX0\">Pontu<\/span><\/span><span class=\"TextRun SCXW246404433 BCX0\" lang=\"RO-RO\" xml:lang=\"RO-RO\" data-contrast=\"auto\"><span class=\"NormalTextRun SCXW246404433 BCX0\">ri Pariuri Baschet\u00a0<\/span><\/span><\/h2>\n<p><span data-contrast=\"auto\">Fa\u021b\u0103 de alte sporturi\u00a0<\/span><span data-contrast=\"auto\">originare\u00a0<\/span><span data-contrast=\"auto\">din America, baschetul s-a r\u0103sp\u00e2ndit cu o vitez\u0103 fantastic\u0103, devenind unul din cele mai populare sporturi din lume.<\/span><span data-ccp-props=\"{\">\u00a0<\/span>\u00a0<span data-contrast=\"auto\">\u0218i \u00een Rom\u00e2nia exist\u0103 mii de pariori care urm\u0103resc cu sufletul la gur\u0103 meciurile NBA \u0219i\u00a0Euroleague<\/span><span data-contrast=\"auto\">,<\/span><span data-contrast=\"auto\">\u00a0\u0219i se \u00eentrec\u00a0<\/span><span data-contrast=\"auto\">s\u0103 plaseze<\/span><span data-contrast=\"auto\">\u00a0<\/span><span data-contrast=\"auto\">pariuri\u00a0<\/span><span data-contrast=\"auto\">baschet<\/span><span data-contrast=\"auto\">\u00a0<\/span><span data-contrast=\"auto\">c\u00e2t mai \u00eendr\u0103zne\u021be<\/span><span data-contrast=\"auto\">:<\/span><span data-contrast=\"auto\">\u00a0de la clasicele pariuri pe victorie, p\u00e2n\u0103 la num\u0103rul de co\u0219uri,\u00a0tri\u021be, sau chiar puncte (\u00een sistem over\/under).<\/span><span data-ccp-props=\"{\">\u00a0<\/span>\u00a0<span data-contrast=\"auto\">\u00cen ziua de azi, toate marile case de pariuri precum\u00a0Unibet, 888sport sau\u00a0MaxBet\u00a0au \u00een ofert\u0103 meciuri de baschet, \u0219i pun la b\u0103taie \u0219i oferte de bun-venit atractive \u2013 pe care le po\u021bi vedea mai jos.<\/span><span data-ccp-props=\"{\">\u00a0<\/span><\/p>\n<h2>NBA 2019\/20 \u2013 Actualizare<\/h2>\n<p>Cele mai tari meciuri de baschet din lume din pacate nu mai pot fi urmarite in aceasta perioada, Coronavirus a pus stop si pe NBA. Dupa mai bine de 3 luni de pauza competitia ar putea reveni,\u00a0<strong>mai multe informatii spun ca NBA ar reveni in iulie, toate meciurile s-ar juca in Orlando sub forma unui play-off.<\/strong><strong><br \/>\n<\/strong><\/p>\n<p>Nu avem prea multe vesti despre cand ar putea reveni NBA, pentru ca situatia din SUA e destul de complicata. In conferinta de vest LA Lakers este pe prima pozitie, iar conferinta de est este condusa de Milwaukee Bucks. Evident ca lucrurile sunt departe de a fi decise, pentru ca inca nu am intrat in play-off.<\/p>\n<h2>Euroliga 2019-2020 a fost anulata<\/h2>\n<p>Baschet in Europa cel putin la nivel international nu vom mai vedea in aceasta perioada, asta pentru ca Euroliga a fost anulata. Competitia care este formata din 18 echipe din 10 tari europene a fost suspendata la data de 12 martie. Atunci oficialii ligii au spus ca vor cauta orice varianta pentru a incerca sa reia sezonul. Din pacate fanii acestui sport au primit recent o veste foarte proasta, presedintele Euroligii a declarat ca nu vor mai da drumul competitiei in acest sezon.<\/p>\n<h2><strong>Euroliga 2019\/2020 \u2013 Ponturi Pariuri Baschet<\/strong><\/h2>\n<p>EuroLeague este cea mai prestigioas\u0103 competi\u021bie de baschet la nivel european, \u00eenlocuind \u00een anul 2000 celebra competi\u021bie FIBA (FIBA European Champions Cup). Sezonul a \u00eenceput pe 3 octombrie 2019 \u0219i se va \u00eencheia pe 24 mai 2020. Celebrul Final Four va avea loc pe Lanxess Arena, \u00een Koln, Germania. CSKA Moscova este c\u00e2\u0219tig\u0103toarea de anul trecut.<\/p>\n<p>Favoritele de anul acesta sunt echipele lider: Real Madrid, Anadolu Efes \u0219i Barcelona. Maccabi FOX Tel Aviv are \u0219i ea \u0219anse mari.<\/p>\n<p>Pe onlinebettingspace g\u0103se\u0219ti toate meciurile din Eurolig\u0103 atunci c\u00e2nd acestea au loc \u0219i po\u021bi paria oric\u00e2nd, de pe orice dispozitiv. Asigur\u0103-te c\u0103 urm\u0103re\u0219ti inclusiv ponturile de pe pagina noastr\u0103, acolo unde tipsterii ofer\u0103 detalii cheie pentru a spori \u0219ansele de c\u00e2\u0219tig!<\/p>\n<h2><strong>NBA 2019\/2020 \u2013 Ponturi Baschet NBA<\/strong><\/h2>\n<p>NBA \u00eenseamn\u0103 \u201eNational Basketball Association\u201d \u0219i este cea mai important\u0103 lig\u0103 de baschet din SUA, urm\u0103rit\u0103 de milioane de oameni la nivel global. Include 30 de echipe, 29 din SUA \u0219i 1 din Canada. NBA este o lig\u0103 \u00eemp\u0103r\u021bit\u0103 \u00een dou\u0103 conferin\u021be (vest \u0219i est), fiecare con\u021bin\u00e2nd 3 divizii cu c\u00e2te cinci echipe, grupate geografic. Fiecare echip\u0103 joac\u0103 82 de meciuri per sezon.<\/p>\n<p>La finalul sezonului, cele mai bune opt echipe din conferin\u021be intr\u0103 \u00een turneul final, numit playoff, care are sistem eliminatoriu. Echipa c\u00e2\u0219tig\u0103toare din vest joac\u0103 apoi cu cea din est \u00eentr-o \u201eMare Final\u0103\u201d, cu sistemul patru jocuri din \u0219apte. Practic, echipa care c\u00e2\u0219tig\u0103 prima patru meciuri va primit titlul de campioan\u0103.<\/p>\n<p>Anul acesta, sezonul a \u00eenceput pe 22 octombrie 2019 \u0219i va fi \u00eencheiat \u00een luna aprilie 2020. Playoff-ul va \u00eencepe imediat dup\u0103.<\/p>\n<p>Favoritele pentru sezonul 2019\/2020 sunt Los Angeles Lakers, Milwaukee Bucks, Miami Heat \u0219i Los Angeles Clippers. Favori\u021bii pentru MVP sunt Giannis Favored, Anthony Davis, LeBron James \u0219i Khawai.<\/p>\n<p>\u00cen sezonul NBA 2018\/2019, c\u00e2\u0219tig\u0103torii au fost Toronto Raptors (prima dat\u0103 \u00een istorie).<\/p>\n<p>Pe Online Betting Space po\u021bi paria pe foarte multe op\u021biuni. Indiferent c\u0103 alegi ponturi baschet azi sau ponturi baschet NBA, ai la dispozi\u021bie pie\u021bele principale, precum c\u00e2\u0219tig\u0103torul NBA, c\u00e2\u0219tig\u0103torul diviziei NBA, c\u00e2\u0219tig\u0103torul conferin\u021belor (est sau vest), MVP (Most Valuable Player) al sezonului, MVP al seriilor\/conferin\u021belor, num\u0103rul de puncte \u00eenscrise, etc. Po\u021bi paria folosind case de pariuri de \u00eencredere, celebre \u00een Rom\u00e2nia.<\/p>\n<h2><strong>Site-uri pariuri baschet<\/strong><\/h2>\n<p>Depunem eforturi constante pentru a aduce tot ce e\u00a0 nou pe onlinebettingspace, \u0219i de aceea ne-am aliat cu case de pariuri online faimoase nu doar \u00een Rom\u00e2nia, ci \u0219i la nivel european. Oferim cote pe o gam\u0103 c\u00e2t mai variat\u0103 de sporturi. Dintre toate acestea, baschetul ocup\u0103 un loc aparte nu doar \u00een inima pariorilor \u00eendr\u0103gosti\u021bi de acest joc, ci \u0219i pe site-ul onlinebettingspace. Printre <a href=\"\/ro\/casa-de-pariuri-online\/\">casele de pariuri<\/a>\u00a0ale c\u0103ror cote le g\u0103se\u0219ti aici, se num\u0103r\u0103: Betano,\u00a0<a href=\"\/ro\/casa-de-pariuri-online\/unibet-recenzie\/\">Unibet<\/a>, Baumbet,\u00a0<a href=\"\/ro\/casa-de-pariuri-online\/betfair-recenzie\/\">Betfair<\/a>,\u00a0<a href=\"\/ro\/casa-de-pariuri-online\/winmasters-recenzie\/\">Winmasters<\/a>\u00a0\u0219i\u00a0<a href=\"\/ro\/casa-de-pariuri-online\/sportingbet-recenzie\/\">SportingBet<\/a>. C\u00e2\u0219tig\u0103 acum!<\/p>\n<h2><strong>Vrei s\u0103 afli mai multe despre pariuri baschet?<\/strong><\/h2>\n<p>\u00cen cazul \u00een care \u00ee\u021bi dore\u0219ti s\u0103 afli informa\u021bii suplimentare despre pariuri baschet, cote \u0219i analize de meci, urm\u0103re\u0219te sec\u021biunea special\u0103 de ponturi baschet NBA \u0219i alte ligi. Echipa noastr\u0103, la onlinebettingspace, este mereu pe faz\u0103 \u0219i ofer\u0103 actualiz\u0103ri cheie, precum \u0219i cu ghiduri utile \u00eenaintea meciurilor importante din Eurolig\u0103 \u0219i NBA sau altor evenimente importante.<\/p>\n<p>Succesul \u00een pariuri const\u0103 \u00een a avea cuno\u0219tin\u021bele potrivite, const\u0103 \u00een documentare, iar obiectivul nostru principal este s\u0103 \u00ee\u021bi oferim informa\u021bii de calitate cu privire nu doar la tenis, ci \u0219i la diverse meciuri specifice.<\/p>\n<h2><strong>Meciul zilei baschet \u0219i alte pronosticuri<\/strong><\/h2>\n<p><a href=\"\/ro\/biletul-zilei\/\"><strong>Biletul zilei Baschet<\/strong><\/a><\/p>\n<p>\u00cen aceast\u0103 sec\u021biune g\u0103se\u0219ti, complet gratuit, sugestii de pariere create de tipsterii no\u0219tri cu ani de experien\u021b\u0103.<\/p>\n<p><a href=\"\/ro\/cota-2\/\"><strong>Cota 2 Baschet<\/strong><\/a><\/p>\n<p>Aici ai parte de toate meciurile de baschet care au o cot\u0103 c\u00e2t mai apropiat\u0103 de 2.00, pentru a-\u021bi oferi \u0219anse 100% echilibrate de c\u00e2\u0219tig.<\/p>\n<p><a href=\"\/ro\/meciul-zilei\/\"><strong>Meciul zilei Baschet<\/strong><\/a><\/p>\n<p>Echipa noastr\u0103 selecteaz\u0103 zilnic cel mai bun meci pe care s\u0103 pariezi: \u00een func\u021bie de cota oferit\u0103, dar mai ales \u00een func\u021bie de analiza juc\u0103torilor.<\/p>\n<p><a href=\"\/ro\/ponturi-pariuri\"><strong>Ponturi pariuri Baschet<\/strong><\/a><\/p>\n<p>Aceast\u0103 sec\u021biune cuprinde ponturi pariuri baschet \u00een ordine cronologic\u0103. Aici g\u0103se\u0219ti tot ceea ce posteaz\u0103 tipsterii no\u0219tri.<\/p>\n<\/div><\/div><\/div><\/div><\/div><\/div><\/div><\/section>\n","protected":false},"excerpt":{"rendered":"Ponturi Baschet Bun venit pe onlinebettingspace, cel mai bun loc pentru \u0219tiri, ponturi \u0219i pariuri baschet. Ponturi Pariuri Baschet\u00a0 Fa\u021b\u0103 de alte sporturi\u00a0originare\u00a0din America, baschetul s-a r\u0103sp\u00e2ndit cu o vitez\u0103 fantastic\u0103, devenind unul din cele mai populare sporturi din lume.\u00a0\u00a0\u0218i \u00een Rom\u00e2nia exist\u0103 mii de pariori care urm\u0103resc cu sufletul la gur\u0103 meciurile NBA \u0219i\u00a0Euroleague,\u00a0\u0219i...","protected":false},"author":1,"featured_media":0,"parent":399,"menu_order":0,"comment_status":"closed","ping_status":"closed","template":"","meta":{"_acf_changed":false,"footnotes":""},"class_list":["post-413","page","type-page","status-publish","hentry"],"acf":[],"rankMath":{"parentDomain":"onlinebettingspace.com","noFollowDomains":[],"noFollowExcludeDomains":[],"noFollowExternalLinks":false,"featuredImageNotice":"Imaginea reprezentativ\u0103 ar trebui s\u0103 fie de cel pu\u021bin 200 x 200 pixeli pentru a fi preluat\u0103 de Facebook \u0219i de alte re\u021bele de socializare.","pluginReviewed":true,"postSettings":{"linkSuggestions":true,"useFocusKeyword":false},"frontEndScore":false,"postName":"baschet","permalinkFormat":"https:\/\/onlinebettingspace.com\/ro\/%pagename%\/","showLockModifiedDate":true,"assessor":{"focusKeywordLink":"https:\/\/onlinebettingspace.com\/wp-admin\/edit.php?focus_keyword=%focus_keyword%&post_type=%post_type%","hasTOCPlugin":false,"primaryTaxonomy":false,"serpData":{"title":"Ponturi Baschet Azi si cote din NBA, Euroliga plus alte competitii importante","description":"Daca urmaresti NBA, Euroliga sau alte intreceri, noi avem pentru tine ponturi baschet pentru a paria informat si pentru a avea rezultate cat mai bune.","focusKeywords":"","pillarContent":false,"canonicalUrl":"","breadcrumbTitle":"","advancedRobots":[],"facebookTitle":"","facebookDescription":"","facebookImage":"","facebookImageID":"","facebookHasOverlay":false,"facebookImageOverlay":"","facebookAuthor":"","twitterCardType":"","twitterUseFacebook":true,"twitterTitle":"","twitterDescription":"","twitterImage":"","twitterImageID":"","twitterHasOverlay":false,"twitterImageOverlay":"","twitterPlayerUrl":"","twitterPlayerSize":"","twitterPlayerStream":"","twitterPlayerStreamCtype":"","twitterAppDescription":"","twitterAppIphoneName":"","twitterAppIphoneID":"","twitterAppIphoneUrl":"","twitterAppIpadName":"","twitterAppIpadID":"","twitterAppIpadUrl":"","twitterAppGoogleplayName":"","twitterAppGoogleplayID":"","twitterAppGoogleplayUrl":"","twitterAppCountry":"","robots":{"index":true},"twitterAuthor":"nume utilizator","primaryTerm":0,"authorName":"OBSAdmin","titleTemplate":"%title% %sep% %sitename%","descriptionTemplate":"%excerpt%","showScoreFrontend":true,"lockModifiedDate":false},"powerWords":[],"diacritics":{"A":"[\\u0041\\u24B6\\uFF21\\u00C0\\u00C1\\u00C2\\u1EA6\\u1EA4\\u1EAA\\u1EA8\\u00C3\\u0100\\u0102\\u1EB0\\u1EAE\\u1EB4\\u1EB2\\u0226\\u01E0\\u00C4\\u01DE\\u1EA2\\u00C5\\u01FA\\u01CD\\u0200\\u0202\\u1EA0\\u1EAC\\u1EB6\\u1E00\\u0104\\u023A\\u2C6F]","AA":"[\\uA732]","AE":"[\\u00C6\\u01FC\\u01E2]","AO":"[\\uA734]","AU":"[\\uA736]","AV":"[\\uA738\\uA73A]","AY":"[\\uA73C]","B":"[\\u0042\\u24B7\\uFF22\\u1E02\\u1E04\\u1E06\\u0243\\u0182\\u0181]","C":"[\\u0043\\u24B8\\uFF23\\u0106\\u0108\\u010A\\u010C\\u00C7\\u1E08\\u0187\\u023B\\uA73E]","D":"[\\u0044\\u24B9\\uFF24\\u1E0A\\u010E\\u1E0C\\u1E10\\u1E12\\u1E0E\\u0110\\u018B\\u018A\\u0189\\uA779]","DZ":"[\\u01F1\\u01C4]","Dz":"[\\u01F2\\u01C5]","E":"[\\u0045\\u24BA\\uFF25\\u00C8\\u00C9\\u00CA\\u1EC0\\u1EBE\\u1EC4\\u1EC2\\u1EBC\\u0112\\u1E14\\u1E16\\u0114\\u0116\\u00CB\\u1EBA\\u011A\\u0204\\u0206\\u1EB8\\u1EC6\\u0228\\u1E1C\\u0118\\u1E18\\u1E1A\\u0190\\u018E]","F":"[\\u0046\\u24BB\\uFF26\\u1E1E\\u0191\\uA77B]","G":"[\\u0047\\u24BC\\uFF27\\u01F4\\u011C\\u1E20\\u011E\\u0120\\u01E6\\u0122\\u01E4\\u0193\\uA7A0\\uA77D\\uA77E]","H":"[\\u0048\\u24BD\\uFF28\\u0124\\u1E22\\u1E26\\u021E\\u1E24\\u1E28\\u1E2A\\u0126\\u2C67\\u2C75\\uA78D]","I":"[\\u0049\\u24BE\\uFF29\\u00CC\\u00CD\\u00CE\\u0128\\u012A\\u012C\\u0130\\u00CF\\u1E2E\\u1EC8\\u01CF\\u0208\\u020A\\u1ECA\\u012E\\u1E2C\\u0197]","J":"[\\u004A\\u24BF\\uFF2A\\u0134\\u0248]","K":"[\\u004B\\u24C0\\uFF2B\\u1E30\\u01E8\\u1E32\\u0136\\u1E34\\u0198\\u2C69\\uA740\\uA742\\uA744\\uA7A2]","L":"[\\u004C\\u24C1\\uFF2C\\u013F\\u0139\\u013D\\u1E36\\u1E38\\u013B\\u1E3C\\u1E3A\\u0141\\u023D\\u2C62\\u2C60\\uA748\\uA746\\uA780]","LJ":"[\\u01C7]","Lj":"[\\u01C8]","M":"[\\u004D\\u24C2\\uFF2D\\u1E3E\\u1E40\\u1E42\\u2C6E\\u019C]","N":"[\\u004E\\u24C3\\uFF2E\\u01F8\\u0143\\u00D1\\u1E44\\u0147\\u1E46\\u0145\\u1E4A\\u1E48\\u0220\\u019D\\uA790\\uA7A4]","NJ":"[\\u01CA]","Nj":"[\\u01CB]","O":"[\\u004F\\u24C4\\uFF2F\\u00D2\\u00D3\\u00D4\\u1ED2\\u1ED0\\u1ED6\\u1ED4\\u00D5\\u1E4C\\u022C\\u1E4E\\u014C\\u1E50\\u1E52\\u014E\\u022E\\u0230\\u00D6\\u022A\\u1ECE\\u0150\\u01D1\\u020C\\u020E\\u01A0\\u1EDC\\u1EDA\\u1EE0\\u1EDE\\u1EE2\\u1ECC\\u1ED8\\u01EA\\u01EC\\u00D8\\u01FE\\u0186\\u019F\\uA74A\\uA74C]","OI":"[\\u01A2]","OO":"[\\uA74E]","OU":"[\\u0222]","P":"[\\u0050\\u24C5\\uFF30\\u1E54\\u1E56\\u01A4\\u2C63\\uA750\\uA752\\uA754]","Q":"[\\u0051\\u24C6\\uFF31\\uA756\\uA758\\u024A]","R":"[\\u0052\\u24C7\\uFF32\\u0154\\u1E58\\u0158\\u0210\\u0212\\u1E5A\\u1E5C\\u0156\\u1E5E\\u024C\\u2C64\\uA75A\\uA7A6\\uA782]","S":"[\\u0053\\u24C8\\uFF33\\u1E9E\\u015A\\u1E64\\u015C\\u1E60\\u0160\\u1E66\\u1E62\\u1E68\\u0218\\u015E\\u2C7E\\uA7A8\\uA784]","T":"[\\u0054\\u24C9\\uFF34\\u1E6A\\u0164\\u1E6C\\u021A\\u0162\\u1E70\\u1E6E\\u0166\\u01AC\\u01AE\\u023E\\uA786]","TZ":"[\\uA728]","U":"[\\u0055\\u24CA\\uFF35\\u00D9\\u00DA\\u00DB\\u0168\\u1E78\\u016A\\u1E7A\\u016C\\u00DC\\u01DB\\u01D7\\u01D5\\u01D9\\u1EE6\\u016E\\u0170\\u01D3\\u0214\\u0216\\u01AF\\u1EEA\\u1EE8\\u1EEE\\u1EEC\\u1EF0\\u1EE4\\u1E72\\u0172\\u1E76\\u1E74\\u0244]","V":"[\\u0056\\u24CB\\uFF36\\u1E7C\\u1E7E\\u01B2\\uA75E\\u0245]","VY":"[\\uA760]","W":"[\\u0057\\u24CC\\uFF37\\u1E80\\u1E82\\u0174\\u1E86\\u1E84\\u1E88\\u2C72]","X":"[\\u0058\\u24CD\\uFF38\\u1E8A\\u1E8C]","Y":"[\\u0059\\u24CE\\uFF39\\u1EF2\\u00DD\\u0176\\u1EF8\\u0232\\u1E8E\\u0178\\u1EF6\\u1EF4\\u01B3\\u024E\\u1EFE]","Z":"[\\u005A\\u24CF\\uFF3A\\u0179\\u1E90\\u017B\\u017D\\u1E92\\u1E94\\u01B5\\u0224\\u2C7F\\u2C6B\\uA762]","a":"[\\u0061\\u24D0\\uFF41\\u1E9A\\u00E0\\u00E1\\u00E2\\u1EA7\\u1EA5\\u1EAB\\u1EA9\\u00E3\\u0101\\u0103\\u1EB1\\u1EAF\\u1EB5\\u1EB3\\u0227\\u01E1\\u00E4\\u01DF\\u1EA3\\u00E5\\u01FB\\u01CE\\u0201\\u0203\\u1EA1\\u1EAD\\u1EB7\\u1E01\\u0105\\u2C65\\u0250]","aa":"[\\uA733]","ae":"[\\u00E6\\u01FD\\u01E3]","ao":"[\\uA735]","au":"[\\uA737]","av":"[\\uA739\\uA73B]","ay":"[\\uA73D]","b":"[\\u0062\\u24D1\\uFF42\\u1E03\\u1E05\\u1E07\\u0180\\u0183\\u0253]","c":"[\\u0063\\u24D2\\uFF43\\u0107\\u0109\\u010B\\u010D\\u00E7\\u1E09\\u0188\\u023C\\uA73F\\u2184]","d":"[\\u0064\\u24D3\\uFF44\\u1E0B\\u010F\\u1E0D\\u1E11\\u1E13\\u1E0F\\u0111\\u018C\\u0256\\u0257\\uA77A]","dz":"[\\u01F3\\u01C6]","e":"[\\u0065\\u24D4\\uFF45\\u00E8\\u00E9\\u00EA\\u1EC1\\u1EBF\\u1EC5\\u1EC3\\u1EBD\\u0113\\u1E15\\u1E17\\u0115\\u0117\\u00EB\\u1EBB\\u011B\\u0205\\u0207\\u1EB9\\u1EC7\\u0229\\u1E1D\\u0119\\u1E19\\u1E1B\\u0247\\u025B\\u01DD]","f":"[\\u0066\\u24D5\\uFF46\\u1E1F\\u0192\\uA77C]","g":"[\\u0067\\u24D6\\uFF47\\u01F5\\u011D\\u1E21\\u011F\\u0121\\u01E7\\u0123\\u01E5\\u0260\\uA7A1\\u1D79\\uA77F]","h":"[\\u0068\\u24D7\\uFF48\\u0125\\u1E23\\u1E27\\u021F\\u1E25\\u1E29\\u1E2B\\u1E96\\u0127\\u2C68\\u2C76\\u0265]","hv":"[\\u0195]","i":"[\\u0069\\u24D8\\uFF49\\u00EC\\u00ED\\u00EE\\u0129\\u012B\\u012D\\u00EF\\u1E2F\\u1EC9\\u01D0\\u0209\\u020B\\u1ECB\\u012F\\u1E2D\\u0268\\u0131]","j":"[\\u006A\\u24D9\\uFF4A\\u0135\\u01F0\\u0249]","k":"[\\u006B\\u24DA\\uFF4B\\u1E31\\u01E9\\u1E33\\u0137\\u1E35\\u0199\\u2C6A\\uA741\\uA743\\uA745\\uA7A3]","l":"[\\u006C\\u24DB\\uFF4C\\u0140\\u013A\\u013E\\u1E37\\u1E39\\u013C\\u1E3D\\u1E3B\\u017F\\u0142\\u019A\\u026B\\u2C61\\uA749\\uA781\\uA747]","lj":"[\\u01C9]","m":"[\\u006D\\u24DC\\uFF4D\\u1E3F\\u1E41\\u1E43\\u0271\\u026F]","n":"[\\u006E\\u24DD\\uFF4E\\u01F9\\u0144\\u00F1\\u1E45\\u0148\\u1E47\\u0146\\u1E4B\\u1E49\\u019E\\u0272\\u0149\\uA791\\uA7A5]","nj":"[\\u01CC]","o":"[\\u006F\\u24DE\\uFF4F\\u00F2\\u00F3\\u00F4\\u1ED3\\u1ED1\\u1ED7\\u1ED5\\u00F5\\u1E4D\\u022D\\u1E4F\\u014D\\u1E51\\u1E53\\u014F\\u022F\\u0231\\u00F6\\u022B\\u1ECF\\u0151\\u01D2\\u020D\\u020F\\u01A1\\u1EDD\\u1EDB\\u1EE1\\u1EDF\\u1EE3\\u1ECD\\u1ED9\\u01EB\\u01ED\\u00F8\\u01FF\\u0254\\uA74B\\uA74D\\u0275]","oi":"[\\u01A3]","ou":"[\\u0223]","oo":"[\\uA74F]","p":"[\\u0070\\u24DF\\uFF50\\u1E55\\u1E57\\u01A5\\u1D7D\\uA751\\uA753\\uA755]","q":"[\\u0071\\u24E0\\uFF51\\u024B\\uA757\\uA759]","r":"[\\u0072\\u24E1\\uFF52\\u0155\\u1E59\\u0159\\u0211\\u0213\\u1E5B\\u1E5D\\u0157\\u1E5F\\u024D\\u027D\\uA75B\\uA7A7\\uA783]","s":"[\\u0073\\u24E2\\uFF53\\u015B\\u1E65\\u015D\\u1E61\\u0161\\u1E67\\u1E63\\u1E69\\u0219\\u015F\\u023F\\uA7A9\\uA785\\u1E9B]","ss":"[\\u00DF]","t":"[\\u0074\\u24E3\\uFF54\\u1E6B\\u1E97\\u0165\\u1E6D\\u021B\\u0163\\u1E71\\u1E6F\\u0167\\u01AD\\u0288\\u2C66\\uA787]","tz":"[\\uA729]","u":"[\\u0075\\u24E4\\uFF55\\u00F9\\u00FA\\u00FB\\u0169\\u1E79\\u016B\\u1E7B\\u016D\\u00FC\\u01DC\\u01D8\\u01D6\\u01DA\\u1EE7\\u016F\\u0171\\u01D4\\u0215\\u0217\\u01B0\\u1EEB\\u1EE9\\u1EEF\\u1EED\\u1EF1\\u1EE5\\u1E73\\u0173\\u1E77\\u1E75\\u0289]","v":"[\\u0076\\u24E5\\uFF56\\u1E7D\\u1E7F\\u028B\\uA75F\\u028C]","vy":"[\\uA761]","w":"[\\u0077\\u24E6\\uFF57\\u1E81\\u1E83\\u0175\\u1E87\\u1E85\\u1E98\\u1E89\\u2C73]","x":"[\\u0078\\u24E7\\uFF58\\u1E8B\\u1E8D]","y":"[\\u0079\\u24E8\\uFF59\\u1EF3\\u00FD\\u0177\\u1EF9\\u0233\\u1E8F\\u00FF\\u1EF7\\u1E99\\u1EF5\\u01B4\\u024F\\u1EFF]","z":"[\\u007A\\u24E9\\uFF5A\\u017A\\u1E91\\u017C\\u017E\\u1E93\\u1E95\\u01B6\\u0225\\u0240\\u2C6C\\uA763]"},"researchesTests":["contentHasTOC","contentHasShortParagraphs","contentHasAssets","keywordInTitle","keywordInMetaDescription","keywordInPermalink","keywordIn10Percent","keywordInContent","keywordInSubheadings","keywordInImageAlt","keywordDensity","keywordNotUsed","lengthContent","lengthPermalink","linksHasInternal","linksHasExternals","linksNotAllExternals","titleStartWithKeyword","titleSentiment","titleHasPowerWords","titleHasNumber","hasContentAI"],"hasRedirection":true,"hasBreadcrumb":false},"homeUrl":"https:\/\/onlinebettingspace.com\/ro\/","objectID":413,"objectType":"post","locale":"ro","localeFull":"ro_RO","overlayImages":{"play":{"name":"Play icon","url":"https:\/\/onlinebettingspace.com\/wp-content\/plugins\/seo-by-rank-math\/assets\/admin\/img\/icon-play.png","path":"\/home\/SuperAdmin\/web\/onlinebettingspace.com\/public_html\/wp-content\/plugins\/seo-by-rank-math\/assets\/admin\/img\/icon-play.png","position":"middle_center"},"gif":{"name":"Icon GIF","url":"https:\/\/onlinebettingspace.com\/wp-content\/plugins\/seo-by-rank-math\/assets\/admin\/img\/icon-gif.png","path":"\/home\/SuperAdmin\/web\/onlinebettingspace.com\/public_html\/wp-content\/plugins\/seo-by-rank-math\/assets\/admin\/img\/icon-gif.png","position":"middle_center"}},"defautOgImage":"https:\/\/onlinebettingspace.com\/wp-content\/uploads\/2022\/04\/OBS-FULL-LOGO.webp","customPermalinks":true,"isUserRegistered":true,"autoSuggestKeywords":true,"connectSiteUrl":"https:\/\/rankmath.com\/auth?site=https%3A%2F%2Fonlinebettingspace.com%2Fro%2F&r=https%3A%2F%2Fonlinebettingspace.com%2Fro%2Fwp-json%2Fwp%2Fv2%2Fpages%2F413%3Fnonce%3D9909f7b3ad","maxTags":5,"trendsIcon":"<svg viewBox=\"0 0 610 610\"><path d=\"M18.85,446,174.32,290.48l58.08,58.08L76.93,504a14.54,14.54,0,0,1-20.55,0L18.83,466.48a14.54,14.54,0,0,1,0-20.55Z\" style=\"fill:#4285f4\"\/><path d=\"M242.65,242.66,377.59,377.6l-47.75,47.75a14.54,14.54,0,0,1-20.55,0L174.37,290.43l47.75-47.75A14.52,14.52,0,0,1,242.65,242.66Z\" style=\"fill:#ea4335\"\/><polygon points=\"319.53 319.53 479.26 159.8 537.34 217.88 377.61 377.62 319.53 319.53\" style=\"fill:#fabb05\"\/><path d=\"M594.26,262.73V118.61h0a16.94,16.94,0,0,0-16.94-16.94H433.2a16.94,16.94,0,0,0-12,28.92L565.34,274.71h0a16.94,16.94,0,0,0,28.92-12Z\" style=\"fill:#34a853\"\/><rect width=\"610\" height=\"610\" style=\"fill:none\"\/><\/svg>","showScore":true,"siteFavIcon":"https:\/\/onlinebettingspace.com\/wp-content\/uploads\/2022\/04\/OBS-LOGO-1.webp","canUser":{"general":false,"advanced":false,"snippet":false,"social":false,"analysis":false,"analytics":false,"content_ai":false},"showKeywordIntent":true,"isPro":false,"is_front_page":false,"trendsUpgradeLink":"https:\/\/rankmath.com\/pricing\/?utm_source=Plugin&utm_medium=CE%20General%20Tab%20Trends&utm_campaign=WP","trendsUpgradeLabel":"Actualizeaz\u0103","trendsPreviewImage":"https:\/\/onlinebettingspace.com\/wp-content\/plugins\/seo-by-rank-math\/assets\/admin\/img\/trends-preview.jpg","currentEditor":false,"homepageData":{"assessor":{"powerWords":[],"diacritics":true,"researchesTests":["contentHasTOC","contentHasShortParagraphs","contentHasAssets","keywordInTitle","keywordInMetaDescription","keywordInPermalink","keywordIn10Percent","keywordInContent","keywordInSubheadings","keywordInImageAlt","keywordDensity","keywordNotUsed","lengthContent","lengthPermalink","linksHasInternal","linksHasExternals","linksNotAllExternals","titleStartWithKeyword","titleSentiment","titleHasPowerWords","titleHasNumber","hasContentAI"],"hasBreadcrumb":false,"serpData":{"title":"%sitename% %page% %sep% %sitedesc%","description":"","titleTemplate":"%sitename% %page% %sep% %sitedesc%","descriptionTemplate":"","focusKeywords":"","breadcrumbTitle":"Home","robots":{"index":true},"advancedRobots":[],"facebookTitle":"","facebookDescription":"","facebookImage":"","facebookImageID":""}}},"tocTitle":"Table of Contents","tocExcludeHeadings":[],"listStyle":"ul"},"_links":{"self":[{"href":"https:\/\/onlinebettingspace.com\/ro\/wp-json\/wp\/v2\/pages\/413","targetHints":{"allow":["GET"]}}],"collection":[{"href":"https:\/\/onlinebettingspace.com\/ro\/wp-json\/wp\/v2\/pages"}],"about":[{"href":"https:\/\/onlinebettingspace.com\/ro\/wp-json\/wp\/v2\/types\/page"}],"author":[{"embeddable":true,"href":"https:\/\/onlinebettingspace.com\/ro\/wp-json\/wp\/v2\/users\/1"}],"replies":[{"embeddable":true,"href":"https:\/\/onlinebettingspace.com\/ro\/wp-json\/wp\/v2\/comments?post=413"}],"version-history":[{"count":1,"href":"https:\/\/onlinebettingspace.com\/ro\/wp-json\/wp\/v2\/pages\/413\/revisions"}],"predecessor-version":[{"id":3137,"href":"https:\/\/onlinebettingspace.com\/ro\/wp-json\/wp\/v2\/pages\/413\/revisions\/3137"}],"up":[{"embeddable":true,"href":"https:\/\/onlinebettingspace.com\/ro\/wp-json\/wp\/v2\/pages\/399"}],"wp:attachment":[{"href":"https:\/\/onlinebettingspace.com\/ro\/wp-json\/wp\/v2\/media?parent=413"}],"curies":[{"name":"wp","href":"https:\/\/api.w.org\/{rel}","templated":true}]}}