{"id":1631,"date":"2022-05-24T01:14:08","date_gmt":"2022-05-23T22:14:08","guid":{"rendered":"https:\/\/onlinebettingspace.com\/?page_id=1631"},"modified":"2022-05-24T01:14:08","modified_gmt":"2022-05-23T22:14:08","slug":"live-casino","status":"publish","type":"page","link":"https:\/\/onlinebettingspace.com\/ro\/casino\/live-casino\/","title":{"rendered":"LIVE CASINO"},"content":{"rendered":"<section class=\"l-section wpb_row height_medium\"><div class=\"l-section-h i-cf\"><div class=\"g-cols vc_row via_flex valign_top type_default stacking_default\"><div class=\"vc_col-sm-12 wpb_column vc_column_container\"><div class=\"vc_column-inner\"><div class=\"wpb_wrapper\"><div class=\"wpb_text_column\"><div class=\"wpb_wrapper\"><h1>Casinouri Live<\/h1>\n<div class=\" WYSIWYG _31 \">\n<p>\u00cenc\u0103 de c\u00e2nd au ap\u0103rut pentru prima dat\u0103\u00a0<strong><a href=\"\/ro\/casino\/\">cazinourile online<\/a>,<\/strong>\u00a0operatorii au c\u0103utat diferite mijloace s\u0103 le ofere utilizatorilor o experien\u021b\u0103 c\u00e2t mai pl\u0103cut\u0103. Motivul e simplu, clien\u021bi mai ferici\u021bi \u00eenseamn\u0103 clien\u021bi mai activi. Astfel, veniturile unui cazinou erau dictate de traficul zilnic \u0219i de cantitatea de bani rulat\u0103 zilnic \u00een cazinou. Pentru a-i convinge p\u00e2n\u0103 \u0219i pe juc\u0103torii r\u0103ma\u0219i s\u0103 renun\u021be la jocul din cazinourile fizice pentru cel din\u00a0cazinourile online, operatorii au creat pentru prima dat\u0103 Cazinourile Live sau Live Casinos.<\/p>\n<p>\u00cen cadrul acestora, juc\u0103torii pot tr\u0103i experien\u021ba unui joc c\u00e2t se poate de real de acas\u0103, direct din fotoliul lor preferat. Numeroase persoane au fost impresionate de noul conceput de joc de noroc live \u0219i s-au reprofilat complet. Astfel, noua experien\u021b\u0103 de joc a devenit un adev\u0103rat succes, iar tot mai mul\u021bi juc\u0103tori s-au \u00eenscris \u00een\u00a0<a href=\"https:\/\/onlinebettingspace.com\/ro\/casinos-online\/\"><strong>cazinourile online care ofereau aceast\u0103 facilitate.<\/strong><\/a><\/p>\n<p>\u00cen prezent, orice cazinou online licen\u021biat din Rom\u00e2nia de\u021bine o versiune de Live Casino proprie. V-am preg\u0103tit o list\u0103 complet\u0103 a cazinourilor live recomandate pe care trebuie neap\u0103rat s\u0103 le \u00eencerca\u021bi. De asemenea, cea mai mare parte a cazinourilor de\u021bin versiuni de Cazinou Live disponibile \u0219i pentru telefoanele mobile \u0219i tablete prin intermediul cazinourilor mobile sau a aplica\u021biilor dedicate.<\/p>\n<h2>Cum juc\u0103m jocuri live casino<\/h2>\n<p>Pentru a accesa un joc live de casino trebuie, \u00eenainte de toate, s\u0103 ave\u021bi un cazinou online care dispune de op\u021biunea de Live Casino. Ulterior, va trebui s\u0103 v\u0103 \u00eenregistra\u021bi \u00een cazinoul respectiv \u0219i s\u0103 realiza\u021bi o depunere minim\u0103 \u00een depozitul personal.<\/p>\n<p>Este de men\u021bionant faptul c\u0103 orice cazinou live opereaz\u0103 doar cu bani reali. Nu exist\u0103 versiuni de jocuri casino gratis sau demo pentru joc gratuit nelimitat. Dac\u0103 a\u021bi \u00eendeplinit pa\u0219ii anteriori, pute\u021bi accesa cazinoul live \u0219i arunca o privire asupra colec\u021biei de jocuri live disponibile. De obicei, num\u0103rul lor este unul mic \u00een compara\u021bie cu cel al platformei online a cazinoului. Totu\u0219i, ave\u021bi de ales dintre cele mai populare jocuri de noroc ale momentului.<\/p>\n<p>Alege\u021bi-v\u0103 jocul dorit \u0219i accesa\u021bi-l. Se va deschide un stream live ce v\u0103 va plasa \u00een fa\u021ba unei mese al\u0103turi de un dealer autorizat. Toate elementele de joc, inclusiv crupierul sunt absolut reale. Mai departe, crupierul v\u0103 va \u00eent\u00e2mpina \u0219i v\u0103 vaghida cum s\u0103 juca\u021bi prima rund\u0103 a jocului respectiv.<\/p>\n<h2>Aplica\u021biile Mobile de Cazinou<\/h2>\n<p>Dac\u0103 v\u0103 num\u0103ra\u021bi printre noroco\u0219ii posesori ai un telefon mobil sau tablet\u0103 cu sistem de operare Android sau iOS, atunci ave\u021bi posibilitatea de a de\u021bine o\u00a0<strong>aplica\u021bie mobil\u0103 de cazinou dedicat\u0103<\/strong>. O astfel de aplica\u021bie este potrivit\u0103 pentru accesarea cazinoului mobil preferat, dar \u0219i a cazinoului live.<\/p>\n<p>\u00cen prezent, majoritatea cazinourilor online de\u021bin aplica\u021bii dedicate de cazinou \u0219i le ofer\u0103 acces gratuit utilizatorilor s\u0103i. Aplica\u021bia unui cazinou poate fi desc\u0103rcat\u0103 direct din magazinul specializat AppStore pentru dispozitivele mobile marca Apple.<\/p>\n<p>Utilizatorii cu dispozitive mobile cu sistem de operare Android \u00ee\u0219i procura aplica\u021bia direct de pe site-ul principal al cazinoului deoarece magazinul de aplica\u021bii Google Play nu accept\u0103 aplica\u021biile care opereaz\u0103 direct cu bani reali. Interfa\u021ba unei astfel aplica\u021bii este destul de asem\u0103n\u0103toare cu cea a site-ului principal al cazinoului. Sunt disponibile \u00eentreaga gam\u0103 de jocuri, bonusuri, promo\u021bii \u0219i op\u021biunea de Live Casino. Asigura\u021bi-v\u0103 c\u0103 v\u0103 afla\u021b \u00eentr-o zon\u0103 cu conexiune bun\u0103 la internet pentru a elimina riscul \u00eentreruperilor.<\/p>\n<h2>Cazinourile Online Mobile<\/h2>\n<p>Cazinourile online mobile sunt disponibile de pe orice dispozitiv mobil indiferent de sistemul de operare cu care opereaz\u0103. Astfel, chiar \u0219i celelalte telefoane mobile \u0219i tablete cu alte sisteme de operare vor putea accesa cazinoului online preferat. Spre deosebire de aplica\u021bia mobil\u0103, nu trebuie s\u0103 desc\u0103rca\u021bi nimic pentru a accesa cazinoul. Tot ce trebuie s\u0103 face\u021bi este s\u0103 introduce\u021bi adresa web a cazinoului online \u00een fereastra browserului de internet.<\/p>\n<p>Accesul este gratuit \u0219i nelimitat asemeni site-ului principal. Interfa\u021ba este asem\u0103n\u0103toare cu cea versiunii desktop a cazinoului \u0219i prezint\u0103 acelea\u0219i caracteristici \u0219i op\u021biuni deja cunoscute. Op\u021biunea de Live Casino este disponibil\u0103 \u0219i garanteaz\u0103 un joc pl\u0103cut \u0219i distractiv \u00een limitele unei conexiuni bune la internet.<\/p>\n<p>Vizita\u021bi adesea sec\u021biunea de promo\u021bii a cazinoului deoarece pot ap\u0103rea oferte speciale pentru juc\u0103torii care ales s\u0103 joace \u00een cazinoul live. De asemenea, pot exista premii de bun venit pentru utilizatorii care acceseaz\u0103 cazinoul prin intermediul telefonului mobil sau tabletei.<\/p>\n<h2>Jocuri Live de Cazinou<\/h2>\n<p>Odat\u0103 ce a\u021bi intrat pentru prima dat\u0103 \u00eentr-un Live Casino ve\u021bi constata o colec\u021bie de jocuri live disponibil\u0103. Din punct de vedere al num\u0103rului, nu este spectaculos, dar ve\u021bi observa c\u0103 principalele\u00a0<a href=\"https:\/\/onlinebettingspace.com\/ro\/casino\/jocuri\/\">jocuri de cazinou<\/a>\u00a0sunt disponibile. Indiferent de tipul de joc pe care \u00eel alege\u021bi, regulile de joc vor fi acelea\u0219i cu cele ale jocului principal.<\/p>\n<h3>Blackjack live<\/h3>\n<p>\u00cen orice cazinou live a\u021bi intra ve\u021bi putea juca o partid\u0103 de Blackjack live. Blackjack-ul este \u00een prezent cel mai popular joc de noroc \u0219i poate fi g\u0103sit prin mai multe varia\u021bii de joc. Intrarea \u00eentr-o camer\u0103 de blackjack live v\u0103 va plasa la o mas\u0103 al\u0103turi de al\u021bi juc\u0103tori \u0219i un crupier autorizat. Pe parcursul jocului pute\u021bi interac\u021biona at\u00e2t cu ceilal\u021bi juc\u0103tori, c\u00e2t \u0219i cu dealerul mesei. Regulile de joc sunt absolut acelea\u0219i cu cele ale unui joc de Blackjack clasic. Astfel, pute\u021bi aplica f\u0103r\u0103 probleme orice metod\u0103 deja cunoscut\u0103. Deseori ve\u021bi avea posibilitatea de a juca doar dumneavoastr\u0103 cu dealerul mesei.<\/p>\n<h3>Rulet\u0103 live<\/h3>\n<p>Urm\u0103torul joc din punct de vedere al popularit\u0103\u021bii \u00eentr-un\u00a0<strong>cazinou live este ruleta live.\u00a0<a href=\"\/ro\/casino\/live-casino\/ruleta\/\">Exist\u0103 numeroase versiuni de rulet\u0103 live<\/a><\/strong>: european\u0103, american\u0103, mini roulette etc. Regulile sunt acelea\u0219i, cu varia\u021biile obi\u0219nuite de la versiune la versiune de rulet\u0103. Ve\u021bi juca doar al\u0103turi de dealerul mesei. Va trebui s\u0103 face\u021bi o decizie de pariu \u0219i s\u0103 realiza\u021bi pariul dorit. Dup\u0103 oprirea rotirii ruletei ve\u021bi afla dac\u0103 a\u021bi c\u00e2\u0219tigat sau nu. De asemenea, pute\u021bi conversa cu dealerul pentru o experien\u021b\u0103 mai pl\u0103cut\u0103.<\/p>\n<h3>Baccarat live<\/h3>\n<p>Baccarat live este un alt joc de noroc ce poate fi g\u0103sit \u00eentr-un Live Casino. \u00cen \u021bara noastra nu este prea popular, dar exist\u0103 o serie de cazinouri care \u00eel ofer\u0103. Modalitatea de joc este asem\u0103n\u0103toare cu cea a jocului la un baccarat online. Dup\u0103 ce a\u021bi ales masa de joc, va trebuie s\u0103 face\u021bi prima alegere \u0219i s\u0103 realiza\u021bi pariul dorit. Dealerul va da startul jocului. Pe parcusul jocului pute\u021bi interac\u021biona cu ceilal\u021bi juc\u0103tori, dar \u0219i cu crupierul meseide baccarat.<\/p>\n<h3>Hold\u2019em live<\/h3>\n<p>Hold\u2019em live este probabil cel mai cunoscut joc de poker ce se poate g\u0103si \u00eentr-un cazinou live. Asemeni unor jocuri aparate Hold\u2019em clasice, se folose\u0219te un pachet clasic de 52 de c\u0103r\u021bi. Dac\u0103 ob\u021bine\u021bi o m\u00e2n\u0103 de 5 c\u0103r\u021bi mai bun\u0103 dec\u00e2t cea a dealerului ve\u021bi fi declarat c\u00e2\u0219tig\u0103torul rundei respective. De obicei, ve\u021bi putea juca al\u0103turi de al\u021bi juc\u0103tori cu care pute\u021bi conversa dup\u0103 bunul plac.\u00a0<strong>Hold\u2019em live<\/strong>\u00a0se numer\u0103 printre acele jocuri poker la care se c\u00e2\u0219tig\u0103 sume impresionante de bani. Regulile sunt simple \u0219i u\u0219or de aplicat.<\/p>\n<h2>Beneficiile jocului cu un live dealer<\/h2>\n<p>Ve\u021bi avea parte de numeroase beneficii dac\u0103 ve\u021bi alege s\u0103 juca\u021bi \u00een compania unui dealer live. Aceast\u0103 trecere de la cazinoul fizic la cazinoul live nu este at\u00e2t de anevoioas\u0103 pe c\u00e2t se crede. Majoritatea juc\u0103torilor se obi\u0219nuiesc din primele minute deoarece interfa\u021ba este una primitoare \u0219i previzibil\u0103. Avantajele acestui mod de joc \u00eei determin\u0103 adesea pe juc\u0103tori s\u0103 p\u0103r\u0103seasc\u0103 definitiv cazinourile fizice \u00een detrimentul cazinourilor live. Iat\u0103 o serie de beneficii ale jocului cu un live dealer:<\/p>\n<ul>\n<li>Pute\u021bi interac\u021biona cu al\u021bi juc\u0103tori \u0219i cu dealerul mesei<\/li>\n<li>Riscul ca ceilal\u021bi juc\u0103tori s\u0103 tri\u0219eze este eliminat complet<\/li>\n<li>Nu trebuie s\u0103 v\u0103 deplasa\u021bi c\u0103tre o anumit\u0103 loca\u021bie<\/li>\n<li>Este disponibil pe mobil \u0219i pe desktop<\/li>\n<li>Experien\u021ba de joc este similar\u0103 cu cea dintr-un cazinou fizic<\/li>\n<li>Pute\u021bi beneficia de bonusuri de cazinou pentru Live Casino<\/li>\n<\/ul>\n<\/div>\n<\/div><\/div><\/div><\/div><\/div><\/div><\/div><\/section>\n","protected":false},"excerpt":{"rendered":"Casinouri Live \u00cenc\u0103 de c\u00e2nd au ap\u0103rut pentru prima dat\u0103\u00a0cazinourile online,\u00a0operatorii au c\u0103utat diferite mijloace s\u0103 le ofere utilizatorilor o experien\u021b\u0103 c\u00e2t mai pl\u0103cut\u0103. Motivul e simplu, clien\u021bi mai ferici\u021bi \u00eenseamn\u0103 clien\u021bi mai activi. Astfel, veniturile unui cazinou erau dictate de traficul zilnic \u0219i de cantitatea de bani rulat\u0103 zilnic \u00een cazinou. Pentru a-i convinge...","protected":false},"author":1,"featured_media":0,"parent":1584,"menu_order":0,"comment_status":"closed","ping_status":"closed","template":"","meta":{"_acf_changed":false,"footnotes":""},"class_list":["post-1631","page","type-page","status-publish","hentry"],"acf":[],"rankMath":{"parentDomain":"onlinebettingspace.com","noFollowDomains":[],"noFollowExcludeDomains":[],"noFollowExternalLinks":false,"featuredImageNotice":"Imaginea reprezentativ\u0103 ar trebui s\u0103 fie de cel pu\u021bin 200 x 200 pixeli pentru a fi preluat\u0103 de Facebook \u0219i de alte re\u021bele de socializare.","pluginReviewed":true,"postSettings":{"linkSuggestions":true,"useFocusKeyword":false},"frontEndScore":false,"postName":"live-casino","permalinkFormat":"https:\/\/onlinebettingspace.com\/ro\/%pagename%\/","showLockModifiedDate":true,"assessor":{"focusKeywordLink":"https:\/\/onlinebettingspace.com\/wp-admin\/edit.php?focus_keyword=%focus_keyword%&post_type=%post_type%","hasTOCPlugin":false,"primaryTaxonomy":false,"serpData":{"title":"Afla\u021bi totul despre Jocurile de Noroc din Cazinoul Live","description":"Tot ce trebuie s\u0103 \u0219ti\u021bi despre cazinourile live, beneficiile acestora, jocurile de noroc disponibile, care este modalitatea general\u0103 de joc, precum \u0219i informa\u021bii despre aplica\u021biile dedicate \u0219i versiunile mobile de Live Casino","focusKeywords":"","pillarContent":false,"canonicalUrl":"","breadcrumbTitle":"","advancedRobots":[],"facebookTitle":"","facebookDescription":"","facebookImage":"","facebookImageID":"","facebookHasOverlay":false,"facebookImageOverlay":"","facebookAuthor":"","twitterCardType":"","twitterUseFacebook":true,"twitterTitle":"","twitterDescription":"","twitterImage":"","twitterImageID":"","twitterHasOverlay":false,"twitterImageOverlay":"","twitterPlayerUrl":"","twitterPlayerSize":"","twitterPlayerStream":"","twitterPlayerStreamCtype":"","twitterAppDescription":"","twitterAppIphoneName":"","twitterAppIphoneID":"","twitterAppIphoneUrl":"","twitterAppIpadName":"","twitterAppIpadID":"","twitterAppIpadUrl":"","twitterAppGoogleplayName":"","twitterAppGoogleplayID":"","twitterAppGoogleplayUrl":"","twitterAppCountry":"","robots":{"index":true},"twitterAuthor":"nume utilizator","primaryTerm":0,"authorName":"OBSAdmin","titleTemplate":"%title% %sep% %sitename%","descriptionTemplate":"%excerpt%","showScoreFrontend":true,"lockModifiedDate":false},"powerWords":[],"diacritics":{"A":"[\\u0041\\u24B6\\uFF21\\u00C0\\u00C1\\u00C2\\u1EA6\\u1EA4\\u1EAA\\u1EA8\\u00C3\\u0100\\u0102\\u1EB0\\u1EAE\\u1EB4\\u1EB2\\u0226\\u01E0\\u00C4\\u01DE\\u1EA2\\u00C5\\u01FA\\u01CD\\u0200\\u0202\\u1EA0\\u1EAC\\u1EB6\\u1E00\\u0104\\u023A\\u2C6F]","AA":"[\\uA732]","AE":"[\\u00C6\\u01FC\\u01E2]","AO":"[\\uA734]","AU":"[\\uA736]","AV":"[\\uA738\\uA73A]","AY":"[\\uA73C]","B":"[\\u0042\\u24B7\\uFF22\\u1E02\\u1E04\\u1E06\\u0243\\u0182\\u0181]","C":"[\\u0043\\u24B8\\uFF23\\u0106\\u0108\\u010A\\u010C\\u00C7\\u1E08\\u0187\\u023B\\uA73E]","D":"[\\u0044\\u24B9\\uFF24\\u1E0A\\u010E\\u1E0C\\u1E10\\u1E12\\u1E0E\\u0110\\u018B\\u018A\\u0189\\uA779]","DZ":"[\\u01F1\\u01C4]","Dz":"[\\u01F2\\u01C5]","E":"[\\u0045\\u24BA\\uFF25\\u00C8\\u00C9\\u00CA\\u1EC0\\u1EBE\\u1EC4\\u1EC2\\u1EBC\\u0112\\u1E14\\u1E16\\u0114\\u0116\\u00CB\\u1EBA\\u011A\\u0204\\u0206\\u1EB8\\u1EC6\\u0228\\u1E1C\\u0118\\u1E18\\u1E1A\\u0190\\u018E]","F":"[\\u0046\\u24BB\\uFF26\\u1E1E\\u0191\\uA77B]","G":"[\\u0047\\u24BC\\uFF27\\u01F4\\u011C\\u1E20\\u011E\\u0120\\u01E6\\u0122\\u01E4\\u0193\\uA7A0\\uA77D\\uA77E]","H":"[\\u0048\\u24BD\\uFF28\\u0124\\u1E22\\u1E26\\u021E\\u1E24\\u1E28\\u1E2A\\u0126\\u2C67\\u2C75\\uA78D]","I":"[\\u0049\\u24BE\\uFF29\\u00CC\\u00CD\\u00CE\\u0128\\u012A\\u012C\\u0130\\u00CF\\u1E2E\\u1EC8\\u01CF\\u0208\\u020A\\u1ECA\\u012E\\u1E2C\\u0197]","J":"[\\u004A\\u24BF\\uFF2A\\u0134\\u0248]","K":"[\\u004B\\u24C0\\uFF2B\\u1E30\\u01E8\\u1E32\\u0136\\u1E34\\u0198\\u2C69\\uA740\\uA742\\uA744\\uA7A2]","L":"[\\u004C\\u24C1\\uFF2C\\u013F\\u0139\\u013D\\u1E36\\u1E38\\u013B\\u1E3C\\u1E3A\\u0141\\u023D\\u2C62\\u2C60\\uA748\\uA746\\uA780]","LJ":"[\\u01C7]","Lj":"[\\u01C8]","M":"[\\u004D\\u24C2\\uFF2D\\u1E3E\\u1E40\\u1E42\\u2C6E\\u019C]","N":"[\\u004E\\u24C3\\uFF2E\\u01F8\\u0143\\u00D1\\u1E44\\u0147\\u1E46\\u0145\\u1E4A\\u1E48\\u0220\\u019D\\uA790\\uA7A4]","NJ":"[\\u01CA]","Nj":"[\\u01CB]","O":"[\\u004F\\u24C4\\uFF2F\\u00D2\\u00D3\\u00D4\\u1ED2\\u1ED0\\u1ED6\\u1ED4\\u00D5\\u1E4C\\u022C\\u1E4E\\u014C\\u1E50\\u1E52\\u014E\\u022E\\u0230\\u00D6\\u022A\\u1ECE\\u0150\\u01D1\\u020C\\u020E\\u01A0\\u1EDC\\u1EDA\\u1EE0\\u1EDE\\u1EE2\\u1ECC\\u1ED8\\u01EA\\u01EC\\u00D8\\u01FE\\u0186\\u019F\\uA74A\\uA74C]","OI":"[\\u01A2]","OO":"[\\uA74E]","OU":"[\\u0222]","P":"[\\u0050\\u24C5\\uFF30\\u1E54\\u1E56\\u01A4\\u2C63\\uA750\\uA752\\uA754]","Q":"[\\u0051\\u24C6\\uFF31\\uA756\\uA758\\u024A]","R":"[\\u0052\\u24C7\\uFF32\\u0154\\u1E58\\u0158\\u0210\\u0212\\u1E5A\\u1E5C\\u0156\\u1E5E\\u024C\\u2C64\\uA75A\\uA7A6\\uA782]","S":"[\\u0053\\u24C8\\uFF33\\u1E9E\\u015A\\u1E64\\u015C\\u1E60\\u0160\\u1E66\\u1E62\\u1E68\\u0218\\u015E\\u2C7E\\uA7A8\\uA784]","T":"[\\u0054\\u24C9\\uFF34\\u1E6A\\u0164\\u1E6C\\u021A\\u0162\\u1E70\\u1E6E\\u0166\\u01AC\\u01AE\\u023E\\uA786]","TZ":"[\\uA728]","U":"[\\u0055\\u24CA\\uFF35\\u00D9\\u00DA\\u00DB\\u0168\\u1E78\\u016A\\u1E7A\\u016C\\u00DC\\u01DB\\u01D7\\u01D5\\u01D9\\u1EE6\\u016E\\u0170\\u01D3\\u0214\\u0216\\u01AF\\u1EEA\\u1EE8\\u1EEE\\u1EEC\\u1EF0\\u1EE4\\u1E72\\u0172\\u1E76\\u1E74\\u0244]","V":"[\\u0056\\u24CB\\uFF36\\u1E7C\\u1E7E\\u01B2\\uA75E\\u0245]","VY":"[\\uA760]","W":"[\\u0057\\u24CC\\uFF37\\u1E80\\u1E82\\u0174\\u1E86\\u1E84\\u1E88\\u2C72]","X":"[\\u0058\\u24CD\\uFF38\\u1E8A\\u1E8C]","Y":"[\\u0059\\u24CE\\uFF39\\u1EF2\\u00DD\\u0176\\u1EF8\\u0232\\u1E8E\\u0178\\u1EF6\\u1EF4\\u01B3\\u024E\\u1EFE]","Z":"[\\u005A\\u24CF\\uFF3A\\u0179\\u1E90\\u017B\\u017D\\u1E92\\u1E94\\u01B5\\u0224\\u2C7F\\u2C6B\\uA762]","a":"[\\u0061\\u24D0\\uFF41\\u1E9A\\u00E0\\u00E1\\u00E2\\u1EA7\\u1EA5\\u1EAB\\u1EA9\\u00E3\\u0101\\u0103\\u1EB1\\u1EAF\\u1EB5\\u1EB3\\u0227\\u01E1\\u00E4\\u01DF\\u1EA3\\u00E5\\u01FB\\u01CE\\u0201\\u0203\\u1EA1\\u1EAD\\u1EB7\\u1E01\\u0105\\u2C65\\u0250]","aa":"[\\uA733]","ae":"[\\u00E6\\u01FD\\u01E3]","ao":"[\\uA735]","au":"[\\uA737]","av":"[\\uA739\\uA73B]","ay":"[\\uA73D]","b":"[\\u0062\\u24D1\\uFF42\\u1E03\\u1E05\\u1E07\\u0180\\u0183\\u0253]","c":"[\\u0063\\u24D2\\uFF43\\u0107\\u0109\\u010B\\u010D\\u00E7\\u1E09\\u0188\\u023C\\uA73F\\u2184]","d":"[\\u0064\\u24D3\\uFF44\\u1E0B\\u010F\\u1E0D\\u1E11\\u1E13\\u1E0F\\u0111\\u018C\\u0256\\u0257\\uA77A]","dz":"[\\u01F3\\u01C6]","e":"[\\u0065\\u24D4\\uFF45\\u00E8\\u00E9\\u00EA\\u1EC1\\u1EBF\\u1EC5\\u1EC3\\u1EBD\\u0113\\u1E15\\u1E17\\u0115\\u0117\\u00EB\\u1EBB\\u011B\\u0205\\u0207\\u1EB9\\u1EC7\\u0229\\u1E1D\\u0119\\u1E19\\u1E1B\\u0247\\u025B\\u01DD]","f":"[\\u0066\\u24D5\\uFF46\\u1E1F\\u0192\\uA77C]","g":"[\\u0067\\u24D6\\uFF47\\u01F5\\u011D\\u1E21\\u011F\\u0121\\u01E7\\u0123\\u01E5\\u0260\\uA7A1\\u1D79\\uA77F]","h":"[\\u0068\\u24D7\\uFF48\\u0125\\u1E23\\u1E27\\u021F\\u1E25\\u1E29\\u1E2B\\u1E96\\u0127\\u2C68\\u2C76\\u0265]","hv":"[\\u0195]","i":"[\\u0069\\u24D8\\uFF49\\u00EC\\u00ED\\u00EE\\u0129\\u012B\\u012D\\u00EF\\u1E2F\\u1EC9\\u01D0\\u0209\\u020B\\u1ECB\\u012F\\u1E2D\\u0268\\u0131]","j":"[\\u006A\\u24D9\\uFF4A\\u0135\\u01F0\\u0249]","k":"[\\u006B\\u24DA\\uFF4B\\u1E31\\u01E9\\u1E33\\u0137\\u1E35\\u0199\\u2C6A\\uA741\\uA743\\uA745\\uA7A3]","l":"[\\u006C\\u24DB\\uFF4C\\u0140\\u013A\\u013E\\u1E37\\u1E39\\u013C\\u1E3D\\u1E3B\\u017F\\u0142\\u019A\\u026B\\u2C61\\uA749\\uA781\\uA747]","lj":"[\\u01C9]","m":"[\\u006D\\u24DC\\uFF4D\\u1E3F\\u1E41\\u1E43\\u0271\\u026F]","n":"[\\u006E\\u24DD\\uFF4E\\u01F9\\u0144\\u00F1\\u1E45\\u0148\\u1E47\\u0146\\u1E4B\\u1E49\\u019E\\u0272\\u0149\\uA791\\uA7A5]","nj":"[\\u01CC]","o":"[\\u006F\\u24DE\\uFF4F\\u00F2\\u00F3\\u00F4\\u1ED3\\u1ED1\\u1ED7\\u1ED5\\u00F5\\u1E4D\\u022D\\u1E4F\\u014D\\u1E51\\u1E53\\u014F\\u022F\\u0231\\u00F6\\u022B\\u1ECF\\u0151\\u01D2\\u020D\\u020F\\u01A1\\u1EDD\\u1EDB\\u1EE1\\u1EDF\\u1EE3\\u1ECD\\u1ED9\\u01EB\\u01ED\\u00F8\\u01FF\\u0254\\uA74B\\uA74D\\u0275]","oi":"[\\u01A3]","ou":"[\\u0223]","oo":"[\\uA74F]","p":"[\\u0070\\u24DF\\uFF50\\u1E55\\u1E57\\u01A5\\u1D7D\\uA751\\uA753\\uA755]","q":"[\\u0071\\u24E0\\uFF51\\u024B\\uA757\\uA759]","r":"[\\u0072\\u24E1\\uFF52\\u0155\\u1E59\\u0159\\u0211\\u0213\\u1E5B\\u1E5D\\u0157\\u1E5F\\u024D\\u027D\\uA75B\\uA7A7\\uA783]","s":"[\\u0073\\u24E2\\uFF53\\u015B\\u1E65\\u015D\\u1E61\\u0161\\u1E67\\u1E63\\u1E69\\u0219\\u015F\\u023F\\uA7A9\\uA785\\u1E9B]","ss":"[\\u00DF]","t":"[\\u0074\\u24E3\\uFF54\\u1E6B\\u1E97\\u0165\\u1E6D\\u021B\\u0163\\u1E71\\u1E6F\\u0167\\u01AD\\u0288\\u2C66\\uA787]","tz":"[\\uA729]","u":"[\\u0075\\u24E4\\uFF55\\u00F9\\u00FA\\u00FB\\u0169\\u1E79\\u016B\\u1E7B\\u016D\\u00FC\\u01DC\\u01D8\\u01D6\\u01DA\\u1EE7\\u016F\\u0171\\u01D4\\u0215\\u0217\\u01B0\\u1EEB\\u1EE9\\u1EEF\\u1EED\\u1EF1\\u1EE5\\u1E73\\u0173\\u1E77\\u1E75\\u0289]","v":"[\\u0076\\u24E5\\uFF56\\u1E7D\\u1E7F\\u028B\\uA75F\\u028C]","vy":"[\\uA761]","w":"[\\u0077\\u24E6\\uFF57\\u1E81\\u1E83\\u0175\\u1E87\\u1E85\\u1E98\\u1E89\\u2C73]","x":"[\\u0078\\u24E7\\uFF58\\u1E8B\\u1E8D]","y":"[\\u0079\\u24E8\\uFF59\\u1EF3\\u00FD\\u0177\\u1EF9\\u0233\\u1E8F\\u00FF\\u1EF7\\u1E99\\u1EF5\\u01B4\\u024F\\u1EFF]","z":"[\\u007A\\u24E9\\uFF5A\\u017A\\u1E91\\u017C\\u017E\\u1E93\\u1E95\\u01B6\\u0225\\u0240\\u2C6C\\uA763]"},"researchesTests":["contentHasTOC","contentHasShortParagraphs","contentHasAssets","keywordInTitle","keywordInMetaDescription","keywordInPermalink","keywordIn10Percent","keywordInContent","keywordInSubheadings","keywordInImageAlt","keywordDensity","keywordNotUsed","lengthContent","lengthPermalink","linksHasInternal","linksHasExternals","linksNotAllExternals","titleStartWithKeyword","titleSentiment","titleHasPowerWords","titleHasNumber","hasContentAI"],"hasRedirection":true,"hasBreadcrumb":false},"homeUrl":"https:\/\/onlinebettingspace.com\/ro\/","objectID":1631,"objectType":"post","locale":"ro","localeFull":"ro_RO","overlayImages":{"play":{"name":"Play icon","url":"https:\/\/onlinebettingspace.com\/wp-content\/plugins\/seo-by-rank-math\/assets\/admin\/img\/icon-play.png","path":"\/home\/SuperAdmin\/web\/onlinebettingspace.com\/public_html\/wp-content\/plugins\/seo-by-rank-math\/assets\/admin\/img\/icon-play.png","position":"middle_center"},"gif":{"name":"Icon GIF","url":"https:\/\/onlinebettingspace.com\/wp-content\/plugins\/seo-by-rank-math\/assets\/admin\/img\/icon-gif.png","path":"\/home\/SuperAdmin\/web\/onlinebettingspace.com\/public_html\/wp-content\/plugins\/seo-by-rank-math\/assets\/admin\/img\/icon-gif.png","position":"middle_center"}},"defautOgImage":"https:\/\/onlinebettingspace.com\/wp-content\/uploads\/2022\/04\/OBS-FULL-LOGO.webp","customPermalinks":true,"isUserRegistered":true,"autoSuggestKeywords":true,"connectSiteUrl":"https:\/\/rankmath.com\/auth?site=https%3A%2F%2Fonlinebettingspace.com%2Fro%2F&r=https%3A%2F%2Fonlinebettingspace.com%2Fro%2Fwp-json%2Fwp%2Fv2%2Fpages%2F1631%3Fnonce%3D63b085038f","maxTags":5,"trendsIcon":"<svg viewBox=\"0 0 610 610\"><path d=\"M18.85,446,174.32,290.48l58.08,58.08L76.93,504a14.54,14.54,0,0,1-20.55,0L18.83,466.48a14.54,14.54,0,0,1,0-20.55Z\" style=\"fill:#4285f4\"\/><path d=\"M242.65,242.66,377.59,377.6l-47.75,47.75a14.54,14.54,0,0,1-20.55,0L174.37,290.43l47.75-47.75A14.52,14.52,0,0,1,242.65,242.66Z\" style=\"fill:#ea4335\"\/><polygon points=\"319.53 319.53 479.26 159.8 537.34 217.88 377.61 377.62 319.53 319.53\" style=\"fill:#fabb05\"\/><path d=\"M594.26,262.73V118.61h0a16.94,16.94,0,0,0-16.94-16.94H433.2a16.94,16.94,0,0,0-12,28.92L565.34,274.71h0a16.94,16.94,0,0,0,28.92-12Z\" style=\"fill:#34a853\"\/><rect width=\"610\" height=\"610\" style=\"fill:none\"\/><\/svg>","showScore":true,"siteFavIcon":"https:\/\/onlinebettingspace.com\/wp-content\/uploads\/2022\/04\/OBS-LOGO-1.webp","canUser":{"general":false,"advanced":false,"snippet":false,"social":false,"analysis":false,"analytics":false,"content_ai":false},"showKeywordIntent":true,"isPro":false,"is_front_page":false,"trendsUpgradeLink":"https:\/\/rankmath.com\/pricing\/?utm_source=Plugin&utm_medium=CE%20General%20Tab%20Trends&utm_campaign=WP","trendsUpgradeLabel":"Actualizeaz\u0103","trendsPreviewImage":"https:\/\/onlinebettingspace.com\/wp-content\/plugins\/seo-by-rank-math\/assets\/admin\/img\/trends-preview.jpg","currentEditor":false,"homepageData":{"assessor":{"powerWords":[],"diacritics":true,"researchesTests":["contentHasTOC","contentHasShortParagraphs","contentHasAssets","keywordInTitle","keywordInMetaDescription","keywordInPermalink","keywordIn10Percent","keywordInContent","keywordInSubheadings","keywordInImageAlt","keywordDensity","keywordNotUsed","lengthContent","lengthPermalink","linksHasInternal","linksHasExternals","linksNotAllExternals","titleStartWithKeyword","titleSentiment","titleHasPowerWords","titleHasNumber","hasContentAI"],"hasBreadcrumb":false,"serpData":{"title":"%sitename% %page% %sep% %sitedesc%","description":"","titleTemplate":"%sitename% %page% %sep% %sitedesc%","descriptionTemplate":"","focusKeywords":"","breadcrumbTitle":"Home","robots":{"index":true},"advancedRobots":[],"facebookTitle":"","facebookDescription":"","facebookImage":"","facebookImageID":""}}},"tocTitle":"Table of Contents","tocExcludeHeadings":[],"listStyle":"ul"},"_links":{"self":[{"href":"https:\/\/onlinebettingspace.com\/ro\/wp-json\/wp\/v2\/pages\/1631","targetHints":{"allow":["GET"]}}],"collection":[{"href":"https:\/\/onlinebettingspace.com\/ro\/wp-json\/wp\/v2\/pages"}],"about":[{"href":"https:\/\/onlinebettingspace.com\/ro\/wp-json\/wp\/v2\/types\/page"}],"author":[{"embeddable":true,"href":"https:\/\/onlinebettingspace.com\/ro\/wp-json\/wp\/v2\/users\/1"}],"replies":[{"embeddable":true,"href":"https:\/\/onlinebettingspace.com\/ro\/wp-json\/wp\/v2\/comments?post=1631"}],"version-history":[{"count":0,"href":"https:\/\/onlinebettingspace.com\/ro\/wp-json\/wp\/v2\/pages\/1631\/revisions"}],"up":[{"embeddable":true,"href":"https:\/\/onlinebettingspace.com\/ro\/wp-json\/wp\/v2\/pages\/1584"}],"wp:attachment":[{"href":"https:\/\/onlinebettingspace.com\/ro\/wp-json\/wp\/v2\/media?parent=1631"}],"curies":[{"name":"wp","href":"https:\/\/api.w.org\/{rel}","templated":true}]}}