{"id":1624,"date":"2022-05-24T01:05:42","date_gmt":"2022-05-23T22:05:42","guid":{"rendered":"https:\/\/onlinebettingspace.com\/?page_id=1624"},"modified":"2022-05-24T01:06:35","modified_gmt":"2022-05-23T22:06:35","slug":"blackjack","status":"publish","type":"page","link":"https:\/\/onlinebettingspace.com\/ro\/casino\/jocuri\/blackjack\/","title":{"rendered":"BLACKJACK"},"content":{"rendered":"<section class=\"l-section wpb_row height_medium\"><div class=\"l-section-h i-cf\"><div class=\"g-cols vc_row via_flex valign_top type_default stacking_default\"><div class=\"vc_col-sm-12 wpb_column vc_column_container\"><div class=\"vc_column-inner\"><div class=\"wpb_wrapper\"><div class=\"wpb_text_column\"><div class=\"wpb_wrapper\"><h1><strong>Blackjack online<\/strong><\/h1>\n<article>\n<div class=\" WYSIWYG _34 \">\n<p>Fiind un joc cu o popularitate cresc\u00e2nd\u0103 \u0219i \u00een mediul virtual, blackjack online poate ridica urm\u0103toarea \u00eentrebare: Care sunt avantajele jocului online?<\/p>\n<p>Pe l\u00e2ng\u0103 confort (po\u021bi juca c\u00e2nd vrei \u0219i de unde vrei) \u0219i varietatea de op\u021biuni (mediul online ofer\u0103 mult mai multe variante de joc dec\u00e2t cazinourile tradi\u021bionale), jocul online \u00ee\u021bi ofer\u0103 posibilitatea de a juca mai multe m\u00e2ini \u00eentr-o or\u0103, de a te muta la o mas\u0103 cu un distribuitor de c\u0103r\u021bi mai bun sau de a juca direct \u00eempotriva dealerului. De aceea tot mai multe persoane prefer\u0103 s\u0103 joace blackjack online.<\/p>\n<p>De\u0219i este popular \u00een \u00eentreaga lume, la noi nu sunt la fel de mul\u021bi juc\u0103tori ca \u00een alte \u021b\u0103ri. Un motiv pentru care mul\u021bi rom\u00e2ni nu joac\u0103 blackjack este c\u0103 nu cunosc regulile jocului, oric\u00e2t de ciudat ar p\u0103rea acest lucru. Adev\u0103rul este c\u0103 site-urile rom\u00e2ne\u0219ti de pariuri nu prea abordeaz\u0103 acest subiect.<\/p>\n<h2>Cum func\u021bioneaz\u0103 Blackjack<\/h2>\n<p>Blackjack sau 21 este un joc de c\u0103r\u021bi de comparare \u00eentre mai mul\u021bi juc\u0103tori (de obicei) \u0219i\u00a0un dealer, \u00een care fiecare juc\u0103tor, la r\u00e2ndul s\u0103u, concureaz\u0103 \u00eempotriva dealerului, dar juc\u0103torii nu joac\u0103 unul \u00eempotriva celuilalt. Se joac\u0103 cu unul sau mai multe pachete de 52 de c\u0103r\u021bi \u0219i este cel mai jucat joc de cazino pe bani reali din lume. Obiectivul jocului este de a bate dealer-ul \u00een unul din urm\u0103toarele moduri:<\/p>\n<p>atinge\u021bi un scor final mai mare dec\u00e2t dealerul, f\u0103r\u0103 s\u0103 dep\u0103\u0219i\u021bi 21; sau<br \/>\nl\u0103sa\u021bi dealerul s\u0103 atrag\u0103 c\u0103r\u021bi suplimentare p\u00e2n\u0103 c\u00e2nd m\u00e2na sa dep\u0103\u0219e\u0219te 21.<img decoding=\"async\" class=\" alignnone _2o wp-image-67381 lazy \" src=\"data:image\/png;base64,iVBORw0KGgoAAAANSUhEUgAAAAEAAAABCAQAAAC1HAwCAAAAC0lEQVR42mNkYAAAAAYAAjCB0C8AAAAASUVORK5CYII=\" alt=\" interface\" width=\"52\" height=\"52\" data-lazy=\"true\" data-src=\"\/\/web.archive.org\/web\/20190322052937\/https:\/\/www.banireali.com\/wp-content\/uploads\/2018\/06\/interface.png\" title=\"\"><\/p>\n<p>ob\u021bine\u021bi 21 de puncte pe primele dou\u0103 c\u0103r\u021bi ale juc\u0103torului (numite \u201eblackjack\u201d sau \u201enatural\u201d), f\u0103r\u0103 un\u00a0 \u00a0 dealer blackjack;<\/p>\n<h2>Scurt\u0103 istorie<\/h2>\n<p>Jocul de Blackjack, poate cel mai distractiv \u015fi popular joc \u00een Statele Unite, c\u00e2\u015ftig\u0103 tot mai mult teren peste tot \u00een lume, odat\u0103 cu interesul uria\u015f\u00a0<strong><a href=\"https:\/\/onlinebettingspace.com\/ro\/casino\/jocuri\/\">pentru jocurile de cazino online.<\/a><\/strong><\/p>\n<p>Blackjackul actual este o combina\u0163ie de jocuri de c\u0103r\u0163i jucate de antici, fiind des\u0103v\u00e2r\u015fit \u00een cazinourile franceze acum aproximativ 300 de ani. La acea vreme se numea Vingt-et-un, adic\u0103 21, dar a devenit \u201eBlackjack\u201d \u00een momentul \u00een care a ajuns \u00een America de Nord, adus de coloni\u015ftii europeni. Odat\u0103 cu legalizarea jocurilor de noroc \u00een Nevada, \u00een timpul crizei din 1930, c\u00e2nd statul urm\u0103rea s\u0103-\u015fi m\u0103reasc\u0103 veniturile, jocul de blackjack a \u00eenceput s\u0103 c\u00e2\u015ftige o popularitate care a rezistat \u015fi a evoluat p\u00e2n\u0103 la ceea ce este \u00een prezent.<\/p>\n<h2>Cum s\u0103 alegi un cazino pentru a juca blackjack<\/h2>\n<p>Pont: pentru jocurile online cazino, la blackjack po\u021bi primi bonusuri speciale, exclusive. A\u0219a cum am men\u021bionat \u00een aproape toate articolele noastre, joac\u0103 doar la un slot cazino licen\u021biat. Printre acestea sunt cazinouri care ofer\u0103 jocuri de blackjack \u00een compania unui dealer live \u2013 la acestea vei sim\u021bi din plin adrenalina jocurilor live. Dar sunt \u0219i cazinouri care ofer\u0103 jocuri generate de calculator, pentru cei care prefer\u0103 sesiuni rapide \u0219i mize mai mici.<\/p>\n<p>Orice online cazino pune mare pre\u021b pe acest joc oferind mai multe versiuni, dar \u0219i bonusuri atractive, astfel \u00eenc\u00e2t to\u021bi clien\u021bii s\u0103 fie mul\u021bumi\u021bi de oferta disponibil\u0103.<\/p>\n<h2>Regulile jocului<\/h2>\n<p>Cum am men\u021bionat anterior, obiectivul jocului este acela de a avea o m\u00e2n\u0103 mai bun\u0103 dec\u00e2t a dealerului f\u0103r\u0103 a acumula un punctaj mai mare de 21. \u00centre unul \u0219i opt pachete standard de 52 de c\u0103r\u021bi sunt amestecate \u00eempreun\u0103. La \u00eenceputul fiec\u0103rei runde, p\u00e2n\u0103 la trei juc\u0103tori pot plasa pariurile \u00een \u201ecaseta de pariuri\u201d \u00een fiecare pozi\u021bie din joc.<\/p>\n<p>Potrivit cazinoului \u00een care s\u0103 juca\u021bi, blackjack-ul poate avea variante diferite. \u00cen general, exist\u0103 dou\u0103 versiuni de blackjack: european sau american. Diferen\u021ba dintre acestea este c\u0103, \u00een cazul celui american, dealer-ul, dup\u0103 ce a pus prima carte cu fa\u021ba \u00een sus, va trage a doua carte cu fa\u021ba \u00een jos, dar \u00een cazul \u00een care cu cartea vizibil\u0103 exist\u0103 posibilitatea de a ob\u021bine blackjack (este un as sau 10), poate verifica a doua carte \u00eenainte de a continua s\u0103 vad\u0103 dac\u0103 face blackjack..<\/p>\n<h2>Strategii \u0219i sfaturi<\/h2>\n<p>Regulile de baz\u0103 sunt prezentate \u0219i pe pagina noastr\u0103 precum \u0219i pe paginile tuturor cazniourilor online licen\u021biate \u0219i consacrate.Nu intra \u00een joc dac\u0103 nu \u021bi-ai \u00eensu\u0219it regulile \u0219i dac\u0103 nu ai o strategie.\u00a0<a href=\"https:\/\/onlinebettingspace.com\/ro\/casino\/jocuri\/poker\/\">Ca \u015fi la poker<\/a>, sunt foarte multe strategii pentru blackjack online care te pot ajuta s\u0103 c\u00e2\u015ftigi. Cea mai important\u0103, dac\u0103 descoperi acum jocul de balckjack online, este \u0219i destul de simpl\u0103:<\/p>\n<blockquote>\n<p><em>Este crucial s\u0103 \u015ftii momentele \u00een care ai nevoie s\u0103 mai prime\u015fti c\u0103r\u0163i, c\u00e2nd s\u0103 stai, c\u00e2nd s\u0103 \u00eempar\u0163i \u015fi c\u00e2nd s\u0103 dublezi, evalu\u00e2ndu-\u0163i bugetul. \u00cen general, dac\u0103 ai \u00een m\u00e2n\u0103 c\u0103r\u021bi cu o valoare cuprins\u0103 \u00eentre 5 \u0219i 16 este indicat s\u0103 ceri c\u0103r\u021bi. Dac\u0103 ai c\u0103r\u021bi care \u00eensumeaz\u0103 \u00eentre 17 \u015fi 21, ar trebui s\u0103 stai..<\/em><\/p>\n<\/blockquote>\n<h2>Tipuri de Blackjack<\/h2>\n<p>Dup\u0103 ce ai primit c\u0103r\u021bile ai mai multe op\u021biuni. Prima se nume\u0219te \u201dhit\u201d, adic\u0103 po\u021bi s\u0103 mai ceri o carte. Po\u021bi utiliza aceast\u0103 op\u021biune de ori de c\u00e2te ori dore\u0219ti, dar fii precaut \u2013 vei pierde dac\u0103 dep\u0103\u0219e\u0219ti punctajul de 21.<\/p>\n<p>O a doua op\u021biune este \u201dstand\u201d, adic\u0103 s\u0103 r\u0103m\u00e2i cu primele c\u0103r\u021bi p\u00e2n\u0103 la final. Aceast\u0103 op\u021biune trebuie utilizat\u0103 atunci c\u00e2nd e\u0219ti foarte aproape de punctajul perfect de 21.<br \/>\nOp\u021biunea \u00a0\u201ddouble\u201d, asem\u0103n\u0103toare cu cea de \u201dhit\u201d, dubleaz\u0103 miza moment \u00een care vei mai primi o singur\u0103 carte, f\u0103r\u0103 a avea dreptul de a solicita c\u0103r\u021bi suplimentare.\u00a0\u201dSplit\u201dpoate fi utilizat\u0103 doar c\u00e2nd ai dou\u0103 c\u0103r\u021bi identice. Perechea va fi \u00eemp\u0103r\u021bit\u0103 \u00een dou\u0103 m\u00e2ini, iar astfel \u0219i miza total\u0103 se va dubla.<\/p>\n<p>Prime\u0219ti un As \u0219i un 7. Dai hit \u0219i mai prime\u0219ti un 5. Dai asului valoarea de 1 pentru a nu trece de 21. \u00cen acest moment ai 13 puncte, dai din nou hit \u0219i prime\u0219ti un 3. Punctajul devine 16 \u0219i ajungi \u00een situa\u021bia de mai sus. Po\u021bi sta, sper\u00e2nd ca punctajul dealerului s\u0103 fie peste 21. Cei mai mul\u021bi juc\u0103tori aleg s\u0103 dea hit la un punctaj de 16 \u00een special dac\u0103 dealerul are pe fa\u021b\u0103 o carte mare.<img decoding=\"async\" class=\" alignnone _2o wp-image-67381 lazy \" src=\"data:image\/png;base64,iVBORw0KGgoAAAANSUhEUgAAAAEAAAABCAQAAAC1HAwCAAAAC0lEQVR42mNkYAAAAAYAAjCB0C8AAAAASUVORK5CYII=\" alt=\" interface\" width=\"52\" height=\"52\" data-lazy=\"true\" data-src=\"\/\/web.archive.org\/web\/20190322052937\/https:\/\/www.banireali.com\/wp-content\/uploads\/2018\/06\/interface.png\" title=\"\"><\/p>\n<p>Prime\u0219ti dou\u0103 c\u0103r\u021bi de 8, iar dac\u0103 le-ai juca \u00eempreun\u0103 ai avea un punctaj de 16, ceea ce nu este o situa\u021bie ideal\u0103, a\u0219a cum am precizat \u0219i anterior. Folose\u0219ti op\u021biunea de split, adic\u0103 s\u0103 \u00eempar\u021bi cele dou\u0103 c\u0103r\u021bi \u00een dou\u0103 m\u00e2ini diferite. Fiecare m\u00e2n\u0103 va fi jucat\u0103 pe miza ini\u021bial\u0103 \u0219i ai posibilitatea de a folosi op\u021biunea de dublare dac\u0103 vrei acest lucru.<\/p>\n<h2>Blackjack pe mobil<\/h2>\n<p>Po\u021bi juca blackjack, rulet\u0103, cazino live \u015fi sloturi direct pe telefonul \u015fi tableta ta iOS sau Android utiliz\u00e2nd aplica\u021biile pentru mobil. Astfel, po\u0163i r\u0103m\u00e2ne \u00een joc oriunde te-ai afla: ac as\u0103 sau \u00een afara ei. E\u0219ti condi\u021bionat doar de o conexiune wifi decent\u0103. Extensiile mobile ale cazinourilor online nu sunt cu mult diferite fa\u021b\u0103 de varianta lor PC, e drept c\u0103 num\u0103rul jocurilor este mai mic, \u00eens\u0103 nu cu mult, iar software-ul este optimizat pentru ecranele mai mici. Cei mai noroco\u0219i \u00een acest caz sunt cei care de\u021bin un Android, dispozitivele fiind optimizate pentru jocul de blackjack, av\u00e2nd \u0219i o selectie mare de aplica\u021bii desc\u0103rcabile.<\/p>\n<h2>Concluzii<\/h2>\n<p>Blackjackul reprezint\u0103 op\u021biunea ideal\u0103 pentru mul\u021bi juc\u0103tori online, deoarece pentru acest joc de cazinou norocul joac\u0103 un rol secundar. Prin aplicarea unei strategii corecte dar \u0219i prin decizii inspirate po\u021bi \u00ee\u021bi po\u021bi spori\u00a0 \u0219ansele tale de c\u00e2\u0219tig sim\u021bitor. Mai mult, juc\u00e2nd online, cazinourile te r\u0103spl\u0103tesc cu\u00a0<strong><a href=\"https:\/\/onlinebettingspace.com\/ro\/casino\/bonusuri\/\">bonusuri \u0219i promo\u021bii.<\/a><\/strong>\u00a0Unele ofer\u0103 bonusuri de bun-venit la \u00eenregistrare, altele ofer\u0103 bonusuri sub form\u0103 de credit gratuit, etc.<br \/>\nLa final, nu uita \u00eentotdeauna s\u0103 joci responsabil. Mult succes!<\/p>\n<\/div>\n<\/article>\n<\/div><\/div><\/div><\/div><\/div><\/div><\/div><\/section>\n","protected":false},"excerpt":{"rendered":"Blackjack online Fiind un joc cu o popularitate cresc\u00e2nd\u0103 \u0219i \u00een mediul virtual, blackjack online poate ridica urm\u0103toarea \u00eentrebare: Care sunt avantajele jocului online? Pe l\u00e2ng\u0103 confort (po\u021bi juca c\u00e2nd vrei \u0219i de unde vrei) \u0219i varietatea de op\u021biuni (mediul online ofer\u0103 mult mai multe variante de joc dec\u00e2t cazinourile tradi\u021bionale), jocul online \u00ee\u021bi ofer\u0103...","protected":false},"author":1,"featured_media":0,"parent":1587,"menu_order":0,"comment_status":"closed","ping_status":"closed","template":"","meta":{"_acf_changed":false,"footnotes":""},"class_list":["post-1624","page","type-page","status-publish","hentry"],"acf":[],"rankMath":{"parentDomain":"onlinebettingspace.com","noFollowDomains":[],"noFollowExcludeDomains":[],"noFollowExternalLinks":false,"featuredImageNotice":"Imaginea reprezentativ\u0103 ar trebui s\u0103 fie de cel pu\u021bin 200 x 200 pixeli pentru a fi preluat\u0103 de Facebook \u0219i de alte re\u021bele de socializare.","pluginReviewed":true,"postSettings":{"linkSuggestions":true,"useFocusKeyword":false},"frontEndScore":false,"postName":"blackjack","permalinkFormat":"https:\/\/onlinebettingspace.com\/ro\/%pagename%\/","showLockModifiedDate":true,"assessor":{"focusKeywordLink":"https:\/\/onlinebettingspace.com\/wp-admin\/edit.php?focus_keyword=%focus_keyword%&post_type=%post_type%","hasTOCPlugin":false,"primaryTaxonomy":false,"serpData":{"title":"Vino \u0219i joac\u0103 blackjack online pe bani reali","description":"Blackjack sau 21 este un joc pe care aproape toate cazinourile online \u00eel ofer\u0103, pe l\u00e2ng\u0103 sloturi, \u00een diferite variante, cum ar fi Blackjack american, Blackjack european, Pontoon etc. Blackjack este un joc dinamic, distractiv \u0219i captivant, care ofer\u0103 juc\u0103torilor \u0219i oportunitatea de a c\u00e2\u0219tiga ceva bani.","focusKeywords":"","pillarContent":false,"canonicalUrl":"","breadcrumbTitle":"","advancedRobots":[],"facebookTitle":"","facebookDescription":"","facebookImage":"","facebookImageID":"","facebookHasOverlay":false,"facebookImageOverlay":"","facebookAuthor":"","twitterCardType":"","twitterUseFacebook":true,"twitterTitle":"","twitterDescription":"","twitterImage":"","twitterImageID":"","twitterHasOverlay":false,"twitterImageOverlay":"","twitterPlayerUrl":"","twitterPlayerSize":"","twitterPlayerStream":"","twitterPlayerStreamCtype":"","twitterAppDescription":"","twitterAppIphoneName":"","twitterAppIphoneID":"","twitterAppIphoneUrl":"","twitterAppIpadName":"","twitterAppIpadID":"","twitterAppIpadUrl":"","twitterAppGoogleplayName":"","twitterAppGoogleplayID":"","twitterAppGoogleplayUrl":"","twitterAppCountry":"","robots":{"index":true},"twitterAuthor":"nume utilizator","primaryTerm":0,"authorName":"OBSAdmin","titleTemplate":"%title% %sep% %sitename%","descriptionTemplate":"%excerpt%","showScoreFrontend":true,"lockModifiedDate":false},"powerWords":[],"diacritics":{"A":"[\\u0041\\u24B6\\uFF21\\u00C0\\u00C1\\u00C2\\u1EA6\\u1EA4\\u1EAA\\u1EA8\\u00C3\\u0100\\u0102\\u1EB0\\u1EAE\\u1EB4\\u1EB2\\u0226\\u01E0\\u00C4\\u01DE\\u1EA2\\u00C5\\u01FA\\u01CD\\u0200\\u0202\\u1EA0\\u1EAC\\u1EB6\\u1E00\\u0104\\u023A\\u2C6F]","AA":"[\\uA732]","AE":"[\\u00C6\\u01FC\\u01E2]","AO":"[\\uA734]","AU":"[\\uA736]","AV":"[\\uA738\\uA73A]","AY":"[\\uA73C]","B":"[\\u0042\\u24B7\\uFF22\\u1E02\\u1E04\\u1E06\\u0243\\u0182\\u0181]","C":"[\\u0043\\u24B8\\uFF23\\u0106\\u0108\\u010A\\u010C\\u00C7\\u1E08\\u0187\\u023B\\uA73E]","D":"[\\u0044\\u24B9\\uFF24\\u1E0A\\u010E\\u1E0C\\u1E10\\u1E12\\u1E0E\\u0110\\u018B\\u018A\\u0189\\uA779]","DZ":"[\\u01F1\\u01C4]","Dz":"[\\u01F2\\u01C5]","E":"[\\u0045\\u24BA\\uFF25\\u00C8\\u00C9\\u00CA\\u1EC0\\u1EBE\\u1EC4\\u1EC2\\u1EBC\\u0112\\u1E14\\u1E16\\u0114\\u0116\\u00CB\\u1EBA\\u011A\\u0204\\u0206\\u1EB8\\u1EC6\\u0228\\u1E1C\\u0118\\u1E18\\u1E1A\\u0190\\u018E]","F":"[\\u0046\\u24BB\\uFF26\\u1E1E\\u0191\\uA77B]","G":"[\\u0047\\u24BC\\uFF27\\u01F4\\u011C\\u1E20\\u011E\\u0120\\u01E6\\u0122\\u01E4\\u0193\\uA7A0\\uA77D\\uA77E]","H":"[\\u0048\\u24BD\\uFF28\\u0124\\u1E22\\u1E26\\u021E\\u1E24\\u1E28\\u1E2A\\u0126\\u2C67\\u2C75\\uA78D]","I":"[\\u0049\\u24BE\\uFF29\\u00CC\\u00CD\\u00CE\\u0128\\u012A\\u012C\\u0130\\u00CF\\u1E2E\\u1EC8\\u01CF\\u0208\\u020A\\u1ECA\\u012E\\u1E2C\\u0197]","J":"[\\u004A\\u24BF\\uFF2A\\u0134\\u0248]","K":"[\\u004B\\u24C0\\uFF2B\\u1E30\\u01E8\\u1E32\\u0136\\u1E34\\u0198\\u2C69\\uA740\\uA742\\uA744\\uA7A2]","L":"[\\u004C\\u24C1\\uFF2C\\u013F\\u0139\\u013D\\u1E36\\u1E38\\u013B\\u1E3C\\u1E3A\\u0141\\u023D\\u2C62\\u2C60\\uA748\\uA746\\uA780]","LJ":"[\\u01C7]","Lj":"[\\u01C8]","M":"[\\u004D\\u24C2\\uFF2D\\u1E3E\\u1E40\\u1E42\\u2C6E\\u019C]","N":"[\\u004E\\u24C3\\uFF2E\\u01F8\\u0143\\u00D1\\u1E44\\u0147\\u1E46\\u0145\\u1E4A\\u1E48\\u0220\\u019D\\uA790\\uA7A4]","NJ":"[\\u01CA]","Nj":"[\\u01CB]","O":"[\\u004F\\u24C4\\uFF2F\\u00D2\\u00D3\\u00D4\\u1ED2\\u1ED0\\u1ED6\\u1ED4\\u00D5\\u1E4C\\u022C\\u1E4E\\u014C\\u1E50\\u1E52\\u014E\\u022E\\u0230\\u00D6\\u022A\\u1ECE\\u0150\\u01D1\\u020C\\u020E\\u01A0\\u1EDC\\u1EDA\\u1EE0\\u1EDE\\u1EE2\\u1ECC\\u1ED8\\u01EA\\u01EC\\u00D8\\u01FE\\u0186\\u019F\\uA74A\\uA74C]","OI":"[\\u01A2]","OO":"[\\uA74E]","OU":"[\\u0222]","P":"[\\u0050\\u24C5\\uFF30\\u1E54\\u1E56\\u01A4\\u2C63\\uA750\\uA752\\uA754]","Q":"[\\u0051\\u24C6\\uFF31\\uA756\\uA758\\u024A]","R":"[\\u0052\\u24C7\\uFF32\\u0154\\u1E58\\u0158\\u0210\\u0212\\u1E5A\\u1E5C\\u0156\\u1E5E\\u024C\\u2C64\\uA75A\\uA7A6\\uA782]","S":"[\\u0053\\u24C8\\uFF33\\u1E9E\\u015A\\u1E64\\u015C\\u1E60\\u0160\\u1E66\\u1E62\\u1E68\\u0218\\u015E\\u2C7E\\uA7A8\\uA784]","T":"[\\u0054\\u24C9\\uFF34\\u1E6A\\u0164\\u1E6C\\u021A\\u0162\\u1E70\\u1E6E\\u0166\\u01AC\\u01AE\\u023E\\uA786]","TZ":"[\\uA728]","U":"[\\u0055\\u24CA\\uFF35\\u00D9\\u00DA\\u00DB\\u0168\\u1E78\\u016A\\u1E7A\\u016C\\u00DC\\u01DB\\u01D7\\u01D5\\u01D9\\u1EE6\\u016E\\u0170\\u01D3\\u0214\\u0216\\u01AF\\u1EEA\\u1EE8\\u1EEE\\u1EEC\\u1EF0\\u1EE4\\u1E72\\u0172\\u1E76\\u1E74\\u0244]","V":"[\\u0056\\u24CB\\uFF36\\u1E7C\\u1E7E\\u01B2\\uA75E\\u0245]","VY":"[\\uA760]","W":"[\\u0057\\u24CC\\uFF37\\u1E80\\u1E82\\u0174\\u1E86\\u1E84\\u1E88\\u2C72]","X":"[\\u0058\\u24CD\\uFF38\\u1E8A\\u1E8C]","Y":"[\\u0059\\u24CE\\uFF39\\u1EF2\\u00DD\\u0176\\u1EF8\\u0232\\u1E8E\\u0178\\u1EF6\\u1EF4\\u01B3\\u024E\\u1EFE]","Z":"[\\u005A\\u24CF\\uFF3A\\u0179\\u1E90\\u017B\\u017D\\u1E92\\u1E94\\u01B5\\u0224\\u2C7F\\u2C6B\\uA762]","a":"[\\u0061\\u24D0\\uFF41\\u1E9A\\u00E0\\u00E1\\u00E2\\u1EA7\\u1EA5\\u1EAB\\u1EA9\\u00E3\\u0101\\u0103\\u1EB1\\u1EAF\\u1EB5\\u1EB3\\u0227\\u01E1\\u00E4\\u01DF\\u1EA3\\u00E5\\u01FB\\u01CE\\u0201\\u0203\\u1EA1\\u1EAD\\u1EB7\\u1E01\\u0105\\u2C65\\u0250]","aa":"[\\uA733]","ae":"[\\u00E6\\u01FD\\u01E3]","ao":"[\\uA735]","au":"[\\uA737]","av":"[\\uA739\\uA73B]","ay":"[\\uA73D]","b":"[\\u0062\\u24D1\\uFF42\\u1E03\\u1E05\\u1E07\\u0180\\u0183\\u0253]","c":"[\\u0063\\u24D2\\uFF43\\u0107\\u0109\\u010B\\u010D\\u00E7\\u1E09\\u0188\\u023C\\uA73F\\u2184]","d":"[\\u0064\\u24D3\\uFF44\\u1E0B\\u010F\\u1E0D\\u1E11\\u1E13\\u1E0F\\u0111\\u018C\\u0256\\u0257\\uA77A]","dz":"[\\u01F3\\u01C6]","e":"[\\u0065\\u24D4\\uFF45\\u00E8\\u00E9\\u00EA\\u1EC1\\u1EBF\\u1EC5\\u1EC3\\u1EBD\\u0113\\u1E15\\u1E17\\u0115\\u0117\\u00EB\\u1EBB\\u011B\\u0205\\u0207\\u1EB9\\u1EC7\\u0229\\u1E1D\\u0119\\u1E19\\u1E1B\\u0247\\u025B\\u01DD]","f":"[\\u0066\\u24D5\\uFF46\\u1E1F\\u0192\\uA77C]","g":"[\\u0067\\u24D6\\uFF47\\u01F5\\u011D\\u1E21\\u011F\\u0121\\u01E7\\u0123\\u01E5\\u0260\\uA7A1\\u1D79\\uA77F]","h":"[\\u0068\\u24D7\\uFF48\\u0125\\u1E23\\u1E27\\u021F\\u1E25\\u1E29\\u1E2B\\u1E96\\u0127\\u2C68\\u2C76\\u0265]","hv":"[\\u0195]","i":"[\\u0069\\u24D8\\uFF49\\u00EC\\u00ED\\u00EE\\u0129\\u012B\\u012D\\u00EF\\u1E2F\\u1EC9\\u01D0\\u0209\\u020B\\u1ECB\\u012F\\u1E2D\\u0268\\u0131]","j":"[\\u006A\\u24D9\\uFF4A\\u0135\\u01F0\\u0249]","k":"[\\u006B\\u24DA\\uFF4B\\u1E31\\u01E9\\u1E33\\u0137\\u1E35\\u0199\\u2C6A\\uA741\\uA743\\uA745\\uA7A3]","l":"[\\u006C\\u24DB\\uFF4C\\u0140\\u013A\\u013E\\u1E37\\u1E39\\u013C\\u1E3D\\u1E3B\\u017F\\u0142\\u019A\\u026B\\u2C61\\uA749\\uA781\\uA747]","lj":"[\\u01C9]","m":"[\\u006D\\u24DC\\uFF4D\\u1E3F\\u1E41\\u1E43\\u0271\\u026F]","n":"[\\u006E\\u24DD\\uFF4E\\u01F9\\u0144\\u00F1\\u1E45\\u0148\\u1E47\\u0146\\u1E4B\\u1E49\\u019E\\u0272\\u0149\\uA791\\uA7A5]","nj":"[\\u01CC]","o":"[\\u006F\\u24DE\\uFF4F\\u00F2\\u00F3\\u00F4\\u1ED3\\u1ED1\\u1ED7\\u1ED5\\u00F5\\u1E4D\\u022D\\u1E4F\\u014D\\u1E51\\u1E53\\u014F\\u022F\\u0231\\u00F6\\u022B\\u1ECF\\u0151\\u01D2\\u020D\\u020F\\u01A1\\u1EDD\\u1EDB\\u1EE1\\u1EDF\\u1EE3\\u1ECD\\u1ED9\\u01EB\\u01ED\\u00F8\\u01FF\\u0254\\uA74B\\uA74D\\u0275]","oi":"[\\u01A3]","ou":"[\\u0223]","oo":"[\\uA74F]","p":"[\\u0070\\u24DF\\uFF50\\u1E55\\u1E57\\u01A5\\u1D7D\\uA751\\uA753\\uA755]","q":"[\\u0071\\u24E0\\uFF51\\u024B\\uA757\\uA759]","r":"[\\u0072\\u24E1\\uFF52\\u0155\\u1E59\\u0159\\u0211\\u0213\\u1E5B\\u1E5D\\u0157\\u1E5F\\u024D\\u027D\\uA75B\\uA7A7\\uA783]","s":"[\\u0073\\u24E2\\uFF53\\u015B\\u1E65\\u015D\\u1E61\\u0161\\u1E67\\u1E63\\u1E69\\u0219\\u015F\\u023F\\uA7A9\\uA785\\u1E9B]","ss":"[\\u00DF]","t":"[\\u0074\\u24E3\\uFF54\\u1E6B\\u1E97\\u0165\\u1E6D\\u021B\\u0163\\u1E71\\u1E6F\\u0167\\u01AD\\u0288\\u2C66\\uA787]","tz":"[\\uA729]","u":"[\\u0075\\u24E4\\uFF55\\u00F9\\u00FA\\u00FB\\u0169\\u1E79\\u016B\\u1E7B\\u016D\\u00FC\\u01DC\\u01D8\\u01D6\\u01DA\\u1EE7\\u016F\\u0171\\u01D4\\u0215\\u0217\\u01B0\\u1EEB\\u1EE9\\u1EEF\\u1EED\\u1EF1\\u1EE5\\u1E73\\u0173\\u1E77\\u1E75\\u0289]","v":"[\\u0076\\u24E5\\uFF56\\u1E7D\\u1E7F\\u028B\\uA75F\\u028C]","vy":"[\\uA761]","w":"[\\u0077\\u24E6\\uFF57\\u1E81\\u1E83\\u0175\\u1E87\\u1E85\\u1E98\\u1E89\\u2C73]","x":"[\\u0078\\u24E7\\uFF58\\u1E8B\\u1E8D]","y":"[\\u0079\\u24E8\\uFF59\\u1EF3\\u00FD\\u0177\\u1EF9\\u0233\\u1E8F\\u00FF\\u1EF7\\u1E99\\u1EF5\\u01B4\\u024F\\u1EFF]","z":"[\\u007A\\u24E9\\uFF5A\\u017A\\u1E91\\u017C\\u017E\\u1E93\\u1E95\\u01B6\\u0225\\u0240\\u2C6C\\uA763]"},"researchesTests":["contentHasTOC","contentHasShortParagraphs","contentHasAssets","keywordInTitle","keywordInMetaDescription","keywordInPermalink","keywordIn10Percent","keywordInContent","keywordInSubheadings","keywordInImageAlt","keywordDensity","keywordNotUsed","lengthContent","lengthPermalink","linksHasInternal","linksHasExternals","linksNotAllExternals","titleStartWithKeyword","titleSentiment","titleHasPowerWords","titleHasNumber","hasContentAI"],"hasRedirection":true,"hasBreadcrumb":false},"homeUrl":"https:\/\/onlinebettingspace.com\/ro\/","objectID":1624,"objectType":"post","locale":"ro","localeFull":"ro_RO","overlayImages":{"play":{"name":"Play icon","url":"https:\/\/onlinebettingspace.com\/wp-content\/plugins\/seo-by-rank-math\/assets\/admin\/img\/icon-play.png","path":"\/home\/SuperAdmin\/web\/onlinebettingspace.com\/public_html\/wp-content\/plugins\/seo-by-rank-math\/assets\/admin\/img\/icon-play.png","position":"middle_center"},"gif":{"name":"Icon GIF","url":"https:\/\/onlinebettingspace.com\/wp-content\/plugins\/seo-by-rank-math\/assets\/admin\/img\/icon-gif.png","path":"\/home\/SuperAdmin\/web\/onlinebettingspace.com\/public_html\/wp-content\/plugins\/seo-by-rank-math\/assets\/admin\/img\/icon-gif.png","position":"middle_center"}},"defautOgImage":"https:\/\/onlinebettingspace.com\/wp-content\/uploads\/2022\/04\/OBS-FULL-LOGO.webp","customPermalinks":true,"isUserRegistered":true,"autoSuggestKeywords":true,"connectSiteUrl":"https:\/\/rankmath.com\/auth?site=https%3A%2F%2Fonlinebettingspace.com%2Fro%2F&r=https%3A%2F%2Fonlinebettingspace.com%2Fro%2Fwp-json%2Fwp%2Fv2%2Fpages%2F1624%3Fnonce%3D63b085038f","maxTags":5,"trendsIcon":"<svg viewBox=\"0 0 610 610\"><path d=\"M18.85,446,174.32,290.48l58.08,58.08L76.93,504a14.54,14.54,0,0,1-20.55,0L18.83,466.48a14.54,14.54,0,0,1,0-20.55Z\" style=\"fill:#4285f4\"\/><path d=\"M242.65,242.66,377.59,377.6l-47.75,47.75a14.54,14.54,0,0,1-20.55,0L174.37,290.43l47.75-47.75A14.52,14.52,0,0,1,242.65,242.66Z\" style=\"fill:#ea4335\"\/><polygon points=\"319.53 319.53 479.26 159.8 537.34 217.88 377.61 377.62 319.53 319.53\" style=\"fill:#fabb05\"\/><path d=\"M594.26,262.73V118.61h0a16.94,16.94,0,0,0-16.94-16.94H433.2a16.94,16.94,0,0,0-12,28.92L565.34,274.71h0a16.94,16.94,0,0,0,28.92-12Z\" style=\"fill:#34a853\"\/><rect width=\"610\" height=\"610\" style=\"fill:none\"\/><\/svg>","showScore":true,"siteFavIcon":"https:\/\/onlinebettingspace.com\/wp-content\/uploads\/2022\/04\/OBS-LOGO-1.webp","canUser":{"general":false,"advanced":false,"snippet":false,"social":false,"analysis":false,"analytics":false,"content_ai":false},"showKeywordIntent":true,"isPro":false,"is_front_page":false,"trendsUpgradeLink":"https:\/\/rankmath.com\/pricing\/?utm_source=Plugin&utm_medium=CE%20General%20Tab%20Trends&utm_campaign=WP","trendsUpgradeLabel":"Actualizeaz\u0103","trendsPreviewImage":"https:\/\/onlinebettingspace.com\/wp-content\/plugins\/seo-by-rank-math\/assets\/admin\/img\/trends-preview.jpg","currentEditor":false,"homepageData":{"assessor":{"powerWords":[],"diacritics":true,"researchesTests":["contentHasTOC","contentHasShortParagraphs","contentHasAssets","keywordInTitle","keywordInMetaDescription","keywordInPermalink","keywordIn10Percent","keywordInContent","keywordInSubheadings","keywordInImageAlt","keywordDensity","keywordNotUsed","lengthContent","lengthPermalink","linksHasInternal","linksHasExternals","linksNotAllExternals","titleStartWithKeyword","titleSentiment","titleHasPowerWords","titleHasNumber","hasContentAI"],"hasBreadcrumb":false,"serpData":{"title":"%sitename% %page% %sep% %sitedesc%","description":"","titleTemplate":"%sitename% %page% %sep% %sitedesc%","descriptionTemplate":"","focusKeywords":"","breadcrumbTitle":"Home","robots":{"index":true},"advancedRobots":[],"facebookTitle":"","facebookDescription":"","facebookImage":"","facebookImageID":""}}},"tocTitle":"Table of Contents","tocExcludeHeadings":[],"listStyle":"ul"},"_links":{"self":[{"href":"https:\/\/onlinebettingspace.com\/ro\/wp-json\/wp\/v2\/pages\/1624","targetHints":{"allow":["GET"]}}],"collection":[{"href":"https:\/\/onlinebettingspace.com\/ro\/wp-json\/wp\/v2\/pages"}],"about":[{"href":"https:\/\/onlinebettingspace.com\/ro\/wp-json\/wp\/v2\/types\/page"}],"author":[{"embeddable":true,"href":"https:\/\/onlinebettingspace.com\/ro\/wp-json\/wp\/v2\/users\/1"}],"replies":[{"embeddable":true,"href":"https:\/\/onlinebettingspace.com\/ro\/wp-json\/wp\/v2\/comments?post=1624"}],"version-history":[{"count":0,"href":"https:\/\/onlinebettingspace.com\/ro\/wp-json\/wp\/v2\/pages\/1624\/revisions"}],"up":[{"embeddable":true,"href":"https:\/\/onlinebettingspace.com\/ro\/wp-json\/wp\/v2\/pages\/1587"}],"wp:attachment":[{"href":"https:\/\/onlinebettingspace.com\/ro\/wp-json\/wp\/v2\/media?parent=1624"}],"curies":[{"name":"wp","href":"https:\/\/api.w.org\/{rel}","templated":true}]}}