{"id":1605,"date":"2022-05-24T00:39:17","date_gmt":"2022-05-23T21:39:17","guid":{"rendered":"https:\/\/onlinebettingspace.com\/?page_id=1605"},"modified":"2022-05-24T00:39:17","modified_gmt":"2022-05-23T21:39:17","slug":"poker","status":"publish","type":"page","link":"https:\/\/onlinebettingspace.com\/ro\/casino\/jocuri\/poker\/","title":{"rendered":"POKER"},"content":{"rendered":"<section class=\"l-section wpb_row height_medium\"><div class=\"l-section-h i-cf\"><div class=\"g-cols vc_row via_flex valign_top type_default stacking_default\"><div class=\"vc_col-sm-12 wpb_column vc_column_container\"><div class=\"vc_column-inner\"><div class=\"wpb_wrapper\"><div class=\"wpb_text_column\"><div class=\"wpb_wrapper\"><h1>Online Poker<\/h1>\n<div class=\" WYSIWYG _34 \">\n<p>Pokerul este primul joc de noroc la care se g\u00e2nde\u0219te o persoan\u0103 atunci c\u00e2nd se g\u00e2nde\u0219te la cazinouri \u0219i jocuri de noroc.<\/p>\n<p>Ap\u0103rut pentru prima dat\u0103 \u00een cadrul ma\u0219in\u0103riilor de jocuri de noroc din cazinourile tradi\u021bionale, pokerul a cunoscut o puternic\u0103 popularitate. Popularitatea acestuia era asigurat\u0103 de faptul c\u0103 era printre primele jocuri de noroc pe bani reali. Odat\u0103 cu apari\u021bia cazinourilor online, nu a int\u00e2rziat s\u0103 apar\u0103 \u0219i versiunile online ale pokerului adaptat dup\u0103 tipul jocului la aparate.<\/p>\n<p>Interfa\u021ba acestora era identic\u0103 cu cele de la aparate, astfel c\u0103 adaptarea juc\u0103torilor de la aparatele clasice de poker la online poker s-a realizat rapid \u0219i cu u\u0219urin\u021b\u0103. \u00cen prezent, interfa\u021ba jocului s-a \u00eembun\u0103t\u0103\u021bit destul de mult \u0219i au ap\u0103rut o serie de tipuri de poker online. Astfel, orice pasionat de poker are la dispozi\u021bie diverse versiuni de joc din care poate alege. Odat\u0103 cu cre\u0219terea popularit\u0103\u021bii pokerului \u00een mediul online au fost create bonusuri \u0219i oferte promo\u021bionale speciale pentru poker<\/p>\n<h2>Cazinouri online recomandate pentru poker<\/h2>\n<p>La momentul actual fiecare cazinou online de\u021bine cel pu\u021bin o versiune de poker online pe platforma sa. Un cazinou online de top va avea furnizori numele importante din industria gamblingului online. Principalii furnizori de jocuri de noroc pentru cazinouri sunt Playtech, Play n GO, Novomatic, Microgaming, EGT, IGT\u00a0 etc. Cazinourile online din Rom\u00e2nia care \u00eei au drept furnizori principali pe ace\u0219tia cu siguran\u021b\u0103 \u00een top 10 cele mai bune cazinouri din \u021bar\u0103. Motivul este simplu: calitatea este garantat\u0103.<\/p>\n<p>Jocurile de poker pe bani reali create de dezvoltatori nu au erori de sistem sau vizuale deoarece sunt lansate pe pia\u021ba abia dup\u0103 \u00eendeplinirea a numeroase teste de detaliu. De asemenea, corectitudinea este principala calitate a jocurilor produse de furnizorii de top. Jocurile acestora func\u021bioneaz\u0103 pe baza unui sistem de joc numit RNG, Random Number Generator, care garanteaz\u0103 generarea unor runde de joc total aleatoare.<\/p>\n<p>Motivul implement\u0103rii acestui sistem este de a spulbera mitul cum c\u0103 jocurile ar fi special produse pentru a favoriza cazinourile online. Astfel, dac\u0103 juca\u021bi la un joc de poker online produs de unul din ace\u0219ti operatori nu va trebui s\u0103 v\u0103 face\u021bi griji \u00een privin\u021ba corectitudinii. V\u0103 recomand\u0103m \u00een special cazinourile online care dispun de jocuri de poker online produse de ace\u0219ti dezvoltatori recunoscu\u021bi.<\/p>\n<h2>M\u00e2ini c\u00e2\u0219tig\u0103toare \u00een poker<\/h2>\n<p>Pentru a putea c\u00e2\u0219tiga mai mul\u021bi bani din poker online tot ce trebuie s\u0103 face\u021bi este s\u0103 ave\u021bi o m\u00e2n\u0103 de c\u0103r\u021bi c\u00e2t se poate de bun\u0103. Exist\u0103 mai multe tipuri \u0219i combina\u021bii de c\u0103r\u021bi pe care le pute\u021bi ob\u021bine, doar c\u0103 premiile cele mai mari sunt oferite pentru m\u00e2inile cele mai greu de realizat. Iat\u0103 topul m\u00e2inilor c\u00e2\u0219tig\u0103toare la poker online de la cea mai bun\u0103 la cea mai slab\u0103<\/p>\n<h2>Cum juc\u0103m poker online<\/h2>\n<p>Pentru a putea juca poker online trebuie s\u0103 alege\u021bi prima dat\u0103 cazinoul online \u00een care ve\u021bi juca. V-am prezentat \u00een paragrafele anterior cum face\u021bi aceast\u0103 alegere \u00een func\u021bie de furnizorul de jocuri de noroc al cazinoului. Dac\u0103 tot ce v\u0103 dori\u021bi este s\u0103 juca\u021bi poker online v\u0103 recomand\u0103m s\u0103 \u00eencerca\u021bi poker online gratis f\u0103r\u0103 \u00eenregistrare. \u00cen continuare v\u0103 vom ar\u0103ta ce trebuie s\u0103 face\u021bi pentru a c\u00e2\u0219tiga bani din poker.<\/p>\n<p>Urm\u0103torul pas este crearea unui cont personal \u00een cazinou. Acest lucru se realizeaz\u0103 u\u0219or ap\u0103s\u00e2nd butonul \u00cenregistreaz\u0103-te. \u00cen fereastra afi\u0219at\u0103 vi se va solicita s\u0103 completa\u021bi rubricile obligatorii pentru a finaliza \u00eenregistrarea. Va trebui s\u0103 introduce\u021bi informa\u021bii personale, precum nume, prenume, adresa de domiciliu, v\u00e2rst\u0103, num\u0103r de telefon etc. Ultimul pas pentru \u00eenregistrare este confirmarea faptului c\u0103 sunte\u021bi o persoan\u0103 major\u0103 care accept\u0103 Termenii \u0219i Condi\u021biile cazinoului. Citi\u021bi cu aten\u021bie Termenii \u0219i Condi\u021biile \u00eenainte de a le accepta! Dup\u0103 ce v-a\u021bi verificat contul prin linkul trimis pe e-mailul personal sunte\u021bi gata s\u0103 trece\u021bi la urm\u0103toarea etap\u0103.<\/p>\n<h2>Bonusuri pentru online poker<\/h2>\n<p>Fiecare cazinou online pun la dispozi\u021bie utilizatorilor s\u0103i mai multe tipuri de bonusuri pentru poker online. Este de men\u021bionat faptul c\u0103 fiecare bonus \u0219i promo\u021bie pentru poker au anumite cerin\u021be de pariere. Acestea trebuie \u00eendeplinite dac\u0103 dori\u021bi s\u0103 retrage\u021bi premiul respectiv. Condi\u021biile impuse constau \u00een rularea \u00een jocurile de poker online de un anumit num\u0103r de ori.<\/p>\n<h2>Varia\u021bii de poker<\/h2>\n<p>Poker Texas Holdem pe bani reali este un tip de poker online \u00een care fiecare juc\u0103tor joac\u0103 cu dou\u0103 c\u0103r\u021bi. \u00cen timpul rundei de joc se vor afi\u0219a p\u00e2n\u0103 la 5 c\u0103r\u021bi de joc cu fa\u021ba \u00een sus. Fiecare juc\u0103tor poate realiza combina\u021bii cu cele dou\u0103 c\u0103r\u021bi de joc din m\u00e2n\u0103 \u0219i oricare alte 3 c\u0103r\u021bi de pe mas\u0103 sau o carte din m\u00e2n\u0103 \u0219i 4 c\u0103r\u021bi de pe mas\u0103.<\/p>\n<p>Omaha\u00a0 este o versiune de poker online \u00een care fiecare juc\u0103tor prime\u015fte patru c\u0103r\u0163i. De asemenea, pe mas\u0103 vor fi afi\u0219ate 5 c\u0103r\u021bi cu fa\u021ba \u00een sus. Juc\u0103torii trebuie s\u0103 realizeze combina\u021bii c\u00e2t mai bune utiliz\u00e2nd doar 3 dintre c\u0103r\u021bile de pe mas\u0103 \u0219i dou\u0103 c\u0103r\u021bi dintre cele 4 din m\u00e2n\u0103.<\/p>\n<p>Omaha Li\/Lo\u00a0 este un tip de poker similar lui Omaha. Principala diferen\u0163\u0103 \u021bine doar de \u00eemp\u0103r\u0163irea potului. C\u00e2\u0219tigurile sunt \u00eempr\u00ee\u021bite \u00eentre cea mai bun\u0103 m\u00e2n\u0103 high (mare) \u015fi cea mai bun\u0103 m\u00e2n\u0103 low (mic\u0103). O regul\u0103 a jocului este c\u0103 m\u00e2na nu poate con\u021bine nicio pereche. \u00cen lipsa unei m\u00e2ini high, m\u00e2na low va c\u00e2\u0219tiga tot c\u00e2\u0219tigul \u0219i viceversa.<\/p>\n<p>Seven Card Stud Hi\/Lo sau Razz este o versiune de poker \u00een care sunt \u00eemp\u0103r\u021bite c\u00e2te \u015fapte c\u0103r\u0163i fiec\u0103rui juc\u0103tor. Ace\u0219tia vor putea folosi doar 5 c\u0103r\u021bi din cele 7 pentru a forma o m\u00e2n\u0103. \u00a0Miza jocului va fi \u00eemp\u0103r\u021bit\u0103 \u00eentre cea mai bun\u0103 m\u00e2n\u0103 low \u0219i cea mai bun\u0103 m\u00e2n\u0103 high. M\u00e2na format\u0103 nu trebuie s\u0103 con\u0163in\u0103 nicio pereche.<\/p>\n<p>Bonusul de \u00eenregistrare este primul bonus de poker cu care ve\u021bi intra \u00een contact la prima accesare a cazinoului. Bonusul de \u00eenregistrare este un bonus poker bani reali f\u0103r\u0103 depunere. Acesta premiaz\u0103 juc\u0103torii care se \u00eenregistreaz\u0103 \u00een cazinou cu o anumit\u0103 sum\u0103 de bani bonus. Pentru a putea accesa bonusul de \u00eenregistrare trebuie s\u0103 fi\u021bi un juc\u0103tor nou venit, f\u0103r\u0103 un cont personal \u00een cazinou. Avantajul acestui bonus este c\u0103 nu impune juc\u0103torului s\u0103 \u00ee\u0219i deschid\u0103 un depozit \u00een cazinou. De \u00eendat\u0103 ce a\u021bi completat \u00eenregistrarea \u0219i v-a\u021bi verificat contul prin intermediul linkului primit pe e-mailul introdus v\u0103 ve\u021bi primi automat bonusul de \u00eenregistrare promis.<\/p>\n<h2>Concluzie<\/h2>\n<p>Acestea fiind spuse exist\u0103 numeroase tipuri de poker online pe bani online din care pute\u021bi alege. De\u0219i, \u00een \u021bara noastr\u0103 cazinourile online nu le vor oferi pe toate acestea, principalele tipuri de poker vor fi cu siguran\u021b\u0103 disponibile. Dac\u0103 sunte\u021bi \u00een c\u0103utarea unui cazinou online care s\u0103 dispun\u0103 de jocuri de poker online v\u0103 suger\u0103m s\u0103 \u00eencerca\u021bi pe cele din lista noastr\u0103 de cazinouri online pentru poker. De asemenea, este indicat s\u0103 alege\u021bi cazinourile online cu ofert\u0103 de bonusuri pentru poker c\u00e2t mai avantajoas\u0103. Ghida\u021bi-v\u0103 \u00een func\u021bie de cerin\u021bele de pariere ale acestora.<\/p>\n<\/div>\n<\/div><\/div><\/div><\/div><\/div><\/div><\/div><\/section>\n","protected":false},"excerpt":{"rendered":"Online Poker Pokerul este primul joc de noroc la care se g\u00e2nde\u0219te o persoan\u0103 atunci c\u00e2nd se g\u00e2nde\u0219te la cazinouri \u0219i jocuri de noroc. Ap\u0103rut pentru prima dat\u0103 \u00een cadrul ma\u0219in\u0103riilor de jocuri de noroc din cazinourile tradi\u021bionale, pokerul a cunoscut o puternic\u0103 popularitate. Popularitatea acestuia era asigurat\u0103 de faptul c\u0103 era printre primele jocuri...","protected":false},"author":1,"featured_media":0,"parent":1587,"menu_order":0,"comment_status":"closed","ping_status":"closed","template":"","meta":{"_acf_changed":false,"footnotes":""},"class_list":["post-1605","page","type-page","status-publish","hentry"],"acf":[],"rankMath":{"parentDomain":"onlinebettingspace.com","noFollowDomains":[],"noFollowExcludeDomains":[],"noFollowExternalLinks":false,"featuredImageNotice":"Imaginea reprezentativ\u0103 ar trebui s\u0103 fie de cel pu\u021bin 200 x 200 pixeli pentru a fi preluat\u0103 de Facebook \u0219i de alte re\u021bele de socializare.","pluginReviewed":true,"postSettings":{"linkSuggestions":true,"useFocusKeyword":false},"frontEndScore":false,"postName":"poker","permalinkFormat":"https:\/\/onlinebettingspace.com\/ro\/%pagename%\/","showLockModifiedDate":true,"assessor":{"focusKeywordLink":"https:\/\/onlinebettingspace.com\/wp-admin\/edit.php?focus_keyword=%focus_keyword%&post_type=%post_type%","hasTOCPlugin":false,"primaryTaxonomy":false,"serpData":{"title":" 68 charactersAfl\u0103 aici cum pute\u021bi juca poker online pe bani reali","description":"Afl\u0103 aici cum pute\u021bi juca poker online pe bani reali, care sunt regulile de joc, care sunt m\u00e2inile de poker c\u00e2\u0219tig\u0103toare, care sunt bonusurile pentru poker \u0219i care sunt tipurile de poker online. V\u0103 vom prezenta toate acestea pe larg pentru a v\u0103 maximiza \u0219ansele de a c\u00e2\u0219tiga bani reali din poker.","focusKeywords":"","pillarContent":false,"canonicalUrl":"","breadcrumbTitle":"","advancedRobots":[],"facebookTitle":"","facebookDescription":"","facebookImage":"","facebookImageID":"","facebookHasOverlay":false,"facebookImageOverlay":"","facebookAuthor":"","twitterCardType":"","twitterUseFacebook":true,"twitterTitle":"","twitterDescription":"","twitterImage":"","twitterImageID":"","twitterHasOverlay":false,"twitterImageOverlay":"","twitterPlayerUrl":"","twitterPlayerSize":"","twitterPlayerStream":"","twitterPlayerStreamCtype":"","twitterAppDescription":"","twitterAppIphoneName":"","twitterAppIphoneID":"","twitterAppIphoneUrl":"","twitterAppIpadName":"","twitterAppIpadID":"","twitterAppIpadUrl":"","twitterAppGoogleplayName":"","twitterAppGoogleplayID":"","twitterAppGoogleplayUrl":"","twitterAppCountry":"","robots":{"index":true},"twitterAuthor":"nume utilizator","primaryTerm":0,"authorName":"OBSAdmin","titleTemplate":"%title% %sep% %sitename%","descriptionTemplate":"%excerpt%","showScoreFrontend":true,"lockModifiedDate":false},"powerWords":[],"diacritics":{"A":"[\\u0041\\u24B6\\uFF21\\u00C0\\u00C1\\u00C2\\u1EA6\\u1EA4\\u1EAA\\u1EA8\\u00C3\\u0100\\u0102\\u1EB0\\u1EAE\\u1EB4\\u1EB2\\u0226\\u01E0\\u00C4\\u01DE\\u1EA2\\u00C5\\u01FA\\u01CD\\u0200\\u0202\\u1EA0\\u1EAC\\u1EB6\\u1E00\\u0104\\u023A\\u2C6F]","AA":"[\\uA732]","AE":"[\\u00C6\\u01FC\\u01E2]","AO":"[\\uA734]","AU":"[\\uA736]","AV":"[\\uA738\\uA73A]","AY":"[\\uA73C]","B":"[\\u0042\\u24B7\\uFF22\\u1E02\\u1E04\\u1E06\\u0243\\u0182\\u0181]","C":"[\\u0043\\u24B8\\uFF23\\u0106\\u0108\\u010A\\u010C\\u00C7\\u1E08\\u0187\\u023B\\uA73E]","D":"[\\u0044\\u24B9\\uFF24\\u1E0A\\u010E\\u1E0C\\u1E10\\u1E12\\u1E0E\\u0110\\u018B\\u018A\\u0189\\uA779]","DZ":"[\\u01F1\\u01C4]","Dz":"[\\u01F2\\u01C5]","E":"[\\u0045\\u24BA\\uFF25\\u00C8\\u00C9\\u00CA\\u1EC0\\u1EBE\\u1EC4\\u1EC2\\u1EBC\\u0112\\u1E14\\u1E16\\u0114\\u0116\\u00CB\\u1EBA\\u011A\\u0204\\u0206\\u1EB8\\u1EC6\\u0228\\u1E1C\\u0118\\u1E18\\u1E1A\\u0190\\u018E]","F":"[\\u0046\\u24BB\\uFF26\\u1E1E\\u0191\\uA77B]","G":"[\\u0047\\u24BC\\uFF27\\u01F4\\u011C\\u1E20\\u011E\\u0120\\u01E6\\u0122\\u01E4\\u0193\\uA7A0\\uA77D\\uA77E]","H":"[\\u0048\\u24BD\\uFF28\\u0124\\u1E22\\u1E26\\u021E\\u1E24\\u1E28\\u1E2A\\u0126\\u2C67\\u2C75\\uA78D]","I":"[\\u0049\\u24BE\\uFF29\\u00CC\\u00CD\\u00CE\\u0128\\u012A\\u012C\\u0130\\u00CF\\u1E2E\\u1EC8\\u01CF\\u0208\\u020A\\u1ECA\\u012E\\u1E2C\\u0197]","J":"[\\u004A\\u24BF\\uFF2A\\u0134\\u0248]","K":"[\\u004B\\u24C0\\uFF2B\\u1E30\\u01E8\\u1E32\\u0136\\u1E34\\u0198\\u2C69\\uA740\\uA742\\uA744\\uA7A2]","L":"[\\u004C\\u24C1\\uFF2C\\u013F\\u0139\\u013D\\u1E36\\u1E38\\u013B\\u1E3C\\u1E3A\\u0141\\u023D\\u2C62\\u2C60\\uA748\\uA746\\uA780]","LJ":"[\\u01C7]","Lj":"[\\u01C8]","M":"[\\u004D\\u24C2\\uFF2D\\u1E3E\\u1E40\\u1E42\\u2C6E\\u019C]","N":"[\\u004E\\u24C3\\uFF2E\\u01F8\\u0143\\u00D1\\u1E44\\u0147\\u1E46\\u0145\\u1E4A\\u1E48\\u0220\\u019D\\uA790\\uA7A4]","NJ":"[\\u01CA]","Nj":"[\\u01CB]","O":"[\\u004F\\u24C4\\uFF2F\\u00D2\\u00D3\\u00D4\\u1ED2\\u1ED0\\u1ED6\\u1ED4\\u00D5\\u1E4C\\u022C\\u1E4E\\u014C\\u1E50\\u1E52\\u014E\\u022E\\u0230\\u00D6\\u022A\\u1ECE\\u0150\\u01D1\\u020C\\u020E\\u01A0\\u1EDC\\u1EDA\\u1EE0\\u1EDE\\u1EE2\\u1ECC\\u1ED8\\u01EA\\u01EC\\u00D8\\u01FE\\u0186\\u019F\\uA74A\\uA74C]","OI":"[\\u01A2]","OO":"[\\uA74E]","OU":"[\\u0222]","P":"[\\u0050\\u24C5\\uFF30\\u1E54\\u1E56\\u01A4\\u2C63\\uA750\\uA752\\uA754]","Q":"[\\u0051\\u24C6\\uFF31\\uA756\\uA758\\u024A]","R":"[\\u0052\\u24C7\\uFF32\\u0154\\u1E58\\u0158\\u0210\\u0212\\u1E5A\\u1E5C\\u0156\\u1E5E\\u024C\\u2C64\\uA75A\\uA7A6\\uA782]","S":"[\\u0053\\u24C8\\uFF33\\u1E9E\\u015A\\u1E64\\u015C\\u1E60\\u0160\\u1E66\\u1E62\\u1E68\\u0218\\u015E\\u2C7E\\uA7A8\\uA784]","T":"[\\u0054\\u24C9\\uFF34\\u1E6A\\u0164\\u1E6C\\u021A\\u0162\\u1E70\\u1E6E\\u0166\\u01AC\\u01AE\\u023E\\uA786]","TZ":"[\\uA728]","U":"[\\u0055\\u24CA\\uFF35\\u00D9\\u00DA\\u00DB\\u0168\\u1E78\\u016A\\u1E7A\\u016C\\u00DC\\u01DB\\u01D7\\u01D5\\u01D9\\u1EE6\\u016E\\u0170\\u01D3\\u0214\\u0216\\u01AF\\u1EEA\\u1EE8\\u1EEE\\u1EEC\\u1EF0\\u1EE4\\u1E72\\u0172\\u1E76\\u1E74\\u0244]","V":"[\\u0056\\u24CB\\uFF36\\u1E7C\\u1E7E\\u01B2\\uA75E\\u0245]","VY":"[\\uA760]","W":"[\\u0057\\u24CC\\uFF37\\u1E80\\u1E82\\u0174\\u1E86\\u1E84\\u1E88\\u2C72]","X":"[\\u0058\\u24CD\\uFF38\\u1E8A\\u1E8C]","Y":"[\\u0059\\u24CE\\uFF39\\u1EF2\\u00DD\\u0176\\u1EF8\\u0232\\u1E8E\\u0178\\u1EF6\\u1EF4\\u01B3\\u024E\\u1EFE]","Z":"[\\u005A\\u24CF\\uFF3A\\u0179\\u1E90\\u017B\\u017D\\u1E92\\u1E94\\u01B5\\u0224\\u2C7F\\u2C6B\\uA762]","a":"[\\u0061\\u24D0\\uFF41\\u1E9A\\u00E0\\u00E1\\u00E2\\u1EA7\\u1EA5\\u1EAB\\u1EA9\\u00E3\\u0101\\u0103\\u1EB1\\u1EAF\\u1EB5\\u1EB3\\u0227\\u01E1\\u00E4\\u01DF\\u1EA3\\u00E5\\u01FB\\u01CE\\u0201\\u0203\\u1EA1\\u1EAD\\u1EB7\\u1E01\\u0105\\u2C65\\u0250]","aa":"[\\uA733]","ae":"[\\u00E6\\u01FD\\u01E3]","ao":"[\\uA735]","au":"[\\uA737]","av":"[\\uA739\\uA73B]","ay":"[\\uA73D]","b":"[\\u0062\\u24D1\\uFF42\\u1E03\\u1E05\\u1E07\\u0180\\u0183\\u0253]","c":"[\\u0063\\u24D2\\uFF43\\u0107\\u0109\\u010B\\u010D\\u00E7\\u1E09\\u0188\\u023C\\uA73F\\u2184]","d":"[\\u0064\\u24D3\\uFF44\\u1E0B\\u010F\\u1E0D\\u1E11\\u1E13\\u1E0F\\u0111\\u018C\\u0256\\u0257\\uA77A]","dz":"[\\u01F3\\u01C6]","e":"[\\u0065\\u24D4\\uFF45\\u00E8\\u00E9\\u00EA\\u1EC1\\u1EBF\\u1EC5\\u1EC3\\u1EBD\\u0113\\u1E15\\u1E17\\u0115\\u0117\\u00EB\\u1EBB\\u011B\\u0205\\u0207\\u1EB9\\u1EC7\\u0229\\u1E1D\\u0119\\u1E19\\u1E1B\\u0247\\u025B\\u01DD]","f":"[\\u0066\\u24D5\\uFF46\\u1E1F\\u0192\\uA77C]","g":"[\\u0067\\u24D6\\uFF47\\u01F5\\u011D\\u1E21\\u011F\\u0121\\u01E7\\u0123\\u01E5\\u0260\\uA7A1\\u1D79\\uA77F]","h":"[\\u0068\\u24D7\\uFF48\\u0125\\u1E23\\u1E27\\u021F\\u1E25\\u1E29\\u1E2B\\u1E96\\u0127\\u2C68\\u2C76\\u0265]","hv":"[\\u0195]","i":"[\\u0069\\u24D8\\uFF49\\u00EC\\u00ED\\u00EE\\u0129\\u012B\\u012D\\u00EF\\u1E2F\\u1EC9\\u01D0\\u0209\\u020B\\u1ECB\\u012F\\u1E2D\\u0268\\u0131]","j":"[\\u006A\\u24D9\\uFF4A\\u0135\\u01F0\\u0249]","k":"[\\u006B\\u24DA\\uFF4B\\u1E31\\u01E9\\u1E33\\u0137\\u1E35\\u0199\\u2C6A\\uA741\\uA743\\uA745\\uA7A3]","l":"[\\u006C\\u24DB\\uFF4C\\u0140\\u013A\\u013E\\u1E37\\u1E39\\u013C\\u1E3D\\u1E3B\\u017F\\u0142\\u019A\\u026B\\u2C61\\uA749\\uA781\\uA747]","lj":"[\\u01C9]","m":"[\\u006D\\u24DC\\uFF4D\\u1E3F\\u1E41\\u1E43\\u0271\\u026F]","n":"[\\u006E\\u24DD\\uFF4E\\u01F9\\u0144\\u00F1\\u1E45\\u0148\\u1E47\\u0146\\u1E4B\\u1E49\\u019E\\u0272\\u0149\\uA791\\uA7A5]","nj":"[\\u01CC]","o":"[\\u006F\\u24DE\\uFF4F\\u00F2\\u00F3\\u00F4\\u1ED3\\u1ED1\\u1ED7\\u1ED5\\u00F5\\u1E4D\\u022D\\u1E4F\\u014D\\u1E51\\u1E53\\u014F\\u022F\\u0231\\u00F6\\u022B\\u1ECF\\u0151\\u01D2\\u020D\\u020F\\u01A1\\u1EDD\\u1EDB\\u1EE1\\u1EDF\\u1EE3\\u1ECD\\u1ED9\\u01EB\\u01ED\\u00F8\\u01FF\\u0254\\uA74B\\uA74D\\u0275]","oi":"[\\u01A3]","ou":"[\\u0223]","oo":"[\\uA74F]","p":"[\\u0070\\u24DF\\uFF50\\u1E55\\u1E57\\u01A5\\u1D7D\\uA751\\uA753\\uA755]","q":"[\\u0071\\u24E0\\uFF51\\u024B\\uA757\\uA759]","r":"[\\u0072\\u24E1\\uFF52\\u0155\\u1E59\\u0159\\u0211\\u0213\\u1E5B\\u1E5D\\u0157\\u1E5F\\u024D\\u027D\\uA75B\\uA7A7\\uA783]","s":"[\\u0073\\u24E2\\uFF53\\u015B\\u1E65\\u015D\\u1E61\\u0161\\u1E67\\u1E63\\u1E69\\u0219\\u015F\\u023F\\uA7A9\\uA785\\u1E9B]","ss":"[\\u00DF]","t":"[\\u0074\\u24E3\\uFF54\\u1E6B\\u1E97\\u0165\\u1E6D\\u021B\\u0163\\u1E71\\u1E6F\\u0167\\u01AD\\u0288\\u2C66\\uA787]","tz":"[\\uA729]","u":"[\\u0075\\u24E4\\uFF55\\u00F9\\u00FA\\u00FB\\u0169\\u1E79\\u016B\\u1E7B\\u016D\\u00FC\\u01DC\\u01D8\\u01D6\\u01DA\\u1EE7\\u016F\\u0171\\u01D4\\u0215\\u0217\\u01B0\\u1EEB\\u1EE9\\u1EEF\\u1EED\\u1EF1\\u1EE5\\u1E73\\u0173\\u1E77\\u1E75\\u0289]","v":"[\\u0076\\u24E5\\uFF56\\u1E7D\\u1E7F\\u028B\\uA75F\\u028C]","vy":"[\\uA761]","w":"[\\u0077\\u24E6\\uFF57\\u1E81\\u1E83\\u0175\\u1E87\\u1E85\\u1E98\\u1E89\\u2C73]","x":"[\\u0078\\u24E7\\uFF58\\u1E8B\\u1E8D]","y":"[\\u0079\\u24E8\\uFF59\\u1EF3\\u00FD\\u0177\\u1EF9\\u0233\\u1E8F\\u00FF\\u1EF7\\u1E99\\u1EF5\\u01B4\\u024F\\u1EFF]","z":"[\\u007A\\u24E9\\uFF5A\\u017A\\u1E91\\u017C\\u017E\\u1E93\\u1E95\\u01B6\\u0225\\u0240\\u2C6C\\uA763]"},"researchesTests":["contentHasTOC","contentHasShortParagraphs","contentHasAssets","keywordInTitle","keywordInMetaDescription","keywordInPermalink","keywordIn10Percent","keywordInContent","keywordInSubheadings","keywordInImageAlt","keywordDensity","keywordNotUsed","lengthContent","lengthPermalink","linksHasInternal","linksHasExternals","linksNotAllExternals","titleStartWithKeyword","titleSentiment","titleHasPowerWords","titleHasNumber","hasContentAI"],"hasRedirection":true,"hasBreadcrumb":false},"homeUrl":"https:\/\/onlinebettingspace.com\/ro\/","objectID":1605,"objectType":"post","locale":"ro","localeFull":"ro_RO","overlayImages":{"play":{"name":"Play icon","url":"https:\/\/onlinebettingspace.com\/wp-content\/plugins\/seo-by-rank-math\/assets\/admin\/img\/icon-play.png","path":"\/home\/SuperAdmin\/web\/onlinebettingspace.com\/public_html\/wp-content\/plugins\/seo-by-rank-math\/assets\/admin\/img\/icon-play.png","position":"middle_center"},"gif":{"name":"Icon GIF","url":"https:\/\/onlinebettingspace.com\/wp-content\/plugins\/seo-by-rank-math\/assets\/admin\/img\/icon-gif.png","path":"\/home\/SuperAdmin\/web\/onlinebettingspace.com\/public_html\/wp-content\/plugins\/seo-by-rank-math\/assets\/admin\/img\/icon-gif.png","position":"middle_center"}},"defautOgImage":"https:\/\/onlinebettingspace.com\/wp-content\/uploads\/2022\/04\/OBS-FULL-LOGO.webp","customPermalinks":true,"isUserRegistered":true,"autoSuggestKeywords":true,"connectSiteUrl":"https:\/\/rankmath.com\/auth?site=https%3A%2F%2Fonlinebettingspace.com%2Fro%2F&r=https%3A%2F%2Fonlinebettingspace.com%2Fro%2Fwp-json%2Fwp%2Fv2%2Fpages%2F1605%3Fnonce%3D23ceaf9d1b","maxTags":5,"trendsIcon":"<svg viewBox=\"0 0 610 610\"><path d=\"M18.85,446,174.32,290.48l58.08,58.08L76.93,504a14.54,14.54,0,0,1-20.55,0L18.83,466.48a14.54,14.54,0,0,1,0-20.55Z\" style=\"fill:#4285f4\"\/><path d=\"M242.65,242.66,377.59,377.6l-47.75,47.75a14.54,14.54,0,0,1-20.55,0L174.37,290.43l47.75-47.75A14.52,14.52,0,0,1,242.65,242.66Z\" style=\"fill:#ea4335\"\/><polygon points=\"319.53 319.53 479.26 159.8 537.34 217.88 377.61 377.62 319.53 319.53\" style=\"fill:#fabb05\"\/><path d=\"M594.26,262.73V118.61h0a16.94,16.94,0,0,0-16.94-16.94H433.2a16.94,16.94,0,0,0-12,28.92L565.34,274.71h0a16.94,16.94,0,0,0,28.92-12Z\" style=\"fill:#34a853\"\/><rect width=\"610\" height=\"610\" style=\"fill:none\"\/><\/svg>","showScore":true,"siteFavIcon":"https:\/\/onlinebettingspace.com\/wp-content\/uploads\/2022\/04\/OBS-LOGO-1.webp","canUser":{"general":false,"advanced":false,"snippet":false,"social":false,"analysis":false,"analytics":false,"content_ai":false},"showKeywordIntent":true,"isPro":false,"is_front_page":false,"trendsUpgradeLink":"https:\/\/rankmath.com\/pricing\/?utm_source=Plugin&utm_medium=CE%20General%20Tab%20Trends&utm_campaign=WP","trendsUpgradeLabel":"Actualizeaz\u0103","trendsPreviewImage":"https:\/\/onlinebettingspace.com\/wp-content\/plugins\/seo-by-rank-math\/assets\/admin\/img\/trends-preview.jpg","currentEditor":false,"homepageData":{"assessor":{"powerWords":[],"diacritics":true,"researchesTests":["contentHasTOC","contentHasShortParagraphs","contentHasAssets","keywordInTitle","keywordInMetaDescription","keywordInPermalink","keywordIn10Percent","keywordInContent","keywordInSubheadings","keywordInImageAlt","keywordDensity","keywordNotUsed","lengthContent","lengthPermalink","linksHasInternal","linksHasExternals","linksNotAllExternals","titleStartWithKeyword","titleSentiment","titleHasPowerWords","titleHasNumber","hasContentAI"],"hasBreadcrumb":false,"serpData":{"title":"%sitename% %page% %sep% %sitedesc%","description":"","titleTemplate":"%sitename% %page% %sep% %sitedesc%","descriptionTemplate":"","focusKeywords":"","breadcrumbTitle":"Home","robots":{"index":true},"advancedRobots":[],"facebookTitle":"","facebookDescription":"","facebookImage":"","facebookImageID":""}}},"tocTitle":"Table of Contents","tocExcludeHeadings":[],"listStyle":"ul"},"_links":{"self":[{"href":"https:\/\/onlinebettingspace.com\/ro\/wp-json\/wp\/v2\/pages\/1605","targetHints":{"allow":["GET"]}}],"collection":[{"href":"https:\/\/onlinebettingspace.com\/ro\/wp-json\/wp\/v2\/pages"}],"about":[{"href":"https:\/\/onlinebettingspace.com\/ro\/wp-json\/wp\/v2\/types\/page"}],"author":[{"embeddable":true,"href":"https:\/\/onlinebettingspace.com\/ro\/wp-json\/wp\/v2\/users\/1"}],"replies":[{"embeddable":true,"href":"https:\/\/onlinebettingspace.com\/ro\/wp-json\/wp\/v2\/comments?post=1605"}],"version-history":[{"count":0,"href":"https:\/\/onlinebettingspace.com\/ro\/wp-json\/wp\/v2\/pages\/1605\/revisions"}],"up":[{"embeddable":true,"href":"https:\/\/onlinebettingspace.com\/ro\/wp-json\/wp\/v2\/pages\/1587"}],"wp:attachment":[{"href":"https:\/\/onlinebettingspace.com\/ro\/wp-json\/wp\/v2\/media?parent=1605"}],"curies":[{"name":"wp","href":"https:\/\/api.w.org\/{rel}","templated":true}]}}