{"id":1602,"date":"2022-05-24T00:36:48","date_gmt":"2022-05-23T21:36:48","guid":{"rendered":"https:\/\/onlinebettingspace.com\/?page_id=1602"},"modified":"2022-05-24T00:36:48","modified_gmt":"2022-05-23T21:36:48","slug":"jocuri-ca-la-aparate-77777","status":"publish","type":"page","link":"https:\/\/onlinebettingspace.com\/ro\/casino\/jocuri\/slots\/jocuri-ca-la-aparate-77777\/","title":{"rendered":"JOCURI CA LA APARATE 77777"},"content":{"rendered":"<section class=\"l-section wpb_row height_medium\"><div class=\"l-section-h i-cf\"><div class=\"g-cols vc_row via_flex valign_top type_default stacking_default\"><div class=\"vc_col-sm-12 wpb_column vc_column_container\"><div class=\"vc_column-inner\"><div class=\"wpb_wrapper\"><div class=\"wpb_text_column\"><div class=\"wpb_wrapper\"><h1>Jocuri ca la Aparate 77777<\/h1>\n<article>\n<div class=\" WYSIWYG _33 \">\n<p>C\u00e2nd ne g\u00e2ndim la jocuri ca la aparate 77777, ne g\u00e2ndim automat la acele sloturi video pe care le jucam acum c\u00e2\u021biva ani \u00een diferite s\u0103li de jocuri electronice \u0219i cazinouri fizice. \u00cen fiecare col\u021b ai camere auzeai melodiile acelea ultra cunoscute ale rolelor ce se \u00eenv\u00e2rt \u0219i sunetele diferite pentru fiecare victorie.<\/p>\n<p>Unii dintre juc\u0103tori erau capabili s\u0103 recunoasc\u0103 c\u00e2\u0219tigurile dup\u0103 sunetul produse de aparat. L\u0103s\u00e2nd nostalgia la o parte, vrem s\u0103 v\u0103 anun\u021b\u0103m c\u0103 aceste sloturi 77777 pot fi jucate \u0219i \u00een mediul online. Diferite cazinouri online prezint\u0103 \u00een colec\u021biile proprii \u0219i astfel de sloturi video.<\/p>\n<p>Sloturile cu \u0219eptari se aseam\u0103n\u0103 foarte mult ca structur\u0103 \u0219i modalitate de joc cu celelalte sloturi video. Principala diferen\u021b\u0103 este cea estetic\u0103 reprezentat\u0103 de existen\u021ba simbolului 7 pe fiecare dintre rolele slotului. Numele provine de la combina\u021bia 7-7-7-7-7 ob\u021binut\u0103 \u00een momentul \u00een care toate 5 role afi\u0219eaz\u0103 simbolul 7 pe aceea\u0219i linie.<\/p>\n<p>De obicei, aceast\u0103 combina\u021bie este cea dorit\u0103 de to\u021bi juc\u0103tori deoarece este cea care activeaz\u0103 cel mai mare premiu al slotului. V-am preg\u0103tit o list\u0103 complet\u0103 a cazinourilor online licen\u021biate care ofer\u0103 astfel de sloturi video 77777 pentru a v\u0103 u\u0219ura c\u0103utarea.<\/p>\n<h2>Cum juc\u0103m ca la aparate 77777<\/h2>\n<p>Pentru a juca sloturi video ca la aparate 77777 trebuie s\u0103 g\u0103si\u021bi \u00eent\u00e2i un cazinou online care de\u021bine un astfel de joc.\u00a0<strong><a href=\"https:\/\/onlinebettingspace.com\/ro\/casinos-online\/\">Lista noastr\u0103 v\u0103 poate ajuta \u00een aceast\u0103 direc\u021bie.<\/a><\/strong>\u00a0Urm\u0103torul pas este \u00eenregistrarea \u00een cazinoul respectiv \u0219i realizarea unei depuneri minime \u00een cazinou.<\/p>\n<p>Depunerea este util\u0103 dac\u0103 dori\u021bi s\u0103juca\u021bi pe bani reali<strong>.<\/strong>\u00a0Dac\u0103 dori\u021bi s\u0103 juca\u021bi doar de distrac\u021bie pute\u021bi accesa oric\u00e2nd versiunile demo ale acestor jocuri. Ele sunt disponibile gratuit utiliz\u0103rii nelimitate \u0219i sunt modalit\u0103\u021bi excelente de acomodare la acest tip de sloturi. Le pute\u021bi g\u0103si rapid tast\u00e2nd jocuri gratis online 77777. De asemenea, aici pute\u021bi exersa o anumit\u0103 strategie \u00eenainte de a trece\u00a0<strong><a href=\"\/ro\/casino\/\">la jocul cu bani reali<\/a><\/strong>. Modalitatea de joc este identic\u0103 cu cea a oric\u0103rui slot.<\/p>\n<p>Realiza\u021bi pariul pentru prima rund\u0103 a jocului \u0219i ap\u0103sa\u021bi butonul de Spin sau Start. Rolele slotului se vor roti succesiv, iar la final va fi afi\u0219at\u0103 o anumit\u0103 combina\u021bie. \u00cen func\u021bie de aceast\u0103 combina\u021bie ve\u021bi c\u00e2\u0219tiga sau nu \u00een cadrul rundei respective.<\/p>\n<h2>Aplica\u021bia \u0219i cazinoul mobil<\/h2>\n<p>Fiecare cazinou online de\u021bine cel pu\u021bin o modalitate prin care uilizatorii \u00ee\u0219i pot accesa jocurile preferate prin intermediul\u00a0<strong>telefonului mobil sau tabletei.<\/strong>\u00a0Dac\u0103 pentru versiunea mobil\u0103 a site-ului nu este important sistemul de operare al dispozitivului mobil, pentru aplica\u021bia mobil\u0103 dedicat\u0103 va trebuie s\u0103 ave\u021bi un dispozitiv mobil cu sistem de operare Android sau iOS. Pentru celelalte sisteme de operare nu sunt create aplica\u021bii dedicate deoarece nu este rentabil.<\/p>\n<p>Aplica\u021biile sunt disponibile gratuit pentru desc\u0103rcare de pe magazinul de aplica\u021bii AppStore pentru telefoanele mobile \u0219i tablete cu sistem de operare iOS. Dac\u0103 dispozitivul mobil pe care \u00eel de\u021bine\u021bi are sistem de operare Android, atunci va trebui s\u0103 accesa\u021bi site-ul principal al cazinoului pentru a desc\u0103rca aplica\u021bia.<\/p>\n<p>Versiunea mobil\u0103 a cazinoului se acceseaz\u0103 foarte u\u0219or introduc\u00e2nd adresa web a cazinoului direct \u00een fereastra browserului de internet. Pe ambele versiuni ale site-ului ve\u021bi avea disponibile aceea\u0219i gam\u0103 de jocuri, inclusiv jocurile ca la aparate 77777.<\/p>\n<h2><a id=\"Strategii\"><\/a>Aparate 77777 \u2013 List\u0103 de jocuri<\/h2>\n<p>De-a lungul timpul au fost create mai multe tipuri de jocuri ca la aparate 77777 de c\u0103tre dezvoltatorii de\u00a0<strong><a href=\"\/ro\/casino\/software\/\">software de casino<\/a><\/strong>. Astfel, v\u0103 pute\u021bi bucura \u00een prezent de o serie de p\u0103c\u0103nele 77777 \u00een cazinourile online partenere. \u00a0Aceste jocuri aparate 77777 au ap\u0103rut pentru prima dat\u0103 \u00een cadrul cazinourilor fizice \u0219i erau cunoscute sub numele de slot machines.<\/p>\n<p>Popularitatea lor era dictat\u0103 de u\u0219urin\u021ba cu care se putea juca. Monedele de joc introduceau \u00een respectivul aparat drept miz\u0103 \u0219i se tragea ulterior de manet\u0103 pentru a porni jocul. Rolele slotului se roteau \u0219i afi\u0219ea o combina\u021bie aleatoare. \u00cen prezent,\u00a0<strong><a href=\"https:\/\/onlinebettingspace.com\/ro\/casino\/jocuri\/slots\/\">putem juca sloturi video cu 3 \u0219i cu 5 role.<\/a><\/strong><\/p>\n<p>Sloturile 77777 sunt specifice sloturilor cu 5 role. Ele sunt de obicei mai noi \u0219i prezint\u0103 anumite caracterisici speciale ce le fac mai atractive. Printre bonusuri putem enun\u021ba rotirile gratuite, simbolurile scatter \u0219i wild, precum \u0219i alte mini-games.<\/p>\n<h2><a id=\"Strategii\"><\/a>Aparate 77777 \u2013 Strategii<\/h2>\n<p>V-am preg\u0103tit o serie de sfaturi \u0219i strategii valabile pe care le pute\u021bi folosi la orice joc ca la aparate 77777. \u00cencerca\u021bi s\u0103 nu v\u0103 abate\u021bi de la acestea deoarece ve\u021bi ajunge s\u0103 v\u0103 pierde\u021bi c\u00e2\u0219tigurile u\u0219or u\u0219or \u0219i nu ve\u021bi \u0219tii din ce cauz\u0103. De obicei, \u00eencep\u0103torii fac aceast\u0103 gre\u0219eal\u0103, cresc mizele haotic din speran\u021ba unor c\u00e2\u0219tiguri mai mari \u0219i ajung s\u0103 regrete acest lucru. Lua\u021bi pauze dese \u0219i calma\u021bi-v\u0103 \u00een situa\u021biile stresante.<\/p>\n<ul>\n<li>Exersa\u021bi gratuit juc\u00e2nd la versiunile demo gratuite<\/li>\n<li>Asigur\u0103\u021bi-v\u0103 c\u0103 jocul apar\u021bine unui cazinou online licen\u021biat<\/li>\n<li>Stabili\u021bi-v\u0103 un buget ini\u021bial<\/li>\n<li>Nu dep\u0103\u0219i\u021bi bugetul alocat pentru sesiunea de joc<\/li>\n<li>Fix de la \u00eenceput sumele pe care dori\u021bi s\u0103 le paria\u021bi<\/li>\n<li>Juca\u021bi la un slot video o dat\u0103<\/li>\n<li>Nu paria\u021bi pe suma maxim\u0103 disponibil\u0103 dac\u0103 nu juca\u021bi la Jackpot<\/li>\n<li>Lua\u021bi pauze dese<\/li>\n<li>Nu v\u0103 l\u0103sa\u021bi luat de val, respecta\u021bi strategia ini\u021bial\u0103<\/li>\n<\/ul>\n<h2><a id=\"procons\"><\/a>Avantaje \u0219i dezavantaje<\/h2>\n<p>Asemeni oric\u0103rui alt slot, sloturile 77777 nu sunt perfecte. Ele prezint\u0103 numeroase avantaje, dar \u0219i c\u00e2teva dezavantaje pe care ar fi bine s\u0103 le cunoa\u0219te\u021bi. Dezavantajele sunt valabile \u00een general pentru versiunile mai vechi de joc care nu au mai primit actualiz\u0103ri ulterior. De obicei, se urm\u0103re\u0219te crearea unor noi jocuri \u0219i nu \u00eembun\u0103t\u0103\u021birea celor existente. Dac\u0103 este posibil, asigura\u021bi-v\u0103 c\u0103 slotul video pe care alege\u021bi s\u0103 \u00eel juca\u021bi face parte din libr\u0103ria unui produc\u0103tor interna\u021bional recunoscut. Acest lucru v\u0103 va \u0219terge orice urm\u0103 de \u00eendoial\u0103 cu privire la corectitudinea jocului. F\u0103r\u0103 alte cuvinte, avantaje \u0219i dezavantaje sloturi ca la aparate 777:<\/p>\n<h3>Avantaje<\/h3>\n<ul>\n<li>Au reguli simple \u0219i u\u0219oare de aplicat<\/li>\n<li>Sunt atractive \u0219i distractive<\/li>\n<li>Pot genera c\u00e2\u0219tiguri importante<\/li>\n<li>Este un slot clasic \u0219i popular<\/li>\n<li>Prezint\u0103 caracteristici \u0219i efecte speciale<\/li>\n<\/ul>\n<h3>Dezavantaje<\/h3>\n<ul>\n<li>Versiunile mai vechi nu au efecte sonore \u0219i vizuale interesante<\/li>\n<li>Numeroase caracteristici lipsesc la versiunile mai vechi<\/li>\n<\/ul>\n<h2>Verdicul final<\/h2>\n<p>Acestea fiind spuse, sloturile video 77777 sunt modalit\u0103\u021bi excelente de a v\u0103 petrece timpul liber \u0219i totodat\u0103 de a v\u0103 rotunji veniturile lunare. V\u0103 recomand\u0103m s\u0103 v\u0103 exersa\u021bi tehnica de joc \u00een cadrul versiunilor demo ale acestor sloturi \u00eenainte de a trece la jocul bazat pe bani reali. Nu uita\u021bi c\u0103 rolul sloturilor 77777 este de a v\u0103 distra \u0219i de a v\u0103 ajuta s\u0103 uita\u021bi de probleme zilnice. Cu toate acestea, site-ul nostru sus\u021bine jocul responsabil \u0219i v\u0103 avertizeaz\u0103 de riscul apari\u021biei dependen\u021bei dac\u0103 juca\u021bi prea mult. Un semn al depende\u021bei este jocul monoton, des \u0219i lipsit de orice satisfac\u021bie. Dac\u0103 cumva ajunge\u021bi \u00een postura \u00een care a\u021bi avea nevoie de ajutor, vizita\u021bi sec\u021biunea cazinoului sau cea a site-ului nostru dedicat\u0103 jocului responsabil \u0219i v\u0103 vom ghida c\u0103tre persoanele potrivite. V-am preg\u0103tit o list\u0103 cu cazinourile care ofer\u0103 astfel de jocuri pe care ar fi bine s\u0103 o verifica\u021bi \u00eenainte de a juca. Mult noroc!<\/p>\n<\/div>\n<\/article>\n<\/div><\/div><\/div><\/div><\/div><\/div><\/div><\/section>\n","protected":false},"excerpt":{"rendered":"Jocuri ca la Aparate 77777 C\u00e2nd ne g\u00e2ndim la jocuri ca la aparate 77777, ne g\u00e2ndim automat la acele sloturi video pe care le jucam acum c\u00e2\u021biva ani \u00een diferite s\u0103li de jocuri electronice \u0219i cazinouri fizice. \u00cen fiecare col\u021b ai camere auzeai melodiile acelea ultra cunoscute ale rolelor ce se \u00eenv\u00e2rt \u0219i sunetele diferite...","protected":false},"author":1,"featured_media":0,"parent":1598,"menu_order":0,"comment_status":"closed","ping_status":"closed","template":"","meta":{"_acf_changed":false,"footnotes":""},"class_list":["post-1602","page","type-page","status-publish","hentry"],"acf":[],"rankMath":{"parentDomain":"onlinebettingspace.com","noFollowDomains":[],"noFollowExcludeDomains":[],"noFollowExternalLinks":false,"featuredImageNotice":"Imaginea reprezentativ\u0103 ar trebui s\u0103 fie de cel pu\u021bin 200 x 200 pixeli pentru a fi preluat\u0103 de Facebook \u0219i de alte re\u021bele de socializare.","pluginReviewed":true,"postSettings":{"linkSuggestions":true,"useFocusKeyword":false},"frontEndScore":false,"postName":"jocuri-ca-la-aparate-77777","permalinkFormat":"https:\/\/onlinebettingspace.com\/ro\/%pagename%\/","showLockModifiedDate":true,"assessor":{"focusKeywordLink":"https:\/\/onlinebettingspace.com\/wp-admin\/edit.php?focus_keyword=%focus_keyword%&post_type=%post_type%","hasTOCPlugin":false,"primaryTaxonomy":false,"serpData":{"title":"Jocuri ca la aparate 77777 \u2013 Afl\u0103 tot ce trebuie s\u0103 \u0219tii","description":"Afl\u0103 informa\u021bii esen\u021biale pentru orice tip de juc\u0103tor valabile \u00een orice cazinou online despre jocuri ca la aparate 77777. Vei \u00eenv\u0103\u021ba cum se joac\u0103, unde le po\u021bi g\u0103si, ce jocuri presupun, ce strategii po\u021bi folosi \u0219i diferite avantaje \u0219i dezavantaje ale acestora.","focusKeywords":"","pillarContent":false,"canonicalUrl":"","breadcrumbTitle":"","advancedRobots":[],"facebookTitle":"","facebookDescription":"","facebookImage":"","facebookImageID":"","facebookHasOverlay":false,"facebookImageOverlay":"","facebookAuthor":"","twitterCardType":"","twitterUseFacebook":true,"twitterTitle":"","twitterDescription":"","twitterImage":"","twitterImageID":"","twitterHasOverlay":false,"twitterImageOverlay":"","twitterPlayerUrl":"","twitterPlayerSize":"","twitterPlayerStream":"","twitterPlayerStreamCtype":"","twitterAppDescription":"","twitterAppIphoneName":"","twitterAppIphoneID":"","twitterAppIphoneUrl":"","twitterAppIpadName":"","twitterAppIpadID":"","twitterAppIpadUrl":"","twitterAppGoogleplayName":"","twitterAppGoogleplayID":"","twitterAppGoogleplayUrl":"","twitterAppCountry":"","robots":{"index":true},"twitterAuthor":"nume utilizator","primaryTerm":0,"authorName":"OBSAdmin","titleTemplate":"%title% %sep% %sitename%","descriptionTemplate":"%excerpt%","showScoreFrontend":true,"lockModifiedDate":false},"powerWords":[],"diacritics":{"A":"[\\u0041\\u24B6\\uFF21\\u00C0\\u00C1\\u00C2\\u1EA6\\u1EA4\\u1EAA\\u1EA8\\u00C3\\u0100\\u0102\\u1EB0\\u1EAE\\u1EB4\\u1EB2\\u0226\\u01E0\\u00C4\\u01DE\\u1EA2\\u00C5\\u01FA\\u01CD\\u0200\\u0202\\u1EA0\\u1EAC\\u1EB6\\u1E00\\u0104\\u023A\\u2C6F]","AA":"[\\uA732]","AE":"[\\u00C6\\u01FC\\u01E2]","AO":"[\\uA734]","AU":"[\\uA736]","AV":"[\\uA738\\uA73A]","AY":"[\\uA73C]","B":"[\\u0042\\u24B7\\uFF22\\u1E02\\u1E04\\u1E06\\u0243\\u0182\\u0181]","C":"[\\u0043\\u24B8\\uFF23\\u0106\\u0108\\u010A\\u010C\\u00C7\\u1E08\\u0187\\u023B\\uA73E]","D":"[\\u0044\\u24B9\\uFF24\\u1E0A\\u010E\\u1E0C\\u1E10\\u1E12\\u1E0E\\u0110\\u018B\\u018A\\u0189\\uA779]","DZ":"[\\u01F1\\u01C4]","Dz":"[\\u01F2\\u01C5]","E":"[\\u0045\\u24BA\\uFF25\\u00C8\\u00C9\\u00CA\\u1EC0\\u1EBE\\u1EC4\\u1EC2\\u1EBC\\u0112\\u1E14\\u1E16\\u0114\\u0116\\u00CB\\u1EBA\\u011A\\u0204\\u0206\\u1EB8\\u1EC6\\u0228\\u1E1C\\u0118\\u1E18\\u1E1A\\u0190\\u018E]","F":"[\\u0046\\u24BB\\uFF26\\u1E1E\\u0191\\uA77B]","G":"[\\u0047\\u24BC\\uFF27\\u01F4\\u011C\\u1E20\\u011E\\u0120\\u01E6\\u0122\\u01E4\\u0193\\uA7A0\\uA77D\\uA77E]","H":"[\\u0048\\u24BD\\uFF28\\u0124\\u1E22\\u1E26\\u021E\\u1E24\\u1E28\\u1E2A\\u0126\\u2C67\\u2C75\\uA78D]","I":"[\\u0049\\u24BE\\uFF29\\u00CC\\u00CD\\u00CE\\u0128\\u012A\\u012C\\u0130\\u00CF\\u1E2E\\u1EC8\\u01CF\\u0208\\u020A\\u1ECA\\u012E\\u1E2C\\u0197]","J":"[\\u004A\\u24BF\\uFF2A\\u0134\\u0248]","K":"[\\u004B\\u24C0\\uFF2B\\u1E30\\u01E8\\u1E32\\u0136\\u1E34\\u0198\\u2C69\\uA740\\uA742\\uA744\\uA7A2]","L":"[\\u004C\\u24C1\\uFF2C\\u013F\\u0139\\u013D\\u1E36\\u1E38\\u013B\\u1E3C\\u1E3A\\u0141\\u023D\\u2C62\\u2C60\\uA748\\uA746\\uA780]","LJ":"[\\u01C7]","Lj":"[\\u01C8]","M":"[\\u004D\\u24C2\\uFF2D\\u1E3E\\u1E40\\u1E42\\u2C6E\\u019C]","N":"[\\u004E\\u24C3\\uFF2E\\u01F8\\u0143\\u00D1\\u1E44\\u0147\\u1E46\\u0145\\u1E4A\\u1E48\\u0220\\u019D\\uA790\\uA7A4]","NJ":"[\\u01CA]","Nj":"[\\u01CB]","O":"[\\u004F\\u24C4\\uFF2F\\u00D2\\u00D3\\u00D4\\u1ED2\\u1ED0\\u1ED6\\u1ED4\\u00D5\\u1E4C\\u022C\\u1E4E\\u014C\\u1E50\\u1E52\\u014E\\u022E\\u0230\\u00D6\\u022A\\u1ECE\\u0150\\u01D1\\u020C\\u020E\\u01A0\\u1EDC\\u1EDA\\u1EE0\\u1EDE\\u1EE2\\u1ECC\\u1ED8\\u01EA\\u01EC\\u00D8\\u01FE\\u0186\\u019F\\uA74A\\uA74C]","OI":"[\\u01A2]","OO":"[\\uA74E]","OU":"[\\u0222]","P":"[\\u0050\\u24C5\\uFF30\\u1E54\\u1E56\\u01A4\\u2C63\\uA750\\uA752\\uA754]","Q":"[\\u0051\\u24C6\\uFF31\\uA756\\uA758\\u024A]","R":"[\\u0052\\u24C7\\uFF32\\u0154\\u1E58\\u0158\\u0210\\u0212\\u1E5A\\u1E5C\\u0156\\u1E5E\\u024C\\u2C64\\uA75A\\uA7A6\\uA782]","S":"[\\u0053\\u24C8\\uFF33\\u1E9E\\u015A\\u1E64\\u015C\\u1E60\\u0160\\u1E66\\u1E62\\u1E68\\u0218\\u015E\\u2C7E\\uA7A8\\uA784]","T":"[\\u0054\\u24C9\\uFF34\\u1E6A\\u0164\\u1E6C\\u021A\\u0162\\u1E70\\u1E6E\\u0166\\u01AC\\u01AE\\u023E\\uA786]","TZ":"[\\uA728]","U":"[\\u0055\\u24CA\\uFF35\\u00D9\\u00DA\\u00DB\\u0168\\u1E78\\u016A\\u1E7A\\u016C\\u00DC\\u01DB\\u01D7\\u01D5\\u01D9\\u1EE6\\u016E\\u0170\\u01D3\\u0214\\u0216\\u01AF\\u1EEA\\u1EE8\\u1EEE\\u1EEC\\u1EF0\\u1EE4\\u1E72\\u0172\\u1E76\\u1E74\\u0244]","V":"[\\u0056\\u24CB\\uFF36\\u1E7C\\u1E7E\\u01B2\\uA75E\\u0245]","VY":"[\\uA760]","W":"[\\u0057\\u24CC\\uFF37\\u1E80\\u1E82\\u0174\\u1E86\\u1E84\\u1E88\\u2C72]","X":"[\\u0058\\u24CD\\uFF38\\u1E8A\\u1E8C]","Y":"[\\u0059\\u24CE\\uFF39\\u1EF2\\u00DD\\u0176\\u1EF8\\u0232\\u1E8E\\u0178\\u1EF6\\u1EF4\\u01B3\\u024E\\u1EFE]","Z":"[\\u005A\\u24CF\\uFF3A\\u0179\\u1E90\\u017B\\u017D\\u1E92\\u1E94\\u01B5\\u0224\\u2C7F\\u2C6B\\uA762]","a":"[\\u0061\\u24D0\\uFF41\\u1E9A\\u00E0\\u00E1\\u00E2\\u1EA7\\u1EA5\\u1EAB\\u1EA9\\u00E3\\u0101\\u0103\\u1EB1\\u1EAF\\u1EB5\\u1EB3\\u0227\\u01E1\\u00E4\\u01DF\\u1EA3\\u00E5\\u01FB\\u01CE\\u0201\\u0203\\u1EA1\\u1EAD\\u1EB7\\u1E01\\u0105\\u2C65\\u0250]","aa":"[\\uA733]","ae":"[\\u00E6\\u01FD\\u01E3]","ao":"[\\uA735]","au":"[\\uA737]","av":"[\\uA739\\uA73B]","ay":"[\\uA73D]","b":"[\\u0062\\u24D1\\uFF42\\u1E03\\u1E05\\u1E07\\u0180\\u0183\\u0253]","c":"[\\u0063\\u24D2\\uFF43\\u0107\\u0109\\u010B\\u010D\\u00E7\\u1E09\\u0188\\u023C\\uA73F\\u2184]","d":"[\\u0064\\u24D3\\uFF44\\u1E0B\\u010F\\u1E0D\\u1E11\\u1E13\\u1E0F\\u0111\\u018C\\u0256\\u0257\\uA77A]","dz":"[\\u01F3\\u01C6]","e":"[\\u0065\\u24D4\\uFF45\\u00E8\\u00E9\\u00EA\\u1EC1\\u1EBF\\u1EC5\\u1EC3\\u1EBD\\u0113\\u1E15\\u1E17\\u0115\\u0117\\u00EB\\u1EBB\\u011B\\u0205\\u0207\\u1EB9\\u1EC7\\u0229\\u1E1D\\u0119\\u1E19\\u1E1B\\u0247\\u025B\\u01DD]","f":"[\\u0066\\u24D5\\uFF46\\u1E1F\\u0192\\uA77C]","g":"[\\u0067\\u24D6\\uFF47\\u01F5\\u011D\\u1E21\\u011F\\u0121\\u01E7\\u0123\\u01E5\\u0260\\uA7A1\\u1D79\\uA77F]","h":"[\\u0068\\u24D7\\uFF48\\u0125\\u1E23\\u1E27\\u021F\\u1E25\\u1E29\\u1E2B\\u1E96\\u0127\\u2C68\\u2C76\\u0265]","hv":"[\\u0195]","i":"[\\u0069\\u24D8\\uFF49\\u00EC\\u00ED\\u00EE\\u0129\\u012B\\u012D\\u00EF\\u1E2F\\u1EC9\\u01D0\\u0209\\u020B\\u1ECB\\u012F\\u1E2D\\u0268\\u0131]","j":"[\\u006A\\u24D9\\uFF4A\\u0135\\u01F0\\u0249]","k":"[\\u006B\\u24DA\\uFF4B\\u1E31\\u01E9\\u1E33\\u0137\\u1E35\\u0199\\u2C6A\\uA741\\uA743\\uA745\\uA7A3]","l":"[\\u006C\\u24DB\\uFF4C\\u0140\\u013A\\u013E\\u1E37\\u1E39\\u013C\\u1E3D\\u1E3B\\u017F\\u0142\\u019A\\u026B\\u2C61\\uA749\\uA781\\uA747]","lj":"[\\u01C9]","m":"[\\u006D\\u24DC\\uFF4D\\u1E3F\\u1E41\\u1E43\\u0271\\u026F]","n":"[\\u006E\\u24DD\\uFF4E\\u01F9\\u0144\\u00F1\\u1E45\\u0148\\u1E47\\u0146\\u1E4B\\u1E49\\u019E\\u0272\\u0149\\uA791\\uA7A5]","nj":"[\\u01CC]","o":"[\\u006F\\u24DE\\uFF4F\\u00F2\\u00F3\\u00F4\\u1ED3\\u1ED1\\u1ED7\\u1ED5\\u00F5\\u1E4D\\u022D\\u1E4F\\u014D\\u1E51\\u1E53\\u014F\\u022F\\u0231\\u00F6\\u022B\\u1ECF\\u0151\\u01D2\\u020D\\u020F\\u01A1\\u1EDD\\u1EDB\\u1EE1\\u1EDF\\u1EE3\\u1ECD\\u1ED9\\u01EB\\u01ED\\u00F8\\u01FF\\u0254\\uA74B\\uA74D\\u0275]","oi":"[\\u01A3]","ou":"[\\u0223]","oo":"[\\uA74F]","p":"[\\u0070\\u24DF\\uFF50\\u1E55\\u1E57\\u01A5\\u1D7D\\uA751\\uA753\\uA755]","q":"[\\u0071\\u24E0\\uFF51\\u024B\\uA757\\uA759]","r":"[\\u0072\\u24E1\\uFF52\\u0155\\u1E59\\u0159\\u0211\\u0213\\u1E5B\\u1E5D\\u0157\\u1E5F\\u024D\\u027D\\uA75B\\uA7A7\\uA783]","s":"[\\u0073\\u24E2\\uFF53\\u015B\\u1E65\\u015D\\u1E61\\u0161\\u1E67\\u1E63\\u1E69\\u0219\\u015F\\u023F\\uA7A9\\uA785\\u1E9B]","ss":"[\\u00DF]","t":"[\\u0074\\u24E3\\uFF54\\u1E6B\\u1E97\\u0165\\u1E6D\\u021B\\u0163\\u1E71\\u1E6F\\u0167\\u01AD\\u0288\\u2C66\\uA787]","tz":"[\\uA729]","u":"[\\u0075\\u24E4\\uFF55\\u00F9\\u00FA\\u00FB\\u0169\\u1E79\\u016B\\u1E7B\\u016D\\u00FC\\u01DC\\u01D8\\u01D6\\u01DA\\u1EE7\\u016F\\u0171\\u01D4\\u0215\\u0217\\u01B0\\u1EEB\\u1EE9\\u1EEF\\u1EED\\u1EF1\\u1EE5\\u1E73\\u0173\\u1E77\\u1E75\\u0289]","v":"[\\u0076\\u24E5\\uFF56\\u1E7D\\u1E7F\\u028B\\uA75F\\u028C]","vy":"[\\uA761]","w":"[\\u0077\\u24E6\\uFF57\\u1E81\\u1E83\\u0175\\u1E87\\u1E85\\u1E98\\u1E89\\u2C73]","x":"[\\u0078\\u24E7\\uFF58\\u1E8B\\u1E8D]","y":"[\\u0079\\u24E8\\uFF59\\u1EF3\\u00FD\\u0177\\u1EF9\\u0233\\u1E8F\\u00FF\\u1EF7\\u1E99\\u1EF5\\u01B4\\u024F\\u1EFF]","z":"[\\u007A\\u24E9\\uFF5A\\u017A\\u1E91\\u017C\\u017E\\u1E93\\u1E95\\u01B6\\u0225\\u0240\\u2C6C\\uA763]"},"researchesTests":["contentHasTOC","contentHasShortParagraphs","contentHasAssets","keywordInTitle","keywordInMetaDescription","keywordInPermalink","keywordIn10Percent","keywordInContent","keywordInSubheadings","keywordInImageAlt","keywordDensity","keywordNotUsed","lengthContent","lengthPermalink","linksHasInternal","linksHasExternals","linksNotAllExternals","titleStartWithKeyword","titleSentiment","titleHasPowerWords","titleHasNumber","hasContentAI"],"hasRedirection":true,"hasBreadcrumb":false},"homeUrl":"https:\/\/onlinebettingspace.com\/ro\/","objectID":1602,"objectType":"post","locale":"ro","localeFull":"ro_RO","overlayImages":{"play":{"name":"Play icon","url":"https:\/\/onlinebettingspace.com\/wp-content\/plugins\/seo-by-rank-math\/assets\/admin\/img\/icon-play.png","path":"\/home\/SuperAdmin\/web\/onlinebettingspace.com\/public_html\/wp-content\/plugins\/seo-by-rank-math\/assets\/admin\/img\/icon-play.png","position":"middle_center"},"gif":{"name":"Icon GIF","url":"https:\/\/onlinebettingspace.com\/wp-content\/plugins\/seo-by-rank-math\/assets\/admin\/img\/icon-gif.png","path":"\/home\/SuperAdmin\/web\/onlinebettingspace.com\/public_html\/wp-content\/plugins\/seo-by-rank-math\/assets\/admin\/img\/icon-gif.png","position":"middle_center"}},"defautOgImage":"https:\/\/onlinebettingspace.com\/wp-content\/uploads\/2022\/04\/OBS-FULL-LOGO.webp","customPermalinks":true,"isUserRegistered":true,"autoSuggestKeywords":true,"connectSiteUrl":"https:\/\/rankmath.com\/auth?site=https%3A%2F%2Fonlinebettingspace.com%2Fro%2F&r=https%3A%2F%2Fonlinebettingspace.com%2Fro%2Fwp-json%2Fwp%2Fv2%2Fpages%2F1602%3Fnonce%3D63b085038f","maxTags":5,"trendsIcon":"<svg viewBox=\"0 0 610 610\"><path d=\"M18.85,446,174.32,290.48l58.08,58.08L76.93,504a14.54,14.54,0,0,1-20.55,0L18.83,466.48a14.54,14.54,0,0,1,0-20.55Z\" style=\"fill:#4285f4\"\/><path d=\"M242.65,242.66,377.59,377.6l-47.75,47.75a14.54,14.54,0,0,1-20.55,0L174.37,290.43l47.75-47.75A14.52,14.52,0,0,1,242.65,242.66Z\" style=\"fill:#ea4335\"\/><polygon points=\"319.53 319.53 479.26 159.8 537.34 217.88 377.61 377.62 319.53 319.53\" style=\"fill:#fabb05\"\/><path d=\"M594.26,262.73V118.61h0a16.94,16.94,0,0,0-16.94-16.94H433.2a16.94,16.94,0,0,0-12,28.92L565.34,274.71h0a16.94,16.94,0,0,0,28.92-12Z\" style=\"fill:#34a853\"\/><rect width=\"610\" height=\"610\" style=\"fill:none\"\/><\/svg>","showScore":true,"siteFavIcon":"https:\/\/onlinebettingspace.com\/wp-content\/uploads\/2022\/04\/OBS-LOGO-1.webp","canUser":{"general":false,"advanced":false,"snippet":false,"social":false,"analysis":false,"analytics":false,"content_ai":false},"showKeywordIntent":true,"isPro":false,"is_front_page":false,"trendsUpgradeLink":"https:\/\/rankmath.com\/pricing\/?utm_source=Plugin&utm_medium=CE%20General%20Tab%20Trends&utm_campaign=WP","trendsUpgradeLabel":"Actualizeaz\u0103","trendsPreviewImage":"https:\/\/onlinebettingspace.com\/wp-content\/plugins\/seo-by-rank-math\/assets\/admin\/img\/trends-preview.jpg","currentEditor":false,"homepageData":{"assessor":{"powerWords":[],"diacritics":true,"researchesTests":["contentHasTOC","contentHasShortParagraphs","contentHasAssets","keywordInTitle","keywordInMetaDescription","keywordInPermalink","keywordIn10Percent","keywordInContent","keywordInSubheadings","keywordInImageAlt","keywordDensity","keywordNotUsed","lengthContent","lengthPermalink","linksHasInternal","linksHasExternals","linksNotAllExternals","titleStartWithKeyword","titleSentiment","titleHasPowerWords","titleHasNumber","hasContentAI"],"hasBreadcrumb":false,"serpData":{"title":"%sitename% %page% %sep% %sitedesc%","description":"","titleTemplate":"%sitename% %page% %sep% %sitedesc%","descriptionTemplate":"","focusKeywords":"","breadcrumbTitle":"Home","robots":{"index":true},"advancedRobots":[],"facebookTitle":"","facebookDescription":"","facebookImage":"","facebookImageID":""}}},"tocTitle":"Table of Contents","tocExcludeHeadings":[],"listStyle":"ul"},"_links":{"self":[{"href":"https:\/\/onlinebettingspace.com\/ro\/wp-json\/wp\/v2\/pages\/1602","targetHints":{"allow":["GET"]}}],"collection":[{"href":"https:\/\/onlinebettingspace.com\/ro\/wp-json\/wp\/v2\/pages"}],"about":[{"href":"https:\/\/onlinebettingspace.com\/ro\/wp-json\/wp\/v2\/types\/page"}],"author":[{"embeddable":true,"href":"https:\/\/onlinebettingspace.com\/ro\/wp-json\/wp\/v2\/users\/1"}],"replies":[{"embeddable":true,"href":"https:\/\/onlinebettingspace.com\/ro\/wp-json\/wp\/v2\/comments?post=1602"}],"version-history":[{"count":0,"href":"https:\/\/onlinebettingspace.com\/ro\/wp-json\/wp\/v2\/pages\/1602\/revisions"}],"up":[{"embeddable":true,"href":"https:\/\/onlinebettingspace.com\/ro\/wp-json\/wp\/v2\/pages\/1598"}],"wp:attachment":[{"href":"https:\/\/onlinebettingspace.com\/ro\/wp-json\/wp\/v2\/media?parent=1602"}],"curies":[{"name":"wp","href":"https:\/\/api.w.org\/{rel}","templated":true}]}}